{"id":1139,"date":"2020-05-16T00:21:54","date_gmt":"2020-05-15T17:21:54","guid":{"rendered":"http:\/\/27430.lamdx.vinawebsite.vn?page_id=1139"},"modified":"2020-05-16T00:21:54","modified_gmt":"2020-05-15T17:21:54","slug":"phu-kien-mavic-2","status":"publish","type":"page","link":"https:\/\/phukienflytech.vn\/en\/phu-kien-mavic-2.html","title":{"rendered":"Ph\u1ee5 ki\u1ec7n Mavic 2"},"content":{"rendered":"<p>Ph\u1ee5 ki\u1ec7n mavic 2 ch\u00ednh h\u00e3ng DJI<\/p>\n","protected":false},"excerpt":{"rendered":"<p>Ph\u1ee5 ki\u1ec7n mavic 2 ch\u00ednh h\u00e3ng DJI<\/p>\n","protected":false},"author":4,"featured_media":0,"parent":0,"menu_order":0,"comment_status":"closed","ping_status":"closed","template":"","meta":{"_acf_changed":false,"footnotes":""},"class_list":["post-1139","page","type-page","status-publish","hentry"],"acf":[],"yoast_head":"<!-- This site is optimized with the Yoast SEO plugin v25.7 - https:\/\/yoast.com\/wordpress\/plugins\/seo\/ -->\n<title>Ph\u1ee5 ki\u1ec7n Mavic 2 pro zoom - ch\u00ednh h\u00e3ng - b\u1ea3o h\u00e0nh - Ship Cod to\u00e0n qu\u1ed1c<\/title>\n<meta name=\"description\" content=\"90 ph\u1ee5 ki\u1ec7n Mavic 2 pro zoom \u0111\u00e3 s\u1eb5n s\u00e0ng nh\u01b0 Pin, c\u00e1nh s\u1ea1c. B\u1ea1n c\u00f3 th\u1ec3 mua v\u1edbi gi\u00e1 r\u1ebb nh\u1ea5t t\u1ea1i phukienflytech. Ship Cod to\u00e0n qu\u1ed1c - b\u1ea3o h\u00e0nh ch\u00ednh h\u00e3ng\" \/>\n<meta name=\"robots\" content=\"index, follow, max-snippet:-1, max-image-preview:large, max-video-preview:-1\" \/>\n<link rel=\"canonical\" href=\"https:\/\/phukienflytech.vn\/en\/phu-kien-mavic-2.html\" \/>\n<meta property=\"og:locale\" content=\"en_US\" \/>\n<meta property=\"og:type\" content=\"article\" \/>\n<meta property=\"og:title\" content=\"Ph\u1ee5 ki\u1ec7n Mavic 2 pro zoom - ch\u00ednh h\u00e3ng - b\u1ea3o h\u00e0nh - Ship Cod to\u00e0n qu\u1ed1c\" \/>\n<meta property=\"og:description\" content=\"90 ph\u1ee5 ki\u1ec7n Mavic 2 pro zoom \u0111\u00e3 s\u1eb5n s\u00e0ng nh\u01b0 Pin, c\u00e1nh s\u1ea1c. B\u1ea1n c\u00f3 th\u1ec3 mua v\u1edbi gi\u00e1 r\u1ebb nh\u1ea5t t\u1ea1i phukienflytech. Ship Cod to\u00e0n qu\u1ed1c - b\u1ea3o h\u00e0nh ch\u00ednh h\u00e3ng\" \/>\n<meta property=\"og:url\" content=\"https:\/\/phukienflytech.vn\/en\/phu-kien-mavic-2.html\" \/>\n<meta property=\"og:site_name\" content=\"Shop M\u00e1y \u1ea3nh - Action Camera - Gimbal - Flycam - Ph\u1ee5 ki\u1ec7n\" \/>\n<meta property=\"article:publisher\" content=\"https:\/\/facebook.com\/phukienflycam\" \/>\n<meta name=\"twitter:card\" content=\"summary_large_image\" \/>\n<script type=\"application\/ld+json\" class=\"yoast-schema-graph\">{\"@context\":\"https:\/\/schema.org\",\"@graph\":[{\"@type\":\"WebPage\",\"@id\":\"https:\/\/phukienflytech.vn\/en\/phu-kien-mavic-2.html\",\"url\":\"https:\/\/phukienflytech.vn\/en\/phu-kien-mavic-2.html\",\"name\":\"Ph\u1ee5 ki\u1ec7n Mavic 2 pro zoom - ch\u00ednh h\u00e3ng - b\u1ea3o h\u00e0nh - Ship Cod to\u00e0n qu\u1ed1c\",\"isPartOf\":{\"@id\":\"https:\/\/phukienflytech.vn\/#website\"},\"datePublished\":\"2020-05-15T17:21:54+00:00\",\"description\":\"90 ph\u1ee5 ki\u1ec7n Mavic 2 pro zoom \u0111\u00e3 s\u1eb5n s\u00e0ng nh\u01b0 Pin, c\u00e1nh s\u1ea1c. B\u1ea1n c\u00f3 th\u1ec3 mua v\u1edbi gi\u00e1 r\u1ebb nh\u1ea5t t\u1ea1i phukienflytech. Ship Cod to\u00e0n qu\u1ed1c - b\u1ea3o h\u00e0nh ch\u00ednh h\u00e3ng\",\"breadcrumb\":{\"@id\":\"https:\/\/phukienflytech.vn\/en\/phu-kien-mavic-2.html#breadcrumb\"},\"inLanguage\":\"en-US\",\"potentialAction\":[{\"@type\":\"ReadAction\",\"target\":[\"https:\/\/phukienflytech.vn\/en\/phu-kien-mavic-2.html\"]}]},{\"@type\":\"BreadcrumbList\",\"@id\":\"https:\/\/phukienflytech.vn\/en\/phu-kien-mavic-2.html#breadcrumb\",\"itemListElement\":[{\"@type\":\"ListItem\",\"position\":1,\"name\":\"Home\",\"item\":\"https:\/\/phukienflytech.vn\/en\"},{\"@type\":\"ListItem\",\"position\":2,\"name\":\"Ph\u1ee5 ki\u1ec7n Mavic 2\"}]},{\"@type\":\"WebSite\",\"@id\":\"https:\/\/phukienflytech.vn\/#website\",\"url\":\"https:\/\/phukienflytech.vn\/\",\"name\":\"Shop M\u00e1y \u1ea3nh - Action Camera - Gimbal - Flycam - Ph\u1ee5 ki\u1ec7n\",\"description\":\"Shop M\u00e1y \u1ea3nh - Action Camera - Gimbal - Flycam - Ph\u1ee5 ki\u1ec7n\",\"publisher\":{\"@id\":\"https:\/\/phukienflytech.vn\/#organization\"},\"potentialAction\":[{\"@type\":\"SearchAction\",\"target\":{\"@type\":\"EntryPoint\",\"urlTemplate\":\"https:\/\/phukienflytech.vn\/?s={search_term_string}\"},\"query-input\":{\"@type\":\"PropertyValueSpecification\",\"valueRequired\":true,\"valueName\":\"search_term_string\"}}],\"inLanguage\":\"en-US\"},{\"@type\":\"Organization\",\"@id\":\"https:\/\/phukienflytech.vn\/#organization\",\"name\":\"DJI Store - Shop Drone, Action camera, Gimbal DJI |Phukienflytech\",\"alternateName\":\"DJI Store - Shop Drone, Action camera, Gimbal DJI |Phukienflytech\",\"url\":\"https:\/\/phukienflytech.vn\/\",\"logo\":{\"@type\":\"ImageObject\",\"inLanguage\":\"en-US\",\"@id\":\"https:\/\/phukienflytech.vn\/#\/schema\/logo\/image\/\",\"url\":\"https:\/\/phukienflytech.vn\/wp-content\/uploads\/2020\/05\/hAnh_nan.jpg1_.jpg\",\"contentUrl\":\"https:\/\/phukienflytech.vn\/wp-content\/uploads\/2020\/05\/hAnh_nan.jpg1_.jpg\",\"width\":800,\"height\":450,\"caption\":\"DJI Store - Shop Drone, Action camera, Gimbal DJI |Phukienflytech\"},\"image\":{\"@id\":\"https:\/\/phukienflytech.vn\/#\/schema\/logo\/image\/\"},\"sameAs\":[\"https:\/\/facebook.com\/phukienflycam\",\"https:\/\/www.youtube.com\/@phukienflytech\",\"https:\/\/www.tiktok.com\/@flytech.channel?fbclid=IwY2xjawGjg7BleHRuA2FlbQIxMAABHYVGmlXpuSMs0UB2zTpYvyT4GMVfN2qJa4urF4vkSQ6FAVBwXZtDP30qQA_aem_UwMiDcUvlEbd2tXAmsc8Og\"]}]}<\/script>\n<!-- \/ Yoast SEO plugin. -->","yoast_head_json":{"title":"Ph\u1ee5 ki\u1ec7n Mavic 2 pro zoom - ch\u00ednh h\u00e3ng - b\u1ea3o h\u00e0nh - Ship Cod to\u00e0n qu\u1ed1c","description":"90 ph\u1ee5 ki\u1ec7n Mavic 2 pro zoom \u0111\u00e3 s\u1eb5n s\u00e0ng nh\u01b0 Pin, c\u00e1nh s\u1ea1c. B\u1ea1n c\u00f3 th\u1ec3 mua v\u1edbi gi\u00e1 r\u1ebb nh\u1ea5t t\u1ea1i phukienflytech. Ship Cod to\u00e0n qu\u1ed1c - b\u1ea3o h\u00e0nh ch\u00ednh h\u00e3ng","robots":{"index":"index","follow":"follow","max-snippet":"max-snippet:-1","max-image-preview":"max-image-preview:large","max-video-preview":"max-video-preview:-1"},"canonical":"https:\/\/phukienflytech.vn\/en\/phu-kien-mavic-2.html","og_locale":"en_US","og_type":"article","og_title":"Ph\u1ee5 ki\u1ec7n Mavic 2 pro zoom - ch\u00ednh h\u00e3ng - b\u1ea3o h\u00e0nh - Ship Cod to\u00e0n qu\u1ed1c","og_description":"90 ph\u1ee5 ki\u1ec7n Mavic 2 pro zoom \u0111\u00e3 s\u1eb5n s\u00e0ng nh\u01b0 Pin, c\u00e1nh s\u1ea1c. B\u1ea1n c\u00f3 th\u1ec3 mua v\u1edbi gi\u00e1 r\u1ebb nh\u1ea5t t\u1ea1i phukienflytech. Ship Cod to\u00e0n qu\u1ed1c - b\u1ea3o h\u00e0nh ch\u00ednh h\u00e3ng","og_url":"https:\/\/phukienflytech.vn\/en\/phu-kien-mavic-2.html","og_site_name":"Shop M\u00e1y \u1ea3nh - Action Camera - Gimbal - Flycam - Ph\u1ee5 ki\u1ec7n","article_publisher":"https:\/\/facebook.com\/phukienflycam","twitter_card":"summary_large_image","schema":{"@context":"https:\/\/schema.org","@graph":[{"@type":"WebPage","@id":"https:\/\/phukienflytech.vn\/en\/phu-kien-mavic-2.html","url":"https:\/\/phukienflytech.vn\/en\/phu-kien-mavic-2.html","name":"Ph\u1ee5 ki\u1ec7n Mavic 2 pro zoom - ch\u00ednh h\u00e3ng - b\u1ea3o h\u00e0nh - Ship Cod to\u00e0n qu\u1ed1c","isPartOf":{"@id":"https:\/\/phukienflytech.vn\/#website"},"datePublished":"2020-05-15T17:21:54+00:00","description":"90 ph\u1ee5 ki\u1ec7n Mavic 2 pro zoom \u0111\u00e3 s\u1eb5n s\u00e0ng nh\u01b0 Pin, c\u00e1nh s\u1ea1c. B\u1ea1n c\u00f3 th\u1ec3 mua v\u1edbi gi\u00e1 r\u1ebb nh\u1ea5t t\u1ea1i phukienflytech. Ship Cod to\u00e0n qu\u1ed1c - b\u1ea3o h\u00e0nh ch\u00ednh h\u00e3ng","breadcrumb":{"@id":"https:\/\/phukienflytech.vn\/en\/phu-kien-mavic-2.html#breadcrumb"},"inLanguage":"en-US","potentialAction":[{"@type":"ReadAction","target":["https:\/\/phukienflytech.vn\/en\/phu-kien-mavic-2.html"]}]},{"@type":"BreadcrumbList","@id":"https:\/\/phukienflytech.vn\/en\/phu-kien-mavic-2.html#breadcrumb","itemListElement":[{"@type":"ListItem","position":1,"name":"Home","item":"https:\/\/phukienflytech.vn\/en"},{"@type":"ListItem","position":2,"name":"Ph\u1ee5 ki\u1ec7n Mavic 2"}]},{"@type":"WebSite","@id":"https:\/\/phukienflytech.vn\/#website","url":"https:\/\/phukienflytech.vn\/","name":"Shop M\u00e1y \u1ea3nh - Action Camera - Gimbal - Flycam - Ph\u1ee5 ki\u1ec7n","description":"Shop M\u00e1y \u1ea3nh - Action Camera - Gimbal - Flycam - Ph\u1ee5 ki\u1ec7n","publisher":{"@id":"https:\/\/phukienflytech.vn\/#organization"},"potentialAction":[{"@type":"SearchAction","target":{"@type":"EntryPoint","urlTemplate":"https:\/\/phukienflytech.vn\/?s={search_term_string}"},"query-input":{"@type":"PropertyValueSpecification","valueRequired":true,"valueName":"search_term_string"}}],"inLanguage":"en-US"},{"@type":"Organization","@id":"https:\/\/phukienflytech.vn\/#organization","name":"DJI Store - Shop Drone, Action camera, Gimbal DJI |Phukienflytech","alternateName":"DJI Store - Shop Drone, Action camera, Gimbal DJI |Phukienflytech","url":"https:\/\/phukienflytech.vn\/","logo":{"@type":"ImageObject","inLanguage":"en-US","@id":"https:\/\/phukienflytech.vn\/#\/schema\/logo\/image\/","url":"https:\/\/phukienflytech.vn\/wp-content\/uploads\/2020\/05\/hAnh_nan.jpg1_.jpg","contentUrl":"https:\/\/phukienflytech.vn\/wp-content\/uploads\/2020\/05\/hAnh_nan.jpg1_.jpg","width":800,"height":450,"caption":"DJI Store - Shop Drone, Action camera, Gimbal DJI |Phukienflytech"},"image":{"@id":"https:\/\/phukienflytech.vn\/#\/schema\/logo\/image\/"},"sameAs":["https:\/\/facebook.com\/phukienflycam","https:\/\/www.youtube.com\/@phukienflytech","https:\/\/www.tiktok.com\/@flytech.channel?fbclid=IwY2xjawGjg7BleHRuA2FlbQIxMAABHYVGmlXpuSMs0UB2zTpYvyT4GMVfN2qJa4urF4vkSQ6FAVBwXZtDP30qQA_aem_UwMiDcUvlEbd2tXAmsc8Og"]}]}},"_links":{"self":[{"href":"https:\/\/phukienflytech.vn\/en\/wp-json\/wp\/v2\/pages\/1139","targetHints":{"allow":["GET"]}}],"collection":[{"href":"https:\/\/phukienflytech.vn\/en\/wp-json\/wp\/v2\/pages"}],"about":[{"href":"https:\/\/phukienflytech.vn\/en\/wp-json\/wp\/v2\/types\/page"}],"author":[{"embeddable":true,"href":"https:\/\/phukienflytech.vn\/en\/wp-json\/wp\/v2\/users\/4"}],"replies":[{"embeddable":true,"href":"https:\/\/phukienflytech.vn\/en\/wp-json\/wp\/v2\/comments?post=1139"}],"version-history":[{"count":1,"href":"https:\/\/phukienflytech.vn\/en\/wp-json\/wp\/v2\/pages\/1139\/revisions"}],"predecessor-version":[{"id":1140,"href":"https:\/\/phukienflytech.vn\/en\/wp-json\/wp\/v2\/pages\/1139\/revisions\/1140"}],"wp:attachment":[{"href":"https:\/\/phukienflytech.vn\/en\/wp-json\/wp\/v2\/media?parent=1139"}],"curies":[{"name":"wp","href":"https:\/\/api.w.org\/{rel}","templated":true}]}}