{"id":1008,"date":"2020-05-11T19:15:39","date_gmt":"2020-05-11T12:15:39","guid":{"rendered":"http:\/\/27430.lamdx.vinawebsite.vn\/san-pham\/mavic-air-4-pin-pin-hub.html"},"modified":"2020-05-13T09:35:32","modified_gmt":"2020-05-13T02:35:32","slug":"mavic-air-4-pin-pin-hub","status":"publish","type":"product","link":"https:\/\/phukienflytech.vn\/en\/san-pham\/mavic-air-4-pin-pin-hub.html","title":{"rendered":"Mavic Air 4 pin pin hub"},"content":{"rendered":"<h1><strong><em>Gi\u1edbi thi\u1ec7u s\u01a1 l\u01b0\u1ee3c v\u1ec1 Rcharlance<\/em><\/strong><\/h1>\n<p><strong>Hub s\u1ea1c 4 pin Mavic Air<\/strong>\u00a0c\u1ee7a\u00a0<strong>Rcharlance \u2013\u00a0<\/strong>m\u1ed9t c\u00f4ng ty c\u00f4ng ngh\u1ec7 cao n\u1ed5i ti\u1ebfng th\u1ebf gi\u1edbi chuy\u00ean s\u1ea3n xu\u1ea5t b\u1ed9 s\u1ea1c th\u00f4ng minh flycam v\u00e0 c\u00e1c thi\u1ebft b\u1ecb \u0111i\u1ec7n t\u1eed cho c\u00e1c s\u1ea3n ph\u1ea9m \u0111i\u1ec1u khi\u1ebfn t\u1eeb xa th\u00f4ng minh.\u00a0<strong>Rcharlance\u00a0<\/strong>c\u00f3 tr\u1ee5 s\u1edf t\u1ea1i Qu\u1ea3ng \u0110\u00f4ng, Trung Qu\u1ed1c, hi\u1ec7n \u0111ang l\u00e0 \u0111\u1ed1i t\u00e1c c\u1ee7a DJI v\u00e0 nhi\u1ec1u h\u00e3ng l\u1edbn kh\u00e1c. Hi\u1ec7n nay, s\u1ea3n ph\u1ea9m mang th\u01b0\u01a1ng hi\u1ec7u\u00a0<strong>Rcharlance\u00a0<\/strong>\u0111\u00e3 \u0111\u01b0\u1ee3c b\u00e1n t\u1ea1i h\u01a1n 60 qu\u1ed1c gia v\u00e0 khu v\u1ef1c tr\u00ean th\u1ebf gi\u1edbi.<\/p>\n<p><img loading=\"lazy\" decoding=\"async\" class=\"aligncenter\" src=\"https:\/\/phukienflytech.vn\/wp-content\/uploads\/2020\/05\/hub-sac-4-pin-mavic-air-583.jpg\" alt=\"\" width=\"500\" height=\"500\" \/><\/p>\n<p>Trong c\u00e1c s\u1ea3n ph\u1ea9m c\u1ee7a\u00a0<strong>Rcharlance<\/strong>,\u00a0<strong>Hub s\u1ea1c 4 pin Mavic Air<\/strong>\u00a0l\u00e0 m\u1ed9t trong nh\u1eefng s\u1ea3n ph\u1ea9m c\u00f3 l\u01b0\u1ee3ng b\u00e1n t\u1ed1t v\u00e0 \u0111\u00e1nh gi\u00e1 ch\u1ea5t l\u01b0\u1ee3ng cao. C\u00f3 \u0111\u01b0\u1ee3c \u0111i\u1ec1u \u0111\u00f3 do ph\u01b0\u01a1ng ch\u00e2m kinh doanh c\u1ee7a c\u00f4ng ty lu\u00f4n nh\u1ea5n m\u1ea1nh v\u00e0o nguy\u00ean t\u1eafc \u0111\u1ecbnh h\u01b0\u1edbng con ng\u01b0\u1eddi, r\u1ea5t ch\u00fa tr\u1ecdng \u0111\u1ebfn qu\u1ea3n l\u00fd ch\u1ea5t l\u01b0\u1ee3ng v\u00e0 li\u00ean t\u1ee5c c\u1ea3i thi\u1ec7n d\u1ecbch v\u1ee5 \u0111\u1ec3 \u0111\u1ea1t \u0111\u01b0\u1ee3c s\u1ef1 ph\u00e1t tri\u1ec3n b\u1ec1n v\u1eefng.<\/p>\n<p><img loading=\"lazy\" decoding=\"async\" class=\"aligncenter\" src=\"https:\/\/phukienflytech.vn\/wp-content\/uploads\/2020\/05\/hub-sac-4-pin-mavic-air-583-1.jpg\" alt=\"\" width=\"500\" height=\"500\" \/><\/p>\n<p>Nh\u1ea5n m\u1ea1nh v\u00e0o ch\u1ea5t l\u01b0\u1ee3ng th\u01b0\u01a1ng hi\u1ec7u \u0111\u1ec3 c\u00e1c b\u1ea1n c\u00f3 th\u1ec3 y\u00ean t\u00e2m v\u1ec1 s\u1ea3n ph\u1ea9m\u00a0<strong>Hub s\u1ea1c 4 pin Mavic Air ch\u00ednh h\u00e3ng Rcharlance<\/strong>. \u0110\u00e2y l\u00e0 s\u1ea3n ph\u1ea9m ch\u00ednh h\u00e3ng t\u1eeb c\u00f4ng ty s\u1ea3n xu\u1ea5t ph\u1ee5 ki\u1ec7n flycam v\u00e0 ph\u1ee5 ki\u1ec7n RC n\u1ed5i ti\u1ebfng th\u1ebf gi\u1edbi v\u1edbi c\u00f4ng ngh\u1ec7 ki\u1ec3m so\u00e1t ch\u1ea5t l\u01b0\u1ee3ng k\u1ef9 thu\u1eadt nghi\u00eam ng\u1eb7t.<\/p>\n<h1><strong><em>Th\u00f4ng s\u1ed1 k\u1ef9 thu\u1eadt c\u1ee7a hub s\u1ea1c 4 pin Mavic Air<\/em><\/strong><\/h1>\n<p><strong>Flycam DJI Mavic Air<\/strong>\u00a0c\u00f3 th\u1eddi gian bay cho m\u1ed9t vi\u00ean pin l\u00e0 21 ph\u00fat \u2013 kh\u00f4ng ph\u1ea3i l\u00e0 m\u1ed9t th\u1eddi gian d\u00e0i so v\u1edbi c\u00e1c d\u00f2ng Mavic kh\u00e1c. \u0110\u1ec3 \u0111\u1ea3m b\u1ea3o cho c\u00e1c bu\u1ed5i quay phim, ch\u1ee5p \u1ea3nh tr\u00ean kh\u00f4ng c\u1ee7a b\u1ea1n kh\u00f4ng b\u1ecb gi\u00e1n \u0111o\u1ea1n do h\u1ebft pin, c\u00e1c pilot \u0111\u1ec1u trang b\u1ecb t\u1eeb 2 \u2013 3 vi\u00ean\u00a0<strong>pin Mavic Air d\u1ef1 ph\u00f2ng<\/strong>. Nh\u01b0ng vi\u1ec7c s\u1ea1c pin lu\u00f4n l\u00e0 m\u1ed9t v\u1ea5n \u0111\u1ec1 v\u00ec m\u1ea5t kh\u00e1 nhi\u1ec1u th\u1eddi gian, ch\u01b0a k\u1ec3 b\u1ea1n kh\u00f4ng vui v\u1ebb g\u00ec khi ph\u1ea3i c\u0103n th\u1eddi gian s\u1ea1c c\u1ee7a t\u1eebng vi\u00ean\u00a0<strong>pin Mavic Air<\/strong>\u00a0r\u1ed3i l\u1ea1i thay vi\u00ean kh\u00e1c. Hi\u1ec3u \u0111\u01b0\u1ee3c v\u1ea5n \u0111\u1ec1 \u0111\u00f3, n\u00ean trong s\u1ed1 c\u00e1c\u00a0<strong>ph\u1ee5 ki\u1ec7n c\u1ea7n thi\u1ebft cho Mavic Air<\/strong>\u00a0lu\u00f4n lu\u00f4n kh\u00f4ng th\u1ec3 kh\u00f4ng nh\u1eafc t\u1edbi \u0111\u00f3 ch\u00ednh l\u00e0\u00a0<strong>Hub s\u1ea1c 4 pin Mavic Air<\/strong>.<\/p>\n<p><img loading=\"lazy\" decoding=\"async\" class=\"aligncenter\" src=\"https:\/\/phukienflytech.vn\/wp-content\/uploads\/2020\/05\/hub-sac-4-pin-mavic-air-583-1.jpg\" alt=\"\" width=\"500\" height=\"500\" \/><\/p>\n<p>V\u1edbi\u00a0<strong>Dock s\u1ea1c 4 pin Mavic Air<\/strong>\u00a0n\u00e0y, c\u00f9ng m\u1ed9t l\u00fac b\u1ea1n c\u00f3 th\u1ec3 s\u1ea1c 4 vi\u00ean pin, Hub s\u1ea1c s\u1ebd t\u1ef1 \u0111\u1ed9ng chuy\u1ec3n s\u1ea1c t\u1eeb vi\u00ean n\u00e0y sang vi\u00ean kh\u00e1c m\u00e0 b\u1ea1n kh\u00f4ng c\u1ea7n m\u1ea5t th\u1eddi gian thay pin trong khi s\u1ea1c.<\/p>\n<p>Ch\u1ea5t l\u01b0\u1ee3ng s\u1ea3n xu\u1ea5t nghi\u00eam ng\u1eb7t, n\u00ean b\u1ea1n c\u00f3 th\u1ec3 ho\u00e0n to\u00e0n y\u00ean t\u00e2m v\u1ec1 \u0111\u1ed9 an to\u00e0n c\u1ee7a\u00a0<strong>Hub s\u1ea1c 4 pin Mavic Air Rcharlance\u00a0<\/strong>n\u00e0y.<\/p>\n<p>Sau \u0111\u00e2y l\u00e0 m\u1ed9t s\u1ed1 th\u00f4ng s\u1ed1 k\u1ef9 thu\u1eadt:<\/p>\n<p><strong>Hub s\u1ea1c 4 pin Mavic Air<\/strong>\u00a0<strong>Rcharlance\u00a0<\/strong>c\u00f3 th\u1ec3 s\u1ea1c c\u00f9ng l\u00fac t\u1ed1i \u0111a 4 pin theo th\u1ee9 t\u1ef1 m\u1ee9c n\u0103ng l\u01b0\u1ee3ng t\u1eeb cao xu\u1ed1ng th\u1ea5p. M\u00e0n h\u00ecnh k\u1ef9 thu\u1eadt s\u1ed1 s\u1ebd hi\u1ec3n th\u1ecb tr\u1ea1ng th\u00e1i s\u1ea1c n\u00ean b\u1ea1n d\u1ec5 d\u00e0ng theo d\u00f5i, k\u00edch th\u01b0\u1edbc nh\u1ecf g\u1ecdn\u00a0<strong>Hub s\u1ea1c 4 pin Mavic Air<\/strong>\u00a0ho\u00e0n h\u1ea3o \u0111\u1ec3 s\u1eed d\u1ee5ng cho c\u00e1c ho\u1ea1t \u0111\u1ed9ng du l\u1ecbch v\u00e0 c\u00e1c ho\u1ea1t \u0111\u1ed9ng ngo\u00e0i tr\u1eddi.<\/p>\n<p>\u0110\u1ea7u v\u00e0o: 13.05-13.2V 5A (MAX.)<br \/>\n\u0110\u1ea7u ra: 13.05-13.2V<\/p>\n<p>Tr\u1ecdng l\u01b0\u1ee3ng: 90g<br \/>\nK\u00edch th\u01b0\u1edbc: 9.5 * 11.7 * 4cm<\/p>\n<p><img loading=\"lazy\" decoding=\"async\" class=\"aligncenter\" src=\"https:\/\/phukienflytech.vn\/wp-content\/uploads\/2020\/05\/hub-sac-4-pin-mavic-air-583-3.jpg\" alt=\"\" width=\"500\" height=\"343\" \/><\/p>\n<p><strong>Gi\u00e1 Hub s\u1ea1c 4 pin Mavic Air Rcharlance\u00a0<\/strong>l\u00e0 bao nhi\u00eau? Hi\u1ec7n nay,\u00a0<strong>Dock s\u1ea1c 4 pin Mavic Air<\/strong>\u00a0\u0111\u01b0\u1ee3c b\u00e1n t\u1ea1i Ph\u1ee5 ki\u1ec7n Flytech v\u1edbi gi\u00e1 r\u1ea5t t\u1ed1t l\u00e0 550.000\u0111. Ch\u1ec9 v\u1edbi m\u1ed9t m\u1ee9c \u0111\u1ea7u t\u01b0 kh\u00f4ng qu\u00e1 l\u1edbn, b\u1ea1n c\u00f3 th\u1ec3 ti\u1ebft ki\u1ec7m r\u1ea5t nhi\u1ec1u th\u1eddi gian s\u1ea1c pin, \u0111\u1ea3m b\u1ea3o th\u1eddi gian cho c\u00e1c chuy\u1ebfn bay v\u1edbi Mavic Air c\u1ee7a m\u00ecnh.<\/p>\n<ul>\n<li>Th\u1eddi gian b\u1ea3o h\u00e0nh 6 th\u00e1ng<\/li>\n<li>L\u1ed7i 1 \u0111\u1ed5i 1 trong 1 tu\u1ea7n \u0111\u1ea7u<\/li>\n<\/ul>\n<h1><strong><em><img loading=\"lazy\" decoding=\"async\" class=\"aligncenter\" src=\"https:\/\/phukienflytech.vn\/wp-content\/uploads\/2020\/05\/hub-sac-4-pin-mavic-air-583-4.jpg\" alt=\"\" width=\"500\" height=\"418\" \/><\/em><\/strong><\/h1>\n<h1><strong><em>Mua Hub s\u1ea1c 4 pin Mavic Air \u1edf \u0111\u00e2u?<\/em><\/strong><\/h1>\n<p><em>Ph\u1ee5 Ki\u1ec7n Flytech\u00a0 l\u00e0 1 trong nh\u1eefng \u0111\u1ecba ch\u1ec9 uy t\u00edn \u0111\u1ec3 c\u00e1c b\u1ea1n c\u00f3 th\u1ec3 tin t\u01b0\u1edfng v\u00e0 mua\u00a0<strong>Hub s\u1ea1c 4 pin Mavic Air ch\u00ednh h\u00e3ng Rcharlance<\/strong>. Ch\u00fang t\u00f4i lu\u00f4n \u0111\u1eb7t quy\u1ec1n l\u1ee3i c\u1ee7a kh\u00e1ch h\u00e0ng l\u00ean h\u00e0ng \u0111\u1ea7u, ngo\u00e0i\u00a0<strong>Hub s\u1ea1c 4 pin Mavic Air<\/strong>, Ph\u1ee5 ki\u1ec7n flytech c\u00f2n chung c\u1ea5p nhi\u1ec1u ph\u1ee5 ki\u1ec7n flycam DJI Mavic Air kh\u00e1c \u0111\u1ec3 ph\u1ee5c v\u1ee5 nhu c\u1ea7u c\u1ee7a c\u00e1c b\u1ea1n.<\/em><\/p>\n<p>\u0110\u1ec3 xem th\u00eam c\u00e1c ph\u1ee5 ki\u1ec7n flycam DJI Mavic Air kh\u00e1c m\u1eddi c\u00e1c b\u1ea1n xem\u00a0<strong>t\u1ea1i \u0111\u00e2y<\/strong>.<\/p>\n","protected":false},"excerpt":{"rendered":"<p>Hub s\u1ea1c 4 pin Mavic Air c\u1ee7a Rcharlance \u2013 c\u00f4ng ty c\u00f4ng ngh\u1ec7 n\u1ed5i ti\u1ebfng chuy\u00ean s\u1ea3n xu\u1ea5t b\u1ed9 s\u1ea1c flycam v\u00e0 c\u00e1c thi\u1ebft b\u1ecb RC kh\u00e1c &#8211; hi\u1ec7n \u0111ang l\u00e0 \u0111\u1ed1i t\u00e1c c\u1ee7a DJI.<\/p>\n","protected":false},"featured_media":813,"comment_status":"open","ping_status":"closed","template":"","meta":{"_acf_changed":false},"product_brand":[],"product_cat":[791],"product_tag":[],"class_list":{"0":"post-1008","1":"product","2":"type-product","3":"status-publish","4":"has-post-thumbnail","6":"product_cat-chua-phan-loai","8":"first","9":"instock","10":"shipping-taxable","11":"purchasable","12":"product-type-simple"},"acf":[],"yoast_head":"<!-- This site is optimized with the Yoast SEO plugin v25.7 - https:\/\/yoast.com\/wordpress\/plugins\/seo\/ -->\n<title>Mavic Air 4 pin pin hub - Shop M\u00e1y \u1ea3nh - Action Camera - Gimbal - Flycam - Ph\u1ee5 ki\u1ec7n<\/title>\n<meta name=\"robots\" content=\"index, follow, max-snippet:-1, max-image-preview:large, max-video-preview:-1\" \/>\n<link rel=\"canonical\" href=\"https:\/\/phukienflytech.vn\/en\/san-pham\/mavic-air-4-pin-pin-hub.html\" \/>\n<meta property=\"og:locale\" content=\"en_US\" \/>\n<meta property=\"og:type\" content=\"article\" \/>\n<meta property=\"og:title\" content=\"Mavic Air 4 pin pin hub - Shop M\u00e1y \u1ea3nh - Action Camera - Gimbal - Flycam - Ph\u1ee5 ki\u1ec7n\" \/>\n<meta property=\"og:description\" content=\"Hub s\u1ea1c 4 pin Mavic Air c\u1ee7a Rcharlance \u2013 c\u00f4ng ty c\u00f4ng ngh\u1ec7 n\u1ed5i ti\u1ebfng chuy\u00ean s\u1ea3n xu\u1ea5t b\u1ed9 s\u1ea1c flycam v\u00e0 c\u00e1c thi\u1ebft b\u1ecb RC kh\u00e1c - hi\u1ec7n \u0111ang l\u00e0 \u0111\u1ed1i t\u00e1c c\u1ee7a DJI.\" \/>\n<meta property=\"og:url\" content=\"https:\/\/phukienflytech.vn\/en\/san-pham\/mavic-air-4-pin-pin-hub.html\" \/>\n<meta property=\"og:site_name\" content=\"Shop M\u00e1y \u1ea3nh - Action Camera - Gimbal - Flycam - Ph\u1ee5 ki\u1ec7n\" \/>\n<meta property=\"article:publisher\" content=\"https:\/\/facebook.com\/phukienflycam\" \/>\n<meta property=\"article:modified_time\" content=\"2020-05-13T02:35:32+00:00\" \/>\n<meta property=\"og:image\" content=\"https:\/\/phukienflytech.vn\/wp-content\/uploads\/2020\/05\/hub-sac-4-pin-Mavic-Air-Rcharlance_2.jpg\" \/>\n\t<meta property=\"og:image:width\" content=\"500\" \/>\n\t<meta property=\"og:image:height\" content=\"500\" \/>\n\t<meta property=\"og:image:type\" content=\"image\/jpeg\" \/>\n<meta name=\"twitter:card\" content=\"summary_large_image\" \/>\n<meta name=\"twitter:label1\" content=\"Est. reading time\" \/>\n\t<meta name=\"twitter:data1\" content=\"5 minutes\" \/>\n<script type=\"application\/ld+json\" class=\"yoast-schema-graph\">{\"@context\":\"https:\/\/schema.org\",\"@graph\":[{\"@type\":\"WebPage\",\"@id\":\"https:\/\/phukienflytech.vn\/en\/san-pham\/mavic-air-4-pin-pin-hub.html\",\"url\":\"https:\/\/phukienflytech.vn\/en\/san-pham\/mavic-air-4-pin-pin-hub.html\",\"name\":\"Mavic Air 4 pin pin hub - Shop M\u00e1y \u1ea3nh - Action Camera - Gimbal - Flycam - Ph\u1ee5 ki\u1ec7n\",\"isPartOf\":{\"@id\":\"https:\/\/phukienflytech.vn\/#website\"},\"primaryImageOfPage\":{\"@id\":\"https:\/\/phukienflytech.vn\/en\/san-pham\/mavic-air-4-pin-pin-hub.html#primaryimage\"},\"image\":{\"@id\":\"https:\/\/phukienflytech.vn\/en\/san-pham\/mavic-air-4-pin-pin-hub.html#primaryimage\"},\"thumbnailUrl\":\"https:\/\/phukienflytech.vn\/wp-content\/uploads\/2020\/05\/hub-sac-4-pin-Mavic-Air-Rcharlance_2.jpg\",\"datePublished\":\"2020-05-11T12:15:39+00:00\",\"dateModified\":\"2020-05-13T02:35:32+00:00\",\"breadcrumb\":{\"@id\":\"https:\/\/phukienflytech.vn\/en\/san-pham\/mavic-air-4-pin-pin-hub.html#breadcrumb\"},\"inLanguage\":\"en-US\",\"potentialAction\":[{\"@type\":\"ReadAction\",\"target\":[\"https:\/\/phukienflytech.vn\/en\/san-pham\/mavic-air-4-pin-pin-hub.html\"]}]},{\"@type\":\"ImageObject\",\"inLanguage\":\"en-US\",\"@id\":\"https:\/\/phukienflytech.vn\/en\/san-pham\/mavic-air-4-pin-pin-hub.html#primaryimage\",\"url\":\"https:\/\/phukienflytech.vn\/wp-content\/uploads\/2020\/05\/hub-sac-4-pin-Mavic-Air-Rcharlance_2.jpg\",\"contentUrl\":\"https:\/\/phukienflytech.vn\/wp-content\/uploads\/2020\/05\/hub-sac-4-pin-Mavic-Air-Rcharlance_2.jpg\",\"width\":500,\"height\":500},{\"@type\":\"BreadcrumbList\",\"@id\":\"https:\/\/phukienflytech.vn\/en\/san-pham\/mavic-air-4-pin-pin-hub.html#breadcrumb\",\"itemListElement\":[{\"@type\":\"ListItem\",\"position\":1,\"name\":\"Home\",\"item\":\"https:\/\/phukienflytech.vn\/en\"},{\"@type\":\"ListItem\",\"position\":2,\"name\":\"Ph\u1ee5 ki\u1ec7n Mavic Pro\",\"item\":\"https:\/\/phukienflytech.vn\/en\/phu-kien-mavic-pro.html\"},{\"@type\":\"ListItem\",\"position\":3,\"name\":\"Ch\u01b0a ph\u00e2n lo\u1ea1i\",\"item\":\"https:\/\/phukienflytech.vn\/danh-muc\/chua-phan-loai.html\"},{\"@type\":\"ListItem\",\"position\":4,\"name\":\"Mavic Air 4 pin pin hub\"}]},{\"@type\":\"WebSite\",\"@id\":\"https:\/\/phukienflytech.vn\/#website\",\"url\":\"https:\/\/phukienflytech.vn\/\",\"name\":\"Shop M\u00e1y \u1ea3nh - Action Camera - Gimbal - Flycam - Ph\u1ee5 ki\u1ec7n\",\"description\":\"Shop M\u00e1y \u1ea3nh - Action Camera - Gimbal - Flycam - Ph\u1ee5 ki\u1ec7n\",\"publisher\":{\"@id\":\"https:\/\/phukienflytech.vn\/#organization\"},\"potentialAction\":[{\"@type\":\"SearchAction\",\"target\":{\"@type\":\"EntryPoint\",\"urlTemplate\":\"https:\/\/phukienflytech.vn\/?s={search_term_string}\"},\"query-input\":{\"@type\":\"PropertyValueSpecification\",\"valueRequired\":true,\"valueName\":\"search_term_string\"}}],\"inLanguage\":\"en-US\"},{\"@type\":\"Organization\",\"@id\":\"https:\/\/phukienflytech.vn\/#organization\",\"name\":\"DJI Store - Shop Drone, Action camera, Gimbal DJI |Phukienflytech\",\"alternateName\":\"DJI Store - Shop Drone, Action camera, Gimbal DJI |Phukienflytech\",\"url\":\"https:\/\/phukienflytech.vn\/\",\"logo\":{\"@type\":\"ImageObject\",\"inLanguage\":\"en-US\",\"@id\":\"https:\/\/phukienflytech.vn\/#\/schema\/logo\/image\/\",\"url\":\"https:\/\/phukienflytech.vn\/wp-content\/uploads\/2020\/05\/hAnh_nan.jpg1_.jpg\",\"contentUrl\":\"https:\/\/phukienflytech.vn\/wp-content\/uploads\/2020\/05\/hAnh_nan.jpg1_.jpg\",\"width\":800,\"height\":450,\"caption\":\"DJI Store - Shop Drone, Action camera, Gimbal DJI |Phukienflytech\"},\"image\":{\"@id\":\"https:\/\/phukienflytech.vn\/#\/schema\/logo\/image\/\"},\"sameAs\":[\"https:\/\/facebook.com\/phukienflycam\",\"https:\/\/www.youtube.com\/@phukienflytech\",\"https:\/\/www.tiktok.com\/@flytech.channel?fbclid=IwY2xjawGjg7BleHRuA2FlbQIxMAABHYVGmlXpuSMs0UB2zTpYvyT4GMVfN2qJa4urF4vkSQ6FAVBwXZtDP30qQA_aem_UwMiDcUvlEbd2tXAmsc8Og\"]}]}<\/script>\n<!-- \/ Yoast SEO plugin. -->","yoast_head_json":{"title":"Mavic Air 4 pin pin hub - Shop M\u00e1y \u1ea3nh - Action Camera - Gimbal - Flycam - Ph\u1ee5 ki\u1ec7n","robots":{"index":"index","follow":"follow","max-snippet":"max-snippet:-1","max-image-preview":"max-image-preview:large","max-video-preview":"max-video-preview:-1"},"canonical":"https:\/\/phukienflytech.vn\/en\/san-pham\/mavic-air-4-pin-pin-hub.html","og_locale":"en_US","og_type":"article","og_title":"Mavic Air 4 pin pin hub - Shop M\u00e1y \u1ea3nh - Action Camera - Gimbal - Flycam - Ph\u1ee5 ki\u1ec7n","og_description":"Hub s\u1ea1c 4 pin Mavic Air c\u1ee7a Rcharlance \u2013 c\u00f4ng ty c\u00f4ng ngh\u1ec7 n\u1ed5i ti\u1ebfng chuy\u00ean s\u1ea3n xu\u1ea5t b\u1ed9 s\u1ea1c flycam v\u00e0 c\u00e1c thi\u1ebft b\u1ecb RC kh\u00e1c - hi\u1ec7n \u0111ang l\u00e0 \u0111\u1ed1i t\u00e1c c\u1ee7a DJI.","og_url":"https:\/\/phukienflytech.vn\/en\/san-pham\/mavic-air-4-pin-pin-hub.html","og_site_name":"Shop M\u00e1y \u1ea3nh - Action Camera - Gimbal - Flycam - Ph\u1ee5 ki\u1ec7n","article_publisher":"https:\/\/facebook.com\/phukienflycam","article_modified_time":"2020-05-13T02:35:32+00:00","og_image":[{"width":500,"height":500,"url":"https:\/\/phukienflytech.vn\/wp-content\/uploads\/2020\/05\/hub-sac-4-pin-Mavic-Air-Rcharlance_2.jpg","type":"image\/jpeg"}],"twitter_card":"summary_large_image","twitter_misc":{"Est. reading time":"5 minutes"},"schema":{"@context":"https:\/\/schema.org","@graph":[{"@type":"WebPage","@id":"https:\/\/phukienflytech.vn\/en\/san-pham\/mavic-air-4-pin-pin-hub.html","url":"https:\/\/phukienflytech.vn\/en\/san-pham\/mavic-air-4-pin-pin-hub.html","name":"Mavic Air 4 pin pin hub - Shop M\u00e1y \u1ea3nh - Action Camera - Gimbal - Flycam - Ph\u1ee5 ki\u1ec7n","isPartOf":{"@id":"https:\/\/phukienflytech.vn\/#website"},"primaryImageOfPage":{"@id":"https:\/\/phukienflytech.vn\/en\/san-pham\/mavic-air-4-pin-pin-hub.html#primaryimage"},"image":{"@id":"https:\/\/phukienflytech.vn\/en\/san-pham\/mavic-air-4-pin-pin-hub.html#primaryimage"},"thumbnailUrl":"https:\/\/phukienflytech.vn\/wp-content\/uploads\/2020\/05\/hub-sac-4-pin-Mavic-Air-Rcharlance_2.jpg","datePublished":"2020-05-11T12:15:39+00:00","dateModified":"2020-05-13T02:35:32+00:00","breadcrumb":{"@id":"https:\/\/phukienflytech.vn\/en\/san-pham\/mavic-air-4-pin-pin-hub.html#breadcrumb"},"inLanguage":"en-US","potentialAction":[{"@type":"ReadAction","target":["https:\/\/phukienflytech.vn\/en\/san-pham\/mavic-air-4-pin-pin-hub.html"]}]},{"@type":"ImageObject","inLanguage":"en-US","@id":"https:\/\/phukienflytech.vn\/en\/san-pham\/mavic-air-4-pin-pin-hub.html#primaryimage","url":"https:\/\/phukienflytech.vn\/wp-content\/uploads\/2020\/05\/hub-sac-4-pin-Mavic-Air-Rcharlance_2.jpg","contentUrl":"https:\/\/phukienflytech.vn\/wp-content\/uploads\/2020\/05\/hub-sac-4-pin-Mavic-Air-Rcharlance_2.jpg","width":500,"height":500},{"@type":"BreadcrumbList","@id":"https:\/\/phukienflytech.vn\/en\/san-pham\/mavic-air-4-pin-pin-hub.html#breadcrumb","itemListElement":[{"@type":"ListItem","position":1,"name":"Home","item":"https:\/\/phukienflytech.vn\/en"},{"@type":"ListItem","position":2,"name":"Ph\u1ee5 ki\u1ec7n Mavic Pro","item":"https:\/\/phukienflytech.vn\/en\/phu-kien-mavic-pro.html"},{"@type":"ListItem","position":3,"name":"Ch\u01b0a ph\u00e2n lo\u1ea1i","item":"https:\/\/phukienflytech.vn\/danh-muc\/chua-phan-loai.html"},{"@type":"ListItem","position":4,"name":"Mavic Air 4 pin pin hub"}]},{"@type":"WebSite","@id":"https:\/\/phukienflytech.vn\/#website","url":"https:\/\/phukienflytech.vn\/","name":"Shop M\u00e1y \u1ea3nh - Action Camera - Gimbal - Flycam - Ph\u1ee5 ki\u1ec7n","description":"Shop M\u00e1y \u1ea3nh - Action Camera - Gimbal - Flycam - Ph\u1ee5 ki\u1ec7n","publisher":{"@id":"https:\/\/phukienflytech.vn\/#organization"},"potentialAction":[{"@type":"SearchAction","target":{"@type":"EntryPoint","urlTemplate":"https:\/\/phukienflytech.vn\/?s={search_term_string}"},"query-input":{"@type":"PropertyValueSpecification","valueRequired":true,"valueName":"search_term_string"}}],"inLanguage":"en-US"},{"@type":"Organization","@id":"https:\/\/phukienflytech.vn\/#organization","name":"DJI Store - Shop Drone, Action camera, Gimbal DJI |Phukienflytech","alternateName":"DJI Store - Shop Drone, Action camera, Gimbal DJI |Phukienflytech","url":"https:\/\/phukienflytech.vn\/","logo":{"@type":"ImageObject","inLanguage":"en-US","@id":"https:\/\/phukienflytech.vn\/#\/schema\/logo\/image\/","url":"https:\/\/phukienflytech.vn\/wp-content\/uploads\/2020\/05\/hAnh_nan.jpg1_.jpg","contentUrl":"https:\/\/phukienflytech.vn\/wp-content\/uploads\/2020\/05\/hAnh_nan.jpg1_.jpg","width":800,"height":450,"caption":"DJI Store - Shop Drone, Action camera, Gimbal DJI |Phukienflytech"},"image":{"@id":"https:\/\/phukienflytech.vn\/#\/schema\/logo\/image\/"},"sameAs":["https:\/\/facebook.com\/phukienflycam","https:\/\/www.youtube.com\/@phukienflytech","https:\/\/www.tiktok.com\/@flytech.channel?fbclid=IwY2xjawGjg7BleHRuA2FlbQIxMAABHYVGmlXpuSMs0UB2zTpYvyT4GMVfN2qJa4urF4vkSQ6FAVBwXZtDP30qQA_aem_UwMiDcUvlEbd2tXAmsc8Og"]}]}},"_links":{"self":[{"href":"https:\/\/phukienflytech.vn\/en\/wp-json\/wp\/v2\/product\/1008","targetHints":{"allow":["GET"]}}],"collection":[{"href":"https:\/\/phukienflytech.vn\/en\/wp-json\/wp\/v2\/product"}],"about":[{"href":"https:\/\/phukienflytech.vn\/en\/wp-json\/wp\/v2\/types\/product"}],"replies":[{"embeddable":true,"href":"https:\/\/phukienflytech.vn\/en\/wp-json\/wp\/v2\/comments?post=1008"}],"wp:featuredmedia":[{"embeddable":true,"href":"https:\/\/phukienflytech.vn\/en\/wp-json\/wp\/v2\/media\/813"}],"wp:attachment":[{"href":"https:\/\/phukienflytech.vn\/en\/wp-json\/wp\/v2\/media?parent=1008"}],"wp:term":[{"taxonomy":"product_brand","embeddable":true,"href":"https:\/\/phukienflytech.vn\/en\/wp-json\/wp\/v2\/product_brand?post=1008"},{"taxonomy":"product_cat","embeddable":true,"href":"https:\/\/phukienflytech.vn\/en\/wp-json\/wp\/v2\/product_cat?post=1008"},{"taxonomy":"product_tag","embeddable":true,"href":"https:\/\/phukienflytech.vn\/en\/wp-json\/wp\/v2\/product_tag?post=1008"}],"curies":[{"name":"wp","href":"https:\/\/api.w.org\/{rel}","templated":true}]}}