{"id":1010,"date":"2020-05-11T19:20:56","date_gmt":"2020-05-11T12:20:56","guid":{"rendered":"http:\/\/27430.lamdx.vinawebsite.vn\/san-pham\/phantom-4-pro-battery-dji-genuine-battery.html"},"modified":"2020-05-13T09:34:43","modified_gmt":"2020-05-13T02:34:43","slug":"phantom-4-pro-battery-dji-genuine-battery","status":"publish","type":"product","link":"https:\/\/phukienflytech.vn\/en\/san-pham\/phantom-4-pro-battery-dji-genuine-battery.html","title":{"rendered":"Phantom 4 Pro battery &#8211; DJI genuine battery"},"content":{"rendered":"<p>Nh\u01b0 ch\u00fang ta bi\u1ebft r\u1eb1ng m\u1ed9t\u00a0<strong>Pin th\u00f4ng minh Phantom 4 pro<\/strong>\u00a0\u0111\u01b0\u1ee3c ch\u1ebf t\u1ea1o \u0111\u1ec3 flycam c\u00f3 th\u1ec3 bay t\u1ed1i \u0111a trong 30 ph\u00fat m\u1ed7i l\u1ea7n s\u1ea1c.\u00a0V\u00f2ng \u0111\u1eddi c\u1ee7a pin s\u1ebd xu\u1ed1ng c\u1ea5p khi b\u1ea1n s\u1eed d\u1ee5ng nhi\u1ec1u l\u1ea7n.<\/p>\n<p>N\u1ebfu b\u1ea1n \u0111ang mu\u1ed1n bay th\u00eam nhi\u1ec1u h\u01a1n th\u1eddi gian 30 ph\u00fat ti\u00eau chu\u1ea9n, th\u00ec vi\u1ec7c\u00a0<strong>mua Pin Phantom 4 Pro<\/strong>\u00a0l\u00e0 \u0111i\u1ec1u c\u1ef1c k\u1ef3 c\u1ea7n thi\u1ebft. Ch\u01b0a k\u1ec3 r\u1eb1ng n\u1ebfu b\u1ea1n c\u00e0ng th\u01b0\u1eddng xuy\u00ean s\u1eed d\u1ee5ng c\u00f9ng m\u1ed9t c\u1ee5c pin v\u1ec1 l\u00e2u v\u1ec1 d\u00e0i vi\u00ean pin n\u00e0y s\u1ebd kh\u00f4ng c\u00f2n \u0111\u1ea3m b\u1ea3o ch\u1ea5t l\u01b0\u1ee3ng.<\/p>\n<p><img loading=\"lazy\" decoding=\"async\" class=\"aligncenter\" src=\"https:\/\/phukienflytech.vn\/wp-content\/uploads\/2020\/05\/pin-phantom-4-pro-pin-chinh-hang-dji-593.jpg\" alt=\"\" width=\"500\" height=\"500\" \/><\/p>\n<p><strong>Pin\u00a0Phantom 4 Pro<\/strong>\u00a0cung c\u1ea5p th\u00eam nhi\u1ec1u th\u1eddi gian h\u01a1n tr\u00ean kh\u00f4ng trung \u0111\u1ec3 gi\u00fap b\u1ea1n ghi l\u1ea1i \u0111\u1ea7y \u0111\u1ee7 nh\u1eefng h\u00ecnh \u1ea3nh \u0111\u1eb9p.\u00a0\u1ee8ng d\u1ee5ng DJI GO 4 hi\u1ec3n th\u1ecb th\u1eddi l\u01b0\u1ee3ng pin v\u00e0 t\u00ednh to\u00e1n th\u1eddi gian bay c\u00f2n l\u1ea1i theo kho\u1ea3ng c\u00e1ch di chuy\u1ec3n v\u00e0 h\u01a1n th\u1ebf n\u1eefa n\u00f3 s\u1ebd \u0111\u01b0a ra c\u1ea3nh b\u00e1o khi \u0111\u1ea1t \u0111\u1ebfn m\u1ee9c an to\u00e0n t\u1ed1i thi\u1ec3u c\u1ea7n thi\u1ebft \u0111\u1ec3 b\u1ea1n cho flycam quay v\u1ec1 nh\u00e0.<\/p>\n<p>\u1ede Pin Phantom 4 Pro c\u00f2n c\u00f3 m\u1ed9t h\u1ec7 th\u1ed1ng qu\u1ea3n l\u00fd pin ti\u00ean ti\u1ebfn c\u0169ng \u0111\u01b0\u1ee3c \u00e1p d\u1ee5ng \u0111\u1ec3 ng\u0103n ch\u1eb7n vi\u1ec7c s\u1ea1c qu\u00e1 m\u1ee9c v\u00e0 qu\u00e1 c\u1ea1n ki\u1ec7t.\u00a0Khi l\u00e2u ng\u00e0y kh\u00f4ng s\u1eed d\u1ee5ng pin s\u1ebd x\u1ea3 \u0111i\u1ec7n \u0111\u1ec3 duy tr\u00ec kh\u1ea3 n\u0103ng ho\u1ea1t \u0111\u1ed9ng t\u1ed1t nh\u1ea5t.<\/p>\n<p><img loading=\"lazy\" decoding=\"async\" class=\"aligncenter\" src=\"https:\/\/phukienflytech.vn\/wp-content\/uploads\/2020\/05\/pin-phantom-4-pro-pin-chinh-hang-dji-593-1.jpg\" alt=\"\" width=\"500\" height=\"333\" \/><\/p>\n<p>Do \u0111\u00f3 c\u00f3 th\u1ec3 th\u1ea5y, vi\u1ec7c\u00a0<strong>mua Pin Phantom 4 Pro d\u1ef1 ph\u00f2ng<\/strong>\u00a0l\u00e0 \u0111i\u1ec1u c\u1ef1c k\u1ef3 c\u1ea7n thi\u1ebft v\u1eeba gi\u00fap b\u1ea1n c\u00f3 th\u00eam nhi\u1ec1u th\u1eddi gian bay v\u1eeba gi\u00fap \u0111\u1ea3m b\u1ea3o an to\u00e0n cho pin ch\u00ednh v\u00e0 cho flycam c\u1ee7a b\u1ea1n.<\/p>\n<h2><em><strong>V\u00f2ng \u0111\u1eddi v\u00e0 th\u00f4ng s\u1ed1 k\u1ef9 thu\u1eadt c\u1ee7a Pin Phantom 4 Pro ch\u00ednh h\u00e3ng DJI<\/strong><\/em><\/h2>\n<h3><em><strong>V\u00f2ng \u0111\u1eddi Pin Phantom 4 Pro ch\u00ednh h\u00e3ng DJI<\/strong><\/em><\/h3>\n<p><strong>Pin th\u00f4ng minh Phantom 4 Pro\/Pro+\/adv<\/strong>\u00a0\u0111\u01b0\u1ee3c thi\u1ebft k\u1ebf v\u1edbi ch\u1ea5t l\u01b0\u1ee3ng v\u00e0 \u0111\u1ed9 b\u1ec1n v\u01b0\u1ee3t tr\u1ed9i so v\u1edbi Pin Phantom 3. M\u1ed9t vi\u00ean Pin ch\u00ednh h\u00e3ng t\u1ed1i \u0111a c\u00f3 th\u1ec3 \u0111\u1ea1t t\u1eeb 200 \u2013 250 chu k\u1ef3 pin nh\u01b0ng th\u1ef1c t\u1ebf ch\u1ec9 t\u1ea7m h\u01a1n 100 chu k\u1ef3.\u00a0<strong>Chu k\u1ef3 pin<\/strong>\u00a0\u0111\u01b0\u1ee3c t\u00ednh l\u00e0 th\u1eddi gian m\u1ed9t pin \u0111ang t\u1eeb 100% pin xu\u1ed1ng 0%. Tuy nhi\u00ean, flycam Phantom 4 Pro \u0111\u01b0\u1ee3c ch\u1ebf t\u1ea1o v\u1edbi c\u00e1c t\u00ednh n\u0103ng an to\u00e0n ti\u00ean ti\u1ebfn n\u00ean n\u00f3 s\u1ebd t\u1ef1 \u0111\u1ed9ng h\u1ea1 c\u00e1nh tr\u01b0\u1edbc khi h\u1ebft pin. V\u00f2ng \u0111\u1eddi pin k\u00e9o d\u00e0i bao l\u00e2u t\u00f9y thu\u1ed9c v\u00e0o t\u1ea7n su\u1ea5t b\u1ea1n s\u1eed d\u1ee5ng flycam.<\/p>\n<p><img loading=\"lazy\" decoding=\"async\" class=\"aligncenter\" src=\"https:\/\/phukienflytech.vn\/wp-content\/uploads\/2020\/05\/pin-phantom-4-pro-pin-chinh-hang-dji-593-2.jpg\" alt=\"\" width=\"500\" height=\"666\" \/><\/p>\n<p>&nbsp;<\/p>\n<p><strong>Nh\u00ecn chung,<\/strong>\u00a0m\u1ed9t vi\u00ean Pin Phantom 4 Pro ch\u00ednh h\u00e3ng DJI c\u00f3 tu\u1ed5i th\u1ecd trung b\u00ecnh t\u1ea7m 2 n\u0103m. V\u1edbi nh\u1eefng droner chuy\u00ean nghi\u1ec7p h\u1ecd c\u00f3 kh\u1ea3 n\u0103ng s\u1ebd thay pin h\u1eb1ng n\u0103m. C\u00f2n n\u1ebfu b\u1ea1n kh\u00f4ng s\u1eed d\u1ee5ng qu\u00e1 th\u01b0\u1eddng xuy\u00ean, d\u1ea5u hi\u1ec7u \u0111\u1ec3 cho bi\u1ebft khi n\u00e0o b\u1ea1n c\u1ea7n thay pin l\u00e0 khi Pin Phantom 4 c\u1ee7a b\u1ea1n \u0111ang c\u1ea1n pin nhanh h\u01a1n b\u00ecnh th\u01b0\u1eddng.<\/p>\n<p><img loading=\"lazy\" decoding=\"async\" class=\"aligncenter\" src=\"https:\/\/phukienflytech.vn\/wp-content\/uploads\/2020\/05\/pin-phantom-4-pro-pin-chinh-hang-dji-593-3.jpg\" alt=\"\" width=\"500\" height=\"347\" \/><\/p>\n<p>N\u1ebfu b\u1ea1n \u0111\u00e3 s\u1eed d\u1ee5ng pin \u0111i k\u00e8m flycam Phantom 4 Pro\u00a0c\u1ee7a b\u1ea1n\u00a0v\u00e0 \u0111\u00e3 bay kho\u1ea3ng 100 \u0111\u1ebfn 150 l\u1ea7n, pin \u0111\u00f3 s\u1ebd c\u00f3 c\u00f4ng su\u1ea5t kho\u1ea3ng 90% so v\u1edbi c\u00f4ng su\u1ea5t ban \u0111\u1ea7u.\u00a0\u0110\u1ebfn l\u00fac \u0111\u00f3, n\u1ebfu\u00a0<strong>pin Phantom 4 Pro<\/strong>\u00a0\u0111\u00e3 c\u00f3 h\u01a1n 200 chu k\u1ef3, n\u00f3 s\u1ebd xu\u1ed1ng 85% c\u00f4ng su\u1ea5t t\u1ed1i \u0111a v\u00e0 ch\u1ec9 c\u00f2n 24 ph\u00fat th\u1eddi gian bay.<\/p>\n<p>&nbsp;<\/p>\n<h3><em><strong>Th\u00f4ng s\u1ed1 k\u1ef9 thu\u1eadt Pin Phantom 4 Pro ch\u00ednh h\u00e3ng DJI<\/strong><\/em><\/h3>\n<p>Dung l\u01b0\u1ee3ng: 5870 mAh<br \/>\n\u0110i\u1ec7n \u00e1p: 15,2 V<br \/>\nLo\u1ea1i pin: LiPo 4S<br \/>\nN\u0103ng l\u01b0\u1ee3ng: 89,2 Wh<br \/>\nTr\u1ecdng l\u01b0\u1ee3ng t\u1ecbnh: 468 g<br \/>\nNhi\u1ec7t \u0111\u1ed9 s\u1ea1c Ph\u1ea1m vi: 41 \u00b0 \u0111\u1ebfn 104 \u00b0 F (5 \u00b0 \u0111\u1ebfn 40 \u00b0 C)<br \/>\nC\u00f4ng su\u1ea5t s\u1ea1c t\u1ed1i \u0111a: 160 W<\/p>\n<p>Th\u1eddi gian s\u1ea1c \u0111\u1ea7y t\u1eeb 20% &#8211; 100% : 90 ph\u00fat<\/p>\n<p>Th\u1eddi gian s\u1eed d\u1ee5ng 100%: 27 ph\u00fat.<\/p>\n<p>Pin d\u00e0nh cho Phantom 4\/ 4pro\/ 4adv<\/p>\n<p><img loading=\"lazy\" decoding=\"async\" class=\"aligncenter\" src=\"https:\/\/phukienflytech.vn\/wp-content\/uploads\/2020\/05\/pin-phantom-4-pro-pin-chinh-hang-dji-593-4.jpg\" alt=\"\" width=\"500\" height=\"500\" \/><\/p>\n<p><strong>Gi\u00e1 Pin Phantom 4 Pro<\/strong>\u00a0l\u00e0 bao nhi\u00eau? Hi\u1ec7n nay, t\u1ea1i Phukienflytech.vn, ch\u00fang t\u00f4i b\u00e1n Pin Phantom 4 Pro ch\u00ednh h\u00e3ng DJI v\u1edbi gi\u00e1 r\u1ea5t t\u1ed1t l\u00e0 3.550.000\u0111.<\/p>\n<p>&nbsp;<\/p>\n<p><em><strong>S\u01a1 l\u01b0\u1ee3c c\u00e1ch s\u1eed d\u1ee5ng pin Phantom 4 pro ch\u00ednh h\u00e3ng DJI<\/strong><\/em><\/p>\n<p>X\u1ea3 pin \u0111\u1ebfn 25% -60% n\u1ebfu pin KH\u00d4NG \u0111\u01b0\u1ee3c s\u1eed d\u1ee5ng trong 7 ng\u00e0y ho\u1eb7c l\u00e2u h\u01a1n. \u0110i\u1ec1u n\u00e0y c\u00f3 th\u1ec3 k\u00e9o d\u00e0i tu\u1ed5i th\u1ecd pin v\u00e0 \u0111\u1ea3m b\u1ea3o \u0111\u01b0\u1ee3c c\u00e1c cell c\u1ee7a Pin s\u1ebd lu\u00f4n \u1edf m\u1ee9c \u1ed5n \u0111\u1ecbnh, h\u1ea1n ch\u1ebf t\u1ed1i \u0111a vi\u1ec7c t\u1ee5t cell.<\/p>\n<p><img loading=\"lazy\" decoding=\"async\" class=\"aligncenter\" src=\"https:\/\/phukienflytech.vn\/wp-content\/uploads\/2020\/05\/pin-phantom-4-pro-pin-chinh-hang-dji-593-5.jpg\" alt=\"\" width=\"500\" height=\"386\" \/><\/p>\n<p>B\u1ea1n n\u00ean ch\u1ee7 \u0111\u1ed9ng c\u00e0i \u0111\u1eb7t th\u1eddi gian x\u1ea3 pin trong ph\u1ea7n m\u1ec1m DJI GO 4 sau th\u1eddi gian 7 ng\u00e0y. Pin s\u1ebd t\u1ef1 \u0111\u1ed9ng x\u1ea3 d\u01b0\u1edbi 60% khi kh\u00f4ng s\u1eed d\u1ee5ng trong h\u01a1n 7 ng\u00e0y \u0111\u1ec3 tr\u00e1nh hi\u1ec7n t\u01b0\u1ee3ng ph\u00f9 pin.<\/p>\n<p>Th\u00e1o pin ra kh\u1ecfi m\u00e1y bay khi \u0111\u01b0\u1ee3c l\u01b0u tr\u1eef trong m\u1ed9t kho\u1ea3ng th\u1eddi gian d\u00e0i.<\/p>\n<p>C\u00f3 k\u1ebf ho\u1ea1ch s\u1eed d\u1ee5ng pin Phantom 4 pro\/adv m\u1ed9t c\u00e1ch c\u1ee5 th\u1ec3, h\u1ea1n ch\u1ebf vi\u1ec7c \u0111\u1ec3 pin b\u1ecb t\u1ee5t d\u1ee5ng l\u01b0\u1ee3ng t\u1edbi \u0111i\u1ec3m 0 mAh qu\u00e1 nhi\u1ec1u<\/p>\n<p>S\u1eed d\u1ee5ng c\u00e1c thi\u1ebft b\u1ecb s\u1ea1c r\u00f5 ngu\u1ed3n g\u1ed1c, xu\u1ea5t x\u1ee9 v\u00e0 mua t\u1ea1i c\u00e1c shop uy t\u00edn c\u00f3 \u0111\u1ea3m b\u1ea3o ch\u1ea5t l\u01b0\u1ee3ng<\/p>\n<h3><strong><em>L\u01b0u \u00fd:\u00a0tr\u00e1nh vi\u1ec7c s\u1ea1c tay \u0111i\u1ec1u khi\u1ec3n v\u00e0 Pin c\u00f9ng m\u1ed9t l\u00fac \u0111\u1ec3 \u0111\u1ea3m b\u1ea3o th\u1eddi gian s\u1ea1c nhanh nh\u1ea5t.<\/em><\/strong><\/h3>\n<p><strong><em><img loading=\"lazy\" decoding=\"async\" class=\"aligncenter\" src=\"https:\/\/phukienflytech.vn\/wp-content\/uploads\/2020\/05\/pin-phantom-4-pro-pin-chinh-hang-dji-593-6.jpg\" alt=\"\" width=\"500\" height=\"499\" \/><\/em><\/strong><\/p>\n<h2><strong><em>N\u00ean mua pin Phantom 4 ch\u00ednh h\u00e3ng pro \u1edf \u0111\u00e2u ?<\/em><\/strong><\/h2>\n<p><em><strong>Phukienflytech<\/strong>\u00a0l\u00e0 1 trong nh\u1eefng \u0111\u1ecba ch\u1ec9 uy t\u00edn \u0111\u1ec3 c\u00e1c b\u1ea1n c\u00f3 th\u1ec3 tin t\u01b0\u1edfng v\u00e0 mua Pin ch\u00ednh h\u00e3ng Phantom 4 , Phantom 4 pro, ch\u00fang t\u00f4i lu\u00f4n \u0111\u1eb7t quy\u1ec1n l\u1ee3i c\u1ee7a kh\u00e1ch h\u00e0ng l\u00ean h\u00e0ng \u0111\u1ea7u ngo\u00e0i pin phantom 4 pro, Ph\u1ee5 ki\u1ec7n flytech c\u00f2n chung c\u1ea5p ph\u1ee5 ki\u1ec7n flycam dji Phantom 4 \u0111\u1ec3 ph\u1ee5c v\u1ee5 nhu c\u1ea7u c\u1ee7a c\u00e1c b\u1ea1n.<\/em><\/p>\n<p><em>B\u1ea3o h\u00e0nh pin ch\u00ednh h\u00e3nh Phantom 4 pro<\/em><\/p>\n<p><em>Th\u1eddi gian b\u1ea3o h\u00e0nh: 6 th\u00e1ng<\/em><\/p>\n<p><em>Th\u1eddi gian \u0111\u1ed5i l\u1ed7i : 1 tu\u1ea7n<\/em><\/p>\n","protected":false},"excerpt":{"rendered":"<p>Th\u00f4ng s\u1ed1 pin Phantom 4 pro ch\u00ednh h\u00e3ng Dung l\u01b0\u1ee3ng: 5870 mAh Lo\u1ea1i pin: LiPo 4S Th\u1eddi gian kh\u1ea3 d\u1ee5ng: 26 ph\u00fat Th\u1eddi gian s\u1ea1c: 90 ph\u00fat Ship COD gi\u00e1 r\u1ebb to\u00e0n qu\u1ed1<\/p>\n","protected":false},"featured_media":824,"comment_status":"open","ping_status":"closed","template":"","meta":{"_acf_changed":false},"product_brand":[],"product_cat":[791],"product_tag":[],"class_list":{"0":"post-1010","1":"product","2":"type-product","3":"status-publish","4":"has-post-thumbnail","6":"product_cat-chua-phan-loai","8":"first","9":"instock","10":"shipping-taxable","11":"purchasable","12":"product-type-simple"},"acf":[],"yoast_head":"<!-- This site is optimized with the Yoast SEO plugin v25.7 - https:\/\/yoast.com\/wordpress\/plugins\/seo\/ -->\n<title>Phantom 4 Pro battery - DJI genuine battery - Shop M\u00e1y \u1ea3nh - Action Camera - Gimbal - Flycam - Ph\u1ee5 ki\u1ec7n<\/title>\n<meta name=\"robots\" content=\"index, follow, max-snippet:-1, max-image-preview:large, max-video-preview:-1\" \/>\n<link rel=\"canonical\" href=\"https:\/\/phukienflytech.vn\/en\/san-pham\/phantom-4-pro-battery-dji-genuine-battery.html\" \/>\n<meta property=\"og:locale\" content=\"en_US\" \/>\n<meta property=\"og:type\" content=\"article\" \/>\n<meta property=\"og:title\" content=\"Phantom 4 Pro battery - DJI genuine battery - Shop M\u00e1y \u1ea3nh - Action Camera - Gimbal - Flycam - Ph\u1ee5 ki\u1ec7n\" \/>\n<meta property=\"og:description\" content=\"Th\u00f4ng s\u1ed1 pin Phantom 4 pro ch\u00ednh h\u00e3ng Dung l\u01b0\u1ee3ng: 5870 mAh Lo\u1ea1i pin: LiPo 4S Th\u1eddi gian kh\u1ea3 d\u1ee5ng: 26 ph\u00fat Th\u1eddi gian s\u1ea1c: 90 ph\u00fat Ship COD gi\u00e1 r\u1ebb to\u00e0n qu\u1ed1\" \/>\n<meta property=\"og:url\" content=\"https:\/\/phukienflytech.vn\/en\/san-pham\/phantom-4-pro-battery-dji-genuine-battery.html\" \/>\n<meta property=\"og:site_name\" content=\"Shop M\u00e1y \u1ea3nh - Action Camera - Gimbal - Flycam - Ph\u1ee5 ki\u1ec7n\" \/>\n<meta property=\"article:publisher\" content=\"https:\/\/facebook.com\/phukienflycam\" \/>\n<meta property=\"article:modified_time\" content=\"2020-05-13T02:34:43+00:00\" \/>\n<meta property=\"og:image\" content=\"https:\/\/phukienflytech.vn\/wp-content\/uploads\/2020\/05\/pin-phantom4-pro-dji-chAnh-hAng-phu-kien-flycam-phantom-4_-_Copy.jpg\" \/>\n\t<meta property=\"og:image:width\" content=\"500\" \/>\n\t<meta property=\"og:image:height\" content=\"500\" \/>\n\t<meta property=\"og:image:type\" content=\"image\/jpeg\" \/>\n<meta name=\"twitter:card\" content=\"summary_large_image\" \/>\n<meta name=\"twitter:label1\" content=\"Est. reading time\" \/>\n\t<meta name=\"twitter:data1\" content=\"6 minutes\" \/>\n<script type=\"application\/ld+json\" class=\"yoast-schema-graph\">{\"@context\":\"https:\/\/schema.org\",\"@graph\":[{\"@type\":\"WebPage\",\"@id\":\"https:\/\/phukienflytech.vn\/en\/san-pham\/phantom-4-pro-battery-dji-genuine-battery.html\",\"url\":\"https:\/\/phukienflytech.vn\/en\/san-pham\/phantom-4-pro-battery-dji-genuine-battery.html\",\"name\":\"Phantom 4 Pro battery - DJI genuine battery - Shop M\u00e1y \u1ea3nh - Action Camera - Gimbal - Flycam - Ph\u1ee5 ki\u1ec7n\",\"isPartOf\":{\"@id\":\"https:\/\/phukienflytech.vn\/#website\"},\"primaryImageOfPage\":{\"@id\":\"https:\/\/phukienflytech.vn\/en\/san-pham\/phantom-4-pro-battery-dji-genuine-battery.html#primaryimage\"},\"image\":{\"@id\":\"https:\/\/phukienflytech.vn\/en\/san-pham\/phantom-4-pro-battery-dji-genuine-battery.html#primaryimage\"},\"thumbnailUrl\":\"https:\/\/phukienflytech.vn\/wp-content\/uploads\/2020\/05\/pin-phantom4-pro-dji-chAnh-hAng-phu-kien-flycam-phantom-4_-_Copy.jpg\",\"datePublished\":\"2020-05-11T12:20:56+00:00\",\"dateModified\":\"2020-05-13T02:34:43+00:00\",\"breadcrumb\":{\"@id\":\"https:\/\/phukienflytech.vn\/en\/san-pham\/phantom-4-pro-battery-dji-genuine-battery.html#breadcrumb\"},\"inLanguage\":\"en-US\",\"potentialAction\":[{\"@type\":\"ReadAction\",\"target\":[\"https:\/\/phukienflytech.vn\/en\/san-pham\/phantom-4-pro-battery-dji-genuine-battery.html\"]}]},{\"@type\":\"ImageObject\",\"inLanguage\":\"en-US\",\"@id\":\"https:\/\/phukienflytech.vn\/en\/san-pham\/phantom-4-pro-battery-dji-genuine-battery.html#primaryimage\",\"url\":\"https:\/\/phukienflytech.vn\/wp-content\/uploads\/2020\/05\/pin-phantom4-pro-dji-chAnh-hAng-phu-kien-flycam-phantom-4_-_Copy.jpg\",\"contentUrl\":\"https:\/\/phukienflytech.vn\/wp-content\/uploads\/2020\/05\/pin-phantom4-pro-dji-chAnh-hAng-phu-kien-flycam-phantom-4_-_Copy.jpg\",\"width\":500,\"height\":500},{\"@type\":\"BreadcrumbList\",\"@id\":\"https:\/\/phukienflytech.vn\/en\/san-pham\/phantom-4-pro-battery-dji-genuine-battery.html#breadcrumb\",\"itemListElement\":[{\"@type\":\"ListItem\",\"position\":1,\"name\":\"Home\",\"item\":\"https:\/\/phukienflytech.vn\/en\"},{\"@type\":\"ListItem\",\"position\":2,\"name\":\"Ph\u1ee5 ki\u1ec7n Mavic Pro\",\"item\":\"https:\/\/phukienflytech.vn\/en\/phu-kien-mavic-pro.html\"},{\"@type\":\"ListItem\",\"position\":3,\"name\":\"Ch\u01b0a ph\u00e2n lo\u1ea1i\",\"item\":\"https:\/\/phukienflytech.vn\/danh-muc\/chua-phan-loai.html\"},{\"@type\":\"ListItem\",\"position\":4,\"name\":\"Phantom 4 Pro battery &#8211; DJI genuine battery\"}]},{\"@type\":\"WebSite\",\"@id\":\"https:\/\/phukienflytech.vn\/#website\",\"url\":\"https:\/\/phukienflytech.vn\/\",\"name\":\"Shop M\u00e1y \u1ea3nh - Action Camera - Gimbal - Flycam - Ph\u1ee5 ki\u1ec7n\",\"description\":\"Shop M\u00e1y \u1ea3nh - Action Camera - Gimbal - Flycam - Ph\u1ee5 ki\u1ec7n\",\"publisher\":{\"@id\":\"https:\/\/phukienflytech.vn\/#organization\"},\"potentialAction\":[{\"@type\":\"SearchAction\",\"target\":{\"@type\":\"EntryPoint\",\"urlTemplate\":\"https:\/\/phukienflytech.vn\/?s={search_term_string}\"},\"query-input\":{\"@type\":\"PropertyValueSpecification\",\"valueRequired\":true,\"valueName\":\"search_term_string\"}}],\"inLanguage\":\"en-US\"},{\"@type\":\"Organization\",\"@id\":\"https:\/\/phukienflytech.vn\/#organization\",\"name\":\"DJI Store - Shop Drone, Action camera, Gimbal DJI |Phukienflytech\",\"alternateName\":\"DJI Store - Shop Drone, Action camera, Gimbal DJI |Phukienflytech\",\"url\":\"https:\/\/phukienflytech.vn\/\",\"logo\":{\"@type\":\"ImageObject\",\"inLanguage\":\"en-US\",\"@id\":\"https:\/\/phukienflytech.vn\/#\/schema\/logo\/image\/\",\"url\":\"https:\/\/phukienflytech.vn\/wp-content\/uploads\/2020\/05\/hAnh_nan.jpg1_.jpg\",\"contentUrl\":\"https:\/\/phukienflytech.vn\/wp-content\/uploads\/2020\/05\/hAnh_nan.jpg1_.jpg\",\"width\":800,\"height\":450,\"caption\":\"DJI Store - Shop Drone, Action camera, Gimbal DJI |Phukienflytech\"},\"image\":{\"@id\":\"https:\/\/phukienflytech.vn\/#\/schema\/logo\/image\/\"},\"sameAs\":[\"https:\/\/facebook.com\/phukienflycam\",\"https:\/\/www.youtube.com\/@phukienflytech\",\"https:\/\/www.tiktok.com\/@flytech.channel?fbclid=IwY2xjawGjg7BleHRuA2FlbQIxMAABHYVGmlXpuSMs0UB2zTpYvyT4GMVfN2qJa4urF4vkSQ6FAVBwXZtDP30qQA_aem_UwMiDcUvlEbd2tXAmsc8Og\"]}]}<\/script>\n<!-- \/ Yoast SEO plugin. -->","yoast_head_json":{"title":"Phantom 4 Pro battery - DJI genuine battery - Shop M\u00e1y \u1ea3nh - Action Camera - Gimbal - Flycam - Ph\u1ee5 ki\u1ec7n","robots":{"index":"index","follow":"follow","max-snippet":"max-snippet:-1","max-image-preview":"max-image-preview:large","max-video-preview":"max-video-preview:-1"},"canonical":"https:\/\/phukienflytech.vn\/en\/san-pham\/phantom-4-pro-battery-dji-genuine-battery.html","og_locale":"en_US","og_type":"article","og_title":"Phantom 4 Pro battery - DJI genuine battery - Shop M\u00e1y \u1ea3nh - Action Camera - Gimbal - Flycam - Ph\u1ee5 ki\u1ec7n","og_description":"Th\u00f4ng s\u1ed1 pin Phantom 4 pro ch\u00ednh h\u00e3ng Dung l\u01b0\u1ee3ng: 5870 mAh Lo\u1ea1i pin: LiPo 4S Th\u1eddi gian kh\u1ea3 d\u1ee5ng: 26 ph\u00fat Th\u1eddi gian s\u1ea1c: 90 ph\u00fat Ship COD gi\u00e1 r\u1ebb to\u00e0n qu\u1ed1","og_url":"https:\/\/phukienflytech.vn\/en\/san-pham\/phantom-4-pro-battery-dji-genuine-battery.html","og_site_name":"Shop M\u00e1y \u1ea3nh - Action Camera - Gimbal - Flycam - Ph\u1ee5 ki\u1ec7n","article_publisher":"https:\/\/facebook.com\/phukienflycam","article_modified_time":"2020-05-13T02:34:43+00:00","og_image":[{"width":500,"height":500,"url":"https:\/\/phukienflytech.vn\/wp-content\/uploads\/2020\/05\/pin-phantom4-pro-dji-chAnh-hAng-phu-kien-flycam-phantom-4_-_Copy.jpg","type":"image\/jpeg"}],"twitter_card":"summary_large_image","twitter_misc":{"Est. reading time":"6 minutes"},"schema":{"@context":"https:\/\/schema.org","@graph":[{"@type":"WebPage","@id":"https:\/\/phukienflytech.vn\/en\/san-pham\/phantom-4-pro-battery-dji-genuine-battery.html","url":"https:\/\/phukienflytech.vn\/en\/san-pham\/phantom-4-pro-battery-dji-genuine-battery.html","name":"Phantom 4 Pro battery - DJI genuine battery - Shop M\u00e1y \u1ea3nh - Action Camera - Gimbal - Flycam - Ph\u1ee5 ki\u1ec7n","isPartOf":{"@id":"https:\/\/phukienflytech.vn\/#website"},"primaryImageOfPage":{"@id":"https:\/\/phukienflytech.vn\/en\/san-pham\/phantom-4-pro-battery-dji-genuine-battery.html#primaryimage"},"image":{"@id":"https:\/\/phukienflytech.vn\/en\/san-pham\/phantom-4-pro-battery-dji-genuine-battery.html#primaryimage"},"thumbnailUrl":"https:\/\/phukienflytech.vn\/wp-content\/uploads\/2020\/05\/pin-phantom4-pro-dji-chAnh-hAng-phu-kien-flycam-phantom-4_-_Copy.jpg","datePublished":"2020-05-11T12:20:56+00:00","dateModified":"2020-05-13T02:34:43+00:00","breadcrumb":{"@id":"https:\/\/phukienflytech.vn\/en\/san-pham\/phantom-4-pro-battery-dji-genuine-battery.html#breadcrumb"},"inLanguage":"en-US","potentialAction":[{"@type":"ReadAction","target":["https:\/\/phukienflytech.vn\/en\/san-pham\/phantom-4-pro-battery-dji-genuine-battery.html"]}]},{"@type":"ImageObject","inLanguage":"en-US","@id":"https:\/\/phukienflytech.vn\/en\/san-pham\/phantom-4-pro-battery-dji-genuine-battery.html#primaryimage","url":"https:\/\/phukienflytech.vn\/wp-content\/uploads\/2020\/05\/pin-phantom4-pro-dji-chAnh-hAng-phu-kien-flycam-phantom-4_-_Copy.jpg","contentUrl":"https:\/\/phukienflytech.vn\/wp-content\/uploads\/2020\/05\/pin-phantom4-pro-dji-chAnh-hAng-phu-kien-flycam-phantom-4_-_Copy.jpg","width":500,"height":500},{"@type":"BreadcrumbList","@id":"https:\/\/phukienflytech.vn\/en\/san-pham\/phantom-4-pro-battery-dji-genuine-battery.html#breadcrumb","itemListElement":[{"@type":"ListItem","position":1,"name":"Home","item":"https:\/\/phukienflytech.vn\/en"},{"@type":"ListItem","position":2,"name":"Ph\u1ee5 ki\u1ec7n Mavic Pro","item":"https:\/\/phukienflytech.vn\/en\/phu-kien-mavic-pro.html"},{"@type":"ListItem","position":3,"name":"Ch\u01b0a ph\u00e2n lo\u1ea1i","item":"https:\/\/phukienflytech.vn\/danh-muc\/chua-phan-loai.html"},{"@type":"ListItem","position":4,"name":"Phantom 4 Pro battery &#8211; DJI genuine battery"}]},{"@type":"WebSite","@id":"https:\/\/phukienflytech.vn\/#website","url":"https:\/\/phukienflytech.vn\/","name":"Shop M\u00e1y \u1ea3nh - Action Camera - Gimbal - Flycam - Ph\u1ee5 ki\u1ec7n","description":"Shop M\u00e1y \u1ea3nh - Action Camera - Gimbal - Flycam - Ph\u1ee5 ki\u1ec7n","publisher":{"@id":"https:\/\/phukienflytech.vn\/#organization"},"potentialAction":[{"@type":"SearchAction","target":{"@type":"EntryPoint","urlTemplate":"https:\/\/phukienflytech.vn\/?s={search_term_string}"},"query-input":{"@type":"PropertyValueSpecification","valueRequired":true,"valueName":"search_term_string"}}],"inLanguage":"en-US"},{"@type":"Organization","@id":"https:\/\/phukienflytech.vn\/#organization","name":"DJI Store - Shop Drone, Action camera, Gimbal DJI |Phukienflytech","alternateName":"DJI Store - Shop Drone, Action camera, Gimbal DJI |Phukienflytech","url":"https:\/\/phukienflytech.vn\/","logo":{"@type":"ImageObject","inLanguage":"en-US","@id":"https:\/\/phukienflytech.vn\/#\/schema\/logo\/image\/","url":"https:\/\/phukienflytech.vn\/wp-content\/uploads\/2020\/05\/hAnh_nan.jpg1_.jpg","contentUrl":"https:\/\/phukienflytech.vn\/wp-content\/uploads\/2020\/05\/hAnh_nan.jpg1_.jpg","width":800,"height":450,"caption":"DJI Store - Shop Drone, Action camera, Gimbal DJI |Phukienflytech"},"image":{"@id":"https:\/\/phukienflytech.vn\/#\/schema\/logo\/image\/"},"sameAs":["https:\/\/facebook.com\/phukienflycam","https:\/\/www.youtube.com\/@phukienflytech","https:\/\/www.tiktok.com\/@flytech.channel?fbclid=IwY2xjawGjg7BleHRuA2FlbQIxMAABHYVGmlXpuSMs0UB2zTpYvyT4GMVfN2qJa4urF4vkSQ6FAVBwXZtDP30qQA_aem_UwMiDcUvlEbd2tXAmsc8Og"]}]}},"_links":{"self":[{"href":"https:\/\/phukienflytech.vn\/en\/wp-json\/wp\/v2\/product\/1010","targetHints":{"allow":["GET"]}}],"collection":[{"href":"https:\/\/phukienflytech.vn\/en\/wp-json\/wp\/v2\/product"}],"about":[{"href":"https:\/\/phukienflytech.vn\/en\/wp-json\/wp\/v2\/types\/product"}],"replies":[{"embeddable":true,"href":"https:\/\/phukienflytech.vn\/en\/wp-json\/wp\/v2\/comments?post=1010"}],"wp:featuredmedia":[{"embeddable":true,"href":"https:\/\/phukienflytech.vn\/en\/wp-json\/wp\/v2\/media\/824"}],"wp:attachment":[{"href":"https:\/\/phukienflytech.vn\/en\/wp-json\/wp\/v2\/media?parent=1010"}],"wp:term":[{"taxonomy":"product_brand","embeddable":true,"href":"https:\/\/phukienflytech.vn\/en\/wp-json\/wp\/v2\/product_brand?post=1010"},{"taxonomy":"product_cat","embeddable":true,"href":"https:\/\/phukienflytech.vn\/en\/wp-json\/wp\/v2\/product_cat?post=1010"},{"taxonomy":"product_tag","embeddable":true,"href":"https:\/\/phukienflytech.vn\/en\/wp-json\/wp\/v2\/product_tag?post=1010"}],"curies":[{"name":"wp","href":"https:\/\/api.w.org\/{rel}","templated":true}]}}