{"id":1011,"date":"2020-05-11T19:23:23","date_gmt":"2020-05-11T12:23:23","guid":{"rendered":"http:\/\/27430.lamdx.vinawebsite.vn\/san-pham\/mavic-pro-battery-genuine-dji.html"},"modified":"2020-05-13T09:31:32","modified_gmt":"2020-05-13T02:31:32","slug":"mavic-pro-battery-genuine-dji","status":"publish","type":"product","link":"https:\/\/phukienflytech.vn\/en\/san-pham\/mavic-pro-battery-genuine-dji.html","title":{"rendered":"Mavic Pro battery &#8211; Genuine DJI"},"content":{"rendered":"<h1><strong><em>Pin Mavic pro<\/em><\/strong><\/h1>\n<p><strong>Pin Mavic Pro ch\u00ednh h\u00e3ng DJI\u00a0<\/strong>l\u00e0 pin th\u00f4ng minh t\u1ef1 x\u1ea3, c\u00f3 kh\u1ea3 n\u0103ng b\u1ea3o v\u1ec7 s\u1ea1c qu\u00e1 m\u1ee9c v\u00e0 x\u1ea3 qu\u00e1 m\u1ee9c. B\u1ea1n c\u00f3 th\u1ec3 ki\u1ec3m tra t\u00ecnh tr\u1ea1ng pin th\u00f4ng qua \u1ee9ng d\u1ee5ng DJI Go. M\u1ed9t vi\u00ean pin Mavic Pro s\u1ebd cho th\u1eddi gian bay t\u1ed1i \u0111a l\u00e0 27 ph\u00fat.<\/p>\n<p><img loading=\"lazy\" decoding=\"async\" class=\"aligncenter\" src=\"https:\/\/phukienflytech.vn\/wp-content\/uploads\/2020\/05\/pin-mavic-pro-chinh-hang-dji-594.jpg\" alt=\"\" width=\"500\" height=\"293\" \/><\/p>\n<p><strong>Pin Mavic Pro<\/strong>\u00a0\u00e1p d\u1ee5ng c\u00e1c c\u00f4ng ngh\u1ec7 m\u1edbi nh\u1ea5t \u0111\u1ec3 \u0111\u1ea3m b\u1ea3o h\u1ec7 th\u1ed1ng \u0111i\u1ec1u khi\u1ec3n chuy\u1ebfn bay c\u00f3 th\u1ec3 \u0111\u1ea1t \u0111\u01b0\u1ee3c m\u1ee9c pin ch\u00ednh x\u00e1c.\u00a0\u0110i\u1ec1u n\u00e0y cho ph\u00e9p n\u00f3 t\u00ednh to\u00e1n th\u1eddi gian bay c\u00f2n l\u1ea1i ch\u00ednh x\u00e1c h\u01a1n. V\u1edbi \u1ee9ng d\u1ee5ng DJI GO, ng\u01b0\u1eddi \u0111i\u1ec1u khi\u1ec3n ho\u00e0n to\u00e0n c\u00f3 th\u1ec3 n\u1eafm \u0111\u01b0\u1ee3c ch\u00ednh x\u00e1c t\u00ecnh tr\u1ea1ng pin t\u1ed5ng th\u1ec3, bao g\u1ed3m tr\u1ea1ng th\u00e1i pin th\u1eddi gian th\u1ef1c, s\u1ed1 v\u00f2ng bay, nhi\u1ec7t \u0111\u1ed9 v\u00e0 nhi\u1ec1u th\u00f4ng s\u1ed1 kh\u00e1c. N\u00f3 s\u1ebd t\u00ednh to\u00e1n th\u1eddi gian bay c\u00f2n l\u1ea1i theo kho\u1ea3ng c\u00e1ch di chuy\u1ec3n v\u00e0 h\u01a1n th\u1ebf n\u1eefa n\u00f3 s\u1ebd \u0111\u01b0a ra c\u1ea3nh b\u00e1o khi \u0111\u1ea1t \u0111\u1ebfn m\u1ee9c an to\u00e0n t\u1ed1i thi\u1ec3u c\u1ea7n thi\u1ebft \u0111\u1ec3 b\u1ea1n cho flycam quay v\u1ec1 nh\u00e0.<\/p>\n<p><img loading=\"lazy\" decoding=\"async\" class=\"aligncenter\" src=\"https:\/\/phukienflytech.vn\/wp-content\/uploads\/2020\/05\/pin-mavic-pro-chinh-hang-dji-594-1.jpg\" alt=\"\" width=\"500\" height=\"281\" \/><\/p>\n<p>C\u00f9ng v\u1edbi vi\u1ec7c theo d\u00f5i t\u00ecnh tr\u1ea1ng pin trong chuy\u1ebfn bay,\u00a0<strong>Pin Mavic Pro<\/strong>\u00a0c\u0169ng c\u00f3 ch\u1ee9c n\u0103ng b\u1ea3o v\u1ec7 s\u1ea1c qu\u00e1 m\u1ee9c v\u00e0 x\u1ea3 qu\u00e1 m\u1ee9c, gi\u1ea3m kh\u1ea3 n\u0103ng h\u01b0 h\u1ecfng pin.\u00a0Khi kh\u00f4ng \u0111\u01b0\u1ee3c s\u1eed d\u1ee5ng trong th\u1eddi gian d\u00e0i\u00a0Pin<strong>\u00a0<\/strong>s\u1ebd t\u1ef1 \u0111\u1ed9ng x\u1ea3 xu\u1ed1ng m\u1ee9c 50%, gi\u1eef cho m\u1ee9c s\u1ea1c t\u1ed1i \u01b0u \u0111\u1ec3 k\u00e9o d\u00e0i tu\u1ed5i th\u1ecd pin.\u00a0Khi bay \u1edf nhi\u1ec7t \u0111\u1ed9 l\u1ea1nh, pin s\u1ebd t\u1ef1 \u0111\u1ed9ng k\u00edch ho\u1ea1t tr\u1ea1ng th\u00e1i b\u1ea3o v\u1ec7 v\u00e0 s\u1ebd \u0111i\u1ec1u khi\u1ec3n c\u00f4ng su\u1ea5t \u0111\u1ea7u ra theo nhi\u1ec7t \u0111\u1ed9.<\/p>\n<p><img loading=\"lazy\" decoding=\"async\" class=\"aligncenter\" src=\"https:\/\/phukienflytech.vn\/wp-content\/uploads\/2020\/05\/pin-mavic-pro-chinh-hang-dji-594-2.jpg\" alt=\"\" width=\"500\" height=\"281\" \/><\/p>\n<p><strong>Pin Mavic Pro\u00a0<\/strong>t\u01b0\u01a1ng th\u00edch v\u1edbi flycam Mavic Pro v\u00e0 Mavic platinum, b\u1ed9 s\u1ea1c xe h\u01a1i Mavic, Hub s\u1ea1c pin Mavic, Hub s\u1ea1c pin Mavic n\u00e2ng cao v\u00e0 b\u1ed9 chuy\u1ec3n \u0111\u1ed5i pin Mavic.<strong><em>\u00a0<\/em><\/strong><\/p>\n<h2><strong><em>Th\u00f4ng s\u1ed1 k\u1ef9 thu\u1eadt<\/em><\/strong><\/h2>\n<p>&#8211; Dung l\u01b0\u1ee3ng: 3830 mAh<br \/>\n&#8211; \u0110i\u1ec7n \u00e1p: 11,4 V<br \/>\n&#8211; Lo\u1ea1i pin: LiPo 3S<br \/>\n&#8211; N\u0103ng l\u01b0\u1ee3ng: 43,6 Wh<br \/>\n&#8211; Tr\u1ecdng l\u01b0\u1ee3ng t\u1ecbnh: 240 g<br \/>\n&#8211; Nhi\u1ec7t \u0111\u1ed9 s\u1ea1c Ph\u1ea1m vi: 41 \u00b0 \u0111\u1ebfn 104 \u00b0 F (5 \u00b0 \u0111\u1ebfn 40 \u00b0 C)<\/p>\n<p>&#8211; Th\u1eddi gian s\u1ea1c \u0111\u1ea7y t\u1eeb 20% &#8211; 100% : 70 ph\u00fat<\/p>\n<p>&#8211; Th\u1eddi gian s\u1eed d\u1ee5ng 100%: 27 ph\u00fat.<\/p>\n<p>&#8211; Th\u1eddi gian kh\u1ea3 d\u1ee5ng: 23 ph\u00fat<\/p>\n<p><img loading=\"lazy\" decoding=\"async\" class=\"aligncenter\" src=\"https:\/\/phukienflytech.vn\/wp-content\/uploads\/2020\/05\/pin-mavic-pro-chinh-hang-dji-594-3.jpg\" alt=\"\" width=\"500\" height=\"392\" \/><\/p>\n<p><strong>Gi\u00e1 Pin Mavic Pro\u00a0<\/strong>l\u00e0 bao nhi\u00eau? Hi\u1ec7n nay, t\u1ea1i Phukienflytech.vn ch\u00fang t\u00f4i b\u00e1n Pin Mavic Pro ch\u00ednh h\u00e3ng DJI v\u1edbi gi\u00e1 r\u1ea5t t\u1ed1t l\u00e0 1.950.000\u0111.<\/p>\n<p>Th\u1eddi gian b\u1ea3o h\u00e0nh: 6 th\u00e1ng<\/p>\n<p>Th\u1eddi gian \u0111\u1ed5i l\u1ed7i: 1 tu\u1ea7n<\/p>\n<h2><strong><em>L\u01b0u \u00fd khi s\u1eed d\u1ee5ng v\u00e0 b\u1ea3o qu\u1ea3n Pin Mavic Pro<\/em><\/strong><\/h2>\n<h2><strong>Khuy\u1ebfn c\u00e1o s\u1eed d\u1ee5ng:<\/strong><\/h2>\n<ol>\n<li>KH\u00d4NG cho ph\u00e9p pin ti\u1ebfp x\u00fac v\u1edbi b\u1ea5t k\u1ef3 lo\u1ea1i ch\u1ea5t l\u1ecfng n\u00e0o. KH\u00d4NG \u0111\u1ec3 pin ngo\u00e0i tr\u1eddi m\u01b0a ho\u1eb7c g\u1ea7n ngu\u1ed3n \u1ea9m. KH\u00d4NG th\u1ea3 pin v\u00e0o n\u01b0\u1edbc. N\u1ebfu b\u00ean trong pin ti\u1ebfp x\u00fac v\u1edbi n\u01b0\u1edbc, s\u1ef1 ph\u00e2n h\u1ee7y h\u00f3a h\u1ecdc c\u00f3 th\u1ec3 x\u1ea3y ra, c\u00f3 kh\u1ea3 n\u0103ng d\u1eabn \u0111\u1ebfn vi\u1ec7c pin b\u1ecb b\u1eaft l\u1eeda v\u00e0 th\u1eadm ch\u00ed c\u00f3 th\u1ec3 d\u1eabn \u0111\u1ebfn n\u1ed5.<\/li>\n<li>Kh\u00f4ng bao gi\u1edd s\u1eed d\u1ee5ng pin kh\u00f4ng ph\u1ea3i l\u00e0\u00a0<strong>Pin Mavic Pro ch\u00ednh h\u00e3ng DJI<\/strong>.<\/li>\n<li>Kh\u00f4ng bao gi\u1edd s\u1eed d\u1ee5ng ho\u1eb7c s\u1ea1c pin b\u1ecb ph\u1ed3ng, r\u00f2 r\u1ec9 ho\u1eb7c h\u01b0 h\u1ecfng.<\/li>\n<li>Kh\u00f4ng bao gi\u1edd c\u00e0i \u0111\u1eb7t ho\u1eb7c th\u00e1o pin kh\u1ecfi flycam khi n\u00f3 \u0111ang ho\u1ea1t \u0111\u1ed9ng. KH\u00d4NG l\u1eafp ho\u1eb7c th\u00e1o pin n\u1ebfu v\u1ecf nh\u1ef1a b\u1ecb r\u00e1ch ho\u1eb7c b\u1ecb h\u1ecfng theo b\u1ea5t k\u1ef3 c\u00e1ch n\u00e0o.<\/li>\n<li>N\u00ean s\u1eed d\u1ee5ng pin \u1edf nhi\u1ec7t \u0111\u1ed9 t\u1eeb -10<sup>o<\/sup>C \u0111\u1ebfn 40<sup>o<\/sup>C.\u00a0<strong>Pin Mavic Pro ch\u00ednh h\u00e3ng DJI\u00a0<\/strong>n\u1ebfu \u0111\u01b0\u1ee3c s\u1eed d\u1ee5ng \u1edf nhi\u1ec7t \u0111\u1ed9\u00a0tr\u00ean 50<sup>o<\/sup>C c\u00f3 th\u1ec3 d\u1eabn \u0111\u1ebfn ch\u00e1y n\u1ed5, s\u1eed d\u1ee5ng pin d\u01b0\u1edbi -10<sup>o<\/sup>C c\u00f3 th\u1ec3 d\u1eabn \u0111\u1ebfn h\u01b0 h\u1ecfng v\u0129nh vi\u1ec5n.<\/li>\n<li>KH\u00d4NG s\u1eed d\u1ee5ng\u00a0<strong>Pin Mavic Pro ch\u00ednh h\u00e3ng DJI\u00a0<\/strong>trong m\u00f4i tr\u01b0\u1eddng t\u0129nh \u0111i\u1ec7n ho\u1eb7c \u0111i\u1ec7n t\u1eeb m\u1ea1nh. N\u1ebfu kh\u00f4ng, b\u1ea3ng \u0111i\u1ec1u khi\u1ec3n pin c\u00f3 th\u1ec3 g\u1eb7p tr\u1ee5c tr\u1eb7c v\u00e0 g\u00e2y ra tai n\u1ea1n nghi\u00eam tr\u1ecdng trong chuy\u1ebfn bay.<\/li>\n<li>Ch\u1ea5t \u0111i\u1ec7n gi\u1ea3i trong pin c\u00f3 t\u00ednh \u0103n m\u00f2n cao. N\u1ebfu b\u1ea5t k\u1ef3 ch\u1ea5t \u0111i\u1ec7n gi\u1ea3i n\u00e0o ti\u1ebfp x\u00fac v\u1edbi da ho\u1eb7c m\u1eaft c\u1ee7a b\u1ea1n, h\u00e3y r\u1eeda ngay v\u00f9ng b\u1ecb \u1ea3nh h\u01b0\u1edfng b\u1eb1ng n\u01b0\u1edbc s\u1ea1ch trong \u00edt nh\u1ea5t 15 ph\u00fat, sau \u0111\u00f3 g\u1eb7p b\u00e1c s\u0129 ngay l\u1eadp t\u1ee9c.<\/li>\n<li>KH\u00d4NG s\u1eed d\u1ee5ng n\u1ebfu\u00a0<strong>Pin Mavic Pro ch\u00ednh h\u00e3ng DJI\u00a0<\/strong>b\u1ecb va ch\u1ea1m ho\u1eb7c va ch\u1ea1m m\u1ea1nh.<\/li>\n<li>KH\u00d4NG \u0111\u1eb7t c\u00e1c t\u1ebf b\u00e0o pin l\u1ecfng tr\u00ean b\u1ea5t k\u1ef3 b\u1ec1 m\u1eb7t d\u1eabn \u0111i\u1ec7n n\u00e0o, ch\u1eb3ng h\u1ea1n nh\u01b0 b\u00e0n kim lo\u1ea1i.<\/li>\n<li>KH\u00d4NG \u0111\u1eb7t\u00a0<strong>Pin Mavic Pro ch\u00ednh h\u00e3ng DJI\u00a0<\/strong>v\u00e0o t\u00fai, t\u00fai ho\u1eb7c ng\u0103n k\u00e9o l\u00e0 n\u01a1i ch\u00fang c\u00f3 th\u1ec3 b\u1ecb \u0111o\u1ea3n m\u1ea1ch v\u1edbi c\u00e1c v\u1eadt ph\u1ea9m kh\u00e1c ho\u1eb7c n\u01a1i c\u00e1c c\u1ef1c c\u1ee7a pin c\u00f3 th\u1ec3 \u0111\u01b0\u1ee3c \u1ea5n v\u00e0o nhau.<\/li>\n<li>KH\u00d4NG l\u00e0m r\u01a1i ho\u1eb7c \u0111\u1eadp pin. KH\u00d4NG \u0111\u1eb7t c\u00e1c v\u1eadt n\u1eb7ng l\u00ean pin ho\u1eb7c b\u1ed9 s\u1ea1c. Tr\u00e1nh l\u00e0m r\u01a1i pin.<\/li>\n<li>L\u00e0m s\u1ea1ch c\u00e1c c\u1ef1c pin b\u1eb1ng v\u1ea3i kh\u00f4, s\u1ea1ch.<\/li>\n<li>Tr\u01b0\u1edbc khi \u0111em\u00a0<strong>Pin Mavic Pro ch\u00ednh h\u00e3ng DJI\u00a0<\/strong>l\u00ean m\u00e1y bay khi \u0111i du l\u1ecbch, b\u1ea1n c\u1ea7n x\u1ea3 h\u1ebft pin v\u00e0 l\u01b0u \u00fd ph\u1ea3i x\u1ea3 \u1edf nh\u1eefng v\u1ecb tr\u00ed ch\u1ed1ng ch\u00e1y.<\/li>\n<\/ol>\n<h2><strong><img loading=\"lazy\" decoding=\"async\" class=\"aligncenter\" src=\"https:\/\/phukienflytech.vn\/wp-content\/uploads\/2020\/05\/pin-mavic-pro-chinh-hang-dji-594-4.jpg\" alt=\"\" width=\"500\" height=\"281\" \/>\u00a0<\/strong><\/h2>\n<h3><strong>S\u1ea1c pin<\/strong><\/h3>\n<ol>\n<li>KH\u00d4NG g\u1eafn Pin Mavic Pro tr\u1ef1c ti\u1ebfp v\u00e0o \u1ed5 c\u1eafm tr\u00ean t\u01b0\u1eddng ho\u1eb7c \u1ed5 c\u1eafm s\u1ea1c xe h\u01a1i v\u00e0 lu\u00f4n lu\u00f4n s\u1eed d\u1ee5ng b\u1ed9 chuy\u1ec3n \u0111\u1ed5i \u0111\u01b0\u1ee3c DJI ph\u00ea duy\u1ec7t.<\/li>\n<li>Kh\u00f4ng bao gi\u1edd \u0111\u1ec3 pin kh\u00f4ng gi\u00e1m s\u00e1t trong khi s\u1ea1c. KH\u00d4NG s\u1ea1c pin g\u1ea7n c\u00e1c v\u1eadt li\u1ec7u d\u1ec5 ch\u00e1y ho\u1eb7c tr\u00ean c\u00e1c b\u1ec1 m\u1eb7t d\u1ec5 ch\u00e1y nh\u01b0 th\u1ea3m ho\u1eb7c g\u1ed7.<\/li>\n<li>KH\u00d4NG s\u1ea1c Pin Mavic Pro ngay sau chuy\u1ebfn bay, v\u00ec nhi\u1ec7t \u0111\u1ed9 pin c\u00f3 th\u1ec3 qu\u00e1 cao. KH\u00d4NG s\u1ea1c pin cho \u0111\u1ebfn khi n\u00f3 ngu\u1ed9i \u0111\u1ebfn g\u1ea7n nhi\u1ec7t \u0111\u1ed9 ph\u00f2ng.<\/li>\n<li>Ng\u1eaft k\u1ebft n\u1ed1i b\u1ed9 s\u1ea1c khi kh\u00f4ng s\u1eed d\u1ee5ng. Ki\u1ec3m tra b\u1ed9 s\u1ea1c th\u01b0\u1eddng xuy\u00ean xem c\u00f3 h\u01b0 h\u1ecfng d\u00e2y, ph\u00edch c\u1eafm, v\u1ecf ho\u1eb7c c\u00e1c b\u1ed9 ph\u1eadn kh\u00e1c kh\u00f4ng. KH\u00d4NG l\u00e0m s\u1ea1ch b\u1ed9 s\u1ea1c b\u1eb1ng c\u1ed3n bi\u1ebfn t\u00ednh ho\u1eb7c c\u00e1c dung m\u00f4i d\u1ec5 ch\u00e1y kh\u00e1c. Kh\u00f4ng bao gi\u1edd s\u1eed d\u1ee5ng b\u1ed9 s\u1ea1c b\u1ecb h\u1ecfng.<\/li>\n<li>\u0110\u1ea3m b\u1ea3o Pin<strong>\u00a0<\/strong>\u0111\u01b0\u1ee3c s\u1ea1c \u0111\u1ea7y tr\u01b0\u1edbc khi \u0111em s\u1eed d\u1ee5ng v\u00e0 h\u1ea1 c\u00e1nh ngay l\u1eadp t\u1ee9c khi DJI GO c\u1ea3nh b\u00e1o m\u1ee9c pin c\u00f2n l\u1ea1i th\u1ea5p.<\/li>\n<\/ol>\n<p><strong>\u00a0<img loading=\"lazy\" decoding=\"async\" class=\"aligncenter\" src=\"https:\/\/phukienflytech.vn\/wp-content\/uploads\/2020\/05\/pin-mavic-pro-chinh-hang-dji-594-5.jpg\" alt=\"\" width=\"300\" height=\"300\" \/><\/strong><\/p>\n<h3><strong>L\u01b0u tr\u1eef v\u00e0 c\u00e1ch th\u1ea3i b\u1ecf pin<\/strong><\/h3>\n<ol>\n<li>Gi\u1eef\u00a0<strong>Pin Mavic Pro ch\u00ednh h\u00e3ng DJI\u00a0<\/strong>tr\u00e1nh xa c\u00e1c v\u1eadt kim lo\u1ea1i nh\u01b0 k\u00ednh, \u0111\u1ed3ng h\u1ed3, trang s\u1ee9c v\u00e0 k\u1eb9p t\u00f3c.<\/li>\n<li>Kh\u00f4ng bao gi\u1edd v\u1eadn chuy\u1ec3n pin b\u1ecb h\u1ecfng ho\u1eb7c pin c\u00f3 m\u1ee9c n\u0103ng l\u01b0\u1ee3ng cao h\u01a1n 50%.<\/li>\n<li>V\u1ee9t b\u1ecf pin trong c\u00e1c h\u1ed9p t\u00e1i ch\u1ebf c\u1ee5 th\u1ec3 ch\u1ec9 sau khi x\u1ea3 ho\u00e0n to\u00e0n. KH\u00d4NG \u0111\u1eb7t\u00a0<strong>Pin Mavic Pro ch\u00ednh h\u00e3ng DJI\u00a0<\/strong>v\u00e0o th\u00f9ng r\u00e1c th\u00f4ng th\u01b0\u1eddng. Tu\u00e2n th\u1ee7 nghi\u00eam ng\u1eb7t c\u00e1c quy \u0111\u1ecbnh t\u1ea1i \u0111\u1ecba ph\u01b0\u01a1ng c\u1ee7a b\u1ea1n v\u1ec1 vi\u1ec7c x\u1eed l\u00fd v\u00e0 t\u00e1i ch\u1ebf pin.<\/li>\n<li>Kh\u00f4ng bao gi\u1edd s\u1eed d\u1ee5ng pin khi nhi\u1ec7t \u0111\u1ed9 qu\u00e1 cao ho\u1eb7c qu\u00e1 th\u1ea5p.<\/li>\n<li>Kh\u00f4ng l\u01b0u tr\u1eef\u00a0<strong>Pin Mavic Pro ch\u00ednh h\u00e3ng DJI\u00a0<\/strong>trong m\u00f4i tr\u01b0\u1eddng c\u00f3 nhi\u1ec7t \u0111\u1ed9 cao h\u01a1n 60oC.<\/li>\n<li>X\u1ea3 pin \u0111\u1ebfn 25% -60% n\u1ebfu pin KH\u00d4NG \u0111\u01b0\u1ee3c s\u1eed d\u1ee5ng trong 7 ng\u00e0y ho\u1eb7c l\u00e2u h\u01a1n. \u0110i\u1ec1u n\u00e0y c\u00f3 th\u1ec3 k\u00e9o d\u00e0i tu\u1ed5i th\u1ecd pin v\u00e0 \u0111\u1ea3m b\u1ea3o \u0111\u01b0\u1ee3c c\u00e1c cell c\u1ee7a Pin s\u1ebd lu\u00f4n \u1edf m\u1ee9c \u1ed5n \u0111\u1ecbnh, h\u1ea1n ch\u1ebf t\u1ed1i \u0111a vi\u1ec7c t\u1ee5t cell<\/li>\n<li>B\u1ea1n n\u00ean ch\u1ee7 \u0111\u1ed9ng c\u00e0i \u0111\u1eb7t th\u1eddi gian x\u1ea3 pin trong ph\u1ea7n m\u1ec1m DJI GO 4 sau th\u1eddi gian 7 ng\u00e0y. Pin s\u1ebd t\u1ef1 \u0111\u1ed9ng x\u1ea3 d\u01b0\u1edbi 60% khi kh\u00f4ng s\u1eed d\u1ee5ng trong h\u01a1n 7 ng\u00e0y \u0111\u1ec3 tr\u00e1nh hi\u1ec7n t\u01b0\u1ee3ng ph\u00f9 pin.<\/li>\n<li>Th\u00e1o pin ra kh\u1ecfi m\u00e1y bay khi \u0111\u01b0\u1ee3c l\u01b0u tr\u1eef trong m\u1ed9t kho\u1ea3ng th\u1eddi gian d\u00e0i.<\/li>\n<\/ol>\n<p><strong><em>Mua Pin Mavic pro \u1edf \u0111\u00e2u?<\/em><\/strong><\/p>\n<p>Phukienflytech l\u00e0 1 trong nh\u1eefng \u0111\u1ecba ch\u1ec9 uy t\u00edn \u0111\u1ec3 c\u00e1c b\u1ea1n c\u00f3 th\u1ec3 tin t\u01b0\u1edfng v\u00e0 mua Pin ch\u00ednh h\u00e3ng Mavic Pro, ch\u00fang t\u00f4i lu\u00f4n \u0111\u1eb7t quy\u1ec1n l\u1ee3i c\u1ee7a kh\u00e1ch h\u00e0ng l\u00ean h\u00e0ng \u0111\u1ea7u. Ngo\u00e0i Pin Mavic Pro, Ph\u1ee5 ki\u1ec7n flytech c\u00f2n chung c\u1ea5p ph\u1ee5 ki\u1ec7n flycam DJI Mavic Pro \u0111\u1ec3 ph\u1ee5c v\u1ee5 nhu c\u1ea7u c\u1ee7a c\u00e1c b\u1ea1n.<\/p>\n<h3>B\u1ea3o h\u00e0nh pin ch\u00ednh h\u00e3ng Mavic Pro<\/h3>\n<p>&#8211; Th\u1eddi gian b\u1ea3o h\u00e0nh: 6 th\u00e1ng<\/p>\n<p>&#8211; Th\u1eddi gian \u0111\u1ed5i l\u1ed7i : 1 tu\u1ea7n<\/p>\n<p>T\u00ecm hi\u1ec3u:\u00a0<strong>C\u00e1ch s\u1eed d\u1ee5ng pin Mavic pro b\u1ec1n v\u00e0 \u0111\u00fang c\u00e1ch<\/strong><\/p>\n<p>Xem th\u00eam c\u00e1c\u00a0<strong>Ph\u1ee5 ki\u1ec7n Mavic pro s\u1eb5n h\u00e0ng<\/strong><\/p>\n","protected":false},"excerpt":{"rendered":"<p>Pin mavic pro ch\u00ednh h\u00e3ng DJI Dung l\u01b0\u1ee3ng: 3830 mAh Lo\u1ea1i pin: LiPo 3S Th\u1eddi gian s\u1ea1c \u0111\u1ea7y: 70 ph\u00fat Th\u1eddi gian s\u1eed d\u1ee5ng: 27 ph\u00fat. Th\u1eddi gian kh\u1ea3 d\u1ee5ng: 23 ph\u00fat<\/p>\n","protected":false},"featured_media":832,"comment_status":"open","ping_status":"closed","template":"","meta":{"_acf_changed":false},"product_brand":[],"product_cat":[791],"product_tag":[],"class_list":{"0":"post-1011","1":"product","2":"type-product","3":"status-publish","4":"has-post-thumbnail","6":"product_cat-chua-phan-loai","8":"first","9":"instock","10":"shipping-taxable","11":"purchasable","12":"product-type-simple"},"acf":[],"yoast_head":"<!-- This site is optimized with the Yoast SEO plugin v25.7 - https:\/\/yoast.com\/wordpress\/plugins\/seo\/ -->\n<title>Mavic Pro battery - Genuine DJI - Shop M\u00e1y \u1ea3nh - Action Camera - Gimbal - Flycam - Ph\u1ee5 ki\u1ec7n<\/title>\n<meta name=\"robots\" content=\"index, follow, max-snippet:-1, max-image-preview:large, max-video-preview:-1\" \/>\n<link rel=\"canonical\" href=\"https:\/\/phukienflytech.vn\/en\/san-pham\/mavic-pro-battery-genuine-dji.html\" \/>\n<meta property=\"og:locale\" content=\"en_US\" \/>\n<meta property=\"og:type\" content=\"article\" \/>\n<meta property=\"og:title\" content=\"Mavic Pro battery - Genuine DJI - Shop M\u00e1y \u1ea3nh - Action Camera - Gimbal - Flycam - Ph\u1ee5 ki\u1ec7n\" \/>\n<meta property=\"og:description\" content=\"Pin mavic pro ch\u00ednh h\u00e3ng DJI Dung l\u01b0\u1ee3ng: 3830 mAh Lo\u1ea1i pin: LiPo 3S Th\u1eddi gian s\u1ea1c \u0111\u1ea7y: 70 ph\u00fat Th\u1eddi gian s\u1eed d\u1ee5ng: 27 ph\u00fat. Th\u1eddi gian kh\u1ea3 d\u1ee5ng: 23 ph\u00fat\" \/>\n<meta property=\"og:url\" content=\"https:\/\/phukienflytech.vn\/en\/san-pham\/mavic-pro-battery-genuine-dji.html\" \/>\n<meta property=\"og:site_name\" content=\"Shop M\u00e1y \u1ea3nh - Action Camera - Gimbal - Flycam - Ph\u1ee5 ki\u1ec7n\" \/>\n<meta property=\"article:publisher\" content=\"https:\/\/facebook.com\/phukienflycam\" \/>\n<meta property=\"article:modified_time\" content=\"2020-05-13T02:31:32+00:00\" \/>\n<meta property=\"og:image\" content=\"https:\/\/phukienflytech.vn\/wp-content\/uploads\/2020\/05\/Pin-Mavic-Pro-chinh-hang-DJI_6.jpg\" \/>\n\t<meta property=\"og:image:width\" content=\"500\" \/>\n\t<meta property=\"og:image:height\" content=\"500\" \/>\n\t<meta property=\"og:image:type\" content=\"image\/jpeg\" \/>\n<meta name=\"twitter:card\" content=\"summary_large_image\" \/>\n<meta name=\"twitter:label1\" content=\"Est. reading time\" \/>\n\t<meta name=\"twitter:data1\" content=\"10 minutes\" \/>\n<script type=\"application\/ld+json\" class=\"yoast-schema-graph\">{\"@context\":\"https:\/\/schema.org\",\"@graph\":[{\"@type\":\"WebPage\",\"@id\":\"https:\/\/phukienflytech.vn\/en\/san-pham\/mavic-pro-battery-genuine-dji.html\",\"url\":\"https:\/\/phukienflytech.vn\/en\/san-pham\/mavic-pro-battery-genuine-dji.html\",\"name\":\"Mavic Pro battery - Genuine DJI - Shop M\u00e1y \u1ea3nh - Action Camera - Gimbal - Flycam - Ph\u1ee5 ki\u1ec7n\",\"isPartOf\":{\"@id\":\"https:\/\/phukienflytech.vn\/#website\"},\"primaryImageOfPage\":{\"@id\":\"https:\/\/phukienflytech.vn\/en\/san-pham\/mavic-pro-battery-genuine-dji.html#primaryimage\"},\"image\":{\"@id\":\"https:\/\/phukienflytech.vn\/en\/san-pham\/mavic-pro-battery-genuine-dji.html#primaryimage\"},\"thumbnailUrl\":\"https:\/\/phukienflytech.vn\/wp-content\/uploads\/2020\/05\/Pin-Mavic-Pro-chinh-hang-DJI_6.jpg\",\"datePublished\":\"2020-05-11T12:23:23+00:00\",\"dateModified\":\"2020-05-13T02:31:32+00:00\",\"breadcrumb\":{\"@id\":\"https:\/\/phukienflytech.vn\/en\/san-pham\/mavic-pro-battery-genuine-dji.html#breadcrumb\"},\"inLanguage\":\"en-US\",\"potentialAction\":[{\"@type\":\"ReadAction\",\"target\":[\"https:\/\/phukienflytech.vn\/en\/san-pham\/mavic-pro-battery-genuine-dji.html\"]}]},{\"@type\":\"ImageObject\",\"inLanguage\":\"en-US\",\"@id\":\"https:\/\/phukienflytech.vn\/en\/san-pham\/mavic-pro-battery-genuine-dji.html#primaryimage\",\"url\":\"https:\/\/phukienflytech.vn\/wp-content\/uploads\/2020\/05\/Pin-Mavic-Pro-chinh-hang-DJI_6.jpg\",\"contentUrl\":\"https:\/\/phukienflytech.vn\/wp-content\/uploads\/2020\/05\/Pin-Mavic-Pro-chinh-hang-DJI_6.jpg\",\"width\":500,\"height\":500},{\"@type\":\"BreadcrumbList\",\"@id\":\"https:\/\/phukienflytech.vn\/en\/san-pham\/mavic-pro-battery-genuine-dji.html#breadcrumb\",\"itemListElement\":[{\"@type\":\"ListItem\",\"position\":1,\"name\":\"Home\",\"item\":\"https:\/\/phukienflytech.vn\/en\"},{\"@type\":\"ListItem\",\"position\":2,\"name\":\"Ph\u1ee5 ki\u1ec7n Mavic Pro\",\"item\":\"https:\/\/phukienflytech.vn\/en\/phu-kien-mavic-pro.html\"},{\"@type\":\"ListItem\",\"position\":3,\"name\":\"Ch\u01b0a ph\u00e2n lo\u1ea1i\",\"item\":\"https:\/\/phukienflytech.vn\/danh-muc\/chua-phan-loai.html\"},{\"@type\":\"ListItem\",\"position\":4,\"name\":\"Mavic Pro battery &#8211; Genuine DJI\"}]},{\"@type\":\"WebSite\",\"@id\":\"https:\/\/phukienflytech.vn\/#website\",\"url\":\"https:\/\/phukienflytech.vn\/\",\"name\":\"Shop M\u00e1y \u1ea3nh - Action Camera - Gimbal - Flycam - Ph\u1ee5 ki\u1ec7n\",\"description\":\"Shop M\u00e1y \u1ea3nh - Action Camera - Gimbal - Flycam - Ph\u1ee5 ki\u1ec7n\",\"publisher\":{\"@id\":\"https:\/\/phukienflytech.vn\/#organization\"},\"potentialAction\":[{\"@type\":\"SearchAction\",\"target\":{\"@type\":\"EntryPoint\",\"urlTemplate\":\"https:\/\/phukienflytech.vn\/?s={search_term_string}\"},\"query-input\":{\"@type\":\"PropertyValueSpecification\",\"valueRequired\":true,\"valueName\":\"search_term_string\"}}],\"inLanguage\":\"en-US\"},{\"@type\":\"Organization\",\"@id\":\"https:\/\/phukienflytech.vn\/#organization\",\"name\":\"DJI Store - Shop Drone, Action camera, Gimbal DJI |Phukienflytech\",\"alternateName\":\"DJI Store - Shop Drone, Action camera, Gimbal DJI |Phukienflytech\",\"url\":\"https:\/\/phukienflytech.vn\/\",\"logo\":{\"@type\":\"ImageObject\",\"inLanguage\":\"en-US\",\"@id\":\"https:\/\/phukienflytech.vn\/#\/schema\/logo\/image\/\",\"url\":\"https:\/\/phukienflytech.vn\/wp-content\/uploads\/2020\/05\/hAnh_nan.jpg1_.jpg\",\"contentUrl\":\"https:\/\/phukienflytech.vn\/wp-content\/uploads\/2020\/05\/hAnh_nan.jpg1_.jpg\",\"width\":800,\"height\":450,\"caption\":\"DJI Store - Shop Drone, Action camera, Gimbal DJI |Phukienflytech\"},\"image\":{\"@id\":\"https:\/\/phukienflytech.vn\/#\/schema\/logo\/image\/\"},\"sameAs\":[\"https:\/\/facebook.com\/phukienflycam\",\"https:\/\/www.youtube.com\/@phukienflytech\",\"https:\/\/www.tiktok.com\/@flytech.channel?fbclid=IwY2xjawGjg7BleHRuA2FlbQIxMAABHYVGmlXpuSMs0UB2zTpYvyT4GMVfN2qJa4urF4vkSQ6FAVBwXZtDP30qQA_aem_UwMiDcUvlEbd2tXAmsc8Og\"]}]}<\/script>\n<!-- \/ Yoast SEO plugin. -->","yoast_head_json":{"title":"Mavic Pro battery - Genuine DJI - Shop M\u00e1y \u1ea3nh - Action Camera - Gimbal - Flycam - Ph\u1ee5 ki\u1ec7n","robots":{"index":"index","follow":"follow","max-snippet":"max-snippet:-1","max-image-preview":"max-image-preview:large","max-video-preview":"max-video-preview:-1"},"canonical":"https:\/\/phukienflytech.vn\/en\/san-pham\/mavic-pro-battery-genuine-dji.html","og_locale":"en_US","og_type":"article","og_title":"Mavic Pro battery - Genuine DJI - Shop M\u00e1y \u1ea3nh - Action Camera - Gimbal - Flycam - Ph\u1ee5 ki\u1ec7n","og_description":"Pin mavic pro ch\u00ednh h\u00e3ng DJI Dung l\u01b0\u1ee3ng: 3830 mAh Lo\u1ea1i pin: LiPo 3S Th\u1eddi gian s\u1ea1c \u0111\u1ea7y: 70 ph\u00fat Th\u1eddi gian s\u1eed d\u1ee5ng: 27 ph\u00fat. Th\u1eddi gian kh\u1ea3 d\u1ee5ng: 23 ph\u00fat","og_url":"https:\/\/phukienflytech.vn\/en\/san-pham\/mavic-pro-battery-genuine-dji.html","og_site_name":"Shop M\u00e1y \u1ea3nh - Action Camera - Gimbal - Flycam - Ph\u1ee5 ki\u1ec7n","article_publisher":"https:\/\/facebook.com\/phukienflycam","article_modified_time":"2020-05-13T02:31:32+00:00","og_image":[{"width":500,"height":500,"url":"https:\/\/phukienflytech.vn\/wp-content\/uploads\/2020\/05\/Pin-Mavic-Pro-chinh-hang-DJI_6.jpg","type":"image\/jpeg"}],"twitter_card":"summary_large_image","twitter_misc":{"Est. reading time":"10 minutes"},"schema":{"@context":"https:\/\/schema.org","@graph":[{"@type":"WebPage","@id":"https:\/\/phukienflytech.vn\/en\/san-pham\/mavic-pro-battery-genuine-dji.html","url":"https:\/\/phukienflytech.vn\/en\/san-pham\/mavic-pro-battery-genuine-dji.html","name":"Mavic Pro battery - Genuine DJI - Shop M\u00e1y \u1ea3nh - Action Camera - Gimbal - Flycam - Ph\u1ee5 ki\u1ec7n","isPartOf":{"@id":"https:\/\/phukienflytech.vn\/#website"},"primaryImageOfPage":{"@id":"https:\/\/phukienflytech.vn\/en\/san-pham\/mavic-pro-battery-genuine-dji.html#primaryimage"},"image":{"@id":"https:\/\/phukienflytech.vn\/en\/san-pham\/mavic-pro-battery-genuine-dji.html#primaryimage"},"thumbnailUrl":"https:\/\/phukienflytech.vn\/wp-content\/uploads\/2020\/05\/Pin-Mavic-Pro-chinh-hang-DJI_6.jpg","datePublished":"2020-05-11T12:23:23+00:00","dateModified":"2020-05-13T02:31:32+00:00","breadcrumb":{"@id":"https:\/\/phukienflytech.vn\/en\/san-pham\/mavic-pro-battery-genuine-dji.html#breadcrumb"},"inLanguage":"en-US","potentialAction":[{"@type":"ReadAction","target":["https:\/\/phukienflytech.vn\/en\/san-pham\/mavic-pro-battery-genuine-dji.html"]}]},{"@type":"ImageObject","inLanguage":"en-US","@id":"https:\/\/phukienflytech.vn\/en\/san-pham\/mavic-pro-battery-genuine-dji.html#primaryimage","url":"https:\/\/phukienflytech.vn\/wp-content\/uploads\/2020\/05\/Pin-Mavic-Pro-chinh-hang-DJI_6.jpg","contentUrl":"https:\/\/phukienflytech.vn\/wp-content\/uploads\/2020\/05\/Pin-Mavic-Pro-chinh-hang-DJI_6.jpg","width":500,"height":500},{"@type":"BreadcrumbList","@id":"https:\/\/phukienflytech.vn\/en\/san-pham\/mavic-pro-battery-genuine-dji.html#breadcrumb","itemListElement":[{"@type":"ListItem","position":1,"name":"Home","item":"https:\/\/phukienflytech.vn\/en"},{"@type":"ListItem","position":2,"name":"Ph\u1ee5 ki\u1ec7n Mavic Pro","item":"https:\/\/phukienflytech.vn\/en\/phu-kien-mavic-pro.html"},{"@type":"ListItem","position":3,"name":"Ch\u01b0a ph\u00e2n lo\u1ea1i","item":"https:\/\/phukienflytech.vn\/danh-muc\/chua-phan-loai.html"},{"@type":"ListItem","position":4,"name":"Mavic Pro battery &#8211; Genuine DJI"}]},{"@type":"WebSite","@id":"https:\/\/phukienflytech.vn\/#website","url":"https:\/\/phukienflytech.vn\/","name":"Shop M\u00e1y \u1ea3nh - Action Camera - Gimbal - Flycam - Ph\u1ee5 ki\u1ec7n","description":"Shop M\u00e1y \u1ea3nh - Action Camera - Gimbal - Flycam - Ph\u1ee5 ki\u1ec7n","publisher":{"@id":"https:\/\/phukienflytech.vn\/#organization"},"potentialAction":[{"@type":"SearchAction","target":{"@type":"EntryPoint","urlTemplate":"https:\/\/phukienflytech.vn\/?s={search_term_string}"},"query-input":{"@type":"PropertyValueSpecification","valueRequired":true,"valueName":"search_term_string"}}],"inLanguage":"en-US"},{"@type":"Organization","@id":"https:\/\/phukienflytech.vn\/#organization","name":"DJI Store - Shop Drone, Action camera, Gimbal DJI |Phukienflytech","alternateName":"DJI Store - Shop Drone, Action camera, Gimbal DJI |Phukienflytech","url":"https:\/\/phukienflytech.vn\/","logo":{"@type":"ImageObject","inLanguage":"en-US","@id":"https:\/\/phukienflytech.vn\/#\/schema\/logo\/image\/","url":"https:\/\/phukienflytech.vn\/wp-content\/uploads\/2020\/05\/hAnh_nan.jpg1_.jpg","contentUrl":"https:\/\/phukienflytech.vn\/wp-content\/uploads\/2020\/05\/hAnh_nan.jpg1_.jpg","width":800,"height":450,"caption":"DJI Store - Shop Drone, Action camera, Gimbal DJI |Phukienflytech"},"image":{"@id":"https:\/\/phukienflytech.vn\/#\/schema\/logo\/image\/"},"sameAs":["https:\/\/facebook.com\/phukienflycam","https:\/\/www.youtube.com\/@phukienflytech","https:\/\/www.tiktok.com\/@flytech.channel?fbclid=IwY2xjawGjg7BleHRuA2FlbQIxMAABHYVGmlXpuSMs0UB2zTpYvyT4GMVfN2qJa4urF4vkSQ6FAVBwXZtDP30qQA_aem_UwMiDcUvlEbd2tXAmsc8Og"]}]}},"_links":{"self":[{"href":"https:\/\/phukienflytech.vn\/en\/wp-json\/wp\/v2\/product\/1011","targetHints":{"allow":["GET"]}}],"collection":[{"href":"https:\/\/phukienflytech.vn\/en\/wp-json\/wp\/v2\/product"}],"about":[{"href":"https:\/\/phukienflytech.vn\/en\/wp-json\/wp\/v2\/types\/product"}],"replies":[{"embeddable":true,"href":"https:\/\/phukienflytech.vn\/en\/wp-json\/wp\/v2\/comments?post=1011"}],"wp:featuredmedia":[{"embeddable":true,"href":"https:\/\/phukienflytech.vn\/en\/wp-json\/wp\/v2\/media\/832"}],"wp:attachment":[{"href":"https:\/\/phukienflytech.vn\/en\/wp-json\/wp\/v2\/media?parent=1011"}],"wp:term":[{"taxonomy":"product_brand","embeddable":true,"href":"https:\/\/phukienflytech.vn\/en\/wp-json\/wp\/v2\/product_brand?post=1011"},{"taxonomy":"product_cat","embeddable":true,"href":"https:\/\/phukienflytech.vn\/en\/wp-json\/wp\/v2\/product_cat?post=1011"},{"taxonomy":"product_tag","embeddable":true,"href":"https:\/\/phukienflytech.vn\/en\/wp-json\/wp\/v2\/product_tag?post=1011"}],"curies":[{"name":"wp","href":"https:\/\/api.w.org\/{rel}","templated":true}]}}