{"id":1013,"date":"2020-05-11T19:26:38","date_gmt":"2020-05-11T12:26:38","guid":{"rendered":"http:\/\/27430.lamdx.vinawebsite.vn\/san-pham\/mavic-pro-platinum-blades-reduce-noise-genuine-dji.html"},"modified":"2020-05-13T09:29:18","modified_gmt":"2020-05-13T02:29:18","slug":"mavic-pro-platinum-blades-reduce-noise-genuine-dji","status":"publish","type":"product","link":"https:\/\/phukienflytech.vn\/en\/san-pham\/mavic-pro-platinum-blades-reduce-noise-genuine-dji.html","title":{"rendered":"Mavic Pro (Platinum) blades reduce noise &#8211; Genuine DJI"},"content":{"rendered":"<p>V\u1edbi m\u1ee5c \u0111\u00edch \u201c<em>\u0111\u01b0a drone \u0111\u1ebfn v\u1edbi t\u1ea5t c\u1ea3 m\u1ecdi ng\u01b0\u1eddi<\/em>\u201d v\u00e0 \u201c<em>mang \u0111\u1ebfn s\u1ef1 thu\u1eadn ti\u1ec7n t\u1ed1i \u0111a khi di chuy\u1ec3n<\/em>\u201d, n\u0103m 2016, DJI cho ra m\u1eaft flycam Mavic Pro. M\u1eb7c d\u00f9 \u0111\u01b0\u1ee3c gi\u1edbi thi\u1ec7u sau Karma ch\u1ec9 v\u00e0i h\u00f4m, nh\u01b0ng s\u1ea3n ph\u1ea9m m\u1edbi c\u1ee7a DJI n\u00e0y \u0111\u00e3 t\u1ea1o m\u1ed9t c\u01a1n s\u1ed1t m\u1ea1nh m\u1ebd tr\u00ean to\u00e0n th\u1ebf gi\u1edbi, tr\u1edf th\u00e0nh chi\u1ebfc drone th\u00e0nh c\u00f4ng v\u00e0 b\u00e1n ch\u1ea1y nh\u1ea5t trong v\u00f2ng 2 n\u0103m c\u1ee7a c\u00f4ng ty t\u00ednh \u0111\u1ebfn khi DJI ti\u1ebfp t\u1ee5c cho ra m\u1eaft Mavic 2.<\/p>\n<p><img loading=\"lazy\" decoding=\"async\" class=\"aligncenter\" src=\"https:\/\/phukienflytech.vn\/wp-content\/uploads\/2020\/05\/canh-mavic-pro-platinum-giam-on-chinh-hang-dji-596.jpg\" alt=\"\" width=\"500\" height=\"333\" \/><\/p>\n<p>N\u00f3i v\u1eady \u0111\u1ee7 \u0111\u1ec3 th\u1ea5y s\u1ee9c h\u00fat m\u1ea1nh m\u1ebd c\u1ee7a Mavic Pro, v\u00e0 \u0111\u1ebfn nay, sau 4 n\u0103m, thi\u1ebft b\u1ecb bay nh\u1ecf g\u1ecdn, th\u00f4ng minh v\u00e0 an to\u00e0n n\u00e0y v\u1eabn ch\u01b0a bao gi\u1edd r\u1edbt The TOP BEST DRONE trong t\u1ea7m gi\u00e1 20 &#8211; 24 tri\u1ec7u (under 1000 USD) c\u1ee7a c\u00e1c trang web uy t\u00edn nh\u1ea5t tr\u00ean to\u00e0n th\u1ebf gi\u1edbi. Kh\u00f4ng ph\u1ea3i ng\u1eabu nhi\u00ean Mavic Pro c\u00f3 \u0111\u01b0\u1ee3c th\u00e0nh c\u00f4ng l\u1edbn \u0111\u1ebfn v\u1eady, c\u1ea3 ph\u1ea7n m\u1ec1m v\u00e0 thi\u1ebft k\u1ebf \u0111\u1ec1u \u0111\u01b0\u1ee3c nghi\u00ean c\u1ee9u k\u1ef9 l\u01b0\u1ee1ng b\u1edfi nh\u1eefng chuy\u00ean gia h\u00e0ng \u0111\u1ea7u, t\u1eebng chi ti\u1ebft \u0111\u1ec1u s\u1eafc s\u1ea3o v\u00e0 t\u1ed1i \u01b0u h\u00f3a hi\u1ec7u qu\u1ea3. Ngay c\u1ea3 c\u00e1c ph\u1ee5 ki\u1ec7n \u0111i k\u00e8m c\u0169ng \u0111\u01b0\u1ee3c DJI h\u1ebft s\u1ee9c \u0111\u1ea7u t\u01b0 s\u1ea3n xu\u1ea5t \u0111\u1ec3 ph\u1ee5c v\u1ee5 \u0111\u1ee9a con c\u01b0ng n\u00e0y.<\/p>\n<p><img loading=\"lazy\" decoding=\"async\" class=\"aligncenter\" src=\"https:\/\/phukienflytech.vn\/wp-content\/uploads\/2020\/05\/canh-mavic-pro-platinum-giam-on-chinh-hang-dji-596-1.jpg\" alt=\"\" width=\"500\" height=\"500\" \/><\/p>\n<p>Ch\u1eafc h\u1eb3n pilot n\u00e0o c\u0169ng \u0111\u1ec1u bi\u1ebft, v\u1edbi flycam, pin v\u00e0 c\u00e1nh l\u00e0 2 ph\u1ee5 ki\u1ec7n c\u1ef1c k\u1ef3 quan tr\u1ecdng. Trong khi bay flycam, n\u1ebfu ch\u1eb3ng may c\u00e1nh b\u1ecb va ch\u1ea1m th\u00ec nguy c\u01a1 g\u00e3y h\u1ecfng l\u00e0 r\u1ea5t cao, ch\u01b0a k\u1ec3 v\u1edbi t\u1ed1c \u0111\u1ed9 quay kh\u1ee7ng khi\u1ebfp, th\u00ec \u0111\u00e2y c\u0169ng ch\u00ednh l\u00e0 ph\u1ee5 ki\u1ec7n b\u1ea1n c\u1ea7n l\u01b0u \u00fd thay th\u01b0\u1eddng xuy\u00ean \u0111\u1ec3 \u0111\u1ea3m b\u1ea3o an to\u00e0n cho drone.<\/p>\n<p><strong>C\u00e1nh Mavic Platinum\u00a0<\/strong>c\u01a1 b\u1ea3n \u0111\u01b0\u1ee3c thi\u1ebft k\u1ebf \u0111\u1ec3 gi\u1ed1ng h\u1ec7t c\u00e1nh \u1edf flycam ch\u00ednh, ch\u1ea5t li\u1ec7u nh\u1ef1a si\u00eau d\u1ebbo, t\u00ednh \u0111\u00e0n h\u1ed3i cao, nh\u01b0ng n\u00f3 v\u1eabn c\u00f3 m\u1ed9t nh\u01b0\u1ee3c \u0111i\u1ec3m l\u00e0 ti\u1ebfng \u1ed3n kh\u00e1 l\u1edbn n\u00ean n\u1ebfu b\u1ea1n quay video ho\u1eb7c ch\u1ee5p \u1ea3nh \u1edf t\u1ea7m th\u1ea5p, b\u1ea1n s\u1ebd c\u1ea3m th\u1ea5y kh\u00e1 kh\u00f3 ch\u1ecbu. Ch\u00ednh v\u00ec v\u1eady, DJI ti\u1ebfp t\u1ee5c cho ra m\u1eaft b\u1ed9 C\u00e1nh Mavic Pro (Platinum) gi\u1ea3m \u1ed3n, v\u1edbi g\u1ea1ch m\u00e0u v\u00e0ng \u1edf \u0111\u1ea7u c\u00e1nh t\u1ea1o s\u1ef1 kh\u00e1c bi\u1ec7t, gi\u00fap chuy\u1ebfn bay c\u1ee7a b\u1ea1n an to\u00e0n v\u00e0 \u00eam \u00e1i h\u01a1n.<\/p>\n<p><img loading=\"lazy\" decoding=\"async\" class=\"aligncenter\" src=\"https:\/\/phukienflytech.vn\/wp-content\/uploads\/2020\/05\/canh-mavic-pro-platinum-giam-on-chinh-hang-dji-596-2.jpg\" alt=\"\" width=\"500\" height=\"288\" \/><\/p>\n<h2><strong>Th\u00f4ng s\u1ed1 k\u1ef9 thu\u1eadt c\u1ee7a C\u00e1nh Mavic Pro (Platinum) gi\u1ea3m \u1ed3n ch\u00ednh h\u00e3ng DJI<\/strong><\/h2>\n<p>V\u1ec1 c\u00f4ng ngh\u1ec7 s\u1ea3n xu\u1ea5t, DJI s\u1eed d\u1ee5ng nh\u1eefng c\u00f4ng ngh\u1ec7 ti\u00ean ti\u1ebfn nh\u1ea5t, t\u1ea1o ra c\u00e1c s\u1ea3n ph\u1ea9m c\u00f3 t\u00ednh \u0111\u1ed3ng nh\u1ea5t cao, \u0111\u1ea3m b\u1ea3o ki\u1ec3m so\u00e1t ch\u1ea5t l\u01b0\u1ee3ng.\u00a0Ki\u1ec3m so\u00e1t rung r\u1ea5t quan tr\u1ecdng \u0111\u1ed1i v\u1edbi c\u00e1nh qu\u1ea1t v\u00ec rung \u0111\u1ed9ng c\u00f3 th\u1ec3 l\u00e0m h\u1ecfng ch\u1ea5t l\u01b0\u1ee3ng video ho\u1eb7c trong c\u00e1c t\u00ecnh hu\u1ed1ng kh\u1eafc nghi\u1ec7t, khi\u1ebfn c\u1ea3m bi\u1ebfn ho\u1eb7c c\u1ea5u tr\u00fac flycam b\u1ecb h\u1ecfng.\u00a0Trong quy tr\u00ecnh s\u1ea3n xu\u1ea5t, DJI \u0111i\u1ec1u ch\u1ec9nh c\u00e1c khu\u00f4n c\u1ee7a m\u00ecnh \u0111\u1ec3 \u0111\u1ea3m b\u1ea3o r\u1eb1ng m\u1ecdi c\u00e1nh qu\u1ea1t \u0111\u1ec1u c\u00f3 s\u1ef1 c\u00e2n b\u1eb1ng \u0111\u1ed9ng ho\u00e0n h\u1ea3o.<\/p>\n<p><img loading=\"lazy\" decoding=\"async\" class=\"aligncenter\" src=\"https:\/\/phukienflytech.vn\/wp-content\/uploads\/2020\/05\/canh-mavic-pro-platinum-giam-on-chinh-hang-dji-596-3.jpg\" alt=\"\" width=\"400\" height=\"225\" \/><\/p>\n<p>C\u00e1nh Mavic Pro (Platinum) gi\u1ea3m \u1ed3n c\u00f3 thi\u1ebft k\u1ebf kh\u00ed \u0111\u1ed9ng h\u1ecdc ho\u00e0n to\u00e0n m\u1edbi mang l\u1ea1i cho d\u00f2ng flycam n\u00e0y m\u1ed9t hi\u1ec7u su\u1ea5t ki\u1ec3m so\u00e1t ti\u1ebfng \u1ed3n \u1ea5n t\u01b0\u1ee3ng.\u00a0Khi \u0111\u01b0\u1ee3c s\u1eed d\u1ee5ng v\u1edbi Mavic Pro Platinum,\u00a0<strong>ti\u1ebfng \u1ed3n m\u00e1y bay gi\u1ea3m t\u1edbi 4dB (60%)<\/strong>\u00a0trong khi c\u1ea5t c\u00e1nh v\u00e0 h\u1ea1 c\u00e1nh, v\u00e0 th\u1eddi gian bay \u0111\u01b0\u1ee3c k\u00e9o d\u00e0i \u0111\u1ebfn 30 ph\u00fat.\u00a0Gi\u1ea3m ti\u1ebfng \u1ed3n v\u00e0 th\u1eddi gian bay c\u0169ng \u0111\u01b0\u1ee3c t\u0103ng c\u01b0\u1eddng khi s\u1eed d\u1ee5ng v\u1edbi Mavic Pro, nh\u01b0ng kh\u00f4ng nhi\u1ec1u nh\u01b0 v\u1edbi Platinum.<\/p>\n<ul>\n<li>K\u00edch th\u01b0\u1edbc c\u00e1nh: 8.3 \u00d7 3.1 inch (21.08 \u00d7 7.87 cm).<\/li>\n<li>M\u1ed9t s\u1ea3n ph\u1ea9m g\u1ed3m 2 c\u00e1nh (m\u1ed9t c\u00e1nh thu\u1eadn, m\u1ed9t c\u00e1nh ngh\u1ecbch).<\/li>\n<li>T\u01b0\u01a1ng th\u00edch v\u1edbi Mavic Pro, Mavic Pro Platinum, B\u1ed9 b\u1ea3o v\u1ec7 c\u00e1nh Mavic.<\/li>\n<\/ul>\n<p><img loading=\"lazy\" decoding=\"async\" class=\"aligncenter\" src=\"https:\/\/phukienflytech.vn\/wp-content\/uploads\/2020\/05\/canh-mavic-pro-platinum-giam-on-chinh-hang-dji-596-4.jpg\" alt=\"\" width=\"500\" height=\"281\" \/><\/p>\n<h2><strong>M\u1ed9t s\u1ed1 l\u01b0u \u00fd khi s\u1eed d\u1ee5ng C\u00e1nh Mavic Pro (Platinum) gi\u1ea3m \u1ed3n DJI<\/strong><\/h2>\n<p>V\u1edbi t\u1ed1c \u0111\u1ed9 xoay motor kh\u1ee7ng khi\u1ebfp \u0111\u1ec3 n\u00e2ng flycam bay l\u00ean kh\u00f4ng trung th\u00ec vi\u1ec7c c\u00e1c c\u00e1nh qu\u1ea1t b\u1ecb nh\u1eddn zen xo\u1eafn, x\u01b0\u1edbc m\u1eb7t c\u00e1nh, m\u1ebb c\u00e1nh l\u00e0 \u0111i\u1ec3u h\u1ebft s\u1ee9c b\u00ecnh th\u01b0\u1eddng. Do \u0111\u00f3, vi\u1ec7c th\u01b0\u1eddng xuy\u00ean thay c\u00e1nh qu\u1ea1t v\u00e0 lu\u00f4n lu\u00f4n ch\u00fa \u00fd s\u1eed d\u1ee5ng c\u00e1nh ch\u00ednh h\u00e3ng l\u00e0 \u0111i\u1ec1u c\u00e1c Pilot r\u1ea5t quan t\u00e2m. Th\u00f4ng th\u01b0\u1eddng, c\u00e1nh Mavic Pro (Platinum) gi\u1ea3m \u1ed3n DJI s\u1ebd \u0111\u01b0\u1ee3c thay sau 50-75 l\u1ea7n bay.<\/p>\n<p><img loading=\"lazy\" decoding=\"async\" class=\"aligncenter\" src=\"https:\/\/phukienflytech.vn\/wp-content\/uploads\/2020\/05\/canh-mavic-pro-platinum-giam-on-chinh-hang-dji-596-5.jpg\" alt=\"\" width=\"400\" height=\"266\" \/><\/p>\n<p>Ho\u1eb7c b\u1ea1n c\u0169ng n\u00ean tham kh\u1ea3o B\u1ed9 b\u1ea3o v\u1ec7 c\u00e1nh Mavic Pro \u0111\u1ec3 gi\u1ea3m thi\u1ec3u r\u1ee7i ro khi flycam b\u1ecb va ch\u1ea1m trong khi bay.<\/p>\n<p>&nbsp;<\/p>\n<h2><strong>Mua C\u00e1nh Mavic Pro (Platinum) gi\u1ea3m \u1ed3n ch\u00ednh h\u00e3ng DJI \u1edf \u0111\u00e2u?<\/strong><\/h2>\n<p><strong><em>Phukienflytech<\/em><\/strong><em>\u00a0l\u00e0 1 trong nh\u1eefng \u0111\u1ecba ch\u1ec9 uy t\u00edn \u0111\u1ec3 c\u00e1c b\u1ea1n c\u00f3 th\u1ec3 tin t\u01b0\u1edfng v\u00e0 mua c\u00e1nh Mavic Pro (Platinum) gi\u1ea3m \u1ed3n ch\u00ednh h\u00e3ng DJI.\u00a0 Ch\u00fang t\u00f4i lu\u00f4n \u0111\u1eb7t quy\u1ec1n l\u1ee3i c\u1ee7a kh\u00e1ch h\u00e0ng l\u00ean h\u00e0ng \u0111\u1ea7u, ngo\u00e0i c\u00e1nh gi\u1ea3m \u1ed3n,<strong>\u00a0Phukienflytech<\/strong>\u00a0c\u00f2n chung c\u1ea5p nhi\u1ec1u ph\u1ee5 ki\u1ec7n flycam DJI kh\u00e1c.<\/em><\/p>\n<p><img loading=\"lazy\" decoding=\"async\" class=\"aligncenter\" src=\"https:\/\/phukienflytech.vn\/wp-content\/uploads\/2020\/05\/canh-mavic-pro-platinum-giam-on-chinh-hang-dji-596-6.jpg\" alt=\"\" width=\"400\" height=\"300\" \/><\/p>\n<p>Xem th\u00eam:\u00a0<strong>T\u1ea1i sao n\u00ean s\u1eed d\u1ee5ng c\u00e1nh Mavic Pro Platium ch\u00ednh h\u00e3ng<\/strong><\/p>\n<p>Xem th\u00eam:\u00a0<strong>C\u00e1c ph\u1ee5 ki\u1ec7n Mavic pro platium c\u00f3 s\u1eb5n<\/strong><\/p>\n","protected":false},"excerpt":{"rendered":"<p>S\u1eed d\u1ee5ng v\u1edbi Mavic Pro Platinum, ti\u1ebfng \u1ed3n flycam gi\u1ea3m t\u1edbi 4dB (60%) trong khi c\u1ea5t c\u00e1nh v\u00e0 h\u1ea1 c\u00e1nh, v\u00e0 th\u1eddi gian bay \u0111\u01b0\u1ee3c k\u00e9o d\u00e0i \u0111\u1ebfn 30 ph\u00fat.<\/p>\n","protected":false},"featured_media":847,"comment_status":"open","ping_status":"closed","template":"","meta":{"_acf_changed":false},"product_brand":[],"product_cat":[791],"product_tag":[],"class_list":{"0":"post-1013","1":"product","2":"type-product","3":"status-publish","4":"has-post-thumbnail","6":"product_cat-chua-phan-loai","8":"first","9":"instock","10":"shipping-taxable","11":"purchasable","12":"product-type-simple"},"acf":[],"yoast_head":"<!-- This site is optimized with the Yoast SEO plugin v25.7 - https:\/\/yoast.com\/wordpress\/plugins\/seo\/ -->\n<title>Mavic Pro (Platinum) blades reduce noise - Genuine DJI - Shop M\u00e1y \u1ea3nh - Action Camera - Gimbal - Flycam - Ph\u1ee5 ki\u1ec7n<\/title>\n<meta name=\"robots\" content=\"index, follow, max-snippet:-1, max-image-preview:large, max-video-preview:-1\" \/>\n<link rel=\"canonical\" href=\"https:\/\/phukienflytech.vn\/en\/san-pham\/mavic-pro-platinum-blades-reduce-noise-genuine-dji.html\" \/>\n<meta property=\"og:locale\" content=\"en_US\" \/>\n<meta property=\"og:type\" content=\"article\" \/>\n<meta property=\"og:title\" content=\"Mavic Pro (Platinum) blades reduce noise - Genuine DJI - Shop M\u00e1y \u1ea3nh - Action Camera - Gimbal - Flycam - Ph\u1ee5 ki\u1ec7n\" \/>\n<meta property=\"og:description\" content=\"S\u1eed d\u1ee5ng v\u1edbi Mavic Pro Platinum, ti\u1ebfng \u1ed3n flycam gi\u1ea3m t\u1edbi 4dB (60%) trong khi c\u1ea5t c\u00e1nh v\u00e0 h\u1ea1 c\u00e1nh, v\u00e0 th\u1eddi gian bay \u0111\u01b0\u1ee3c k\u00e9o d\u00e0i \u0111\u1ebfn 30 ph\u00fat.\" \/>\n<meta property=\"og:url\" content=\"https:\/\/phukienflytech.vn\/en\/san-pham\/mavic-pro-platinum-blades-reduce-noise-genuine-dji.html\" \/>\n<meta property=\"og:site_name\" content=\"Shop M\u00e1y \u1ea3nh - Action Camera - Gimbal - Flycam - Ph\u1ee5 ki\u1ec7n\" \/>\n<meta property=\"article:publisher\" content=\"https:\/\/facebook.com\/phukienflycam\" \/>\n<meta property=\"article:modified_time\" content=\"2020-05-13T02:29:18+00:00\" \/>\n<meta property=\"og:image\" content=\"https:\/\/phukienflytech.vn\/wp-content\/uploads\/2020\/05\/Canh-Mavic-Pro-Platinum-giam-on-DJI_4.jpg\" \/>\n\t<meta property=\"og:image:width\" content=\"500\" \/>\n\t<meta property=\"og:image:height\" content=\"403\" \/>\n\t<meta property=\"og:image:type\" content=\"image\/jpeg\" \/>\n<meta name=\"twitter:card\" content=\"summary_large_image\" \/>\n<meta name=\"twitter:label1\" content=\"Est. reading time\" \/>\n\t<meta name=\"twitter:data1\" content=\"6 minutes\" \/>\n<script type=\"application\/ld+json\" class=\"yoast-schema-graph\">{\"@context\":\"https:\/\/schema.org\",\"@graph\":[{\"@type\":\"WebPage\",\"@id\":\"https:\/\/phukienflytech.vn\/en\/san-pham\/mavic-pro-platinum-blades-reduce-noise-genuine-dji.html\",\"url\":\"https:\/\/phukienflytech.vn\/en\/san-pham\/mavic-pro-platinum-blades-reduce-noise-genuine-dji.html\",\"name\":\"Mavic Pro (Platinum) blades reduce noise - Genuine DJI - Shop M\u00e1y \u1ea3nh - Action Camera - Gimbal - Flycam - Ph\u1ee5 ki\u1ec7n\",\"isPartOf\":{\"@id\":\"https:\/\/phukienflytech.vn\/#website\"},\"primaryImageOfPage\":{\"@id\":\"https:\/\/phukienflytech.vn\/en\/san-pham\/mavic-pro-platinum-blades-reduce-noise-genuine-dji.html#primaryimage\"},\"image\":{\"@id\":\"https:\/\/phukienflytech.vn\/en\/san-pham\/mavic-pro-platinum-blades-reduce-noise-genuine-dji.html#primaryimage\"},\"thumbnailUrl\":\"https:\/\/phukienflytech.vn\/wp-content\/uploads\/2020\/05\/Canh-Mavic-Pro-Platinum-giam-on-DJI_4.jpg\",\"datePublished\":\"2020-05-11T12:26:38+00:00\",\"dateModified\":\"2020-05-13T02:29:18+00:00\",\"breadcrumb\":{\"@id\":\"https:\/\/phukienflytech.vn\/en\/san-pham\/mavic-pro-platinum-blades-reduce-noise-genuine-dji.html#breadcrumb\"},\"inLanguage\":\"en-US\",\"potentialAction\":[{\"@type\":\"ReadAction\",\"target\":[\"https:\/\/phukienflytech.vn\/en\/san-pham\/mavic-pro-platinum-blades-reduce-noise-genuine-dji.html\"]}]},{\"@type\":\"ImageObject\",\"inLanguage\":\"en-US\",\"@id\":\"https:\/\/phukienflytech.vn\/en\/san-pham\/mavic-pro-platinum-blades-reduce-noise-genuine-dji.html#primaryimage\",\"url\":\"https:\/\/phukienflytech.vn\/wp-content\/uploads\/2020\/05\/Canh-Mavic-Pro-Platinum-giam-on-DJI_4.jpg\",\"contentUrl\":\"https:\/\/phukienflytech.vn\/wp-content\/uploads\/2020\/05\/Canh-Mavic-Pro-Platinum-giam-on-DJI_4.jpg\",\"width\":500,\"height\":403},{\"@type\":\"BreadcrumbList\",\"@id\":\"https:\/\/phukienflytech.vn\/en\/san-pham\/mavic-pro-platinum-blades-reduce-noise-genuine-dji.html#breadcrumb\",\"itemListElement\":[{\"@type\":\"ListItem\",\"position\":1,\"name\":\"Home\",\"item\":\"https:\/\/phukienflytech.vn\/en\"},{\"@type\":\"ListItem\",\"position\":2,\"name\":\"Ph\u1ee5 ki\u1ec7n Mavic Pro\",\"item\":\"https:\/\/phukienflytech.vn\/en\/phu-kien-mavic-pro.html\"},{\"@type\":\"ListItem\",\"position\":3,\"name\":\"Ch\u01b0a ph\u00e2n lo\u1ea1i\",\"item\":\"https:\/\/phukienflytech.vn\/danh-muc\/chua-phan-loai.html\"},{\"@type\":\"ListItem\",\"position\":4,\"name\":\"Mavic Pro (Platinum) blades reduce noise &#8211; Genuine DJI\"}]},{\"@type\":\"WebSite\",\"@id\":\"https:\/\/phukienflytech.vn\/#website\",\"url\":\"https:\/\/phukienflytech.vn\/\",\"name\":\"Shop M\u00e1y \u1ea3nh - Action Camera - Gimbal - Flycam - Ph\u1ee5 ki\u1ec7n\",\"description\":\"Shop M\u00e1y \u1ea3nh - Action Camera - Gimbal - Flycam - Ph\u1ee5 ki\u1ec7n\",\"publisher\":{\"@id\":\"https:\/\/phukienflytech.vn\/#organization\"},\"potentialAction\":[{\"@type\":\"SearchAction\",\"target\":{\"@type\":\"EntryPoint\",\"urlTemplate\":\"https:\/\/phukienflytech.vn\/?s={search_term_string}\"},\"query-input\":{\"@type\":\"PropertyValueSpecification\",\"valueRequired\":true,\"valueName\":\"search_term_string\"}}],\"inLanguage\":\"en-US\"},{\"@type\":\"Organization\",\"@id\":\"https:\/\/phukienflytech.vn\/#organization\",\"name\":\"DJI Store - Shop Drone, Action camera, Gimbal DJI |Phukienflytech\",\"alternateName\":\"DJI Store - Shop Drone, Action camera, Gimbal DJI |Phukienflytech\",\"url\":\"https:\/\/phukienflytech.vn\/\",\"logo\":{\"@type\":\"ImageObject\",\"inLanguage\":\"en-US\",\"@id\":\"https:\/\/phukienflytech.vn\/#\/schema\/logo\/image\/\",\"url\":\"https:\/\/phukienflytech.vn\/wp-content\/uploads\/2020\/05\/hAnh_nan.jpg1_.jpg\",\"contentUrl\":\"https:\/\/phukienflytech.vn\/wp-content\/uploads\/2020\/05\/hAnh_nan.jpg1_.jpg\",\"width\":800,\"height\":450,\"caption\":\"DJI Store - Shop Drone, Action camera, Gimbal DJI |Phukienflytech\"},\"image\":{\"@id\":\"https:\/\/phukienflytech.vn\/#\/schema\/logo\/image\/\"},\"sameAs\":[\"https:\/\/facebook.com\/phukienflycam\",\"https:\/\/www.youtube.com\/@phukienflytech\",\"https:\/\/www.tiktok.com\/@flytech.channel?fbclid=IwY2xjawGjg7BleHRuA2FlbQIxMAABHYVGmlXpuSMs0UB2zTpYvyT4GMVfN2qJa4urF4vkSQ6FAVBwXZtDP30qQA_aem_UwMiDcUvlEbd2tXAmsc8Og\"]}]}<\/script>\n<!-- \/ Yoast SEO plugin. -->","yoast_head_json":{"title":"Mavic Pro (Platinum) blades reduce noise - Genuine DJI - Shop M\u00e1y \u1ea3nh - Action Camera - Gimbal - Flycam - Ph\u1ee5 ki\u1ec7n","robots":{"index":"index","follow":"follow","max-snippet":"max-snippet:-1","max-image-preview":"max-image-preview:large","max-video-preview":"max-video-preview:-1"},"canonical":"https:\/\/phukienflytech.vn\/en\/san-pham\/mavic-pro-platinum-blades-reduce-noise-genuine-dji.html","og_locale":"en_US","og_type":"article","og_title":"Mavic Pro (Platinum) blades reduce noise - Genuine DJI - Shop M\u00e1y \u1ea3nh - Action Camera - Gimbal - Flycam - Ph\u1ee5 ki\u1ec7n","og_description":"S\u1eed d\u1ee5ng v\u1edbi Mavic Pro Platinum, ti\u1ebfng \u1ed3n flycam gi\u1ea3m t\u1edbi 4dB (60%) trong khi c\u1ea5t c\u00e1nh v\u00e0 h\u1ea1 c\u00e1nh, v\u00e0 th\u1eddi gian bay \u0111\u01b0\u1ee3c k\u00e9o d\u00e0i \u0111\u1ebfn 30 ph\u00fat.","og_url":"https:\/\/phukienflytech.vn\/en\/san-pham\/mavic-pro-platinum-blades-reduce-noise-genuine-dji.html","og_site_name":"Shop M\u00e1y \u1ea3nh - Action Camera - Gimbal - Flycam - Ph\u1ee5 ki\u1ec7n","article_publisher":"https:\/\/facebook.com\/phukienflycam","article_modified_time":"2020-05-13T02:29:18+00:00","og_image":[{"width":500,"height":403,"url":"https:\/\/phukienflytech.vn\/wp-content\/uploads\/2020\/05\/Canh-Mavic-Pro-Platinum-giam-on-DJI_4.jpg","type":"image\/jpeg"}],"twitter_card":"summary_large_image","twitter_misc":{"Est. reading time":"6 minutes"},"schema":{"@context":"https:\/\/schema.org","@graph":[{"@type":"WebPage","@id":"https:\/\/phukienflytech.vn\/en\/san-pham\/mavic-pro-platinum-blades-reduce-noise-genuine-dji.html","url":"https:\/\/phukienflytech.vn\/en\/san-pham\/mavic-pro-platinum-blades-reduce-noise-genuine-dji.html","name":"Mavic Pro (Platinum) blades reduce noise - Genuine DJI - Shop M\u00e1y \u1ea3nh - Action Camera - Gimbal - Flycam - Ph\u1ee5 ki\u1ec7n","isPartOf":{"@id":"https:\/\/phukienflytech.vn\/#website"},"primaryImageOfPage":{"@id":"https:\/\/phukienflytech.vn\/en\/san-pham\/mavic-pro-platinum-blades-reduce-noise-genuine-dji.html#primaryimage"},"image":{"@id":"https:\/\/phukienflytech.vn\/en\/san-pham\/mavic-pro-platinum-blades-reduce-noise-genuine-dji.html#primaryimage"},"thumbnailUrl":"https:\/\/phukienflytech.vn\/wp-content\/uploads\/2020\/05\/Canh-Mavic-Pro-Platinum-giam-on-DJI_4.jpg","datePublished":"2020-05-11T12:26:38+00:00","dateModified":"2020-05-13T02:29:18+00:00","breadcrumb":{"@id":"https:\/\/phukienflytech.vn\/en\/san-pham\/mavic-pro-platinum-blades-reduce-noise-genuine-dji.html#breadcrumb"},"inLanguage":"en-US","potentialAction":[{"@type":"ReadAction","target":["https:\/\/phukienflytech.vn\/en\/san-pham\/mavic-pro-platinum-blades-reduce-noise-genuine-dji.html"]}]},{"@type":"ImageObject","inLanguage":"en-US","@id":"https:\/\/phukienflytech.vn\/en\/san-pham\/mavic-pro-platinum-blades-reduce-noise-genuine-dji.html#primaryimage","url":"https:\/\/phukienflytech.vn\/wp-content\/uploads\/2020\/05\/Canh-Mavic-Pro-Platinum-giam-on-DJI_4.jpg","contentUrl":"https:\/\/phukienflytech.vn\/wp-content\/uploads\/2020\/05\/Canh-Mavic-Pro-Platinum-giam-on-DJI_4.jpg","width":500,"height":403},{"@type":"BreadcrumbList","@id":"https:\/\/phukienflytech.vn\/en\/san-pham\/mavic-pro-platinum-blades-reduce-noise-genuine-dji.html#breadcrumb","itemListElement":[{"@type":"ListItem","position":1,"name":"Home","item":"https:\/\/phukienflytech.vn\/en"},{"@type":"ListItem","position":2,"name":"Ph\u1ee5 ki\u1ec7n Mavic Pro","item":"https:\/\/phukienflytech.vn\/en\/phu-kien-mavic-pro.html"},{"@type":"ListItem","position":3,"name":"Ch\u01b0a ph\u00e2n lo\u1ea1i","item":"https:\/\/phukienflytech.vn\/danh-muc\/chua-phan-loai.html"},{"@type":"ListItem","position":4,"name":"Mavic Pro (Platinum) blades reduce noise &#8211; Genuine DJI"}]},{"@type":"WebSite","@id":"https:\/\/phukienflytech.vn\/#website","url":"https:\/\/phukienflytech.vn\/","name":"Shop M\u00e1y \u1ea3nh - Action Camera - Gimbal - Flycam - Ph\u1ee5 ki\u1ec7n","description":"Shop M\u00e1y \u1ea3nh - Action Camera - Gimbal - Flycam - Ph\u1ee5 ki\u1ec7n","publisher":{"@id":"https:\/\/phukienflytech.vn\/#organization"},"potentialAction":[{"@type":"SearchAction","target":{"@type":"EntryPoint","urlTemplate":"https:\/\/phukienflytech.vn\/?s={search_term_string}"},"query-input":{"@type":"PropertyValueSpecification","valueRequired":true,"valueName":"search_term_string"}}],"inLanguage":"en-US"},{"@type":"Organization","@id":"https:\/\/phukienflytech.vn\/#organization","name":"DJI Store - Shop Drone, Action camera, Gimbal DJI |Phukienflytech","alternateName":"DJI Store - Shop Drone, Action camera, Gimbal DJI |Phukienflytech","url":"https:\/\/phukienflytech.vn\/","logo":{"@type":"ImageObject","inLanguage":"en-US","@id":"https:\/\/phukienflytech.vn\/#\/schema\/logo\/image\/","url":"https:\/\/phukienflytech.vn\/wp-content\/uploads\/2020\/05\/hAnh_nan.jpg1_.jpg","contentUrl":"https:\/\/phukienflytech.vn\/wp-content\/uploads\/2020\/05\/hAnh_nan.jpg1_.jpg","width":800,"height":450,"caption":"DJI Store - Shop Drone, Action camera, Gimbal DJI |Phukienflytech"},"image":{"@id":"https:\/\/phukienflytech.vn\/#\/schema\/logo\/image\/"},"sameAs":["https:\/\/facebook.com\/phukienflycam","https:\/\/www.youtube.com\/@phukienflytech","https:\/\/www.tiktok.com\/@flytech.channel?fbclid=IwY2xjawGjg7BleHRuA2FlbQIxMAABHYVGmlXpuSMs0UB2zTpYvyT4GMVfN2qJa4urF4vkSQ6FAVBwXZtDP30qQA_aem_UwMiDcUvlEbd2tXAmsc8Og"]}]}},"_links":{"self":[{"href":"https:\/\/phukienflytech.vn\/en\/wp-json\/wp\/v2\/product\/1013","targetHints":{"allow":["GET"]}}],"collection":[{"href":"https:\/\/phukienflytech.vn\/en\/wp-json\/wp\/v2\/product"}],"about":[{"href":"https:\/\/phukienflytech.vn\/en\/wp-json\/wp\/v2\/types\/product"}],"replies":[{"embeddable":true,"href":"https:\/\/phukienflytech.vn\/en\/wp-json\/wp\/v2\/comments?post=1013"}],"wp:featuredmedia":[{"embeddable":true,"href":"https:\/\/phukienflytech.vn\/en\/wp-json\/wp\/v2\/media\/847"}],"wp:attachment":[{"href":"https:\/\/phukienflytech.vn\/en\/wp-json\/wp\/v2\/media?parent=1013"}],"wp:term":[{"taxonomy":"product_brand","embeddable":true,"href":"https:\/\/phukienflytech.vn\/en\/wp-json\/wp\/v2\/product_brand?post=1013"},{"taxonomy":"product_cat","embeddable":true,"href":"https:\/\/phukienflytech.vn\/en\/wp-json\/wp\/v2\/product_cat?post=1013"},{"taxonomy":"product_tag","embeddable":true,"href":"https:\/\/phukienflytech.vn\/en\/wp-json\/wp\/v2\/product_tag?post=1013"}],"curies":[{"name":"wp","href":"https:\/\/api.w.org\/{rel}","templated":true}]}}