{"id":1020,"date":"2020-05-11T19:48:05","date_gmt":"2020-05-11T12:48:05","guid":{"rendered":"http:\/\/27430.lamdx.vinawebsite.vn\/san-pham\/pin-mavic-2-genuine-dji.html"},"modified":"2020-05-13T09:19:13","modified_gmt":"2020-05-13T02:19:13","slug":"pin-mavic-2-genuine-dji","status":"publish","type":"product","link":"https:\/\/phukienflytech.vn\/en\/san-pham\/pin-mavic-2-genuine-dji.html","title":{"rendered":"PIN MAVIC 2 genuine DJI"},"content":{"rendered":"<h1><strong>PIN MAVIC 2 ch\u00ednh h\u00e3ng DJI<\/strong><\/h1>\n[c\u1eadp nh\u1eadt n\u0103m 2020]\n<p><strong>Mavic 2\u00a0<\/strong>\u0111\u00e3 \u0111\u01b0\u1ee3c ra m\u1eaft t\u1eeb th\u00e1ng 8 n\u0103m 2018 g\u1ed3m 2 model v\u1edbi t\u00ean g\u1ecdi l\u00e0 Mavic 2 zoom v\u00e0 Mavic 2 pro, b\u1ed9 \u0111\u00f4i flycam n\u00e0y c\u00f3 \u0111\u1eb7c \u0111i\u1ec3m kh\u00e1c nhau n\u1eb1m \u1edf c\u1ee5m camera gimbal v\u1edbi nh\u1eefng thu\u1ed9c t\u00ednh v\u00e0 t\u00ednh n\u0103ng kh\u00e1c nhau. C\u0169ng t\u1eeb v\u1ea5n \u0111\u1ec1 t\u00ean g\u1ecdi kh\u00e1c nhau, \u0111\u00e3 c\u00f3 r\u1ea5t nhi\u1ec1u ng\u01b0\u1eddi trong ch\u00fang ta l\u1ea7n \u0111\u1ea7u ti\u1ebfp x\u00fac \u0111\u00e3 t\u1ef1 h\u1ecfi li\u1ec7u\u00a0<strong>Pin c\u1ee7a Mavic 2 pro c\u00f3 d\u00f9ng \u0111\u01b0\u1ee3c cho mavic 2 zoom hay kh\u00f4ng?<\/strong><\/p>\n<p>\u0110\u1ec3 c\u00f3 \u0111\u01b0\u1ee3c c\u00e2u tr\u1ea3 l\u1eddi ch\u1eafc ch\u1eafn nh\u1ea5t, h\u00e3y c\u00f9ng ch\u00fang t\u00f4i t\u00ecm hi\u1ec3u v\u00e0 ph\u00e2n t\u00edch c\u00e1c th\u00f4ng s\u1ed1 ngay d\u01b0\u1edbi \u0111\u00e2y v\u1ec1 s\u1ea3n ph\u1ea9m Pin Mavic 2 nh\u00e9.<\/p>\n<p><img loading=\"lazy\" decoding=\"async\" class=\"aligncenter\" src=\"https:\/\/phukienflytech.vn\/wp-content\/uploads\/2020\/05\/pin-mavic-2-chinh-hang-dji-673.jpg\" alt=\"\" width=\"457\" height=\"255\" \/><\/p>\n<h2><strong>Th\u00f4ng s\u1ed1 pin Mavic 2<\/strong><\/h2>\n<ul>\n<li>Pin th\u00f4ng minh c\u00f3 kh\u1ea3 n\u0103ng t\u1ef1 x\u1ea3<\/li>\n<li>Dung l\u01b0\u1ee3ng pin Mavic 2 Pro: 3850 mhA<\/li>\n<li>Pin g\u1ed3m 4 cells<\/li>\n<li>\u0110i\u1ec7n \u00e1p pin Mavic 2 Pro: 15.4V<\/li>\n<li>Th\u1eddi gian bay Mavic 2 Pro: 31 ph\u00fat ( l\u00fd thuy\u1ebft )<\/li>\n<li>Th\u1eddi gian bay kh\u1ea3 d\u1ee5ng (20%) : 27 ph\u00fat<\/li>\n<li>D\u00f2ng s\u1ea3n ph\u1ea9m ph\u00f9 h\u1ee3p: Mavic 2 pro, Mavic 2 zoom<\/li>\n<li>Ho\u1ea1t \u0111\u1ed9ng b\u00ecnh th\u01b0\u1eddng khi: nhi\u1ec7t \u0111\u1ed9 t\u1eeb 0-40 \u0111\u1ed9 C<\/li>\n<li>H\u00e3ng : DJI<\/li>\n<\/ul>\n<p>&nbsp;<\/p>\n<p>&nbsp;<\/p>\n<p><img loading=\"lazy\" decoding=\"async\" class=\"aligncenter\" src=\"https:\/\/phukienflytech.vn\/wp-content\/uploads\/2020\/05\/pin-mavic-2-chinh-hang-dji-673-1.jpg\" alt=\"\" width=\"450\" height=\"450\" \/><\/p>\n<p>Nh\u01b0 v\u1eady l\u00e0 ch\u00fang ta \u0111\u00e3 c\u00f3 c\u00e2u tr\u1ea3 l\u1eddi v\u00e0\u00a0<strong>c\u00f3 th\u1ec3 kh\u1eb3ng \u0111\u1ecbnh<\/strong>\u00a0Pin Mavic 2 l\u00e0 d\u00f9ng \u0111\u01b0\u1ee3c c\u1ea3 cho b\u1ed9 \u0111\u00f4i mavic 2 zoom v\u00e0 mavic 2 pro.<\/p>\n<p>Nh\u01b0\u00a0v\u1eady,\u00a0Mavic 2 hi\u1ec7n nay \u0111ang l\u00e0 chi\u1ebfc flycam d\u00e2n d\u1ee5ng c\u00f3 th\u1eddi gian bay l\u00e2u nh\u1ea5t c\u1ee7a DJI c\u0169ng nh\u01b0 flycam t\u1eeb c\u00e1c h\u00e3ng kh\u00e1c, vi\u1ec7c\u00a0<strong>Pin Mavic 2<\/strong>\u00a0\u0111\u01b0\u1ee3c c\u1ea3i thi\u1ec7n th\u00eam 1 cell (kho\u1ea3ng 1200mah) so v\u1edbi Mavic pro tr\u01b0\u1edbc \u0111\u00f3 l\u00e0 m\u1ed9t \u0111i\u1ec3m c\u1ed9ng r\u1ea5t l\u1edbn ngo\u00e0i ch\u1ea5t l\u01b0\u1ee3ng h\u00ecnh \u1ea3nh camera v\u00e0 c\u1ea5u tr\u00fac gimbal ch\u1ed1ng rung.<\/p>\n<p>&nbsp;<\/p>\n<h2><strong>T\u1ea1i sao Pin Mavic 2 \u0111\u01b0\u1ee3c mua v\u00e0 s\u1eed d\u1ee5ng nhi\u1ec1u h\u01a1n?<\/strong><\/h2>\n<p>\u0110\u1ec3 tr\u1ea3 l\u1eddi cho c\u00e2u h\u1ecfi chung, ch\u00fang ta h\u00e3y c\u00f9ng x\u00e9t v\u1ec1 y\u1ebfu t\u1ed1 c\u00e1c t\u00ednh n\u0103ng \u0111\u01b0\u1ee3c c\u1ea3i ti\u1ebfn m\u1ea1nh m\u1ebd tr\u00ean b\u1ed9 \u0111\u00f4i Mavic 2 n\u00e0y nh\u00e9.<\/p>\n<p>T\u00ednh n\u0103ng ch\u1ee5p \u1ea3nh, quay phim m\u1edbi ho\u00e0n to\u00e0n l\u00e0m b\u1ea1n th\u00edch th\u00fa khi kh\u00e1m ph\u00e1 c\u00f9ng v\u1edbi nh\u1eefng tr\u1ea3i nghi\u1ec7m v\u1ec1 g\u00f3c nh\u00ecn ho\u00e0n to\u00e0n m\u1edbi l\u1ea1 t\u1eeb tr\u00ean cao m\u00e0 ch\u1eafc ch\u1eafn nh\u1eefng ng\u01b0\u1eddi \u0111\u00e0n anh ch\u01b0a t\u1eebng xu\u1ea5t hi\u1ec7n\u00a0nh\u01b0\u00a0<strong>Hyperlapse<\/strong>,\u00a0<strong>Dolly Zoom<\/strong>\u00a0\u1edf Mavic 2 Zoom,\u2026.<\/p>\n<p><img loading=\"lazy\" decoding=\"async\" class=\"aligncenter\" src=\"https:\/\/phukienflytech.vn\/wp-content\/uploads\/2020\/05\/pin-mavic-2-chinh-hang-dji-673-2.jpg\" alt=\"\" width=\"450\" height=\"311\" \/><\/p>\n<h3><\/h3>\n<h3>Hyperlapse tr\u00ean Mavic 2 pro<\/h3>\n<p>V\u00e0 c\u0169ng v\u00ec nh\u1eefng t\u00ednh n\u0103ng m\u1edbi l\u1ea1 n\u00e0y, b\u1ea1n tr\u1edf n\u00ean c\u1ea7n\u00a0<strong>pin Mavic 2<\/strong>\u00a0d\u1ef1 ph\u00f2ng h\u01a1n bao gi\u1edd h\u1ebft. Hyperlapse l\u00e0 t\u00ednh n\u0103ng gi\u00fap b\u1ea1n ch\u1ee5p h\u00e0ng lo\u1ea1t nh\u1eefng b\u1ee9c \u1ea3nh v\u00e0 gh\u00e9p ch\u00fang l\u1ea1i th\u00e0nh 1 th\u01b0\u1edbc phim Hyperlapse \u201cNg\u00e0y v\u00e0 \u0111\u00eam\u201d tuy\u1ec7t \u0111\u1eb9p.<\/p>\n<p>\u0110\u1ec3 c\u00f3 \u0111\u01b0\u1ee3c 1 s\u1ea3n ph\u1ea9m hyperlapse th\u1eddi l\u01b0\u1ee3ng 2-3 ph\u00fat tr\u00ean cao t\u1eeb Mavic 2, b\u1ea1n r\u1ea5t c\u00f3 th\u1ec3 s\u1ebd ph\u1ea3i s\u1eed d\u1ee5ng t\u1edbi 3 vi\u00ean pin m\u1ed9t l\u00fac, nh\u01b0ng ch\u1eafc ch\u1eafn s\u1ea3n ph\u1ea9m b\u1ea1n thu v\u1ec1 s\u1ebd m\u1ef9 m\u00e3n \u0111\u1ebfn b\u1ea5t ng\u1edd m\u1eb7c d\u00f9 ngay c\u1ea3 khi b\u1ea1n ch\u01b0a t\u1eebng c\u00f3 kinh nghi\u1ec7p v\u1ec1 k\u1ef9 n\u0103ng quay Hyperlapse.<\/p>\n<p><img loading=\"lazy\" decoding=\"async\" class=\"aligncenter\" src=\"https:\/\/phukienflytech.vn\/wp-content\/uploads\/2020\/05\/pin-mavic-2-chinh-hang-dji-673-3.jpg\" alt=\"\" width=\"500\" height=\"333\" \/><\/p>\n<p>&nbsp;<\/p>\n<h3>Dolly Zoom tr\u00ean Mavic 2 zoom<\/h3>\n<p><strong>Dolly Zoom<\/strong>\u00a0l\u00e0 t\u00ednh n\u0103ng gi\u00fap ch\u1ee7 nh\u00e2n c\u1ee7a chi\u1ebfc Mavic 2 Zoom b\u00f3p m\u00e9o nh\u1eadn th\u1ee9c th\u1ecb gi\u00e1c th\u00f4ng th\u01b0\u1eddng \u0111\u1ec3 t\u1ea1o ra hi\u1ec7u \u1ee9ng ch\u1ec9 xu\u1ea5t hi\u1ec7n trong phim Hollywood. Nh\u1eefng t\u00ednh n\u0103ng n\u00e0y \u0111\u1ec1u s\u1ebd ti\u00eau t\u1ed1n r\u1ea5t nhi\u1ec1u n\u0103ng l\u01b0\u1ee3ng c\u1ee7a b\u1ea1n v\u00e0 c\u1ea3 chi\u1ebfc Mavic 2 c\u1ee7a b\u1ea1n \u0111\u1ec3 th\u1ef1c hi\u1ec7n.<\/p>\n<p>B\u1ea1n s\u1ebd ph\u1ea3i th\u1ed1t l\u00ean v\u1ec1 t\u00ednh n\u0103ng n\u00e0y khi tr\u1ea3i nghi\u1ec7m n\u00f3, &#8220;tr\u1eddi \u01a1i&#8221;, sao n\u00f3 l\u1ea1i vi di\u1ec7u \u0111\u1ebfn v\u1eady? Tin t\u00f4i \u0111i,\u00a0<strong>b\u1ea1n s\u1ebd m\u00ea m\u1ec7t t\u00ednh n\u0103ng n\u00e0y<\/strong>\u00a0tr\u00ean Mavic 2 zoom, v\u00e0 c\u0169ng nh\u01b0 Hyperlapse c\u1ee7a mavic 2 pro, th\u00ec t\u00ednh n\u0103ng Dolly zoome tr\u00ean mavic 2 zoom s\u1ebd l\u00e0m cho b\u1ea1n ng\u00fan 1 l\u01b0\u1ee3ng pin kh\u00f4ng h\u1ec1 nh\u1ecf \u0111\u1ec3 c\u00f3 \u0111\u01b0\u1ee3c m\u1ed9t v\u00e0i ph\u00e2n \u0111o\u1ea1n video ng\u1eafn tuy\u1ec7t v\u1eddi.<\/p>\n<p>Ch\u00ednh v\u00ec v\u1eady, Pin Mavic 2 l\u00fac n\u00e0y l\u1ea1i \u0111\u01b0\u1ee3c nh\u1eafc \u0111\u1ebfn nh\u01b0 l\u00e0 m\u1ed9t v\u1ecb c\u1ee9u tinh trong c\u00e1c t\u00ecnh th\u1ebf &#8220;kh\u00f3 kh\u0103n&#8221; nh\u01b0 n\u00e0y.<\/p>\n<p><img loading=\"lazy\" decoding=\"async\" class=\"aligncenter\" src=\"https:\/\/phukienflytech.vn\/wp-content\/uploads\/2020\/05\/pin-mavic-2-chinh-hang-dji-673-4.jpg\" alt=\"\" width=\"500\" height=\"281\" \/><\/p>\n<p>C\u00f2n m\u1ed9t l\u00fd do kh\u00e1c n\u1eefa khi\u1ebfn b\u1ea1n ph\u1ea3i suy ngh\u0129 \u0111\u1ebfn vi\u1ec7c\u00a0<strong>mua pin Mavic 2<\/strong>. C\u00e1c b\u1ea1n mua flycam v\u1ec1 kh\u00f4ng ch\u1ec9 \u0111\u1ec3 bay l\u00f2ng v\u00f2ng quanh nh\u00e0 \u0111\u00fang kh\u00f4ng n\u00e0o?. C\u00e1c b\u1ea1n \u0111\u1ec1u mu\u1ed1n \u0111\u01b0\u1ee3c du l\u1ecbch tr\u1ea3i nghi\u1ec7m, mu\u1ed1n ghi l\u1ea1i nh\u1eefng kho\u1ea3nh kh\u1eafc \u0111\u00f3. Nh\u01b0ng m\u1edbi quay \u0111\u01b0\u1ee3c 31 ph\u00fat, ch\u01b0a \u0111\u01b0\u1ee3c bao nhi\u00eau c\u1ea3nh th\u00ec ph\u1ea3i ngh\u1ec9 \u0111\u1ec3 s\u1ea1c pin ti\u1ebfp. \u0110i\u1ec1u n\u00e0y s\u1ebd khi\u1ebfn b\u1ea1n v\u00f4 c\u00f9ng kh\u00f3 ch\u1ecbu. Ch\u01b0a k\u1ec3 \u0111\u1ebfn vi\u1ec7c,\u00a0<strong>pin Mavic 2\u00a0<\/strong>theo l\u00fd thuy\u1ebft c\u00f3 th\u1ec3 bay 31 ph\u00fat, nh\u01b0ng tr\u00ean th\u1ef1c t\u1ebf, b\u1ea1n ch\u1ec9 n\u00ean bay trong v\u00f2ng 27 ph\u00fat ho\u1eb7c m\u1ee9c pin b\u00e1o c\u00f2n 20-30% pin l\u00e0 h\u1ea1 c\u00e1nh. B\u1ea1n ch\u1eafc ch\u1eafn kh\u00f4ng mu\u1ed1n m\u00ecnh r\u01a1i v\u00e0o ho\u00e0n c\u1ea3nh n\u00e0y \u0111\u00fang kh\u00f4ng?<\/p>\n<p>B\u00e2y gi\u1edd, b\u1ea1n th\u1ea5y vi\u1ec7c\u00a0<strong>mua pin Mavic 2<\/strong>\u00a0l\u00e0 c\u1ea7n thi\u1ebft r\u1ed3i ch\u1ee9?<\/p>\n<h2><strong>MUA PIN MAVIC 2 CH\u00cdNH H\u00c3NG GI\u00c1 T\u1ed0T<\/strong><\/h2>\n<ul>\n<li>Th\u1eddi gian b\u1ea3o h\u00e0nh: 6 th\u00e1ng<\/li>\n<li>Th\u1eddi gian \u0111\u1ed5i l\u1ed7i : 1 tu\u1ea7n<\/li>\n<\/ul>\n<p>Nh\u01b0ng\u00a0<strong>mua pin Mavic 2 \u1edf \u0111\u00e2u gi\u00e1 r\u1ebb<\/strong>?. Tr\u00ean th\u1ecb tr\u01b0\u1eddng c\u00f3 r\u1ea5t nhi\u1ec1u m\u1ee9c gi\u00e1 pin Mavic 2 kh\u00e1c nhau m\u00e0 b\u1ea1n s\u1ebd d\u1ec5 d\u00e0ng t\u00ecm th\u1ea5y \u0111\u01b0\u1ee3c.<\/p>\n<p>(S\u1ef1 ch\u00eanh l\u1ec7ch n\u00e0y l\u00e0 do m\u1ee9c gi\u00e1 c\u1ee7a c\u00e1c shop kh\u00f4ng nh\u1ea5t qu\u00e1n, c\u00f3 pin Mavic 2 m\u1edbi v\u00e0 c\u00f3 pin Mavic 2 c\u0169. Tuy nhi\u00ean l\u1eddi khuy\u00ean ch\u00e2n th\u00e0nh l\u00e0 b\u1ea1n n\u00ean mua pin Mavic 2 m\u1edbi ho\u1eb7c \u00edt nh\u1ea5t l\u00e0 like new)<\/p>\n<p><img loading=\"lazy\" decoding=\"async\" class=\"aligncenter\" src=\"https:\/\/phukienflytech.vn\/wp-content\/uploads\/2020\/05\/pin-mavic-2-chinh-hang-dji-673-5.jpg\" alt=\"\" width=\"450\" height=\"450\" \/><\/p>\n<p>\u0110i\u1ec1u n\u00e0y l\u00e0m cho c\u00e1c b\u1ea1n r\u1ea5t kh\u00f3 c\u00f3 th\u1ec3 bi\u1ebft \u0111\u00e2u l\u00e0 \u0111\u01a1n v\u1ecb b\u00e1n pin Mavic 2 ch\u00ednh h\u00e3ng gi\u00e1 t\u1ed1t v\u00e0 uy t\u00edn. Ch\u00fang t\u00f4i, Phukienflytech ch\u00ednh l\u00e0 n\u01a1i c\u00f3 th\u1ec3 gi\u1ea3i quy\u1ebft nhanh nh\u1ea5t m\u1ecdi th\u1eafc m\u1eafc c\u1ee7a b\u1ea1n v\u1ec1 ph\u1ee5 ki\u1ec7n flycam ch\u00ednh h\u00e3ng. M\u1ee9c\u00a0<strong>gi\u00e1 pin Mavic 2\u00a0<\/strong>ch\u00fang t\u00f4i c\u00f3 th\u1ec3 gi\u00fap c\u00e1c b\u1ea1n mua l\u00e0\u00a0<strong>2.890.000 VND<\/strong>\u00a0v\u00e0 c\u00f3 th\u1ec3 kh\u1eb3ng \u0111\u1ecbnh l\u00e0 r\u1ebb nh\u1ea5t th\u1ecb tr\u01b0\u1eddng hi\u1ec7n nay.<\/p>\n<p><img loading=\"lazy\" decoding=\"async\" class=\"aligncenter\" src=\"https:\/\/phukienflytech.vn\/wp-content\/uploads\/2020\/05\/pin-mavic-2-chinh-hang-dji-673-6.jpg\" alt=\"\" width=\"450\" height=\"300\" \/><\/p>\n<p>Ch\u00fang t\u00f4i c\u00f3 c\u00e1c ch\u00ednh s\u00e1ch v\u1ec1 b\u1ea3o h\u00e0nh c\u00e1c\u00a0<strong>ph\u1ee5 ki\u1ec7n flycam<\/strong>\u00a0n\u00f3i chung v\u00e0 pin Mavic 2\u00a0n\u00f3i ri\u00eang. B\u1ea1n c\u00f3 th\u1ec3 xem c\u00e1c ch\u00ednh s\u00e1ch b\u1ea3o h\u00e0nh tr\u00ean trang web c\u1ee7a ch\u00fang t\u00f4i ho\u1eb7c g\u1ecdi tr\u1ef1c ti\u1ebfp hotline \u0111\u1ec3 \u0111\u01b0\u1ee3c t\u01b0 v\u1ea5n. B\u1ea1n h\u00e3y y\u00ean t\u00e2m khi\u00a0<strong>mua pin Mavic 2<\/strong>\u00a0\u1edf \u0111\u01a1n v\u1ecb ch\u00fang t\u00f4i nh\u00e9.<\/p>\n<p><img loading=\"lazy\" decoding=\"async\" class=\"aligncenter\" src=\"https:\/\/phukienflytech.vn\/wp-content\/uploads\/2020\/05\/pin-mavic-2-chinh-hang-dji-673-7.jpg\" alt=\"\" width=\"450\" height=\"300\" \/><\/p>\n<p>Gi\u1edd \u0111\u00e2y vi\u1ec7c\u00a0<strong>mua pin Mavic 2 gi\u00e1 r\u1ebb<\/strong>\u00a0v\u00e0\u00a0<strong>\u1edf \u0111\u00e2u b\u00e1n pin Mavic 2\u00a0<\/strong>\u0111\u00e3 kh\u00f4ng c\u00f2n l\u00e0 c\u00e2u h\u1ecfi kh\u00f3 \u0111\u1ed1i v\u1edbi b\u1ea1n n\u1eefa. H\u00e3y tr\u1edf th\u00e0nh kh\u00e1ch h\u00e0ng c\u1ee7a ch\u00fang t\u00f4i \u0111\u1ec3 nh\u1eadn \u0111\u01b0\u1ee3c c\u00e1c \u01b0u \u0111\u00e3i, tham gia ch\u01b0\u01a1ng tr\u00ecnh tr\u1edf th\u00e0nh vip member v\u1edbi s\u1ef1 ch\u0103m s\u00f3c \u0111\u1eb7c bi\u1ec7t,\u2026. C\u0169ng l\u00e0\u00a0<strong>mua pin Mavic 2<\/strong>, t\u1ea1i sao kh\u00f4ng\u00a0<strong>mua pin Mavic 2 gi\u00e1 r\u1ebb v\u00e0 ch\u1ea5t l\u01b0\u1ee3ng<\/strong>\u00a0t\u01b0\u01a1ng t\u1ef1?.<\/p>\n<p>&nbsp;<\/p>\n<p>L\u00e0m sao \u0111\u1ec3 Pin c\u00f3 th\u1ec3 d\u00f9ng \u0111\u01b0\u1ee3c t\u1edbi 200 l\u1ea7n?<\/p>\n<p><strong>H\u00e3y xem ngay b\u00e0i<\/strong>:\u00a0<strong>H\u01b0\u1edbng d\u1eabn s\u1eed d\u1ee5ng Pin Mavic 2 \u0111\u00fang c\u00e1ch<\/strong><\/p>\n<p><em><strong>H\u00e3y \u0111\u1ecdc th\u00eam:\u00a0C\u00f3 n\u00ean s\u1eeda Pin Mavic 2 hay kh\u00f4ng?<\/strong><\/em><\/p>\n","protected":false},"excerpt":{"rendered":"<p>Pin Mavic 2 ch\u00ednh h\u00e3ng c\u1eadp nh\u1eadt n\u0103m 2020 l\u00e0 pin th\u00f4ng minh d\u00e0nh cho Mavic 2 zoom v\u00e0 pro, b\u1ea3o h\u00e0nh 6 th\u00e1ng, ship cod to\u00e0n qu\u1ed1c. Ch\u00ednh h\u00e3ng gi\u00e1 r\u1ebb.<\/p>\n","protected":false},"featured_media":896,"comment_status":"open","ping_status":"closed","template":"","meta":{"_acf_changed":false},"product_brand":[],"product_cat":[791],"product_tag":[],"class_list":{"0":"post-1020","1":"product","2":"type-product","3":"status-publish","4":"has-post-thumbnail","6":"product_cat-chua-phan-loai","8":"first","9":"instock","10":"sale","11":"shipping-taxable","12":"purchasable","13":"product-type-simple"},"acf":[],"yoast_head":"<!-- This site is optimized with the Yoast SEO plugin v25.7 - https:\/\/yoast.com\/wordpress\/plugins\/seo\/ -->\n<title>PIN MAVIC 2 genuine DJI - Shop M\u00e1y \u1ea3nh - Action Camera - Gimbal - Flycam - Ph\u1ee5 ki\u1ec7n<\/title>\n<meta name=\"robots\" content=\"index, follow, max-snippet:-1, max-image-preview:large, max-video-preview:-1\" \/>\n<link rel=\"canonical\" href=\"https:\/\/phukienflytech.vn\/en\/san-pham\/pin-mavic-2-genuine-dji.html\" \/>\n<meta property=\"og:locale\" content=\"en_US\" \/>\n<meta property=\"og:type\" content=\"article\" \/>\n<meta property=\"og:title\" content=\"PIN MAVIC 2 genuine DJI - Shop M\u00e1y \u1ea3nh - Action Camera - Gimbal - Flycam - Ph\u1ee5 ki\u1ec7n\" \/>\n<meta property=\"og:description\" content=\"Pin Mavic 2 ch\u00ednh h\u00e3ng c\u1eadp nh\u1eadt n\u0103m 2020 l\u00e0 pin th\u00f4ng minh d\u00e0nh cho Mavic 2 zoom v\u00e0 pro, b\u1ea3o h\u00e0nh 6 th\u00e1ng, ship cod to\u00e0n qu\u1ed1c. Ch\u00ednh h\u00e3ng gi\u00e1 r\u1ebb.\" \/>\n<meta property=\"og:url\" content=\"https:\/\/phukienflytech.vn\/en\/san-pham\/pin-mavic-2-genuine-dji.html\" \/>\n<meta property=\"og:site_name\" content=\"Shop M\u00e1y \u1ea3nh - Action Camera - Gimbal - Flycam - Ph\u1ee5 ki\u1ec7n\" \/>\n<meta property=\"article:publisher\" content=\"https:\/\/facebook.com\/phukienflycam\" \/>\n<meta property=\"article:modified_time\" content=\"2020-05-13T02:19:13+00:00\" \/>\n<meta property=\"og:image\" content=\"https:\/\/phukienflytech.vn\/wp-content\/uploads\/2020\/05\/pin-mavic-2-zoom-pro-chinh-hang-dji_-_Copy.jpg\" \/>\n\t<meta property=\"og:image:width\" content=\"500\" \/>\n\t<meta property=\"og:image:height\" content=\"500\" \/>\n\t<meta property=\"og:image:type\" content=\"image\/jpeg\" \/>\n<meta name=\"twitter:card\" content=\"summary_large_image\" \/>\n<meta name=\"twitter:label1\" content=\"Est. reading time\" \/>\n\t<meta name=\"twitter:data1\" content=\"8 minutes\" \/>\n<script type=\"application\/ld+json\" class=\"yoast-schema-graph\">{\"@context\":\"https:\/\/schema.org\",\"@graph\":[{\"@type\":\"WebPage\",\"@id\":\"https:\/\/phukienflytech.vn\/en\/san-pham\/pin-mavic-2-genuine-dji.html\",\"url\":\"https:\/\/phukienflytech.vn\/en\/san-pham\/pin-mavic-2-genuine-dji.html\",\"name\":\"PIN MAVIC 2 genuine DJI - Shop M\u00e1y \u1ea3nh - Action Camera - Gimbal - Flycam - Ph\u1ee5 ki\u1ec7n\",\"isPartOf\":{\"@id\":\"https:\/\/phukienflytech.vn\/#website\"},\"primaryImageOfPage\":{\"@id\":\"https:\/\/phukienflytech.vn\/en\/san-pham\/pin-mavic-2-genuine-dji.html#primaryimage\"},\"image\":{\"@id\":\"https:\/\/phukienflytech.vn\/en\/san-pham\/pin-mavic-2-genuine-dji.html#primaryimage\"},\"thumbnailUrl\":\"https:\/\/phukienflytech.vn\/wp-content\/uploads\/2020\/05\/pin-mavic-2-zoom-pro-chinh-hang-dji_-_Copy.jpg\",\"datePublished\":\"2020-05-11T12:48:05+00:00\",\"dateModified\":\"2020-05-13T02:19:13+00:00\",\"breadcrumb\":{\"@id\":\"https:\/\/phukienflytech.vn\/en\/san-pham\/pin-mavic-2-genuine-dji.html#breadcrumb\"},\"inLanguage\":\"en-US\",\"potentialAction\":[{\"@type\":\"ReadAction\",\"target\":[\"https:\/\/phukienflytech.vn\/en\/san-pham\/pin-mavic-2-genuine-dji.html\"]}]},{\"@type\":\"ImageObject\",\"inLanguage\":\"en-US\",\"@id\":\"https:\/\/phukienflytech.vn\/en\/san-pham\/pin-mavic-2-genuine-dji.html#primaryimage\",\"url\":\"https:\/\/phukienflytech.vn\/wp-content\/uploads\/2020\/05\/pin-mavic-2-zoom-pro-chinh-hang-dji_-_Copy.jpg\",\"contentUrl\":\"https:\/\/phukienflytech.vn\/wp-content\/uploads\/2020\/05\/pin-mavic-2-zoom-pro-chinh-hang-dji_-_Copy.jpg\",\"width\":500,\"height\":500},{\"@type\":\"BreadcrumbList\",\"@id\":\"https:\/\/phukienflytech.vn\/en\/san-pham\/pin-mavic-2-genuine-dji.html#breadcrumb\",\"itemListElement\":[{\"@type\":\"ListItem\",\"position\":1,\"name\":\"Home\",\"item\":\"https:\/\/phukienflytech.vn\/en\"},{\"@type\":\"ListItem\",\"position\":2,\"name\":\"Ph\u1ee5 ki\u1ec7n Mavic Pro\",\"item\":\"https:\/\/phukienflytech.vn\/en\/phu-kien-mavic-pro.html\"},{\"@type\":\"ListItem\",\"position\":3,\"name\":\"Ch\u01b0a ph\u00e2n lo\u1ea1i\",\"item\":\"https:\/\/phukienflytech.vn\/danh-muc\/chua-phan-loai.html\"},{\"@type\":\"ListItem\",\"position\":4,\"name\":\"PIN MAVIC 2 genuine DJI\"}]},{\"@type\":\"WebSite\",\"@id\":\"https:\/\/phukienflytech.vn\/#website\",\"url\":\"https:\/\/phukienflytech.vn\/\",\"name\":\"Shop M\u00e1y \u1ea3nh - Action Camera - Gimbal - Flycam - Ph\u1ee5 ki\u1ec7n\",\"description\":\"Shop M\u00e1y \u1ea3nh - Action Camera - Gimbal - Flycam - Ph\u1ee5 ki\u1ec7n\",\"publisher\":{\"@id\":\"https:\/\/phukienflytech.vn\/#organization\"},\"potentialAction\":[{\"@type\":\"SearchAction\",\"target\":{\"@type\":\"EntryPoint\",\"urlTemplate\":\"https:\/\/phukienflytech.vn\/?s={search_term_string}\"},\"query-input\":{\"@type\":\"PropertyValueSpecification\",\"valueRequired\":true,\"valueName\":\"search_term_string\"}}],\"inLanguage\":\"en-US\"},{\"@type\":\"Organization\",\"@id\":\"https:\/\/phukienflytech.vn\/#organization\",\"name\":\"DJI Store - Shop Drone, Action camera, Gimbal DJI |Phukienflytech\",\"alternateName\":\"DJI Store - Shop Drone, Action camera, Gimbal DJI |Phukienflytech\",\"url\":\"https:\/\/phukienflytech.vn\/\",\"logo\":{\"@type\":\"ImageObject\",\"inLanguage\":\"en-US\",\"@id\":\"https:\/\/phukienflytech.vn\/#\/schema\/logo\/image\/\",\"url\":\"https:\/\/phukienflytech.vn\/wp-content\/uploads\/2020\/05\/hAnh_nan.jpg1_.jpg\",\"contentUrl\":\"https:\/\/phukienflytech.vn\/wp-content\/uploads\/2020\/05\/hAnh_nan.jpg1_.jpg\",\"width\":800,\"height\":450,\"caption\":\"DJI Store - Shop Drone, Action camera, Gimbal DJI |Phukienflytech\"},\"image\":{\"@id\":\"https:\/\/phukienflytech.vn\/#\/schema\/logo\/image\/\"},\"sameAs\":[\"https:\/\/facebook.com\/phukienflycam\",\"https:\/\/www.youtube.com\/@phukienflytech\",\"https:\/\/www.tiktok.com\/@flytech.channel?fbclid=IwY2xjawGjg7BleHRuA2FlbQIxMAABHYVGmlXpuSMs0UB2zTpYvyT4GMVfN2qJa4urF4vkSQ6FAVBwXZtDP30qQA_aem_UwMiDcUvlEbd2tXAmsc8Og\"]}]}<\/script>\n<!-- \/ Yoast SEO plugin. -->","yoast_head_json":{"title":"PIN MAVIC 2 genuine DJI - Shop M\u00e1y \u1ea3nh - Action Camera - Gimbal - Flycam - Ph\u1ee5 ki\u1ec7n","robots":{"index":"index","follow":"follow","max-snippet":"max-snippet:-1","max-image-preview":"max-image-preview:large","max-video-preview":"max-video-preview:-1"},"canonical":"https:\/\/phukienflytech.vn\/en\/san-pham\/pin-mavic-2-genuine-dji.html","og_locale":"en_US","og_type":"article","og_title":"PIN MAVIC 2 genuine DJI - Shop M\u00e1y \u1ea3nh - Action Camera - Gimbal - Flycam - Ph\u1ee5 ki\u1ec7n","og_description":"Pin Mavic 2 ch\u00ednh h\u00e3ng c\u1eadp nh\u1eadt n\u0103m 2020 l\u00e0 pin th\u00f4ng minh d\u00e0nh cho Mavic 2 zoom v\u00e0 pro, b\u1ea3o h\u00e0nh 6 th\u00e1ng, ship cod to\u00e0n qu\u1ed1c. Ch\u00ednh h\u00e3ng gi\u00e1 r\u1ebb.","og_url":"https:\/\/phukienflytech.vn\/en\/san-pham\/pin-mavic-2-genuine-dji.html","og_site_name":"Shop M\u00e1y \u1ea3nh - Action Camera - Gimbal - Flycam - Ph\u1ee5 ki\u1ec7n","article_publisher":"https:\/\/facebook.com\/phukienflycam","article_modified_time":"2020-05-13T02:19:13+00:00","og_image":[{"width":500,"height":500,"url":"https:\/\/phukienflytech.vn\/wp-content\/uploads\/2020\/05\/pin-mavic-2-zoom-pro-chinh-hang-dji_-_Copy.jpg","type":"image\/jpeg"}],"twitter_card":"summary_large_image","twitter_misc":{"Est. reading time":"8 minutes"},"schema":{"@context":"https:\/\/schema.org","@graph":[{"@type":"WebPage","@id":"https:\/\/phukienflytech.vn\/en\/san-pham\/pin-mavic-2-genuine-dji.html","url":"https:\/\/phukienflytech.vn\/en\/san-pham\/pin-mavic-2-genuine-dji.html","name":"PIN MAVIC 2 genuine DJI - Shop M\u00e1y \u1ea3nh - Action Camera - Gimbal - Flycam - Ph\u1ee5 ki\u1ec7n","isPartOf":{"@id":"https:\/\/phukienflytech.vn\/#website"},"primaryImageOfPage":{"@id":"https:\/\/phukienflytech.vn\/en\/san-pham\/pin-mavic-2-genuine-dji.html#primaryimage"},"image":{"@id":"https:\/\/phukienflytech.vn\/en\/san-pham\/pin-mavic-2-genuine-dji.html#primaryimage"},"thumbnailUrl":"https:\/\/phukienflytech.vn\/wp-content\/uploads\/2020\/05\/pin-mavic-2-zoom-pro-chinh-hang-dji_-_Copy.jpg","datePublished":"2020-05-11T12:48:05+00:00","dateModified":"2020-05-13T02:19:13+00:00","breadcrumb":{"@id":"https:\/\/phukienflytech.vn\/en\/san-pham\/pin-mavic-2-genuine-dji.html#breadcrumb"},"inLanguage":"en-US","potentialAction":[{"@type":"ReadAction","target":["https:\/\/phukienflytech.vn\/en\/san-pham\/pin-mavic-2-genuine-dji.html"]}]},{"@type":"ImageObject","inLanguage":"en-US","@id":"https:\/\/phukienflytech.vn\/en\/san-pham\/pin-mavic-2-genuine-dji.html#primaryimage","url":"https:\/\/phukienflytech.vn\/wp-content\/uploads\/2020\/05\/pin-mavic-2-zoom-pro-chinh-hang-dji_-_Copy.jpg","contentUrl":"https:\/\/phukienflytech.vn\/wp-content\/uploads\/2020\/05\/pin-mavic-2-zoom-pro-chinh-hang-dji_-_Copy.jpg","width":500,"height":500},{"@type":"BreadcrumbList","@id":"https:\/\/phukienflytech.vn\/en\/san-pham\/pin-mavic-2-genuine-dji.html#breadcrumb","itemListElement":[{"@type":"ListItem","position":1,"name":"Home","item":"https:\/\/phukienflytech.vn\/en"},{"@type":"ListItem","position":2,"name":"Ph\u1ee5 ki\u1ec7n Mavic Pro","item":"https:\/\/phukienflytech.vn\/en\/phu-kien-mavic-pro.html"},{"@type":"ListItem","position":3,"name":"Ch\u01b0a ph\u00e2n lo\u1ea1i","item":"https:\/\/phukienflytech.vn\/danh-muc\/chua-phan-loai.html"},{"@type":"ListItem","position":4,"name":"PIN MAVIC 2 genuine DJI"}]},{"@type":"WebSite","@id":"https:\/\/phukienflytech.vn\/#website","url":"https:\/\/phukienflytech.vn\/","name":"Shop M\u00e1y \u1ea3nh - Action Camera - Gimbal - Flycam - Ph\u1ee5 ki\u1ec7n","description":"Shop M\u00e1y \u1ea3nh - Action Camera - Gimbal - Flycam - Ph\u1ee5 ki\u1ec7n","publisher":{"@id":"https:\/\/phukienflytech.vn\/#organization"},"potentialAction":[{"@type":"SearchAction","target":{"@type":"EntryPoint","urlTemplate":"https:\/\/phukienflytech.vn\/?s={search_term_string}"},"query-input":{"@type":"PropertyValueSpecification","valueRequired":true,"valueName":"search_term_string"}}],"inLanguage":"en-US"},{"@type":"Organization","@id":"https:\/\/phukienflytech.vn\/#organization","name":"DJI Store - Shop Drone, Action camera, Gimbal DJI |Phukienflytech","alternateName":"DJI Store - Shop Drone, Action camera, Gimbal DJI |Phukienflytech","url":"https:\/\/phukienflytech.vn\/","logo":{"@type":"ImageObject","inLanguage":"en-US","@id":"https:\/\/phukienflytech.vn\/#\/schema\/logo\/image\/","url":"https:\/\/phukienflytech.vn\/wp-content\/uploads\/2020\/05\/hAnh_nan.jpg1_.jpg","contentUrl":"https:\/\/phukienflytech.vn\/wp-content\/uploads\/2020\/05\/hAnh_nan.jpg1_.jpg","width":800,"height":450,"caption":"DJI Store - Shop Drone, Action camera, Gimbal DJI |Phukienflytech"},"image":{"@id":"https:\/\/phukienflytech.vn\/#\/schema\/logo\/image\/"},"sameAs":["https:\/\/facebook.com\/phukienflycam","https:\/\/www.youtube.com\/@phukienflytech","https:\/\/www.tiktok.com\/@flytech.channel?fbclid=IwY2xjawGjg7BleHRuA2FlbQIxMAABHYVGmlXpuSMs0UB2zTpYvyT4GMVfN2qJa4urF4vkSQ6FAVBwXZtDP30qQA_aem_UwMiDcUvlEbd2tXAmsc8Og"]}]}},"_links":{"self":[{"href":"https:\/\/phukienflytech.vn\/en\/wp-json\/wp\/v2\/product\/1020","targetHints":{"allow":["GET"]}}],"collection":[{"href":"https:\/\/phukienflytech.vn\/en\/wp-json\/wp\/v2\/product"}],"about":[{"href":"https:\/\/phukienflytech.vn\/en\/wp-json\/wp\/v2\/types\/product"}],"replies":[{"embeddable":true,"href":"https:\/\/phukienflytech.vn\/en\/wp-json\/wp\/v2\/comments?post=1020"}],"wp:featuredmedia":[{"embeddable":true,"href":"https:\/\/phukienflytech.vn\/en\/wp-json\/wp\/v2\/media\/896"}],"wp:attachment":[{"href":"https:\/\/phukienflytech.vn\/en\/wp-json\/wp\/v2\/media?parent=1020"}],"wp:term":[{"taxonomy":"product_brand","embeddable":true,"href":"https:\/\/phukienflytech.vn\/en\/wp-json\/wp\/v2\/product_brand?post=1020"},{"taxonomy":"product_cat","embeddable":true,"href":"https:\/\/phukienflytech.vn\/en\/wp-json\/wp\/v2\/product_cat?post=1020"},{"taxonomy":"product_tag","embeddable":true,"href":"https:\/\/phukienflytech.vn\/en\/wp-json\/wp\/v2\/product_tag?post=1020"}],"curies":[{"name":"wp","href":"https:\/\/api.w.org\/{rel}","templated":true}]}}