{"id":1021,"date":"2020-05-11T19:50:13","date_gmt":"2020-05-11T12:50:13","guid":{"rendered":"http:\/\/27430.lamdx.vinawebsite.vn\/san-pham\/super-combo-for-dji-mavic-2-pro-accessories-pgytech.html"},"modified":"2020-05-13T09:18:47","modified_gmt":"2020-05-13T02:18:47","slug":"super-combo-for-dji-mavic-2-pro-accessories-pgytech","status":"publish","type":"product","link":"https:\/\/phukienflytech.vn\/en\/san-pham\/super-combo-for-dji-mavic-2-pro-accessories-pgytech.html","title":{"rendered":"Super Combo for DJI mavic 2 pro accessories &#8211; PGYTECH"},"content":{"rendered":"<h1><strong><em>Combo ph\u1ee5 ki\u1ec7n DJI mavic 2 pro \u2013 PGYTECH<\/em><\/strong><\/h1>\n<h2><strong><em>Ph\u1ee5 ki\u1ec7n dji mavic 2 pro zoom cao c\u1ea5p PGYTECH<\/em><\/strong><\/h2>\n<h3><strong><em>Ph\u1ee5 ki\u1ec7n DJI mavic 2 pro<\/em><\/strong><\/h3>\n<p><strong><em><img loading=\"lazy\" decoding=\"async\" class=\"aligncenter\" src=\"https:\/\/phukienflytech.vn\/wp-content\/uploads\/2020\/05\/super-combo-phu-kien-dji-mavic-2-pro-pgytech-674.jpg\" alt=\"\" width=\"450\" height=\"247\" \/><\/em><\/strong><\/p>\n<p>V\u1edbi nhu c\u1ea7u di chuy\u1ec3n th\u01b0\u1eddng xuy\u00ean c\u00f9ng s\u1ef1 c\u1ea7n thi\u1ebft, kh\u00f4ng th\u1ec3 thi\u1ebfu c\u1ee7a c\u00e1c lo\u1ea1i thi\u1ebft b\u1ecb h\u1ed7 tr\u1ee3, h\u00e3ng\u00a0<strong><em>pgytech<\/em><\/strong>\u00a0\u0111\u00e3 cho ra m\u1eaft\u00a0<strong><em>b\u1ed9 combo ph\u1ee5 ki\u1ec7n DJI mavic 2<\/em><\/strong>\u00a0<strong><em>pro<\/em>\u00a0<\/strong>gi\u00fap ng\u01b0\u1eddi d\u00f9ng c\u00f3 th\u1ec3 s\u1edf h\u1eefu nh\u1eefng ph\u1ee5 ki\u1ec7n c\u1ea7n thi\u1ebft v\u1edbi m\u1ee9c gi\u00e1 v\u00f4 c\u00f9ng h\u1ee3p l\u00fd. B\u1ed9 s\u1ea3n ph\u1ea9m bao g\u1ed3m nh\u1eefng ph\u1ee5 ki\u00ean thi\u1ebft y\u1ebfu v\u00e0 chuy\u00ean nghi\u1ec7p cho chi\u1ebfc drone c\u1ee7a b\u1ea1n.<\/p>\n<h2><strong>B\u1ed9\u00a0<em>combo ph\u1ee5 ki\u1ec7n DJI mavic 2 pro<\/em>\u00a0g\u1ed3m:<\/strong><\/h2>\n<p><strong><em>T\u00fai \u0111eo ch\u00e9o mavic 2 pro &#8211; PGYtech<\/em><\/strong><\/p>\n<p><strong><em>B\u1ed9 n\u1eb9p c\u1ed1 \u0111\u1ecbnh mavic 2 pro<\/em><\/strong><\/p>\n<p><strong><em>Ch\u1ee5p b\u1ea3o v\u1ec7 joystick mavic 2 pro<\/em><\/strong><\/p>\n<p><strong><em>B\u1ed9 ch\u00e2n \u0111\u00f4n mavic 2 pro<\/em><\/strong><\/p>\n<p><strong><em>Hub che n\u1eafng mavic 2 pro<\/em><\/strong><\/p>\n<p><strong><em>B\u1ed9 combo filter lens ND cho mavic 2 pro<\/em><\/strong><\/p>\n<p><strong><em>T\u1ea5m landing pad chuy\u00ean d\u1ee5ng<\/em><\/strong><\/p>\n<p><strong><em>C\u00f4ng d\u1ee5ng c\u1ee7a b\u1ed9 combo ph\u1ee5 ki\u1ec7n DJI mavic 2 pro:<\/em><\/strong><\/p>\n<p><strong><em>T\u00fai \u0111eo ch\u00e9o mavic 2 pro<\/em><\/strong><\/p>\n<p><img loading=\"lazy\" decoding=\"async\" class=\"aligncenter\" src=\"https:\/\/phukienflytech.vn\/wp-content\/uploads\/2020\/05\/super-combo-phu-kien-dji-mavic-2-pro-pgytech-674-1.jpg\" alt=\"\" width=\"450\" height=\"309\" \/><\/p>\n<p>Kh\u1ed1i l\u01b0\u1ee3ng: 660g<\/p>\n<p>Ch\u1ea5t li\u1ec7u: EVA, PU<\/p>\n<p>C\u00f4ng d\u1ee5ng: b\u1ea3o qu\u1ea3n chi\u1ebfc drone c\u1ee7a b\u1ea1n trong qu\u00e1 tr\u00ecnh di chuy\u1ec3n<\/p>\n<p><strong><em>B\u1ed9 n\u1eb9p c\u1ed1 \u0111\u1ecbnh c\u00e1nh mavic 2 pro<\/em><\/strong><\/p>\n<p><strong><em><img loading=\"lazy\" decoding=\"async\" class=\"aligncenter\" src=\"https:\/\/phukienflytech.vn\/wp-content\/uploads\/2020\/05\/super-combo-phu-kien-dji-mavic-2-pro-pgytech-674-2.jpg\" alt=\"\" width=\"450\" height=\"193\" \/><\/em><\/strong><\/p>\n<p>Tr\u1ecdng l\u01b0\u1ee3ng: 20g<\/p>\n<p>Ch\u1ea5t li\u1ec7u: sillca gel<\/p>\n<p>C\u00f4ng d\u1ee5ng: c\u1ed1 \u0111\u1ecbnh c\u00e1nh khi di chuy\u1ec3n<\/p>\n<p>H\u00e3ng s\u1ea3n xu\u1ea5t: PGYTECH<\/p>\n<p><strong><em>Ch\u1ee5p b\u1ea3o v\u1ec7 joystick mavic 2 pro<\/em><\/strong><\/p>\n<p><img loading=\"lazy\" decoding=\"async\" class=\"aligncenter\" src=\"https:\/\/phukienflytech.vn\/wp-content\/uploads\/2020\/05\/super-combo-phu-kien-dji-mavic-2-pro-pgytech-674-3.jpg\" alt=\"\" width=\"450\" height=\"191\" \/><\/p>\n<p>Tr\u1ecdng l\u01b0\u1ee3ng: 15g<\/p>\n<p>Ch\u1ea5t li\u1ec7u: ABS<\/p>\n<p>C\u00f4ng d\u1ee5ng: b\u1ea3o v\u1ec7 joystick tr\u00ean tay khi\u1ec3n<\/p>\n<p><strong><em>B\u1ed9 ch\u00e2n \u0111\u00f4n mavic 2 pro<\/em><\/strong><\/p>\n<p><img loading=\"lazy\" decoding=\"async\" class=\"aligncenter\" src=\"https:\/\/phukienflytech.vn\/wp-content\/uploads\/2020\/05\/super-combo-phu-kien-dji-mavic-2-pro-pgytech-674-4.jpg\" alt=\"\" width=\"450\" height=\"176\" \/><\/p>\n<p>Tr\u1ecdng l\u01b0\u1ee3ng: 22g<\/p>\n<p>Ch\u1ea5t li\u1ec7u: sillica gell<\/p>\n<p>C\u00f4ng d\u1ee5ng: b\u1ea3o v\u1ec7 camera v\u00e0 motor c\u1ee7a drone tr\u00e1nh va \u0111\u1eadp khi h\u1ea1 c\u00e1nh<\/p>\n<p>Nh\u00e0 s\u1ea3n xu\u1ea5t: PGYTECH<\/p>\n<p><strong><em>Hub che n\u1eafng mavic 2 pro<\/em><\/strong><\/p>\n<p><img loading=\"lazy\" decoding=\"async\" class=\"aligncenter\" src=\"https:\/\/phukienflytech.vn\/wp-content\/uploads\/2020\/05\/super-combo-phu-kien-dji-mavic-2-pro-pgytech-674-5.jpg\" alt=\"\" width=\"450\" height=\"178\" \/><\/p>\n<p>Kh\u1ed1i l\u01b0\u1ee3ng: 24,5g<\/p>\n<p>Ch\u1ea5t li\u00eau: ABS<\/p>\n<p>C\u00f4ng d\u1ee5ng:<\/p>\n<p>Tr\u00e1nh nh\u1eefng \u00e1nh s\u00e1ng kh\u00f4ng c\u1ea7n thi\u1ebft<\/p>\n<p>B\u1ea3o v\u1ec7 \u00f4ng k\u00ednh kh\u1ecfi \u00e1nh s\u00e1ng m\u1eb7t tr\u1eddi m\u00e0 kh\u00f4ng l\u00e0m \u1ea3nh h\u01b0\u1edfng \u0111\u1ebfn camera c\u1ee7a m\u00e1y.<\/p>\n<p><strong><em>B\u1ed9 combo filter lens ND cho mavic 2 pro<\/em><\/strong><\/p>\n<p><img loading=\"lazy\" decoding=\"async\" class=\"aligncenter\" src=\"https:\/\/phukienflytech.vn\/wp-content\/uploads\/2020\/05\/super-combo-phu-kien-dji-mavic-2-pro-pgytech-674-6.jpg\" alt=\"\" width=\"450\" height=\"252\" \/><\/p>\n<p>Filter ND 8, 16, 32, 64<\/p>\n<p>H\u1ed9p \u0111\u1ef1ng filter<\/p>\n<p>C\u00f4ng d\u1ee5ng :\u00a0<strong><em>Filter ND<\/em><\/strong>\u00a0hay c\u00f2n \u0111\u01b0\u1ee3c g\u1ecdi l\u00e0 b\u1ed9 l\u1ecdc gi\u1ea3m \u00e1nh s\u00e1ng, b\u1ed9 l\u1ecdc m\u1eadt \u0111\u1ed9 trung t\u00ednh gi\u00fap gi\u1ea3m l\u01b0\u1ee3ng \u00e1nh s\u00e1ng trong \u0111i\u1ec1u ki\u1ec7n r\u1ea5t s\u00e1ng, \u0111\u1ec3 m\u00e1y \u1ea3nh c\u00f3 th\u1ec3 ch\u1ecdn gi\u00e1 tr\u1ecb ph\u01a1i s\u00e1ng ch\u00ednh x\u00e1c v\u00e0 tr\u00e1nh ph\u01a1i s\u00e1ng qu\u00e1 m\u1ee9c. N\u00f3 c\u0169ng gi\u00fap c\u1ea3i thi\u1ec7n \u0111\u1ed9 b\u00e3o h\u00f2a c\u1ee7a h\u00ednh \u1ea3nh l\u00e0m cho h\u00ednh \u1ea3nh trong su\u1ed1t v\u00e0 s\u1ed1ng \u0111\u1ed9ng h\u01a1n.<\/p>\n<p><strong><em>T\u1ea5m landing pad chuy\u00ean d\u1ee5ng<\/em><\/strong><\/p>\n<p><img loading=\"lazy\" decoding=\"async\" class=\"aligncenter\" src=\"https:\/\/phukienflytech.vn\/wp-content\/uploads\/2020\/05\/super-combo-phu-kien-dji-mavic-2-pro-pgytech-674-7.jpg\" alt=\"\" width=\"450\" height=\"364\" \/><\/p>\n<p>Ch\u1ea5t li\u1ec7u: nilong ch\u1ed1ng th\u1ea5m n\u01b0\u1edbc.<\/p>\n<p>B\u1ed9 s\u1ea3n ph\u1ea9m g\u1ed3m:<\/p>\n<p>1 t\u00fai \u0111\u1ef1ng<\/p>\n<p>1 mi\u1ebfng \u0111\u1ec7m h\u1ea1 c\u00e1nh<\/p>\n<p>3 \u0111inh c\u1ed1 \u0111\u1ecbnh<\/p>\n<p>8 s\u1ecdc ph\u1ea3n quang<\/p>\n<p>C\u00f4ng d\u1ee5ng: \u0111\u1ecbnh h\u01b0\u1edbng c\u0169ng nh\u01b0 h\u1ea1 c\u00e1nh cho drone m\u1ed9t c\u00e1ch d\u1ec5 d\u00e0ng<\/p>\n<h3>Mua ph\u1ee5 ki\u1ec7n\u00a0<strong><em>PGYTECH mavic 2 pro zoom<\/em><\/strong>\u00a0\u1edf \u0111\u00e2u?<\/h3>\n<p>N\u1ebfu b\u1ea1n v\u1eabn \u0111ang ph\u00e2n v\u00e2n kh\u00f4ng bi\u1ebft c\u00f3 th\u1ec3 t\u00ecm mua \u0111\u01b0\u1ee3c\u00a0<strong><em>nh\u1eefng ph\u1ee5 ki\u1ec7n dji mavic 2 pro zoom\u00a0<\/em><\/strong>ch\u1ea5t l\u01b0\u1ee3ng nh\u1ea5t m\u00e0 kh\u00f4ng c\u1ea7n lo l\u1eafng gi\u00e1 c\u1ee7a s\u1ea3n ph\u1ea9m \u1edf \u0111\u00e2u th\u00ec ph\u1ee5 ki\u1ec7n flycam gi\u00e1 t\u1ed1t ch\u00ednh l\u00e0 n\u01a1i ph\u00f9 h\u1ee3p d\u00e0nh cho b\u1ea1n. H\u00e3y \u0111\u1ebfn v\u1edbi ph\u1ee5 ki\u1ec7n fly-cam gi\u00e1 t\u1ed1t \u0111\u1ec3 c\u00f3 \u0111\u01b0\u1ee3c\u00a0<strong><em>gi\u00e1 mavic 2 pro<\/em><\/strong>,\u00a0<strong><em>gi\u00e1 mavic 2 zoom<\/em><\/strong>,..c\u00f9ng v\u1edbi ch\u1ea5t l\u01b0\u1ee3ng t\u1ed1t nh\u1ea5t.<\/p>\n","protected":false},"excerpt":{"rendered":"<p>Combo ph\u1ee5 ki\u1ec7n DJI mavic 2 pro \u2013 PGYTECH Ph\u1ee5 ki\u1ec7n dji mavic 2 pro zoom cao c\u1ea5p PGYTECH T\u00fai \u0111eo ch\u00e9o mavic 2 pro &#8211; PGYtech Mua ph\u1ee5 ki\u1ec7n PGYTECH mavic 2 pro zoom \u1edf \u0111\u00e2u? B\u1ed9 n\u1eb9p c\u1ed1 \u0111\u1ecbnh mavic 2 pro Ch\u1ee5p b\u1ea3o v\u1ec7 joystick mavic 2 pro B\u1ed9 ch\u00e2n \u0111\u00f4n mavic 2 pro<\/p>\n","protected":false},"featured_media":905,"comment_status":"open","ping_status":"closed","template":"","meta":{"_acf_changed":false},"product_brand":[],"product_cat":[791],"product_tag":[],"class_list":{"0":"post-1021","1":"product","2":"type-product","3":"status-publish","4":"has-post-thumbnail","6":"product_cat-chua-phan-loai","8":"first","9":"instock","10":"shipping-taxable","11":"purchasable","12":"product-type-simple"},"acf":[],"yoast_head":"<!-- This site is optimized with the Yoast SEO plugin v25.7 - https:\/\/yoast.com\/wordpress\/plugins\/seo\/ -->\n<title>Super Combo for DJI mavic 2 pro accessories - PGYTECH - Shop M\u00e1y \u1ea3nh - Action Camera - Gimbal - Flycam - Ph\u1ee5 ki\u1ec7n<\/title>\n<meta name=\"robots\" content=\"index, follow, max-snippet:-1, max-image-preview:large, max-video-preview:-1\" \/>\n<link rel=\"canonical\" href=\"https:\/\/phukienflytech.vn\/en\/san-pham\/super-combo-for-dji-mavic-2-pro-accessories-pgytech.html\" \/>\n<meta property=\"og:locale\" content=\"en_US\" \/>\n<meta property=\"og:type\" content=\"article\" \/>\n<meta property=\"og:title\" content=\"Super Combo for DJI mavic 2 pro accessories - PGYTECH - Shop M\u00e1y \u1ea3nh - Action Camera - Gimbal - Flycam - Ph\u1ee5 ki\u1ec7n\" \/>\n<meta property=\"og:description\" content=\"Combo ph\u1ee5 ki\u1ec7n DJI mavic 2 pro \u2013 PGYTECH Ph\u1ee5 ki\u1ec7n dji mavic 2 pro zoom cao c\u1ea5p PGYTECH T\u00fai \u0111eo ch\u00e9o mavic 2 pro - PGYtech Mua ph\u1ee5 ki\u1ec7n PGYTECH mavic 2 pro zoom \u1edf \u0111\u00e2u? B\u1ed9 n\u1eb9p c\u1ed1 \u0111\u1ecbnh mavic 2 pro Ch\u1ee5p b\u1ea3o v\u1ec7 joystick mavic 2 pro B\u1ed9 ch\u00e2n \u0111\u00f4n mavic 2 pro\" \/>\n<meta property=\"og:url\" content=\"https:\/\/phukienflytech.vn\/en\/san-pham\/super-combo-for-dji-mavic-2-pro-accessories-pgytech.html\" \/>\n<meta property=\"og:site_name\" content=\"Shop M\u00e1y \u1ea3nh - Action Camera - Gimbal - Flycam - Ph\u1ee5 ki\u1ec7n\" \/>\n<meta property=\"article:publisher\" content=\"https:\/\/facebook.com\/phukienflycam\" \/>\n<meta property=\"article:modified_time\" content=\"2020-05-13T02:18:47+00:00\" \/>\n<meta property=\"og:image\" content=\"https:\/\/phukienflytech.vn\/wp-content\/uploads\/2020\/05\/phu-kien-flycam-dji-mavic-2-pro-pgytecy-combo-mavic-2-pro1_-_Copy.jpg\" \/>\n\t<meta property=\"og:image:width\" content=\"500\" \/>\n\t<meta property=\"og:image:height\" content=\"500\" \/>\n\t<meta property=\"og:image:type\" content=\"image\/jpeg\" \/>\n<meta name=\"twitter:card\" content=\"summary_large_image\" \/>\n<meta name=\"twitter:label1\" content=\"Est. reading time\" \/>\n\t<meta name=\"twitter:data1\" content=\"4 minutes\" \/>\n<script type=\"application\/ld+json\" class=\"yoast-schema-graph\">{\"@context\":\"https:\/\/schema.org\",\"@graph\":[{\"@type\":\"WebPage\",\"@id\":\"https:\/\/phukienflytech.vn\/en\/san-pham\/super-combo-for-dji-mavic-2-pro-accessories-pgytech.html\",\"url\":\"https:\/\/phukienflytech.vn\/en\/san-pham\/super-combo-for-dji-mavic-2-pro-accessories-pgytech.html\",\"name\":\"Super Combo for DJI mavic 2 pro accessories - PGYTECH - Shop M\u00e1y \u1ea3nh - Action Camera - Gimbal - Flycam - Ph\u1ee5 ki\u1ec7n\",\"isPartOf\":{\"@id\":\"https:\/\/phukienflytech.vn\/#website\"},\"primaryImageOfPage\":{\"@id\":\"https:\/\/phukienflytech.vn\/en\/san-pham\/super-combo-for-dji-mavic-2-pro-accessories-pgytech.html#primaryimage\"},\"image\":{\"@id\":\"https:\/\/phukienflytech.vn\/en\/san-pham\/super-combo-for-dji-mavic-2-pro-accessories-pgytech.html#primaryimage\"},\"thumbnailUrl\":\"https:\/\/phukienflytech.vn\/wp-content\/uploads\/2020\/05\/phu-kien-flycam-dji-mavic-2-pro-pgytecy-combo-mavic-2-pro1_-_Copy.jpg\",\"datePublished\":\"2020-05-11T12:50:13+00:00\",\"dateModified\":\"2020-05-13T02:18:47+00:00\",\"breadcrumb\":{\"@id\":\"https:\/\/phukienflytech.vn\/en\/san-pham\/super-combo-for-dji-mavic-2-pro-accessories-pgytech.html#breadcrumb\"},\"inLanguage\":\"en-US\",\"potentialAction\":[{\"@type\":\"ReadAction\",\"target\":[\"https:\/\/phukienflytech.vn\/en\/san-pham\/super-combo-for-dji-mavic-2-pro-accessories-pgytech.html\"]}]},{\"@type\":\"ImageObject\",\"inLanguage\":\"en-US\",\"@id\":\"https:\/\/phukienflytech.vn\/en\/san-pham\/super-combo-for-dji-mavic-2-pro-accessories-pgytech.html#primaryimage\",\"url\":\"https:\/\/phukienflytech.vn\/wp-content\/uploads\/2020\/05\/phu-kien-flycam-dji-mavic-2-pro-pgytecy-combo-mavic-2-pro1_-_Copy.jpg\",\"contentUrl\":\"https:\/\/phukienflytech.vn\/wp-content\/uploads\/2020\/05\/phu-kien-flycam-dji-mavic-2-pro-pgytecy-combo-mavic-2-pro1_-_Copy.jpg\",\"width\":500,\"height\":500},{\"@type\":\"BreadcrumbList\",\"@id\":\"https:\/\/phukienflytech.vn\/en\/san-pham\/super-combo-for-dji-mavic-2-pro-accessories-pgytech.html#breadcrumb\",\"itemListElement\":[{\"@type\":\"ListItem\",\"position\":1,\"name\":\"Home\",\"item\":\"https:\/\/phukienflytech.vn\/en\"},{\"@type\":\"ListItem\",\"position\":2,\"name\":\"Ph\u1ee5 ki\u1ec7n Mavic Pro\",\"item\":\"https:\/\/phukienflytech.vn\/en\/phu-kien-mavic-pro.html\"},{\"@type\":\"ListItem\",\"position\":3,\"name\":\"Ch\u01b0a ph\u00e2n lo\u1ea1i\",\"item\":\"https:\/\/phukienflytech.vn\/danh-muc\/chua-phan-loai.html\"},{\"@type\":\"ListItem\",\"position\":4,\"name\":\"Super Combo for DJI mavic 2 pro accessories &#8211; PGYTECH\"}]},{\"@type\":\"WebSite\",\"@id\":\"https:\/\/phukienflytech.vn\/#website\",\"url\":\"https:\/\/phukienflytech.vn\/\",\"name\":\"Shop M\u00e1y \u1ea3nh - Action Camera - Gimbal - Flycam - Ph\u1ee5 ki\u1ec7n\",\"description\":\"Shop M\u00e1y \u1ea3nh - Action Camera - Gimbal - Flycam - Ph\u1ee5 ki\u1ec7n\",\"publisher\":{\"@id\":\"https:\/\/phukienflytech.vn\/#organization\"},\"potentialAction\":[{\"@type\":\"SearchAction\",\"target\":{\"@type\":\"EntryPoint\",\"urlTemplate\":\"https:\/\/phukienflytech.vn\/?s={search_term_string}\"},\"query-input\":{\"@type\":\"PropertyValueSpecification\",\"valueRequired\":true,\"valueName\":\"search_term_string\"}}],\"inLanguage\":\"en-US\"},{\"@type\":\"Organization\",\"@id\":\"https:\/\/phukienflytech.vn\/#organization\",\"name\":\"DJI Store - Shop Drone, Action camera, Gimbal DJI |Phukienflytech\",\"alternateName\":\"DJI Store - Shop Drone, Action camera, Gimbal DJI |Phukienflytech\",\"url\":\"https:\/\/phukienflytech.vn\/\",\"logo\":{\"@type\":\"ImageObject\",\"inLanguage\":\"en-US\",\"@id\":\"https:\/\/phukienflytech.vn\/#\/schema\/logo\/image\/\",\"url\":\"https:\/\/phukienflytech.vn\/wp-content\/uploads\/2020\/05\/hAnh_nan.jpg1_.jpg\",\"contentUrl\":\"https:\/\/phukienflytech.vn\/wp-content\/uploads\/2020\/05\/hAnh_nan.jpg1_.jpg\",\"width\":800,\"height\":450,\"caption\":\"DJI Store - Shop Drone, Action camera, Gimbal DJI |Phukienflytech\"},\"image\":{\"@id\":\"https:\/\/phukienflytech.vn\/#\/schema\/logo\/image\/\"},\"sameAs\":[\"https:\/\/facebook.com\/phukienflycam\",\"https:\/\/www.youtube.com\/@phukienflytech\",\"https:\/\/www.tiktok.com\/@flytech.channel?fbclid=IwY2xjawGjg7BleHRuA2FlbQIxMAABHYVGmlXpuSMs0UB2zTpYvyT4GMVfN2qJa4urF4vkSQ6FAVBwXZtDP30qQA_aem_UwMiDcUvlEbd2tXAmsc8Og\"]}]}<\/script>\n<!-- \/ Yoast SEO plugin. -->","yoast_head_json":{"title":"Super Combo for DJI mavic 2 pro accessories - PGYTECH - Shop M\u00e1y \u1ea3nh - Action Camera - Gimbal - Flycam - Ph\u1ee5 ki\u1ec7n","robots":{"index":"index","follow":"follow","max-snippet":"max-snippet:-1","max-image-preview":"max-image-preview:large","max-video-preview":"max-video-preview:-1"},"canonical":"https:\/\/phukienflytech.vn\/en\/san-pham\/super-combo-for-dji-mavic-2-pro-accessories-pgytech.html","og_locale":"en_US","og_type":"article","og_title":"Super Combo for DJI mavic 2 pro accessories - PGYTECH - Shop M\u00e1y \u1ea3nh - Action Camera - Gimbal - Flycam - Ph\u1ee5 ki\u1ec7n","og_description":"Combo ph\u1ee5 ki\u1ec7n DJI mavic 2 pro \u2013 PGYTECH Ph\u1ee5 ki\u1ec7n dji mavic 2 pro zoom cao c\u1ea5p PGYTECH T\u00fai \u0111eo ch\u00e9o mavic 2 pro - PGYtech Mua ph\u1ee5 ki\u1ec7n PGYTECH mavic 2 pro zoom \u1edf \u0111\u00e2u? B\u1ed9 n\u1eb9p c\u1ed1 \u0111\u1ecbnh mavic 2 pro Ch\u1ee5p b\u1ea3o v\u1ec7 joystick mavic 2 pro B\u1ed9 ch\u00e2n \u0111\u00f4n mavic 2 pro","og_url":"https:\/\/phukienflytech.vn\/en\/san-pham\/super-combo-for-dji-mavic-2-pro-accessories-pgytech.html","og_site_name":"Shop M\u00e1y \u1ea3nh - Action Camera - Gimbal - Flycam - Ph\u1ee5 ki\u1ec7n","article_publisher":"https:\/\/facebook.com\/phukienflycam","article_modified_time":"2020-05-13T02:18:47+00:00","og_image":[{"width":500,"height":500,"url":"https:\/\/phukienflytech.vn\/wp-content\/uploads\/2020\/05\/phu-kien-flycam-dji-mavic-2-pro-pgytecy-combo-mavic-2-pro1_-_Copy.jpg","type":"image\/jpeg"}],"twitter_card":"summary_large_image","twitter_misc":{"Est. reading time":"4 minutes"},"schema":{"@context":"https:\/\/schema.org","@graph":[{"@type":"WebPage","@id":"https:\/\/phukienflytech.vn\/en\/san-pham\/super-combo-for-dji-mavic-2-pro-accessories-pgytech.html","url":"https:\/\/phukienflytech.vn\/en\/san-pham\/super-combo-for-dji-mavic-2-pro-accessories-pgytech.html","name":"Super Combo for DJI mavic 2 pro accessories - PGYTECH - Shop M\u00e1y \u1ea3nh - Action Camera - Gimbal - Flycam - Ph\u1ee5 ki\u1ec7n","isPartOf":{"@id":"https:\/\/phukienflytech.vn\/#website"},"primaryImageOfPage":{"@id":"https:\/\/phukienflytech.vn\/en\/san-pham\/super-combo-for-dji-mavic-2-pro-accessories-pgytech.html#primaryimage"},"image":{"@id":"https:\/\/phukienflytech.vn\/en\/san-pham\/super-combo-for-dji-mavic-2-pro-accessories-pgytech.html#primaryimage"},"thumbnailUrl":"https:\/\/phukienflytech.vn\/wp-content\/uploads\/2020\/05\/phu-kien-flycam-dji-mavic-2-pro-pgytecy-combo-mavic-2-pro1_-_Copy.jpg","datePublished":"2020-05-11T12:50:13+00:00","dateModified":"2020-05-13T02:18:47+00:00","breadcrumb":{"@id":"https:\/\/phukienflytech.vn\/en\/san-pham\/super-combo-for-dji-mavic-2-pro-accessories-pgytech.html#breadcrumb"},"inLanguage":"en-US","potentialAction":[{"@type":"ReadAction","target":["https:\/\/phukienflytech.vn\/en\/san-pham\/super-combo-for-dji-mavic-2-pro-accessories-pgytech.html"]}]},{"@type":"ImageObject","inLanguage":"en-US","@id":"https:\/\/phukienflytech.vn\/en\/san-pham\/super-combo-for-dji-mavic-2-pro-accessories-pgytech.html#primaryimage","url":"https:\/\/phukienflytech.vn\/wp-content\/uploads\/2020\/05\/phu-kien-flycam-dji-mavic-2-pro-pgytecy-combo-mavic-2-pro1_-_Copy.jpg","contentUrl":"https:\/\/phukienflytech.vn\/wp-content\/uploads\/2020\/05\/phu-kien-flycam-dji-mavic-2-pro-pgytecy-combo-mavic-2-pro1_-_Copy.jpg","width":500,"height":500},{"@type":"BreadcrumbList","@id":"https:\/\/phukienflytech.vn\/en\/san-pham\/super-combo-for-dji-mavic-2-pro-accessories-pgytech.html#breadcrumb","itemListElement":[{"@type":"ListItem","position":1,"name":"Home","item":"https:\/\/phukienflytech.vn\/en"},{"@type":"ListItem","position":2,"name":"Ph\u1ee5 ki\u1ec7n Mavic Pro","item":"https:\/\/phukienflytech.vn\/en\/phu-kien-mavic-pro.html"},{"@type":"ListItem","position":3,"name":"Ch\u01b0a ph\u00e2n lo\u1ea1i","item":"https:\/\/phukienflytech.vn\/danh-muc\/chua-phan-loai.html"},{"@type":"ListItem","position":4,"name":"Super Combo for DJI mavic 2 pro accessories &#8211; PGYTECH"}]},{"@type":"WebSite","@id":"https:\/\/phukienflytech.vn\/#website","url":"https:\/\/phukienflytech.vn\/","name":"Shop M\u00e1y \u1ea3nh - Action Camera - Gimbal - Flycam - Ph\u1ee5 ki\u1ec7n","description":"Shop M\u00e1y \u1ea3nh - Action Camera - Gimbal - Flycam - Ph\u1ee5 ki\u1ec7n","publisher":{"@id":"https:\/\/phukienflytech.vn\/#organization"},"potentialAction":[{"@type":"SearchAction","target":{"@type":"EntryPoint","urlTemplate":"https:\/\/phukienflytech.vn\/?s={search_term_string}"},"query-input":{"@type":"PropertyValueSpecification","valueRequired":true,"valueName":"search_term_string"}}],"inLanguage":"en-US"},{"@type":"Organization","@id":"https:\/\/phukienflytech.vn\/#organization","name":"DJI Store - Shop Drone, Action camera, Gimbal DJI |Phukienflytech","alternateName":"DJI Store - Shop Drone, Action camera, Gimbal DJI |Phukienflytech","url":"https:\/\/phukienflytech.vn\/","logo":{"@type":"ImageObject","inLanguage":"en-US","@id":"https:\/\/phukienflytech.vn\/#\/schema\/logo\/image\/","url":"https:\/\/phukienflytech.vn\/wp-content\/uploads\/2020\/05\/hAnh_nan.jpg1_.jpg","contentUrl":"https:\/\/phukienflytech.vn\/wp-content\/uploads\/2020\/05\/hAnh_nan.jpg1_.jpg","width":800,"height":450,"caption":"DJI Store - Shop Drone, Action camera, Gimbal DJI |Phukienflytech"},"image":{"@id":"https:\/\/phukienflytech.vn\/#\/schema\/logo\/image\/"},"sameAs":["https:\/\/facebook.com\/phukienflycam","https:\/\/www.youtube.com\/@phukienflytech","https:\/\/www.tiktok.com\/@flytech.channel?fbclid=IwY2xjawGjg7BleHRuA2FlbQIxMAABHYVGmlXpuSMs0UB2zTpYvyT4GMVfN2qJa4urF4vkSQ6FAVBwXZtDP30qQA_aem_UwMiDcUvlEbd2tXAmsc8Og"]}]}},"_links":{"self":[{"href":"https:\/\/phukienflytech.vn\/en\/wp-json\/wp\/v2\/product\/1021","targetHints":{"allow":["GET"]}}],"collection":[{"href":"https:\/\/phukienflytech.vn\/en\/wp-json\/wp\/v2\/product"}],"about":[{"href":"https:\/\/phukienflytech.vn\/en\/wp-json\/wp\/v2\/types\/product"}],"replies":[{"embeddable":true,"href":"https:\/\/phukienflytech.vn\/en\/wp-json\/wp\/v2\/comments?post=1021"}],"wp:featuredmedia":[{"embeddable":true,"href":"https:\/\/phukienflytech.vn\/en\/wp-json\/wp\/v2\/media\/905"}],"wp:attachment":[{"href":"https:\/\/phukienflytech.vn\/en\/wp-json\/wp\/v2\/media?parent=1021"}],"wp:term":[{"taxonomy":"product_brand","embeddable":true,"href":"https:\/\/phukienflytech.vn\/en\/wp-json\/wp\/v2\/product_brand?post=1021"},{"taxonomy":"product_cat","embeddable":true,"href":"https:\/\/phukienflytech.vn\/en\/wp-json\/wp\/v2\/product_cat?post=1021"},{"taxonomy":"product_tag","embeddable":true,"href":"https:\/\/phukienflytech.vn\/en\/wp-json\/wp\/v2\/product_tag?post=1021"}],"curies":[{"name":"wp","href":"https:\/\/api.w.org\/{rel}","templated":true}]}}