{"id":1023,"date":"2020-05-11T19:56:56","date_gmt":"2020-05-11T12:56:56","guid":{"rendered":"http:\/\/27430.lamdx.vinawebsite.vn\/san-pham\/pin-mavic-mini-dji.html"},"modified":"2020-05-13T09:16:23","modified_gmt":"2020-05-13T02:16:23","slug":"pin-mavic-mini-dji","status":"publish","type":"product","link":"https:\/\/phukienflytech.vn\/en\/san-pham\/pin-mavic-mini-dji.html","title":{"rendered":"Pin Mavic Mini \u2013 DJI"},"content":{"rendered":"<h1><strong>Pin Mavic Mini \u2013 DJI<\/strong><\/h1>\n<h1><strong>Pin th\u00f4ng minh Mavic Mini \u2013 ch\u00ednh h\u00e3ng DJI<\/strong><\/h1>\n<p>DJI Mavic Mini l\u00e0 m\u1ed9t m\u1eabu flycam nh\u1ecf g\u1ecdn nh\u01b0ng l\u1ea1i c\u00f3 1 th\u1eddi gian bay v\u00f4 c\u00f9ng \u1ea5n t\u01b0\u1ee3ng.\u00a0 V\u1edbi 2 phi\u00ean b\u1ea3n l\u00e0 b\u1ea3n Mavic Mini\u00a0 ti\u00eau chu\u1ea9n v\u00e0 Mavic Mini b\u1ea3n combo.<\/p>\n<p><img loading=\"lazy\" decoding=\"async\" src=\"https:\/\/phukienflytech.vn\/wp-content\/uploads\/2020\/05\/pin-mavic-mini-dji-709.jpg\" alt=\"pin-mavic-mini\" width=\"550\" height=\"550\" \/><\/p>\n<p>N\u1ebfu nh\u01b0 \u1edf b\u1ea3n Combo \u0111\u00e3 \u0111\u01b0\u1ee3c trang b\u1ecb 3\u00a0<strong>pin Mavic Mini<\/strong>\u00a0\u0111\u1ea3m b\u1ea3o v\u1ec1 th\u1eddi gian bay cho ch\u00fang ta. Th\u00ec \u1edf b\u1ea3n Mavic Mini ti\u00eau chu\u1ea9n v\u1edbi ch\u1ec9 1\u00a0<strong>pin Mavic Mini<\/strong>\u00a0s\u1eb5n c\u00f3 th\u00ec vi\u1ec7c bay v\u00e0 tr\u1ea3i nghi\u1ec7m s\u1ebd r\u1ea5t h\u1ea1n ch\u1ebf.<\/p>\n<p><img loading=\"lazy\" decoding=\"async\" src=\"https:\/\/phukienflytech.vn\/wp-content\/uploads\/2020\/05\/pin-mavic-mini-dji-709-1.jpg\" alt=\"pin-ch\u00ednh-h\u00e3ng\" width=\"580\" height=\"387\" \/><\/p>\n<p>V\u1edbi m\u1ed7i\u00a0<strong>vi\u00ean pin Mavic Mini<\/strong>\u00a0ch\u00fang ta c\u00f3 th\u1eddi gian bay kho\u1ea3ng\u00a0 29 ph\u00fat th\u1eddi gian bay th\u1ef1c t\u1ebf, v\u00ec th\u1ebf v\u1edbi th\u1eddi gian \u0111\u00f3 \u0111\u01b0\u1ee3c xem l\u00e0 kh\u00e1 l\u00e2u d\u00e0nh cho m\u1ed9t thi\u1ebft b\u1ecb bay kh\u00f4ng ng\u01b0\u1eddi l\u00e1i, tuy nhi\u00ean v\u1edbi nh\u1eefng ai \u0111\u00e3 ch\u01a1i flycam DJI th\u00ec vi\u1ec7c ch\u1ec9 c\u00f3 29 ph\u00fat bay l\u00e0 ch\u01b0a \u0111\u1ee7 \u0111\u00e3 v\u00e0 c\u00f3 th\u1ec3 khi\u1ebfn b\u1ea1n b\u1ecf l\u1ee1 nh\u1eefng kho\u1ea3nh kh\u1eafc \u0111\u1eb9p khi th\u1eddi gian bay kh\u00f4ng \u0111\u00e1p \u1ee9ng \u0111\u01b0\u1ee3c.<\/p>\n<p><img loading=\"lazy\" decoding=\"async\" src=\"https:\/\/phukienflytech.vn\/wp-content\/uploads\/2020\/05\/pin-mavic-mini-dji-709-2.jpg\" alt=\"pin-ch\u00ednh-h\u00e3ng-mavic-mini-dji\" width=\"655\" height=\"369\" \/><\/p>\n<p>V\u1edbi nh\u1eefng ng\u01b0\u1eddi l\u00e0m c\u00f4ng tr\u00ecnh, kh\u1ea3o s\u00e1t \u0111\u1ecba ch\u1ea5t th\u00ec c\u1ea7n t\u1edbi th\u1eddi gian bay cao li\u00ean t\u1ee5c, n\u00ean kh\u00f4ng th\u1ec3 \u0111\u1ee3i s\u1ea1c 1 vi\u00ean pin t\u1edbi 30-40 ph\u00fat \u0111\u1ed3ng h\u1ed3. Do \u0111\u00f3, vi\u1ec7c trang b\u1ecb th\u00eam 2 t\u1edbi 3 vi\u00ean\u00a0<strong>pin Mavic Mini<\/strong>\u00a0\u0111\u1ec3 t\u0103ng th\u1eddi gian tr\u1ea3i nghi\u1ec7m l\u00e0 ho\u00e0n to\u00e0n c\u1ea7n thi\u1ebft. C\u0169ng th\u1eadt may khi DJI cho g\u00f3i Combo Mavic<strong>\u00a0Mini\u00a0c\u00f3\u00a0b\u1ed9 s\u1ea1c 3in1,\u00a0<\/strong><em>\u00a0<\/em>\u0111\u00e2y \u0111\u01b0\u1ee3c xem l\u00e0 \u0111i\u1ec3m c\u1ed9ng kh\u00f4ng h\u1ec1 nh\u1ecf cho Mavic Mini<\/p>\n<h2><strong>Th\u00f4ng s\u1ed1 pin Mavic Mini<\/strong><\/h2>\n<p>H\u00e3ng s\u1ea3n xu\u1ea5t: DJI<\/p>\n<p>Model: MB2-2400mAh-7.2V<\/p>\n<p>Dung l\u01b0\u1ee3ng \u0111\u1ecbnh m\u1ee9c: 2400 mAh<\/p>\n<p>Lo\u1ea1i pin: Li-ion 2S<\/p>\n<p>\u0110i\u1ec7n \u00e1p \u0111\u1ecbnh m\u1ee9c: 7.2 V<\/p>\n<p>\u0110i\u1ec7n \u00e1p gi\u1edbi h\u1ea1n: 8.4 V<\/p>\n<p>C\u00f4ng su\u1ea5t s\u1ea1c t\u1ed1i \u0111a: 24 W<\/p>\n<p>Nhi\u1ec7t \u0111\u1ed9 s\u1ea1c: 5 \u00b0 \u0111\u1ebfn 40 \u00b0 C (41 \u00b0 \u0111\u1ebfn 104 \u00b0 F)<\/p>\n<h3><em><strong>Ch\u1ebf \u0111\u1ed9 B\u1ea3o h\u00e0nh Pin Mavic Mini<\/strong><\/em><\/h3>\n<ul>\n<li>Th\u1eddi gian b\u1ea3o h\u00e0nh: 6 th\u00e1ng<\/li>\n<li>Th\u1eddi gian \u0111\u1ed5i l\u1ed7i : 1 tu\u1ea7n<\/li>\n<\/ul>\n<p>H\u00e3y b\u1ed5 sung th\u00eam n\u0103ng l\u01b0\u1ee3ng cho chi\u1ebfc flycam c\u1ee7a b\u1ea1n b\u1eb1ng vi\u1ec7c trang b\u1ecb th\u00eam\u00a0<strong>pin th\u00f4ng minh Mavic Mini ch\u00ednh h\u00e3ng DJI<\/strong>. Bi\u1ebft nhu c\u1ea7u khi s\u1eed d\u1ee5ng flycam c\u1ee7a ng\u01b0\u1eddi d\u00f9ng t\u1eeb 2 t\u1edbi 3 vi\u00ean. DJI c\u0169ng \u0111\u00e3 cho ra m\u1eaft b\u1ed9\u00a0<strong>Hub s\u1ea1c pin Mavic Mini<\/strong>, nh\u1eb1m r\u00fat ng\u1eafn th\u1eddi gian s\u1ea1c v\u00e0 \u0111\u00e1p \u1ee9ng nhu c\u1ea7u c\u1ee7a ng\u01b0\u1eddi d\u00f9ng<\/p>\n<p>H\u00e3y \u0111\u1ec3\u00a0<strong>Ph\u1ee5 Ki\u1ec7n Fly-cam Gi\u00e1 T\u1ed1t<\/strong>\u00a0ti\u1ebfp s\u1ee9c \u0111am m\u00ea, c\u00f4ng vi\u1ec7c c\u1ee7a b\u1ea1n, gi\u00fap b\u1ea1n th\u00eam ni\u1ec1m h\u1ee9ng kh\u1edfi trong \u0111am m\u00ea c\u0169ng nh\u01b0 c\u00f4ng vi\u1ec7c c\u1ee7a m\u00ecnh th\u00eam su\u00f4n s\u1ebb v\u00e0 c\u00f3 nh\u1eefng chuy\u1ebfn bay an to\u00e0n<\/p>\n<p>B\u1ea1n \u0111\u00e3 bi\u1ebft c\u00e1ch\u00a0<em><strong>s\u1eed d\u1ee5ng Pin Mavic Mini \u0111\u00fang c\u00e1ch<\/strong><\/em>\u00a0hay ch\u01b0a? H\u00e3y c\u00f9ng tham kh\u1ea3o b\u00e0i vi\u1ebft c\u1ee7a ch\u00fang t\u00f4i v\u1ec1 h\u01b0\u1edbng d\u1eabn s\u1eed d\u1ee5ng Pin Mavic Mini\u00a0<strong>t\u1ea1i \u0111\u00e2y nh\u00e9.<\/strong><\/p>\n","protected":false},"excerpt":{"rendered":"<p>Pin Mavic Mini ch\u00ednh h\u00e3ng DJI l\u00e0 h\u1ec7 pin th\u00f4ng minh. Pin \u0111\u01b0\u1ee3c b\u1ea3o h\u00e0nh 6 th\u00e1ng v\u00e0 ship cod to\u00e0n qu\u1ed1c khi mua t\u1ea1i Shop phukienflytech v\u1edbi m\u1ee9c gi\u00e1 r\u1ebb nh\u1ea5t.<\/p>\n","protected":false},"featured_media":925,"comment_status":"open","ping_status":"closed","template":"","meta":{"_acf_changed":false},"product_brand":[],"product_cat":[791],"product_tag":[],"class_list":{"0":"post-1023","1":"product","2":"type-product","3":"status-publish","4":"has-post-thumbnail","6":"product_cat-chua-phan-loai","8":"first","9":"instock","10":"shipping-taxable","11":"purchasable","12":"product-type-simple"},"acf":[],"yoast_head":"<!-- This site is optimized with the Yoast SEO plugin v25.7 - https:\/\/yoast.com\/wordpress\/plugins\/seo\/ -->\n<title>Pin Mavic Mini \u2013 DJI - Shop M\u00e1y \u1ea3nh - Action Camera - Gimbal - Flycam - Ph\u1ee5 ki\u1ec7n<\/title>\n<meta name=\"robots\" content=\"index, follow, max-snippet:-1, max-image-preview:large, max-video-preview:-1\" \/>\n<link rel=\"canonical\" href=\"https:\/\/phukienflytech.vn\/en\/san-pham\/pin-mavic-mini-dji.html\" \/>\n<meta property=\"og:locale\" content=\"en_US\" \/>\n<meta property=\"og:type\" content=\"article\" \/>\n<meta property=\"og:title\" content=\"Pin Mavic Mini \u2013 DJI - Shop M\u00e1y \u1ea3nh - Action Camera - Gimbal - Flycam - Ph\u1ee5 ki\u1ec7n\" \/>\n<meta property=\"og:description\" content=\"Pin Mavic Mini ch\u00ednh h\u00e3ng DJI l\u00e0 h\u1ec7 pin th\u00f4ng minh. Pin \u0111\u01b0\u1ee3c b\u1ea3o h\u00e0nh 6 th\u00e1ng v\u00e0 ship cod to\u00e0n qu\u1ed1c khi mua t\u1ea1i Shop phukienflytech v\u1edbi m\u1ee9c gi\u00e1 r\u1ebb nh\u1ea5t.\" \/>\n<meta property=\"og:url\" content=\"https:\/\/phukienflytech.vn\/en\/san-pham\/pin-mavic-mini-dji.html\" \/>\n<meta property=\"og:site_name\" content=\"Shop M\u00e1y \u1ea3nh - Action Camera - Gimbal - Flycam - Ph\u1ee5 ki\u1ec7n\" \/>\n<meta property=\"article:publisher\" content=\"https:\/\/facebook.com\/phukienflycam\" \/>\n<meta property=\"article:modified_time\" content=\"2020-05-13T02:16:23+00:00\" \/>\n<meta property=\"og:image\" content=\"https:\/\/phukienflytech.vn\/wp-content\/uploads\/2020\/05\/pin-mavic-mini-chinh-hang-dji-phu-kien-flycam-dji-chinh-hang-3.jpg\" \/>\n\t<meta property=\"og:image:width\" content=\"500\" \/>\n\t<meta property=\"og:image:height\" content=\"500\" \/>\n\t<meta property=\"og:image:type\" content=\"image\/jpeg\" \/>\n<meta name=\"twitter:card\" content=\"summary_large_image\" \/>\n<meta name=\"twitter:label1\" content=\"Est. reading time\" \/>\n\t<meta name=\"twitter:data1\" content=\"3 minutes\" \/>\n<script type=\"application\/ld+json\" class=\"yoast-schema-graph\">{\"@context\":\"https:\/\/schema.org\",\"@graph\":[{\"@type\":\"WebPage\",\"@id\":\"https:\/\/phukienflytech.vn\/en\/san-pham\/pin-mavic-mini-dji.html\",\"url\":\"https:\/\/phukienflytech.vn\/en\/san-pham\/pin-mavic-mini-dji.html\",\"name\":\"Pin Mavic Mini \u2013 DJI - Shop M\u00e1y \u1ea3nh - Action Camera - Gimbal - Flycam - Ph\u1ee5 ki\u1ec7n\",\"isPartOf\":{\"@id\":\"https:\/\/phukienflytech.vn\/#website\"},\"primaryImageOfPage\":{\"@id\":\"https:\/\/phukienflytech.vn\/en\/san-pham\/pin-mavic-mini-dji.html#primaryimage\"},\"image\":{\"@id\":\"https:\/\/phukienflytech.vn\/en\/san-pham\/pin-mavic-mini-dji.html#primaryimage\"},\"thumbnailUrl\":\"https:\/\/phukienflytech.vn\/wp-content\/uploads\/2020\/05\/pin-mavic-mini-chinh-hang-dji-phu-kien-flycam-dji-chinh-hang-3.jpg\",\"datePublished\":\"2020-05-11T12:56:56+00:00\",\"dateModified\":\"2020-05-13T02:16:23+00:00\",\"breadcrumb\":{\"@id\":\"https:\/\/phukienflytech.vn\/en\/san-pham\/pin-mavic-mini-dji.html#breadcrumb\"},\"inLanguage\":\"en-US\",\"potentialAction\":[{\"@type\":\"ReadAction\",\"target\":[\"https:\/\/phukienflytech.vn\/en\/san-pham\/pin-mavic-mini-dji.html\"]}]},{\"@type\":\"ImageObject\",\"inLanguage\":\"en-US\",\"@id\":\"https:\/\/phukienflytech.vn\/en\/san-pham\/pin-mavic-mini-dji.html#primaryimage\",\"url\":\"https:\/\/phukienflytech.vn\/wp-content\/uploads\/2020\/05\/pin-mavic-mini-chinh-hang-dji-phu-kien-flycam-dji-chinh-hang-3.jpg\",\"contentUrl\":\"https:\/\/phukienflytech.vn\/wp-content\/uploads\/2020\/05\/pin-mavic-mini-chinh-hang-dji-phu-kien-flycam-dji-chinh-hang-3.jpg\",\"width\":500,\"height\":500},{\"@type\":\"BreadcrumbList\",\"@id\":\"https:\/\/phukienflytech.vn\/en\/san-pham\/pin-mavic-mini-dji.html#breadcrumb\",\"itemListElement\":[{\"@type\":\"ListItem\",\"position\":1,\"name\":\"Home\",\"item\":\"https:\/\/phukienflytech.vn\/en\"},{\"@type\":\"ListItem\",\"position\":2,\"name\":\"Ph\u1ee5 ki\u1ec7n Mavic Pro\",\"item\":\"https:\/\/phukienflytech.vn\/en\/phu-kien-mavic-pro.html\"},{\"@type\":\"ListItem\",\"position\":3,\"name\":\"Ch\u01b0a ph\u00e2n lo\u1ea1i\",\"item\":\"https:\/\/phukienflytech.vn\/danh-muc\/chua-phan-loai.html\"},{\"@type\":\"ListItem\",\"position\":4,\"name\":\"Pin Mavic Mini \u2013 DJI\"}]},{\"@type\":\"WebSite\",\"@id\":\"https:\/\/phukienflytech.vn\/#website\",\"url\":\"https:\/\/phukienflytech.vn\/\",\"name\":\"Shop M\u00e1y \u1ea3nh - Action Camera - Gimbal - Flycam - Ph\u1ee5 ki\u1ec7n\",\"description\":\"Shop M\u00e1y \u1ea3nh - Action Camera - Gimbal - Flycam - Ph\u1ee5 ki\u1ec7n\",\"publisher\":{\"@id\":\"https:\/\/phukienflytech.vn\/#organization\"},\"potentialAction\":[{\"@type\":\"SearchAction\",\"target\":{\"@type\":\"EntryPoint\",\"urlTemplate\":\"https:\/\/phukienflytech.vn\/?s={search_term_string}\"},\"query-input\":{\"@type\":\"PropertyValueSpecification\",\"valueRequired\":true,\"valueName\":\"search_term_string\"}}],\"inLanguage\":\"en-US\"},{\"@type\":\"Organization\",\"@id\":\"https:\/\/phukienflytech.vn\/#organization\",\"name\":\"DJI Store - Shop Drone, Action camera, Gimbal DJI |Phukienflytech\",\"alternateName\":\"DJI Store - Shop Drone, Action camera, Gimbal DJI |Phukienflytech\",\"url\":\"https:\/\/phukienflytech.vn\/\",\"logo\":{\"@type\":\"ImageObject\",\"inLanguage\":\"en-US\",\"@id\":\"https:\/\/phukienflytech.vn\/#\/schema\/logo\/image\/\",\"url\":\"https:\/\/phukienflytech.vn\/wp-content\/uploads\/2020\/05\/hAnh_nan.jpg1_.jpg\",\"contentUrl\":\"https:\/\/phukienflytech.vn\/wp-content\/uploads\/2020\/05\/hAnh_nan.jpg1_.jpg\",\"width\":800,\"height\":450,\"caption\":\"DJI Store - Shop Drone, Action camera, Gimbal DJI |Phukienflytech\"},\"image\":{\"@id\":\"https:\/\/phukienflytech.vn\/#\/schema\/logo\/image\/\"},\"sameAs\":[\"https:\/\/facebook.com\/phukienflycam\",\"https:\/\/www.youtube.com\/@phukienflytech\",\"https:\/\/www.tiktok.com\/@flytech.channel?fbclid=IwY2xjawGjg7BleHRuA2FlbQIxMAABHYVGmlXpuSMs0UB2zTpYvyT4GMVfN2qJa4urF4vkSQ6FAVBwXZtDP30qQA_aem_UwMiDcUvlEbd2tXAmsc8Og\"]}]}<\/script>\n<!-- \/ Yoast SEO plugin. -->","yoast_head_json":{"title":"Pin Mavic Mini \u2013 DJI - Shop M\u00e1y \u1ea3nh - Action Camera - Gimbal - Flycam - Ph\u1ee5 ki\u1ec7n","robots":{"index":"index","follow":"follow","max-snippet":"max-snippet:-1","max-image-preview":"max-image-preview:large","max-video-preview":"max-video-preview:-1"},"canonical":"https:\/\/phukienflytech.vn\/en\/san-pham\/pin-mavic-mini-dji.html","og_locale":"en_US","og_type":"article","og_title":"Pin Mavic Mini \u2013 DJI - Shop M\u00e1y \u1ea3nh - Action Camera - Gimbal - Flycam - Ph\u1ee5 ki\u1ec7n","og_description":"Pin Mavic Mini ch\u00ednh h\u00e3ng DJI l\u00e0 h\u1ec7 pin th\u00f4ng minh. Pin \u0111\u01b0\u1ee3c b\u1ea3o h\u00e0nh 6 th\u00e1ng v\u00e0 ship cod to\u00e0n qu\u1ed1c khi mua t\u1ea1i Shop phukienflytech v\u1edbi m\u1ee9c gi\u00e1 r\u1ebb nh\u1ea5t.","og_url":"https:\/\/phukienflytech.vn\/en\/san-pham\/pin-mavic-mini-dji.html","og_site_name":"Shop M\u00e1y \u1ea3nh - Action Camera - Gimbal - Flycam - Ph\u1ee5 ki\u1ec7n","article_publisher":"https:\/\/facebook.com\/phukienflycam","article_modified_time":"2020-05-13T02:16:23+00:00","og_image":[{"width":500,"height":500,"url":"https:\/\/phukienflytech.vn\/wp-content\/uploads\/2020\/05\/pin-mavic-mini-chinh-hang-dji-phu-kien-flycam-dji-chinh-hang-3.jpg","type":"image\/jpeg"}],"twitter_card":"summary_large_image","twitter_misc":{"Est. reading time":"3 minutes"},"schema":{"@context":"https:\/\/schema.org","@graph":[{"@type":"WebPage","@id":"https:\/\/phukienflytech.vn\/en\/san-pham\/pin-mavic-mini-dji.html","url":"https:\/\/phukienflytech.vn\/en\/san-pham\/pin-mavic-mini-dji.html","name":"Pin Mavic Mini \u2013 DJI - Shop M\u00e1y \u1ea3nh - Action Camera - Gimbal - Flycam - Ph\u1ee5 ki\u1ec7n","isPartOf":{"@id":"https:\/\/phukienflytech.vn\/#website"},"primaryImageOfPage":{"@id":"https:\/\/phukienflytech.vn\/en\/san-pham\/pin-mavic-mini-dji.html#primaryimage"},"image":{"@id":"https:\/\/phukienflytech.vn\/en\/san-pham\/pin-mavic-mini-dji.html#primaryimage"},"thumbnailUrl":"https:\/\/phukienflytech.vn\/wp-content\/uploads\/2020\/05\/pin-mavic-mini-chinh-hang-dji-phu-kien-flycam-dji-chinh-hang-3.jpg","datePublished":"2020-05-11T12:56:56+00:00","dateModified":"2020-05-13T02:16:23+00:00","breadcrumb":{"@id":"https:\/\/phukienflytech.vn\/en\/san-pham\/pin-mavic-mini-dji.html#breadcrumb"},"inLanguage":"en-US","potentialAction":[{"@type":"ReadAction","target":["https:\/\/phukienflytech.vn\/en\/san-pham\/pin-mavic-mini-dji.html"]}]},{"@type":"ImageObject","inLanguage":"en-US","@id":"https:\/\/phukienflytech.vn\/en\/san-pham\/pin-mavic-mini-dji.html#primaryimage","url":"https:\/\/phukienflytech.vn\/wp-content\/uploads\/2020\/05\/pin-mavic-mini-chinh-hang-dji-phu-kien-flycam-dji-chinh-hang-3.jpg","contentUrl":"https:\/\/phukienflytech.vn\/wp-content\/uploads\/2020\/05\/pin-mavic-mini-chinh-hang-dji-phu-kien-flycam-dji-chinh-hang-3.jpg","width":500,"height":500},{"@type":"BreadcrumbList","@id":"https:\/\/phukienflytech.vn\/en\/san-pham\/pin-mavic-mini-dji.html#breadcrumb","itemListElement":[{"@type":"ListItem","position":1,"name":"Home","item":"https:\/\/phukienflytech.vn\/en"},{"@type":"ListItem","position":2,"name":"Ph\u1ee5 ki\u1ec7n Mavic Pro","item":"https:\/\/phukienflytech.vn\/en\/phu-kien-mavic-pro.html"},{"@type":"ListItem","position":3,"name":"Ch\u01b0a ph\u00e2n lo\u1ea1i","item":"https:\/\/phukienflytech.vn\/danh-muc\/chua-phan-loai.html"},{"@type":"ListItem","position":4,"name":"Pin Mavic Mini \u2013 DJI"}]},{"@type":"WebSite","@id":"https:\/\/phukienflytech.vn\/#website","url":"https:\/\/phukienflytech.vn\/","name":"Shop M\u00e1y \u1ea3nh - Action Camera - Gimbal - Flycam - Ph\u1ee5 ki\u1ec7n","description":"Shop M\u00e1y \u1ea3nh - Action Camera - Gimbal - Flycam - Ph\u1ee5 ki\u1ec7n","publisher":{"@id":"https:\/\/phukienflytech.vn\/#organization"},"potentialAction":[{"@type":"SearchAction","target":{"@type":"EntryPoint","urlTemplate":"https:\/\/phukienflytech.vn\/?s={search_term_string}"},"query-input":{"@type":"PropertyValueSpecification","valueRequired":true,"valueName":"search_term_string"}}],"inLanguage":"en-US"},{"@type":"Organization","@id":"https:\/\/phukienflytech.vn\/#organization","name":"DJI Store - Shop Drone, Action camera, Gimbal DJI |Phukienflytech","alternateName":"DJI Store - Shop Drone, Action camera, Gimbal DJI |Phukienflytech","url":"https:\/\/phukienflytech.vn\/","logo":{"@type":"ImageObject","inLanguage":"en-US","@id":"https:\/\/phukienflytech.vn\/#\/schema\/logo\/image\/","url":"https:\/\/phukienflytech.vn\/wp-content\/uploads\/2020\/05\/hAnh_nan.jpg1_.jpg","contentUrl":"https:\/\/phukienflytech.vn\/wp-content\/uploads\/2020\/05\/hAnh_nan.jpg1_.jpg","width":800,"height":450,"caption":"DJI Store - Shop Drone, Action camera, Gimbal DJI |Phukienflytech"},"image":{"@id":"https:\/\/phukienflytech.vn\/#\/schema\/logo\/image\/"},"sameAs":["https:\/\/facebook.com\/phukienflycam","https:\/\/www.youtube.com\/@phukienflytech","https:\/\/www.tiktok.com\/@flytech.channel?fbclid=IwY2xjawGjg7BleHRuA2FlbQIxMAABHYVGmlXpuSMs0UB2zTpYvyT4GMVfN2qJa4urF4vkSQ6FAVBwXZtDP30qQA_aem_UwMiDcUvlEbd2tXAmsc8Og"]}]}},"_links":{"self":[{"href":"https:\/\/phukienflytech.vn\/en\/wp-json\/wp\/v2\/product\/1023","targetHints":{"allow":["GET"]}}],"collection":[{"href":"https:\/\/phukienflytech.vn\/en\/wp-json\/wp\/v2\/product"}],"about":[{"href":"https:\/\/phukienflytech.vn\/en\/wp-json\/wp\/v2\/types\/product"}],"replies":[{"embeddable":true,"href":"https:\/\/phukienflytech.vn\/en\/wp-json\/wp\/v2\/comments?post=1023"}],"wp:featuredmedia":[{"embeddable":true,"href":"https:\/\/phukienflytech.vn\/en\/wp-json\/wp\/v2\/media\/925"}],"wp:attachment":[{"href":"https:\/\/phukienflytech.vn\/en\/wp-json\/wp\/v2\/media?parent=1023"}],"wp:term":[{"taxonomy":"product_brand","embeddable":true,"href":"https:\/\/phukienflytech.vn\/en\/wp-json\/wp\/v2\/product_brand?post=1023"},{"taxonomy":"product_cat","embeddable":true,"href":"https:\/\/phukienflytech.vn\/en\/wp-json\/wp\/v2\/product_cat?post=1023"},{"taxonomy":"product_tag","embeddable":true,"href":"https:\/\/phukienflytech.vn\/en\/wp-json\/wp\/v2\/product_tag?post=1023"}],"curies":[{"name":"wp","href":"https:\/\/api.w.org\/{rel}","templated":true}]}}