{"id":1024,"date":"2020-05-11T19:55:13","date_gmt":"2020-05-11T12:55:13","guid":{"rendered":"http:\/\/27430.lamdx.vinawebsite.vn\/san-pham\/combo-kit-phantom-4-full-option.html"},"modified":"2020-05-13T09:17:12","modified_gmt":"2020-05-13T02:17:12","slug":"combo-kit-phantom-4-full-option","status":"publish","type":"product","link":"https:\/\/phukienflytech.vn\/en\/san-pham\/combo-kit-phantom-4-full-option.html","title":{"rendered":"Combo kit Phantom 4 &#8211; Full Option"},"content":{"rendered":"<h1><em><strong>Combo Kit\u00a0Phantom 3 series\u00a0\u2013 by phukienflytech.vn\u00a0<\/strong><\/em><\/h1>\n<p><strong><em>B\u1ed9 ph\u1ee5 ki\u1ec7n g\u1ed3m:<\/em><\/strong><\/p>\n<ul>\n<li>Pin phantom 4 Pro 5870 Mah ch\u00ednh\u00a0h\u00e3ng DJI : x 2<\/li>\n<li>C\u00e1nh Phantom 4 pro V2 ch\u00ednh h\u00e3ng : x 2<\/li>\n<li>Balo chuy\u00ean d\u1ee5ng phantom 4: x1<\/li>\n<li>B\u1ed9 s\u1ea1c nhanh 5in1 Phantom 4 series<\/li>\n<\/ul>\n<p>Pin phantom 4 pro 5870mah\u00a0 ch\u00ednh h\u00e3ng DJI<\/p>\n<ul>\n<li>Th\u1eddi gian bay: t\u1ed1i \u0111a 27 ph\u00fat<\/li>\n<li>Dung l\u01b0\u1ee3ng: 5870 mAH<\/li>\n<li>\u0110i\u1ec7n \u00e1p: 15.2 Voltage<\/li>\n<li>Lo\u1ea1i pin: LiPo 4S<\/li>\n<li>C\u00f4ng su\u1ea5t: 89.2 Wh<\/li>\n<li>Tr\u1ecdng l\u01b0\u1ee3ng: 468 g<\/li>\n<li>Nhi\u1ec7t \u0111\u1ed9 ho\u1ea1t \u0111\u1ed9ng b\u00ecnh th\u01b0\u1eddng: 41\u00b0 to 104\u00b0F (5\u00b0C to 40\u00b0C)<\/li>\n<li>N\u0103ng l\u01b0\u1ee3ng s\u1ea1c l\u1edbn nh\u1ea5t: 100 W<\/li>\n<li>Pin d\u00e0nh cho Phantom 4\/ 4pro\/ 4adv<\/li>\n<\/ul>\n<p>Gi\u00e1 b\u00e1n l\u1ebb: 3.650.000 VND<\/p>\n<p><img loading=\"lazy\" decoding=\"async\" src=\"https:\/\/phukienflytech.vn\/wp-content\/uploads\/2020\/05\/combo-kit-phantom-4-full-option-708.jpg\" alt=\"\" width=\"400\" height=\"400\" \/><\/p>\n<p>C\u00e1nh phantom 4 pro V2 ch\u00ednh h\u00e3ng ch\u00ednh h\u00e3ng<\/p>\n<p>Gi\u00e1 b\u00e1n l\u1ebb: 230.000 VND \/ c\u1eb7p ~ 460.000 VND\/ b\u1ed9 4 c\u00e1nh<\/p>\n<p><img loading=\"lazy\" decoding=\"async\" src=\"https:\/\/phukienflytech.vn\/wp-content\/uploads\/2020\/05\/combo-kit-phantom-4-full-option-708-1.jpg\" alt=\"\" width=\"400\" height=\"400\" \/><\/p>\n<p>Balo\u00a0chuy\u00ean d\u1ee5ng\u00a0phantom 4 (kh\u00f4ng g\u1ed3m h\u1ed9p x\u1ed1p)<\/p>\n<p>Gi\u00e1 b\u00e1n l\u1ebb: 1.450.000 VND<\/p>\n<p><img loading=\"lazy\" decoding=\"async\" src=\"https:\/\/phukienflytech.vn\/wp-content\/uploads\/2020\/05\/combo-kit-phantom-4-full-option-708-2.jpg\" alt=\"\" width=\"500\" height=\"500\" \/><\/p>\n<p>B\u1ed9 s\u1ea1c nhanh 5in1 Phantom 4<\/p>\n<p>Gi\u00e1 b\u00e1n l\u1ebb: 980.000 VND<\/p>\n<p>L\u00e0 phi\u00ean b\u1ea3n m\u1edbi s\u1ea1c nhanh Phantom 4 series c\u1ee7a Yxtek<\/p>\n<p>Ph\u00f9 h\u1ee3p v\u1edbi : Phantom 4 \/ pro \/ pro+ \/ adv<\/p>\n<p>D\u00f2ng \u0111i\u1ec7n v\u00e0o : 110 &#8211; 220V<\/p>\n<p>D\u00f2ng \u0111i\u1ec7n ra : 17.5V &#8211; 13.5 A (m\u1ed7i d\u00e2y \u0111\u1ea7u ra : 17.5V &#8211; 4.5A)<\/p>\n<p>Th\u1eddi gian s\u1ea1c : 75 &#8211; 85 ph\u00fat cho t\u1ea5t c\u1ea3<\/p>\n<p>B\u1ed9 s\u1ea1c \u0111\u00e3 \u0111\u01b0\u1ee3c c\u1ea3i ti\u1ebfn \u1ed5n \u00e1p v\u00e0 qu\u1ea1t l\u00e0m m\u00e1t (tuy\u1ec7t \u0111\u1ed1i an to\u00e0n &#8211; v\u00e0 th\u00f4ng minh)<\/p>\n<p><img loading=\"lazy\" decoding=\"async\" src=\"https:\/\/phukienflytech.vn\/wp-content\/uploads\/2020\/05\/combo-kit-phantom-4-full-option-708-3.jpg\" alt=\"\" width=\"450\" height=\"450\" \/><\/p>\n","protected":false},"excerpt":{"rendered":"<p>Combo Kit Phantom 3 series \u2013 by phukienflytech.vn B\u1ed9 ph\u1ee5 ki\u1ec7n g\u1ed3m: Pin phantom 4 Pro 5870 Mah ch\u00ednh h\u00e3ng DJI : x 2 C\u00e1nh Phantom 4 pro V2 ch\u00ednh h\u00e3ng : x 2 Balo chuy\u00ean d\u1ee5ng phantom 4: x1 B\u1ed9 s\u1ea1c nhanh 5in1 Phantom 4 series<\/p>\n","protected":false},"featured_media":920,"comment_status":"open","ping_status":"closed","template":"","meta":{"_acf_changed":false},"product_brand":[],"product_cat":[791],"product_tag":[],"class_list":{"0":"post-1024","1":"product","2":"type-product","3":"status-publish","4":"has-post-thumbnail","6":"product_cat-chua-phan-loai","8":"first","9":"instock","10":"shipping-taxable","11":"purchasable","12":"product-type-simple"},"acf":[],"yoast_head":"<!-- This site is optimized with the Yoast SEO plugin v25.7 - https:\/\/yoast.com\/wordpress\/plugins\/seo\/ -->\n<title>Combo kit Phantom 4 - Full Option - Shop M\u00e1y \u1ea3nh - Action Camera - Gimbal - Flycam - Ph\u1ee5 ki\u1ec7n<\/title>\n<meta name=\"robots\" content=\"index, follow, max-snippet:-1, max-image-preview:large, max-video-preview:-1\" \/>\n<link rel=\"canonical\" href=\"https:\/\/phukienflytech.vn\/en\/san-pham\/combo-kit-phantom-4-full-option.html\" \/>\n<meta property=\"og:locale\" content=\"en_US\" \/>\n<meta property=\"og:type\" content=\"article\" \/>\n<meta property=\"og:title\" content=\"Combo kit Phantom 4 - Full Option - Shop M\u00e1y \u1ea3nh - Action Camera - Gimbal - Flycam - Ph\u1ee5 ki\u1ec7n\" \/>\n<meta property=\"og:description\" content=\"Combo Kit Phantom 3 series \u2013 by phukienflytech.vn B\u1ed9 ph\u1ee5 ki\u1ec7n g\u1ed3m: Pin phantom 4 Pro 5870 Mah ch\u00ednh h\u00e3ng DJI : x 2 C\u00e1nh Phantom 4 pro V2 ch\u00ednh h\u00e3ng : x 2 Balo chuy\u00ean d\u1ee5ng phantom 4: x1 B\u1ed9 s\u1ea1c nhanh 5in1 Phantom 4 series\" \/>\n<meta property=\"og:url\" content=\"https:\/\/phukienflytech.vn\/en\/san-pham\/combo-kit-phantom-4-full-option.html\" \/>\n<meta property=\"og:site_name\" content=\"Shop M\u00e1y \u1ea3nh - Action Camera - Gimbal - Flycam - Ph\u1ee5 ki\u1ec7n\" \/>\n<meta property=\"article:publisher\" content=\"https:\/\/facebook.com\/phukienflycam\" \/>\n<meta property=\"article:modified_time\" content=\"2020-05-13T02:17:12+00:00\" \/>\n<meta property=\"og:image\" content=\"https:\/\/phukienflytech.vn\/wp-content\/uploads\/2020\/05\/combo-kit-phantom-4-full-option-promotion_-_Copy.png\" \/>\n\t<meta property=\"og:image:width\" content=\"500\" \/>\n\t<meta property=\"og:image:height\" content=\"500\" \/>\n\t<meta property=\"og:image:type\" content=\"image\/png\" \/>\n<meta name=\"twitter:card\" content=\"summary_large_image\" \/>\n<meta name=\"twitter:label1\" content=\"Est. reading time\" \/>\n\t<meta name=\"twitter:data1\" content=\"1 minute\" \/>\n<script type=\"application\/ld+json\" class=\"yoast-schema-graph\">{\"@context\":\"https:\/\/schema.org\",\"@graph\":[{\"@type\":\"WebPage\",\"@id\":\"https:\/\/phukienflytech.vn\/en\/san-pham\/combo-kit-phantom-4-full-option.html\",\"url\":\"https:\/\/phukienflytech.vn\/en\/san-pham\/combo-kit-phantom-4-full-option.html\",\"name\":\"Combo kit Phantom 4 - Full Option - Shop M\u00e1y \u1ea3nh - Action Camera - Gimbal - Flycam - Ph\u1ee5 ki\u1ec7n\",\"isPartOf\":{\"@id\":\"https:\/\/phukienflytech.vn\/#website\"},\"primaryImageOfPage\":{\"@id\":\"https:\/\/phukienflytech.vn\/en\/san-pham\/combo-kit-phantom-4-full-option.html#primaryimage\"},\"image\":{\"@id\":\"https:\/\/phukienflytech.vn\/en\/san-pham\/combo-kit-phantom-4-full-option.html#primaryimage\"},\"thumbnailUrl\":\"https:\/\/phukienflytech.vn\/wp-content\/uploads\/2020\/05\/combo-kit-phantom-4-full-option-promotion_-_Copy.png\",\"datePublished\":\"2020-05-11T12:55:13+00:00\",\"dateModified\":\"2020-05-13T02:17:12+00:00\",\"breadcrumb\":{\"@id\":\"https:\/\/phukienflytech.vn\/en\/san-pham\/combo-kit-phantom-4-full-option.html#breadcrumb\"},\"inLanguage\":\"en-US\",\"potentialAction\":[{\"@type\":\"ReadAction\",\"target\":[\"https:\/\/phukienflytech.vn\/en\/san-pham\/combo-kit-phantom-4-full-option.html\"]}]},{\"@type\":\"ImageObject\",\"inLanguage\":\"en-US\",\"@id\":\"https:\/\/phukienflytech.vn\/en\/san-pham\/combo-kit-phantom-4-full-option.html#primaryimage\",\"url\":\"https:\/\/phukienflytech.vn\/wp-content\/uploads\/2020\/05\/combo-kit-phantom-4-full-option-promotion_-_Copy.png\",\"contentUrl\":\"https:\/\/phukienflytech.vn\/wp-content\/uploads\/2020\/05\/combo-kit-phantom-4-full-option-promotion_-_Copy.png\",\"width\":500,\"height\":500},{\"@type\":\"BreadcrumbList\",\"@id\":\"https:\/\/phukienflytech.vn\/en\/san-pham\/combo-kit-phantom-4-full-option.html#breadcrumb\",\"itemListElement\":[{\"@type\":\"ListItem\",\"position\":1,\"name\":\"Home\",\"item\":\"https:\/\/phukienflytech.vn\/en\"},{\"@type\":\"ListItem\",\"position\":2,\"name\":\"Ph\u1ee5 ki\u1ec7n Mavic Pro\",\"item\":\"https:\/\/phukienflytech.vn\/en\/phu-kien-mavic-pro.html\"},{\"@type\":\"ListItem\",\"position\":3,\"name\":\"Ch\u01b0a ph\u00e2n lo\u1ea1i\",\"item\":\"https:\/\/phukienflytech.vn\/danh-muc\/chua-phan-loai.html\"},{\"@type\":\"ListItem\",\"position\":4,\"name\":\"Combo kit Phantom 4 &#8211; Full Option\"}]},{\"@type\":\"WebSite\",\"@id\":\"https:\/\/phukienflytech.vn\/#website\",\"url\":\"https:\/\/phukienflytech.vn\/\",\"name\":\"Shop M\u00e1y \u1ea3nh - Action Camera - Gimbal - Flycam - Ph\u1ee5 ki\u1ec7n\",\"description\":\"Shop M\u00e1y \u1ea3nh - Action Camera - Gimbal - Flycam - Ph\u1ee5 ki\u1ec7n\",\"publisher\":{\"@id\":\"https:\/\/phukienflytech.vn\/#organization\"},\"potentialAction\":[{\"@type\":\"SearchAction\",\"target\":{\"@type\":\"EntryPoint\",\"urlTemplate\":\"https:\/\/phukienflytech.vn\/?s={search_term_string}\"},\"query-input\":{\"@type\":\"PropertyValueSpecification\",\"valueRequired\":true,\"valueName\":\"search_term_string\"}}],\"inLanguage\":\"en-US\"},{\"@type\":\"Organization\",\"@id\":\"https:\/\/phukienflytech.vn\/#organization\",\"name\":\"DJI Store - Shop Drone, Action camera, Gimbal DJI |Phukienflytech\",\"alternateName\":\"DJI Store - Shop Drone, Action camera, Gimbal DJI |Phukienflytech\",\"url\":\"https:\/\/phukienflytech.vn\/\",\"logo\":{\"@type\":\"ImageObject\",\"inLanguage\":\"en-US\",\"@id\":\"https:\/\/phukienflytech.vn\/#\/schema\/logo\/image\/\",\"url\":\"https:\/\/phukienflytech.vn\/wp-content\/uploads\/2020\/05\/hAnh_nan.jpg1_.jpg\",\"contentUrl\":\"https:\/\/phukienflytech.vn\/wp-content\/uploads\/2020\/05\/hAnh_nan.jpg1_.jpg\",\"width\":800,\"height\":450,\"caption\":\"DJI Store - Shop Drone, Action camera, Gimbal DJI |Phukienflytech\"},\"image\":{\"@id\":\"https:\/\/phukienflytech.vn\/#\/schema\/logo\/image\/\"},\"sameAs\":[\"https:\/\/facebook.com\/phukienflycam\",\"https:\/\/www.youtube.com\/@phukienflytech\",\"https:\/\/www.tiktok.com\/@flytech.channel?fbclid=IwY2xjawGjg7BleHRuA2FlbQIxMAABHYVGmlXpuSMs0UB2zTpYvyT4GMVfN2qJa4urF4vkSQ6FAVBwXZtDP30qQA_aem_UwMiDcUvlEbd2tXAmsc8Og\"]}]}<\/script>\n<!-- \/ Yoast SEO plugin. -->","yoast_head_json":{"title":"Combo kit Phantom 4 - Full Option - Shop M\u00e1y \u1ea3nh - Action Camera - Gimbal - Flycam - Ph\u1ee5 ki\u1ec7n","robots":{"index":"index","follow":"follow","max-snippet":"max-snippet:-1","max-image-preview":"max-image-preview:large","max-video-preview":"max-video-preview:-1"},"canonical":"https:\/\/phukienflytech.vn\/en\/san-pham\/combo-kit-phantom-4-full-option.html","og_locale":"en_US","og_type":"article","og_title":"Combo kit Phantom 4 - Full Option - Shop M\u00e1y \u1ea3nh - Action Camera - Gimbal - Flycam - Ph\u1ee5 ki\u1ec7n","og_description":"Combo Kit Phantom 3 series \u2013 by phukienflytech.vn B\u1ed9 ph\u1ee5 ki\u1ec7n g\u1ed3m: Pin phantom 4 Pro 5870 Mah ch\u00ednh h\u00e3ng DJI : x 2 C\u00e1nh Phantom 4 pro V2 ch\u00ednh h\u00e3ng : x 2 Balo chuy\u00ean d\u1ee5ng phantom 4: x1 B\u1ed9 s\u1ea1c nhanh 5in1 Phantom 4 series","og_url":"https:\/\/phukienflytech.vn\/en\/san-pham\/combo-kit-phantom-4-full-option.html","og_site_name":"Shop M\u00e1y \u1ea3nh - Action Camera - Gimbal - Flycam - Ph\u1ee5 ki\u1ec7n","article_publisher":"https:\/\/facebook.com\/phukienflycam","article_modified_time":"2020-05-13T02:17:12+00:00","og_image":[{"width":500,"height":500,"url":"https:\/\/phukienflytech.vn\/wp-content\/uploads\/2020\/05\/combo-kit-phantom-4-full-option-promotion_-_Copy.png","type":"image\/png"}],"twitter_card":"summary_large_image","twitter_misc":{"Est. reading time":"1 minute"},"schema":{"@context":"https:\/\/schema.org","@graph":[{"@type":"WebPage","@id":"https:\/\/phukienflytech.vn\/en\/san-pham\/combo-kit-phantom-4-full-option.html","url":"https:\/\/phukienflytech.vn\/en\/san-pham\/combo-kit-phantom-4-full-option.html","name":"Combo kit Phantom 4 - Full Option - Shop M\u00e1y \u1ea3nh - Action Camera - Gimbal - Flycam - Ph\u1ee5 ki\u1ec7n","isPartOf":{"@id":"https:\/\/phukienflytech.vn\/#website"},"primaryImageOfPage":{"@id":"https:\/\/phukienflytech.vn\/en\/san-pham\/combo-kit-phantom-4-full-option.html#primaryimage"},"image":{"@id":"https:\/\/phukienflytech.vn\/en\/san-pham\/combo-kit-phantom-4-full-option.html#primaryimage"},"thumbnailUrl":"https:\/\/phukienflytech.vn\/wp-content\/uploads\/2020\/05\/combo-kit-phantom-4-full-option-promotion_-_Copy.png","datePublished":"2020-05-11T12:55:13+00:00","dateModified":"2020-05-13T02:17:12+00:00","breadcrumb":{"@id":"https:\/\/phukienflytech.vn\/en\/san-pham\/combo-kit-phantom-4-full-option.html#breadcrumb"},"inLanguage":"en-US","potentialAction":[{"@type":"ReadAction","target":["https:\/\/phukienflytech.vn\/en\/san-pham\/combo-kit-phantom-4-full-option.html"]}]},{"@type":"ImageObject","inLanguage":"en-US","@id":"https:\/\/phukienflytech.vn\/en\/san-pham\/combo-kit-phantom-4-full-option.html#primaryimage","url":"https:\/\/phukienflytech.vn\/wp-content\/uploads\/2020\/05\/combo-kit-phantom-4-full-option-promotion_-_Copy.png","contentUrl":"https:\/\/phukienflytech.vn\/wp-content\/uploads\/2020\/05\/combo-kit-phantom-4-full-option-promotion_-_Copy.png","width":500,"height":500},{"@type":"BreadcrumbList","@id":"https:\/\/phukienflytech.vn\/en\/san-pham\/combo-kit-phantom-4-full-option.html#breadcrumb","itemListElement":[{"@type":"ListItem","position":1,"name":"Home","item":"https:\/\/phukienflytech.vn\/en"},{"@type":"ListItem","position":2,"name":"Ph\u1ee5 ki\u1ec7n Mavic Pro","item":"https:\/\/phukienflytech.vn\/en\/phu-kien-mavic-pro.html"},{"@type":"ListItem","position":3,"name":"Ch\u01b0a ph\u00e2n lo\u1ea1i","item":"https:\/\/phukienflytech.vn\/danh-muc\/chua-phan-loai.html"},{"@type":"ListItem","position":4,"name":"Combo kit Phantom 4 &#8211; Full Option"}]},{"@type":"WebSite","@id":"https:\/\/phukienflytech.vn\/#website","url":"https:\/\/phukienflytech.vn\/","name":"Shop M\u00e1y \u1ea3nh - Action Camera - Gimbal - Flycam - Ph\u1ee5 ki\u1ec7n","description":"Shop M\u00e1y \u1ea3nh - Action Camera - Gimbal - Flycam - Ph\u1ee5 ki\u1ec7n","publisher":{"@id":"https:\/\/phukienflytech.vn\/#organization"},"potentialAction":[{"@type":"SearchAction","target":{"@type":"EntryPoint","urlTemplate":"https:\/\/phukienflytech.vn\/?s={search_term_string}"},"query-input":{"@type":"PropertyValueSpecification","valueRequired":true,"valueName":"search_term_string"}}],"inLanguage":"en-US"},{"@type":"Organization","@id":"https:\/\/phukienflytech.vn\/#organization","name":"DJI Store - Shop Drone, Action camera, Gimbal DJI |Phukienflytech","alternateName":"DJI Store - Shop Drone, Action camera, Gimbal DJI |Phukienflytech","url":"https:\/\/phukienflytech.vn\/","logo":{"@type":"ImageObject","inLanguage":"en-US","@id":"https:\/\/phukienflytech.vn\/#\/schema\/logo\/image\/","url":"https:\/\/phukienflytech.vn\/wp-content\/uploads\/2020\/05\/hAnh_nan.jpg1_.jpg","contentUrl":"https:\/\/phukienflytech.vn\/wp-content\/uploads\/2020\/05\/hAnh_nan.jpg1_.jpg","width":800,"height":450,"caption":"DJI Store - Shop Drone, Action camera, Gimbal DJI |Phukienflytech"},"image":{"@id":"https:\/\/phukienflytech.vn\/#\/schema\/logo\/image\/"},"sameAs":["https:\/\/facebook.com\/phukienflycam","https:\/\/www.youtube.com\/@phukienflytech","https:\/\/www.tiktok.com\/@flytech.channel?fbclid=IwY2xjawGjg7BleHRuA2FlbQIxMAABHYVGmlXpuSMs0UB2zTpYvyT4GMVfN2qJa4urF4vkSQ6FAVBwXZtDP30qQA_aem_UwMiDcUvlEbd2tXAmsc8Og"]}]}},"_links":{"self":[{"href":"https:\/\/phukienflytech.vn\/en\/wp-json\/wp\/v2\/product\/1024","targetHints":{"allow":["GET"]}}],"collection":[{"href":"https:\/\/phukienflytech.vn\/en\/wp-json\/wp\/v2\/product"}],"about":[{"href":"https:\/\/phukienflytech.vn\/en\/wp-json\/wp\/v2\/types\/product"}],"replies":[{"embeddable":true,"href":"https:\/\/phukienflytech.vn\/en\/wp-json\/wp\/v2\/comments?post=1024"}],"wp:featuredmedia":[{"embeddable":true,"href":"https:\/\/phukienflytech.vn\/en\/wp-json\/wp\/v2\/media\/920"}],"wp:attachment":[{"href":"https:\/\/phukienflytech.vn\/en\/wp-json\/wp\/v2\/media?parent=1024"}],"wp:term":[{"taxonomy":"product_brand","embeddable":true,"href":"https:\/\/phukienflytech.vn\/en\/wp-json\/wp\/v2\/product_brand?post=1024"},{"taxonomy":"product_cat","embeddable":true,"href":"https:\/\/phukienflytech.vn\/en\/wp-json\/wp\/v2\/product_cat?post=1024"},{"taxonomy":"product_tag","embeddable":true,"href":"https:\/\/phukienflytech.vn\/en\/wp-json\/wp\/v2\/product_tag?post=1024"}],"curies":[{"name":"wp","href":"https:\/\/api.w.org\/{rel}","templated":true}]}}