{"id":1025,"date":"2020-05-11T19:59:42","date_gmt":"2020-05-11T12:59:42","guid":{"rendered":"http:\/\/27430.lamdx.vinawebsite.vn\/san-pham\/mavic-mini-battery-charging-hub.html"},"modified":"2020-05-11T23:17:37","modified_gmt":"2020-05-11T16:17:37","slug":"mavic-mini-battery-charging-hub","status":"publish","type":"product","link":"https:\/\/phukienflytech.vn\/en\/san-pham\/mavic-mini-battery-charging-hub.html","title":{"rendered":"Mavic Mini battery charging hub"},"content":{"rendered":"<h1><strong>Hub s\u1ea1c pin Mavic Mini<\/strong><\/h1>\n<p>V\u1edbi m\u1ed7i ng\u01b0\u1eddi ch\u01a1i flycam \u0111\u1ec1u trang b\u1ecb cho m\u00ecnh t\u1eeb 2 t\u1edbi 3\u00a0<strong>vi\u00ean pin<\/strong>\u00a0\u0111\u1ec3 c\u00f3 th\u1ec3 th\u1ecfa m\u00e3n th\u1eddi gian, \u0111am m\u00ea c\u0169ng nh\u01b0 \u0111\u00e1p \u1ee9ng \u0111\u01b0\u1ee3c nhu c\u1ea7u quay phim v\u00e0 ch\u1ee5p h\u00ecnh t\u1eeb tr\u00ean cao.<\/p>\n<p>V\u1edbi Mavic mini c\u00f3 2 phi\u00ean b\u1ea3n \u0111\u1ec3 b\u1ea1n l\u1ef1a ch\u1ecdn \u0111\u00f3 l\u00e0 b\u1ea3n Mavic Mini ti\u00eau chu\u1ea9n v\u00e0 b\u1ea3n Mavic Mini Combo. \u1ede b\u1ea3n Mavic Mini Combo ch\u00fang ta s\u1ebd c\u00f3<strong>\u00a0hub s\u1ea1c pin Mavic Mini<\/strong>\u00a0v\u00e0 3\u00a0<strong>pin Mavic Mini<\/strong>\u00a0\u0111i k\u00e8m.<\/p>\n<p><img loading=\"lazy\" decoding=\"async\" src=\"https:\/\/phukienflytech.vn\/wp-content\/uploads\/2020\/05\/hub-sac-pin-mavic-mini-710.jpg\" alt=\"hub-s\u1ea1c-mavic-mini\" width=\"550\" height=\"547\" \/><\/p>\n<p>C\u00f2n v\u1edbi b\u1ea3n Mavic Mini ti\u00eau chu\u1ea9n ch\u00fang ta s\u1ebd ch\u1ec9 c\u00f3 1\u00a0<strong>pin Mavic Mini<\/strong>\u00a0v\u00e0 ch\u00fang ta s\u1ebd kh\u00f4ng c\u00f3\u00a0<strong>hub s\u1ea1c pin Mavic Mini<\/strong>. V\u00ec v\u1eady \u0111a s\u1ed1 ng\u01b0\u1eddi ch\u01a1i s\u1ebd ch\u1ecdn mua l\u1ebb th\u00eam 2\u00a0<strong>pin Mavic Mini<\/strong>,\u00a0<strong>b\u1ed9 hub s\u1ea1c Mavic Mini<\/strong>\u00a0v\u00e0 c\u00e1c\u00a0<strong>Ph\u1ee5 ki\u1ec7n Mavic Mini<\/strong>\u00a0\u1edf b\u00ean ngo\u00e0i.<\/p>\n<p><img loading=\"lazy\" decoding=\"async\" src=\"https:\/\/phukienflytech.vn\/wp-content\/uploads\/2020\/05\/hub-sac-pin-mavic-mini-710-1.jpg\" alt=\"hub-s\u1ea1c-ch\u00ednh-h\u00e3ng-dji\" width=\"550\" height=\"367\" \/><\/p>\n<p>1 vi\u00ean\u00a0<em><strong>pin Mavic Mini\u00a0<\/strong><\/em>m\u1ea5t kho\u1ea3ng 40 ph\u00fat \u0111\u1ec3 s\u1ea1c \u0111\u1ea7y, nh\u01b0ng v\u1edbi\u00a0<strong>hub s\u1ea1c pin Mavic Mini<\/strong>\u00a0ch\u00fang ta s\u1ebd ti\u1ebft ki\u1ec7m \u0111\u01b0\u1ee3c th\u1eddi gian s\u1ea1c h\u01a1n r\u1ea5t nhi\u1ec1u khi c\u00f3 th\u1ec3 s\u1ea1c 3\u00a0<strong>pin Mavic Mini<\/strong>\u00a0b\u1eb1ng\u00a0<strong>hub s\u1ea1c pin Mavic Mini<\/strong>\u00a0trong 1 l\u1ea7n c\u1eafm s\u1ea1c.<\/p>\n<p>Ph\u1ea3i m\u1ea5t 270 ph\u00fat \u0111\u1ec3 s\u1ea1c t\u1ea5t c\u1ea3 pin b\u1eb1ng b\u1ed9 s\u1ea1c USB DJI 18 W.\u00a0N\u00f3 c\u0169ng c\u00f3 th\u1ec3 \u0111\u01b0\u1ee3c s\u1eed d\u1ee5ng \u0111\u1ec3 l\u01b0u tr\u1eef v\u00e0 v\u1eadn chuy\u1ec3n pin, v\u00e0 th\u1eadm ch\u00ed nh\u01b0 m\u1ed9t pin s\u1ea1c d\u1ef1 ph\u00f2ng\u00a0\u0111\u1ec3 s\u1ea1c thi\u1ebft b\u1ecb di \u0111\u1ed9ng ho\u1eb7c b\u1ed9 \u0111i\u1ec1u khi\u1ec3n t\u1eeb xa c\u1ee7a b\u1ea1n<\/p>\n<p><img loading=\"lazy\" decoding=\"async\" src=\"https:\/\/phukienflytech.vn\/wp-content\/uploads\/2020\/05\/hub-sac-pin-mavic-mini-710-2.jpg\" alt=\"tr\u00ean-tay-s\u1ea1c-mavic-mini\" width=\"600\" height=\"337\" \/><\/p>\n<h2><strong>Th\u00f4ng tin s\u1ea3n ph\u1ea9m<\/strong><\/h2>\n<p>Hub s\u1ea1c pin Mavic Mini \u00d7 1<\/p>\n<p>C\u00e1p micro USB \u00d7 1<\/p>\n<h2><strong>Th\u00f4ng s\u1ed1 s\u1ea3n ph\u1ea9m<\/strong><\/h2>\n<p>Nhi\u1ec7t \u0111\u1ed9 ho\u1ea1t \u0111\u1ed9ng: 5 \u00b0 \u0111\u1ebfn 40 \u00b0 C (41 \u00b0 \u0111\u1ebfn 104 \u00b0 F)<\/p>\n<p>\u0110\u1ea7u v\u00e0o: 5V \/ 2A 9V \/ 2A 12V \/ 2A<\/p>\n<p>\u0110\u1ea7u ra c\u1ed5ng USB: T\u1ed1i \u0111a 5V \/ 2A<\/p>\n<p>Tr\u1ecdng l\u01b0\u1ee3ng x\u1ea5p x\u1ec9.\u00a080 g<\/p>\n<p>Lo\u1ea1i b\u1ed9 s\u1ea1c: N\u00ean s\u1eed d\u1ee5ng b\u1ed9 s\u1ea1c USB DJI 18 W.\u00a0Ho\u1eb7c b\u1ed9 s\u1ea1c USB \u0111\u01b0\u1ee3c ch\u1ee9ng nh\u1eadn c\u1ee7a FCC \/ CE h\u1ed7 tr\u1ee3 giao th\u1ee9c S\u1ea1c nhanh.<\/p>\n<p>Lo\u1ea1i pin:<\/p>\n<p>MB2-2400mAh-7.2V<\/p>\n<p>MB3-1100mAh-7.6V<\/p>\n<p>Th\u1eddi gian s\u1ea1c: * \u0110\u1ed1i v\u1edbi ba pin MB2-2400mAh-7.2V: Kho\u1ea3ng.\u00a0270 ph\u00fat.\u00a0\u0110\u1ed1i v\u1edbi ba pin MB3-1100mAh-7.6V: X\u1ea5p x\u1ec9.\u00a0150 ph\u00fat.<\/p>\n<p>Tuy kh\u00f4ng h\u1ed7 tr\u1ee3 s\u1ea1c nhanh nh\u01b0ng trong tr\u01b0\u01a1ng h\u1ee3p ta s\u1ea1c \u0111\u00eam s\u1ebd kh\u00f4ng c\u1ea7n ph\u1ea3i canh th\u1eddi gian t\u1eebng vi\u00ean pin \u0111\u1ea7y \u0111\u1ec3 thay th\u1ebf s\u1ea1c vi\u00ean kh\u00e1c, nh\u01b0 v\u1eady th\u1eadt b\u1ea5t ti\u1ec7n<\/p>\n<p>H\u00e3y \u0111\u1ec3\u00a0Ph\u1ee5 Ki\u1ec7n Fly-cam Gi\u00e1 T\u1ed1t\u00a0ti\u1ebfp s\u1ee9c \u0111am m\u00ea, c\u00f4ng vi\u1ec7c c\u1ee7a b\u1ea1n, gi\u00fap b\u1ea1n th\u00eam ni\u1ec1m h\u1ee9ng kh\u1edfi trong \u0111am m\u00ea c\u0169ng nh\u01b0 c\u00f4ng vi\u1ec7c c\u1ee7a m\u00ecnh th\u00eam su\u00f4n s\u1ebb v\u00e0 c\u00f3 nh\u1eefng chuy\u1ebfn bay an to\u00e0n.<\/p>\n<p>Xem h\u01b0\u1edbng\u00a0<em><strong>d\u1eabn s\u1eed d\u1ee5ng Pin Mavic Mini<\/strong><\/em>\u00a0b\u1eb1ng c\u00e1ch<strong>\u00a0click t\u1ea1i \u0111\u00e2y nh\u00e9.<\/strong><\/p>\n","protected":false},"excerpt":{"rendered":"<p>1 vi\u00ean pin Mavic Mini m\u1ea5t kho\u1ea3ng 40 ph\u00fat \u0111\u1ec3 s\u1ea1c \u0111\u1ea7y, nh\u01b0ng v\u1edbi hub s\u1ea1c pin Mavic Mini ch\u00fang ta s\u1ebd ti\u1ebft ki\u1ec7m \u0111\u01b0\u1ee3c th\u1eddi gian s\u1ea1c h\u01a1n r\u1ea5t nhi\u1ec1u khi c\u00f3 th\u1ec3 s\u1ea1c 3 pin Mavic Mini b\u1eb1ng hub s\u1ea1c pin Mavic Mini trong 1 l\u1ea7n c\u1eafm s\u1ea1c.<\/p>\n","protected":false},"featured_media":929,"comment_status":"open","ping_status":"closed","template":"","meta":{"_acf_changed":false},"product_brand":[],"product_cat":[791],"product_tag":[],"class_list":{"0":"post-1025","1":"product","2":"type-product","3":"status-publish","4":"has-post-thumbnail","6":"product_cat-chua-phan-loai","8":"first","9":"instock","10":"shipping-taxable","11":"purchasable","12":"product-type-simple"},"acf":[],"yoast_head":"<!-- This site is optimized with the Yoast SEO plugin v25.7 - https:\/\/yoast.com\/wordpress\/plugins\/seo\/ -->\n<title>Mavic Mini battery charging hub - Shop M\u00e1y \u1ea3nh - Action Camera - Gimbal - Flycam - Ph\u1ee5 ki\u1ec7n<\/title>\n<meta name=\"robots\" content=\"index, follow, max-snippet:-1, max-image-preview:large, max-video-preview:-1\" \/>\n<link rel=\"canonical\" href=\"https:\/\/phukienflytech.vn\/en\/san-pham\/mavic-mini-battery-charging-hub.html\" \/>\n<meta property=\"og:locale\" content=\"en_US\" \/>\n<meta property=\"og:type\" content=\"article\" \/>\n<meta property=\"og:title\" content=\"Mavic Mini battery charging hub - Shop M\u00e1y \u1ea3nh - Action Camera - Gimbal - Flycam - Ph\u1ee5 ki\u1ec7n\" \/>\n<meta property=\"og:description\" content=\"1 vi\u00ean pin Mavic Mini m\u1ea5t kho\u1ea3ng 40 ph\u00fat \u0111\u1ec3 s\u1ea1c \u0111\u1ea7y, nh\u01b0ng v\u1edbi hub s\u1ea1c pin Mavic Mini ch\u00fang ta s\u1ebd ti\u1ebft ki\u1ec7m \u0111\u01b0\u1ee3c th\u1eddi gian s\u1ea1c h\u01a1n r\u1ea5t nhi\u1ec1u khi c\u00f3 th\u1ec3 s\u1ea1c 3 pin Mavic Mini b\u1eb1ng hub s\u1ea1c pin Mavic Mini trong 1 l\u1ea7n c\u1eafm s\u1ea1c.\" \/>\n<meta property=\"og:url\" content=\"https:\/\/phukienflytech.vn\/en\/san-pham\/mavic-mini-battery-charging-hub.html\" \/>\n<meta property=\"og:site_name\" content=\"Shop M\u00e1y \u1ea3nh - Action Camera - Gimbal - Flycam - Ph\u1ee5 ki\u1ec7n\" \/>\n<meta property=\"article:publisher\" content=\"https:\/\/facebook.com\/phukienflycam\" \/>\n<meta property=\"article:modified_time\" content=\"2020-05-11T16:17:37+00:00\" \/>\n<meta property=\"og:image\" content=\"https:\/\/phukienflytech.vn\/wp-content\/uploads\/2020\/05\/sac-mavic-mini-chinh-hang-dji-phu-kien-flycam-dji-244.jpg\" \/>\n\t<meta property=\"og:image:width\" content=\"500\" \/>\n\t<meta property=\"og:image:height\" content=\"497\" \/>\n\t<meta property=\"og:image:type\" content=\"image\/jpeg\" \/>\n<meta name=\"twitter:card\" content=\"summary_large_image\" \/>\n<meta name=\"twitter:label1\" content=\"Est. reading time\" \/>\n\t<meta name=\"twitter:data1\" content=\"3 minutes\" \/>\n<script type=\"application\/ld+json\" class=\"yoast-schema-graph\">{\"@context\":\"https:\/\/schema.org\",\"@graph\":[{\"@type\":\"WebPage\",\"@id\":\"https:\/\/phukienflytech.vn\/en\/san-pham\/mavic-mini-battery-charging-hub.html\",\"url\":\"https:\/\/phukienflytech.vn\/en\/san-pham\/mavic-mini-battery-charging-hub.html\",\"name\":\"Mavic Mini battery charging hub - Shop M\u00e1y \u1ea3nh - Action Camera - Gimbal - Flycam - Ph\u1ee5 ki\u1ec7n\",\"isPartOf\":{\"@id\":\"https:\/\/phukienflytech.vn\/#website\"},\"primaryImageOfPage\":{\"@id\":\"https:\/\/phukienflytech.vn\/en\/san-pham\/mavic-mini-battery-charging-hub.html#primaryimage\"},\"image\":{\"@id\":\"https:\/\/phukienflytech.vn\/en\/san-pham\/mavic-mini-battery-charging-hub.html#primaryimage\"},\"thumbnailUrl\":\"https:\/\/phukienflytech.vn\/wp-content\/uploads\/2020\/05\/sac-mavic-mini-chinh-hang-dji-phu-kien-flycam-dji-244.jpg\",\"datePublished\":\"2020-05-11T12:59:42+00:00\",\"dateModified\":\"2020-05-11T16:17:37+00:00\",\"breadcrumb\":{\"@id\":\"https:\/\/phukienflytech.vn\/en\/san-pham\/mavic-mini-battery-charging-hub.html#breadcrumb\"},\"inLanguage\":\"en-US\",\"potentialAction\":[{\"@type\":\"ReadAction\",\"target\":[\"https:\/\/phukienflytech.vn\/en\/san-pham\/mavic-mini-battery-charging-hub.html\"]}]},{\"@type\":\"ImageObject\",\"inLanguage\":\"en-US\",\"@id\":\"https:\/\/phukienflytech.vn\/en\/san-pham\/mavic-mini-battery-charging-hub.html#primaryimage\",\"url\":\"https:\/\/phukienflytech.vn\/wp-content\/uploads\/2020\/05\/sac-mavic-mini-chinh-hang-dji-phu-kien-flycam-dji-244.jpg\",\"contentUrl\":\"https:\/\/phukienflytech.vn\/wp-content\/uploads\/2020\/05\/sac-mavic-mini-chinh-hang-dji-phu-kien-flycam-dji-244.jpg\",\"width\":500,\"height\":497},{\"@type\":\"BreadcrumbList\",\"@id\":\"https:\/\/phukienflytech.vn\/en\/san-pham\/mavic-mini-battery-charging-hub.html#breadcrumb\",\"itemListElement\":[{\"@type\":\"ListItem\",\"position\":1,\"name\":\"Home\",\"item\":\"https:\/\/phukienflytech.vn\/en\"},{\"@type\":\"ListItem\",\"position\":2,\"name\":\"Ph\u1ee5 ki\u1ec7n Mavic Pro\",\"item\":\"https:\/\/phukienflytech.vn\/en\/phu-kien-mavic-pro.html\"},{\"@type\":\"ListItem\",\"position\":3,\"name\":\"Ch\u01b0a ph\u00e2n lo\u1ea1i\",\"item\":\"https:\/\/phukienflytech.vn\/danh-muc\/chua-phan-loai.html\"},{\"@type\":\"ListItem\",\"position\":4,\"name\":\"Mavic Mini battery charging hub\"}]},{\"@type\":\"WebSite\",\"@id\":\"https:\/\/phukienflytech.vn\/#website\",\"url\":\"https:\/\/phukienflytech.vn\/\",\"name\":\"Shop M\u00e1y \u1ea3nh - Action Camera - Gimbal - Flycam - Ph\u1ee5 ki\u1ec7n\",\"description\":\"Shop M\u00e1y \u1ea3nh - Action Camera - Gimbal - Flycam - Ph\u1ee5 ki\u1ec7n\",\"publisher\":{\"@id\":\"https:\/\/phukienflytech.vn\/#organization\"},\"potentialAction\":[{\"@type\":\"SearchAction\",\"target\":{\"@type\":\"EntryPoint\",\"urlTemplate\":\"https:\/\/phukienflytech.vn\/?s={search_term_string}\"},\"query-input\":{\"@type\":\"PropertyValueSpecification\",\"valueRequired\":true,\"valueName\":\"search_term_string\"}}],\"inLanguage\":\"en-US\"},{\"@type\":\"Organization\",\"@id\":\"https:\/\/phukienflytech.vn\/#organization\",\"name\":\"DJI Store - Shop Drone, Action camera, Gimbal DJI |Phukienflytech\",\"alternateName\":\"DJI Store - Shop Drone, Action camera, Gimbal DJI |Phukienflytech\",\"url\":\"https:\/\/phukienflytech.vn\/\",\"logo\":{\"@type\":\"ImageObject\",\"inLanguage\":\"en-US\",\"@id\":\"https:\/\/phukienflytech.vn\/#\/schema\/logo\/image\/\",\"url\":\"https:\/\/phukienflytech.vn\/wp-content\/uploads\/2020\/05\/hAnh_nan.jpg1_.jpg\",\"contentUrl\":\"https:\/\/phukienflytech.vn\/wp-content\/uploads\/2020\/05\/hAnh_nan.jpg1_.jpg\",\"width\":800,\"height\":450,\"caption\":\"DJI Store - Shop Drone, Action camera, Gimbal DJI |Phukienflytech\"},\"image\":{\"@id\":\"https:\/\/phukienflytech.vn\/#\/schema\/logo\/image\/\"},\"sameAs\":[\"https:\/\/facebook.com\/phukienflycam\",\"https:\/\/www.youtube.com\/@phukienflytech\",\"https:\/\/www.tiktok.com\/@flytech.channel?fbclid=IwY2xjawGjg7BleHRuA2FlbQIxMAABHYVGmlXpuSMs0UB2zTpYvyT4GMVfN2qJa4urF4vkSQ6FAVBwXZtDP30qQA_aem_UwMiDcUvlEbd2tXAmsc8Og\"]}]}<\/script>\n<!-- \/ Yoast SEO plugin. -->","yoast_head_json":{"title":"Mavic Mini battery charging hub - Shop M\u00e1y \u1ea3nh - Action Camera - Gimbal - Flycam - Ph\u1ee5 ki\u1ec7n","robots":{"index":"index","follow":"follow","max-snippet":"max-snippet:-1","max-image-preview":"max-image-preview:large","max-video-preview":"max-video-preview:-1"},"canonical":"https:\/\/phukienflytech.vn\/en\/san-pham\/mavic-mini-battery-charging-hub.html","og_locale":"en_US","og_type":"article","og_title":"Mavic Mini battery charging hub - Shop M\u00e1y \u1ea3nh - Action Camera - Gimbal - Flycam - Ph\u1ee5 ki\u1ec7n","og_description":"1 vi\u00ean pin Mavic Mini m\u1ea5t kho\u1ea3ng 40 ph\u00fat \u0111\u1ec3 s\u1ea1c \u0111\u1ea7y, nh\u01b0ng v\u1edbi hub s\u1ea1c pin Mavic Mini ch\u00fang ta s\u1ebd ti\u1ebft ki\u1ec7m \u0111\u01b0\u1ee3c th\u1eddi gian s\u1ea1c h\u01a1n r\u1ea5t nhi\u1ec1u khi c\u00f3 th\u1ec3 s\u1ea1c 3 pin Mavic Mini b\u1eb1ng hub s\u1ea1c pin Mavic Mini trong 1 l\u1ea7n c\u1eafm s\u1ea1c.","og_url":"https:\/\/phukienflytech.vn\/en\/san-pham\/mavic-mini-battery-charging-hub.html","og_site_name":"Shop M\u00e1y \u1ea3nh - Action Camera - Gimbal - Flycam - Ph\u1ee5 ki\u1ec7n","article_publisher":"https:\/\/facebook.com\/phukienflycam","article_modified_time":"2020-05-11T16:17:37+00:00","og_image":[{"width":500,"height":497,"url":"https:\/\/phukienflytech.vn\/wp-content\/uploads\/2020\/05\/sac-mavic-mini-chinh-hang-dji-phu-kien-flycam-dji-244.jpg","type":"image\/jpeg"}],"twitter_card":"summary_large_image","twitter_misc":{"Est. reading time":"3 minutes"},"schema":{"@context":"https:\/\/schema.org","@graph":[{"@type":"WebPage","@id":"https:\/\/phukienflytech.vn\/en\/san-pham\/mavic-mini-battery-charging-hub.html","url":"https:\/\/phukienflytech.vn\/en\/san-pham\/mavic-mini-battery-charging-hub.html","name":"Mavic Mini battery charging hub - Shop M\u00e1y \u1ea3nh - Action Camera - Gimbal - Flycam - Ph\u1ee5 ki\u1ec7n","isPartOf":{"@id":"https:\/\/phukienflytech.vn\/#website"},"primaryImageOfPage":{"@id":"https:\/\/phukienflytech.vn\/en\/san-pham\/mavic-mini-battery-charging-hub.html#primaryimage"},"image":{"@id":"https:\/\/phukienflytech.vn\/en\/san-pham\/mavic-mini-battery-charging-hub.html#primaryimage"},"thumbnailUrl":"https:\/\/phukienflytech.vn\/wp-content\/uploads\/2020\/05\/sac-mavic-mini-chinh-hang-dji-phu-kien-flycam-dji-244.jpg","datePublished":"2020-05-11T12:59:42+00:00","dateModified":"2020-05-11T16:17:37+00:00","breadcrumb":{"@id":"https:\/\/phukienflytech.vn\/en\/san-pham\/mavic-mini-battery-charging-hub.html#breadcrumb"},"inLanguage":"en-US","potentialAction":[{"@type":"ReadAction","target":["https:\/\/phukienflytech.vn\/en\/san-pham\/mavic-mini-battery-charging-hub.html"]}]},{"@type":"ImageObject","inLanguage":"en-US","@id":"https:\/\/phukienflytech.vn\/en\/san-pham\/mavic-mini-battery-charging-hub.html#primaryimage","url":"https:\/\/phukienflytech.vn\/wp-content\/uploads\/2020\/05\/sac-mavic-mini-chinh-hang-dji-phu-kien-flycam-dji-244.jpg","contentUrl":"https:\/\/phukienflytech.vn\/wp-content\/uploads\/2020\/05\/sac-mavic-mini-chinh-hang-dji-phu-kien-flycam-dji-244.jpg","width":500,"height":497},{"@type":"BreadcrumbList","@id":"https:\/\/phukienflytech.vn\/en\/san-pham\/mavic-mini-battery-charging-hub.html#breadcrumb","itemListElement":[{"@type":"ListItem","position":1,"name":"Home","item":"https:\/\/phukienflytech.vn\/en"},{"@type":"ListItem","position":2,"name":"Ph\u1ee5 ki\u1ec7n Mavic Pro","item":"https:\/\/phukienflytech.vn\/en\/phu-kien-mavic-pro.html"},{"@type":"ListItem","position":3,"name":"Ch\u01b0a ph\u00e2n lo\u1ea1i","item":"https:\/\/phukienflytech.vn\/danh-muc\/chua-phan-loai.html"},{"@type":"ListItem","position":4,"name":"Mavic Mini battery charging hub"}]},{"@type":"WebSite","@id":"https:\/\/phukienflytech.vn\/#website","url":"https:\/\/phukienflytech.vn\/","name":"Shop M\u00e1y \u1ea3nh - Action Camera - Gimbal - Flycam - Ph\u1ee5 ki\u1ec7n","description":"Shop M\u00e1y \u1ea3nh - Action Camera - Gimbal - Flycam - Ph\u1ee5 ki\u1ec7n","publisher":{"@id":"https:\/\/phukienflytech.vn\/#organization"},"potentialAction":[{"@type":"SearchAction","target":{"@type":"EntryPoint","urlTemplate":"https:\/\/phukienflytech.vn\/?s={search_term_string}"},"query-input":{"@type":"PropertyValueSpecification","valueRequired":true,"valueName":"search_term_string"}}],"inLanguage":"en-US"},{"@type":"Organization","@id":"https:\/\/phukienflytech.vn\/#organization","name":"DJI Store - Shop Drone, Action camera, Gimbal DJI |Phukienflytech","alternateName":"DJI Store - Shop Drone, Action camera, Gimbal DJI |Phukienflytech","url":"https:\/\/phukienflytech.vn\/","logo":{"@type":"ImageObject","inLanguage":"en-US","@id":"https:\/\/phukienflytech.vn\/#\/schema\/logo\/image\/","url":"https:\/\/phukienflytech.vn\/wp-content\/uploads\/2020\/05\/hAnh_nan.jpg1_.jpg","contentUrl":"https:\/\/phukienflytech.vn\/wp-content\/uploads\/2020\/05\/hAnh_nan.jpg1_.jpg","width":800,"height":450,"caption":"DJI Store - Shop Drone, Action camera, Gimbal DJI |Phukienflytech"},"image":{"@id":"https:\/\/phukienflytech.vn\/#\/schema\/logo\/image\/"},"sameAs":["https:\/\/facebook.com\/phukienflycam","https:\/\/www.youtube.com\/@phukienflytech","https:\/\/www.tiktok.com\/@flytech.channel?fbclid=IwY2xjawGjg7BleHRuA2FlbQIxMAABHYVGmlXpuSMs0UB2zTpYvyT4GMVfN2qJa4urF4vkSQ6FAVBwXZtDP30qQA_aem_UwMiDcUvlEbd2tXAmsc8Og"]}]}},"_links":{"self":[{"href":"https:\/\/phukienflytech.vn\/en\/wp-json\/wp\/v2\/product\/1025","targetHints":{"allow":["GET"]}}],"collection":[{"href":"https:\/\/phukienflytech.vn\/en\/wp-json\/wp\/v2\/product"}],"about":[{"href":"https:\/\/phukienflytech.vn\/en\/wp-json\/wp\/v2\/types\/product"}],"replies":[{"embeddable":true,"href":"https:\/\/phukienflytech.vn\/en\/wp-json\/wp\/v2\/comments?post=1025"}],"wp:featuredmedia":[{"embeddable":true,"href":"https:\/\/phukienflytech.vn\/en\/wp-json\/wp\/v2\/media\/929"}],"wp:attachment":[{"href":"https:\/\/phukienflytech.vn\/en\/wp-json\/wp\/v2\/media?parent=1025"}],"wp:term":[{"taxonomy":"product_brand","embeddable":true,"href":"https:\/\/phukienflytech.vn\/en\/wp-json\/wp\/v2\/product_brand?post=1025"},{"taxonomy":"product_cat","embeddable":true,"href":"https:\/\/phukienflytech.vn\/en\/wp-json\/wp\/v2\/product_cat?post=1025"},{"taxonomy":"product_tag","embeddable":true,"href":"https:\/\/phukienflytech.vn\/en\/wp-json\/wp\/v2\/product_tag?post=1025"}],"curies":[{"name":"wp","href":"https:\/\/api.w.org\/{rel}","templated":true}]}}