{"id":1026,"date":"2020-05-11T20:01:22","date_gmt":"2020-05-11T13:01:22","guid":{"rendered":"http:\/\/27430.lamdx.vinawebsite.vn\/san-pham\/smart-controller-professional-carrying-case-pgytech.html"},"modified":"2020-05-11T23:17:02","modified_gmt":"2020-05-11T16:17:02","slug":"smart-controller-professional-carrying-case-pgytech","status":"publish","type":"product","link":"https:\/\/phukienflytech.vn\/en\/san-pham\/smart-controller-professional-carrying-case-pgytech.html","title":{"rendered":"Smart Controller &#8211; Professional carrying case &#8211; PGYtech"},"content":{"rendered":"<h1>H\u1ed9p \u0111\u1ef1ng Smart Controller &#8211; Professional &#8211; PGYtech<\/h1>\n<p>DJI \u0111\u00e3 cho ra m\u1eaft\u00a0<strong>Smart Controller cho DJI Mavic 2 pro\/ DJI Mavic zoom<\/strong>, v\u00e0 \u0111\u00f3 \u0111\u01b0\u1ee3c coi l\u00e0 1 gi\u1ea3i ph\u00e1p t\u1ed1t cho nh\u1eefng ng\u01b0\u1eddi \u0111ang s\u1eed d\u1ee5ng\u00a0<strong>DJI Mavic 2 pro\/ DJI Mavic zoom<\/strong>. V\u1edbi nh\u1eefng t\u00ednh n\u0103ng v\u01b0\u1ee3t tr\u1ed9i h\u01a1n so v\u1edbi b\u1ed9 \u0111i\u1ec1u khi\u1ec3n ti\u00eau chu\u1ea9n.\u00a0Ch\u01b0a c\u00f3 nhi\u1ec1u m\u1eabu h\u1ed9p \u0111\u1ef1ng cho\u00a0<strong>Smart Controller cho DJI Mavic 2 pro\/ DJI Mavic zoom<\/strong>. Nay m\u1eabu\u00a0<em><strong>H\u1ed9p \u0111\u1ef1ng Smart Controller &#8211; Professional &#8211; PGYtech<\/strong><\/em>, \u0111\u00e3 c\u00f3 m\u1eb7t t\u1ea1i shop\u00a0<strong>Ph\u1ee5 ki\u1ec7n flycam gi\u00e1 t\u1ed1t<\/strong>.<\/p>\n<h1>\u00a0<img loading=\"lazy\" decoding=\"async\" src=\"https:\/\/phukienflytech.vn\/wp-content\/uploads\/2020\/05\/hop-dung-smart-controller-professional-pgytech-711.jpg\" alt=\"\" width=\"450\" height=\"300\" \/><\/h1>\n<p>Ngo\u00e0i\u00a0<strong><em>H\u1ed9p \u0111\u1ef1ng Smart Controller &#8211; Professional &#8211; PGYtech<\/em><\/strong>\u00a0ch\u00fang ta c\u00f2n c\u00f3 nh\u1eefng s\u1ef1 l\u1ef1a ch\u1ecdn kh\u00e1c t\u1eeb nh\u1eefng m\u1eabu\u00a0<strong>vali ch\u1ed1ng s\u1ed1c, ch\u1ed1ng n\u01b0\u1edbc Mavic 2<\/strong>\u00a0\u0111\u00e3 t\u00edch h\u1ee3p s\u1eb5n n\u01a1i c\u00f3 th\u1ec3 ch\u1ee9a\u00a0<strong>B\u1ed9 \u0111i\u1ec1u khi\u1ec3n th\u00f4ng minh Mavic 2.\u00a0<\/strong><\/p>\n<p><strong><img loading=\"lazy\" decoding=\"async\" src=\"https:\/\/phukienflytech.vn\/wp-content\/uploads\/2020\/05\/hop-dung-smart-controller-professional-pgytech-711-1.jpg\" alt=\"\" width=\"450\" height=\"253\" \/><\/strong><\/p>\n<p><strong><img loading=\"lazy\" decoding=\"async\" src=\"https:\/\/phukienflytech.vn\/wp-content\/uploads\/2020\/05\/hop-dung-smart-controller-professional-pgytech-711-2.jpg\" alt=\"\" width=\"450\" height=\"450\" \/><\/strong><\/p>\n<p><strong>Th\u00f4ng tin s\u1ea3n ph\u1ea9m<\/strong><\/p>\n<ul>\n<li>Ch\u1ea5t li\u1ec7u:\u00a0Da PU, khung c\u1ee9ng<\/li>\n<li>Ph\u00e2n kh\u00fac: Cao c\u1ea5p nh\u1ea5t c\u1ee7a PGYtech<\/li>\n<li>Ch\u1ed1ng n\u01b0\u1edbc, ch\u1ed1ng s\u1ed1c<\/li>\n<li>K\u00edch th\u01b0\u1edbc: 25cm x 20cm x 7cm<\/li>\n<li>Tr\u1ecdng l\u01b0\u1ee3ng: 200g<\/li>\n<li>T\u00fai \u0111\u01b0\u1ee3c thi\u1ebft k\u1ebf \u0111\u1eb7c bi\u1ec7t cho\u00a0<strong>B\u1ed9 \u0111i\u1ec1u khi\u1ec3n th\u00f4ng minh DJI Smart controller<\/strong>, c\u00f3 2 t\u1ea7ng \u0111\u1ec3 \u0111\u1ef1ng ph\u1ee5 ki\u1ec7n kh\u00e1c v\u00f4 c\u00f9ng tho\u1ea3i m\u00e1i.<\/li>\n<\/ul>\n<p><img loading=\"lazy\" decoding=\"async\" src=\"https:\/\/phukienflytech.vn\/wp-content\/uploads\/2020\/05\/hop-dung-smart-controller-professional-pgytech-711-3.jpg\" alt=\"\" width=\"450\" height=\"253\" \/><\/p>\n<ul>\n<li>C\u1ea7n ph\u1ea3i th\u00e1o c\u1ea7n \u0111i\u1ec1u khi\u1ec3n trong qu\u00e1 tr\u00ecnh l\u01b0u tr\u1eef.\u00a0N\u00f3 c\u00f3 th\u1ec3 \u0111\u01b0\u1ee3c \u0111\u00f3ng g\u00f3i tr\u1ef1c ti\u1ebfp v\u00e0o ba l\u00f4 ho\u1eb7c vali, ho\u1eb7c treo tr\u00ean ba l\u00f4 \u0111\u1ec3 d\u1ec5 s\u1eed d\u1ee5ng.<\/li>\n<li>G\u00f3i bao g\u1ed3m: 1 x H\u1ed9p \u0111\u1ef1ng cho\u00a0<strong>B\u1ed9 \u0111i\u1ec1u khi\u1ec3n th\u00f4ng minh DJI<\/strong>. (L\u01b0u \u00fd: Kh\u00f4ng bao g\u1ed3m B\u1ed9 \u0111i\u1ec1u khi\u1ec3n t\u1eeb xa).<\/li>\n<\/ul>\n<p><img loading=\"lazy\" decoding=\"async\" src=\"https:\/\/phukienflytech.vn\/wp-content\/uploads\/2020\/05\/hop-dung-smart-controller-professional-pgytech-711-4.jpg\" alt=\"\" width=\"450\" height=\"297\" \/><\/p>\n<p>Ngo\u00e0i ra b\u00ean shop Ph\u1ee5 ki\u1ec7n flycam c\u00f2n cung c\u1ea5p c\u00e1c m\u1eabu h\u1ed9p \u0111\u1ef1ng m\u00e1y v\u00e0 tay khi\u1ec3n cho b\u1ea3n ti\u00eau chu\u1ea9n:<br \/>\n&#8211;\u00a0<em><strong>Combo h\u1ed9p \u0111\u1ef1ng Mavic Pro\/ Platium<\/strong><\/em><br \/>\n&#8211;\u00a0<em><strong>B\u1ed9 h\u1ed9p \u0111\u1ef1ng ch\u1ed1ng s\u1ed1c cho Mavic 2 cao c\u1ea5p<\/strong><\/em>,\u00a0<em><strong>Combo 3 h\u1ed9p \u0111\u1ef1ng cao c\u1ea5p cho Mavic 2<\/strong><\/em>,&#8230;<\/p>\n","protected":false},"excerpt":{"rendered":"<p>H\u1ed9p \u0111\u1ef1ng Smart Controller &#8211; Professional &#8211; PGYtech ch\u00fang ta c\u00f2n c\u00f3 nh\u1eefng s\u1ef1 l\u1ef1a ch\u1ecdn kh\u00e1c t\u1eeb nh\u1eefng m\u1eabu vali ch\u1ed1ng s\u1ed1c, ch\u1ed1ng n\u01b0\u1edbc Mavic 2 \u0111\u00e3 t\u00edch h\u1ee3p s\u1eb5n n\u01a1i c\u00f3 th\u1ec3 ch\u1ee9a B\u1ed9 \u0111i\u1ec1u khi\u1ec3n th\u00f4ng minh Mavic 2<\/p>\n","protected":false},"featured_media":933,"comment_status":"open","ping_status":"closed","template":"","meta":{"_acf_changed":false},"product_brand":[],"product_cat":[791],"product_tag":[],"class_list":{"0":"post-1026","1":"product","2":"type-product","3":"status-publish","4":"has-post-thumbnail","6":"product_cat-chua-phan-loai","8":"first","9":"instock","10":"shipping-taxable","11":"purchasable","12":"product-type-simple"},"acf":[],"yoast_head":"<!-- This site is optimized with the Yoast SEO plugin v25.7 - https:\/\/yoast.com\/wordpress\/plugins\/seo\/ -->\n<title>Smart Controller - Professional carrying case - PGYtech - Shop M\u00e1y \u1ea3nh - Action Camera - Gimbal - Flycam - Ph\u1ee5 ki\u1ec7n<\/title>\n<meta name=\"robots\" content=\"index, follow, max-snippet:-1, max-image-preview:large, max-video-preview:-1\" \/>\n<link rel=\"canonical\" href=\"https:\/\/phukienflytech.vn\/en\/san-pham\/smart-controller-professional-carrying-case-pgytech.html\" \/>\n<meta property=\"og:locale\" content=\"en_US\" \/>\n<meta property=\"og:type\" content=\"article\" \/>\n<meta property=\"og:title\" content=\"Smart Controller - Professional carrying case - PGYtech - Shop M\u00e1y \u1ea3nh - Action Camera - Gimbal - Flycam - Ph\u1ee5 ki\u1ec7n\" \/>\n<meta property=\"og:description\" content=\"H\u1ed9p \u0111\u1ef1ng Smart Controller - Professional - PGYtech ch\u00fang ta c\u00f2n c\u00f3 nh\u1eefng s\u1ef1 l\u1ef1a ch\u1ecdn kh\u00e1c t\u1eeb nh\u1eefng m\u1eabu vali ch\u1ed1ng s\u1ed1c, ch\u1ed1ng n\u01b0\u1edbc Mavic 2 \u0111\u00e3 t\u00edch h\u1ee3p s\u1eb5n n\u01a1i c\u00f3 th\u1ec3 ch\u1ee9a B\u1ed9 \u0111i\u1ec1u khi\u1ec3n th\u00f4ng minh Mavic 2\" \/>\n<meta property=\"og:url\" content=\"https:\/\/phukienflytech.vn\/en\/san-pham\/smart-controller-professional-carrying-case-pgytech.html\" \/>\n<meta property=\"og:site_name\" content=\"Shop M\u00e1y \u1ea3nh - Action Camera - Gimbal - Flycam - Ph\u1ee5 ki\u1ec7n\" \/>\n<meta property=\"article:publisher\" content=\"https:\/\/facebook.com\/phukienflycam\" \/>\n<meta property=\"article:modified_time\" content=\"2020-05-11T16:17:02+00:00\" \/>\n<meta property=\"og:image\" content=\"https:\/\/phukienflytech.vn\/wp-content\/uploads\/2020\/05\/phu-kien-flycam-dji-mavic-2-pro-zoom-smart-controller-dji-pgytech-chinh-hang-41-phukienflytech.vn_-_Copy.jpg\" \/>\n\t<meta property=\"og:image:width\" content=\"500\" \/>\n\t<meta property=\"og:image:height\" content=\"500\" \/>\n\t<meta property=\"og:image:type\" content=\"image\/jpeg\" \/>\n<meta name=\"twitter:card\" content=\"summary_large_image\" \/>\n<meta name=\"twitter:label1\" content=\"Est. reading time\" \/>\n\t<meta name=\"twitter:data1\" content=\"2 minutes\" \/>\n<script type=\"application\/ld+json\" class=\"yoast-schema-graph\">{\"@context\":\"https:\/\/schema.org\",\"@graph\":[{\"@type\":\"WebPage\",\"@id\":\"https:\/\/phukienflytech.vn\/en\/san-pham\/smart-controller-professional-carrying-case-pgytech.html\",\"url\":\"https:\/\/phukienflytech.vn\/en\/san-pham\/smart-controller-professional-carrying-case-pgytech.html\",\"name\":\"Smart Controller - Professional carrying case - PGYtech - Shop M\u00e1y \u1ea3nh - Action Camera - Gimbal - Flycam - Ph\u1ee5 ki\u1ec7n\",\"isPartOf\":{\"@id\":\"https:\/\/phukienflytech.vn\/#website\"},\"primaryImageOfPage\":{\"@id\":\"https:\/\/phukienflytech.vn\/en\/san-pham\/smart-controller-professional-carrying-case-pgytech.html#primaryimage\"},\"image\":{\"@id\":\"https:\/\/phukienflytech.vn\/en\/san-pham\/smart-controller-professional-carrying-case-pgytech.html#primaryimage\"},\"thumbnailUrl\":\"https:\/\/phukienflytech.vn\/wp-content\/uploads\/2020\/05\/phu-kien-flycam-dji-mavic-2-pro-zoom-smart-controller-dji-pgytech-chinh-hang-41-phukienflytech.vn_-_Copy.jpg\",\"datePublished\":\"2020-05-11T13:01:22+00:00\",\"dateModified\":\"2020-05-11T16:17:02+00:00\",\"breadcrumb\":{\"@id\":\"https:\/\/phukienflytech.vn\/en\/san-pham\/smart-controller-professional-carrying-case-pgytech.html#breadcrumb\"},\"inLanguage\":\"en-US\",\"potentialAction\":[{\"@type\":\"ReadAction\",\"target\":[\"https:\/\/phukienflytech.vn\/en\/san-pham\/smart-controller-professional-carrying-case-pgytech.html\"]}]},{\"@type\":\"ImageObject\",\"inLanguage\":\"en-US\",\"@id\":\"https:\/\/phukienflytech.vn\/en\/san-pham\/smart-controller-professional-carrying-case-pgytech.html#primaryimage\",\"url\":\"https:\/\/phukienflytech.vn\/wp-content\/uploads\/2020\/05\/phu-kien-flycam-dji-mavic-2-pro-zoom-smart-controller-dji-pgytech-chinh-hang-41-phukienflytech.vn_-_Copy.jpg\",\"contentUrl\":\"https:\/\/phukienflytech.vn\/wp-content\/uploads\/2020\/05\/phu-kien-flycam-dji-mavic-2-pro-zoom-smart-controller-dji-pgytech-chinh-hang-41-phukienflytech.vn_-_Copy.jpg\",\"width\":500,\"height\":500},{\"@type\":\"BreadcrumbList\",\"@id\":\"https:\/\/phukienflytech.vn\/en\/san-pham\/smart-controller-professional-carrying-case-pgytech.html#breadcrumb\",\"itemListElement\":[{\"@type\":\"ListItem\",\"position\":1,\"name\":\"Home\",\"item\":\"https:\/\/phukienflytech.vn\/en\"},{\"@type\":\"ListItem\",\"position\":2,\"name\":\"Ph\u1ee5 ki\u1ec7n Mavic Pro\",\"item\":\"https:\/\/phukienflytech.vn\/en\/phu-kien-mavic-pro.html\"},{\"@type\":\"ListItem\",\"position\":3,\"name\":\"Ch\u01b0a ph\u00e2n lo\u1ea1i\",\"item\":\"https:\/\/phukienflytech.vn\/danh-muc\/chua-phan-loai.html\"},{\"@type\":\"ListItem\",\"position\":4,\"name\":\"Smart Controller &#8211; Professional carrying case &#8211; PGYtech\"}]},{\"@type\":\"WebSite\",\"@id\":\"https:\/\/phukienflytech.vn\/#website\",\"url\":\"https:\/\/phukienflytech.vn\/\",\"name\":\"Shop M\u00e1y \u1ea3nh - Action Camera - Gimbal - Flycam - Ph\u1ee5 ki\u1ec7n\",\"description\":\"Shop M\u00e1y \u1ea3nh - Action Camera - Gimbal - Flycam - Ph\u1ee5 ki\u1ec7n\",\"publisher\":{\"@id\":\"https:\/\/phukienflytech.vn\/#organization\"},\"potentialAction\":[{\"@type\":\"SearchAction\",\"target\":{\"@type\":\"EntryPoint\",\"urlTemplate\":\"https:\/\/phukienflytech.vn\/?s={search_term_string}\"},\"query-input\":{\"@type\":\"PropertyValueSpecification\",\"valueRequired\":true,\"valueName\":\"search_term_string\"}}],\"inLanguage\":\"en-US\"},{\"@type\":\"Organization\",\"@id\":\"https:\/\/phukienflytech.vn\/#organization\",\"name\":\"DJI Store - Shop Drone, Action camera, Gimbal DJI |Phukienflytech\",\"alternateName\":\"DJI Store - Shop Drone, Action camera, Gimbal DJI |Phukienflytech\",\"url\":\"https:\/\/phukienflytech.vn\/\",\"logo\":{\"@type\":\"ImageObject\",\"inLanguage\":\"en-US\",\"@id\":\"https:\/\/phukienflytech.vn\/#\/schema\/logo\/image\/\",\"url\":\"https:\/\/phukienflytech.vn\/wp-content\/uploads\/2020\/05\/hAnh_nan.jpg1_.jpg\",\"contentUrl\":\"https:\/\/phukienflytech.vn\/wp-content\/uploads\/2020\/05\/hAnh_nan.jpg1_.jpg\",\"width\":800,\"height\":450,\"caption\":\"DJI Store - Shop Drone, Action camera, Gimbal DJI |Phukienflytech\"},\"image\":{\"@id\":\"https:\/\/phukienflytech.vn\/#\/schema\/logo\/image\/\"},\"sameAs\":[\"https:\/\/facebook.com\/phukienflycam\",\"https:\/\/www.youtube.com\/@phukienflytech\",\"https:\/\/www.tiktok.com\/@flytech.channel?fbclid=IwY2xjawGjg7BleHRuA2FlbQIxMAABHYVGmlXpuSMs0UB2zTpYvyT4GMVfN2qJa4urF4vkSQ6FAVBwXZtDP30qQA_aem_UwMiDcUvlEbd2tXAmsc8Og\"]}]}<\/script>\n<!-- \/ Yoast SEO plugin. -->","yoast_head_json":{"title":"Smart Controller - Professional carrying case - PGYtech - Shop M\u00e1y \u1ea3nh - Action Camera - Gimbal - Flycam - Ph\u1ee5 ki\u1ec7n","robots":{"index":"index","follow":"follow","max-snippet":"max-snippet:-1","max-image-preview":"max-image-preview:large","max-video-preview":"max-video-preview:-1"},"canonical":"https:\/\/phukienflytech.vn\/en\/san-pham\/smart-controller-professional-carrying-case-pgytech.html","og_locale":"en_US","og_type":"article","og_title":"Smart Controller - Professional carrying case - PGYtech - Shop M\u00e1y \u1ea3nh - Action Camera - Gimbal - Flycam - Ph\u1ee5 ki\u1ec7n","og_description":"H\u1ed9p \u0111\u1ef1ng Smart Controller - Professional - PGYtech ch\u00fang ta c\u00f2n c\u00f3 nh\u1eefng s\u1ef1 l\u1ef1a ch\u1ecdn kh\u00e1c t\u1eeb nh\u1eefng m\u1eabu vali ch\u1ed1ng s\u1ed1c, ch\u1ed1ng n\u01b0\u1edbc Mavic 2 \u0111\u00e3 t\u00edch h\u1ee3p s\u1eb5n n\u01a1i c\u00f3 th\u1ec3 ch\u1ee9a B\u1ed9 \u0111i\u1ec1u khi\u1ec3n th\u00f4ng minh Mavic 2","og_url":"https:\/\/phukienflytech.vn\/en\/san-pham\/smart-controller-professional-carrying-case-pgytech.html","og_site_name":"Shop M\u00e1y \u1ea3nh - Action Camera - Gimbal - Flycam - Ph\u1ee5 ki\u1ec7n","article_publisher":"https:\/\/facebook.com\/phukienflycam","article_modified_time":"2020-05-11T16:17:02+00:00","og_image":[{"width":500,"height":500,"url":"https:\/\/phukienflytech.vn\/wp-content\/uploads\/2020\/05\/phu-kien-flycam-dji-mavic-2-pro-zoom-smart-controller-dji-pgytech-chinh-hang-41-phukienflytech.vn_-_Copy.jpg","type":"image\/jpeg"}],"twitter_card":"summary_large_image","twitter_misc":{"Est. reading time":"2 minutes"},"schema":{"@context":"https:\/\/schema.org","@graph":[{"@type":"WebPage","@id":"https:\/\/phukienflytech.vn\/en\/san-pham\/smart-controller-professional-carrying-case-pgytech.html","url":"https:\/\/phukienflytech.vn\/en\/san-pham\/smart-controller-professional-carrying-case-pgytech.html","name":"Smart Controller - Professional carrying case - PGYtech - Shop M\u00e1y \u1ea3nh - Action Camera - Gimbal - Flycam - Ph\u1ee5 ki\u1ec7n","isPartOf":{"@id":"https:\/\/phukienflytech.vn\/#website"},"primaryImageOfPage":{"@id":"https:\/\/phukienflytech.vn\/en\/san-pham\/smart-controller-professional-carrying-case-pgytech.html#primaryimage"},"image":{"@id":"https:\/\/phukienflytech.vn\/en\/san-pham\/smart-controller-professional-carrying-case-pgytech.html#primaryimage"},"thumbnailUrl":"https:\/\/phukienflytech.vn\/wp-content\/uploads\/2020\/05\/phu-kien-flycam-dji-mavic-2-pro-zoom-smart-controller-dji-pgytech-chinh-hang-41-phukienflytech.vn_-_Copy.jpg","datePublished":"2020-05-11T13:01:22+00:00","dateModified":"2020-05-11T16:17:02+00:00","breadcrumb":{"@id":"https:\/\/phukienflytech.vn\/en\/san-pham\/smart-controller-professional-carrying-case-pgytech.html#breadcrumb"},"inLanguage":"en-US","potentialAction":[{"@type":"ReadAction","target":["https:\/\/phukienflytech.vn\/en\/san-pham\/smart-controller-professional-carrying-case-pgytech.html"]}]},{"@type":"ImageObject","inLanguage":"en-US","@id":"https:\/\/phukienflytech.vn\/en\/san-pham\/smart-controller-professional-carrying-case-pgytech.html#primaryimage","url":"https:\/\/phukienflytech.vn\/wp-content\/uploads\/2020\/05\/phu-kien-flycam-dji-mavic-2-pro-zoom-smart-controller-dji-pgytech-chinh-hang-41-phukienflytech.vn_-_Copy.jpg","contentUrl":"https:\/\/phukienflytech.vn\/wp-content\/uploads\/2020\/05\/phu-kien-flycam-dji-mavic-2-pro-zoom-smart-controller-dji-pgytech-chinh-hang-41-phukienflytech.vn_-_Copy.jpg","width":500,"height":500},{"@type":"BreadcrumbList","@id":"https:\/\/phukienflytech.vn\/en\/san-pham\/smart-controller-professional-carrying-case-pgytech.html#breadcrumb","itemListElement":[{"@type":"ListItem","position":1,"name":"Home","item":"https:\/\/phukienflytech.vn\/en"},{"@type":"ListItem","position":2,"name":"Ph\u1ee5 ki\u1ec7n Mavic Pro","item":"https:\/\/phukienflytech.vn\/en\/phu-kien-mavic-pro.html"},{"@type":"ListItem","position":3,"name":"Ch\u01b0a ph\u00e2n lo\u1ea1i","item":"https:\/\/phukienflytech.vn\/danh-muc\/chua-phan-loai.html"},{"@type":"ListItem","position":4,"name":"Smart Controller &#8211; Professional carrying case &#8211; PGYtech"}]},{"@type":"WebSite","@id":"https:\/\/phukienflytech.vn\/#website","url":"https:\/\/phukienflytech.vn\/","name":"Shop M\u00e1y \u1ea3nh - Action Camera - Gimbal - Flycam - Ph\u1ee5 ki\u1ec7n","description":"Shop M\u00e1y \u1ea3nh - Action Camera - Gimbal - Flycam - Ph\u1ee5 ki\u1ec7n","publisher":{"@id":"https:\/\/phukienflytech.vn\/#organization"},"potentialAction":[{"@type":"SearchAction","target":{"@type":"EntryPoint","urlTemplate":"https:\/\/phukienflytech.vn\/?s={search_term_string}"},"query-input":{"@type":"PropertyValueSpecification","valueRequired":true,"valueName":"search_term_string"}}],"inLanguage":"en-US"},{"@type":"Organization","@id":"https:\/\/phukienflytech.vn\/#organization","name":"DJI Store - Shop Drone, Action camera, Gimbal DJI |Phukienflytech","alternateName":"DJI Store - Shop Drone, Action camera, Gimbal DJI |Phukienflytech","url":"https:\/\/phukienflytech.vn\/","logo":{"@type":"ImageObject","inLanguage":"en-US","@id":"https:\/\/phukienflytech.vn\/#\/schema\/logo\/image\/","url":"https:\/\/phukienflytech.vn\/wp-content\/uploads\/2020\/05\/hAnh_nan.jpg1_.jpg","contentUrl":"https:\/\/phukienflytech.vn\/wp-content\/uploads\/2020\/05\/hAnh_nan.jpg1_.jpg","width":800,"height":450,"caption":"DJI Store - Shop Drone, Action camera, Gimbal DJI |Phukienflytech"},"image":{"@id":"https:\/\/phukienflytech.vn\/#\/schema\/logo\/image\/"},"sameAs":["https:\/\/facebook.com\/phukienflycam","https:\/\/www.youtube.com\/@phukienflytech","https:\/\/www.tiktok.com\/@flytech.channel?fbclid=IwY2xjawGjg7BleHRuA2FlbQIxMAABHYVGmlXpuSMs0UB2zTpYvyT4GMVfN2qJa4urF4vkSQ6FAVBwXZtDP30qQA_aem_UwMiDcUvlEbd2tXAmsc8Og"]}]}},"_links":{"self":[{"href":"https:\/\/phukienflytech.vn\/en\/wp-json\/wp\/v2\/product\/1026","targetHints":{"allow":["GET"]}}],"collection":[{"href":"https:\/\/phukienflytech.vn\/en\/wp-json\/wp\/v2\/product"}],"about":[{"href":"https:\/\/phukienflytech.vn\/en\/wp-json\/wp\/v2\/types\/product"}],"replies":[{"embeddable":true,"href":"https:\/\/phukienflytech.vn\/en\/wp-json\/wp\/v2\/comments?post=1026"}],"wp:featuredmedia":[{"embeddable":true,"href":"https:\/\/phukienflytech.vn\/en\/wp-json\/wp\/v2\/media\/933"}],"wp:attachment":[{"href":"https:\/\/phukienflytech.vn\/en\/wp-json\/wp\/v2\/media?parent=1026"}],"wp:term":[{"taxonomy":"product_brand","embeddable":true,"href":"https:\/\/phukienflytech.vn\/en\/wp-json\/wp\/v2\/product_brand?post=1026"},{"taxonomy":"product_cat","embeddable":true,"href":"https:\/\/phukienflytech.vn\/en\/wp-json\/wp\/v2\/product_cat?post=1026"},{"taxonomy":"product_tag","embeddable":true,"href":"https:\/\/phukienflytech.vn\/en\/wp-json\/wp\/v2\/product_tag?post=1026"}],"curies":[{"name":"wp","href":"https:\/\/api.w.org\/{rel}","templated":true}]}}