{"id":1027,"date":"2020-05-11T20:05:43","date_gmt":"2020-05-11T13:05:43","guid":{"rendered":"http:\/\/27430.lamdx.vinawebsite.vn\/san-pham\/sunshade-for-tablet-10-5-inch-max-pgytech.html"},"modified":"2020-05-11T22:48:52","modified_gmt":"2020-05-11T15:48:52","slug":"sunshade-for-tablet-10-5-inch-max-pgytech","status":"publish","type":"product","link":"https:\/\/phukienflytech.vn\/en\/san-pham\/sunshade-for-tablet-10-5-inch-max-pgytech.html","title":{"rendered":"Sunshade for tablet 10.5 inch max &#8211; PGYTECH"},"content":{"rendered":"<h1><strong><em>H\u1ed1c che n\u1eafng m\u00e1y t\u00ednh b\u1ea3ng max 10.5 inch \u2013 PGYTECH<\/em><\/strong><\/h1>\n<h2><strong><em>Ph\u1ee5 ki\u1ec7n dji phantom 3 4 \u2013 inspire cao c\u1ea5p PGYTECH<\/em><\/strong><\/h2>\n<h3><strong><em>Ph\u1ee5 ki\u1ec7n flycam Phantom 3 4 series v\u00e0 Inspire chuy\u00ean d\u1ee5ng- pgytech<\/em><\/strong><\/h3>\n<p>&nbsp;<\/p>\n<p><strong><em><img loading=\"lazy\" decoding=\"async\" src=\"https:\/\/phukienflytech.vn\/wp-content\/uploads\/2020\/05\/hoc-che-nang-may-tinh-bang-max-10-5-inch-pgytech-731.jpg\" alt=\"\" width=\"500\" height=\"500\" \/><\/em><\/strong><\/p>\n<p>M\u1ed9t v\u1ea5n \u0111\u1ec1 v\u00f4 c\u00f9ng kh\u00f3 ch\u1ecbu m\u00e0 c\u00e1c pilot lu\u00f4n g\u1eb7p ph\u1ea3i khi quay film ch\u1ee5p \u1ea3nh ngo\u00e0i tr\u1eddi \u0111\u00f3 ch\u00ednh l\u00e0 \u00e1nh m\u1eb7t tr\u1eddi l\u00e0m ch\u00f3i l\u00f3a, c\u1ea3n tr\u1edf t\u1ea7m nh\u00ecn c\u1ee7a chi\u1ebfc m\u00e0n h\u00ecnh m\u00e1y t\u00ednh b\u1ea3ng c\u1ee7a b\u1ea1n.<\/p>\n<p><img loading=\"lazy\" decoding=\"async\" src=\"https:\/\/phukienflytech.vn\/wp-content\/uploads\/2020\/05\/hoc-che-nang-may-tinh-bang-max-10-5-inch-pgytech-731-1.jpg\" alt=\"\" width=\"500\" height=\"500\" \/><\/p>\n<p>&nbsp;<\/p>\n<p>Ch\u00ednh v\u00ec v\u1eady,\u00a0<strong><em>h\u1ed1c che n\u1eafng m\u00e1y t\u00ednh b\u1ea3ng<\/em>\u00a0<\/strong>ch\u00ednh l\u00e0\u00a0<strong><em>ph\u1ee5 ki\u1ec7n dji Phantom &#8211; Inspire<\/em><\/strong>\u00a0v\u00f4 c\u00f9ng thi\u1ebft y\u1ebfu m\u00e0 b\u1ea1n c\u1ea7n \u0111\u1ec3 c\u00f3 th\u1ec3 d\u1ec3 d\u00e0ng quan s\u00e1t m\u00e0 kh\u00f4ng s\u1ee3 b\u1ecb c\u1ea3n tr\u1edf t\u1ea7m nh\u00ecn khi bay.\u00a0<strong><em>H\u1ed1c che n\u1eafng m\u00e1y t\u00ednh b\u1ea3ng 10.5 inch<\/em><\/strong>\u00a0\u0111\u01b0\u1ee3c thi\u1ebft k\u1ebf \u0111\u1ec3 ph\u00f9 h\u1ee3p v\u1edbi c\u00e1c lo\u1ea1i thi\u1ebft b\u1ecb c\u00f3 k\u00edch th\u01b0\u1edbc l\u1edbn.<\/p>\n<p><img loading=\"lazy\" decoding=\"async\" src=\"https:\/\/phukienflytech.vn\/wp-content\/uploads\/2020\/05\/hoc-che-nang-may-tinh-bang-max-10-5-inch-pgytech-731-2.jpg\" alt=\"\" width=\"500\" height=\"500\" \/><\/p>\n<h2>Chi ti\u1ebft c\u1ee7a\u00a0<strong><em>h\u1ed1c che n\u1eafng m\u00e1y t\u00ednh b\u1ea3ng 10.5 inch<\/em><\/strong><\/h2>\n<p>K\u00edch th\u01b0\u1edbc: size 10.5 inch<\/p>\n<p>Ch\u1ea5t li\u1ec7u: PU, khung th\u00e9p d\u1ebbo<\/p>\n<p>C\u00f4ng d\u1ee5ng: Che n\u1eafng cho chi\u1ebfc phone, tablet trong nh\u1eefng chuy\u1ebfn bay \u0111\u1ea7y n\u1eafng. Gi\u00fap tr\u00e1nh \u0111\u01b0\u1ee3c \u00e1nh s\u00e1ng, \u00e1nh n\u1eafng ch\u00f3i chang l\u00e0m m\u1edd h\u00ecnh \u1ea3nh truy\u1ec1n v\u1ec1 chi\u1ebfc phone, tablet trong l\u00fac \u0111i\u1ec1u khi\u1ec3n.<\/p>\n<p><img loading=\"lazy\" decoding=\"async\" src=\"https:\/\/phukienflytech.vn\/wp-content\/uploads\/2020\/05\/hoc-che-nang-may-tinh-bang-max-10-5-inch-pgytech-731-3.jpg\" alt=\"\" width=\"500\" height=\"500\" \/><\/p>\n<p>Hi\u1ec7n nay tr\u00ean th\u1ecb tr\u01b0\u1eddng c\u00f3 kh\u00e1 nhi\u1ec1u lo\u1ea1i k\u00edch th\u01b0\u1edbc h\u1ed1c che n\u1eafng nh\u01b0: h\u1ed1c che n\u1eafng 10.5 inch, 9.7 inch,\u2026 gi\u00fap b\u1ea1n d\u1ec5 d\u00e0ng ch\u1ecdn k\u00edch th\u01b0\u1edbc ph\u00f9 h\u1ee3p v\u1edbi thi\u1ebft b\u1ecb c\u1ee7a b\u1ea1n.<\/p>\n<h3><em><strong>Mua ph\u1ee5 ki\u1ec7n DJI phantom 3 4 \u2013 inspire \u1edf \u0111\u00e2u?<\/strong><\/em><\/h3>\n<p>N\u1ebfu b\u1ea1n v\u1eabn \u0111ang ph\u00e2n v\u00e2n kh\u00f4ng bi\u1ebft c\u00f3 th\u1ec3 t\u00ecm mua \u0111\u01b0\u1ee3c\u00a0<strong><em>nh\u1eefng ph\u1ee5 ki\u1ec7n dji phantom 3 4 &#8211; inspire\u00a0<\/em><\/strong>ch\u1ea5t l\u01b0\u1ee3ng nh\u1ea5t m\u00e0 kh\u00f4ng c\u1ea7n lo l\u1eafng gi\u00e1 c\u1ee7a s\u1ea3n ph\u1ea9m \u1edf \u0111\u00e2u th\u00ec ph\u1ee5 ki\u1ec7n flycam gi\u00e1 t\u1ed1t ch\u00ednh l\u00e0 n\u01a1i ph\u00f9 h\u1ee3p d\u00e0nh cho b\u1ea1n. H\u00e3y \u0111\u1ebfn v\u1edbi ph\u1ee5 ki\u1ec7n fly-cam gi\u00e1 t\u1ed1t \u0111\u1ec3 c\u00f3 \u0111\u01b0\u1ee3c\u00a0<strong><em>gi\u00e1 phatom 3 4<\/em><\/strong>,\u00a0<strong><em>gi\u00e1 inspire<\/em><\/strong>,..c\u00f9ng v\u1edbi ch\u1ea5t l\u01b0\u1ee3ng t\u1ed1t nh\u1ea5t.<\/p>\n","protected":false},"excerpt":{"rendered":"<p>H\u1ed1c che n\u1eafng m\u00e1y t\u00ednh b\u1ea3ng max 10.5 inch \u2013 PGYTECH Ph\u1ee5 ki\u1ec7n dji phantom 3 4 \u2013 inspire cao c\u1ea5p PGYTECH Ph\u1ee5 ki\u1ec7n flycam Phantom 3 4 series v\u00e0 Inspire chuy\u00ean d\u1ee5ng- pgytech &nbsp; M\u1ed9t v\u1ea5n \u0111\u1ec1 v\u00f4 c\u00f9ng kh\u00f3 ch\u1ecbu m\u00e0 c\u00e1c pilot lu\u00f4n g\u1eb7p ph\u1ea3i khi quay film ch\u1ee5p \u1ea3nh ngo\u00e0i tr\u1eddi &#8230;<\/p>\n","protected":false},"featured_media":939,"comment_status":"open","ping_status":"closed","template":"","meta":{"_acf_changed":false},"product_brand":[],"product_cat":[791],"product_tag":[],"class_list":{"0":"post-1027","1":"product","2":"type-product","3":"status-publish","4":"has-post-thumbnail","6":"product_cat-chua-phan-loai","8":"first","9":"instock","10":"shipping-taxable","11":"purchasable","12":"product-type-simple"},"acf":[],"yoast_head":"<!-- This site is optimized with the Yoast SEO plugin v25.7 - https:\/\/yoast.com\/wordpress\/plugins\/seo\/ -->\n<title>Sunshade for tablet 10.5 inch max - PGYTECH - Shop M\u00e1y \u1ea3nh - Action Camera - Gimbal - Flycam - Ph\u1ee5 ki\u1ec7n<\/title>\n<meta name=\"robots\" content=\"index, follow, max-snippet:-1, max-image-preview:large, max-video-preview:-1\" \/>\n<link rel=\"canonical\" href=\"https:\/\/phukienflytech.vn\/en\/san-pham\/sunshade-for-tablet-10-5-inch-max-pgytech.html\" \/>\n<meta property=\"og:locale\" content=\"en_US\" \/>\n<meta property=\"og:type\" content=\"article\" \/>\n<meta property=\"og:title\" content=\"Sunshade for tablet 10.5 inch max - PGYTECH - Shop M\u00e1y \u1ea3nh - Action Camera - Gimbal - Flycam - Ph\u1ee5 ki\u1ec7n\" \/>\n<meta property=\"og:description\" content=\"H\u1ed1c che n\u1eafng m\u00e1y t\u00ednh b\u1ea3ng max 10.5 inch \u2013 PGYTECH Ph\u1ee5 ki\u1ec7n dji phantom 3 4 \u2013 inspire cao c\u1ea5p PGYTECH Ph\u1ee5 ki\u1ec7n flycam Phantom 3 4 series v\u00e0 Inspire chuy\u00ean d\u1ee5ng- pgytech &nbsp; M\u1ed9t v\u1ea5n \u0111\u1ec1 v\u00f4 c\u00f9ng kh\u00f3 ch\u1ecbu m\u00e0 c\u00e1c pilot lu\u00f4n g\u1eb7p ph\u1ea3i khi quay film ch\u1ee5p \u1ea3nh ngo\u00e0i tr\u1eddi ...\" \/>\n<meta property=\"og:url\" content=\"https:\/\/phukienflytech.vn\/en\/san-pham\/sunshade-for-tablet-10-5-inch-max-pgytech.html\" \/>\n<meta property=\"og:site_name\" content=\"Shop M\u00e1y \u1ea3nh - Action Camera - Gimbal - Flycam - Ph\u1ee5 ki\u1ec7n\" \/>\n<meta property=\"article:publisher\" content=\"https:\/\/facebook.com\/phukienflycam\" \/>\n<meta property=\"article:modified_time\" content=\"2020-05-11T15:48:52+00:00\" \/>\n<meta property=\"og:image\" content=\"https:\/\/phukienflytech.vn\/wp-content\/uploads\/2020\/05\/phu-kien-flycam-dji-mavic-pro-2-zoom-phantom-3-4-advanced-inspire-1-pgytech-5_-_Copy.jpg\" \/>\n\t<meta property=\"og:image:width\" content=\"500\" \/>\n\t<meta property=\"og:image:height\" content=\"500\" \/>\n\t<meta property=\"og:image:type\" content=\"image\/jpeg\" \/>\n<meta name=\"twitter:card\" content=\"summary_large_image\" \/>\n<meta name=\"twitter:label1\" content=\"Est. reading time\" \/>\n\t<meta name=\"twitter:data1\" content=\"2 minutes\" \/>\n<script type=\"application\/ld+json\" class=\"yoast-schema-graph\">{\"@context\":\"https:\/\/schema.org\",\"@graph\":[{\"@type\":\"WebPage\",\"@id\":\"https:\/\/phukienflytech.vn\/en\/san-pham\/sunshade-for-tablet-10-5-inch-max-pgytech.html\",\"url\":\"https:\/\/phukienflytech.vn\/en\/san-pham\/sunshade-for-tablet-10-5-inch-max-pgytech.html\",\"name\":\"Sunshade for tablet 10.5 inch max - PGYTECH - Shop M\u00e1y \u1ea3nh - Action Camera - Gimbal - Flycam - Ph\u1ee5 ki\u1ec7n\",\"isPartOf\":{\"@id\":\"https:\/\/phukienflytech.vn\/#website\"},\"primaryImageOfPage\":{\"@id\":\"https:\/\/phukienflytech.vn\/en\/san-pham\/sunshade-for-tablet-10-5-inch-max-pgytech.html#primaryimage\"},\"image\":{\"@id\":\"https:\/\/phukienflytech.vn\/en\/san-pham\/sunshade-for-tablet-10-5-inch-max-pgytech.html#primaryimage\"},\"thumbnailUrl\":\"https:\/\/phukienflytech.vn\/wp-content\/uploads\/2020\/05\/phu-kien-flycam-dji-mavic-pro-2-zoom-phantom-3-4-advanced-inspire-1-pgytech-5_-_Copy.jpg\",\"datePublished\":\"2020-05-11T13:05:43+00:00\",\"dateModified\":\"2020-05-11T15:48:52+00:00\",\"breadcrumb\":{\"@id\":\"https:\/\/phukienflytech.vn\/en\/san-pham\/sunshade-for-tablet-10-5-inch-max-pgytech.html#breadcrumb\"},\"inLanguage\":\"en-US\",\"potentialAction\":[{\"@type\":\"ReadAction\",\"target\":[\"https:\/\/phukienflytech.vn\/en\/san-pham\/sunshade-for-tablet-10-5-inch-max-pgytech.html\"]}]},{\"@type\":\"ImageObject\",\"inLanguage\":\"en-US\",\"@id\":\"https:\/\/phukienflytech.vn\/en\/san-pham\/sunshade-for-tablet-10-5-inch-max-pgytech.html#primaryimage\",\"url\":\"https:\/\/phukienflytech.vn\/wp-content\/uploads\/2020\/05\/phu-kien-flycam-dji-mavic-pro-2-zoom-phantom-3-4-advanced-inspire-1-pgytech-5_-_Copy.jpg\",\"contentUrl\":\"https:\/\/phukienflytech.vn\/wp-content\/uploads\/2020\/05\/phu-kien-flycam-dji-mavic-pro-2-zoom-phantom-3-4-advanced-inspire-1-pgytech-5_-_Copy.jpg\",\"width\":500,\"height\":500},{\"@type\":\"BreadcrumbList\",\"@id\":\"https:\/\/phukienflytech.vn\/en\/san-pham\/sunshade-for-tablet-10-5-inch-max-pgytech.html#breadcrumb\",\"itemListElement\":[{\"@type\":\"ListItem\",\"position\":1,\"name\":\"Home\",\"item\":\"https:\/\/phukienflytech.vn\/en\"},{\"@type\":\"ListItem\",\"position\":2,\"name\":\"Ph\u1ee5 ki\u1ec7n Mavic Pro\",\"item\":\"https:\/\/phukienflytech.vn\/en\/phu-kien-mavic-pro.html\"},{\"@type\":\"ListItem\",\"position\":3,\"name\":\"Ch\u01b0a ph\u00e2n lo\u1ea1i\",\"item\":\"https:\/\/phukienflytech.vn\/danh-muc\/chua-phan-loai.html\"},{\"@type\":\"ListItem\",\"position\":4,\"name\":\"Sunshade for tablet 10.5 inch max &#8211; PGYTECH\"}]},{\"@type\":\"WebSite\",\"@id\":\"https:\/\/phukienflytech.vn\/#website\",\"url\":\"https:\/\/phukienflytech.vn\/\",\"name\":\"Shop M\u00e1y \u1ea3nh - Action Camera - Gimbal - Flycam - Ph\u1ee5 ki\u1ec7n\",\"description\":\"Shop M\u00e1y \u1ea3nh - Action Camera - Gimbal - Flycam - Ph\u1ee5 ki\u1ec7n\",\"publisher\":{\"@id\":\"https:\/\/phukienflytech.vn\/#organization\"},\"potentialAction\":[{\"@type\":\"SearchAction\",\"target\":{\"@type\":\"EntryPoint\",\"urlTemplate\":\"https:\/\/phukienflytech.vn\/?s={search_term_string}\"},\"query-input\":{\"@type\":\"PropertyValueSpecification\",\"valueRequired\":true,\"valueName\":\"search_term_string\"}}],\"inLanguage\":\"en-US\"},{\"@type\":\"Organization\",\"@id\":\"https:\/\/phukienflytech.vn\/#organization\",\"name\":\"DJI Store - Shop Drone, Action camera, Gimbal DJI |Phukienflytech\",\"alternateName\":\"DJI Store - Shop Drone, Action camera, Gimbal DJI |Phukienflytech\",\"url\":\"https:\/\/phukienflytech.vn\/\",\"logo\":{\"@type\":\"ImageObject\",\"inLanguage\":\"en-US\",\"@id\":\"https:\/\/phukienflytech.vn\/#\/schema\/logo\/image\/\",\"url\":\"https:\/\/phukienflytech.vn\/wp-content\/uploads\/2020\/05\/hAnh_nan.jpg1_.jpg\",\"contentUrl\":\"https:\/\/phukienflytech.vn\/wp-content\/uploads\/2020\/05\/hAnh_nan.jpg1_.jpg\",\"width\":800,\"height\":450,\"caption\":\"DJI Store - Shop Drone, Action camera, Gimbal DJI |Phukienflytech\"},\"image\":{\"@id\":\"https:\/\/phukienflytech.vn\/#\/schema\/logo\/image\/\"},\"sameAs\":[\"https:\/\/facebook.com\/phukienflycam\",\"https:\/\/www.youtube.com\/@phukienflytech\",\"https:\/\/www.tiktok.com\/@flytech.channel?fbclid=IwY2xjawGjg7BleHRuA2FlbQIxMAABHYVGmlXpuSMs0UB2zTpYvyT4GMVfN2qJa4urF4vkSQ6FAVBwXZtDP30qQA_aem_UwMiDcUvlEbd2tXAmsc8Og\"]}]}<\/script>\n<!-- \/ Yoast SEO plugin. -->","yoast_head_json":{"title":"Sunshade for tablet 10.5 inch max - PGYTECH - Shop M\u00e1y \u1ea3nh - Action Camera - Gimbal - Flycam - Ph\u1ee5 ki\u1ec7n","robots":{"index":"index","follow":"follow","max-snippet":"max-snippet:-1","max-image-preview":"max-image-preview:large","max-video-preview":"max-video-preview:-1"},"canonical":"https:\/\/phukienflytech.vn\/en\/san-pham\/sunshade-for-tablet-10-5-inch-max-pgytech.html","og_locale":"en_US","og_type":"article","og_title":"Sunshade for tablet 10.5 inch max - PGYTECH - Shop M\u00e1y \u1ea3nh - Action Camera - Gimbal - Flycam - Ph\u1ee5 ki\u1ec7n","og_description":"H\u1ed1c che n\u1eafng m\u00e1y t\u00ednh b\u1ea3ng max 10.5 inch \u2013 PGYTECH Ph\u1ee5 ki\u1ec7n dji phantom 3 4 \u2013 inspire cao c\u1ea5p PGYTECH Ph\u1ee5 ki\u1ec7n flycam Phantom 3 4 series v\u00e0 Inspire chuy\u00ean d\u1ee5ng- pgytech &nbsp; M\u1ed9t v\u1ea5n \u0111\u1ec1 v\u00f4 c\u00f9ng kh\u00f3 ch\u1ecbu m\u00e0 c\u00e1c pilot lu\u00f4n g\u1eb7p ph\u1ea3i khi quay film ch\u1ee5p \u1ea3nh ngo\u00e0i tr\u1eddi ...","og_url":"https:\/\/phukienflytech.vn\/en\/san-pham\/sunshade-for-tablet-10-5-inch-max-pgytech.html","og_site_name":"Shop M\u00e1y \u1ea3nh - Action Camera - Gimbal - Flycam - Ph\u1ee5 ki\u1ec7n","article_publisher":"https:\/\/facebook.com\/phukienflycam","article_modified_time":"2020-05-11T15:48:52+00:00","og_image":[{"width":500,"height":500,"url":"https:\/\/phukienflytech.vn\/wp-content\/uploads\/2020\/05\/phu-kien-flycam-dji-mavic-pro-2-zoom-phantom-3-4-advanced-inspire-1-pgytech-5_-_Copy.jpg","type":"image\/jpeg"}],"twitter_card":"summary_large_image","twitter_misc":{"Est. reading time":"2 minutes"},"schema":{"@context":"https:\/\/schema.org","@graph":[{"@type":"WebPage","@id":"https:\/\/phukienflytech.vn\/en\/san-pham\/sunshade-for-tablet-10-5-inch-max-pgytech.html","url":"https:\/\/phukienflytech.vn\/en\/san-pham\/sunshade-for-tablet-10-5-inch-max-pgytech.html","name":"Sunshade for tablet 10.5 inch max - PGYTECH - Shop M\u00e1y \u1ea3nh - Action Camera - Gimbal - Flycam - Ph\u1ee5 ki\u1ec7n","isPartOf":{"@id":"https:\/\/phukienflytech.vn\/#website"},"primaryImageOfPage":{"@id":"https:\/\/phukienflytech.vn\/en\/san-pham\/sunshade-for-tablet-10-5-inch-max-pgytech.html#primaryimage"},"image":{"@id":"https:\/\/phukienflytech.vn\/en\/san-pham\/sunshade-for-tablet-10-5-inch-max-pgytech.html#primaryimage"},"thumbnailUrl":"https:\/\/phukienflytech.vn\/wp-content\/uploads\/2020\/05\/phu-kien-flycam-dji-mavic-pro-2-zoom-phantom-3-4-advanced-inspire-1-pgytech-5_-_Copy.jpg","datePublished":"2020-05-11T13:05:43+00:00","dateModified":"2020-05-11T15:48:52+00:00","breadcrumb":{"@id":"https:\/\/phukienflytech.vn\/en\/san-pham\/sunshade-for-tablet-10-5-inch-max-pgytech.html#breadcrumb"},"inLanguage":"en-US","potentialAction":[{"@type":"ReadAction","target":["https:\/\/phukienflytech.vn\/en\/san-pham\/sunshade-for-tablet-10-5-inch-max-pgytech.html"]}]},{"@type":"ImageObject","inLanguage":"en-US","@id":"https:\/\/phukienflytech.vn\/en\/san-pham\/sunshade-for-tablet-10-5-inch-max-pgytech.html#primaryimage","url":"https:\/\/phukienflytech.vn\/wp-content\/uploads\/2020\/05\/phu-kien-flycam-dji-mavic-pro-2-zoom-phantom-3-4-advanced-inspire-1-pgytech-5_-_Copy.jpg","contentUrl":"https:\/\/phukienflytech.vn\/wp-content\/uploads\/2020\/05\/phu-kien-flycam-dji-mavic-pro-2-zoom-phantom-3-4-advanced-inspire-1-pgytech-5_-_Copy.jpg","width":500,"height":500},{"@type":"BreadcrumbList","@id":"https:\/\/phukienflytech.vn\/en\/san-pham\/sunshade-for-tablet-10-5-inch-max-pgytech.html#breadcrumb","itemListElement":[{"@type":"ListItem","position":1,"name":"Home","item":"https:\/\/phukienflytech.vn\/en"},{"@type":"ListItem","position":2,"name":"Ph\u1ee5 ki\u1ec7n Mavic Pro","item":"https:\/\/phukienflytech.vn\/en\/phu-kien-mavic-pro.html"},{"@type":"ListItem","position":3,"name":"Ch\u01b0a ph\u00e2n lo\u1ea1i","item":"https:\/\/phukienflytech.vn\/danh-muc\/chua-phan-loai.html"},{"@type":"ListItem","position":4,"name":"Sunshade for tablet 10.5 inch max &#8211; PGYTECH"}]},{"@type":"WebSite","@id":"https:\/\/phukienflytech.vn\/#website","url":"https:\/\/phukienflytech.vn\/","name":"Shop M\u00e1y \u1ea3nh - Action Camera - Gimbal - Flycam - Ph\u1ee5 ki\u1ec7n","description":"Shop M\u00e1y \u1ea3nh - Action Camera - Gimbal - Flycam - Ph\u1ee5 ki\u1ec7n","publisher":{"@id":"https:\/\/phukienflytech.vn\/#organization"},"potentialAction":[{"@type":"SearchAction","target":{"@type":"EntryPoint","urlTemplate":"https:\/\/phukienflytech.vn\/?s={search_term_string}"},"query-input":{"@type":"PropertyValueSpecification","valueRequired":true,"valueName":"search_term_string"}}],"inLanguage":"en-US"},{"@type":"Organization","@id":"https:\/\/phukienflytech.vn\/#organization","name":"DJI Store - Shop Drone, Action camera, Gimbal DJI |Phukienflytech","alternateName":"DJI Store - Shop Drone, Action camera, Gimbal DJI |Phukienflytech","url":"https:\/\/phukienflytech.vn\/","logo":{"@type":"ImageObject","inLanguage":"en-US","@id":"https:\/\/phukienflytech.vn\/#\/schema\/logo\/image\/","url":"https:\/\/phukienflytech.vn\/wp-content\/uploads\/2020\/05\/hAnh_nan.jpg1_.jpg","contentUrl":"https:\/\/phukienflytech.vn\/wp-content\/uploads\/2020\/05\/hAnh_nan.jpg1_.jpg","width":800,"height":450,"caption":"DJI Store - Shop Drone, Action camera, Gimbal DJI |Phukienflytech"},"image":{"@id":"https:\/\/phukienflytech.vn\/#\/schema\/logo\/image\/"},"sameAs":["https:\/\/facebook.com\/phukienflycam","https:\/\/www.youtube.com\/@phukienflytech","https:\/\/www.tiktok.com\/@flytech.channel?fbclid=IwY2xjawGjg7BleHRuA2FlbQIxMAABHYVGmlXpuSMs0UB2zTpYvyT4GMVfN2qJa4urF4vkSQ6FAVBwXZtDP30qQA_aem_UwMiDcUvlEbd2tXAmsc8Og"]}]}},"_links":{"self":[{"href":"https:\/\/phukienflytech.vn\/en\/wp-json\/wp\/v2\/product\/1027","targetHints":{"allow":["GET"]}}],"collection":[{"href":"https:\/\/phukienflytech.vn\/en\/wp-json\/wp\/v2\/product"}],"about":[{"href":"https:\/\/phukienflytech.vn\/en\/wp-json\/wp\/v2\/types\/product"}],"replies":[{"embeddable":true,"href":"https:\/\/phukienflytech.vn\/en\/wp-json\/wp\/v2\/comments?post=1027"}],"wp:featuredmedia":[{"embeddable":true,"href":"https:\/\/phukienflytech.vn\/en\/wp-json\/wp\/v2\/media\/939"}],"wp:attachment":[{"href":"https:\/\/phukienflytech.vn\/en\/wp-json\/wp\/v2\/media?parent=1027"}],"wp:term":[{"taxonomy":"product_brand","embeddable":true,"href":"https:\/\/phukienflytech.vn\/en\/wp-json\/wp\/v2\/product_brand?post=1027"},{"taxonomy":"product_cat","embeddable":true,"href":"https:\/\/phukienflytech.vn\/en\/wp-json\/wp\/v2\/product_cat?post=1027"},{"taxonomy":"product_tag","embeddable":true,"href":"https:\/\/phukienflytech.vn\/en\/wp-json\/wp\/v2\/product_tag?post=1027"}],"curies":[{"name":"wp","href":"https:\/\/api.w.org\/{rel}","templated":true}]}}