{"id":1028,"date":"2020-05-11T20:08:27","date_gmt":"2020-05-11T13:08:27","guid":{"rendered":"http:\/\/27430.lamdx.vinawebsite.vn\/san-pham\/filter-mrc-uv-osmo-action-professional-pgytech.html"},"modified":"2020-05-11T22:46:48","modified_gmt":"2020-05-11T15:46:48","slug":"filter-mrc-uv-osmo-action-professional-pgytech","status":"publish","type":"product","link":"https:\/\/phukienflytech.vn\/en\/san-pham\/filter-mrc-uv-osmo-action-professional-pgytech.html","title":{"rendered":"Filter MRC-UV Osmo Action &#8211; Professional &#8211; PGYtech"},"content":{"rendered":"<h1><strong><em>Lens filter MRC-UV Osmo Action\u00a0\u2013 PGYTECH<\/em><\/strong><\/h1>\n<h2><strong><em>Ph\u1ee5 ki\u1ec7n DJI Osmo Action cao c\u1ea5p PGYTECH<\/em><\/strong><\/h2>\n<h3><strong><em>Ph\u1ee5 ki\u1ec7n dji Osmo Action<\/em><\/strong><\/h3>\n<p><img loading=\"lazy\" decoding=\"async\" src=\"https:\/\/phukienflytech.vn\/wp-content\/uploads\/2020\/05\/filter-mrc-uv-osmo-action-professional-pgytech-732.jpg\" alt=\"\" width=\"450\" height=\"450\" \/><\/p>\n<p>B\u1ea1n l\u00e0 m\u1ed9t ng\u01b0\u1eddi th\u00edch quay film, ch\u1ee5p \u1ea3nh? B\u1ea1n lu\u00f4n mong mu\u1ed1n thu \u0111\u01b0\u1ee3c nh\u1eefng s\u1ea3n ph\u1ea9m c\u00f3 ch\u1ea5t l\u01b0\u1ee3ng t\u00f4t nh\u1ea5t m\u00e0 kh\u00f4ng b\u1ecb \u1ea3nh h\u01b0\u1edfng b\u1edfi nh\u1eefng \u00e1nh s\u00e1ng kh\u00f4ng c\u1ea7n thi\u1ebft, filter lens ch\u00ednh l\u00e0 ph\u1ee5 ki\u1ec7n m\u00e0 b\u1ea1n c\u1ea7n.<\/p>\n<p><img loading=\"lazy\" decoding=\"async\" src=\"https:\/\/phukienflytech.vn\/wp-content\/uploads\/2020\/05\/filter-mrc-uv-osmo-action-professional-pgytech-732-1.jpg\" alt=\"\" width=\"480\" height=\"320\" \/><\/p>\n<p>Lu\u00f4n n\u1eb1m trong top danh s\u00e1ch nh\u1eefng\u00a0<strong><em>ph\u1ee5 ki\u1ec7n DJI Osmo Action c\u1ea7n thi\u1ebft<\/em><\/strong>\u00a0cho c\u00e1c pilot ch\u00ednh v\u00ec v\u1eady hi\u1ec7n nay c\u00f3 kh\u00e1 nhi\u1ec1u filter b\u1ea1n c\u00f3 th\u1ec3 l\u1ef1a ch\u1ecdn.<\/p>\n<p><strong><em>Lens filter MRC-UV Osmo Action<\/em><\/strong>\u00a0c\u0169ng n\u1eb1m trong s\u1ed1 \u0111\u00f3. \u0110\u01b0\u1ee3c h\u00e3ng\u00a0<strong><em>PGYTECH<\/em><\/strong>\u00a0s\u1ea3n xu\u1ea5t t\u1ea1i \u0110\u1ee9c v\u1edbi ch\u1ea5t li\u1ec7u schott cao c\u1ea5p \u0111\u1ea3m b\u1ea3o c\u00f3 th\u1ec3 \u0111\u00e1p \u1ee9ng \u0111\u01b0\u1ee3c nh\u1eefng y\u00eau c\u1ea7u kh\u1eaft khe c\u1ee7a ng\u01b0\u1eddi d\u00f9ng kh\u00f3 t\u00ednh nh\u1ea5t.<\/p>\n<p><img loading=\"lazy\" decoding=\"async\" src=\"https:\/\/phukienflytech.vn\/wp-content\/uploads\/2020\/05\/filter-mrc-uv-osmo-action-professional-pgytech-732-2.jpg\" alt=\"\" width=\"450\" height=\"450\" \/><\/p>\n<h2>Chi ti\u1ebft c\u1ee7a\u00a0<strong><em>lens filter MRC-UV Osmo Action<\/em><\/strong><\/h2>\n<p>K\u00ednh l\u1ecdc MRC-UV hay c\u00f2n g\u1ecdi l\u00e0 k\u00ednh l\u1ecdc c\u1ea3n tia c\u1ef1c t\u00edm UV gi\u00fap b\u1ea1n c\u1ea3m nh\u1eadn \u0111\u01b0\u1ee3c nh\u1eefng \u00e1nh s\u00e1ng kh\u00f4ng th\u1ec3 nh\u00ecn th\u1ea5y \u0111\u01b0\u1ee3c b\u1eb1ng m\u1eaft th\u01b0\u1eddng nh\u1eefng v\u1eabn \u1ea3nh h\u01b0\u1edfng tr\u1ef1c ti\u1ebfp \u0111\u1ebfn \u00e1nh s\u00e1ng c\u1ee7a b\u1ee9c \u1ea3nh \u0111\u1ec3 thu \u0111\u01b0\u1ee3c b\u1ee9c \u1ea3nh s\u1eafc n\u00e9t h\u01a1n sau khi ch\u1ee5p<\/p>\n<p><img loading=\"lazy\" decoding=\"async\" src=\"https:\/\/phukienflytech.vn\/wp-content\/uploads\/2020\/05\/filter-mrc-uv-osmo-action-professional-pgytech-732-3.jpg\" alt=\"\" width=\"450\" height=\"450\" \/><\/p>\n<p>V\u1edbi thi\u1ebft k\u1ebf hi\u1ec7n \u0111\u1ea1i tinh t\u1ebf, b\u1ea1n c\u00f3 th\u1ec3 ho\u00e0n to\u00e0n d\u1ec5 d\u00e0ng th\u00e1o l\u1eafp v\u00e0 s\u1eed d\u1ee5ng lens filter MRC-UV<\/p>\n<h3><strong><em>Mua ph\u1ee5 ki\u1ec7n Osmo Action<\/em><\/strong>\u00a0\u1edf \u0111\u00e2u?<\/h3>\n<p>N\u1ebfu b\u1ea1n v\u1eabn \u0111ang ph\u00e2n v\u00e2n kh\u00f4ng bi\u1ebft c\u00f3 th\u1ec3 t\u00ecm mua \u0111\u01b0\u1ee3c\u00a0<strong><em>nh\u1eefng ph\u1ee5 ki\u1ec7n dji Osmo Action\u00a0<\/em><\/strong>ch\u1ea5t l\u01b0\u1ee3ng nh\u1ea5t m\u00e0 kh\u00f4ng c\u1ea7n lo l\u1eafng gi\u00e1 c\u1ee7a s\u1ea3n ph\u1ea9m \u1edf \u0111\u00e2u th\u00ec ph\u1ee5 ki\u1ec7n flycam gi\u00e1 t\u1ed1t ch\u00ednh l\u00e0 n\u01a1i ph\u00f9 h\u1ee3p d\u00e0nh cho b\u1ea1n. H\u00e3y \u0111\u1ebfn v\u1edbi ph\u1ee5 ki\u1ec7n fly-cam gi\u00e1 t\u1ed1t \u0111\u1ec3 c\u00f3 \u0111\u01b0\u1ee3c\u00a0<strong><em>gi\u00e1 Osmo Action<\/em><\/strong>,..c\u00f9ng v\u1edbi ch\u1ea5t l\u01b0\u1ee3ng t\u1ed1t nh\u1ea5t.<\/p>\n","protected":false},"excerpt":{"rendered":"<p>K\u00ednh l\u1ecdc MRC-UV hay c\u00f2n g\u1ecdi l\u00e0 k\u00ednh l\u1ecdc c\u1ea3n tia c\u1ef1c t\u00edm UV gi\u00fap b\u1ea1n c\u1ea3m nh\u1eadn \u0111\u01b0\u1ee3c nh\u1eefng \u00e1nh s\u00e1ng kh\u00f4ng th\u1ec3 nh\u00ecn th\u1ea5y \u0111\u01b0\u1ee3c b\u1eb1ng m\u1eaft th\u01b0\u1eddng nh\u1eefng v\u1eabn \u1ea3nh h\u01b0\u1edfng tr\u1ef1c ti\u1ebfp \u0111\u1ebfn \u00e1nh s\u00e1ng c\u1ee7a b\u1ee9c \u1ea3nh \u0111\u1ec3 thu \u0111\u01b0\u1ee3c b\u1ee9c \u1ea3nh s\u1eafc n\u00e9t h\u01a1n sau khi ch\u1ee5p<\/p>\n","protected":false},"featured_media":944,"comment_status":"open","ping_status":"closed","template":"","meta":{"_acf_changed":false},"product_brand":[],"product_cat":[791],"product_tag":[],"class_list":{"0":"post-1028","1":"product","2":"type-product","3":"status-publish","4":"has-post-thumbnail","6":"product_cat-chua-phan-loai","8":"first","9":"instock","10":"shipping-taxable","11":"purchasable","12":"product-type-simple"},"acf":[],"yoast_head":"<!-- This site is optimized with the Yoast SEO plugin v25.7 - https:\/\/yoast.com\/wordpress\/plugins\/seo\/ -->\n<title>Filter MRC-UV Osmo Action - Professional - PGYtech - Shop M\u00e1y \u1ea3nh - Action Camera - Gimbal - Flycam - Ph\u1ee5 ki\u1ec7n<\/title>\n<meta name=\"robots\" content=\"index, follow, max-snippet:-1, max-image-preview:large, max-video-preview:-1\" \/>\n<link rel=\"canonical\" href=\"https:\/\/phukienflytech.vn\/en\/san-pham\/filter-mrc-uv-osmo-action-professional-pgytech.html\" \/>\n<meta property=\"og:locale\" content=\"en_US\" \/>\n<meta property=\"og:type\" content=\"article\" \/>\n<meta property=\"og:title\" content=\"Filter MRC-UV Osmo Action - Professional - PGYtech - Shop M\u00e1y \u1ea3nh - Action Camera - Gimbal - Flycam - Ph\u1ee5 ki\u1ec7n\" \/>\n<meta property=\"og:description\" content=\"K\u00ednh l\u1ecdc MRC-UV hay c\u00f2n g\u1ecdi l\u00e0 k\u00ednh l\u1ecdc c\u1ea3n tia c\u1ef1c t\u00edm UV gi\u00fap b\u1ea1n c\u1ea3m nh\u1eadn \u0111\u01b0\u1ee3c nh\u1eefng \u00e1nh s\u00e1ng kh\u00f4ng th\u1ec3 nh\u00ecn th\u1ea5y \u0111\u01b0\u1ee3c b\u1eb1ng m\u1eaft th\u01b0\u1eddng nh\u1eefng v\u1eabn \u1ea3nh h\u01b0\u1edfng tr\u1ef1c ti\u1ebfp \u0111\u1ebfn \u00e1nh s\u00e1ng c\u1ee7a b\u1ee9c \u1ea3nh \u0111\u1ec3 thu \u0111\u01b0\u1ee3c b\u1ee9c \u1ea3nh s\u1eafc n\u00e9t h\u01a1n sau khi ch\u1ee5p\" \/>\n<meta property=\"og:url\" content=\"https:\/\/phukienflytech.vn\/en\/san-pham\/filter-mrc-uv-osmo-action-professional-pgytech.html\" \/>\n<meta property=\"og:site_name\" content=\"Shop M\u00e1y \u1ea3nh - Action Camera - Gimbal - Flycam - Ph\u1ee5 ki\u1ec7n\" \/>\n<meta property=\"article:publisher\" content=\"https:\/\/facebook.com\/phukienflycam\" \/>\n<meta property=\"article:modified_time\" content=\"2020-05-11T15:46:48+00:00\" \/>\n<meta property=\"og:image\" content=\"https:\/\/phukienflytech.vn\/wp-content\/uploads\/2020\/05\/filter-osmo-action-camera-dji-chinh-hang-phu-kien-filter-mcuv-pgytech_-_Copy_2.jpg\" \/>\n\t<meta property=\"og:image:width\" content=\"500\" \/>\n\t<meta property=\"og:image:height\" content=\"500\" \/>\n\t<meta property=\"og:image:type\" content=\"image\/jpeg\" \/>\n<meta name=\"twitter:card\" content=\"summary_large_image\" \/>\n<meta name=\"twitter:label1\" content=\"Est. reading time\" \/>\n\t<meta name=\"twitter:data1\" content=\"2 minutes\" \/>\n<script type=\"application\/ld+json\" class=\"yoast-schema-graph\">{\"@context\":\"https:\/\/schema.org\",\"@graph\":[{\"@type\":\"WebPage\",\"@id\":\"https:\/\/phukienflytech.vn\/en\/san-pham\/filter-mrc-uv-osmo-action-professional-pgytech.html\",\"url\":\"https:\/\/phukienflytech.vn\/en\/san-pham\/filter-mrc-uv-osmo-action-professional-pgytech.html\",\"name\":\"Filter MRC-UV Osmo Action - Professional - PGYtech - Shop M\u00e1y \u1ea3nh - Action Camera - Gimbal - Flycam - Ph\u1ee5 ki\u1ec7n\",\"isPartOf\":{\"@id\":\"https:\/\/phukienflytech.vn\/#website\"},\"primaryImageOfPage\":{\"@id\":\"https:\/\/phukienflytech.vn\/en\/san-pham\/filter-mrc-uv-osmo-action-professional-pgytech.html#primaryimage\"},\"image\":{\"@id\":\"https:\/\/phukienflytech.vn\/en\/san-pham\/filter-mrc-uv-osmo-action-professional-pgytech.html#primaryimage\"},\"thumbnailUrl\":\"https:\/\/phukienflytech.vn\/wp-content\/uploads\/2020\/05\/filter-osmo-action-camera-dji-chinh-hang-phu-kien-filter-mcuv-pgytech_-_Copy_2.jpg\",\"datePublished\":\"2020-05-11T13:08:27+00:00\",\"dateModified\":\"2020-05-11T15:46:48+00:00\",\"breadcrumb\":{\"@id\":\"https:\/\/phukienflytech.vn\/en\/san-pham\/filter-mrc-uv-osmo-action-professional-pgytech.html#breadcrumb\"},\"inLanguage\":\"en-US\",\"potentialAction\":[{\"@type\":\"ReadAction\",\"target\":[\"https:\/\/phukienflytech.vn\/en\/san-pham\/filter-mrc-uv-osmo-action-professional-pgytech.html\"]}]},{\"@type\":\"ImageObject\",\"inLanguage\":\"en-US\",\"@id\":\"https:\/\/phukienflytech.vn\/en\/san-pham\/filter-mrc-uv-osmo-action-professional-pgytech.html#primaryimage\",\"url\":\"https:\/\/phukienflytech.vn\/wp-content\/uploads\/2020\/05\/filter-osmo-action-camera-dji-chinh-hang-phu-kien-filter-mcuv-pgytech_-_Copy_2.jpg\",\"contentUrl\":\"https:\/\/phukienflytech.vn\/wp-content\/uploads\/2020\/05\/filter-osmo-action-camera-dji-chinh-hang-phu-kien-filter-mcuv-pgytech_-_Copy_2.jpg\",\"width\":500,\"height\":500},{\"@type\":\"BreadcrumbList\",\"@id\":\"https:\/\/phukienflytech.vn\/en\/san-pham\/filter-mrc-uv-osmo-action-professional-pgytech.html#breadcrumb\",\"itemListElement\":[{\"@type\":\"ListItem\",\"position\":1,\"name\":\"Home\",\"item\":\"https:\/\/phukienflytech.vn\/en\"},{\"@type\":\"ListItem\",\"position\":2,\"name\":\"Ph\u1ee5 ki\u1ec7n Mavic Pro\",\"item\":\"https:\/\/phukienflytech.vn\/en\/phu-kien-mavic-pro.html\"},{\"@type\":\"ListItem\",\"position\":3,\"name\":\"Ch\u01b0a ph\u00e2n lo\u1ea1i\",\"item\":\"https:\/\/phukienflytech.vn\/danh-muc\/chua-phan-loai.html\"},{\"@type\":\"ListItem\",\"position\":4,\"name\":\"Filter MRC-UV Osmo Action &#8211; Professional &#8211; PGYtech\"}]},{\"@type\":\"WebSite\",\"@id\":\"https:\/\/phukienflytech.vn\/#website\",\"url\":\"https:\/\/phukienflytech.vn\/\",\"name\":\"Shop M\u00e1y \u1ea3nh - Action Camera - Gimbal - Flycam - Ph\u1ee5 ki\u1ec7n\",\"description\":\"Shop M\u00e1y \u1ea3nh - Action Camera - Gimbal - Flycam - Ph\u1ee5 ki\u1ec7n\",\"publisher\":{\"@id\":\"https:\/\/phukienflytech.vn\/#organization\"},\"potentialAction\":[{\"@type\":\"SearchAction\",\"target\":{\"@type\":\"EntryPoint\",\"urlTemplate\":\"https:\/\/phukienflytech.vn\/?s={search_term_string}\"},\"query-input\":{\"@type\":\"PropertyValueSpecification\",\"valueRequired\":true,\"valueName\":\"search_term_string\"}}],\"inLanguage\":\"en-US\"},{\"@type\":\"Organization\",\"@id\":\"https:\/\/phukienflytech.vn\/#organization\",\"name\":\"DJI Store - Shop Drone, Action camera, Gimbal DJI |Phukienflytech\",\"alternateName\":\"DJI Store - Shop Drone, Action camera, Gimbal DJI |Phukienflytech\",\"url\":\"https:\/\/phukienflytech.vn\/\",\"logo\":{\"@type\":\"ImageObject\",\"inLanguage\":\"en-US\",\"@id\":\"https:\/\/phukienflytech.vn\/#\/schema\/logo\/image\/\",\"url\":\"https:\/\/phukienflytech.vn\/wp-content\/uploads\/2020\/05\/hAnh_nan.jpg1_.jpg\",\"contentUrl\":\"https:\/\/phukienflytech.vn\/wp-content\/uploads\/2020\/05\/hAnh_nan.jpg1_.jpg\",\"width\":800,\"height\":450,\"caption\":\"DJI Store - Shop Drone, Action camera, Gimbal DJI |Phukienflytech\"},\"image\":{\"@id\":\"https:\/\/phukienflytech.vn\/#\/schema\/logo\/image\/\"},\"sameAs\":[\"https:\/\/facebook.com\/phukienflycam\",\"https:\/\/www.youtube.com\/@phukienflytech\",\"https:\/\/www.tiktok.com\/@flytech.channel?fbclid=IwY2xjawGjg7BleHRuA2FlbQIxMAABHYVGmlXpuSMs0UB2zTpYvyT4GMVfN2qJa4urF4vkSQ6FAVBwXZtDP30qQA_aem_UwMiDcUvlEbd2tXAmsc8Og\"]}]}<\/script>\n<!-- \/ Yoast SEO plugin. -->","yoast_head_json":{"title":"Filter MRC-UV Osmo Action - Professional - PGYtech - Shop M\u00e1y \u1ea3nh - Action Camera - Gimbal - Flycam - Ph\u1ee5 ki\u1ec7n","robots":{"index":"index","follow":"follow","max-snippet":"max-snippet:-1","max-image-preview":"max-image-preview:large","max-video-preview":"max-video-preview:-1"},"canonical":"https:\/\/phukienflytech.vn\/en\/san-pham\/filter-mrc-uv-osmo-action-professional-pgytech.html","og_locale":"en_US","og_type":"article","og_title":"Filter MRC-UV Osmo Action - Professional - PGYtech - Shop M\u00e1y \u1ea3nh - Action Camera - Gimbal - Flycam - Ph\u1ee5 ki\u1ec7n","og_description":"K\u00ednh l\u1ecdc MRC-UV hay c\u00f2n g\u1ecdi l\u00e0 k\u00ednh l\u1ecdc c\u1ea3n tia c\u1ef1c t\u00edm UV gi\u00fap b\u1ea1n c\u1ea3m nh\u1eadn \u0111\u01b0\u1ee3c nh\u1eefng \u00e1nh s\u00e1ng kh\u00f4ng th\u1ec3 nh\u00ecn th\u1ea5y \u0111\u01b0\u1ee3c b\u1eb1ng m\u1eaft th\u01b0\u1eddng nh\u1eefng v\u1eabn \u1ea3nh h\u01b0\u1edfng tr\u1ef1c ti\u1ebfp \u0111\u1ebfn \u00e1nh s\u00e1ng c\u1ee7a b\u1ee9c \u1ea3nh \u0111\u1ec3 thu \u0111\u01b0\u1ee3c b\u1ee9c \u1ea3nh s\u1eafc n\u00e9t h\u01a1n sau khi ch\u1ee5p","og_url":"https:\/\/phukienflytech.vn\/en\/san-pham\/filter-mrc-uv-osmo-action-professional-pgytech.html","og_site_name":"Shop M\u00e1y \u1ea3nh - Action Camera - Gimbal - Flycam - Ph\u1ee5 ki\u1ec7n","article_publisher":"https:\/\/facebook.com\/phukienflycam","article_modified_time":"2020-05-11T15:46:48+00:00","og_image":[{"width":500,"height":500,"url":"https:\/\/phukienflytech.vn\/wp-content\/uploads\/2020\/05\/filter-osmo-action-camera-dji-chinh-hang-phu-kien-filter-mcuv-pgytech_-_Copy_2.jpg","type":"image\/jpeg"}],"twitter_card":"summary_large_image","twitter_misc":{"Est. reading time":"2 minutes"},"schema":{"@context":"https:\/\/schema.org","@graph":[{"@type":"WebPage","@id":"https:\/\/phukienflytech.vn\/en\/san-pham\/filter-mrc-uv-osmo-action-professional-pgytech.html","url":"https:\/\/phukienflytech.vn\/en\/san-pham\/filter-mrc-uv-osmo-action-professional-pgytech.html","name":"Filter MRC-UV Osmo Action - Professional - PGYtech - Shop M\u00e1y \u1ea3nh - Action Camera - Gimbal - Flycam - Ph\u1ee5 ki\u1ec7n","isPartOf":{"@id":"https:\/\/phukienflytech.vn\/#website"},"primaryImageOfPage":{"@id":"https:\/\/phukienflytech.vn\/en\/san-pham\/filter-mrc-uv-osmo-action-professional-pgytech.html#primaryimage"},"image":{"@id":"https:\/\/phukienflytech.vn\/en\/san-pham\/filter-mrc-uv-osmo-action-professional-pgytech.html#primaryimage"},"thumbnailUrl":"https:\/\/phukienflytech.vn\/wp-content\/uploads\/2020\/05\/filter-osmo-action-camera-dji-chinh-hang-phu-kien-filter-mcuv-pgytech_-_Copy_2.jpg","datePublished":"2020-05-11T13:08:27+00:00","dateModified":"2020-05-11T15:46:48+00:00","breadcrumb":{"@id":"https:\/\/phukienflytech.vn\/en\/san-pham\/filter-mrc-uv-osmo-action-professional-pgytech.html#breadcrumb"},"inLanguage":"en-US","potentialAction":[{"@type":"ReadAction","target":["https:\/\/phukienflytech.vn\/en\/san-pham\/filter-mrc-uv-osmo-action-professional-pgytech.html"]}]},{"@type":"ImageObject","inLanguage":"en-US","@id":"https:\/\/phukienflytech.vn\/en\/san-pham\/filter-mrc-uv-osmo-action-professional-pgytech.html#primaryimage","url":"https:\/\/phukienflytech.vn\/wp-content\/uploads\/2020\/05\/filter-osmo-action-camera-dji-chinh-hang-phu-kien-filter-mcuv-pgytech_-_Copy_2.jpg","contentUrl":"https:\/\/phukienflytech.vn\/wp-content\/uploads\/2020\/05\/filter-osmo-action-camera-dji-chinh-hang-phu-kien-filter-mcuv-pgytech_-_Copy_2.jpg","width":500,"height":500},{"@type":"BreadcrumbList","@id":"https:\/\/phukienflytech.vn\/en\/san-pham\/filter-mrc-uv-osmo-action-professional-pgytech.html#breadcrumb","itemListElement":[{"@type":"ListItem","position":1,"name":"Home","item":"https:\/\/phukienflytech.vn\/en"},{"@type":"ListItem","position":2,"name":"Ph\u1ee5 ki\u1ec7n Mavic Pro","item":"https:\/\/phukienflytech.vn\/en\/phu-kien-mavic-pro.html"},{"@type":"ListItem","position":3,"name":"Ch\u01b0a ph\u00e2n lo\u1ea1i","item":"https:\/\/phukienflytech.vn\/danh-muc\/chua-phan-loai.html"},{"@type":"ListItem","position":4,"name":"Filter MRC-UV Osmo Action &#8211; Professional &#8211; PGYtech"}]},{"@type":"WebSite","@id":"https:\/\/phukienflytech.vn\/#website","url":"https:\/\/phukienflytech.vn\/","name":"Shop M\u00e1y \u1ea3nh - Action Camera - Gimbal - Flycam - Ph\u1ee5 ki\u1ec7n","description":"Shop M\u00e1y \u1ea3nh - Action Camera - Gimbal - Flycam - Ph\u1ee5 ki\u1ec7n","publisher":{"@id":"https:\/\/phukienflytech.vn\/#organization"},"potentialAction":[{"@type":"SearchAction","target":{"@type":"EntryPoint","urlTemplate":"https:\/\/phukienflytech.vn\/?s={search_term_string}"},"query-input":{"@type":"PropertyValueSpecification","valueRequired":true,"valueName":"search_term_string"}}],"inLanguage":"en-US"},{"@type":"Organization","@id":"https:\/\/phukienflytech.vn\/#organization","name":"DJI Store - Shop Drone, Action camera, Gimbal DJI |Phukienflytech","alternateName":"DJI Store - Shop Drone, Action camera, Gimbal DJI |Phukienflytech","url":"https:\/\/phukienflytech.vn\/","logo":{"@type":"ImageObject","inLanguage":"en-US","@id":"https:\/\/phukienflytech.vn\/#\/schema\/logo\/image\/","url":"https:\/\/phukienflytech.vn\/wp-content\/uploads\/2020\/05\/hAnh_nan.jpg1_.jpg","contentUrl":"https:\/\/phukienflytech.vn\/wp-content\/uploads\/2020\/05\/hAnh_nan.jpg1_.jpg","width":800,"height":450,"caption":"DJI Store - Shop Drone, Action camera, Gimbal DJI |Phukienflytech"},"image":{"@id":"https:\/\/phukienflytech.vn\/#\/schema\/logo\/image\/"},"sameAs":["https:\/\/facebook.com\/phukienflycam","https:\/\/www.youtube.com\/@phukienflytech","https:\/\/www.tiktok.com\/@flytech.channel?fbclid=IwY2xjawGjg7BleHRuA2FlbQIxMAABHYVGmlXpuSMs0UB2zTpYvyT4GMVfN2qJa4urF4vkSQ6FAVBwXZtDP30qQA_aem_UwMiDcUvlEbd2tXAmsc8Og"]}]}},"_links":{"self":[{"href":"https:\/\/phukienflytech.vn\/en\/wp-json\/wp\/v2\/product\/1028","targetHints":{"allow":["GET"]}}],"collection":[{"href":"https:\/\/phukienflytech.vn\/en\/wp-json\/wp\/v2\/product"}],"about":[{"href":"https:\/\/phukienflytech.vn\/en\/wp-json\/wp\/v2\/types\/product"}],"replies":[{"embeddable":true,"href":"https:\/\/phukienflytech.vn\/en\/wp-json\/wp\/v2\/comments?post=1028"}],"wp:featuredmedia":[{"embeddable":true,"href":"https:\/\/phukienflytech.vn\/en\/wp-json\/wp\/v2\/media\/944"}],"wp:attachment":[{"href":"https:\/\/phukienflytech.vn\/en\/wp-json\/wp\/v2\/media?parent=1028"}],"wp:term":[{"taxonomy":"product_brand","embeddable":true,"href":"https:\/\/phukienflytech.vn\/en\/wp-json\/wp\/v2\/product_brand?post=1028"},{"taxonomy":"product_cat","embeddable":true,"href":"https:\/\/phukienflytech.vn\/en\/wp-json\/wp\/v2\/product_cat?post=1028"},{"taxonomy":"product_tag","embeddable":true,"href":"https:\/\/phukienflytech.vn\/en\/wp-json\/wp\/v2\/product_tag?post=1028"}],"curies":[{"name":"wp","href":"https:\/\/api.w.org\/{rel}","templated":true}]}}