{"id":1031,"date":"2020-05-11T21:52:32","date_gmt":"2020-05-11T14:52:32","guid":{"rendered":"http:\/\/27430.lamdx.vinawebsite.vn\/san-pham\/vali-osmo-pocket-professional-pgytech.html"},"modified":"2020-05-11T22:38:39","modified_gmt":"2020-05-11T15:38:39","slug":"vali-osmo-pocket-professional-pgytech","status":"publish","type":"product","link":"https:\/\/phukienflytech.vn\/en\/san-pham\/vali-osmo-pocket-professional-pgytech.html","title":{"rendered":"Vali Osmo Pocket &#8211; Professional &#8211; PGYtech"},"content":{"rendered":"<h1><strong>Vali Osmo Pocket \u2013 Professional &#8211; PGYtech<\/strong><\/h1>\n<p>Nh\u1eefng m\u1eabu\u00a0<strong>Vali ch\u1ed1ng s\u1ed1c, ch\u1ed1ng n\u01b0\u1edbc<\/strong>\u00a0ch\u01b0a bao gi\u1edd h\u1ebft h\u00f3t b\u1edfi nh\u1eefng c\u00f4ng d\u1ee5ng v\u00e0 t\u00ednh n\u0103ng ch\u00fang \u0111em l\u1ea1i l\u00e0 v\u00f4 c\u00f9ng quan tr\u1ecdng v\u00e0 c\u1ea7n thi\u1ebft. Ngo\u00e0i nh\u1eefng m\u1eabu\u00a0<strong>Vali ch\u1ed1ng s\u1ed1c, ch\u1ed1ng n\u01b0\u1edbc<\/strong>\u00a0gi\u00e0nh cho d\u00f2ng flycam Mavic Pro\/ Mavic 2 Pro\/ Mavic 2 Zoom \u0111\u00e3 ph\u00e1t h\u00e0nh v\u00e0 nh\u1eadn \u0111\u01b0\u1ee3c nhi\u1ec1u ph\u1ea3n h\u1ed3i t\u00edch c\u1ef1c.<\/p>\n<p>B\u00ean c\u1ea1nh \u0111\u00f3 PGYtech c\u0169ng d\u1ef1a theo format th\u00e0nh c\u00f4ng \u0111\u00f3 \u0111\u1ec3 \u00e1p d\u1ee5ng l\u00e0m\u00a0<em><strong>Vali Osmo Pocket &#8211; PGYtech<\/strong><\/em>\u00a0c\u00f3 c\u00f4ng d\u1ee5ng ch\u1ed1ng s\u1ed1c v\u00e0 ch\u1ed1ng n\u01b0\u1edbc t\u01b0\u01a1ng t\u1ef1<\/p>\n<p><img loading=\"lazy\" decoding=\"async\" src=\"https:\/\/phukienflytech.vn\/wp-content\/uploads\/2020\/05\/vali-osmo-pocket-professional-pgytech-753.jpg\" alt=\"\" width=\"450\" height=\"450\" \/><\/p>\n<p>Kh\u00f4ng ngo\u00e0i cu\u1ed9c ch\u01a1i\u00a0<strong>PGYTech<\/strong>\u00a0c\u0169ng \u0111\u00e3 cho ra m\u1eaft m\u1eabu\u00a0<strong>Vali Osmo Pocket<\/strong>\u00a0gi\u00e0nh cho\u00a0<strong>DJI Osmo Pocket<\/strong>. Kh\u1ea3 n\u0103ng ch\u1ed1ng s\u1ed1c, ch\u1ed1ng n\u01b0\u1edbc tuy\u1ec7t v\u1eddi. \u0110em t\u1edbi s\u1ef1 an t\u00e2m cho ng\u01b0\u1eddi d\u00f9ng trong qu\u00e1 tr\u00ecnh di chuy\u1ec3n<\/p>\n<p><img loading=\"lazy\" decoding=\"async\" src=\"https:\/\/phukienflytech.vn\/wp-content\/uploads\/2020\/05\/vali-osmo-pocket-professional-pgytech-753-1.jpg\" alt=\"\" width=\"500\" height=\"281\" \/><\/p>\n<h1>Chi ti\u1ebft s\u1ea3n ph\u1ea9m<\/h1>\n<p>Vali Osmo Pocket ch\u1ee9a\u00a0<strong>1 DJI Osmo Pocket<\/strong>, b\u1ed9 ph\u1ee5 ki\u1ec7n theo m\u00e1y c\u00f9ng\u00a0ph\u1ee5 ki\u1ec7n kh\u00e1c (th\u1ebb nh\u1edb, c\u00e1p d\u1eef li\u1ec7u, \u0111i\u1ec7n tho\u1ea1i, v.v. . C\u0169ng gi\u1ed1ng nh\u01b0 nh\u1eefng m\u1eabu\u00a0<em><strong>Vali\u00a0Osmo Pocket ch\u1ed1ng s\u1ed1c, ch\u1ed1ng n\u01b0\u1edbc<\/strong><\/em><\/p>\n<p><img loading=\"lazy\" decoding=\"async\" src=\"https:\/\/phukienflytech.vn\/wp-content\/uploads\/2020\/05\/vali-osmo-pocket-professional-pgytech-753-2.jpg\" alt=\"\" width=\"450\" height=\"450\" \/><\/p>\n<p><strong>\u0110\u1eb7c \u0111i\u1ec3m c\u01a1 b\u1ea3n:<\/strong><\/p>\n<ul>\n<li>H\u00e3ng: PGYtech<\/li>\n<li>Vali : d\u00e0nh cho Osmo Pocket<\/li>\n<li>K\u00edch th\u01b0\u1edbc: 20cm x 15cm x 7cm<\/li>\n<li>Tr\u1ecdng l\u01b0\u1ee3ng: 140g<\/li>\n<li>Ch\u1ea5t li\u1ec7u: nh\u1ef1a EVA \u1edf l\u1edbp v\u1ecf v\u00e0 v\u1ea3i b\u00f4ng m\u1ec1m ch\u1ed1ng s\u1ed1c b\u00ean trong<\/li>\n<li>Kh\u1ea3 n\u0103ng: Ch\u1ed1ng s\u1ed1c \u1edf l\u1ef1c cao v\u00e0 n\u01b0\u1edbc t\u1ed1t<\/li>\n<li>C\u1ea5u tr\u00fac: c\u00f3 quay c\u1ea7m tay<\/li>\n<\/ul>\n<p><img loading=\"lazy\" decoding=\"async\" src=\"https:\/\/phukienflytech.vn\/wp-content\/uploads\/2020\/05\/vali-osmo-pocket-professional-pgytech-753-3.jpg\" alt=\"\" width=\"500\" height=\"281\" \/><\/p>\n<ul>\n<li>B\u00ean trong: Kh\u00f4ng gian c\u1ee7a\u00a0<strong><a href=\"https:\/\/phukienflytech.vn\/san-pham\/vali-mavic-mini-pgytech.html\" target=\"_blank\" rel=\"noopener noreferrer\">Vali Osmo Pocket<\/a><\/strong>\u00a0c\u00f3 th\u1ec3 \u0111\u01b0\u1ee3c \u0111i\u1ec1u ch\u1ec9nh nhanh ch\u00f3ng v\u1edbi c\u00e1c ng\u0103n ph\u00e2n v\u00f9ng t\u00f9y ch\u1ec9nh. \u1ede gi\u1eefa \u0111\u01b0\u1ee3c trang b\u1ecb 1 m\u1ed9t t\u00fai l\u01b0u tr\u1eef nh\u1ecf l\u00e0 n\u01a1i ch\u1ee9a c\u00e1c ph\u1ee5 ki\u1ec7n nh\u1ecf nh\u01b0 th\u1ebb nh\u1edb, \u0111\u1ea7u l\u1ecdc th\u1ebb, c\u00e1p k\u1ebft n\u1ed1i,\u2026.<\/li>\n<\/ul>\n<p><img loading=\"lazy\" decoding=\"async\" src=\"https:\/\/phukienflytech.vn\/wp-content\/uploads\/2020\/05\/vali-osmo-pocket-professional-pgytech-753-4.jpg\" alt=\"\" width=\"500\" height=\"503\" \/><\/p>\n<p>C\u00f9ng l\u00e0m \u0111\u1ea7y \u0111\u1ee7 b\u1ed9\u00a0<strong>ph\u1ee5 ki\u1ec7n Osmo Pocket\u00a0<\/strong>c\u1ee7a ch\u00ednh m\u00ecnh<\/p>\n<p>H\u00e3y \u0111\u1ec3\u00a0<strong><a href=\"https:\/\/facebook.com\/phukienflycam\/\" target=\"_blank\" rel=\"noopener noreferrer\">Ph\u1ee5 Ki\u1ec7n Fly-cam Gi\u00e1 T\u1ed1t<\/a><\/strong>\u00a0ti\u1ebfp s\u1ee9c \u0111am m\u00ea, c\u00f4ng vi\u1ec7c c\u1ee7a b\u1ea1n, gi\u00fap b\u1ea1n th\u00eam ni\u1ec1m h\u1ee9ng kh\u1edfi trong \u0111am m\u00ea c\u0169ng nh\u01b0 c\u00f4ng vi\u1ec7c c\u1ee7a m\u00ecnh th\u00eam su\u00f4n s\u1ebb.<\/p>\n","protected":false},"excerpt":{"rendered":"<p>\u0111\u00f3 PGYtech c\u0169ng d\u1ef1a theo format th\u00e0nh c\u00f4ng \u0111\u00f3 \u0111\u1ec3 \u00e1p d\u1ee5ng l\u00e0m Vali Osmo Pocket &#8211; PGYtech c\u00f3 c\u00f4ng d\u1ee5ng ch\u1ed1ng s\u1ed1c \u0111\u00e2y l\u00e0 ph\u1ee5 ki\u1ec7n osmo pocket c\u1ea7n thi\u1ebft h\u00e0ng \u0111\u1ea7u.<\/p>\n","protected":false},"featured_media":962,"comment_status":"open","ping_status":"closed","template":"","meta":{"_acf_changed":false},"product_brand":[],"product_cat":[791],"product_tag":[],"class_list":{"0":"post-1031","1":"product","2":"type-product","3":"status-publish","4":"has-post-thumbnail","6":"product_cat-chua-phan-loai","8":"first","9":"instock","10":"shipping-taxable","11":"purchasable","12":"product-type-simple"},"acf":[],"yoast_head":"<!-- This site is optimized with the Yoast SEO plugin v25.7 - https:\/\/yoast.com\/wordpress\/plugins\/seo\/ -->\n<title>Vali Osmo Pocket - Professional - PGYtech - Shop M\u00e1y \u1ea3nh - Action Camera - Gimbal - Flycam - Ph\u1ee5 ki\u1ec7n<\/title>\n<meta name=\"robots\" content=\"index, follow, max-snippet:-1, max-image-preview:large, max-video-preview:-1\" \/>\n<link rel=\"canonical\" href=\"https:\/\/phukienflytech.vn\/en\/san-pham\/vali-osmo-pocket-professional-pgytech.html\" \/>\n<meta property=\"og:locale\" content=\"en_US\" \/>\n<meta property=\"og:type\" content=\"article\" \/>\n<meta property=\"og:title\" content=\"Vali Osmo Pocket - Professional - PGYtech - Shop M\u00e1y \u1ea3nh - Action Camera - Gimbal - Flycam - Ph\u1ee5 ki\u1ec7n\" \/>\n<meta property=\"og:description\" content=\"\u0111\u00f3 PGYtech c\u0169ng d\u1ef1a theo format th\u00e0nh c\u00f4ng \u0111\u00f3 \u0111\u1ec3 \u00e1p d\u1ee5ng l\u00e0m Vali Osmo Pocket - PGYtech c\u00f3 c\u00f4ng d\u1ee5ng ch\u1ed1ng s\u1ed1c \u0111\u00e2y l\u00e0 ph\u1ee5 ki\u1ec7n osmo pocket c\u1ea7n thi\u1ebft h\u00e0ng \u0111\u1ea7u.\" \/>\n<meta property=\"og:url\" content=\"https:\/\/phukienflytech.vn\/en\/san-pham\/vali-osmo-pocket-professional-pgytech.html\" \/>\n<meta property=\"og:site_name\" content=\"Shop M\u00e1y \u1ea3nh - Action Camera - Gimbal - Flycam - Ph\u1ee5 ki\u1ec7n\" \/>\n<meta property=\"article:publisher\" content=\"https:\/\/facebook.com\/phukienflycam\" \/>\n<meta property=\"article:modified_time\" content=\"2020-05-11T15:38:39+00:00\" \/>\n<meta property=\"og:image\" content=\"https:\/\/phukienflytech.vn\/wp-content\/uploads\/2020\/05\/vali-dji-ossmo-pocket-phu-kien-dji-42.jpg\" \/>\n\t<meta property=\"og:image:width\" content=\"500\" \/>\n\t<meta property=\"og:image:height\" content=\"500\" \/>\n\t<meta property=\"og:image:type\" content=\"image\/jpeg\" \/>\n<meta name=\"twitter:card\" content=\"summary_large_image\" \/>\n<meta name=\"twitter:label1\" content=\"Est. reading time\" \/>\n\t<meta name=\"twitter:data1\" content=\"2 minutes\" \/>\n<script type=\"application\/ld+json\" class=\"yoast-schema-graph\">{\"@context\":\"https:\/\/schema.org\",\"@graph\":[{\"@type\":\"WebPage\",\"@id\":\"https:\/\/phukienflytech.vn\/en\/san-pham\/vali-osmo-pocket-professional-pgytech.html\",\"url\":\"https:\/\/phukienflytech.vn\/en\/san-pham\/vali-osmo-pocket-professional-pgytech.html\",\"name\":\"Vali Osmo Pocket - Professional - PGYtech - Shop M\u00e1y \u1ea3nh - Action Camera - Gimbal - Flycam - Ph\u1ee5 ki\u1ec7n\",\"isPartOf\":{\"@id\":\"https:\/\/phukienflytech.vn\/#website\"},\"primaryImageOfPage\":{\"@id\":\"https:\/\/phukienflytech.vn\/en\/san-pham\/vali-osmo-pocket-professional-pgytech.html#primaryimage\"},\"image\":{\"@id\":\"https:\/\/phukienflytech.vn\/en\/san-pham\/vali-osmo-pocket-professional-pgytech.html#primaryimage\"},\"thumbnailUrl\":\"https:\/\/phukienflytech.vn\/wp-content\/uploads\/2020\/05\/vali-dji-ossmo-pocket-phu-kien-dji-42.jpg\",\"datePublished\":\"2020-05-11T14:52:32+00:00\",\"dateModified\":\"2020-05-11T15:38:39+00:00\",\"breadcrumb\":{\"@id\":\"https:\/\/phukienflytech.vn\/en\/san-pham\/vali-osmo-pocket-professional-pgytech.html#breadcrumb\"},\"inLanguage\":\"en-US\",\"potentialAction\":[{\"@type\":\"ReadAction\",\"target\":[\"https:\/\/phukienflytech.vn\/en\/san-pham\/vali-osmo-pocket-professional-pgytech.html\"]}]},{\"@type\":\"ImageObject\",\"inLanguage\":\"en-US\",\"@id\":\"https:\/\/phukienflytech.vn\/en\/san-pham\/vali-osmo-pocket-professional-pgytech.html#primaryimage\",\"url\":\"https:\/\/phukienflytech.vn\/wp-content\/uploads\/2020\/05\/vali-dji-ossmo-pocket-phu-kien-dji-42.jpg\",\"contentUrl\":\"https:\/\/phukienflytech.vn\/wp-content\/uploads\/2020\/05\/vali-dji-ossmo-pocket-phu-kien-dji-42.jpg\",\"width\":500,\"height\":500},{\"@type\":\"BreadcrumbList\",\"@id\":\"https:\/\/phukienflytech.vn\/en\/san-pham\/vali-osmo-pocket-professional-pgytech.html#breadcrumb\",\"itemListElement\":[{\"@type\":\"ListItem\",\"position\":1,\"name\":\"Home\",\"item\":\"https:\/\/phukienflytech.vn\/en\"},{\"@type\":\"ListItem\",\"position\":2,\"name\":\"Ph\u1ee5 ki\u1ec7n Mavic Pro\",\"item\":\"https:\/\/phukienflytech.vn\/en\/phu-kien-mavic-pro.html\"},{\"@type\":\"ListItem\",\"position\":3,\"name\":\"Ch\u01b0a ph\u00e2n lo\u1ea1i\",\"item\":\"https:\/\/phukienflytech.vn\/danh-muc\/chua-phan-loai.html\"},{\"@type\":\"ListItem\",\"position\":4,\"name\":\"Vali Osmo Pocket &#8211; Professional &#8211; PGYtech\"}]},{\"@type\":\"WebSite\",\"@id\":\"https:\/\/phukienflytech.vn\/#website\",\"url\":\"https:\/\/phukienflytech.vn\/\",\"name\":\"Shop M\u00e1y \u1ea3nh - Action Camera - Gimbal - Flycam - Ph\u1ee5 ki\u1ec7n\",\"description\":\"Shop M\u00e1y \u1ea3nh - Action Camera - Gimbal - Flycam - Ph\u1ee5 ki\u1ec7n\",\"publisher\":{\"@id\":\"https:\/\/phukienflytech.vn\/#organization\"},\"potentialAction\":[{\"@type\":\"SearchAction\",\"target\":{\"@type\":\"EntryPoint\",\"urlTemplate\":\"https:\/\/phukienflytech.vn\/?s={search_term_string}\"},\"query-input\":{\"@type\":\"PropertyValueSpecification\",\"valueRequired\":true,\"valueName\":\"search_term_string\"}}],\"inLanguage\":\"en-US\"},{\"@type\":\"Organization\",\"@id\":\"https:\/\/phukienflytech.vn\/#organization\",\"name\":\"DJI Store - Shop Drone, Action camera, Gimbal DJI |Phukienflytech\",\"alternateName\":\"DJI Store - Shop Drone, Action camera, Gimbal DJI |Phukienflytech\",\"url\":\"https:\/\/phukienflytech.vn\/\",\"logo\":{\"@type\":\"ImageObject\",\"inLanguage\":\"en-US\",\"@id\":\"https:\/\/phukienflytech.vn\/#\/schema\/logo\/image\/\",\"url\":\"https:\/\/phukienflytech.vn\/wp-content\/uploads\/2020\/05\/hAnh_nan.jpg1_.jpg\",\"contentUrl\":\"https:\/\/phukienflytech.vn\/wp-content\/uploads\/2020\/05\/hAnh_nan.jpg1_.jpg\",\"width\":800,\"height\":450,\"caption\":\"DJI Store - Shop Drone, Action camera, Gimbal DJI |Phukienflytech\"},\"image\":{\"@id\":\"https:\/\/phukienflytech.vn\/#\/schema\/logo\/image\/\"},\"sameAs\":[\"https:\/\/facebook.com\/phukienflycam\",\"https:\/\/www.youtube.com\/@phukienflytech\",\"https:\/\/www.tiktok.com\/@flytech.channel?fbclid=IwY2xjawGjg7BleHRuA2FlbQIxMAABHYVGmlXpuSMs0UB2zTpYvyT4GMVfN2qJa4urF4vkSQ6FAVBwXZtDP30qQA_aem_UwMiDcUvlEbd2tXAmsc8Og\"]}]}<\/script>\n<!-- \/ Yoast SEO plugin. -->","yoast_head_json":{"title":"Vali Osmo Pocket - Professional - PGYtech - Shop M\u00e1y \u1ea3nh - Action Camera - Gimbal - Flycam - Ph\u1ee5 ki\u1ec7n","robots":{"index":"index","follow":"follow","max-snippet":"max-snippet:-1","max-image-preview":"max-image-preview:large","max-video-preview":"max-video-preview:-1"},"canonical":"https:\/\/phukienflytech.vn\/en\/san-pham\/vali-osmo-pocket-professional-pgytech.html","og_locale":"en_US","og_type":"article","og_title":"Vali Osmo Pocket - Professional - PGYtech - Shop M\u00e1y \u1ea3nh - Action Camera - Gimbal - Flycam - Ph\u1ee5 ki\u1ec7n","og_description":"\u0111\u00f3 PGYtech c\u0169ng d\u1ef1a theo format th\u00e0nh c\u00f4ng \u0111\u00f3 \u0111\u1ec3 \u00e1p d\u1ee5ng l\u00e0m Vali Osmo Pocket - PGYtech c\u00f3 c\u00f4ng d\u1ee5ng ch\u1ed1ng s\u1ed1c \u0111\u00e2y l\u00e0 ph\u1ee5 ki\u1ec7n osmo pocket c\u1ea7n thi\u1ebft h\u00e0ng \u0111\u1ea7u.","og_url":"https:\/\/phukienflytech.vn\/en\/san-pham\/vali-osmo-pocket-professional-pgytech.html","og_site_name":"Shop M\u00e1y \u1ea3nh - Action Camera - Gimbal - Flycam - Ph\u1ee5 ki\u1ec7n","article_publisher":"https:\/\/facebook.com\/phukienflycam","article_modified_time":"2020-05-11T15:38:39+00:00","og_image":[{"width":500,"height":500,"url":"https:\/\/phukienflytech.vn\/wp-content\/uploads\/2020\/05\/vali-dji-ossmo-pocket-phu-kien-dji-42.jpg","type":"image\/jpeg"}],"twitter_card":"summary_large_image","twitter_misc":{"Est. reading time":"2 minutes"},"schema":{"@context":"https:\/\/schema.org","@graph":[{"@type":"WebPage","@id":"https:\/\/phukienflytech.vn\/en\/san-pham\/vali-osmo-pocket-professional-pgytech.html","url":"https:\/\/phukienflytech.vn\/en\/san-pham\/vali-osmo-pocket-professional-pgytech.html","name":"Vali Osmo Pocket - Professional - PGYtech - Shop M\u00e1y \u1ea3nh - Action Camera - Gimbal - Flycam - Ph\u1ee5 ki\u1ec7n","isPartOf":{"@id":"https:\/\/phukienflytech.vn\/#website"},"primaryImageOfPage":{"@id":"https:\/\/phukienflytech.vn\/en\/san-pham\/vali-osmo-pocket-professional-pgytech.html#primaryimage"},"image":{"@id":"https:\/\/phukienflytech.vn\/en\/san-pham\/vali-osmo-pocket-professional-pgytech.html#primaryimage"},"thumbnailUrl":"https:\/\/phukienflytech.vn\/wp-content\/uploads\/2020\/05\/vali-dji-ossmo-pocket-phu-kien-dji-42.jpg","datePublished":"2020-05-11T14:52:32+00:00","dateModified":"2020-05-11T15:38:39+00:00","breadcrumb":{"@id":"https:\/\/phukienflytech.vn\/en\/san-pham\/vali-osmo-pocket-professional-pgytech.html#breadcrumb"},"inLanguage":"en-US","potentialAction":[{"@type":"ReadAction","target":["https:\/\/phukienflytech.vn\/en\/san-pham\/vali-osmo-pocket-professional-pgytech.html"]}]},{"@type":"ImageObject","inLanguage":"en-US","@id":"https:\/\/phukienflytech.vn\/en\/san-pham\/vali-osmo-pocket-professional-pgytech.html#primaryimage","url":"https:\/\/phukienflytech.vn\/wp-content\/uploads\/2020\/05\/vali-dji-ossmo-pocket-phu-kien-dji-42.jpg","contentUrl":"https:\/\/phukienflytech.vn\/wp-content\/uploads\/2020\/05\/vali-dji-ossmo-pocket-phu-kien-dji-42.jpg","width":500,"height":500},{"@type":"BreadcrumbList","@id":"https:\/\/phukienflytech.vn\/en\/san-pham\/vali-osmo-pocket-professional-pgytech.html#breadcrumb","itemListElement":[{"@type":"ListItem","position":1,"name":"Home","item":"https:\/\/phukienflytech.vn\/en"},{"@type":"ListItem","position":2,"name":"Ph\u1ee5 ki\u1ec7n Mavic Pro","item":"https:\/\/phukienflytech.vn\/en\/phu-kien-mavic-pro.html"},{"@type":"ListItem","position":3,"name":"Ch\u01b0a ph\u00e2n lo\u1ea1i","item":"https:\/\/phukienflytech.vn\/danh-muc\/chua-phan-loai.html"},{"@type":"ListItem","position":4,"name":"Vali Osmo Pocket &#8211; Professional &#8211; PGYtech"}]},{"@type":"WebSite","@id":"https:\/\/phukienflytech.vn\/#website","url":"https:\/\/phukienflytech.vn\/","name":"Shop M\u00e1y \u1ea3nh - Action Camera - Gimbal - Flycam - Ph\u1ee5 ki\u1ec7n","description":"Shop M\u00e1y \u1ea3nh - Action Camera - Gimbal - Flycam - Ph\u1ee5 ki\u1ec7n","publisher":{"@id":"https:\/\/phukienflytech.vn\/#organization"},"potentialAction":[{"@type":"SearchAction","target":{"@type":"EntryPoint","urlTemplate":"https:\/\/phukienflytech.vn\/?s={search_term_string}"},"query-input":{"@type":"PropertyValueSpecification","valueRequired":true,"valueName":"search_term_string"}}],"inLanguage":"en-US"},{"@type":"Organization","@id":"https:\/\/phukienflytech.vn\/#organization","name":"DJI Store - Shop Drone, Action camera, Gimbal DJI |Phukienflytech","alternateName":"DJI Store - Shop Drone, Action camera, Gimbal DJI |Phukienflytech","url":"https:\/\/phukienflytech.vn\/","logo":{"@type":"ImageObject","inLanguage":"en-US","@id":"https:\/\/phukienflytech.vn\/#\/schema\/logo\/image\/","url":"https:\/\/phukienflytech.vn\/wp-content\/uploads\/2020\/05\/hAnh_nan.jpg1_.jpg","contentUrl":"https:\/\/phukienflytech.vn\/wp-content\/uploads\/2020\/05\/hAnh_nan.jpg1_.jpg","width":800,"height":450,"caption":"DJI Store - Shop Drone, Action camera, Gimbal DJI |Phukienflytech"},"image":{"@id":"https:\/\/phukienflytech.vn\/#\/schema\/logo\/image\/"},"sameAs":["https:\/\/facebook.com\/phukienflycam","https:\/\/www.youtube.com\/@phukienflytech","https:\/\/www.tiktok.com\/@flytech.channel?fbclid=IwY2xjawGjg7BleHRuA2FlbQIxMAABHYVGmlXpuSMs0UB2zTpYvyT4GMVfN2qJa4urF4vkSQ6FAVBwXZtDP30qQA_aem_UwMiDcUvlEbd2tXAmsc8Og"]}]}},"_links":{"self":[{"href":"https:\/\/phukienflytech.vn\/en\/wp-json\/wp\/v2\/product\/1031","targetHints":{"allow":["GET"]}}],"collection":[{"href":"https:\/\/phukienflytech.vn\/en\/wp-json\/wp\/v2\/product"}],"about":[{"href":"https:\/\/phukienflytech.vn\/en\/wp-json\/wp\/v2\/types\/product"}],"replies":[{"embeddable":true,"href":"https:\/\/phukienflytech.vn\/en\/wp-json\/wp\/v2\/comments?post=1031"}],"wp:featuredmedia":[{"embeddable":true,"href":"https:\/\/phukienflytech.vn\/en\/wp-json\/wp\/v2\/media\/962"}],"wp:attachment":[{"href":"https:\/\/phukienflytech.vn\/en\/wp-json\/wp\/v2\/media?parent=1031"}],"wp:term":[{"taxonomy":"product_brand","embeddable":true,"href":"https:\/\/phukienflytech.vn\/en\/wp-json\/wp\/v2\/product_brand?post=1031"},{"taxonomy":"product_cat","embeddable":true,"href":"https:\/\/phukienflytech.vn\/en\/wp-json\/wp\/v2\/product_cat?post=1031"},{"taxonomy":"product_tag","embeddable":true,"href":"https:\/\/phukienflytech.vn\/en\/wp-json\/wp\/v2\/product_tag?post=1031"}],"curies":[{"name":"wp","href":"https:\/\/api.w.org\/{rel}","templated":true}]}}