{"id":1400,"date":"2020-06-16T07:35:59","date_gmt":"2020-06-16T00:35:59","guid":{"rendered":"http:\/\/27430.lamdx.vinawebsite.vn\/san-pham\/ga-moc-day-deo-mavic-pro-spark.html"},"modified":"2021-03-27T18:23:32","modified_gmt":"2021-03-27T11:23:32","slug":"strap-and-holder-for-mavic-series","status":"publish","type":"product","link":"https:\/\/phukienflytech.vn\/en\/san-pham\/strap-and-holder-for-mavic-series.html","title":{"rendered":"Strap and holder for Mavic series"},"content":{"rendered":"<h2 class=\"fw_medium title_single_product\"><span style=\"color: #0000ff;\"><em><strong><span style=\"font-size: 21px;\">Strap and holder for Mavic series<\/span><\/strong><\/em><\/span><\/h2>\n<p><span style=\"font-size: 18px;\">Strap and holder for Mavic series<\/span><\/p>\n<p><span style=\"font-size: 18px;\">B\u1ea1n \u0111ang ch\u01a1i flycam DJI Mavic pro?<\/span><\/p>\n<p><span style=\"font-size: 18px;\">B\u1ea1n \u0111\u00e3 c\u00f3 nh\u1eefng g\u00ec trong b\u1ed9 s\u01b0u t\u1eadp\u00a0<strong>ph\u1ee5 ki\u1ec7n mavic pro<\/strong>\u00a0c\u1ee7a m\u00ecnh?<\/span><\/p>\n<p><span style=\"font-size: 18px;\">Hi\u1ec7n c\u00f3 r\u1ea5t nhi\u1ec1u c\u00e1c option ph\u1ee5 ki\u1ec7n kh\u00e1c nhau r\u1ea5t c\u1ea7n thi\u1ebft cho flycam DJI Mavic v\u00e0 m\u1ed9t trong s\u1ed1 \u0111\u00f3 \u0111\u00e3 v\u00e0 \u0111ang \u0111\u01b0\u1ee3c \u01b0u ti\u00ean s\u1eed d\u1ee5ng l\u00e0\u00a0<strong>G\u00e1 m\u00f3c &amp; d\u00e2y \u0111eo Mavic Pro\/ Spark<\/strong><strong>\u00a0<\/strong>H\u00e3y c\u00f9ng tham kh\u1ea3o c\u00e1c th\u00f4ng tin d\u01b0\u1edbi \u0111\u00e2y v\u1ec1 s\u1ea3n ph\u1ea9m<\/span><\/p>\n<h2 class=\"fw_medium title_single_product\"><span style=\"color: #0000ff; font-size: 18px;\"><em><strong><img loading=\"lazy\" decoding=\"async\" class=\"alignnone size-full wp-image-12835\" src=\"https:\/\/phukienflytech.vn\/wp-content\/uploads\/2020\/05\/ga-moc-day-deo-mavic-pro-spark-1389-4.jpg\" alt=\"\" width=\"450\" height=\"236\" \/><\/strong><\/em><\/span><\/h2>\n<p><span style=\"font-size: 18px;\">Vi\u1ec7c nh\u00e0 s\u1ea3n xu\u1ea5t DJI kh\u00f4ng thi\u1ebft k\u1ebf mooc s\u1eb5n \u0111\u1ec3 c\u00f3 th\u1ec3 g\u00e0i chi\u1ebfc d\u00e2y \u0111eo h\u1ed7 tr\u1ee3 \u0111\u00f4i tay khi\u1ec3n m\u1ed9t c\u00e1ch tho\u1ea3i m\u00e1i h\u01a1n do v\u1eady d\u1eabn t\u1edbi 1 s\u1ef1 b\u1ea5t ti\u1ec7n v\u00e0 c\u00f3 c\u1ea3m gi\u00e1c h\u01a1i c\u1ea5n tay trong qu\u00e1 tr\u00ecnh \u0111i\u1ec1u khi\u1ec3n l\u00ean t\u1edbi 23phut li\u00ean t\u1ee5c<\/span><\/p>\n<p><span style=\"font-size: 18px;\"><img loading=\"lazy\" decoding=\"async\" class=\"alignnone\" src=\"https:\/\/phukienflytech.vn\/wp-content\/uploads\/2020\/05\/ga-moc-day-deo-mavic-pro-spark-1389-1.jpg\" alt=\"Strap-and-holder-for-Mavic-series\" width=\"400\" height=\"400\" \/><\/span><\/p>\n<h2 class=\"fw_medium title_single_product\"><span style=\"color: #0000ff; font-size: 18px;\"><em><strong><img loading=\"lazy\" decoding=\"async\" class=\"alignnone wp-image-12837 size-medium\" src=\"https:\/\/phukienflytech.vn\/wp-content\/uploads\/2020\/05\/ga-moc-day-deo-mavic-pro-spark-1389-2-1-400x400.jpg\" alt=\"Strap-and-holder-for-Mavic-series\" width=\"400\" height=\"400\" srcset=\"https:\/\/phukienflytech.vn\/wp-content\/uploads\/2020\/05\/ga-moc-day-deo-mavic-pro-spark-1389-2-1-400x400.jpg 400w, https:\/\/phukienflytech.vn\/wp-content\/uploads\/2020\/05\/ga-moc-day-deo-mavic-pro-spark-1389-2-1-280x280.jpg 280w, https:\/\/phukienflytech.vn\/wp-content\/uploads\/2020\/05\/ga-moc-day-deo-mavic-pro-spark-1389-2-1-768x768.jpg 768w, https:\/\/phukienflytech.vn\/wp-content\/uploads\/2020\/05\/ga-moc-day-deo-mavic-pro-spark-1389-2-1-800x800.jpg 800w, https:\/\/phukienflytech.vn\/wp-content\/uploads\/2020\/05\/ga-moc-day-deo-mavic-pro-spark-1389-2-1-300x300.jpg 300w, https:\/\/phukienflytech.vn\/wp-content\/uploads\/2020\/05\/ga-moc-day-deo-mavic-pro-spark-1389-2-1-600x600.jpg 600w, https:\/\/phukienflytech.vn\/wp-content\/uploads\/2020\/05\/ga-moc-day-deo-mavic-pro-spark-1389-2-1-100x100.jpg 100w, https:\/\/phukienflytech.vn\/wp-content\/uploads\/2020\/05\/ga-moc-day-deo-mavic-pro-spark-1389-2-1.jpg 1000w\" sizes=\"auto, (max-width: 400px) 100vw, 400px\" \/><\/strong><\/em><\/span><\/h2>\n<p><span style=\"font-size: 18px;\">V\u00ec v\u1eady b\u1ed9: g\u00e1 mooc v\u00e0 d\u00e2y \u0111eo \u0111\u01b0\u1ee3c xem l\u00e0 ph\u1ee5 ki\u1ec7n kh\u00f4ng th\u1ec3 thi\u1ebfu v\u1edbi nh\u1eefng ai \u0111ang s\u1edf h\u1eefu DJI Mavic Pro<\/span><\/p>\n<p><span style=\"font-size: 18px;\">M\u00e0u s\u1eafc:<\/span><\/p>\n<p><span style=\"font-size: 18px;\"><img loading=\"lazy\" decoding=\"async\" src=\"https:\/\/phukienflytech.vn\/wp-content\/uploads\/2020\/05\/ga-moc-day-deo-mavic-pro-spark-1389-3.jpg\" alt=\"\" width=\"360\" height=\"270\" \/><\/span><\/p>\n<p><span style=\"font-size: 18px;\">+ Mooc: \u0110\u1ecf , \u0111en<\/span><\/p>\n<p><span style=\"font-size: 18px;\">+ D\u00e2y: Tr\u1eafng , Ghi<\/span><\/p>\n<p><span style=\"font-size: 18px;\">&#8211; R\u1ea5t d\u1ec5 th\u00e1o, l\u1eafp<\/span><\/p>\n<p><span style=\"font-size: 18px;\">H\u00e3y \u0111\u1ec3\u00a0<a href=\"https:\/\/facebook.com\/phukienflycam\/\" target=\"_blank\" rel=\"noopener noreferrer\">Ph\u1ee5 Ki\u1ec7n Fly-cam Gi\u00e1 T\u1ed1t<\/a>\u00a0ti\u1ebfp s\u1ee9c \u0111am m\u00ea, c\u00f4ng vi\u1ec7c c\u1ee7a b\u1ea1n, gi\u00fap b\u1ea1n th\u00eam ni\u1ec1m h\u1ee9ng kh\u1edfi trong \u0111am m\u00ea c\u0169ng nh\u01b0 c\u00f4ng vi\u1ec7c c\u1ee7a m\u00ecnh th\u00eam su\u00f4n s\u1ebb<\/span><\/p>\n<p><span style=\"font-size: 18px;\">Nh\u00e0 s\u1ea3n xu\u1ea5t : Sunnylife \u2013 l\u00e0 m\u1ed9t trong nh\u1eefng Vendor cung c\u1ea5p c\u00e1c ph\u1ee5 ki\u1ec7n, linh ki\u1ec7n thay th\u1ebf cho DJI Flycam.<\/span><\/p>\n<p><span style=\"font-size: 18px;\">&gt;&gt; Contact us on: <a href=\"https:\/\/www.facebook.com\/phukienflycam\"><strong>Facebook<\/strong><\/a><\/span><\/p>\n<p><span style=\"font-size: 18px;\"><strong>&gt;&gt; <\/strong>Learn More : <a href=\"https:\/\/phukienflytech.vn\/danh-muc\/phu-kien-dji-spark.html\"><strong>DJI Spark Accessories<\/strong><\/a><\/span><\/p>\n","protected":false},"excerpt":{"rendered":"<p>Strap and holder for Mavic series Strap and holder for Mavic series B\u1ea1n \u0111ang ch\u01a1i flycam DJI Mavic pro? B\u1ea1n \u0111\u00e3 c\u00f3 nh\u1eefng g\u00ec trong b\u1ed9 s\u01b0u t\u1eadp\u00a0ph\u1ee5 ki\u1ec7n mavic pro\u00a0c\u1ee7a m\u00ecnh? Hi\u1ec7n c\u00f3 r\u1ea5t nhi\u1ec1u c\u00e1c option ph\u1ee5 ki\u1ec7n kh\u00e1c nhau r\u1ea5t c\u1ea7n thi\u1ebft cho flycam DJI Mavic v\u00e0 m\u1ed9t trong s\u1ed1 \u0111\u00f3 \u0111\u00e3 &#8230;<\/p>\n","protected":false},"featured_media":1391,"comment_status":"open","ping_status":"closed","template":"","meta":{"_acf_changed":false},"product_brand":[],"product_cat":[177,184,180,181,178],"product_tag":[202],"class_list":{"0":"post-1400","1":"product","2":"type-product","3":"status-publish","4":"has-post-thumbnail","6":"product_cat-mavic-2s-accessory","7":"product_cat-spark-accessory","8":"product_cat-mavic-air-accessory","9":"product_cat-mavic-mini-accessory","10":"product_cat-mavic-pro-accessory","11":"product_tag-phu-kien-mavic-en","13":"first","14":"instock","15":"shipping-taxable","16":"purchasable","17":"product-type-simple"},"acf":[],"yoast_head":"<!-- This site is optimized with the Yoast SEO plugin v25.7 - https:\/\/yoast.com\/wordpress\/plugins\/seo\/ -->\n<title>Strap and holder for Mavic series - Sunnylife - Mavic accessory - available.<\/title>\n<meta name=\"description\" content=\"Strap and holder for Mavic series is one of the most important accessory. Contact us to buy Strap and holder for Mavic series for best price\" \/>\n<meta name=\"robots\" content=\"index, follow, max-snippet:-1, max-image-preview:large, max-video-preview:-1\" \/>\n<link rel=\"canonical\" href=\"https:\/\/phukienflytech.vn\/en\/san-pham\/strap-and-holder-for-mavic-series.html\" \/>\n<meta property=\"og:locale\" content=\"en_US\" \/>\n<meta property=\"og:type\" content=\"article\" \/>\n<meta property=\"og:title\" content=\"Strap and holder for Mavic series - Sunnylife - Mavic accessory - available.\" \/>\n<meta property=\"og:description\" content=\"Strap and holder for Mavic series is one of the most important accessory. Contact us to buy Strap and holder for Mavic series for best price\" \/>\n<meta property=\"og:url\" content=\"https:\/\/phukienflytech.vn\/en\/san-pham\/strap-and-holder-for-mavic-series.html\" \/>\n<meta property=\"og:site_name\" content=\"Shop M\u00e1y \u1ea3nh - Action Camera - Gimbal - Flycam - Ph\u1ee5 ki\u1ec7n\" \/>\n<meta property=\"article:publisher\" content=\"https:\/\/facebook.com\/phukienflycam\" \/>\n<meta property=\"article:modified_time\" content=\"2021-03-27T11:23:32+00:00\" \/>\n<meta property=\"og:image\" content=\"https:\/\/phukienflytech.vn\/wp-content\/uploads\/2020\/05\/DJI_MVS_G\u00e1-m\u00f3c-d\u00e2y-\u0111eo-1.jpg\" \/>\n\t<meta property=\"og:image:width\" content=\"1024\" \/>\n\t<meta property=\"og:image:height\" content=\"1024\" \/>\n\t<meta property=\"og:image:type\" content=\"image\/jpeg\" \/>\n<meta name=\"twitter:card\" content=\"summary_large_image\" \/>\n<meta name=\"twitter:label1\" content=\"Est. reading time\" \/>\n\t<meta name=\"twitter:data1\" content=\"2 minutes\" \/>\n<script type=\"application\/ld+json\" class=\"yoast-schema-graph\">{\"@context\":\"https:\/\/schema.org\",\"@graph\":[{\"@type\":\"WebPage\",\"@id\":\"https:\/\/phukienflytech.vn\/en\/san-pham\/strap-and-holder-for-mavic-series.html\",\"url\":\"https:\/\/phukienflytech.vn\/en\/san-pham\/strap-and-holder-for-mavic-series.html\",\"name\":\"Strap and holder for Mavic series - Sunnylife - Mavic accessory - available.\",\"isPartOf\":{\"@id\":\"https:\/\/phukienflytech.vn\/#website\"},\"primaryImageOfPage\":{\"@id\":\"https:\/\/phukienflytech.vn\/en\/san-pham\/strap-and-holder-for-mavic-series.html#primaryimage\"},\"image\":{\"@id\":\"https:\/\/phukienflytech.vn\/en\/san-pham\/strap-and-holder-for-mavic-series.html#primaryimage\"},\"thumbnailUrl\":\"https:\/\/phukienflytech.vn\/wp-content\/uploads\/2020\/05\/DJI_MVS_G\u00e1-m\u00f3c-d\u00e2y-\u0111eo-1.jpg\",\"datePublished\":\"2020-06-16T00:35:59+00:00\",\"dateModified\":\"2021-03-27T11:23:32+00:00\",\"description\":\"Strap and holder for Mavic series is one of the most important accessory. Contact us to buy Strap and holder for Mavic series for best price\",\"breadcrumb\":{\"@id\":\"https:\/\/phukienflytech.vn\/en\/san-pham\/strap-and-holder-for-mavic-series.html#breadcrumb\"},\"inLanguage\":\"en-US\",\"potentialAction\":[{\"@type\":\"ReadAction\",\"target\":[\"https:\/\/phukienflytech.vn\/en\/san-pham\/strap-and-holder-for-mavic-series.html\"]}]},{\"@type\":\"ImageObject\",\"inLanguage\":\"en-US\",\"@id\":\"https:\/\/phukienflytech.vn\/en\/san-pham\/strap-and-holder-for-mavic-series.html#primaryimage\",\"url\":\"https:\/\/phukienflytech.vn\/wp-content\/uploads\/2020\/05\/DJI_MVS_G\u00e1-m\u00f3c-d\u00e2y-\u0111eo-1.jpg\",\"contentUrl\":\"https:\/\/phukienflytech.vn\/wp-content\/uploads\/2020\/05\/DJI_MVS_G\u00e1-m\u00f3c-d\u00e2y-\u0111eo-1.jpg\",\"width\":1024,\"height\":1024},{\"@type\":\"BreadcrumbList\",\"@id\":\"https:\/\/phukienflytech.vn\/en\/san-pham\/strap-and-holder-for-mavic-series.html#breadcrumb\",\"itemListElement\":[{\"@type\":\"ListItem\",\"position\":1,\"name\":\"Home\",\"item\":\"https:\/\/phukienflytech.vn\/en\"},{\"@type\":\"ListItem\",\"position\":2,\"name\":\"Ph\u1ee5 ki\u1ec7n Mavic Pro\",\"item\":\"https:\/\/phukienflytech.vn\/en\/phu-kien-mavic-pro.html\"},{\"@type\":\"ListItem\",\"position\":3,\"name\":\"DJI Osmo &amp; Drone's accessories\",\"item\":\"https:\/\/phukienflytech.vn\/en\/danh-muc\/dji-osmo-drones-accessories.html\"},{\"@type\":\"ListItem\",\"position\":4,\"name\":\"Ph\u1ee5 ki\u1ec7n DJI Mavic 2\",\"item\":\"https:\/\/phukienflytech.vn\/en\/danh-muc\/mavic-2s-accessory.html\"},{\"@type\":\"ListItem\",\"position\":5,\"name\":\"Strap and holder for Mavic series\"}]},{\"@type\":\"WebSite\",\"@id\":\"https:\/\/phukienflytech.vn\/#website\",\"url\":\"https:\/\/phukienflytech.vn\/\",\"name\":\"Shop M\u00e1y \u1ea3nh - Action Camera - Gimbal - Flycam - Ph\u1ee5 ki\u1ec7n\",\"description\":\"Shop M\u00e1y \u1ea3nh - Action Camera - Gimbal - Flycam - Ph\u1ee5 ki\u1ec7n\",\"publisher\":{\"@id\":\"https:\/\/phukienflytech.vn\/#organization\"},\"potentialAction\":[{\"@type\":\"SearchAction\",\"target\":{\"@type\":\"EntryPoint\",\"urlTemplate\":\"https:\/\/phukienflytech.vn\/?s={search_term_string}\"},\"query-input\":{\"@type\":\"PropertyValueSpecification\",\"valueRequired\":true,\"valueName\":\"search_term_string\"}}],\"inLanguage\":\"en-US\"},{\"@type\":\"Organization\",\"@id\":\"https:\/\/phukienflytech.vn\/#organization\",\"name\":\"DJI Store - Shop Drone, Action camera, Gimbal DJI |Phukienflytech\",\"alternateName\":\"DJI Store - Shop Drone, Action camera, Gimbal DJI |Phukienflytech\",\"url\":\"https:\/\/phukienflytech.vn\/\",\"logo\":{\"@type\":\"ImageObject\",\"inLanguage\":\"en-US\",\"@id\":\"https:\/\/phukienflytech.vn\/#\/schema\/logo\/image\/\",\"url\":\"https:\/\/phukienflytech.vn\/wp-content\/uploads\/2020\/05\/hAnh_nan.jpg1_.jpg\",\"contentUrl\":\"https:\/\/phukienflytech.vn\/wp-content\/uploads\/2020\/05\/hAnh_nan.jpg1_.jpg\",\"width\":800,\"height\":450,\"caption\":\"DJI Store - Shop Drone, Action camera, Gimbal DJI |Phukienflytech\"},\"image\":{\"@id\":\"https:\/\/phukienflytech.vn\/#\/schema\/logo\/image\/\"},\"sameAs\":[\"https:\/\/facebook.com\/phukienflycam\",\"https:\/\/www.youtube.com\/@phukienflytech\",\"https:\/\/www.tiktok.com\/@flytech.channel?fbclid=IwY2xjawGjg7BleHRuA2FlbQIxMAABHYVGmlXpuSMs0UB2zTpYvyT4GMVfN2qJa4urF4vkSQ6FAVBwXZtDP30qQA_aem_UwMiDcUvlEbd2tXAmsc8Og\"]}]}<\/script>\n<!-- \/ Yoast SEO plugin. -->","yoast_head_json":{"title":"Strap and holder for Mavic series - Sunnylife - Mavic accessory - available.","description":"Strap and holder for Mavic series is one of the most important accessory. Contact us to buy Strap and holder for Mavic series for best price","robots":{"index":"index","follow":"follow","max-snippet":"max-snippet:-1","max-image-preview":"max-image-preview:large","max-video-preview":"max-video-preview:-1"},"canonical":"https:\/\/phukienflytech.vn\/en\/san-pham\/strap-and-holder-for-mavic-series.html","og_locale":"en_US","og_type":"article","og_title":"Strap and holder for Mavic series - Sunnylife - Mavic accessory - available.","og_description":"Strap and holder for Mavic series is one of the most important accessory. Contact us to buy Strap and holder for Mavic series for best price","og_url":"https:\/\/phukienflytech.vn\/en\/san-pham\/strap-and-holder-for-mavic-series.html","og_site_name":"Shop M\u00e1y \u1ea3nh - Action Camera - Gimbal - Flycam - Ph\u1ee5 ki\u1ec7n","article_publisher":"https:\/\/facebook.com\/phukienflycam","article_modified_time":"2021-03-27T11:23:32+00:00","og_image":[{"width":1024,"height":1024,"url":"https:\/\/phukienflytech.vn\/wp-content\/uploads\/2020\/05\/DJI_MVS_G\u00e1-m\u00f3c-d\u00e2y-\u0111eo-1.jpg","type":"image\/jpeg"}],"twitter_card":"summary_large_image","twitter_misc":{"Est. reading time":"2 minutes"},"schema":{"@context":"https:\/\/schema.org","@graph":[{"@type":"WebPage","@id":"https:\/\/phukienflytech.vn\/en\/san-pham\/strap-and-holder-for-mavic-series.html","url":"https:\/\/phukienflytech.vn\/en\/san-pham\/strap-and-holder-for-mavic-series.html","name":"Strap and holder for Mavic series - Sunnylife - Mavic accessory - available.","isPartOf":{"@id":"https:\/\/phukienflytech.vn\/#website"},"primaryImageOfPage":{"@id":"https:\/\/phukienflytech.vn\/en\/san-pham\/strap-and-holder-for-mavic-series.html#primaryimage"},"image":{"@id":"https:\/\/phukienflytech.vn\/en\/san-pham\/strap-and-holder-for-mavic-series.html#primaryimage"},"thumbnailUrl":"https:\/\/phukienflytech.vn\/wp-content\/uploads\/2020\/05\/DJI_MVS_G\u00e1-m\u00f3c-d\u00e2y-\u0111eo-1.jpg","datePublished":"2020-06-16T00:35:59+00:00","dateModified":"2021-03-27T11:23:32+00:00","description":"Strap and holder for Mavic series is one of the most important accessory. Contact us to buy Strap and holder for Mavic series for best price","breadcrumb":{"@id":"https:\/\/phukienflytech.vn\/en\/san-pham\/strap-and-holder-for-mavic-series.html#breadcrumb"},"inLanguage":"en-US","potentialAction":[{"@type":"ReadAction","target":["https:\/\/phukienflytech.vn\/en\/san-pham\/strap-and-holder-for-mavic-series.html"]}]},{"@type":"ImageObject","inLanguage":"en-US","@id":"https:\/\/phukienflytech.vn\/en\/san-pham\/strap-and-holder-for-mavic-series.html#primaryimage","url":"https:\/\/phukienflytech.vn\/wp-content\/uploads\/2020\/05\/DJI_MVS_G\u00e1-m\u00f3c-d\u00e2y-\u0111eo-1.jpg","contentUrl":"https:\/\/phukienflytech.vn\/wp-content\/uploads\/2020\/05\/DJI_MVS_G\u00e1-m\u00f3c-d\u00e2y-\u0111eo-1.jpg","width":1024,"height":1024},{"@type":"BreadcrumbList","@id":"https:\/\/phukienflytech.vn\/en\/san-pham\/strap-and-holder-for-mavic-series.html#breadcrumb","itemListElement":[{"@type":"ListItem","position":1,"name":"Home","item":"https:\/\/phukienflytech.vn\/en"},{"@type":"ListItem","position":2,"name":"Ph\u1ee5 ki\u1ec7n Mavic Pro","item":"https:\/\/phukienflytech.vn\/en\/phu-kien-mavic-pro.html"},{"@type":"ListItem","position":3,"name":"DJI Osmo &amp; Drone's accessories","item":"https:\/\/phukienflytech.vn\/en\/danh-muc\/dji-osmo-drones-accessories.html"},{"@type":"ListItem","position":4,"name":"Ph\u1ee5 ki\u1ec7n DJI Mavic 2","item":"https:\/\/phukienflytech.vn\/en\/danh-muc\/mavic-2s-accessory.html"},{"@type":"ListItem","position":5,"name":"Strap and holder for Mavic series"}]},{"@type":"WebSite","@id":"https:\/\/phukienflytech.vn\/#website","url":"https:\/\/phukienflytech.vn\/","name":"Shop M\u00e1y \u1ea3nh - Action Camera - Gimbal - Flycam - Ph\u1ee5 ki\u1ec7n","description":"Shop M\u00e1y \u1ea3nh - Action Camera - Gimbal - Flycam - Ph\u1ee5 ki\u1ec7n","publisher":{"@id":"https:\/\/phukienflytech.vn\/#organization"},"potentialAction":[{"@type":"SearchAction","target":{"@type":"EntryPoint","urlTemplate":"https:\/\/phukienflytech.vn\/?s={search_term_string}"},"query-input":{"@type":"PropertyValueSpecification","valueRequired":true,"valueName":"search_term_string"}}],"inLanguage":"en-US"},{"@type":"Organization","@id":"https:\/\/phukienflytech.vn\/#organization","name":"DJI Store - Shop Drone, Action camera, Gimbal DJI |Phukienflytech","alternateName":"DJI Store - Shop Drone, Action camera, Gimbal DJI |Phukienflytech","url":"https:\/\/phukienflytech.vn\/","logo":{"@type":"ImageObject","inLanguage":"en-US","@id":"https:\/\/phukienflytech.vn\/#\/schema\/logo\/image\/","url":"https:\/\/phukienflytech.vn\/wp-content\/uploads\/2020\/05\/hAnh_nan.jpg1_.jpg","contentUrl":"https:\/\/phukienflytech.vn\/wp-content\/uploads\/2020\/05\/hAnh_nan.jpg1_.jpg","width":800,"height":450,"caption":"DJI Store - Shop Drone, Action camera, Gimbal DJI |Phukienflytech"},"image":{"@id":"https:\/\/phukienflytech.vn\/#\/schema\/logo\/image\/"},"sameAs":["https:\/\/facebook.com\/phukienflycam","https:\/\/www.youtube.com\/@phukienflytech","https:\/\/www.tiktok.com\/@flytech.channel?fbclid=IwY2xjawGjg7BleHRuA2FlbQIxMAABHYVGmlXpuSMs0UB2zTpYvyT4GMVfN2qJa4urF4vkSQ6FAVBwXZtDP30qQA_aem_UwMiDcUvlEbd2tXAmsc8Og"]}]}},"_links":{"self":[{"href":"https:\/\/phukienflytech.vn\/en\/wp-json\/wp\/v2\/product\/1400","targetHints":{"allow":["GET"]}}],"collection":[{"href":"https:\/\/phukienflytech.vn\/en\/wp-json\/wp\/v2\/product"}],"about":[{"href":"https:\/\/phukienflytech.vn\/en\/wp-json\/wp\/v2\/types\/product"}],"replies":[{"embeddable":true,"href":"https:\/\/phukienflytech.vn\/en\/wp-json\/wp\/v2\/comments?post=1400"}],"wp:featuredmedia":[{"embeddable":true,"href":"https:\/\/phukienflytech.vn\/en\/wp-json\/wp\/v2\/media\/1391"}],"wp:attachment":[{"href":"https:\/\/phukienflytech.vn\/en\/wp-json\/wp\/v2\/media?parent=1400"}],"wp:term":[{"taxonomy":"product_brand","embeddable":true,"href":"https:\/\/phukienflytech.vn\/en\/wp-json\/wp\/v2\/product_brand?post=1400"},{"taxonomy":"product_cat","embeddable":true,"href":"https:\/\/phukienflytech.vn\/en\/wp-json\/wp\/v2\/product_cat?post=1400"},{"taxonomy":"product_tag","embeddable":true,"href":"https:\/\/phukienflytech.vn\/en\/wp-json\/wp\/v2\/product_tag?post=1400"}],"curies":[{"name":"wp","href":"https:\/\/api.w.org\/{rel}","templated":true}]}}