{"id":1413,"date":"2020-06-16T07:53:57","date_gmt":"2020-06-16T00:53:57","guid":{"rendered":"http:\/\/27430.lamdx.vinawebsite.vn\/san-pham\/day-deo-chuyen-dung-phantom-mavic-pro-mavic-2-pro-mavic-2-zoom.html"},"modified":"2021-08-31T08:27:22","modified_gmt":"2021-08-31T01:27:22","slug":"strap-for-phantom-3-4-series","status":"publish","type":"product","link":"https:\/\/phukienflytech.vn\/en\/san-pham\/strap-for-phantom-3-4-series.html","title":{"rendered":"Original professional strap for Phantom 3 4 series"},"content":{"rendered":"<h2><span style=\"color: #0000ff;\"><em><strong>Strap for Phantom 3 4 series<\/strong><\/em><\/span><\/h2>\n<p>&nbsp;<\/p>\n<p><span style=\"font-size: 18px;\">Strap for Phantom 3 4 series<\/span><\/p>\n<p><span style=\"font-size: 18px;\"><strong><img loading=\"lazy\" decoding=\"async\" src=\"https:\/\/phukienflytech.vn\/wp-content\/uploads\/2020\/05\/day-deo-chuyen-dung-phantom-mavic-pro-mavic-2-pro-mavic-2-zoom-1402.jpg\" alt=\"\" width=\"450\" height=\"364\" \/><\/strong><\/span><\/p>\n<p><span style=\"font-size: 18px;\">S\u1ef1 chuy\u00ean nghi\u1ec7p trong s\u1eed d\u1ee5ng flycam DJI kh\u00f4ng ch\u1ec9 n\u1eb1m \u1edf vi\u1ec7c b\u1ea1n c\u00f3 chi\u1ebfc flycam \u0111\u1eddi n\u00e0o, c\u00e1ch bay nh\u01b0 th\u1ebf n\u00e0o m\u00e0 \u0111\u00f4i khi c\u00f2n \u0111\u01b0\u1ee3c ph\u1ea3n \u00e1nh th\u00f4ng qua c\u00e1ch b\u1ea1n s\u1eed d\u1ee5ng n\u00f3, c\u00e1ch b\u1ea1n k\u1ebft h\u1ee3p c\u00e1c ph\u1ee5 ki\u1ec7n k\u00e8m theo v\u1edbi ch\u00ednh flycam c\u1ee7a m\u00ecnh<\/span><\/p>\n<p>&nbsp;<\/p>\n<p><img loading=\"lazy\" decoding=\"async\" class=\"alignnone size-medium wp-image-20370\" src=\"https:\/\/phukienflytech.vn\/wp-content\/uploads\/2020\/06\/DJI-GS02-12-400x400.jpg\" alt=\"\" width=\"400\" height=\"400\" srcset=\"https:\/\/phukienflytech.vn\/wp-content\/uploads\/2020\/06\/DJI-GS02-12-400x400.jpg 400w, https:\/\/phukienflytech.vn\/wp-content\/uploads\/2020\/06\/DJI-GS02-12-800x800.jpg 800w, https:\/\/phukienflytech.vn\/wp-content\/uploads\/2020\/06\/DJI-GS02-12-280x280.jpg 280w, https:\/\/phukienflytech.vn\/wp-content\/uploads\/2020\/06\/DJI-GS02-12-768x768.jpg 768w, https:\/\/phukienflytech.vn\/wp-content\/uploads\/2020\/06\/DJI-GS02-12-600x600.jpg 600w, https:\/\/phukienflytech.vn\/wp-content\/uploads\/2020\/06\/DJI-GS02-12-100x100.jpg 100w, https:\/\/phukienflytech.vn\/wp-content\/uploads\/2020\/06\/DJI-GS02-12-300x300.jpg 300w, https:\/\/phukienflytech.vn\/wp-content\/uploads\/2020\/06\/DJI-GS02-12.jpg 900w\" sizes=\"auto, (max-width: 400px) 100vw, 400px\" \/><\/p>\n<p>&nbsp;<\/p>\n<p><span style=\"font-size: 18px;\">Do v\u1eady, m\u1ed9t b\u1ed9 d\u00e2y \u0111eo chuy\u00ean d\u1ee5ng Mavic Pro\/ Mavic 2 Pro\/ Mavic 2 Zoom c\u1ee7a h\u00e3ng DJI s\u1ebd g\u00f3p ph\u1ea7n to\u00e1t l\u00ean s\u1ef1 chuy\u00ean nghi\u1ec7p c\u1ea7n thi\u1ebft cho b\u1ea1n, gi\u00fap b\u1ea1n c\u1ea3m th\u1ea5y t\u1ef1 tin h\u01a1n khi kho\u00e1c b\u1ed9\u00a0<strong>d\u00e2y \u0111eo chuy\u00ean d\u1ee5ng Mavic Pro\/ Mavic 2 Pro\/ Mavic 2 Zoom<\/strong>\u00a0\u0111\u1ea7y v\u1ebb ki\u00eau h\u00e3nh n\u00e0y<\/span><\/p>\n<p><img loading=\"lazy\" decoding=\"async\" class=\"alignnone wp-image-20368 size-medium\" src=\"https:\/\/phukienflytech.vn\/wp-content\/uploads\/2020\/06\/DJI-GS02-14-400x400.jpg\" alt=\"Strap-for-Phantom-3-4-series\" width=\"400\" height=\"400\" srcset=\"https:\/\/phukienflytech.vn\/wp-content\/uploads\/2020\/06\/DJI-GS02-14-400x400.jpg 400w, https:\/\/phukienflytech.vn\/wp-content\/uploads\/2020\/06\/DJI-GS02-14-800x800.jpg 800w, https:\/\/phukienflytech.vn\/wp-content\/uploads\/2020\/06\/DJI-GS02-14-280x280.jpg 280w, https:\/\/phukienflytech.vn\/wp-content\/uploads\/2020\/06\/DJI-GS02-14-768x768.jpg 768w, https:\/\/phukienflytech.vn\/wp-content\/uploads\/2020\/06\/DJI-GS02-14-300x300.jpg 300w, https:\/\/phukienflytech.vn\/wp-content\/uploads\/2020\/06\/DJI-GS02-14-600x600.jpg 600w, https:\/\/phukienflytech.vn\/wp-content\/uploads\/2020\/06\/DJI-GS02-14-100x100.jpg 100w, https:\/\/phukienflytech.vn\/wp-content\/uploads\/2020\/06\/DJI-GS02-14.jpg 900w\" sizes=\"auto, (max-width: 400px) 100vw, 400px\" \/><\/p>\n<p><span style=\"font-size: 18px;\">Ch\u1ea5t li\u1ec7u: v\u1ea3i t\u1ed5ng h\u1ee3p<\/span><\/p>\n<p><span style=\"font-size: 18px;\">M\u00e0u s\u1eafc: \u0111en tuy\u1ec1n<\/span><\/p>\n<p>&nbsp;<\/p>\n<p><span style=\"font-size: 18px;\"><img loading=\"lazy\" decoding=\"async\" src=\"https:\/\/phukienflytech.vn\/wp-content\/uploads\/2020\/05\/day-deo-chuyen-dung-phantom-mavic-pro-mavic-2-pro-mavic-2-zoom-1402-3.jpg\" alt=\"\" width=\"400\" height=\"400\" \/><img loading=\"lazy\" decoding=\"async\" class=\"alignleft\" src=\"https:\/\/phukienflytech.vn\/wp-content\/uploads\/2020\/05\/day-deo-chuyen-dung-phantom-mavic-pro-mavic-2-pro-mavic-2-zoom-1402-4.jpg\" alt=\"Strap-for-Phantom-3-4-series\" width=\"450\" height=\"450\" \/><\/span><\/p>\n<p>&nbsp;<\/p>\n<p>&nbsp;<\/p>\n<p>&nbsp;<\/p>\n<p>&nbsp;<\/p>\n<p>&nbsp;<\/p>\n<p>&nbsp;<\/p>\n<p>&nbsp;<\/p>\n<p>&nbsp;<\/p>\n<p>&nbsp;<\/p>\n<p>&nbsp;<\/p>\n<p>&nbsp;<\/p>\n<p>&nbsp;<\/p>\n<p>&nbsp;<\/p>\n<p><span style=\"font-size: 18px;\">H\u00e3y \u0111\u1ec3\u00a0<a href=\"https:\/\/facebook.com\/phukienflycam\/\" target=\"_blank\" rel=\"noopener noreferrer\">Ph\u1ee5 Ki\u1ec7n Fly-cam Gi\u00e1 T\u1ed1t<\/a>\u00a0ti\u1ebfp s\u1ee9c \u0111am m\u00ea, c\u00f4ng vi\u1ec7c c\u1ee7a b\u1ea1n, gi\u00fap b\u1ea1n th\u00eam ni\u1ec1m h\u1ee9ng kh\u1edfi trong \u0111am m\u00ea c\u0169ng nh\u01b0 c\u00f4ng vi\u1ec7c c\u1ee7a m\u00ecnh th\u00eam su\u00f4n s\u1ebb v\u00e0 c\u00f3 nh\u1eefng chuy\u1ebfn bay an to\u00e0n<\/span><\/p>\n<p><span style=\"font-size: 18px;\">&gt;&gt; Learn More : <a href=\"https:\/\/phukienflytech.vn\/danh-muc\/phu-kien-dji-phantom-3-series.html\"><strong>Phantom accessories<\/strong><\/a><\/span><\/p>\n<p><span style=\"font-size: 18px;\">Nh\u00e0 s\u1ea3n xu\u1ea5t : DJI<\/span><\/p>\n","protected":false},"excerpt":{"rendered":"<p>Strap for Phantom 3 4 series &nbsp; Strap for Phantom 3 4 series S\u1ef1 chuy\u00ean nghi\u1ec7p trong s\u1eed d\u1ee5ng flycam DJI kh\u00f4ng ch\u1ec9 n\u1eb1m \u1edf vi\u1ec7c b\u1ea1n c\u00f3 chi\u1ebfc flycam \u0111\u1eddi n\u00e0o, c\u00e1ch bay nh\u01b0 th\u1ebf n\u00e0o m\u00e0 \u0111\u00f4i khi c\u00f2n \u0111\u01b0\u1ee3c ph\u1ea3n \u00e1nh th\u00f4ng qua c\u00e1ch b\u1ea1n s\u1eed d\u1ee5ng n\u00f3, c\u00e1ch b\u1ea1n k\u1ebft h\u1ee3p &#8230;<\/p>\n","protected":false},"featured_media":1412,"comment_status":"open","ping_status":"closed","template":"","meta":{"_acf_changed":false},"product_brand":[],"product_cat":[916,185,177,184,180,181,178,183,182,187,186],"product_tag":[204,202],"class_list":{"0":"post-1413","1":"product","2":"type-product","3":"status-publish","4":"has-post-thumbnail","6":"product_cat-phu-kien-dji-fpv-en","7":"product_cat-inspire-accessory","8":"product_cat-mavic-2s-accessory","9":"product_cat-spark-accessory","10":"product_cat-mavic-air-accessory","11":"product_cat-mavic-mini-accessory","12":"product_cat-mavic-pro-accessory","13":"product_cat-phantom-3-accessory","14":"product_cat-phantom-4-accessory","15":"product_cat-osmo-action-accessory","16":"product_cat-osmo-pocket-accessory","17":"product_tag-phu-kien-flycam-dji-en","18":"product_tag-phu-kien-mavic-en","20":"first","21":"instock","22":"shipping-taxable","23":"purchasable","24":"product-type-simple"},"acf":[],"yoast_head":"<!-- This site is optimized with the Yoast SEO plugin v25.7 - https:\/\/yoast.com\/wordpress\/plugins\/seo\/ -->\n<title>Strap for Phantom 3 4 series - Phantom 3 4 accessory - Available - Original<\/title>\n<meta name=\"description\" content=\"Strap for Phantom 3 4 series is one of the most important accessory. Contact us to buy Strap for Phantom 3 4 series for best price.\" \/>\n<meta name=\"robots\" content=\"index, follow, max-snippet:-1, max-image-preview:large, max-video-preview:-1\" \/>\n<link rel=\"canonical\" href=\"https:\/\/phukienflytech.vn\/san-pham\/day-deo-chuyen-dung-phantom-mavic-pro-mavic-2-pro-mavic-2-zoom.html\" \/>\n<meta property=\"og:locale\" content=\"en_US\" \/>\n<meta property=\"og:type\" content=\"article\" \/>\n<meta property=\"og:title\" content=\"Strap for Phantom 3 4 series - Phantom 3 4 accessory - Available - Original\" \/>\n<meta property=\"og:description\" content=\"Strap for Phantom 3 4 series is one of the most important accessory. Contact us to buy Strap for Phantom 3 4 series for best price.\" \/>\n<meta property=\"og:url\" content=\"https:\/\/phukienflytech.vn\/san-pham\/day-deo-chuyen-dung-phantom-mavic-pro-mavic-2-pro-mavic-2-zoom.html\" \/>\n<meta property=\"og:site_name\" content=\"Shop M\u00e1y \u1ea3nh - Action Camera - Gimbal - Flycam - Ph\u1ee5 ki\u1ec7n\" \/>\n<meta property=\"article:publisher\" content=\"https:\/\/facebook.com\/phukienflycam\" \/>\n<meta property=\"article:modified_time\" content=\"2021-08-31T01:27:22+00:00\" \/>\n<meta property=\"og:image\" content=\"https:\/\/phukienflytech.vn\/wp-content\/uploads\/2020\/05\/day-deo-chuyen-dung-phantom-mavic-pro-mavic-2-pro-mavic-2-zoom-1402-4.jpg\" \/>\n\t<meta property=\"og:image:width\" content=\"900\" \/>\n\t<meta property=\"og:image:height\" content=\"900\" \/>\n\t<meta property=\"og:image:type\" content=\"image\/jpeg\" \/>\n<meta name=\"twitter:card\" content=\"summary_large_image\" \/>\n<meta name=\"twitter:label1\" content=\"Est. reading time\" \/>\n\t<meta name=\"twitter:data1\" content=\"1 minute\" \/>\n<script type=\"application\/ld+json\" class=\"yoast-schema-graph\">{\"@context\":\"https:\/\/schema.org\",\"@graph\":[{\"@type\":\"WebPage\",\"@id\":\"https:\/\/phukienflytech.vn\/san-pham\/day-deo-chuyen-dung-phantom-mavic-pro-mavic-2-pro-mavic-2-zoom.html\",\"url\":\"https:\/\/phukienflytech.vn\/san-pham\/day-deo-chuyen-dung-phantom-mavic-pro-mavic-2-pro-mavic-2-zoom.html\",\"name\":\"Strap for Phantom 3 4 series - Phantom 3 4 accessory - Available - Original\",\"isPartOf\":{\"@id\":\"https:\/\/phukienflytech.vn\/#website\"},\"primaryImageOfPage\":{\"@id\":\"https:\/\/phukienflytech.vn\/san-pham\/day-deo-chuyen-dung-phantom-mavic-pro-mavic-2-pro-mavic-2-zoom.html#primaryimage\"},\"image\":{\"@id\":\"https:\/\/phukienflytech.vn\/san-pham\/day-deo-chuyen-dung-phantom-mavic-pro-mavic-2-pro-mavic-2-zoom.html#primaryimage\"},\"thumbnailUrl\":\"https:\/\/phukienflytech.vn\/wp-content\/uploads\/2020\/05\/day-deo-chuyen-dung-phantom-mavic-pro-mavic-2-pro-mavic-2-zoom-1402-4.jpg\",\"datePublished\":\"2020-06-16T00:53:57+00:00\",\"dateModified\":\"2021-08-31T01:27:22+00:00\",\"description\":\"Strap for Phantom 3 4 series is one of the most important accessory. Contact us to buy Strap for Phantom 3 4 series for best price.\",\"breadcrumb\":{\"@id\":\"https:\/\/phukienflytech.vn\/san-pham\/day-deo-chuyen-dung-phantom-mavic-pro-mavic-2-pro-mavic-2-zoom.html#breadcrumb\"},\"inLanguage\":\"en-US\",\"potentialAction\":[{\"@type\":\"ReadAction\",\"target\":[\"https:\/\/phukienflytech.vn\/san-pham\/day-deo-chuyen-dung-phantom-mavic-pro-mavic-2-pro-mavic-2-zoom.html\"]}]},{\"@type\":\"ImageObject\",\"inLanguage\":\"en-US\",\"@id\":\"https:\/\/phukienflytech.vn\/san-pham\/day-deo-chuyen-dung-phantom-mavic-pro-mavic-2-pro-mavic-2-zoom.html#primaryimage\",\"url\":\"https:\/\/phukienflytech.vn\/wp-content\/uploads\/2020\/05\/day-deo-chuyen-dung-phantom-mavic-pro-mavic-2-pro-mavic-2-zoom-1402-4.jpg\",\"contentUrl\":\"https:\/\/phukienflytech.vn\/wp-content\/uploads\/2020\/05\/day-deo-chuyen-dung-phantom-mavic-pro-mavic-2-pro-mavic-2-zoom-1402-4.jpg\",\"width\":900,\"height\":900},{\"@type\":\"BreadcrumbList\",\"@id\":\"https:\/\/phukienflytech.vn\/san-pham\/day-deo-chuyen-dung-phantom-mavic-pro-mavic-2-pro-mavic-2-zoom.html#breadcrumb\",\"itemListElement\":[{\"@type\":\"ListItem\",\"position\":1,\"name\":\"Home\",\"item\":\"https:\/\/phukienflytech.vn\/en\"},{\"@type\":\"ListItem\",\"position\":2,\"name\":\"Ph\u1ee5 ki\u1ec7n Mavic Pro\",\"item\":\"https:\/\/phukienflytech.vn\/en\/phu-kien-mavic-pro.html\"},{\"@type\":\"ListItem\",\"position\":3,\"name\":\"Ph\u1ee5 ki\u1ec7n DJI - Osmo\",\"item\":\"https:\/\/phukienflytech.vn\/danh-muc\/phu-kien-dji-osmo.html\"},{\"@type\":\"ListItem\",\"position\":4,\"name\":\"Ph\u1ee5 ki\u1ec7n DJI Inspire\",\"item\":\"https:\/\/phukienflytech.vn\/en\/danh-muc\/inspire-accessory.html\"},{\"@type\":\"ListItem\",\"position\":5,\"name\":\"Original professional strap for Phantom 3 4 series\"}]},{\"@type\":\"WebSite\",\"@id\":\"https:\/\/phukienflytech.vn\/#website\",\"url\":\"https:\/\/phukienflytech.vn\/\",\"name\":\"Shop M\u00e1y \u1ea3nh - Action Camera - Gimbal - Flycam - Ph\u1ee5 ki\u1ec7n\",\"description\":\"Shop M\u00e1y \u1ea3nh - Action Camera - Gimbal - Flycam - Ph\u1ee5 ki\u1ec7n\",\"publisher\":{\"@id\":\"https:\/\/phukienflytech.vn\/#organization\"},\"potentialAction\":[{\"@type\":\"SearchAction\",\"target\":{\"@type\":\"EntryPoint\",\"urlTemplate\":\"https:\/\/phukienflytech.vn\/?s={search_term_string}\"},\"query-input\":{\"@type\":\"PropertyValueSpecification\",\"valueRequired\":true,\"valueName\":\"search_term_string\"}}],\"inLanguage\":\"en-US\"},{\"@type\":\"Organization\",\"@id\":\"https:\/\/phukienflytech.vn\/#organization\",\"name\":\"DJI Store - Shop Drone, Action camera, Gimbal DJI |Phukienflytech\",\"alternateName\":\"DJI Store - Shop Drone, Action camera, Gimbal DJI |Phukienflytech\",\"url\":\"https:\/\/phukienflytech.vn\/\",\"logo\":{\"@type\":\"ImageObject\",\"inLanguage\":\"en-US\",\"@id\":\"https:\/\/phukienflytech.vn\/#\/schema\/logo\/image\/\",\"url\":\"https:\/\/phukienflytech.vn\/wp-content\/uploads\/2020\/05\/hAnh_nan.jpg1_.jpg\",\"contentUrl\":\"https:\/\/phukienflytech.vn\/wp-content\/uploads\/2020\/05\/hAnh_nan.jpg1_.jpg\",\"width\":800,\"height\":450,\"caption\":\"DJI Store - Shop Drone, Action camera, Gimbal DJI |Phukienflytech\"},\"image\":{\"@id\":\"https:\/\/phukienflytech.vn\/#\/schema\/logo\/image\/\"},\"sameAs\":[\"https:\/\/facebook.com\/phukienflycam\",\"https:\/\/www.youtube.com\/@phukienflytech\",\"https:\/\/www.tiktok.com\/@flytech.channel?fbclid=IwY2xjawGjg7BleHRuA2FlbQIxMAABHYVGmlXpuSMs0UB2zTpYvyT4GMVfN2qJa4urF4vkSQ6FAVBwXZtDP30qQA_aem_UwMiDcUvlEbd2tXAmsc8Og\"]}]}<\/script>\n<!-- \/ Yoast SEO plugin. -->","yoast_head_json":{"title":"Strap for Phantom 3 4 series - Phantom 3 4 accessory - Available - Original","description":"Strap for Phantom 3 4 series is one of the most important accessory. Contact us to buy Strap for Phantom 3 4 series for best price.","robots":{"index":"index","follow":"follow","max-snippet":"max-snippet:-1","max-image-preview":"max-image-preview:large","max-video-preview":"max-video-preview:-1"},"canonical":"https:\/\/phukienflytech.vn\/san-pham\/day-deo-chuyen-dung-phantom-mavic-pro-mavic-2-pro-mavic-2-zoom.html","og_locale":"en_US","og_type":"article","og_title":"Strap for Phantom 3 4 series - Phantom 3 4 accessory - Available - Original","og_description":"Strap for Phantom 3 4 series is one of the most important accessory. Contact us to buy Strap for Phantom 3 4 series for best price.","og_url":"https:\/\/phukienflytech.vn\/san-pham\/day-deo-chuyen-dung-phantom-mavic-pro-mavic-2-pro-mavic-2-zoom.html","og_site_name":"Shop M\u00e1y \u1ea3nh - Action Camera - Gimbal - Flycam - Ph\u1ee5 ki\u1ec7n","article_publisher":"https:\/\/facebook.com\/phukienflycam","article_modified_time":"2021-08-31T01:27:22+00:00","og_image":[{"width":900,"height":900,"url":"https:\/\/phukienflytech.vn\/wp-content\/uploads\/2020\/05\/day-deo-chuyen-dung-phantom-mavic-pro-mavic-2-pro-mavic-2-zoom-1402-4.jpg","type":"image\/jpeg"}],"twitter_card":"summary_large_image","twitter_misc":{"Est. reading time":"1 minute"},"schema":{"@context":"https:\/\/schema.org","@graph":[{"@type":"WebPage","@id":"https:\/\/phukienflytech.vn\/san-pham\/day-deo-chuyen-dung-phantom-mavic-pro-mavic-2-pro-mavic-2-zoom.html","url":"https:\/\/phukienflytech.vn\/san-pham\/day-deo-chuyen-dung-phantom-mavic-pro-mavic-2-pro-mavic-2-zoom.html","name":"Strap for Phantom 3 4 series - Phantom 3 4 accessory - Available - Original","isPartOf":{"@id":"https:\/\/phukienflytech.vn\/#website"},"primaryImageOfPage":{"@id":"https:\/\/phukienflytech.vn\/san-pham\/day-deo-chuyen-dung-phantom-mavic-pro-mavic-2-pro-mavic-2-zoom.html#primaryimage"},"image":{"@id":"https:\/\/phukienflytech.vn\/san-pham\/day-deo-chuyen-dung-phantom-mavic-pro-mavic-2-pro-mavic-2-zoom.html#primaryimage"},"thumbnailUrl":"https:\/\/phukienflytech.vn\/wp-content\/uploads\/2020\/05\/day-deo-chuyen-dung-phantom-mavic-pro-mavic-2-pro-mavic-2-zoom-1402-4.jpg","datePublished":"2020-06-16T00:53:57+00:00","dateModified":"2021-08-31T01:27:22+00:00","description":"Strap for Phantom 3 4 series is one of the most important accessory. Contact us to buy Strap for Phantom 3 4 series for best price.","breadcrumb":{"@id":"https:\/\/phukienflytech.vn\/san-pham\/day-deo-chuyen-dung-phantom-mavic-pro-mavic-2-pro-mavic-2-zoom.html#breadcrumb"},"inLanguage":"en-US","potentialAction":[{"@type":"ReadAction","target":["https:\/\/phukienflytech.vn\/san-pham\/day-deo-chuyen-dung-phantom-mavic-pro-mavic-2-pro-mavic-2-zoom.html"]}]},{"@type":"ImageObject","inLanguage":"en-US","@id":"https:\/\/phukienflytech.vn\/san-pham\/day-deo-chuyen-dung-phantom-mavic-pro-mavic-2-pro-mavic-2-zoom.html#primaryimage","url":"https:\/\/phukienflytech.vn\/wp-content\/uploads\/2020\/05\/day-deo-chuyen-dung-phantom-mavic-pro-mavic-2-pro-mavic-2-zoom-1402-4.jpg","contentUrl":"https:\/\/phukienflytech.vn\/wp-content\/uploads\/2020\/05\/day-deo-chuyen-dung-phantom-mavic-pro-mavic-2-pro-mavic-2-zoom-1402-4.jpg","width":900,"height":900},{"@type":"BreadcrumbList","@id":"https:\/\/phukienflytech.vn\/san-pham\/day-deo-chuyen-dung-phantom-mavic-pro-mavic-2-pro-mavic-2-zoom.html#breadcrumb","itemListElement":[{"@type":"ListItem","position":1,"name":"Home","item":"https:\/\/phukienflytech.vn\/en"},{"@type":"ListItem","position":2,"name":"Ph\u1ee5 ki\u1ec7n Mavic Pro","item":"https:\/\/phukienflytech.vn\/en\/phu-kien-mavic-pro.html"},{"@type":"ListItem","position":3,"name":"Ph\u1ee5 ki\u1ec7n DJI - Osmo","item":"https:\/\/phukienflytech.vn\/danh-muc\/phu-kien-dji-osmo.html"},{"@type":"ListItem","position":4,"name":"Ph\u1ee5 ki\u1ec7n DJI Inspire","item":"https:\/\/phukienflytech.vn\/en\/danh-muc\/inspire-accessory.html"},{"@type":"ListItem","position":5,"name":"Original professional strap for Phantom 3 4 series"}]},{"@type":"WebSite","@id":"https:\/\/phukienflytech.vn\/#website","url":"https:\/\/phukienflytech.vn\/","name":"Shop M\u00e1y \u1ea3nh - Action Camera - Gimbal - Flycam - Ph\u1ee5 ki\u1ec7n","description":"Shop M\u00e1y \u1ea3nh - Action Camera - Gimbal - Flycam - Ph\u1ee5 ki\u1ec7n","publisher":{"@id":"https:\/\/phukienflytech.vn\/#organization"},"potentialAction":[{"@type":"SearchAction","target":{"@type":"EntryPoint","urlTemplate":"https:\/\/phukienflytech.vn\/?s={search_term_string}"},"query-input":{"@type":"PropertyValueSpecification","valueRequired":true,"valueName":"search_term_string"}}],"inLanguage":"en-US"},{"@type":"Organization","@id":"https:\/\/phukienflytech.vn\/#organization","name":"DJI Store - Shop Drone, Action camera, Gimbal DJI |Phukienflytech","alternateName":"DJI Store - Shop Drone, Action camera, Gimbal DJI |Phukienflytech","url":"https:\/\/phukienflytech.vn\/","logo":{"@type":"ImageObject","inLanguage":"en-US","@id":"https:\/\/phukienflytech.vn\/#\/schema\/logo\/image\/","url":"https:\/\/phukienflytech.vn\/wp-content\/uploads\/2020\/05\/hAnh_nan.jpg1_.jpg","contentUrl":"https:\/\/phukienflytech.vn\/wp-content\/uploads\/2020\/05\/hAnh_nan.jpg1_.jpg","width":800,"height":450,"caption":"DJI Store - Shop Drone, Action camera, Gimbal DJI |Phukienflytech"},"image":{"@id":"https:\/\/phukienflytech.vn\/#\/schema\/logo\/image\/"},"sameAs":["https:\/\/facebook.com\/phukienflycam","https:\/\/www.youtube.com\/@phukienflytech","https:\/\/www.tiktok.com\/@flytech.channel?fbclid=IwY2xjawGjg7BleHRuA2FlbQIxMAABHYVGmlXpuSMs0UB2zTpYvyT4GMVfN2qJa4urF4vkSQ6FAVBwXZtDP30qQA_aem_UwMiDcUvlEbd2tXAmsc8Og"]}]}},"_links":{"self":[{"href":"https:\/\/phukienflytech.vn\/en\/wp-json\/wp\/v2\/product\/1413","targetHints":{"allow":["GET"]}}],"collection":[{"href":"https:\/\/phukienflytech.vn\/en\/wp-json\/wp\/v2\/product"}],"about":[{"href":"https:\/\/phukienflytech.vn\/en\/wp-json\/wp\/v2\/types\/product"}],"replies":[{"embeddable":true,"href":"https:\/\/phukienflytech.vn\/en\/wp-json\/wp\/v2\/comments?post=1413"}],"wp:featuredmedia":[{"embeddable":true,"href":"https:\/\/phukienflytech.vn\/en\/wp-json\/wp\/v2\/media\/1412"}],"wp:attachment":[{"href":"https:\/\/phukienflytech.vn\/en\/wp-json\/wp\/v2\/media?parent=1413"}],"wp:term":[{"taxonomy":"product_brand","embeddable":true,"href":"https:\/\/phukienflytech.vn\/en\/wp-json\/wp\/v2\/product_brand?post=1413"},{"taxonomy":"product_cat","embeddable":true,"href":"https:\/\/phukienflytech.vn\/en\/wp-json\/wp\/v2\/product_cat?post=1413"},{"taxonomy":"product_tag","embeddable":true,"href":"https:\/\/phukienflytech.vn\/en\/wp-json\/wp\/v2\/product_tag?post=1413"}],"curies":[{"name":"wp","href":"https:\/\/api.w.org\/{rel}","templated":true}]}}