{"id":1436,"date":"2020-05-17T10:44:55","date_gmt":"2020-05-17T03:44:55","guid":{"rendered":"http:\/\/27430.lamdx.vinawebsite.vn\/san-pham\/che-nang-phone-mavic-pro-air-platium-spark-type-a-mavic-2-pro-mavic-2-zoom-sao-chep.html"},"modified":"2020-05-17T11:00:18","modified_gmt":"2020-05-17T04:00:18","slug":"che-nang-phone-mavic-proairplatium-spark-type-a-mavic-2-pro-mavic-2-zoom-html","status":"publish","type":"product","link":"https:\/\/phukienflytech.vn\/en\/san-pham\/che-nang-phone-mavic-proairplatium-spark-type-a-mavic-2-pro-mavic-2-zoom-html.html","title":{"rendered":"Che n\u1eafng phone Mavic pro\/air\/platium\/ spark type A\/ Mavic 2 pro\/ Mavic 2 Zoom"},"content":{"rendered":"<h2><span style=\"font-size: 18px; color: #0000ff;\"><strong>Che n\u1eafng phone Mavic pro\/ Mavic 2 Pro\/ Mavic 2 Zoom<\/strong><\/span><\/h2>\n<p>&nbsp;<\/p>\n<p><span style=\"font-size: 16px;\">B\u1ea1n \u0111ang ch\u01a1i flycam DJI Mavic pro?<\/span><\/p>\n<p><span style=\"font-size: 16px;\">B\u1ea1n \u0111\u00e3 c\u00f3 nh\u1eefng g\u00ec trong b\u1ed9 s\u01b0u t\u1eadp\u00a0<strong>ph\u1ee5 ki\u1ec7n mavic pro\/mavic 2 pro\/ mavic 2 zoom<\/strong>\u00a0c\u1ee7a m\u00ecnh?<\/span><\/p>\n<p><span style=\"font-size: 16px;\">Hi\u1ec7n c\u00f3 r\u1ea5t nhi\u1ec1u c\u00e1c option ph\u1ee5 ki\u1ec7n kh\u00e1c nhau r\u1ea5t c\u1ea7n thi\u1ebft cho flycam DJI Mavic v\u00e0 m\u1ed9t trong s\u1ed1 \u0111\u00f3 \u0111\u00e3 v\u00e0 \u0111ang \u0111\u01b0\u1ee3c \u01b0u ti\u00ean s\u1eed d\u1ee5ng l\u00e0\u00a0<strong>Che n\u1eafng phone Mavic pro\/ Mavic 2 Pro\/ Mavic 2 Zoom \/Spark type A.\u00a0<\/strong>H\u00e3y c\u00f9ng tham kh\u1ea3o c\u00e1c th\u00f4ng tin d\u01b0\u1edbi \u0111\u00e2y v\u1ec1 s\u1ea3n ph\u1ea9m<\/span><\/p>\n<p><span style=\"font-size: 16px;\">K\u00edch th\u01b0\u1edbc h\u1ed7 tr\u1ee3: theo tay khi\u1ec3n mavic \/ spark<\/span><\/p>\n<p><span style=\"font-size: 16px;\"><img loading=\"lazy\" decoding=\"async\" src=\"https:\/\/phukienflytech.vn\/wp-content\/uploads\/2020\/05\/che-nang-phone-mavic-pro-air-platium-spark-type-a-mavic-2-pro-mavic-2-zoom-1422.jpg\" alt=\"\" width=\"400\" height=\"225\" \/><\/span><\/p>\n<p><span style=\"font-size: 16px;\">Ch\u1ea5t li\u1ec7u: Da cao c\u1ea5p, c\u1ed1t n\u1ec9 b\u00ean trong<\/span><\/p>\n<p><span style=\"font-size: 16px;\"><img loading=\"lazy\" decoding=\"async\" src=\"https:\/\/phukienflytech.vn\/wp-content\/uploads\/2020\/05\/che-nang-phone-mavic-pro-air-platium-spark-type-a-mavic-2-pro-mavic-2-zoom-1422-1.jpg\" alt=\"\" width=\"400\" height=\"400\" \/><\/span><\/p>\n<p><span style=\"font-size: 16px;\">&#8211; R\u1ea5t d\u1ec5 th\u00e1o<\/span><\/p>\n<p><span style=\"font-size: 16px;\">&#8211; G\u1eafn v\u00e0o 2 anten c\u1ee7a controller<\/span><\/p>\n<p><span style=\"font-size: 16px;\">Ngo\u00e0i ra, ch\u00fang ta c\u00f3 th\u1ec3 tham kh\u1ea3o\u00a0\u00a0<a href=\"http:\/\/phukienflytech.vn\/san-pham\/che-nang-phone-mavic-prospark-type-b.html\" target=\"_blank\" rel=\"noopener noreferrer\">Che n\u1eafng phone Mavic pro\/ Mavic 2 Pro\/ Mavic 2 Zoom \/Spark\u00a0<\/a>\u00a0lo\u1ea1i B\u00a0<\/span><\/p>\n<p><span style=\"font-size: 16px;\"><img loading=\"lazy\" decoding=\"async\" src=\"https:\/\/phukienflytech.vn\/wp-content\/uploads\/2020\/05\/che-nang-phone-mavic-pro-air-platium-spark-type-a-mavic-2-pro-mavic-2-zoom-1422-2.jpg\" alt=\"\" width=\"400\" height=\"300\" \/><\/span><\/p>\n<p><span style=\"font-size: 16px;\">H\u00e3y \u0111\u1ec3\u00a0<a href=\"https:\/\/facebook.com\/phukienflycam\/\" target=\"_blank\" rel=\"noopener noreferrer\">Ph\u1ee5 Ki\u1ec7n Fly-cam Gi\u00e1 T\u1ed1t<\/a>\u00a0ti\u1ebfp s\u1ee9c \u0111am m\u00ea, c\u00f4ng vi\u1ec7c c\u1ee7a b\u1ea1n, gi\u00fap b\u1ea1n th\u00eam ni\u1ec1m h\u1ee9ng kh\u1edfi trong \u0111am m\u00ea c\u0169ng nh\u01b0 c\u00f4ng vi\u1ec7c c\u1ee7a m\u00ecnh th\u00eam su\u00f4n s\u1ebb v\u00e0 c\u00f3 nh\u1eefng chuy\u1ebfn bay an to\u00e0n<\/span><\/p>\n<p><span style=\"font-size: 16px;\">Nh\u00e0 s\u1ea3n xu\u1ea5t : Sunnylife \u2013 l\u00e0 m\u1ed9t trong nh\u1eefng Vendor cung c\u1ea5p c\u00e1c ph\u1ee5 ki\u1ec7n, linh ki\u1ec7n thay th\u1ebf cho DJI Flycam.<\/span><\/p>\n","protected":false},"excerpt":{"rendered":"<p>Che n\u1eafng phone Mavic pro\/ Mavic 2 Pro\/ Mavic 2 Zoom &nbsp; B\u1ea1n \u0111ang ch\u01a1i flycam DJI Mavic pro? B\u1ea1n \u0111\u00e3 c\u00f3 nh\u1eefng g\u00ec trong b\u1ed9 s\u01b0u t\u1eadp\u00a0ph\u1ee5 ki\u1ec7n mavic pro\/mavic 2 pro\/ mavic 2 zoom\u00a0c\u1ee7a m\u00ecnh? Hi\u1ec7n c\u00f3 r\u1ea5t nhi\u1ec1u c\u00e1c option ph\u1ee5 ki\u1ec7n kh\u00e1c nhau r\u1ea5t c\u1ea7n thi\u1ebft cho flycam DJI Mavic v\u00e0 &#8230;<\/p>\n","protected":false},"featured_media":1434,"comment_status":"open","ping_status":"closed","template":"","meta":{"_acf_changed":false},"product_brand":[],"product_cat":[791],"product_tag":[],"class_list":{"0":"post-1436","1":"product","2":"type-product","3":"status-publish","4":"has-post-thumbnail","6":"product_cat-chua-phan-loai","8":"first","9":"instock","10":"shipping-taxable","11":"purchasable","12":"product-type-simple"},"acf":[],"yoast_head":"<!-- This site is optimized with the Yoast SEO plugin v25.7 - https:\/\/yoast.com\/wordpress\/plugins\/seo\/ -->\n<title>H\u1ed1c che n\u1eafng Spark Mavic - Ph\u1ee5 ki\u1ec7n dji Mavic Spark - Ship Cod gi\u00e1 r\u1ebb<\/title>\n<meta name=\"description\" content=\"Shop ph\u1ee5 ki\u1ec7n flycam DJI phukienflytech cung c\u1ea5p c\u00e1c ph\u1ee5 ki\u1ec7n - linh ki\u1ec7n h\u00e3ng DJI, Xiaomi v\u00e0 flycam t\u1ea7m trung gi\u00e1 r\u1ebb - Ship Cod to\u00e0n qu\u1ed1c\" \/>\n<meta name=\"robots\" content=\"index, follow, max-snippet:-1, max-image-preview:large, max-video-preview:-1\" \/>\n<link rel=\"canonical\" href=\"https:\/\/phukienflytech.vn\/en\/san-pham\/che-nang-phone-mavic-proairplatium-spark-type-a-mavic-2-pro-mavic-2-zoom-html.html\" \/>\n<meta property=\"og:locale\" content=\"en_US\" \/>\n<meta property=\"og:type\" content=\"article\" \/>\n<meta property=\"og:title\" content=\"H\u1ed1c che n\u1eafng Spark Mavic - Ph\u1ee5 ki\u1ec7n dji Mavic Spark - Ship Cod gi\u00e1 r\u1ebb\" \/>\n<meta property=\"og:description\" content=\"Shop ph\u1ee5 ki\u1ec7n flycam DJI phukienflytech cung c\u1ea5p c\u00e1c ph\u1ee5 ki\u1ec7n - linh ki\u1ec7n h\u00e3ng DJI, Xiaomi v\u00e0 flycam t\u1ea7m trung gi\u00e1 r\u1ebb - Ship Cod to\u00e0n qu\u1ed1c\" \/>\n<meta property=\"og:url\" content=\"https:\/\/phukienflytech.vn\/en\/san-pham\/che-nang-phone-mavic-proairplatium-spark-type-a-mavic-2-pro-mavic-2-zoom-html.html\" \/>\n<meta property=\"og:site_name\" content=\"Shop M\u00e1y \u1ea3nh - Action Camera - Gimbal - Flycam - Ph\u1ee5 ki\u1ec7n\" \/>\n<meta property=\"article:publisher\" content=\"https:\/\/facebook.com\/phukienflycam\" \/>\n<meta property=\"article:modified_time\" content=\"2020-05-17T04:00:18+00:00\" \/>\n<meta property=\"og:image\" content=\"https:\/\/phukienflytech.vn\/wp-content\/uploads\/2020\/05\/phu-kien-mavic-air-pro-2-zoom-spark-2.png\" \/>\n\t<meta property=\"og:image:width\" content=\"355\" \/>\n\t<meta property=\"og:image:height\" content=\"355\" \/>\n\t<meta property=\"og:image:type\" content=\"image\/png\" \/>\n<meta name=\"twitter:card\" content=\"summary_large_image\" \/>\n<meta name=\"twitter:label1\" content=\"Est. reading time\" \/>\n\t<meta name=\"twitter:data1\" content=\"1 minute\" \/>\n<script type=\"application\/ld+json\" class=\"yoast-schema-graph\">{\"@context\":\"https:\/\/schema.org\",\"@graph\":[{\"@type\":\"WebPage\",\"@id\":\"https:\/\/phukienflytech.vn\/en\/san-pham\/che-nang-phone-mavic-proairplatium-spark-type-a-mavic-2-pro-mavic-2-zoom-html.html\",\"url\":\"https:\/\/phukienflytech.vn\/en\/san-pham\/che-nang-phone-mavic-proairplatium-spark-type-a-mavic-2-pro-mavic-2-zoom-html.html\",\"name\":\"H\u1ed1c che n\u1eafng Spark Mavic - Ph\u1ee5 ki\u1ec7n dji Mavic Spark - Ship Cod gi\u00e1 r\u1ebb\",\"isPartOf\":{\"@id\":\"https:\/\/phukienflytech.vn\/#website\"},\"primaryImageOfPage\":{\"@id\":\"https:\/\/phukienflytech.vn\/en\/san-pham\/che-nang-phone-mavic-proairplatium-spark-type-a-mavic-2-pro-mavic-2-zoom-html.html#primaryimage\"},\"image\":{\"@id\":\"https:\/\/phukienflytech.vn\/en\/san-pham\/che-nang-phone-mavic-proairplatium-spark-type-a-mavic-2-pro-mavic-2-zoom-html.html#primaryimage\"},\"thumbnailUrl\":\"https:\/\/phukienflytech.vn\/wp-content\/uploads\/2020\/05\/phu-kien-mavic-air-pro-2-zoom-spark-2.png\",\"datePublished\":\"2020-05-17T03:44:55+00:00\",\"dateModified\":\"2020-05-17T04:00:18+00:00\",\"description\":\"Shop ph\u1ee5 ki\u1ec7n flycam DJI phukienflytech cung c\u1ea5p c\u00e1c ph\u1ee5 ki\u1ec7n - linh ki\u1ec7n h\u00e3ng DJI, Xiaomi v\u00e0 flycam t\u1ea7m trung gi\u00e1 r\u1ebb - Ship Cod to\u00e0n qu\u1ed1c\",\"breadcrumb\":{\"@id\":\"https:\/\/phukienflytech.vn\/en\/san-pham\/che-nang-phone-mavic-proairplatium-spark-type-a-mavic-2-pro-mavic-2-zoom-html.html#breadcrumb\"},\"inLanguage\":\"en-US\",\"potentialAction\":[{\"@type\":\"ReadAction\",\"target\":[\"https:\/\/phukienflytech.vn\/en\/san-pham\/che-nang-phone-mavic-proairplatium-spark-type-a-mavic-2-pro-mavic-2-zoom-html.html\"]}]},{\"@type\":\"ImageObject\",\"inLanguage\":\"en-US\",\"@id\":\"https:\/\/phukienflytech.vn\/en\/san-pham\/che-nang-phone-mavic-proairplatium-spark-type-a-mavic-2-pro-mavic-2-zoom-html.html#primaryimage\",\"url\":\"https:\/\/phukienflytech.vn\/wp-content\/uploads\/2020\/05\/phu-kien-mavic-air-pro-2-zoom-spark-2.png\",\"contentUrl\":\"https:\/\/phukienflytech.vn\/wp-content\/uploads\/2020\/05\/phu-kien-mavic-air-pro-2-zoom-spark-2.png\",\"width\":355,\"height\":355},{\"@type\":\"BreadcrumbList\",\"@id\":\"https:\/\/phukienflytech.vn\/en\/san-pham\/che-nang-phone-mavic-proairplatium-spark-type-a-mavic-2-pro-mavic-2-zoom-html.html#breadcrumb\",\"itemListElement\":[{\"@type\":\"ListItem\",\"position\":1,\"name\":\"Home\",\"item\":\"https:\/\/phukienflytech.vn\/en\"},{\"@type\":\"ListItem\",\"position\":2,\"name\":\"Ph\u1ee5 ki\u1ec7n Mavic Pro\",\"item\":\"https:\/\/phukienflytech.vn\/en\/phu-kien-mavic-pro.html\"},{\"@type\":\"ListItem\",\"position\":3,\"name\":\"Ch\u01b0a ph\u00e2n lo\u1ea1i\",\"item\":\"https:\/\/phukienflytech.vn\/danh-muc\/chua-phan-loai.html\"},{\"@type\":\"ListItem\",\"position\":4,\"name\":\"Che n\u1eafng phone Mavic pro\/air\/platium\/ spark type A\/ Mavic 2 pro\/ Mavic 2 Zoom\"}]},{\"@type\":\"WebSite\",\"@id\":\"https:\/\/phukienflytech.vn\/#website\",\"url\":\"https:\/\/phukienflytech.vn\/\",\"name\":\"Shop M\u00e1y \u1ea3nh - Action Camera - Gimbal - Flycam - Ph\u1ee5 ki\u1ec7n\",\"description\":\"Shop M\u00e1y \u1ea3nh - Action Camera - Gimbal - Flycam - Ph\u1ee5 ki\u1ec7n\",\"publisher\":{\"@id\":\"https:\/\/phukienflytech.vn\/#organization\"},\"potentialAction\":[{\"@type\":\"SearchAction\",\"target\":{\"@type\":\"EntryPoint\",\"urlTemplate\":\"https:\/\/phukienflytech.vn\/?s={search_term_string}\"},\"query-input\":{\"@type\":\"PropertyValueSpecification\",\"valueRequired\":true,\"valueName\":\"search_term_string\"}}],\"inLanguage\":\"en-US\"},{\"@type\":\"Organization\",\"@id\":\"https:\/\/phukienflytech.vn\/#organization\",\"name\":\"DJI Store - Shop Drone, Action camera, Gimbal DJI |Phukienflytech\",\"alternateName\":\"DJI Store - Shop Drone, Action camera, Gimbal DJI |Phukienflytech\",\"url\":\"https:\/\/phukienflytech.vn\/\",\"logo\":{\"@type\":\"ImageObject\",\"inLanguage\":\"en-US\",\"@id\":\"https:\/\/phukienflytech.vn\/#\/schema\/logo\/image\/\",\"url\":\"https:\/\/phukienflytech.vn\/wp-content\/uploads\/2020\/05\/hAnh_nan.jpg1_.jpg\",\"contentUrl\":\"https:\/\/phukienflytech.vn\/wp-content\/uploads\/2020\/05\/hAnh_nan.jpg1_.jpg\",\"width\":800,\"height\":450,\"caption\":\"DJI Store - Shop Drone, Action camera, Gimbal DJI |Phukienflytech\"},\"image\":{\"@id\":\"https:\/\/phukienflytech.vn\/#\/schema\/logo\/image\/\"},\"sameAs\":[\"https:\/\/facebook.com\/phukienflycam\",\"https:\/\/www.youtube.com\/@phukienflytech\",\"https:\/\/www.tiktok.com\/@flytech.channel?fbclid=IwY2xjawGjg7BleHRuA2FlbQIxMAABHYVGmlXpuSMs0UB2zTpYvyT4GMVfN2qJa4urF4vkSQ6FAVBwXZtDP30qQA_aem_UwMiDcUvlEbd2tXAmsc8Og\"]}]}<\/script>\n<!-- \/ Yoast SEO plugin. -->","yoast_head_json":{"title":"H\u1ed1c che n\u1eafng Spark Mavic - Ph\u1ee5 ki\u1ec7n dji Mavic Spark - Ship Cod gi\u00e1 r\u1ebb","description":"Shop ph\u1ee5 ki\u1ec7n flycam DJI phukienflytech cung c\u1ea5p c\u00e1c ph\u1ee5 ki\u1ec7n - linh ki\u1ec7n h\u00e3ng DJI, Xiaomi v\u00e0 flycam t\u1ea7m trung gi\u00e1 r\u1ebb - Ship Cod to\u00e0n qu\u1ed1c","robots":{"index":"index","follow":"follow","max-snippet":"max-snippet:-1","max-image-preview":"max-image-preview:large","max-video-preview":"max-video-preview:-1"},"canonical":"https:\/\/phukienflytech.vn\/en\/san-pham\/che-nang-phone-mavic-proairplatium-spark-type-a-mavic-2-pro-mavic-2-zoom-html.html","og_locale":"en_US","og_type":"article","og_title":"H\u1ed1c che n\u1eafng Spark Mavic - Ph\u1ee5 ki\u1ec7n dji Mavic Spark - Ship Cod gi\u00e1 r\u1ebb","og_description":"Shop ph\u1ee5 ki\u1ec7n flycam DJI phukienflytech cung c\u1ea5p c\u00e1c ph\u1ee5 ki\u1ec7n - linh ki\u1ec7n h\u00e3ng DJI, Xiaomi v\u00e0 flycam t\u1ea7m trung gi\u00e1 r\u1ebb - Ship Cod to\u00e0n qu\u1ed1c","og_url":"https:\/\/phukienflytech.vn\/en\/san-pham\/che-nang-phone-mavic-proairplatium-spark-type-a-mavic-2-pro-mavic-2-zoom-html.html","og_site_name":"Shop M\u00e1y \u1ea3nh - Action Camera - Gimbal - Flycam - Ph\u1ee5 ki\u1ec7n","article_publisher":"https:\/\/facebook.com\/phukienflycam","article_modified_time":"2020-05-17T04:00:18+00:00","og_image":[{"width":355,"height":355,"url":"https:\/\/phukienflytech.vn\/wp-content\/uploads\/2020\/05\/phu-kien-mavic-air-pro-2-zoom-spark-2.png","type":"image\/png"}],"twitter_card":"summary_large_image","twitter_misc":{"Est. reading time":"1 minute"},"schema":{"@context":"https:\/\/schema.org","@graph":[{"@type":"WebPage","@id":"https:\/\/phukienflytech.vn\/en\/san-pham\/che-nang-phone-mavic-proairplatium-spark-type-a-mavic-2-pro-mavic-2-zoom-html.html","url":"https:\/\/phukienflytech.vn\/en\/san-pham\/che-nang-phone-mavic-proairplatium-spark-type-a-mavic-2-pro-mavic-2-zoom-html.html","name":"H\u1ed1c che n\u1eafng Spark Mavic - Ph\u1ee5 ki\u1ec7n dji Mavic Spark - Ship Cod gi\u00e1 r\u1ebb","isPartOf":{"@id":"https:\/\/phukienflytech.vn\/#website"},"primaryImageOfPage":{"@id":"https:\/\/phukienflytech.vn\/en\/san-pham\/che-nang-phone-mavic-proairplatium-spark-type-a-mavic-2-pro-mavic-2-zoom-html.html#primaryimage"},"image":{"@id":"https:\/\/phukienflytech.vn\/en\/san-pham\/che-nang-phone-mavic-proairplatium-spark-type-a-mavic-2-pro-mavic-2-zoom-html.html#primaryimage"},"thumbnailUrl":"https:\/\/phukienflytech.vn\/wp-content\/uploads\/2020\/05\/phu-kien-mavic-air-pro-2-zoom-spark-2.png","datePublished":"2020-05-17T03:44:55+00:00","dateModified":"2020-05-17T04:00:18+00:00","description":"Shop ph\u1ee5 ki\u1ec7n flycam DJI phukienflytech cung c\u1ea5p c\u00e1c ph\u1ee5 ki\u1ec7n - linh ki\u1ec7n h\u00e3ng DJI, Xiaomi v\u00e0 flycam t\u1ea7m trung gi\u00e1 r\u1ebb - Ship Cod to\u00e0n qu\u1ed1c","breadcrumb":{"@id":"https:\/\/phukienflytech.vn\/en\/san-pham\/che-nang-phone-mavic-proairplatium-spark-type-a-mavic-2-pro-mavic-2-zoom-html.html#breadcrumb"},"inLanguage":"en-US","potentialAction":[{"@type":"ReadAction","target":["https:\/\/phukienflytech.vn\/en\/san-pham\/che-nang-phone-mavic-proairplatium-spark-type-a-mavic-2-pro-mavic-2-zoom-html.html"]}]},{"@type":"ImageObject","inLanguage":"en-US","@id":"https:\/\/phukienflytech.vn\/en\/san-pham\/che-nang-phone-mavic-proairplatium-spark-type-a-mavic-2-pro-mavic-2-zoom-html.html#primaryimage","url":"https:\/\/phukienflytech.vn\/wp-content\/uploads\/2020\/05\/phu-kien-mavic-air-pro-2-zoom-spark-2.png","contentUrl":"https:\/\/phukienflytech.vn\/wp-content\/uploads\/2020\/05\/phu-kien-mavic-air-pro-2-zoom-spark-2.png","width":355,"height":355},{"@type":"BreadcrumbList","@id":"https:\/\/phukienflytech.vn\/en\/san-pham\/che-nang-phone-mavic-proairplatium-spark-type-a-mavic-2-pro-mavic-2-zoom-html.html#breadcrumb","itemListElement":[{"@type":"ListItem","position":1,"name":"Home","item":"https:\/\/phukienflytech.vn\/en"},{"@type":"ListItem","position":2,"name":"Ph\u1ee5 ki\u1ec7n Mavic Pro","item":"https:\/\/phukienflytech.vn\/en\/phu-kien-mavic-pro.html"},{"@type":"ListItem","position":3,"name":"Ch\u01b0a ph\u00e2n lo\u1ea1i","item":"https:\/\/phukienflytech.vn\/danh-muc\/chua-phan-loai.html"},{"@type":"ListItem","position":4,"name":"Che n\u1eafng phone Mavic pro\/air\/platium\/ spark type A\/ Mavic 2 pro\/ Mavic 2 Zoom"}]},{"@type":"WebSite","@id":"https:\/\/phukienflytech.vn\/#website","url":"https:\/\/phukienflytech.vn\/","name":"Shop M\u00e1y \u1ea3nh - Action Camera - Gimbal - Flycam - Ph\u1ee5 ki\u1ec7n","description":"Shop M\u00e1y \u1ea3nh - Action Camera - Gimbal - Flycam - Ph\u1ee5 ki\u1ec7n","publisher":{"@id":"https:\/\/phukienflytech.vn\/#organization"},"potentialAction":[{"@type":"SearchAction","target":{"@type":"EntryPoint","urlTemplate":"https:\/\/phukienflytech.vn\/?s={search_term_string}"},"query-input":{"@type":"PropertyValueSpecification","valueRequired":true,"valueName":"search_term_string"}}],"inLanguage":"en-US"},{"@type":"Organization","@id":"https:\/\/phukienflytech.vn\/#organization","name":"DJI Store - Shop Drone, Action camera, Gimbal DJI |Phukienflytech","alternateName":"DJI Store - Shop Drone, Action camera, Gimbal DJI |Phukienflytech","url":"https:\/\/phukienflytech.vn\/","logo":{"@type":"ImageObject","inLanguage":"en-US","@id":"https:\/\/phukienflytech.vn\/#\/schema\/logo\/image\/","url":"https:\/\/phukienflytech.vn\/wp-content\/uploads\/2020\/05\/hAnh_nan.jpg1_.jpg","contentUrl":"https:\/\/phukienflytech.vn\/wp-content\/uploads\/2020\/05\/hAnh_nan.jpg1_.jpg","width":800,"height":450,"caption":"DJI Store - Shop Drone, Action camera, Gimbal DJI |Phukienflytech"},"image":{"@id":"https:\/\/phukienflytech.vn\/#\/schema\/logo\/image\/"},"sameAs":["https:\/\/facebook.com\/phukienflycam","https:\/\/www.youtube.com\/@phukienflytech","https:\/\/www.tiktok.com\/@flytech.channel?fbclid=IwY2xjawGjg7BleHRuA2FlbQIxMAABHYVGmlXpuSMs0UB2zTpYvyT4GMVfN2qJa4urF4vkSQ6FAVBwXZtDP30qQA_aem_UwMiDcUvlEbd2tXAmsc8Og"]}]}},"_links":{"self":[{"href":"https:\/\/phukienflytech.vn\/en\/wp-json\/wp\/v2\/product\/1436","targetHints":{"allow":["GET"]}}],"collection":[{"href":"https:\/\/phukienflytech.vn\/en\/wp-json\/wp\/v2\/product"}],"about":[{"href":"https:\/\/phukienflytech.vn\/en\/wp-json\/wp\/v2\/types\/product"}],"replies":[{"embeddable":true,"href":"https:\/\/phukienflytech.vn\/en\/wp-json\/wp\/v2\/comments?post=1436"}],"wp:featuredmedia":[{"embeddable":true,"href":"https:\/\/phukienflytech.vn\/en\/wp-json\/wp\/v2\/media\/1434"}],"wp:attachment":[{"href":"https:\/\/phukienflytech.vn\/en\/wp-json\/wp\/v2\/media?parent=1436"}],"wp:term":[{"taxonomy":"product_brand","embeddable":true,"href":"https:\/\/phukienflytech.vn\/en\/wp-json\/wp\/v2\/product_brand?post=1436"},{"taxonomy":"product_cat","embeddable":true,"href":"https:\/\/phukienflytech.vn\/en\/wp-json\/wp\/v2\/product_cat?post=1436"},{"taxonomy":"product_tag","embeddable":true,"href":"https:\/\/phukienflytech.vn\/en\/wp-json\/wp\/v2\/product_tag?post=1436"}],"curies":[{"name":"wp","href":"https:\/\/api.w.org\/{rel}","templated":true}]}}