{"id":1467,"date":"2020-06-27T12:00:18","date_gmt":"2020-06-27T05:00:18","guid":{"rendered":"http:\/\/27430.lamdx.vinawebsite.vn\/san-pham\/sac-oto-mavic-2-pro-zoom-2-cong-pin-va-1-usb.html"},"modified":"2022-08-18T13:46:44","modified_gmt":"2022-08-18T06:46:44","slug":"mavic-2-car-charger-3-in-1","status":"publish","type":"product","link":"https:\/\/phukienflytech.vn\/en\/san-pham\/mavic-2-car-charger-3-in-1.html","title":{"rendered":"Mavic 2 car charger &#8211; 3 in1 &#8211;  Sunnylife"},"content":{"rendered":"<h2 style=\"text-align: justify;\"><span style=\"font-size: 24px; color: #0000ff;\"><em><strong>Mavic 2 car charger &#8211; 3in1<\/strong><\/em><\/span><\/h2>\n<p>&nbsp;<\/p>\n<p style=\"text-align: justify;\"><span style=\"font-size: 18px;\">Mavic 2 car charger &#8211; 3in1 <\/span><\/p>\n<p style=\"text-align: justify;\"><span style=\"font-size: 18px;\">Nhu c\u1ea7u du l\u1ecbch tr\u00ean oto c\u00e1 nh\u00e2n, du l\u1ecbch r\u1ea5t th\u01b0\u1eddng xuy\u00ean tr\u00ean c\u00e1c qu\u00e3ng \u0111\u01b0\u1eddng d\u00e0i tr\u1edf l\u00ean m\u1ed9t ph\u1ed5 bi\u1ebfn. Ch\u00fang ta th\u01b0\u1eddng c\u00f3 t\u1eeb 2-3 <strong><a href=\"https:\/\/phukienflytech.vn\/en\/san-pham\/pin-mavic-2.html\" target=\"_blank\" rel=\"noopener noreferrer\">vi\u00ean\u00a0<\/a><a href=\"https:\/\/phukienflytech.vn\/san-pham\/pin-thong-minh-dji-spark-pin-chinh-hang.html\" target=\"_blank\" rel=\"noopener noreferrer\">pin Mavic 2.<\/a><\/strong> Ch\u00fang ta s\u1ebd kh\u00f4ng mu\u1ed1n b\u1ecf l\u1ee1 b\u1ea5t k\u1ef3 khung c\u1ea3nh \u0111\u1eb9p n\u00e0o ch\u1ec9 v\u00ec h\u1ebft pin<\/span><\/p>\n<p>&nbsp;<\/p>\n<p style=\"text-align: justify;\"><span style=\"color: #0000ff; font-size: 18px;\"><strong><img loading=\"lazy\" decoding=\"async\" class=\"alignnone wp-image-12807 size-medium\" src=\"https:\/\/phukienflytech.vn\/wp-content\/uploads\/2020\/05\/sac-oto-mavic-2-pro-zoom-2-cong-pin-va-1-usb-1424-4-400x400.jpg\" alt=\"Mavic-2-car-charger-3-in-1-sunny\" width=\"400\" height=\"400\" srcset=\"https:\/\/phukienflytech.vn\/wp-content\/uploads\/2020\/05\/sac-oto-mavic-2-pro-zoom-2-cong-pin-va-1-usb-1424-4-400x400.jpg 400w, https:\/\/phukienflytech.vn\/wp-content\/uploads\/2020\/05\/sac-oto-mavic-2-pro-zoom-2-cong-pin-va-1-usb-1424-4-280x280.jpg 280w, https:\/\/phukienflytech.vn\/wp-content\/uploads\/2020\/05\/sac-oto-mavic-2-pro-zoom-2-cong-pin-va-1-usb-1424-4-768x768.jpg 768w, https:\/\/phukienflytech.vn\/wp-content\/uploads\/2020\/05\/sac-oto-mavic-2-pro-zoom-2-cong-pin-va-1-usb-1424-4-800x800.jpg 800w, https:\/\/phukienflytech.vn\/wp-content\/uploads\/2020\/05\/sac-oto-mavic-2-pro-zoom-2-cong-pin-va-1-usb-1424-4-300x300.jpg 300w, https:\/\/phukienflytech.vn\/wp-content\/uploads\/2020\/05\/sac-oto-mavic-2-pro-zoom-2-cong-pin-va-1-usb-1424-4-600x600.jpg 600w, https:\/\/phukienflytech.vn\/wp-content\/uploads\/2020\/05\/sac-oto-mavic-2-pro-zoom-2-cong-pin-va-1-usb-1424-4-100x100.jpg 100w, https:\/\/phukienflytech.vn\/wp-content\/uploads\/2020\/05\/sac-oto-mavic-2-pro-zoom-2-cong-pin-va-1-usb-1424-4.jpg 1000w\" sizes=\"auto, (max-width: 400px) 100vw, 400px\" \/><\/strong><\/span><\/p>\n<p>&nbsp;<\/p>\n<p style=\"text-align: justify;\"><span style=\"font-size: 18px;\">Tuy nhi\u00ean, dung l\u01b0\u1ee3ng pin ch\u00ednh l\u00e0 \u0111i\u1ec1u h\u1ea1n ch\u1ebf \u0111\u00f3 trong c\u00e1c chuy\u1ebfn \u0111i. Ta kh\u00f4ng th\u1ec3 t\u00ecm m\u1ed9t n\u01a1i s\u1ea1c pin v\u00e0 ng\u1ed3i \u0111\u1ee3i ch\u00fang \u0111\u1ea7y trong khi th\u1eddi gian th\u00ec c\u00f3 h\u1ea1n<\/span><\/p>\n<p>&nbsp;<\/p>\n<p style=\"text-align: justify;\"><span style=\"color: #0000ff; font-size: 18px;\"><strong><img loading=\"lazy\" decoding=\"async\" class=\"alignnone size-medium wp-image-12809\" src=\"https:\/\/phukienflytech.vn\/wp-content\/uploads\/2020\/05\/sac-oto-mavic-2-pro-zoom-2-cong-pin-va-1-usb-1424-1-1-400x400.jpg\" alt=\"\" width=\"400\" height=\"400\" srcset=\"https:\/\/phukienflytech.vn\/wp-content\/uploads\/2020\/05\/sac-oto-mavic-2-pro-zoom-2-cong-pin-va-1-usb-1424-1-1-400x400.jpg 400w, https:\/\/phukienflytech.vn\/wp-content\/uploads\/2020\/05\/sac-oto-mavic-2-pro-zoom-2-cong-pin-va-1-usb-1424-1-1-280x280.jpg 280w, https:\/\/phukienflytech.vn\/wp-content\/uploads\/2020\/05\/sac-oto-mavic-2-pro-zoom-2-cong-pin-va-1-usb-1424-1-1-768x768.jpg 768w, https:\/\/phukienflytech.vn\/wp-content\/uploads\/2020\/05\/sac-oto-mavic-2-pro-zoom-2-cong-pin-va-1-usb-1424-1-1-800x800.jpg 800w, https:\/\/phukienflytech.vn\/wp-content\/uploads\/2020\/05\/sac-oto-mavic-2-pro-zoom-2-cong-pin-va-1-usb-1424-1-1-300x300.jpg 300w, https:\/\/phukienflytech.vn\/wp-content\/uploads\/2020\/05\/sac-oto-mavic-2-pro-zoom-2-cong-pin-va-1-usb-1424-1-1-600x600.jpg 600w, https:\/\/phukienflytech.vn\/wp-content\/uploads\/2020\/05\/sac-oto-mavic-2-pro-zoom-2-cong-pin-va-1-usb-1424-1-1-100x100.jpg 100w, https:\/\/phukienflytech.vn\/wp-content\/uploads\/2020\/05\/sac-oto-mavic-2-pro-zoom-2-cong-pin-va-1-usb-1424-1-1.jpg 1000w\" sizes=\"auto, (max-width: 400px) 100vw, 400px\" \/><\/strong><\/span><\/p>\n<p>&nbsp;<\/p>\n<p style=\"text-align: justify;\"><span style=\"font-size: 18px;\">C\u00e1c Pilot c\u1ee7a \u01b0u ti\u00ean s\u1eed d\u1ee5ng c\u00e1c lo\u1ea1i s\u1ea1c nhanh Mavic 2 \u0111\u1ec3 ti\u1ebft ki\u1ec7m th\u1eddi gian t\u1ed1i \u0111a. N\u1ebfu di chuy\u1ec3n b\u1eb1ng oto th\u00ec <strong>S\u1ea1c oto Mavic 2 ch\u00ednh h\u00e3ng <\/strong>l\u00e0 l\u1ef1a ch\u1ecdn th\u1eadt ph\u00f9 h\u1ee3p<\/span><\/p>\n<p>&nbsp;<\/p>\n<p style=\"text-align: justify;\"><span style=\"color: #0000ff; font-size: 18px;\"><strong><img loading=\"lazy\" decoding=\"async\" class=\"alignnone wp-image-12811\" src=\"https:\/\/phukienflytech.vn\/wp-content\/uploads\/2020\/05\/sac-oto-mavic-2-pro-zoom-2-cong-pin-va-1-usb-1424-2-1-800x400.jpg\" alt=\"Mavic-2-car-charger-3-in-1\" width=\"543\" height=\"272\" srcset=\"https:\/\/phukienflytech.vn\/wp-content\/uploads\/2020\/05\/sac-oto-mavic-2-pro-zoom-2-cong-pin-va-1-usb-1424-2-1-800x400.jpg 800w, https:\/\/phukienflytech.vn\/wp-content\/uploads\/2020\/05\/sac-oto-mavic-2-pro-zoom-2-cong-pin-va-1-usb-1424-2-1-768x383.jpg 768w, https:\/\/phukienflytech.vn\/wp-content\/uploads\/2020\/05\/sac-oto-mavic-2-pro-zoom-2-cong-pin-va-1-usb-1424-2-1-600x299.jpg 600w, https:\/\/phukienflytech.vn\/wp-content\/uploads\/2020\/05\/sac-oto-mavic-2-pro-zoom-2-cong-pin-va-1-usb-1424-2-1.jpg 997w\" sizes=\"auto, (max-width: 543px) 100vw, 543px\" \/><\/strong><\/span><\/p>\n<p>&nbsp;<\/p>\n<p style=\"text-align: justify;\"><span style=\"font-size: 18px;\">Gi\u1ea3i ph\u00e1p l\u00e0 g\u00ec: S\u1ea1c pin ngay tr\u00ean ch\u00ednh chi\u1ebfc oto c\u1ee7a b\u1ea1n trong su\u1ed1t qu\u00e1 tr\u00ecnh di chuy\u1ec3n<\/span><\/p>\n<p style=\"text-align: justify;\"><span style=\"color: #0000ff; font-size: 18px;\"><strong><img loading=\"lazy\" decoding=\"async\" class=\"alignnone wp-image-12813 size-medium\" src=\"https:\/\/phukienflytech.vn\/wp-content\/uploads\/2020\/05\/sac-oto-mavic-2-pro-zoom-2-cong-pin-va-1-usb-1424-3-1-400x400.jpg\" alt=\"sac-oto-mavic-2-pro-zoom-2-cong-pin-va-1-usb\" width=\"400\" height=\"400\" srcset=\"https:\/\/phukienflytech.vn\/wp-content\/uploads\/2020\/05\/sac-oto-mavic-2-pro-zoom-2-cong-pin-va-1-usb-1424-3-1-400x400.jpg 400w, https:\/\/phukienflytech.vn\/wp-content\/uploads\/2020\/05\/sac-oto-mavic-2-pro-zoom-2-cong-pin-va-1-usb-1424-3-1-280x280.jpg 280w, https:\/\/phukienflytech.vn\/wp-content\/uploads\/2020\/05\/sac-oto-mavic-2-pro-zoom-2-cong-pin-va-1-usb-1424-3-1-300x300.jpg 300w, https:\/\/phukienflytech.vn\/wp-content\/uploads\/2020\/05\/sac-oto-mavic-2-pro-zoom-2-cong-pin-va-1-usb-1424-3-1-100x100.jpg 100w, https:\/\/phukienflytech.vn\/wp-content\/uploads\/2020\/05\/sac-oto-mavic-2-pro-zoom-2-cong-pin-va-1-usb-1424-3-1.jpg 450w\" sizes=\"auto, (max-width: 400px) 100vw, 400px\" \/><\/strong><\/span><\/p>\n<p>&nbsp;<\/p>\n<p style=\"text-align: justify;\"><span style=\"font-size: 18px;\">S\u1ea1c pin v\u1edbi th\u1eddi gian t\u01b0\u01a1ng t\u1ef1 nh\u01b0 d\u00f9ng adapter c\u1ee7a m\u00e1y. B\u1ed9 s\u1ea1c oto Mavic 2 s\u1ebd l\u00e0 m\u1ed9t ph\u1ee5 ki\u1ec7n Mavic 2 kh\u00f4ng th\u1ec3 thi\u1ebfu d\u00e0nh cho nh\u1eefng ai th\u00edch di chuy\u1ec3n.<\/span><\/p>\n<p>&nbsp;<\/p>\n<h2 style=\"text-align: justify;\"><span style=\"font-size: 21px; color: #0000ff;\"><strong>Mua ph\u1ee5 ki\u1ec7n flycam Mavic 2 \u1edf \u0111\u00e2u H\u1ea3i Ph\u00f2ng?<\/strong><\/span><\/h2>\n<p style=\"text-align: justify;\"><span style=\"font-size: 18px;\"><a href=\"https:\/\/www.facebook.com\/phukienflycam\"><strong>Ph\u1ee5 ki\u1ec7n flycam gi\u00e1 t\u1ed1t<\/strong><\/a> h\u00e2n h\u1ea1nh l\u00e0 \u0111\u01a1n v\u1ecb ph\u00e2n ph\u1ed1i ch\u00ednh h\u00e3ng c\u00e1c s\u1ea3n ph\u1ea9m ph\u1ee5 ki\u1ec7n flycam. T\u1edbi v\u1edbi ch\u00fang t\u00f4i, c\u00e1c b\u1ea1n s\u1ebd mua \u0111\u01b0\u1ee3c nh\u1eefng s\u1ea3n ph\u1ea9m ch\u00ednh h\u00e3ng v\u1edbi gi\u00e1 m\u1ed9t m\u1ee9c gi\u00e1 t\u1ed1t nh\u1ea5t tr\u00ean th\u1ecb tr\u01b0\u1eddng.<\/span><\/p>\n<p>&nbsp;<\/p>\n<p><span style=\"font-size: 18px;\"><img decoding=\"async\" src=\"https:\/\/phukienflytech.vn\/wp-content\/uploads\/2020\/07\/tai-sao-nen-su-dung-pin-mavic-mini-chinh-hang-10151-4-1-800x251.png\" \/><\/span><\/p>\n<p>&nbsp;<\/p>\n<p style=\"text-align: justify;\"><span style=\"font-size: 18px;\">Kh\u00f4ng ch\u1ec9 nh\u1eefng s\u1ea3n ph\u1ea9m ph\u1ee5 ki\u1ec7n ch\u00ednh h\u00e3ng Mavic 2. Ch\u00fang t\u00f4i c\u0169ng ph\u00e2n ph\u1ed1i c\u00e1c d\u00f2ng s\u1ea3n ph\u1ea9m ph\u1ee5 ki\u1ec7n c\u1ee7a DJI Mavic Air 2, DJI Phantom, DJI Spark,.. ch\u00ednh h\u00e3ng t\u1edbi t\u1eeb DJI, Pgytech v\u00e0 SunnyLife.<\/span><\/p>\n","protected":false},"excerpt":{"rendered":"<p>Mavic 2 car charger &#8211; 3in1 &nbsp; Mavic 2 car charger &#8211; 3in1 Nhu c\u1ea7u du l\u1ecbch tr\u00ean oto c\u00e1 nh\u00e2n, du l\u1ecbch r\u1ea5t th\u01b0\u1eddng xuy\u00ean tr\u00ean c\u00e1c qu\u00e3ng \u0111\u01b0\u1eddng d\u00e0i tr\u1edf l\u00ean m\u1ed9t ph\u1ed5 bi\u1ebfn. Ch\u00fang ta th\u01b0\u1eddng c\u00f3 t\u1eeb 2-3 vi\u00ean\u00a0pin Mavic 2. Ch\u00fang ta s\u1ebd kh\u00f4ng mu\u1ed1n b\u1ecf l\u1ee1 b\u1ea5t k\u1ef3 khung &#8230;<\/p>\n","protected":false},"featured_media":37966,"comment_status":"open","ping_status":"closed","template":"","meta":{"_acf_changed":false},"product_brand":[],"product_cat":[177],"product_tag":[209,212],"class_list":{"0":"post-1467","1":"product","2":"type-product","3":"status-publish","4":"has-post-thumbnail","6":"product_cat-mavic-2s-accessory","7":"product_tag-phu-kien-mavic-2-en","8":"product_tag-sac-oto-mavic-2-en","10":"first","11":"instock","12":"shipping-taxable","13":"purchasable","14":"product-type-simple"},"acf":[],"yoast_head":"<!-- This site is optimized with the Yoast SEO plugin v25.7 - https:\/\/yoast.com\/wordpress\/plugins\/seo\/ -->\n<title>Mavic 2 car charger - 3in1 - Mavic 2 accessory - Available<\/title>\n<meta name=\"description\" content=\"Mavic 2 car charger - 3in1 is one of the most important accessory. Contact us to buy Mavic 2 car charger - 3in1 for best price...\" \/>\n<meta name=\"robots\" content=\"index, follow, max-snippet:-1, max-image-preview:large, max-video-preview:-1\" \/>\n<link rel=\"canonical\" href=\"https:\/\/phukienflytech.vn\/en\/san-pham\/mavic-2-car-charger-3-in-1.html\" \/>\n<meta property=\"og:locale\" content=\"en_US\" \/>\n<meta property=\"og:type\" content=\"article\" \/>\n<meta property=\"og:title\" content=\"Mavic 2 car charger - 3in1 - Mavic 2 accessory - Available\" \/>\n<meta property=\"og:description\" content=\"Mavic 2 car charger - 3in1 is one of the most important accessory. Contact us to buy Mavic 2 car charger - 3in1 for best price...\" \/>\n<meta property=\"og:url\" content=\"https:\/\/phukienflytech.vn\/en\/san-pham\/mavic-2-car-charger-3-in-1.html\" \/>\n<meta property=\"og:site_name\" content=\"Shop M\u00e1y \u1ea3nh - Action Camera - Gimbal - Flycam - Ph\u1ee5 ki\u1ec7n\" \/>\n<meta property=\"article:publisher\" content=\"https:\/\/facebook.com\/phukienflycam\" \/>\n<meta property=\"article:modified_time\" content=\"2022-08-18T06:46:44+00:00\" \/>\n<meta property=\"og:image\" content=\"https:\/\/phukienflytech.vn\/wp-content\/uploads\/2020\/06\/sac-mavic-2-3-trong-1-1-1.png\" \/>\n\t<meta property=\"og:image:width\" content=\"1132\" \/>\n\t<meta property=\"og:image:height\" content=\"1125\" \/>\n\t<meta property=\"og:image:type\" content=\"image\/png\" \/>\n<meta name=\"twitter:card\" content=\"summary_large_image\" \/>\n<meta name=\"twitter:label1\" content=\"Est. reading time\" \/>\n\t<meta name=\"twitter:data1\" content=\"2 minutes\" \/>\n<script type=\"application\/ld+json\" class=\"yoast-schema-graph\">{\"@context\":\"https:\/\/schema.org\",\"@graph\":[{\"@type\":\"WebPage\",\"@id\":\"https:\/\/phukienflytech.vn\/en\/san-pham\/mavic-2-car-charger-3-in-1.html\",\"url\":\"https:\/\/phukienflytech.vn\/en\/san-pham\/mavic-2-car-charger-3-in-1.html\",\"name\":\"Mavic 2 car charger - 3in1 - Mavic 2 accessory - Available\",\"isPartOf\":{\"@id\":\"https:\/\/phukienflytech.vn\/#website\"},\"primaryImageOfPage\":{\"@id\":\"https:\/\/phukienflytech.vn\/en\/san-pham\/mavic-2-car-charger-3-in-1.html#primaryimage\"},\"image\":{\"@id\":\"https:\/\/phukienflytech.vn\/en\/san-pham\/mavic-2-car-charger-3-in-1.html#primaryimage\"},\"thumbnailUrl\":\"https:\/\/phukienflytech.vn\/wp-content\/uploads\/2020\/06\/sac-mavic-2-3-trong-1-1-1.png\",\"datePublished\":\"2020-06-27T05:00:18+00:00\",\"dateModified\":\"2022-08-18T06:46:44+00:00\",\"description\":\"Mavic 2 car charger - 3in1 is one of the most important accessory. Contact us to buy Mavic 2 car charger - 3in1 for best price...\",\"breadcrumb\":{\"@id\":\"https:\/\/phukienflytech.vn\/en\/san-pham\/mavic-2-car-charger-3-in-1.html#breadcrumb\"},\"inLanguage\":\"en-US\",\"potentialAction\":[{\"@type\":\"ReadAction\",\"target\":[\"https:\/\/phukienflytech.vn\/en\/san-pham\/mavic-2-car-charger-3-in-1.html\"]}]},{\"@type\":\"ImageObject\",\"inLanguage\":\"en-US\",\"@id\":\"https:\/\/phukienflytech.vn\/en\/san-pham\/mavic-2-car-charger-3-in-1.html#primaryimage\",\"url\":\"https:\/\/phukienflytech.vn\/wp-content\/uploads\/2020\/06\/sac-mavic-2-3-trong-1-1-1.png\",\"contentUrl\":\"https:\/\/phukienflytech.vn\/wp-content\/uploads\/2020\/06\/sac-mavic-2-3-trong-1-1-1.png\",\"width\":1132,\"height\":1125},{\"@type\":\"BreadcrumbList\",\"@id\":\"https:\/\/phukienflytech.vn\/en\/san-pham\/mavic-2-car-charger-3-in-1.html#breadcrumb\",\"itemListElement\":[{\"@type\":\"ListItem\",\"position\":1,\"name\":\"Home\",\"item\":\"https:\/\/phukienflytech.vn\/en\"},{\"@type\":\"ListItem\",\"position\":2,\"name\":\"Ph\u1ee5 ki\u1ec7n Mavic Pro\",\"item\":\"https:\/\/phukienflytech.vn\/en\/phu-kien-mavic-pro.html\"},{\"@type\":\"ListItem\",\"position\":3,\"name\":\"DJI Osmo &amp; Drone's accessories\",\"item\":\"https:\/\/phukienflytech.vn\/en\/danh-muc\/dji-osmo-drones-accessories.html\"},{\"@type\":\"ListItem\",\"position\":4,\"name\":\"Ph\u1ee5 ki\u1ec7n DJI Mavic 2\",\"item\":\"https:\/\/phukienflytech.vn\/en\/danh-muc\/mavic-2s-accessory.html\"},{\"@type\":\"ListItem\",\"position\":5,\"name\":\"Mavic 2 car charger &#8211; 3 in1 &#8211; Sunnylife\"}]},{\"@type\":\"WebSite\",\"@id\":\"https:\/\/phukienflytech.vn\/#website\",\"url\":\"https:\/\/phukienflytech.vn\/\",\"name\":\"Shop M\u00e1y \u1ea3nh - Action Camera - Gimbal - Flycam - Ph\u1ee5 ki\u1ec7n\",\"description\":\"Shop M\u00e1y \u1ea3nh - Action Camera - Gimbal - Flycam - Ph\u1ee5 ki\u1ec7n\",\"publisher\":{\"@id\":\"https:\/\/phukienflytech.vn\/#organization\"},\"potentialAction\":[{\"@type\":\"SearchAction\",\"target\":{\"@type\":\"EntryPoint\",\"urlTemplate\":\"https:\/\/phukienflytech.vn\/?s={search_term_string}\"},\"query-input\":{\"@type\":\"PropertyValueSpecification\",\"valueRequired\":true,\"valueName\":\"search_term_string\"}}],\"inLanguage\":\"en-US\"},{\"@type\":\"Organization\",\"@id\":\"https:\/\/phukienflytech.vn\/#organization\",\"name\":\"DJI Store - Shop Drone, Action camera, Gimbal DJI |Phukienflytech\",\"alternateName\":\"DJI Store - Shop Drone, Action camera, Gimbal DJI |Phukienflytech\",\"url\":\"https:\/\/phukienflytech.vn\/\",\"logo\":{\"@type\":\"ImageObject\",\"inLanguage\":\"en-US\",\"@id\":\"https:\/\/phukienflytech.vn\/#\/schema\/logo\/image\/\",\"url\":\"https:\/\/phukienflytech.vn\/wp-content\/uploads\/2020\/05\/hAnh_nan.jpg1_.jpg\",\"contentUrl\":\"https:\/\/phukienflytech.vn\/wp-content\/uploads\/2020\/05\/hAnh_nan.jpg1_.jpg\",\"width\":800,\"height\":450,\"caption\":\"DJI Store - Shop Drone, Action camera, Gimbal DJI |Phukienflytech\"},\"image\":{\"@id\":\"https:\/\/phukienflytech.vn\/#\/schema\/logo\/image\/\"},\"sameAs\":[\"https:\/\/facebook.com\/phukienflycam\",\"https:\/\/www.youtube.com\/@phukienflytech\",\"https:\/\/www.tiktok.com\/@flytech.channel?fbclid=IwY2xjawGjg7BleHRuA2FlbQIxMAABHYVGmlXpuSMs0UB2zTpYvyT4GMVfN2qJa4urF4vkSQ6FAVBwXZtDP30qQA_aem_UwMiDcUvlEbd2tXAmsc8Og\"]}]}<\/script>\n<!-- \/ Yoast SEO plugin. -->","yoast_head_json":{"title":"Mavic 2 car charger - 3in1 - Mavic 2 accessory - Available","description":"Mavic 2 car charger - 3in1 is one of the most important accessory. Contact us to buy Mavic 2 car charger - 3in1 for best price...","robots":{"index":"index","follow":"follow","max-snippet":"max-snippet:-1","max-image-preview":"max-image-preview:large","max-video-preview":"max-video-preview:-1"},"canonical":"https:\/\/phukienflytech.vn\/en\/san-pham\/mavic-2-car-charger-3-in-1.html","og_locale":"en_US","og_type":"article","og_title":"Mavic 2 car charger - 3in1 - Mavic 2 accessory - Available","og_description":"Mavic 2 car charger - 3in1 is one of the most important accessory. Contact us to buy Mavic 2 car charger - 3in1 for best price...","og_url":"https:\/\/phukienflytech.vn\/en\/san-pham\/mavic-2-car-charger-3-in-1.html","og_site_name":"Shop M\u00e1y \u1ea3nh - Action Camera - Gimbal - Flycam - Ph\u1ee5 ki\u1ec7n","article_publisher":"https:\/\/facebook.com\/phukienflycam","article_modified_time":"2022-08-18T06:46:44+00:00","og_image":[{"width":1132,"height":1125,"url":"https:\/\/phukienflytech.vn\/wp-content\/uploads\/2020\/06\/sac-mavic-2-3-trong-1-1-1.png","type":"image\/png"}],"twitter_card":"summary_large_image","twitter_misc":{"Est. reading time":"2 minutes"},"schema":{"@context":"https:\/\/schema.org","@graph":[{"@type":"WebPage","@id":"https:\/\/phukienflytech.vn\/en\/san-pham\/mavic-2-car-charger-3-in-1.html","url":"https:\/\/phukienflytech.vn\/en\/san-pham\/mavic-2-car-charger-3-in-1.html","name":"Mavic 2 car charger - 3in1 - Mavic 2 accessory - Available","isPartOf":{"@id":"https:\/\/phukienflytech.vn\/#website"},"primaryImageOfPage":{"@id":"https:\/\/phukienflytech.vn\/en\/san-pham\/mavic-2-car-charger-3-in-1.html#primaryimage"},"image":{"@id":"https:\/\/phukienflytech.vn\/en\/san-pham\/mavic-2-car-charger-3-in-1.html#primaryimage"},"thumbnailUrl":"https:\/\/phukienflytech.vn\/wp-content\/uploads\/2020\/06\/sac-mavic-2-3-trong-1-1-1.png","datePublished":"2020-06-27T05:00:18+00:00","dateModified":"2022-08-18T06:46:44+00:00","description":"Mavic 2 car charger - 3in1 is one of the most important accessory. Contact us to buy Mavic 2 car charger - 3in1 for best price...","breadcrumb":{"@id":"https:\/\/phukienflytech.vn\/en\/san-pham\/mavic-2-car-charger-3-in-1.html#breadcrumb"},"inLanguage":"en-US","potentialAction":[{"@type":"ReadAction","target":["https:\/\/phukienflytech.vn\/en\/san-pham\/mavic-2-car-charger-3-in-1.html"]}]},{"@type":"ImageObject","inLanguage":"en-US","@id":"https:\/\/phukienflytech.vn\/en\/san-pham\/mavic-2-car-charger-3-in-1.html#primaryimage","url":"https:\/\/phukienflytech.vn\/wp-content\/uploads\/2020\/06\/sac-mavic-2-3-trong-1-1-1.png","contentUrl":"https:\/\/phukienflytech.vn\/wp-content\/uploads\/2020\/06\/sac-mavic-2-3-trong-1-1-1.png","width":1132,"height":1125},{"@type":"BreadcrumbList","@id":"https:\/\/phukienflytech.vn\/en\/san-pham\/mavic-2-car-charger-3-in-1.html#breadcrumb","itemListElement":[{"@type":"ListItem","position":1,"name":"Home","item":"https:\/\/phukienflytech.vn\/en"},{"@type":"ListItem","position":2,"name":"Ph\u1ee5 ki\u1ec7n Mavic Pro","item":"https:\/\/phukienflytech.vn\/en\/phu-kien-mavic-pro.html"},{"@type":"ListItem","position":3,"name":"DJI Osmo &amp; Drone's accessories","item":"https:\/\/phukienflytech.vn\/en\/danh-muc\/dji-osmo-drones-accessories.html"},{"@type":"ListItem","position":4,"name":"Ph\u1ee5 ki\u1ec7n DJI Mavic 2","item":"https:\/\/phukienflytech.vn\/en\/danh-muc\/mavic-2s-accessory.html"},{"@type":"ListItem","position":5,"name":"Mavic 2 car charger &#8211; 3 in1 &#8211; Sunnylife"}]},{"@type":"WebSite","@id":"https:\/\/phukienflytech.vn\/#website","url":"https:\/\/phukienflytech.vn\/","name":"Shop M\u00e1y \u1ea3nh - Action Camera - Gimbal - Flycam - Ph\u1ee5 ki\u1ec7n","description":"Shop M\u00e1y \u1ea3nh - Action Camera - Gimbal - Flycam - Ph\u1ee5 ki\u1ec7n","publisher":{"@id":"https:\/\/phukienflytech.vn\/#organization"},"potentialAction":[{"@type":"SearchAction","target":{"@type":"EntryPoint","urlTemplate":"https:\/\/phukienflytech.vn\/?s={search_term_string}"},"query-input":{"@type":"PropertyValueSpecification","valueRequired":true,"valueName":"search_term_string"}}],"inLanguage":"en-US"},{"@type":"Organization","@id":"https:\/\/phukienflytech.vn\/#organization","name":"DJI Store - Shop Drone, Action camera, Gimbal DJI |Phukienflytech","alternateName":"DJI Store - Shop Drone, Action camera, Gimbal DJI |Phukienflytech","url":"https:\/\/phukienflytech.vn\/","logo":{"@type":"ImageObject","inLanguage":"en-US","@id":"https:\/\/phukienflytech.vn\/#\/schema\/logo\/image\/","url":"https:\/\/phukienflytech.vn\/wp-content\/uploads\/2020\/05\/hAnh_nan.jpg1_.jpg","contentUrl":"https:\/\/phukienflytech.vn\/wp-content\/uploads\/2020\/05\/hAnh_nan.jpg1_.jpg","width":800,"height":450,"caption":"DJI Store - Shop Drone, Action camera, Gimbal DJI |Phukienflytech"},"image":{"@id":"https:\/\/phukienflytech.vn\/#\/schema\/logo\/image\/"},"sameAs":["https:\/\/facebook.com\/phukienflycam","https:\/\/www.youtube.com\/@phukienflytech","https:\/\/www.tiktok.com\/@flytech.channel?fbclid=IwY2xjawGjg7BleHRuA2FlbQIxMAABHYVGmlXpuSMs0UB2zTpYvyT4GMVfN2qJa4urF4vkSQ6FAVBwXZtDP30qQA_aem_UwMiDcUvlEbd2tXAmsc8Og"]}]}},"_links":{"self":[{"href":"https:\/\/phukienflytech.vn\/en\/wp-json\/wp\/v2\/product\/1467","targetHints":{"allow":["GET"]}}],"collection":[{"href":"https:\/\/phukienflytech.vn\/en\/wp-json\/wp\/v2\/product"}],"about":[{"href":"https:\/\/phukienflytech.vn\/en\/wp-json\/wp\/v2\/types\/product"}],"replies":[{"embeddable":true,"href":"https:\/\/phukienflytech.vn\/en\/wp-json\/wp\/v2\/comments?post=1467"}],"wp:featuredmedia":[{"embeddable":true,"href":"https:\/\/phukienflytech.vn\/en\/wp-json\/wp\/v2\/media\/37966"}],"wp:attachment":[{"href":"https:\/\/phukienflytech.vn\/en\/wp-json\/wp\/v2\/media?parent=1467"}],"wp:term":[{"taxonomy":"product_brand","embeddable":true,"href":"https:\/\/phukienflytech.vn\/en\/wp-json\/wp\/v2\/product_brand?post=1467"},{"taxonomy":"product_cat","embeddable":true,"href":"https:\/\/phukienflytech.vn\/en\/wp-json\/wp\/v2\/product_cat?post=1467"},{"taxonomy":"product_tag","embeddable":true,"href":"https:\/\/phukienflytech.vn\/en\/wp-json\/wp\/v2\/product_tag?post=1467"}],"curies":[{"name":"wp","href":"https:\/\/api.w.org\/{rel}","templated":true}]}}