{"id":1480,"date":"2020-06-22T15:29:40","date_gmt":"2020-06-22T08:29:40","guid":{"rendered":"http:\/\/27430.lamdx.vinawebsite.vn\/san-pham\/kep-giu-phone-mavic-pro-seri-spark.html"},"modified":"2022-08-18T14:11:30","modified_gmt":"2022-08-18T07:11:30","slug":"smart-phone-holder-for-mavic-spark","status":"publish","type":"product","link":"https:\/\/phukienflytech.vn\/en\/san-pham\/smart-phone-holder-for-mavic-spark.html","title":{"rendered":"Smart phone holder for Mavic Spark series"},"content":{"rendered":"<h2><span style=\"color: #0000ff;\"><em><strong>Smart phone holder for Mavic Spark<\/strong><\/em><\/span><\/h2>\n<p>&nbsp;<\/p>\n<p><span style=\"font-size: 18px;\">Smart phone holder for Mavic Spark<\/span><\/p>\n<p><span style=\"font-size: 18px;\">H\u00e3ng DJI lu\u00f4n mu\u1ed1n t\u1ed1i gi\u1ea3n h\u00f3a k\u00edch th\u01b0\u1edbc c\u0169ng nh\u01b0 s\u1ef1 g\u1ecdn nh\u1eb9 c\u1ee7a s\u1ea3n ph\u1ea9m c\u1ea3 trong khi di chuy\u1ec3n l\u1eabn khi s\u1eed d\u1ee5ng. Tuy v\u1eady, v\u1edbi vi\u1ec7c t\u1ed1i gi\u1ea3n h\u00f3a v\u00e0 vi\u1ec7c s\u1eed d\u1ee5ng 2 g\u1ecdng k\u1eb9p \u1edf ph\u00eda d\u01b0\u1edbi sau c\u1ee7a chi\u1ebfc tay khi\u1ec3n d\u1eabn t\u1edbi m\u1ed9t s\u1ed1 b\u1ea5t ti\u1ec7n, \u0111\u1eb7c bi\u1ec7t l\u00e0 v\u1edbi nh\u1eefng\u00a0 Pilot c\u00f3 th\u00f3i quen s\u1eed d\u1ee5ng Phantom.<\/span><\/p>\n<p>&nbsp;<\/p>\n<h2><span style=\"font-size: 18px; color: #0000ff;\"><strong><img loading=\"lazy\" decoding=\"async\" class=\"alignnone size-full wp-image-12801\" src=\"https:\/\/phukienflytech.vn\/wp-content\/uploads\/2020\/05\/kep-giu-phone-mavic-pro-seri-spark-1469-5.jpg\" alt=\"\" width=\"450\" height=\"236\" \/><\/strong><\/span><\/h2>\n<p>&nbsp;<\/p>\n<p><span style=\"font-size: 18px;\">\u0110\u01b0\u1ee3c thi\u1ebft k\u1ebf v\u1edbi m\u1ee5c \u0111\u00edch t\u1ea1o s\u1ef1 thu\u1eadn ti\u1ec7n c\u0169ng nh\u01b0 \u0111\u1ec3 support cho chi\u1ebfc Smart phone trong su\u1ed1t qu\u00e1 tr\u00ecnh s\u1eed d\u1ee5ng. \u0110\u1ed1i v\u1edbi nh\u1eefng Pilot c\u00f3 nhu c\u1ea7u s\u1eed d\u1ee5ng m\u00e1y t\u00ednh b\u1ea3ng, Ipad.. c\u00f3 k\u00edch th\u01b0\u1edbc m\u00e0n h\u00ecnh l\u1edbn h\u01a1n 6 inch th\u00ec l\u1ef1a ch\u1ecdn s\u1eed d\u1ee5ng chi\u1ebfc\u00a0<a href=\"http:\/\/phukienflytech.vn\/san-pham\/kep-giu-ipad-mavic-pro-spark.html\" target=\"_blank\" rel=\"noopener noreferrer\">K\u1eb9p Tablet cho Mavic pro\/ Spark<\/a> l\u00e0 t\u1ed1i \u01b0u nh\u1ea5t. C\u00f2n b\u1ea1n, n\u1ebfu ch\u1ec9 nhu c\u1ea7u l\u00e0 s\u1eed d\u1ee5ng chi\u1ebfc Smartphone th\u00ec h\u00e3y l\u1ef1a ngay <strong><em><span style=\"text-decoration: underline;\">k\u1eb9p \u0111i\u1ec7n tho\u1ea1i Mavic Spark<\/span> <\/em><\/strong>\u00a0n\u00e0y<\/span><\/p>\n<p>&nbsp;<\/p>\n<h2><span style=\"font-size: 18px; color: #0000ff;\"><strong><img loading=\"lazy\" decoding=\"async\" class=\"alignnone wp-image-12803 size-medium\" src=\"https:\/\/phukienflytech.vn\/wp-content\/uploads\/2020\/05\/kep-giu-phone-mavic-pro-seri-spark-1469-1-2-400x400.jpg\" alt=\"Smart-phone-holder-for-Mavic-Spark\" width=\"400\" height=\"400\" srcset=\"https:\/\/phukienflytech.vn\/wp-content\/uploads\/2020\/05\/kep-giu-phone-mavic-pro-seri-spark-1469-1-2.jpg 400w, https:\/\/phukienflytech.vn\/wp-content\/uploads\/2020\/05\/kep-giu-phone-mavic-pro-seri-spark-1469-1-2-280x280.jpg 280w, https:\/\/phukienflytech.vn\/wp-content\/uploads\/2020\/05\/kep-giu-phone-mavic-pro-seri-spark-1469-1-2-300x300.jpg 300w, https:\/\/phukienflytech.vn\/wp-content\/uploads\/2020\/05\/kep-giu-phone-mavic-pro-seri-spark-1469-1-2-100x100.jpg 100w\" sizes=\"auto, (max-width: 400px) 100vw, 400px\" \/><\/strong><\/span><\/h2>\n<p>&nbsp;<\/p>\n<p><span style=\"font-size: 18px;\">Do v\u1eady, nh\u00e0 s\u1ea3n xu\u1ea5t Sunnylife \u0111\u00e3 thi\u1ebft k\u1ebf ra chi\u1ebfc k\u1eb9p nh\u1eb1m th\u1ecfa m\u00e3n c\u0169ng nh\u01b0 t\u0103ng t\u00ednh thu\u1eadn ti\u1ec7n cho Pilot trong su\u1ed1t qu\u00e1 tr\u00ecnh \u0111i\u1ec1u khi\u1ec3n b\u1eb1ng b\u1ed9 <strong><span style=\"text-decoration: underline;\">k\u1eb9p \u0111i\u1ec7n tho\u1ea1i Mavic Spark<\/span><\/strong> m\u1edbi n\u00e0y<\/span><\/p>\n<p>&nbsp;<\/p>\n<h2><span style=\"font-size: 18px; color: #0000ff;\"><strong><img loading=\"lazy\" decoding=\"async\" class=\"alignnone wp-image-12805 size-medium\" src=\"https:\/\/phukienflytech.vn\/wp-content\/uploads\/2020\/05\/kep-giu-phone-mavic-pro-seri-spark-1469-2-2-400x400.jpg\" alt=\"Smart-phone-holder-for-Mavic-Spark-6\" width=\"400\" height=\"400\" srcset=\"https:\/\/phukienflytech.vn\/wp-content\/uploads\/2020\/05\/kep-giu-phone-mavic-pro-seri-spark-1469-2-2.jpg 400w, https:\/\/phukienflytech.vn\/wp-content\/uploads\/2020\/05\/kep-giu-phone-mavic-pro-seri-spark-1469-2-2-280x280.jpg 280w, https:\/\/phukienflytech.vn\/wp-content\/uploads\/2020\/05\/kep-giu-phone-mavic-pro-seri-spark-1469-2-2-300x300.jpg 300w, https:\/\/phukienflytech.vn\/wp-content\/uploads\/2020\/05\/kep-giu-phone-mavic-pro-seri-spark-1469-2-2-100x100.jpg 100w\" sizes=\"auto, (max-width: 400px) 100vw, 400px\" \/><\/strong><\/span><\/h2>\n<p>&nbsp;<\/p>\n<p><span style=\"font-size: 18px;\">Ch\u1ea5t li\u1ec7u:\u00a0 nh\u1ef1a in 3D + cao su b\u1ecdc tr\u00e1nh x\u01b0\u1edbc x\u00e1t<\/span><\/p>\n<p><span style=\"font-size: 18px;\">K\u00edch th\u01b0\u1edbc h\u1ed7 tr\u1ee3: C\u00e1c d\u00f2ng Smartphone c\u00f3 \u0111\u1ed9 r\u1ed9ng nh\u1ecf h\u01a1n 8.5 cm<\/span><\/p>\n<p><span style=\"font-size: 18px;\"><img loading=\"lazy\" decoding=\"async\" src=\"https:\/\/phukienflytech.vn\/wp-content\/uploads\/2020\/05\/kep-giu-phone-mavic-pro-seri-spark-1469-2.jpg_2.jpg\" alt=\"\" width=\"400\" height=\"400\" \/><\/span><\/p>\n<p><span style=\"font-size: 18px;\">&#8211; R\u1ea5t d\u1ec5 th\u00e1o l\u1eafp m\u00e0 kh\u00f4ng \u1ea3nh h\u01b0\u1edfng t\u1edbi b\u1ea5t k\u1ef3 ho\u1ea1t \u0111\u1ed9ng, h\u00ecnh th\u1ee9c b\u1ed9 ph\u1eadn n\u00e0o.<\/span><\/p>\n<p><span style=\"font-size: 18px;\">H\u00e3y \u0111\u1ec3\u00a0<a href=\"https:\/\/facebook.com\/phukienflycam\/\" target=\"_blank\" rel=\"noopener noreferrer\">Ph\u1ee5 Ki\u1ec7n Fly-cam Gi\u00e1 T\u1ed1t<\/a>\u00a0ti\u1ebfp s\u1ee9c \u0111am m\u00ea, c\u00f4ng vi\u1ec7c c\u1ee7a b\u1ea1n, gi\u00fap b\u1ea1n th\u00eam ni\u1ec1m h\u1ee9ng kh\u1edfi trong \u0111am m\u00ea c\u0169ng nh\u01b0 c\u00f4ng vi\u1ec7c c\u1ee7a m\u00ecnh th\u00eam su\u00f4n s\u1ebb v\u00e0 c\u00f3 nh\u1eefng chuy\u1ebfn bay an to\u00e0n<\/span><\/p>\n<p><span style=\"font-size: 18px;\">Nh\u00e0 s\u1ea3n xu\u1ea5t : Sunnylife \u2013 l\u00e0 m\u1ed9t trong nh\u1eefng Vendor cung c\u1ea5p c\u00e1c ph\u1ee5 ki\u1ec7n, linh ki\u1ec7n thay th\u1ebf cho DJI Flycam.<\/span><\/p>\n<p>&nbsp;<\/p>\n","protected":false},"excerpt":{"rendered":"<p>Smart phone holder for Mavic Spark &nbsp; Smart phone holder for Mavic Spark H\u00e3ng DJI lu\u00f4n mu\u1ed1n t\u1ed1i gi\u1ea3n h\u00f3a k\u00edch th\u01b0\u1edbc c\u0169ng nh\u01b0 s\u1ef1 g\u1ecdn nh\u1eb9 c\u1ee7a s\u1ea3n ph\u1ea9m c\u1ea3 trong khi di chuy\u1ec3n l\u1eabn khi s\u1eed d\u1ee5ng. Tuy v\u1eady, v\u1edbi vi\u1ec7c t\u1ed1i gi\u1ea3n h\u00f3a v\u00e0 vi\u1ec7c s\u1eed d\u1ee5ng 2 g\u1ecdng k\u1eb9p \u1edf ph\u00eda &#8230;<\/p>\n","protected":false},"featured_media":1471,"comment_status":"open","ping_status":"closed","template":"","meta":{"_acf_changed":false},"product_brand":[],"product_cat":[177,184,180,181,178],"product_tag":[206,214,202],"class_list":{"0":"post-1480","1":"product","2":"type-product","3":"status-publish","4":"has-post-thumbnail","6":"product_cat-mavic-2s-accessory","7":"product_cat-spark-accessory","8":"product_cat-mavic-air-accessory","9":"product_cat-mavic-mini-accessory","10":"product_cat-mavic-pro-accessory","11":"product_tag-phu-kien-dji-en","12":"product_tag-phu-kien-dji-spark-en","13":"product_tag-phu-kien-mavic-en","15":"first","16":"instock","17":"shipping-taxable","18":"purchasable","19":"product-type-simple"},"acf":[],"yoast_head":"<!-- This site is optimized with the Yoast SEO plugin v25.7 - https:\/\/yoast.com\/wordpress\/plugins\/seo\/ -->\n<title>Smart phone holder for Mavic Spark - Mavic accessory - Available<\/title>\n<meta name=\"description\" content=\"Smart phone holder for Mavic Spark is one of the most important accessory. Contact us to buy Smart phone holder for Mavic Spark for best\" \/>\n<meta name=\"robots\" content=\"index, follow, max-snippet:-1, max-image-preview:large, max-video-preview:-1\" \/>\n<link rel=\"canonical\" href=\"https:\/\/phukienflytech.vn\/en\/san-pham\/smart-phone-holder-for-mavic-spark.html\" \/>\n<meta property=\"og:locale\" content=\"en_US\" \/>\n<meta property=\"og:type\" content=\"article\" \/>\n<meta property=\"og:title\" content=\"Smart phone holder for Mavic Spark - Mavic accessory - Available\" \/>\n<meta property=\"og:description\" content=\"Smart phone holder for Mavic Spark is one of the most important accessory. Contact us to buy Smart phone holder for Mavic Spark for best\" \/>\n<meta property=\"og:url\" content=\"https:\/\/phukienflytech.vn\/en\/san-pham\/smart-phone-holder-for-mavic-spark.html\" \/>\n<meta property=\"og:site_name\" content=\"Shop M\u00e1y \u1ea3nh - Action Camera - Gimbal - Flycam - Ph\u1ee5 ki\u1ec7n\" \/>\n<meta property=\"article:publisher\" content=\"https:\/\/facebook.com\/phukienflycam\" \/>\n<meta property=\"article:modified_time\" content=\"2022-08-18T07:11:30+00:00\" \/>\n<meta property=\"og:image\" content=\"https:\/\/phukienflytech.vn\/wp-content\/uploads\/2020\/05\/kep-dien-thoai-mavic-spark-air-pro-2-phu-kien-flycam-dji.jpg\" \/>\n\t<meta property=\"og:image:width\" content=\"900\" \/>\n\t<meta property=\"og:image:height\" content=\"900\" \/>\n\t<meta property=\"og:image:type\" content=\"image\/jpeg\" \/>\n<meta name=\"twitter:card\" content=\"summary_large_image\" \/>\n<meta name=\"twitter:label1\" content=\"Est. reading time\" \/>\n\t<meta name=\"twitter:data1\" content=\"2 minutes\" \/>\n<script type=\"application\/ld+json\" class=\"yoast-schema-graph\">{\"@context\":\"https:\/\/schema.org\",\"@graph\":[{\"@type\":\"WebPage\",\"@id\":\"https:\/\/phukienflytech.vn\/en\/san-pham\/smart-phone-holder-for-mavic-spark.html\",\"url\":\"https:\/\/phukienflytech.vn\/en\/san-pham\/smart-phone-holder-for-mavic-spark.html\",\"name\":\"Smart phone holder for Mavic Spark - Mavic accessory - Available\",\"isPartOf\":{\"@id\":\"https:\/\/phukienflytech.vn\/#website\"},\"primaryImageOfPage\":{\"@id\":\"https:\/\/phukienflytech.vn\/en\/san-pham\/smart-phone-holder-for-mavic-spark.html#primaryimage\"},\"image\":{\"@id\":\"https:\/\/phukienflytech.vn\/en\/san-pham\/smart-phone-holder-for-mavic-spark.html#primaryimage\"},\"thumbnailUrl\":\"https:\/\/phukienflytech.vn\/wp-content\/uploads\/2020\/05\/kep-dien-thoai-mavic-spark-air-pro-2-phu-kien-flycam-dji.jpg\",\"datePublished\":\"2020-06-22T08:29:40+00:00\",\"dateModified\":\"2022-08-18T07:11:30+00:00\",\"description\":\"Smart phone holder for Mavic Spark is one of the most important accessory. Contact us to buy Smart phone holder for Mavic Spark for best\",\"breadcrumb\":{\"@id\":\"https:\/\/phukienflytech.vn\/en\/san-pham\/smart-phone-holder-for-mavic-spark.html#breadcrumb\"},\"inLanguage\":\"en-US\",\"potentialAction\":[{\"@type\":\"ReadAction\",\"target\":[\"https:\/\/phukienflytech.vn\/en\/san-pham\/smart-phone-holder-for-mavic-spark.html\"]}]},{\"@type\":\"ImageObject\",\"inLanguage\":\"en-US\",\"@id\":\"https:\/\/phukienflytech.vn\/en\/san-pham\/smart-phone-holder-for-mavic-spark.html#primaryimage\",\"url\":\"https:\/\/phukienflytech.vn\/wp-content\/uploads\/2020\/05\/kep-dien-thoai-mavic-spark-air-pro-2-phu-kien-flycam-dji.jpg\",\"contentUrl\":\"https:\/\/phukienflytech.vn\/wp-content\/uploads\/2020\/05\/kep-dien-thoai-mavic-spark-air-pro-2-phu-kien-flycam-dji.jpg\",\"width\":900,\"height\":900},{\"@type\":\"BreadcrumbList\",\"@id\":\"https:\/\/phukienflytech.vn\/en\/san-pham\/smart-phone-holder-for-mavic-spark.html#breadcrumb\",\"itemListElement\":[{\"@type\":\"ListItem\",\"position\":1,\"name\":\"Home\",\"item\":\"https:\/\/phukienflytech.vn\/en\"},{\"@type\":\"ListItem\",\"position\":2,\"name\":\"Ph\u1ee5 ki\u1ec7n Mavic Pro\",\"item\":\"https:\/\/phukienflytech.vn\/en\/phu-kien-mavic-pro.html\"},{\"@type\":\"ListItem\",\"position\":3,\"name\":\"Ph\u1ee5 ki\u1ec7n DJI - Osmo\",\"item\":\"https:\/\/phukienflytech.vn\/danh-muc\/phu-kien-dji-osmo.html\"},{\"@type\":\"ListItem\",\"position\":4,\"name\":\"Ph\u1ee5 ki\u1ec7n DJI Mavic 2\",\"item\":\"https:\/\/phukienflytech.vn\/danh-muc\/phu-kien-mavic-2.html\"},{\"@type\":\"ListItem\",\"position\":5,\"name\":\"Smart phone holder for Mavic Spark series\"}]},{\"@type\":\"WebSite\",\"@id\":\"https:\/\/phukienflytech.vn\/#website\",\"url\":\"https:\/\/phukienflytech.vn\/\",\"name\":\"Shop M\u00e1y \u1ea3nh - Action Camera - Gimbal - Flycam - Ph\u1ee5 ki\u1ec7n\",\"description\":\"Shop M\u00e1y \u1ea3nh - Action Camera - Gimbal - Flycam - Ph\u1ee5 ki\u1ec7n\",\"publisher\":{\"@id\":\"https:\/\/phukienflytech.vn\/#organization\"},\"potentialAction\":[{\"@type\":\"SearchAction\",\"target\":{\"@type\":\"EntryPoint\",\"urlTemplate\":\"https:\/\/phukienflytech.vn\/?s={search_term_string}\"},\"query-input\":{\"@type\":\"PropertyValueSpecification\",\"valueRequired\":true,\"valueName\":\"search_term_string\"}}],\"inLanguage\":\"en-US\"},{\"@type\":\"Organization\",\"@id\":\"https:\/\/phukienflytech.vn\/#organization\",\"name\":\"DJI Store - Shop Drone, Action camera, Gimbal DJI |Phukienflytech\",\"alternateName\":\"DJI Store - Shop Drone, Action camera, Gimbal DJI |Phukienflytech\",\"url\":\"https:\/\/phukienflytech.vn\/\",\"logo\":{\"@type\":\"ImageObject\",\"inLanguage\":\"en-US\",\"@id\":\"https:\/\/phukienflytech.vn\/#\/schema\/logo\/image\/\",\"url\":\"https:\/\/phukienflytech.vn\/wp-content\/uploads\/2020\/05\/hAnh_nan.jpg1_.jpg\",\"contentUrl\":\"https:\/\/phukienflytech.vn\/wp-content\/uploads\/2020\/05\/hAnh_nan.jpg1_.jpg\",\"width\":800,\"height\":450,\"caption\":\"DJI Store - Shop Drone, Action camera, Gimbal DJI |Phukienflytech\"},\"image\":{\"@id\":\"https:\/\/phukienflytech.vn\/#\/schema\/logo\/image\/\"},\"sameAs\":[\"https:\/\/facebook.com\/phukienflycam\",\"https:\/\/www.youtube.com\/@phukienflytech\",\"https:\/\/www.tiktok.com\/@flytech.channel?fbclid=IwY2xjawGjg7BleHRuA2FlbQIxMAABHYVGmlXpuSMs0UB2zTpYvyT4GMVfN2qJa4urF4vkSQ6FAVBwXZtDP30qQA_aem_UwMiDcUvlEbd2tXAmsc8Og\"]}]}<\/script>\n<!-- \/ Yoast SEO plugin. -->","yoast_head_json":{"title":"Smart phone holder for Mavic Spark - Mavic accessory - Available","description":"Smart phone holder for Mavic Spark is one of the most important accessory. Contact us to buy Smart phone holder for Mavic Spark for best","robots":{"index":"index","follow":"follow","max-snippet":"max-snippet:-1","max-image-preview":"max-image-preview:large","max-video-preview":"max-video-preview:-1"},"canonical":"https:\/\/phukienflytech.vn\/en\/san-pham\/smart-phone-holder-for-mavic-spark.html","og_locale":"en_US","og_type":"article","og_title":"Smart phone holder for Mavic Spark - Mavic accessory - Available","og_description":"Smart phone holder for Mavic Spark is one of the most important accessory. Contact us to buy Smart phone holder for Mavic Spark for best","og_url":"https:\/\/phukienflytech.vn\/en\/san-pham\/smart-phone-holder-for-mavic-spark.html","og_site_name":"Shop M\u00e1y \u1ea3nh - Action Camera - Gimbal - Flycam - Ph\u1ee5 ki\u1ec7n","article_publisher":"https:\/\/facebook.com\/phukienflycam","article_modified_time":"2022-08-18T07:11:30+00:00","og_image":[{"width":900,"height":900,"url":"https:\/\/phukienflytech.vn\/wp-content\/uploads\/2020\/05\/kep-dien-thoai-mavic-spark-air-pro-2-phu-kien-flycam-dji.jpg","type":"image\/jpeg"}],"twitter_card":"summary_large_image","twitter_misc":{"Est. reading time":"2 minutes"},"schema":{"@context":"https:\/\/schema.org","@graph":[{"@type":"WebPage","@id":"https:\/\/phukienflytech.vn\/en\/san-pham\/smart-phone-holder-for-mavic-spark.html","url":"https:\/\/phukienflytech.vn\/en\/san-pham\/smart-phone-holder-for-mavic-spark.html","name":"Smart phone holder for Mavic Spark - Mavic accessory - Available","isPartOf":{"@id":"https:\/\/phukienflytech.vn\/#website"},"primaryImageOfPage":{"@id":"https:\/\/phukienflytech.vn\/en\/san-pham\/smart-phone-holder-for-mavic-spark.html#primaryimage"},"image":{"@id":"https:\/\/phukienflytech.vn\/en\/san-pham\/smart-phone-holder-for-mavic-spark.html#primaryimage"},"thumbnailUrl":"https:\/\/phukienflytech.vn\/wp-content\/uploads\/2020\/05\/kep-dien-thoai-mavic-spark-air-pro-2-phu-kien-flycam-dji.jpg","datePublished":"2020-06-22T08:29:40+00:00","dateModified":"2022-08-18T07:11:30+00:00","description":"Smart phone holder for Mavic Spark is one of the most important accessory. Contact us to buy Smart phone holder for Mavic Spark for best","breadcrumb":{"@id":"https:\/\/phukienflytech.vn\/en\/san-pham\/smart-phone-holder-for-mavic-spark.html#breadcrumb"},"inLanguage":"en-US","potentialAction":[{"@type":"ReadAction","target":["https:\/\/phukienflytech.vn\/en\/san-pham\/smart-phone-holder-for-mavic-spark.html"]}]},{"@type":"ImageObject","inLanguage":"en-US","@id":"https:\/\/phukienflytech.vn\/en\/san-pham\/smart-phone-holder-for-mavic-spark.html#primaryimage","url":"https:\/\/phukienflytech.vn\/wp-content\/uploads\/2020\/05\/kep-dien-thoai-mavic-spark-air-pro-2-phu-kien-flycam-dji.jpg","contentUrl":"https:\/\/phukienflytech.vn\/wp-content\/uploads\/2020\/05\/kep-dien-thoai-mavic-spark-air-pro-2-phu-kien-flycam-dji.jpg","width":900,"height":900},{"@type":"BreadcrumbList","@id":"https:\/\/phukienflytech.vn\/en\/san-pham\/smart-phone-holder-for-mavic-spark.html#breadcrumb","itemListElement":[{"@type":"ListItem","position":1,"name":"Home","item":"https:\/\/phukienflytech.vn\/en"},{"@type":"ListItem","position":2,"name":"Ph\u1ee5 ki\u1ec7n Mavic Pro","item":"https:\/\/phukienflytech.vn\/en\/phu-kien-mavic-pro.html"},{"@type":"ListItem","position":3,"name":"Ph\u1ee5 ki\u1ec7n DJI - Osmo","item":"https:\/\/phukienflytech.vn\/danh-muc\/phu-kien-dji-osmo.html"},{"@type":"ListItem","position":4,"name":"Ph\u1ee5 ki\u1ec7n DJI Mavic 2","item":"https:\/\/phukienflytech.vn\/danh-muc\/phu-kien-mavic-2.html"},{"@type":"ListItem","position":5,"name":"Smart phone holder for Mavic Spark series"}]},{"@type":"WebSite","@id":"https:\/\/phukienflytech.vn\/#website","url":"https:\/\/phukienflytech.vn\/","name":"Shop M\u00e1y \u1ea3nh - Action Camera - Gimbal - Flycam - Ph\u1ee5 ki\u1ec7n","description":"Shop M\u00e1y \u1ea3nh - Action Camera - Gimbal - Flycam - Ph\u1ee5 ki\u1ec7n","publisher":{"@id":"https:\/\/phukienflytech.vn\/#organization"},"potentialAction":[{"@type":"SearchAction","target":{"@type":"EntryPoint","urlTemplate":"https:\/\/phukienflytech.vn\/?s={search_term_string}"},"query-input":{"@type":"PropertyValueSpecification","valueRequired":true,"valueName":"search_term_string"}}],"inLanguage":"en-US"},{"@type":"Organization","@id":"https:\/\/phukienflytech.vn\/#organization","name":"DJI Store - Shop Drone, Action camera, Gimbal DJI |Phukienflytech","alternateName":"DJI Store - Shop Drone, Action camera, Gimbal DJI |Phukienflytech","url":"https:\/\/phukienflytech.vn\/","logo":{"@type":"ImageObject","inLanguage":"en-US","@id":"https:\/\/phukienflytech.vn\/#\/schema\/logo\/image\/","url":"https:\/\/phukienflytech.vn\/wp-content\/uploads\/2020\/05\/hAnh_nan.jpg1_.jpg","contentUrl":"https:\/\/phukienflytech.vn\/wp-content\/uploads\/2020\/05\/hAnh_nan.jpg1_.jpg","width":800,"height":450,"caption":"DJI Store - Shop Drone, Action camera, Gimbal DJI |Phukienflytech"},"image":{"@id":"https:\/\/phukienflytech.vn\/#\/schema\/logo\/image\/"},"sameAs":["https:\/\/facebook.com\/phukienflycam","https:\/\/www.youtube.com\/@phukienflytech","https:\/\/www.tiktok.com\/@flytech.channel?fbclid=IwY2xjawGjg7BleHRuA2FlbQIxMAABHYVGmlXpuSMs0UB2zTpYvyT4GMVfN2qJa4urF4vkSQ6FAVBwXZtDP30qQA_aem_UwMiDcUvlEbd2tXAmsc8Og"]}]}},"_links":{"self":[{"href":"https:\/\/phukienflytech.vn\/en\/wp-json\/wp\/v2\/product\/1480","targetHints":{"allow":["GET"]}}],"collection":[{"href":"https:\/\/phukienflytech.vn\/en\/wp-json\/wp\/v2\/product"}],"about":[{"href":"https:\/\/phukienflytech.vn\/en\/wp-json\/wp\/v2\/types\/product"}],"replies":[{"embeddable":true,"href":"https:\/\/phukienflytech.vn\/en\/wp-json\/wp\/v2\/comments?post=1480"}],"wp:featuredmedia":[{"embeddable":true,"href":"https:\/\/phukienflytech.vn\/en\/wp-json\/wp\/v2\/media\/1471"}],"wp:attachment":[{"href":"https:\/\/phukienflytech.vn\/en\/wp-json\/wp\/v2\/media?parent=1480"}],"wp:term":[{"taxonomy":"product_brand","embeddable":true,"href":"https:\/\/phukienflytech.vn\/en\/wp-json\/wp\/v2\/product_brand?post=1480"},{"taxonomy":"product_cat","embeddable":true,"href":"https:\/\/phukienflytech.vn\/en\/wp-json\/wp\/v2\/product_cat?post=1480"},{"taxonomy":"product_tag","embeddable":true,"href":"https:\/\/phukienflytech.vn\/en\/wp-json\/wp\/v2\/product_tag?post=1480"}],"curies":[{"name":"wp","href":"https:\/\/api.w.org\/{rel}","templated":true}]}}