{"id":1493,"date":"2020-06-16T16:11:19","date_gmt":"2020-06-16T09:11:19","guid":{"rendered":"http:\/\/27430.lamdx.vinawebsite.vn\/san-pham\/mod-song-spark-mavic-pro-seri-dang-cay.html"},"modified":"2021-03-27T19:39:29","modified_gmt":"2021-03-27T12:39:29","slug":"extension-booster-mavic-spark","status":"publish","type":"product","link":"https:\/\/phukienflytech.vn\/en\/san-pham\/extension-booster-mavic-spark.html","title":{"rendered":"Extension booster Mod for Mavic Spark series &#8211; Bar version"},"content":{"rendered":"<h2><span style=\"color: #0000ff;\"><em><strong><span style=\"font-size: 21px;\">Extension booster Mavic Spark<\/span><\/strong><\/em><\/span><\/h2>\n<p><span style=\"font-size: 18px;\">Extension booster Mavic Spark<\/span><\/p>\n<p><span style=\"font-size: 18px;\">N\u1ebfu ai y\u00eau th\u00edch chinh ph\u1ee5c kho\u1ea3ng c\u00e1ch bay c\u1ee7a chi\u1ebfc flycam Mavic pro\/ DJI Spark c\u1ee7a m\u00ecnh th\u00ec s\u1ebd kh\u00f4ng th\u1ec3 b\u1ecf l\u1ee1 b\u1ed9 <strong><span style=\"text-decoration: underline;\">K\u00edch s\u00f3ng mavic spark<\/span><\/strong> n\u00e0y. Bay xa h\u01a1n t\u1edbi 2500m &amp; 1600m so v\u1edbi b\u1ed9 g\u1ed1c d\u01b0\u1edbi d\u1ea1ng truy\u1ec1n khu\u1ebfch xung quanh.<\/span><\/p>\n<h2><span style=\"font-size: 18px; color: #0000ff;\"><strong><img loading=\"lazy\" decoding=\"async\" class=\"alignnone size-full wp-image-12793\" src=\"https:\/\/phukienflytech.vn\/wp-content\/uploads\/2020\/05\/mod-song-spark-mavic-pro-seri-dang-cay-1482-4.jpg\" alt=\"\" width=\"450\" height=\"253\" \/><\/strong><\/span><\/h2>\n<h3><span style=\"font-size: 18px;\"><em>H\u00ecnh \u1ea3nh truy\u1ec1n v\u1ec1 \u1edf \u0111\u1ed9 xa 13000ft (4000m) c\u1ee7a DJI Mavic pro<\/em><\/span><\/h3>\n<p><span style=\"font-size: 18px;\">T\u1ea1i sao B\u1ed9 mod s\u00f3ng n\u00e0y c\u0169ng ch\u1ec9 \u0111\u1ea1t \u0111\u1ed9 xa nh\u01b0\u00a0<em><strong><a href=\"http:\/\/phukienflytech.vn\/san-pham\/mod-song-spark-mavic-dang-tam.html\" target=\"_blank\" rel=\"noopener noreferrer\">B\u1ed9 k\u00edch s\u00f3ng MOD Mavic pro \/ DJI Spark \u2013 d\u1ea1ng T\u1ea5m\u00a0<\/a><\/strong><\/em>nh\u01b0ng l\u1ea1i c\u00f3 gi\u00e1 cao h\u01a1n t\u1edbi 10 USD. Ng\u01b0\u1eddi \u0111\u1eddi v\u1eabn n\u00f3i &#8221; Ti\u1ec1n sao c\u1ee7a v\u1eady&#8221;. Qu\u1ea3 kh\u00f4ng sai v\u00ec B\u1ed9 mod s\u00f3ng d\u1ea1ng c\u00e2y c\u00f3 kh\u1ea3 n\u0103ng truy\u1ec1n s\u00f3ng khu\u1ebfch \u0111\u1ea1i 360 \u0111\u1ed9. V\u1edbi c\u00f9ng m\u1ed9t t\u1ea7n s\u1ed1, v\u00e0 c\u00f9ng s\u1ee9c khu\u1ebfch \u0111\u1ea1i l\u00e0 nh\u01b0 nhau \u0111\u00f3 l\u00e0 \u0111i\u1ec1u m\u00e0 <a href=\"http:\/\/phukienflytech.vn\/san-pham\/mod-song-spark-mavic-dang-tam.html\" target=\"_blank\" rel=\"noopener noreferrer\"><strong><em>B\u1ed9 k\u00edch s\u00f3ng MOD Mavic pro \/ DJI Spark \u2013 d\u1ea1ng T\u1ea5m<\/em><\/strong>\u00a0<\/a>\u00a0ch\u1ec9 l\u00e0m \u0111\u01b0\u1ee3c trong ph\u1ea1m vi 60% l\u1ea5y tay khi\u1ec3n l\u00e0m t\u00e2m<em><br \/>\n<\/em><\/span><\/p>\n<p><span style=\"font-size: 18px;\">B\u1ed9 k\u00edch s\u00f3ng g\u1ed3m:<\/span><\/p>\n<p><span style=\"font-size: 18px;\"><img loading=\"lazy\" decoding=\"async\" class=\"alignnone\" src=\"https:\/\/phukienflytech.vn\/wp-content\/uploads\/2020\/05\/mod-song-spark-mavic-pro-seri-dang-cay-1482-1.jpg\" alt=\"K\u00edch-s\u00f3ng-mavic-spark-phu-kien-mavic-spark\" width=\"400\" height=\"349\" \/><\/span><\/p>\n<p><span style=\"font-size: 18px;\">+ 2 c\u00e2y anten s\u00f3ng t\u1ea7n s\u1ed1 2.4GHz\/5.8GHz \u00a0&#8211; 7dBi (kh\u00f4ng b\u1ecb nhi\u1ec5u s\u00f3ng).<\/span><\/p>\n<p><span style=\"font-size: 18px;\">+ \u0110\u1ea7u ch\u1ed1t k\u00e8m d\u00e2y c\u00e1p k\u1ebft n\u1ed1i anten.<\/span><\/p>\n<p><span style=\"font-size: 18px;\">+ C\u00e1c ph\u1ee5 t\u00f9ng h\u1ed7 tr\u1ee3 th\u00e1o l\u1eafp \u0111i\u1ec1u khi\u1ec3n.<\/span><\/p>\n<p><span style=\"font-size: 18px;\">&#8211; V\u1edbi kh\u1ea3 n\u0103ng c\u00f3 th\u1ebf khu\u1ebfch \u0111\u1ea1i s\u00f3ng truy\u1ec1n h\u00ecnh \u1ea3nh, s\u00f3ng \u0111i\u1ec1u ki\u1ec3n khi\u1ec3n.<\/span><\/p>\n<h2><span style=\"font-size: 18px; color: #0000ff;\"><strong><img loading=\"lazy\" decoding=\"async\" class=\"alignnone wp-image-12795 size-medium\" src=\"https:\/\/phukienflytech.vn\/wp-content\/uploads\/2020\/05\/mod-song-spark-mavic-pro-seri-dang-cay-1482-2-1-400x400.jpg\" alt=\"Extension-booster-Mavic-Spark-1\" width=\"400\" height=\"400\" srcset=\"https:\/\/phukienflytech.vn\/wp-content\/uploads\/2020\/05\/mod-song-spark-mavic-pro-seri-dang-cay-1482-2-1.jpg 400w, https:\/\/phukienflytech.vn\/wp-content\/uploads\/2020\/05\/mod-song-spark-mavic-pro-seri-dang-cay-1482-2-1-280x280.jpg 280w, https:\/\/phukienflytech.vn\/wp-content\/uploads\/2020\/05\/mod-song-spark-mavic-pro-seri-dang-cay-1482-2-1-300x300.jpg 300w, https:\/\/phukienflytech.vn\/wp-content\/uploads\/2020\/05\/mod-song-spark-mavic-pro-seri-dang-cay-1482-2-1-100x100.jpg 100w\" sizes=\"auto, (max-width: 400px) 100vw, 400px\" \/><\/strong><\/span><\/h2>\n<p><span style=\"font-size: 18px;\">+ \u0110\u1ed1i v\u1edbi Mavic pro: C\u00f3 th\u1ec3 \u0111\u1ea1t t\u0103ng th\u00eam 2500m so v\u1edbi b\u1ea3n g\u1ed1c<\/span><\/p>\n<p><span style=\"font-size: 18px;\">+ \u0110\u1ed1i v\u1edbi DJI Spark: C\u00f3 th\u1ec3 \u0111\u1ea1t th\u00eam 1600m so v\u1edbi b\u1ea3n g\u1ed1c<\/span><\/p>\n<p><span style=\"font-size: 18px;\">+ \u0110\u1ed1i v\u1edbi DJI Mavic air : \u0111\u1ea1t th\u00eam 1200m<\/span><\/p>\n<p><span style=\"font-size: 18px;\">Khi n\u00e0o b\u1ea1n n\u00ean ch\u1ecdn d\u1ea1ng c\u00e2y n\u00e0y m\u00e0 kh\u00f4ng ph\u1ea3i l\u00e0 2 anten t\u1ea5m d\u00e0i t\u01b0\u01a1ng t\u1ef1?<\/span><\/p>\n<p><span style=\"font-size: 18px;\">\u0110\u00f3 l\u00e0 khi b\u1ea1n c\u00f3 nhu c\u1ea7u bay th\u1eadt xa v\u00e0 \u0111\u1ed3ng th\u1eddi c\u0169ng c\u00f3 y\u00eau c\u1ea7u kh\u1eaft khe khi bay v\u1edbi m\u1ed9t l\u1ed9 tr\u00ecnh \u201cl\u00f2ng v\u00f2ng\u201d h\u01a1n, kh\u00f4ng bay theo m\u1ed9t \u0111\u01b0\u1eddng th\u1eb1ng. \u0110\u01b0\u1ee3c bay l\u1ec7ch t\u1ed1i \u0111a 360 \u0111\u1ed9 so v\u1edbi h\u01b0\u1edbng anten \u0111i\u1ec3m g\u1ed1c ban \u0111\u1ea7u. V\u1edbi b\u1ed9 MOD n\u00e0y b\u1ea1n c\u00f3 th\u1ec3 th\u1ecfa m\u00e3n c\u00e1c chuy\u1ec3n bay ph\u1ee9c t\u1ea1p h\u01a1n r\u1ea5t nhi\u1ec1u so v\u1edbi MOD s\u00f3ng t\u1ea5m b\u1ea3ng.<\/span><\/p>\n<h2><span style=\"font-size: 18px; color: #0000ff;\"><strong><img loading=\"lazy\" decoding=\"async\" class=\"alignnone wp-image-12797 size-medium\" src=\"https:\/\/phukienflytech.vn\/wp-content\/uploads\/2020\/05\/mod-song-spark-mavic-pro-seri-dang-cay-1482-3-1-400x400.jpg\" alt=\"Extension-booster-Mavic-Spark\" width=\"400\" height=\"400\" srcset=\"https:\/\/phukienflytech.vn\/wp-content\/uploads\/2020\/05\/mod-song-spark-mavic-pro-seri-dang-cay-1482-3-1.jpg 400w, https:\/\/phukienflytech.vn\/wp-content\/uploads\/2020\/05\/mod-song-spark-mavic-pro-seri-dang-cay-1482-3-1-280x280.jpg 280w, https:\/\/phukienflytech.vn\/wp-content\/uploads\/2020\/05\/mod-song-spark-mavic-pro-seri-dang-cay-1482-3-1-300x300.jpg 300w, https:\/\/phukienflytech.vn\/wp-content\/uploads\/2020\/05\/mod-song-spark-mavic-pro-seri-dang-cay-1482-3-1-100x100.jpg 100w\" sizes=\"auto, (max-width: 400px) 100vw, 400px\" \/><\/strong><\/span><\/h2>\n<p><span style=\"font-size: 18px;\">&#8211; R\u1ea5t d\u1ec5 thay th\u1ebf,\u00a0 v\u00e0 g\u1eafn v\u00e0o chi\u1ebfc \u0111i\u1ec1u khi\u1ec3n.<\/span><\/p>\n<p><span style=\"font-size: 18px;\">H\u00e3y \u0111\u1ec3\u00a0<strong><a href=\"https:\/\/facebook.com\/phukienflycam\/\" target=\"_blank\" rel=\"noopener noreferrer\">Ph\u1ee5 Ki\u1ec7n Fly-cam Gi\u00e1 T\u1ed1t<\/a>\u00a0<\/strong>ti\u1ebfp s\u1ee9c \u0111am m\u00ea, c\u00f4ng vi\u1ec7c c\u1ee7a b\u1ea1n, gi\u00fap b\u1ea1n th\u00eam ni\u1ec1m h\u1ee9ng kh\u1edfi trong \u0111am m\u00ea c\u0169ng nh\u01b0 c\u00f4ng vi\u1ec7c c\u1ee7a m\u00ecnh th\u00eam su\u00f4n s\u1ebb v\u00e0 c\u00f3 nh\u1eefng chuy\u1ebfn bay an to\u00e0n.<\/span><\/p>\n<p><span style=\"font-size: 18px;\">Nh\u00e0 s\u1ea3n xu\u1ea5t : ARGtek\u00a0<\/span><\/p>\n<p><span style=\"font-size: 18px;\">&gt;&gt; Contact us on: <a href=\"https:\/\/www.facebook.com\/phukienflycam\"><strong>Facebook<\/strong><\/a><\/span><\/p>\n<p><span style=\"font-size: 18px;\"><strong>&gt;&gt; <\/strong>Learn More : <a href=\"https:\/\/phukienflytech.vn\/danh-muc\/phu-kien-dji-spark.html\"><strong>DJI Spark Accessories<\/strong><\/a><\/span><\/p>\n","protected":false},"excerpt":{"rendered":"<p>Extension booster Mavic Spark Extension booster Mavic Spark N\u1ebfu ai y\u00eau th\u00edch chinh ph\u1ee5c kho\u1ea3ng c\u00e1ch bay c\u1ee7a chi\u1ebfc flycam Mavic pro\/ DJI Spark c\u1ee7a m\u00ecnh th\u00ec s\u1ebd kh\u00f4ng th\u1ec3 b\u1ecf l\u1ee1 b\u1ed9 K\u00edch s\u00f3ng mavic spark n\u00e0y. Bay xa h\u01a1n t\u1edbi 2500m &amp; 1600m so v\u1edbi b\u1ed9 g\u1ed1c d\u01b0\u1edbi d\u1ea1ng truy\u1ec1n khu\u1ebfch xung quanh. &#8230;<\/p>\n","protected":false},"featured_media":1484,"comment_status":"open","ping_status":"closed","template":"","meta":{"_acf_changed":false},"product_brand":[],"product_cat":[177,184,180,181,178],"product_tag":[216,206,214,202],"class_list":{"0":"post-1493","1":"product","2":"type-product","3":"status-publish","4":"has-post-thumbnail","6":"product_cat-mavic-2s-accessory","7":"product_cat-spark-accessory","8":"product_cat-mavic-air-accessory","9":"product_cat-mavic-mini-accessory","10":"product_cat-mavic-pro-accessory","11":"product_tag-kich-song-maivc-en","12":"product_tag-phu-kien-dji-en","13":"product_tag-phu-kien-dji-spark-en","14":"product_tag-phu-kien-mavic-en","16":"first","17":"instock","18":"shipping-taxable","19":"purchasable","20":"product-type-simple"},"acf":[],"yoast_head":"<!-- This site is optimized with the Yoast SEO plugin v25.7 - https:\/\/yoast.com\/wordpress\/plugins\/seo\/ -->\n<title>Extension booster Mavic Spark - ARGtek\u00a0 - Spark accessory - available.<\/title>\n<meta name=\"description\" content=\"Extension booster Mavic Spark is one of the most important accessory. Contact us to buy Extension booster Mavic Spark for best price.\" \/>\n<meta name=\"robots\" content=\"index, follow, max-snippet:-1, max-image-preview:large, max-video-preview:-1\" \/>\n<link rel=\"canonical\" href=\"https:\/\/phukienflytech.vn\/en\/san-pham\/extension-booster-mavic-spark.html\" \/>\n<meta property=\"og:locale\" content=\"en_US\" \/>\n<meta property=\"og:type\" content=\"article\" \/>\n<meta property=\"og:title\" content=\"Extension booster Mavic Spark - ARGtek\u00a0 - Spark accessory - available.\" \/>\n<meta property=\"og:description\" content=\"Extension booster Mavic Spark is one of the most important accessory. Contact us to buy Extension booster Mavic Spark for best price.\" \/>\n<meta property=\"og:url\" content=\"https:\/\/phukienflytech.vn\/en\/san-pham\/extension-booster-mavic-spark.html\" \/>\n<meta property=\"og:site_name\" content=\"Shop M\u00e1y \u1ea3nh - Action Camera - Gimbal - Flycam - Ph\u1ee5 ki\u1ec7n\" \/>\n<meta property=\"article:publisher\" content=\"https:\/\/facebook.com\/phukienflycam\" \/>\n<meta property=\"article:modified_time\" content=\"2021-03-27T12:39:29+00:00\" \/>\n<meta property=\"og:image\" content=\"https:\/\/phukienflytech.vn\/wp-content\/uploads\/2020\/05\/Mod-s\u00f3ng-mavic-spark-c\u00e2y-phu-kien-flycam-mavic-spark-air-2.png\" \/>\n\t<meta property=\"og:image:width\" content=\"900\" \/>\n\t<meta property=\"og:image:height\" content=\"900\" \/>\n\t<meta property=\"og:image:type\" content=\"image\/png\" \/>\n<meta name=\"twitter:card\" content=\"summary_large_image\" \/>\n<meta name=\"twitter:label1\" content=\"Est. reading time\" \/>\n\t<meta name=\"twitter:data1\" content=\"3 minutes\" \/>\n<script type=\"application\/ld+json\" class=\"yoast-schema-graph\">{\"@context\":\"https:\/\/schema.org\",\"@graph\":[{\"@type\":\"WebPage\",\"@id\":\"https:\/\/phukienflytech.vn\/en\/san-pham\/extension-booster-mavic-spark.html\",\"url\":\"https:\/\/phukienflytech.vn\/en\/san-pham\/extension-booster-mavic-spark.html\",\"name\":\"Extension booster Mavic Spark - ARGtek\u00a0 - Spark accessory - available.\",\"isPartOf\":{\"@id\":\"https:\/\/phukienflytech.vn\/#website\"},\"primaryImageOfPage\":{\"@id\":\"https:\/\/phukienflytech.vn\/en\/san-pham\/extension-booster-mavic-spark.html#primaryimage\"},\"image\":{\"@id\":\"https:\/\/phukienflytech.vn\/en\/san-pham\/extension-booster-mavic-spark.html#primaryimage\"},\"thumbnailUrl\":\"https:\/\/phukienflytech.vn\/wp-content\/uploads\/2020\/05\/Mod-s\u00f3ng-mavic-spark-c\u00e2y-phu-kien-flycam-mavic-spark-air-2.png\",\"datePublished\":\"2020-06-16T09:11:19+00:00\",\"dateModified\":\"2021-03-27T12:39:29+00:00\",\"description\":\"Extension booster Mavic Spark is one of the most important accessory. Contact us to buy Extension booster Mavic Spark for best price.\",\"breadcrumb\":{\"@id\":\"https:\/\/phukienflytech.vn\/en\/san-pham\/extension-booster-mavic-spark.html#breadcrumb\"},\"inLanguage\":\"en-US\",\"potentialAction\":[{\"@type\":\"ReadAction\",\"target\":[\"https:\/\/phukienflytech.vn\/en\/san-pham\/extension-booster-mavic-spark.html\"]}]},{\"@type\":\"ImageObject\",\"inLanguage\":\"en-US\",\"@id\":\"https:\/\/phukienflytech.vn\/en\/san-pham\/extension-booster-mavic-spark.html#primaryimage\",\"url\":\"https:\/\/phukienflytech.vn\/wp-content\/uploads\/2020\/05\/Mod-s\u00f3ng-mavic-spark-c\u00e2y-phu-kien-flycam-mavic-spark-air-2.png\",\"contentUrl\":\"https:\/\/phukienflytech.vn\/wp-content\/uploads\/2020\/05\/Mod-s\u00f3ng-mavic-spark-c\u00e2y-phu-kien-flycam-mavic-spark-air-2.png\",\"width\":900,\"height\":900},{\"@type\":\"BreadcrumbList\",\"@id\":\"https:\/\/phukienflytech.vn\/en\/san-pham\/extension-booster-mavic-spark.html#breadcrumb\",\"itemListElement\":[{\"@type\":\"ListItem\",\"position\":1,\"name\":\"Home\",\"item\":\"https:\/\/phukienflytech.vn\/en\"},{\"@type\":\"ListItem\",\"position\":2,\"name\":\"Ph\u1ee5 ki\u1ec7n Mavic Pro\",\"item\":\"https:\/\/phukienflytech.vn\/en\/phu-kien-mavic-pro.html\"},{\"@type\":\"ListItem\",\"position\":3,\"name\":\"Ph\u1ee5 ki\u1ec7n DJI - Osmo\",\"item\":\"https:\/\/phukienflytech.vn\/danh-muc\/phu-kien-dji-osmo.html\"},{\"@type\":\"ListItem\",\"position\":4,\"name\":\"Ph\u1ee5 ki\u1ec7n DJI Mavic 2\",\"item\":\"https:\/\/phukienflytech.vn\/danh-muc\/phu-kien-mavic-2.html\"},{\"@type\":\"ListItem\",\"position\":5,\"name\":\"Extension booster Mod for Mavic Spark series &#8211; Bar version\"}]},{\"@type\":\"WebSite\",\"@id\":\"https:\/\/phukienflytech.vn\/#website\",\"url\":\"https:\/\/phukienflytech.vn\/\",\"name\":\"Shop M\u00e1y \u1ea3nh - Action Camera - Gimbal - Flycam - Ph\u1ee5 ki\u1ec7n\",\"description\":\"Shop M\u00e1y \u1ea3nh - Action Camera - Gimbal - Flycam - Ph\u1ee5 ki\u1ec7n\",\"publisher\":{\"@id\":\"https:\/\/phukienflytech.vn\/#organization\"},\"potentialAction\":[{\"@type\":\"SearchAction\",\"target\":{\"@type\":\"EntryPoint\",\"urlTemplate\":\"https:\/\/phukienflytech.vn\/?s={search_term_string}\"},\"query-input\":{\"@type\":\"PropertyValueSpecification\",\"valueRequired\":true,\"valueName\":\"search_term_string\"}}],\"inLanguage\":\"en-US\"},{\"@type\":\"Organization\",\"@id\":\"https:\/\/phukienflytech.vn\/#organization\",\"name\":\"DJI Store - Shop Drone, Action camera, Gimbal DJI |Phukienflytech\",\"alternateName\":\"DJI Store - Shop Drone, Action camera, Gimbal DJI |Phukienflytech\",\"url\":\"https:\/\/phukienflytech.vn\/\",\"logo\":{\"@type\":\"ImageObject\",\"inLanguage\":\"en-US\",\"@id\":\"https:\/\/phukienflytech.vn\/#\/schema\/logo\/image\/\",\"url\":\"https:\/\/phukienflytech.vn\/wp-content\/uploads\/2020\/05\/hAnh_nan.jpg1_.jpg\",\"contentUrl\":\"https:\/\/phukienflytech.vn\/wp-content\/uploads\/2020\/05\/hAnh_nan.jpg1_.jpg\",\"width\":800,\"height\":450,\"caption\":\"DJI Store - Shop Drone, Action camera, Gimbal DJI |Phukienflytech\"},\"image\":{\"@id\":\"https:\/\/phukienflytech.vn\/#\/schema\/logo\/image\/\"},\"sameAs\":[\"https:\/\/facebook.com\/phukienflycam\",\"https:\/\/www.youtube.com\/@phukienflytech\",\"https:\/\/www.tiktok.com\/@flytech.channel?fbclid=IwY2xjawGjg7BleHRuA2FlbQIxMAABHYVGmlXpuSMs0UB2zTpYvyT4GMVfN2qJa4urF4vkSQ6FAVBwXZtDP30qQA_aem_UwMiDcUvlEbd2tXAmsc8Og\"]}]}<\/script>\n<!-- \/ Yoast SEO plugin. -->","yoast_head_json":{"title":"Extension booster Mavic Spark - ARGtek\u00a0 - Spark accessory - available.","description":"Extension booster Mavic Spark is one of the most important accessory. Contact us to buy Extension booster Mavic Spark for best price.","robots":{"index":"index","follow":"follow","max-snippet":"max-snippet:-1","max-image-preview":"max-image-preview:large","max-video-preview":"max-video-preview:-1"},"canonical":"https:\/\/phukienflytech.vn\/en\/san-pham\/extension-booster-mavic-spark.html","og_locale":"en_US","og_type":"article","og_title":"Extension booster Mavic Spark - ARGtek\u00a0 - Spark accessory - available.","og_description":"Extension booster Mavic Spark is one of the most important accessory. Contact us to buy Extension booster Mavic Spark for best price.","og_url":"https:\/\/phukienflytech.vn\/en\/san-pham\/extension-booster-mavic-spark.html","og_site_name":"Shop M\u00e1y \u1ea3nh - Action Camera - Gimbal - Flycam - Ph\u1ee5 ki\u1ec7n","article_publisher":"https:\/\/facebook.com\/phukienflycam","article_modified_time":"2021-03-27T12:39:29+00:00","og_image":[{"width":900,"height":900,"url":"https:\/\/phukienflytech.vn\/wp-content\/uploads\/2020\/05\/Mod-s\u00f3ng-mavic-spark-c\u00e2y-phu-kien-flycam-mavic-spark-air-2.png","type":"image\/png"}],"twitter_card":"summary_large_image","twitter_misc":{"Est. reading time":"3 minutes"},"schema":{"@context":"https:\/\/schema.org","@graph":[{"@type":"WebPage","@id":"https:\/\/phukienflytech.vn\/en\/san-pham\/extension-booster-mavic-spark.html","url":"https:\/\/phukienflytech.vn\/en\/san-pham\/extension-booster-mavic-spark.html","name":"Extension booster Mavic Spark - ARGtek\u00a0 - Spark accessory - available.","isPartOf":{"@id":"https:\/\/phukienflytech.vn\/#website"},"primaryImageOfPage":{"@id":"https:\/\/phukienflytech.vn\/en\/san-pham\/extension-booster-mavic-spark.html#primaryimage"},"image":{"@id":"https:\/\/phukienflytech.vn\/en\/san-pham\/extension-booster-mavic-spark.html#primaryimage"},"thumbnailUrl":"https:\/\/phukienflytech.vn\/wp-content\/uploads\/2020\/05\/Mod-s\u00f3ng-mavic-spark-c\u00e2y-phu-kien-flycam-mavic-spark-air-2.png","datePublished":"2020-06-16T09:11:19+00:00","dateModified":"2021-03-27T12:39:29+00:00","description":"Extension booster Mavic Spark is one of the most important accessory. Contact us to buy Extension booster Mavic Spark for best price.","breadcrumb":{"@id":"https:\/\/phukienflytech.vn\/en\/san-pham\/extension-booster-mavic-spark.html#breadcrumb"},"inLanguage":"en-US","potentialAction":[{"@type":"ReadAction","target":["https:\/\/phukienflytech.vn\/en\/san-pham\/extension-booster-mavic-spark.html"]}]},{"@type":"ImageObject","inLanguage":"en-US","@id":"https:\/\/phukienflytech.vn\/en\/san-pham\/extension-booster-mavic-spark.html#primaryimage","url":"https:\/\/phukienflytech.vn\/wp-content\/uploads\/2020\/05\/Mod-s\u00f3ng-mavic-spark-c\u00e2y-phu-kien-flycam-mavic-spark-air-2.png","contentUrl":"https:\/\/phukienflytech.vn\/wp-content\/uploads\/2020\/05\/Mod-s\u00f3ng-mavic-spark-c\u00e2y-phu-kien-flycam-mavic-spark-air-2.png","width":900,"height":900},{"@type":"BreadcrumbList","@id":"https:\/\/phukienflytech.vn\/en\/san-pham\/extension-booster-mavic-spark.html#breadcrumb","itemListElement":[{"@type":"ListItem","position":1,"name":"Home","item":"https:\/\/phukienflytech.vn\/en"},{"@type":"ListItem","position":2,"name":"Ph\u1ee5 ki\u1ec7n Mavic Pro","item":"https:\/\/phukienflytech.vn\/en\/phu-kien-mavic-pro.html"},{"@type":"ListItem","position":3,"name":"Ph\u1ee5 ki\u1ec7n DJI - Osmo","item":"https:\/\/phukienflytech.vn\/danh-muc\/phu-kien-dji-osmo.html"},{"@type":"ListItem","position":4,"name":"Ph\u1ee5 ki\u1ec7n DJI Mavic 2","item":"https:\/\/phukienflytech.vn\/danh-muc\/phu-kien-mavic-2.html"},{"@type":"ListItem","position":5,"name":"Extension booster Mod for Mavic Spark series &#8211; Bar version"}]},{"@type":"WebSite","@id":"https:\/\/phukienflytech.vn\/#website","url":"https:\/\/phukienflytech.vn\/","name":"Shop M\u00e1y \u1ea3nh - Action Camera - Gimbal - Flycam - Ph\u1ee5 ki\u1ec7n","description":"Shop M\u00e1y \u1ea3nh - Action Camera - Gimbal - Flycam - Ph\u1ee5 ki\u1ec7n","publisher":{"@id":"https:\/\/phukienflytech.vn\/#organization"},"potentialAction":[{"@type":"SearchAction","target":{"@type":"EntryPoint","urlTemplate":"https:\/\/phukienflytech.vn\/?s={search_term_string}"},"query-input":{"@type":"PropertyValueSpecification","valueRequired":true,"valueName":"search_term_string"}}],"inLanguage":"en-US"},{"@type":"Organization","@id":"https:\/\/phukienflytech.vn\/#organization","name":"DJI Store - Shop Drone, Action camera, Gimbal DJI |Phukienflytech","alternateName":"DJI Store - Shop Drone, Action camera, Gimbal DJI |Phukienflytech","url":"https:\/\/phukienflytech.vn\/","logo":{"@type":"ImageObject","inLanguage":"en-US","@id":"https:\/\/phukienflytech.vn\/#\/schema\/logo\/image\/","url":"https:\/\/phukienflytech.vn\/wp-content\/uploads\/2020\/05\/hAnh_nan.jpg1_.jpg","contentUrl":"https:\/\/phukienflytech.vn\/wp-content\/uploads\/2020\/05\/hAnh_nan.jpg1_.jpg","width":800,"height":450,"caption":"DJI Store - Shop Drone, Action camera, Gimbal DJI |Phukienflytech"},"image":{"@id":"https:\/\/phukienflytech.vn\/#\/schema\/logo\/image\/"},"sameAs":["https:\/\/facebook.com\/phukienflycam","https:\/\/www.youtube.com\/@phukienflytech","https:\/\/www.tiktok.com\/@flytech.channel?fbclid=IwY2xjawGjg7BleHRuA2FlbQIxMAABHYVGmlXpuSMs0UB2zTpYvyT4GMVfN2qJa4urF4vkSQ6FAVBwXZtDP30qQA_aem_UwMiDcUvlEbd2tXAmsc8Og"]}]}},"_links":{"self":[{"href":"https:\/\/phukienflytech.vn\/en\/wp-json\/wp\/v2\/product\/1493","targetHints":{"allow":["GET"]}}],"collection":[{"href":"https:\/\/phukienflytech.vn\/en\/wp-json\/wp\/v2\/product"}],"about":[{"href":"https:\/\/phukienflytech.vn\/en\/wp-json\/wp\/v2\/types\/product"}],"replies":[{"embeddable":true,"href":"https:\/\/phukienflytech.vn\/en\/wp-json\/wp\/v2\/comments?post=1493"}],"wp:featuredmedia":[{"embeddable":true,"href":"https:\/\/phukienflytech.vn\/en\/wp-json\/wp\/v2\/media\/1484"}],"wp:attachment":[{"href":"https:\/\/phukienflytech.vn\/en\/wp-json\/wp\/v2\/media?parent=1493"}],"wp:term":[{"taxonomy":"product_brand","embeddable":true,"href":"https:\/\/phukienflytech.vn\/en\/wp-json\/wp\/v2\/product_brand?post=1493"},{"taxonomy":"product_cat","embeddable":true,"href":"https:\/\/phukienflytech.vn\/en\/wp-json\/wp\/v2\/product_cat?post=1493"},{"taxonomy":"product_tag","embeddable":true,"href":"https:\/\/phukienflytech.vn\/en\/wp-json\/wp\/v2\/product_tag?post=1493"}],"curies":[{"name":"wp","href":"https:\/\/api.w.org\/{rel}","templated":true}]}}