{"id":1505,"date":"2020-06-16T16:32:26","date_gmt":"2020-06-16T09:32:26","guid":{"rendered":"http:\/\/27430.lamdx.vinawebsite.vn\/san-pham\/mod-song-spark-mavic-pro-seri-dang-tam.html"},"modified":"2021-03-27T19:39:48","modified_gmt":"2021-03-27T12:39:48","slug":"extension-booster-mavic-spark-2","status":"publish","type":"product","link":"https:\/\/phukienflytech.vn\/en\/san-pham\/extension-booster-mavic-spark-2.html","title":{"rendered":"Extension booster Mod for Mavic Spark series &#8211; Pannel version"},"content":{"rendered":"<h2><span style=\"color: #0000ff;\"><em><strong><span style=\"font-size: 21px;\">Extension booster Mavic Spark<\/span><\/strong><\/em><\/span><\/h2>\n<p><span style=\"font-size: 18px;\">Extension booster Mavic Spark<\/span><\/p>\n<p><span style=\"font-size: 18px;\">N\u1ebfu ai y\u00eau th\u00edch chinh ph\u1ee5c kho\u1ea3ng c\u00e1ch bay c\u1ee7a chi\u1ebfc flycam Mavic pro\/ DJI Spark c\u1ee7a m\u00ecnh th\u00ec s\u1ebd kh\u00f4ng th\u1ec3 b\u1ecf l\u1ee1 b\u1ed9 <strong><em>k\u00edch s\u00f3ng mavic pro spark<\/em><\/strong>\u00a0n\u00e0y. Bay xa h\u01a1n t\u1edbi 2500m &amp; 1800m so v\u1edbi b\u1ed9 g\u1ed1c d\u01b0\u1edbi d\u1ea1ng truy\u1ec1n th\u1eb3ng ( kh\u00f4ng bay v\u00f2ng tr\u00f2n )<\/span><\/p>\n<h2><span style=\"font-size: 18px; color: #0000ff;\"><strong><img loading=\"lazy\" decoding=\"async\" class=\"alignnone size-full wp-image-12785\" src=\"https:\/\/phukienflytech.vn\/wp-content\/uploads\/2020\/05\/mod-song-spark-mavic-pro-seri-dang-tam-1494-4.jpg\" alt=\"\" width=\"450\" height=\"253\" \/><\/strong><\/span><\/h2>\n<p><span style=\"font-size: 18px;\"><em>H\u00ecnh \u1ea3nh truy\u1ec1n v\u1ec1 \u1edf \u0111\u1ed9 xa 13000ft (4000m) c\u1ee7a DJI Mavic pro<\/em><\/span><\/p>\n<p><span style=\"font-size: 18px;\">Nh\u1eefng ai y\u00eau th\u00edch chinh ph\u1ee5c kho\u1ea3ng c\u00e1ch bay v\u00e0 lu\u00f4n mu\u1ed1n ph\u00e1 gi\u1edbi h\u1ea1n m\u00e0 nh\u00e0 s\u1ea3n xu\u1ea5t m\u1eb7c \u0111\u1ecbnh th\u00ec <strong><em>k\u00edch s\u00f3ng mavic pro spark<\/em>\u2013 d\u1ea1ng T\u1ea5m\u00a0<\/strong>\u0111\u01b0\u1ee3c xem l\u00e0 m\u1ed9t v\u0169 kh\u00ed v\u00f4 c\u00f9ng l\u1ee3i h\u1ea1i gi\u00fap b\u1ea1n \u0111\u1ea1t \u0111\u01b0\u1ee3c mong mu\u1ed1n bay xa h\u01a1n, h\u00ecnh \u1ea3nh truy\u1ec1n v\u1ec1 \u1ed5n \u0111\u1ecbnh h\u01a1n.<\/span><\/p>\n<h2><span style=\"color: #0000ff; font-size: 21px;\"><strong>Extension booster Mavic Spark g\u1ed3m:<\/strong><\/span><\/h2>\n<h2><span style=\"font-size: 18px; color: #0000ff;\"><strong><img loading=\"lazy\" decoding=\"async\" class=\"alignnone size-medium wp-image-12787\" src=\"https:\/\/phukienflytech.vn\/wp-content\/uploads\/2020\/05\/mod-song-spark-mavic-pro-seri-dang-tam-1494-1-1.jpg\" alt=\"\" width=\"400\" height=\"389\" \/><\/strong><\/span><\/h2>\n<p><span style=\"font-size: 18px;\">+ 2 t\u1ea5m t\u00e1n s\u00f3ng h\u00ecnh vu\u00f4ng t\u1ea7n s\u1ed1 2.4GHz\/5.8GHz \u00a0&#8211; 7dBi (kh\u00f4ng b\u1ecb nhi\u1ec5u s\u00f3ng)<\/span><\/p>\n<p><span style=\"font-size: 18px;\">+ \u0111\u1ea7u ch\u1ed1t k\u00e8m d\u00e2y c\u00e1p k\u1ebft n\u1ed1i anten<\/span><\/p>\n<p><span style=\"font-size: 18px;\">+ c\u00e1c ph\u1ee5 t\u00f9ng h\u1ed7 tr\u1ee3 th\u00e1o l\u1eafp \u0111i\u1ec1u khi\u1ec3n<\/span><\/p>\n<p><span style=\"font-size: 18px;\">&#8211; V\u1edbi kh\u1ea3 n\u0103ng c\u00f3 th\u1ebf khu\u1ebfch \u0111\u1ea1i s\u00f3ng truy\u1ec1n h\u00ecnh \u1ea3nh , s\u00f3ng \u0111i\u1ec1u ki\u1ec3n khi\u1ec3n h\u01b0\u1edbng truy\u1ec1n th\u1eb3ng t\u1eeb \u0111i\u1ec1u khi\u1ec3n t\u1edbi m\u00e1y bay<\/span><\/p>\n<h2><span style=\"font-size: 18px; color: #0000ff;\"><strong><img loading=\"lazy\" decoding=\"async\" class=\"alignnone wp-image-12789 size-medium\" src=\"https:\/\/phukienflytech.vn\/wp-content\/uploads\/2020\/05\/mod-song-spark-mavic-pro-seri-dang-tam-1494-2-1-400x400.jpg\" alt=\"Extension-booster-Mavic-Spark-1\" width=\"400\" height=\"400\" srcset=\"https:\/\/phukienflytech.vn\/wp-content\/uploads\/2020\/05\/mod-song-spark-mavic-pro-seri-dang-tam-1494-2-1.jpg 400w, https:\/\/phukienflytech.vn\/wp-content\/uploads\/2020\/05\/mod-song-spark-mavic-pro-seri-dang-tam-1494-2-1-280x280.jpg 280w, https:\/\/phukienflytech.vn\/wp-content\/uploads\/2020\/05\/mod-song-spark-mavic-pro-seri-dang-tam-1494-2-1-300x300.jpg 300w, https:\/\/phukienflytech.vn\/wp-content\/uploads\/2020\/05\/mod-song-spark-mavic-pro-seri-dang-tam-1494-2-1-100x100.jpg 100w\" sizes=\"auto, (max-width: 400px) 100vw, 400px\" \/><\/strong><\/span><\/h2>\n<p><span style=\"font-size: 18px;\">+ \u0110\u1ed1i v\u1edbi Mavic pro: C\u00f3 th\u1ec3 \u0111\u1ea1t t\u0103ng th\u00eam 2500m so v\u1edbi b\u1ea3n g\u1ed1c<\/span><\/p>\n<p><span style=\"font-size: 18px;\">+ \u0110\u1ed1i v\u1edbi DJI Spark: C\u00f3 th\u1ec3 \u0111\u1ea1t th\u00eam 1600m so v\u1edbi b\u1ea3n g\u1ed1c<\/span><\/p>\n<p><span style=\"font-size: 18px;\">Khi n\u00e0o b\u1ea1n n\u00ean ch\u1ecdn d\u1ea1ng t\u1ea5m b\u1ea3ng n\u00e0y m\u00e0 kh\u00f4ng ph\u1ea3i l\u00e0\u00a0<a href=\"http:\/\/phukienflytech.vn\/san-pham\/mod-song-spark-mavic-dang-cay.html\" target=\"_blank\" rel=\"noopener noreferrer\">B\u1ed9 k\u00edch s\u00f3ng MOD Mavic pro \/ DJI Spark \u2013 d\u1ea1ng C\u00e2y<\/a><\/span><\/p>\n<p><span style=\"font-size: 18px;\">\u0110\u00f3 l\u00e0 khi b\u1ea1n c\u00f3 nhu c\u1ea7u bay th\u1eadt xa v\u00e0 c\u00f3 d\u1ea1ng \u0111\u01b0\u1eddng bay th\u1eb3ng ho\u1eb7c t\u01b0\u01a1ng \u0111\u1ed1i th\u1eb3ng, kh\u00f4ng c\u00f3 nhu c\u1ea7u quay c\u00e1c th\u01b0\u1edbc film m\u00e0 ph\u1ea3i bay l\u00f2ng v\u00f2ng m\u00e0 ch\u1ec9 bay v\u1ec1 1 h\u01b0\u1edbng duy nh\u1ea5t (\u0111\u01b0\u1ee3c bay l\u1ec7ch t\u1ed1i \u0111a 60 \u0111\u1ed9 so v\u1edbi h\u01b0\u1edbng anten \u0111i\u1ec3m g\u1ed1c ban \u0111\u1ea7u) v\u00e0 b\u1ea1n mu\u1ed1n&#8230; ti\u1ebft ki\u1ec7m ti\u1ec1n h\u01a1n<\/span><\/p>\n<h2><span style=\"font-size: 18px; color: #0000ff;\"><strong><img loading=\"lazy\" decoding=\"async\" class=\"alignnone wp-image-12791 size-medium\" src=\"https:\/\/phukienflytech.vn\/wp-content\/uploads\/2020\/05\/mod-song-spark-mavic-pro-seri-dang-tam-1494-3-1-400x400.jpg\" alt=\"Extension-booster-Mavic-Spark\" width=\"400\" height=\"400\" srcset=\"https:\/\/phukienflytech.vn\/wp-content\/uploads\/2020\/05\/mod-song-spark-mavic-pro-seri-dang-tam-1494-3-1.jpg 400w, https:\/\/phukienflytech.vn\/wp-content\/uploads\/2020\/05\/mod-song-spark-mavic-pro-seri-dang-tam-1494-3-1-280x280.jpg 280w, https:\/\/phukienflytech.vn\/wp-content\/uploads\/2020\/05\/mod-song-spark-mavic-pro-seri-dang-tam-1494-3-1-300x300.jpg 300w, https:\/\/phukienflytech.vn\/wp-content\/uploads\/2020\/05\/mod-song-spark-mavic-pro-seri-dang-tam-1494-3-1-100x100.jpg 100w\" sizes=\"auto, (max-width: 400px) 100vw, 400px\" \/><\/strong><\/span><\/h2>\n<p><span style=\"font-size: 18px;\">&#8211; R\u1ea5t d\u1ec5 thay th\u1ebf,\u00a0 v\u00e0 g\u1eafn v\u00e0o chi\u1ebfc \u0111i\u1ec1u khi\u1ec3n.<\/span><\/p>\n<p><span style=\"font-size: 18px;\">H\u00e3y \u0111\u1ec3\u00a0<a href=\"https:\/\/facebook.com\/phukienflycam\/\" target=\"_blank\" rel=\"noopener noreferrer\">Ph\u1ee5 Ki\u1ec7n Fly-cam Gi\u00e1 T\u1ed1t<\/a>\u00a0ti\u1ebfp s\u1ee9c \u0111am m\u00ea, c\u00f4ng vi\u1ec7c c\u1ee7a b\u1ea1n, gi\u00fap b\u1ea1n th\u00eam ni\u1ec1m h\u1ee9ng kh\u1edfi trong \u0111am m\u00ea c\u0169ng nh\u01b0 c\u00f4ng vi\u1ec7c c\u1ee7a m\u00ecnh th\u00eam su\u00f4n s\u1ebb v\u00e0 c\u00f3 nh\u1eefng chuy\u1ebfn bay an to\u00e0n<\/span><\/p>\n<p><span style=\"font-size: 18px;\">Nh\u00e0 s\u1ea3n xu\u1ea5t :\u00a0ARGtek\u00a0<\/span><\/p>\n","protected":false},"excerpt":{"rendered":"<p>Extension booster Mavic Spark Extension booster Mavic Spark N\u1ebfu ai y\u00eau th\u00edch chinh ph\u1ee5c kho\u1ea3ng c\u00e1ch bay c\u1ee7a chi\u1ebfc flycam Mavic pro\/ DJI Spark c\u1ee7a m\u00ecnh th\u00ec s\u1ebd kh\u00f4ng th\u1ec3 b\u1ecf l\u1ee1 b\u1ed9 k\u00edch s\u00f3ng mavic pro spark\u00a0n\u00e0y. Bay xa h\u01a1n t\u1edbi 2500m &amp; 1800m so v\u1edbi b\u1ed9 g\u1ed1c d\u01b0\u1edbi d\u1ea1ng truy\u1ec1n th\u1eb3ng ( kh\u00f4ng &#8230;<\/p>\n","protected":false},"featured_media":1496,"comment_status":"open","ping_status":"closed","template":"","meta":{"_acf_changed":false},"product_brand":[],"product_cat":[177,184,180,181,178],"product_tag":[206,214,202],"class_list":{"0":"post-1505","1":"product","2":"type-product","3":"status-publish","4":"has-post-thumbnail","6":"product_cat-mavic-2s-accessory","7":"product_cat-spark-accessory","8":"product_cat-mavic-air-accessory","9":"product_cat-mavic-mini-accessory","10":"product_cat-mavic-pro-accessory","11":"product_tag-phu-kien-dji-en","12":"product_tag-phu-kien-dji-spark-en","13":"product_tag-phu-kien-mavic-en","15":"first","16":"instock","17":"shipping-taxable","18":"purchasable","19":"product-type-simple"},"acf":[],"yoast_head":"<!-- This site is optimized with the Yoast SEO plugin v25.7 - https:\/\/yoast.com\/wordpress\/plugins\/seo\/ -->\n<title>Extension booster Mavic Spark - ARGtek - Spark accessory - available.<\/title>\n<meta name=\"description\" content=\"Extension booster Mavic Spark is one of the most important accessory. Contact us to buy Extension booster Mavic Spark for best price.\" \/>\n<meta name=\"robots\" content=\"index, follow, max-snippet:-1, max-image-preview:large, max-video-preview:-1\" \/>\n<link rel=\"canonical\" href=\"https:\/\/phukienflytech.vn\/san-pham\/mod-song-spark-mavic-pro-seri-dang-tam.html\" \/>\n<meta property=\"og:locale\" content=\"en_US\" \/>\n<meta property=\"og:type\" content=\"article\" \/>\n<meta property=\"og:title\" content=\"Extension booster Mavic Spark - ARGtek - Spark accessory - available.\" \/>\n<meta property=\"og:description\" content=\"Extension booster Mavic Spark is one of the most important accessory. Contact us to buy Extension booster Mavic Spark for best price.\" \/>\n<meta property=\"og:url\" content=\"https:\/\/phukienflytech.vn\/san-pham\/mod-song-spark-mavic-pro-seri-dang-tam.html\" \/>\n<meta property=\"og:site_name\" content=\"Shop M\u00e1y \u1ea3nh - Action Camera - Gimbal - Flycam - Ph\u1ee5 ki\u1ec7n\" \/>\n<meta property=\"article:publisher\" content=\"https:\/\/facebook.com\/phukienflycam\" \/>\n<meta property=\"article:modified_time\" content=\"2021-03-27T12:39:48+00:00\" \/>\n<meta property=\"og:image\" content=\"https:\/\/phukienflytech.vn\/wp-content\/uploads\/2020\/05\/TY-TX984-4.jpg\" \/>\n\t<meta property=\"og:image:width\" content=\"900\" \/>\n\t<meta property=\"og:image:height\" content=\"900\" \/>\n\t<meta property=\"og:image:type\" content=\"image\/jpeg\" \/>\n<meta name=\"twitter:card\" content=\"summary_large_image\" \/>\n<meta name=\"twitter:label1\" content=\"Est. reading time\" \/>\n\t<meta name=\"twitter:data1\" content=\"3 minutes\" \/>\n<script type=\"application\/ld+json\" class=\"yoast-schema-graph\">{\"@context\":\"https:\/\/schema.org\",\"@graph\":[{\"@type\":\"WebPage\",\"@id\":\"https:\/\/phukienflytech.vn\/san-pham\/mod-song-spark-mavic-pro-seri-dang-tam.html\",\"url\":\"https:\/\/phukienflytech.vn\/san-pham\/mod-song-spark-mavic-pro-seri-dang-tam.html\",\"name\":\"Extension booster Mavic Spark - ARGtek - Spark accessory - available.\",\"isPartOf\":{\"@id\":\"https:\/\/phukienflytech.vn\/#website\"},\"primaryImageOfPage\":{\"@id\":\"https:\/\/phukienflytech.vn\/san-pham\/mod-song-spark-mavic-pro-seri-dang-tam.html#primaryimage\"},\"image\":{\"@id\":\"https:\/\/phukienflytech.vn\/san-pham\/mod-song-spark-mavic-pro-seri-dang-tam.html#primaryimage\"},\"thumbnailUrl\":\"https:\/\/phukienflytech.vn\/wp-content\/uploads\/2020\/05\/TY-TX984-4.jpg\",\"datePublished\":\"2020-06-16T09:32:26+00:00\",\"dateModified\":\"2021-03-27T12:39:48+00:00\",\"description\":\"Extension booster Mavic Spark is one of the most important accessory. Contact us to buy Extension booster Mavic Spark for best price.\",\"breadcrumb\":{\"@id\":\"https:\/\/phukienflytech.vn\/san-pham\/mod-song-spark-mavic-pro-seri-dang-tam.html#breadcrumb\"},\"inLanguage\":\"en-US\",\"potentialAction\":[{\"@type\":\"ReadAction\",\"target\":[\"https:\/\/phukienflytech.vn\/san-pham\/mod-song-spark-mavic-pro-seri-dang-tam.html\"]}]},{\"@type\":\"ImageObject\",\"inLanguage\":\"en-US\",\"@id\":\"https:\/\/phukienflytech.vn\/san-pham\/mod-song-spark-mavic-pro-seri-dang-tam.html#primaryimage\",\"url\":\"https:\/\/phukienflytech.vn\/wp-content\/uploads\/2020\/05\/TY-TX984-4.jpg\",\"contentUrl\":\"https:\/\/phukienflytech.vn\/wp-content\/uploads\/2020\/05\/TY-TX984-4.jpg\",\"width\":900,\"height\":900,\"caption\":\"kich-song-mavic-spark-dang-tam\"},{\"@type\":\"BreadcrumbList\",\"@id\":\"https:\/\/phukienflytech.vn\/san-pham\/mod-song-spark-mavic-pro-seri-dang-tam.html#breadcrumb\",\"itemListElement\":[{\"@type\":\"ListItem\",\"position\":1,\"name\":\"Home\",\"item\":\"https:\/\/phukienflytech.vn\/en\"},{\"@type\":\"ListItem\",\"position\":2,\"name\":\"Ph\u1ee5 ki\u1ec7n Mavic Pro\",\"item\":\"https:\/\/phukienflytech.vn\/en\/phu-kien-mavic-pro.html\"},{\"@type\":\"ListItem\",\"position\":3,\"name\":\"Ph\u1ee5 ki\u1ec7n DJI - Osmo\",\"item\":\"https:\/\/phukienflytech.vn\/danh-muc\/phu-kien-dji-osmo.html\"},{\"@type\":\"ListItem\",\"position\":4,\"name\":\"Ph\u1ee5 ki\u1ec7n DJI Mavic 2\",\"item\":\"https:\/\/phukienflytech.vn\/danh-muc\/phu-kien-mavic-2.html\"},{\"@type\":\"ListItem\",\"position\":5,\"name\":\"Extension booster Mod for Mavic Spark series &#8211; Pannel version\"}]},{\"@type\":\"WebSite\",\"@id\":\"https:\/\/phukienflytech.vn\/#website\",\"url\":\"https:\/\/phukienflytech.vn\/\",\"name\":\"Shop M\u00e1y \u1ea3nh - Action Camera - Gimbal - Flycam - Ph\u1ee5 ki\u1ec7n\",\"description\":\"Shop M\u00e1y \u1ea3nh - Action Camera - Gimbal - Flycam - Ph\u1ee5 ki\u1ec7n\",\"publisher\":{\"@id\":\"https:\/\/phukienflytech.vn\/#organization\"},\"potentialAction\":[{\"@type\":\"SearchAction\",\"target\":{\"@type\":\"EntryPoint\",\"urlTemplate\":\"https:\/\/phukienflytech.vn\/?s={search_term_string}\"},\"query-input\":{\"@type\":\"PropertyValueSpecification\",\"valueRequired\":true,\"valueName\":\"search_term_string\"}}],\"inLanguage\":\"en-US\"},{\"@type\":\"Organization\",\"@id\":\"https:\/\/phukienflytech.vn\/#organization\",\"name\":\"DJI Store - Shop Drone, Action camera, Gimbal DJI |Phukienflytech\",\"alternateName\":\"DJI Store - Shop Drone, Action camera, Gimbal DJI |Phukienflytech\",\"url\":\"https:\/\/phukienflytech.vn\/\",\"logo\":{\"@type\":\"ImageObject\",\"inLanguage\":\"en-US\",\"@id\":\"https:\/\/phukienflytech.vn\/#\/schema\/logo\/image\/\",\"url\":\"https:\/\/phukienflytech.vn\/wp-content\/uploads\/2020\/05\/hAnh_nan.jpg1_.jpg\",\"contentUrl\":\"https:\/\/phukienflytech.vn\/wp-content\/uploads\/2020\/05\/hAnh_nan.jpg1_.jpg\",\"width\":800,\"height\":450,\"caption\":\"DJI Store - Shop Drone, Action camera, Gimbal DJI |Phukienflytech\"},\"image\":{\"@id\":\"https:\/\/phukienflytech.vn\/#\/schema\/logo\/image\/\"},\"sameAs\":[\"https:\/\/facebook.com\/phukienflycam\",\"https:\/\/www.youtube.com\/@phukienflytech\",\"https:\/\/www.tiktok.com\/@flytech.channel?fbclid=IwY2xjawGjg7BleHRuA2FlbQIxMAABHYVGmlXpuSMs0UB2zTpYvyT4GMVfN2qJa4urF4vkSQ6FAVBwXZtDP30qQA_aem_UwMiDcUvlEbd2tXAmsc8Og\"]}]}<\/script>\n<!-- \/ Yoast SEO plugin. -->","yoast_head_json":{"title":"Extension booster Mavic Spark - ARGtek - Spark accessory - available.","description":"Extension booster Mavic Spark is one of the most important accessory. Contact us to buy Extension booster Mavic Spark for best price.","robots":{"index":"index","follow":"follow","max-snippet":"max-snippet:-1","max-image-preview":"max-image-preview:large","max-video-preview":"max-video-preview:-1"},"canonical":"https:\/\/phukienflytech.vn\/san-pham\/mod-song-spark-mavic-pro-seri-dang-tam.html","og_locale":"en_US","og_type":"article","og_title":"Extension booster Mavic Spark - ARGtek - Spark accessory - available.","og_description":"Extension booster Mavic Spark is one of the most important accessory. Contact us to buy Extension booster Mavic Spark for best price.","og_url":"https:\/\/phukienflytech.vn\/san-pham\/mod-song-spark-mavic-pro-seri-dang-tam.html","og_site_name":"Shop M\u00e1y \u1ea3nh - Action Camera - Gimbal - Flycam - Ph\u1ee5 ki\u1ec7n","article_publisher":"https:\/\/facebook.com\/phukienflycam","article_modified_time":"2021-03-27T12:39:48+00:00","og_image":[{"width":900,"height":900,"url":"https:\/\/phukienflytech.vn\/wp-content\/uploads\/2020\/05\/TY-TX984-4.jpg","type":"image\/jpeg"}],"twitter_card":"summary_large_image","twitter_misc":{"Est. reading time":"3 minutes"},"schema":{"@context":"https:\/\/schema.org","@graph":[{"@type":"WebPage","@id":"https:\/\/phukienflytech.vn\/san-pham\/mod-song-spark-mavic-pro-seri-dang-tam.html","url":"https:\/\/phukienflytech.vn\/san-pham\/mod-song-spark-mavic-pro-seri-dang-tam.html","name":"Extension booster Mavic Spark - ARGtek - Spark accessory - available.","isPartOf":{"@id":"https:\/\/phukienflytech.vn\/#website"},"primaryImageOfPage":{"@id":"https:\/\/phukienflytech.vn\/san-pham\/mod-song-spark-mavic-pro-seri-dang-tam.html#primaryimage"},"image":{"@id":"https:\/\/phukienflytech.vn\/san-pham\/mod-song-spark-mavic-pro-seri-dang-tam.html#primaryimage"},"thumbnailUrl":"https:\/\/phukienflytech.vn\/wp-content\/uploads\/2020\/05\/TY-TX984-4.jpg","datePublished":"2020-06-16T09:32:26+00:00","dateModified":"2021-03-27T12:39:48+00:00","description":"Extension booster Mavic Spark is one of the most important accessory. Contact us to buy Extension booster Mavic Spark for best price.","breadcrumb":{"@id":"https:\/\/phukienflytech.vn\/san-pham\/mod-song-spark-mavic-pro-seri-dang-tam.html#breadcrumb"},"inLanguage":"en-US","potentialAction":[{"@type":"ReadAction","target":["https:\/\/phukienflytech.vn\/san-pham\/mod-song-spark-mavic-pro-seri-dang-tam.html"]}]},{"@type":"ImageObject","inLanguage":"en-US","@id":"https:\/\/phukienflytech.vn\/san-pham\/mod-song-spark-mavic-pro-seri-dang-tam.html#primaryimage","url":"https:\/\/phukienflytech.vn\/wp-content\/uploads\/2020\/05\/TY-TX984-4.jpg","contentUrl":"https:\/\/phukienflytech.vn\/wp-content\/uploads\/2020\/05\/TY-TX984-4.jpg","width":900,"height":900,"caption":"kich-song-mavic-spark-dang-tam"},{"@type":"BreadcrumbList","@id":"https:\/\/phukienflytech.vn\/san-pham\/mod-song-spark-mavic-pro-seri-dang-tam.html#breadcrumb","itemListElement":[{"@type":"ListItem","position":1,"name":"Home","item":"https:\/\/phukienflytech.vn\/en"},{"@type":"ListItem","position":2,"name":"Ph\u1ee5 ki\u1ec7n Mavic Pro","item":"https:\/\/phukienflytech.vn\/en\/phu-kien-mavic-pro.html"},{"@type":"ListItem","position":3,"name":"Ph\u1ee5 ki\u1ec7n DJI - Osmo","item":"https:\/\/phukienflytech.vn\/danh-muc\/phu-kien-dji-osmo.html"},{"@type":"ListItem","position":4,"name":"Ph\u1ee5 ki\u1ec7n DJI Mavic 2","item":"https:\/\/phukienflytech.vn\/danh-muc\/phu-kien-mavic-2.html"},{"@type":"ListItem","position":5,"name":"Extension booster Mod for Mavic Spark series &#8211; Pannel version"}]},{"@type":"WebSite","@id":"https:\/\/phukienflytech.vn\/#website","url":"https:\/\/phukienflytech.vn\/","name":"Shop M\u00e1y \u1ea3nh - Action Camera - Gimbal - Flycam - Ph\u1ee5 ki\u1ec7n","description":"Shop M\u00e1y \u1ea3nh - Action Camera - Gimbal - Flycam - Ph\u1ee5 ki\u1ec7n","publisher":{"@id":"https:\/\/phukienflytech.vn\/#organization"},"potentialAction":[{"@type":"SearchAction","target":{"@type":"EntryPoint","urlTemplate":"https:\/\/phukienflytech.vn\/?s={search_term_string}"},"query-input":{"@type":"PropertyValueSpecification","valueRequired":true,"valueName":"search_term_string"}}],"inLanguage":"en-US"},{"@type":"Organization","@id":"https:\/\/phukienflytech.vn\/#organization","name":"DJI Store - Shop Drone, Action camera, Gimbal DJI |Phukienflytech","alternateName":"DJI Store - Shop Drone, Action camera, Gimbal DJI |Phukienflytech","url":"https:\/\/phukienflytech.vn\/","logo":{"@type":"ImageObject","inLanguage":"en-US","@id":"https:\/\/phukienflytech.vn\/#\/schema\/logo\/image\/","url":"https:\/\/phukienflytech.vn\/wp-content\/uploads\/2020\/05\/hAnh_nan.jpg1_.jpg","contentUrl":"https:\/\/phukienflytech.vn\/wp-content\/uploads\/2020\/05\/hAnh_nan.jpg1_.jpg","width":800,"height":450,"caption":"DJI Store - Shop Drone, Action camera, Gimbal DJI |Phukienflytech"},"image":{"@id":"https:\/\/phukienflytech.vn\/#\/schema\/logo\/image\/"},"sameAs":["https:\/\/facebook.com\/phukienflycam","https:\/\/www.youtube.com\/@phukienflytech","https:\/\/www.tiktok.com\/@flytech.channel?fbclid=IwY2xjawGjg7BleHRuA2FlbQIxMAABHYVGmlXpuSMs0UB2zTpYvyT4GMVfN2qJa4urF4vkSQ6FAVBwXZtDP30qQA_aem_UwMiDcUvlEbd2tXAmsc8Og"]}]}},"_links":{"self":[{"href":"https:\/\/phukienflytech.vn\/en\/wp-json\/wp\/v2\/product\/1505","targetHints":{"allow":["GET"]}}],"collection":[{"href":"https:\/\/phukienflytech.vn\/en\/wp-json\/wp\/v2\/product"}],"about":[{"href":"https:\/\/phukienflytech.vn\/en\/wp-json\/wp\/v2\/types\/product"}],"replies":[{"embeddable":true,"href":"https:\/\/phukienflytech.vn\/en\/wp-json\/wp\/v2\/comments?post=1505"}],"wp:featuredmedia":[{"embeddable":true,"href":"https:\/\/phukienflytech.vn\/en\/wp-json\/wp\/v2\/media\/1496"}],"wp:attachment":[{"href":"https:\/\/phukienflytech.vn\/en\/wp-json\/wp\/v2\/media?parent=1505"}],"wp:term":[{"taxonomy":"product_brand","embeddable":true,"href":"https:\/\/phukienflytech.vn\/en\/wp-json\/wp\/v2\/product_brand?post=1505"},{"taxonomy":"product_cat","embeddable":true,"href":"https:\/\/phukienflytech.vn\/en\/wp-json\/wp\/v2\/product_cat?post=1505"},{"taxonomy":"product_tag","embeddable":true,"href":"https:\/\/phukienflytech.vn\/en\/wp-json\/wp\/v2\/product_tag?post=1505"}],"curies":[{"name":"wp","href":"https:\/\/api.w.org\/{rel}","templated":true}]}}