{"id":1519,"date":"2020-06-22T20:43:17","date_gmt":"2020-06-22T13:43:17","guid":{"rendered":"http:\/\/27430.lamdx.vinawebsite.vn\/san-pham\/kep-ipad-mavic-pro-mavic-2-pro-mavic-2-zoomspark-loai-a.html"},"modified":"2022-08-18T14:11:55","modified_gmt":"2022-08-18T07:11:55","slug":"tablet-phone-holder-mavic-sprark","status":"publish","type":"product","link":"https:\/\/phukienflytech.vn\/en\/san-pham\/tablet-phone-holder-mavic-sprark.html","title":{"rendered":"Tablet and smart phone holder for Mavic \/ Sprark series \u2013 Type A"},"content":{"rendered":"<h2><span style=\"font-size: 21px; color: #0000ff;\"><em><strong>Tablet phone holder Mavic Sprark \/ Pro\/ Mavic 2 Pro\/ Mavic 2 Zoom<\/strong><\/em><\/span><\/h2>\n<p>&nbsp;<\/p>\n<p><span style=\"font-size: 18px;\">Tablet phone holder Mavic Sprark<\/span><\/p>\n<p><span style=\"font-size: 18px;\">B\u1ea5t ti\u1ec7n ho\u1eb7c kh\u00f4ng th\u1ea5y th\u1ecfa m\u00e3n khi thi\u1ebft b\u1ecb ch\u1ec9 support \u0111\u01b0\u1ee3c nh\u1eefng chi\u1ebfc \u0111i\u1ec7n tho\u1ea1i nh\u1ecf b\u00e9. <strong>K\u1eb9p ipad mavic spark<\/strong> s\u1ebd gi\u1ea3i quy\u1ebft nh\u1eefng b\u1ea5t ti\u1ec7n c\u1ee7a b\u1ea1n.<\/span><\/p>\n<h2><span style=\"font-size: 18px;\"><img loading=\"lazy\" decoding=\"async\" class=\"alignnone wp-image-12775\" src=\"https:\/\/phukienflytech.vn\/wp-content\/uploads\/2020\/05\/kep-ipad-mavic-pro-mavic-2-pro-mavic-2-zoom-spark-loai-a-1506-5.jpg\" alt=\"Tablet-phone-holder-Mavic-Sprark-3\" width=\"402\" height=\"402\" srcset=\"https:\/\/phukienflytech.vn\/wp-content\/uploads\/2020\/05\/kep-ipad-mavic-pro-mavic-2-pro-mavic-2-zoom-spark-loai-a-1506-5.jpg 300w, https:\/\/phukienflytech.vn\/wp-content\/uploads\/2020\/05\/kep-ipad-mavic-pro-mavic-2-pro-mavic-2-zoom-spark-loai-a-1506-5-280x280.jpg 280w, https:\/\/phukienflytech.vn\/wp-content\/uploads\/2020\/05\/kep-ipad-mavic-pro-mavic-2-pro-mavic-2-zoom-spark-loai-a-1506-5-100x100.jpg 100w\" sizes=\"auto, (max-width: 402px) 100vw, 402px\" \/><\/span><\/h2>\n<p><span style=\"font-size: 18px;\">Chi\u1ebfc ph\u1ee5 ki\u1ec7n \u0111\u01b0\u1ee3c thi\u1ebft k\u1ebf gi\u00fap cho ng\u01b0\u1eddi d\u00f9ng c\u00f3 th\u1ec3 d\u1ec5 d\u00e0ng k\u1eb9p ipad,\u00a0 k\u1eb9p tablet \u0111\u1ec3 th\u1ecfa m\u00e3n nhu c\u1ea7u c\u1ee7a ng\u01b0\u1eddi d\u00f9ng.<\/span><\/p>\n<h2><span style=\"font-size: 21px; color: #0000ff;\"><em><strong>Tablet phone holder Mavic Sprark\/ Pro\/ Mavic 2 Pro\/ Mavic 2 Zoom m\u1edbi c\u00f3 g\u00ec kh\u00e1c so v\u1edbi b\u1ea3n tr\u01b0\u1edbc \u0111\u00f3<\/strong><\/em><\/span><\/h2>\n<p><span style=\"font-size: 18px;\">K\u1eb9p ipad mavic, k\u1eb9p ipad spark\u00a0 m\u1edbi c\u00f3 thi\u1ebft k\u1ebf hi\u1ec7n \u0111\u1ea1i,\u00a0 g\u1ecdn nh\u1eb9 v\u00e0 ti\u1ec7n d\u1ee5ng h\u01a1n \u0111\u01b0\u1ee3c l\u00e0m b\u1eb1ng ch\u1ea5t li\u1ec7u \u1edf ph\u1ea7n gi\u00e1 n\u00e2ng \u0111\u01b0\u1ee3c l\u00e0m t\u1eeb th\u00e9p d\u1eadp khu\u00f4n si\u00eau chi ti\u1ebft,\u00a0 b\u1ec1 ngo\u00e0i m\u1eb7t k\u1eb9p \u0111\u01b0\u1ee3c b\u1ecdc m\u1ed9t l\u1edbp v\u1ea3i n\u1ec9 gi\u00fap ipad hay \u0111i\u1ec7n tho\u1ea1i c\u1ee7a ng\u01b0\u1eddi d\u00f9ng kh\u00f4ng b\u1ecb x\u01b0\u1edbt x\u00e1t hay h\u1ecfng h\u00f3c.<\/span><\/p>\n<h2><span style=\"font-size: 18px;\"><img loading=\"lazy\" decoding=\"async\" class=\"alignnone size-medium wp-image-12777\" src=\"https:\/\/phukienflytech.vn\/wp-content\/uploads\/2020\/05\/kep-ipad-mavic-pro-mavic-2-pro-mavic-2-zoom-spark-loai-a-1506-1-1-400x400.jpg\" alt=\"\" width=\"400\" height=\"400\" srcset=\"https:\/\/phukienflytech.vn\/wp-content\/uploads\/2020\/05\/kep-ipad-mavic-pro-mavic-2-pro-mavic-2-zoom-spark-loai-a-1506-1-1.jpg 400w, https:\/\/phukienflytech.vn\/wp-content\/uploads\/2020\/05\/kep-ipad-mavic-pro-mavic-2-pro-mavic-2-zoom-spark-loai-a-1506-1-1-280x280.jpg 280w, https:\/\/phukienflytech.vn\/wp-content\/uploads\/2020\/05\/kep-ipad-mavic-pro-mavic-2-pro-mavic-2-zoom-spark-loai-a-1506-1-1-300x300.jpg 300w, https:\/\/phukienflytech.vn\/wp-content\/uploads\/2020\/05\/kep-ipad-mavic-pro-mavic-2-pro-mavic-2-zoom-spark-loai-a-1506-1-1-100x100.jpg 100w\" sizes=\"auto, (max-width: 400px) 100vw, 400px\" \/><\/span><\/h2>\n<p><span style=\"font-size: 18px;\">S\u1ea3n ph\u1ea9m ph\u00f9 h\u1ee3p cho : Mavic series \/ Spark<\/span><\/p>\n<p><span style=\"font-size: 18px;\">\u0110\u1eb7c \u0111i\u1ec3m kh\u00e1c nh\u01b0:<\/span><\/p>\n<h2><span style=\"font-size: 18px;\"><img loading=\"lazy\" decoding=\"async\" class=\"alignnone size-medium wp-image-12779\" src=\"https:\/\/phukienflytech.vn\/wp-content\/uploads\/2020\/05\/kep-ipad-mavic-pro-mavic-2-pro-mavic-2-zoom-spark-loai-a-1506-2-1-400x400.jpg\" alt=\"\" width=\"400\" height=\"400\" srcset=\"https:\/\/phukienflytech.vn\/wp-content\/uploads\/2020\/05\/kep-ipad-mavic-pro-mavic-2-pro-mavic-2-zoom-spark-loai-a-1506-2-1.jpg 400w, https:\/\/phukienflytech.vn\/wp-content\/uploads\/2020\/05\/kep-ipad-mavic-pro-mavic-2-pro-mavic-2-zoom-spark-loai-a-1506-2-1-280x280.jpg 280w, https:\/\/phukienflytech.vn\/wp-content\/uploads\/2020\/05\/kep-ipad-mavic-pro-mavic-2-pro-mavic-2-zoom-spark-loai-a-1506-2-1-300x300.jpg 300w, https:\/\/phukienflytech.vn\/wp-content\/uploads\/2020\/05\/kep-ipad-mavic-pro-mavic-2-pro-mavic-2-zoom-spark-loai-a-1506-2-1-100x100.jpg 100w\" sizes=\"auto, (max-width: 400px) 100vw, 400px\" \/><\/span><\/h2>\n<ul>\n<li><span style=\"font-size: 18px;\">&#8211; T\u1ea5m \u0111\u1ee1 khu\u00f4n th\u00e9p d\u1eadp khu\u00f4n<\/span><\/li>\n<li><span style=\"font-size: 18px;\">&#8211; Tay n\u00e2ng ti\u1ec7n CNC chi ti\u1ebft, s\u1eafc x\u1ea3o<\/span><\/li>\n<li><span style=\"font-size: 18px;\">&#8211; K\u00edch th\u01b0\u1edbc k\u1eb9p : t\u1eeb 5.2 inch &#8211; 13 inch<\/span><\/li>\n<\/ul>\n<p>&nbsp;<\/p>\n<h2><span style=\"font-size: 18px;\">\u00a0 \u00a0<img loading=\"lazy\" decoding=\"async\" class=\"alignnone wp-image-12781 size-medium\" src=\"https:\/\/phukienflytech.vn\/wp-content\/uploads\/2020\/05\/kep-ipad-mavic-pro-mavic-2-pro-mavic-2-zoom-spark-loai-a-1506-3-1-400x400.jpg\" alt=\"Tablet-phone-holder-Mavic-Sprark\" width=\"400\" height=\"400\" srcset=\"https:\/\/phukienflytech.vn\/wp-content\/uploads\/2020\/05\/kep-ipad-mavic-pro-mavic-2-pro-mavic-2-zoom-spark-loai-a-1506-3-1.jpg 400w, https:\/\/phukienflytech.vn\/wp-content\/uploads\/2020\/05\/kep-ipad-mavic-pro-mavic-2-pro-mavic-2-zoom-spark-loai-a-1506-3-1-280x280.jpg 280w, https:\/\/phukienflytech.vn\/wp-content\/uploads\/2020\/05\/kep-ipad-mavic-pro-mavic-2-pro-mavic-2-zoom-spark-loai-a-1506-3-1-300x300.jpg 300w, https:\/\/phukienflytech.vn\/wp-content\/uploads\/2020\/05\/kep-ipad-mavic-pro-mavic-2-pro-mavic-2-zoom-spark-loai-a-1506-3-1-100x100.jpg 100w\" sizes=\"auto, (max-width: 400px) 100vw, 400px\" \/><\/span><\/h2>\n<p>&nbsp;<\/p>\n<p><span style=\"font-size: 18px;\"><em><strong><a href=\"https:\/\/facebook.com\/phukienflycam\">Ph\u1ee5 Ki\u1ec7n Flytech Gi\u00e1 T\u1ed1t<\/a><\/strong><\/em>\u00a0h\u00e2n h\u1ea1nh \u0111em l\u1ea1i c\u00e1c m\u1eabu s\u1ea3n ph\u1ea9m Balo phatom ch\u00ednh h\u00e3ng t\u1ed1t nh\u1ea5t ph\u1ee5c v\u1ee5 \u0111am m\u00ea, v\u00e0 c\u00f4ng vi\u1ec7c c\u1ee7a c\u00e1c b\u1ea1n, h\u00e3y \u0111\u1ec3 ch\u00fang t\u00f4i ti\u1ebfp s\u1ee9c \u0111am m\u00ea, c\u00f4ng vi\u1ec7c c\u1ee7a b\u1ea1n, gi\u00fap b\u1ea1n th\u00eam ni\u1ec1m h\u1ee9ng kh\u1edfi trong \u0111am m\u00ea c\u0169ng nh\u01b0 c\u00f4ng vi\u1ec7c c\u1ee7a m\u00ecnh th\u00eam su\u00f4n s\u1ebb<\/span><\/p>\n<h2><span style=\"font-size: 18px;\"><img loading=\"lazy\" decoding=\"async\" class=\"alignnone wp-image-12783\" src=\"https:\/\/phukienflytech.vn\/wp-content\/uploads\/2020\/05\/kep-ipad-mavic-pro-mavic-2-pro-mavic-2-zoom-spark-loai-a-1506-4-800x251.png\" alt=\"\" width=\"541\" height=\"170\" srcset=\"https:\/\/phukienflytech.vn\/wp-content\/uploads\/2020\/05\/kep-ipad-mavic-pro-mavic-2-pro-mavic-2-zoom-spark-loai-a-1506-4-800x251.png 800w, https:\/\/phukienflytech.vn\/wp-content\/uploads\/2020\/05\/kep-ipad-mavic-pro-mavic-2-pro-mavic-2-zoom-spark-loai-a-1506-4-768x241.png 768w, https:\/\/phukienflytech.vn\/wp-content\/uploads\/2020\/05\/kep-ipad-mavic-pro-mavic-2-pro-mavic-2-zoom-spark-loai-a-1506-4-600x188.png 600w, https:\/\/phukienflytech.vn\/wp-content\/uploads\/2020\/05\/kep-ipad-mavic-pro-mavic-2-pro-mavic-2-zoom-spark-loai-a-1506-4.png 1013w\" sizes=\"auto, (max-width: 541px) 100vw, 541px\" \/><\/span><\/h2>\n<p><span style=\"font-size: 18px;\">Phukienflytech cung c\u1ea5p ph\u1ee5 ki\u1ec7n cho c\u00e1c thi\u1ebft b\u1ecb c\u1ee7a DJI, Xiaomi, c\u00e1c flycam t\u1ea7m trung gi\u00e1 r\u1ebb.<\/span><\/p>\n<p><span style=\"font-size: 18px;\">H\u00e3y xem th\u00eam c\u00e1c\u00a0<em>ph\u1ee5 ki\u1ec7n flycam dji Phantom 3 4<\/em>\u00a0b\u1eb1ng c\u00e1ch\u00a0<strong><a href=\"https:\/\/phukienflytech.vn\/en\/danh-muc\/phantom-4-accessory.html\" target=\"_blank\" rel=\"noopener noreferrer\">click t\u1ea1i \u0111\u00e2y<\/a><\/strong>\u00a0!<\/span><\/p>\n<p><span style=\"font-size: 18px;\">Nh\u00e0 s\u1ea3n xu\u1ea5t : Sunnylife \u2013 l\u00e0 \u0111\u01a1n v\u1ecb cung c\u1ea5p ph\u1ee5 ki\u1ec7n cho DJI l\u1edbn th\u1ee9 2 sau PGYtech.<\/span><\/p>\n<p>&nbsp;<\/p>\n","protected":false},"excerpt":{"rendered":"<p>Tablet phone holder Mavic Sprark \/ Pro\/ Mavic 2 Pro\/ Mavic 2 Zoom &nbsp; Tablet phone holder Mavic Sprark B\u1ea5t ti\u1ec7n ho\u1eb7c kh\u00f4ng th\u1ea5y th\u1ecfa m\u00e3n khi thi\u1ebft b\u1ecb ch\u1ec9 support \u0111\u01b0\u1ee3c nh\u1eefng chi\u1ebfc \u0111i\u1ec7n tho\u1ea1i nh\u1ecf b\u00e9. K\u1eb9p ipad mavic spark s\u1ebd gi\u1ea3i quy\u1ebft nh\u1eefng b\u1ea5t ti\u1ec7n c\u1ee7a b\u1ea1n. Chi\u1ebfc ph\u1ee5 ki\u1ec7n \u0111\u01b0\u1ee3c thi\u1ebft &#8230;<\/p>\n","protected":false},"featured_media":16458,"comment_status":"open","ping_status":"closed","template":"","meta":{"_acf_changed":false},"product_brand":[],"product_cat":[177,184,180,181,178],"product_tag":[206,214,202],"class_list":{"0":"post-1519","1":"product","2":"type-product","3":"status-publish","4":"has-post-thumbnail","6":"product_cat-mavic-2s-accessory","7":"product_cat-spark-accessory","8":"product_cat-mavic-air-accessory","9":"product_cat-mavic-mini-accessory","10":"product_cat-mavic-pro-accessory","11":"product_tag-phu-kien-dji-en","12":"product_tag-phu-kien-dji-spark-en","13":"product_tag-phu-kien-mavic-en","15":"first","16":"instock","17":"shipping-taxable","18":"purchasable","19":"product-type-simple"},"acf":[],"yoast_head":"<!-- This site is optimized with the Yoast SEO plugin v25.7 - https:\/\/yoast.com\/wordpress\/plugins\/seo\/ -->\n<title>Tablet phone holder Mavic Sprark - Spark accessory - Available<\/title>\n<meta name=\"description\" content=\"Tablet phone holder Mavic Sprark is one of the most important accessory. Contact us to buy Tablet phone holder Mavic Sprark for best price...\" \/>\n<meta name=\"robots\" content=\"index, follow, max-snippet:-1, max-image-preview:large, max-video-preview:-1\" \/>\n<link rel=\"canonical\" href=\"https:\/\/phukienflytech.vn\/en\/san-pham\/tablet-phone-holder-mavic-sprark.html\" \/>\n<meta property=\"og:locale\" content=\"en_US\" \/>\n<meta property=\"og:type\" content=\"article\" \/>\n<meta property=\"og:title\" content=\"Tablet phone holder Mavic Sprark - Spark accessory - Available\" \/>\n<meta property=\"og:description\" content=\"Tablet phone holder Mavic Sprark is one of the most important accessory. Contact us to buy Tablet phone holder Mavic Sprark for best price...\" \/>\n<meta property=\"og:url\" content=\"https:\/\/phukienflytech.vn\/en\/san-pham\/tablet-phone-holder-mavic-sprark.html\" \/>\n<meta property=\"og:site_name\" content=\"Shop M\u00e1y \u1ea3nh - Action Camera - Gimbal - Flycam - Ph\u1ee5 ki\u1ec7n\" \/>\n<meta property=\"article:publisher\" content=\"https:\/\/facebook.com\/phukienflycam\" \/>\n<meta property=\"article:modified_time\" content=\"2022-08-18T07:11:55+00:00\" \/>\n<meta property=\"og:image\" content=\"https:\/\/phukienflytech.vn\/wp-content\/uploads\/2020\/05\/300x300_kep-ipad-mavic-pro-2-air-zoom-spark-chinh-hang-phu-kien-flycam-dji_-_Copy.jpg\" \/>\n\t<meta property=\"og:image:width\" content=\"300\" \/>\n\t<meta property=\"og:image:height\" content=\"300\" \/>\n\t<meta property=\"og:image:type\" content=\"image\/jpeg\" \/>\n<meta name=\"twitter:card\" content=\"summary_large_image\" \/>\n<meta name=\"twitter:label1\" content=\"Est. reading time\" \/>\n\t<meta name=\"twitter:data1\" content=\"2 minutes\" \/>\n<script type=\"application\/ld+json\" class=\"yoast-schema-graph\">{\"@context\":\"https:\/\/schema.org\",\"@graph\":[{\"@type\":\"WebPage\",\"@id\":\"https:\/\/phukienflytech.vn\/en\/san-pham\/tablet-phone-holder-mavic-sprark.html\",\"url\":\"https:\/\/phukienflytech.vn\/en\/san-pham\/tablet-phone-holder-mavic-sprark.html\",\"name\":\"Tablet phone holder Mavic Sprark - Spark accessory - Available\",\"isPartOf\":{\"@id\":\"https:\/\/phukienflytech.vn\/#website\"},\"primaryImageOfPage\":{\"@id\":\"https:\/\/phukienflytech.vn\/en\/san-pham\/tablet-phone-holder-mavic-sprark.html#primaryimage\"},\"image\":{\"@id\":\"https:\/\/phukienflytech.vn\/en\/san-pham\/tablet-phone-holder-mavic-sprark.html#primaryimage\"},\"thumbnailUrl\":\"https:\/\/phukienflytech.vn\/wp-content\/uploads\/2020\/05\/300x300_kep-ipad-mavic-pro-2-air-zoom-spark-chinh-hang-phu-kien-flycam-dji_-_Copy.jpg\",\"datePublished\":\"2020-06-22T13:43:17+00:00\",\"dateModified\":\"2022-08-18T07:11:55+00:00\",\"description\":\"Tablet phone holder Mavic Sprark is one of the most important accessory. Contact us to buy Tablet phone holder Mavic Sprark for best price...\",\"breadcrumb\":{\"@id\":\"https:\/\/phukienflytech.vn\/en\/san-pham\/tablet-phone-holder-mavic-sprark.html#breadcrumb\"},\"inLanguage\":\"en-US\",\"potentialAction\":[{\"@type\":\"ReadAction\",\"target\":[\"https:\/\/phukienflytech.vn\/en\/san-pham\/tablet-phone-holder-mavic-sprark.html\"]}]},{\"@type\":\"ImageObject\",\"inLanguage\":\"en-US\",\"@id\":\"https:\/\/phukienflytech.vn\/en\/san-pham\/tablet-phone-holder-mavic-sprark.html#primaryimage\",\"url\":\"https:\/\/phukienflytech.vn\/wp-content\/uploads\/2020\/05\/300x300_kep-ipad-mavic-pro-2-air-zoom-spark-chinh-hang-phu-kien-flycam-dji_-_Copy.jpg\",\"contentUrl\":\"https:\/\/phukienflytech.vn\/wp-content\/uploads\/2020\/05\/300x300_kep-ipad-mavic-pro-2-air-zoom-spark-chinh-hang-phu-kien-flycam-dji_-_Copy.jpg\",\"width\":300,\"height\":300},{\"@type\":\"BreadcrumbList\",\"@id\":\"https:\/\/phukienflytech.vn\/en\/san-pham\/tablet-phone-holder-mavic-sprark.html#breadcrumb\",\"itemListElement\":[{\"@type\":\"ListItem\",\"position\":1,\"name\":\"Home\",\"item\":\"https:\/\/phukienflytech.vn\/en\"},{\"@type\":\"ListItem\",\"position\":2,\"name\":\"Ph\u1ee5 ki\u1ec7n Mavic Pro\",\"item\":\"https:\/\/phukienflytech.vn\/en\/phu-kien-mavic-pro.html\"},{\"@type\":\"ListItem\",\"position\":3,\"name\":\"DJI Osmo &amp; Drone's accessories\",\"item\":\"https:\/\/phukienflytech.vn\/en\/danh-muc\/dji-osmo-drones-accessories.html\"},{\"@type\":\"ListItem\",\"position\":4,\"name\":\"Ph\u1ee5 ki\u1ec7n DJI Mavic 2\",\"item\":\"https:\/\/phukienflytech.vn\/en\/danh-muc\/mavic-2s-accessory.html\"},{\"@type\":\"ListItem\",\"position\":5,\"name\":\"Tablet and smart phone holder for Mavic \/ Sprark series \u2013 Type A\"}]},{\"@type\":\"WebSite\",\"@id\":\"https:\/\/phukienflytech.vn\/#website\",\"url\":\"https:\/\/phukienflytech.vn\/\",\"name\":\"Shop M\u00e1y \u1ea3nh - Action Camera - Gimbal - Flycam - Ph\u1ee5 ki\u1ec7n\",\"description\":\"Shop M\u00e1y \u1ea3nh - Action Camera - Gimbal - Flycam - Ph\u1ee5 ki\u1ec7n\",\"publisher\":{\"@id\":\"https:\/\/phukienflytech.vn\/#organization\"},\"potentialAction\":[{\"@type\":\"SearchAction\",\"target\":{\"@type\":\"EntryPoint\",\"urlTemplate\":\"https:\/\/phukienflytech.vn\/?s={search_term_string}\"},\"query-input\":{\"@type\":\"PropertyValueSpecification\",\"valueRequired\":true,\"valueName\":\"search_term_string\"}}],\"inLanguage\":\"en-US\"},{\"@type\":\"Organization\",\"@id\":\"https:\/\/phukienflytech.vn\/#organization\",\"name\":\"DJI Store - Shop Drone, Action camera, Gimbal DJI |Phukienflytech\",\"alternateName\":\"DJI Store - Shop Drone, Action camera, Gimbal DJI |Phukienflytech\",\"url\":\"https:\/\/phukienflytech.vn\/\",\"logo\":{\"@type\":\"ImageObject\",\"inLanguage\":\"en-US\",\"@id\":\"https:\/\/phukienflytech.vn\/#\/schema\/logo\/image\/\",\"url\":\"https:\/\/phukienflytech.vn\/wp-content\/uploads\/2020\/05\/hAnh_nan.jpg1_.jpg\",\"contentUrl\":\"https:\/\/phukienflytech.vn\/wp-content\/uploads\/2020\/05\/hAnh_nan.jpg1_.jpg\",\"width\":800,\"height\":450,\"caption\":\"DJI Store - Shop Drone, Action camera, Gimbal DJI |Phukienflytech\"},\"image\":{\"@id\":\"https:\/\/phukienflytech.vn\/#\/schema\/logo\/image\/\"},\"sameAs\":[\"https:\/\/facebook.com\/phukienflycam\",\"https:\/\/www.youtube.com\/@phukienflytech\",\"https:\/\/www.tiktok.com\/@flytech.channel?fbclid=IwY2xjawGjg7BleHRuA2FlbQIxMAABHYVGmlXpuSMs0UB2zTpYvyT4GMVfN2qJa4urF4vkSQ6FAVBwXZtDP30qQA_aem_UwMiDcUvlEbd2tXAmsc8Og\"]}]}<\/script>\n<!-- \/ Yoast SEO plugin. -->","yoast_head_json":{"title":"Tablet phone holder Mavic Sprark - Spark accessory - Available","description":"Tablet phone holder Mavic Sprark is one of the most important accessory. Contact us to buy Tablet phone holder Mavic Sprark for best price...","robots":{"index":"index","follow":"follow","max-snippet":"max-snippet:-1","max-image-preview":"max-image-preview:large","max-video-preview":"max-video-preview:-1"},"canonical":"https:\/\/phukienflytech.vn\/en\/san-pham\/tablet-phone-holder-mavic-sprark.html","og_locale":"en_US","og_type":"article","og_title":"Tablet phone holder Mavic Sprark - Spark accessory - Available","og_description":"Tablet phone holder Mavic Sprark is one of the most important accessory. Contact us to buy Tablet phone holder Mavic Sprark for best price...","og_url":"https:\/\/phukienflytech.vn\/en\/san-pham\/tablet-phone-holder-mavic-sprark.html","og_site_name":"Shop M\u00e1y \u1ea3nh - Action Camera - Gimbal - Flycam - Ph\u1ee5 ki\u1ec7n","article_publisher":"https:\/\/facebook.com\/phukienflycam","article_modified_time":"2022-08-18T07:11:55+00:00","og_image":[{"width":300,"height":300,"url":"https:\/\/phukienflytech.vn\/wp-content\/uploads\/2020\/05\/300x300_kep-ipad-mavic-pro-2-air-zoom-spark-chinh-hang-phu-kien-flycam-dji_-_Copy.jpg","type":"image\/jpeg"}],"twitter_card":"summary_large_image","twitter_misc":{"Est. reading time":"2 minutes"},"schema":{"@context":"https:\/\/schema.org","@graph":[{"@type":"WebPage","@id":"https:\/\/phukienflytech.vn\/en\/san-pham\/tablet-phone-holder-mavic-sprark.html","url":"https:\/\/phukienflytech.vn\/en\/san-pham\/tablet-phone-holder-mavic-sprark.html","name":"Tablet phone holder Mavic Sprark - Spark accessory - Available","isPartOf":{"@id":"https:\/\/phukienflytech.vn\/#website"},"primaryImageOfPage":{"@id":"https:\/\/phukienflytech.vn\/en\/san-pham\/tablet-phone-holder-mavic-sprark.html#primaryimage"},"image":{"@id":"https:\/\/phukienflytech.vn\/en\/san-pham\/tablet-phone-holder-mavic-sprark.html#primaryimage"},"thumbnailUrl":"https:\/\/phukienflytech.vn\/wp-content\/uploads\/2020\/05\/300x300_kep-ipad-mavic-pro-2-air-zoom-spark-chinh-hang-phu-kien-flycam-dji_-_Copy.jpg","datePublished":"2020-06-22T13:43:17+00:00","dateModified":"2022-08-18T07:11:55+00:00","description":"Tablet phone holder Mavic Sprark is one of the most important accessory. Contact us to buy Tablet phone holder Mavic Sprark for best price...","breadcrumb":{"@id":"https:\/\/phukienflytech.vn\/en\/san-pham\/tablet-phone-holder-mavic-sprark.html#breadcrumb"},"inLanguage":"en-US","potentialAction":[{"@type":"ReadAction","target":["https:\/\/phukienflytech.vn\/en\/san-pham\/tablet-phone-holder-mavic-sprark.html"]}]},{"@type":"ImageObject","inLanguage":"en-US","@id":"https:\/\/phukienflytech.vn\/en\/san-pham\/tablet-phone-holder-mavic-sprark.html#primaryimage","url":"https:\/\/phukienflytech.vn\/wp-content\/uploads\/2020\/05\/300x300_kep-ipad-mavic-pro-2-air-zoom-spark-chinh-hang-phu-kien-flycam-dji_-_Copy.jpg","contentUrl":"https:\/\/phukienflytech.vn\/wp-content\/uploads\/2020\/05\/300x300_kep-ipad-mavic-pro-2-air-zoom-spark-chinh-hang-phu-kien-flycam-dji_-_Copy.jpg","width":300,"height":300},{"@type":"BreadcrumbList","@id":"https:\/\/phukienflytech.vn\/en\/san-pham\/tablet-phone-holder-mavic-sprark.html#breadcrumb","itemListElement":[{"@type":"ListItem","position":1,"name":"Home","item":"https:\/\/phukienflytech.vn\/en"},{"@type":"ListItem","position":2,"name":"Ph\u1ee5 ki\u1ec7n Mavic Pro","item":"https:\/\/phukienflytech.vn\/en\/phu-kien-mavic-pro.html"},{"@type":"ListItem","position":3,"name":"DJI Osmo &amp; Drone's accessories","item":"https:\/\/phukienflytech.vn\/en\/danh-muc\/dji-osmo-drones-accessories.html"},{"@type":"ListItem","position":4,"name":"Ph\u1ee5 ki\u1ec7n DJI Mavic 2","item":"https:\/\/phukienflytech.vn\/en\/danh-muc\/mavic-2s-accessory.html"},{"@type":"ListItem","position":5,"name":"Tablet and smart phone holder for Mavic \/ Sprark series \u2013 Type A"}]},{"@type":"WebSite","@id":"https:\/\/phukienflytech.vn\/#website","url":"https:\/\/phukienflytech.vn\/","name":"Shop M\u00e1y \u1ea3nh - Action Camera - Gimbal - Flycam - Ph\u1ee5 ki\u1ec7n","description":"Shop M\u00e1y \u1ea3nh - Action Camera - Gimbal - Flycam - Ph\u1ee5 ki\u1ec7n","publisher":{"@id":"https:\/\/phukienflytech.vn\/#organization"},"potentialAction":[{"@type":"SearchAction","target":{"@type":"EntryPoint","urlTemplate":"https:\/\/phukienflytech.vn\/?s={search_term_string}"},"query-input":{"@type":"PropertyValueSpecification","valueRequired":true,"valueName":"search_term_string"}}],"inLanguage":"en-US"},{"@type":"Organization","@id":"https:\/\/phukienflytech.vn\/#organization","name":"DJI Store - Shop Drone, Action camera, Gimbal DJI |Phukienflytech","alternateName":"DJI Store - Shop Drone, Action camera, Gimbal DJI |Phukienflytech","url":"https:\/\/phukienflytech.vn\/","logo":{"@type":"ImageObject","inLanguage":"en-US","@id":"https:\/\/phukienflytech.vn\/#\/schema\/logo\/image\/","url":"https:\/\/phukienflytech.vn\/wp-content\/uploads\/2020\/05\/hAnh_nan.jpg1_.jpg","contentUrl":"https:\/\/phukienflytech.vn\/wp-content\/uploads\/2020\/05\/hAnh_nan.jpg1_.jpg","width":800,"height":450,"caption":"DJI Store - Shop Drone, Action camera, Gimbal DJI |Phukienflytech"},"image":{"@id":"https:\/\/phukienflytech.vn\/#\/schema\/logo\/image\/"},"sameAs":["https:\/\/facebook.com\/phukienflycam","https:\/\/www.youtube.com\/@phukienflytech","https:\/\/www.tiktok.com\/@flytech.channel?fbclid=IwY2xjawGjg7BleHRuA2FlbQIxMAABHYVGmlXpuSMs0UB2zTpYvyT4GMVfN2qJa4urF4vkSQ6FAVBwXZtDP30qQA_aem_UwMiDcUvlEbd2tXAmsc8Og"]}]}},"_links":{"self":[{"href":"https:\/\/phukienflytech.vn\/en\/wp-json\/wp\/v2\/product\/1519","targetHints":{"allow":["GET"]}}],"collection":[{"href":"https:\/\/phukienflytech.vn\/en\/wp-json\/wp\/v2\/product"}],"about":[{"href":"https:\/\/phukienflytech.vn\/en\/wp-json\/wp\/v2\/types\/product"}],"replies":[{"embeddable":true,"href":"https:\/\/phukienflytech.vn\/en\/wp-json\/wp\/v2\/comments?post=1519"}],"wp:featuredmedia":[{"embeddable":true,"href":"https:\/\/phukienflytech.vn\/en\/wp-json\/wp\/v2\/media\/16458"}],"wp:attachment":[{"href":"https:\/\/phukienflytech.vn\/en\/wp-json\/wp\/v2\/media?parent=1519"}],"wp:term":[{"taxonomy":"product_brand","embeddable":true,"href":"https:\/\/phukienflytech.vn\/en\/wp-json\/wp\/v2\/product_brand?post=1519"},{"taxonomy":"product_cat","embeddable":true,"href":"https:\/\/phukienflytech.vn\/en\/wp-json\/wp\/v2\/product_cat?post=1519"},{"taxonomy":"product_tag","embeddable":true,"href":"https:\/\/phukienflytech.vn\/en\/wp-json\/wp\/v2\/product_tag?post=1519"}],"curies":[{"name":"wp","href":"https:\/\/api.w.org\/{rel}","templated":true}]}}