{"id":1535,"date":"2020-06-17T21:20:28","date_gmt":"2020-06-17T14:20:28","guid":{"rendered":"http:\/\/27430.lamdx.vinawebsite.vn\/san-pham\/tui-chuyen-dung-mavic-pro-air-platinum-mavic-2-phu-kien-mavic.html"},"modified":"2020-10-13T15:58:32","modified_gmt":"2020-10-13T08:58:32","slug":"bag-for-mavic-pro","status":"publish","type":"product","link":"https:\/\/phukienflytech.vn\/en\/san-pham\/bag-for-mavic-pro.html","title":{"rendered":"Professional shoulder bag benchmarked orginal for Mavic Pro"},"content":{"rendered":"<h2><span style=\"color: #0000ff;\"><em><strong>Bag for Mavic Pro<\/strong><\/em><\/span><\/h2>\n<h2><\/h2>\n<p><span style=\"font-size: 19px;\">Bag for Mavic Pro<\/span><\/p>\n<p><span style=\"font-size: 18px;\">\u0110\u1ed1i v\u1edbi nh\u1eefng ng\u01b0\u1eddi ch\u01a1i DJI Mavic pro ch\u1eafc ch\u1eafn kh\u00f4ng th\u1ec3 thi\u1ebfu c\u00e1c lo\u1ea1i balo mavic \u0111\u1ec3 b\u1ea3o v\u1ec7 cho chi\u1ebfc flycam c\u1ee7a b\u1ea1n kh\u1ecfi nh\u1eefng va ch\u1ea1m kh\u00f4ng \u0111\u00e1ng c\u00f3 khi di chuy\u1ec3n. T\u00fai \u0111eo ch\u1ed1ng s\u1ed1c DJI Mavic air, platium l\u00e0 ph\u1ee5 ki\u1ec7n ph\u1ee5 ki\u1ec7n gi\u00fap b\u1ea1n l\u00e0m th\u1ef1c hi\u1ec7n \u0111i\u1ec1u \u0111\u00f3.<\/span><\/p>\n<p><span style=\"font-size: 18px;\">S\u1ea3n ph\u1ea9m <strong>T\u00fai \u0111\u1ef1ng mavic 2 pro platinum\u00a0<\/strong><\/span><\/p>\n<h2><span style=\"font-size: 18px; color: #0000ff;\"><strong><em><img loading=\"lazy\" decoding=\"async\" class=\"alignnone wp-image-13576 size-medium\" src=\"https:\/\/phukienflytech.vn\/wp-content\/uploads\/2020\/05\/tui-chuyen-dung-mavic-pro-air-platinum-mavic-2-phu-kien-mavic-1526-3-400x400.png\" alt=\"Bag-for-Mavic-Pro-7\" width=\"400\" height=\"400\" srcset=\"https:\/\/phukienflytech.vn\/wp-content\/uploads\/2020\/05\/tui-chuyen-dung-mavic-pro-air-platinum-mavic-2-phu-kien-mavic-1526-3-400x400.png 400w, https:\/\/phukienflytech.vn\/wp-content\/uploads\/2020\/05\/tui-chuyen-dung-mavic-pro-air-platinum-mavic-2-phu-kien-mavic-1526-3-280x280.png 280w, https:\/\/phukienflytech.vn\/wp-content\/uploads\/2020\/05\/tui-chuyen-dung-mavic-pro-air-platinum-mavic-2-phu-kien-mavic-1526-3-300x300.png 300w, https:\/\/phukienflytech.vn\/wp-content\/uploads\/2020\/05\/tui-chuyen-dung-mavic-pro-air-platinum-mavic-2-phu-kien-mavic-1526-3.png 600w, https:\/\/phukienflytech.vn\/wp-content\/uploads\/2020\/05\/tui-chuyen-dung-mavic-pro-air-platinum-mavic-2-phu-kien-mavic-1526-3-100x100.png 100w\" sizes=\"auto, (max-width: 400px) 100vw, 400px\" \/><\/em><\/strong><\/span><\/h2>\n<p><span style=\"font-size: 18px;\">Yxtech l\u00e0 1 trong nh\u1eefng NSX v\u00e0 ph\u00e2n ph\u1ed1i h\u00e0ng \u0111\u1ea7u c\u1ee7a d\u00f2ng balo DJI Mavic series v\u00e0 c\u00e1c Ph\u1ee5 ki\u1ec7n flycam dji kh\u00e1c.<\/span><\/p>\n<p><span style=\"font-size: 18px;\"><strong><em>T\u00fai \u0111\u1ef1ng ch\u1ed1ng s\u1ed1c DJI Mavic pro<\/em><\/strong>\u00a0c\u00f3 m\u00e0u \u0111en.\u00a0 V\u1ecf m\u1ec1m, v\u1ea3i ch\u1ed1ng n\u01b0\u1edbc, v\u1edbi l\u1edbp m\u00fat m\u1ec1m, d\u00e0y thi\u1ebft k\u1ebf theo ti\u00eau chu\u1ea9n ch\u1ecbu l\u1ef1c, Flycam c\u1ee7a b\u1ea1n s\u1ebd an to\u00e0n h\u01a1n khi kh\u00f4ng may va qu\u1ec7t v\u00e0o c\u00e1c v\u1eadt d\u1ee5ng c\u1ee9ng.<\/span><\/p>\n<p><span style=\"font-size: 18px;\">Chi ti\u1ebft <strong>balo ch\u1ed1ng mavic 2 pro platinum<\/strong><\/span><\/p>\n<h2><span style=\"font-size: 18px; color: #0000ff;\"><strong><em><img loading=\"lazy\" decoding=\"async\" class=\"alignnone size-medium wp-image-13578\" src=\"https:\/\/phukienflytech.vn\/wp-content\/uploads\/2020\/05\/tui-chuyen-dung-mavic-pro-air-platinum-mavic-2-phu-kien-mavic-1526-1-1-400x400.png\" alt=\"\" width=\"400\" height=\"400\" srcset=\"https:\/\/phukienflytech.vn\/wp-content\/uploads\/2020\/05\/tui-chuyen-dung-mavic-pro-air-platinum-mavic-2-phu-kien-mavic-1526-1-1-400x400.png 400w, https:\/\/phukienflytech.vn\/wp-content\/uploads\/2020\/05\/tui-chuyen-dung-mavic-pro-air-platinum-mavic-2-phu-kien-mavic-1526-1-1-280x280.png 280w, https:\/\/phukienflytech.vn\/wp-content\/uploads\/2020\/05\/tui-chuyen-dung-mavic-pro-air-platinum-mavic-2-phu-kien-mavic-1526-1-1-300x300.png 300w, https:\/\/phukienflytech.vn\/wp-content\/uploads\/2020\/05\/tui-chuyen-dung-mavic-pro-air-platinum-mavic-2-phu-kien-mavic-1526-1-1-600x600.png 600w, https:\/\/phukienflytech.vn\/wp-content\/uploads\/2020\/05\/tui-chuyen-dung-mavic-pro-air-platinum-mavic-2-phu-kien-mavic-1526-1-1-100x100.png 100w, https:\/\/phukienflytech.vn\/wp-content\/uploads\/2020\/05\/tui-chuyen-dung-mavic-pro-air-platinum-mavic-2-phu-kien-mavic-1526-1-1.png 676w\" sizes=\"auto, (max-width: 400px) 100vw, 400px\" \/><\/em><\/strong><\/span><\/h2>\n<p><span style=\"font-size: 18px;\">+ Ph\u00f9 h\u01a1p : Mavic pro , Mavic platium , Mavic air<\/span><\/p>\n<p><span style=\"font-size: 18px;\">+ K\u00edch th\u01b0\u1edbc\u00a0 : 17cm x 25cm x 14 cm<\/span><\/p>\n<p><span style=\"font-size: 18px;\">+ Tr\u1ecdng l\u01b0\u1ee3ng : 270g<\/span><\/p>\n<p><span style=\"font-size: 18px;\">+ Kh\u1ea3 n\u0103ng ch\u1ee9a \u0111\u1ef1ng :<\/span><\/p>\n<h2><span style=\"font-size: 18px; color: #0000ff;\"><strong><em><img loading=\"lazy\" decoding=\"async\" class=\"alignnone wp-image-13580 size-medium\" src=\"https:\/\/phukienflytech.vn\/wp-content\/uploads\/2020\/05\/tui-chuyen-dung-mavic-pro-air-platinum-mavic-2-phu-kien-mavic-1526-2-1-400x400.png\" alt=\"Bag-for-Mavic-Pro\" width=\"400\" height=\"400\" srcset=\"https:\/\/phukienflytech.vn\/wp-content\/uploads\/2020\/05\/tui-chuyen-dung-mavic-pro-air-platinum-mavic-2-phu-kien-mavic-1526-2-1-400x400.png 400w, https:\/\/phukienflytech.vn\/wp-content\/uploads\/2020\/05\/tui-chuyen-dung-mavic-pro-air-platinum-mavic-2-phu-kien-mavic-1526-2-1-280x280.png 280w, https:\/\/phukienflytech.vn\/wp-content\/uploads\/2020\/05\/tui-chuyen-dung-mavic-pro-air-platinum-mavic-2-phu-kien-mavic-1526-2-1-300x300.png 300w, https:\/\/phukienflytech.vn\/wp-content\/uploads\/2020\/05\/tui-chuyen-dung-mavic-pro-air-platinum-mavic-2-phu-kien-mavic-1526-2-1-600x600.png 600w, https:\/\/phukienflytech.vn\/wp-content\/uploads\/2020\/05\/tui-chuyen-dung-mavic-pro-air-platinum-mavic-2-phu-kien-mavic-1526-2-1-100x100.png 100w, https:\/\/phukienflytech.vn\/wp-content\/uploads\/2020\/05\/tui-chuyen-dung-mavic-pro-air-platinum-mavic-2-phu-kien-mavic-1526-2-1.png 664w\" sizes=\"auto, (max-width: 400px) 100vw, 400px\" \/><\/em><\/strong><\/span><\/h2>\n<p><span style=\"font-size: 18px;\">Balo DJI mavic air , mavic platium c\u00f3 k\u00edch c\u1ee1 nh\u1ecf g\u1ecdn, quai \u0111eo b\u1ec1n ch\u1eafc, c\u00f3 c\u00e1c ng\u0103n ph\u1ee5 khi\u1ebfn vi\u1ec7c mang flycam theo ng\u01b0\u1eddi tr\u1edf n\u00ean thu\u1eadn ti\u1ec7n v\u00e0 tho\u1ea3i m\u00e1i h\u01a1n. \u0110\u1eb7c bi\u1ec7t ph\u00f9 h\u1ee3p v\u1edbi nh\u1eefng ai th\u01b0\u1eddng xuy\u00ean di chuy\u1ec3n.<\/span><\/p>\n<p><span style=\"font-size: 18px;\">Xem th\u00eam &gt;&gt;&gt;&gt; <span style=\"font-size: 19px;\"><a href=\"https:\/\/phukienflytech.vn\/danh-muc\/phu-kien-mavic-2.html\" target=\"_blank\" rel=\"noopener noreferrer\">Ph\u1ee5 ki\u1ec7n mavic 2<\/a><\/span><\/span><\/p>\n<p><span style=\"font-size: 18px;\">Li\u00ean h\u1ec7 v\u1edbi ch\u00fang t\u00f4i tr\u00ean Facebook: <a href=\"https:\/\/facebook.com\/phukienflycam\" target=\"_blank\" rel=\"noopener noreferrer\">Ph\u1ee5 Ki\u1ec7n Flytech Gi\u00e1 T\u1ed1t<\/a><\/span><\/p>\n","protected":false},"excerpt":{"rendered":"<p>Bag for Mavic Pro Bag for Mavic Pro \u0110\u1ed1i v\u1edbi nh\u1eefng ng\u01b0\u1eddi ch\u01a1i DJI Mavic pro ch\u1eafc ch\u1eafn kh\u00f4ng th\u1ec3 thi\u1ebfu c\u00e1c lo\u1ea1i balo mavic \u0111\u1ec3 b\u1ea3o v\u1ec7 cho chi\u1ebfc flycam c\u1ee7a b\u1ea1n kh\u1ecfi nh\u1eefng va ch\u1ea1m kh\u00f4ng \u0111\u00e1ng c\u00f3 khi di chuy\u1ec3n. T\u00fai \u0111eo ch\u1ed1ng s\u1ed1c DJI Mavic air, platium l\u00e0 ph\u1ee5 ki\u1ec7n ph\u1ee5 &#8230;<\/p>\n","protected":false},"featured_media":20354,"comment_status":"open","ping_status":"closed","template":"","meta":{"_acf_changed":false},"product_brand":[],"product_cat":[177,180,181,178],"product_tag":[206,202],"class_list":{"0":"post-1535","1":"product","2":"type-product","3":"status-publish","4":"has-post-thumbnail","6":"product_cat-mavic-2s-accessory","7":"product_cat-mavic-air-accessory","8":"product_cat-mavic-mini-accessory","9":"product_cat-mavic-pro-accessory","10":"product_tag-phu-kien-dji-en","11":"product_tag-phu-kien-mavic-en","13":"first","14":"instock","15":"shipping-taxable","16":"purchasable","17":"product-type-simple"},"acf":[],"yoast_head":"<!-- This site is optimized with the Yoast SEO plugin v25.7 - https:\/\/yoast.com\/wordpress\/plugins\/seo\/ -->\n<title>Bag for Mavic Pro - Mavic accessory - Available - Original<\/title>\n<meta name=\"description\" content=\"Bag for Mavic Pro is one of the most important accessory. Contact us to buy Bag for Mavic Pro for best price, fast shipping in Vietnam.\" \/>\n<meta name=\"robots\" content=\"index, follow, max-snippet:-1, max-image-preview:large, max-video-preview:-1\" \/>\n<link rel=\"canonical\" href=\"https:\/\/phukienflytech.vn\/san-pham\/tui-chuyen-dung-mavic-pro-air-platinum-mavic-2-phu-kien-mavic.html\" \/>\n<meta property=\"og:locale\" content=\"en_US\" \/>\n<meta property=\"og:type\" content=\"article\" \/>\n<meta property=\"og:title\" content=\"Bag for Mavic Pro - Mavic accessory - Available - Original\" \/>\n<meta property=\"og:description\" content=\"Bag for Mavic Pro is one of the most important accessory. Contact us to buy Bag for Mavic Pro for best price, fast shipping in Vietnam.\" \/>\n<meta property=\"og:url\" content=\"https:\/\/phukienflytech.vn\/san-pham\/tui-chuyen-dung-mavic-pro-air-platinum-mavic-2-phu-kien-mavic.html\" \/>\n<meta property=\"og:site_name\" content=\"Shop M\u00e1y \u1ea3nh - Action Camera - Gimbal - Flycam - Ph\u1ee5 ki\u1ec7n\" \/>\n<meta property=\"article:publisher\" content=\"https:\/\/facebook.com\/phukienflycam\" \/>\n<meta property=\"article:modified_time\" content=\"2020-10-13T08:58:32+00:00\" \/>\n<meta property=\"og:image\" content=\"https:\/\/phukienflytech.vn\/wp-content\/uploads\/2020\/06\/B\u1ea3n-sao-c\u1ee7a-phu-kien-dji-flycam-mavic-pro-tui-balo-mavic-pro.png\" \/>\n\t<meta property=\"og:image:width\" content=\"667\" \/>\n\t<meta property=\"og:image:height\" content=\"562\" \/>\n\t<meta property=\"og:image:type\" content=\"image\/png\" \/>\n<meta name=\"twitter:card\" content=\"summary_large_image\" \/>\n<meta name=\"twitter:label1\" content=\"Est. reading time\" \/>\n\t<meta name=\"twitter:data1\" content=\"2 minutes\" \/>\n<script type=\"application\/ld+json\" class=\"yoast-schema-graph\">{\"@context\":\"https:\/\/schema.org\",\"@graph\":[{\"@type\":\"WebPage\",\"@id\":\"https:\/\/phukienflytech.vn\/san-pham\/tui-chuyen-dung-mavic-pro-air-platinum-mavic-2-phu-kien-mavic.html\",\"url\":\"https:\/\/phukienflytech.vn\/san-pham\/tui-chuyen-dung-mavic-pro-air-platinum-mavic-2-phu-kien-mavic.html\",\"name\":\"Bag for Mavic Pro - Mavic accessory - Available - Original\",\"isPartOf\":{\"@id\":\"https:\/\/phukienflytech.vn\/#website\"},\"primaryImageOfPage\":{\"@id\":\"https:\/\/phukienflytech.vn\/san-pham\/tui-chuyen-dung-mavic-pro-air-platinum-mavic-2-phu-kien-mavic.html#primaryimage\"},\"image\":{\"@id\":\"https:\/\/phukienflytech.vn\/san-pham\/tui-chuyen-dung-mavic-pro-air-platinum-mavic-2-phu-kien-mavic.html#primaryimage\"},\"thumbnailUrl\":\"https:\/\/phukienflytech.vn\/wp-content\/uploads\/2020\/06\/B\u1ea3n-sao-c\u1ee7a-phu-kien-dji-flycam-mavic-pro-tui-balo-mavic-pro.png\",\"datePublished\":\"2020-06-17T14:20:28+00:00\",\"dateModified\":\"2020-10-13T08:58:32+00:00\",\"description\":\"Bag for Mavic Pro is one of the most important accessory. Contact us to buy Bag for Mavic Pro for best price, fast shipping in Vietnam.\",\"breadcrumb\":{\"@id\":\"https:\/\/phukienflytech.vn\/san-pham\/tui-chuyen-dung-mavic-pro-air-platinum-mavic-2-phu-kien-mavic.html#breadcrumb\"},\"inLanguage\":\"en-US\",\"potentialAction\":[{\"@type\":\"ReadAction\",\"target\":[\"https:\/\/phukienflytech.vn\/san-pham\/tui-chuyen-dung-mavic-pro-air-platinum-mavic-2-phu-kien-mavic.html\"]}]},{\"@type\":\"ImageObject\",\"inLanguage\":\"en-US\",\"@id\":\"https:\/\/phukienflytech.vn\/san-pham\/tui-chuyen-dung-mavic-pro-air-platinum-mavic-2-phu-kien-mavic.html#primaryimage\",\"url\":\"https:\/\/phukienflytech.vn\/wp-content\/uploads\/2020\/06\/B\u1ea3n-sao-c\u1ee7a-phu-kien-dji-flycam-mavic-pro-tui-balo-mavic-pro.png\",\"contentUrl\":\"https:\/\/phukienflytech.vn\/wp-content\/uploads\/2020\/06\/B\u1ea3n-sao-c\u1ee7a-phu-kien-dji-flycam-mavic-pro-tui-balo-mavic-pro.png\",\"width\":667,\"height\":562},{\"@type\":\"BreadcrumbList\",\"@id\":\"https:\/\/phukienflytech.vn\/san-pham\/tui-chuyen-dung-mavic-pro-air-platinum-mavic-2-phu-kien-mavic.html#breadcrumb\",\"itemListElement\":[{\"@type\":\"ListItem\",\"position\":1,\"name\":\"Home\",\"item\":\"https:\/\/phukienflytech.vn\/en\"},{\"@type\":\"ListItem\",\"position\":2,\"name\":\"Ph\u1ee5 ki\u1ec7n Mavic Pro\",\"item\":\"https:\/\/phukienflytech.vn\/en\/phu-kien-mavic-pro.html\"},{\"@type\":\"ListItem\",\"position\":3,\"name\":\"DJI Osmo &amp; Drone's accessories\",\"item\":\"https:\/\/phukienflytech.vn\/en\/danh-muc\/dji-osmo-drones-accessories.html\"},{\"@type\":\"ListItem\",\"position\":4,\"name\":\"Ph\u1ee5 ki\u1ec7n flycam Mavic Air\",\"item\":\"https:\/\/phukienflytech.vn\/en\/danh-muc\/mavic-air-accessory.html\"},{\"@type\":\"ListItem\",\"position\":5,\"name\":\"Professional shoulder bag benchmarked orginal for Mavic Pro\"}]},{\"@type\":\"WebSite\",\"@id\":\"https:\/\/phukienflytech.vn\/#website\",\"url\":\"https:\/\/phukienflytech.vn\/\",\"name\":\"Shop M\u00e1y \u1ea3nh - Action Camera - Gimbal - Flycam - Ph\u1ee5 ki\u1ec7n\",\"description\":\"Shop M\u00e1y \u1ea3nh - Action Camera - Gimbal - Flycam - Ph\u1ee5 ki\u1ec7n\",\"publisher\":{\"@id\":\"https:\/\/phukienflytech.vn\/#organization\"},\"potentialAction\":[{\"@type\":\"SearchAction\",\"target\":{\"@type\":\"EntryPoint\",\"urlTemplate\":\"https:\/\/phukienflytech.vn\/?s={search_term_string}\"},\"query-input\":{\"@type\":\"PropertyValueSpecification\",\"valueRequired\":true,\"valueName\":\"search_term_string\"}}],\"inLanguage\":\"en-US\"},{\"@type\":\"Organization\",\"@id\":\"https:\/\/phukienflytech.vn\/#organization\",\"name\":\"DJI Store - Shop Drone, Action camera, Gimbal DJI |Phukienflytech\",\"alternateName\":\"DJI Store - Shop Drone, Action camera, Gimbal DJI |Phukienflytech\",\"url\":\"https:\/\/phukienflytech.vn\/\",\"logo\":{\"@type\":\"ImageObject\",\"inLanguage\":\"en-US\",\"@id\":\"https:\/\/phukienflytech.vn\/#\/schema\/logo\/image\/\",\"url\":\"https:\/\/phukienflytech.vn\/wp-content\/uploads\/2020\/05\/hAnh_nan.jpg1_.jpg\",\"contentUrl\":\"https:\/\/phukienflytech.vn\/wp-content\/uploads\/2020\/05\/hAnh_nan.jpg1_.jpg\",\"width\":800,\"height\":450,\"caption\":\"DJI Store - Shop Drone, Action camera, Gimbal DJI |Phukienflytech\"},\"image\":{\"@id\":\"https:\/\/phukienflytech.vn\/#\/schema\/logo\/image\/\"},\"sameAs\":[\"https:\/\/facebook.com\/phukienflycam\",\"https:\/\/www.youtube.com\/@phukienflytech\",\"https:\/\/www.tiktok.com\/@flytech.channel?fbclid=IwY2xjawGjg7BleHRuA2FlbQIxMAABHYVGmlXpuSMs0UB2zTpYvyT4GMVfN2qJa4urF4vkSQ6FAVBwXZtDP30qQA_aem_UwMiDcUvlEbd2tXAmsc8Og\"]}]}<\/script>\n<!-- \/ Yoast SEO plugin. -->","yoast_head_json":{"title":"Bag for Mavic Pro - Mavic accessory - Available - Original","description":"Bag for Mavic Pro is one of the most important accessory. Contact us to buy Bag for Mavic Pro for best price, fast shipping in Vietnam.","robots":{"index":"index","follow":"follow","max-snippet":"max-snippet:-1","max-image-preview":"max-image-preview:large","max-video-preview":"max-video-preview:-1"},"canonical":"https:\/\/phukienflytech.vn\/san-pham\/tui-chuyen-dung-mavic-pro-air-platinum-mavic-2-phu-kien-mavic.html","og_locale":"en_US","og_type":"article","og_title":"Bag for Mavic Pro - Mavic accessory - Available - Original","og_description":"Bag for Mavic Pro is one of the most important accessory. Contact us to buy Bag for Mavic Pro for best price, fast shipping in Vietnam.","og_url":"https:\/\/phukienflytech.vn\/san-pham\/tui-chuyen-dung-mavic-pro-air-platinum-mavic-2-phu-kien-mavic.html","og_site_name":"Shop M\u00e1y \u1ea3nh - Action Camera - Gimbal - Flycam - Ph\u1ee5 ki\u1ec7n","article_publisher":"https:\/\/facebook.com\/phukienflycam","article_modified_time":"2020-10-13T08:58:32+00:00","og_image":[{"width":667,"height":562,"url":"https:\/\/phukienflytech.vn\/wp-content\/uploads\/2020\/06\/B\u1ea3n-sao-c\u1ee7a-phu-kien-dji-flycam-mavic-pro-tui-balo-mavic-pro.png","type":"image\/png"}],"twitter_card":"summary_large_image","twitter_misc":{"Est. reading time":"2 minutes"},"schema":{"@context":"https:\/\/schema.org","@graph":[{"@type":"WebPage","@id":"https:\/\/phukienflytech.vn\/san-pham\/tui-chuyen-dung-mavic-pro-air-platinum-mavic-2-phu-kien-mavic.html","url":"https:\/\/phukienflytech.vn\/san-pham\/tui-chuyen-dung-mavic-pro-air-platinum-mavic-2-phu-kien-mavic.html","name":"Bag for Mavic Pro - Mavic accessory - Available - Original","isPartOf":{"@id":"https:\/\/phukienflytech.vn\/#website"},"primaryImageOfPage":{"@id":"https:\/\/phukienflytech.vn\/san-pham\/tui-chuyen-dung-mavic-pro-air-platinum-mavic-2-phu-kien-mavic.html#primaryimage"},"image":{"@id":"https:\/\/phukienflytech.vn\/san-pham\/tui-chuyen-dung-mavic-pro-air-platinum-mavic-2-phu-kien-mavic.html#primaryimage"},"thumbnailUrl":"https:\/\/phukienflytech.vn\/wp-content\/uploads\/2020\/06\/B\u1ea3n-sao-c\u1ee7a-phu-kien-dji-flycam-mavic-pro-tui-balo-mavic-pro.png","datePublished":"2020-06-17T14:20:28+00:00","dateModified":"2020-10-13T08:58:32+00:00","description":"Bag for Mavic Pro is one of the most important accessory. Contact us to buy Bag for Mavic Pro for best price, fast shipping in Vietnam.","breadcrumb":{"@id":"https:\/\/phukienflytech.vn\/san-pham\/tui-chuyen-dung-mavic-pro-air-platinum-mavic-2-phu-kien-mavic.html#breadcrumb"},"inLanguage":"en-US","potentialAction":[{"@type":"ReadAction","target":["https:\/\/phukienflytech.vn\/san-pham\/tui-chuyen-dung-mavic-pro-air-platinum-mavic-2-phu-kien-mavic.html"]}]},{"@type":"ImageObject","inLanguage":"en-US","@id":"https:\/\/phukienflytech.vn\/san-pham\/tui-chuyen-dung-mavic-pro-air-platinum-mavic-2-phu-kien-mavic.html#primaryimage","url":"https:\/\/phukienflytech.vn\/wp-content\/uploads\/2020\/06\/B\u1ea3n-sao-c\u1ee7a-phu-kien-dji-flycam-mavic-pro-tui-balo-mavic-pro.png","contentUrl":"https:\/\/phukienflytech.vn\/wp-content\/uploads\/2020\/06\/B\u1ea3n-sao-c\u1ee7a-phu-kien-dji-flycam-mavic-pro-tui-balo-mavic-pro.png","width":667,"height":562},{"@type":"BreadcrumbList","@id":"https:\/\/phukienflytech.vn\/san-pham\/tui-chuyen-dung-mavic-pro-air-platinum-mavic-2-phu-kien-mavic.html#breadcrumb","itemListElement":[{"@type":"ListItem","position":1,"name":"Home","item":"https:\/\/phukienflytech.vn\/en"},{"@type":"ListItem","position":2,"name":"Ph\u1ee5 ki\u1ec7n Mavic Pro","item":"https:\/\/phukienflytech.vn\/en\/phu-kien-mavic-pro.html"},{"@type":"ListItem","position":3,"name":"DJI Osmo &amp; Drone's accessories","item":"https:\/\/phukienflytech.vn\/en\/danh-muc\/dji-osmo-drones-accessories.html"},{"@type":"ListItem","position":4,"name":"Ph\u1ee5 ki\u1ec7n flycam Mavic Air","item":"https:\/\/phukienflytech.vn\/en\/danh-muc\/mavic-air-accessory.html"},{"@type":"ListItem","position":5,"name":"Professional shoulder bag benchmarked orginal for Mavic Pro"}]},{"@type":"WebSite","@id":"https:\/\/phukienflytech.vn\/#website","url":"https:\/\/phukienflytech.vn\/","name":"Shop M\u00e1y \u1ea3nh - Action Camera - Gimbal - Flycam - Ph\u1ee5 ki\u1ec7n","description":"Shop M\u00e1y \u1ea3nh - Action Camera - Gimbal - Flycam - Ph\u1ee5 ki\u1ec7n","publisher":{"@id":"https:\/\/phukienflytech.vn\/#organization"},"potentialAction":[{"@type":"SearchAction","target":{"@type":"EntryPoint","urlTemplate":"https:\/\/phukienflytech.vn\/?s={search_term_string}"},"query-input":{"@type":"PropertyValueSpecification","valueRequired":true,"valueName":"search_term_string"}}],"inLanguage":"en-US"},{"@type":"Organization","@id":"https:\/\/phukienflytech.vn\/#organization","name":"DJI Store - Shop Drone, Action camera, Gimbal DJI |Phukienflytech","alternateName":"DJI Store - Shop Drone, Action camera, Gimbal DJI |Phukienflytech","url":"https:\/\/phukienflytech.vn\/","logo":{"@type":"ImageObject","inLanguage":"en-US","@id":"https:\/\/phukienflytech.vn\/#\/schema\/logo\/image\/","url":"https:\/\/phukienflytech.vn\/wp-content\/uploads\/2020\/05\/hAnh_nan.jpg1_.jpg","contentUrl":"https:\/\/phukienflytech.vn\/wp-content\/uploads\/2020\/05\/hAnh_nan.jpg1_.jpg","width":800,"height":450,"caption":"DJI Store - Shop Drone, Action camera, Gimbal DJI |Phukienflytech"},"image":{"@id":"https:\/\/phukienflytech.vn\/#\/schema\/logo\/image\/"},"sameAs":["https:\/\/facebook.com\/phukienflycam","https:\/\/www.youtube.com\/@phukienflytech","https:\/\/www.tiktok.com\/@flytech.channel?fbclid=IwY2xjawGjg7BleHRuA2FlbQIxMAABHYVGmlXpuSMs0UB2zTpYvyT4GMVfN2qJa4urF4vkSQ6FAVBwXZtDP30qQA_aem_UwMiDcUvlEbd2tXAmsc8Og"]}]}},"_links":{"self":[{"href":"https:\/\/phukienflytech.vn\/en\/wp-json\/wp\/v2\/product\/1535","targetHints":{"allow":["GET"]}}],"collection":[{"href":"https:\/\/phukienflytech.vn\/en\/wp-json\/wp\/v2\/product"}],"about":[{"href":"https:\/\/phukienflytech.vn\/en\/wp-json\/wp\/v2\/types\/product"}],"replies":[{"embeddable":true,"href":"https:\/\/phukienflytech.vn\/en\/wp-json\/wp\/v2\/comments?post=1535"}],"wp:featuredmedia":[{"embeddable":true,"href":"https:\/\/phukienflytech.vn\/en\/wp-json\/wp\/v2\/media\/20354"}],"wp:attachment":[{"href":"https:\/\/phukienflytech.vn\/en\/wp-json\/wp\/v2\/media?parent=1535"}],"wp:term":[{"taxonomy":"product_brand","embeddable":true,"href":"https:\/\/phukienflytech.vn\/en\/wp-json\/wp\/v2\/product_brand?post=1535"},{"taxonomy":"product_cat","embeddable":true,"href":"https:\/\/phukienflytech.vn\/en\/wp-json\/wp\/v2\/product_cat?post=1535"},{"taxonomy":"product_tag","embeddable":true,"href":"https:\/\/phukienflytech.vn\/en\/wp-json\/wp\/v2\/product_tag?post=1535"}],"curies":[{"name":"wp","href":"https:\/\/api.w.org\/{rel}","templated":true}]}}