{"id":1557,"date":"2020-05-18T18:13:34","date_gmt":"2020-05-18T11:13:34","guid":{"rendered":"http:\/\/27430.lamdx.vinawebsite.vn\/san-pham\/combo-3-filter-mavic-2-zoom.html"},"modified":"2020-05-18T18:15:21","modified_gmt":"2020-05-18T11:15:21","slug":"combo-3-filter-mavic-2-zoom","status":"publish","type":"product","link":"https:\/\/phukienflytech.vn\/en\/san-pham\/combo-3-filter-mavic-2-zoom.html","title":{"rendered":"Combo 3 filter Mavic 2 zoom"},"content":{"rendered":"<h2><span style=\"font-size: 18px; color: #0000ff;\"><strong><em>Ph\u1ee5 ki\u1ec7n Mavic 2 zoom<\/em><\/strong><\/span><\/h2>\n<p><span style=\"font-size: 14px;\"><em><strong>K\u00ednh l\u1ecdc Mavic 2 zoom<\/strong><\/em>\u00a0l\u00e0 m\u1ed9t trong nh\u1eefng\u00a0<em><strong>ph\u1ee5 ki\u1ec7n mavic 2<\/strong>\u00a0<\/em>\u0111\u01b0\u1ee3c c\u00e1c pilot v\u00f4 c\u00f9ng quan t\u00e2m.\u00a0 Hi\u1ec7n nay c\u00f3 r\u1ea5t nhi\u1ec1u c\u00e1c filter mavic \u0111\u1ec3 ng\u01b0\u1eddi d\u00f9ng c\u00f3 th\u1ec3 d\u1ec5 d\u00e0ng ch\u1ecdn l\u1ef1a nh\u01b0\u00a0<em><strong>filter CPL Mavic 2 zoom<\/strong><\/em>,\u00a0\u00a0<em><strong>filter MCUV<\/strong><\/em>,<em><strong>b\u1ed9 combo filter\u00a0 lens Mavic 2 zoom<\/strong><\/em>,\u00a0\u00a0<em><strong>filter ND Mavic 2 zoom<\/strong><\/em>,&#8230;t\u1ea5t c\u1ea3 \u0111\u1ec1u ph\u1ee5 thu\u1ed9c v\u00e0o s\u1ef1 l\u1ef1a ch\u1ecdn c\u1ee7a ng\u01b0\u1eddi d\u00f9ng v\u00e0 s\u1ef1 hi\u1ec3u bi\u1ebft c\u1ee7a h\u1ecd v\u1ec1 lens camera Mavic 2 zoom,\u00a0 kinh l\u1ecdc mavic.<\/span><\/p>\n<p><span style=\"font-size: 14px;\"><img loading=\"lazy\" decoding=\"async\" src=\"https:\/\/phukienflytech.vn\/wp-content\/uploads\/2020\/05\/combo-3-filter-mavic-2-zoom-1538.jpg\" alt=\"\" width=\"450\" height=\"450\" \/><\/span><\/p>\n<h2><span style=\"font-size: 18px; color: #0000ff;\"><strong><em>C\u00f4ng d\u1ee5ng\u00a0<\/em><\/strong><\/span><\/h2>\n<p><span style=\"font-size: 14px;\">B\u1ed9 filter mavic c\u00f3 ba lo\u1ea1i l\u00e0\u00a0<em><strong>CPL MAVIC 2<\/strong><\/em>,\u00a0 MCUV MAVIC v\u00e0 filter ND mavic.\u00a0 M\u1ed7i lo\u1ea1i\u00a0<em><strong>ph\u1ee5 ki\u1ec7n mavic 2 zoom<\/strong><\/em>\u00a0l\u1ea1i c\u00f3 m\u1ed9t c\u00f4ng d\u1ee5ng v\u00f4 c\u00f9ng kh\u00e1c nhau \u0111\u1ec3 ng\u01b0\u1eddi d\u00f9ng c\u00f3 th\u1ec3 d\u1ec5 d\u00e0ng l\u1ef1a ch\u1ecdn.<\/span><\/p>\n<p><span style=\"font-size: 14px;\"><img loading=\"lazy\" decoding=\"async\" src=\"https:\/\/phukienflytech.vn\/wp-content\/uploads\/2020\/05\/combo-3-filter-mavic-2-zoom-1538-1.jpg\" alt=\"\" width=\"450\" height=\"450\" \/><\/span><\/p>\n<p><span style=\"font-size: 14px;\"><em><strong>Filter ND mavic 2<\/strong>\u00a0<\/em>l\u00e0 lens mavic c\u00f3 t\u00e1c d\u1ee5ng gi\u00fap gi\u1ea3m s\u00e1ng to\u00e0n ph\u1ea7n t\u1ef1 nhi\u00ean, b\u1edbt c\u01b0\u1eddng \u0111\u1ed9 \u00e1nh s\u00e1ng gi\u00fap cho ng\u01b0\u1eddi d\u00f9ng c\u00f3 th\u1ec3 ch\u1ee5p \u1ea3nh trong \u0111i\u1ec1u ki\u1ec7n \u00e1nh s\u00e1ng ch\u00f3i chang.<\/span><\/p>\n<p><span style=\"font-size: 14px;\"><img loading=\"lazy\" decoding=\"async\" src=\"https:\/\/phukienflytech.vn\/wp-content\/uploads\/2020\/05\/combo-3-filter-mavic-2-zoom-1538-2.jpg\" alt=\"\" width=\"526\" height=\"179\" \/><\/span><\/p>\n<p><span style=\"font-size: 14px;\"><em><strong>K\u00ednh l\u1ecdc MCUV 2 zoom<\/strong><\/em>\u00a0mavic gi\u00fap c\u1ea3n tia c\u1ef1c t\u00edm UV g\u00e2y \u1ea3nh h\u01b0\u1edfng \u0111\u1ebfn m\u00e0u s\u1eafc v\u00e0 \u00e1nh s\u00e1ng c\u1ee7a b\u1ee9c \u1ea3nh, ph\u00f9 h\u1ee3p bay th\u1eddi \u0111i\u1ec3m s\u00e1ng s\u1edbm n\u1eafng nh\u1eb9 ho\u1eb7c chi\u1ec1u t\u00e0 n\u1eafng nh\u1eb9. B\u1ee9c h\u00ecnh s\u1ebd th\u00eam chi ti\u1ebft h\u01a1n\u00a0<\/span><\/p>\n<p><span style=\"font-size: 14px;\"><img loading=\"lazy\" decoding=\"async\" src=\"https:\/\/phukienflytech.vn\/wp-content\/uploads\/2020\/05\/combo-3-filter-mavic-2-zoom-1538-3.jpg\" alt=\"\" width=\"600\" height=\"350\" \/><\/span><\/p>\n<p><span style=\"font-size: 14px;\"><em><strong>CPL mavic 2<\/strong><\/em>\u00a0l\u00e0 lens th\u00edch h\u1ee3p cho ng\u01b0\u1eddi d\u00f9ng di chuy\u1ec3n v\u00e0 ch\u1ee5p ngo\u00e0i c\u1ea3nh n\u01a1i c\u00f3 ao, h\u1ed3, bi\u1ec3n &#8211; nh\u1eefng khu v\u1ef1c c\u1ea7n ph\u01a1i s\u00e1ng v\u1edbi \u0111i\u1ec1u ki\u1ec7n c\u00f3 m\u1eb7t n\u01b0\u1edbc chi\u1ec1u ph\u1ea3n s\u00e1ng<\/span><\/p>\n<p><span style=\"font-size: 14px;\"><img loading=\"lazy\" decoding=\"async\" src=\"https:\/\/phukienflytech.vn\/wp-content\/uploads\/2020\/05\/combo-3-filter-mavic-2-zoom-1538-4.jpg\" alt=\"\" width=\"512\" height=\"382\" \/><\/span><\/p>\n<h2><span style=\"font-size: 18px; color: #0000ff;\"><em><strong>T\u1ea1i sao n\u00ean l\u1ef1a ch\u1ecdn combo 3 filter lens Mavic 2 zoom<\/strong><\/em><\/span><\/h2>\n<p><span style=\"font-size: 14px;\"><em><strong><img loading=\"lazy\" decoding=\"async\" src=\"https:\/\/phukienflytech.vn\/wp-content\/uploads\/2020\/05\/combo-3-filter-mavic-2-zoom-1538-5.jpg\" alt=\"\" width=\"450\" height=\"450\" \/><\/strong><\/em><\/span><\/p>\n<p><span style=\"font-size: 14px;\">Khi l\u1ef1a ch\u1ecdn Maivc air, b\u1ea1n s\u1ebd c\u00f3 full option v\u1ec1 l\u1ef1a ch\u1ecdn c\u00e1c hi\u1ec7u \u1ee9ng filter trong tay m\u00e0 kh\u00f4ng c\u1ea7n ph\u1ea3i \u0111\u1eafn cho vi\u1ec7c l\u1ef1a ch\u1ecdn khi mua. V\u1edbi Filter Combo Mavic 2 zoom, b\u1ea1n c\u00f3 th\u1ec3 t\u00f9y bi\u1ebfn quay video, ch\u1ee5p h\u00ecnh trong c\u00e1c ho\u00e0n c\u1ea3nh bay v\u00e0 \u00e1nh s\u00e1ng quay ch\u1ee5p kh\u00e1c nhau theo \u00fd mu\u1ed1n m\u1ed9t c\u00e1ch nhanh nh\u1ea5t<\/span><\/p>\n<p><span style=\"font-size: 14px;\"><img loading=\"lazy\" decoding=\"async\" src=\"https:\/\/phukienflytech.vn\/wp-content\/uploads\/2020\/05\/combo-3-filter-mavic-2-zoom-1538-6.jpg\" alt=\"\" width=\"450\" height=\"450\" \/><\/span><\/p>\n<p><span style=\"font-size: 14px;\">Quan tr\u1ecdng h\u01a1n l\u00e0 khi l\u1ef1a ch\u1ecdn g\u00f3i combo b\u1ea1n \u0111\u00e3 \u0111\u01b0\u1ee3c gi\u1ea3m gi\u00e1 t\u1edbi 13% so v\u1edbi vi\u1ec7c mua l\u1ebb c\u00e1c filter CPL Mavic 2 zoom, MCUV v\u00e0 ND Mavic 2 zoom v\u00e0 c\u00f2n \u0111\u01b0\u1ee3c t\u1eb7ng th\u1ec7m h\u1ed9p \u0111\u1ef1ng ch\u1ed1ng s\u1ed1c fitler Mavic 2 zoom<\/span><\/p>\n<h2><span style=\"font-size: 18px; color: #0000ff;\"><em><strong>Mua ph\u1ee5 ki\u1ec7n flycam DJI phantom,Mavic,Spark \u1edf \u0111\u00e2u?<\/strong><\/em><\/span><\/h2>\n<p><span style=\"font-size: 14px;\"><em><strong><a href=\"https:\/\/facebook.com\/phukienflycam\">Ph\u1ee5 Ki\u1ec7n Flytech Gi\u00e1 T\u1ed1t<\/a><\/strong><\/em>\u00a0h\u00e2n h\u1ea1nh \u0111em l\u1ea1i c\u00e1c m\u1eabu s\u1ea3n ph\u1ea9m Balo phatom ch\u00ednh h\u00e3ng t\u1ed1t nh\u1ea5t ph\u1ee5c v\u1ee5 \u0111am m\u00ea, v\u00e0 c\u00f4ng vi\u1ec7c c\u1ee7a c\u00e1c b\u1ea1n, h\u00e3y \u0111\u1ec3 ch\u00fang t\u00f4i ti\u1ebfp s\u1ee9c \u0111am m\u00ea, c\u00f4ng vi\u1ec7c c\u1ee7a b\u1ea1n, gi\u00fap b\u1ea1n th\u00eam ni\u1ec1m h\u1ee9ng kh\u1edfi trong \u0111am m\u00ea c\u0169ng nh\u01b0 c\u00f4ng vi\u1ec7c c\u1ee7a m\u00ecnh th\u00eam su\u00f4n s\u1ebb<\/span><\/p>\n<p><span style=\"font-size: 14px;\">\u00a0<img loading=\"lazy\" decoding=\"async\" src=\"https:\/\/phukienflytech.vn\/wp-content\/uploads\/2020\/05\/combo-3-filter-mavic-2-zoom-1538-7.jpg\" alt=\"\" width=\"495\" height=\"155\" \/><\/span><\/p>\n<p><span style=\"font-size: 14px;\">Ch\u00fang t\u00f4i chuy\u00ean cung c\u1ea5p h\u1ea7u h\u1ebft t\u1ea5t c\u00e1c c\u00e1c ph\u1ee5 ki\u1ec7n flycam DJI\u00a0<\/span><\/p>\n<p><span style=\"font-size: 14px;\">H\u00e3y xem th\u00eam c\u00e1c\u00a0<em>ph\u1ee5 ki\u1ec7n flycam dji Phantom 3 4<\/em>\u00a0b\u1eb1ng c\u00e1ch\u00a0<strong><a href=\"https:\/\/phukienflytech.vn\/danh-muc\/phu-kien-dji-phantom-4-series.html\" target=\"_blank\" rel=\"noopener noreferrer\">click t\u1ea1i \u0111\u00e2y<\/a><\/strong>\u00a0!<\/span><\/p>\n<p>&nbsp;<\/p>\n","protected":false},"excerpt":{"rendered":"<p>Ph\u1ee5 ki\u1ec7n Mavic 2 zoom K\u00ednh l\u1ecdc Mavic 2 zoom\u00a0l\u00e0 m\u1ed9t trong nh\u1eefng\u00a0ph\u1ee5 ki\u1ec7n mavic 2\u00a0\u0111\u01b0\u1ee3c c\u00e1c pilot v\u00f4 c\u00f9ng quan t\u00e2m.\u00a0 Hi\u1ec7n nay c\u00f3 r\u1ea5t nhi\u1ec1u c\u00e1c filter mavic \u0111\u1ec3 ng\u01b0\u1eddi d\u00f9ng c\u00f3 th\u1ec3 d\u1ec5 d\u00e0ng ch\u1ecdn l\u1ef1a nh\u01b0\u00a0filter CPL Mavic 2 zoom,\u00a0\u00a0filter MCUV,b\u1ed9 combo filter\u00a0 lens Mavic 2 zoom,\u00a0\u00a0filter ND Mavic 2 zoom,&#8230;t\u1ea5t &#8230;<\/p>\n","protected":false},"featured_media":1540,"comment_status":"open","ping_status":"closed","template":"","meta":{"_acf_changed":false},"product_brand":[],"product_cat":[791],"product_tag":[],"class_list":{"0":"post-1557","1":"product","2":"type-product","3":"status-publish","4":"has-post-thumbnail","6":"product_cat-chua-phan-loai","8":"first","9":"instock","10":"shipping-taxable","11":"product-type-simple"},"acf":[],"yoast_head":"<!-- This site is optimized with the Yoast SEO plugin v25.7 - https:\/\/yoast.com\/wordpress\/plugins\/seo\/ -->\n<title>Filter mavic 2 zoom - K\u00ednh l\u1ecdc lens Mavic 2 zoom - Ship Cod to\u00e0n qu\u1ed1c<\/title>\n<meta name=\"description\" content=\"Filter mavic 2 zoom l\u00e0 k\u00ednh l\u1ecdc lens cho mavic 2 zoom, s\u1eed d\u1ee5ng trong qu\u00e1 tr\u00ecnh bay bi\u1ec3n, h\u1ed3 hay nh\u1eefng t\u00f2a nh\u00e0 k\u00ednh n\u01a1i c\u00f3 \u00e1nh s\u00e1ng ph\u1ea3n chi\u1ebfu. Ship COD\" \/>\n<meta name=\"robots\" content=\"index, follow, max-snippet:-1, max-image-preview:large, max-video-preview:-1\" \/>\n<link rel=\"canonical\" href=\"https:\/\/phukienflytech.vn\/en\/san-pham\/combo-3-filter-mavic-2-zoom.html\" \/>\n<meta property=\"og:locale\" content=\"en_US\" \/>\n<meta property=\"og:type\" content=\"article\" \/>\n<meta property=\"og:title\" content=\"Filter mavic 2 zoom - K\u00ednh l\u1ecdc lens Mavic 2 zoom - Ship Cod to\u00e0n qu\u1ed1c\" \/>\n<meta property=\"og:description\" content=\"Filter mavic 2 zoom l\u00e0 k\u00ednh l\u1ecdc lens cho mavic 2 zoom, s\u1eed d\u1ee5ng trong qu\u00e1 tr\u00ecnh bay bi\u1ec3n, h\u1ed3 hay nh\u1eefng t\u00f2a nh\u00e0 k\u00ednh n\u01a1i c\u00f3 \u00e1nh s\u00e1ng ph\u1ea3n chi\u1ebfu. Ship COD\" \/>\n<meta property=\"og:url\" content=\"https:\/\/phukienflytech.vn\/en\/san-pham\/combo-3-filter-mavic-2-zoom.html\" \/>\n<meta property=\"og:site_name\" content=\"Shop M\u00e1y \u1ea3nh - Action Camera - Gimbal - Flycam - Ph\u1ee5 ki\u1ec7n\" \/>\n<meta property=\"article:publisher\" content=\"https:\/\/facebook.com\/phukienflycam\" \/>\n<meta property=\"article:modified_time\" content=\"2020-05-18T11:15:21+00:00\" \/>\n<meta property=\"og:image\" content=\"https:\/\/phukienflytech.vn\/wp-content\/uploads\/2020\/05\/284.jpg\" \/>\n\t<meta property=\"og:image:width\" content=\"1000\" \/>\n\t<meta property=\"og:image:height\" content=\"1000\" \/>\n\t<meta property=\"og:image:type\" content=\"image\/jpeg\" \/>\n<meta name=\"twitter:card\" content=\"summary_large_image\" \/>\n<meta name=\"twitter:label1\" content=\"Est. reading time\" \/>\n\t<meta name=\"twitter:data1\" content=\"3 minutes\" \/>\n<script type=\"application\/ld+json\" class=\"yoast-schema-graph\">{\"@context\":\"https:\/\/schema.org\",\"@graph\":[{\"@type\":\"WebPage\",\"@id\":\"https:\/\/phukienflytech.vn\/en\/san-pham\/combo-3-filter-mavic-2-zoom.html\",\"url\":\"https:\/\/phukienflytech.vn\/en\/san-pham\/combo-3-filter-mavic-2-zoom.html\",\"name\":\"Filter mavic 2 zoom - K\u00ednh l\u1ecdc lens Mavic 2 zoom - Ship Cod to\u00e0n qu\u1ed1c\",\"isPartOf\":{\"@id\":\"https:\/\/phukienflytech.vn\/#website\"},\"primaryImageOfPage\":{\"@id\":\"https:\/\/phukienflytech.vn\/en\/san-pham\/combo-3-filter-mavic-2-zoom.html#primaryimage\"},\"image\":{\"@id\":\"https:\/\/phukienflytech.vn\/en\/san-pham\/combo-3-filter-mavic-2-zoom.html#primaryimage\"},\"thumbnailUrl\":\"https:\/\/phukienflytech.vn\/wp-content\/uploads\/2020\/05\/284.jpg\",\"datePublished\":\"2020-05-18T11:13:34+00:00\",\"dateModified\":\"2020-05-18T11:15:21+00:00\",\"description\":\"Filter mavic 2 zoom l\u00e0 k\u00ednh l\u1ecdc lens cho mavic 2 zoom, s\u1eed d\u1ee5ng trong qu\u00e1 tr\u00ecnh bay bi\u1ec3n, h\u1ed3 hay nh\u1eefng t\u00f2a nh\u00e0 k\u00ednh n\u01a1i c\u00f3 \u00e1nh s\u00e1ng ph\u1ea3n chi\u1ebfu. Ship COD\",\"breadcrumb\":{\"@id\":\"https:\/\/phukienflytech.vn\/en\/san-pham\/combo-3-filter-mavic-2-zoom.html#breadcrumb\"},\"inLanguage\":\"en-US\",\"potentialAction\":[{\"@type\":\"ReadAction\",\"target\":[\"https:\/\/phukienflytech.vn\/en\/san-pham\/combo-3-filter-mavic-2-zoom.html\"]}]},{\"@type\":\"ImageObject\",\"inLanguage\":\"en-US\",\"@id\":\"https:\/\/phukienflytech.vn\/en\/san-pham\/combo-3-filter-mavic-2-zoom.html#primaryimage\",\"url\":\"https:\/\/phukienflytech.vn\/wp-content\/uploads\/2020\/05\/284.jpg\",\"contentUrl\":\"https:\/\/phukienflytech.vn\/wp-content\/uploads\/2020\/05\/284.jpg\",\"width\":1000,\"height\":1000},{\"@type\":\"BreadcrumbList\",\"@id\":\"https:\/\/phukienflytech.vn\/en\/san-pham\/combo-3-filter-mavic-2-zoom.html#breadcrumb\",\"itemListElement\":[{\"@type\":\"ListItem\",\"position\":1,\"name\":\"Home\",\"item\":\"https:\/\/phukienflytech.vn\/en\"},{\"@type\":\"ListItem\",\"position\":2,\"name\":\"Ph\u1ee5 ki\u1ec7n Mavic Pro\",\"item\":\"https:\/\/phukienflytech.vn\/en\/phu-kien-mavic-pro.html\"},{\"@type\":\"ListItem\",\"position\":3,\"name\":\"DJI Osmo &amp; Drone's accessories\",\"item\":\"https:\/\/phukienflytech.vn\/en\/danh-muc\/dji-osmo-drones-accessories.html\"},{\"@type\":\"ListItem\",\"position\":4,\"name\":\"Ph\u1ee5 ki\u1ec7n DJI Mavic 2\",\"item\":\"https:\/\/phukienflytech.vn\/danh-muc\/phu-kien-mavic-2.html\"},{\"@type\":\"ListItem\",\"position\":5,\"name\":\"Combo 3 filter Mavic 2 zoom\"}]},{\"@type\":\"WebSite\",\"@id\":\"https:\/\/phukienflytech.vn\/#website\",\"url\":\"https:\/\/phukienflytech.vn\/\",\"name\":\"Shop M\u00e1y \u1ea3nh - Action Camera - Gimbal - Flycam - Ph\u1ee5 ki\u1ec7n\",\"description\":\"Shop M\u00e1y \u1ea3nh - Action Camera - Gimbal - Flycam - Ph\u1ee5 ki\u1ec7n\",\"publisher\":{\"@id\":\"https:\/\/phukienflytech.vn\/#organization\"},\"potentialAction\":[{\"@type\":\"SearchAction\",\"target\":{\"@type\":\"EntryPoint\",\"urlTemplate\":\"https:\/\/phukienflytech.vn\/?s={search_term_string}\"},\"query-input\":{\"@type\":\"PropertyValueSpecification\",\"valueRequired\":true,\"valueName\":\"search_term_string\"}}],\"inLanguage\":\"en-US\"},{\"@type\":\"Organization\",\"@id\":\"https:\/\/phukienflytech.vn\/#organization\",\"name\":\"DJI Store - Shop Drone, Action camera, Gimbal DJI |Phukienflytech\",\"alternateName\":\"DJI Store - Shop Drone, Action camera, Gimbal DJI |Phukienflytech\",\"url\":\"https:\/\/phukienflytech.vn\/\",\"logo\":{\"@type\":\"ImageObject\",\"inLanguage\":\"en-US\",\"@id\":\"https:\/\/phukienflytech.vn\/#\/schema\/logo\/image\/\",\"url\":\"https:\/\/phukienflytech.vn\/wp-content\/uploads\/2020\/05\/hAnh_nan.jpg1_.jpg\",\"contentUrl\":\"https:\/\/phukienflytech.vn\/wp-content\/uploads\/2020\/05\/hAnh_nan.jpg1_.jpg\",\"width\":800,\"height\":450,\"caption\":\"DJI Store - Shop Drone, Action camera, Gimbal DJI |Phukienflytech\"},\"image\":{\"@id\":\"https:\/\/phukienflytech.vn\/#\/schema\/logo\/image\/\"},\"sameAs\":[\"https:\/\/facebook.com\/phukienflycam\",\"https:\/\/www.youtube.com\/@phukienflytech\",\"https:\/\/www.tiktok.com\/@flytech.channel?fbclid=IwY2xjawGjg7BleHRuA2FlbQIxMAABHYVGmlXpuSMs0UB2zTpYvyT4GMVfN2qJa4urF4vkSQ6FAVBwXZtDP30qQA_aem_UwMiDcUvlEbd2tXAmsc8Og\"]}]}<\/script>\n<!-- \/ Yoast SEO plugin. -->","yoast_head_json":{"title":"Filter mavic 2 zoom - K\u00ednh l\u1ecdc lens Mavic 2 zoom - Ship Cod to\u00e0n qu\u1ed1c","description":"Filter mavic 2 zoom l\u00e0 k\u00ednh l\u1ecdc lens cho mavic 2 zoom, s\u1eed d\u1ee5ng trong qu\u00e1 tr\u00ecnh bay bi\u1ec3n, h\u1ed3 hay nh\u1eefng t\u00f2a nh\u00e0 k\u00ednh n\u01a1i c\u00f3 \u00e1nh s\u00e1ng ph\u1ea3n chi\u1ebfu. Ship COD","robots":{"index":"index","follow":"follow","max-snippet":"max-snippet:-1","max-image-preview":"max-image-preview:large","max-video-preview":"max-video-preview:-1"},"canonical":"https:\/\/phukienflytech.vn\/en\/san-pham\/combo-3-filter-mavic-2-zoom.html","og_locale":"en_US","og_type":"article","og_title":"Filter mavic 2 zoom - K\u00ednh l\u1ecdc lens Mavic 2 zoom - Ship Cod to\u00e0n qu\u1ed1c","og_description":"Filter mavic 2 zoom l\u00e0 k\u00ednh l\u1ecdc lens cho mavic 2 zoom, s\u1eed d\u1ee5ng trong qu\u00e1 tr\u00ecnh bay bi\u1ec3n, h\u1ed3 hay nh\u1eefng t\u00f2a nh\u00e0 k\u00ednh n\u01a1i c\u00f3 \u00e1nh s\u00e1ng ph\u1ea3n chi\u1ebfu. Ship COD","og_url":"https:\/\/phukienflytech.vn\/en\/san-pham\/combo-3-filter-mavic-2-zoom.html","og_site_name":"Shop M\u00e1y \u1ea3nh - Action Camera - Gimbal - Flycam - Ph\u1ee5 ki\u1ec7n","article_publisher":"https:\/\/facebook.com\/phukienflycam","article_modified_time":"2020-05-18T11:15:21+00:00","og_image":[{"width":1000,"height":1000,"url":"https:\/\/phukienflytech.vn\/wp-content\/uploads\/2020\/05\/284.jpg","type":"image\/jpeg"}],"twitter_card":"summary_large_image","twitter_misc":{"Est. reading time":"3 minutes"},"schema":{"@context":"https:\/\/schema.org","@graph":[{"@type":"WebPage","@id":"https:\/\/phukienflytech.vn\/en\/san-pham\/combo-3-filter-mavic-2-zoom.html","url":"https:\/\/phukienflytech.vn\/en\/san-pham\/combo-3-filter-mavic-2-zoom.html","name":"Filter mavic 2 zoom - K\u00ednh l\u1ecdc lens Mavic 2 zoom - Ship Cod to\u00e0n qu\u1ed1c","isPartOf":{"@id":"https:\/\/phukienflytech.vn\/#website"},"primaryImageOfPage":{"@id":"https:\/\/phukienflytech.vn\/en\/san-pham\/combo-3-filter-mavic-2-zoom.html#primaryimage"},"image":{"@id":"https:\/\/phukienflytech.vn\/en\/san-pham\/combo-3-filter-mavic-2-zoom.html#primaryimage"},"thumbnailUrl":"https:\/\/phukienflytech.vn\/wp-content\/uploads\/2020\/05\/284.jpg","datePublished":"2020-05-18T11:13:34+00:00","dateModified":"2020-05-18T11:15:21+00:00","description":"Filter mavic 2 zoom l\u00e0 k\u00ednh l\u1ecdc lens cho mavic 2 zoom, s\u1eed d\u1ee5ng trong qu\u00e1 tr\u00ecnh bay bi\u1ec3n, h\u1ed3 hay nh\u1eefng t\u00f2a nh\u00e0 k\u00ednh n\u01a1i c\u00f3 \u00e1nh s\u00e1ng ph\u1ea3n chi\u1ebfu. Ship COD","breadcrumb":{"@id":"https:\/\/phukienflytech.vn\/en\/san-pham\/combo-3-filter-mavic-2-zoom.html#breadcrumb"},"inLanguage":"en-US","potentialAction":[{"@type":"ReadAction","target":["https:\/\/phukienflytech.vn\/en\/san-pham\/combo-3-filter-mavic-2-zoom.html"]}]},{"@type":"ImageObject","inLanguage":"en-US","@id":"https:\/\/phukienflytech.vn\/en\/san-pham\/combo-3-filter-mavic-2-zoom.html#primaryimage","url":"https:\/\/phukienflytech.vn\/wp-content\/uploads\/2020\/05\/284.jpg","contentUrl":"https:\/\/phukienflytech.vn\/wp-content\/uploads\/2020\/05\/284.jpg","width":1000,"height":1000},{"@type":"BreadcrumbList","@id":"https:\/\/phukienflytech.vn\/en\/san-pham\/combo-3-filter-mavic-2-zoom.html#breadcrumb","itemListElement":[{"@type":"ListItem","position":1,"name":"Home","item":"https:\/\/phukienflytech.vn\/en"},{"@type":"ListItem","position":2,"name":"Ph\u1ee5 ki\u1ec7n Mavic Pro","item":"https:\/\/phukienflytech.vn\/en\/phu-kien-mavic-pro.html"},{"@type":"ListItem","position":3,"name":"DJI Osmo &amp; Drone's accessories","item":"https:\/\/phukienflytech.vn\/en\/danh-muc\/dji-osmo-drones-accessories.html"},{"@type":"ListItem","position":4,"name":"Ph\u1ee5 ki\u1ec7n DJI Mavic 2","item":"https:\/\/phukienflytech.vn\/danh-muc\/phu-kien-mavic-2.html"},{"@type":"ListItem","position":5,"name":"Combo 3 filter Mavic 2 zoom"}]},{"@type":"WebSite","@id":"https:\/\/phukienflytech.vn\/#website","url":"https:\/\/phukienflytech.vn\/","name":"Shop M\u00e1y \u1ea3nh - Action Camera - Gimbal - Flycam - Ph\u1ee5 ki\u1ec7n","description":"Shop M\u00e1y \u1ea3nh - Action Camera - Gimbal - Flycam - Ph\u1ee5 ki\u1ec7n","publisher":{"@id":"https:\/\/phukienflytech.vn\/#organization"},"potentialAction":[{"@type":"SearchAction","target":{"@type":"EntryPoint","urlTemplate":"https:\/\/phukienflytech.vn\/?s={search_term_string}"},"query-input":{"@type":"PropertyValueSpecification","valueRequired":true,"valueName":"search_term_string"}}],"inLanguage":"en-US"},{"@type":"Organization","@id":"https:\/\/phukienflytech.vn\/#organization","name":"DJI Store - Shop Drone, Action camera, Gimbal DJI |Phukienflytech","alternateName":"DJI Store - Shop Drone, Action camera, Gimbal DJI |Phukienflytech","url":"https:\/\/phukienflytech.vn\/","logo":{"@type":"ImageObject","inLanguage":"en-US","@id":"https:\/\/phukienflytech.vn\/#\/schema\/logo\/image\/","url":"https:\/\/phukienflytech.vn\/wp-content\/uploads\/2020\/05\/hAnh_nan.jpg1_.jpg","contentUrl":"https:\/\/phukienflytech.vn\/wp-content\/uploads\/2020\/05\/hAnh_nan.jpg1_.jpg","width":800,"height":450,"caption":"DJI Store - Shop Drone, Action camera, Gimbal DJI |Phukienflytech"},"image":{"@id":"https:\/\/phukienflytech.vn\/#\/schema\/logo\/image\/"},"sameAs":["https:\/\/facebook.com\/phukienflycam","https:\/\/www.youtube.com\/@phukienflytech","https:\/\/www.tiktok.com\/@flytech.channel?fbclid=IwY2xjawGjg7BleHRuA2FlbQIxMAABHYVGmlXpuSMs0UB2zTpYvyT4GMVfN2qJa4urF4vkSQ6FAVBwXZtDP30qQA_aem_UwMiDcUvlEbd2tXAmsc8Og"]}]}},"_links":{"self":[{"href":"https:\/\/phukienflytech.vn\/en\/wp-json\/wp\/v2\/product\/1557","targetHints":{"allow":["GET"]}}],"collection":[{"href":"https:\/\/phukienflytech.vn\/en\/wp-json\/wp\/v2\/product"}],"about":[{"href":"https:\/\/phukienflytech.vn\/en\/wp-json\/wp\/v2\/types\/product"}],"replies":[{"embeddable":true,"href":"https:\/\/phukienflytech.vn\/en\/wp-json\/wp\/v2\/comments?post=1557"}],"wp:featuredmedia":[{"embeddable":true,"href":"https:\/\/phukienflytech.vn\/en\/wp-json\/wp\/v2\/media\/1540"}],"wp:attachment":[{"href":"https:\/\/phukienflytech.vn\/en\/wp-json\/wp\/v2\/media?parent=1557"}],"wp:term":[{"taxonomy":"product_brand","embeddable":true,"href":"https:\/\/phukienflytech.vn\/en\/wp-json\/wp\/v2\/product_brand?post=1557"},{"taxonomy":"product_cat","embeddable":true,"href":"https:\/\/phukienflytech.vn\/en\/wp-json\/wp\/v2\/product_cat?post=1557"},{"taxonomy":"product_tag","embeddable":true,"href":"https:\/\/phukienflytech.vn\/en\/wp-json\/wp\/v2\/product_tag?post=1557"}],"curies":[{"name":"wp","href":"https:\/\/api.w.org\/{rel}","templated":true}]}}