{"id":16881,"date":"2020-06-26T23:35:56","date_gmt":"2020-06-26T16:35:56","guid":{"rendered":"https:\/\/phukienflytech.vn\/san-pham\/tui-deo-mavic-air-2-pgytech.html"},"modified":"2020-10-14T16:18:44","modified_gmt":"2020-10-14T09:18:44","slug":"mavic-air-2-shoulder-bag-pgytech","status":"publish","type":"product","link":"https:\/\/phukienflytech.vn\/en\/san-pham\/mavic-air-2-shoulder-bag-pgytech.html","title":{"rendered":"Mavic Air 2 shoulder bag &#8211; PGYtech"},"content":{"rendered":"<h2 style=\"text-align: justify;\"><span style=\"color: #0000ff;\"><em><strong>Mavic Air 2 shoulder bag PGYtech<\/strong><\/em><\/span><\/h2>\n<p>&nbsp;<\/p>\n<p style=\"text-align: justify;\"><span style=\"font-size: 18px;\">Mavic Air 2 shoulder bag PGYtech<\/span><\/p>\n<h3 style=\"text-align: justify;\"><span style=\"font-size: 18px;\">T\u00fai \u0111eo hay vali gi\u00e0nh cho DJI Mavic Air 2 l\u00e0 ph\u1ee5 ki\u1ec7n kh\u00f4ng th\u1ec3 thi\u1ebfu v\u1edbi m\u1ed7i ng\u01b0\u1eddi ch\u01a1i. Gi\u00fap b\u1ea3o v\u1ec7 flycam c\u1ee7a b\u1ea1n kh\u1ecfi nh\u1eefng va ch\u1ea1m trong qu\u00e1 tr\u00ecnh di chuy\u1ec3n. V\u1edbi kh\u00f4ng gian ch\u1ee9a \u0111\u1ed3 r\u1ed9ng r\u00e3i v\u00e0 kh\u1ea3 n\u0103ng b\u1ea3o v\u1ec7 chi\u1ebfc flycam Mavic Air 2. S\u1edf h\u1eefu t\u00fai \u0111eo Mavic Air 2 s\u1ebd gi\u00fap b\u1ea1n y\u00ean t\u00e2m h\u01a1n trong m\u1ed7i l\u1ea7n di chuy\u1ec3n<\/span><\/h3>\n<p style=\"text-align: justify;\"><span style=\"font-size: 18px;\"><img loading=\"lazy\" decoding=\"async\" class=\"alignnone wp-image-16872\" src=\"https:\/\/phukienflytech.vn\/wp-content\/uploads\/2020\/06\/tui-deo-mavic-air-2-chinh-hang-pgytech-gia-re-chong-soc-dji-683x400.jpg\" alt=\"tui-deo-mavic-air-2-pgytech\" width=\"502\" height=\"294\" srcset=\"https:\/\/phukienflytech.vn\/wp-content\/uploads\/2020\/06\/tui-deo-mavic-air-2-chinh-hang-pgytech-gia-re-chong-soc-dji-683x400.jpg 683w, https:\/\/phukienflytech.vn\/wp-content\/uploads\/2020\/06\/tui-deo-mavic-air-2-chinh-hang-pgytech-gia-re-chong-soc-dji-768x450.jpg 768w, https:\/\/phukienflytech.vn\/wp-content\/uploads\/2020\/06\/tui-deo-mavic-air-2-chinh-hang-pgytech-gia-re-chong-soc-dji-600x352.jpg 600w, https:\/\/phukienflytech.vn\/wp-content\/uploads\/2020\/06\/tui-deo-mavic-air-2-chinh-hang-pgytech-gia-re-chong-soc-dji.jpg 1024w\" sizes=\"auto, (max-width: 502px) 100vw, 502px\" \/><\/span><\/p>\n<p>&nbsp;<\/p>\n<p style=\"text-align: justify;\"><span style=\"font-size: 18px;\"><strong>Pgytech<\/strong> l\u00e0 1 trong nh\u1eefng NSX v\u00e0 ph\u00e2n ph\u1ed1i h\u00e0ng \u0111\u1ea7u v\u1ec1\u00a0<em><strong>ph\u1ee5 ki\u1ec7n flycam ch\u00ednh h\u00e3ng.\u00a0<\/strong><\/em><\/span><\/p>\n<p>&nbsp;<\/p>\n<blockquote><p><span style=\"font-size: 18px;\"><strong><span style=\"color: #0000ff;\">&gt;&gt; Xem th\u00eam: Ph\u1ee5 ki\u1ec7n Mavic Air 2 ch\u00ednh h\u00e3ng<a style=\"color: #0000ff;\" href=\"https:\/\/phukienflytech.vn\/en\/danh-muc\/mavic-air-2-accessory.html\" target=\"_blank\" rel=\"noopener noreferrer\"> t\u1ea1i \u0111\u00e2y<\/a><\/span><\/strong><\/span><\/p><\/blockquote>\n<p>&nbsp;<\/p>\n<p style=\"text-align: justify;\"><span style=\"font-size: 18px;\"><strong>T\u00fai \u0111eo DJI Mavic Air 2 <\/strong>c\u00f3 v\u1ebb ngo\u00e0i sang tr\u1ecdng c\u1ee9ng c\u00e1p<em>. <\/em>L\u1edbp v\u1ecf ngo\u00e0i l\u00e0 l\u1edbp nh\u1ef1a c\u1ee9ng EVA v\u00e0 ch\u1ea5t li\u1ec7u ch\u1ed1ng th\u1ea5m nhi\u1ec1u l\u1edbp TPU ch\u1ed1ng va \u0111\u1eadp v\u00e0 ch\u1ed1ng m\u00e0i c\u00f3 kh\u1ea3 n\u0103ng ch\u1ed1ng n\u01b0\u1edbc \u0111\u1ea1t ti\u00eau chu\u1ea9n IP34 c\u00f3 th\u1ec3 tr\u00e1nh b\u1ee5i v\u00e0 m\u01b0a b\u1eafn.<\/span><\/p>\n<p>&nbsp;<\/p>\n<p style=\"text-align: justify;\"><span style=\"font-size: 18px;\"><img loading=\"lazy\" decoding=\"async\" class=\"alignnone wp-image-16866\" src=\"https:\/\/phukienflytech.vn\/wp-content\/uploads\/2020\/06\/tui-deo-mavic-air-2-chinh-hang-pgytech-gia-re-chong-soc5.jpg\" alt=\"tui-deo-mavic-air-2-pgytech\" width=\"499\" height=\"382\" \/><\/span><\/p>\n<p style=\"text-align: justify;\"><span style=\"font-size: 18px;\"><img loading=\"lazy\" decoding=\"async\" class=\"alignnone wp-image-16870\" src=\"https:\/\/phukienflytech.vn\/wp-content\/uploads\/2020\/06\/tui-deo-mavic-air-2-chinh-hang-pgytech-gia-re-chong-soc10-788x400.jpg\" alt=\"Mavic-Air-2-shoulder-bag-PGYtech-1\" width=\"501\" height=\"254\" srcset=\"https:\/\/phukienflytech.vn\/wp-content\/uploads\/2020\/06\/tui-deo-mavic-air-2-chinh-hang-pgytech-gia-re-chong-soc10-788x400.jpg 788w, https:\/\/phukienflytech.vn\/wp-content\/uploads\/2020\/06\/tui-deo-mavic-air-2-chinh-hang-pgytech-gia-re-chong-soc10-768x390.jpg 768w, https:\/\/phukienflytech.vn\/wp-content\/uploads\/2020\/06\/tui-deo-mavic-air-2-chinh-hang-pgytech-gia-re-chong-soc10-600x305.jpg 600w, https:\/\/phukienflytech.vn\/wp-content\/uploads\/2020\/06\/tui-deo-mavic-air-2-chinh-hang-pgytech-gia-re-chong-soc10.jpg 1024w\" sizes=\"auto, (max-width: 501px) 100vw, 501px\" \/><\/span><\/p>\n<p style=\"text-align: justify;\"><span style=\"font-size: 18px;\"><strong>T\u00fai \u0111eo Mavic Air 2<\/strong> c\u00f3 d\u00e2y \u0111i k\u00e8m c\u00f3 th\u1ec3 th\u00e1o r\u1eddi v\u00e0 tay c\u1ea7m t\u00edch h\u1ee3p \u0111\u1ec3 thu\u1eadn ti\u1ec7n di chuy\u1ec3n. D\u00e2y \u0111eo nylong ch\u1ed1ng m\u00e0i m\u00f2n c\u00f3 th\u1ec3 \u0111i\u1ec1u ch\u1ec9nh ho\u00e0n to\u00e0n , r\u1ea5t tho\u1ea3i m\u00e1i v\u00e0 d\u1ec5 ch\u1ecbu khi\u00a0 \u0111eo<\/span><\/p>\n<p style=\"text-align: justify;\"><span style=\"font-size: 18px;\"><img loading=\"lazy\" decoding=\"async\" class=\"alignnone wp-image-16874\" src=\"https:\/\/phukienflytech.vn\/wp-content\/uploads\/2020\/06\/tui-deo-mavic-air-2-chinh-hang-pgytech-gia-re-chong-soc-dji2-788x400.jpg\" alt=\"\" width=\"501\" height=\"254\" srcset=\"https:\/\/phukienflytech.vn\/wp-content\/uploads\/2020\/06\/tui-deo-mavic-air-2-chinh-hang-pgytech-gia-re-chong-soc-dji2-788x400.jpg 788w, https:\/\/phukienflytech.vn\/wp-content\/uploads\/2020\/06\/tui-deo-mavic-air-2-chinh-hang-pgytech-gia-re-chong-soc-dji2-768x390.jpg 768w, https:\/\/phukienflytech.vn\/wp-content\/uploads\/2020\/06\/tui-deo-mavic-air-2-chinh-hang-pgytech-gia-re-chong-soc-dji2-600x305.jpg 600w, https:\/\/phukienflytech.vn\/wp-content\/uploads\/2020\/06\/tui-deo-mavic-air-2-chinh-hang-pgytech-gia-re-chong-soc-dji2.jpg 1024w\" sizes=\"auto, (max-width: 501px) 100vw, 501px\" \/><\/span><\/p>\n<p style=\"text-align: justify;\"><span style=\"font-size: 18px;\">Kh\u00f4ng gian ch\u1ee9a \u0111\u1ed3 c\u00f3 th\u1ec3 l\u01b0u tr\u1eef t\u1ed1i \u0111a nh\u1eefng ph\u1ee5 ki\u1ec7n b\u1ea1n c\u1ea7n thi\u1ebft nh\u01b0 Pin, hub s\u1ea1c, tay khi\u1ec3n, \u2026 L\u1edbp l\u00f3t EVA \u0111\u01b0\u1ee3c \u0111\u00fac khu\u00f4n t\u00f9y ch\u1ec9nh theo m\u00e1y, gi\u00fap b\u1ea3o v\u1ec7 m\u00e1y bay v\u00e0 ph\u1ee5 ki\u1ec7n c\u1ee7a b\u1ea1n kh\u1ecfi h\u01b0 h\u1ea1i do va \u0111\u1eadp<\/span><\/p>\n<p style=\"text-align: justify;\"><span style=\"font-size: 18px;\"><img loading=\"lazy\" decoding=\"async\" class=\"alignnone wp-image-16876\" src=\"https:\/\/phukienflytech.vn\/wp-content\/uploads\/2020\/06\/tui-deo-mavic-air-2-chinh-hang-pgytech-gia-re-chong-soc-dji3-516x400.jpg\" alt=\"\" width=\"499\" height=\"387\" srcset=\"https:\/\/phukienflytech.vn\/wp-content\/uploads\/2020\/06\/tui-deo-mavic-air-2-chinh-hang-pgytech-gia-re-chong-soc-dji3-516x400.jpg 516w, https:\/\/phukienflytech.vn\/wp-content\/uploads\/2020\/06\/tui-deo-mavic-air-2-chinh-hang-pgytech-gia-re-chong-soc-dji3-768x596.jpg 768w, https:\/\/phukienflytech.vn\/wp-content\/uploads\/2020\/06\/tui-deo-mavic-air-2-chinh-hang-pgytech-gia-re-chong-soc-dji3-600x465.jpg 600w, https:\/\/phukienflytech.vn\/wp-content\/uploads\/2020\/06\/tui-deo-mavic-air-2-chinh-hang-pgytech-gia-re-chong-soc-dji3.jpg 1024w\" sizes=\"auto, (max-width: 499px) 100vw, 499px\" \/><\/span><\/p>\n<p>&nbsp;<\/p>\n<h2 style=\"text-align: justify;\"><span style=\"font-size: 21px; color: #0000ff;\"><strong>Th\u00f4ng tin Mavic Air 2 shoulder bag PGYtech<\/strong><\/span><\/h2>\n<p style=\"text-align: justify;\"><span style=\"font-size: 18px;\">+ Ph\u00f9 h\u01a1p : Mavic Air 2<\/span><\/p>\n<p style=\"text-align: justify;\"><span style=\"font-size: 18px;\">+ K\u00edch th\u01b0\u1edbc\u00a0 :\u00a0289mm x 225 mm x 115 mm<\/span><\/p>\n<p style=\"text-align: justify;\"><span style=\"font-size: 18px;\">+ Tr\u1ecdng l\u01b0\u1ee3ng : 510g<\/span><\/p>\n<p style=\"text-align: justify;\"><span style=\"font-size: 18px;\">+ Kh\u1ea3 n\u0103ng ch\u1ee9a \u0111\u1ef1ng : Action camera, \u0111i\u1ec7n tho\u1ea1i di \u0111\u1ed9ng, \u0111\u00e8n ch\u1ee5p \u1ea3nh nh\u1ecf, micro (bao g\u1ed3m t\u00fai Feiyu),<\/span><\/p>\n<p style=\"text-align: justify;\"><span style=\"font-size: 18px;\"><img loading=\"lazy\" decoding=\"async\" class=\"alignnone wp-image-16878\" src=\"https:\/\/phukienflytech.vn\/wp-content\/uploads\/2020\/06\/tui-deo-mavic-air-2-chinh-hang-pgytech-gia-re-chong-soc-dji4-549x400.jpg\" alt=\"Mavic-Air-2-shoulder-bag-PGYtech\" width=\"502\" height=\"366\" srcset=\"https:\/\/phukienflytech.vn\/wp-content\/uploads\/2020\/06\/tui-deo-mavic-air-2-chinh-hang-pgytech-gia-re-chong-soc-dji4-549x400.jpg 549w, https:\/\/phukienflytech.vn\/wp-content\/uploads\/2020\/06\/tui-deo-mavic-air-2-chinh-hang-pgytech-gia-re-chong-soc-dji4-768x560.jpg 768w, https:\/\/phukienflytech.vn\/wp-content\/uploads\/2020\/06\/tui-deo-mavic-air-2-chinh-hang-pgytech-gia-re-chong-soc-dji4-600x437.jpg 600w, https:\/\/phukienflytech.vn\/wp-content\/uploads\/2020\/06\/tui-deo-mavic-air-2-chinh-hang-pgytech-gia-re-chong-soc-dji4.jpg 1024w\" sizes=\"auto, (max-width: 502px) 100vw, 502px\" \/><\/span><\/p>\n<p style=\"text-align: justify;\"><span style=\"font-size: 18px;\">Thi\u1ebft k\u1ebf nh\u1ecf g\u1ecdn, quai \u0111eo b\u1ec1n ch\u1eafc, ng\u0103n ph\u1ee5 ki\u1ec7n \u0111\u01b0\u1ee3c chi h\u1ee3p l\u00ed. Gi\u00fap ch\u00fang ta mang theo b\u00ean m\u00ecnh m\u1ed9t c\u00e1ch<\/span><\/p>\n<h2 style=\"text-align: justify;\"><span style=\"color: #0000ff; font-size: 21px;\"><strong>Mua ph\u1ee5 ki\u1ec7n Mavic Air 2 \u1edf \u0111\u00e2u?<\/strong><\/span><\/h2>\n<p style=\"text-align: justify;\"><span style=\"font-size: 18px;\">N\u1ebfu b\u1ea1n v\u1eabn \u0111ang ph\u00e2n v\u00e2n kh\u00f4ng bi\u1ebft c\u00f3 th\u1ec3 t\u00ecm mua \u0111\u01b0\u1ee3c\u00a0<em><strong>nh\u1eefng ph\u1ee5 ki\u1ec7n ch\u00ednh h\u00e3ng cho dji mavic air 2\u00a0<\/strong><\/em>ch\u1ea5t l\u01b0\u1ee3ng nh\u1ea5t m\u00e0 kh\u00f4ng c\u1ea7n lo l\u1eafng gi\u00e1 c\u1ee7a s\u1ea3n ph\u1ea9m \u1edf \u0111\u00e2u th\u00ec ph\u1ee5 ki\u1ec7n flycam gi\u00e1 t\u1ed1t ch\u00ednh l\u00e0 n\u01a1i ph\u00f9 h\u1ee3p d\u00e0nh cho b\u1ea1n. H\u00e3y \u0111\u1ebfn v\u1edbi ph\u1ee5 ki\u1ec7n fly-cam gi\u00e1 t\u1ed1t \u0111\u1ec3 c\u00f3 \u0111\u01b0\u1ee3c\u00a0<em>nh\u1eefng ph\u1ee5 ki\u1ec7n Mavic air 2 v\u1edbi gi\u00e1 t\u1ed1t nh\u1ea5t v\u00e0 <\/em>c\u00f9ng ch\u1ea5t l\u01b0\u1ee3ng t\u1ed1t nh\u1ea5t.<\/span><\/p>\n<p>&nbsp;<\/p>\n<p><span style=\"font-size: 18px;\"><img decoding=\"async\" src=\"https:\/\/phukienflytech.vn\/wp-content\/uploads\/2020\/07\/tai-sao-nen-su-dung-pin-mavic-mini-chinh-hang-10151-4-1-800x251.png\" \/><\/span><\/p>\n<p>&nbsp;<\/p>\n<p><span style=\"box-sizing: border-box; font-size: 18px;\"><span style=\"font-family: 'Roboto Condensed', serif; color: black;\">Li\u00ean h\u1ec7: FB:\u00a0<strong style=\"box-sizing: border-box;\"><span style=\"font-family: 'Roboto Condensed',serif;\"><a style=\"box-sizing: border-box; touch-action: manipulation;\" href=\"https:\/\/www.facebook.com\/phukienflycam\" target=\"_blank\" rel=\"noopener noreferrer\"><span style=\"color: black; text-decoration: none; text-underline: none;\">Phu kien flycam gi\u00e1 t\u1ed1t<\/span><\/a><\/span><\/strong><\/span><\/span><\/p>\n","protected":false},"excerpt":{"rendered":"<p>Mavic Air 2 shoulder bag PGYtech &nbsp; Mavic Air 2 shoulder bag PGYtech T\u00fai \u0111eo hay vali gi\u00e0nh cho DJI Mavic Air 2 l\u00e0 ph\u1ee5 ki\u1ec7n kh\u00f4ng th\u1ec3 thi\u1ebfu v\u1edbi m\u1ed7i ng\u01b0\u1eddi ch\u01a1i. Gi\u00fap b\u1ea3o v\u1ec7 flycam c\u1ee7a b\u1ea1n kh\u1ecfi nh\u1eefng va ch\u1ea1m trong qu\u00e1 tr\u00ecnh di chuy\u1ec3n. V\u1edbi kh\u00f4ng gian ch\u1ee9a \u0111\u1ed3 r\u1ed9ng r\u00e3i &#8230;<\/p>\n","protected":false},"featured_media":17057,"comment_status":"open","ping_status":"closed","template":"","meta":{"_acf_changed":false},"product_brand":[],"product_cat":[199],"product_tag":[206,608],"class_list":{"0":"post-16881","1":"product","2":"type-product","3":"status-publish","4":"has-post-thumbnail","6":"product_cat-mavic-air-2-accessory","7":"product_tag-phu-kien-dji-en","8":"product_tag-phu-kien-mavic-air-2-en","10":"first","11":"instock","12":"shipping-taxable","13":"purchasable","14":"product-type-simple"},"acf":[],"yoast_head":"<!-- This site is optimized with the Yoast SEO plugin v25.7 - https:\/\/yoast.com\/wordpress\/plugins\/seo\/ -->\n<title>Mavic Air 2 shoulder bag PGYtech - Mavic air 2 accessory - Available<\/title>\n<meta name=\"description\" content=\"Mavic Air 2 shoulder bag PGYtech is one of the most important accessory. Contact us to buy Mavic Air 2 shoulder bag PGYtech for best price\" \/>\n<meta name=\"robots\" content=\"index, follow, max-snippet:-1, max-image-preview:large, max-video-preview:-1\" \/>\n<link rel=\"canonical\" href=\"https:\/\/phukienflytech.vn\/san-pham\/tui-deo-mavic-air-2-pgytech.html\" \/>\n<meta property=\"og:locale\" content=\"en_US\" \/>\n<meta property=\"og:type\" content=\"article\" \/>\n<meta property=\"og:title\" content=\"Mavic Air 2 shoulder bag PGYtech - Mavic air 2 accessory - Available\" \/>\n<meta property=\"og:description\" content=\"Mavic Air 2 shoulder bag PGYtech is one of the most important accessory. Contact us to buy Mavic Air 2 shoulder bag PGYtech for best price\" \/>\n<meta property=\"og:url\" content=\"https:\/\/phukienflytech.vn\/san-pham\/tui-deo-mavic-air-2-pgytech.html\" \/>\n<meta property=\"og:site_name\" content=\"Shop M\u00e1y \u1ea3nh - Action Camera - Gimbal - Flycam - Ph\u1ee5 ki\u1ec7n\" \/>\n<meta property=\"article:publisher\" content=\"https:\/\/facebook.com\/phukienflycam\" \/>\n<meta property=\"article:modified_time\" content=\"2020-10-14T09:18:44+00:00\" \/>\n<meta property=\"og:image\" content=\"https:\/\/phukienflytech.vn\/wp-content\/uploads\/2020\/06\/tui-deo-mavic-air-2-chinh-hang-pgytech-gia-re-chong-soc-dji212-Copy.jpg\" \/>\n\t<meta property=\"og:image:width\" content=\"300\" \/>\n\t<meta property=\"og:image:height\" content=\"300\" \/>\n\t<meta property=\"og:image:type\" content=\"image\/jpeg\" \/>\n<meta name=\"twitter:card\" content=\"summary_large_image\" \/>\n<meta name=\"twitter:label1\" content=\"Est. reading time\" \/>\n\t<meta name=\"twitter:data1\" content=\"3 minutes\" \/>\n<script type=\"application\/ld+json\" class=\"yoast-schema-graph\">{\"@context\":\"https:\/\/schema.org\",\"@graph\":[{\"@type\":\"WebPage\",\"@id\":\"https:\/\/phukienflytech.vn\/san-pham\/tui-deo-mavic-air-2-pgytech.html\",\"url\":\"https:\/\/phukienflytech.vn\/san-pham\/tui-deo-mavic-air-2-pgytech.html\",\"name\":\"Mavic Air 2 shoulder bag PGYtech - Mavic air 2 accessory - Available\",\"isPartOf\":{\"@id\":\"https:\/\/phukienflytech.vn\/#website\"},\"primaryImageOfPage\":{\"@id\":\"https:\/\/phukienflytech.vn\/san-pham\/tui-deo-mavic-air-2-pgytech.html#primaryimage\"},\"image\":{\"@id\":\"https:\/\/phukienflytech.vn\/san-pham\/tui-deo-mavic-air-2-pgytech.html#primaryimage\"},\"thumbnailUrl\":\"https:\/\/phukienflytech.vn\/wp-content\/uploads\/2020\/06\/tui-deo-mavic-air-2-chinh-hang-pgytech-gia-re-chong-soc-dji212-Copy.jpg\",\"datePublished\":\"2020-06-26T16:35:56+00:00\",\"dateModified\":\"2020-10-14T09:18:44+00:00\",\"description\":\"Mavic Air 2 shoulder bag PGYtech is one of the most important accessory. Contact us to buy Mavic Air 2 shoulder bag PGYtech for best price\",\"breadcrumb\":{\"@id\":\"https:\/\/phukienflytech.vn\/san-pham\/tui-deo-mavic-air-2-pgytech.html#breadcrumb\"},\"inLanguage\":\"en-US\",\"potentialAction\":[{\"@type\":\"ReadAction\",\"target\":[\"https:\/\/phukienflytech.vn\/san-pham\/tui-deo-mavic-air-2-pgytech.html\"]}]},{\"@type\":\"ImageObject\",\"inLanguage\":\"en-US\",\"@id\":\"https:\/\/phukienflytech.vn\/san-pham\/tui-deo-mavic-air-2-pgytech.html#primaryimage\",\"url\":\"https:\/\/phukienflytech.vn\/wp-content\/uploads\/2020\/06\/tui-deo-mavic-air-2-chinh-hang-pgytech-gia-re-chong-soc-dji212-Copy.jpg\",\"contentUrl\":\"https:\/\/phukienflytech.vn\/wp-content\/uploads\/2020\/06\/tui-deo-mavic-air-2-chinh-hang-pgytech-gia-re-chong-soc-dji212-Copy.jpg\",\"width\":300,\"height\":300},{\"@type\":\"BreadcrumbList\",\"@id\":\"https:\/\/phukienflytech.vn\/san-pham\/tui-deo-mavic-air-2-pgytech.html#breadcrumb\",\"itemListElement\":[{\"@type\":\"ListItem\",\"position\":1,\"name\":\"Home\",\"item\":\"https:\/\/phukienflytech.vn\/en\"},{\"@type\":\"ListItem\",\"position\":2,\"name\":\"Ph\u1ee5 ki\u1ec7n Mavic Pro\",\"item\":\"https:\/\/phukienflytech.vn\/en\/phu-kien-mavic-pro.html\"},{\"@type\":\"ListItem\",\"position\":3,\"name\":\"Ph\u1ee5 ki\u1ec7n DJI - Osmo\",\"item\":\"https:\/\/phukienflytech.vn\/danh-muc\/phu-kien-dji-osmo.html\"},{\"@type\":\"ListItem\",\"position\":4,\"name\":\"Ph\u1ee5 ki\u1ec7n DJI Mavic Air 2\",\"item\":\"https:\/\/phukienflytech.vn\/danh-muc\/phu-kien-mavic-air-2.html\"},{\"@type\":\"ListItem\",\"position\":5,\"name\":\"Mavic Air 2 shoulder bag &#8211; PGYtech\"}]},{\"@type\":\"WebSite\",\"@id\":\"https:\/\/phukienflytech.vn\/#website\",\"url\":\"https:\/\/phukienflytech.vn\/\",\"name\":\"Shop M\u00e1y \u1ea3nh - Action Camera - Gimbal - Flycam - Ph\u1ee5 ki\u1ec7n\",\"description\":\"Shop M\u00e1y \u1ea3nh - Action Camera - Gimbal - Flycam - Ph\u1ee5 ki\u1ec7n\",\"publisher\":{\"@id\":\"https:\/\/phukienflytech.vn\/#organization\"},\"potentialAction\":[{\"@type\":\"SearchAction\",\"target\":{\"@type\":\"EntryPoint\",\"urlTemplate\":\"https:\/\/phukienflytech.vn\/?s={search_term_string}\"},\"query-input\":{\"@type\":\"PropertyValueSpecification\",\"valueRequired\":true,\"valueName\":\"search_term_string\"}}],\"inLanguage\":\"en-US\"},{\"@type\":\"Organization\",\"@id\":\"https:\/\/phukienflytech.vn\/#organization\",\"name\":\"DJI Store - Shop Drone, Action camera, Gimbal DJI |Phukienflytech\",\"alternateName\":\"DJI Store - Shop Drone, Action camera, Gimbal DJI |Phukienflytech\",\"url\":\"https:\/\/phukienflytech.vn\/\",\"logo\":{\"@type\":\"ImageObject\",\"inLanguage\":\"en-US\",\"@id\":\"https:\/\/phukienflytech.vn\/#\/schema\/logo\/image\/\",\"url\":\"https:\/\/phukienflytech.vn\/wp-content\/uploads\/2020\/05\/hAnh_nan.jpg1_.jpg\",\"contentUrl\":\"https:\/\/phukienflytech.vn\/wp-content\/uploads\/2020\/05\/hAnh_nan.jpg1_.jpg\",\"width\":800,\"height\":450,\"caption\":\"DJI Store - Shop Drone, Action camera, Gimbal DJI |Phukienflytech\"},\"image\":{\"@id\":\"https:\/\/phukienflytech.vn\/#\/schema\/logo\/image\/\"},\"sameAs\":[\"https:\/\/facebook.com\/phukienflycam\",\"https:\/\/www.youtube.com\/@phukienflytech\",\"https:\/\/www.tiktok.com\/@flytech.channel?fbclid=IwY2xjawGjg7BleHRuA2FlbQIxMAABHYVGmlXpuSMs0UB2zTpYvyT4GMVfN2qJa4urF4vkSQ6FAVBwXZtDP30qQA_aem_UwMiDcUvlEbd2tXAmsc8Og\"]}]}<\/script>\n<!-- \/ Yoast SEO plugin. -->","yoast_head_json":{"title":"Mavic Air 2 shoulder bag PGYtech - Mavic air 2 accessory - Available","description":"Mavic Air 2 shoulder bag PGYtech is one of the most important accessory. Contact us to buy Mavic Air 2 shoulder bag PGYtech for best price","robots":{"index":"index","follow":"follow","max-snippet":"max-snippet:-1","max-image-preview":"max-image-preview:large","max-video-preview":"max-video-preview:-1"},"canonical":"https:\/\/phukienflytech.vn\/san-pham\/tui-deo-mavic-air-2-pgytech.html","og_locale":"en_US","og_type":"article","og_title":"Mavic Air 2 shoulder bag PGYtech - Mavic air 2 accessory - Available","og_description":"Mavic Air 2 shoulder bag PGYtech is one of the most important accessory. Contact us to buy Mavic Air 2 shoulder bag PGYtech for best price","og_url":"https:\/\/phukienflytech.vn\/san-pham\/tui-deo-mavic-air-2-pgytech.html","og_site_name":"Shop M\u00e1y \u1ea3nh - Action Camera - Gimbal - Flycam - Ph\u1ee5 ki\u1ec7n","article_publisher":"https:\/\/facebook.com\/phukienflycam","article_modified_time":"2020-10-14T09:18:44+00:00","og_image":[{"width":300,"height":300,"url":"https:\/\/phukienflytech.vn\/wp-content\/uploads\/2020\/06\/tui-deo-mavic-air-2-chinh-hang-pgytech-gia-re-chong-soc-dji212-Copy.jpg","type":"image\/jpeg"}],"twitter_card":"summary_large_image","twitter_misc":{"Est. reading time":"3 minutes"},"schema":{"@context":"https:\/\/schema.org","@graph":[{"@type":"WebPage","@id":"https:\/\/phukienflytech.vn\/san-pham\/tui-deo-mavic-air-2-pgytech.html","url":"https:\/\/phukienflytech.vn\/san-pham\/tui-deo-mavic-air-2-pgytech.html","name":"Mavic Air 2 shoulder bag PGYtech - Mavic air 2 accessory - Available","isPartOf":{"@id":"https:\/\/phukienflytech.vn\/#website"},"primaryImageOfPage":{"@id":"https:\/\/phukienflytech.vn\/san-pham\/tui-deo-mavic-air-2-pgytech.html#primaryimage"},"image":{"@id":"https:\/\/phukienflytech.vn\/san-pham\/tui-deo-mavic-air-2-pgytech.html#primaryimage"},"thumbnailUrl":"https:\/\/phukienflytech.vn\/wp-content\/uploads\/2020\/06\/tui-deo-mavic-air-2-chinh-hang-pgytech-gia-re-chong-soc-dji212-Copy.jpg","datePublished":"2020-06-26T16:35:56+00:00","dateModified":"2020-10-14T09:18:44+00:00","description":"Mavic Air 2 shoulder bag PGYtech is one of the most important accessory. Contact us to buy Mavic Air 2 shoulder bag PGYtech for best price","breadcrumb":{"@id":"https:\/\/phukienflytech.vn\/san-pham\/tui-deo-mavic-air-2-pgytech.html#breadcrumb"},"inLanguage":"en-US","potentialAction":[{"@type":"ReadAction","target":["https:\/\/phukienflytech.vn\/san-pham\/tui-deo-mavic-air-2-pgytech.html"]}]},{"@type":"ImageObject","inLanguage":"en-US","@id":"https:\/\/phukienflytech.vn\/san-pham\/tui-deo-mavic-air-2-pgytech.html#primaryimage","url":"https:\/\/phukienflytech.vn\/wp-content\/uploads\/2020\/06\/tui-deo-mavic-air-2-chinh-hang-pgytech-gia-re-chong-soc-dji212-Copy.jpg","contentUrl":"https:\/\/phukienflytech.vn\/wp-content\/uploads\/2020\/06\/tui-deo-mavic-air-2-chinh-hang-pgytech-gia-re-chong-soc-dji212-Copy.jpg","width":300,"height":300},{"@type":"BreadcrumbList","@id":"https:\/\/phukienflytech.vn\/san-pham\/tui-deo-mavic-air-2-pgytech.html#breadcrumb","itemListElement":[{"@type":"ListItem","position":1,"name":"Home","item":"https:\/\/phukienflytech.vn\/en"},{"@type":"ListItem","position":2,"name":"Ph\u1ee5 ki\u1ec7n Mavic Pro","item":"https:\/\/phukienflytech.vn\/en\/phu-kien-mavic-pro.html"},{"@type":"ListItem","position":3,"name":"Ph\u1ee5 ki\u1ec7n DJI - Osmo","item":"https:\/\/phukienflytech.vn\/danh-muc\/phu-kien-dji-osmo.html"},{"@type":"ListItem","position":4,"name":"Ph\u1ee5 ki\u1ec7n DJI Mavic Air 2","item":"https:\/\/phukienflytech.vn\/danh-muc\/phu-kien-mavic-air-2.html"},{"@type":"ListItem","position":5,"name":"Mavic Air 2 shoulder bag &#8211; PGYtech"}]},{"@type":"WebSite","@id":"https:\/\/phukienflytech.vn\/#website","url":"https:\/\/phukienflytech.vn\/","name":"Shop M\u00e1y \u1ea3nh - Action Camera - Gimbal - Flycam - Ph\u1ee5 ki\u1ec7n","description":"Shop M\u00e1y \u1ea3nh - Action Camera - Gimbal - Flycam - Ph\u1ee5 ki\u1ec7n","publisher":{"@id":"https:\/\/phukienflytech.vn\/#organization"},"potentialAction":[{"@type":"SearchAction","target":{"@type":"EntryPoint","urlTemplate":"https:\/\/phukienflytech.vn\/?s={search_term_string}"},"query-input":{"@type":"PropertyValueSpecification","valueRequired":true,"valueName":"search_term_string"}}],"inLanguage":"en-US"},{"@type":"Organization","@id":"https:\/\/phukienflytech.vn\/#organization","name":"DJI Store - Shop Drone, Action camera, Gimbal DJI |Phukienflytech","alternateName":"DJI Store - Shop Drone, Action camera, Gimbal DJI |Phukienflytech","url":"https:\/\/phukienflytech.vn\/","logo":{"@type":"ImageObject","inLanguage":"en-US","@id":"https:\/\/phukienflytech.vn\/#\/schema\/logo\/image\/","url":"https:\/\/phukienflytech.vn\/wp-content\/uploads\/2020\/05\/hAnh_nan.jpg1_.jpg","contentUrl":"https:\/\/phukienflytech.vn\/wp-content\/uploads\/2020\/05\/hAnh_nan.jpg1_.jpg","width":800,"height":450,"caption":"DJI Store - Shop Drone, Action camera, Gimbal DJI |Phukienflytech"},"image":{"@id":"https:\/\/phukienflytech.vn\/#\/schema\/logo\/image\/"},"sameAs":["https:\/\/facebook.com\/phukienflycam","https:\/\/www.youtube.com\/@phukienflytech","https:\/\/www.tiktok.com\/@flytech.channel?fbclid=IwY2xjawGjg7BleHRuA2FlbQIxMAABHYVGmlXpuSMs0UB2zTpYvyT4GMVfN2qJa4urF4vkSQ6FAVBwXZtDP30qQA_aem_UwMiDcUvlEbd2tXAmsc8Og"]}]}},"_links":{"self":[{"href":"https:\/\/phukienflytech.vn\/en\/wp-json\/wp\/v2\/product\/16881","targetHints":{"allow":["GET"]}}],"collection":[{"href":"https:\/\/phukienflytech.vn\/en\/wp-json\/wp\/v2\/product"}],"about":[{"href":"https:\/\/phukienflytech.vn\/en\/wp-json\/wp\/v2\/types\/product"}],"replies":[{"embeddable":true,"href":"https:\/\/phukienflytech.vn\/en\/wp-json\/wp\/v2\/comments?post=16881"}],"wp:featuredmedia":[{"embeddable":true,"href":"https:\/\/phukienflytech.vn\/en\/wp-json\/wp\/v2\/media\/17057"}],"wp:attachment":[{"href":"https:\/\/phukienflytech.vn\/en\/wp-json\/wp\/v2\/media?parent=16881"}],"wp:term":[{"taxonomy":"product_brand","embeddable":true,"href":"https:\/\/phukienflytech.vn\/en\/wp-json\/wp\/v2\/product_brand?post=16881"},{"taxonomy":"product_cat","embeddable":true,"href":"https:\/\/phukienflytech.vn\/en\/wp-json\/wp\/v2\/product_cat?post=16881"},{"taxonomy":"product_tag","embeddable":true,"href":"https:\/\/phukienflytech.vn\/en\/wp-json\/wp\/v2\/product_tag?post=16881"}],"curies":[{"name":"wp","href":"https:\/\/api.w.org\/{rel}","templated":true}]}}