{"id":16950,"date":"2020-06-20T23:59:49","date_gmt":"2020-06-20T16:59:49","guid":{"rendered":"https:\/\/phukienflytech.vn\/san-pham\/bo-nep-canh-mavic-mini-pgytech.html"},"modified":"2021-01-16T10:07:28","modified_gmt":"2021-01-16T03:07:28","slug":"mavic-mini-propeller-holder-pgytech","status":"publish","type":"product","link":"https:\/\/phukienflytech.vn\/en\/san-pham\/mavic-mini-propeller-holder-pgytech.html","title":{"rendered":"Mavic Mini propeller holder &#8211; PGYtech"},"content":{"rendered":"<h2 style=\"text-align: justify;\"><span style=\"color: #0000ff;\"><em><strong><span style=\"font-size: 21px;\">Mavic Mini propeller holder &#8211; PGYtech<\/span><\/strong><\/em><\/span><\/h2>\n<p><span style=\"font-size: 18px;\">Mavic Mini propeller holder &#8211; PGYtech<\/span><\/p>\n<p style=\"text-align: justify;\"><span style=\"font-size: 18px;\">Khi di chuy\u1ec3n \u0111\u00f4i c\u00e1nh c\u1ee7a chi\u1ebfc drone c\u00f3 th\u1ec3 b\u1ecb l\u1ecfng d\u1eabn \u0111\u1ebfn nh\u1eefng h\u01b0 t\u1ed1n, h\u1ecfng h\u00f3c kh\u00f4ng \u0111\u00e1ng c\u00f3. M\u1ed9t trong nh\u1eefng <a href=\"https:\/\/phukienflytech.vn\/en\/danh-muc\/mavic-mini-accessory.html\"><strong>ph\u1ee5 ki\u1ec7n Mavic Mini<\/strong>\u00a0<\/a>v\u00f4 c\u00f9ng c\u1ea7n thi\u1ebft c\u00f3 th\u1ec3 gi\u1ea3i quy\u1ebft v\u1ea5n \u0111\u1ec1 \u0111\u00f3 m\u1ed9t c\u00e1ch \u0111\u01a1n gi\u1ea3n \u0111\u00f3 ch\u00ednh l\u00e0 <strong>B\u1ed9 n\u1eb9p c\u00e1nh mavic mini &#8211; Ch\u00ednh h\u00e3ng PGYtech<\/strong><\/span><\/p>\n<p style=\"text-align: justify;\"><span style=\"font-size: 18px;\"><img loading=\"lazy\" decoding=\"async\" class=\"alignnone wp-image-16937\" src=\"https:\/\/phukienflytech.vn\/wp-content\/uploads\/2020\/06\/Nep-canh-mavic-mini-dji-pgytech-phu-kien-flycam3-474x400.jpg\" alt=\"B\u1ed9 n\u1eb9p c\u00e1nh mavic mini - Ch\u00ednh h\u00e3ng PGYtech - Ph\u1ee5 ki\u1ec7n flycam DJI\" width=\"505\" height=\"426\" srcset=\"https:\/\/phukienflytech.vn\/wp-content\/uploads\/2020\/06\/Nep-canh-mavic-mini-dji-pgytech-phu-kien-flycam3-474x400.jpg 474w, https:\/\/phukienflytech.vn\/wp-content\/uploads\/2020\/06\/Nep-canh-mavic-mini-dji-pgytech-phu-kien-flycam3.jpg 499w\" sizes=\"auto, (max-width: 505px) 100vw, 505px\" \/> <\/span><\/p>\n<h2 style=\"text-align: justify;\"><span style=\"font-size: 21px; color: #0000ff;\"><strong>Th\u00f4ng tin s\u1ea3n ph\u1ea9m: B\u1ed9 n\u1eb9p c\u00e1nh Mavic Mini \u2013 PGYtech<\/strong><\/span><\/h2>\n<h3 style=\"text-align: justify;\"><span style=\"font-size: 18px; color: #0000ff;\"><strong>Ch\u1ea5t li\u1ec7u s\u1ea3n ph\u1ea9m<\/strong><\/span><\/h3>\n<p style=\"text-align: justify;\"><span style=\"font-size: 18px;\">Tr\u1ecdng l\u01b0\u1ee3ng: 20g<\/span><\/p>\n<p style=\"text-align: justify;\"><span style=\"font-size: 18px;\">Ch\u1ea5t li\u1ec7u: sillca gel<\/span><\/p>\n<p style=\"text-align: justify;\"><span style=\"font-size: 18px;\">C\u00f4ng d\u1ee5ng: c\u1ed1 \u0111\u1ecbnh c\u00e1nh khi di chuy\u1ec3n<\/span><\/p>\n<p style=\"text-align: justify;\"><span style=\"font-size: 18px;\">H\u00e3ng s\u1ea3n xu\u1ea5t: PGYTECH<\/span><\/p>\n<p style=\"text-align: justify;\"><span style=\"font-size: 18px;\"><img loading=\"lazy\" decoding=\"async\" class=\"alignnone wp-image-16939\" src=\"https:\/\/phukienflytech.vn\/wp-content\/uploads\/2020\/06\/Nep-canh-mavic-mini-dji-pgytech-phu-kien-flycam5-474x400.jpg\" alt=\"B\u1ed9 n\u1eb9p c\u00e1nh mavic mini - Ch\u00ednh h\u00e3ng PGYtech - Ph\u1ee5 ki\u1ec7n flycam DJI\" width=\"502\" height=\"424\" srcset=\"https:\/\/phukienflytech.vn\/wp-content\/uploads\/2020\/06\/Nep-canh-mavic-mini-dji-pgytech-phu-kien-flycam5-474x400.jpg 474w, https:\/\/phukienflytech.vn\/wp-content\/uploads\/2020\/06\/Nep-canh-mavic-mini-dji-pgytech-phu-kien-flycam5.jpg 499w\" sizes=\"auto, (max-width: 502px) 100vw, 502px\" \/> <\/span><\/p>\n<h3 style=\"text-align: justify;\"><span style=\"font-size: 18px; color: #0000ff;\"><strong>Ch\u1ea5t li\u1ec7u s\u1ea3n ph\u1ea9m Mavic Mini propeller holder &#8211; PGYtech<\/strong><\/span><\/h3>\n<p style=\"text-align: justify;\"><span style=\"font-size: 18px;\">B\u1ed9 n\u1eb9p c\u00e1nh Mavic Mini\u00a0 PGYtech \u0111\u01b0\u1ee3c l\u00e0m t\u1eeb ch\u1ea5t li\u1ec7u silicon m\u1ec1m. Gi\u00fap ng\u01b0\u1eddi d\u00f9ng d\u1ec5 d\u00e0ng s\u1eed d\u1ee5ng m\u00e0 kh\u00f4ng s\u1ee3 l\u00e0m \u1ea3nh h\u01b0\u1edfng t\u1edbi thi\u1ebft b\u1ecb.<\/span><\/p>\n<p style=\"text-align: justify;\"><span style=\"font-size: 18px;\">PGYtech \u0111\u00e3 trang b\u1ecb th\u00eam m\u1ed9t d\u00e2y \u0111eo \u0111\u00e0n h\u1ed3i. B\u1ea1n c\u00f3 th\u1ec3 \u0111eo n\u00f3 ngay tr\u01b0\u1edbc ng\u1ef1c, ho\u1eb7c \u0111eo v\u00e0o tay mang t\u1edbi s\u1ef1 linh ho\u1ea1t v\u00e0 ti\u1ec7n l\u1ee3i.<\/span><\/p>\n<p style=\"text-align: justify;\"><span style=\"font-size: 18px;\"><img loading=\"lazy\" decoding=\"async\" class=\"alignnone wp-image-16941\" src=\"https:\/\/phukienflytech.vn\/wp-content\/uploads\/2020\/06\/Nep-canh-mavic-mini-dji-pgytech-phu-kien-flycam11-673x400.jpg\" alt=\"B\u1ed9 n\u1eb9p c\u00e1nh mavic mini - Ch\u00ednh h\u00e3ng PGYtech - Ph\u1ee5 ki\u1ec7n flycam DJI\" width=\"501\" height=\"298\" srcset=\"https:\/\/phukienflytech.vn\/wp-content\/uploads\/2020\/06\/Nep-canh-mavic-mini-dji-pgytech-phu-kien-flycam11-673x400.jpg 673w, https:\/\/phukienflytech.vn\/wp-content\/uploads\/2020\/06\/Nep-canh-mavic-mini-dji-pgytech-phu-kien-flycam11-768x457.jpg 768w, https:\/\/phukienflytech.vn\/wp-content\/uploads\/2020\/06\/Nep-canh-mavic-mini-dji-pgytech-phu-kien-flycam11-600x357.jpg 600w, https:\/\/phukienflytech.vn\/wp-content\/uploads\/2020\/06\/Nep-canh-mavic-mini-dji-pgytech-phu-kien-flycam11.jpg 1024w\" sizes=\"auto, (max-width: 501px) 100vw, 501px\" \/> <\/span><\/p>\n<h3 style=\"text-align: justify;\"><span style=\"font-size: 18px; color: #0000ff;\"><strong>Hi\u1ec7u qu\u1ea3 \u0111em l\u1ea1i<\/strong><\/span><\/h3>\n<p style=\"text-align: justify;\"><span style=\"font-size: 18px;\"><strong>B\u1ed9 n\u1eb9p c\u00e1nh mavic mini &#8211; Ch\u00ednh h\u00e3ng PGYtech<\/strong> \u0111\u1ec1u \u0111\u01b0\u1ee3c \u0111\u00fac v\u00f4 c\u00f9ng c\u1ea9n th\u1eadn. \u0110\u1ec3 t\u1ea1o ra s\u1ef1 b\u1ea3o v\u1ec7 hi\u1ec7u qu\u1ea3 nh\u1ea5t cho c\u00e1nh qu\u1ea1t Mavic Mini c\u1ee7a b\u1ea1n. S\u1ea3n ph\u1ea9m l\u00e0m b\u1eb1ng Silicon n\u00ean s\u1ebd c\u00f3 \u0111\u1ed9 \u00f4m v\u1eeba ph\u1ea3i ko b\u1ecb qu\u00e1 ch\u1eb7t.<\/span><\/p>\n<p style=\"text-align: justify;\"><span style=\"font-size: 18px;\">Gi\u00fap c\u1ed1 \u0111\u1ecbnh c\u00e1nh m\u1ed9t c\u00e1ch hi\u1ec7u qu\u1ea3 trong qu\u00e1 tr\u00ecnh di chuy\u1ec3n. H\u1ea1n ch\u1ebf vi\u1ec7c x\u00f4 l\u1ec7ch c\u00e1nh d\u1eabn t\u1edbi vi\u1ec7c c\u00e1nh b\u1ecb cong, b\u1ecb g\u00e3y.<\/span><\/p>\n<p style=\"text-align: justify;\"><span style=\"font-size: 18px;\">L\u01b0u \u00fd: Tr\u01b0\u1edbc khi kh\u1edfi \u0111\u1ed9ng m\u00e1y h\u00e3y th\u00e1o b\u1ed9 n\u1eb9p c\u00e1nh Mavic mini n\u00e0y ra nh\u00e9.<\/span><\/p>\n<p style=\"text-align: justify;\"><span style=\"font-size: 18px;\"><img loading=\"lazy\" decoding=\"async\" class=\"alignnone wp-image-16943\" src=\"https:\/\/phukienflytech.vn\/wp-content\/uploads\/2020\/06\/Nep-canh-mavic-mini-dji-pgytech-phu-kien-flycam13-611x400.jpg\" alt=\"B\u1ed9 n\u1eb9p c\u00e1nh mavic mini - Ch\u00ednh h\u00e3ng PGYtech - Ph\u1ee5 ki\u1ec7n flycam DJI\" width=\"499\" height=\"327\" srcset=\"https:\/\/phukienflytech.vn\/wp-content\/uploads\/2020\/06\/Nep-canh-mavic-mini-dji-pgytech-phu-kien-flycam13-611x400.jpg 611w, https:\/\/phukienflytech.vn\/wp-content\/uploads\/2020\/06\/Nep-canh-mavic-mini-dji-pgytech-phu-kien-flycam13-768x503.jpg 768w, https:\/\/phukienflytech.vn\/wp-content\/uploads\/2020\/06\/Nep-canh-mavic-mini-dji-pgytech-phu-kien-flycam13-600x393.jpg 600w, https:\/\/phukienflytech.vn\/wp-content\/uploads\/2020\/06\/Nep-canh-mavic-mini-dji-pgytech-phu-kien-flycam13.jpg 1024w\" sizes=\"auto, (max-width: 499px) 100vw, 499px\" \/> <\/span><\/p>\n<h3 style=\"text-align: justify;\"><span style=\"font-size: 18px; color: #0000ff;\"><strong>D\u1ec5 d\u00e0ng c\u00e0i \u0111\u1eb7t v\u00e0 th\u00e1o g\u1ee1<\/strong><\/span><\/h3>\n<p style=\"text-align: justify;\"><span style=\"font-size: 18px;\">Thao t\u00e1c g\u1eafn ho\u1eb7c th\u00e1o r\u1eddi <strong>B\u1ed9 n\u1eb9p c\u00e1nh mavic mini &#8211; Ch\u00ednh h\u00e3ng PGYtech<\/strong> r\u1ea5t d\u1ec5 d\u00e0ng v\u1edbi kh\u00f3a h\u1ee3p kim nh\u00f4m v\u00e0 l\u1ed7 treo d\u00e0nh ri\u00eang cho s\u1ea3n ph\u1ea9m.<\/span><\/p>\n<p style=\"text-align: justify;\"><span style=\"font-size: 18px;\">B\u00ean c\u1ea1nh ph\u1ee5 ki\u1ec7n Mavic Mini, Shop ph\u1ee5 ki\u1ec7n flycam gi\u00e1 t\u1ed1t c\u00f2n cung c\u1ea5p Ph\u1ee5 ki\u1ec7n c\u00e1c d\u00f2ng flycam DJI Phantom, Ph\u1ee5 ki\u1ec7n flycam DJI Mavic,\u2026<\/span><\/p>\n<p style=\"text-align: justify;\"><span style=\"font-size: 18px;\"><img loading=\"lazy\" decoding=\"async\" class=\"alignnone wp-image-16945\" src=\"https:\/\/phukienflytech.vn\/wp-content\/uploads\/2020\/06\/Nep-canh-mavic-mini-dji-pgytech-phu-kien-flycam19-522x400.jpg\" alt=\"B\u1ed9 n\u1eb9p c\u00e1nh mavic mini - Ch\u00ednh h\u00e3ng PGYtech - Ph\u1ee5 ki\u1ec7n flycam DJI\" width=\"495\" height=\"379\" srcset=\"https:\/\/phukienflytech.vn\/wp-content\/uploads\/2020\/06\/Nep-canh-mavic-mini-dji-pgytech-phu-kien-flycam19-522x400.jpg 522w, https:\/\/phukienflytech.vn\/wp-content\/uploads\/2020\/06\/Nep-canh-mavic-mini-dji-pgytech-phu-kien-flycam19-768x588.jpg 768w, https:\/\/phukienflytech.vn\/wp-content\/uploads\/2020\/06\/Nep-canh-mavic-mini-dji-pgytech-phu-kien-flycam19-600x459.jpg 600w, https:\/\/phukienflytech.vn\/wp-content\/uploads\/2020\/06\/Nep-canh-mavic-mini-dji-pgytech-phu-kien-flycam19.jpg 1024w\" sizes=\"auto, (max-width: 495px) 100vw, 495px\" \/> <img loading=\"lazy\" decoding=\"async\" class=\"alignnone wp-image-16947\" src=\"https:\/\/phukienflytech.vn\/wp-content\/uploads\/2020\/06\/v15-648x400.jpg\" alt=\"\" width=\"504\" height=\"311\" srcset=\"https:\/\/phukienflytech.vn\/wp-content\/uploads\/2020\/06\/v15-648x400.jpg 648w, https:\/\/phukienflytech.vn\/wp-content\/uploads\/2020\/06\/v15-768x474.jpg 768w, https:\/\/phukienflytech.vn\/wp-content\/uploads\/2020\/06\/v15-600x370.jpg 600w, https:\/\/phukienflytech.vn\/wp-content\/uploads\/2020\/06\/v15.jpg 1024w\" sizes=\"auto, (max-width: 504px) 100vw, 504px\" \/><\/span><\/p>\n<h2><span style=\"font-size: 21px; color: #0000ff;\"><b><span style=\"line-height: 115%;\">Mua Mavic Mini propeller holder &#8211; PGYtech \u1edf \u0111\u00e2u<\/span><\/b><b><span style=\"line-height: 115%; font-family: 'Times New Roman', serif;\">?<\/span><\/b><\/span><\/h2>\n<p style=\"text-align: justify; text-justify: inter-ideograph; background: white; margin: 0in 0in 15.6pt 0in;\"><span style=\"font-size: 18px; color: black;\">N\u1ebfu b\u1ea1n v\u1eabn \u0111ang ph\u00e2n v\u00e2n kh\u00f4ng bi\u1ebft c\u00f3 th\u1ec3 t\u00ecm mua \u0111\u01b0\u1ee3c\u00a0<em><b>nh\u1eefng ph\u1ee5 ki\u1ec7n ch\u00ednh h\u00e3ng cho dji mavic air 2. <\/b><\/em>Ch\u1ea5t l\u01b0\u1ee3ng nh\u1ea5t m\u00e0 kh\u00f4ng c\u1ea7n lo l\u1eafng gi\u00e1 c\u1ee7a s\u1ea3n ph\u1ea9m \u1edf \u0111\u00e2u th\u00ec ph\u1ee5 ki\u1ec7n flycam gi\u00e1 t\u1ed1t ch\u00ednh l\u00e0 n\u01a1i ph\u00f9 h\u1ee3p d\u00e0nh cho b\u1ea1n. H\u00e3y \u0111\u1ebfn v\u1edbi ph\u1ee5 ki\u1ec7n flycam gi\u00e1 t\u1ed1t \u0111\u1ec3 c\u00f3 \u0111\u01b0\u1ee3c <em><strong>nh\u1eefng ph\u1ee5 ki\u1ec7n Mavic Mini<\/strong> v\u1edbi gi\u00e1 t\u1ed1t nh\u1ea5t v\u00e0 <\/em>c\u00f9ng ch\u1ea5t l\u01b0\u1ee3ng t\u1ed1t nh\u1ea5t.<\/span><\/p>\n<p><span style=\"font-size: 18px;\">Li\u00ean h\u1ec7: FB: <strong><a href=\"https:\/\/www.facebook.com\/phukienflycam\">Phu kien flycam gi\u00e1 t\u1ed1t<\/a><\/strong><\/span><\/p>\n","protected":false},"excerpt":{"rendered":"<p>Mavic Mini propeller holder &#8211; PGYtech Mavic Mini propeller holder &#8211; PGYtech Khi di chuy\u1ec3n \u0111\u00f4i c\u00e1nh c\u1ee7a chi\u1ebfc drone c\u00f3 th\u1ec3 b\u1ecb l\u1ecfng d\u1eabn \u0111\u1ebfn nh\u1eefng h\u01b0 t\u1ed1n, h\u1ecfng h\u00f3c kh\u00f4ng \u0111\u00e1ng c\u00f3. M\u1ed9t trong nh\u1eefng ph\u1ee5 ki\u1ec7n Mavic Mini\u00a0v\u00f4 c\u00f9ng c\u1ea7n thi\u1ebft c\u00f3 th\u1ec3 gi\u1ea3i quy\u1ebft v\u1ea5n \u0111\u1ec1 \u0111\u00f3 m\u1ed9t c\u00e1ch \u0111\u01a1n gi\u1ea3n &#8230;<\/p>\n","protected":false},"featured_media":16949,"comment_status":"open","ping_status":"closed","template":"","meta":{"_acf_changed":false},"product_brand":[],"product_cat":[181,222,200],"product_tag":[206,608,251],"class_list":{"0":"post-16950","1":"product","2":"type-product","3":"status-publish","4":"has-post-thumbnail","6":"product_cat-mavic-mini-accessory","7":"product_cat-phu-kien-pgytech-en","8":"product_cat-new-arrivals","9":"product_tag-phu-kien-dji-en","10":"product_tag-phu-kien-mavic-air-2-en","11":"product_tag-phu-kien-pgytech-en","13":"first","14":"instock","15":"shipping-taxable","16":"purchasable","17":"product-type-simple"},"acf":[],"yoast_head":"<!-- This site is optimized with the Yoast SEO plugin v25.7 - https:\/\/yoast.com\/wordpress\/plugins\/seo\/ -->\n<title>Mavic Mini propeller holder - PGYtech - Mavic mini accessory - available.<\/title>\n<meta name=\"description\" content=\"Mavic Mini propeller holder - PGYtech is one of the most important accessory. Contact us to buy it for best price, fast shipping in Vietnam.\" \/>\n<meta name=\"robots\" content=\"index, follow, max-snippet:-1, max-image-preview:large, max-video-preview:-1\" \/>\n<link rel=\"canonical\" href=\"https:\/\/phukienflytech.vn\/en\/san-pham\/mavic-mini-propeller-holder-pgytech.html\" \/>\n<meta property=\"og:locale\" content=\"en_US\" \/>\n<meta property=\"og:type\" content=\"article\" \/>\n<meta property=\"og:title\" content=\"Mavic Mini propeller holder - PGYtech - Mavic mini accessory - available.\" \/>\n<meta property=\"og:description\" content=\"Mavic Mini propeller holder - PGYtech is one of the most important accessory. Contact us to buy it for best price, fast shipping in Vietnam.\" \/>\n<meta property=\"og:url\" content=\"https:\/\/phukienflytech.vn\/en\/san-pham\/mavic-mini-propeller-holder-pgytech.html\" \/>\n<meta property=\"og:site_name\" content=\"Shop M\u00e1y \u1ea3nh - Action Camera - Gimbal - Flycam - Ph\u1ee5 ki\u1ec7n\" \/>\n<meta property=\"article:publisher\" content=\"https:\/\/facebook.com\/phukienflycam\" \/>\n<meta property=\"article:modified_time\" content=\"2021-01-16T03:07:28+00:00\" \/>\n<meta property=\"og:image\" content=\"https:\/\/phukienflytech.vn\/wp-content\/uploads\/2020\/06\/Nep-canh-mavic-mini-dji-pgytech-phu-kien-flycam61-Copy.jpg\" \/>\n\t<meta property=\"og:image:width\" content=\"300\" \/>\n\t<meta property=\"og:image:height\" content=\"300\" \/>\n\t<meta property=\"og:image:type\" content=\"image\/jpeg\" \/>\n<meta name=\"twitter:card\" content=\"summary_large_image\" \/>\n<meta name=\"twitter:label1\" content=\"Est. reading time\" \/>\n\t<meta name=\"twitter:data1\" content=\"3 minutes\" \/>\n<script type=\"application\/ld+json\" class=\"yoast-schema-graph\">{\"@context\":\"https:\/\/schema.org\",\"@graph\":[{\"@type\":\"WebPage\",\"@id\":\"https:\/\/phukienflytech.vn\/en\/san-pham\/mavic-mini-propeller-holder-pgytech.html\",\"url\":\"https:\/\/phukienflytech.vn\/en\/san-pham\/mavic-mini-propeller-holder-pgytech.html\",\"name\":\"Mavic Mini propeller holder - PGYtech - Mavic mini accessory - available.\",\"isPartOf\":{\"@id\":\"https:\/\/phukienflytech.vn\/#website\"},\"primaryImageOfPage\":{\"@id\":\"https:\/\/phukienflytech.vn\/en\/san-pham\/mavic-mini-propeller-holder-pgytech.html#primaryimage\"},\"image\":{\"@id\":\"https:\/\/phukienflytech.vn\/en\/san-pham\/mavic-mini-propeller-holder-pgytech.html#primaryimage\"},\"thumbnailUrl\":\"https:\/\/phukienflytech.vn\/wp-content\/uploads\/2020\/06\/Nep-canh-mavic-mini-dji-pgytech-phu-kien-flycam61-Copy.jpg\",\"datePublished\":\"2020-06-20T16:59:49+00:00\",\"dateModified\":\"2021-01-16T03:07:28+00:00\",\"description\":\"Mavic Mini propeller holder - PGYtech is one of the most important accessory. Contact us to buy it for best price, fast shipping in Vietnam.\",\"breadcrumb\":{\"@id\":\"https:\/\/phukienflytech.vn\/en\/san-pham\/mavic-mini-propeller-holder-pgytech.html#breadcrumb\"},\"inLanguage\":\"en-US\",\"potentialAction\":[{\"@type\":\"ReadAction\",\"target\":[\"https:\/\/phukienflytech.vn\/en\/san-pham\/mavic-mini-propeller-holder-pgytech.html\"]}]},{\"@type\":\"ImageObject\",\"inLanguage\":\"en-US\",\"@id\":\"https:\/\/phukienflytech.vn\/en\/san-pham\/mavic-mini-propeller-holder-pgytech.html#primaryimage\",\"url\":\"https:\/\/phukienflytech.vn\/wp-content\/uploads\/2020\/06\/Nep-canh-mavic-mini-dji-pgytech-phu-kien-flycam61-Copy.jpg\",\"contentUrl\":\"https:\/\/phukienflytech.vn\/wp-content\/uploads\/2020\/06\/Nep-canh-mavic-mini-dji-pgytech-phu-kien-flycam61-Copy.jpg\",\"width\":300,\"height\":300},{\"@type\":\"BreadcrumbList\",\"@id\":\"https:\/\/phukienflytech.vn\/en\/san-pham\/mavic-mini-propeller-holder-pgytech.html#breadcrumb\",\"itemListElement\":[{\"@type\":\"ListItem\",\"position\":1,\"name\":\"Home\",\"item\":\"https:\/\/phukienflytech.vn\/en\"},{\"@type\":\"ListItem\",\"position\":2,\"name\":\"Ph\u1ee5 ki\u1ec7n Mavic Pro\",\"item\":\"https:\/\/phukienflytech.vn\/en\/phu-kien-mavic-pro.html\"},{\"@type\":\"ListItem\",\"position\":3,\"name\":\"DJI Osmo &amp; Drone's accessories\",\"item\":\"https:\/\/phukienflytech.vn\/en\/danh-muc\/dji-osmo-drones-accessories.html\"},{\"@type\":\"ListItem\",\"position\":4,\"name\":\"Ph\u1ee5 ki\u1ec7n flycam Mavic Mini\",\"item\":\"https:\/\/phukienflytech.vn\/en\/danh-muc\/mavic-mini-accessory.html\"},{\"@type\":\"ListItem\",\"position\":5,\"name\":\"Mavic Mini propeller holder &#8211; PGYtech\"}]},{\"@type\":\"WebSite\",\"@id\":\"https:\/\/phukienflytech.vn\/#website\",\"url\":\"https:\/\/phukienflytech.vn\/\",\"name\":\"Shop M\u00e1y \u1ea3nh - Action Camera - Gimbal - Flycam - Ph\u1ee5 ki\u1ec7n\",\"description\":\"Shop M\u00e1y \u1ea3nh - Action Camera - Gimbal - Flycam - Ph\u1ee5 ki\u1ec7n\",\"publisher\":{\"@id\":\"https:\/\/phukienflytech.vn\/#organization\"},\"potentialAction\":[{\"@type\":\"SearchAction\",\"target\":{\"@type\":\"EntryPoint\",\"urlTemplate\":\"https:\/\/phukienflytech.vn\/?s={search_term_string}\"},\"query-input\":{\"@type\":\"PropertyValueSpecification\",\"valueRequired\":true,\"valueName\":\"search_term_string\"}}],\"inLanguage\":\"en-US\"},{\"@type\":\"Organization\",\"@id\":\"https:\/\/phukienflytech.vn\/#organization\",\"name\":\"DJI Store - Shop Drone, Action camera, Gimbal DJI |Phukienflytech\",\"alternateName\":\"DJI Store - Shop Drone, Action camera, Gimbal DJI |Phukienflytech\",\"url\":\"https:\/\/phukienflytech.vn\/\",\"logo\":{\"@type\":\"ImageObject\",\"inLanguage\":\"en-US\",\"@id\":\"https:\/\/phukienflytech.vn\/#\/schema\/logo\/image\/\",\"url\":\"https:\/\/phukienflytech.vn\/wp-content\/uploads\/2020\/05\/hAnh_nan.jpg1_.jpg\",\"contentUrl\":\"https:\/\/phukienflytech.vn\/wp-content\/uploads\/2020\/05\/hAnh_nan.jpg1_.jpg\",\"width\":800,\"height\":450,\"caption\":\"DJI Store - Shop Drone, Action camera, Gimbal DJI |Phukienflytech\"},\"image\":{\"@id\":\"https:\/\/phukienflytech.vn\/#\/schema\/logo\/image\/\"},\"sameAs\":[\"https:\/\/facebook.com\/phukienflycam\",\"https:\/\/www.youtube.com\/@phukienflytech\",\"https:\/\/www.tiktok.com\/@flytech.channel?fbclid=IwY2xjawGjg7BleHRuA2FlbQIxMAABHYVGmlXpuSMs0UB2zTpYvyT4GMVfN2qJa4urF4vkSQ6FAVBwXZtDP30qQA_aem_UwMiDcUvlEbd2tXAmsc8Og\"]}]}<\/script>\n<!-- \/ Yoast SEO plugin. -->","yoast_head_json":{"title":"Mavic Mini propeller holder - PGYtech - Mavic mini accessory - available.","description":"Mavic Mini propeller holder - PGYtech is one of the most important accessory. Contact us to buy it for best price, fast shipping in Vietnam.","robots":{"index":"index","follow":"follow","max-snippet":"max-snippet:-1","max-image-preview":"max-image-preview:large","max-video-preview":"max-video-preview:-1"},"canonical":"https:\/\/phukienflytech.vn\/en\/san-pham\/mavic-mini-propeller-holder-pgytech.html","og_locale":"en_US","og_type":"article","og_title":"Mavic Mini propeller holder - PGYtech - Mavic mini accessory - available.","og_description":"Mavic Mini propeller holder - PGYtech is one of the most important accessory. Contact us to buy it for best price, fast shipping in Vietnam.","og_url":"https:\/\/phukienflytech.vn\/en\/san-pham\/mavic-mini-propeller-holder-pgytech.html","og_site_name":"Shop M\u00e1y \u1ea3nh - Action Camera - Gimbal - Flycam - Ph\u1ee5 ki\u1ec7n","article_publisher":"https:\/\/facebook.com\/phukienflycam","article_modified_time":"2021-01-16T03:07:28+00:00","og_image":[{"width":300,"height":300,"url":"https:\/\/phukienflytech.vn\/wp-content\/uploads\/2020\/06\/Nep-canh-mavic-mini-dji-pgytech-phu-kien-flycam61-Copy.jpg","type":"image\/jpeg"}],"twitter_card":"summary_large_image","twitter_misc":{"Est. reading time":"3 minutes"},"schema":{"@context":"https:\/\/schema.org","@graph":[{"@type":"WebPage","@id":"https:\/\/phukienflytech.vn\/en\/san-pham\/mavic-mini-propeller-holder-pgytech.html","url":"https:\/\/phukienflytech.vn\/en\/san-pham\/mavic-mini-propeller-holder-pgytech.html","name":"Mavic Mini propeller holder - PGYtech - Mavic mini accessory - available.","isPartOf":{"@id":"https:\/\/phukienflytech.vn\/#website"},"primaryImageOfPage":{"@id":"https:\/\/phukienflytech.vn\/en\/san-pham\/mavic-mini-propeller-holder-pgytech.html#primaryimage"},"image":{"@id":"https:\/\/phukienflytech.vn\/en\/san-pham\/mavic-mini-propeller-holder-pgytech.html#primaryimage"},"thumbnailUrl":"https:\/\/phukienflytech.vn\/wp-content\/uploads\/2020\/06\/Nep-canh-mavic-mini-dji-pgytech-phu-kien-flycam61-Copy.jpg","datePublished":"2020-06-20T16:59:49+00:00","dateModified":"2021-01-16T03:07:28+00:00","description":"Mavic Mini propeller holder - PGYtech is one of the most important accessory. Contact us to buy it for best price, fast shipping in Vietnam.","breadcrumb":{"@id":"https:\/\/phukienflytech.vn\/en\/san-pham\/mavic-mini-propeller-holder-pgytech.html#breadcrumb"},"inLanguage":"en-US","potentialAction":[{"@type":"ReadAction","target":["https:\/\/phukienflytech.vn\/en\/san-pham\/mavic-mini-propeller-holder-pgytech.html"]}]},{"@type":"ImageObject","inLanguage":"en-US","@id":"https:\/\/phukienflytech.vn\/en\/san-pham\/mavic-mini-propeller-holder-pgytech.html#primaryimage","url":"https:\/\/phukienflytech.vn\/wp-content\/uploads\/2020\/06\/Nep-canh-mavic-mini-dji-pgytech-phu-kien-flycam61-Copy.jpg","contentUrl":"https:\/\/phukienflytech.vn\/wp-content\/uploads\/2020\/06\/Nep-canh-mavic-mini-dji-pgytech-phu-kien-flycam61-Copy.jpg","width":300,"height":300},{"@type":"BreadcrumbList","@id":"https:\/\/phukienflytech.vn\/en\/san-pham\/mavic-mini-propeller-holder-pgytech.html#breadcrumb","itemListElement":[{"@type":"ListItem","position":1,"name":"Home","item":"https:\/\/phukienflytech.vn\/en"},{"@type":"ListItem","position":2,"name":"Ph\u1ee5 ki\u1ec7n Mavic Pro","item":"https:\/\/phukienflytech.vn\/en\/phu-kien-mavic-pro.html"},{"@type":"ListItem","position":3,"name":"DJI Osmo &amp; Drone's accessories","item":"https:\/\/phukienflytech.vn\/en\/danh-muc\/dji-osmo-drones-accessories.html"},{"@type":"ListItem","position":4,"name":"Ph\u1ee5 ki\u1ec7n flycam Mavic Mini","item":"https:\/\/phukienflytech.vn\/en\/danh-muc\/mavic-mini-accessory.html"},{"@type":"ListItem","position":5,"name":"Mavic Mini propeller holder &#8211; PGYtech"}]},{"@type":"WebSite","@id":"https:\/\/phukienflytech.vn\/#website","url":"https:\/\/phukienflytech.vn\/","name":"Shop M\u00e1y \u1ea3nh - Action Camera - Gimbal - Flycam - Ph\u1ee5 ki\u1ec7n","description":"Shop M\u00e1y \u1ea3nh - Action Camera - Gimbal - Flycam - Ph\u1ee5 ki\u1ec7n","publisher":{"@id":"https:\/\/phukienflytech.vn\/#organization"},"potentialAction":[{"@type":"SearchAction","target":{"@type":"EntryPoint","urlTemplate":"https:\/\/phukienflytech.vn\/?s={search_term_string}"},"query-input":{"@type":"PropertyValueSpecification","valueRequired":true,"valueName":"search_term_string"}}],"inLanguage":"en-US"},{"@type":"Organization","@id":"https:\/\/phukienflytech.vn\/#organization","name":"DJI Store - Shop Drone, Action camera, Gimbal DJI |Phukienflytech","alternateName":"DJI Store - Shop Drone, Action camera, Gimbal DJI |Phukienflytech","url":"https:\/\/phukienflytech.vn\/","logo":{"@type":"ImageObject","inLanguage":"en-US","@id":"https:\/\/phukienflytech.vn\/#\/schema\/logo\/image\/","url":"https:\/\/phukienflytech.vn\/wp-content\/uploads\/2020\/05\/hAnh_nan.jpg1_.jpg","contentUrl":"https:\/\/phukienflytech.vn\/wp-content\/uploads\/2020\/05\/hAnh_nan.jpg1_.jpg","width":800,"height":450,"caption":"DJI Store - Shop Drone, Action camera, Gimbal DJI |Phukienflytech"},"image":{"@id":"https:\/\/phukienflytech.vn\/#\/schema\/logo\/image\/"},"sameAs":["https:\/\/facebook.com\/phukienflycam","https:\/\/www.youtube.com\/@phukienflytech","https:\/\/www.tiktok.com\/@flytech.channel?fbclid=IwY2xjawGjg7BleHRuA2FlbQIxMAABHYVGmlXpuSMs0UB2zTpYvyT4GMVfN2qJa4urF4vkSQ6FAVBwXZtDP30qQA_aem_UwMiDcUvlEbd2tXAmsc8Og"]}]}},"_links":{"self":[{"href":"https:\/\/phukienflytech.vn\/en\/wp-json\/wp\/v2\/product\/16950","targetHints":{"allow":["GET"]}}],"collection":[{"href":"https:\/\/phukienflytech.vn\/en\/wp-json\/wp\/v2\/product"}],"about":[{"href":"https:\/\/phukienflytech.vn\/en\/wp-json\/wp\/v2\/types\/product"}],"replies":[{"embeddable":true,"href":"https:\/\/phukienflytech.vn\/en\/wp-json\/wp\/v2\/comments?post=16950"}],"wp:featuredmedia":[{"embeddable":true,"href":"https:\/\/phukienflytech.vn\/en\/wp-json\/wp\/v2\/media\/16949"}],"wp:attachment":[{"href":"https:\/\/phukienflytech.vn\/en\/wp-json\/wp\/v2\/media?parent=16950"}],"wp:term":[{"taxonomy":"product_brand","embeddable":true,"href":"https:\/\/phukienflytech.vn\/en\/wp-json\/wp\/v2\/product_brand?post=16950"},{"taxonomy":"product_cat","embeddable":true,"href":"https:\/\/phukienflytech.vn\/en\/wp-json\/wp\/v2\/product_cat?post=16950"},{"taxonomy":"product_tag","embeddable":true,"href":"https:\/\/phukienflytech.vn\/en\/wp-json\/wp\/v2\/product_tag?post=16950"}],"curies":[{"name":"wp","href":"https:\/\/api.w.org\/{rel}","templated":true}]}}