{"id":16964,"date":"2020-06-27T09:09:45","date_gmt":"2020-06-27T02:09:45","guid":{"rendered":"https:\/\/phukienflytech.vn\/san-pham\/vali-mavic-air-2-professional-sunnylife.html"},"modified":"2020-10-14T15:02:31","modified_gmt":"2020-10-14T08:02:31","slug":"mavic-air-2-sunnylife-case","status":"publish","type":"product","link":"https:\/\/phukienflytech.vn\/en\/san-pham\/mavic-air-2-sunnylife-case.html","title":{"rendered":"Mavic Air 2 professional case &#8211; Sunnylife"},"content":{"rendered":"<h2 style=\"text-align: justify;\"><span style=\"color: #0000ff;\"><em><strong>Mavic Air 2 Sunnylife case<\/strong><\/em><\/span><\/h2>\n<p>&nbsp;<\/p>\n<p><span style=\"font-size: 18px;\">Mavic Air 2 Sunnylife case<\/span><\/p>\n<p style=\"text-align: justify;\"><span style=\"font-size: 18px;\">Mavic Air 2 \u0111\u01b0\u1ee3c tr\u00ecnh l\u00e0ng v\u00e0o \u0111\u1ea7u n\u0103m\u00a0 2020 v\u1edbi nh\u1eefng t\u00ednh n\u0103ng v\u00f4 c\u00f9ng tuy\u1ec7t v\u1eddi. R\u1ea5t nhanh ch\u00f3ng sau \u0111\u00f3, c\u00e1c ph\u1ee5 ki\u1ec7n Mavic Air 2 \u0111\u01b0\u1ee3c c\u00e1c h\u00e3ng th\u1ee9 3 chuy\u00ean s\u1ea3n xu\u1ea5t ph\u1ee5 ki\u1ec7n flycam. Pgytech, Sunnylife,\u2026 cho ra m\u1eaft nh\u1eefng m\u1eabu s\u1ea3n ph\u1ea9m <em><strong>k\u00ednh l\u1ecdc mavic air 2<\/strong><\/em>, <b><i>v<\/i><\/b>\u00e0 <strong><em>vali mavic air 2<\/em><\/strong>. T\u00f4i mu\u1ed1n gi\u1edbi thi\u1ec7u m\u1eabu s\u1ea3n ph\u1ea9m <span style=\"color: #0000ff;\"><strong>Vali Mavic Air 2- Professional Sunnylife<\/strong><\/span>. M\u1ed9t <a href=\"https:\/\/phukienflytech.vn\/en\/danh-muc\/mavic-air-2-accessory.html\" target=\"_blank\" rel=\"noopener noreferrer\"><strong>ph\u1ee5 ki\u1ec7n Mavic Air 2<\/strong><\/a> kh\u00f4ng th\u1ec3 thi\u1ebfu n\u1ebfu gi\u00fap b\u1ea3o v\u1ec7 t\u1ed1i \u0111a flycam c\u1ee7a b\u1ea1n.<\/span><\/p>\n<p>&nbsp;<\/p>\n<p style=\"text-align: justify;\"><span style=\"font-size: 18px;\"><img loading=\"lazy\" decoding=\"async\" class=\"alignnone wp-image-16955\" src=\"https:\/\/phukienflytech.vn\/wp-content\/uploads\/2020\/06\/vali-mavic-air-2-chong-soc-chong-nuoc-phu-kien-flycam-1-Copy-22-800x326.jpg\" alt=\"\" width=\"500\" height=\"204\" srcset=\"https:\/\/phukienflytech.vn\/wp-content\/uploads\/2020\/06\/vali-mavic-air-2-chong-soc-chong-nuoc-phu-kien-flycam-1-Copy-22-800x326.jpg 800w, https:\/\/phukienflytech.vn\/wp-content\/uploads\/2020\/06\/vali-mavic-air-2-chong-soc-chong-nuoc-phu-kien-flycam-1-Copy-22-768x313.jpg 768w, https:\/\/phukienflytech.vn\/wp-content\/uploads\/2020\/06\/vali-mavic-air-2-chong-soc-chong-nuoc-phu-kien-flycam-1-Copy-22-600x244.jpg 600w, https:\/\/phukienflytech.vn\/wp-content\/uploads\/2020\/06\/vali-mavic-air-2-chong-soc-chong-nuoc-phu-kien-flycam-1-Copy-22.jpg 1124w\" sizes=\"auto, (max-width: 500px) 100vw, 500px\" \/><\/span><\/p>\n<p>&nbsp;<\/p>\n<h2 style=\"text-align: justify;\"><span style=\"font-size: 21px;\"><strong><span style=\"color: #0000ff;\">Th\u00f4ng tin Mavic Air 2 Sunnylife case :<\/span><\/strong><\/span><\/h2>\n<p style=\"text-align: justify;\"><span style=\"font-size: 18px;\">K\u00edch th\u01b0\u1edbc vali: 290 x 240 x 100<\/span><\/p>\n<p style=\"text-align: justify;\"><span style=\"font-size: 18px;\">Kh\u1ea3 n\u0103ng ch\u1ee9a 3 pin v\u00e0 ph\u1ee5 ki\u1ec7n \u0111i k\u00e8m<\/span><\/p>\n<p style=\"text-align: justify;\"><span style=\"font-size: 18px;\">Ch\u1ea5t li\u1ec7u: Nh\u1ef1a t\u1ed5ng h\u1ee3p poly, v\u1ea3i ch\u1ed1ng m\u00f2n<\/span><\/p>\n<p>&nbsp;<\/p>\n<p style=\"text-align: justify;\"><span style=\"font-size: 18px;\"><img loading=\"lazy\" decoding=\"async\" class=\"alignnone wp-image-16957\" src=\"https:\/\/phukienflytech.vn\/wp-content\/uploads\/2020\/06\/vali-mavic-air-2-chong-soc-chong-nuoc-phu-kien-flycam-1-Copy-3-546x400.jpg\" alt=\"Mavic-Air-2-Sunnylife-case-9\" width=\"495\" height=\"363\" srcset=\"https:\/\/phukienflytech.vn\/wp-content\/uploads\/2020\/06\/vali-mavic-air-2-chong-soc-chong-nuoc-phu-kien-flycam-1-Copy-3-546x400.jpg 546w, https:\/\/phukienflytech.vn\/wp-content\/uploads\/2020\/06\/vali-mavic-air-2-chong-soc-chong-nuoc-phu-kien-flycam-1-Copy-3-600x439.jpg 600w, https:\/\/phukienflytech.vn\/wp-content\/uploads\/2020\/06\/vali-mavic-air-2-chong-soc-chong-nuoc-phu-kien-flycam-1-Copy-3.jpg 747w\" sizes=\"auto, (max-width: 495px) 100vw, 495px\" \/><\/span><\/p>\n<p>&nbsp;<\/p>\n<h2 style=\"text-align: justify;\"><span style=\"font-size: 21px; color: #0000ff;\"><strong>Thi\u1ebft k\u1ebf vali Mavic Air 2 \u2013 Professional Sunnylife<\/strong><\/span><\/h2>\n<p style=\"text-align: justify;\"><span style=\"font-size: 18px;\">V\u1ecf ngo\u00e0i l\u00e0m b\u1eb1ng nh\u1ef1a t\u1ed5ng h\u1ee3p Poly nh\u1eb9, b\u1ec1n, c\u1ee9ng c\u00e1p gi\u00fap gi\u1ea3m thi\u1ec3u t\u00e1c \u0111\u1ed9ng t\u1edbi drone. S\u1ee3i v\u1ea3i ch\u1ed1ng m\u00f2n l\u00e0m vali b\u1ec1n h\u01a1n, ch\u1ed1ng tr\u1ea7y x\u01b0\u1edbc v\u00e0 \u0111\u1ea3m b\u1ea3o k\u1ebft c\u1ea5u c\u1ee7a vali. T\u1ed5ng th\u1ec3 \u0111\u00e2y l\u00e0 chi\u00eac vali v\u00f4 c\u00f9ng nh\u1ecf g\u1ecdn, b\u1ea1n ho\u00e0n to\u00e0n c\u00f3 th\u1ec3 mang theo \u0111i b\u1ea5t c\u1ee9 \u0111\u00e2u.<\/span><\/p>\n<p>&nbsp;<\/p>\n<p style=\"text-align: justify;\"><span style=\"font-size: 18px;\"><img loading=\"lazy\" decoding=\"async\" class=\"alignnone wp-image-16959\" src=\"https:\/\/phukienflytech.vn\/wp-content\/uploads\/2020\/06\/vali-mavic-air-2-chong-soc-chong-nuoc-phu-kien-flycam-1-Copy-4.jpg\" alt=\"\" width=\"495\" height=\"218\" srcset=\"https:\/\/phukienflytech.vn\/wp-content\/uploads\/2020\/06\/vali-mavic-air-2-chong-soc-chong-nuoc-phu-kien-flycam-1-Copy-4.jpg 750w, https:\/\/phukienflytech.vn\/wp-content\/uploads\/2020\/06\/vali-mavic-air-2-chong-soc-chong-nuoc-phu-kien-flycam-1-Copy-4-600x264.jpg 600w\" sizes=\"auto, (max-width: 495px) 100vw, 495px\" \/><\/span><\/p>\n<p>&nbsp;<\/p>\n<p style=\"text-align: justify;\"><span style=\"font-size: 18px;\">Kh\u00f4ng gian ch\u1ee9a \u0111\u1ed3 r\u1ed9ng r\u00e3i, ng\u0103n ch\u1ee9a \u0111\u01b0\u1ee3c t\u1ea1o khu\u00f4n theo thi\u1ebft k\u1ebf c\u1ee7a Mavic Air 2. Ph\u1ee5 ki\u1ec7n Mavic Air 2, pin Mavic Air 2, S\u1ea1c pin Mavic air 2 s\u1ebd \u0111\u01b0\u1ee3c c\u1ed1 \u0111\u1ecbnh. Thi\u1ebft k\u1ebf th\u00f4ng minh gi\u00fap t\u1ed1i \u0111a h\u00f3a di\u1ec7n t\u00edch ch\u1ee9a \u0111\u1ed3 . Ng\u0103n ch\u1ee9a pin v\u00e0 s\u1ea1c \u0111\u01b0\u1ee3c thi\u1ebft k\u1ebf 2 trong 1. B\u1ea1n n\u00ean s\u1eed d\u1ee5ng k\u1ebft h\u1ee3p c\u1ea3 n\u1eb9p c\u00e1nh Mavic air 2 khi di chuy\u1ec3n \u0111\u1ec3 c\u1ed1 \u0111\u1ecbnh c\u00e1nh.<\/span><\/p>\n<p>&nbsp;<\/p>\n<p style=\"text-align: justify;\"><span style=\"font-size: 18px;\"><img loading=\"lazy\" decoding=\"async\" class=\"alignnone wp-image-16961\" src=\"https:\/\/phukienflytech.vn\/wp-content\/uploads\/2020\/06\/vali-mavic-air-2-chong-soc-chong-nuoc-phu-kien-flycam-1-659x400.jpg\" alt=\"vali-mavic-air-2-professional-sunnylife\" width=\"499\" height=\"303\" srcset=\"https:\/\/phukienflytech.vn\/wp-content\/uploads\/2020\/06\/vali-mavic-air-2-chong-soc-chong-nuoc-phu-kien-flycam-1-659x400.jpg 659w, https:\/\/phukienflytech.vn\/wp-content\/uploads\/2020\/06\/vali-mavic-air-2-chong-soc-chong-nuoc-phu-kien-flycam-1-600x364.jpg 600w, https:\/\/phukienflytech.vn\/wp-content\/uploads\/2020\/06\/vali-mavic-air-2-chong-soc-chong-nuoc-phu-kien-flycam-1.jpg 750w\" sizes=\"auto, (max-width: 499px) 100vw, 499px\" \/><\/span><\/p>\n<p>&nbsp;<\/p>\n<p style=\"text-align: justify;\"><span style=\"font-size: 18px;\"><strong>Vali Mavic Air 2 \u2013 Professional Sunnylife <\/strong>c\u00f3 m\u1ed9t l\u1edbp ph\u1ee7 che cho chi\u1ebfc flycam c\u1ee7a b\u1ea1n v\u00e0 c\u1ea3 c\u00e1c ph\u1ee5 ki\u1ec7n \u0111i k\u00e8m. T\u1ea5m ph\u1ee7 2 m\u1eb7t \u0111\u1ec3 b\u1ea1n c\u00f3 th\u1ec3 s\u1eafp x\u1ebfp c\u00e1c linh ki\u1ec7n, c\u00e1nh d\u1ef1 ph\u00f2ng, c\u00e1p k\u1ebft n\u1ed1i,\u2026 b\u1ea1n c\u00f3 th\u1ec3 t\u00f9y bi\u1ebfn v\u1edbi 2 m\u1eb7t ch\u1ee9a \u0111\u1ed3.<\/span><\/p>\n<p>&nbsp;<\/p>\n<p style=\"text-align: justify;\"><span style=\"font-size: 18px;\"><img loading=\"lazy\" decoding=\"async\" class=\"alignnone wp-image-16963\" src=\"https:\/\/phukienflytech.vn\/wp-content\/uploads\/2020\/06\/vali-mavic-air-2-chong-soc-chong-nuoc-phu-kien-flycam-2-579x400.jpg\" alt=\"Mavic-Air-2-Sunnylife-case\" width=\"507\" height=\"350\" srcset=\"https:\/\/phukienflytech.vn\/wp-content\/uploads\/2020\/06\/vali-mavic-air-2-chong-soc-chong-nuoc-phu-kien-flycam-2-579x400.jpg 579w, https:\/\/phukienflytech.vn\/wp-content\/uploads\/2020\/06\/vali-mavic-air-2-chong-soc-chong-nuoc-phu-kien-flycam-2-600x414.jpg 600w, https:\/\/phukienflytech.vn\/wp-content\/uploads\/2020\/06\/vali-mavic-air-2-chong-soc-chong-nuoc-phu-kien-flycam-2.jpg 749w\" sizes=\"auto, (max-width: 507px) 100vw, 507px\" \/><\/span><\/p>\n<p>&nbsp;<\/p>\n<p style=\"text-align: justify;\"><span style=\"font-size: 18px;\">Trong\u00a0<strong>Vali Mavic Air 2 <\/strong>c\u00f3 m\u1ed9t l\u1edbp m\u1ec1m che cho chi\u1ebfc flycam c\u1ee7a b\u1ea1n v\u00e0 c\u1ea3 c\u00e1c ph\u1ee5 ki\u1ec7n \u0111i k\u00e8m. T\u1ea5m ph\u1ee7 c\u00f3 2 m\u1eb7t \u0111\u1ec3 b\u1ea1n c\u00f3 th\u1ec3 t\u1ef1 do s\u1eafp x\u1ebfp c\u00e1c linh ki\u1ec7n, c\u00e1nh d\u1ef1 ph\u00f2ng, c\u00e1p k\u1ebft n\u1ed1i, th\u1ebb SD,\u2026 b\u1ea1n c\u00f3 th\u1ec3 t\u00f9y bi\u1ebfn v\u1edbi 2 m\u1eb7t ch\u1ee9a \u0111\u1ed3<\/span><\/p>\n<p style=\"text-align: justify;\"><span style=\"font-size: 18px;\">S\u1ea3n ph\u1ea9m Vali s\u1ebd \u0111\u01b0\u1ee3c t\u1eb7ng k\u00e8m theo d\u00e2y \u0111eo vai gi\u00fap b\u1ea1n t\u00f9y \u00fd \u0111i\u1ec1u ch\u1ec9nh chi\u1ec1u cao. Ho\u1eb7c b\u1ea1n c\u00f3 th\u1ec3 \u0111\u1ed5i sang x\u00e1ch vali,\u00a0 ph\u1ea7n tay c\u1ea7m \u0111\u01b0\u1ee3c b\u1ecdc m\u1ec1m v\u00e0 \u0111em l\u1ea1i c\u1ea3m gi\u00e1c tho\u1ea3i m\u00e1i. Vali \u0111\u01b0\u1ee3c trang b\u1ecb kh\u00f3a k\u00e9o 2 chi\u1ec1u t\u0103ng th\u00eam t\u00ednh thu\u1eadn ti\u1ec7n khi s\u1eed d\u1ee5ng.<\/span><\/p>\n<p>&nbsp;<\/p>\n<h2 style=\"text-align: justify;\"><span style=\"font-size: 21px; color: #0000ff;\"><strong>Mua\u00a0ph\u1ee5 ki\u1ec7n Mavic Air 2\u00a0\u1edf \u0111\u00e2u?<\/strong><\/span><\/h2>\n<p style=\"text-align: justify;\"><span style=\"font-size: 18px;\"><a href=\"https:\/\/www.facebook.com\/phukienflycam\" target=\"_blank\" rel=\"noopener noreferrer\"><strong>Ph\u1ee5 ki\u1ec7n flycam gi\u00e1 t\u1ed1t<\/strong><\/a>\u00a0h\u00e2n h\u1ea1nh l\u00e0 \u0111\u01a1n v\u1ecb ph\u00e2n ph\u1ed1i ch\u00ednh h\u00e3ng c\u00e1c s\u1ea3n ph\u1ea9m c\u1ee7a Pgytech. T\u1edbi v\u1edbi ch\u00fang t\u00f4i, c\u00e1c b\u1ea1n s\u1ebd mua \u0111\u01b0\u1ee3c nh\u1eefng s\u1ea3n ph\u1ea9m ch\u00ednh h\u00e3ng v\u1edbi gi\u00e1 m\u1ed9t m\u1ee9c gi\u00e1 t\u1ed1t nh\u1ea5t tr\u00ean th\u1ecb tr\u01b0\u1eddng.<\/span><\/p>\n<p><span style=\"font-size: 18px;\"><img decoding=\"async\" src=\"https:\/\/phukienflytech.vn\/wp-content\/uploads\/2020\/07\/tai-sao-nen-su-dung-pin-mavic-mini-chinh-hang-10151-4-1-800x251.png\" \/><\/span><\/p>\n<p>&nbsp;<\/p>\n<p style=\"text-align: justify;\"><span style=\"font-size: 18px;\">Kh\u00f4ng ch\u1ec9 nh\u1eefng s\u1ea3n ph\u1ea9m ph\u1ee5 ki\u1ec7n ch\u00ednh h\u00e3ng Mavic Air 2. Ch\u00fang t\u00f4i c\u0169ng ph\u00e2n ph\u1ed1i c\u00e1c d\u00f2ng s\u1ea3n ph\u1ea9m ph\u1ee5 ki\u1ec7n c\u1ee7a DJI Mavic 2, DJI Phantom, DJI Spark,.. ch\u00ednh h\u00e3ng t\u1edbi t\u1eeb DJI, Pgytech v\u00e0 SunnyLife.<\/span><\/p>\n","protected":false},"excerpt":{"rendered":"<p>Mavic Air 2 Sunnylife case &nbsp; Mavic Air 2 Sunnylife case Mavic Air 2 \u0111\u01b0\u1ee3c tr\u00ecnh l\u00e0ng v\u00e0o \u0111\u1ea7u n\u0103m\u00a0 2020 v\u1edbi nh\u1eefng t\u00ednh n\u0103ng v\u00f4 c\u00f9ng tuy\u1ec7t v\u1eddi. R\u1ea5t nhanh ch\u00f3ng sau \u0111\u00f3, c\u00e1c ph\u1ee5 ki\u1ec7n Mavic Air 2 \u0111\u01b0\u1ee3c c\u00e1c h\u00e3ng th\u1ee9 3 chuy\u00ean s\u1ea3n xu\u1ea5t ph\u1ee5 ki\u1ec7n flycam. Pgytech, Sunnylife,\u2026 cho ra &#8230;<\/p>\n","protected":false},"featured_media":16953,"comment_status":"open","ping_status":"closed","template":"","meta":{"_acf_changed":false},"product_brand":[],"product_cat":[199],"product_tag":[206,608],"class_list":{"0":"post-16964","1":"product","2":"type-product","3":"status-publish","4":"has-post-thumbnail","6":"product_cat-mavic-air-2-accessory","7":"product_tag-phu-kien-dji-en","8":"product_tag-phu-kien-mavic-air-2-en","10":"first","11":"instock","12":"shipping-taxable","13":"purchasable","14":"product-type-simple"},"acf":[],"yoast_head":"<!-- This site is optimized with the Yoast SEO plugin v25.7 - https:\/\/yoast.com\/wordpress\/plugins\/seo\/ -->\n<title>Mavic Air 2 Sunnylife case - Mavic air 2 accessory - Available - Original<\/title>\n<meta name=\"description\" content=\"Mavic Air 2 Sunnylife case is one of the most important accessory. Contact us to buy Mavic Air 2 Sunnylife case for best price, fast shipping\" \/>\n<meta name=\"robots\" content=\"index, follow, max-snippet:-1, max-image-preview:large, max-video-preview:-1\" \/>\n<link rel=\"canonical\" href=\"https:\/\/phukienflytech.vn\/san-pham\/vali-mavic-air-2-professional-sunnylife.html\" \/>\n<meta property=\"og:locale\" content=\"en_US\" \/>\n<meta property=\"og:type\" content=\"article\" \/>\n<meta property=\"og:title\" content=\"Mavic Air 2 Sunnylife case - Mavic air 2 accessory - Available - Original\" \/>\n<meta property=\"og:description\" content=\"Mavic Air 2 Sunnylife case is one of the most important accessory. Contact us to buy Mavic Air 2 Sunnylife case for best price, fast shipping\" \/>\n<meta property=\"og:url\" content=\"https:\/\/phukienflytech.vn\/san-pham\/vali-mavic-air-2-professional-sunnylife.html\" \/>\n<meta property=\"og:site_name\" content=\"Shop M\u00e1y \u1ea3nh - Action Camera - Gimbal - Flycam - Ph\u1ee5 ki\u1ec7n\" \/>\n<meta property=\"article:publisher\" content=\"https:\/\/facebook.com\/phukienflycam\" \/>\n<meta property=\"article:modified_time\" content=\"2020-10-14T08:02:31+00:00\" \/>\n<meta property=\"og:image\" content=\"https:\/\/phukienflytech.vn\/wp-content\/uploads\/2020\/06\/vali-mavic-air-2-chong-soc-chong-nuoc-phu-kien-flycam-1-Copy11-Copy.jpg\" \/>\n\t<meta property=\"og:image:width\" content=\"300\" \/>\n\t<meta property=\"og:image:height\" content=\"300\" \/>\n\t<meta property=\"og:image:type\" content=\"image\/jpeg\" \/>\n<meta name=\"twitter:card\" content=\"summary_large_image\" \/>\n<meta name=\"twitter:label1\" content=\"Est. reading time\" \/>\n\t<meta name=\"twitter:data1\" content=\"4 minutes\" \/>\n<script type=\"application\/ld+json\" class=\"yoast-schema-graph\">{\"@context\":\"https:\/\/schema.org\",\"@graph\":[{\"@type\":\"WebPage\",\"@id\":\"https:\/\/phukienflytech.vn\/san-pham\/vali-mavic-air-2-professional-sunnylife.html\",\"url\":\"https:\/\/phukienflytech.vn\/san-pham\/vali-mavic-air-2-professional-sunnylife.html\",\"name\":\"Mavic Air 2 Sunnylife case - Mavic air 2 accessory - Available - Original\",\"isPartOf\":{\"@id\":\"https:\/\/phukienflytech.vn\/#website\"},\"primaryImageOfPage\":{\"@id\":\"https:\/\/phukienflytech.vn\/san-pham\/vali-mavic-air-2-professional-sunnylife.html#primaryimage\"},\"image\":{\"@id\":\"https:\/\/phukienflytech.vn\/san-pham\/vali-mavic-air-2-professional-sunnylife.html#primaryimage\"},\"thumbnailUrl\":\"https:\/\/phukienflytech.vn\/wp-content\/uploads\/2020\/06\/vali-mavic-air-2-chong-soc-chong-nuoc-phu-kien-flycam-1-Copy11-Copy.jpg\",\"datePublished\":\"2020-06-27T02:09:45+00:00\",\"dateModified\":\"2020-10-14T08:02:31+00:00\",\"description\":\"Mavic Air 2 Sunnylife case is one of the most important accessory. Contact us to buy Mavic Air 2 Sunnylife case for best price, fast shipping\",\"breadcrumb\":{\"@id\":\"https:\/\/phukienflytech.vn\/san-pham\/vali-mavic-air-2-professional-sunnylife.html#breadcrumb\"},\"inLanguage\":\"en-US\",\"potentialAction\":[{\"@type\":\"ReadAction\",\"target\":[\"https:\/\/phukienflytech.vn\/san-pham\/vali-mavic-air-2-professional-sunnylife.html\"]}]},{\"@type\":\"ImageObject\",\"inLanguage\":\"en-US\",\"@id\":\"https:\/\/phukienflytech.vn\/san-pham\/vali-mavic-air-2-professional-sunnylife.html#primaryimage\",\"url\":\"https:\/\/phukienflytech.vn\/wp-content\/uploads\/2020\/06\/vali-mavic-air-2-chong-soc-chong-nuoc-phu-kien-flycam-1-Copy11-Copy.jpg\",\"contentUrl\":\"https:\/\/phukienflytech.vn\/wp-content\/uploads\/2020\/06\/vali-mavic-air-2-chong-soc-chong-nuoc-phu-kien-flycam-1-Copy11-Copy.jpg\",\"width\":300,\"height\":300},{\"@type\":\"BreadcrumbList\",\"@id\":\"https:\/\/phukienflytech.vn\/san-pham\/vali-mavic-air-2-professional-sunnylife.html#breadcrumb\",\"itemListElement\":[{\"@type\":\"ListItem\",\"position\":1,\"name\":\"Home\",\"item\":\"https:\/\/phukienflytech.vn\/en\"},{\"@type\":\"ListItem\",\"position\":2,\"name\":\"Ph\u1ee5 ki\u1ec7n Mavic Pro\",\"item\":\"https:\/\/phukienflytech.vn\/en\/phu-kien-mavic-pro.html\"},{\"@type\":\"ListItem\",\"position\":3,\"name\":\"Ph\u1ee5 ki\u1ec7n DJI - Osmo\",\"item\":\"https:\/\/phukienflytech.vn\/danh-muc\/phu-kien-dji-osmo.html\"},{\"@type\":\"ListItem\",\"position\":4,\"name\":\"Ph\u1ee5 ki\u1ec7n DJI Mavic Air 2\",\"item\":\"https:\/\/phukienflytech.vn\/danh-muc\/phu-kien-mavic-air-2.html\"},{\"@type\":\"ListItem\",\"position\":5,\"name\":\"Mavic Air 2 professional case &#8211; Sunnylife\"}]},{\"@type\":\"WebSite\",\"@id\":\"https:\/\/phukienflytech.vn\/#website\",\"url\":\"https:\/\/phukienflytech.vn\/\",\"name\":\"Shop M\u00e1y \u1ea3nh - Action Camera - Gimbal - Flycam - Ph\u1ee5 ki\u1ec7n\",\"description\":\"Shop M\u00e1y \u1ea3nh - Action Camera - Gimbal - Flycam - Ph\u1ee5 ki\u1ec7n\",\"publisher\":{\"@id\":\"https:\/\/phukienflytech.vn\/#organization\"},\"potentialAction\":[{\"@type\":\"SearchAction\",\"target\":{\"@type\":\"EntryPoint\",\"urlTemplate\":\"https:\/\/phukienflytech.vn\/?s={search_term_string}\"},\"query-input\":{\"@type\":\"PropertyValueSpecification\",\"valueRequired\":true,\"valueName\":\"search_term_string\"}}],\"inLanguage\":\"en-US\"},{\"@type\":\"Organization\",\"@id\":\"https:\/\/phukienflytech.vn\/#organization\",\"name\":\"DJI Store - Shop Drone, Action camera, Gimbal DJI |Phukienflytech\",\"alternateName\":\"DJI Store - Shop Drone, Action camera, Gimbal DJI |Phukienflytech\",\"url\":\"https:\/\/phukienflytech.vn\/\",\"logo\":{\"@type\":\"ImageObject\",\"inLanguage\":\"en-US\",\"@id\":\"https:\/\/phukienflytech.vn\/#\/schema\/logo\/image\/\",\"url\":\"https:\/\/phukienflytech.vn\/wp-content\/uploads\/2020\/05\/hAnh_nan.jpg1_.jpg\",\"contentUrl\":\"https:\/\/phukienflytech.vn\/wp-content\/uploads\/2020\/05\/hAnh_nan.jpg1_.jpg\",\"width\":800,\"height\":450,\"caption\":\"DJI Store - Shop Drone, Action camera, Gimbal DJI |Phukienflytech\"},\"image\":{\"@id\":\"https:\/\/phukienflytech.vn\/#\/schema\/logo\/image\/\"},\"sameAs\":[\"https:\/\/facebook.com\/phukienflycam\",\"https:\/\/www.youtube.com\/@phukienflytech\",\"https:\/\/www.tiktok.com\/@flytech.channel?fbclid=IwY2xjawGjg7BleHRuA2FlbQIxMAABHYVGmlXpuSMs0UB2zTpYvyT4GMVfN2qJa4urF4vkSQ6FAVBwXZtDP30qQA_aem_UwMiDcUvlEbd2tXAmsc8Og\"]}]}<\/script>\n<!-- \/ Yoast SEO plugin. -->","yoast_head_json":{"title":"Mavic Air 2 Sunnylife case - Mavic air 2 accessory - Available - Original","description":"Mavic Air 2 Sunnylife case is one of the most important accessory. Contact us to buy Mavic Air 2 Sunnylife case for best price, fast shipping","robots":{"index":"index","follow":"follow","max-snippet":"max-snippet:-1","max-image-preview":"max-image-preview:large","max-video-preview":"max-video-preview:-1"},"canonical":"https:\/\/phukienflytech.vn\/san-pham\/vali-mavic-air-2-professional-sunnylife.html","og_locale":"en_US","og_type":"article","og_title":"Mavic Air 2 Sunnylife case - Mavic air 2 accessory - Available - Original","og_description":"Mavic Air 2 Sunnylife case is one of the most important accessory. Contact us to buy Mavic Air 2 Sunnylife case for best price, fast shipping","og_url":"https:\/\/phukienflytech.vn\/san-pham\/vali-mavic-air-2-professional-sunnylife.html","og_site_name":"Shop M\u00e1y \u1ea3nh - Action Camera - Gimbal - Flycam - Ph\u1ee5 ki\u1ec7n","article_publisher":"https:\/\/facebook.com\/phukienflycam","article_modified_time":"2020-10-14T08:02:31+00:00","og_image":[{"width":300,"height":300,"url":"https:\/\/phukienflytech.vn\/wp-content\/uploads\/2020\/06\/vali-mavic-air-2-chong-soc-chong-nuoc-phu-kien-flycam-1-Copy11-Copy.jpg","type":"image\/jpeg"}],"twitter_card":"summary_large_image","twitter_misc":{"Est. reading time":"4 minutes"},"schema":{"@context":"https:\/\/schema.org","@graph":[{"@type":"WebPage","@id":"https:\/\/phukienflytech.vn\/san-pham\/vali-mavic-air-2-professional-sunnylife.html","url":"https:\/\/phukienflytech.vn\/san-pham\/vali-mavic-air-2-professional-sunnylife.html","name":"Mavic Air 2 Sunnylife case - Mavic air 2 accessory - Available - Original","isPartOf":{"@id":"https:\/\/phukienflytech.vn\/#website"},"primaryImageOfPage":{"@id":"https:\/\/phukienflytech.vn\/san-pham\/vali-mavic-air-2-professional-sunnylife.html#primaryimage"},"image":{"@id":"https:\/\/phukienflytech.vn\/san-pham\/vali-mavic-air-2-professional-sunnylife.html#primaryimage"},"thumbnailUrl":"https:\/\/phukienflytech.vn\/wp-content\/uploads\/2020\/06\/vali-mavic-air-2-chong-soc-chong-nuoc-phu-kien-flycam-1-Copy11-Copy.jpg","datePublished":"2020-06-27T02:09:45+00:00","dateModified":"2020-10-14T08:02:31+00:00","description":"Mavic Air 2 Sunnylife case is one of the most important accessory. Contact us to buy Mavic Air 2 Sunnylife case for best price, fast shipping","breadcrumb":{"@id":"https:\/\/phukienflytech.vn\/san-pham\/vali-mavic-air-2-professional-sunnylife.html#breadcrumb"},"inLanguage":"en-US","potentialAction":[{"@type":"ReadAction","target":["https:\/\/phukienflytech.vn\/san-pham\/vali-mavic-air-2-professional-sunnylife.html"]}]},{"@type":"ImageObject","inLanguage":"en-US","@id":"https:\/\/phukienflytech.vn\/san-pham\/vali-mavic-air-2-professional-sunnylife.html#primaryimage","url":"https:\/\/phukienflytech.vn\/wp-content\/uploads\/2020\/06\/vali-mavic-air-2-chong-soc-chong-nuoc-phu-kien-flycam-1-Copy11-Copy.jpg","contentUrl":"https:\/\/phukienflytech.vn\/wp-content\/uploads\/2020\/06\/vali-mavic-air-2-chong-soc-chong-nuoc-phu-kien-flycam-1-Copy11-Copy.jpg","width":300,"height":300},{"@type":"BreadcrumbList","@id":"https:\/\/phukienflytech.vn\/san-pham\/vali-mavic-air-2-professional-sunnylife.html#breadcrumb","itemListElement":[{"@type":"ListItem","position":1,"name":"Home","item":"https:\/\/phukienflytech.vn\/en"},{"@type":"ListItem","position":2,"name":"Ph\u1ee5 ki\u1ec7n Mavic Pro","item":"https:\/\/phukienflytech.vn\/en\/phu-kien-mavic-pro.html"},{"@type":"ListItem","position":3,"name":"Ph\u1ee5 ki\u1ec7n DJI - Osmo","item":"https:\/\/phukienflytech.vn\/danh-muc\/phu-kien-dji-osmo.html"},{"@type":"ListItem","position":4,"name":"Ph\u1ee5 ki\u1ec7n DJI Mavic Air 2","item":"https:\/\/phukienflytech.vn\/danh-muc\/phu-kien-mavic-air-2.html"},{"@type":"ListItem","position":5,"name":"Mavic Air 2 professional case &#8211; Sunnylife"}]},{"@type":"WebSite","@id":"https:\/\/phukienflytech.vn\/#website","url":"https:\/\/phukienflytech.vn\/","name":"Shop M\u00e1y \u1ea3nh - Action Camera - Gimbal - Flycam - Ph\u1ee5 ki\u1ec7n","description":"Shop M\u00e1y \u1ea3nh - Action Camera - Gimbal - Flycam - Ph\u1ee5 ki\u1ec7n","publisher":{"@id":"https:\/\/phukienflytech.vn\/#organization"},"potentialAction":[{"@type":"SearchAction","target":{"@type":"EntryPoint","urlTemplate":"https:\/\/phukienflytech.vn\/?s={search_term_string}"},"query-input":{"@type":"PropertyValueSpecification","valueRequired":true,"valueName":"search_term_string"}}],"inLanguage":"en-US"},{"@type":"Organization","@id":"https:\/\/phukienflytech.vn\/#organization","name":"DJI Store - Shop Drone, Action camera, Gimbal DJI |Phukienflytech","alternateName":"DJI Store - Shop Drone, Action camera, Gimbal DJI |Phukienflytech","url":"https:\/\/phukienflytech.vn\/","logo":{"@type":"ImageObject","inLanguage":"en-US","@id":"https:\/\/phukienflytech.vn\/#\/schema\/logo\/image\/","url":"https:\/\/phukienflytech.vn\/wp-content\/uploads\/2020\/05\/hAnh_nan.jpg1_.jpg","contentUrl":"https:\/\/phukienflytech.vn\/wp-content\/uploads\/2020\/05\/hAnh_nan.jpg1_.jpg","width":800,"height":450,"caption":"DJI Store - Shop Drone, Action camera, Gimbal DJI |Phukienflytech"},"image":{"@id":"https:\/\/phukienflytech.vn\/#\/schema\/logo\/image\/"},"sameAs":["https:\/\/facebook.com\/phukienflycam","https:\/\/www.youtube.com\/@phukienflytech","https:\/\/www.tiktok.com\/@flytech.channel?fbclid=IwY2xjawGjg7BleHRuA2FlbQIxMAABHYVGmlXpuSMs0UB2zTpYvyT4GMVfN2qJa4urF4vkSQ6FAVBwXZtDP30qQA_aem_UwMiDcUvlEbd2tXAmsc8Og"]}]}},"_links":{"self":[{"href":"https:\/\/phukienflytech.vn\/en\/wp-json\/wp\/v2\/product\/16964","targetHints":{"allow":["GET"]}}],"collection":[{"href":"https:\/\/phukienflytech.vn\/en\/wp-json\/wp\/v2\/product"}],"about":[{"href":"https:\/\/phukienflytech.vn\/en\/wp-json\/wp\/v2\/types\/product"}],"replies":[{"embeddable":true,"href":"https:\/\/phukienflytech.vn\/en\/wp-json\/wp\/v2\/comments?post=16964"}],"wp:featuredmedia":[{"embeddable":true,"href":"https:\/\/phukienflytech.vn\/en\/wp-json\/wp\/v2\/media\/16953"}],"wp:attachment":[{"href":"https:\/\/phukienflytech.vn\/en\/wp-json\/wp\/v2\/media?parent=16964"}],"wp:term":[{"taxonomy":"product_brand","embeddable":true,"href":"https:\/\/phukienflytech.vn\/en\/wp-json\/wp\/v2\/product_brand?post=16964"},{"taxonomy":"product_cat","embeddable":true,"href":"https:\/\/phukienflytech.vn\/en\/wp-json\/wp\/v2\/product_cat?post=16964"},{"taxonomy":"product_tag","embeddable":true,"href":"https:\/\/phukienflytech.vn\/en\/wp-json\/wp\/v2\/product_tag?post=16964"}],"curies":[{"name":"wp","href":"https:\/\/api.w.org\/{rel}","templated":true}]}}