{"id":17014,"date":"2020-06-20T15:01:02","date_gmt":"2020-06-20T08:01:02","guid":{"rendered":"https:\/\/phukienflytech.vn\/san-pham\/vali-mavic-mini-professional-sunnylife.html"},"modified":"2020-10-18T10:35:01","modified_gmt":"2020-10-18T03:35:01","slug":"mavic-mini-pgytech-case","status":"publish","type":"product","link":"https:\/\/phukienflytech.vn\/en\/san-pham\/mavic-mini-pgytech-case.html","title":{"rendered":"Mavic Mini professional case &#8211; Sunnylife"},"content":{"rendered":"<h2 style=\"text-align: justify;\"><em><strong><span style=\"font-size: 21px; color: #0000ff;\">Mavic Mini PGYtech case <\/span><\/strong><\/em><\/h2>\n<p><span style=\"font-size: 18px;\">Mavic Mini PGYtech case <\/span><\/p>\n<p style=\"text-align: justify;\"><span style=\"font-size: 18px;\"><strong><span style=\"font-size: 18px;\">Vali, t\u00fai \u0111eo ch\u1ed1ng s\u1ed1c<\/span> cho Mavic Mini<\/strong> r\u1ea5t \u0111a d\u1ea1ng v\u1edbi s\u1ef1 g\u00f3p m\u1eb7t c\u1ee7a nhi\u1ec1u th\u01b0\u01a1ng hi\u1ec7u. C\u00f3 th\u1ec3 k\u1ec3 t\u1edbi nh\u1eefng c\u00e1i t\u00ean l\u1edbn chuy\u00ean s\u1ea3n xu\u1ea5t ph\u1ee5 ki\u1ec7n flycam nh\u01b0 DJI, PGYtech, Sunnylife,\u2026 \u0110\u00e2y l\u00e0 m\u1eabu c\u00f3 ki\u1ec3u d\u00e1ng thi\u1ebft k\u1ec3 \u0111\u1eb9p nh\u1ecf g\u1ecdn chuy\u00ean nghi\u1ec7p l\u00e0 nh\u1eefng g\u00ec ng\u01b0\u1eddi d\u00f9ng mong mu\u1ed1n. M\u1eabu\u00a0 <strong>vali mavic mini<\/strong> m\u1edbi nh\u1ea5t t\u1edbi t\u1eeb sunnylife v\u1edbi ki\u1ec3u d\u00e1ng m\u1edbi l\u1ea1. C\u00f9ng v\u1edbi thi\u1ebft k\u1ebf c\u00e1c ng\u0103n th\u00f4ng minh s\u1ebd kh\u00f4ng l\u00e0m b\u1ea1n th\u1ea5t v\u1ecdng.<\/span><\/p>\n<p style=\"text-align: justify;\"><span style=\"font-size: 18px;\"><img loading=\"lazy\" decoding=\"async\" class=\"alignnone wp-image-16998\" src=\"https:\/\/phukienflytech.vn\/wp-content\/uploads\/2020\/06\/vali-mavic-mini-chong-soc-chong-nuoc-professional-sunnylife-Copy-2-532x400.jpg\" alt=\"\" width=\"503\" height=\"378\" srcset=\"https:\/\/phukienflytech.vn\/wp-content\/uploads\/2020\/06\/vali-mavic-mini-chong-soc-chong-nuoc-professional-sunnylife-Copy-2-532x400.jpg 532w, https:\/\/phukienflytech.vn\/wp-content\/uploads\/2020\/06\/vali-mavic-mini-chong-soc-chong-nuoc-professional-sunnylife-Copy-2-600x451.jpg 600w, https:\/\/phukienflytech.vn\/wp-content\/uploads\/2020\/06\/vali-mavic-mini-chong-soc-chong-nuoc-professional-sunnylife-Copy-2.jpg 749w\" sizes=\"auto, (max-width: 503px) 100vw, 503px\" \/><\/span><\/p>\n<h2><\/h2>\n<h2 style=\"text-align: justify;\"><span style=\"font-size: 21px;\"><strong><span style=\"color: #0000ff;\">Th\u00f4ng s\u1ed1 Mavic Mini PGYtech case <\/span><\/strong><\/span><\/h2>\n<ul>\n<li style=\"text-align: justify;\"><span style=\"font-size: 18px;\">K\u00edch th\u01b0\u1edbc vali: 270 mm x 196 mm x 95mm<\/span><\/li>\n<li style=\"text-align: justify;\"><span style=\"font-size: 18px;\">C\u00f3 kh\u1ea3 n\u0103ng ch\u1ee9a m\u1edf r\u1ed9ng l\u00ean t\u1edbi 5 pin<\/span><\/li>\n<li style=\"text-align: justify;\"><span style=\"font-size: 18px;\">Ph\u1ee5 ki\u1ec7n s\u1ea1c v\u00e0 tay khi\u1ec3n Mavic mini, v\u00e0 1 s\u1ed1 ph\u1ee5 ki\u1ec7n Mavi Mini kh\u00e1c<\/span><\/li>\n<\/ul>\n<p style=\"text-align: justify;\"><span style=\"font-size: 18px;\"><img loading=\"lazy\" decoding=\"async\" class=\"alignnone wp-image-17000\" src=\"https:\/\/phukienflytech.vn\/wp-content\/uploads\/2020\/06\/vali-mavic-mini-chong-soc-chong-nuoc-professional-sunnylife-Copy.jpg\" alt=\"\" width=\"502\" height=\"250\" srcset=\"https:\/\/phukienflytech.vn\/wp-content\/uploads\/2020\/06\/vali-mavic-mini-chong-soc-chong-nuoc-professional-sunnylife-Copy.jpg 749w, https:\/\/phukienflytech.vn\/wp-content\/uploads\/2020\/06\/vali-mavic-mini-chong-soc-chong-nuoc-professional-sunnylife-Copy-600x299.jpg 600w\" sizes=\"auto, (max-width: 502px) 100vw, 502px\" \/> <\/span><\/p>\n<p>&nbsp;<\/p>\n<h2 style=\"text-align: justify;\"><span style=\"font-size: 21px; color: #0000ff;\"><strong>Thi\u1ebft k\u1ebf vali Mavic Mini \u2013 Professional Sunnylife<\/strong> <\/span><\/h2>\n<p style=\"text-align: justify;\"><span style=\"font-size: 18px;\">Nh\u1ecf g\u1ecdn nh\u01b0ng kh\u00f4ng k\u00e9m ph\u1ea7n ch\u1eafc ch\u1eafn v\u1edbi kh\u1ea3 n\u0103ng ch\u1ed1ng s\u1ed1c, ch\u1ed1ng b\u1ee5i ti\u00eau chu\u1ea9n. V\u1ecf ngo\u00e0i\u00a0 l\u00e0m b\u1eb1ng nh\u1ef1a t\u1ed5ng h\u1ee3p Poly nh\u1eb9, b\u1ec1n, c\u1ee9ng c\u00e1p gi\u00fap gi\u1ea3m thi\u1ec3u t\u00e1c \u0111\u1ed9ng t\u1edbi drone. S\u1ee3i v\u1ea3i ch\u1ed1ng m\u00f2n l\u00e0m vali b\u1ec1n h\u01a1n, ch\u1ed1ng tr\u1ea7y x\u01b0\u1edbc v\u00e0 \u0111\u1ea3m b\u1ea3o k\u1ebft c\u1ea5u c\u1ee7a vali.<\/span><\/p>\n<p style=\"text-align: justify;\"><span style=\"font-size: 18px;\"><img loading=\"lazy\" decoding=\"async\" class=\"alignnone wp-image-17002\" src=\"https:\/\/phukienflytech.vn\/wp-content\/uploads\/2020\/06\/vali-mavic-mini-chong-soc-chong-nuoc-professional-sunnylife-1-Copy-3-341x400.jpg\" alt=\"\" width=\"497\" height=\"583\" srcset=\"https:\/\/phukienflytech.vn\/wp-content\/uploads\/2020\/06\/vali-mavic-mini-chong-soc-chong-nuoc-professional-sunnylife-1-Copy-3-341x400.jpg 341w, https:\/\/phukienflytech.vn\/wp-content\/uploads\/2020\/06\/vali-mavic-mini-chong-soc-chong-nuoc-professional-sunnylife-1-Copy-3-682x800.jpg 682w, https:\/\/phukienflytech.vn\/wp-content\/uploads\/2020\/06\/vali-mavic-mini-chong-soc-chong-nuoc-professional-sunnylife-1-Copy-3-600x704.jpg 600w, https:\/\/phukienflytech.vn\/wp-content\/uploads\/2020\/06\/vali-mavic-mini-chong-soc-chong-nuoc-professional-sunnylife-1-Copy-3.jpg 749w\" sizes=\"auto, (max-width: 497px) 100vw, 497px\" \/> <\/span><\/p>\n<p style=\"text-align: justify;\"><span style=\"font-size: 18px;\">Kh\u00f4ng gian ch\u1ee9a \u0111\u1ed3 r\u1ed9ng r\u00e3i, ng\u0103n ch\u1ee9a \u0111\u01b0\u1ee3c t\u1ea1o khu\u00f4n theo thi\u1ebft k\u1ebf c\u1ee7a Mavic Mini. Gi\u00fap c\u1ed1 \u0111\u1ecbnh DJI Mavic Mini, \u0111i\u1ec1u khi\u1ec3n, s\u1ea1c pin, v\u00e0 2 pin. \u0110i\u1ec3m hay tr\u00ean m\u1eabu <strong>vali Mavic Mini professional SunnyLife<\/strong> l\u00e0 kh\u1ea3 n\u0103ng m\u1edf r\u1ed9ng kh\u00f4ng gian th\u00eam 2 pin. V\u1eady t\u1ed5ng c\u1ed9ng b\u1ea1n s\u1ebd c\u00f3 5 <strong><span style=\"color: #0000ff;\"><a style=\"color: #0000ff;\" href=\"https:\/\/phukienflytech.vn\/en\/san-pham\/pin-mavic-mini-dji-2.html\">pin Mavic Mini<\/a> <\/span><\/strong>. B\u1ea1n n\u00ean s\u1eed d\u1ee5ng k\u1ebft h\u1ee3p c\u1ea3 n\u1eb9p c\u00e1nh\u00a0 Mavic Mini khi di chuy\u1ec3n \u0111\u1ec3 c\u1ed1 \u0111\u1ecbnh c\u00e1nh.<\/span><\/p>\n<p style=\"text-align: justify;\"><span style=\"font-size: 18px;\"><img loading=\"lazy\" decoding=\"async\" class=\"alignnone wp-image-17004\" src=\"https:\/\/phukienflytech.vn\/wp-content\/uploads\/2020\/06\/vali-mavic-mini-chong-soc-chong-nuoc-professional-sunnylife-2-Copy-2-523x400.jpg\" alt=\"vali Mavic Mini \u2013 Professional Sunnylife\" width=\"494\" height=\"378\" srcset=\"https:\/\/phukienflytech.vn\/wp-content\/uploads\/2020\/06\/vali-mavic-mini-chong-soc-chong-nuoc-professional-sunnylife-2-Copy-2-523x400.jpg 523w, https:\/\/phukienflytech.vn\/wp-content\/uploads\/2020\/06\/vali-mavic-mini-chong-soc-chong-nuoc-professional-sunnylife-2-Copy-2-600x459.jpg 600w, https:\/\/phukienflytech.vn\/wp-content\/uploads\/2020\/06\/vali-mavic-mini-chong-soc-chong-nuoc-professional-sunnylife-2-Copy-2.jpg 749w\" sizes=\"auto, (max-width: 494px) 100vw, 494px\" \/> <\/span><\/p>\n<p style=\"text-align: justify;\"><span style=\"font-size: 18px;\">T\u1ea5m ng\u0103n trong <strong>vali Mavic Mini \u2013 Professional Sunnylife <\/strong>l\u00e0 m\u1ed9t l\u1edbp m\u1ec1m che cho chi\u1ebfc flycam c\u1ee7a b\u1ea1n v\u00e0 c\u1ea3 c\u00e1c ph\u1ee5 ki\u1ec7n \u0111i k\u00e8m. T\u1ea5m ph\u1ee7 c\u00f3 2 m\u1eb7t \u0111\u1ec3 b\u1ea1n c\u00f3 th\u1ec3 t\u1ef1 do s\u1eafp x\u1ebfp c\u00e1c linh ki\u1ec7n, c\u00e1nh d\u1ef1 ph\u00f2ng, c\u00e1p k\u1ebft n\u1ed1i, th\u1ebb SD,\u2026 b\u1ea1n c\u00f3 th\u1ec3 t\u00f9y bi\u1ebfn v\u1edbi 2 m\u1eb7t ch\u1ee9a \u0111\u1ed3<\/span><\/p>\n<p style=\"text-align: justify;\"><span style=\"font-size: 18px;\"><img loading=\"lazy\" decoding=\"async\" class=\"alignnone wp-image-17006\" src=\"https:\/\/phukienflytech.vn\/wp-content\/uploads\/2020\/06\/vali-mavic-mini-chong-soc-chong-nuoc-professional-sunnylife-32-558x400.jpg\" alt=\"Mavic-Mini-PGYtech-case -3\" width=\"526\" height=\"377\" srcset=\"https:\/\/phukienflytech.vn\/wp-content\/uploads\/2020\/06\/vali-mavic-mini-chong-soc-chong-nuoc-professional-sunnylife-32-558x400.jpg 558w, https:\/\/phukienflytech.vn\/wp-content\/uploads\/2020\/06\/vali-mavic-mini-chong-soc-chong-nuoc-professional-sunnylife-32-768x551.jpg 768w, https:\/\/phukienflytech.vn\/wp-content\/uploads\/2020\/06\/vali-mavic-mini-chong-soc-chong-nuoc-professional-sunnylife-32-600x430.jpg 600w, https:\/\/phukienflytech.vn\/wp-content\/uploads\/2020\/06\/vali-mavic-mini-chong-soc-chong-nuoc-professional-sunnylife-32.jpg 775w\" sizes=\"auto, (max-width: 526px) 100vw, 526px\" \/> <\/span><\/p>\n<p style=\"text-align: justify;\"><span style=\"font-size: 18px;\">Ph\u1ea7n tay c\u1ea7m m\u1ec1m v\u00e0 d\u1ec5 d\u00e0ng mang \u0111i khi di chuy\u1ec3n, vali \u0111i k\u00e8m v\u1edbi d\u00e2y \u0111eo vai v\u00ec th\u1ebf b\u1ea1n c\u00f3 th\u1ec3 chuy\u1ec3n \u0111\u1ed5i linh ho\u1ea1t gi\u1eefa vi\u1ec7c x\u00e1ch tay v\u00e0 \u0111eo vai. K\u1ebft h\u1ee3p s\u1eed d\u1ee5ng kh\u00f3a k\u00e9o 2 chi\u1ec1u r\u1ea5t thu\u1eadn ti\u1ec7n khi s\u1eed d\u1ee5ng<\/span><\/p>\n<p style=\"text-align: justify;\"><span style=\"font-size: 18px;\"><img loading=\"lazy\" decoding=\"async\" class=\"alignnone wp-image-17008\" src=\"https:\/\/phukienflytech.vn\/wp-content\/uploads\/2020\/06\/vali-mavic-mini-chong-soc-chong-nuoc-professional-sunnylife-232-469x400.jpg\" alt=\"Mavic-Mini-PGYtech-case -2\" width=\"505\" height=\"431\" srcset=\"https:\/\/phukienflytech.vn\/wp-content\/uploads\/2020\/06\/vali-mavic-mini-chong-soc-chong-nuoc-professional-sunnylife-232-469x400.jpg 469w, https:\/\/phukienflytech.vn\/wp-content\/uploads\/2020\/06\/vali-mavic-mini-chong-soc-chong-nuoc-professional-sunnylife-232-600x511.jpg 600w, https:\/\/phukienflytech.vn\/wp-content\/uploads\/2020\/06\/vali-mavic-mini-chong-soc-chong-nuoc-professional-sunnylife-232.jpg 704w\" sizes=\"auto, (max-width: 505px) 100vw, 505px\" \/> <img loading=\"lazy\" decoding=\"async\" class=\"alignnone wp-image-17010\" src=\"https:\/\/phukienflytech.vn\/wp-content\/uploads\/2020\/06\/vali-mavic-mini-chong-soc-chong-nuoc-professional-sunnylife-322-512x400.jpg\" alt=\"Mavic-Mini-PGYtech-case \" width=\"497\" height=\"388\" srcset=\"https:\/\/phukienflytech.vn\/wp-content\/uploads\/2020\/06\/vali-mavic-mini-chong-soc-chong-nuoc-professional-sunnylife-322-512x400.jpg 512w, https:\/\/phukienflytech.vn\/wp-content\/uploads\/2020\/06\/vali-mavic-mini-chong-soc-chong-nuoc-professional-sunnylife-322-600x468.jpg 600w, https:\/\/phukienflytech.vn\/wp-content\/uploads\/2020\/06\/vali-mavic-mini-chong-soc-chong-nuoc-professional-sunnylife-322.jpg 666w\" sizes=\"auto, (max-width: 497px) 100vw, 497px\" \/><\/span><\/p>\n<h2 style=\"text-align: justify;\"><span style=\"font-size: 21px; color: #0000ff;\"><strong>Mua <\/strong><strong>p<\/strong><strong>h\u1ee5 ki\u1ec7n Mavic Mini<\/strong><strong> \u1edf \u0111\u00e2u?<\/strong><\/span><\/h2>\n<p style=\"text-align: justify;\"><span style=\"font-size: 18px;\"><a href=\"https:\/\/www.facebook.com\/phukienflycam\"><strong>Ph\u1ee5 ki\u1ec7n flycam gi\u00e1 t\u1ed1t<\/strong><\/a> h\u00e2n h\u1ea1nh l\u00e0 \u0111\u01a1n v\u1ecb ph\u00e2n ph\u1ed1i ch\u00ednh h\u00e3ng c\u00e1c s\u1ea3n ph\u1ea9m c\u1ee7a Pgytech. T\u1edbi v\u1edbi ch\u00fang t\u00f4i, c\u00e1c b\u1ea1n s\u1ebd mua \u0111\u01b0\u1ee3c nh\u1eefng s\u1ea3n ph\u1ea9m ch\u00ednh h\u00e3ng v\u1edbi gi\u00e1 m\u1ed9t m\u1ee9c gi\u00e1 t\u1ed1t nh\u1ea5t tr\u00ean th\u1ecb tr\u01b0\u1eddng.<\/span><\/p>\n<p style=\"text-align: justify;\"><span style=\"font-size: 18px;\">Kh\u00f4ng ch\u1ec9 nh\u1eefng s\u1ea3n ph\u1ea9m ph\u1ee5 ki\u1ec7n ch\u00ednh h\u00e3ng Mavic Air 2. Ch\u00fang t\u00f4i c\u0169ng ph\u00e2n ph\u1ed1i c\u00e1c d\u00f2ng s\u1ea3n ph\u1ea9m ph\u1ee5 ki\u1ec7n c\u1ee7a DJI Mavic 2, DJI Phantom, DJI Spark,.. ch\u00ednh h\u00e3ng t\u1edbi t\u1eeb DJI, Pgytech v\u00e0 SunnyLife.<\/span><\/p>\n<p>&nbsp;<\/p>\n<p><span style=\"font-size: 18px;\">&gt;&gt; Tham kh\u1ea3o:\u00a0<strong><a href=\"https:\/\/phukienflytech.vn\/timkiem.html?s=pin+phantom+4&amp;category=post\" target=\"_blank\" rel=\"noopener noreferrer\">C\u00e1ch s\u1eed d\u1ee5ng pin \u0111\u00fang c\u00e1ch trong 2 n\u0103m<\/a><\/strong><\/span><\/p>\n<p><span style=\"font-size: 18px;\">&gt;&gt; Li\u00ean h\u1ec7 v\u1edbi ch\u00fang t\u00f4i qua:\u00a0<strong><a href=\"https:\/\/facebook.com\/phukienflycam\" target=\"_blank\" rel=\"noopener noreferrer\">Fanpage<\/a><\/strong><\/span><\/p>\n","protected":false},"excerpt":{"rendered":"<p>Mavic Mini PGYtech case Mavic Mini PGYtech case Vali, t\u00fai \u0111eo ch\u1ed1ng s\u1ed1c cho Mavic Mini r\u1ea5t \u0111a d\u1ea1ng v\u1edbi s\u1ef1 g\u00f3p m\u1eb7t c\u1ee7a nhi\u1ec1u th\u01b0\u01a1ng hi\u1ec7u. C\u00f3 th\u1ec3 k\u1ec3 t\u1edbi nh\u1eefng c\u00e1i t\u00ean l\u1edbn chuy\u00ean s\u1ea3n xu\u1ea5t ph\u1ee5 ki\u1ec7n flycam nh\u01b0 DJI, PGYtech, Sunnylife,\u2026 \u0110\u00e2y l\u00e0 m\u1eabu c\u00f3 ki\u1ec3u d\u00e1ng thi\u1ebft k\u1ec3 \u0111\u1eb9p nh\u1ecf &#8230;<\/p>\n","protected":false},"featured_media":17013,"comment_status":"open","ping_status":"closed","template":"","meta":{"_acf_changed":false},"product_brand":[],"product_cat":[176,181],"product_tag":[206,533],"class_list":{"0":"post-17014","1":"product","2":"type-product","3":"status-publish","4":"has-post-thumbnail","6":"product_cat-dji-osmo-drones-accessories","7":"product_cat-mavic-mini-accessory","8":"product_tag-phu-kien-dji-en","9":"product_tag-phu-kien-mavic-mini-en","11":"first","12":"instock","13":"shipping-taxable","14":"purchasable","15":"product-type-simple"},"acf":[],"yoast_head":"<!-- This site is optimized with the Yoast SEO plugin v25.7 - https:\/\/yoast.com\/wordpress\/plugins\/seo\/ -->\n<title>Mavic Mini PGYtech case - Sunnylife - Mavic mini accessory - available.<\/title>\n<meta name=\"description\" content=\"Mavic Mini PGYtech case is one of the most important accessory. Contact us to buy Mavic Mini PGYtech case for best price, fast shipping.\" \/>\n<meta name=\"robots\" content=\"index, follow, max-snippet:-1, max-image-preview:large, max-video-preview:-1\" \/>\n<link rel=\"canonical\" href=\"https:\/\/phukienflytech.vn\/san-pham\/vali-mavic-mini-professional-sunnylife.html\" \/>\n<meta property=\"og:locale\" content=\"en_US\" \/>\n<meta property=\"og:type\" content=\"article\" \/>\n<meta property=\"og:title\" content=\"Mavic Mini PGYtech case - Sunnylife - Mavic mini accessory - available.\" \/>\n<meta property=\"og:description\" content=\"Mavic Mini PGYtech case is one of the most important accessory. Contact us to buy Mavic Mini PGYtech case for best price, fast shipping.\" \/>\n<meta property=\"og:url\" content=\"https:\/\/phukienflytech.vn\/san-pham\/vali-mavic-mini-professional-sunnylife.html\" \/>\n<meta property=\"og:site_name\" content=\"Shop M\u00e1y \u1ea3nh - Action Camera - Gimbal - Flycam - Ph\u1ee5 ki\u1ec7n\" \/>\n<meta property=\"article:publisher\" content=\"https:\/\/facebook.com\/phukienflycam\" \/>\n<meta property=\"article:modified_time\" content=\"2020-10-18T03:35:01+00:00\" \/>\n<meta property=\"og:image\" content=\"https:\/\/phukienflytech.vn\/wp-content\/uploads\/2020\/06\/vali-mavic-mini-chong-soc-chong-nuoc-professional-sunnylife-3222-Copy.jpg\" \/>\n\t<meta property=\"og:image:width\" content=\"300\" \/>\n\t<meta property=\"og:image:height\" content=\"300\" \/>\n\t<meta property=\"og:image:type\" content=\"image\/jpeg\" \/>\n<meta name=\"twitter:card\" content=\"summary_large_image\" \/>\n<meta name=\"twitter:label1\" content=\"Est. reading time\" \/>\n\t<meta name=\"twitter:data1\" content=\"4 minutes\" \/>\n<script type=\"application\/ld+json\" class=\"yoast-schema-graph\">{\"@context\":\"https:\/\/schema.org\",\"@graph\":[{\"@type\":\"WebPage\",\"@id\":\"https:\/\/phukienflytech.vn\/san-pham\/vali-mavic-mini-professional-sunnylife.html\",\"url\":\"https:\/\/phukienflytech.vn\/san-pham\/vali-mavic-mini-professional-sunnylife.html\",\"name\":\"Mavic Mini PGYtech case - Sunnylife - Mavic mini accessory - available.\",\"isPartOf\":{\"@id\":\"https:\/\/phukienflytech.vn\/#website\"},\"primaryImageOfPage\":{\"@id\":\"https:\/\/phukienflytech.vn\/san-pham\/vali-mavic-mini-professional-sunnylife.html#primaryimage\"},\"image\":{\"@id\":\"https:\/\/phukienflytech.vn\/san-pham\/vali-mavic-mini-professional-sunnylife.html#primaryimage\"},\"thumbnailUrl\":\"https:\/\/phukienflytech.vn\/wp-content\/uploads\/2020\/06\/vali-mavic-mini-chong-soc-chong-nuoc-professional-sunnylife-3222-Copy.jpg\",\"datePublished\":\"2020-06-20T08:01:02+00:00\",\"dateModified\":\"2020-10-18T03:35:01+00:00\",\"description\":\"Mavic Mini PGYtech case is one of the most important accessory. Contact us to buy Mavic Mini PGYtech case for best price, fast shipping.\",\"breadcrumb\":{\"@id\":\"https:\/\/phukienflytech.vn\/san-pham\/vali-mavic-mini-professional-sunnylife.html#breadcrumb\"},\"inLanguage\":\"en-US\",\"potentialAction\":[{\"@type\":\"ReadAction\",\"target\":[\"https:\/\/phukienflytech.vn\/san-pham\/vali-mavic-mini-professional-sunnylife.html\"]}]},{\"@type\":\"ImageObject\",\"inLanguage\":\"en-US\",\"@id\":\"https:\/\/phukienflytech.vn\/san-pham\/vali-mavic-mini-professional-sunnylife.html#primaryimage\",\"url\":\"https:\/\/phukienflytech.vn\/wp-content\/uploads\/2020\/06\/vali-mavic-mini-chong-soc-chong-nuoc-professional-sunnylife-3222-Copy.jpg\",\"contentUrl\":\"https:\/\/phukienflytech.vn\/wp-content\/uploads\/2020\/06\/vali-mavic-mini-chong-soc-chong-nuoc-professional-sunnylife-3222-Copy.jpg\",\"width\":300,\"height\":300},{\"@type\":\"BreadcrumbList\",\"@id\":\"https:\/\/phukienflytech.vn\/san-pham\/vali-mavic-mini-professional-sunnylife.html#breadcrumb\",\"itemListElement\":[{\"@type\":\"ListItem\",\"position\":1,\"name\":\"Home\",\"item\":\"https:\/\/phukienflytech.vn\/en\"},{\"@type\":\"ListItem\",\"position\":2,\"name\":\"Ph\u1ee5 ki\u1ec7n Mavic Pro\",\"item\":\"https:\/\/phukienflytech.vn\/en\/phu-kien-mavic-pro.html\"},{\"@type\":\"ListItem\",\"position\":3,\"name\":\"Ph\u1ee5 ki\u1ec7n DJI - Osmo\",\"item\":\"https:\/\/phukienflytech.vn\/danh-muc\/phu-kien-dji-osmo.html\"},{\"@type\":\"ListItem\",\"position\":4,\"name\":\"Mavic Mini professional case &#8211; Sunnylife\"}]},{\"@type\":\"WebSite\",\"@id\":\"https:\/\/phukienflytech.vn\/#website\",\"url\":\"https:\/\/phukienflytech.vn\/\",\"name\":\"Shop M\u00e1y \u1ea3nh - Action Camera - Gimbal - Flycam - Ph\u1ee5 ki\u1ec7n\",\"description\":\"Shop M\u00e1y \u1ea3nh - Action Camera - Gimbal - Flycam - Ph\u1ee5 ki\u1ec7n\",\"publisher\":{\"@id\":\"https:\/\/phukienflytech.vn\/#organization\"},\"potentialAction\":[{\"@type\":\"SearchAction\",\"target\":{\"@type\":\"EntryPoint\",\"urlTemplate\":\"https:\/\/phukienflytech.vn\/?s={search_term_string}\"},\"query-input\":{\"@type\":\"PropertyValueSpecification\",\"valueRequired\":true,\"valueName\":\"search_term_string\"}}],\"inLanguage\":\"en-US\"},{\"@type\":\"Organization\",\"@id\":\"https:\/\/phukienflytech.vn\/#organization\",\"name\":\"DJI Store - Shop Drone, Action camera, Gimbal DJI |Phukienflytech\",\"alternateName\":\"DJI Store - Shop Drone, Action camera, Gimbal DJI |Phukienflytech\",\"url\":\"https:\/\/phukienflytech.vn\/\",\"logo\":{\"@type\":\"ImageObject\",\"inLanguage\":\"en-US\",\"@id\":\"https:\/\/phukienflytech.vn\/#\/schema\/logo\/image\/\",\"url\":\"https:\/\/phukienflytech.vn\/wp-content\/uploads\/2020\/05\/hAnh_nan.jpg1_.jpg\",\"contentUrl\":\"https:\/\/phukienflytech.vn\/wp-content\/uploads\/2020\/05\/hAnh_nan.jpg1_.jpg\",\"width\":800,\"height\":450,\"caption\":\"DJI Store - Shop Drone, Action camera, Gimbal DJI |Phukienflytech\"},\"image\":{\"@id\":\"https:\/\/phukienflytech.vn\/#\/schema\/logo\/image\/\"},\"sameAs\":[\"https:\/\/facebook.com\/phukienflycam\",\"https:\/\/www.youtube.com\/@phukienflytech\",\"https:\/\/www.tiktok.com\/@flytech.channel?fbclid=IwY2xjawGjg7BleHRuA2FlbQIxMAABHYVGmlXpuSMs0UB2zTpYvyT4GMVfN2qJa4urF4vkSQ6FAVBwXZtDP30qQA_aem_UwMiDcUvlEbd2tXAmsc8Og\"]}]}<\/script>\n<!-- \/ Yoast SEO plugin. -->","yoast_head_json":{"title":"Mavic Mini PGYtech case - Sunnylife - Mavic mini accessory - available.","description":"Mavic Mini PGYtech case is one of the most important accessory. Contact us to buy Mavic Mini PGYtech case for best price, fast shipping.","robots":{"index":"index","follow":"follow","max-snippet":"max-snippet:-1","max-image-preview":"max-image-preview:large","max-video-preview":"max-video-preview:-1"},"canonical":"https:\/\/phukienflytech.vn\/san-pham\/vali-mavic-mini-professional-sunnylife.html","og_locale":"en_US","og_type":"article","og_title":"Mavic Mini PGYtech case - Sunnylife - Mavic mini accessory - available.","og_description":"Mavic Mini PGYtech case is one of the most important accessory. Contact us to buy Mavic Mini PGYtech case for best price, fast shipping.","og_url":"https:\/\/phukienflytech.vn\/san-pham\/vali-mavic-mini-professional-sunnylife.html","og_site_name":"Shop M\u00e1y \u1ea3nh - Action Camera - Gimbal - Flycam - Ph\u1ee5 ki\u1ec7n","article_publisher":"https:\/\/facebook.com\/phukienflycam","article_modified_time":"2020-10-18T03:35:01+00:00","og_image":[{"width":300,"height":300,"url":"https:\/\/phukienflytech.vn\/wp-content\/uploads\/2020\/06\/vali-mavic-mini-chong-soc-chong-nuoc-professional-sunnylife-3222-Copy.jpg","type":"image\/jpeg"}],"twitter_card":"summary_large_image","twitter_misc":{"Est. reading time":"4 minutes"},"schema":{"@context":"https:\/\/schema.org","@graph":[{"@type":"WebPage","@id":"https:\/\/phukienflytech.vn\/san-pham\/vali-mavic-mini-professional-sunnylife.html","url":"https:\/\/phukienflytech.vn\/san-pham\/vali-mavic-mini-professional-sunnylife.html","name":"Mavic Mini PGYtech case - Sunnylife - Mavic mini accessory - available.","isPartOf":{"@id":"https:\/\/phukienflytech.vn\/#website"},"primaryImageOfPage":{"@id":"https:\/\/phukienflytech.vn\/san-pham\/vali-mavic-mini-professional-sunnylife.html#primaryimage"},"image":{"@id":"https:\/\/phukienflytech.vn\/san-pham\/vali-mavic-mini-professional-sunnylife.html#primaryimage"},"thumbnailUrl":"https:\/\/phukienflytech.vn\/wp-content\/uploads\/2020\/06\/vali-mavic-mini-chong-soc-chong-nuoc-professional-sunnylife-3222-Copy.jpg","datePublished":"2020-06-20T08:01:02+00:00","dateModified":"2020-10-18T03:35:01+00:00","description":"Mavic Mini PGYtech case is one of the most important accessory. Contact us to buy Mavic Mini PGYtech case for best price, fast shipping.","breadcrumb":{"@id":"https:\/\/phukienflytech.vn\/san-pham\/vali-mavic-mini-professional-sunnylife.html#breadcrumb"},"inLanguage":"en-US","potentialAction":[{"@type":"ReadAction","target":["https:\/\/phukienflytech.vn\/san-pham\/vali-mavic-mini-professional-sunnylife.html"]}]},{"@type":"ImageObject","inLanguage":"en-US","@id":"https:\/\/phukienflytech.vn\/san-pham\/vali-mavic-mini-professional-sunnylife.html#primaryimage","url":"https:\/\/phukienflytech.vn\/wp-content\/uploads\/2020\/06\/vali-mavic-mini-chong-soc-chong-nuoc-professional-sunnylife-3222-Copy.jpg","contentUrl":"https:\/\/phukienflytech.vn\/wp-content\/uploads\/2020\/06\/vali-mavic-mini-chong-soc-chong-nuoc-professional-sunnylife-3222-Copy.jpg","width":300,"height":300},{"@type":"BreadcrumbList","@id":"https:\/\/phukienflytech.vn\/san-pham\/vali-mavic-mini-professional-sunnylife.html#breadcrumb","itemListElement":[{"@type":"ListItem","position":1,"name":"Home","item":"https:\/\/phukienflytech.vn\/en"},{"@type":"ListItem","position":2,"name":"Ph\u1ee5 ki\u1ec7n Mavic Pro","item":"https:\/\/phukienflytech.vn\/en\/phu-kien-mavic-pro.html"},{"@type":"ListItem","position":3,"name":"Ph\u1ee5 ki\u1ec7n DJI - Osmo","item":"https:\/\/phukienflytech.vn\/danh-muc\/phu-kien-dji-osmo.html"},{"@type":"ListItem","position":4,"name":"Mavic Mini professional case &#8211; Sunnylife"}]},{"@type":"WebSite","@id":"https:\/\/phukienflytech.vn\/#website","url":"https:\/\/phukienflytech.vn\/","name":"Shop M\u00e1y \u1ea3nh - Action Camera - Gimbal - Flycam - Ph\u1ee5 ki\u1ec7n","description":"Shop M\u00e1y \u1ea3nh - Action Camera - Gimbal - Flycam - Ph\u1ee5 ki\u1ec7n","publisher":{"@id":"https:\/\/phukienflytech.vn\/#organization"},"potentialAction":[{"@type":"SearchAction","target":{"@type":"EntryPoint","urlTemplate":"https:\/\/phukienflytech.vn\/?s={search_term_string}"},"query-input":{"@type":"PropertyValueSpecification","valueRequired":true,"valueName":"search_term_string"}}],"inLanguage":"en-US"},{"@type":"Organization","@id":"https:\/\/phukienflytech.vn\/#organization","name":"DJI Store - Shop Drone, Action camera, Gimbal DJI |Phukienflytech","alternateName":"DJI Store - Shop Drone, Action camera, Gimbal DJI |Phukienflytech","url":"https:\/\/phukienflytech.vn\/","logo":{"@type":"ImageObject","inLanguage":"en-US","@id":"https:\/\/phukienflytech.vn\/#\/schema\/logo\/image\/","url":"https:\/\/phukienflytech.vn\/wp-content\/uploads\/2020\/05\/hAnh_nan.jpg1_.jpg","contentUrl":"https:\/\/phukienflytech.vn\/wp-content\/uploads\/2020\/05\/hAnh_nan.jpg1_.jpg","width":800,"height":450,"caption":"DJI Store - Shop Drone, Action camera, Gimbal DJI |Phukienflytech"},"image":{"@id":"https:\/\/phukienflytech.vn\/#\/schema\/logo\/image\/"},"sameAs":["https:\/\/facebook.com\/phukienflycam","https:\/\/www.youtube.com\/@phukienflytech","https:\/\/www.tiktok.com\/@flytech.channel?fbclid=IwY2xjawGjg7BleHRuA2FlbQIxMAABHYVGmlXpuSMs0UB2zTpYvyT4GMVfN2qJa4urF4vkSQ6FAVBwXZtDP30qQA_aem_UwMiDcUvlEbd2tXAmsc8Og"]}]}},"_links":{"self":[{"href":"https:\/\/phukienflytech.vn\/en\/wp-json\/wp\/v2\/product\/17014","targetHints":{"allow":["GET"]}}],"collection":[{"href":"https:\/\/phukienflytech.vn\/en\/wp-json\/wp\/v2\/product"}],"about":[{"href":"https:\/\/phukienflytech.vn\/en\/wp-json\/wp\/v2\/types\/product"}],"replies":[{"embeddable":true,"href":"https:\/\/phukienflytech.vn\/en\/wp-json\/wp\/v2\/comments?post=17014"}],"wp:featuredmedia":[{"embeddable":true,"href":"https:\/\/phukienflytech.vn\/en\/wp-json\/wp\/v2\/media\/17013"}],"wp:attachment":[{"href":"https:\/\/phukienflytech.vn\/en\/wp-json\/wp\/v2\/media?parent=17014"}],"wp:term":[{"taxonomy":"product_brand","embeddable":true,"href":"https:\/\/phukienflytech.vn\/en\/wp-json\/wp\/v2\/product_brand?post=17014"},{"taxonomy":"product_cat","embeddable":true,"href":"https:\/\/phukienflytech.vn\/en\/wp-json\/wp\/v2\/product_cat?post=17014"},{"taxonomy":"product_tag","embeddable":true,"href":"https:\/\/phukienflytech.vn\/en\/wp-json\/wp\/v2\/product_tag?post=17014"}],"curies":[{"name":"wp","href":"https:\/\/api.w.org\/{rel}","templated":true}]}}