{"id":1703,"date":"2020-05-18T21:55:07","date_gmt":"2020-05-18T14:55:07","guid":{"rendered":"http:\/\/27430.lamdx.vinawebsite.vn\/san-pham\/combo-3-filter-lens-mavic-2-pro-phu-kien-mavic-2-pro-2.html"},"modified":"2020-10-13T17:36:25","modified_gmt":"2020-10-13T10:36:25","slug":"combo-3-filter-mavic-2-pro-2","status":"publish","type":"product","link":"https:\/\/phukienflytech.vn\/en\/san-pham\/combo-3-filter-mavic-2-pro-2.html","title":{"rendered":"Combo 3 filter Mavic 2 Pro &#8211; Sunnylife"},"content":{"rendered":"<h2><span style=\"color: #0000ff;\"><em><strong>Combo 3 filter Mavic 2 Pro<\/strong><\/em><\/span><\/h2>\n<p>&nbsp;<\/p>\n<p><span style=\"font-size: 18px;\">Combo 3 filter Mavic 2 Pro<\/span><\/p>\n<p><span style=\"font-size: 20px;\"><em><strong>Filter mavic 2 pro<\/strong><\/em>\u00a0l\u00e0 m\u1ed9t trong nh\u1eefng\u00a0<em><strong>ph\u1ee5 ki\u1ec7n mavic 2<\/strong>\u00a0<\/em>\u0111\u01b0\u1ee3c c\u00e1c pilot v\u00f4 c\u00f9ng quan t\u00e2m.\u00a0 Hi\u1ec7n nay c\u00f3 r\u1ea5t nhi\u1ec1u c\u00e1c filter mavic \u0111\u1ec3 ng\u01b0\u1eddi d\u00f9ng c\u00f3 th\u1ec3 d\u1ec5 d\u00e0ng ch\u1ecdn l\u1ef1a nh\u01b0\u00a0<em><strong>filter CPL mavic 2 pro<\/strong><\/em>,\u00a0\u00a0<em>filter MCUV<\/em>,B\u1ed9 filter mavic 2 pro ,\u00a0<strong>\u00a0<em>filter ND mavic 2 pro<\/em><\/strong>,&#8230;t\u1ea5t c\u1ea3 \u0111\u1ec1u ph\u1ee5 thu\u1ed9c v\u00e0o s\u1ef1 l\u1ef1a ch\u1ecdn c\u1ee7a ng\u01b0\u1eddi d\u00f9ng v\u00e0 s\u1ef1 hi\u1ec3u bi\u1ebft c\u1ee7a h\u1ecd v\u1ec1 lens camera mavic 2 pro,\u00a0 kinh l\u1ecdc mavic.<\/span><\/p>\n<p><span style=\"font-size: 20px;\"><img loading=\"lazy\" decoding=\"async\" src=\"https:\/\/phukienflytech.vn\/wp-content\/uploads\/2020\/05\/combo-3-filter-lens-mavic-2-pro-phu-kien-mavic-2-pro-1684.jpg\" alt=\"\" width=\"450\" height=\"450\" \/><\/span><\/p>\n<h2><span style=\"font-size: 24px; color: #0000ff;\"><strong><em>C\u00f4ng d\u1ee5ng c\u1ee7a filter mavic 2 pro<\/em><\/strong><\/span><\/h2>\n<p><span style=\"font-size: 20px;\">B\u1ed9 filter mavic c\u00f3 ba lo\u1ea1i l\u00e0\u00a0<em><strong>CPL MAVIC 2<\/strong><\/em>,\u00a0 MCUV MAVIC v\u00e0 filter ND mavic.\u00a0 M\u1ed7i lo\u1ea1i\u00a0<em><strong>ph\u1ee5 ki\u1ec7n mavic 2 pro<\/strong><\/em>\u00a0l\u1ea1i c\u00f3 m\u1ed9t c\u00f4ng d\u1ee5ng v\u00f4 c\u00f9ng kh\u00e1c nhau \u0111\u1ec3 ng\u01b0\u1eddi d\u00f9ng c\u00f3 th\u1ec3 d\u1ec5 d\u00e0ng l\u1ef1a ch\u1ecdn.<\/span><\/p>\n<p><span style=\"font-size: 20px;\"><img loading=\"lazy\" decoding=\"async\" class=\"alignnone\" src=\"https:\/\/phukienflytech.vn\/wp-content\/uploads\/2020\/05\/combo-3-filter-lens-mavic-2-pro-phu-kien-mavic-2-pro-1684-1.jpg\" alt=\"Combo-3-filter-Mavic-2-Pro-1\" width=\"450\" height=\"450\" \/><\/span><\/p>\n<p><span style=\"font-size: 20px;\"><em><strong>Filter ND mavic 2<\/strong>\u00a0<\/em>l\u00e0 lens mavic c\u00f3 t\u00e1c d\u1ee5ng gi\u00fap gi\u1ea3m s\u00e1ng to\u00e0n ph\u1ea7n t\u1ef1 nhi\u00ean, b\u1edbt c\u01b0\u1eddng \u0111\u1ed9 \u00e1nh s\u00e1ng gi\u00fap cho ng\u01b0\u1eddi d\u00f9ng c\u00f3 th\u1ec3 ch\u1ee5p \u1ea3nh trong \u0111i\u1ec1u ki\u1ec7n \u00e1nh s\u00e1ng ch\u00f3i chang.<\/span><\/p>\n<p><span style=\"font-size: 20px;\"><img loading=\"lazy\" decoding=\"async\" src=\"https:\/\/phukienflytech.vn\/wp-content\/uploads\/2020\/05\/combo-3-filter-lens-mavic-2-pro-phu-kien-mavic-2-pro-1684-2.jpg\" alt=\"\" width=\"526\" height=\"179\" \/><\/span><\/p>\n<h3><span style=\"font-size: 20px;\"><span style=\"color: #0000ff;\">\u1ea2nh: C\u00f4ng d\u1ee5ng c\u1ee7a filter ND Mavic 2 pro<\/span><\/span><\/h3>\n<p><span style=\"font-size: 20px;\"><em><strong>Filter MCUV 2 zoom<\/strong><\/em>\u00a0mavic gi\u00fap c\u1ea3n tia c\u1ef1c t\u00edm UV g\u00e2y \u1ea3nh h\u01b0\u1edfng \u0111\u1ebfn m\u00e0u s\u1eafc v\u00e0 \u00e1nh s\u00e1ng c\u1ee7a b\u1ee9c \u1ea3nh, ph\u00f9 h\u1ee3p bay th\u1eddi \u0111i\u1ec3m s\u00e1ng s\u1edbm n\u1eafng nh\u1eb9 ho\u1eb7c chi\u1ec1u t\u00e0 n\u1eafng nh\u1eb9. B\u1ee9c h\u00ecnh s\u1ebd th\u00eam chi ti\u1ebft h\u01a1n\u00a0<\/span><\/p>\n<p><span style=\"font-size: 20px;\"><img loading=\"lazy\" decoding=\"async\" src=\"https:\/\/phukienflytech.vn\/wp-content\/uploads\/2020\/05\/combo-3-filter-lens-mavic-2-pro-phu-kien-mavic-2-pro-1684-3.jpg\" alt=\"\" width=\"600\" height=\"350\" \/><\/span><\/p>\n<p><span style=\"font-size: 20px;\"><em><strong>Filter CPL mavic 2<\/strong><\/em>\u00a0l\u00e0 lens th\u00edch h\u1ee3p cho ng\u01b0\u1eddi d\u00f9ng di chuy\u1ec3n v\u00e0 ch\u1ee5p ngo\u00e0i c\u1ea3nh n\u01a1i c\u00f3 ao, h\u1ed3, bi\u1ec3n &#8211; nh\u1eefng khu v\u1ef1c c\u1ea7n ph\u01a1i s\u00e1ng v\u1edbi \u0111i\u1ec1u ki\u1ec7n c\u00f3 m\u1eb7t n\u01b0\u1edbc chi\u1ec1u ph\u1ea3n s\u00e1ng<\/span><\/p>\n<p><span style=\"font-size: 20px;\"><img loading=\"lazy\" decoding=\"async\" class=\"alignnone\" src=\"https:\/\/phukienflytech.vn\/wp-content\/uploads\/2020\/05\/combo-3-filter-lens-mavic-2-pro-phu-kien-mavic-2-pro-1684-4.jpg\" alt=\"combo-3-filter-lens-mavic-2-pro-phu-kien-mavic-2-pro-2-chinh-hang\" width=\"512\" height=\"382\" \/><\/span><\/p>\n<h2><span style=\"font-size: 24px; color: #0000ff;\"><em><strong>T\u1ea1i sao n\u00ean l\u1ef1a ch\u1ecdn combo 3 filter lens mavic 2 pro<\/strong><\/em><\/span><\/h2>\n<p><span style=\"font-size: 20px;\"><img loading=\"lazy\" decoding=\"async\" class=\"alignnone\" src=\"https:\/\/phukienflytech.vn\/wp-content\/uploads\/2020\/05\/combo-3-filter-lens-mavic-2-pro-phu-kien-mavic-2-pro-1684-5.jpg\" alt=\"Combo-3-filter-Mavic-2-Pro-2\" width=\"450\" height=\"450\" \/><\/span><\/p>\n<p><span style=\"font-size: 20px;\">Khi l\u1ef1a ch\u1ecdn combo filter Maivc air, b\u1ea1n s\u1ebd c\u00f3 full option v\u1ec1 l\u1ef1a ch\u1ecdn c\u00e1c hi\u1ec7u \u1ee9ng filter trong tay m\u00e0 kh\u00f4ng c\u1ea7n ph\u1ea3i \u0111\u1eafn cho vi\u1ec7c l\u1ef1a ch\u1ecdn khi mua. V\u1edbi Filter Combo mavic 2 pro, b\u1ea1n c\u00f3 th\u1ec3 t\u00f9y bi\u1ebfn quay video, ch\u1ee5p h\u00ecnh trong c\u00e1c ho\u00e0n c\u1ea3nh bay v\u00e0 \u00e1nh s\u00e1ng quay ch\u1ee5p kh\u00e1c nhau theo \u00fd mu\u1ed1n m\u1ed9t c\u00e1ch nhanh nh\u1ea5t<\/span><\/p>\n<p><span style=\"font-size: 20px;\"><img loading=\"lazy\" decoding=\"async\" class=\"alignnone\" src=\"https:\/\/phukienflytech.vn\/wp-content\/uploads\/2020\/05\/combo-3-filter-lens-mavic-2-pro-phu-kien-mavic-2-pro-1684-6.jpg\" alt=\"Combo-3-filter-Mavic-2-Pro\" width=\"450\" height=\"450\" \/><\/span><\/p>\n<p><span style=\"font-size: 20px;\">Quan tr\u1ecdng h\u01a1n l\u00e0 khi l\u1ef1a ch\u1ecdn g\u00f3i combo mavic 2 pro b\u1ea1n \u0111\u00e3 \u0111\u01b0\u1ee3c gi\u1ea3m gi\u00e1 t\u1edbi 13% so v\u1edbi vi\u1ec7c mua l\u1ebb c\u00e1c filter CPL mavic 2 pro, MCUV v\u00e0 ND mavic 2 pro v\u00e0 c\u00f2n \u0111\u01b0\u1ee3c t\u1eb7ng th\u1ec7m h\u1ed9p \u0111\u1ef1ng ch\u1ed1ng s\u1ed1c fitler mavic 2 pro<\/span><\/p>\n<h2><span style=\"font-size: 24px; color: #0000ff;\"><em><strong>Mua ph\u1ee5 ki\u1ec7n flycam DJI phantom,Mavic,Spark \u1edf \u0111\u00e2u?<\/strong><\/em><\/span><\/h2>\n<p><span style=\"font-size: 20px;\"><em><strong><a href=\"https:\/\/facebook.com\/phukienflycam\">Ph\u1ee5 Ki\u1ec7n Flytech Gi\u00e1 T\u1ed1t<\/a><\/strong><\/em>\u00a0h\u00e2n h\u1ea1nh \u0111em l\u1ea1i c\u00e1c m\u1eabu s\u1ea3n ph\u1ea9m Balo phatom ch\u00ednh h\u00e3ng t\u1ed1t nh\u1ea5t ph\u1ee5c v\u1ee5 \u0111am m\u00ea, v\u00e0 c\u00f4ng vi\u1ec7c c\u1ee7a c\u00e1c b\u1ea1n, h\u00e3y \u0111\u1ec3 ch\u00fang t\u00f4i ti\u1ebfp s\u1ee9c \u0111am m\u00ea, c\u00f4ng vi\u1ec7c c\u1ee7a b\u1ea1n, gi\u00fap b\u1ea1n th\u00eam ni\u1ec1m h\u1ee9ng kh\u1edfi trong \u0111am m\u00ea c\u0169ng nh\u01b0 c\u00f4ng vi\u1ec7c c\u1ee7a m\u00ecnh th\u00eam su\u00f4n s\u1ebb<\/span><\/p>\n<p><span style=\"font-size: 20px;\">\u00a0<img loading=\"lazy\" decoding=\"async\" src=\"https:\/\/phukienflytech.vn\/wp-content\/uploads\/2020\/05\/combo-3-filter-lens-mavic-2-pro-phu-kien-mavic-2-pro-1684-7.jpg\" alt=\"\" width=\"495\" height=\"155\" \/><\/span><\/p>\n<p><span style=\"font-size: 20px;\">Ch\u00fang t\u00f4i chuy\u00ean cung c\u1ea5p h\u1ea7u h\u1ebft t\u1ea5t c\u00e1c c\u00e1c ph\u1ee5 ki\u1ec7n flycam DJI c\u1ee7a Phantom 3,4 series, Mavic series, DJI Spark v\u00e0 inspire 1<\/span><\/p>\n<p><span style=\"font-size: 20px;\">H\u00e3y xem th\u00eam c\u00e1c\u00a0<em>ph\u1ee5 ki\u1ec7n flycam dji Phantom 3 4<\/em>\u00a0b\u1eb1ng c\u00e1ch\u00a0<strong><a href=\"https:\/\/phukienflytech.vn\/danh-muc\/phu-kien-dji-phantom-4-series.html\" target=\"_blank\" rel=\"noopener noreferrer\">click t\u1ea1i \u0111\u00e2y<\/a><\/strong>\u00a0!<\/span><\/p>\n<p><span style=\"font-size: 20px;\">Nh\u00e0 s\u1ea3n xu\u1ea5t : Sunnylife \u2013 l\u00e0 m\u1ed9t trong nh\u1eefng Vendor cung c\u1ea5p c\u00e1c ph\u1ee5 ki\u1ec7n, linh ki\u1ec7n thay th\u1ebf cho DJI Flycam.<\/span><\/p>\n","protected":false},"excerpt":{"rendered":"<p>Combo 3 filter Mavic 2 Pro &nbsp; Combo 3 filter Mavic 2 Pro Filter mavic 2 pro\u00a0l\u00e0 m\u1ed9t trong nh\u1eefng\u00a0ph\u1ee5 ki\u1ec7n mavic 2\u00a0\u0111\u01b0\u1ee3c c\u00e1c pilot v\u00f4 c\u00f9ng quan t\u00e2m.\u00a0 Hi\u1ec7n nay c\u00f3 r\u1ea5t nhi\u1ec1u c\u00e1c filter mavic \u0111\u1ec3 ng\u01b0\u1eddi d\u00f9ng c\u00f3 th\u1ec3 d\u1ec5 d\u00e0ng ch\u1ecdn l\u1ef1a nh\u01b0\u00a0filter CPL mavic 2 pro,\u00a0\u00a0filter MCUV,B\u1ed9 filter mavic 2 &#8230;<\/p>\n","protected":false},"featured_media":1686,"comment_status":"open","ping_status":"closed","template":"","meta":{"_acf_changed":false},"product_brand":[],"product_cat":[230,176,177,200],"product_tag":[206,220],"class_list":{"0":"post-1703","1":"product","2":"type-product","3":"status-publish","4":"has-post-thumbnail","6":"product_cat-test-en","7":"product_cat-dji-osmo-drones-accessories","8":"product_cat-mavic-2s-accessory","9":"product_cat-new-arrivals","10":"product_tag-phu-kien-dji-en","11":"product_tag-phu-kien-mavic-2-pro-en","13":"first","14":"instock","15":"shipping-taxable","16":"purchasable","17":"product-type-simple"},"acf":[],"yoast_head":"<!-- This site is optimized with the Yoast SEO plugin v25.7 - https:\/\/yoast.com\/wordpress\/plugins\/seo\/ -->\n<title>Combo 3 filter Mavic 2 Pro - Mavic 2 pro accessory - Available - Original<\/title>\n<meta name=\"description\" content=\"Combo 3 filter Mavic 2 Pro is one of the most important accessory. Contact us to buy Combo 3 filter Mavic 2 Pro for best price, fast shipping\" \/>\n<meta name=\"robots\" content=\"index, follow, max-snippet:-1, max-image-preview:large, max-video-preview:-1\" \/>\n<link rel=\"canonical\" href=\"https:\/\/phukienflytech.vn\/en\/san-pham\/combo-3-filter-mavic-2-pro-2.html\" \/>\n<meta property=\"og:locale\" content=\"en_US\" \/>\n<meta property=\"og:type\" content=\"article\" \/>\n<meta property=\"og:title\" content=\"Combo 3 filter Mavic 2 Pro - Mavic 2 pro accessory - Available - Original\" \/>\n<meta property=\"og:description\" content=\"Combo 3 filter Mavic 2 Pro is one of the most important accessory. Contact us to buy Combo 3 filter Mavic 2 Pro for best price, fast shipping\" \/>\n<meta property=\"og:url\" content=\"https:\/\/phukienflytech.vn\/en\/san-pham\/combo-3-filter-mavic-2-pro-2.html\" \/>\n<meta property=\"og:site_name\" content=\"Shop M\u00e1y \u1ea3nh - Action Camera - Gimbal - Flycam - Ph\u1ee5 ki\u1ec7n\" \/>\n<meta property=\"article:publisher\" content=\"https:\/\/facebook.com\/phukienflycam\" \/>\n<meta property=\"article:modified_time\" content=\"2020-10-13T10:36:25+00:00\" \/>\n<meta property=\"og:image\" content=\"https:\/\/phukienflytech.vn\/wp-content\/uploads\/2020\/05\/300x300_combo-filter-mavic-2-pro-facebook.jpg-phu-kien-flycam-dji-mavic-2-pro_-_Copy.png\" \/>\n\t<meta property=\"og:image:width\" content=\"300\" \/>\n\t<meta property=\"og:image:height\" content=\"300\" \/>\n\t<meta property=\"og:image:type\" content=\"image\/png\" \/>\n<meta name=\"twitter:card\" content=\"summary_large_image\" \/>\n<meta name=\"twitter:label1\" content=\"Est. reading time\" \/>\n\t<meta name=\"twitter:data1\" content=\"4 minutes\" \/>\n<script type=\"application\/ld+json\" class=\"yoast-schema-graph\">{\"@context\":\"https:\/\/schema.org\",\"@graph\":[{\"@type\":\"WebPage\",\"@id\":\"https:\/\/phukienflytech.vn\/en\/san-pham\/combo-3-filter-mavic-2-pro-2.html\",\"url\":\"https:\/\/phukienflytech.vn\/en\/san-pham\/combo-3-filter-mavic-2-pro-2.html\",\"name\":\"Combo 3 filter Mavic 2 Pro - Mavic 2 pro accessory - Available - Original\",\"isPartOf\":{\"@id\":\"https:\/\/phukienflytech.vn\/#website\"},\"primaryImageOfPage\":{\"@id\":\"https:\/\/phukienflytech.vn\/en\/san-pham\/combo-3-filter-mavic-2-pro-2.html#primaryimage\"},\"image\":{\"@id\":\"https:\/\/phukienflytech.vn\/en\/san-pham\/combo-3-filter-mavic-2-pro-2.html#primaryimage\"},\"thumbnailUrl\":\"https:\/\/phukienflytech.vn\/wp-content\/uploads\/2020\/05\/300x300_combo-filter-mavic-2-pro-facebook.jpg-phu-kien-flycam-dji-mavic-2-pro_-_Copy.png\",\"datePublished\":\"2020-05-18T14:55:07+00:00\",\"dateModified\":\"2020-10-13T10:36:25+00:00\",\"description\":\"Combo 3 filter Mavic 2 Pro is one of the most important accessory. Contact us to buy Combo 3 filter Mavic 2 Pro for best price, fast shipping\",\"breadcrumb\":{\"@id\":\"https:\/\/phukienflytech.vn\/en\/san-pham\/combo-3-filter-mavic-2-pro-2.html#breadcrumb\"},\"inLanguage\":\"en-US\",\"potentialAction\":[{\"@type\":\"ReadAction\",\"target\":[\"https:\/\/phukienflytech.vn\/en\/san-pham\/combo-3-filter-mavic-2-pro-2.html\"]}]},{\"@type\":\"ImageObject\",\"inLanguage\":\"en-US\",\"@id\":\"https:\/\/phukienflytech.vn\/en\/san-pham\/combo-3-filter-mavic-2-pro-2.html#primaryimage\",\"url\":\"https:\/\/phukienflytech.vn\/wp-content\/uploads\/2020\/05\/300x300_combo-filter-mavic-2-pro-facebook.jpg-phu-kien-flycam-dji-mavic-2-pro_-_Copy.png\",\"contentUrl\":\"https:\/\/phukienflytech.vn\/wp-content\/uploads\/2020\/05\/300x300_combo-filter-mavic-2-pro-facebook.jpg-phu-kien-flycam-dji-mavic-2-pro_-_Copy.png\",\"width\":300,\"height\":300},{\"@type\":\"BreadcrumbList\",\"@id\":\"https:\/\/phukienflytech.vn\/en\/san-pham\/combo-3-filter-mavic-2-pro-2.html#breadcrumb\",\"itemListElement\":[{\"@type\":\"ListItem\",\"position\":1,\"name\":\"Home\",\"item\":\"https:\/\/phukienflytech.vn\/en\"},{\"@type\":\"ListItem\",\"position\":2,\"name\":\"Ph\u1ee5 ki\u1ec7n Mavic Pro\",\"item\":\"https:\/\/phukienflytech.vn\/en\/phu-kien-mavic-pro.html\"},{\"@type\":\"ListItem\",\"position\":3,\"name\":\"Ph\u1ee5 ki\u1ec7n DJI - Osmo\",\"item\":\"https:\/\/phukienflytech.vn\/danh-muc\/phu-kien-dji-osmo.html\"},{\"@type\":\"ListItem\",\"position\":4,\"name\":\"Combo 3 filter Mavic 2 Pro &#8211; Sunnylife\"}]},{\"@type\":\"WebSite\",\"@id\":\"https:\/\/phukienflytech.vn\/#website\",\"url\":\"https:\/\/phukienflytech.vn\/\",\"name\":\"Shop M\u00e1y \u1ea3nh - Action Camera - Gimbal - Flycam - Ph\u1ee5 ki\u1ec7n\",\"description\":\"Shop M\u00e1y \u1ea3nh - Action Camera - Gimbal - Flycam - Ph\u1ee5 ki\u1ec7n\",\"publisher\":{\"@id\":\"https:\/\/phukienflytech.vn\/#organization\"},\"potentialAction\":[{\"@type\":\"SearchAction\",\"target\":{\"@type\":\"EntryPoint\",\"urlTemplate\":\"https:\/\/phukienflytech.vn\/?s={search_term_string}\"},\"query-input\":{\"@type\":\"PropertyValueSpecification\",\"valueRequired\":true,\"valueName\":\"search_term_string\"}}],\"inLanguage\":\"en-US\"},{\"@type\":\"Organization\",\"@id\":\"https:\/\/phukienflytech.vn\/#organization\",\"name\":\"DJI Store - Shop Drone, Action camera, Gimbal DJI |Phukienflytech\",\"alternateName\":\"DJI Store - Shop Drone, Action camera, Gimbal DJI |Phukienflytech\",\"url\":\"https:\/\/phukienflytech.vn\/\",\"logo\":{\"@type\":\"ImageObject\",\"inLanguage\":\"en-US\",\"@id\":\"https:\/\/phukienflytech.vn\/#\/schema\/logo\/image\/\",\"url\":\"https:\/\/phukienflytech.vn\/wp-content\/uploads\/2020\/05\/hAnh_nan.jpg1_.jpg\",\"contentUrl\":\"https:\/\/phukienflytech.vn\/wp-content\/uploads\/2020\/05\/hAnh_nan.jpg1_.jpg\",\"width\":800,\"height\":450,\"caption\":\"DJI Store - Shop Drone, Action camera, Gimbal DJI |Phukienflytech\"},\"image\":{\"@id\":\"https:\/\/phukienflytech.vn\/#\/schema\/logo\/image\/\"},\"sameAs\":[\"https:\/\/facebook.com\/phukienflycam\",\"https:\/\/www.youtube.com\/@phukienflytech\",\"https:\/\/www.tiktok.com\/@flytech.channel?fbclid=IwY2xjawGjg7BleHRuA2FlbQIxMAABHYVGmlXpuSMs0UB2zTpYvyT4GMVfN2qJa4urF4vkSQ6FAVBwXZtDP30qQA_aem_UwMiDcUvlEbd2tXAmsc8Og\"]}]}<\/script>\n<!-- \/ Yoast SEO plugin. -->","yoast_head_json":{"title":"Combo 3 filter Mavic 2 Pro - Mavic 2 pro accessory - Available - Original","description":"Combo 3 filter Mavic 2 Pro is one of the most important accessory. Contact us to buy Combo 3 filter Mavic 2 Pro for best price, fast shipping","robots":{"index":"index","follow":"follow","max-snippet":"max-snippet:-1","max-image-preview":"max-image-preview:large","max-video-preview":"max-video-preview:-1"},"canonical":"https:\/\/phukienflytech.vn\/en\/san-pham\/combo-3-filter-mavic-2-pro-2.html","og_locale":"en_US","og_type":"article","og_title":"Combo 3 filter Mavic 2 Pro - Mavic 2 pro accessory - Available - Original","og_description":"Combo 3 filter Mavic 2 Pro is one of the most important accessory. Contact us to buy Combo 3 filter Mavic 2 Pro for best price, fast shipping","og_url":"https:\/\/phukienflytech.vn\/en\/san-pham\/combo-3-filter-mavic-2-pro-2.html","og_site_name":"Shop M\u00e1y \u1ea3nh - Action Camera - Gimbal - Flycam - Ph\u1ee5 ki\u1ec7n","article_publisher":"https:\/\/facebook.com\/phukienflycam","article_modified_time":"2020-10-13T10:36:25+00:00","og_image":[{"width":300,"height":300,"url":"https:\/\/phukienflytech.vn\/wp-content\/uploads\/2020\/05\/300x300_combo-filter-mavic-2-pro-facebook.jpg-phu-kien-flycam-dji-mavic-2-pro_-_Copy.png","type":"image\/png"}],"twitter_card":"summary_large_image","twitter_misc":{"Est. reading time":"4 minutes"},"schema":{"@context":"https:\/\/schema.org","@graph":[{"@type":"WebPage","@id":"https:\/\/phukienflytech.vn\/en\/san-pham\/combo-3-filter-mavic-2-pro-2.html","url":"https:\/\/phukienflytech.vn\/en\/san-pham\/combo-3-filter-mavic-2-pro-2.html","name":"Combo 3 filter Mavic 2 Pro - Mavic 2 pro accessory - Available - Original","isPartOf":{"@id":"https:\/\/phukienflytech.vn\/#website"},"primaryImageOfPage":{"@id":"https:\/\/phukienflytech.vn\/en\/san-pham\/combo-3-filter-mavic-2-pro-2.html#primaryimage"},"image":{"@id":"https:\/\/phukienflytech.vn\/en\/san-pham\/combo-3-filter-mavic-2-pro-2.html#primaryimage"},"thumbnailUrl":"https:\/\/phukienflytech.vn\/wp-content\/uploads\/2020\/05\/300x300_combo-filter-mavic-2-pro-facebook.jpg-phu-kien-flycam-dji-mavic-2-pro_-_Copy.png","datePublished":"2020-05-18T14:55:07+00:00","dateModified":"2020-10-13T10:36:25+00:00","description":"Combo 3 filter Mavic 2 Pro is one of the most important accessory. Contact us to buy Combo 3 filter Mavic 2 Pro for best price, fast shipping","breadcrumb":{"@id":"https:\/\/phukienflytech.vn\/en\/san-pham\/combo-3-filter-mavic-2-pro-2.html#breadcrumb"},"inLanguage":"en-US","potentialAction":[{"@type":"ReadAction","target":["https:\/\/phukienflytech.vn\/en\/san-pham\/combo-3-filter-mavic-2-pro-2.html"]}]},{"@type":"ImageObject","inLanguage":"en-US","@id":"https:\/\/phukienflytech.vn\/en\/san-pham\/combo-3-filter-mavic-2-pro-2.html#primaryimage","url":"https:\/\/phukienflytech.vn\/wp-content\/uploads\/2020\/05\/300x300_combo-filter-mavic-2-pro-facebook.jpg-phu-kien-flycam-dji-mavic-2-pro_-_Copy.png","contentUrl":"https:\/\/phukienflytech.vn\/wp-content\/uploads\/2020\/05\/300x300_combo-filter-mavic-2-pro-facebook.jpg-phu-kien-flycam-dji-mavic-2-pro_-_Copy.png","width":300,"height":300},{"@type":"BreadcrumbList","@id":"https:\/\/phukienflytech.vn\/en\/san-pham\/combo-3-filter-mavic-2-pro-2.html#breadcrumb","itemListElement":[{"@type":"ListItem","position":1,"name":"Home","item":"https:\/\/phukienflytech.vn\/en"},{"@type":"ListItem","position":2,"name":"Ph\u1ee5 ki\u1ec7n Mavic Pro","item":"https:\/\/phukienflytech.vn\/en\/phu-kien-mavic-pro.html"},{"@type":"ListItem","position":3,"name":"Ph\u1ee5 ki\u1ec7n DJI - Osmo","item":"https:\/\/phukienflytech.vn\/danh-muc\/phu-kien-dji-osmo.html"},{"@type":"ListItem","position":4,"name":"Combo 3 filter Mavic 2 Pro &#8211; Sunnylife"}]},{"@type":"WebSite","@id":"https:\/\/phukienflytech.vn\/#website","url":"https:\/\/phukienflytech.vn\/","name":"Shop M\u00e1y \u1ea3nh - Action Camera - Gimbal - Flycam - Ph\u1ee5 ki\u1ec7n","description":"Shop M\u00e1y \u1ea3nh - Action Camera - Gimbal - Flycam - Ph\u1ee5 ki\u1ec7n","publisher":{"@id":"https:\/\/phukienflytech.vn\/#organization"},"potentialAction":[{"@type":"SearchAction","target":{"@type":"EntryPoint","urlTemplate":"https:\/\/phukienflytech.vn\/?s={search_term_string}"},"query-input":{"@type":"PropertyValueSpecification","valueRequired":true,"valueName":"search_term_string"}}],"inLanguage":"en-US"},{"@type":"Organization","@id":"https:\/\/phukienflytech.vn\/#organization","name":"DJI Store - Shop Drone, Action camera, Gimbal DJI |Phukienflytech","alternateName":"DJI Store - Shop Drone, Action camera, Gimbal DJI |Phukienflytech","url":"https:\/\/phukienflytech.vn\/","logo":{"@type":"ImageObject","inLanguage":"en-US","@id":"https:\/\/phukienflytech.vn\/#\/schema\/logo\/image\/","url":"https:\/\/phukienflytech.vn\/wp-content\/uploads\/2020\/05\/hAnh_nan.jpg1_.jpg","contentUrl":"https:\/\/phukienflytech.vn\/wp-content\/uploads\/2020\/05\/hAnh_nan.jpg1_.jpg","width":800,"height":450,"caption":"DJI Store - Shop Drone, Action camera, Gimbal DJI |Phukienflytech"},"image":{"@id":"https:\/\/phukienflytech.vn\/#\/schema\/logo\/image\/"},"sameAs":["https:\/\/facebook.com\/phukienflycam","https:\/\/www.youtube.com\/@phukienflytech","https:\/\/www.tiktok.com\/@flytech.channel?fbclid=IwY2xjawGjg7BleHRuA2FlbQIxMAABHYVGmlXpuSMs0UB2zTpYvyT4GMVfN2qJa4urF4vkSQ6FAVBwXZtDP30qQA_aem_UwMiDcUvlEbd2tXAmsc8Og"]}]}},"_links":{"self":[{"href":"https:\/\/phukienflytech.vn\/en\/wp-json\/wp\/v2\/product\/1703","targetHints":{"allow":["GET"]}}],"collection":[{"href":"https:\/\/phukienflytech.vn\/en\/wp-json\/wp\/v2\/product"}],"about":[{"href":"https:\/\/phukienflytech.vn\/en\/wp-json\/wp\/v2\/types\/product"}],"replies":[{"embeddable":true,"href":"https:\/\/phukienflytech.vn\/en\/wp-json\/wp\/v2\/comments?post=1703"}],"wp:featuredmedia":[{"embeddable":true,"href":"https:\/\/phukienflytech.vn\/en\/wp-json\/wp\/v2\/media\/1686"}],"wp:attachment":[{"href":"https:\/\/phukienflytech.vn\/en\/wp-json\/wp\/v2\/media?parent=1703"}],"wp:term":[{"taxonomy":"product_brand","embeddable":true,"href":"https:\/\/phukienflytech.vn\/en\/wp-json\/wp\/v2\/product_brand?post=1703"},{"taxonomy":"product_cat","embeddable":true,"href":"https:\/\/phukienflytech.vn\/en\/wp-json\/wp\/v2\/product_cat?post=1703"},{"taxonomy":"product_tag","embeddable":true,"href":"https:\/\/phukienflytech.vn\/en\/wp-json\/wp\/v2\/product_tag?post=1703"}],"curies":[{"name":"wp","href":"https:\/\/api.w.org\/{rel}","templated":true}]}}