{"id":17210,"date":"2020-06-28T22:55:19","date_gmt":"2020-06-28T15:55:19","guid":{"rendered":"https:\/\/phukienflytech.vn\/san-pham\/filter-nd8-mavic-air-2-sunnylife.html"},"modified":"2020-10-14T15:37:27","modified_gmt":"2020-10-14T08:37:27","slug":"filter-nd8-mavic-air-2","status":"publish","type":"product","link":"https:\/\/phukienflytech.vn\/en\/san-pham\/filter-nd8-mavic-air-2.html","title":{"rendered":"ND8 Filter Mavic Air 2 &#8211; Sunnylife"},"content":{"rendered":"<h2 style=\"text-align: justify;\"><span style=\"color: #0000ff;\"><strong><em>ND8 Filter Mavic Air 2<\/em><\/strong><\/span><\/h2>\n<p>&nbsp;<\/p>\n<p><span style=\"font-size: 18px;\">ND8 Filter Mavic Air 2<\/span><\/p>\n<p style=\"text-align: justify;\"><span style=\"font-size: 18px;\"><strong>Filter ND8 Mavic Air 2 \u2013 Sunnylife<\/strong>: l\u00e0m gi\u1ea3m c\u01b0\u1eddng \u0111\u1ed9 s\u00e1ng \u0111\u1ebfn c\u1ea3m bi\u1ebfn c\u1ee7a m\u00e1y \u1ea3nh, gi\u00fap ta k\u00e9o d\u00e0i th\u1eddi gian ch\u1ee5p \u1ea3nh d\u01b0\u1edbi ngu\u1ed3n \u00e1nh s\u00e1ng m\u1ea1nh. Ng\u0103n ch\u1eb7n ph\u01a1i s\u00e1ng qu\u00e1 m\u1ee9c v\u00e0 b\u00e3o h\u00f2a m\u00e0u s\u1eafc. \u0110i\u1ec1u n\u00e0y \u0111\u1eb7c bi\u1ec7t h\u1eefu \u00edch khi ch\u1ee5p s\u01b0\u01a1ng m\u00f9 n\u01b0\u1edbc ho\u1eb7c v\u1ec7t s\u00e1ng v\u00e0o ban \u0111\u00eam. N\u1ebfu s\u1eed d\u1ee5ng \u0111\u1ec3 quay video. N\u00f3 l\u00e0m gi\u1ea3m t\u1ed1c \u0111\u1ed9 m\u00e0n tr\u1eadp \u0111\u1ec3 t\u1ea1o c\u00e1c video tr\u00ean kh\u00f4ng, m\u01b0\u1ee3t m\u00e0, \u0111i\u1ec7n \u1ea3nh.<\/span><\/p>\n<p>&nbsp;<\/p>\n<p><span style=\"font-size: 18px;\"><span style=\"color: #0000ff;\"><span style=\"color: #000000;\">&gt;&gt;&gt; Xem th\u00eam<\/span><\/span><a href=\"https:\/\/phukienflytech.vn\/en\/san-pham\/filter-cpl-mavic-air-2-sunnylife.html\" target=\"_blank\" rel=\"noopener noreferrer\"><span style=\"color: #0000ff;\"><span style=\"color: #000000;\">:<\/span><\/span><strong><span style=\"color: #0000ff;\"> Filter CPL Mavic Air 2<\/span><\/strong><\/a><\/span><\/p>\n<p>&nbsp;<\/p>\n<p style=\"text-align: justify;\"><span style=\"font-size: 18px;\"><img loading=\"lazy\" decoding=\"async\" class=\"alignnone size-medium wp-image-17203\" src=\"https:\/\/phukienflytech.vn\/wp-content\/uploads\/2020\/06\/filter-mavic-air-2-dji-chinh-hang-sunnylife-phu-kien-flycam-1-de-thay-the-471x400.jpg\" alt=\"\" width=\"471\" height=\"400\" srcset=\"https:\/\/phukienflytech.vn\/wp-content\/uploads\/2020\/06\/filter-mavic-air-2-dji-chinh-hang-sunnylife-phu-kien-flycam-1-de-thay-the-471x400.jpg 471w, https:\/\/phukienflytech.vn\/wp-content\/uploads\/2020\/06\/filter-mavic-air-2-dji-chinh-hang-sunnylife-phu-kien-flycam-1-de-thay-the-600x510.jpg 600w, https:\/\/phukienflytech.vn\/wp-content\/uploads\/2020\/06\/filter-mavic-air-2-dji-chinh-hang-sunnylife-phu-kien-flycam-1-de-thay-the.jpg 745w\" sizes=\"auto, (max-width: 471px) 100vw, 471px\" \/><\/span><\/p>\n<p>&nbsp;<\/p>\n<h2 style=\"text-align: justify;\"><span style=\"font-size: 21px; color: #0000ff;\"><strong>Thi\u1ebft k\u1ebf\u00a0<\/strong><\/span><\/h2>\n<p>&nbsp;<\/p>\n<p style=\"text-align: justify;\"><span style=\"font-size: 18px;\"><strong>Filter ND8 Mavic Air 2<\/strong> r\u1ea5t nh\u1eb9, gi\u00fap b\u1ea1n kh\u1eafc ph\u1ee5c nh\u1eefng y\u1ebfu t\u1ed1 kh\u00f4ng mong mu\u1ed1n. Khung filter \u0111\u01b0\u1ee3c l\u00e0m b\u1eb1ng nh\u00f4m h\u00e0ng kh\u00f4ng gi\u00fap filter nh\u1eb9, c\u00f3 \u0111\u1ed9 c\u1ee9ng c\u00e1p v\u00e0 b\u1ec1n h\u01a1n.<\/span><\/p>\n<p style=\"text-align: justify;\"><span style=\"font-size: 18px;\">S\u1eed d\u1ee5ng v\u1eadt li\u1ec7u l\u00e0 k\u00ednh l\u1ecdc Schott c\u1ee7a \u0110\u1ee9c \u0111\u01b0\u1ee3c m\u00e0i v\u00e0 \u0111\u00e1nh b\u00f3ng nhi\u1ec1u l\u1ea7n \u0111\u1ec3 t\u1ea1o ra ch\u1ec9 s\u1ed1 kh\u00fac x\u1ea1 th\u1ea5p \u0111\u1ec3 h\u00ecnh \u1ea3nh c\u00f3 \u0111\u1ed9 ch\u00ednh x\u00e1c v\u1ec1 m\u00e0u. B\u1ec1 m\u1eb7t k\u00ednh l\u1ecdc Mavic Air 2 \u0111\u01b0\u1ee3c ph\u1ee7 nh\u1eefng l\u1edbp c\u00f3 t\u00e1c d\u1ee5ng ch\u1ed1ng n\u01b0\u1edbc, d\u1ec5 d\u00e0ng v\u1ec7 sinh v\u00e0 ch\u1ed1ng tr\u1ea7y x\u01b0\u1edbc.<\/span><\/p>\n<p>&nbsp;<\/p>\n<p style=\"text-align: justify;\"><span style=\"font-size: 18px;\">\u00a0<img loading=\"lazy\" decoding=\"async\" class=\"alignnone wp-image-17207 size-medium\" src=\"https:\/\/phukienflytech.vn\/wp-content\/uploads\/2020\/06\/filter-ND-mavic-air-2-dji-chinh-hang-sunnylife-phu-kien-flycam-3-Copy-2-1-412x400.jpg\" alt=\"filter-nd8-mavic-air-2-sunnylife\" width=\"412\" height=\"400\" srcset=\"https:\/\/phukienflytech.vn\/wp-content\/uploads\/2020\/06\/filter-ND-mavic-air-2-dji-chinh-hang-sunnylife-phu-kien-flycam-3-Copy-2-1-412x400.jpg 412w, https:\/\/phukienflytech.vn\/wp-content\/uploads\/2020\/06\/filter-ND-mavic-air-2-dji-chinh-hang-sunnylife-phu-kien-flycam-3-Copy-2-1-600x582.jpg 600w, https:\/\/phukienflytech.vn\/wp-content\/uploads\/2020\/06\/filter-ND-mavic-air-2-dji-chinh-hang-sunnylife-phu-kien-flycam-3-Copy-2-1.jpg 741w\" sizes=\"auto, (max-width: 412px) 100vw, 412px\" \/><\/span><\/p>\n<p>&nbsp;<\/p>\n<p style=\"text-align: justify;\"><span style=\"font-size: 18px;\">Filter ND8 gi\u00fap gi\u1ea3m c\u01b0\u1eddng \u0111\u1ed9 s\u00e1ng nh\u01b0ng kh\u00f4ng thay \u0111\u1ed5i m\u00e0u s\u1eafc c\u1ee7a phim. K\u00ednh quang h\u1ecdc c\u1ee7a b\u1ed9 l\u1ecdc ch\u1ee9a l\u1edbp ph\u1ee7 gi\u1ea3m ph\u1ea3n x\u1ea1 \u0111\u1ec3 duy tr\u00ec \u0111\u1ed9 ch\u00ednh x\u00e1c v\u00e0 c\u00e2n b\u1eb1ng m\u00e0u.<\/span><\/p>\n<p><span style=\"font-size: 18px;\">Thi\u1ebft k\u1ebf hi\u1ec7n \u0111\u1ea1i, tinh t\u1ebf v\u00e0 r\u1ea5t d\u1ec5 thao t\u00e1c.<\/span><\/p>\n<p>&nbsp;<\/p>\n<p style=\"text-align: justify;\"><span style=\"font-size: 18px;\"><img loading=\"lazy\" decoding=\"async\" class=\"alignnone wp-image-17209 size-medium\" src=\"https:\/\/phukienflytech.vn\/wp-content\/uploads\/2020\/06\/ND8-AIR2-FI9281-Copy-800x381.jpg\" alt=\"Filter-ND8-Mavic-air-2\" width=\"800\" height=\"381\" srcset=\"https:\/\/phukienflytech.vn\/wp-content\/uploads\/2020\/06\/ND8-AIR2-FI9281-Copy-800x381.jpg 800w, https:\/\/phukienflytech.vn\/wp-content\/uploads\/2020\/06\/ND8-AIR2-FI9281-Copy-768x366.jpg 768w, https:\/\/phukienflytech.vn\/wp-content\/uploads\/2020\/06\/ND8-AIR2-FI9281-Copy-600x286.jpg 600w, https:\/\/phukienflytech.vn\/wp-content\/uploads\/2020\/06\/ND8-AIR2-FI9281-Copy.jpg 997w\" sizes=\"auto, (max-width: 800px) 100vw, 800px\" \/><\/span><\/p>\n<p>&nbsp;<\/p>\n<h2 style=\"text-align: justify;\"><span style=\"color: #3366ff; font-size: 21px;\"><strong>Mua <span style=\"color: #3366ff;\">ph\u1ee5 ki\u1ec7n Filter ND 8 Mavic Air 2<\/span> \u1edf \u0111\u00e2u?<\/strong><\/span><\/h2>\n<p style=\"text-align: justify;\"><span style=\"font-size: 18px;\"><a href=\"https:\/\/www.facebook.com\/phukienflycam\" target=\"_blank\" rel=\"noopener noreferrer\"><strong>Ph\u1ee5 ki\u1ec7n flycam gi\u00e1 t\u1ed1t<\/strong><\/a> h\u00e2n h\u1ea1nh l\u00e0 \u0111\u01a1n v\u1ecb ph\u00e2n ph\u1ed1i ch\u00ednh h\u00e3ng c\u00e1c s\u1ea3n ph\u1ea9m c\u1ee7a Pgytech. C\u00e1c b\u1ea1n s\u1ebd mua \u0111\u01b0\u1ee3c nh\u1eefng s\u1ea3n ph\u1ea9m ch\u00ednh h\u00e3ng v\u1edbi gi\u00e1 m\u1ed9t m\u1ee9c gi\u00e1 t\u1ed1t nh\u1ea5t tr\u00ean th\u1ecb tr\u01b0\u1eddng.<\/span><\/p>\n<p>&nbsp;<\/p>\n<p><span style=\"font-size: 18px;\"><img decoding=\"async\" src=\"https:\/\/phukienflytech.vn\/wp-content\/uploads\/2020\/07\/tai-sao-nen-su-dung-pin-mavic-mini-chinh-hang-10151-4-1-800x251.png\" \/><\/span><\/p>\n<p>&nbsp;<\/p>\n<p style=\"text-align: justify;\"><span style=\"font-size: 18px;\">Kh\u00f4ng ch\u1ec9 nh\u1eefng s\u1ea3n ph\u1ea9m ph\u1ee5 ki\u1ec7n ch\u00ednh h\u00e3ng Mavic Air 2. Ch\u00fang t\u00f4i c\u0169ng ph\u00e2n ph\u1ed1i c\u00e1c d\u00f2ng s\u1ea3n ph\u1ea9m ph\u1ee5 ki\u1ec7n c\u1ee7a DJI Mavic 2, DJI Phantom, DJI Spark,.. ch\u00ednh h\u00e3ng t\u1edbi t\u1eeb DJI, Pgytech v\u00e0 SunnyLife.<\/span><\/p>\n<p>&nbsp;<\/p>\n<p><span style=\"font-size: 18px;\">&gt;&gt; Xem th\u00eam: <span style=\"color: #0000ff;\"><strong><a style=\"color: #0000ff;\" href=\"https:\/\/phukienflytech.vn\/en\/danh-muc\/mavic-air-2-accessory.html\" target=\"_blank\" rel=\"noopener noreferrer\">Ph\u1ee5 ki\u1ec7n Mavic Air 2<\/a><\/strong><\/span><\/span><\/p>\n<p style=\"text-align: justify;\"><span style=\"font-size: 18px;\">&gt;&gt; Li\u00ean h\u1ec7 v\u1edbi ch\u00fang t\u00f4i qua: <span style=\"color: #0000ff;\"><strong><a style=\"color: #0000ff;\" href=\"https:\/\/facebook.com\/phukienflycam\" target=\"_blank\" rel=\"noopener noreferrer\">Fanpage<\/a><\/strong><\/span><\/span><\/p>\n","protected":false},"excerpt":{"rendered":"<p>ND8 Filter Mavic Air 2 &nbsp; ND8 Filter Mavic Air 2 Filter ND8 Mavic Air 2 \u2013 Sunnylife: l\u00e0m gi\u1ea3m c\u01b0\u1eddng \u0111\u1ed9 s\u00e1ng \u0111\u1ebfn c\u1ea3m bi\u1ebfn c\u1ee7a m\u00e1y \u1ea3nh, gi\u00fap ta k\u00e9o d\u00e0i th\u1eddi gian ch\u1ee5p \u1ea3nh d\u01b0\u1edbi ngu\u1ed3n \u00e1nh s\u00e1ng m\u1ea1nh. Ng\u0103n ch\u1eb7n ph\u01a1i s\u00e1ng qu\u00e1 m\u1ee9c v\u00e0 b\u00e3o h\u00f2a m\u00e0u s\u1eafc. \u0110i\u1ec1u n\u00e0y &#8230;<\/p>\n","protected":false},"featured_media":17235,"comment_status":"open","ping_status":"closed","template":"","meta":{"_acf_changed":false},"product_brand":[],"product_cat":[199],"product_tag":[206,608],"class_list":{"0":"post-17210","1":"product","2":"type-product","3":"status-publish","4":"has-post-thumbnail","6":"product_cat-mavic-air-2-accessory","7":"product_tag-phu-kien-dji-en","8":"product_tag-phu-kien-mavic-air-2-en","10":"first","11":"instock","12":"shipping-taxable","13":"purchasable","14":"product-type-simple"},"acf":[],"yoast_head":"<!-- This site is optimized with the Yoast SEO plugin v25.7 - https:\/\/yoast.com\/wordpress\/plugins\/seo\/ -->\n<title>Filter ND8 Mavic air 2 - Mavic air 2 accessory - Available - Original<\/title>\n<meta name=\"description\" content=\"Filter ND8 Mavic air 2 is one of the most important accessory. Contact us to buy Filter ND8 Mavic air 2 for best price, fast shipping\" \/>\n<meta name=\"robots\" content=\"index, follow, max-snippet:-1, max-image-preview:large, max-video-preview:-1\" \/>\n<link rel=\"canonical\" href=\"https:\/\/phukienflytech.vn\/san-pham\/filter-nd8-mavic-air-2-sunnylife.html\" \/>\n<meta property=\"og:locale\" content=\"en_US\" \/>\n<meta property=\"og:type\" content=\"article\" \/>\n<meta property=\"og:title\" content=\"Filter ND8 Mavic air 2 - Mavic air 2 accessory - Available - Original\" \/>\n<meta property=\"og:description\" content=\"Filter ND8 Mavic air 2 is one of the most important accessory. Contact us to buy Filter ND8 Mavic air 2 for best price, fast shipping\" \/>\n<meta property=\"og:url\" content=\"https:\/\/phukienflytech.vn\/san-pham\/filter-nd8-mavic-air-2-sunnylife.html\" \/>\n<meta property=\"og:site_name\" content=\"Shop M\u00e1y \u1ea3nh - Action Camera - Gimbal - Flycam - Ph\u1ee5 ki\u1ec7n\" \/>\n<meta property=\"article:publisher\" content=\"https:\/\/facebook.com\/phukienflycam\" \/>\n<meta property=\"article:modified_time\" content=\"2020-10-14T08:37:27+00:00\" \/>\n<meta property=\"og:image\" content=\"https:\/\/phukienflytech.vn\/wp-content\/uploads\/2020\/06\/filter-mavic-air-2-dji-chinh-hang-sunnylife-phu-kien-flycam-3-Copy2-Copy.jpg\" \/>\n\t<meta property=\"og:image:width\" content=\"300\" \/>\n\t<meta property=\"og:image:height\" content=\"300\" \/>\n\t<meta property=\"og:image:type\" content=\"image\/jpeg\" \/>\n<meta name=\"twitter:card\" content=\"summary_large_image\" \/>\n<meta name=\"twitter:label1\" content=\"Est. reading time\" \/>\n\t<meta name=\"twitter:data1\" content=\"3 minutes\" \/>\n<script type=\"application\/ld+json\" class=\"yoast-schema-graph\">{\"@context\":\"https:\/\/schema.org\",\"@graph\":[{\"@type\":\"WebPage\",\"@id\":\"https:\/\/phukienflytech.vn\/san-pham\/filter-nd8-mavic-air-2-sunnylife.html\",\"url\":\"https:\/\/phukienflytech.vn\/san-pham\/filter-nd8-mavic-air-2-sunnylife.html\",\"name\":\"Filter ND8 Mavic air 2 - Mavic air 2 accessory - Available - Original\",\"isPartOf\":{\"@id\":\"https:\/\/phukienflytech.vn\/#website\"},\"primaryImageOfPage\":{\"@id\":\"https:\/\/phukienflytech.vn\/san-pham\/filter-nd8-mavic-air-2-sunnylife.html#primaryimage\"},\"image\":{\"@id\":\"https:\/\/phukienflytech.vn\/san-pham\/filter-nd8-mavic-air-2-sunnylife.html#primaryimage\"},\"thumbnailUrl\":\"https:\/\/phukienflytech.vn\/wp-content\/uploads\/2020\/06\/filter-mavic-air-2-dji-chinh-hang-sunnylife-phu-kien-flycam-3-Copy2-Copy.jpg\",\"datePublished\":\"2020-06-28T15:55:19+00:00\",\"dateModified\":\"2020-10-14T08:37:27+00:00\",\"description\":\"Filter ND8 Mavic air 2 is one of the most important accessory. Contact us to buy Filter ND8 Mavic air 2 for best price, fast shipping\",\"breadcrumb\":{\"@id\":\"https:\/\/phukienflytech.vn\/san-pham\/filter-nd8-mavic-air-2-sunnylife.html#breadcrumb\"},\"inLanguage\":\"en-US\",\"potentialAction\":[{\"@type\":\"ReadAction\",\"target\":[\"https:\/\/phukienflytech.vn\/san-pham\/filter-nd8-mavic-air-2-sunnylife.html\"]}]},{\"@type\":\"ImageObject\",\"inLanguage\":\"en-US\",\"@id\":\"https:\/\/phukienflytech.vn\/san-pham\/filter-nd8-mavic-air-2-sunnylife.html#primaryimage\",\"url\":\"https:\/\/phukienflytech.vn\/wp-content\/uploads\/2020\/06\/filter-mavic-air-2-dji-chinh-hang-sunnylife-phu-kien-flycam-3-Copy2-Copy.jpg\",\"contentUrl\":\"https:\/\/phukienflytech.vn\/wp-content\/uploads\/2020\/06\/filter-mavic-air-2-dji-chinh-hang-sunnylife-phu-kien-flycam-3-Copy2-Copy.jpg\",\"width\":300,\"height\":300},{\"@type\":\"BreadcrumbList\",\"@id\":\"https:\/\/phukienflytech.vn\/san-pham\/filter-nd8-mavic-air-2-sunnylife.html#breadcrumb\",\"itemListElement\":[{\"@type\":\"ListItem\",\"position\":1,\"name\":\"Home\",\"item\":\"https:\/\/phukienflytech.vn\/en\"},{\"@type\":\"ListItem\",\"position\":2,\"name\":\"Ph\u1ee5 ki\u1ec7n Mavic Pro\",\"item\":\"https:\/\/phukienflytech.vn\/en\/phu-kien-mavic-pro.html\"},{\"@type\":\"ListItem\",\"position\":3,\"name\":\"Ph\u1ee5 ki\u1ec7n DJI - Osmo\",\"item\":\"https:\/\/phukienflytech.vn\/danh-muc\/phu-kien-dji-osmo.html\"},{\"@type\":\"ListItem\",\"position\":4,\"name\":\"Ph\u1ee5 ki\u1ec7n DJI Mavic Air 2\",\"item\":\"https:\/\/phukienflytech.vn\/danh-muc\/phu-kien-mavic-air-2.html\"},{\"@type\":\"ListItem\",\"position\":5,\"name\":\"ND8 Filter Mavic Air 2 &#8211; Sunnylife\"}]},{\"@type\":\"WebSite\",\"@id\":\"https:\/\/phukienflytech.vn\/#website\",\"url\":\"https:\/\/phukienflytech.vn\/\",\"name\":\"Shop M\u00e1y \u1ea3nh - Action Camera - Gimbal - Flycam - Ph\u1ee5 ki\u1ec7n\",\"description\":\"Shop M\u00e1y \u1ea3nh - Action Camera - Gimbal - Flycam - Ph\u1ee5 ki\u1ec7n\",\"publisher\":{\"@id\":\"https:\/\/phukienflytech.vn\/#organization\"},\"potentialAction\":[{\"@type\":\"SearchAction\",\"target\":{\"@type\":\"EntryPoint\",\"urlTemplate\":\"https:\/\/phukienflytech.vn\/?s={search_term_string}\"},\"query-input\":{\"@type\":\"PropertyValueSpecification\",\"valueRequired\":true,\"valueName\":\"search_term_string\"}}],\"inLanguage\":\"en-US\"},{\"@type\":\"Organization\",\"@id\":\"https:\/\/phukienflytech.vn\/#organization\",\"name\":\"DJI Store - Shop Drone, Action camera, Gimbal DJI |Phukienflytech\",\"alternateName\":\"DJI Store - Shop Drone, Action camera, Gimbal DJI |Phukienflytech\",\"url\":\"https:\/\/phukienflytech.vn\/\",\"logo\":{\"@type\":\"ImageObject\",\"inLanguage\":\"en-US\",\"@id\":\"https:\/\/phukienflytech.vn\/#\/schema\/logo\/image\/\",\"url\":\"https:\/\/phukienflytech.vn\/wp-content\/uploads\/2020\/05\/hAnh_nan.jpg1_.jpg\",\"contentUrl\":\"https:\/\/phukienflytech.vn\/wp-content\/uploads\/2020\/05\/hAnh_nan.jpg1_.jpg\",\"width\":800,\"height\":450,\"caption\":\"DJI Store - Shop Drone, Action camera, Gimbal DJI |Phukienflytech\"},\"image\":{\"@id\":\"https:\/\/phukienflytech.vn\/#\/schema\/logo\/image\/\"},\"sameAs\":[\"https:\/\/facebook.com\/phukienflycam\",\"https:\/\/www.youtube.com\/@phukienflytech\",\"https:\/\/www.tiktok.com\/@flytech.channel?fbclid=IwY2xjawGjg7BleHRuA2FlbQIxMAABHYVGmlXpuSMs0UB2zTpYvyT4GMVfN2qJa4urF4vkSQ6FAVBwXZtDP30qQA_aem_UwMiDcUvlEbd2tXAmsc8Og\"]}]}<\/script>\n<!-- \/ Yoast SEO plugin. -->","yoast_head_json":{"title":"Filter ND8 Mavic air 2 - Mavic air 2 accessory - Available - Original","description":"Filter ND8 Mavic air 2 is one of the most important accessory. Contact us to buy Filter ND8 Mavic air 2 for best price, fast shipping","robots":{"index":"index","follow":"follow","max-snippet":"max-snippet:-1","max-image-preview":"max-image-preview:large","max-video-preview":"max-video-preview:-1"},"canonical":"https:\/\/phukienflytech.vn\/san-pham\/filter-nd8-mavic-air-2-sunnylife.html","og_locale":"en_US","og_type":"article","og_title":"Filter ND8 Mavic air 2 - Mavic air 2 accessory - Available - Original","og_description":"Filter ND8 Mavic air 2 is one of the most important accessory. Contact us to buy Filter ND8 Mavic air 2 for best price, fast shipping","og_url":"https:\/\/phukienflytech.vn\/san-pham\/filter-nd8-mavic-air-2-sunnylife.html","og_site_name":"Shop M\u00e1y \u1ea3nh - Action Camera - Gimbal - Flycam - Ph\u1ee5 ki\u1ec7n","article_publisher":"https:\/\/facebook.com\/phukienflycam","article_modified_time":"2020-10-14T08:37:27+00:00","og_image":[{"width":300,"height":300,"url":"https:\/\/phukienflytech.vn\/wp-content\/uploads\/2020\/06\/filter-mavic-air-2-dji-chinh-hang-sunnylife-phu-kien-flycam-3-Copy2-Copy.jpg","type":"image\/jpeg"}],"twitter_card":"summary_large_image","twitter_misc":{"Est. reading time":"3 minutes"},"schema":{"@context":"https:\/\/schema.org","@graph":[{"@type":"WebPage","@id":"https:\/\/phukienflytech.vn\/san-pham\/filter-nd8-mavic-air-2-sunnylife.html","url":"https:\/\/phukienflytech.vn\/san-pham\/filter-nd8-mavic-air-2-sunnylife.html","name":"Filter ND8 Mavic air 2 - Mavic air 2 accessory - Available - Original","isPartOf":{"@id":"https:\/\/phukienflytech.vn\/#website"},"primaryImageOfPage":{"@id":"https:\/\/phukienflytech.vn\/san-pham\/filter-nd8-mavic-air-2-sunnylife.html#primaryimage"},"image":{"@id":"https:\/\/phukienflytech.vn\/san-pham\/filter-nd8-mavic-air-2-sunnylife.html#primaryimage"},"thumbnailUrl":"https:\/\/phukienflytech.vn\/wp-content\/uploads\/2020\/06\/filter-mavic-air-2-dji-chinh-hang-sunnylife-phu-kien-flycam-3-Copy2-Copy.jpg","datePublished":"2020-06-28T15:55:19+00:00","dateModified":"2020-10-14T08:37:27+00:00","description":"Filter ND8 Mavic air 2 is one of the most important accessory. Contact us to buy Filter ND8 Mavic air 2 for best price, fast shipping","breadcrumb":{"@id":"https:\/\/phukienflytech.vn\/san-pham\/filter-nd8-mavic-air-2-sunnylife.html#breadcrumb"},"inLanguage":"en-US","potentialAction":[{"@type":"ReadAction","target":["https:\/\/phukienflytech.vn\/san-pham\/filter-nd8-mavic-air-2-sunnylife.html"]}]},{"@type":"ImageObject","inLanguage":"en-US","@id":"https:\/\/phukienflytech.vn\/san-pham\/filter-nd8-mavic-air-2-sunnylife.html#primaryimage","url":"https:\/\/phukienflytech.vn\/wp-content\/uploads\/2020\/06\/filter-mavic-air-2-dji-chinh-hang-sunnylife-phu-kien-flycam-3-Copy2-Copy.jpg","contentUrl":"https:\/\/phukienflytech.vn\/wp-content\/uploads\/2020\/06\/filter-mavic-air-2-dji-chinh-hang-sunnylife-phu-kien-flycam-3-Copy2-Copy.jpg","width":300,"height":300},{"@type":"BreadcrumbList","@id":"https:\/\/phukienflytech.vn\/san-pham\/filter-nd8-mavic-air-2-sunnylife.html#breadcrumb","itemListElement":[{"@type":"ListItem","position":1,"name":"Home","item":"https:\/\/phukienflytech.vn\/en"},{"@type":"ListItem","position":2,"name":"Ph\u1ee5 ki\u1ec7n Mavic Pro","item":"https:\/\/phukienflytech.vn\/en\/phu-kien-mavic-pro.html"},{"@type":"ListItem","position":3,"name":"Ph\u1ee5 ki\u1ec7n DJI - Osmo","item":"https:\/\/phukienflytech.vn\/danh-muc\/phu-kien-dji-osmo.html"},{"@type":"ListItem","position":4,"name":"Ph\u1ee5 ki\u1ec7n DJI Mavic Air 2","item":"https:\/\/phukienflytech.vn\/danh-muc\/phu-kien-mavic-air-2.html"},{"@type":"ListItem","position":5,"name":"ND8 Filter Mavic Air 2 &#8211; Sunnylife"}]},{"@type":"WebSite","@id":"https:\/\/phukienflytech.vn\/#website","url":"https:\/\/phukienflytech.vn\/","name":"Shop M\u00e1y \u1ea3nh - Action Camera - Gimbal - Flycam - Ph\u1ee5 ki\u1ec7n","description":"Shop M\u00e1y \u1ea3nh - Action Camera - Gimbal - Flycam - Ph\u1ee5 ki\u1ec7n","publisher":{"@id":"https:\/\/phukienflytech.vn\/#organization"},"potentialAction":[{"@type":"SearchAction","target":{"@type":"EntryPoint","urlTemplate":"https:\/\/phukienflytech.vn\/?s={search_term_string}"},"query-input":{"@type":"PropertyValueSpecification","valueRequired":true,"valueName":"search_term_string"}}],"inLanguage":"en-US"},{"@type":"Organization","@id":"https:\/\/phukienflytech.vn\/#organization","name":"DJI Store - Shop Drone, Action camera, Gimbal DJI |Phukienflytech","alternateName":"DJI Store - Shop Drone, Action camera, Gimbal DJI |Phukienflytech","url":"https:\/\/phukienflytech.vn\/","logo":{"@type":"ImageObject","inLanguage":"en-US","@id":"https:\/\/phukienflytech.vn\/#\/schema\/logo\/image\/","url":"https:\/\/phukienflytech.vn\/wp-content\/uploads\/2020\/05\/hAnh_nan.jpg1_.jpg","contentUrl":"https:\/\/phukienflytech.vn\/wp-content\/uploads\/2020\/05\/hAnh_nan.jpg1_.jpg","width":800,"height":450,"caption":"DJI Store - Shop Drone, Action camera, Gimbal DJI |Phukienflytech"},"image":{"@id":"https:\/\/phukienflytech.vn\/#\/schema\/logo\/image\/"},"sameAs":["https:\/\/facebook.com\/phukienflycam","https:\/\/www.youtube.com\/@phukienflytech","https:\/\/www.tiktok.com\/@flytech.channel?fbclid=IwY2xjawGjg7BleHRuA2FlbQIxMAABHYVGmlXpuSMs0UB2zTpYvyT4GMVfN2qJa4urF4vkSQ6FAVBwXZtDP30qQA_aem_UwMiDcUvlEbd2tXAmsc8Og"]}]}},"_links":{"self":[{"href":"https:\/\/phukienflytech.vn\/en\/wp-json\/wp\/v2\/product\/17210","targetHints":{"allow":["GET"]}}],"collection":[{"href":"https:\/\/phukienflytech.vn\/en\/wp-json\/wp\/v2\/product"}],"about":[{"href":"https:\/\/phukienflytech.vn\/en\/wp-json\/wp\/v2\/types\/product"}],"replies":[{"embeddable":true,"href":"https:\/\/phukienflytech.vn\/en\/wp-json\/wp\/v2\/comments?post=17210"}],"wp:featuredmedia":[{"embeddable":true,"href":"https:\/\/phukienflytech.vn\/en\/wp-json\/wp\/v2\/media\/17235"}],"wp:attachment":[{"href":"https:\/\/phukienflytech.vn\/en\/wp-json\/wp\/v2\/media?parent=17210"}],"wp:term":[{"taxonomy":"product_brand","embeddable":true,"href":"https:\/\/phukienflytech.vn\/en\/wp-json\/wp\/v2\/product_brand?post=17210"},{"taxonomy":"product_cat","embeddable":true,"href":"https:\/\/phukienflytech.vn\/en\/wp-json\/wp\/v2\/product_cat?post=17210"},{"taxonomy":"product_tag","embeddable":true,"href":"https:\/\/phukienflytech.vn\/en\/wp-json\/wp\/v2\/product_tag?post=17210"}],"curies":[{"name":"wp","href":"https:\/\/api.w.org\/{rel}","templated":true}]}}