{"id":17238,"date":"2020-06-28T23:02:31","date_gmt":"2020-06-28T16:02:31","guid":{"rendered":"https:\/\/phukienflytech.vn\/san-pham\/filter-cpl-mavic-air-2-sunnylife.html"},"modified":"2020-10-14T15:43:43","modified_gmt":"2020-10-14T08:43:43","slug":"cpl-filter-mavic-air-2","status":"publish","type":"product","link":"https:\/\/phukienflytech.vn\/en\/san-pham\/cpl-filter-mavic-air-2.html","title":{"rendered":"CPL filter Mavic Air 2 &#8211; Sunnylife"},"content":{"rendered":"<h2><span style=\"color: #0000ff;\"><em><strong>CPL filter Mavic Air 2<\/strong><\/em><\/span><\/h2>\n<p>&nbsp;<\/p>\n<p><span style=\"font-size: 18px;\">CPL filter Mavic Air 2<\/span><\/p>\n<p style=\"text-align: justify;\"><span style=\"font-size: 18px;\">SunnyLife l\u00e0 th\u01b0\u01a1ng hi\u1ec7u chuy\u00ean s\u1ea3n xu\u1ea5t ph\u1ee5 ki\u1ec7n flycam v\u1edbi m\u1ee9c gi\u00e1 r\u1ebb v\u00e0 ch\u1ea5t l\u01b0\u1ee3ng t\u1ed1t. DJI Mavic Air 2 l\u00e0 m\u1ed9t s\u1ea3n ph\u1ea9m m\u1edbi tr\u00ecnh l\u00e0ng c\u1ee7a DJI. \u0110\u1ec3 \u0111\u00e1p \u1ee9ng nhu c\u1ea7u c\u1ee7a ng\u01b0\u1eddi ti\u00eau d\u00f9ng v\u1ec1 k\u00ednh l\u1ecdc Mavic Air 2. <strong>Filter CPL Mavic Air 2 \u2013 Sunnylife<\/strong> gi\u00fap b\u1ea1n c\u00f3 nh\u1eefng shoot h\u00ecnh \u0111\u1eb9p, lo\u1ea1i b\u1ecf y\u1ebfu t\u1ed1 kh\u00f4ng mong mu\u1ed1n.\u00a0<\/span><\/p>\n<p>&nbsp;<\/p>\n<p style=\"text-align: justify;\"><span style=\"font-size: 18px;\"><img loading=\"lazy\" decoding=\"async\" class=\"alignnone wp-image-17225 size-medium\" src=\"https:\/\/phukienflytech.vn\/wp-content\/uploads\/2020\/06\/CPL-AIR2-FI9283-400x400.jpg\" alt=\"CPL-filter-Mavic-Air-2-4\" width=\"400\" height=\"400\" srcset=\"https:\/\/phukienflytech.vn\/wp-content\/uploads\/2020\/06\/CPL-AIR2-FI9283-400x400.jpg 400w, https:\/\/phukienflytech.vn\/wp-content\/uploads\/2020\/06\/CPL-AIR2-FI9283-280x280.jpg 280w, https:\/\/phukienflytech.vn\/wp-content\/uploads\/2020\/06\/CPL-AIR2-FI9283-768x768.jpg 768w, https:\/\/phukienflytech.vn\/wp-content\/uploads\/2020\/06\/CPL-AIR2-FI9283-800x800.jpg 800w, https:\/\/phukienflytech.vn\/wp-content\/uploads\/2020\/06\/CPL-AIR2-FI9283-300x300.jpg 300w, https:\/\/phukienflytech.vn\/wp-content\/uploads\/2020\/06\/CPL-AIR2-FI9283-600x600.jpg 600w, https:\/\/phukienflytech.vn\/wp-content\/uploads\/2020\/06\/CPL-AIR2-FI9283-100x100.jpg 100w, https:\/\/phukienflytech.vn\/wp-content\/uploads\/2020\/06\/CPL-AIR2-FI9283.jpg 1000w\" sizes=\"auto, (max-width: 400px) 100vw, 400px\" \/><\/span><\/p>\n<p>&nbsp;<\/p>\n<p style=\"text-align: justify;\"><span style=\"font-size: 18px;\"><strong>K\u00ednh l\u1ecdc CPL SunnyLife<\/strong>: s\u1eed d\u1ee5ng \u0111\u1ec3 lo\u1ea1i b\u1ecf \u00e1nh s\u00e1ng ph\u1ea3n x\u1ea1 t\u1eeb m\u1eb7t n\u01b0\u1edbc l\u00ean camera. Cho b\u1ee9c \u1ea3nh chi ti\u1ebft h\u01a1n c\u1ea3i thi\u1ec7n \u0111\u1ed9 r\u00f5 n\u00e9t c\u1ee7a h\u00ecnh \u1ea3nh. T\u1eeb \u0111\u00f3 t\u1ea1o ra nh\u1eefng b\u1ee9c \u1ea3nh nhi\u1ec1u bi\u1ec3u c\u1ea3m v\u00e0 s\u1ed1ng \u0111\u1ed9ng h\u01a1n. Ch\u00fang l\u00e0m cho m\u00e0u tr\u1eddi, m\u00e0u n\u01b0\u1edbc xanh h\u01a1n v\u00e0 c\u00f3 chi\u1ec1u s\u00e2u h\u01a1n. L\u00e0m gi\u1ea3m s\u1ef1 ph\u1ea3n chi\u1ebfu tr\u00ean b\u1ec1 m\u1eb7t n\u01b0\u1edbc v\u00e0 thu\u1ef7 tinh r\u1ea5t \u0111\u1ed9c \u0111\u00e1o.<\/span><\/p>\n<p>&nbsp;<\/p>\n<p><span style=\"font-size: 18px; color: #0000ff;\"><strong><span style=\"color: #000000;\">&gt;&gt; Xem th\u00eam:<\/span> <span style=\"color: #0000ff;\"><a style=\"color: #0000ff;\" href=\"https:\/\/phukienflytech.vn\/en\/san-pham\/filter-mcuv-mavic-air-2-sunnylife.html\" target=\"_blank\" rel=\"noopener noreferrer\">Filter MCUV Mavic Air 2<\/a><\/span><\/strong><\/span><\/p>\n<p><span style=\"font-size: 18px; color: #0000ff;\"><strong><span style=\"color: #000000;\">&gt;&gt; Xem th\u00eam:<\/span> <span style=\"color: #0000ff;\"><a style=\"color: #0000ff;\" href=\"https:\/\/phukienflytech.vn\/en\/san-pham\/filter-nd8-mavic-air-2-sunnylife.html\" target=\"_blank\" rel=\"noopener noreferrer\">Filter ND8 Mavic Air 2<\/a><\/span><\/strong><\/span><\/p>\n<p>&nbsp;<\/p>\n<p style=\"text-align: justify;\"><span style=\"font-size: 18px;\"><img loading=\"lazy\" decoding=\"async\" class=\"alignnone wp-image-17227\" src=\"https:\/\/phukienflytech.vn\/wp-content\/uploads\/2020\/06\/filter-cpl-mavic-air-2-dji-chinh-hang-sunnylife-phu-kien-flycam-2-Copy-1-446x400.jpg\" alt=\"filter-cpl-mavic-air-2\" width=\"492\" height=\"441\" srcset=\"https:\/\/phukienflytech.vn\/wp-content\/uploads\/2020\/06\/filter-cpl-mavic-air-2-dji-chinh-hang-sunnylife-phu-kien-flycam-2-Copy-1-446x400.jpg 446w, https:\/\/phukienflytech.vn\/wp-content\/uploads\/2020\/06\/filter-cpl-mavic-air-2-dji-chinh-hang-sunnylife-phu-kien-flycam-2-Copy-1-600x538.jpg 600w, https:\/\/phukienflytech.vn\/wp-content\/uploads\/2020\/06\/filter-cpl-mavic-air-2-dji-chinh-hang-sunnylife-phu-kien-flycam-2-Copy-1.jpg 749w\" sizes=\"auto, (max-width: 492px) 100vw, 492px\" \/><\/span><\/p>\n<p>&nbsp;<\/p>\n<h2 style=\"text-align: justify;\"><span style=\"font-size: 21px; color: #0000ff;\"><strong>Thi\u1ebft k\u1ebf k\u00ednh l\u1ecdc CPL Filter Mavic Air 2 \u2013 SunnyLife<\/strong><\/span><\/h2>\n<p style=\"text-align: justify;\"><span style=\"font-size: 18px;\"><strong>Filter CPL Mavic 2<\/strong> gi\u00fap b\u1ea1n kh\u1eafc ph\u1ee5c nh\u1eefng y\u1ebfu t\u1ed1 kh\u00f4ng mong mu\u1ed1n. Khung filter \u0111\u01b0\u1ee3c l\u00e0m b\u1eb1ng nh\u00f4m h\u00e0ng kh\u00f4ng, v\u1eadt li\u1ec7u \u0111\u01b0\u1ee3c l\u00e0m tr\u00ean m\u00e1y bay gi\u00fap filter nh\u1eb9 h\u01a1n.T\u0103ng \u0111\u1ed9 c\u1ee9ng c\u00e1p v\u00e0 b\u1ec1n b\u1ec9 m\u00e0 kh\u00f4ng l\u00e0m gi\u1ea3m hi\u1ec7u su\u1ea5t gimbal. Thao t\u00e1c th\u00e1o l\u1eafp d\u1ec5 d\u00e0ng<\/span><\/p>\n<p>&nbsp;<\/p>\n<p style=\"text-align: justify;\"><span style=\"font-size: 18px;\"><img loading=\"lazy\" decoding=\"async\" class=\"alignnone wp-image-17229 size-medium\" src=\"https:\/\/phukienflytech.vn\/wp-content\/uploads\/2020\/06\/filter-mavic-air-2-dji-chinh-hang-sunnylife-phu-kien-flycam-1-Copy-1-536x400.jpg\" alt=\"CPL-filter-Mavic-Air-2\" width=\"536\" height=\"400\" srcset=\"https:\/\/phukienflytech.vn\/wp-content\/uploads\/2020\/06\/filter-mavic-air-2-dji-chinh-hang-sunnylife-phu-kien-flycam-1-Copy-1-536x400.jpg 536w, https:\/\/phukienflytech.vn\/wp-content\/uploads\/2020\/06\/filter-mavic-air-2-dji-chinh-hang-sunnylife-phu-kien-flycam-1-Copy-1-600x448.jpg 600w, https:\/\/phukienflytech.vn\/wp-content\/uploads\/2020\/06\/filter-mavic-air-2-dji-chinh-hang-sunnylife-phu-kien-flycam-1-Copy-1.jpg 749w\" sizes=\"auto, (max-width: 536px) 100vw, 536px\" \/><\/span><\/p>\n<p>&nbsp;<\/p>\n<p style=\"text-align: justify;\"><span style=\"font-size: 18px;\">S\u1eed d\u1ee5ng v\u1eadt li\u1ec7u l\u00e0 k\u00ednh quang h\u1ecdc c\u1ee7a \u0110\u1ee9c \u0111\u01b0\u1ee3c m\u00e0i v\u00e0 \u0111\u00e1nh b\u00f3ng nhi\u1ec1u l\u1ea7n \u0111\u1ec3 t\u1ea1o ra ch\u1ec9 s\u1ed1 kh\u00fac x\u1ea1 th\u1ea5p \u0111\u1ec3 h\u00ecnh \u1ea3nh c\u00f3 \u0111\u1ed9 ch\u00ednh x\u00e1c v\u1ec1 m\u00e0u. B\u1ec1 m\u1eb7t k\u00ednh l\u1ecdc Mavic Air 2 \u0111\u01b0\u1ee3c ph\u1ee7 nh\u1eefng l\u1edbp c\u00f3 t\u00e1c d\u1ee5ng ch\u1ed1ng n\u01b0\u1edbc, d\u1ec5 d\u00e0ng v\u1ec7 sinh v\u00e0 ch\u1ed1ng tr\u1ea7y x\u01b0\u1edbc.<\/span><\/p>\n<p style=\"text-align: justify;\"><span style=\"font-size: 18px;\">B\u1eb1ng c\u00f4ng ngh\u1ec7 ph\u1ee7 nhi\u1ec1u l\u1edbp, k\u00ednh l\u1ecdc Mavic Air 2 gi\u00fap ng\u0103n ng\u1eeba. Nh\u01b0ng kh\u00f4ng thay \u0111\u1ed5i m\u00e0u s\u1eafc c\u1ee7a phim. K\u00ednh quang h\u1ecdc c\u1ee7a b\u1ed9 l\u1ecdc ch\u1ee9a l\u1edbp ph\u1ee7 gi\u1ea3m ph\u1ea3n x\u1ea1 \u0111\u1ec3 duy tr\u00ec \u0111\u1ed9 ch\u00ednh x\u00e1c, c\u00e2n b\u1eb1ng m\u00e0u.<\/span><\/p>\n<p>&nbsp;<\/p>\n<h2 style=\"text-align: justify;\"><span style=\"font-size: 21px; color: #0000ff;\"><strong>Mua <\/strong><a style=\"color: #0000ff;\" href=\"https:\/\/phukienflytech.vn\/en\/danh-muc\/mavic-air-2-accessory.html\"><strong>ph\u1ee5 ki\u1ec7n Mavic Air 2<\/strong><\/a><strong> \u1edf \u0111\u00e2u?<\/strong><\/span><\/h2>\n<p style=\"text-align: justify;\"><span style=\"font-size: 18px;\"><span style=\"color: #0000ff;\"><a style=\"color: #0000ff;\" href=\"https:\/\/www.facebook.com\/phukienflycam\" target=\"_blank\" rel=\"noopener noreferrer\"><strong>Ph\u1ee5 ki\u1ec7n flycam gi\u00e1 t\u1ed1t<\/strong><\/a> <\/span>h\u00e2n h\u1ea1nh l\u00e0 \u0111\u01a1n v\u1ecb ph\u00e2n ph\u1ed1i ch\u00ednh h\u00e3ng c\u00e1c s\u1ea3n ph\u1ea9m c\u1ee7a Pgytech. T\u1edbi v\u1edbi ch\u00fang t\u00f4i, c\u00e1c b\u1ea1n s\u1ebd mua \u0111\u01b0\u1ee3c nh\u1eefng s\u1ea3n ph\u1ea9m ch\u00ednh h\u00e3ng v\u1edbi gi\u00e1 m\u1ed9t m\u1ee9c gi\u00e1 t\u1ed1t nh\u1ea5t tr\u00ean th\u1ecb tr\u01b0\u1eddng.<\/span><\/p>\n<p>&nbsp;<\/p>\n<p><span style=\"font-size: 18px;\"><img decoding=\"async\" src=\"https:\/\/phukienflytech.vn\/wp-content\/uploads\/2020\/07\/tai-sao-nen-su-dung-pin-mavic-mini-chinh-hang-10151-4-1-800x251.png\" \/><\/span><\/p>\n<p>&nbsp;<\/p>\n<p style=\"text-align: justify;\"><span style=\"font-size: 18px;\">Kh\u00f4ng ch\u1ec9 nh\u1eefng s\u1ea3n ph\u1ea9m ph\u1ee5 ki\u1ec7n ch\u00ednh h\u00e3ng Mavic Air 2. Ch\u00fang t\u00f4i c\u0169ng ph\u00e2n ph\u1ed1i c\u00e1c d\u00f2ng s\u1ea3n ph\u1ea9m ph\u1ee5 ki\u1ec7n c\u1ee7a DJI Mavic 2, DJI Phantom, DJI Spark,.. ch\u00ednh h\u00e3ng t\u1edbi t\u1eeb DJI, Pgytech v\u00e0 SunnyLife.<\/span><\/p>\n<p style=\"text-align: justify;\"><span style=\"font-size: 18px;\">H\u00e3y \u0111\u1ebfn v\u1edbi ph\u1ee5 ki\u1ec7n flycam gi\u00e1 t\u1ed1t \u0111\u1ec3 c\u00f3 \u0111\u01b0\u1ee3c\u00a0 m\u1ee9c gi\u00e1 t\u1ed1t v\u00e0 ch\u1ea5t l\u01b0\u1ee3ng \u0111\u1ea3m b\u1ea3o.<\/span><\/p>\n<p>&nbsp;<\/p>\n<p><span style=\"font-size: 18px;\">&gt;&gt; Li\u00ean h\u1ec7 v\u1edbi ch\u00fang t\u00f4i qua: <span style=\"color: #0000ff;\"><strong><a style=\"color: #0000ff;\" href=\"https:\/\/facebook.com\/phukienflycam\" target=\"_blank\" rel=\"noopener noreferrer\">Fanpage<\/a><\/strong><\/span><\/span><\/p>\n","protected":false},"excerpt":{"rendered":"<p>CPL filter Mavic Air 2 &nbsp; CPL filter Mavic Air 2 SunnyLife l\u00e0 th\u01b0\u01a1ng hi\u1ec7u chuy\u00ean s\u1ea3n xu\u1ea5t ph\u1ee5 ki\u1ec7n flycam v\u1edbi m\u1ee9c gi\u00e1 r\u1ebb v\u00e0 ch\u1ea5t l\u01b0\u1ee3ng t\u1ed1t. DJI Mavic Air 2 l\u00e0 m\u1ed9t s\u1ea3n ph\u1ea9m m\u1edbi tr\u00ecnh l\u00e0ng c\u1ee7a DJI. \u0110\u1ec3 \u0111\u00e1p \u1ee9ng nhu c\u1ea7u c\u1ee7a ng\u01b0\u1eddi ti\u00eau d\u00f9ng v\u1ec1 k\u00ednh l\u1ecdc Mavic &#8230;<\/p>\n","protected":false},"featured_media":17233,"comment_status":"open","ping_status":"closed","template":"","meta":{"_acf_changed":false},"product_brand":[],"product_cat":[199],"product_tag":[206,608],"class_list":{"0":"post-17238","1":"product","2":"type-product","3":"status-publish","4":"has-post-thumbnail","6":"product_cat-mavic-air-2-accessory","7":"product_tag-phu-kien-dji-en","8":"product_tag-phu-kien-mavic-air-2-en","10":"first","11":"instock","12":"shipping-taxable","13":"purchasable","14":"product-type-simple"},"acf":[],"yoast_head":"<!-- This site is optimized with the Yoast SEO plugin v25.7 - https:\/\/yoast.com\/wordpress\/plugins\/seo\/ -->\n<title>CPL filter Mavic Air 2 - Mavic air 2 accessory - Available - Original Sunnylife<\/title>\n<meta name=\"description\" content=\"CPL filter Mavic Air 2 is one of the most important accessory. Contact us to buy CPL filter Mavic Air 2 for best price, fast shipping\" \/>\n<meta name=\"robots\" content=\"index, follow, max-snippet:-1, max-image-preview:large, max-video-preview:-1\" \/>\n<link rel=\"canonical\" href=\"https:\/\/phukienflytech.vn\/san-pham\/filter-cpl-mavic-air-2-sunnylife.html\" \/>\n<meta property=\"og:locale\" content=\"en_US\" \/>\n<meta property=\"og:type\" content=\"article\" \/>\n<meta property=\"og:title\" content=\"CPL filter Mavic Air 2 - Mavic air 2 accessory - Available - Original Sunnylife\" \/>\n<meta property=\"og:description\" content=\"CPL filter Mavic Air 2 is one of the most important accessory. Contact us to buy CPL filter Mavic Air 2 for best price, fast shipping\" \/>\n<meta property=\"og:url\" content=\"https:\/\/phukienflytech.vn\/san-pham\/filter-cpl-mavic-air-2-sunnylife.html\" \/>\n<meta property=\"og:site_name\" content=\"Shop M\u00e1y \u1ea3nh - Action Camera - Gimbal - Flycam - Ph\u1ee5 ki\u1ec7n\" \/>\n<meta property=\"article:publisher\" content=\"https:\/\/facebook.com\/phukienflycam\" \/>\n<meta property=\"article:modified_time\" content=\"2020-10-14T08:43:43+00:00\" \/>\n<meta property=\"og:image\" content=\"https:\/\/phukienflytech.vn\/wp-content\/uploads\/2020\/06\/filter-cpl-mavic-air-2-dji-chinh-hang-sunnylife-phu-kien-flycam-2-Copy22-Copy.jpg\" \/>\n\t<meta property=\"og:image:width\" content=\"300\" \/>\n\t<meta property=\"og:image:height\" content=\"300\" \/>\n\t<meta property=\"og:image:type\" content=\"image\/jpeg\" \/>\n<meta name=\"twitter:card\" content=\"summary_large_image\" \/>\n<meta name=\"twitter:label1\" content=\"Est. reading time\" \/>\n\t<meta name=\"twitter:data1\" content=\"3 minutes\" \/>\n<script type=\"application\/ld+json\" class=\"yoast-schema-graph\">{\"@context\":\"https:\/\/schema.org\",\"@graph\":[{\"@type\":\"WebPage\",\"@id\":\"https:\/\/phukienflytech.vn\/san-pham\/filter-cpl-mavic-air-2-sunnylife.html\",\"url\":\"https:\/\/phukienflytech.vn\/san-pham\/filter-cpl-mavic-air-2-sunnylife.html\",\"name\":\"CPL filter Mavic Air 2 - Mavic air 2 accessory - Available - Original Sunnylife\",\"isPartOf\":{\"@id\":\"https:\/\/phukienflytech.vn\/#website\"},\"primaryImageOfPage\":{\"@id\":\"https:\/\/phukienflytech.vn\/san-pham\/filter-cpl-mavic-air-2-sunnylife.html#primaryimage\"},\"image\":{\"@id\":\"https:\/\/phukienflytech.vn\/san-pham\/filter-cpl-mavic-air-2-sunnylife.html#primaryimage\"},\"thumbnailUrl\":\"https:\/\/phukienflytech.vn\/wp-content\/uploads\/2020\/06\/filter-cpl-mavic-air-2-dji-chinh-hang-sunnylife-phu-kien-flycam-2-Copy22-Copy.jpg\",\"datePublished\":\"2020-06-28T16:02:31+00:00\",\"dateModified\":\"2020-10-14T08:43:43+00:00\",\"description\":\"CPL filter Mavic Air 2 is one of the most important accessory. Contact us to buy CPL filter Mavic Air 2 for best price, fast shipping\",\"breadcrumb\":{\"@id\":\"https:\/\/phukienflytech.vn\/san-pham\/filter-cpl-mavic-air-2-sunnylife.html#breadcrumb\"},\"inLanguage\":\"en-US\",\"potentialAction\":[{\"@type\":\"ReadAction\",\"target\":[\"https:\/\/phukienflytech.vn\/san-pham\/filter-cpl-mavic-air-2-sunnylife.html\"]}]},{\"@type\":\"ImageObject\",\"inLanguage\":\"en-US\",\"@id\":\"https:\/\/phukienflytech.vn\/san-pham\/filter-cpl-mavic-air-2-sunnylife.html#primaryimage\",\"url\":\"https:\/\/phukienflytech.vn\/wp-content\/uploads\/2020\/06\/filter-cpl-mavic-air-2-dji-chinh-hang-sunnylife-phu-kien-flycam-2-Copy22-Copy.jpg\",\"contentUrl\":\"https:\/\/phukienflytech.vn\/wp-content\/uploads\/2020\/06\/filter-cpl-mavic-air-2-dji-chinh-hang-sunnylife-phu-kien-flycam-2-Copy22-Copy.jpg\",\"width\":300,\"height\":300},{\"@type\":\"BreadcrumbList\",\"@id\":\"https:\/\/phukienflytech.vn\/san-pham\/filter-cpl-mavic-air-2-sunnylife.html#breadcrumb\",\"itemListElement\":[{\"@type\":\"ListItem\",\"position\":1,\"name\":\"Home\",\"item\":\"https:\/\/phukienflytech.vn\/en\"},{\"@type\":\"ListItem\",\"position\":2,\"name\":\"Ph\u1ee5 ki\u1ec7n Mavic Pro\",\"item\":\"https:\/\/phukienflytech.vn\/en\/phu-kien-mavic-pro.html\"},{\"@type\":\"ListItem\",\"position\":3,\"name\":\"Ph\u1ee5 ki\u1ec7n DJI - Osmo\",\"item\":\"https:\/\/phukienflytech.vn\/danh-muc\/phu-kien-dji-osmo.html\"},{\"@type\":\"ListItem\",\"position\":4,\"name\":\"Ph\u1ee5 ki\u1ec7n DJI Mavic Air 2\",\"item\":\"https:\/\/phukienflytech.vn\/danh-muc\/phu-kien-mavic-air-2.html\"},{\"@type\":\"ListItem\",\"position\":5,\"name\":\"CPL filter Mavic Air 2 &#8211; Sunnylife\"}]},{\"@type\":\"WebSite\",\"@id\":\"https:\/\/phukienflytech.vn\/#website\",\"url\":\"https:\/\/phukienflytech.vn\/\",\"name\":\"Shop M\u00e1y \u1ea3nh - Action Camera - Gimbal - Flycam - Ph\u1ee5 ki\u1ec7n\",\"description\":\"Shop M\u00e1y \u1ea3nh - Action Camera - Gimbal - Flycam - Ph\u1ee5 ki\u1ec7n\",\"publisher\":{\"@id\":\"https:\/\/phukienflytech.vn\/#organization\"},\"potentialAction\":[{\"@type\":\"SearchAction\",\"target\":{\"@type\":\"EntryPoint\",\"urlTemplate\":\"https:\/\/phukienflytech.vn\/?s={search_term_string}\"},\"query-input\":{\"@type\":\"PropertyValueSpecification\",\"valueRequired\":true,\"valueName\":\"search_term_string\"}}],\"inLanguage\":\"en-US\"},{\"@type\":\"Organization\",\"@id\":\"https:\/\/phukienflytech.vn\/#organization\",\"name\":\"DJI Store - Shop Drone, Action camera, Gimbal DJI |Phukienflytech\",\"alternateName\":\"DJI Store - Shop Drone, Action camera, Gimbal DJI |Phukienflytech\",\"url\":\"https:\/\/phukienflytech.vn\/\",\"logo\":{\"@type\":\"ImageObject\",\"inLanguage\":\"en-US\",\"@id\":\"https:\/\/phukienflytech.vn\/#\/schema\/logo\/image\/\",\"url\":\"https:\/\/phukienflytech.vn\/wp-content\/uploads\/2020\/05\/hAnh_nan.jpg1_.jpg\",\"contentUrl\":\"https:\/\/phukienflytech.vn\/wp-content\/uploads\/2020\/05\/hAnh_nan.jpg1_.jpg\",\"width\":800,\"height\":450,\"caption\":\"DJI Store - Shop Drone, Action camera, Gimbal DJI |Phukienflytech\"},\"image\":{\"@id\":\"https:\/\/phukienflytech.vn\/#\/schema\/logo\/image\/\"},\"sameAs\":[\"https:\/\/facebook.com\/phukienflycam\",\"https:\/\/www.youtube.com\/@phukienflytech\",\"https:\/\/www.tiktok.com\/@flytech.channel?fbclid=IwY2xjawGjg7BleHRuA2FlbQIxMAABHYVGmlXpuSMs0UB2zTpYvyT4GMVfN2qJa4urF4vkSQ6FAVBwXZtDP30qQA_aem_UwMiDcUvlEbd2tXAmsc8Og\"]}]}<\/script>\n<!-- \/ Yoast SEO plugin. -->","yoast_head_json":{"title":"CPL filter Mavic Air 2 - Mavic air 2 accessory - Available - Original Sunnylife","description":"CPL filter Mavic Air 2 is one of the most important accessory. Contact us to buy CPL filter Mavic Air 2 for best price, fast shipping","robots":{"index":"index","follow":"follow","max-snippet":"max-snippet:-1","max-image-preview":"max-image-preview:large","max-video-preview":"max-video-preview:-1"},"canonical":"https:\/\/phukienflytech.vn\/san-pham\/filter-cpl-mavic-air-2-sunnylife.html","og_locale":"en_US","og_type":"article","og_title":"CPL filter Mavic Air 2 - Mavic air 2 accessory - Available - Original Sunnylife","og_description":"CPL filter Mavic Air 2 is one of the most important accessory. Contact us to buy CPL filter Mavic Air 2 for best price, fast shipping","og_url":"https:\/\/phukienflytech.vn\/san-pham\/filter-cpl-mavic-air-2-sunnylife.html","og_site_name":"Shop M\u00e1y \u1ea3nh - Action Camera - Gimbal - Flycam - Ph\u1ee5 ki\u1ec7n","article_publisher":"https:\/\/facebook.com\/phukienflycam","article_modified_time":"2020-10-14T08:43:43+00:00","og_image":[{"width":300,"height":300,"url":"https:\/\/phukienflytech.vn\/wp-content\/uploads\/2020\/06\/filter-cpl-mavic-air-2-dji-chinh-hang-sunnylife-phu-kien-flycam-2-Copy22-Copy.jpg","type":"image\/jpeg"}],"twitter_card":"summary_large_image","twitter_misc":{"Est. reading time":"3 minutes"},"schema":{"@context":"https:\/\/schema.org","@graph":[{"@type":"WebPage","@id":"https:\/\/phukienflytech.vn\/san-pham\/filter-cpl-mavic-air-2-sunnylife.html","url":"https:\/\/phukienflytech.vn\/san-pham\/filter-cpl-mavic-air-2-sunnylife.html","name":"CPL filter Mavic Air 2 - Mavic air 2 accessory - Available - Original Sunnylife","isPartOf":{"@id":"https:\/\/phukienflytech.vn\/#website"},"primaryImageOfPage":{"@id":"https:\/\/phukienflytech.vn\/san-pham\/filter-cpl-mavic-air-2-sunnylife.html#primaryimage"},"image":{"@id":"https:\/\/phukienflytech.vn\/san-pham\/filter-cpl-mavic-air-2-sunnylife.html#primaryimage"},"thumbnailUrl":"https:\/\/phukienflytech.vn\/wp-content\/uploads\/2020\/06\/filter-cpl-mavic-air-2-dji-chinh-hang-sunnylife-phu-kien-flycam-2-Copy22-Copy.jpg","datePublished":"2020-06-28T16:02:31+00:00","dateModified":"2020-10-14T08:43:43+00:00","description":"CPL filter Mavic Air 2 is one of the most important accessory. Contact us to buy CPL filter Mavic Air 2 for best price, fast shipping","breadcrumb":{"@id":"https:\/\/phukienflytech.vn\/san-pham\/filter-cpl-mavic-air-2-sunnylife.html#breadcrumb"},"inLanguage":"en-US","potentialAction":[{"@type":"ReadAction","target":["https:\/\/phukienflytech.vn\/san-pham\/filter-cpl-mavic-air-2-sunnylife.html"]}]},{"@type":"ImageObject","inLanguage":"en-US","@id":"https:\/\/phukienflytech.vn\/san-pham\/filter-cpl-mavic-air-2-sunnylife.html#primaryimage","url":"https:\/\/phukienflytech.vn\/wp-content\/uploads\/2020\/06\/filter-cpl-mavic-air-2-dji-chinh-hang-sunnylife-phu-kien-flycam-2-Copy22-Copy.jpg","contentUrl":"https:\/\/phukienflytech.vn\/wp-content\/uploads\/2020\/06\/filter-cpl-mavic-air-2-dji-chinh-hang-sunnylife-phu-kien-flycam-2-Copy22-Copy.jpg","width":300,"height":300},{"@type":"BreadcrumbList","@id":"https:\/\/phukienflytech.vn\/san-pham\/filter-cpl-mavic-air-2-sunnylife.html#breadcrumb","itemListElement":[{"@type":"ListItem","position":1,"name":"Home","item":"https:\/\/phukienflytech.vn\/en"},{"@type":"ListItem","position":2,"name":"Ph\u1ee5 ki\u1ec7n Mavic Pro","item":"https:\/\/phukienflytech.vn\/en\/phu-kien-mavic-pro.html"},{"@type":"ListItem","position":3,"name":"Ph\u1ee5 ki\u1ec7n DJI - Osmo","item":"https:\/\/phukienflytech.vn\/danh-muc\/phu-kien-dji-osmo.html"},{"@type":"ListItem","position":4,"name":"Ph\u1ee5 ki\u1ec7n DJI Mavic Air 2","item":"https:\/\/phukienflytech.vn\/danh-muc\/phu-kien-mavic-air-2.html"},{"@type":"ListItem","position":5,"name":"CPL filter Mavic Air 2 &#8211; Sunnylife"}]},{"@type":"WebSite","@id":"https:\/\/phukienflytech.vn\/#website","url":"https:\/\/phukienflytech.vn\/","name":"Shop M\u00e1y \u1ea3nh - Action Camera - Gimbal - Flycam - Ph\u1ee5 ki\u1ec7n","description":"Shop M\u00e1y \u1ea3nh - Action Camera - Gimbal - Flycam - Ph\u1ee5 ki\u1ec7n","publisher":{"@id":"https:\/\/phukienflytech.vn\/#organization"},"potentialAction":[{"@type":"SearchAction","target":{"@type":"EntryPoint","urlTemplate":"https:\/\/phukienflytech.vn\/?s={search_term_string}"},"query-input":{"@type":"PropertyValueSpecification","valueRequired":true,"valueName":"search_term_string"}}],"inLanguage":"en-US"},{"@type":"Organization","@id":"https:\/\/phukienflytech.vn\/#organization","name":"DJI Store - Shop Drone, Action camera, Gimbal DJI |Phukienflytech","alternateName":"DJI Store - Shop Drone, Action camera, Gimbal DJI |Phukienflytech","url":"https:\/\/phukienflytech.vn\/","logo":{"@type":"ImageObject","inLanguage":"en-US","@id":"https:\/\/phukienflytech.vn\/#\/schema\/logo\/image\/","url":"https:\/\/phukienflytech.vn\/wp-content\/uploads\/2020\/05\/hAnh_nan.jpg1_.jpg","contentUrl":"https:\/\/phukienflytech.vn\/wp-content\/uploads\/2020\/05\/hAnh_nan.jpg1_.jpg","width":800,"height":450,"caption":"DJI Store - Shop Drone, Action camera, Gimbal DJI |Phukienflytech"},"image":{"@id":"https:\/\/phukienflytech.vn\/#\/schema\/logo\/image\/"},"sameAs":["https:\/\/facebook.com\/phukienflycam","https:\/\/www.youtube.com\/@phukienflytech","https:\/\/www.tiktok.com\/@flytech.channel?fbclid=IwY2xjawGjg7BleHRuA2FlbQIxMAABHYVGmlXpuSMs0UB2zTpYvyT4GMVfN2qJa4urF4vkSQ6FAVBwXZtDP30qQA_aem_UwMiDcUvlEbd2tXAmsc8Og"]}]}},"_links":{"self":[{"href":"https:\/\/phukienflytech.vn\/en\/wp-json\/wp\/v2\/product\/17238","targetHints":{"allow":["GET"]}}],"collection":[{"href":"https:\/\/phukienflytech.vn\/en\/wp-json\/wp\/v2\/product"}],"about":[{"href":"https:\/\/phukienflytech.vn\/en\/wp-json\/wp\/v2\/types\/product"}],"replies":[{"embeddable":true,"href":"https:\/\/phukienflytech.vn\/en\/wp-json\/wp\/v2\/comments?post=17238"}],"wp:featuredmedia":[{"embeddable":true,"href":"https:\/\/phukienflytech.vn\/en\/wp-json\/wp\/v2\/media\/17233"}],"wp:attachment":[{"href":"https:\/\/phukienflytech.vn\/en\/wp-json\/wp\/v2\/media?parent=17238"}],"wp:term":[{"taxonomy":"product_brand","embeddable":true,"href":"https:\/\/phukienflytech.vn\/en\/wp-json\/wp\/v2\/product_brand?post=17238"},{"taxonomy":"product_cat","embeddable":true,"href":"https:\/\/phukienflytech.vn\/en\/wp-json\/wp\/v2\/product_cat?post=17238"},{"taxonomy":"product_tag","embeddable":true,"href":"https:\/\/phukienflytech.vn\/en\/wp-json\/wp\/v2\/product_tag?post=17238"}],"curies":[{"name":"wp","href":"https:\/\/api.w.org\/{rel}","templated":true}]}}