{"id":17466,"date":"2020-06-17T21:39:09","date_gmt":"2020-06-17T14:39:09","guid":{"rendered":"https:\/\/phukienflytech.vn\/san-pham\/tui-deo-cheo-mavic-2-pro-zoom-chong-soc.html"},"modified":"2020-10-12T10:00:36","modified_gmt":"2020-10-12T03:00:36","slug":"mavic-2-shock-proof-bag","status":"publish","type":"product","link":"https:\/\/phukienflytech.vn\/en\/san-pham\/mavic-2-shock-proof-bag.html","title":{"rendered":"Mavic 2 shock proof shoulder bag"},"content":{"rendered":"<h2><span style=\"color: #0000ff;\"><strong><em>Mavic 2 shock proof bag<\/em><\/strong><\/span><\/h2>\n<p>&nbsp;<\/p>\n<p><span style=\"font-size: 18px;\">Mavic 2 shock proof bag<\/span><\/p>\n<p><span style=\"font-size: 18px;\"><em><strong>Mavic 2 pro v\u00e0 Mavic 2 zoom<\/strong><\/em>\u00a0\u0111\u1ec1u \u0111\u01b0\u1ee3c \u0111\u01b0a ra th\u1ecb tr\u01b0\u1eddng trong c\u00f9ng m\u1ed9t th\u1eddi \u0111i\u1ec3m v\u1edbi ph\u1ea7n l\u1edbn c\u00e1c \u0111i\u1ec3m n\u1ed5i b\u1eadt v\u1ec1 c\u1ee5m camera v\u00e0 gimbal c\u1ee7a ch\u00fang, v\u1edbi 2 options camera v\u00e0 s\u1ef1 n\u00e2ng c\u1ea5p m\u1ea1nh m\u1ebd v\u1ec1 c\u00e1c m\u1eaft th\u1ea7n c\u1ea3m bi\u1ebfn. \u0110i k\u00e8m v\u1edbi s\u1ef1 c\u1ea3i thi\u1ebfn v\u01b0\u1ee3t tr\u1ed9i c\u1ee7a\u00a0<em><strong>mavic 2 pro zoom<\/strong>\u00a0<\/em>so v\u1edbi mavic pro platium ch\u00ednh l\u00e0 m\u1ed9t kho\u1ea3n ti\u1ec1n ch\u00eanh l\u1ec7ch l\u00ean t\u1edbi c\u1ea3 10 tri\u1ec7u VND<\/span><\/p>\n<h2><span style=\"font-size: 18px; color: #0000ff;\"><em><strong><img loading=\"lazy\" decoding=\"async\" class=\"alignnone wp-image-12393\" src=\"https:\/\/phukienflytech.vn\/wp-content\/uploads\/2020\/05\/tui-deo-cheo-mavic-2-pro-zoom-chong-soc-2039-6-600x400.jpg\" alt=\"\" width=\"536\" height=\"357\" srcset=\"https:\/\/phukienflytech.vn\/wp-content\/uploads\/2020\/05\/tui-deo-cheo-mavic-2-pro-zoom-chong-soc-2039-6-600x400.jpg 600w, https:\/\/phukienflytech.vn\/wp-content\/uploads\/2020\/05\/tui-deo-cheo-mavic-2-pro-zoom-chong-soc-2039-6-768x512.jpg 768w, https:\/\/phukienflytech.vn\/wp-content\/uploads\/2020\/05\/tui-deo-cheo-mavic-2-pro-zoom-chong-soc-2039-6.jpg 900w\" sizes=\"auto, (max-width: 536px) 100vw, 536px\" \/><\/strong><\/em><\/span><\/h2>\n<p><span style=\"font-size: 18px;\">V\u1edbi m\u1ed9t b\u1ed9 thi\u1ebft b\u1ecb gi\u00e1 tr\u1ecb t\u01b0\u01a1ng \u0111\u01b0\u01a1ng v\u1edbi m\u1ed9t chi\u1ebfc xe m\u00e1y t\u1ea7m trung nh\u01b0 v\u1eady th\u00ec ch\u00fang ta c\u00e0ng c\u1ea7n ph\u1ea3i n\u00e2ng cao tr\u00e1ch nhi\u1ec7m b\u1ea3o v\u1ec7 ch\u00fang. Vi\u1ec7c b\u1ea1n \u0111\u00e3 s\u1edf h\u1eefu g\u00f3i\u00a0<em><strong>combo kit mavic 2<\/strong>\u00a0<\/em>(hay c\u00f2n g\u1ecdi combo mavic 2 kit), b\u1ea1n c\u00f3 m\u1ed9t chi\u1ebfc t\u00fai ch\u00ednh h\u00e3ng mavic 2 cao c\u1ea5p v\u00e0 g\u1ecdn nh\u1eb9.<\/span><\/p>\n<h2><span style=\"font-size: 18px; color: #0000ff;\"><em><strong><img loading=\"lazy\" decoding=\"async\" class=\"alignnone size-medium wp-image-12395\" src=\"https:\/\/phukienflytech.vn\/wp-content\/uploads\/2020\/05\/tui-deo-cheo-mavic-2-pro-zoom-chong-soc-2039-1-400x400.png\" alt=\"\" width=\"400\" height=\"400\" srcset=\"https:\/\/phukienflytech.vn\/wp-content\/uploads\/2020\/05\/tui-deo-cheo-mavic-2-pro-zoom-chong-soc-2039-1-400x400.png 400w, https:\/\/phukienflytech.vn\/wp-content\/uploads\/2020\/05\/tui-deo-cheo-mavic-2-pro-zoom-chong-soc-2039-1-280x280.png 280w, https:\/\/phukienflytech.vn\/wp-content\/uploads\/2020\/05\/tui-deo-cheo-mavic-2-pro-zoom-chong-soc-2039-1-768x768.png 768w, https:\/\/phukienflytech.vn\/wp-content\/uploads\/2020\/05\/tui-deo-cheo-mavic-2-pro-zoom-chong-soc-2039-1-800x800.png 800w, https:\/\/phukienflytech.vn\/wp-content\/uploads\/2020\/05\/tui-deo-cheo-mavic-2-pro-zoom-chong-soc-2039-1-300x300.png 300w, https:\/\/phukienflytech.vn\/wp-content\/uploads\/2020\/05\/tui-deo-cheo-mavic-2-pro-zoom-chong-soc-2039-1-600x600.png 600w, https:\/\/phukienflytech.vn\/wp-content\/uploads\/2020\/05\/tui-deo-cheo-mavic-2-pro-zoom-chong-soc-2039-1-100x100.png 100w, https:\/\/phukienflytech.vn\/wp-content\/uploads\/2020\/05\/tui-deo-cheo-mavic-2-pro-zoom-chong-soc-2039-1.png 900w\" sizes=\"auto, (max-width: 400px) 100vw, 400px\" \/><\/strong><\/em><\/span><\/h2>\n<p><span style=\"font-size: 18px;\">Tuy nhi\u00ean, s\u1ea3n ph\u1ea9m\u00a0<em><strong>t\u00fai mavic 2 pro zoom ch\u00ednh h\u00e3ng<\/strong><\/em>\u00a0n\u00e0y l\u1ea1i kh\u00f4ng c\u00f3 kh\u1ea3 n\u0103ng ch\u1ed1ng s\u1ed1c t\u1ed1t, do v\u1eady theo nh\u01b0 th\u1ef1c t\u1ebf th\u00ec c\u00f3 t\u1edbi tr\u00ean 90% ng\u01b0\u1eddi ch\u01a1i mavic series s\u1ebd kh\u00f4ng s\u1eed d\u1ee5ng t\u00fai ch\u00ednh h\u00e3ng dji m\u00e0 thay v\u00e0o \u0111\u00f3 s\u1ebd trang b\u1ecb cho m\u00ecnh m\u1ed9t chi\u1ebfc\u00a0<em><strong>balo c\u1ee9ng mavic 2 pro zoom<\/strong><\/em>, hay vali c\u1ee9ng ho\u1eb7c l\u00e0 c\u00e1c b\u1ed9 h\u1ed9p \u0111\u1ef1ng mavic c\u00f3 kh\u1ea3 n\u0103ng ch\u1ed1ng s\u1ed1c, v\u00e0 th\u1eadm ch\u00ed ch\u1ed1ng n\u01b0\u1edbc \u01b0u vi\u1ec7t h\u01a1n r\u1ea5t nhi\u1ec1u so v\u1edbi\u00a0<em><strong>T\u00fai Mavic 2 pro zoom<\/strong><\/em><\/span><\/p>\n<p>&nbsp;<\/p>\n<p><span style=\"font-size: 18px;\">&gt;&gt; Xem th\u00eam: <span style=\"color: #0000ff;\"><strong><a style=\"color: #0000ff;\" href=\"https:\/\/phukienflytech.vn\/en\/danh-muc\/mavic-2s-accessory.html\" target=\"_blank\" rel=\"noopener noreferrer\">Ph\u1ee5 ki\u1ec7n mavic 2<\/a><\/strong><\/span><\/span><\/p>\n<h2><span style=\"font-size: 18px; color: #0000ff;\"><em><strong><img loading=\"lazy\" decoding=\"async\" class=\"alignnone wp-image-12397\" src=\"https:\/\/phukienflytech.vn\/wp-content\/uploads\/2020\/05\/tui-deo-cheo-mavic-2-pro-zoom-chong-soc-2039-2-1-400x400.jpg\" alt=\"Mavic-2-shock-proof-bag-9\" width=\"458\" height=\"458\" srcset=\"https:\/\/phukienflytech.vn\/wp-content\/uploads\/2020\/05\/tui-deo-cheo-mavic-2-pro-zoom-chong-soc-2039-2-1-400x400.jpg 400w, https:\/\/phukienflytech.vn\/wp-content\/uploads\/2020\/05\/tui-deo-cheo-mavic-2-pro-zoom-chong-soc-2039-2-1-280x280.jpg 280w, https:\/\/phukienflytech.vn\/wp-content\/uploads\/2020\/05\/tui-deo-cheo-mavic-2-pro-zoom-chong-soc-2039-2-1-768x768.jpg 768w, https:\/\/phukienflytech.vn\/wp-content\/uploads\/2020\/05\/tui-deo-cheo-mavic-2-pro-zoom-chong-soc-2039-2-1-800x800.jpg 800w, https:\/\/phukienflytech.vn\/wp-content\/uploads\/2020\/05\/tui-deo-cheo-mavic-2-pro-zoom-chong-soc-2039-2-1-300x300.jpg 300w, https:\/\/phukienflytech.vn\/wp-content\/uploads\/2020\/05\/tui-deo-cheo-mavic-2-pro-zoom-chong-soc-2039-2-1-600x600.jpg 600w, https:\/\/phukienflytech.vn\/wp-content\/uploads\/2020\/05\/tui-deo-cheo-mavic-2-pro-zoom-chong-soc-2039-2-1-100x100.jpg 100w, https:\/\/phukienflytech.vn\/wp-content\/uploads\/2020\/05\/tui-deo-cheo-mavic-2-pro-zoom-chong-soc-2039-2-1.jpg 900w\" sizes=\"auto, (max-width: 458px) 100vw, 458px\" \/><\/strong><\/em><\/span><\/h2>\n<p><span style=\"font-size: 18px;\">V\u00e0 d\u01b0\u1edbi \u0111\u00e2y l\u00e0 m\u1ed9t trong s\u1ed1 \u0111\u00f3 :\u00a0<em><strong>T\u00fai \u0111eo ch\u00e9o Mavic 2 pro zoom<\/strong>\u00a0<\/em>ch\u1ed1ng s\u1ed1c c\u1ef1c t\u1ed1t<\/span><\/p>\n<p><span style=\"font-size: 18px;\">Th\u00f4ng tin v\u1ec1 s\u1ea3n ph\u1ea9m :<\/span><\/p>\n<ul>\n<li><span style=\"font-size: 18px;\">K\u00edch th\u01b0\u1edbc : 30cm x 20cm x12cm<\/span><\/li>\n<\/ul>\n<h2><span style=\"font-size: 18px; color: #0000ff;\"><em><strong><img loading=\"lazy\" decoding=\"async\" class=\"alignnone wp-image-12399\" src=\"https:\/\/phukienflytech.vn\/wp-content\/uploads\/2020\/05\/tui-deo-cheo-mavic-2-pro-zoom-chong-soc-2039-3-1-400x400.jpg\" alt=\"Mavic-2-shock-proof-bag\" width=\"465\" height=\"465\" srcset=\"https:\/\/phukienflytech.vn\/wp-content\/uploads\/2020\/05\/tui-deo-cheo-mavic-2-pro-zoom-chong-soc-2039-3-1-400x400.jpg 400w, https:\/\/phukienflytech.vn\/wp-content\/uploads\/2020\/05\/tui-deo-cheo-mavic-2-pro-zoom-chong-soc-2039-3-1-280x280.jpg 280w, https:\/\/phukienflytech.vn\/wp-content\/uploads\/2020\/05\/tui-deo-cheo-mavic-2-pro-zoom-chong-soc-2039-3-1-768x768.jpg 768w, https:\/\/phukienflytech.vn\/wp-content\/uploads\/2020\/05\/tui-deo-cheo-mavic-2-pro-zoom-chong-soc-2039-3-1-800x800.jpg 800w, https:\/\/phukienflytech.vn\/wp-content\/uploads\/2020\/05\/tui-deo-cheo-mavic-2-pro-zoom-chong-soc-2039-3-1-300x300.jpg 300w, https:\/\/phukienflytech.vn\/wp-content\/uploads\/2020\/05\/tui-deo-cheo-mavic-2-pro-zoom-chong-soc-2039-3-1-600x600.jpg 600w, https:\/\/phukienflytech.vn\/wp-content\/uploads\/2020\/05\/tui-deo-cheo-mavic-2-pro-zoom-chong-soc-2039-3-1-100x100.jpg 100w, https:\/\/phukienflytech.vn\/wp-content\/uploads\/2020\/05\/tui-deo-cheo-mavic-2-pro-zoom-chong-soc-2039-3-1.jpg 900w\" sizes=\"auto, (max-width: 465px) 100vw, 465px\" \/><\/strong><\/em><\/span><\/h2>\n<ul>\n<li><span style=\"font-size: 18px;\">Kh\u1ea3 n\u0103ng ch\u1ee9a \u0111\u1ef1ng c\u1ee7a T\u00fai Mavic 2 pro zoom<\/span><\/li>\n<\/ul>\n<h2><span style=\"font-size: 18px; color: #0000ff;\"><em><strong><img loading=\"lazy\" decoding=\"async\" class=\"alignnone wp-image-12401\" src=\"https:\/\/phukienflytech.vn\/wp-content\/uploads\/2020\/05\/tui-deo-cheo-mavic-2-pro-zoom-chong-soc-2039-4-1-400x400.jpg\" alt=\"Mavic-2-shock-proof-bag-3\" width=\"474\" height=\"474\" srcset=\"https:\/\/phukienflytech.vn\/wp-content\/uploads\/2020\/05\/tui-deo-cheo-mavic-2-pro-zoom-chong-soc-2039-4-1-400x400.jpg 400w, https:\/\/phukienflytech.vn\/wp-content\/uploads\/2020\/05\/tui-deo-cheo-mavic-2-pro-zoom-chong-soc-2039-4-1-280x280.jpg 280w, https:\/\/phukienflytech.vn\/wp-content\/uploads\/2020\/05\/tui-deo-cheo-mavic-2-pro-zoom-chong-soc-2039-4-1-768x768.jpg 768w, https:\/\/phukienflytech.vn\/wp-content\/uploads\/2020\/05\/tui-deo-cheo-mavic-2-pro-zoom-chong-soc-2039-4-1-800x800.jpg 800w, https:\/\/phukienflytech.vn\/wp-content\/uploads\/2020\/05\/tui-deo-cheo-mavic-2-pro-zoom-chong-soc-2039-4-1-300x300.jpg 300w, https:\/\/phukienflytech.vn\/wp-content\/uploads\/2020\/05\/tui-deo-cheo-mavic-2-pro-zoom-chong-soc-2039-4-1-600x600.jpg 600w, https:\/\/phukienflytech.vn\/wp-content\/uploads\/2020\/05\/tui-deo-cheo-mavic-2-pro-zoom-chong-soc-2039-4-1-100x100.jpg 100w, https:\/\/phukienflytech.vn\/wp-content\/uploads\/2020\/05\/tui-deo-cheo-mavic-2-pro-zoom-chong-soc-2039-4-1.jpg 900w\" sizes=\"auto, (max-width: 474px) 100vw, 474px\" \/><\/strong><\/em><\/span><\/h2>\n<p>&nbsp;<\/p>\n<h2><span style=\"font-size: 18px; color: #0000ff;\"><em><strong><img loading=\"lazy\" decoding=\"async\" class=\"alignnone wp-image-12405\" src=\"https:\/\/phukienflytech.vn\/wp-content\/uploads\/2020\/05\/tui-deo-cheo-mavic-2-pro-zoom-chong-soc-2039-5-1-600x400.jpg\" alt=\"Mavic-2-shock-proof-bag-7\" width=\"555\" height=\"370\" srcset=\"https:\/\/phukienflytech.vn\/wp-content\/uploads\/2020\/05\/tui-deo-cheo-mavic-2-pro-zoom-chong-soc-2039-5-1-600x400.jpg 600w, https:\/\/phukienflytech.vn\/wp-content\/uploads\/2020\/05\/tui-deo-cheo-mavic-2-pro-zoom-chong-soc-2039-5-1-768x512.jpg 768w, https:\/\/phukienflytech.vn\/wp-content\/uploads\/2020\/05\/tui-deo-cheo-mavic-2-pro-zoom-chong-soc-2039-5-1.jpg 900w\" sizes=\"auto, (max-width: 555px) 100vw, 555px\" \/><\/strong><\/em><\/span><\/h2>\n<p><span style=\"font-size: 18px;\">Li\u00ean h\u1ec7 ngay v\u1edbi ch\u00fang t\u00f4i qua Fanpage:<span style=\"color: #0000ff;\"> <strong><a style=\"color: #0000ff;\" href=\"https:\/\/facebook.com\/phukienflycam\" target=\"_blank\" rel=\"noopener noreferrer\">Ph\u1ee5 Ki\u1ec7n Flycam Gi\u00e1 T\u1ed1t<\/a><\/strong><\/span><\/span><\/p>\n","protected":false},"excerpt":{"rendered":"<p>Mavic 2 shock proof bag &nbsp; Mavic 2 shock proof bag Mavic 2 pro v\u00e0 Mavic 2 zoom\u00a0\u0111\u1ec1u \u0111\u01b0\u1ee3c \u0111\u01b0a ra th\u1ecb tr\u01b0\u1eddng trong c\u00f9ng m\u1ed9t th\u1eddi \u0111i\u1ec3m v\u1edbi ph\u1ea7n l\u1edbn c\u00e1c \u0111i\u1ec3m n\u1ed5i b\u1eadt v\u1ec1 c\u1ee5m camera v\u00e0 gimbal c\u1ee7a ch\u00fang, v\u1edbi 2 options camera v\u00e0 s\u1ef1 n\u00e2ng c\u1ea5p m\u1ea1nh m\u1ebd v\u1ec1 c\u00e1c m\u1eaft &#8230;<\/p>\n","protected":false},"featured_media":2041,"comment_status":"open","ping_status":"closed","template":"","meta":{"_acf_changed":false},"product_brand":[],"product_cat":[177],"product_tag":[206,209],"class_list":{"0":"post-17466","1":"product","2":"type-product","3":"status-publish","4":"has-post-thumbnail","6":"product_cat-mavic-2s-accessory","7":"product_tag-phu-kien-dji-en","8":"product_tag-phu-kien-mavic-2-en","10":"first","11":"instock","12":"shipping-taxable","13":"purchasable","14":"product-type-simple"},"acf":[],"yoast_head":"<!-- This site is optimized with the Yoast SEO plugin v25.7 - https:\/\/yoast.com\/wordpress\/plugins\/seo\/ -->\n<title>Mavic 2 shock proof bag - Mavic 2 accessory - Available - Original<\/title>\n<meta name=\"description\" content=\"Mavic 2 shock proof bag is one of the most important accessory. Contact us to buy Mavic 2 shock proof bag for best price, fast shipping\" \/>\n<meta name=\"robots\" content=\"index, follow, max-snippet:-1, max-image-preview:large, max-video-preview:-1\" \/>\n<link rel=\"canonical\" href=\"https:\/\/phukienflytech.vn\/en\/san-pham\/mavic-2-shock-proof-bag.html\" \/>\n<meta property=\"og:locale\" content=\"en_US\" \/>\n<meta property=\"og:type\" content=\"article\" \/>\n<meta property=\"og:title\" content=\"Mavic 2 shock proof bag - Mavic 2 accessory - Available - Original\" \/>\n<meta property=\"og:description\" content=\"Mavic 2 shock proof bag is one of the most important accessory. Contact us to buy Mavic 2 shock proof bag for best price, fast shipping\" \/>\n<meta property=\"og:url\" content=\"https:\/\/phukienflytech.vn\/en\/san-pham\/mavic-2-shock-proof-bag.html\" \/>\n<meta property=\"og:site_name\" content=\"Shop M\u00e1y \u1ea3nh - Action Camera - Gimbal - Flycam - Ph\u1ee5 ki\u1ec7n\" \/>\n<meta property=\"article:publisher\" content=\"https:\/\/facebook.com\/phukienflycam\" \/>\n<meta property=\"article:modified_time\" content=\"2020-10-12T03:00:36+00:00\" \/>\n<meta property=\"og:image\" content=\"https:\/\/phukienflytech.vn\/wp-content\/uploads\/2020\/05\/t\u00fai-\u0111eo-mavic-2-pro-zoom-Copy-2.png\" \/>\n\t<meta property=\"og:image:width\" content=\"300\" \/>\n\t<meta property=\"og:image:height\" content=\"300\" \/>\n\t<meta property=\"og:image:type\" content=\"image\/png\" \/>\n<meta name=\"twitter:card\" content=\"summary_large_image\" \/>\n<meta name=\"twitter:label1\" content=\"Est. reading time\" \/>\n\t<meta name=\"twitter:data1\" content=\"2 minutes\" \/>\n<script type=\"application\/ld+json\" class=\"yoast-schema-graph\">{\"@context\":\"https:\/\/schema.org\",\"@graph\":[{\"@type\":\"WebPage\",\"@id\":\"https:\/\/phukienflytech.vn\/en\/san-pham\/mavic-2-shock-proof-bag.html\",\"url\":\"https:\/\/phukienflytech.vn\/en\/san-pham\/mavic-2-shock-proof-bag.html\",\"name\":\"Mavic 2 shock proof bag - Mavic 2 accessory - Available - Original\",\"isPartOf\":{\"@id\":\"https:\/\/phukienflytech.vn\/#website\"},\"primaryImageOfPage\":{\"@id\":\"https:\/\/phukienflytech.vn\/en\/san-pham\/mavic-2-shock-proof-bag.html#primaryimage\"},\"image\":{\"@id\":\"https:\/\/phukienflytech.vn\/en\/san-pham\/mavic-2-shock-proof-bag.html#primaryimage\"},\"thumbnailUrl\":\"https:\/\/phukienflytech.vn\/wp-content\/uploads\/2020\/05\/t\u00fai-\u0111eo-mavic-2-pro-zoom-Copy-2.png\",\"datePublished\":\"2020-06-17T14:39:09+00:00\",\"dateModified\":\"2020-10-12T03:00:36+00:00\",\"description\":\"Mavic 2 shock proof bag is one of the most important accessory. Contact us to buy Mavic 2 shock proof bag for best price, fast shipping\",\"breadcrumb\":{\"@id\":\"https:\/\/phukienflytech.vn\/en\/san-pham\/mavic-2-shock-proof-bag.html#breadcrumb\"},\"inLanguage\":\"en-US\",\"potentialAction\":[{\"@type\":\"ReadAction\",\"target\":[\"https:\/\/phukienflytech.vn\/en\/san-pham\/mavic-2-shock-proof-bag.html\"]}]},{\"@type\":\"ImageObject\",\"inLanguage\":\"en-US\",\"@id\":\"https:\/\/phukienflytech.vn\/en\/san-pham\/mavic-2-shock-proof-bag.html#primaryimage\",\"url\":\"https:\/\/phukienflytech.vn\/wp-content\/uploads\/2020\/05\/t\u00fai-\u0111eo-mavic-2-pro-zoom-Copy-2.png\",\"contentUrl\":\"https:\/\/phukienflytech.vn\/wp-content\/uploads\/2020\/05\/t\u00fai-\u0111eo-mavic-2-pro-zoom-Copy-2.png\",\"width\":300,\"height\":300},{\"@type\":\"BreadcrumbList\",\"@id\":\"https:\/\/phukienflytech.vn\/en\/san-pham\/mavic-2-shock-proof-bag.html#breadcrumb\",\"itemListElement\":[{\"@type\":\"ListItem\",\"position\":1,\"name\":\"Home\",\"item\":\"https:\/\/phukienflytech.vn\/en\"},{\"@type\":\"ListItem\",\"position\":2,\"name\":\"Ph\u1ee5 ki\u1ec7n Mavic Pro\",\"item\":\"https:\/\/phukienflytech.vn\/en\/phu-kien-mavic-pro.html\"},{\"@type\":\"ListItem\",\"position\":3,\"name\":\"Ph\u1ee5 ki\u1ec7n DJI - Osmo\",\"item\":\"https:\/\/phukienflytech.vn\/danh-muc\/phu-kien-dji-osmo.html\"},{\"@type\":\"ListItem\",\"position\":4,\"name\":\"Ph\u1ee5 ki\u1ec7n DJI Mavic 2\",\"item\":\"https:\/\/phukienflytech.vn\/danh-muc\/phu-kien-mavic-2.html\"},{\"@type\":\"ListItem\",\"position\":5,\"name\":\"Mavic 2 shock proof shoulder bag\"}]},{\"@type\":\"WebSite\",\"@id\":\"https:\/\/phukienflytech.vn\/#website\",\"url\":\"https:\/\/phukienflytech.vn\/\",\"name\":\"Shop M\u00e1y \u1ea3nh - Action Camera - Gimbal - Flycam - Ph\u1ee5 ki\u1ec7n\",\"description\":\"Shop M\u00e1y \u1ea3nh - Action Camera - Gimbal - Flycam - Ph\u1ee5 ki\u1ec7n\",\"publisher\":{\"@id\":\"https:\/\/phukienflytech.vn\/#organization\"},\"potentialAction\":[{\"@type\":\"SearchAction\",\"target\":{\"@type\":\"EntryPoint\",\"urlTemplate\":\"https:\/\/phukienflytech.vn\/?s={search_term_string}\"},\"query-input\":{\"@type\":\"PropertyValueSpecification\",\"valueRequired\":true,\"valueName\":\"search_term_string\"}}],\"inLanguage\":\"en-US\"},{\"@type\":\"Organization\",\"@id\":\"https:\/\/phukienflytech.vn\/#organization\",\"name\":\"DJI Store - Shop Drone, Action camera, Gimbal DJI |Phukienflytech\",\"alternateName\":\"DJI Store - Shop Drone, Action camera, Gimbal DJI |Phukienflytech\",\"url\":\"https:\/\/phukienflytech.vn\/\",\"logo\":{\"@type\":\"ImageObject\",\"inLanguage\":\"en-US\",\"@id\":\"https:\/\/phukienflytech.vn\/#\/schema\/logo\/image\/\",\"url\":\"https:\/\/phukienflytech.vn\/wp-content\/uploads\/2020\/05\/hAnh_nan.jpg1_.jpg\",\"contentUrl\":\"https:\/\/phukienflytech.vn\/wp-content\/uploads\/2020\/05\/hAnh_nan.jpg1_.jpg\",\"width\":800,\"height\":450,\"caption\":\"DJI Store - Shop Drone, Action camera, Gimbal DJI |Phukienflytech\"},\"image\":{\"@id\":\"https:\/\/phukienflytech.vn\/#\/schema\/logo\/image\/\"},\"sameAs\":[\"https:\/\/facebook.com\/phukienflycam\",\"https:\/\/www.youtube.com\/@phukienflytech\",\"https:\/\/www.tiktok.com\/@flytech.channel?fbclid=IwY2xjawGjg7BleHRuA2FlbQIxMAABHYVGmlXpuSMs0UB2zTpYvyT4GMVfN2qJa4urF4vkSQ6FAVBwXZtDP30qQA_aem_UwMiDcUvlEbd2tXAmsc8Og\"]}]}<\/script>\n<!-- \/ Yoast SEO plugin. -->","yoast_head_json":{"title":"Mavic 2 shock proof bag - Mavic 2 accessory - Available - Original","description":"Mavic 2 shock proof bag is one of the most important accessory. Contact us to buy Mavic 2 shock proof bag for best price, fast shipping","robots":{"index":"index","follow":"follow","max-snippet":"max-snippet:-1","max-image-preview":"max-image-preview:large","max-video-preview":"max-video-preview:-1"},"canonical":"https:\/\/phukienflytech.vn\/en\/san-pham\/mavic-2-shock-proof-bag.html","og_locale":"en_US","og_type":"article","og_title":"Mavic 2 shock proof bag - Mavic 2 accessory - Available - Original","og_description":"Mavic 2 shock proof bag is one of the most important accessory. Contact us to buy Mavic 2 shock proof bag for best price, fast shipping","og_url":"https:\/\/phukienflytech.vn\/en\/san-pham\/mavic-2-shock-proof-bag.html","og_site_name":"Shop M\u00e1y \u1ea3nh - Action Camera - Gimbal - Flycam - Ph\u1ee5 ki\u1ec7n","article_publisher":"https:\/\/facebook.com\/phukienflycam","article_modified_time":"2020-10-12T03:00:36+00:00","og_image":[{"width":300,"height":300,"url":"https:\/\/phukienflytech.vn\/wp-content\/uploads\/2020\/05\/t\u00fai-\u0111eo-mavic-2-pro-zoom-Copy-2.png","type":"image\/png"}],"twitter_card":"summary_large_image","twitter_misc":{"Est. reading time":"2 minutes"},"schema":{"@context":"https:\/\/schema.org","@graph":[{"@type":"WebPage","@id":"https:\/\/phukienflytech.vn\/en\/san-pham\/mavic-2-shock-proof-bag.html","url":"https:\/\/phukienflytech.vn\/en\/san-pham\/mavic-2-shock-proof-bag.html","name":"Mavic 2 shock proof bag - Mavic 2 accessory - Available - Original","isPartOf":{"@id":"https:\/\/phukienflytech.vn\/#website"},"primaryImageOfPage":{"@id":"https:\/\/phukienflytech.vn\/en\/san-pham\/mavic-2-shock-proof-bag.html#primaryimage"},"image":{"@id":"https:\/\/phukienflytech.vn\/en\/san-pham\/mavic-2-shock-proof-bag.html#primaryimage"},"thumbnailUrl":"https:\/\/phukienflytech.vn\/wp-content\/uploads\/2020\/05\/t\u00fai-\u0111eo-mavic-2-pro-zoom-Copy-2.png","datePublished":"2020-06-17T14:39:09+00:00","dateModified":"2020-10-12T03:00:36+00:00","description":"Mavic 2 shock proof bag is one of the most important accessory. Contact us to buy Mavic 2 shock proof bag for best price, fast shipping","breadcrumb":{"@id":"https:\/\/phukienflytech.vn\/en\/san-pham\/mavic-2-shock-proof-bag.html#breadcrumb"},"inLanguage":"en-US","potentialAction":[{"@type":"ReadAction","target":["https:\/\/phukienflytech.vn\/en\/san-pham\/mavic-2-shock-proof-bag.html"]}]},{"@type":"ImageObject","inLanguage":"en-US","@id":"https:\/\/phukienflytech.vn\/en\/san-pham\/mavic-2-shock-proof-bag.html#primaryimage","url":"https:\/\/phukienflytech.vn\/wp-content\/uploads\/2020\/05\/t\u00fai-\u0111eo-mavic-2-pro-zoom-Copy-2.png","contentUrl":"https:\/\/phukienflytech.vn\/wp-content\/uploads\/2020\/05\/t\u00fai-\u0111eo-mavic-2-pro-zoom-Copy-2.png","width":300,"height":300},{"@type":"BreadcrumbList","@id":"https:\/\/phukienflytech.vn\/en\/san-pham\/mavic-2-shock-proof-bag.html#breadcrumb","itemListElement":[{"@type":"ListItem","position":1,"name":"Home","item":"https:\/\/phukienflytech.vn\/en"},{"@type":"ListItem","position":2,"name":"Ph\u1ee5 ki\u1ec7n Mavic Pro","item":"https:\/\/phukienflytech.vn\/en\/phu-kien-mavic-pro.html"},{"@type":"ListItem","position":3,"name":"Ph\u1ee5 ki\u1ec7n DJI - Osmo","item":"https:\/\/phukienflytech.vn\/danh-muc\/phu-kien-dji-osmo.html"},{"@type":"ListItem","position":4,"name":"Ph\u1ee5 ki\u1ec7n DJI Mavic 2","item":"https:\/\/phukienflytech.vn\/danh-muc\/phu-kien-mavic-2.html"},{"@type":"ListItem","position":5,"name":"Mavic 2 shock proof shoulder bag"}]},{"@type":"WebSite","@id":"https:\/\/phukienflytech.vn\/#website","url":"https:\/\/phukienflytech.vn\/","name":"Shop M\u00e1y \u1ea3nh - Action Camera - Gimbal - Flycam - Ph\u1ee5 ki\u1ec7n","description":"Shop M\u00e1y \u1ea3nh - Action Camera - Gimbal - Flycam - Ph\u1ee5 ki\u1ec7n","publisher":{"@id":"https:\/\/phukienflytech.vn\/#organization"},"potentialAction":[{"@type":"SearchAction","target":{"@type":"EntryPoint","urlTemplate":"https:\/\/phukienflytech.vn\/?s={search_term_string}"},"query-input":{"@type":"PropertyValueSpecification","valueRequired":true,"valueName":"search_term_string"}}],"inLanguage":"en-US"},{"@type":"Organization","@id":"https:\/\/phukienflytech.vn\/#organization","name":"DJI Store - Shop Drone, Action camera, Gimbal DJI |Phukienflytech","alternateName":"DJI Store - Shop Drone, Action camera, Gimbal DJI |Phukienflytech","url":"https:\/\/phukienflytech.vn\/","logo":{"@type":"ImageObject","inLanguage":"en-US","@id":"https:\/\/phukienflytech.vn\/#\/schema\/logo\/image\/","url":"https:\/\/phukienflytech.vn\/wp-content\/uploads\/2020\/05\/hAnh_nan.jpg1_.jpg","contentUrl":"https:\/\/phukienflytech.vn\/wp-content\/uploads\/2020\/05\/hAnh_nan.jpg1_.jpg","width":800,"height":450,"caption":"DJI Store - Shop Drone, Action camera, Gimbal DJI |Phukienflytech"},"image":{"@id":"https:\/\/phukienflytech.vn\/#\/schema\/logo\/image\/"},"sameAs":["https:\/\/facebook.com\/phukienflycam","https:\/\/www.youtube.com\/@phukienflytech","https:\/\/www.tiktok.com\/@flytech.channel?fbclid=IwY2xjawGjg7BleHRuA2FlbQIxMAABHYVGmlXpuSMs0UB2zTpYvyT4GMVfN2qJa4urF4vkSQ6FAVBwXZtDP30qQA_aem_UwMiDcUvlEbd2tXAmsc8Og"]}]}},"_links":{"self":[{"href":"https:\/\/phukienflytech.vn\/en\/wp-json\/wp\/v2\/product\/17466","targetHints":{"allow":["GET"]}}],"collection":[{"href":"https:\/\/phukienflytech.vn\/en\/wp-json\/wp\/v2\/product"}],"about":[{"href":"https:\/\/phukienflytech.vn\/en\/wp-json\/wp\/v2\/types\/product"}],"replies":[{"embeddable":true,"href":"https:\/\/phukienflytech.vn\/en\/wp-json\/wp\/v2\/comments?post=17466"}],"wp:featuredmedia":[{"embeddable":true,"href":"https:\/\/phukienflytech.vn\/en\/wp-json\/wp\/v2\/media\/2041"}],"wp:attachment":[{"href":"https:\/\/phukienflytech.vn\/en\/wp-json\/wp\/v2\/media?parent=17466"}],"wp:term":[{"taxonomy":"product_brand","embeddable":true,"href":"https:\/\/phukienflytech.vn\/en\/wp-json\/wp\/v2\/product_brand?post=17466"},{"taxonomy":"product_cat","embeddable":true,"href":"https:\/\/phukienflytech.vn\/en\/wp-json\/wp\/v2\/product_cat?post=17466"},{"taxonomy":"product_tag","embeddable":true,"href":"https:\/\/phukienflytech.vn\/en\/wp-json\/wp\/v2\/product_tag?post=17466"}],"curies":[{"name":"wp","href":"https:\/\/api.w.org\/{rel}","templated":true}]}}