{"id":1757,"date":"2020-06-18T22:29:36","date_gmt":"2020-06-18T15:29:36","guid":{"rendered":"http:\/\/27430.lamdx.vinawebsite.vn\/san-pham\/day-deo-co-mavic-2-pro-zoom-pgytech.html"},"modified":"2020-10-12T08:49:33","modified_gmt":"2020-10-12T01:49:33","slug":"mavic-2-neck-strap","status":"publish","type":"product","link":"https:\/\/phukienflytech.vn\/en\/san-pham\/mavic-2-neck-strap.html","title":{"rendered":"Mavic 2 neck strap &#8211; PGYtech"},"content":{"rendered":"<h2><\/h2>\n<h2><span style=\"color: #0000ff;\"><em><strong>Mavic 2 neck strap<\/strong><\/em><\/span><\/h2>\n<p>&nbsp;<\/p>\n<p><span style=\"font-size: 18px;\">Mavic 2 neck strap<\/span><\/p>\n<p><span style=\"font-size: 18px;\">S\u1ef1 ra \u0111\u1eddi c\u1ee7a Mavic 2 pro v\u00e0 Mavic 2 zoom g\u1ea7n \u0111\u00e2y \u0111\u00e3 t\u1ea1o ra m\u1ed9t l\u00e0n s\u00f3ng m\u1ea1nh m\u1ebd trong l\u0129nh v\u1ef1c flycam tr\u00ean to\u00e0n th\u1ebf gi\u1edbi. V\u1edbi thi\u1ebft k\u1ebf c\u00f3 ph\u1ea7n s\u1eafc b\u00e9n h\u01a1n, chi ti\u1ebft v\u00e0 \u0111\u1ea7y m\u1ea1nh m\u1ebd h\u01a1n. Mavic 2 series \u0111ang \u0111\u01b0\u1ee3c \u0111\u00e1nh gi\u00e1 l\u00e0 series Flycam H\u00e3ng DJI c\u00f3 doanh s\u1ed1 m\u1ea1nh nh\u1ea5t t\u1eeb tr\u01b0\u1edbc t\u1edbi nay tr\u00ean m\u1ecdi th\u1ecb tr\u01b0\u1eddng.<\/span><\/p>\n<h2><span style=\"font-size: 18px;\"><strong><span style=\"color: #0000ff;\"><img loading=\"lazy\" decoding=\"async\" class=\"alignnone size-medium wp-image-12633\" src=\"https:\/\/phukienflytech.vn\/wp-content\/uploads\/2020\/05\/day-deo-co-mavic-2-pro-zoom-pgytech-1748-3-400x400.jpg\" alt=\"\" width=\"400\" height=\"400\" srcset=\"https:\/\/phukienflytech.vn\/wp-content\/uploads\/2020\/05\/day-deo-co-mavic-2-pro-zoom-pgytech-1748-3-400x400.jpg 400w, https:\/\/phukienflytech.vn\/wp-content\/uploads\/2020\/05\/day-deo-co-mavic-2-pro-zoom-pgytech-1748-3-280x280.jpg 280w, https:\/\/phukienflytech.vn\/wp-content\/uploads\/2020\/05\/day-deo-co-mavic-2-pro-zoom-pgytech-1748-3-300x300.jpg 300w, https:\/\/phukienflytech.vn\/wp-content\/uploads\/2020\/05\/day-deo-co-mavic-2-pro-zoom-pgytech-1748-3-600x600.jpg 600w, https:\/\/phukienflytech.vn\/wp-content\/uploads\/2020\/05\/day-deo-co-mavic-2-pro-zoom-pgytech-1748-3-100x100.jpg 100w, https:\/\/phukienflytech.vn\/wp-content\/uploads\/2020\/05\/day-deo-co-mavic-2-pro-zoom-pgytech-1748-3.jpg 640w\" sizes=\"auto, (max-width: 400px) 100vw, 400px\" \/><\/span><\/strong><\/span><\/h2>\n<p><span style=\"font-size: 18px;\">\u0110\u1ed3ng h\u00e0nh c\u00f9ng v\u1edbi DJI lu\u00f4n c\u00f3 c\u00e1c vendor cung c\u1ea5p ph\u1ee5 ki\u1ec7n v\u00e0 linh ki\u1ec7n cho flycam DJI nh\u01b0 Sunnylife, PGYtech, ARGtek&#8230; <\/span><\/p>\n<p><span style=\"font-size: 18px;\">C\u0169ng kh\u00f4ng n\u1eb1m ngo\u00e0i xu th\u1ebf ph\u00e1t tri\u1ec3n c\u1ee7a DJI, PGYtech \u0111\u00e3 v\u00e0 \u0111ang \u0111\u01b0a ra nh\u1eefng m\u1eabu thi\u1ebft k\u1ebf m\u1edbi v\u1ec1 ph\u1ee5 ki\u1ec7n cho Mavic 2 \u0111\u1ea7y tinh t\u1ebf v\u00e0 gi\u00fap t\u00f4n l\u00ean s\u1ef1 chuy\u00ean nghi\u1ec7p \u0111\u1ebfn l\u1ea1 th\u01b0\u1eddng. C\u00f9ng t\u00ecm hi\u1ec3u v\u1ec3 D\u00e2y \u0111eo c\u1ed5 Mavic 2 pro zoom &#8211; PGYtech<\/span><\/p>\n<h2><span style=\"font-size: 18px;\"><strong><span style=\"color: #0000ff;\"><img loading=\"lazy\" decoding=\"async\" class=\"alignnone wp-image-12635 size-medium\" src=\"https:\/\/phukienflytech.vn\/wp-content\/uploads\/2020\/05\/day-deo-co-mavic-2-pro-zoom-pgytech-1748-1-1-400x400.jpg\" alt=\"Mavic-2-neck-strap\" width=\"400\" height=\"400\" srcset=\"https:\/\/phukienflytech.vn\/wp-content\/uploads\/2020\/05\/day-deo-co-mavic-2-pro-zoom-pgytech-1748-1-1-400x400.jpg 400w, https:\/\/phukienflytech.vn\/wp-content\/uploads\/2020\/05\/day-deo-co-mavic-2-pro-zoom-pgytech-1748-1-1-280x280.jpg 280w, https:\/\/phukienflytech.vn\/wp-content\/uploads\/2020\/05\/day-deo-co-mavic-2-pro-zoom-pgytech-1748-1-1-300x300.jpg 300w, https:\/\/phukienflytech.vn\/wp-content\/uploads\/2020\/05\/day-deo-co-mavic-2-pro-zoom-pgytech-1748-1-1-100x100.jpg 100w, https:\/\/phukienflytech.vn\/wp-content\/uploads\/2020\/05\/day-deo-co-mavic-2-pro-zoom-pgytech-1748-1-1.jpg 420w\" sizes=\"auto, (max-width: 400px) 100vw, 400px\" \/><\/span><\/strong><\/span><\/h2>\n<p><span style=\"font-size: 18px;\">Nh\u00e2n v\u1eadt \u0111\u00f3 \u1edf \u0111\u00e2y ch\u00ednh l\u00e0 b\u1ed9 d\u00e2y \u0111eo co r\u00fat ch\u1ea5t s\u1ee3i d\u00f9 PGYtech.<\/span><\/p>\n<p><span style=\"font-size: 18px;\">Nh\u00e0 s\u1ea3n xu\u1ea5t : PGYtech<\/span><\/p>\n<p><span style=\"font-size: 18px;\">Ph\u00f9 h\u1ee3p : Mavic pro series, Mavic 2 series<\/span><\/p>\n<h2><span style=\"font-size: 18px;\"><strong><span style=\"color: #0000ff;\"><img loading=\"lazy\" decoding=\"async\" class=\"alignnone size-medium wp-image-12637\" src=\"https:\/\/phukienflytech.vn\/wp-content\/uploads\/2020\/05\/day-deo-co-mavic-2-pro-zoom-pgytech-1748-2-1-400x400.jpg\" alt=\"\" width=\"400\" height=\"400\" srcset=\"https:\/\/phukienflytech.vn\/wp-content\/uploads\/2020\/05\/day-deo-co-mavic-2-pro-zoom-pgytech-1748-2-1-400x400.jpg 400w, https:\/\/phukienflytech.vn\/wp-content\/uploads\/2020\/05\/day-deo-co-mavic-2-pro-zoom-pgytech-1748-2-1-280x280.jpg 280w, https:\/\/phukienflytech.vn\/wp-content\/uploads\/2020\/05\/day-deo-co-mavic-2-pro-zoom-pgytech-1748-2-1-768x768.jpg 768w, https:\/\/phukienflytech.vn\/wp-content\/uploads\/2020\/05\/day-deo-co-mavic-2-pro-zoom-pgytech-1748-2-1-800x800.jpg 800w, https:\/\/phukienflytech.vn\/wp-content\/uploads\/2020\/05\/day-deo-co-mavic-2-pro-zoom-pgytech-1748-2-1-300x300.jpg 300w, https:\/\/phukienflytech.vn\/wp-content\/uploads\/2020\/05\/day-deo-co-mavic-2-pro-zoom-pgytech-1748-2-1-600x600.jpg 600w, https:\/\/phukienflytech.vn\/wp-content\/uploads\/2020\/05\/day-deo-co-mavic-2-pro-zoom-pgytech-1748-2-1-100x100.jpg 100w, https:\/\/phukienflytech.vn\/wp-content\/uploads\/2020\/05\/day-deo-co-mavic-2-pro-zoom-pgytech-1748-2-1.jpg 1000w\" sizes=\"auto, (max-width: 400px) 100vw, 400px\" \/><\/span><\/strong><\/span><\/h2>\n<p><span style=\"font-size: 18px;\">\u0110\u01b0\u1ee3c b\u00e1n b\u1edfi : <strong><a href=\"https:\/\/facebook.com\/phukienflycam\" target=\"_blank\" rel=\"noopener noreferrer\">Ph\u1ee5 Ki\u1ec7n Flytech<\/a><\/strong><\/span><\/p>\n<p><span style=\"font-size: 18px;\">Xem th\u00eam &gt;&gt;&gt;&gt; <span style=\"font-size: 20px;\"><strong><a href=\"https:\/\/phukienflytech.vn\/danh-muc\/phu-kien-mavic-2.html\" target=\"_blank\" rel=\"noopener noreferrer\">Ph\u1ee5 ki\u1ec7n mavic 2<\/a><\/strong><\/span><\/span><\/p>\n","protected":false},"excerpt":{"rendered":"<p>Mavic 2 neck strap &nbsp; Mavic 2 neck strap S\u1ef1 ra \u0111\u1eddi c\u1ee7a Mavic 2 pro v\u00e0 Mavic 2 zoom g\u1ea7n \u0111\u00e2y \u0111\u00e3 t\u1ea1o ra m\u1ed9t l\u00e0n s\u00f3ng m\u1ea1nh m\u1ebd trong l\u0129nh v\u1ef1c flycam tr\u00ean to\u00e0n th\u1ebf gi\u1edbi. V\u1edbi thi\u1ebft k\u1ebf c\u00f3 ph\u1ea7n s\u1eafc b\u00e9n h\u01a1n, chi ti\u1ebft v\u00e0 \u0111\u1ea7y m\u1ea1nh m\u1ebd h\u01a1n. Mavic 2 &#8230;<\/p>\n","protected":false},"featured_media":1750,"comment_status":"open","ping_status":"closed","template":"","meta":{"_acf_changed":false},"product_brand":[],"product_cat":[177],"product_tag":[206,209],"class_list":{"0":"post-1757","1":"product","2":"type-product","3":"status-publish","4":"has-post-thumbnail","6":"product_cat-mavic-2s-accessory","7":"product_tag-phu-kien-dji-en","8":"product_tag-phu-kien-mavic-2-en","10":"first","11":"instock","12":"shipping-taxable","13":"purchasable","14":"product-type-simple"},"acf":[],"yoast_head":"<!-- This site is optimized with the Yoast SEO plugin v25.7 - https:\/\/yoast.com\/wordpress\/plugins\/seo\/ -->\n<title>Mavic 2 neck strap - Mavic 2 accessory - Available - Original PGYtech<\/title>\n<meta name=\"description\" content=\"Mavic 2 neck strap is one of the most important accessory. Contact us to buy Mavic 2 neck strap for best price, fast shipping in Vietnam.\" \/>\n<meta name=\"robots\" content=\"index, follow, max-snippet:-1, max-image-preview:large, max-video-preview:-1\" \/>\n<link rel=\"canonical\" href=\"https:\/\/phukienflytech.vn\/en\/san-pham\/mavic-2-neck-strap.html\" \/>\n<meta property=\"og:locale\" content=\"en_US\" \/>\n<meta property=\"og:type\" content=\"article\" \/>\n<meta property=\"og:title\" content=\"Mavic 2 neck strap - Mavic 2 accessory - Available - Original PGYtech\" \/>\n<meta property=\"og:description\" content=\"Mavic 2 neck strap is one of the most important accessory. Contact us to buy Mavic 2 neck strap for best price, fast shipping in Vietnam.\" \/>\n<meta property=\"og:url\" content=\"https:\/\/phukienflytech.vn\/en\/san-pham\/mavic-2-neck-strap.html\" \/>\n<meta property=\"og:site_name\" content=\"Shop M\u00e1y \u1ea3nh - Action Camera - Gimbal - Flycam - Ph\u1ee5 ki\u1ec7n\" \/>\n<meta property=\"article:publisher\" content=\"https:\/\/facebook.com\/phukienflycam\" \/>\n<meta property=\"article:modified_time\" content=\"2020-10-12T01:49:33+00:00\" \/>\n<meta property=\"og:image\" content=\"https:\/\/phukienflytech.vn\/wp-content\/uploads\/2020\/05\/day-deo-dji-mavic-2-pgytech-phu-kien-flycam-dji-Copy.png\" \/>\n\t<meta property=\"og:image:width\" content=\"300\" \/>\n\t<meta property=\"og:image:height\" content=\"300\" \/>\n\t<meta property=\"og:image:type\" content=\"image\/png\" \/>\n<meta name=\"twitter:card\" content=\"summary_large_image\" \/>\n<meta name=\"twitter:label1\" content=\"Est. reading time\" \/>\n\t<meta name=\"twitter:data1\" content=\"1 minute\" \/>\n<script type=\"application\/ld+json\" class=\"yoast-schema-graph\">{\"@context\":\"https:\/\/schema.org\",\"@graph\":[{\"@type\":\"WebPage\",\"@id\":\"https:\/\/phukienflytech.vn\/en\/san-pham\/mavic-2-neck-strap.html\",\"url\":\"https:\/\/phukienflytech.vn\/en\/san-pham\/mavic-2-neck-strap.html\",\"name\":\"Mavic 2 neck strap - Mavic 2 accessory - Available - Original PGYtech\",\"isPartOf\":{\"@id\":\"https:\/\/phukienflytech.vn\/#website\"},\"primaryImageOfPage\":{\"@id\":\"https:\/\/phukienflytech.vn\/en\/san-pham\/mavic-2-neck-strap.html#primaryimage\"},\"image\":{\"@id\":\"https:\/\/phukienflytech.vn\/en\/san-pham\/mavic-2-neck-strap.html#primaryimage\"},\"thumbnailUrl\":\"https:\/\/phukienflytech.vn\/wp-content\/uploads\/2020\/05\/day-deo-dji-mavic-2-pgytech-phu-kien-flycam-dji-Copy.png\",\"datePublished\":\"2020-06-18T15:29:36+00:00\",\"dateModified\":\"2020-10-12T01:49:33+00:00\",\"description\":\"Mavic 2 neck strap is one of the most important accessory. Contact us to buy Mavic 2 neck strap for best price, fast shipping in Vietnam.\",\"breadcrumb\":{\"@id\":\"https:\/\/phukienflytech.vn\/en\/san-pham\/mavic-2-neck-strap.html#breadcrumb\"},\"inLanguage\":\"en-US\",\"potentialAction\":[{\"@type\":\"ReadAction\",\"target\":[\"https:\/\/phukienflytech.vn\/en\/san-pham\/mavic-2-neck-strap.html\"]}]},{\"@type\":\"ImageObject\",\"inLanguage\":\"en-US\",\"@id\":\"https:\/\/phukienflytech.vn\/en\/san-pham\/mavic-2-neck-strap.html#primaryimage\",\"url\":\"https:\/\/phukienflytech.vn\/wp-content\/uploads\/2020\/05\/day-deo-dji-mavic-2-pgytech-phu-kien-flycam-dji-Copy.png\",\"contentUrl\":\"https:\/\/phukienflytech.vn\/wp-content\/uploads\/2020\/05\/day-deo-dji-mavic-2-pgytech-phu-kien-flycam-dji-Copy.png\",\"width\":300,\"height\":300},{\"@type\":\"BreadcrumbList\",\"@id\":\"https:\/\/phukienflytech.vn\/en\/san-pham\/mavic-2-neck-strap.html#breadcrumb\",\"itemListElement\":[{\"@type\":\"ListItem\",\"position\":1,\"name\":\"Home\",\"item\":\"https:\/\/phukienflytech.vn\/en\"},{\"@type\":\"ListItem\",\"position\":2,\"name\":\"Ph\u1ee5 ki\u1ec7n Mavic Pro\",\"item\":\"https:\/\/phukienflytech.vn\/en\/phu-kien-mavic-pro.html\"},{\"@type\":\"ListItem\",\"position\":3,\"name\":\"DJI Osmo &amp; Drone's accessories\",\"item\":\"https:\/\/phukienflytech.vn\/en\/danh-muc\/dji-osmo-drones-accessories.html\"},{\"@type\":\"ListItem\",\"position\":4,\"name\":\"Ph\u1ee5 ki\u1ec7n DJI Mavic 2\",\"item\":\"https:\/\/phukienflytech.vn\/en\/danh-muc\/mavic-2s-accessory.html\"},{\"@type\":\"ListItem\",\"position\":5,\"name\":\"Mavic 2 neck strap &#8211; PGYtech\"}]},{\"@type\":\"WebSite\",\"@id\":\"https:\/\/phukienflytech.vn\/#website\",\"url\":\"https:\/\/phukienflytech.vn\/\",\"name\":\"Shop M\u00e1y \u1ea3nh - Action Camera - Gimbal - Flycam - Ph\u1ee5 ki\u1ec7n\",\"description\":\"Shop M\u00e1y \u1ea3nh - Action Camera - Gimbal - Flycam - Ph\u1ee5 ki\u1ec7n\",\"publisher\":{\"@id\":\"https:\/\/phukienflytech.vn\/#organization\"},\"potentialAction\":[{\"@type\":\"SearchAction\",\"target\":{\"@type\":\"EntryPoint\",\"urlTemplate\":\"https:\/\/phukienflytech.vn\/?s={search_term_string}\"},\"query-input\":{\"@type\":\"PropertyValueSpecification\",\"valueRequired\":true,\"valueName\":\"search_term_string\"}}],\"inLanguage\":\"en-US\"},{\"@type\":\"Organization\",\"@id\":\"https:\/\/phukienflytech.vn\/#organization\",\"name\":\"DJI Store - Shop Drone, Action camera, Gimbal DJI |Phukienflytech\",\"alternateName\":\"DJI Store - Shop Drone, Action camera, Gimbal DJI |Phukienflytech\",\"url\":\"https:\/\/phukienflytech.vn\/\",\"logo\":{\"@type\":\"ImageObject\",\"inLanguage\":\"en-US\",\"@id\":\"https:\/\/phukienflytech.vn\/#\/schema\/logo\/image\/\",\"url\":\"https:\/\/phukienflytech.vn\/wp-content\/uploads\/2020\/05\/hAnh_nan.jpg1_.jpg\",\"contentUrl\":\"https:\/\/phukienflytech.vn\/wp-content\/uploads\/2020\/05\/hAnh_nan.jpg1_.jpg\",\"width\":800,\"height\":450,\"caption\":\"DJI Store - Shop Drone, Action camera, Gimbal DJI |Phukienflytech\"},\"image\":{\"@id\":\"https:\/\/phukienflytech.vn\/#\/schema\/logo\/image\/\"},\"sameAs\":[\"https:\/\/facebook.com\/phukienflycam\",\"https:\/\/www.youtube.com\/@phukienflytech\",\"https:\/\/www.tiktok.com\/@flytech.channel?fbclid=IwY2xjawGjg7BleHRuA2FlbQIxMAABHYVGmlXpuSMs0UB2zTpYvyT4GMVfN2qJa4urF4vkSQ6FAVBwXZtDP30qQA_aem_UwMiDcUvlEbd2tXAmsc8Og\"]}]}<\/script>\n<!-- \/ Yoast SEO plugin. -->","yoast_head_json":{"title":"Mavic 2 neck strap - Mavic 2 accessory - Available - Original PGYtech","description":"Mavic 2 neck strap is one of the most important accessory. Contact us to buy Mavic 2 neck strap for best price, fast shipping in Vietnam.","robots":{"index":"index","follow":"follow","max-snippet":"max-snippet:-1","max-image-preview":"max-image-preview:large","max-video-preview":"max-video-preview:-1"},"canonical":"https:\/\/phukienflytech.vn\/en\/san-pham\/mavic-2-neck-strap.html","og_locale":"en_US","og_type":"article","og_title":"Mavic 2 neck strap - Mavic 2 accessory - Available - Original PGYtech","og_description":"Mavic 2 neck strap is one of the most important accessory. Contact us to buy Mavic 2 neck strap for best price, fast shipping in Vietnam.","og_url":"https:\/\/phukienflytech.vn\/en\/san-pham\/mavic-2-neck-strap.html","og_site_name":"Shop M\u00e1y \u1ea3nh - Action Camera - Gimbal - Flycam - Ph\u1ee5 ki\u1ec7n","article_publisher":"https:\/\/facebook.com\/phukienflycam","article_modified_time":"2020-10-12T01:49:33+00:00","og_image":[{"width":300,"height":300,"url":"https:\/\/phukienflytech.vn\/wp-content\/uploads\/2020\/05\/day-deo-dji-mavic-2-pgytech-phu-kien-flycam-dji-Copy.png","type":"image\/png"}],"twitter_card":"summary_large_image","twitter_misc":{"Est. reading time":"1 minute"},"schema":{"@context":"https:\/\/schema.org","@graph":[{"@type":"WebPage","@id":"https:\/\/phukienflytech.vn\/en\/san-pham\/mavic-2-neck-strap.html","url":"https:\/\/phukienflytech.vn\/en\/san-pham\/mavic-2-neck-strap.html","name":"Mavic 2 neck strap - Mavic 2 accessory - Available - Original PGYtech","isPartOf":{"@id":"https:\/\/phukienflytech.vn\/#website"},"primaryImageOfPage":{"@id":"https:\/\/phukienflytech.vn\/en\/san-pham\/mavic-2-neck-strap.html#primaryimage"},"image":{"@id":"https:\/\/phukienflytech.vn\/en\/san-pham\/mavic-2-neck-strap.html#primaryimage"},"thumbnailUrl":"https:\/\/phukienflytech.vn\/wp-content\/uploads\/2020\/05\/day-deo-dji-mavic-2-pgytech-phu-kien-flycam-dji-Copy.png","datePublished":"2020-06-18T15:29:36+00:00","dateModified":"2020-10-12T01:49:33+00:00","description":"Mavic 2 neck strap is one of the most important accessory. Contact us to buy Mavic 2 neck strap for best price, fast shipping in Vietnam.","breadcrumb":{"@id":"https:\/\/phukienflytech.vn\/en\/san-pham\/mavic-2-neck-strap.html#breadcrumb"},"inLanguage":"en-US","potentialAction":[{"@type":"ReadAction","target":["https:\/\/phukienflytech.vn\/en\/san-pham\/mavic-2-neck-strap.html"]}]},{"@type":"ImageObject","inLanguage":"en-US","@id":"https:\/\/phukienflytech.vn\/en\/san-pham\/mavic-2-neck-strap.html#primaryimage","url":"https:\/\/phukienflytech.vn\/wp-content\/uploads\/2020\/05\/day-deo-dji-mavic-2-pgytech-phu-kien-flycam-dji-Copy.png","contentUrl":"https:\/\/phukienflytech.vn\/wp-content\/uploads\/2020\/05\/day-deo-dji-mavic-2-pgytech-phu-kien-flycam-dji-Copy.png","width":300,"height":300},{"@type":"BreadcrumbList","@id":"https:\/\/phukienflytech.vn\/en\/san-pham\/mavic-2-neck-strap.html#breadcrumb","itemListElement":[{"@type":"ListItem","position":1,"name":"Home","item":"https:\/\/phukienflytech.vn\/en"},{"@type":"ListItem","position":2,"name":"Ph\u1ee5 ki\u1ec7n Mavic Pro","item":"https:\/\/phukienflytech.vn\/en\/phu-kien-mavic-pro.html"},{"@type":"ListItem","position":3,"name":"DJI Osmo &amp; Drone's accessories","item":"https:\/\/phukienflytech.vn\/en\/danh-muc\/dji-osmo-drones-accessories.html"},{"@type":"ListItem","position":4,"name":"Ph\u1ee5 ki\u1ec7n DJI Mavic 2","item":"https:\/\/phukienflytech.vn\/en\/danh-muc\/mavic-2s-accessory.html"},{"@type":"ListItem","position":5,"name":"Mavic 2 neck strap &#8211; PGYtech"}]},{"@type":"WebSite","@id":"https:\/\/phukienflytech.vn\/#website","url":"https:\/\/phukienflytech.vn\/","name":"Shop M\u00e1y \u1ea3nh - Action Camera - Gimbal - Flycam - Ph\u1ee5 ki\u1ec7n","description":"Shop M\u00e1y \u1ea3nh - Action Camera - Gimbal - Flycam - Ph\u1ee5 ki\u1ec7n","publisher":{"@id":"https:\/\/phukienflytech.vn\/#organization"},"potentialAction":[{"@type":"SearchAction","target":{"@type":"EntryPoint","urlTemplate":"https:\/\/phukienflytech.vn\/?s={search_term_string}"},"query-input":{"@type":"PropertyValueSpecification","valueRequired":true,"valueName":"search_term_string"}}],"inLanguage":"en-US"},{"@type":"Organization","@id":"https:\/\/phukienflytech.vn\/#organization","name":"DJI Store - Shop Drone, Action camera, Gimbal DJI |Phukienflytech","alternateName":"DJI Store - Shop Drone, Action camera, Gimbal DJI |Phukienflytech","url":"https:\/\/phukienflytech.vn\/","logo":{"@type":"ImageObject","inLanguage":"en-US","@id":"https:\/\/phukienflytech.vn\/#\/schema\/logo\/image\/","url":"https:\/\/phukienflytech.vn\/wp-content\/uploads\/2020\/05\/hAnh_nan.jpg1_.jpg","contentUrl":"https:\/\/phukienflytech.vn\/wp-content\/uploads\/2020\/05\/hAnh_nan.jpg1_.jpg","width":800,"height":450,"caption":"DJI Store - Shop Drone, Action camera, Gimbal DJI |Phukienflytech"},"image":{"@id":"https:\/\/phukienflytech.vn\/#\/schema\/logo\/image\/"},"sameAs":["https:\/\/facebook.com\/phukienflycam","https:\/\/www.youtube.com\/@phukienflytech","https:\/\/www.tiktok.com\/@flytech.channel?fbclid=IwY2xjawGjg7BleHRuA2FlbQIxMAABHYVGmlXpuSMs0UB2zTpYvyT4GMVfN2qJa4urF4vkSQ6FAVBwXZtDP30qQA_aem_UwMiDcUvlEbd2tXAmsc8Og"]}]}},"_links":{"self":[{"href":"https:\/\/phukienflytech.vn\/en\/wp-json\/wp\/v2\/product\/1757","targetHints":{"allow":["GET"]}}],"collection":[{"href":"https:\/\/phukienflytech.vn\/en\/wp-json\/wp\/v2\/product"}],"about":[{"href":"https:\/\/phukienflytech.vn\/en\/wp-json\/wp\/v2\/types\/product"}],"replies":[{"embeddable":true,"href":"https:\/\/phukienflytech.vn\/en\/wp-json\/wp\/v2\/comments?post=1757"}],"wp:featuredmedia":[{"embeddable":true,"href":"https:\/\/phukienflytech.vn\/en\/wp-json\/wp\/v2\/media\/1750"}],"wp:attachment":[{"href":"https:\/\/phukienflytech.vn\/en\/wp-json\/wp\/v2\/media?parent=1757"}],"wp:term":[{"taxonomy":"product_brand","embeddable":true,"href":"https:\/\/phukienflytech.vn\/en\/wp-json\/wp\/v2\/product_brand?post=1757"},{"taxonomy":"product_cat","embeddable":true,"href":"https:\/\/phukienflytech.vn\/en\/wp-json\/wp\/v2\/product_cat?post=1757"},{"taxonomy":"product_tag","embeddable":true,"href":"https:\/\/phukienflytech.vn\/en\/wp-json\/wp\/v2\/product_tag?post=1757"}],"curies":[{"name":"wp","href":"https:\/\/api.w.org\/{rel}","templated":true}]}}