{"id":1784,"date":"2020-06-18T22:39:21","date_gmt":"2020-06-18T15:39:21","guid":{"rendered":"http:\/\/27430.lamdx.vinawebsite.vn\/san-pham\/bo-nep-co-dinh-canh-mavic-2-pro-zoom.html"},"modified":"2020-10-12T08:59:29","modified_gmt":"2020-10-12T01:59:29","slug":"mavic-2-propeller-holder-2","status":"publish","type":"product","link":"https:\/\/phukienflytech.vn\/en\/san-pham\/mavic-2-propeller-holder-2.html","title":{"rendered":"Mavic 2 propeller holder"},"content":{"rendered":"<div class=\"clearfix m_bottom_5 t_xs_align_c\">\n<div class=\"col-md-7 col-sm-7 col-xs-12 p_top_10 t_xs_align_l description_product\">\n<form action=\"https:\/\/phukienflytech.vn\/gio-hang.html\" method=\"post\">\n<h2 class=\"cart_button m_bottom_20 add_to_cart_button\"><span style=\"color: #0000ff;\"><strong><em>Mavic 2 propeller holder<\/em> <\/strong><\/span><\/h2>\n<\/form>\n<\/div>\n<\/div>\n<div class=\"tabs m_bottom_45\">\n<section class=\"tabs_content shadow r_corners\">\n<div id=\"product-content\" class=\"post_content\">\n<p>&nbsp;<\/p>\n<p><span style=\"font-size: 18px;\">Mavic 2 propeller holder<\/span><\/p>\n<p><span style=\"font-size: 18px;\">Do t\u00ednh ch\u1ea5t g\u1ecdn nh\u1eb9 c\u1ee7a\u00a0<strong>mavic 2 pro v\u00e0 mavic 2 zoom<\/strong>\u00a0n\u00ean ph\u1ea7n c\u00e1nh c\u1ee7a Mavic 2 \u0111\u00e3 \u0111\u01b0\u1ee3c t\u1ed1i gi\u1ea3n b\u1eb1ng vi\u1ec7c thi\u1ebft k\u1ebf m\u1eabu c\u00e1nh c\u00f3 th\u1ec3 g\u1ea5p l\u1ea1i. Tuy v\u1eady, ch\u00fang c\u1ea7n \u0111\u01b0\u1ee3c c\u1ed1 \u0111\u1ecbnh t\u1ea1i m\u1ed9t ch\u1ed7 trong su\u1ed1t qu\u00e1 tr\u00ecnh c\u1ea5t gi\u1eef, di chuy\u1ec3n \u0111\u1ec3 tr\u00e1nh c\u00e1c tr\u01b0\u1eddng h\u1ee3p va \u0111\u1eadp, qu\u1ec7t nh\u1eb9 d\u1eabn t\u1edbi g\u00e3y c\u00e1nh<\/span><\/p>\n<h2 class=\"cart_button m_bottom_20 add_to_cart_button\"><span style=\"font-size: 18px; color: #0000ff;\"><strong><img loading=\"lazy\" decoding=\"async\" class=\"alignnone wp-image-12600 size-medium\" src=\"https:\/\/phukienflytech.vn\/wp-content\/uploads\/2020\/05\/bo-nep-co-dinh-canh-mavic-2-pro-zoom-1772-4-400x400.jpg\" alt=\"Mavic-2-propeller-holder-9\" width=\"400\" height=\"400\" srcset=\"https:\/\/phukienflytech.vn\/wp-content\/uploads\/2020\/05\/bo-nep-co-dinh-canh-mavic-2-pro-zoom-1772-4-400x400.jpg 400w, https:\/\/phukienflytech.vn\/wp-content\/uploads\/2020\/05\/bo-nep-co-dinh-canh-mavic-2-pro-zoom-1772-4-280x280.jpg 280w, https:\/\/phukienflytech.vn\/wp-content\/uploads\/2020\/05\/bo-nep-co-dinh-canh-mavic-2-pro-zoom-1772-4-768x768.jpg 768w, https:\/\/phukienflytech.vn\/wp-content\/uploads\/2020\/05\/bo-nep-co-dinh-canh-mavic-2-pro-zoom-1772-4-800x800.jpg 800w, https:\/\/phukienflytech.vn\/wp-content\/uploads\/2020\/05\/bo-nep-co-dinh-canh-mavic-2-pro-zoom-1772-4-300x300.jpg 300w, https:\/\/phukienflytech.vn\/wp-content\/uploads\/2020\/05\/bo-nep-co-dinh-canh-mavic-2-pro-zoom-1772-4-600x600.jpg 600w, https:\/\/phukienflytech.vn\/wp-content\/uploads\/2020\/05\/bo-nep-co-dinh-canh-mavic-2-pro-zoom-1772-4-100x100.jpg 100w, https:\/\/phukienflytech.vn\/wp-content\/uploads\/2020\/05\/bo-nep-co-dinh-canh-mavic-2-pro-zoom-1772-4.jpg 1000w\" sizes=\"auto, (max-width: 400px) 100vw, 400px\" \/><\/strong><\/span><\/h2>\n<p><span style=\"font-size: 18px;\"><em><strong>N\u1eb9p c\u00e1nh Mavic 2<\/strong><\/em>\u00a0pro v\u00e0 mavic 2 zoom v\u1eabn lu\u00f4n \u0111\u01b0\u1ee3c xem l\u00e0 ph\u1ee5 ki\u1ec7n mavic 2 th\u1ee9 c\u1ea5p.<\/span><\/p>\n<p><span style=\"font-size: 18px;\">N\u1ebfu b\u1ea1n l\u00e0 ng\u01b0\u1eddi c\u1ea9n th\u1eadn v\u00e0 chu \u0111\u00e1o trong vi\u1ec7c\u00a0<em><strong>b\u1ea3o qu\u1ea3n thi\u1ebft b\u1ecb Mavic 2<\/strong><\/em>\u00a0c\u1ee7a m\u00ecnh th\u00ec h\u00e3y trang b\u1ecb ngay\u00a0<em><strong>b\u1ed9 n\u1eb9p c\u00e1nh mavic 2 pro zoom<\/strong><\/em>\u00a0n\u00e0y nh\u00e9 !<\/span><\/p>\n<h2 class=\"cart_button m_bottom_20 add_to_cart_button\"><span style=\"font-size: 18px; color: #0000ff;\"><strong><img loading=\"lazy\" decoding=\"async\" class=\"alignnone size-medium wp-image-12602\" src=\"https:\/\/phukienflytech.vn\/wp-content\/uploads\/2020\/05\/bo-nep-co-dinh-canh-mavic-2-pro-zoom-1772-1-1-400x400.jpg\" alt=\"\" width=\"400\" height=\"400\" srcset=\"https:\/\/phukienflytech.vn\/wp-content\/uploads\/2020\/05\/bo-nep-co-dinh-canh-mavic-2-pro-zoom-1772-1-1-400x400.jpg 400w, https:\/\/phukienflytech.vn\/wp-content\/uploads\/2020\/05\/bo-nep-co-dinh-canh-mavic-2-pro-zoom-1772-1-1-280x280.jpg 280w, https:\/\/phukienflytech.vn\/wp-content\/uploads\/2020\/05\/bo-nep-co-dinh-canh-mavic-2-pro-zoom-1772-1-1-768x768.jpg 768w, https:\/\/phukienflytech.vn\/wp-content\/uploads\/2020\/05\/bo-nep-co-dinh-canh-mavic-2-pro-zoom-1772-1-1-800x800.jpg 800w, https:\/\/phukienflytech.vn\/wp-content\/uploads\/2020\/05\/bo-nep-co-dinh-canh-mavic-2-pro-zoom-1772-1-1-300x300.jpg 300w, https:\/\/phukienflytech.vn\/wp-content\/uploads\/2020\/05\/bo-nep-co-dinh-canh-mavic-2-pro-zoom-1772-1-1-600x600.jpg 600w, https:\/\/phukienflytech.vn\/wp-content\/uploads\/2020\/05\/bo-nep-co-dinh-canh-mavic-2-pro-zoom-1772-1-1-100x100.jpg 100w, https:\/\/phukienflytech.vn\/wp-content\/uploads\/2020\/05\/bo-nep-co-dinh-canh-mavic-2-pro-zoom-1772-1-1.jpg 1000w\" sizes=\"auto, (max-width: 400px) 100vw, 400px\" \/><\/strong><\/span><\/h2>\n<p><span style=\"font-size: 18px;\">M\u00e0u s\u1eafc : \u0111\u1ecf &#8211; \u0111en<\/span><\/p>\n<h2 class=\"cart_button m_bottom_20 add_to_cart_button\"><span style=\"font-size: 18px; color: #0000ff;\"><strong><img loading=\"lazy\" decoding=\"async\" class=\"alignnone wp-image-12604\" src=\"https:\/\/phukienflytech.vn\/wp-content\/uploads\/2020\/05\/bo-nep-co-dinh-canh-mavic-2-pro-zoom-1772-2-1-600x400.jpg\" alt=\"\" width=\"486\" height=\"324\" srcset=\"https:\/\/phukienflytech.vn\/wp-content\/uploads\/2020\/05\/bo-nep-co-dinh-canh-mavic-2-pro-zoom-1772-2-1-600x400.jpg 600w, https:\/\/phukienflytech.vn\/wp-content\/uploads\/2020\/05\/bo-nep-co-dinh-canh-mavic-2-pro-zoom-1772-2-1-768x512.jpg 768w, https:\/\/phukienflytech.vn\/wp-content\/uploads\/2020\/05\/bo-nep-co-dinh-canh-mavic-2-pro-zoom-1772-2-1-1200x800.jpg 1200w\" sizes=\"auto, (max-width: 486px) 100vw, 486px\" \/><\/strong><\/span><\/h2>\n<p><span style=\"font-size: 18px;\">H\u00e3y \u0111\u1ec3\u00a0<a href=\"https:\/\/facebook.com\/phukienflycam\/\" target=\"_blank\" rel=\"noopener noreferrer\">Ph\u1ee5 Ki\u1ec7n Fly-cam Gi\u00e1 T\u1ed1t<\/a>\u00a0ti\u1ebfp s\u1ee9c \u0111am m\u00ea, c\u00f4ng vi\u1ec7c c\u1ee7a b\u1ea1n, gi\u00fap b\u1ea1n th\u00eam ni\u1ec1m h\u1ee9ng kh\u1edfi trong \u0111am m\u00ea c\u0169ng nh\u01b0 c\u00f4ng vi\u1ec7c c\u1ee7a m\u00ecnh th\u00eam su\u00f4n s\u1ebb<\/span><\/p>\n<h2 class=\"cart_button m_bottom_20 add_to_cart_button\"><span style=\"font-size: 18px; color: #0000ff;\"><strong><img loading=\"lazy\" decoding=\"async\" class=\"alignnone wp-image-12606 size-medium\" src=\"https:\/\/phukienflytech.vn\/wp-content\/uploads\/2020\/05\/bo-nep-co-dinh-canh-mavic-2-pro-zoom-1772-3-1-400x400.jpg\" alt=\"Mavic-2-propeller-holder \" width=\"400\" height=\"400\" srcset=\"https:\/\/phukienflytech.vn\/wp-content\/uploads\/2020\/05\/bo-nep-co-dinh-canh-mavic-2-pro-zoom-1772-3-1-400x400.jpg 400w, https:\/\/phukienflytech.vn\/wp-content\/uploads\/2020\/05\/bo-nep-co-dinh-canh-mavic-2-pro-zoom-1772-3-1-280x280.jpg 280w, https:\/\/phukienflytech.vn\/wp-content\/uploads\/2020\/05\/bo-nep-co-dinh-canh-mavic-2-pro-zoom-1772-3-1-768x768.jpg 768w, https:\/\/phukienflytech.vn\/wp-content\/uploads\/2020\/05\/bo-nep-co-dinh-canh-mavic-2-pro-zoom-1772-3-1-800x800.jpg 800w, https:\/\/phukienflytech.vn\/wp-content\/uploads\/2020\/05\/bo-nep-co-dinh-canh-mavic-2-pro-zoom-1772-3-1-300x300.jpg 300w, https:\/\/phukienflytech.vn\/wp-content\/uploads\/2020\/05\/bo-nep-co-dinh-canh-mavic-2-pro-zoom-1772-3-1-600x600.jpg 600w, https:\/\/phukienflytech.vn\/wp-content\/uploads\/2020\/05\/bo-nep-co-dinh-canh-mavic-2-pro-zoom-1772-3-1-100x100.jpg 100w, https:\/\/phukienflytech.vn\/wp-content\/uploads\/2020\/05\/bo-nep-co-dinh-canh-mavic-2-pro-zoom-1772-3-1.jpg 1000w\" sizes=\"auto, (max-width: 400px) 100vw, 400px\" \/><\/strong><\/span><\/h2>\n<p><span style=\"font-size: 18px;\">Nh\u00e0 s\u1ea3n xu\u1ea5t: Sunnylife<\/span><\/p>\n<p><span style=\"font-size: 19px;\">Xem th\u00eam c\u00e1c ph\u1ee5 ki\u1ec7n mavic 2<span style=\"font-size: 21px;\"><strong><a href=\"https:\/\/phukienflytech.vn\/danh-muc\/phu-kien-mavic-2.html\" target=\"_blank\" rel=\"noopener noreferrer\"> t\u1ea1i \u0111\u00e2y<\/a> <\/strong><\/span>!<\/span><\/p>\n<\/div>\n<\/section>\n<\/div>\n","protected":false},"excerpt":{"rendered":"<p>Mavic 2 propeller holder &nbsp; Mavic 2 propeller holder Do t\u00ednh ch\u1ea5t g\u1ecdn nh\u1eb9 c\u1ee7a\u00a0mavic 2 pro v\u00e0 mavic 2 zoom\u00a0n\u00ean ph\u1ea7n c\u00e1nh c\u1ee7a Mavic 2 \u0111\u00e3 \u0111\u01b0\u1ee3c t\u1ed1i gi\u1ea3n b\u1eb1ng vi\u1ec7c thi\u1ebft k\u1ebf m\u1eabu c\u00e1nh c\u00f3 th\u1ec3 g\u1ea5p l\u1ea1i. Tuy v\u1eady, ch\u00fang c\u1ea7n \u0111\u01b0\u1ee3c c\u1ed1 \u0111\u1ecbnh t\u1ea1i m\u1ed9t ch\u1ed7 trong su\u1ed1t qu\u00e1 tr\u00ecnh c\u1ea5t &#8230;<\/p>\n","protected":false},"featured_media":1775,"comment_status":"open","ping_status":"closed","template":"","meta":{"_acf_changed":false},"product_brand":[],"product_cat":[177],"product_tag":[206,209],"class_list":{"0":"post-1784","1":"product","2":"type-product","3":"status-publish","4":"has-post-thumbnail","6":"product_cat-mavic-2s-accessory","7":"product_tag-phu-kien-dji-en","8":"product_tag-phu-kien-mavic-2-en","10":"first","11":"instock","12":"shipping-taxable","13":"purchasable","14":"product-type-simple"},"acf":[],"yoast_head":"<!-- This site is optimized with the Yoast SEO plugin v25.7 - https:\/\/yoast.com\/wordpress\/plugins\/seo\/ -->\n<title>Mavic 2 propeller holder - Mavic 2 accessory - Available - Original<\/title>\n<meta name=\"description\" content=\"Mavic 2 propeller holder is one of the most important accessory. Contact us to buy Mavic 2 propeller holder for best price, fast shipping\" \/>\n<meta name=\"robots\" content=\"index, follow, max-snippet:-1, max-image-preview:large, max-video-preview:-1\" \/>\n<link rel=\"canonical\" href=\"https:\/\/phukienflytech.vn\/en\/san-pham\/mavic-2-propeller-holder-2.html\" \/>\n<meta property=\"og:locale\" content=\"en_US\" \/>\n<meta property=\"og:type\" content=\"article\" \/>\n<meta property=\"og:title\" content=\"Mavic 2 propeller holder - Mavic 2 accessory - Available - Original\" \/>\n<meta property=\"og:description\" content=\"Mavic 2 propeller holder is one of the most important accessory. Contact us to buy Mavic 2 propeller holder for best price, fast shipping\" \/>\n<meta property=\"og:url\" content=\"https:\/\/phukienflytech.vn\/en\/san-pham\/mavic-2-propeller-holder-2.html\" \/>\n<meta property=\"og:site_name\" content=\"Shop M\u00e1y \u1ea3nh - Action Camera - Gimbal - Flycam - Ph\u1ee5 ki\u1ec7n\" \/>\n<meta property=\"article:publisher\" content=\"https:\/\/facebook.com\/phukienflycam\" \/>\n<meta property=\"article:modified_time\" content=\"2020-10-12T01:59:29+00:00\" \/>\n<meta property=\"og:image\" content=\"https:\/\/phukienflytech.vn\/wp-content\/uploads\/2020\/05\/300x300_bo-nep-co-dinh-canh-mavic-chinh-hang-phu-kien-flycam-dji-mavic-221_-_Copy.jpg\" \/>\n\t<meta property=\"og:image:width\" content=\"300\" \/>\n\t<meta property=\"og:image:height\" content=\"300\" \/>\n\t<meta property=\"og:image:type\" content=\"image\/jpeg\" \/>\n<meta name=\"twitter:card\" content=\"summary_large_image\" \/>\n<meta name=\"twitter:label1\" content=\"Est. reading time\" \/>\n\t<meta name=\"twitter:data1\" content=\"1 minute\" \/>\n<script type=\"application\/ld+json\" class=\"yoast-schema-graph\">{\"@context\":\"https:\/\/schema.org\",\"@graph\":[{\"@type\":\"WebPage\",\"@id\":\"https:\/\/phukienflytech.vn\/en\/san-pham\/mavic-2-propeller-holder-2.html\",\"url\":\"https:\/\/phukienflytech.vn\/en\/san-pham\/mavic-2-propeller-holder-2.html\",\"name\":\"Mavic 2 propeller holder - Mavic 2 accessory - Available - Original\",\"isPartOf\":{\"@id\":\"https:\/\/phukienflytech.vn\/#website\"},\"primaryImageOfPage\":{\"@id\":\"https:\/\/phukienflytech.vn\/en\/san-pham\/mavic-2-propeller-holder-2.html#primaryimage\"},\"image\":{\"@id\":\"https:\/\/phukienflytech.vn\/en\/san-pham\/mavic-2-propeller-holder-2.html#primaryimage\"},\"thumbnailUrl\":\"https:\/\/phukienflytech.vn\/wp-content\/uploads\/2020\/05\/300x300_bo-nep-co-dinh-canh-mavic-chinh-hang-phu-kien-flycam-dji-mavic-221_-_Copy.jpg\",\"datePublished\":\"2020-06-18T15:39:21+00:00\",\"dateModified\":\"2020-10-12T01:59:29+00:00\",\"description\":\"Mavic 2 propeller holder is one of the most important accessory. Contact us to buy Mavic 2 propeller holder for best price, fast shipping\",\"breadcrumb\":{\"@id\":\"https:\/\/phukienflytech.vn\/en\/san-pham\/mavic-2-propeller-holder-2.html#breadcrumb\"},\"inLanguage\":\"en-US\",\"potentialAction\":[{\"@type\":\"ReadAction\",\"target\":[\"https:\/\/phukienflytech.vn\/en\/san-pham\/mavic-2-propeller-holder-2.html\"]}]},{\"@type\":\"ImageObject\",\"inLanguage\":\"en-US\",\"@id\":\"https:\/\/phukienflytech.vn\/en\/san-pham\/mavic-2-propeller-holder-2.html#primaryimage\",\"url\":\"https:\/\/phukienflytech.vn\/wp-content\/uploads\/2020\/05\/300x300_bo-nep-co-dinh-canh-mavic-chinh-hang-phu-kien-flycam-dji-mavic-221_-_Copy.jpg\",\"contentUrl\":\"https:\/\/phukienflytech.vn\/wp-content\/uploads\/2020\/05\/300x300_bo-nep-co-dinh-canh-mavic-chinh-hang-phu-kien-flycam-dji-mavic-221_-_Copy.jpg\",\"width\":300,\"height\":300},{\"@type\":\"BreadcrumbList\",\"@id\":\"https:\/\/phukienflytech.vn\/en\/san-pham\/mavic-2-propeller-holder-2.html#breadcrumb\",\"itemListElement\":[{\"@type\":\"ListItem\",\"position\":1,\"name\":\"Home\",\"item\":\"https:\/\/phukienflytech.vn\/en\"},{\"@type\":\"ListItem\",\"position\":2,\"name\":\"Ph\u1ee5 ki\u1ec7n Mavic Pro\",\"item\":\"https:\/\/phukienflytech.vn\/en\/phu-kien-mavic-pro.html\"},{\"@type\":\"ListItem\",\"position\":3,\"name\":\"DJI Osmo &amp; Drone's accessories\",\"item\":\"https:\/\/phukienflytech.vn\/en\/danh-muc\/dji-osmo-drones-accessories.html\"},{\"@type\":\"ListItem\",\"position\":4,\"name\":\"Ph\u1ee5 ki\u1ec7n DJI Mavic 2\",\"item\":\"https:\/\/phukienflytech.vn\/en\/danh-muc\/mavic-2s-accessory.html\"},{\"@type\":\"ListItem\",\"position\":5,\"name\":\"Mavic 2 propeller holder\"}]},{\"@type\":\"WebSite\",\"@id\":\"https:\/\/phukienflytech.vn\/#website\",\"url\":\"https:\/\/phukienflytech.vn\/\",\"name\":\"Shop M\u00e1y \u1ea3nh - Action Camera - Gimbal - Flycam - Ph\u1ee5 ki\u1ec7n\",\"description\":\"Shop M\u00e1y \u1ea3nh - Action Camera - Gimbal - Flycam - Ph\u1ee5 ki\u1ec7n\",\"publisher\":{\"@id\":\"https:\/\/phukienflytech.vn\/#organization\"},\"potentialAction\":[{\"@type\":\"SearchAction\",\"target\":{\"@type\":\"EntryPoint\",\"urlTemplate\":\"https:\/\/phukienflytech.vn\/?s={search_term_string}\"},\"query-input\":{\"@type\":\"PropertyValueSpecification\",\"valueRequired\":true,\"valueName\":\"search_term_string\"}}],\"inLanguage\":\"en-US\"},{\"@type\":\"Organization\",\"@id\":\"https:\/\/phukienflytech.vn\/#organization\",\"name\":\"DJI Store - Shop Drone, Action camera, Gimbal DJI |Phukienflytech\",\"alternateName\":\"DJI Store - Shop Drone, Action camera, Gimbal DJI |Phukienflytech\",\"url\":\"https:\/\/phukienflytech.vn\/\",\"logo\":{\"@type\":\"ImageObject\",\"inLanguage\":\"en-US\",\"@id\":\"https:\/\/phukienflytech.vn\/#\/schema\/logo\/image\/\",\"url\":\"https:\/\/phukienflytech.vn\/wp-content\/uploads\/2020\/05\/hAnh_nan.jpg1_.jpg\",\"contentUrl\":\"https:\/\/phukienflytech.vn\/wp-content\/uploads\/2020\/05\/hAnh_nan.jpg1_.jpg\",\"width\":800,\"height\":450,\"caption\":\"DJI Store - Shop Drone, Action camera, Gimbal DJI |Phukienflytech\"},\"image\":{\"@id\":\"https:\/\/phukienflytech.vn\/#\/schema\/logo\/image\/\"},\"sameAs\":[\"https:\/\/facebook.com\/phukienflycam\",\"https:\/\/www.youtube.com\/@phukienflytech\",\"https:\/\/www.tiktok.com\/@flytech.channel?fbclid=IwY2xjawGjg7BleHRuA2FlbQIxMAABHYVGmlXpuSMs0UB2zTpYvyT4GMVfN2qJa4urF4vkSQ6FAVBwXZtDP30qQA_aem_UwMiDcUvlEbd2tXAmsc8Og\"]}]}<\/script>\n<!-- \/ Yoast SEO plugin. -->","yoast_head_json":{"title":"Mavic 2 propeller holder - Mavic 2 accessory - Available - Original","description":"Mavic 2 propeller holder is one of the most important accessory. Contact us to buy Mavic 2 propeller holder for best price, fast shipping","robots":{"index":"index","follow":"follow","max-snippet":"max-snippet:-1","max-image-preview":"max-image-preview:large","max-video-preview":"max-video-preview:-1"},"canonical":"https:\/\/phukienflytech.vn\/en\/san-pham\/mavic-2-propeller-holder-2.html","og_locale":"en_US","og_type":"article","og_title":"Mavic 2 propeller holder - Mavic 2 accessory - Available - Original","og_description":"Mavic 2 propeller holder is one of the most important accessory. Contact us to buy Mavic 2 propeller holder for best price, fast shipping","og_url":"https:\/\/phukienflytech.vn\/en\/san-pham\/mavic-2-propeller-holder-2.html","og_site_name":"Shop M\u00e1y \u1ea3nh - Action Camera - Gimbal - Flycam - Ph\u1ee5 ki\u1ec7n","article_publisher":"https:\/\/facebook.com\/phukienflycam","article_modified_time":"2020-10-12T01:59:29+00:00","og_image":[{"width":300,"height":300,"url":"https:\/\/phukienflytech.vn\/wp-content\/uploads\/2020\/05\/300x300_bo-nep-co-dinh-canh-mavic-chinh-hang-phu-kien-flycam-dji-mavic-221_-_Copy.jpg","type":"image\/jpeg"}],"twitter_card":"summary_large_image","twitter_misc":{"Est. reading time":"1 minute"},"schema":{"@context":"https:\/\/schema.org","@graph":[{"@type":"WebPage","@id":"https:\/\/phukienflytech.vn\/en\/san-pham\/mavic-2-propeller-holder-2.html","url":"https:\/\/phukienflytech.vn\/en\/san-pham\/mavic-2-propeller-holder-2.html","name":"Mavic 2 propeller holder - Mavic 2 accessory - Available - Original","isPartOf":{"@id":"https:\/\/phukienflytech.vn\/#website"},"primaryImageOfPage":{"@id":"https:\/\/phukienflytech.vn\/en\/san-pham\/mavic-2-propeller-holder-2.html#primaryimage"},"image":{"@id":"https:\/\/phukienflytech.vn\/en\/san-pham\/mavic-2-propeller-holder-2.html#primaryimage"},"thumbnailUrl":"https:\/\/phukienflytech.vn\/wp-content\/uploads\/2020\/05\/300x300_bo-nep-co-dinh-canh-mavic-chinh-hang-phu-kien-flycam-dji-mavic-221_-_Copy.jpg","datePublished":"2020-06-18T15:39:21+00:00","dateModified":"2020-10-12T01:59:29+00:00","description":"Mavic 2 propeller holder is one of the most important accessory. Contact us to buy Mavic 2 propeller holder for best price, fast shipping","breadcrumb":{"@id":"https:\/\/phukienflytech.vn\/en\/san-pham\/mavic-2-propeller-holder-2.html#breadcrumb"},"inLanguage":"en-US","potentialAction":[{"@type":"ReadAction","target":["https:\/\/phukienflytech.vn\/en\/san-pham\/mavic-2-propeller-holder-2.html"]}]},{"@type":"ImageObject","inLanguage":"en-US","@id":"https:\/\/phukienflytech.vn\/en\/san-pham\/mavic-2-propeller-holder-2.html#primaryimage","url":"https:\/\/phukienflytech.vn\/wp-content\/uploads\/2020\/05\/300x300_bo-nep-co-dinh-canh-mavic-chinh-hang-phu-kien-flycam-dji-mavic-221_-_Copy.jpg","contentUrl":"https:\/\/phukienflytech.vn\/wp-content\/uploads\/2020\/05\/300x300_bo-nep-co-dinh-canh-mavic-chinh-hang-phu-kien-flycam-dji-mavic-221_-_Copy.jpg","width":300,"height":300},{"@type":"BreadcrumbList","@id":"https:\/\/phukienflytech.vn\/en\/san-pham\/mavic-2-propeller-holder-2.html#breadcrumb","itemListElement":[{"@type":"ListItem","position":1,"name":"Home","item":"https:\/\/phukienflytech.vn\/en"},{"@type":"ListItem","position":2,"name":"Ph\u1ee5 ki\u1ec7n Mavic Pro","item":"https:\/\/phukienflytech.vn\/en\/phu-kien-mavic-pro.html"},{"@type":"ListItem","position":3,"name":"DJI Osmo &amp; Drone's accessories","item":"https:\/\/phukienflytech.vn\/en\/danh-muc\/dji-osmo-drones-accessories.html"},{"@type":"ListItem","position":4,"name":"Ph\u1ee5 ki\u1ec7n DJI Mavic 2","item":"https:\/\/phukienflytech.vn\/en\/danh-muc\/mavic-2s-accessory.html"},{"@type":"ListItem","position":5,"name":"Mavic 2 propeller holder"}]},{"@type":"WebSite","@id":"https:\/\/phukienflytech.vn\/#website","url":"https:\/\/phukienflytech.vn\/","name":"Shop M\u00e1y \u1ea3nh - Action Camera - Gimbal - Flycam - Ph\u1ee5 ki\u1ec7n","description":"Shop M\u00e1y \u1ea3nh - Action Camera - Gimbal - Flycam - Ph\u1ee5 ki\u1ec7n","publisher":{"@id":"https:\/\/phukienflytech.vn\/#organization"},"potentialAction":[{"@type":"SearchAction","target":{"@type":"EntryPoint","urlTemplate":"https:\/\/phukienflytech.vn\/?s={search_term_string}"},"query-input":{"@type":"PropertyValueSpecification","valueRequired":true,"valueName":"search_term_string"}}],"inLanguage":"en-US"},{"@type":"Organization","@id":"https:\/\/phukienflytech.vn\/#organization","name":"DJI Store - Shop Drone, Action camera, Gimbal DJI |Phukienflytech","alternateName":"DJI Store - Shop Drone, Action camera, Gimbal DJI |Phukienflytech","url":"https:\/\/phukienflytech.vn\/","logo":{"@type":"ImageObject","inLanguage":"en-US","@id":"https:\/\/phukienflytech.vn\/#\/schema\/logo\/image\/","url":"https:\/\/phukienflytech.vn\/wp-content\/uploads\/2020\/05\/hAnh_nan.jpg1_.jpg","contentUrl":"https:\/\/phukienflytech.vn\/wp-content\/uploads\/2020\/05\/hAnh_nan.jpg1_.jpg","width":800,"height":450,"caption":"DJI Store - Shop Drone, Action camera, Gimbal DJI |Phukienflytech"},"image":{"@id":"https:\/\/phukienflytech.vn\/#\/schema\/logo\/image\/"},"sameAs":["https:\/\/facebook.com\/phukienflycam","https:\/\/www.youtube.com\/@phukienflytech","https:\/\/www.tiktok.com\/@flytech.channel?fbclid=IwY2xjawGjg7BleHRuA2FlbQIxMAABHYVGmlXpuSMs0UB2zTpYvyT4GMVfN2qJa4urF4vkSQ6FAVBwXZtDP30qQA_aem_UwMiDcUvlEbd2tXAmsc8Og"]}]}},"_links":{"self":[{"href":"https:\/\/phukienflytech.vn\/en\/wp-json\/wp\/v2\/product\/1784","targetHints":{"allow":["GET"]}}],"collection":[{"href":"https:\/\/phukienflytech.vn\/en\/wp-json\/wp\/v2\/product"}],"about":[{"href":"https:\/\/phukienflytech.vn\/en\/wp-json\/wp\/v2\/types\/product"}],"replies":[{"embeddable":true,"href":"https:\/\/phukienflytech.vn\/en\/wp-json\/wp\/v2\/comments?post=1784"}],"wp:featuredmedia":[{"embeddable":true,"href":"https:\/\/phukienflytech.vn\/en\/wp-json\/wp\/v2\/media\/1775"}],"wp:attachment":[{"href":"https:\/\/phukienflytech.vn\/en\/wp-json\/wp\/v2\/media?parent=1784"}],"wp:term":[{"taxonomy":"product_brand","embeddable":true,"href":"https:\/\/phukienflytech.vn\/en\/wp-json\/wp\/v2\/product_brand?post=1784"},{"taxonomy":"product_cat","embeddable":true,"href":"https:\/\/phukienflytech.vn\/en\/wp-json\/wp\/v2\/product_cat?post=1784"},{"taxonomy":"product_tag","embeddable":true,"href":"https:\/\/phukienflytech.vn\/en\/wp-json\/wp\/v2\/product_tag?post=1784"}],"curies":[{"name":"wp","href":"https:\/\/api.w.org\/{rel}","templated":true}]}}