{"id":18033,"date":"2020-08-03T22:04:40","date_gmt":"2020-08-03T15:04:40","guid":{"rendered":"https:\/\/phukienflytech.vn\/san-pham\/tui-mavic-air-2-chinh-hang-dji.html"},"modified":"2020-10-14T15:54:09","modified_gmt":"2020-10-14T08:54:09","slug":"mavic-air-2-bag","status":"publish","type":"product","link":"https:\/\/phukienflytech.vn\/en\/san-pham\/mavic-air-2-bag.html","title":{"rendered":"Original Mavic Air 2 Bag &#8211; DJI"},"content":{"rendered":"<h2 style=\"text-align: justify;\"><span style=\"color: #0000ff;\"><em><strong>Mavic Air 2 Bag<\/strong><\/em><\/span><\/h2>\n<p>&nbsp;<\/p>\n<p><span style=\"font-size: 18px;\">Mavic Air 2 Bag<\/span><\/p>\n<p style=\"text-align: justify;\"><span style=\"font-size: 18px;\">Tr\u00ean th\u1ecb tr\u01b0\u1eddng hi\u1ec7n nay \u0111\u00e3 c\u00f3 nhi\u1ec1u m\u1eabu s\u1ea3n ph\u1ea9m <strong>t\u00fai \u0111eo Mavic Air 2<\/strong>. Kh\u00f4ng ph\u1ea3i nh\u1eefng d\u00f2ng s\u1ea3n ph\u1ea9m <strong>vali c\u1ee9ng<\/strong> v\u1edbi kh\u1ea3 n\u0103ng chuy\u00ean d\u1ee5ng. Nh\u1eefng m\u1eabu t\u00fai \u0111eo n\u00e0y \u0111\u01b0\u1ee3c thi\u1ebft k\u1ebf b\u1eb1ng v\u1ea3i m\u1ec1m. form d\u00e1ng th\u1eddi trang nh\u1ecf g\u1ecdn v\u00e0 thu\u1eadn ti\u1ec7n. <strong>T\u00fai \u0111eo mavic Air 2 ch\u00ednh h\u00e3ng DJI<\/strong> l\u00e0 s\u1ea3n ph\u1ea9m t\u00fai \u0111eo flycam th\u1eddi trang. \u0110\u00e2y kh\u00f4ng ch\u1ec9 l\u00e0 t\u00fai \u0111\u1ef1ng ph\u1ee5 ki\u1ec7n Mavic air 2 m\u00e0 n\u00f3 c\u00f2n l\u00e0 1 s\u1ea3n ph\u1ea9m th\u1eddi trang.<\/span><\/p>\n<p style=\"text-align: justify;\"><span style=\"font-size: 18px;\"><img loading=\"lazy\" decoding=\"async\" class=\"alignnone wp-image-18016 size-medium\" src=\"https:\/\/phukienflytech.vn\/wp-content\/uploads\/2020\/08\/tui-mavic-air-2-chinh-hang-dji-512x400.jpg\" alt=\"Mavic-Air-2-Bag-7\" width=\"512\" height=\"400\" srcset=\"https:\/\/phukienflytech.vn\/wp-content\/uploads\/2020\/08\/tui-mavic-air-2-chinh-hang-dji-512x400.jpg 512w, https:\/\/phukienflytech.vn\/wp-content\/uploads\/2020\/08\/tui-mavic-air-2-chinh-hang-dji-600x469.jpg 600w, https:\/\/phukienflytech.vn\/wp-content\/uploads\/2020\/08\/tui-mavic-air-2-chinh-hang-dji.jpg 750w\" sizes=\"auto, (max-width: 512px) 100vw, 512px\" \/><\/span><\/p>\n<p>&nbsp;<\/p>\n<h2 style=\"text-align: justify;\"><span style=\"font-size: 21px; color: #0000ff;\"><strong>Th\u00f4ng tin Mavic Air 2 Bag :<\/strong><\/span><\/h2>\n<p style=\"text-align: justify;\"><span style=\"font-size: 18px;\">H\u00e3ng s\u1ea3n xu\u1ea5t: DJI<\/span><\/p>\n<p style=\"text-align: justify;\"><span style=\"font-size: 18px;\">Ch\u1ea5t li\u1ec7u: V\u1ea3i + Da PU<\/span><\/p>\n<p style=\"text-align: justify;\"><span style=\"font-size: 18px;\">Tr\u1ecdng l\u01b0\u1ee3ng : 600g<\/span><\/p>\n<p style=\"text-align: justify;\"><span style=\"font-size: 18px;\">K\u00edch th\u01b0\u1edbc: 25 x 22.5 x 8.4 cm<\/span><\/p>\n<p style=\"text-align: justify;\"><span style=\"font-size: 18px;\">Kh\u1ea3 n\u0103ng ch\u1ee9a \u0111\u1ef1ng : <em><strong>4 pin Mavic Air 2, m\u00e1y bay, tay khi\u1ec3n, c\u00e1c ph\u1ee5 ki\u1ec7n kh\u00e1c,\u2026.<\/strong><\/em><\/span><\/p>\n<p style=\"text-align: justify;\"><span style=\"font-size: 18px;\">S\u1ea3n ph\u1ea9m d\u00f9ng cho: <strong>DJI Mavic Air 2<\/strong><\/span><\/p>\n<p style=\"text-align: justify;\"><span style=\"font-size: 18px;\"> <img loading=\"lazy\" decoding=\"async\" class=\"alignnone wp-image-18018\" src=\"https:\/\/phukienflytech.vn\/wp-content\/uploads\/2020\/08\/tui-mavic-air-2-chinh-hang-dji-1-400x400.jpg\" alt=\"tui-mavic-air-2-chinh-hang-dji\" width=\"582\" height=\"582\" srcset=\"https:\/\/phukienflytech.vn\/wp-content\/uploads\/2020\/08\/tui-mavic-air-2-chinh-hang-dji-1-400x400.jpg 400w, https:\/\/phukienflytech.vn\/wp-content\/uploads\/2020\/08\/tui-mavic-air-2-chinh-hang-dji-1-280x280.jpg 280w, https:\/\/phukienflytech.vn\/wp-content\/uploads\/2020\/08\/tui-mavic-air-2-chinh-hang-dji-1-768x768.jpg 768w, https:\/\/phukienflytech.vn\/wp-content\/uploads\/2020\/08\/tui-mavic-air-2-chinh-hang-dji-1-300x300.jpg 300w, https:\/\/phukienflytech.vn\/wp-content\/uploads\/2020\/08\/tui-mavic-air-2-chinh-hang-dji-1-600x600.jpg 600w, https:\/\/phukienflytech.vn\/wp-content\/uploads\/2020\/08\/tui-mavic-air-2-chinh-hang-dji-1-100x100.jpg 100w, https:\/\/phukienflytech.vn\/wp-content\/uploads\/2020\/08\/tui-mavic-air-2-chinh-hang-dji-1.jpg 800w\" sizes=\"auto, (max-width: 582px) 100vw, 582px\" \/><\/span><\/p>\n<h3 style=\"text-align: justify;\"><span style=\"font-size: 18px; color: #000000;\"><strong>Thi\u1ebft k\u1ebf t\u00fai Mavic Air 2 \u2013 ch\u00ednh h\u00e3ng DJI<\/strong><\/span><\/h3>\n<p style=\"text-align: justify;\"><span style=\"font-size: 18px;\">M\u1ed9t thi\u1ebft k\u1ebf kh\u00e1 \u0111\u1ed9c \u0111\u00e1o v\u00e0 g\u1ecdn g\u00e0ng tho\u1ea3i m\u00e1i \u0111\u1ec3 mang theo. B\u1ec1 m\u1eb7t ngo\u00e0i l\u00e0m b\u1eb1ng ch\u1ea5t li\u1ec7u da k\u1ebft h\u1ee3p PU gi\u00fap \u0111em l\u1ea1i 1 v\u1ebb \u0111\u1eb9p v\u00e0 sang cho chi\u1ebfc t\u00fai. T\u00fai \u0111eo mavic air c\u00f3 kh\u1ea3 n\u0103ng ch\u1ed1ng n\u01b0\u1edbc nh\u1eb9.<\/span><\/p>\n<p>&nbsp;<\/p>\n<p style=\"text-align: justify;\"><span style=\"font-size: 18px;\"> <img loading=\"lazy\" decoding=\"async\" class=\"alignnone wp-image-18020 size-medium\" src=\"https:\/\/phukienflytech.vn\/wp-content\/uploads\/2020\/08\/tui-mavic-air-2-chinh-hang-dji-4-538x400.jpg\" alt=\"Mavic-Air-2-Bag-5\" width=\"538\" height=\"400\" srcset=\"https:\/\/phukienflytech.vn\/wp-content\/uploads\/2020\/08\/tui-mavic-air-2-chinh-hang-dji-4-538x400.jpg 538w, https:\/\/phukienflytech.vn\/wp-content\/uploads\/2020\/08\/tui-mavic-air-2-chinh-hang-dji-4-768x571.jpg 768w, https:\/\/phukienflytech.vn\/wp-content\/uploads\/2020\/08\/tui-mavic-air-2-chinh-hang-dji-4-600x446.jpg 600w, https:\/\/phukienflytech.vn\/wp-content\/uploads\/2020\/08\/tui-mavic-air-2-chinh-hang-dji-4.jpg 828w\" sizes=\"auto, (max-width: 538px) 100vw, 538px\" \/><\/span><\/p>\n<h3 style=\"text-align: justify;\"><span style=\"font-size: 18px; color: #000000;\"><strong>Kh\u00f4ng gian ch\u1ee9a \u0111\u1ed3 r\u1ed9ng r\u00e3i <\/strong><\/span><\/h3>\n<p style=\"text-align: justify;\"><span style=\"font-size: 18px;\">V\u1ec1 b\u00ean trong, t\u00fai \u0111eo \u0111\u01b0\u1ee3c trang b\u1ecb \u0111\u00eam m\u00fat kh\u00e1 d\u00e0y. \u0110\u1ea3m b\u1ea3o cho flycam kh\u1ecfi va \u0111\u1eadp b\u00ean ngo\u00e0i. C\u00e1c ng\u0103n \u0111\u01b0\u1ee3c chia th\u00f4ng minh v\u00e0 kh\u00f4ng gian ch\u1ee9a \u0111\u1ed3 r\u1ed9ng r\u00e3i. B\u1ea1n c\u00f3 th\u1ec3 \u0111\u1ef1ng t\u1ed1i \u0111a 4 <strong>pin Mavic Air 2<\/strong>. Tuy nhi\u00ean n\u1ebfu pin \u00edt h\u01a1n 4 b\u1ea1n c\u00f3 th\u1ec3 d\u00f9ng v\u1ecb tr\u00ed \u0111\u00f3 \u0111\u1ec3 ch\u1ee9a <a href=\"https:\/\/phukienflytech.vn\/en\/danh-muc\/mavic-air-2-accessory.html\" target=\"_blank\" rel=\"noopener noreferrer\"><strong>p<span style=\"color: #0000ff;\">h\u1ee5 ki\u1ec7n Mavic air 2<\/span><\/strong><\/a> kh\u00e1c<\/span><\/p>\n<p>&nbsp;<\/p>\n<p style=\"text-align: justify;\"><span style=\"font-size: 18px;\"> <img loading=\"lazy\" decoding=\"async\" class=\"alignnone wp-image-18022 size-medium\" src=\"https:\/\/phukienflytech.vn\/wp-content\/uploads\/2020\/08\/tui-mavic-air-2-chinh-hang-dji-5-400x400.jpg\" alt=\"tui-mavic-air-2-chinh-hang-dji\" width=\"400\" height=\"400\" srcset=\"https:\/\/phukienflytech.vn\/wp-content\/uploads\/2020\/08\/tui-mavic-air-2-chinh-hang-dji-5-400x400.jpg 400w, https:\/\/phukienflytech.vn\/wp-content\/uploads\/2020\/08\/tui-mavic-air-2-chinh-hang-dji-5-280x280.jpg 280w, https:\/\/phukienflytech.vn\/wp-content\/uploads\/2020\/08\/tui-mavic-air-2-chinh-hang-dji-5-300x300.jpg 300w, https:\/\/phukienflytech.vn\/wp-content\/uploads\/2020\/08\/tui-mavic-air-2-chinh-hang-dji-5-600x600.jpg 600w, https:\/\/phukienflytech.vn\/wp-content\/uploads\/2020\/08\/tui-mavic-air-2-chinh-hang-dji-5-100x100.jpg 100w, https:\/\/phukienflytech.vn\/wp-content\/uploads\/2020\/08\/tui-mavic-air-2-chinh-hang-dji-5.jpg 760w\" sizes=\"auto, (max-width: 400px) 100vw, 400px\" \/><\/span><\/p>\n<h3 style=\"text-align: justify;\"><span style=\"font-size: 18px; color: #000000;\"><strong>Kh\u1ea3 n\u0103ng ch\u1ed1ng n\u01b0\u1edbc \u1edf m\u1ee9c nh\u1eb9<\/strong><\/span><\/h3>\n<p style=\"text-align: justify;\"><span style=\"font-size: 18px;\">Ch\u1ea5t li\u1ec7u Da + PU \u0111em l\u1ea1i 1 b\u1ec1 m\u1eb7t kh\u00e1 tr\u01a1n v\u00e0 kh\u00f4ng th\u1ea5m n\u01b0\u1edbc. V\u00ec th\u1ebf t\u00fai \u0111eo c\u00f3 th\u1ec3 tr\u1ed1ng n\u01b0\u1edbc trong 1 s\u1ed1 tr\u01b0\u1eddng h\u1ee3p ch\u1eb3ng may b\u1ecb n\u01b0\u1edbc b\u1eafn v\u00e0o. Tuy nhi\u00ean s\u1ea3n ph\u1ea9m kh\u00f4ng khuy\u1ebfn c\u00e1o s\u1eed d\u1ee5ng trong \u0111i\u1ec1u ki\u1ec7n m\u01b0a to.<\/span><\/p>\n<p style=\"text-align: justify;\"><span style=\"font-size: 18px;\"> <img loading=\"lazy\" decoding=\"async\" class=\"alignnone wp-image-18024 size-medium\" src=\"https:\/\/phukienflytech.vn\/wp-content\/uploads\/2020\/08\/tui-mavic-air-2-chinh-hang-dji-6-400x400.jpg\" alt=\"Mavic-Air-2-Bag\" width=\"400\" height=\"400\" srcset=\"https:\/\/phukienflytech.vn\/wp-content\/uploads\/2020\/08\/tui-mavic-air-2-chinh-hang-dji-6-400x400.jpg 400w, https:\/\/phukienflytech.vn\/wp-content\/uploads\/2020\/08\/tui-mavic-air-2-chinh-hang-dji-6-280x280.jpg 280w, https:\/\/phukienflytech.vn\/wp-content\/uploads\/2020\/08\/tui-mavic-air-2-chinh-hang-dji-6-300x300.jpg 300w, https:\/\/phukienflytech.vn\/wp-content\/uploads\/2020\/08\/tui-mavic-air-2-chinh-hang-dji-6-600x600.jpg 600w, https:\/\/phukienflytech.vn\/wp-content\/uploads\/2020\/08\/tui-mavic-air-2-chinh-hang-dji-6-100x100.jpg 100w, https:\/\/phukienflytech.vn\/wp-content\/uploads\/2020\/08\/tui-mavic-air-2-chinh-hang-dji-6.jpg 760w\" sizes=\"auto, (max-width: 400px) 100vw, 400px\" \/><\/span><\/p>\n<p><span style=\"font-size: 18px;\"><strong>&gt;&gt;&gt; Xem th\u00eam s\u1ea3n ph\u1ea9m: <span style=\"color: #0000ff;\">T\u00fai \u0111eo Mavic Air 2 \u2013 PGYtech <a style=\"color: #0000ff;\" href=\"https:\/\/phukienflytech.vn\/en\/san-pham\/tui-deo-mavic-air-2-pgytech.html\" target=\"_blank\" rel=\"noopener noreferrer\">t\u1ea1i \u0111\u00e2y.<\/a>\u00a0<\/span><\/strong><\/span><\/p>\n<p>&nbsp;<\/p>\n<h2 style=\"text-align: justify;\"><span style=\"font-size: 21px; color: #0000ff;\"><strong>Mua ph\u1ee5 ki\u1ec7n Mavic Air 2 \u1edf \u0111\u00e2u H\u1ea3i Ph\u00f2ng<\/strong><\/span><\/h2>\n<p>&nbsp;<\/p>\n<p style=\"text-align: justify;\"><span style=\"font-size: 18px;\"><a href=\"https:\/\/www.facebook.com\/phukienflycam\" target=\"_blank\" rel=\"noopener noreferrer\"><strong>Ph\u1ee5 ki\u1ec7n flycam gi\u00e1 t\u1ed1t<\/strong><\/a>\u00a0h\u00e2n h\u1ea1nh l\u00e0 \u0111\u01a1n v\u1ecb ph\u00e2n ph\u1ed1i ch\u00ednh h\u00e3ng c\u00e1c s\u1ea3n ph\u1ea9m c\u1ee7a Pgytech. T\u1edbi v\u1edbi ch\u00fang t\u00f4i, c\u00e1c b\u1ea1n s\u1ebd mua \u0111\u01b0\u1ee3c nh\u1eefng s\u1ea3n ph\u1ea9m ch\u00ednh h\u00e3ng v\u1edbi gi\u00e1 m\u1ed9t m\u1ee9c gi\u00e1 t\u1ed1t nh\u1ea5t tr\u00ean th\u1ecb tr\u01b0\u1eddng.<\/span><\/p>\n<p>&nbsp;<\/p>\n<p style=\"text-align: justify;\"><span style=\"font-size: 18px;\"><img decoding=\"async\" src=\"https:\/\/phukienflytech.vn\/wp-content\/uploads\/2020\/07\/tai-sao-nen-su-dung-pin-mavic-mini-chinh-hang-10151-4-1-800x251.png\" \/><\/span><\/p>\n<p>&nbsp;<\/p>\n<p style=\"text-align: justify;\"><span style=\"font-size: 18px;\">Kh\u00f4ng ch\u1ec9 nh\u1eefng s\u1ea3n ph\u1ea9m ph\u1ee5 ki\u1ec7n ch\u00ednh h\u00e3ng Mavic Air 2. Ch\u00fang t\u00f4i c\u0169ng ph\u00e2n ph\u1ed1i c\u00e1c d\u00f2ng s\u1ea3n ph\u1ea9m ph\u1ee5 ki\u1ec7n c\u1ee7a DJI Mavic 2, DJI Phantom, DJI Spark,.. ch\u00ednh h\u00e3ng t\u1edbi t\u1eeb DJI, Pgytech v\u00e0 SunnyLife.<\/span><\/p>\n","protected":false},"excerpt":{"rendered":"<p>Mavic Air 2 Bag &nbsp; Mavic Air 2 Bag Tr\u00ean th\u1ecb tr\u01b0\u1eddng hi\u1ec7n nay \u0111\u00e3 c\u00f3 nhi\u1ec1u m\u1eabu s\u1ea3n ph\u1ea9m t\u00fai \u0111eo Mavic Air 2. Kh\u00f4ng ph\u1ea3i nh\u1eefng d\u00f2ng s\u1ea3n ph\u1ea9m vali c\u1ee9ng v\u1edbi kh\u1ea3 n\u0103ng chuy\u00ean d\u1ee5ng. Nh\u1eefng m\u1eabu t\u00fai \u0111eo n\u00e0y \u0111\u01b0\u1ee3c thi\u1ebft k\u1ebf b\u1eb1ng v\u1ea3i m\u1ec1m. form d\u00e1ng th\u1eddi trang nh\u1ecf g\u1ecdn &#8230;<\/p>\n","protected":false},"featured_media":18028,"comment_status":"open","ping_status":"closed","template":"","meta":{"_acf_changed":false},"product_brand":[],"product_cat":[199],"product_tag":[],"class_list":{"0":"post-18033","1":"product","2":"type-product","3":"status-publish","4":"has-post-thumbnail","6":"product_cat-mavic-air-2-accessory","8":"first","9":"instock","10":"shipping-taxable","11":"purchasable","12":"product-type-simple"},"acf":[],"yoast_head":"<!-- This site is optimized with the Yoast SEO plugin v25.7 - https:\/\/yoast.com\/wordpress\/plugins\/seo\/ -->\n<title>Mavic Air 2 Bag - Mavic air 2 accessory - Available - Original DJI<\/title>\n<meta name=\"description\" content=\"Mavic Air 2 Bag is one of the most important accessory. Contact us to buy Mavic Air 2 Bag for best price, fast shipping in Vietnam.\" \/>\n<meta name=\"robots\" content=\"index, follow, max-snippet:-1, max-image-preview:large, max-video-preview:-1\" \/>\n<link rel=\"canonical\" href=\"https:\/\/phukienflytech.vn\/san-pham\/tui-mavic-air-2-chinh-hang-dji.html\" \/>\n<meta property=\"og:locale\" content=\"en_US\" \/>\n<meta property=\"og:type\" content=\"article\" \/>\n<meta property=\"og:title\" content=\"Mavic Air 2 Bag - Mavic air 2 accessory - Available - Original DJI\" \/>\n<meta property=\"og:description\" content=\"Mavic Air 2 Bag is one of the most important accessory. Contact us to buy Mavic Air 2 Bag for best price, fast shipping in Vietnam.\" \/>\n<meta property=\"og:url\" content=\"https:\/\/phukienflytech.vn\/san-pham\/tui-mavic-air-2-chinh-hang-dji.html\" \/>\n<meta property=\"og:site_name\" content=\"Shop M\u00e1y \u1ea3nh - Action Camera - Gimbal - Flycam - Ph\u1ee5 ki\u1ec7n\" \/>\n<meta property=\"article:publisher\" content=\"https:\/\/facebook.com\/phukienflycam\" \/>\n<meta property=\"article:modified_time\" content=\"2020-10-14T08:54:09+00:00\" \/>\n<meta property=\"og:image\" content=\"https:\/\/phukienflytech.vn\/wp-content\/uploads\/2020\/08\/tui-mavic-air-2-chinh-hang-dji-11-Copy.jpg\" \/>\n\t<meta property=\"og:image:width\" content=\"300\" \/>\n\t<meta property=\"og:image:height\" content=\"300\" \/>\n\t<meta property=\"og:image:type\" content=\"image\/jpeg\" \/>\n<meta name=\"twitter:card\" content=\"summary_large_image\" \/>\n<meta name=\"twitter:label1\" content=\"Est. reading time\" \/>\n\t<meta name=\"twitter:data1\" content=\"3 minutes\" \/>\n<script type=\"application\/ld+json\" class=\"yoast-schema-graph\">{\"@context\":\"https:\/\/schema.org\",\"@graph\":[{\"@type\":\"WebPage\",\"@id\":\"https:\/\/phukienflytech.vn\/san-pham\/tui-mavic-air-2-chinh-hang-dji.html\",\"url\":\"https:\/\/phukienflytech.vn\/san-pham\/tui-mavic-air-2-chinh-hang-dji.html\",\"name\":\"Mavic Air 2 Bag - Mavic air 2 accessory - Available - Original DJI\",\"isPartOf\":{\"@id\":\"https:\/\/phukienflytech.vn\/#website\"},\"primaryImageOfPage\":{\"@id\":\"https:\/\/phukienflytech.vn\/san-pham\/tui-mavic-air-2-chinh-hang-dji.html#primaryimage\"},\"image\":{\"@id\":\"https:\/\/phukienflytech.vn\/san-pham\/tui-mavic-air-2-chinh-hang-dji.html#primaryimage\"},\"thumbnailUrl\":\"https:\/\/phukienflytech.vn\/wp-content\/uploads\/2020\/08\/tui-mavic-air-2-chinh-hang-dji-11-Copy.jpg\",\"datePublished\":\"2020-08-03T15:04:40+00:00\",\"dateModified\":\"2020-10-14T08:54:09+00:00\",\"description\":\"Mavic Air 2 Bag is one of the most important accessory. Contact us to buy Mavic Air 2 Bag for best price, fast shipping in Vietnam.\",\"breadcrumb\":{\"@id\":\"https:\/\/phukienflytech.vn\/san-pham\/tui-mavic-air-2-chinh-hang-dji.html#breadcrumb\"},\"inLanguage\":\"en-US\",\"potentialAction\":[{\"@type\":\"ReadAction\",\"target\":[\"https:\/\/phukienflytech.vn\/san-pham\/tui-mavic-air-2-chinh-hang-dji.html\"]}]},{\"@type\":\"ImageObject\",\"inLanguage\":\"en-US\",\"@id\":\"https:\/\/phukienflytech.vn\/san-pham\/tui-mavic-air-2-chinh-hang-dji.html#primaryimage\",\"url\":\"https:\/\/phukienflytech.vn\/wp-content\/uploads\/2020\/08\/tui-mavic-air-2-chinh-hang-dji-11-Copy.jpg\",\"contentUrl\":\"https:\/\/phukienflytech.vn\/wp-content\/uploads\/2020\/08\/tui-mavic-air-2-chinh-hang-dji-11-Copy.jpg\",\"width\":300,\"height\":300},{\"@type\":\"BreadcrumbList\",\"@id\":\"https:\/\/phukienflytech.vn\/san-pham\/tui-mavic-air-2-chinh-hang-dji.html#breadcrumb\",\"itemListElement\":[{\"@type\":\"ListItem\",\"position\":1,\"name\":\"Home\",\"item\":\"https:\/\/phukienflytech.vn\/en\"},{\"@type\":\"ListItem\",\"position\":2,\"name\":\"Ph\u1ee5 ki\u1ec7n Mavic Pro\",\"item\":\"https:\/\/phukienflytech.vn\/en\/phu-kien-mavic-pro.html\"},{\"@type\":\"ListItem\",\"position\":3,\"name\":\"Ph\u1ee5 ki\u1ec7n DJI - Osmo\",\"item\":\"https:\/\/phukienflytech.vn\/danh-muc\/phu-kien-dji-osmo.html\"},{\"@type\":\"ListItem\",\"position\":4,\"name\":\"Ph\u1ee5 ki\u1ec7n DJI Mavic Air 2\",\"item\":\"https:\/\/phukienflytech.vn\/danh-muc\/phu-kien-mavic-air-2.html\"},{\"@type\":\"ListItem\",\"position\":5,\"name\":\"Original Mavic Air 2 Bag &#8211; DJI\"}]},{\"@type\":\"WebSite\",\"@id\":\"https:\/\/phukienflytech.vn\/#website\",\"url\":\"https:\/\/phukienflytech.vn\/\",\"name\":\"Shop M\u00e1y \u1ea3nh - Action Camera - Gimbal - Flycam - Ph\u1ee5 ki\u1ec7n\",\"description\":\"Shop M\u00e1y \u1ea3nh - Action Camera - Gimbal - Flycam - Ph\u1ee5 ki\u1ec7n\",\"publisher\":{\"@id\":\"https:\/\/phukienflytech.vn\/#organization\"},\"potentialAction\":[{\"@type\":\"SearchAction\",\"target\":{\"@type\":\"EntryPoint\",\"urlTemplate\":\"https:\/\/phukienflytech.vn\/?s={search_term_string}\"},\"query-input\":{\"@type\":\"PropertyValueSpecification\",\"valueRequired\":true,\"valueName\":\"search_term_string\"}}],\"inLanguage\":\"en-US\"},{\"@type\":\"Organization\",\"@id\":\"https:\/\/phukienflytech.vn\/#organization\",\"name\":\"DJI Store - Shop Drone, Action camera, Gimbal DJI |Phukienflytech\",\"alternateName\":\"DJI Store - Shop Drone, Action camera, Gimbal DJI |Phukienflytech\",\"url\":\"https:\/\/phukienflytech.vn\/\",\"logo\":{\"@type\":\"ImageObject\",\"inLanguage\":\"en-US\",\"@id\":\"https:\/\/phukienflytech.vn\/#\/schema\/logo\/image\/\",\"url\":\"https:\/\/phukienflytech.vn\/wp-content\/uploads\/2020\/05\/hAnh_nan.jpg1_.jpg\",\"contentUrl\":\"https:\/\/phukienflytech.vn\/wp-content\/uploads\/2020\/05\/hAnh_nan.jpg1_.jpg\",\"width\":800,\"height\":450,\"caption\":\"DJI Store - Shop Drone, Action camera, Gimbal DJI |Phukienflytech\"},\"image\":{\"@id\":\"https:\/\/phukienflytech.vn\/#\/schema\/logo\/image\/\"},\"sameAs\":[\"https:\/\/facebook.com\/phukienflycam\",\"https:\/\/www.youtube.com\/@phukienflytech\",\"https:\/\/www.tiktok.com\/@flytech.channel?fbclid=IwY2xjawGjg7BleHRuA2FlbQIxMAABHYVGmlXpuSMs0UB2zTpYvyT4GMVfN2qJa4urF4vkSQ6FAVBwXZtDP30qQA_aem_UwMiDcUvlEbd2tXAmsc8Og\"]}]}<\/script>\n<!-- \/ Yoast SEO plugin. -->","yoast_head_json":{"title":"Mavic Air 2 Bag - Mavic air 2 accessory - Available - Original DJI","description":"Mavic Air 2 Bag is one of the most important accessory. Contact us to buy Mavic Air 2 Bag for best price, fast shipping in Vietnam.","robots":{"index":"index","follow":"follow","max-snippet":"max-snippet:-1","max-image-preview":"max-image-preview:large","max-video-preview":"max-video-preview:-1"},"canonical":"https:\/\/phukienflytech.vn\/san-pham\/tui-mavic-air-2-chinh-hang-dji.html","og_locale":"en_US","og_type":"article","og_title":"Mavic Air 2 Bag - Mavic air 2 accessory - Available - Original DJI","og_description":"Mavic Air 2 Bag is one of the most important accessory. Contact us to buy Mavic Air 2 Bag for best price, fast shipping in Vietnam.","og_url":"https:\/\/phukienflytech.vn\/san-pham\/tui-mavic-air-2-chinh-hang-dji.html","og_site_name":"Shop M\u00e1y \u1ea3nh - Action Camera - Gimbal - Flycam - Ph\u1ee5 ki\u1ec7n","article_publisher":"https:\/\/facebook.com\/phukienflycam","article_modified_time":"2020-10-14T08:54:09+00:00","og_image":[{"width":300,"height":300,"url":"https:\/\/phukienflytech.vn\/wp-content\/uploads\/2020\/08\/tui-mavic-air-2-chinh-hang-dji-11-Copy.jpg","type":"image\/jpeg"}],"twitter_card":"summary_large_image","twitter_misc":{"Est. reading time":"3 minutes"},"schema":{"@context":"https:\/\/schema.org","@graph":[{"@type":"WebPage","@id":"https:\/\/phukienflytech.vn\/san-pham\/tui-mavic-air-2-chinh-hang-dji.html","url":"https:\/\/phukienflytech.vn\/san-pham\/tui-mavic-air-2-chinh-hang-dji.html","name":"Mavic Air 2 Bag - Mavic air 2 accessory - Available - Original DJI","isPartOf":{"@id":"https:\/\/phukienflytech.vn\/#website"},"primaryImageOfPage":{"@id":"https:\/\/phukienflytech.vn\/san-pham\/tui-mavic-air-2-chinh-hang-dji.html#primaryimage"},"image":{"@id":"https:\/\/phukienflytech.vn\/san-pham\/tui-mavic-air-2-chinh-hang-dji.html#primaryimage"},"thumbnailUrl":"https:\/\/phukienflytech.vn\/wp-content\/uploads\/2020\/08\/tui-mavic-air-2-chinh-hang-dji-11-Copy.jpg","datePublished":"2020-08-03T15:04:40+00:00","dateModified":"2020-10-14T08:54:09+00:00","description":"Mavic Air 2 Bag is one of the most important accessory. Contact us to buy Mavic Air 2 Bag for best price, fast shipping in Vietnam.","breadcrumb":{"@id":"https:\/\/phukienflytech.vn\/san-pham\/tui-mavic-air-2-chinh-hang-dji.html#breadcrumb"},"inLanguage":"en-US","potentialAction":[{"@type":"ReadAction","target":["https:\/\/phukienflytech.vn\/san-pham\/tui-mavic-air-2-chinh-hang-dji.html"]}]},{"@type":"ImageObject","inLanguage":"en-US","@id":"https:\/\/phukienflytech.vn\/san-pham\/tui-mavic-air-2-chinh-hang-dji.html#primaryimage","url":"https:\/\/phukienflytech.vn\/wp-content\/uploads\/2020\/08\/tui-mavic-air-2-chinh-hang-dji-11-Copy.jpg","contentUrl":"https:\/\/phukienflytech.vn\/wp-content\/uploads\/2020\/08\/tui-mavic-air-2-chinh-hang-dji-11-Copy.jpg","width":300,"height":300},{"@type":"BreadcrumbList","@id":"https:\/\/phukienflytech.vn\/san-pham\/tui-mavic-air-2-chinh-hang-dji.html#breadcrumb","itemListElement":[{"@type":"ListItem","position":1,"name":"Home","item":"https:\/\/phukienflytech.vn\/en"},{"@type":"ListItem","position":2,"name":"Ph\u1ee5 ki\u1ec7n Mavic Pro","item":"https:\/\/phukienflytech.vn\/en\/phu-kien-mavic-pro.html"},{"@type":"ListItem","position":3,"name":"Ph\u1ee5 ki\u1ec7n DJI - Osmo","item":"https:\/\/phukienflytech.vn\/danh-muc\/phu-kien-dji-osmo.html"},{"@type":"ListItem","position":4,"name":"Ph\u1ee5 ki\u1ec7n DJI Mavic Air 2","item":"https:\/\/phukienflytech.vn\/danh-muc\/phu-kien-mavic-air-2.html"},{"@type":"ListItem","position":5,"name":"Original Mavic Air 2 Bag &#8211; DJI"}]},{"@type":"WebSite","@id":"https:\/\/phukienflytech.vn\/#website","url":"https:\/\/phukienflytech.vn\/","name":"Shop M\u00e1y \u1ea3nh - Action Camera - Gimbal - Flycam - Ph\u1ee5 ki\u1ec7n","description":"Shop M\u00e1y \u1ea3nh - Action Camera - Gimbal - Flycam - Ph\u1ee5 ki\u1ec7n","publisher":{"@id":"https:\/\/phukienflytech.vn\/#organization"},"potentialAction":[{"@type":"SearchAction","target":{"@type":"EntryPoint","urlTemplate":"https:\/\/phukienflytech.vn\/?s={search_term_string}"},"query-input":{"@type":"PropertyValueSpecification","valueRequired":true,"valueName":"search_term_string"}}],"inLanguage":"en-US"},{"@type":"Organization","@id":"https:\/\/phukienflytech.vn\/#organization","name":"DJI Store - Shop Drone, Action camera, Gimbal DJI |Phukienflytech","alternateName":"DJI Store - Shop Drone, Action camera, Gimbal DJI |Phukienflytech","url":"https:\/\/phukienflytech.vn\/","logo":{"@type":"ImageObject","inLanguage":"en-US","@id":"https:\/\/phukienflytech.vn\/#\/schema\/logo\/image\/","url":"https:\/\/phukienflytech.vn\/wp-content\/uploads\/2020\/05\/hAnh_nan.jpg1_.jpg","contentUrl":"https:\/\/phukienflytech.vn\/wp-content\/uploads\/2020\/05\/hAnh_nan.jpg1_.jpg","width":800,"height":450,"caption":"DJI Store - Shop Drone, Action camera, Gimbal DJI |Phukienflytech"},"image":{"@id":"https:\/\/phukienflytech.vn\/#\/schema\/logo\/image\/"},"sameAs":["https:\/\/facebook.com\/phukienflycam","https:\/\/www.youtube.com\/@phukienflytech","https:\/\/www.tiktok.com\/@flytech.channel?fbclid=IwY2xjawGjg7BleHRuA2FlbQIxMAABHYVGmlXpuSMs0UB2zTpYvyT4GMVfN2qJa4urF4vkSQ6FAVBwXZtDP30qQA_aem_UwMiDcUvlEbd2tXAmsc8Og"]}]}},"_links":{"self":[{"href":"https:\/\/phukienflytech.vn\/en\/wp-json\/wp\/v2\/product\/18033","targetHints":{"allow":["GET"]}}],"collection":[{"href":"https:\/\/phukienflytech.vn\/en\/wp-json\/wp\/v2\/product"}],"about":[{"href":"https:\/\/phukienflytech.vn\/en\/wp-json\/wp\/v2\/types\/product"}],"replies":[{"embeddable":true,"href":"https:\/\/phukienflytech.vn\/en\/wp-json\/wp\/v2\/comments?post=18033"}],"wp:featuredmedia":[{"embeddable":true,"href":"https:\/\/phukienflytech.vn\/en\/wp-json\/wp\/v2\/media\/18028"}],"wp:attachment":[{"href":"https:\/\/phukienflytech.vn\/en\/wp-json\/wp\/v2\/media?parent=18033"}],"wp:term":[{"taxonomy":"product_brand","embeddable":true,"href":"https:\/\/phukienflytech.vn\/en\/wp-json\/wp\/v2\/product_brand?post=18033"},{"taxonomy":"product_cat","embeddable":true,"href":"https:\/\/phukienflytech.vn\/en\/wp-json\/wp\/v2\/product_cat?post=18033"},{"taxonomy":"product_tag","embeddable":true,"href":"https:\/\/phukienflytech.vn\/en\/wp-json\/wp\/v2\/product_tag?post=18033"}],"curies":[{"name":"wp","href":"https:\/\/api.w.org\/{rel}","templated":true}]}}