{"id":18035,"date":"2020-08-03T21:55:59","date_gmt":"2020-08-03T14:55:59","guid":{"rendered":"https:\/\/phukienflytech.vn\/san-pham\/vali-mavic-air-2-chuyen-dung-dji.html"},"modified":"2020-10-14T15:50:31","modified_gmt":"2020-10-14T08:50:31","slug":"mavic-air-2-hard-suicase-2","status":"publish","type":"product","link":"https:\/\/phukienflytech.vn\/en\/san-pham\/mavic-air-2-hard-suicase-2.html","title":{"rendered":"Original Mavic Air 2 hard suicase -DJI"},"content":{"rendered":"<h2 style=\"text-align: justify;\"><span style=\"color: #0000ff;\"><em><strong>Mavic Air 2 hard suicase<\/strong><\/em><\/span><\/h2>\n<h3 style=\"text-align: justify;\"><\/h3>\n<p><span style=\"font-size: 18px;\">Mavic Air 2 hard suicase<\/span><\/p>\n<p style=\"text-align: justify;\"><span style=\"font-size: 18px;\">B\u00ean c\u1ea1nh c\u00e1c s\u1ea3n ph\u1ea9m <strong>t\u00fai \u0111eo ch\u1ed1ng s\u1ed1c Mavic Air 2.<\/strong> Th\u00ec d\u00f2ng s\u1ea3n ph\u1ea9m <strong>Vali Mavic air 2 chuy\u00ean d\u1ee5ng<\/strong> c\u0169ng l\u00e0 m\u1ed9t trong nh\u1eefng s\u1ea3n ph\u1ea9m \u0111\u01b0\u1ee3c t\u00ecm mua nhi\u1ec1u. B\u1edbi c\u00e1c \u0111\u1eb7c t\u00ednh chuy\u00ean d\u1ee5ng trong c\u00e1c m\u00f4i tr\u01b0\u1eddng th\u1eddi ti\u1ebft \u0111\u1eb7c bi\u1ec7t. X\u00e9t v\u1ec1 gi\u00e1 th\u00e0nh \u0111\u00e2y l\u00e0 s\u1ea3n ph\u1ea9m c\u00f3 m\u1ee9c gi\u00e1 cao nh\u1ea5t. Ch\u00fang ta c\u00f9ng t\u00ecm hi\u1ec3u trong m\u1eabu vali n\u00e0y nh\u00e9<\/span><\/p>\n<p>&nbsp;<\/p>\n<p style=\"text-align: justify;\"><span style=\"font-size: 18px;\"><img loading=\"lazy\" decoding=\"async\" class=\"alignnone wp-image-18011 size-medium\" src=\"https:\/\/phukienflytech.vn\/wp-content\/uploads\/2020\/08\/vali-mavic-air-2-chuyen-dung-chinh-hang-dji-6-599x400.jpg\" alt=\"Mavic-Air-2-hard-suicase-9\" width=\"599\" height=\"400\" srcset=\"https:\/\/phukienflytech.vn\/wp-content\/uploads\/2020\/08\/vali-mavic-air-2-chuyen-dung-chinh-hang-dji-6-599x400.jpg 599w, https:\/\/phukienflytech.vn\/wp-content\/uploads\/2020\/08\/vali-mavic-air-2-chuyen-dung-chinh-hang-dji-6-768x513.jpg 768w, https:\/\/phukienflytech.vn\/wp-content\/uploads\/2020\/08\/vali-mavic-air-2-chuyen-dung-chinh-hang-dji-6-600x401.jpg 600w, https:\/\/phukienflytech.vn\/wp-content\/uploads\/2020\/08\/vali-mavic-air-2-chuyen-dung-chinh-hang-dji-6.jpg 958w\" sizes=\"auto, (max-width: 599px) 100vw, 599px\" \/><\/span><\/p>\n<h2 style=\"text-align: justify;\"><span style=\"font-size: 21px; color: #0000ff;\"><strong>Th\u00f4ng tin Mavic Air 2 hard suicase :<\/strong><\/span><\/h2>\n<p style=\"text-align: justify;\"><span style=\"font-size: 18px;\">H\u00e3ng s\u1ea3n xu\u1ea5t: DJI<\/span><\/p>\n<p style=\"text-align: justify;\"><span style=\"font-size: 18px;\">Ch\u1ea5t li\u1ec7u: ABS<\/span><\/p>\n<p style=\"text-align: justify;\"><span style=\"font-size: 18px;\">Tr\u1ecdng l\u01b0\u1ee3ng t\u1ecbnh: 1674g<\/span><\/p>\n<p style=\"text-align: justify;\"><span style=\"font-size: 18px;\">K\u00edch th\u01b0\u1edbc s\u1ea3n ph\u1ea9m: 41 x 33 x 12,5cm<\/span><\/p>\n<p style=\"text-align: justify;\"><span style=\"font-size: 18px;\">S\u1ea3n ph\u1ea9m d\u00f9ng cho: DJI Mavic Air 2<\/span><\/p>\n<p style=\"text-align: justify;\"><span style=\"font-size: 18px;\"><img loading=\"lazy\" decoding=\"async\" class=\"alignnone size-medium wp-image-18007\" src=\"https:\/\/phukienflytech.vn\/wp-content\/uploads\/2020\/08\/vali-mavic-air-2-chuyen-dung-chinh-hang-dji-3-400x400.jpg\" alt=\"\" width=\"400\" height=\"400\" srcset=\"https:\/\/phukienflytech.vn\/wp-content\/uploads\/2020\/08\/vali-mavic-air-2-chuyen-dung-chinh-hang-dji-3-400x400.jpg 400w, https:\/\/phukienflytech.vn\/wp-content\/uploads\/2020\/08\/vali-mavic-air-2-chuyen-dung-chinh-hang-dji-3-280x280.jpg 280w, https:\/\/phukienflytech.vn\/wp-content\/uploads\/2020\/08\/vali-mavic-air-2-chuyen-dung-chinh-hang-dji-3-300x300.jpg 300w, https:\/\/phukienflytech.vn\/wp-content\/uploads\/2020\/08\/vali-mavic-air-2-chuyen-dung-chinh-hang-dji-3-600x600.jpg 600w, https:\/\/phukienflytech.vn\/wp-content\/uploads\/2020\/08\/vali-mavic-air-2-chuyen-dung-chinh-hang-dji-3-100x100.jpg 100w, https:\/\/phukienflytech.vn\/wp-content\/uploads\/2020\/08\/vali-mavic-air-2-chuyen-dung-chinh-hang-dji-3.jpg 760w\" sizes=\"auto, (max-width: 400px) 100vw, 400px\" \/><\/span><\/p>\n<h2 style=\"text-align: justify;\"><span style=\"font-size: 21px; color: #0000ff;\"><strong>C\u00e1c t\u00ednh n\u0103ng c\u1ee7a Vali Mavic Air 2 chuy\u00ean d\u1ee5ng \u2013 DJI<\/strong><\/span><\/h2>\n<ul style=\"text-align: justify;\">\n<li>\n<h3><span style=\"font-size: 18px;\"><strong>Thi\u1ebft k\u1ebf ch\u1eafc ch\u1eafn ch\u1ed1ng va \u0111\u1eadp, ch\u1ed1ng s\u1ed1c tuy\u1ec7t \u0111\u1ed1i<\/strong><\/span><\/h3>\n<\/li>\n<\/ul>\n<p style=\"text-align: justify;\"><span style=\"font-size: 18px;\">S\u1ea3n ph\u1ea9m Vali Mavic Air 2 c\u00f3 l\u1edbp v\u1ecf l\u00e0 t\u1eeb nh\u1ef1a ABS c\u1ee9ng gi\u00fap ch\u1ed1ng th\u1ea5m v\u00e0 ch\u1ed1ng s\u1ed1c. B\u00ean trong Vali l\u00e0 m\u1ed9t l\u1edbp m\u00fat l\u00f3t gi\u00fap h\u1ea5p th\u1ee5 ngo\u1ea1i l\u1ef1c. M\u1ed9t \u0111i\u1ec3m n\u1ed1i b\u1eadt tr\u00ean d\u00f2ng vali cao c\u1ea5p \u0111\u00f3 ch\u00ednh l\u00e0 h\u1ec7 th\u1ed1ng \u0111i\u1ec1u ch\u1ec9nh \u00e1p su\u1ea5t b\u00ean trong vali. V\u1edbi h\u1ec7 th\u1ed1ng n\u00e0y, s\u1ebd gi\u00fap vali c\u1ee7a b\u1ea1n an to\u00e0n h\u01a1n tr\u00e1nh nh\u1eefng t\u00ecnh hu\u1ed1ng b\u1ecb n\u00e9n qu\u00e1 m\u1ea1nh.<\/span><\/p>\n<p style=\"text-align: justify;\"><span style=\"font-size: 18px;\"><img loading=\"lazy\" decoding=\"async\" class=\"alignnone wp-image-18005 size-medium\" src=\"https:\/\/phukienflytech.vn\/wp-content\/uploads\/2020\/08\/vali-mavic-air-2-chuyen-dung-chinh-hang-dji-2-400x400.jpg\" alt=\"Mavic-Air-2-hard-suicase-1\" width=\"400\" height=\"400\" srcset=\"https:\/\/phukienflytech.vn\/wp-content\/uploads\/2020\/08\/vali-mavic-air-2-chuyen-dung-chinh-hang-dji-2-400x400.jpg 400w, https:\/\/phukienflytech.vn\/wp-content\/uploads\/2020\/08\/vali-mavic-air-2-chuyen-dung-chinh-hang-dji-2-280x280.jpg 280w, https:\/\/phukienflytech.vn\/wp-content\/uploads\/2020\/08\/vali-mavic-air-2-chuyen-dung-chinh-hang-dji-2-300x300.jpg 300w, https:\/\/phukienflytech.vn\/wp-content\/uploads\/2020\/08\/vali-mavic-air-2-chuyen-dung-chinh-hang-dji-2-600x600.jpg 600w, https:\/\/phukienflytech.vn\/wp-content\/uploads\/2020\/08\/vali-mavic-air-2-chuyen-dung-chinh-hang-dji-2-100x100.jpg 100w, https:\/\/phukienflytech.vn\/wp-content\/uploads\/2020\/08\/vali-mavic-air-2-chuyen-dung-chinh-hang-dji-2.jpg 760w\" sizes=\"auto, (max-width: 400px) 100vw, 400px\" \/><\/span><\/p>\n<p>&nbsp;<\/p>\n<ul style=\"text-align: justify;\">\n<li>\n<h3><span style=\"font-size: 18px;\"><strong>Kh\u1ea3 n\u0103ng ch\u1ed1ng n\u01b0\u1edbc \u0111\u1ea1t ti\u00eau chu\u1ea9n IP67<\/strong><\/span><\/h3>\n<\/li>\n<\/ul>\n<p style=\"text-align: justify;\"><span style=\"font-size: 18px;\"><strong>Vali mavic air 2 ch\u1ed1ng s\u1ed1c DJI<\/strong>, chi\u1ebfc flycam s\u1ebd lu\u00f4n lu\u00f4n \u0111\u01b0\u1ee3c gi\u1eef k\u00edn. H\u1ec7 th\u1ed1ng ki\u1ec3m so\u00e1t \u00e1p su\u1ea5t trong vali ng\u0103n ng\u1eeba \u1ea9m v\u00e0 b\u1ecdt kh\u00ed. Kh\u00f4ng th\u1ea5m n\u01b0\u1edbc ( \u0111\u00e1nh gi\u00e1 \u0111\u1ea1t chu\u1ea9n IP 67), ch\u1ed1ng b\u1ee5i, ch\u1ed1ng s\u1ed1c<\/span><\/p>\n<p>&nbsp;<\/p>\n<p style=\"text-align: justify;\"><span style=\"font-size: 18px;\"> \u00a0<img loading=\"lazy\" decoding=\"async\" class=\"alignnone wp-image-18013 size-medium\" src=\"https:\/\/phukienflytech.vn\/wp-content\/uploads\/2020\/08\/vali-mavic-air-2-chuyen-dung-chinh-hang-dji-7-600x400.jpg\" alt=\"Mavic-Air-2-hard-suicase\" width=\"600\" height=\"400\" srcset=\"https:\/\/phukienflytech.vn\/wp-content\/uploads\/2020\/08\/vali-mavic-air-2-chuyen-dung-chinh-hang-dji-7-600x400.jpg 600w, https:\/\/phukienflytech.vn\/wp-content\/uploads\/2020\/08\/vali-mavic-air-2-chuyen-dung-chinh-hang-dji-7-768x512.jpg 768w, https:\/\/phukienflytech.vn\/wp-content\/uploads\/2020\/08\/vali-mavic-air-2-chuyen-dung-chinh-hang-dji-7.jpg 960w\" sizes=\"auto, (max-width: 600px) 100vw, 600px\" \/><\/span><\/p>\n<p>&nbsp;<\/p>\n<p><span style=\"font-size: 18px;\">Thi\u1ebft k\u1ebf ch\u1ee9a \u0111\u1ed3 b\u00ean trong vali<\/span><\/p>\n<p>&nbsp;<\/p>\n<p style=\"text-align: justify;\"><span style=\"font-size: 18px;\"><img loading=\"lazy\" decoding=\"async\" class=\"alignnone wp-image-18003 size-full\" src=\"https:\/\/phukienflytech.vn\/wp-content\/uploads\/2020\/08\/vali-mavic-air-2-chuyen-dung-chinh-hang-dji-1.jpg\" alt=\"vali-mavic-air-2-chuyen-dung-dji-phu-kien-flytech\" width=\"521\" height=\"363\" \/><\/span><\/p>\n<p>&nbsp;<\/p>\n<p><span style=\"font-size: 18px;\">Xem th\u00eam c\u00e1c s\u1ea3n ph\u1ea9m Vali t\u00fai \u0111eo Mavic Air 2\u00a0<\/span><\/p>\n<p>&nbsp;<\/p>\n<p><span style=\"font-size: 18px;\"><span style=\"color: #0000ff;\">&gt;&gt;&gt; <\/span><strong><span style=\"color: #0000ff;\">Vali Mavic Air 2 \u2013 Professional Sunnylife <\/span><span style=\"color: #0000ff;\"><a style=\"color: #0000ff;\" href=\"https:\/\/phukienflytech.vn\/en\/san-pham\/vali-mavic-air-2-professional-sunnylife.html\" target=\"_blank\" rel=\"noopener noreferrer\">t\u1ea1i \u0111\u00e2y<\/a><\/span><\/strong><\/span><\/p>\n<p><span style=\"font-size: 18px;\"><span style=\"color: #0000ff;\">&gt;&gt;&gt; <\/span><strong><span style=\"color: #0000ff;\">T\u00fai \u0111eo Mavic Air 2 \u2013 PGYtech <\/span><span style=\"color: #0000ff;\"><a style=\"color: #0000ff;\" href=\"https:\/\/phukienflytech.vn\/en\/san-pham\/tui-deo-mavic-air-2-pgytech.html\">t\u1ea1i<\/a><\/span><span style=\"color: #0000ff;\"><a style=\"color: #0000ff;\" href=\"https:\/\/phukienflytech.vn\/en\/san-pham\/tui-deo-mavic-air-2-pgytech.html\" target=\"_blank\" rel=\"noopener noreferrer\"> \u0111\u00e2y<\/a><\/span><\/strong><\/span><\/p>\n<p>&nbsp;<\/p>\n<h2 style=\"text-align: justify;\"><span style=\"font-size: 21px; color: #0000ff;\"><strong>Mua ph\u1ee5 ki\u1ec7n Mavic Air 2 \u1edf \u0111\u00e2u H\u1ea3i Ph\u00f2ng<\/strong><\/span><\/h2>\n<p style=\"text-align: justify;\"><span style=\"font-size: 18px;\"><a href=\"https:\/\/www.facebook.com\/phukienflycam\" target=\"_blank\" rel=\"noopener noreferrer\"><strong>Ph\u1ee5 ki\u1ec7n flycam gi\u00e1 t\u1ed1t<\/strong><\/a>\u00a0h\u00e2n h\u1ea1nh l\u00e0 \u0111\u01a1n v\u1ecb ph\u00e2n ph\u1ed1i ch\u00ednh h\u00e3ng c\u00e1c s\u1ea3n ph\u1ea9m c\u1ee7a Pgytech. T\u1edbi v\u1edbi ch\u00fang t\u00f4i, c\u00e1c b\u1ea1n s\u1ebd mua \u0111\u01b0\u1ee3c nh\u1eefng s\u1ea3n ph\u1ea9m ch\u00ednh h\u00e3ng v\u1edbi gi\u00e1 m\u1ed9t m\u1ee9c gi\u00e1 t\u1ed1t nh\u1ea5t tr\u00ean th\u1ecb tr\u01b0\u1eddng.<\/span><\/p>\n<p>&nbsp;<\/p>\n<p style=\"text-align: justify;\"><span style=\"font-size: 18px;\"><img decoding=\"async\" src=\"https:\/\/phukienflytech.vn\/wp-content\/uploads\/2020\/07\/tai-sao-nen-su-dung-pin-mavic-mini-chinh-hang-10151-4-1-800x251.png\" \/><\/span><\/p>\n<p>&nbsp;<\/p>\n<p style=\"text-align: justify;\"><span style=\"font-size: 18px;\">Kh\u00f4ng ch\u1ec9 nh\u1eefng s\u1ea3n ph\u1ea9m ph\u1ee5 ki\u1ec7n ch\u00ednh h\u00e3ng Mavic Air 2. Ch\u00fang t\u00f4i c\u0169ng ph\u00e2n ph\u1ed1i c\u00e1c d\u00f2ng s\u1ea3n ph\u1ea9m ph\u1ee5 ki\u1ec7n c\u1ee7a DJI Mavic 2, DJI Phantom, DJI Spark,.. ch\u00ednh h\u00e3ng t\u1edbi t\u1eeb DJI, Pgytech v\u00e0 SunnyLife.<\/span><\/p>\n","protected":false},"excerpt":{"rendered":"<p>Mavic Air 2 hard suicase Mavic Air 2 hard suicase B\u00ean c\u1ea1nh c\u00e1c s\u1ea3n ph\u1ea9m t\u00fai \u0111eo ch\u1ed1ng s\u1ed1c Mavic Air 2. Th\u00ec d\u00f2ng s\u1ea3n ph\u1ea9m Vali Mavic air 2 chuy\u00ean d\u1ee5ng c\u0169ng l\u00e0 m\u1ed9t trong nh\u1eefng s\u1ea3n ph\u1ea9m \u0111\u01b0\u1ee3c t\u00ecm mua nhi\u1ec1u. B\u1edbi c\u00e1c \u0111\u1eb7c t\u00ednh chuy\u00ean d\u1ee5ng trong c\u00e1c m\u00f4i tr\u01b0\u1eddng th\u1eddi ti\u1ebft &#8230;<\/p>\n","protected":false},"featured_media":18026,"comment_status":"open","ping_status":"closed","template":"","meta":{"_acf_changed":false},"product_brand":[],"product_cat":[199],"product_tag":[807,206,608,251,249],"class_list":{"0":"post-18035","1":"product","2":"type-product","3":"status-publish","4":"has-post-thumbnail","6":"product_cat-mavic-air-2-accessory","7":"product_tag-mavic-air-2-en","8":"product_tag-phu-kien-dji-en","9":"product_tag-phu-kien-mavic-air-2-en","10":"product_tag-phu-kien-pgytech-en","11":"product_tag-phu-kien-sunnylife-en","13":"first","14":"instock","15":"shipping-taxable","16":"purchasable","17":"product-type-simple"},"acf":[],"yoast_head":"<!-- This site is optimized with the Yoast SEO plugin v25.7 - https:\/\/yoast.com\/wordpress\/plugins\/seo\/ -->\n<title>Mavic Air 2 hard suicase -Mavic air 2 accessory - Available - Original DJI<\/title>\n<meta name=\"description\" content=\"Mavic Air 2 hard suicase is one of the most important accessory. Contact us to buy Mavic Air 2 hard suicase for best price, fast shipping\" \/>\n<meta name=\"robots\" content=\"index, follow, max-snippet:-1, max-image-preview:large, max-video-preview:-1\" \/>\n<link rel=\"canonical\" href=\"https:\/\/phukienflytech.vn\/en\/san-pham\/mavic-air-2-hard-suicase-2.html\" \/>\n<meta property=\"og:locale\" content=\"en_US\" \/>\n<meta property=\"og:type\" content=\"article\" \/>\n<meta property=\"og:title\" content=\"Mavic Air 2 hard suicase -Mavic air 2 accessory - Available - Original DJI\" \/>\n<meta property=\"og:description\" content=\"Mavic Air 2 hard suicase is one of the most important accessory. Contact us to buy Mavic Air 2 hard suicase for best price, fast shipping\" \/>\n<meta property=\"og:url\" content=\"https:\/\/phukienflytech.vn\/en\/san-pham\/mavic-air-2-hard-suicase-2.html\" \/>\n<meta property=\"og:site_name\" content=\"Shop M\u00e1y \u1ea3nh - Action Camera - Gimbal - Flycam - Ph\u1ee5 ki\u1ec7n\" \/>\n<meta property=\"article:publisher\" content=\"https:\/\/facebook.com\/phukienflycam\" \/>\n<meta property=\"article:modified_time\" content=\"2020-10-14T08:50:31+00:00\" \/>\n<meta property=\"og:image\" content=\"https:\/\/phukienflytech.vn\/wp-content\/uploads\/2020\/08\/vali-mavic-air-2-chuyen-dung-chinh-hang-dji-221-Copy.jpg\" \/>\n\t<meta property=\"og:image:width\" content=\"300\" \/>\n\t<meta property=\"og:image:height\" content=\"300\" \/>\n\t<meta property=\"og:image:type\" content=\"image\/jpeg\" \/>\n<meta name=\"twitter:card\" content=\"summary_large_image\" \/>\n<meta name=\"twitter:label1\" content=\"Est. reading time\" \/>\n\t<meta name=\"twitter:data1\" content=\"3 minutes\" \/>\n<script type=\"application\/ld+json\" class=\"yoast-schema-graph\">{\"@context\":\"https:\/\/schema.org\",\"@graph\":[{\"@type\":\"WebPage\",\"@id\":\"https:\/\/phukienflytech.vn\/en\/san-pham\/mavic-air-2-hard-suicase-2.html\",\"url\":\"https:\/\/phukienflytech.vn\/en\/san-pham\/mavic-air-2-hard-suicase-2.html\",\"name\":\"Mavic Air 2 hard suicase -Mavic air 2 accessory - Available - Original DJI\",\"isPartOf\":{\"@id\":\"https:\/\/phukienflytech.vn\/#website\"},\"primaryImageOfPage\":{\"@id\":\"https:\/\/phukienflytech.vn\/en\/san-pham\/mavic-air-2-hard-suicase-2.html#primaryimage\"},\"image\":{\"@id\":\"https:\/\/phukienflytech.vn\/en\/san-pham\/mavic-air-2-hard-suicase-2.html#primaryimage\"},\"thumbnailUrl\":\"https:\/\/phukienflytech.vn\/wp-content\/uploads\/2020\/08\/vali-mavic-air-2-chuyen-dung-chinh-hang-dji-221-Copy.jpg\",\"datePublished\":\"2020-08-03T14:55:59+00:00\",\"dateModified\":\"2020-10-14T08:50:31+00:00\",\"description\":\"Mavic Air 2 hard suicase is one of the most important accessory. Contact us to buy Mavic Air 2 hard suicase for best price, fast shipping\",\"breadcrumb\":{\"@id\":\"https:\/\/phukienflytech.vn\/en\/san-pham\/mavic-air-2-hard-suicase-2.html#breadcrumb\"},\"inLanguage\":\"en-US\",\"potentialAction\":[{\"@type\":\"ReadAction\",\"target\":[\"https:\/\/phukienflytech.vn\/en\/san-pham\/mavic-air-2-hard-suicase-2.html\"]}]},{\"@type\":\"ImageObject\",\"inLanguage\":\"en-US\",\"@id\":\"https:\/\/phukienflytech.vn\/en\/san-pham\/mavic-air-2-hard-suicase-2.html#primaryimage\",\"url\":\"https:\/\/phukienflytech.vn\/wp-content\/uploads\/2020\/08\/vali-mavic-air-2-chuyen-dung-chinh-hang-dji-221-Copy.jpg\",\"contentUrl\":\"https:\/\/phukienflytech.vn\/wp-content\/uploads\/2020\/08\/vali-mavic-air-2-chuyen-dung-chinh-hang-dji-221-Copy.jpg\",\"width\":300,\"height\":300},{\"@type\":\"BreadcrumbList\",\"@id\":\"https:\/\/phukienflytech.vn\/en\/san-pham\/mavic-air-2-hard-suicase-2.html#breadcrumb\",\"itemListElement\":[{\"@type\":\"ListItem\",\"position\":1,\"name\":\"Home\",\"item\":\"https:\/\/phukienflytech.vn\/en\"},{\"@type\":\"ListItem\",\"position\":2,\"name\":\"Ph\u1ee5 ki\u1ec7n Mavic Pro\",\"item\":\"https:\/\/phukienflytech.vn\/en\/phu-kien-mavic-pro.html\"},{\"@type\":\"ListItem\",\"position\":3,\"name\":\"DJI Osmo &amp; Drone's accessories\",\"item\":\"https:\/\/phukienflytech.vn\/en\/danh-muc\/dji-osmo-drones-accessories.html\"},{\"@type\":\"ListItem\",\"position\":4,\"name\":\"Ph\u1ee5 ki\u1ec7n DJI Mavic Air 2\",\"item\":\"https:\/\/phukienflytech.vn\/danh-muc\/phu-kien-mavic-air-2.html\"},{\"@type\":\"ListItem\",\"position\":5,\"name\":\"Original Mavic Air 2 hard suicase -DJI\"}]},{\"@type\":\"WebSite\",\"@id\":\"https:\/\/phukienflytech.vn\/#website\",\"url\":\"https:\/\/phukienflytech.vn\/\",\"name\":\"Shop M\u00e1y \u1ea3nh - Action Camera - Gimbal - Flycam - Ph\u1ee5 ki\u1ec7n\",\"description\":\"Shop M\u00e1y \u1ea3nh - Action Camera - Gimbal - Flycam - Ph\u1ee5 ki\u1ec7n\",\"publisher\":{\"@id\":\"https:\/\/phukienflytech.vn\/#organization\"},\"potentialAction\":[{\"@type\":\"SearchAction\",\"target\":{\"@type\":\"EntryPoint\",\"urlTemplate\":\"https:\/\/phukienflytech.vn\/?s={search_term_string}\"},\"query-input\":{\"@type\":\"PropertyValueSpecification\",\"valueRequired\":true,\"valueName\":\"search_term_string\"}}],\"inLanguage\":\"en-US\"},{\"@type\":\"Organization\",\"@id\":\"https:\/\/phukienflytech.vn\/#organization\",\"name\":\"DJI Store - Shop Drone, Action camera, Gimbal DJI |Phukienflytech\",\"alternateName\":\"DJI Store - Shop Drone, Action camera, Gimbal DJI |Phukienflytech\",\"url\":\"https:\/\/phukienflytech.vn\/\",\"logo\":{\"@type\":\"ImageObject\",\"inLanguage\":\"en-US\",\"@id\":\"https:\/\/phukienflytech.vn\/#\/schema\/logo\/image\/\",\"url\":\"https:\/\/phukienflytech.vn\/wp-content\/uploads\/2020\/05\/hAnh_nan.jpg1_.jpg\",\"contentUrl\":\"https:\/\/phukienflytech.vn\/wp-content\/uploads\/2020\/05\/hAnh_nan.jpg1_.jpg\",\"width\":800,\"height\":450,\"caption\":\"DJI Store - Shop Drone, Action camera, Gimbal DJI |Phukienflytech\"},\"image\":{\"@id\":\"https:\/\/phukienflytech.vn\/#\/schema\/logo\/image\/\"},\"sameAs\":[\"https:\/\/facebook.com\/phukienflycam\",\"https:\/\/www.youtube.com\/@phukienflytech\",\"https:\/\/www.tiktok.com\/@flytech.channel?fbclid=IwY2xjawGjg7BleHRuA2FlbQIxMAABHYVGmlXpuSMs0UB2zTpYvyT4GMVfN2qJa4urF4vkSQ6FAVBwXZtDP30qQA_aem_UwMiDcUvlEbd2tXAmsc8Og\"]}]}<\/script>\n<!-- \/ Yoast SEO plugin. -->","yoast_head_json":{"title":"Mavic Air 2 hard suicase -Mavic air 2 accessory - Available - Original DJI","description":"Mavic Air 2 hard suicase is one of the most important accessory. Contact us to buy Mavic Air 2 hard suicase for best price, fast shipping","robots":{"index":"index","follow":"follow","max-snippet":"max-snippet:-1","max-image-preview":"max-image-preview:large","max-video-preview":"max-video-preview:-1"},"canonical":"https:\/\/phukienflytech.vn\/en\/san-pham\/mavic-air-2-hard-suicase-2.html","og_locale":"en_US","og_type":"article","og_title":"Mavic Air 2 hard suicase -Mavic air 2 accessory - Available - Original DJI","og_description":"Mavic Air 2 hard suicase is one of the most important accessory. Contact us to buy Mavic Air 2 hard suicase for best price, fast shipping","og_url":"https:\/\/phukienflytech.vn\/en\/san-pham\/mavic-air-2-hard-suicase-2.html","og_site_name":"Shop M\u00e1y \u1ea3nh - Action Camera - Gimbal - Flycam - Ph\u1ee5 ki\u1ec7n","article_publisher":"https:\/\/facebook.com\/phukienflycam","article_modified_time":"2020-10-14T08:50:31+00:00","og_image":[{"width":300,"height":300,"url":"https:\/\/phukienflytech.vn\/wp-content\/uploads\/2020\/08\/vali-mavic-air-2-chuyen-dung-chinh-hang-dji-221-Copy.jpg","type":"image\/jpeg"}],"twitter_card":"summary_large_image","twitter_misc":{"Est. reading time":"3 minutes"},"schema":{"@context":"https:\/\/schema.org","@graph":[{"@type":"WebPage","@id":"https:\/\/phukienflytech.vn\/en\/san-pham\/mavic-air-2-hard-suicase-2.html","url":"https:\/\/phukienflytech.vn\/en\/san-pham\/mavic-air-2-hard-suicase-2.html","name":"Mavic Air 2 hard suicase -Mavic air 2 accessory - Available - Original DJI","isPartOf":{"@id":"https:\/\/phukienflytech.vn\/#website"},"primaryImageOfPage":{"@id":"https:\/\/phukienflytech.vn\/en\/san-pham\/mavic-air-2-hard-suicase-2.html#primaryimage"},"image":{"@id":"https:\/\/phukienflytech.vn\/en\/san-pham\/mavic-air-2-hard-suicase-2.html#primaryimage"},"thumbnailUrl":"https:\/\/phukienflytech.vn\/wp-content\/uploads\/2020\/08\/vali-mavic-air-2-chuyen-dung-chinh-hang-dji-221-Copy.jpg","datePublished":"2020-08-03T14:55:59+00:00","dateModified":"2020-10-14T08:50:31+00:00","description":"Mavic Air 2 hard suicase is one of the most important accessory. Contact us to buy Mavic Air 2 hard suicase for best price, fast shipping","breadcrumb":{"@id":"https:\/\/phukienflytech.vn\/en\/san-pham\/mavic-air-2-hard-suicase-2.html#breadcrumb"},"inLanguage":"en-US","potentialAction":[{"@type":"ReadAction","target":["https:\/\/phukienflytech.vn\/en\/san-pham\/mavic-air-2-hard-suicase-2.html"]}]},{"@type":"ImageObject","inLanguage":"en-US","@id":"https:\/\/phukienflytech.vn\/en\/san-pham\/mavic-air-2-hard-suicase-2.html#primaryimage","url":"https:\/\/phukienflytech.vn\/wp-content\/uploads\/2020\/08\/vali-mavic-air-2-chuyen-dung-chinh-hang-dji-221-Copy.jpg","contentUrl":"https:\/\/phukienflytech.vn\/wp-content\/uploads\/2020\/08\/vali-mavic-air-2-chuyen-dung-chinh-hang-dji-221-Copy.jpg","width":300,"height":300},{"@type":"BreadcrumbList","@id":"https:\/\/phukienflytech.vn\/en\/san-pham\/mavic-air-2-hard-suicase-2.html#breadcrumb","itemListElement":[{"@type":"ListItem","position":1,"name":"Home","item":"https:\/\/phukienflytech.vn\/en"},{"@type":"ListItem","position":2,"name":"Ph\u1ee5 ki\u1ec7n Mavic Pro","item":"https:\/\/phukienflytech.vn\/en\/phu-kien-mavic-pro.html"},{"@type":"ListItem","position":3,"name":"DJI Osmo &amp; Drone's accessories","item":"https:\/\/phukienflytech.vn\/en\/danh-muc\/dji-osmo-drones-accessories.html"},{"@type":"ListItem","position":4,"name":"Ph\u1ee5 ki\u1ec7n DJI Mavic Air 2","item":"https:\/\/phukienflytech.vn\/danh-muc\/phu-kien-mavic-air-2.html"},{"@type":"ListItem","position":5,"name":"Original Mavic Air 2 hard suicase -DJI"}]},{"@type":"WebSite","@id":"https:\/\/phukienflytech.vn\/#website","url":"https:\/\/phukienflytech.vn\/","name":"Shop M\u00e1y \u1ea3nh - Action Camera - Gimbal - Flycam - Ph\u1ee5 ki\u1ec7n","description":"Shop M\u00e1y \u1ea3nh - Action Camera - Gimbal - Flycam - Ph\u1ee5 ki\u1ec7n","publisher":{"@id":"https:\/\/phukienflytech.vn\/#organization"},"potentialAction":[{"@type":"SearchAction","target":{"@type":"EntryPoint","urlTemplate":"https:\/\/phukienflytech.vn\/?s={search_term_string}"},"query-input":{"@type":"PropertyValueSpecification","valueRequired":true,"valueName":"search_term_string"}}],"inLanguage":"en-US"},{"@type":"Organization","@id":"https:\/\/phukienflytech.vn\/#organization","name":"DJI Store - Shop Drone, Action camera, Gimbal DJI |Phukienflytech","alternateName":"DJI Store - Shop Drone, Action camera, Gimbal DJI |Phukienflytech","url":"https:\/\/phukienflytech.vn\/","logo":{"@type":"ImageObject","inLanguage":"en-US","@id":"https:\/\/phukienflytech.vn\/#\/schema\/logo\/image\/","url":"https:\/\/phukienflytech.vn\/wp-content\/uploads\/2020\/05\/hAnh_nan.jpg1_.jpg","contentUrl":"https:\/\/phukienflytech.vn\/wp-content\/uploads\/2020\/05\/hAnh_nan.jpg1_.jpg","width":800,"height":450,"caption":"DJI Store - Shop Drone, Action camera, Gimbal DJI |Phukienflytech"},"image":{"@id":"https:\/\/phukienflytech.vn\/#\/schema\/logo\/image\/"},"sameAs":["https:\/\/facebook.com\/phukienflycam","https:\/\/www.youtube.com\/@phukienflytech","https:\/\/www.tiktok.com\/@flytech.channel?fbclid=IwY2xjawGjg7BleHRuA2FlbQIxMAABHYVGmlXpuSMs0UB2zTpYvyT4GMVfN2qJa4urF4vkSQ6FAVBwXZtDP30qQA_aem_UwMiDcUvlEbd2tXAmsc8Og"]}]}},"_links":{"self":[{"href":"https:\/\/phukienflytech.vn\/en\/wp-json\/wp\/v2\/product\/18035","targetHints":{"allow":["GET"]}}],"collection":[{"href":"https:\/\/phukienflytech.vn\/en\/wp-json\/wp\/v2\/product"}],"about":[{"href":"https:\/\/phukienflytech.vn\/en\/wp-json\/wp\/v2\/types\/product"}],"replies":[{"embeddable":true,"href":"https:\/\/phukienflytech.vn\/en\/wp-json\/wp\/v2\/comments?post=18035"}],"wp:featuredmedia":[{"embeddable":true,"href":"https:\/\/phukienflytech.vn\/en\/wp-json\/wp\/v2\/media\/18026"}],"wp:attachment":[{"href":"https:\/\/phukienflytech.vn\/en\/wp-json\/wp\/v2\/media?parent=18035"}],"wp:term":[{"taxonomy":"product_brand","embeddable":true,"href":"https:\/\/phukienflytech.vn\/en\/wp-json\/wp\/v2\/product_brand?post=18035"},{"taxonomy":"product_cat","embeddable":true,"href":"https:\/\/phukienflytech.vn\/en\/wp-json\/wp\/v2\/product_cat?post=18035"},{"taxonomy":"product_tag","embeddable":true,"href":"https:\/\/phukienflytech.vn\/en\/wp-json\/wp\/v2\/product_tag?post=18035"}],"curies":[{"name":"wp","href":"https:\/\/api.w.org\/{rel}","templated":true}]}}