{"id":1806,"date":"2020-06-18T22:51:11","date_gmt":"2020-06-18T15:51:11","guid":{"rendered":"http:\/\/27430.lamdx.vinawebsite.vn\/san-pham\/chup-bao-ve-va-co-dinh-camera-gimbal-mavic-2-pro.html"},"modified":"2021-01-10T11:37:25","modified_gmt":"2021-01-10T04:37:25","slug":"mavic-2-pro-gimbal-protection-cover","status":"publish","type":"product","link":"https:\/\/phukienflytech.vn\/en\/san-pham\/mavic-2-pro-gimbal-protection-cover.html","title":{"rendered":"Mavic 2 pro camera gimbal protection cover"},"content":{"rendered":"<h2><span style=\"color: #0000ff;\"><strong><em>Mavic 2 pro gimbal protection cover<\/em><\/strong><\/span><\/h2>\n<p>&nbsp;<\/p>\n<p><span style=\"font-size: 18px;\">Mavic 2 pro gimbal protection cover<\/span><\/p>\n<p><span style=\"font-size: 18px;\"><b><i>Ph\u1ee5 ki\u1ec7n dji mavic 2 pro n\u00e0y<\/i><\/b>\u00a0c\u00f3 ch\u1ee9c n\u0103ng b\u1ea3o v\u1ec7 to\u00e0n b\u1ed9 c\u1ee5m camera v\u00e0 gimbal c\u1ee7a Mavic 2 pro. B\u00ean c\u1ea1nh b\u1ea3o v\u1ec7 to\u00e0n b\u1ed9 c\u1ee5m camera tr\u00e1nh nh\u1eefng va ch\u1ea1m th\u00ec n\u00f3 c\u00f2n c\u00f3 ch\u1ee9c n\u0103ng\u00a0<em><strong>c\u1ed1 \u0111\u1ecbnh gimbal Mavic 2 pro<\/strong>\u00a0<\/em>tr\u00e1nh b\u1ecb rung \u0111\u1ed9ng m\u1ea1nh d\u1eabn t\u1edbi h\u01b0 h\u1ecfng gimbal v\u00e0 c\u00e1p k\u1ebft n\u1ed1i<\/span><\/p>\n<h2><span style=\"font-size: 18px; color: #0000ff;\"><em><strong><img loading=\"lazy\" decoding=\"async\" class=\"alignnone size-medium wp-image-12575\" src=\"https:\/\/phukienflytech.vn\/wp-content\/uploads\/2020\/05\/chup-bao-ve-va-co-dinh-camera-gimbal-mavic-2-pro-1795-4-400x400.jpg\" alt=\"\" width=\"400\" height=\"400\" srcset=\"https:\/\/phukienflytech.vn\/wp-content\/uploads\/2020\/05\/chup-bao-ve-va-co-dinh-camera-gimbal-mavic-2-pro-1795-4-400x400.jpg 400w, https:\/\/phukienflytech.vn\/wp-content\/uploads\/2020\/05\/chup-bao-ve-va-co-dinh-camera-gimbal-mavic-2-pro-1795-4-280x280.jpg 280w, https:\/\/phukienflytech.vn\/wp-content\/uploads\/2020\/05\/chup-bao-ve-va-co-dinh-camera-gimbal-mavic-2-pro-1795-4-768x768.jpg 768w, https:\/\/phukienflytech.vn\/wp-content\/uploads\/2020\/05\/chup-bao-ve-va-co-dinh-camera-gimbal-mavic-2-pro-1795-4-800x800.jpg 800w, https:\/\/phukienflytech.vn\/wp-content\/uploads\/2020\/05\/chup-bao-ve-va-co-dinh-camera-gimbal-mavic-2-pro-1795-4-300x300.jpg 300w, https:\/\/phukienflytech.vn\/wp-content\/uploads\/2020\/05\/chup-bao-ve-va-co-dinh-camera-gimbal-mavic-2-pro-1795-4-600x600.jpg 600w, https:\/\/phukienflytech.vn\/wp-content\/uploads\/2020\/05\/chup-bao-ve-va-co-dinh-camera-gimbal-mavic-2-pro-1795-4-100x100.jpg 100w, https:\/\/phukienflytech.vn\/wp-content\/uploads\/2020\/05\/chup-bao-ve-va-co-dinh-camera-gimbal-mavic-2-pro-1795-4.jpg 1000w\" sizes=\"auto, (max-width: 400px) 100vw, 400px\" \/><\/strong><\/em><\/span><\/h2>\n<p><span style=\"font-size: 18px;\"><em><strong>Ch\u1ee5p b\u1ea3o v\u1ec7 v\u00e0 c\u1ed1 \u0111\u1ecbnh camera gimbal Mavic 2 pro<\/strong>\u00a0<\/em>&#8211; 2 ch\u1ee9c n\u0103ng quan tr\u1ecdng trong 1 s\u1ea3n ph\u1ea9m,\u00a0do v\u1eady ch\u1eb3ng ph\u1ea3i ng\u1eabu nhi\u00ean m\u1ed9t ph\u1ee5 ki\u1ec7n c\u00f3 v\u1edbi m\u1ee9c gi\u00e1 th\u1ea5p nh\u01b0 l\u1ea1i lu\u00f4n \u0111\u01b0\u1ee3c xem l\u1ea1i\u00a0<em><strong>ph\u1ee5 ki\u1ec7n mavic 2 pro quan tr\u1ecdng<\/strong>\u00a0<\/em>h\u00e0ng \u0111\u1ea7u<\/span><\/p>\n<h2><span style=\"font-size: 18px; color: #0000ff;\"><em><strong><img loading=\"lazy\" decoding=\"async\" class=\"alignnone wp-image-12577 size-medium\" src=\"https:\/\/phukienflytech.vn\/wp-content\/uploads\/2020\/05\/chup-bao-ve-va-co-dinh-camera-gimbal-mavic-2-pro-1795-1-1-400x400.jpg\" alt=\"Mavic-2-pro-gimbal-protection-cover\" width=\"400\" height=\"400\" srcset=\"https:\/\/phukienflytech.vn\/wp-content\/uploads\/2020\/05\/chup-bao-ve-va-co-dinh-camera-gimbal-mavic-2-pro-1795-1-1-400x400.jpg 400w, https:\/\/phukienflytech.vn\/wp-content\/uploads\/2020\/05\/chup-bao-ve-va-co-dinh-camera-gimbal-mavic-2-pro-1795-1-1-280x280.jpg 280w, https:\/\/phukienflytech.vn\/wp-content\/uploads\/2020\/05\/chup-bao-ve-va-co-dinh-camera-gimbal-mavic-2-pro-1795-1-1-768x768.jpg 768w, https:\/\/phukienflytech.vn\/wp-content\/uploads\/2020\/05\/chup-bao-ve-va-co-dinh-camera-gimbal-mavic-2-pro-1795-1-1-800x800.jpg 800w, https:\/\/phukienflytech.vn\/wp-content\/uploads\/2020\/05\/chup-bao-ve-va-co-dinh-camera-gimbal-mavic-2-pro-1795-1-1-300x300.jpg 300w, https:\/\/phukienflytech.vn\/wp-content\/uploads\/2020\/05\/chup-bao-ve-va-co-dinh-camera-gimbal-mavic-2-pro-1795-1-1-600x600.jpg 600w, https:\/\/phukienflytech.vn\/wp-content\/uploads\/2020\/05\/chup-bao-ve-va-co-dinh-camera-gimbal-mavic-2-pro-1795-1-1-100x100.jpg 100w, https:\/\/phukienflytech.vn\/wp-content\/uploads\/2020\/05\/chup-bao-ve-va-co-dinh-camera-gimbal-mavic-2-pro-1795-1-1.jpg 1000w\" sizes=\"auto, (max-width: 400px) 100vw, 400px\" \/><\/strong><\/em><\/span><\/h2>\n<p><span style=\"font-size: 18px;\">Th\u1eadt \u0111\u00e1ng ti\u1ebfc n\u1ebfu b\u1ea1n kh\u00f4ng coi tr\u1ecdng vi\u1ec7c b\u1ea3o qu\u1ea3n m\u00e1y v\u00e0 \u0111\u1eb7c bi\u1ec7t l\u00e0 b\u1ed9 ph\u1eadn y\u1ebfu \u1edbt v\u00e0 d\u1ec5 b\u1ecb t\u1ed5n th\u01b0\u01a1ng h\u1ecfng h\u00f3c nh\u1ea5t ch\u00ednh l\u00e0 c\u1ee5m gimbal \u2013 camera v\u00e0 ph\u1ea7n c\u1ea3m bi\u1ebfn ph\u00eda tr\u01b0\u1edbcCh\u1ec9 c\u1ea7n m\u1ed9t t\u00e1c \u0111\u1ed9ng ngo\u1ea1i l\u1ef1c v\u00e0o c\u1ee5m gimbal camera n\u00e0y nh\u1ecf th\u00f4i c\u0169ng \u0111\u1ee7 cho b\u1ea1n ph\u1ea3i tr\u1ea3 m\u1ed9t c\u00e1i gi\u00e1 r\u1ea5t \u0111\u1eaft cho s\u1ef1 ch\u1ee7 quan c\u1ee7a m\u00ecnh<\/span><\/p>\n<h2><span style=\"font-size: 18px; color: #0000ff;\"><em><strong><img loading=\"lazy\" decoding=\"async\" class=\"alignnone size-medium wp-image-12579\" src=\"https:\/\/phukienflytech.vn\/wp-content\/uploads\/2020\/05\/chup-bao-ve-va-co-dinh-camera-gimbal-mavic-2-pro-1795-2-1-400x400.jpg\" alt=\"\" width=\"400\" height=\"400\" srcset=\"https:\/\/phukienflytech.vn\/wp-content\/uploads\/2020\/05\/chup-bao-ve-va-co-dinh-camera-gimbal-mavic-2-pro-1795-2-1-400x400.jpg 400w, https:\/\/phukienflytech.vn\/wp-content\/uploads\/2020\/05\/chup-bao-ve-va-co-dinh-camera-gimbal-mavic-2-pro-1795-2-1-280x280.jpg 280w, https:\/\/phukienflytech.vn\/wp-content\/uploads\/2020\/05\/chup-bao-ve-va-co-dinh-camera-gimbal-mavic-2-pro-1795-2-1-768x768.jpg 768w, https:\/\/phukienflytech.vn\/wp-content\/uploads\/2020\/05\/chup-bao-ve-va-co-dinh-camera-gimbal-mavic-2-pro-1795-2-1-800x800.jpg 800w, https:\/\/phukienflytech.vn\/wp-content\/uploads\/2020\/05\/chup-bao-ve-va-co-dinh-camera-gimbal-mavic-2-pro-1795-2-1-300x300.jpg 300w, https:\/\/phukienflytech.vn\/wp-content\/uploads\/2020\/05\/chup-bao-ve-va-co-dinh-camera-gimbal-mavic-2-pro-1795-2-1-600x600.jpg 600w, https:\/\/phukienflytech.vn\/wp-content\/uploads\/2020\/05\/chup-bao-ve-va-co-dinh-camera-gimbal-mavic-2-pro-1795-2-1-100x100.jpg 100w, https:\/\/phukienflytech.vn\/wp-content\/uploads\/2020\/05\/chup-bao-ve-va-co-dinh-camera-gimbal-mavic-2-pro-1795-2-1.jpg 1000w\" sizes=\"auto, (max-width: 400px) 100vw, 400px\" \/><\/strong><\/em><\/span><\/h2>\n<p><span style=\"font-size: 18px;\">H\u00e3y c\u00f9ng b\u1ea3o v\u1ec7 camera v\u00e0 gimbal DJI mavic 2 pro b\u1eb1ng chi\u1ebfc Ch\u1ee5p b\u1ea3o v\u1ec7 camera- DJI mavic 2 pro n\u00e0y<\/span><\/p>\n<h2><span style=\"font-size: 18px; color: #0000ff;\"><em><strong><img loading=\"lazy\" decoding=\"async\" class=\"alignnone wp-image-12582 size-medium\" src=\"https:\/\/phukienflytech.vn\/wp-content\/uploads\/2020\/05\/chup-bao-ve-va-co-dinh-camera-gimbal-mavic-2-pro-1795-3-1-400x400.jpg\" alt=\"Mavic-2-pro-gimbal-protection-cover-6\" width=\"400\" height=\"400\" srcset=\"https:\/\/phukienflytech.vn\/wp-content\/uploads\/2020\/05\/chup-bao-ve-va-co-dinh-camera-gimbal-mavic-2-pro-1795-3-1-400x400.jpg 400w, https:\/\/phukienflytech.vn\/wp-content\/uploads\/2020\/05\/chup-bao-ve-va-co-dinh-camera-gimbal-mavic-2-pro-1795-3-1-280x280.jpg 280w, https:\/\/phukienflytech.vn\/wp-content\/uploads\/2020\/05\/chup-bao-ve-va-co-dinh-camera-gimbal-mavic-2-pro-1795-3-1-768x768.jpg 768w, https:\/\/phukienflytech.vn\/wp-content\/uploads\/2020\/05\/chup-bao-ve-va-co-dinh-camera-gimbal-mavic-2-pro-1795-3-1-800x800.jpg 800w, https:\/\/phukienflytech.vn\/wp-content\/uploads\/2020\/05\/chup-bao-ve-va-co-dinh-camera-gimbal-mavic-2-pro-1795-3-1-300x300.jpg 300w, https:\/\/phukienflytech.vn\/wp-content\/uploads\/2020\/05\/chup-bao-ve-va-co-dinh-camera-gimbal-mavic-2-pro-1795-3-1-600x600.jpg 600w, https:\/\/phukienflytech.vn\/wp-content\/uploads\/2020\/05\/chup-bao-ve-va-co-dinh-camera-gimbal-mavic-2-pro-1795-3-1-100x100.jpg 100w, https:\/\/phukienflytech.vn\/wp-content\/uploads\/2020\/05\/chup-bao-ve-va-co-dinh-camera-gimbal-mavic-2-pro-1795-3-1.jpg 1000w\" sizes=\"auto, (max-width: 400px) 100vw, 400px\" \/><\/strong><\/em><\/span><\/h2>\n<p><span style=\"font-size: 18px;\">Xem th\u00eam &gt;&gt;&gt;&gt; <span style=\"font-size: 20px;\"><a href=\"https:\/\/phukienflytech.vn\/danh-muc\/phu-kien-mavic-2.html\" target=\"_blank\" rel=\"noopener noreferrer\">Ph\u1ee5 ki\u1ec7n mavic 2<\/a><\/span><\/span><\/p>\n<p><span style=\"font-size: 18px;\">H\u00e3y \u0111\u1ec3\u00a0<a href=\"https:\/\/facebook.com\/phukienflycam\/\" target=\"_blank\" rel=\"noopener noreferrer\">Ph\u1ee5 Ki\u1ec7n Fly-cam Gi\u00e1 T\u1ed1t<\/a>\u00a0ti\u1ebfp s\u1ee9c \u0111am m\u00ea, c\u00f4ng vi\u1ec7c c\u1ee7a b\u1ea1n, gi\u00fap b\u1ea1n th\u00eam ni\u1ec1m h\u1ee9ng kh\u1edfi trong \u0111am m\u00ea c\u0169ng nh\u01b0 c\u00f4ng vi\u1ec7c c\u1ee7a m\u00ecnh th\u00eam su\u00f4n s\u1ebb<\/span><\/p>\n<p><span style=\"font-size: 18px;\">Nh\u00e0 s\u1ea3n xu\u1ea5t : Sunnylife<\/span><\/p>\n","protected":false},"excerpt":{"rendered":"<p>Mavic 2 pro gimbal protection cover &nbsp; Mavic 2 pro gimbal protection cover Ph\u1ee5 ki\u1ec7n dji mavic 2 pro n\u00e0y\u00a0c\u00f3 ch\u1ee9c n\u0103ng b\u1ea3o v\u1ec7 to\u00e0n b\u1ed9 c\u1ee5m camera v\u00e0 gimbal c\u1ee7a Mavic 2 pro. B\u00ean c\u1ea1nh b\u1ea3o v\u1ec7 to\u00e0n b\u1ed9 c\u1ee5m camera tr\u00e1nh nh\u1eefng va ch\u1ea1m th\u00ec n\u00f3 c\u00f2n c\u00f3 ch\u1ee9c n\u0103ng\u00a0c\u1ed1 \u0111\u1ecbnh gimbal Mavic &#8230;<\/p>\n","protected":false},"featured_media":21259,"comment_status":"open","ping_status":"closed","template":"","meta":{"_acf_changed":false},"product_brand":[],"product_cat":[177],"product_tag":[206,220],"class_list":{"0":"post-1806","1":"product","2":"type-product","3":"status-publish","4":"has-post-thumbnail","6":"product_cat-mavic-2s-accessory","7":"product_tag-phu-kien-dji-en","8":"product_tag-phu-kien-mavic-2-pro-en","10":"first","11":"instock","12":"shipping-taxable","13":"purchasable","14":"product-type-simple"},"acf":[],"yoast_head":"<!-- This site is optimized with the Yoast SEO plugin v25.7 - https:\/\/yoast.com\/wordpress\/plugins\/seo\/ -->\n<title>Mavic 2 pro gimbal protection cover - Mavic 2 accessory - Available<\/title>\n<meta name=\"description\" content=\"Mavic 2 pro gimbal protection cover is one of the most important accessory. Contact us to buy Mavic 2 pro gimbal protection cover ...\" \/>\n<meta name=\"robots\" content=\"index, follow, max-snippet:-1, max-image-preview:large, max-video-preview:-1\" \/>\n<link rel=\"canonical\" href=\"https:\/\/phukienflytech.vn\/en\/san-pham\/mavic-2-pro-gimbal-protection-cover.html\" \/>\n<meta property=\"og:locale\" content=\"en_US\" \/>\n<meta property=\"og:type\" content=\"article\" \/>\n<meta property=\"og:title\" content=\"Mavic 2 pro gimbal protection cover - Mavic 2 accessory - Available\" \/>\n<meta property=\"og:description\" content=\"Mavic 2 pro gimbal protection cover is one of the most important accessory. Contact us to buy Mavic 2 pro gimbal protection cover ...\" \/>\n<meta property=\"og:url\" content=\"https:\/\/phukienflytech.vn\/en\/san-pham\/mavic-2-pro-gimbal-protection-cover.html\" \/>\n<meta property=\"og:site_name\" content=\"Shop M\u00e1y \u1ea3nh - Action Camera - Gimbal - Flycam - Ph\u1ee5 ki\u1ec7n\" \/>\n<meta property=\"article:publisher\" content=\"https:\/\/facebook.com\/phukienflycam\" \/>\n<meta property=\"article:modified_time\" content=\"2021-01-10T04:37:25+00:00\" \/>\n<meta property=\"og:image\" content=\"https:\/\/phukienflytech.vn\/wp-content\/uploads\/2020\/06\/ch\u1ee5p-b\u1ea3o-v\u1ec7-v\u00e0-c\u1ed1-\u0111\u1ecbnh-camera-gimbal-mavic-2-pro-Copy.jpg\" \/>\n\t<meta property=\"og:image:width\" content=\"300\" \/>\n\t<meta property=\"og:image:height\" content=\"300\" \/>\n\t<meta property=\"og:image:type\" content=\"image\/jpeg\" \/>\n<meta name=\"twitter:card\" content=\"summary_large_image\" \/>\n<meta name=\"twitter:label1\" content=\"Est. reading time\" \/>\n\t<meta name=\"twitter:data1\" content=\"2 minutes\" \/>\n<script type=\"application\/ld+json\" class=\"yoast-schema-graph\">{\"@context\":\"https:\/\/schema.org\",\"@graph\":[{\"@type\":\"WebPage\",\"@id\":\"https:\/\/phukienflytech.vn\/en\/san-pham\/mavic-2-pro-gimbal-protection-cover.html\",\"url\":\"https:\/\/phukienflytech.vn\/en\/san-pham\/mavic-2-pro-gimbal-protection-cover.html\",\"name\":\"Mavic 2 pro gimbal protection cover - Mavic 2 accessory - Available\",\"isPartOf\":{\"@id\":\"https:\/\/phukienflytech.vn\/#website\"},\"primaryImageOfPage\":{\"@id\":\"https:\/\/phukienflytech.vn\/en\/san-pham\/mavic-2-pro-gimbal-protection-cover.html#primaryimage\"},\"image\":{\"@id\":\"https:\/\/phukienflytech.vn\/en\/san-pham\/mavic-2-pro-gimbal-protection-cover.html#primaryimage\"},\"thumbnailUrl\":\"https:\/\/phukienflytech.vn\/wp-content\/uploads\/2020\/06\/ch\u1ee5p-b\u1ea3o-v\u1ec7-v\u00e0-c\u1ed1-\u0111\u1ecbnh-camera-gimbal-mavic-2-pro-Copy.jpg\",\"datePublished\":\"2020-06-18T15:51:11+00:00\",\"dateModified\":\"2021-01-10T04:37:25+00:00\",\"description\":\"Mavic 2 pro gimbal protection cover is one of the most important accessory. Contact us to buy Mavic 2 pro gimbal protection cover ...\",\"breadcrumb\":{\"@id\":\"https:\/\/phukienflytech.vn\/en\/san-pham\/mavic-2-pro-gimbal-protection-cover.html#breadcrumb\"},\"inLanguage\":\"en-US\",\"potentialAction\":[{\"@type\":\"ReadAction\",\"target\":[\"https:\/\/phukienflytech.vn\/en\/san-pham\/mavic-2-pro-gimbal-protection-cover.html\"]}]},{\"@type\":\"ImageObject\",\"inLanguage\":\"en-US\",\"@id\":\"https:\/\/phukienflytech.vn\/en\/san-pham\/mavic-2-pro-gimbal-protection-cover.html#primaryimage\",\"url\":\"https:\/\/phukienflytech.vn\/wp-content\/uploads\/2020\/06\/ch\u1ee5p-b\u1ea3o-v\u1ec7-v\u00e0-c\u1ed1-\u0111\u1ecbnh-camera-gimbal-mavic-2-pro-Copy.jpg\",\"contentUrl\":\"https:\/\/phukienflytech.vn\/wp-content\/uploads\/2020\/06\/ch\u1ee5p-b\u1ea3o-v\u1ec7-v\u00e0-c\u1ed1-\u0111\u1ecbnh-camera-gimbal-mavic-2-pro-Copy.jpg\",\"width\":300,\"height\":300},{\"@type\":\"BreadcrumbList\",\"@id\":\"https:\/\/phukienflytech.vn\/en\/san-pham\/mavic-2-pro-gimbal-protection-cover.html#breadcrumb\",\"itemListElement\":[{\"@type\":\"ListItem\",\"position\":1,\"name\":\"Home\",\"item\":\"https:\/\/phukienflytech.vn\/en\"},{\"@type\":\"ListItem\",\"position\":2,\"name\":\"Ph\u1ee5 ki\u1ec7n Mavic Pro\",\"item\":\"https:\/\/phukienflytech.vn\/en\/phu-kien-mavic-pro.html\"},{\"@type\":\"ListItem\",\"position\":3,\"name\":\"DJI Osmo &amp; Drone's accessories\",\"item\":\"https:\/\/phukienflytech.vn\/en\/danh-muc\/dji-osmo-drones-accessories.html\"},{\"@type\":\"ListItem\",\"position\":4,\"name\":\"Ph\u1ee5 ki\u1ec7n DJI Mavic 2\",\"item\":\"https:\/\/phukienflytech.vn\/en\/danh-muc\/mavic-2s-accessory.html\"},{\"@type\":\"ListItem\",\"position\":5,\"name\":\"Mavic 2 pro camera gimbal protection cover\"}]},{\"@type\":\"WebSite\",\"@id\":\"https:\/\/phukienflytech.vn\/#website\",\"url\":\"https:\/\/phukienflytech.vn\/\",\"name\":\"Shop M\u00e1y \u1ea3nh - Action Camera - Gimbal - Flycam - Ph\u1ee5 ki\u1ec7n\",\"description\":\"Shop M\u00e1y \u1ea3nh - Action Camera - Gimbal - Flycam - Ph\u1ee5 ki\u1ec7n\",\"publisher\":{\"@id\":\"https:\/\/phukienflytech.vn\/#organization\"},\"potentialAction\":[{\"@type\":\"SearchAction\",\"target\":{\"@type\":\"EntryPoint\",\"urlTemplate\":\"https:\/\/phukienflytech.vn\/?s={search_term_string}\"},\"query-input\":{\"@type\":\"PropertyValueSpecification\",\"valueRequired\":true,\"valueName\":\"search_term_string\"}}],\"inLanguage\":\"en-US\"},{\"@type\":\"Organization\",\"@id\":\"https:\/\/phukienflytech.vn\/#organization\",\"name\":\"DJI Store - Shop Drone, Action camera, Gimbal DJI |Phukienflytech\",\"alternateName\":\"DJI Store - Shop Drone, Action camera, Gimbal DJI |Phukienflytech\",\"url\":\"https:\/\/phukienflytech.vn\/\",\"logo\":{\"@type\":\"ImageObject\",\"inLanguage\":\"en-US\",\"@id\":\"https:\/\/phukienflytech.vn\/#\/schema\/logo\/image\/\",\"url\":\"https:\/\/phukienflytech.vn\/wp-content\/uploads\/2020\/05\/hAnh_nan.jpg1_.jpg\",\"contentUrl\":\"https:\/\/phukienflytech.vn\/wp-content\/uploads\/2020\/05\/hAnh_nan.jpg1_.jpg\",\"width\":800,\"height\":450,\"caption\":\"DJI Store - Shop Drone, Action camera, Gimbal DJI |Phukienflytech\"},\"image\":{\"@id\":\"https:\/\/phukienflytech.vn\/#\/schema\/logo\/image\/\"},\"sameAs\":[\"https:\/\/facebook.com\/phukienflycam\",\"https:\/\/www.youtube.com\/@phukienflytech\",\"https:\/\/www.tiktok.com\/@flytech.channel?fbclid=IwY2xjawGjg7BleHRuA2FlbQIxMAABHYVGmlXpuSMs0UB2zTpYvyT4GMVfN2qJa4urF4vkSQ6FAVBwXZtDP30qQA_aem_UwMiDcUvlEbd2tXAmsc8Og\"]}]}<\/script>\n<!-- \/ Yoast SEO plugin. -->","yoast_head_json":{"title":"Mavic 2 pro gimbal protection cover - Mavic 2 accessory - Available","description":"Mavic 2 pro gimbal protection cover is one of the most important accessory. Contact us to buy Mavic 2 pro gimbal protection cover ...","robots":{"index":"index","follow":"follow","max-snippet":"max-snippet:-1","max-image-preview":"max-image-preview:large","max-video-preview":"max-video-preview:-1"},"canonical":"https:\/\/phukienflytech.vn\/en\/san-pham\/mavic-2-pro-gimbal-protection-cover.html","og_locale":"en_US","og_type":"article","og_title":"Mavic 2 pro gimbal protection cover - Mavic 2 accessory - Available","og_description":"Mavic 2 pro gimbal protection cover is one of the most important accessory. Contact us to buy Mavic 2 pro gimbal protection cover ...","og_url":"https:\/\/phukienflytech.vn\/en\/san-pham\/mavic-2-pro-gimbal-protection-cover.html","og_site_name":"Shop M\u00e1y \u1ea3nh - Action Camera - Gimbal - Flycam - Ph\u1ee5 ki\u1ec7n","article_publisher":"https:\/\/facebook.com\/phukienflycam","article_modified_time":"2021-01-10T04:37:25+00:00","og_image":[{"width":300,"height":300,"url":"https:\/\/phukienflytech.vn\/wp-content\/uploads\/2020\/06\/ch\u1ee5p-b\u1ea3o-v\u1ec7-v\u00e0-c\u1ed1-\u0111\u1ecbnh-camera-gimbal-mavic-2-pro-Copy.jpg","type":"image\/jpeg"}],"twitter_card":"summary_large_image","twitter_misc":{"Est. reading time":"2 minutes"},"schema":{"@context":"https:\/\/schema.org","@graph":[{"@type":"WebPage","@id":"https:\/\/phukienflytech.vn\/en\/san-pham\/mavic-2-pro-gimbal-protection-cover.html","url":"https:\/\/phukienflytech.vn\/en\/san-pham\/mavic-2-pro-gimbal-protection-cover.html","name":"Mavic 2 pro gimbal protection cover - Mavic 2 accessory - Available","isPartOf":{"@id":"https:\/\/phukienflytech.vn\/#website"},"primaryImageOfPage":{"@id":"https:\/\/phukienflytech.vn\/en\/san-pham\/mavic-2-pro-gimbal-protection-cover.html#primaryimage"},"image":{"@id":"https:\/\/phukienflytech.vn\/en\/san-pham\/mavic-2-pro-gimbal-protection-cover.html#primaryimage"},"thumbnailUrl":"https:\/\/phukienflytech.vn\/wp-content\/uploads\/2020\/06\/ch\u1ee5p-b\u1ea3o-v\u1ec7-v\u00e0-c\u1ed1-\u0111\u1ecbnh-camera-gimbal-mavic-2-pro-Copy.jpg","datePublished":"2020-06-18T15:51:11+00:00","dateModified":"2021-01-10T04:37:25+00:00","description":"Mavic 2 pro gimbal protection cover is one of the most important accessory. Contact us to buy Mavic 2 pro gimbal protection cover ...","breadcrumb":{"@id":"https:\/\/phukienflytech.vn\/en\/san-pham\/mavic-2-pro-gimbal-protection-cover.html#breadcrumb"},"inLanguage":"en-US","potentialAction":[{"@type":"ReadAction","target":["https:\/\/phukienflytech.vn\/en\/san-pham\/mavic-2-pro-gimbal-protection-cover.html"]}]},{"@type":"ImageObject","inLanguage":"en-US","@id":"https:\/\/phukienflytech.vn\/en\/san-pham\/mavic-2-pro-gimbal-protection-cover.html#primaryimage","url":"https:\/\/phukienflytech.vn\/wp-content\/uploads\/2020\/06\/ch\u1ee5p-b\u1ea3o-v\u1ec7-v\u00e0-c\u1ed1-\u0111\u1ecbnh-camera-gimbal-mavic-2-pro-Copy.jpg","contentUrl":"https:\/\/phukienflytech.vn\/wp-content\/uploads\/2020\/06\/ch\u1ee5p-b\u1ea3o-v\u1ec7-v\u00e0-c\u1ed1-\u0111\u1ecbnh-camera-gimbal-mavic-2-pro-Copy.jpg","width":300,"height":300},{"@type":"BreadcrumbList","@id":"https:\/\/phukienflytech.vn\/en\/san-pham\/mavic-2-pro-gimbal-protection-cover.html#breadcrumb","itemListElement":[{"@type":"ListItem","position":1,"name":"Home","item":"https:\/\/phukienflytech.vn\/en"},{"@type":"ListItem","position":2,"name":"Ph\u1ee5 ki\u1ec7n Mavic Pro","item":"https:\/\/phukienflytech.vn\/en\/phu-kien-mavic-pro.html"},{"@type":"ListItem","position":3,"name":"DJI Osmo &amp; Drone's accessories","item":"https:\/\/phukienflytech.vn\/en\/danh-muc\/dji-osmo-drones-accessories.html"},{"@type":"ListItem","position":4,"name":"Ph\u1ee5 ki\u1ec7n DJI Mavic 2","item":"https:\/\/phukienflytech.vn\/en\/danh-muc\/mavic-2s-accessory.html"},{"@type":"ListItem","position":5,"name":"Mavic 2 pro camera gimbal protection cover"}]},{"@type":"WebSite","@id":"https:\/\/phukienflytech.vn\/#website","url":"https:\/\/phukienflytech.vn\/","name":"Shop M\u00e1y \u1ea3nh - Action Camera - Gimbal - Flycam - Ph\u1ee5 ki\u1ec7n","description":"Shop M\u00e1y \u1ea3nh - Action Camera - Gimbal - Flycam - Ph\u1ee5 ki\u1ec7n","publisher":{"@id":"https:\/\/phukienflytech.vn\/#organization"},"potentialAction":[{"@type":"SearchAction","target":{"@type":"EntryPoint","urlTemplate":"https:\/\/phukienflytech.vn\/?s={search_term_string}"},"query-input":{"@type":"PropertyValueSpecification","valueRequired":true,"valueName":"search_term_string"}}],"inLanguage":"en-US"},{"@type":"Organization","@id":"https:\/\/phukienflytech.vn\/#organization","name":"DJI Store - Shop Drone, Action camera, Gimbal DJI |Phukienflytech","alternateName":"DJI Store - Shop Drone, Action camera, Gimbal DJI |Phukienflytech","url":"https:\/\/phukienflytech.vn\/","logo":{"@type":"ImageObject","inLanguage":"en-US","@id":"https:\/\/phukienflytech.vn\/#\/schema\/logo\/image\/","url":"https:\/\/phukienflytech.vn\/wp-content\/uploads\/2020\/05\/hAnh_nan.jpg1_.jpg","contentUrl":"https:\/\/phukienflytech.vn\/wp-content\/uploads\/2020\/05\/hAnh_nan.jpg1_.jpg","width":800,"height":450,"caption":"DJI Store - Shop Drone, Action camera, Gimbal DJI |Phukienflytech"},"image":{"@id":"https:\/\/phukienflytech.vn\/#\/schema\/logo\/image\/"},"sameAs":["https:\/\/facebook.com\/phukienflycam","https:\/\/www.youtube.com\/@phukienflytech","https:\/\/www.tiktok.com\/@flytech.channel?fbclid=IwY2xjawGjg7BleHRuA2FlbQIxMAABHYVGmlXpuSMs0UB2zTpYvyT4GMVfN2qJa4urF4vkSQ6FAVBwXZtDP30qQA_aem_UwMiDcUvlEbd2tXAmsc8Og"]}]}},"_links":{"self":[{"href":"https:\/\/phukienflytech.vn\/en\/wp-json\/wp\/v2\/product\/1806","targetHints":{"allow":["GET"]}}],"collection":[{"href":"https:\/\/phukienflytech.vn\/en\/wp-json\/wp\/v2\/product"}],"about":[{"href":"https:\/\/phukienflytech.vn\/en\/wp-json\/wp\/v2\/types\/product"}],"replies":[{"embeddable":true,"href":"https:\/\/phukienflytech.vn\/en\/wp-json\/wp\/v2\/comments?post=1806"}],"wp:featuredmedia":[{"embeddable":true,"href":"https:\/\/phukienflytech.vn\/en\/wp-json\/wp\/v2\/media\/21259"}],"wp:attachment":[{"href":"https:\/\/phukienflytech.vn\/en\/wp-json\/wp\/v2\/media?parent=1806"}],"wp:term":[{"taxonomy":"product_brand","embeddable":true,"href":"https:\/\/phukienflytech.vn\/en\/wp-json\/wp\/v2\/product_brand?post=1806"},{"taxonomy":"product_cat","embeddable":true,"href":"https:\/\/phukienflytech.vn\/en\/wp-json\/wp\/v2\/product_cat?post=1806"},{"taxonomy":"product_tag","embeddable":true,"href":"https:\/\/phukienflytech.vn\/en\/wp-json\/wp\/v2\/product_tag?post=1806"}],"curies":[{"name":"wp","href":"https:\/\/api.w.org\/{rel}","templated":true}]}}