{"id":1816,"date":"2020-06-18T23:00:15","date_gmt":"2020-06-18T16:00:15","guid":{"rendered":"http:\/\/27430.lamdx.vinawebsite.vn\/san-pham\/hoc-che-nang-camera-mavic-2-pro-zoom.html"},"modified":"2020-10-11T17:51:06","modified_gmt":"2020-10-11T10:51:06","slug":"mavic-2-sun-hood","status":"publish","type":"product","link":"https:\/\/phukienflytech.vn\/en\/san-pham\/mavic-2-sun-hood.html","title":{"rendered":"Mavic 2 sun hood"},"content":{"rendered":"<h2><span style=\"color: #0000ff;\"><strong><em>Mavic 2 sun hood<\/em><\/strong><\/span><\/h2>\n<p>&nbsp;<\/p>\n<p><span style=\"font-size: 18px;\">Mavic 2 sun hood<\/span><\/p>\n<p><span style=\"font-size: 18px;\"><em><strong>Ch\u1ea5t l\u01b0\u1ee3ng camera Mavic 2 pro v\u00e0 mavic 2 zoom\u00a0<\/strong><\/em>v\u1eabn \u0111ang l\u00e0 m\u1ed9t \u0111i\u1ec1u kh\u00e1c bi\u1ec7t m\u1ea1nh m\u1ebd nh\u1ea5t \u0111\u1ed1i v\u1edbi th\u1ebf h\u1ec7 Mavic pro v\u00e0 Mavic platium tr\u01b0\u1edbc \u0111\u00f3.\u00a0<em><strong>Camera Mavic 2 pro<\/strong><\/em>\u00a0, Mavic 2 zoom c\u00f3 chi\u1ec1u s\u00e2u r\u00f5 r\u1ec7t h\u01a1n, m\u00e0u s\u1eafc ch\u00e2n th\u1ef1c h\u01a1n r\u1ea5t nhi\u1ec1u , tuy nhi\u00ean v\u1eabn c\u00f3 m\u1ed9t v\u1ea5n \u0111\u1ec1 nh\u1ecf khi bay trong th\u1eddi ti\u1ebft c\u00f3 \u00e1nh n\u1eafng ch\u00f3i, camera v\u1eabn b\u1ecb h\u1ea5p m\u00e0u ch\u00f3i do v\u1eady kh\u1ea3 n\u0103ng ph\u01a1i s\u00e1ng camera v\u00e0 t\u1ea7m nh\u00ecn c\u0169ng b\u1ecb h\u1ea1n ch\u1ebf \u0111i r\u1ea5t nhi\u1ec1u.<\/span><\/p>\n<h2><span style=\"font-size: 18px; color: #0000ff;\"><strong><img loading=\"lazy\" decoding=\"async\" class=\"alignnone wp-image-12569 size-medium\" src=\"https:\/\/phukienflytech.vn\/wp-content\/uploads\/2020\/05\/hoc-che-nang-camera-mavic-2-pro-zoom-1807-3-400x400.jpg\" alt=\"Mavic-2-sun-hood-9\" width=\"400\" height=\"400\" srcset=\"https:\/\/phukienflytech.vn\/wp-content\/uploads\/2020\/05\/hoc-che-nang-camera-mavic-2-pro-zoom-1807-3-400x400.jpg 400w, https:\/\/phukienflytech.vn\/wp-content\/uploads\/2020\/05\/hoc-che-nang-camera-mavic-2-pro-zoom-1807-3-280x280.jpg 280w, https:\/\/phukienflytech.vn\/wp-content\/uploads\/2020\/05\/hoc-che-nang-camera-mavic-2-pro-zoom-1807-3-768x768.jpg 768w, https:\/\/phukienflytech.vn\/wp-content\/uploads\/2020\/05\/hoc-che-nang-camera-mavic-2-pro-zoom-1807-3-800x800.jpg 800w, https:\/\/phukienflytech.vn\/wp-content\/uploads\/2020\/05\/hoc-che-nang-camera-mavic-2-pro-zoom-1807-3-300x300.jpg 300w, https:\/\/phukienflytech.vn\/wp-content\/uploads\/2020\/05\/hoc-che-nang-camera-mavic-2-pro-zoom-1807-3-600x600.jpg 600w, https:\/\/phukienflytech.vn\/wp-content\/uploads\/2020\/05\/hoc-che-nang-camera-mavic-2-pro-zoom-1807-3-100x100.jpg 100w, https:\/\/phukienflytech.vn\/wp-content\/uploads\/2020\/05\/hoc-che-nang-camera-mavic-2-pro-zoom-1807-3.jpg 1000w\" sizes=\"auto, (max-width: 400px) 100vw, 400px\" \/><\/strong><\/span><\/h2>\n<p><span style=\"font-size: 18px;\">C\u00f3 nh\u1eefng gi\u1ea3i ph\u00e1p chuy\u00ean nghi\u1ec7p nh\u01b0 s\u1eed d\u1ee5ng c\u00e1c lo\u1ea1i k\u00ednh l\u1ecdc\u00a0<em><strong>filter lens mavic 2 pro<\/strong><\/em>\u00a0, mavic 2 zoom nh\u01b0\u00a0<em><strong>filter CPL mavic 2<\/strong><\/em>\u00a0, ND8 ND16 ho\u1eb7c\u00a0<em><strong>filter MCUV Mavic 2 pro zoom<\/strong>\u00a0<\/em>nh\u1eb1m c\u1ea3i thi\u1ec7n c\u0169ng nh\u01b0 c\u00f3 kh\u1ea3 n\u0103ng ph\u01a1i s\u00e1ng t\u1ed1t h\u01a1n, nh\u01b0ng \u0111\u00f3 l\u00e0 c\u00e1ch m\u00e0 b\u1ea1n s\u1ebd l\u00e0m khi th\u1ef1c s\u1ef1 mu\u1ed1n c\u00f3 b\u1ee9c h\u00ecnh ho\u1eb7c ch\u1ea5t l\u01b0\u1ee3ng video t\u1ed1t. N\u1ebfu nh\u01b0 b\u1ea1n \u0111\u01a1n thu\u1ea7n ch\u1ec9 l\u00e0 ch\u1ee5p h\u00ecnh &#8221; Check in&#8221; m\u00e0 kh\u00f4ng c\u1ea7n qu\u00e1 chi ti\u1ebft ho\u1eb7c h\u00ecnh \u1ea3nh \u0111\u1ea1t ch\u1ea5t l\u01b0\u1ee3ng \u1ed5n khi bay th\u1eddi ti\u1ebft n\u1eafng th\u00ec n\u00ean tham kh\u1ea3o<em><strong>\u00a0H\u1ed1c che n\u1eafng camera Mavic 2<\/strong><\/em>\u00a0pro zoom n\u00e0y<\/span><\/p>\n<h2><span style=\"font-size: 18px; color: #0000ff;\"><strong><img loading=\"lazy\" decoding=\"async\" class=\"alignnone size-medium wp-image-12571\" src=\"https:\/\/phukienflytech.vn\/wp-content\/uploads\/2020\/05\/hoc-che-nang-camera-mavic-2-pro-zoom-1807-1-1-400x400.jpg\" alt=\"\" width=\"400\" height=\"400\" srcset=\"https:\/\/phukienflytech.vn\/wp-content\/uploads\/2020\/05\/hoc-che-nang-camera-mavic-2-pro-zoom-1807-1-1-400x400.jpg 400w, https:\/\/phukienflytech.vn\/wp-content\/uploads\/2020\/05\/hoc-che-nang-camera-mavic-2-pro-zoom-1807-1-1-280x280.jpg 280w, https:\/\/phukienflytech.vn\/wp-content\/uploads\/2020\/05\/hoc-che-nang-camera-mavic-2-pro-zoom-1807-1-1-768x768.jpg 768w, https:\/\/phukienflytech.vn\/wp-content\/uploads\/2020\/05\/hoc-che-nang-camera-mavic-2-pro-zoom-1807-1-1-800x800.jpg 800w, https:\/\/phukienflytech.vn\/wp-content\/uploads\/2020\/05\/hoc-che-nang-camera-mavic-2-pro-zoom-1807-1-1-300x300.jpg 300w, https:\/\/phukienflytech.vn\/wp-content\/uploads\/2020\/05\/hoc-che-nang-camera-mavic-2-pro-zoom-1807-1-1-600x600.jpg 600w, https:\/\/phukienflytech.vn\/wp-content\/uploads\/2020\/05\/hoc-che-nang-camera-mavic-2-pro-zoom-1807-1-1-100x100.jpg 100w, https:\/\/phukienflytech.vn\/wp-content\/uploads\/2020\/05\/hoc-che-nang-camera-mavic-2-pro-zoom-1807-1-1.jpg 1000w\" sizes=\"auto, (max-width: 400px) 100vw, 400px\" \/><\/strong><\/span><\/h2>\n<p><span style=\"font-size: 18px;\">M\u1ee5c \u0111\u00edch: che n\u1eafng cho chi\u1ebfc camera Mavic trong nh\u1eefng chuy\u1ebfn bay \u0111\u1ea7y n\u1eafng , vi\u1ec7c tr\u00e1nh \u0111\u01b0\u1ee3c \u00e1nh n\u1eafng h\u1eaft tr\u1ef1c ti\u1ebfp v\u00e0o camera c\u0169ng g\u00f3p ph\u1ea7n l\u00e0m b\u1ee9c h\u00ecnh ch\u1ee5p \u0111\u01b0\u1ee3c b\u1edbt b\u1ecb \u1ea3nh h\u01b0\u1edfng b\u1edbi \u00e1nh s\u00e1ng ch\u00f3i<\/span><\/p>\n<h2><span style=\"font-size: 18px; color: #0000ff;\"><strong><img loading=\"lazy\" decoding=\"async\" class=\"alignnone wp-image-12573 \" src=\"https:\/\/phukienflytech.vn\/wp-content\/uploads\/2020\/05\/hoc-che-nang-camera-mavic-2-pro-zoom-1807-2-1-400x400.jpg\" alt=\"Mavic-2-sun-hood\" width=\"423\" height=\"423\" srcset=\"https:\/\/phukienflytech.vn\/wp-content\/uploads\/2020\/05\/hoc-che-nang-camera-mavic-2-pro-zoom-1807-2-1-400x400.jpg 400w, https:\/\/phukienflytech.vn\/wp-content\/uploads\/2020\/05\/hoc-che-nang-camera-mavic-2-pro-zoom-1807-2-1-280x280.jpg 280w, https:\/\/phukienflytech.vn\/wp-content\/uploads\/2020\/05\/hoc-che-nang-camera-mavic-2-pro-zoom-1807-2-1-768x768.jpg 768w, https:\/\/phukienflytech.vn\/wp-content\/uploads\/2020\/05\/hoc-che-nang-camera-mavic-2-pro-zoom-1807-2-1-800x800.jpg 800w, https:\/\/phukienflytech.vn\/wp-content\/uploads\/2020\/05\/hoc-che-nang-camera-mavic-2-pro-zoom-1807-2-1-300x300.jpg 300w, https:\/\/phukienflytech.vn\/wp-content\/uploads\/2020\/05\/hoc-che-nang-camera-mavic-2-pro-zoom-1807-2-1-600x600.jpg 600w, https:\/\/phukienflytech.vn\/wp-content\/uploads\/2020\/05\/hoc-che-nang-camera-mavic-2-pro-zoom-1807-2-1-100x100.jpg 100w, https:\/\/phukienflytech.vn\/wp-content\/uploads\/2020\/05\/hoc-che-nang-camera-mavic-2-pro-zoom-1807-2-1.jpg 1000w\" sizes=\"auto, (max-width: 423px) 100vw, 423px\" \/><\/strong><\/span><\/h2>\n<p><span style=\"font-size: 18px;\">\u0110\u1eb7c \u0111i\u1ec3m\u00a0<em><strong>h\u1ed1c che n\u1eafng camera mavic 2 pro zoom<\/strong><\/em><\/span><\/p>\n<p><span style=\"font-size: 18px;\">&#8211; Ch\u1ea5t li\u1ec7u : Nh\u1ef1a<\/span><\/p>\n<p><span style=\"font-size: 18px;\">&#8211; Ph\u00f9 h\u1ee3p : Mavic 2 pro , mavic 2 zoom<\/span><\/p>\n<p><span style=\"font-size: 18px;\">&#8211; Tr\u1ecdng l\u01b0\u1ee3ng : ~20g<\/span><\/p>\n<p><span style=\"font-size: 18px;\">&#8211; Nh\u00e0 s\u1ea3n xu\u1ea5t : Sunnylife<\/span><\/p>\n<p><span style=\"font-size: 18px;\">Li\u00ean h\u1ec7 tr\u1ef1c ti\u1ebfp v\u1edbi ch\u00fang t\u00f4i qua k\u00eanh fanpage facebook : <strong><a href=\"https:\/\/facebook.com\/phukienflycam\" target=\"_blank\" rel=\"noopener noreferrer\">Ph\u1ee5 ki\u1ec7n flytech Gi\u00e1 t\u1ed1t<\/a><\/strong><\/span><\/p>\n<p><span style=\"font-size: 18px;\">Xem th\u00eam &gt;&gt;&gt;&gt; <strong><span style=\"font-size: 20px;\"><a href=\"https:\/\/phukienflytech.vn\/danh-muc\/phu-kien-mavic-2.html\" target=\"_blank\" rel=\"noopener noreferrer\">Ph\u1ee5 ki\u1ec7n mavic 2<\/a><\/span><\/strong><\/span><\/p>\n","protected":false},"excerpt":{"rendered":"<p>Mavic 2 sun hood &nbsp; Mavic 2 sun hood Ch\u1ea5t l\u01b0\u1ee3ng camera Mavic 2 pro v\u00e0 mavic 2 zoom\u00a0v\u1eabn \u0111ang l\u00e0 m\u1ed9t \u0111i\u1ec1u kh\u00e1c bi\u1ec7t m\u1ea1nh m\u1ebd nh\u1ea5t \u0111\u1ed1i v\u1edbi th\u1ebf h\u1ec7 Mavic pro v\u00e0 Mavic platium tr\u01b0\u1edbc \u0111\u00f3.\u00a0Camera Mavic 2 pro\u00a0, Mavic 2 zoom c\u00f3 chi\u1ec1u s\u00e2u r\u00f5 r\u1ec7t h\u01a1n, m\u00e0u s\u1eafc ch\u00e2n th\u1ef1c &#8230;<\/p>\n","protected":false},"featured_media":1809,"comment_status":"open","ping_status":"closed","template":"","meta":{"_acf_changed":false},"product_brand":[],"product_cat":[177],"product_tag":[206,209],"class_list":{"0":"post-1816","1":"product","2":"type-product","3":"status-publish","4":"has-post-thumbnail","6":"product_cat-mavic-2s-accessory","7":"product_tag-phu-kien-dji-en","8":"product_tag-phu-kien-mavic-2-en","10":"first","11":"instock","12":"shipping-taxable","13":"purchasable","14":"product-type-simple"},"acf":[],"yoast_head":"<!-- This site is optimized with the Yoast SEO plugin v25.7 - https:\/\/yoast.com\/wordpress\/plugins\/seo\/ -->\n<title>Mavic 2 sun hood - Mavic 2 accessory - Available - Original<\/title>\n<meta name=\"description\" content=\"Mavic 2 sun hood is one of the most important accessory. Contact us to buy Mavic 2 sun hood for best price, fast shipping in Vietnam\" \/>\n<meta name=\"robots\" content=\"index, follow, max-snippet:-1, max-image-preview:large, max-video-preview:-1\" \/>\n<link rel=\"canonical\" href=\"https:\/\/phukienflytech.vn\/en\/san-pham\/mavic-2-sun-hood.html\" \/>\n<meta property=\"og:locale\" content=\"en_US\" \/>\n<meta property=\"og:type\" content=\"article\" \/>\n<meta property=\"og:title\" content=\"Mavic 2 sun hood - Mavic 2 accessory - Available - Original\" \/>\n<meta property=\"og:description\" content=\"Mavic 2 sun hood is one of the most important accessory. Contact us to buy Mavic 2 sun hood for best price, fast shipping in Vietnam\" \/>\n<meta property=\"og:url\" content=\"https:\/\/phukienflytech.vn\/en\/san-pham\/mavic-2-sun-hood.html\" \/>\n<meta property=\"og:site_name\" content=\"Shop M\u00e1y \u1ea3nh - Action Camera - Gimbal - Flycam - Ph\u1ee5 ki\u1ec7n\" \/>\n<meta property=\"article:publisher\" content=\"https:\/\/facebook.com\/phukienflycam\" \/>\n<meta property=\"article:modified_time\" content=\"2020-10-11T10:51:06+00:00\" \/>\n<meta property=\"og:image\" content=\"https:\/\/phukienflytech.vn\/wp-content\/uploads\/2020\/05\/hoc-che-nang-camera-mavic-2-Copy.png\" \/>\n\t<meta property=\"og:image:width\" content=\"300\" \/>\n\t<meta property=\"og:image:height\" content=\"300\" \/>\n\t<meta property=\"og:image:type\" content=\"image\/png\" \/>\n<meta name=\"twitter:card\" content=\"summary_large_image\" \/>\n<meta name=\"twitter:label1\" content=\"Est. reading time\" \/>\n\t<meta name=\"twitter:data1\" content=\"2 minutes\" \/>\n<script type=\"application\/ld+json\" class=\"yoast-schema-graph\">{\"@context\":\"https:\/\/schema.org\",\"@graph\":[{\"@type\":\"WebPage\",\"@id\":\"https:\/\/phukienflytech.vn\/en\/san-pham\/mavic-2-sun-hood.html\",\"url\":\"https:\/\/phukienflytech.vn\/en\/san-pham\/mavic-2-sun-hood.html\",\"name\":\"Mavic 2 sun hood - Mavic 2 accessory - Available - Original\",\"isPartOf\":{\"@id\":\"https:\/\/phukienflytech.vn\/#website\"},\"primaryImageOfPage\":{\"@id\":\"https:\/\/phukienflytech.vn\/en\/san-pham\/mavic-2-sun-hood.html#primaryimage\"},\"image\":{\"@id\":\"https:\/\/phukienflytech.vn\/en\/san-pham\/mavic-2-sun-hood.html#primaryimage\"},\"thumbnailUrl\":\"https:\/\/phukienflytech.vn\/wp-content\/uploads\/2020\/05\/hoc-che-nang-camera-mavic-2-Copy.png\",\"datePublished\":\"2020-06-18T16:00:15+00:00\",\"dateModified\":\"2020-10-11T10:51:06+00:00\",\"description\":\"Mavic 2 sun hood is one of the most important accessory. Contact us to buy Mavic 2 sun hood for best price, fast shipping in Vietnam\",\"breadcrumb\":{\"@id\":\"https:\/\/phukienflytech.vn\/en\/san-pham\/mavic-2-sun-hood.html#breadcrumb\"},\"inLanguage\":\"en-US\",\"potentialAction\":[{\"@type\":\"ReadAction\",\"target\":[\"https:\/\/phukienflytech.vn\/en\/san-pham\/mavic-2-sun-hood.html\"]}]},{\"@type\":\"ImageObject\",\"inLanguage\":\"en-US\",\"@id\":\"https:\/\/phukienflytech.vn\/en\/san-pham\/mavic-2-sun-hood.html#primaryimage\",\"url\":\"https:\/\/phukienflytech.vn\/wp-content\/uploads\/2020\/05\/hoc-che-nang-camera-mavic-2-Copy.png\",\"contentUrl\":\"https:\/\/phukienflytech.vn\/wp-content\/uploads\/2020\/05\/hoc-che-nang-camera-mavic-2-Copy.png\",\"width\":300,\"height\":300},{\"@type\":\"BreadcrumbList\",\"@id\":\"https:\/\/phukienflytech.vn\/en\/san-pham\/mavic-2-sun-hood.html#breadcrumb\",\"itemListElement\":[{\"@type\":\"ListItem\",\"position\":1,\"name\":\"Home\",\"item\":\"https:\/\/phukienflytech.vn\/en\"},{\"@type\":\"ListItem\",\"position\":2,\"name\":\"Ph\u1ee5 ki\u1ec7n Mavic Pro\",\"item\":\"https:\/\/phukienflytech.vn\/en\/phu-kien-mavic-pro.html\"},{\"@type\":\"ListItem\",\"position\":3,\"name\":\"DJI Osmo &amp; Drone's accessories\",\"item\":\"https:\/\/phukienflytech.vn\/en\/danh-muc\/dji-osmo-drones-accessories.html\"},{\"@type\":\"ListItem\",\"position\":4,\"name\":\"Ph\u1ee5 ki\u1ec7n DJI Mavic 2\",\"item\":\"https:\/\/phukienflytech.vn\/en\/danh-muc\/mavic-2s-accessory.html\"},{\"@type\":\"ListItem\",\"position\":5,\"name\":\"Mavic 2 sun hood\"}]},{\"@type\":\"WebSite\",\"@id\":\"https:\/\/phukienflytech.vn\/#website\",\"url\":\"https:\/\/phukienflytech.vn\/\",\"name\":\"Shop M\u00e1y \u1ea3nh - Action Camera - Gimbal - Flycam - Ph\u1ee5 ki\u1ec7n\",\"description\":\"Shop M\u00e1y \u1ea3nh - Action Camera - Gimbal - Flycam - Ph\u1ee5 ki\u1ec7n\",\"publisher\":{\"@id\":\"https:\/\/phukienflytech.vn\/#organization\"},\"potentialAction\":[{\"@type\":\"SearchAction\",\"target\":{\"@type\":\"EntryPoint\",\"urlTemplate\":\"https:\/\/phukienflytech.vn\/?s={search_term_string}\"},\"query-input\":{\"@type\":\"PropertyValueSpecification\",\"valueRequired\":true,\"valueName\":\"search_term_string\"}}],\"inLanguage\":\"en-US\"},{\"@type\":\"Organization\",\"@id\":\"https:\/\/phukienflytech.vn\/#organization\",\"name\":\"DJI Store - Shop Drone, Action camera, Gimbal DJI |Phukienflytech\",\"alternateName\":\"DJI Store - Shop Drone, Action camera, Gimbal DJI |Phukienflytech\",\"url\":\"https:\/\/phukienflytech.vn\/\",\"logo\":{\"@type\":\"ImageObject\",\"inLanguage\":\"en-US\",\"@id\":\"https:\/\/phukienflytech.vn\/#\/schema\/logo\/image\/\",\"url\":\"https:\/\/phukienflytech.vn\/wp-content\/uploads\/2020\/05\/hAnh_nan.jpg1_.jpg\",\"contentUrl\":\"https:\/\/phukienflytech.vn\/wp-content\/uploads\/2020\/05\/hAnh_nan.jpg1_.jpg\",\"width\":800,\"height\":450,\"caption\":\"DJI Store - Shop Drone, Action camera, Gimbal DJI |Phukienflytech\"},\"image\":{\"@id\":\"https:\/\/phukienflytech.vn\/#\/schema\/logo\/image\/\"},\"sameAs\":[\"https:\/\/facebook.com\/phukienflycam\",\"https:\/\/www.youtube.com\/@phukienflytech\",\"https:\/\/www.tiktok.com\/@flytech.channel?fbclid=IwY2xjawGjg7BleHRuA2FlbQIxMAABHYVGmlXpuSMs0UB2zTpYvyT4GMVfN2qJa4urF4vkSQ6FAVBwXZtDP30qQA_aem_UwMiDcUvlEbd2tXAmsc8Og\"]}]}<\/script>\n<!-- \/ Yoast SEO plugin. -->","yoast_head_json":{"title":"Mavic 2 sun hood - Mavic 2 accessory - Available - Original","description":"Mavic 2 sun hood is one of the most important accessory. Contact us to buy Mavic 2 sun hood for best price, fast shipping in Vietnam","robots":{"index":"index","follow":"follow","max-snippet":"max-snippet:-1","max-image-preview":"max-image-preview:large","max-video-preview":"max-video-preview:-1"},"canonical":"https:\/\/phukienflytech.vn\/en\/san-pham\/mavic-2-sun-hood.html","og_locale":"en_US","og_type":"article","og_title":"Mavic 2 sun hood - Mavic 2 accessory - Available - Original","og_description":"Mavic 2 sun hood is one of the most important accessory. Contact us to buy Mavic 2 sun hood for best price, fast shipping in Vietnam","og_url":"https:\/\/phukienflytech.vn\/en\/san-pham\/mavic-2-sun-hood.html","og_site_name":"Shop M\u00e1y \u1ea3nh - Action Camera - Gimbal - Flycam - Ph\u1ee5 ki\u1ec7n","article_publisher":"https:\/\/facebook.com\/phukienflycam","article_modified_time":"2020-10-11T10:51:06+00:00","og_image":[{"width":300,"height":300,"url":"https:\/\/phukienflytech.vn\/wp-content\/uploads\/2020\/05\/hoc-che-nang-camera-mavic-2-Copy.png","type":"image\/png"}],"twitter_card":"summary_large_image","twitter_misc":{"Est. reading time":"2 minutes"},"schema":{"@context":"https:\/\/schema.org","@graph":[{"@type":"WebPage","@id":"https:\/\/phukienflytech.vn\/en\/san-pham\/mavic-2-sun-hood.html","url":"https:\/\/phukienflytech.vn\/en\/san-pham\/mavic-2-sun-hood.html","name":"Mavic 2 sun hood - Mavic 2 accessory - Available - Original","isPartOf":{"@id":"https:\/\/phukienflytech.vn\/#website"},"primaryImageOfPage":{"@id":"https:\/\/phukienflytech.vn\/en\/san-pham\/mavic-2-sun-hood.html#primaryimage"},"image":{"@id":"https:\/\/phukienflytech.vn\/en\/san-pham\/mavic-2-sun-hood.html#primaryimage"},"thumbnailUrl":"https:\/\/phukienflytech.vn\/wp-content\/uploads\/2020\/05\/hoc-che-nang-camera-mavic-2-Copy.png","datePublished":"2020-06-18T16:00:15+00:00","dateModified":"2020-10-11T10:51:06+00:00","description":"Mavic 2 sun hood is one of the most important accessory. Contact us to buy Mavic 2 sun hood for best price, fast shipping in Vietnam","breadcrumb":{"@id":"https:\/\/phukienflytech.vn\/en\/san-pham\/mavic-2-sun-hood.html#breadcrumb"},"inLanguage":"en-US","potentialAction":[{"@type":"ReadAction","target":["https:\/\/phukienflytech.vn\/en\/san-pham\/mavic-2-sun-hood.html"]}]},{"@type":"ImageObject","inLanguage":"en-US","@id":"https:\/\/phukienflytech.vn\/en\/san-pham\/mavic-2-sun-hood.html#primaryimage","url":"https:\/\/phukienflytech.vn\/wp-content\/uploads\/2020\/05\/hoc-che-nang-camera-mavic-2-Copy.png","contentUrl":"https:\/\/phukienflytech.vn\/wp-content\/uploads\/2020\/05\/hoc-che-nang-camera-mavic-2-Copy.png","width":300,"height":300},{"@type":"BreadcrumbList","@id":"https:\/\/phukienflytech.vn\/en\/san-pham\/mavic-2-sun-hood.html#breadcrumb","itemListElement":[{"@type":"ListItem","position":1,"name":"Home","item":"https:\/\/phukienflytech.vn\/en"},{"@type":"ListItem","position":2,"name":"Ph\u1ee5 ki\u1ec7n Mavic Pro","item":"https:\/\/phukienflytech.vn\/en\/phu-kien-mavic-pro.html"},{"@type":"ListItem","position":3,"name":"DJI Osmo &amp; Drone's accessories","item":"https:\/\/phukienflytech.vn\/en\/danh-muc\/dji-osmo-drones-accessories.html"},{"@type":"ListItem","position":4,"name":"Ph\u1ee5 ki\u1ec7n DJI Mavic 2","item":"https:\/\/phukienflytech.vn\/en\/danh-muc\/mavic-2s-accessory.html"},{"@type":"ListItem","position":5,"name":"Mavic 2 sun hood"}]},{"@type":"WebSite","@id":"https:\/\/phukienflytech.vn\/#website","url":"https:\/\/phukienflytech.vn\/","name":"Shop M\u00e1y \u1ea3nh - Action Camera - Gimbal - Flycam - Ph\u1ee5 ki\u1ec7n","description":"Shop M\u00e1y \u1ea3nh - Action Camera - Gimbal - Flycam - Ph\u1ee5 ki\u1ec7n","publisher":{"@id":"https:\/\/phukienflytech.vn\/#organization"},"potentialAction":[{"@type":"SearchAction","target":{"@type":"EntryPoint","urlTemplate":"https:\/\/phukienflytech.vn\/?s={search_term_string}"},"query-input":{"@type":"PropertyValueSpecification","valueRequired":true,"valueName":"search_term_string"}}],"inLanguage":"en-US"},{"@type":"Organization","@id":"https:\/\/phukienflytech.vn\/#organization","name":"DJI Store - Shop Drone, Action camera, Gimbal DJI |Phukienflytech","alternateName":"DJI Store - Shop Drone, Action camera, Gimbal DJI |Phukienflytech","url":"https:\/\/phukienflytech.vn\/","logo":{"@type":"ImageObject","inLanguage":"en-US","@id":"https:\/\/phukienflytech.vn\/#\/schema\/logo\/image\/","url":"https:\/\/phukienflytech.vn\/wp-content\/uploads\/2020\/05\/hAnh_nan.jpg1_.jpg","contentUrl":"https:\/\/phukienflytech.vn\/wp-content\/uploads\/2020\/05\/hAnh_nan.jpg1_.jpg","width":800,"height":450,"caption":"DJI Store - Shop Drone, Action camera, Gimbal DJI |Phukienflytech"},"image":{"@id":"https:\/\/phukienflytech.vn\/#\/schema\/logo\/image\/"},"sameAs":["https:\/\/facebook.com\/phukienflycam","https:\/\/www.youtube.com\/@phukienflytech","https:\/\/www.tiktok.com\/@flytech.channel?fbclid=IwY2xjawGjg7BleHRuA2FlbQIxMAABHYVGmlXpuSMs0UB2zTpYvyT4GMVfN2qJa4urF4vkSQ6FAVBwXZtDP30qQA_aem_UwMiDcUvlEbd2tXAmsc8Og"]}]}},"_links":{"self":[{"href":"https:\/\/phukienflytech.vn\/en\/wp-json\/wp\/v2\/product\/1816","targetHints":{"allow":["GET"]}}],"collection":[{"href":"https:\/\/phukienflytech.vn\/en\/wp-json\/wp\/v2\/product"}],"about":[{"href":"https:\/\/phukienflytech.vn\/en\/wp-json\/wp\/v2\/types\/product"}],"replies":[{"embeddable":true,"href":"https:\/\/phukienflytech.vn\/en\/wp-json\/wp\/v2\/comments?post=1816"}],"wp:featuredmedia":[{"embeddable":true,"href":"https:\/\/phukienflytech.vn\/en\/wp-json\/wp\/v2\/media\/1809"}],"wp:attachment":[{"href":"https:\/\/phukienflytech.vn\/en\/wp-json\/wp\/v2\/media?parent=1816"}],"wp:term":[{"taxonomy":"product_brand","embeddable":true,"href":"https:\/\/phukienflytech.vn\/en\/wp-json\/wp\/v2\/product_brand?post=1816"},{"taxonomy":"product_cat","embeddable":true,"href":"https:\/\/phukienflytech.vn\/en\/wp-json\/wp\/v2\/product_cat?post=1816"},{"taxonomy":"product_tag","embeddable":true,"href":"https:\/\/phukienflytech.vn\/en\/wp-json\/wp\/v2\/product_tag?post=1816"}],"curies":[{"name":"wp","href":"https:\/\/api.w.org\/{rel}","templated":true}]}}