{"id":1828,"date":"2020-06-18T23:07:08","date_gmt":"2020-06-18T16:07:08","guid":{"rendered":"http:\/\/27430.lamdx.vinawebsite.vn\/san-pham\/den-roi-led-chieu-sang-mavic-2-pro-zoom-type-b.html"},"modified":"2020-10-11T17:57:40","modified_gmt":"2020-10-11T10:57:40","slug":"led-lamp-kit-for-mavic-2","status":"publish","type":"product","link":"https:\/\/phukienflytech.vn\/en\/san-pham\/led-lamp-kit-for-mavic-2.html","title":{"rendered":"led lamp kit for mavic 2 &#8211; type B"},"content":{"rendered":"<h2><em><span style=\"font-size: 21px; color: #0000ff;\"><strong>Led lamp kit for mavic 2 &#8211; type B<\/strong><\/span><\/em><\/h2>\n<p>&nbsp;<\/p>\n<p><span style=\"font-size: 18px;\">led lamp kit for mavic 2<\/span><\/p>\n<p><span style=\"font-size: 18px;\">G\u1ea7n \u0111\u00e2y,nhu c\u1ea7u t\u00ecm ki\u1ebfm\u00a0<em><strong>ph\u1ee5 ki\u1ec7n d\u00e0nh cho flycam dji mavic 2 pro zoom<\/strong><\/em>\u00a0v\u00e0 4 pro ng\u00e0y m\u1ed9t nhi\u1ec1u, b\u1edfi mavic 2 pro zoom \u0111ang \u0111\u01b0\u1ee3c s\u1eed d\u1ee5ng v\u1edbi m\u1ee5c \u0111\u00edch &#8221; bay JOB&#8221; l\u00e0 ch\u1ee7 y\u1ebfu. Ngo\u00e0i nh\u1eefng ph\u1ee5 ki\u1ec7n \u0111ang \u0111\u01b0\u1ee3c t\u00ecm ki\u1ebfm nhi\u1ec1u nh\u1ea5t nh\u01b0\u00a0<em><strong>balo mavic 2 pro zoom<\/strong><\/em>\u00a0hay<em><strong>\u00a0pin mavic 2 pro zoom pro<\/strong><\/em> th\u00ec c\u0169ng c\u00f2n c\u00f3 c\u00e1c ph\u1ee5 ki\u1ec7n h\u1ed7 tr\u1ee3 cho vi\u1ec7c ghi h\u00ecnh kh\u00e1c. \u1ede \u0111\u00e2y ta \u0111\u1ec1 c\u1eadp t\u1edbi<\/span><\/p>\n<h2><span style=\"font-size: 21px; color: #0000ff;\"><strong>\u0110\u00e8n d\u1ecdi mavic 2 pro zoom series<\/strong><\/span><\/h2>\n<p><span style=\"font-size: 18px;\">\u00a0. v\u1edbi kh\u1ea3 n\u0103ng chi\u1ebfu s\u00e1ng c\u1ee7a\u00a0<em><strong>\u0111\u00e8n r\u1ecdi mavic 2 pro zoom<\/strong>\u00a0<\/em>n\u00e0y b\u1ea1n c\u00f3 th\u1ec3 c\u00f3 nh\u1eefng shot h\u00ecnh ho\u1eb7c video bay trong kho\u1ea3ng kh\u00f4ng t\u1ed1i\u00a0<\/span><\/p>\n<h2><span style=\"font-size: 18px; color: #0000ff;\"><strong><img loading=\"lazy\" decoding=\"async\" class=\"alignnone size-medium wp-image-12530\" src=\"https:\/\/phukienflytech.vn\/wp-content\/uploads\/2020\/05\/den-roi-led-chieu-sang-mavic-2-pro-zoom-type-b-1817-4-400x400.jpg\" alt=\"\" width=\"400\" height=\"400\" srcset=\"https:\/\/phukienflytech.vn\/wp-content\/uploads\/2020\/05\/den-roi-led-chieu-sang-mavic-2-pro-zoom-type-b-1817-4-400x400.jpg 400w, https:\/\/phukienflytech.vn\/wp-content\/uploads\/2020\/05\/den-roi-led-chieu-sang-mavic-2-pro-zoom-type-b-1817-4-280x280.jpg 280w, https:\/\/phukienflytech.vn\/wp-content\/uploads\/2020\/05\/den-roi-led-chieu-sang-mavic-2-pro-zoom-type-b-1817-4-768x768.jpg 768w, https:\/\/phukienflytech.vn\/wp-content\/uploads\/2020\/05\/den-roi-led-chieu-sang-mavic-2-pro-zoom-type-b-1817-4-800x800.jpg 800w, https:\/\/phukienflytech.vn\/wp-content\/uploads\/2020\/05\/den-roi-led-chieu-sang-mavic-2-pro-zoom-type-b-1817-4-300x300.jpg 300w, https:\/\/phukienflytech.vn\/wp-content\/uploads\/2020\/05\/den-roi-led-chieu-sang-mavic-2-pro-zoom-type-b-1817-4-600x600.jpg 600w, https:\/\/phukienflytech.vn\/wp-content\/uploads\/2020\/05\/den-roi-led-chieu-sang-mavic-2-pro-zoom-type-b-1817-4-100x100.jpg 100w, https:\/\/phukienflytech.vn\/wp-content\/uploads\/2020\/05\/den-roi-led-chieu-sang-mavic-2-pro-zoom-type-b-1817-4.jpg 1000w\" sizes=\"auto, (max-width: 400px) 100vw, 400px\" \/><\/strong><\/span><\/h2>\n<p><span style=\"font-size: 18px;\">Th\u1eddi gian chi\u1ebfu s\u00e1ng: 120 ph\u00fat<\/span><\/p>\n<p><span style=\"font-size: 18px;\">Kho\u1ea3ng c\u00e1ch chi\u1ebfu s\u00e1ng t\u1ed1i \u0111a : t\u1edbi 40m<\/span><\/p>\n<p><span style=\"font-size: 18px;\">Pin : Pin con th\u1ecf 1.5V (kh\u00f4ng g\u1ed3m packing list)<\/span><\/p>\n<p><span style=\"font-size: 18px;\">Tr\u1ecdng l\u01b0\u1ee3ng c\u1ea3 pin : 120g<\/span><\/p>\n<h2><span style=\"font-size: 18px; color: #0000ff;\"><strong><img loading=\"lazy\" decoding=\"async\" class=\"alignnone wp-image-12532\" src=\"https:\/\/phukienflytech.vn\/wp-content\/uploads\/2020\/05\/den-roi-led-chieu-sang-mavic-2-pro-zoom-type-b-1817-1-1-600x400.jpg\" alt=\"led-lamp-kit-for-mavic-2-9\" width=\"527\" height=\"351\" srcset=\"https:\/\/phukienflytech.vn\/wp-content\/uploads\/2020\/05\/den-roi-led-chieu-sang-mavic-2-pro-zoom-type-b-1817-1-1-600x400.jpg 600w, https:\/\/phukienflytech.vn\/wp-content\/uploads\/2020\/05\/den-roi-led-chieu-sang-mavic-2-pro-zoom-type-b-1817-1-1-768x512.jpg 768w, https:\/\/phukienflytech.vn\/wp-content\/uploads\/2020\/05\/den-roi-led-chieu-sang-mavic-2-pro-zoom-type-b-1817-1-1.jpg 1200w\" sizes=\"auto, (max-width: 527px) 100vw, 527px\" \/><\/strong><\/span><\/h2>\n<h2><span style=\"font-size: 18px; color: #0000ff;\"><strong><img loading=\"lazy\" decoding=\"async\" class=\"alignnone size-medium wp-image-12534\" src=\"https:\/\/phukienflytech.vn\/wp-content\/uploads\/2020\/05\/den-roi-led-chieu-sang-mavic-2-pro-zoom-type-b-1817-2-1-400x400.jpg\" alt=\"\" width=\"400\" height=\"400\" srcset=\"https:\/\/phukienflytech.vn\/wp-content\/uploads\/2020\/05\/den-roi-led-chieu-sang-mavic-2-pro-zoom-type-b-1817-2-1-400x400.jpg 400w, https:\/\/phukienflytech.vn\/wp-content\/uploads\/2020\/05\/den-roi-led-chieu-sang-mavic-2-pro-zoom-type-b-1817-2-1-280x280.jpg 280w, https:\/\/phukienflytech.vn\/wp-content\/uploads\/2020\/05\/den-roi-led-chieu-sang-mavic-2-pro-zoom-type-b-1817-2-1-768x768.jpg 768w, https:\/\/phukienflytech.vn\/wp-content\/uploads\/2020\/05\/den-roi-led-chieu-sang-mavic-2-pro-zoom-type-b-1817-2-1-800x800.jpg 800w, https:\/\/phukienflytech.vn\/wp-content\/uploads\/2020\/05\/den-roi-led-chieu-sang-mavic-2-pro-zoom-type-b-1817-2-1-300x300.jpg 300w, https:\/\/phukienflytech.vn\/wp-content\/uploads\/2020\/05\/den-roi-led-chieu-sang-mavic-2-pro-zoom-type-b-1817-2-1-600x600.jpg 600w, https:\/\/phukienflytech.vn\/wp-content\/uploads\/2020\/05\/den-roi-led-chieu-sang-mavic-2-pro-zoom-type-b-1817-2-1-100x100.jpg 100w, https:\/\/phukienflytech.vn\/wp-content\/uploads\/2020\/05\/den-roi-led-chieu-sang-mavic-2-pro-zoom-type-b-1817-2-1.jpg 1000w\" sizes=\"auto, (max-width: 400px) 100vw, 400px\" \/><\/strong><\/span><\/h2>\n<h2><span style=\"font-size: 18px; color: #0000ff;\"><strong><img loading=\"lazy\" decoding=\"async\" class=\"alignnone wp-image-12536 size-medium\" src=\"https:\/\/phukienflytech.vn\/wp-content\/uploads\/2020\/05\/den-roi-led-chieu-sang-mavic-2-pro-zoom-type-b-1817-3-1-400x400.jpg\" alt=\"led-lamp-kit-for-mavic-2\" width=\"400\" height=\"400\" srcset=\"https:\/\/phukienflytech.vn\/wp-content\/uploads\/2020\/05\/den-roi-led-chieu-sang-mavic-2-pro-zoom-type-b-1817-3-1-400x400.jpg 400w, https:\/\/phukienflytech.vn\/wp-content\/uploads\/2020\/05\/den-roi-led-chieu-sang-mavic-2-pro-zoom-type-b-1817-3-1-280x280.jpg 280w, https:\/\/phukienflytech.vn\/wp-content\/uploads\/2020\/05\/den-roi-led-chieu-sang-mavic-2-pro-zoom-type-b-1817-3-1-768x768.jpg 768w, https:\/\/phukienflytech.vn\/wp-content\/uploads\/2020\/05\/den-roi-led-chieu-sang-mavic-2-pro-zoom-type-b-1817-3-1-800x800.jpg 800w, https:\/\/phukienflytech.vn\/wp-content\/uploads\/2020\/05\/den-roi-led-chieu-sang-mavic-2-pro-zoom-type-b-1817-3-1-300x300.jpg 300w, https:\/\/phukienflytech.vn\/wp-content\/uploads\/2020\/05\/den-roi-led-chieu-sang-mavic-2-pro-zoom-type-b-1817-3-1-600x600.jpg 600w, https:\/\/phukienflytech.vn\/wp-content\/uploads\/2020\/05\/den-roi-led-chieu-sang-mavic-2-pro-zoom-type-b-1817-3-1-100x100.jpg 100w, https:\/\/phukienflytech.vn\/wp-content\/uploads\/2020\/05\/den-roi-led-chieu-sang-mavic-2-pro-zoom-type-b-1817-3-1.jpg 1000w\" sizes=\"auto, (max-width: 400px) 100vw, 400px\" \/><\/strong><\/span><\/h2>\n<p><span style=\"font-size: 18px;\">Xem th\u00eam &gt;&gt;&gt;&gt; <span style=\"font-size: 20px;\"><a href=\"https:\/\/phukienflytech.vn\/danh-muc\/phu-kien-mavic-2.html\" target=\"_blank\" rel=\"noopener noreferrer\">Ph\u1ee5 ki\u1ec7n mavic 2\u00a0<\/a><\/span><\/span><\/p>\n<p><span style=\"font-size: 18px;\">Li\u00ean h\u1ec7 v\u1edbi ch\u00fang t\u00f4i qua <a href=\"https:\/\/www.facebook.com\/phukienflycam\" target=\"_blank\" rel=\"noopener noreferrer\"><span style=\"font-size: 20px;\">Fanpage<\/span><\/a><\/span><\/p>\n","protected":false},"excerpt":{"rendered":"<p>Led lamp kit for mavic 2 &#8211; type B &nbsp; led lamp kit for mavic 2 G\u1ea7n \u0111\u00e2y,nhu c\u1ea7u t\u00ecm ki\u1ebfm\u00a0ph\u1ee5 ki\u1ec7n d\u00e0nh cho flycam dji mavic 2 pro zoom\u00a0v\u00e0 4 pro ng\u00e0y m\u1ed9t nhi\u1ec1u, b\u1edfi mavic 2 pro zoom \u0111ang \u0111\u01b0\u1ee3c s\u1eed d\u1ee5ng v\u1edbi m\u1ee5c \u0111\u00edch &#8221; bay JOB&#8221; l\u00e0 ch\u1ee7 y\u1ebfu. Ngo\u00e0i nh\u1eefng &#8230;<\/p>\n","protected":false},"featured_media":1819,"comment_status":"open","ping_status":"closed","template":"","meta":{"_acf_changed":false},"product_brand":[],"product_cat":[177],"product_tag":[206,209],"class_list":{"0":"post-1828","1":"product","2":"type-product","3":"status-publish","4":"has-post-thumbnail","6":"product_cat-mavic-2s-accessory","7":"product_tag-phu-kien-dji-en","8":"product_tag-phu-kien-mavic-2-en","10":"first","11":"instock","12":"shipping-taxable","13":"purchasable","14":"product-type-simple"},"acf":[],"yoast_head":"<!-- This site is optimized with the Yoast SEO plugin v25.7 - https:\/\/yoast.com\/wordpress\/plugins\/seo\/ -->\n<title>led lamp kit for mavic 2 - Mavic 2 accessory - Available - Original<\/title>\n<meta name=\"description\" content=\"led lamp kit for mavic 2 is one of the most important accessory. Contact us to buy led lamp kit for mavic 2 for best price, fast shipping\" \/>\n<meta name=\"robots\" content=\"index, follow, max-snippet:-1, max-image-preview:large, max-video-preview:-1\" \/>\n<link rel=\"canonical\" href=\"https:\/\/phukienflytech.vn\/en\/san-pham\/led-lamp-kit-for-mavic-2.html\" \/>\n<meta property=\"og:locale\" content=\"en_US\" \/>\n<meta property=\"og:type\" content=\"article\" \/>\n<meta property=\"og:title\" content=\"led lamp kit for mavic 2 - Mavic 2 accessory - Available - Original\" \/>\n<meta property=\"og:description\" content=\"led lamp kit for mavic 2 is one of the most important accessory. Contact us to buy led lamp kit for mavic 2 for best price, fast shipping\" \/>\n<meta property=\"og:url\" content=\"https:\/\/phukienflytech.vn\/en\/san-pham\/led-lamp-kit-for-mavic-2.html\" \/>\n<meta property=\"og:site_name\" content=\"Shop M\u00e1y \u1ea3nh - Action Camera - Gimbal - Flycam - Ph\u1ee5 ki\u1ec7n\" \/>\n<meta property=\"article:publisher\" content=\"https:\/\/facebook.com\/phukienflycam\" \/>\n<meta property=\"article:modified_time\" content=\"2020-10-11T10:57:40+00:00\" \/>\n<meta property=\"og:image\" content=\"https:\/\/phukienflytech.vn\/wp-content\/uploads\/2020\/05\/den-doi-mavic-2-phu-kien-flycam-dji-mavic-2-Copy.png\" \/>\n\t<meta property=\"og:image:width\" content=\"300\" \/>\n\t<meta property=\"og:image:height\" content=\"300\" \/>\n\t<meta property=\"og:image:type\" content=\"image\/png\" \/>\n<meta name=\"twitter:card\" content=\"summary_large_image\" \/>\n<meta name=\"twitter:label1\" content=\"Est. reading time\" \/>\n\t<meta name=\"twitter:data1\" content=\"1 minute\" \/>\n<script type=\"application\/ld+json\" class=\"yoast-schema-graph\">{\"@context\":\"https:\/\/schema.org\",\"@graph\":[{\"@type\":\"WebPage\",\"@id\":\"https:\/\/phukienflytech.vn\/en\/san-pham\/led-lamp-kit-for-mavic-2.html\",\"url\":\"https:\/\/phukienflytech.vn\/en\/san-pham\/led-lamp-kit-for-mavic-2.html\",\"name\":\"led lamp kit for mavic 2 - Mavic 2 accessory - Available - Original\",\"isPartOf\":{\"@id\":\"https:\/\/phukienflytech.vn\/#website\"},\"primaryImageOfPage\":{\"@id\":\"https:\/\/phukienflytech.vn\/en\/san-pham\/led-lamp-kit-for-mavic-2.html#primaryimage\"},\"image\":{\"@id\":\"https:\/\/phukienflytech.vn\/en\/san-pham\/led-lamp-kit-for-mavic-2.html#primaryimage\"},\"thumbnailUrl\":\"https:\/\/phukienflytech.vn\/wp-content\/uploads\/2020\/05\/den-doi-mavic-2-phu-kien-flycam-dji-mavic-2-Copy.png\",\"datePublished\":\"2020-06-18T16:07:08+00:00\",\"dateModified\":\"2020-10-11T10:57:40+00:00\",\"description\":\"led lamp kit for mavic 2 is one of the most important accessory. Contact us to buy led lamp kit for mavic 2 for best price, fast shipping\",\"breadcrumb\":{\"@id\":\"https:\/\/phukienflytech.vn\/en\/san-pham\/led-lamp-kit-for-mavic-2.html#breadcrumb\"},\"inLanguage\":\"en-US\",\"potentialAction\":[{\"@type\":\"ReadAction\",\"target\":[\"https:\/\/phukienflytech.vn\/en\/san-pham\/led-lamp-kit-for-mavic-2.html\"]}]},{\"@type\":\"ImageObject\",\"inLanguage\":\"en-US\",\"@id\":\"https:\/\/phukienflytech.vn\/en\/san-pham\/led-lamp-kit-for-mavic-2.html#primaryimage\",\"url\":\"https:\/\/phukienflytech.vn\/wp-content\/uploads\/2020\/05\/den-doi-mavic-2-phu-kien-flycam-dji-mavic-2-Copy.png\",\"contentUrl\":\"https:\/\/phukienflytech.vn\/wp-content\/uploads\/2020\/05\/den-doi-mavic-2-phu-kien-flycam-dji-mavic-2-Copy.png\",\"width\":300,\"height\":300},{\"@type\":\"BreadcrumbList\",\"@id\":\"https:\/\/phukienflytech.vn\/en\/san-pham\/led-lamp-kit-for-mavic-2.html#breadcrumb\",\"itemListElement\":[{\"@type\":\"ListItem\",\"position\":1,\"name\":\"Home\",\"item\":\"https:\/\/phukienflytech.vn\/en\"},{\"@type\":\"ListItem\",\"position\":2,\"name\":\"Ph\u1ee5 ki\u1ec7n Mavic Pro\",\"item\":\"https:\/\/phukienflytech.vn\/en\/phu-kien-mavic-pro.html\"},{\"@type\":\"ListItem\",\"position\":3,\"name\":\"DJI Osmo &amp; Drone's accessories\",\"item\":\"https:\/\/phukienflytech.vn\/en\/danh-muc\/dji-osmo-drones-accessories.html\"},{\"@type\":\"ListItem\",\"position\":4,\"name\":\"Ph\u1ee5 ki\u1ec7n DJI Mavic 2\",\"item\":\"https:\/\/phukienflytech.vn\/en\/danh-muc\/mavic-2s-accessory.html\"},{\"@type\":\"ListItem\",\"position\":5,\"name\":\"led lamp kit for mavic 2 &#8211; type B\"}]},{\"@type\":\"WebSite\",\"@id\":\"https:\/\/phukienflytech.vn\/#website\",\"url\":\"https:\/\/phukienflytech.vn\/\",\"name\":\"Shop M\u00e1y \u1ea3nh - Action Camera - Gimbal - Flycam - Ph\u1ee5 ki\u1ec7n\",\"description\":\"Shop M\u00e1y \u1ea3nh - Action Camera - Gimbal - Flycam - Ph\u1ee5 ki\u1ec7n\",\"publisher\":{\"@id\":\"https:\/\/phukienflytech.vn\/#organization\"},\"potentialAction\":[{\"@type\":\"SearchAction\",\"target\":{\"@type\":\"EntryPoint\",\"urlTemplate\":\"https:\/\/phukienflytech.vn\/?s={search_term_string}\"},\"query-input\":{\"@type\":\"PropertyValueSpecification\",\"valueRequired\":true,\"valueName\":\"search_term_string\"}}],\"inLanguage\":\"en-US\"},{\"@type\":\"Organization\",\"@id\":\"https:\/\/phukienflytech.vn\/#organization\",\"name\":\"DJI Store - Shop Drone, Action camera, Gimbal DJI |Phukienflytech\",\"alternateName\":\"DJI Store - Shop Drone, Action camera, Gimbal DJI |Phukienflytech\",\"url\":\"https:\/\/phukienflytech.vn\/\",\"logo\":{\"@type\":\"ImageObject\",\"inLanguage\":\"en-US\",\"@id\":\"https:\/\/phukienflytech.vn\/#\/schema\/logo\/image\/\",\"url\":\"https:\/\/phukienflytech.vn\/wp-content\/uploads\/2020\/05\/hAnh_nan.jpg1_.jpg\",\"contentUrl\":\"https:\/\/phukienflytech.vn\/wp-content\/uploads\/2020\/05\/hAnh_nan.jpg1_.jpg\",\"width\":800,\"height\":450,\"caption\":\"DJI Store - Shop Drone, Action camera, Gimbal DJI |Phukienflytech\"},\"image\":{\"@id\":\"https:\/\/phukienflytech.vn\/#\/schema\/logo\/image\/\"},\"sameAs\":[\"https:\/\/facebook.com\/phukienflycam\",\"https:\/\/www.youtube.com\/@phukienflytech\",\"https:\/\/www.tiktok.com\/@flytech.channel?fbclid=IwY2xjawGjg7BleHRuA2FlbQIxMAABHYVGmlXpuSMs0UB2zTpYvyT4GMVfN2qJa4urF4vkSQ6FAVBwXZtDP30qQA_aem_UwMiDcUvlEbd2tXAmsc8Og\"]}]}<\/script>\n<!-- \/ Yoast SEO plugin. -->","yoast_head_json":{"title":"led lamp kit for mavic 2 - Mavic 2 accessory - Available - Original","description":"led lamp kit for mavic 2 is one of the most important accessory. Contact us to buy led lamp kit for mavic 2 for best price, fast shipping","robots":{"index":"index","follow":"follow","max-snippet":"max-snippet:-1","max-image-preview":"max-image-preview:large","max-video-preview":"max-video-preview:-1"},"canonical":"https:\/\/phukienflytech.vn\/en\/san-pham\/led-lamp-kit-for-mavic-2.html","og_locale":"en_US","og_type":"article","og_title":"led lamp kit for mavic 2 - Mavic 2 accessory - Available - Original","og_description":"led lamp kit for mavic 2 is one of the most important accessory. Contact us to buy led lamp kit for mavic 2 for best price, fast shipping","og_url":"https:\/\/phukienflytech.vn\/en\/san-pham\/led-lamp-kit-for-mavic-2.html","og_site_name":"Shop M\u00e1y \u1ea3nh - Action Camera - Gimbal - Flycam - Ph\u1ee5 ki\u1ec7n","article_publisher":"https:\/\/facebook.com\/phukienflycam","article_modified_time":"2020-10-11T10:57:40+00:00","og_image":[{"width":300,"height":300,"url":"https:\/\/phukienflytech.vn\/wp-content\/uploads\/2020\/05\/den-doi-mavic-2-phu-kien-flycam-dji-mavic-2-Copy.png","type":"image\/png"}],"twitter_card":"summary_large_image","twitter_misc":{"Est. reading time":"1 minute"},"schema":{"@context":"https:\/\/schema.org","@graph":[{"@type":"WebPage","@id":"https:\/\/phukienflytech.vn\/en\/san-pham\/led-lamp-kit-for-mavic-2.html","url":"https:\/\/phukienflytech.vn\/en\/san-pham\/led-lamp-kit-for-mavic-2.html","name":"led lamp kit for mavic 2 - Mavic 2 accessory - Available - Original","isPartOf":{"@id":"https:\/\/phukienflytech.vn\/#website"},"primaryImageOfPage":{"@id":"https:\/\/phukienflytech.vn\/en\/san-pham\/led-lamp-kit-for-mavic-2.html#primaryimage"},"image":{"@id":"https:\/\/phukienflytech.vn\/en\/san-pham\/led-lamp-kit-for-mavic-2.html#primaryimage"},"thumbnailUrl":"https:\/\/phukienflytech.vn\/wp-content\/uploads\/2020\/05\/den-doi-mavic-2-phu-kien-flycam-dji-mavic-2-Copy.png","datePublished":"2020-06-18T16:07:08+00:00","dateModified":"2020-10-11T10:57:40+00:00","description":"led lamp kit for mavic 2 is one of the most important accessory. Contact us to buy led lamp kit for mavic 2 for best price, fast shipping","breadcrumb":{"@id":"https:\/\/phukienflytech.vn\/en\/san-pham\/led-lamp-kit-for-mavic-2.html#breadcrumb"},"inLanguage":"en-US","potentialAction":[{"@type":"ReadAction","target":["https:\/\/phukienflytech.vn\/en\/san-pham\/led-lamp-kit-for-mavic-2.html"]}]},{"@type":"ImageObject","inLanguage":"en-US","@id":"https:\/\/phukienflytech.vn\/en\/san-pham\/led-lamp-kit-for-mavic-2.html#primaryimage","url":"https:\/\/phukienflytech.vn\/wp-content\/uploads\/2020\/05\/den-doi-mavic-2-phu-kien-flycam-dji-mavic-2-Copy.png","contentUrl":"https:\/\/phukienflytech.vn\/wp-content\/uploads\/2020\/05\/den-doi-mavic-2-phu-kien-flycam-dji-mavic-2-Copy.png","width":300,"height":300},{"@type":"BreadcrumbList","@id":"https:\/\/phukienflytech.vn\/en\/san-pham\/led-lamp-kit-for-mavic-2.html#breadcrumb","itemListElement":[{"@type":"ListItem","position":1,"name":"Home","item":"https:\/\/phukienflytech.vn\/en"},{"@type":"ListItem","position":2,"name":"Ph\u1ee5 ki\u1ec7n Mavic Pro","item":"https:\/\/phukienflytech.vn\/en\/phu-kien-mavic-pro.html"},{"@type":"ListItem","position":3,"name":"DJI Osmo &amp; Drone's accessories","item":"https:\/\/phukienflytech.vn\/en\/danh-muc\/dji-osmo-drones-accessories.html"},{"@type":"ListItem","position":4,"name":"Ph\u1ee5 ki\u1ec7n DJI Mavic 2","item":"https:\/\/phukienflytech.vn\/en\/danh-muc\/mavic-2s-accessory.html"},{"@type":"ListItem","position":5,"name":"led lamp kit for mavic 2 &#8211; type B"}]},{"@type":"WebSite","@id":"https:\/\/phukienflytech.vn\/#website","url":"https:\/\/phukienflytech.vn\/","name":"Shop M\u00e1y \u1ea3nh - Action Camera - Gimbal - Flycam - Ph\u1ee5 ki\u1ec7n","description":"Shop M\u00e1y \u1ea3nh - Action Camera - Gimbal - Flycam - Ph\u1ee5 ki\u1ec7n","publisher":{"@id":"https:\/\/phukienflytech.vn\/#organization"},"potentialAction":[{"@type":"SearchAction","target":{"@type":"EntryPoint","urlTemplate":"https:\/\/phukienflytech.vn\/?s={search_term_string}"},"query-input":{"@type":"PropertyValueSpecification","valueRequired":true,"valueName":"search_term_string"}}],"inLanguage":"en-US"},{"@type":"Organization","@id":"https:\/\/phukienflytech.vn\/#organization","name":"DJI Store - Shop Drone, Action camera, Gimbal DJI |Phukienflytech","alternateName":"DJI Store - Shop Drone, Action camera, Gimbal DJI |Phukienflytech","url":"https:\/\/phukienflytech.vn\/","logo":{"@type":"ImageObject","inLanguage":"en-US","@id":"https:\/\/phukienflytech.vn\/#\/schema\/logo\/image\/","url":"https:\/\/phukienflytech.vn\/wp-content\/uploads\/2020\/05\/hAnh_nan.jpg1_.jpg","contentUrl":"https:\/\/phukienflytech.vn\/wp-content\/uploads\/2020\/05\/hAnh_nan.jpg1_.jpg","width":800,"height":450,"caption":"DJI Store - Shop Drone, Action camera, Gimbal DJI |Phukienflytech"},"image":{"@id":"https:\/\/phukienflytech.vn\/#\/schema\/logo\/image\/"},"sameAs":["https:\/\/facebook.com\/phukienflycam","https:\/\/www.youtube.com\/@phukienflytech","https:\/\/www.tiktok.com\/@flytech.channel?fbclid=IwY2xjawGjg7BleHRuA2FlbQIxMAABHYVGmlXpuSMs0UB2zTpYvyT4GMVfN2qJa4urF4vkSQ6FAVBwXZtDP30qQA_aem_UwMiDcUvlEbd2tXAmsc8Og"]}]}},"_links":{"self":[{"href":"https:\/\/phukienflytech.vn\/en\/wp-json\/wp\/v2\/product\/1828","targetHints":{"allow":["GET"]}}],"collection":[{"href":"https:\/\/phukienflytech.vn\/en\/wp-json\/wp\/v2\/product"}],"about":[{"href":"https:\/\/phukienflytech.vn\/en\/wp-json\/wp\/v2\/types\/product"}],"replies":[{"embeddable":true,"href":"https:\/\/phukienflytech.vn\/en\/wp-json\/wp\/v2\/comments?post=1828"}],"wp:featuredmedia":[{"embeddable":true,"href":"https:\/\/phukienflytech.vn\/en\/wp-json\/wp\/v2\/media\/1819"}],"wp:attachment":[{"href":"https:\/\/phukienflytech.vn\/en\/wp-json\/wp\/v2\/media?parent=1828"}],"wp:term":[{"taxonomy":"product_brand","embeddable":true,"href":"https:\/\/phukienflytech.vn\/en\/wp-json\/wp\/v2\/product_brand?post=1828"},{"taxonomy":"product_cat","embeddable":true,"href":"https:\/\/phukienflytech.vn\/en\/wp-json\/wp\/v2\/product_cat?post=1828"},{"taxonomy":"product_tag","embeddable":true,"href":"https:\/\/phukienflytech.vn\/en\/wp-json\/wp\/v2\/product_tag?post=1828"}],"curies":[{"name":"wp","href":"https:\/\/api.w.org\/{rel}","templated":true}]}}