{"id":1842,"date":"2020-06-17T06:46:31","date_gmt":"2020-06-16T23:46:31","guid":{"rendered":"http:\/\/27430.lamdx.vinawebsite.vn?post_type=product&#038;p=1842"},"modified":"2020-10-13T16:09:59","modified_gmt":"2020-10-13T09:09:59","slug":"hard-case-for-mavic-2","status":"publish","type":"product","link":"https:\/\/phukienflytech.vn\/en\/san-pham\/hard-case-for-mavic-2.html","title":{"rendered":"Hard case for Mavic 2"},"content":{"rendered":"<h2><span style=\"color: #0000ff;\"><em><strong>Hard case for Mavic 2<\/strong><\/em><\/span><\/h2>\n<p>&nbsp;<\/p>\n<p><span style=\"font-size: 18px;\">Hard case for Mavic 2<\/span><\/p>\n<p><span style=\"font-size: 18px;\"><em><strong>Flycam DJI Mavic 2 pro v\u00e0 Mavic 2 zoom<\/strong><\/em>\u00a0\u0111\u01b0\u1ee3c ra m\u1eaft th\u1ecb tr\u01b0\u1eddng v\u00e0o kho\u1ea3ng cu\u1ed1i th\u00e1ng 8 v\u00e0 \u0111\u1ea7u th\u00e1ng 9\/2018, \u0111\u00e2y \u0111\u01b0\u1ee3c xem l\u00e0 b\u01b0\u1edbc \u0111\u1ed9t ph\u00e1 l\u1edbn nh\u1ea5t c\u1ee7a DJI trong ng\u00e0nh s\u1ea3n xu\u1ea5t thi\u1ebft b\u1ecb bay kh\u00f4ng ng\u01b0\u1eddi l\u00e1i (UAV) d\u00e2n d\u1ee5ng. <\/span><\/p>\n<p><span style=\"font-size: 18px;\">Thi\u1ebft k\u1ebf\u00a0<em><strong>Mavic 2 pro<\/strong><\/em>\u00a0v\u00e0\u00a0<em><strong>mavic<\/strong><\/em>\u00a0<em><strong>2 zoom<\/strong><\/em>\u00a0c\u01a1 b\u1ea3n l\u00e0 k\u1ebf th\u1eeba t\u1eeb th\u1ebf h\u1ec7 Mavic pro tr\u01b0\u1edbc \u0111\u00f3, v\u1eabn nh\u1ecf g\u1ecdn v\u00e0 c\u00f3 th\u1ec3 g\u1eadp g\u1ecdn t\u1ed1i \u0111a. S\u1ef1 c\u1ea3i ti\u1ebfn v\u1ec1 ch\u1ea5t l\u01b0\u1ee3ng c\u1ea3m bi\u1ebfn 6 m\u1eb7t \u0111\u00e3 gi\u00fap cho Mavic 2 nhanh ch\u00f3ng g\u00e2y \u0111\u01b0\u1ee3c s\u1ef1 ch\u00fa \u00fd v\u00e0 y\u00eau th\u00edch \u0111\u1ebfn ph\u00e1t cu\u1ed3ng c\u1ee7a d\u00e2n flycam. <\/span><\/p>\n<p><span style=\"font-size: 18px;\">Ch\u1ea5t l\u01b0\u1ee3ng h\u00ecnh \u1ea3nh trong h\u01a1n, th\u1eadt h\u01a1n, v\u1edbi Mavic 2 pro th\u00ec g\u00f3c quay r\u1ed9ng h\u01a1n, v\u00e0 mavic 2 zoom th\u00ec \u1ed1ng lens c\u00f3 kh\u1ea3 n\u0103ng zoom x4 m\u00e0 kh\u00f4ng l\u00e0m gi\u1ea3m ch\u1ea5t l\u01b0\u1ee3ng. Th\u1eadt tuy\u1ec7t v\u1eddi. V\u00e0 gi\u00e1 cho c\u1ea3 2 model Mavic 2 b\u1ea3n \u0111\u01a1n hi\u1ec7n \u0111ang l\u00e0 33.5 tri\u1ec7u (MV2P) v\u00e0 26.6 tri\u1ec7u (MV2Z).<\/span><\/p>\n<h2><span style=\"font-size: 18px; color: #0000ff;\"><em><strong><img loading=\"lazy\" decoding=\"async\" class=\"alignnone wp-image-12501\" src=\"https:\/\/phukienflytech.vn\/wp-content\/uploads\/2020\/05\/vali-mavic-2-cung-chong-soc-1829-400x400.png\" alt=\"Hard-case-for-Mavic-2-mv\" width=\"467\" height=\"467\" srcset=\"https:\/\/phukienflytech.vn\/wp-content\/uploads\/2020\/05\/vali-mavic-2-cung-chong-soc-1829-400x400.png 400w, https:\/\/phukienflytech.vn\/wp-content\/uploads\/2020\/05\/vali-mavic-2-cung-chong-soc-1829-280x280.png 280w, https:\/\/phukienflytech.vn\/wp-content\/uploads\/2020\/05\/vali-mavic-2-cung-chong-soc-1829-768x768.png 768w, https:\/\/phukienflytech.vn\/wp-content\/uploads\/2020\/05\/vali-mavic-2-cung-chong-soc-1829-800x800.png 800w, https:\/\/phukienflytech.vn\/wp-content\/uploads\/2020\/05\/vali-mavic-2-cung-chong-soc-1829-300x300.png 300w, https:\/\/phukienflytech.vn\/wp-content\/uploads\/2020\/05\/vali-mavic-2-cung-chong-soc-1829-600x600.png 600w, https:\/\/phukienflytech.vn\/wp-content\/uploads\/2020\/05\/vali-mavic-2-cung-chong-soc-1829-100x100.png 100w, https:\/\/phukienflytech.vn\/wp-content\/uploads\/2020\/05\/vali-mavic-2-cung-chong-soc-1829.png 812w\" sizes=\"auto, (max-width: 467px) 100vw, 467px\" \/><\/strong><\/em><\/span><\/h2>\n<p><span style=\"font-size: 18px;\">Do v\u1eady, vi\u1ec7c l\u1ef1a ch\u1ecdn m\u1ed9t chi\u1ebfc Vali mavic 2 ch\u1ed1ng s\u1ed1c\u00a0ho\u1eb7c\u00a0<a href=\"http:\/\/phukienflytech.vn\/san-pham\/balo-mavic-boc-da.html\" target=\"_blank\" rel=\"noopener noreferrer\">balo c\u1ee9ng<\/a>\u00a0hay b\u1ed9\u00a0<a href=\"http:\/\/phukienflytech.vn\/san-pham\/bo-hop-combo-dung-mavic-pro.html\" target=\"_blank\" rel=\"noopener noreferrer\">h\u1ed9p \u0111\u1ef1ng combo<\/a>\u00a0c\u00f3 ch\u1ea5t li\u1ec7u c\u1ee9ng l\u00e0 \u0111i\u1ec1u t\u1ea5t y\u1ebfu d\u00e0nh cho ai \u0111ang s\u1edf h\u1eefu\u00a0<em><strong>DJI Mavic 2.\u00a0\u00a0<\/strong><\/em>Ngay c\u1ea3 khi b\u1ea1n \u0111\u00e3\u00a0<em><strong>mua b\u1ed9 Kit flymore combo cho Mavic 2<\/strong><\/em>\u00a0v\u00e0 \u0111\u00e3 c\u00f3 chi\u1ebfc\u00a0<em><strong>t\u00fai da DJI Mavic 2\u00a0\u00a0<\/strong><\/em>nh\u01b0ng ch\u1eafc ch\u1eafn l\u00e0 b\u1ea1n s\u1ebd kh\u00f4ng th\u1ec3 an t\u00e2m v\u1ec1 kh\u1ea3 n\u0103ng ch\u1ed1ng s\u1ed1c c\u1ee7a t\u00fai da n\u00e0y.\u00a0<\/span><\/p>\n<p>&nbsp;<\/p>\n<h2><span style=\"font-size: 21px; color: #0000ff;\"><strong><em>\u0110\u1eb7c \u0111i\u1ec3m vali mavic 2 ch\u1ed1ng s\u1ed1c:<\/em><\/strong><\/span><\/h2>\n<p><span style=\"font-size: 18px;\">thu\u1ed9c lo\u1ea1i vali ch\u1ed1ng n\u01b0\u1edbc v\u00e0 ch\u1ed1ng s\u1ed1c r\u1ea5t cao, si\u00eau g\u1ecdn nh\u1eb9<\/span><\/p>\n<p><span style=\"font-size: 18px;\">&#8211; B\u00ean ngo\u00e0i: Ch\u1ea5t li\u1ec7u nh\u1ef1a si\u00eau c\u1ee9ng, c\u00f3 quai \u0111eo ch\u00e9o vai t\u1ea1o c\u1ea3m gi\u00e1c tho\u1ea3i m\u00e1i khi \u0111eo l\u00ean, ki\u1ec3u d\u00e1ng g\u1ecdn nh\u1eb9 m\u1ecfng, k\u00edch th\u01b0\u1edbc th\u1eadm ch\u1ec9 c\u00f2n b\u00e9 h\u01a1n kh\u1ed5 gi\u1ea5y A4<\/span><\/p>\n<h2><span style=\"font-size: 18px; color: #0000ff;\"><em><strong><img loading=\"lazy\" decoding=\"async\" class=\"alignnone wp-image-12505\" src=\"https:\/\/phukienflytech.vn\/wp-content\/uploads\/2020\/05\/vali-mavic-2-cung-chong-soc-1829-1-1-400x400.jpg\" alt=\"\" width=\"502\" height=\"502\" srcset=\"https:\/\/phukienflytech.vn\/wp-content\/uploads\/2020\/05\/vali-mavic-2-cung-chong-soc-1829-1-1-400x400.jpg 400w, https:\/\/phukienflytech.vn\/wp-content\/uploads\/2020\/05\/vali-mavic-2-cung-chong-soc-1829-1-1-280x280.jpg 280w, https:\/\/phukienflytech.vn\/wp-content\/uploads\/2020\/05\/vali-mavic-2-cung-chong-soc-1829-1-1-300x300.jpg 300w, https:\/\/phukienflytech.vn\/wp-content\/uploads\/2020\/05\/vali-mavic-2-cung-chong-soc-1829-1-1-100x100.jpg 100w, https:\/\/phukienflytech.vn\/wp-content\/uploads\/2020\/05\/vali-mavic-2-cung-chong-soc-1829-1-1.jpg 500w\" sizes=\"auto, (max-width: 502px) 100vw, 502px\" \/><\/strong><\/em><\/span><\/h2>\n<ul>\n<li><span style=\"font-size: 18px;\">B\u00ean trong: l\u00e0 khu\u00f4n x\u1ed1p r\u1ea5t c\u1ee9ng, \u0111\u01b0\u1ee3c ti\u1ec7n r\u1ea5t t\u1ec9 m\u1ec9 theo h\u00ecnh d\u00e1ng t\u1eebng chi ti\u1ebft, ph\u1ee5 ki\u1ec7n\u00a0 ch\u00ednh x\u00e1c, \u0111\u1ef1ng \u0111\u01b0\u1ee3c combo 3 pin t\u1ea5t c\u1ea3 v\u00e0 c\u00e1c m\u00e1y t\u00ednh b\u1ea3ng, filter.. v\u00e0 c\u00e1c ph\u1ee5 ki\u1ec7n cho flycam k\u00e8m th\u00eam kh\u00e1c.<\/span><\/li>\n<li><span style=\"font-size: 18px;\">Kh\u1ea3 n\u0103ng ch\u1ee9a \u0111\u1ef1ng : 3 pin (c\u00f3 th\u1ec3 th\u00eam pin v\u00e0o ng\u0103n l\u1eafp tr\u00ean)\u00a0 , tay khi\u1ec3n, b\u1ed9 s\u1ea1c, Ipad, v\u00e0 c\u00e1c ph\u1ee5 ki\u1ec7n kh\u00e1c &#8230;<\/span><\/li>\n<\/ul>\n<h2><span style=\"font-size: 18px; color: #0000ff;\"><em><strong><img loading=\"lazy\" decoding=\"async\" class=\"alignnone wp-image-12509 size-medium\" src=\"https:\/\/phukienflytech.vn\/wp-content\/uploads\/2020\/05\/vali-mavic-2-cung-chong-soc-1829-2-1-400x400.jpg\" alt=\"vali-mavic-2-chong-soc\" width=\"400\" height=\"400\" srcset=\"https:\/\/phukienflytech.vn\/wp-content\/uploads\/2020\/05\/vali-mavic-2-cung-chong-soc-1829-2-1-400x400.jpg 400w, https:\/\/phukienflytech.vn\/wp-content\/uploads\/2020\/05\/vali-mavic-2-cung-chong-soc-1829-2-1-280x280.jpg 280w, https:\/\/phukienflytech.vn\/wp-content\/uploads\/2020\/05\/vali-mavic-2-cung-chong-soc-1829-2-1-300x300.jpg 300w, https:\/\/phukienflytech.vn\/wp-content\/uploads\/2020\/05\/vali-mavic-2-cung-chong-soc-1829-2-1-100x100.jpg 100w, https:\/\/phukienflytech.vn\/wp-content\/uploads\/2020\/05\/vali-mavic-2-cung-chong-soc-1829-2-1.jpg 500w\" sizes=\"auto, (max-width: 400px) 100vw, 400px\" \/><\/strong><\/em><\/span><\/h2>\n<p><span style=\"font-size: 18px;\">Th\u1eadt l\u00e0 ti\u1ebfc cho nh\u1eefng ai s\u1eed d\u1ee5ng Mavic Pro\/ Mavic 2 Pro\/ Mavic 2 Zoom m\u00e0 l\u1ea1i thi\u1ebfu chi\u1ebfc vali \u0111a n\u0103ng n\u00e0y.<\/span><\/p>\n<h2><span style=\"font-size: 18px; color: #0000ff;\"><em><strong><img loading=\"lazy\" decoding=\"async\" class=\"alignnone wp-image-12513\" src=\"https:\/\/phukienflytech.vn\/wp-content\/uploads\/2020\/05\/vali-mavic-2-cung-chong-soc-1829-3-1-400x400.jpg\" alt=\"Hard-case-for-Mavic-2-a\" width=\"500\" height=\"500\" srcset=\"https:\/\/phukienflytech.vn\/wp-content\/uploads\/2020\/05\/vali-mavic-2-cung-chong-soc-1829-3-1-400x400.jpg 400w, https:\/\/phukienflytech.vn\/wp-content\/uploads\/2020\/05\/vali-mavic-2-cung-chong-soc-1829-3-1-280x280.jpg 280w, https:\/\/phukienflytech.vn\/wp-content\/uploads\/2020\/05\/vali-mavic-2-cung-chong-soc-1829-3-1-300x300.jpg 300w, https:\/\/phukienflytech.vn\/wp-content\/uploads\/2020\/05\/vali-mavic-2-cung-chong-soc-1829-3-1-100x100.jpg 100w, https:\/\/phukienflytech.vn\/wp-content\/uploads\/2020\/05\/vali-mavic-2-cung-chong-soc-1829-3-1.jpg 500w\" sizes=\"auto, (max-width: 500px) 100vw, 500px\" \/><\/strong><\/em><\/span><\/h2>\n<p><span style=\"font-size: 18px;\">&#8211; S\u1eed d\u1ee5ng balo l\u00e0 ph\u1ee5 ki\u1ec7n b\u1ea3o v\u1ec7 chi\u1ebfc flycam c\u1ee7a b\u1ea1n kh\u1ecfi c\u00e1c t\u00e1c \u0111\u1ed9ng b\u00ean ngo\u00e0i, \u0111em l\u1ea1i s\u1ef1 thu\u1eadn ti\u1ec7n trong qu\u00e1 tr\u00ecnh di chuy\u1ec3n&#8230;<\/span><\/p>\n<h2><span style=\"font-size: 18px; color: #0000ff;\"><em><strong><img loading=\"lazy\" decoding=\"async\" class=\"alignnone wp-image-12515 size-medium\" src=\"https:\/\/phukienflytech.vn\/wp-content\/uploads\/2020\/05\/vali-mavic-2-cung-chong-soc-1829-4-1-400x400.jpg\" alt=\"Hard-case-for-Mavic-2\" width=\"400\" height=\"400\" srcset=\"https:\/\/phukienflytech.vn\/wp-content\/uploads\/2020\/05\/vali-mavic-2-cung-chong-soc-1829-4-1-400x400.jpg 400w, https:\/\/phukienflytech.vn\/wp-content\/uploads\/2020\/05\/vali-mavic-2-cung-chong-soc-1829-4-1-280x280.jpg 280w, https:\/\/phukienflytech.vn\/wp-content\/uploads\/2020\/05\/vali-mavic-2-cung-chong-soc-1829-4-1-768x768.jpg 768w, https:\/\/phukienflytech.vn\/wp-content\/uploads\/2020\/05\/vali-mavic-2-cung-chong-soc-1829-4-1.jpg 800w, https:\/\/phukienflytech.vn\/wp-content\/uploads\/2020\/05\/vali-mavic-2-cung-chong-soc-1829-4-1-300x300.jpg 300w, https:\/\/phukienflytech.vn\/wp-content\/uploads\/2020\/05\/vali-mavic-2-cung-chong-soc-1829-4-1-600x600.jpg 600w, https:\/\/phukienflytech.vn\/wp-content\/uploads\/2020\/05\/vali-mavic-2-cung-chong-soc-1829-4-1-100x100.jpg 100w\" sizes=\"auto, (max-width: 400px) 100vw, 400px\" \/><\/strong><\/em><\/span><\/h2>\n<p><span style=\"font-size: 18px;\">C\u00f9ng l\u00e0m \u0111\u1ea7y \u0111\u1ee7 b\u1ed9\u00a0<strong>ph\u1ee5 ki\u1ec7n Mavic Pro\/ Mavic 2 Pro\/ Mavic 2 Zoom\u00a0<\/strong>c\u1ee7a ch\u00ednh m\u00ecnh<\/span><\/p>\n<p><span style=\"font-size: 18px;\">H\u00e3y \u0111\u1ec3\u00a0<strong><a href=\"https:\/\/facebook.com\/phukienflycam\/\" target=\"_blank\" rel=\"noopener noreferrer\">Ph\u1ee5 Ki\u1ec7n Fly-cam Gi\u00e1 T\u1ed1t<\/a>\u00a0<\/strong>ti\u1ebfp s\u1ee9c \u0111am m\u00ea, c\u00f4ng vi\u1ec7c c\u1ee7a b\u1ea1n, gi\u00fap b\u1ea1n th\u00eam ni\u1ec1m h\u1ee9ng kh\u1edfi trong \u0111am m\u00ea c\u0169ng nh\u01b0 c\u00f4ng vi\u1ec7c c\u1ee7a m\u00ecnh th\u00eam su\u00f4n s\u1ebb<\/span><\/p>\n","protected":false},"excerpt":{"rendered":"<p>Hard case for Mavic 2 &nbsp; Hard case for Mavic 2 Flycam DJI Mavic 2 pro v\u00e0 Mavic 2 zoom\u00a0\u0111\u01b0\u1ee3c ra m\u1eaft th\u1ecb tr\u01b0\u1eddng v\u00e0o kho\u1ea3ng cu\u1ed1i th\u00e1ng 8 v\u00e0 \u0111\u1ea7u th\u00e1ng 9\/2018, \u0111\u00e2y \u0111\u01b0\u1ee3c xem l\u00e0 b\u01b0\u1edbc \u0111\u1ed9t ph\u00e1 l\u1edbn nh\u1ea5t c\u1ee7a DJI trong ng\u00e0nh s\u1ea3n xu\u1ea5t thi\u1ebft b\u1ecb bay kh\u00f4ng ng\u01b0\u1eddi l\u00e1i (UAV) &#8230;<\/p>\n","protected":false},"featured_media":1831,"comment_status":"open","ping_status":"closed","template":"","meta":{"_acf_changed":false},"product_brand":[],"product_cat":[177],"product_tag":[206,209],"class_list":{"0":"post-1842","1":"product","2":"type-product","3":"status-publish","4":"has-post-thumbnail","6":"product_cat-mavic-2s-accessory","7":"product_tag-phu-kien-dji-en","8":"product_tag-phu-kien-mavic-2-en","10":"first","11":"instock","12":"shipping-taxable","13":"purchasable","14":"product-type-simple"},"acf":[],"yoast_head":"<!-- This site is optimized with the Yoast SEO plugin v25.7 - https:\/\/yoast.com\/wordpress\/plugins\/seo\/ -->\n<title>Hard case for Mavic 2 - Mavic 2 accessory - Available - Original<\/title>\n<meta name=\"description\" content=\"Hard case for Mavic 2 is one of the most important accessory. Contact us to buy Hard case for Mavic 2 for best price, good warranty.\" \/>\n<meta name=\"robots\" content=\"index, follow, max-snippet:-1, max-image-preview:large, max-video-preview:-1\" \/>\n<link rel=\"canonical\" href=\"https:\/\/phukienflytech.vn\/en\/san-pham\/hard-case-for-mavic-2.html\" \/>\n<meta property=\"og:locale\" content=\"en_US\" \/>\n<meta property=\"og:type\" content=\"article\" \/>\n<meta property=\"og:title\" content=\"Hard case for Mavic 2 - Mavic 2 accessory - Available - Original\" \/>\n<meta property=\"og:description\" content=\"Hard case for Mavic 2 is one of the most important accessory. Contact us to buy Hard case for Mavic 2 for best price, good warranty.\" \/>\n<meta property=\"og:url\" content=\"https:\/\/phukienflytech.vn\/en\/san-pham\/hard-case-for-mavic-2.html\" \/>\n<meta property=\"og:site_name\" content=\"Shop M\u00e1y \u1ea3nh - Action Camera - Gimbal - Flycam - Ph\u1ee5 ki\u1ec7n\" \/>\n<meta property=\"article:publisher\" content=\"https:\/\/facebook.com\/phukienflycam\" \/>\n<meta property=\"article:modified_time\" content=\"2020-10-13T09:09:59+00:00\" \/>\n<meta property=\"og:image\" content=\"https:\/\/phukienflytech.vn\/wp-content\/uploads\/2020\/05\/vali-mavic-2-pro-zoom-phu-kien-Copy.png\" \/>\n\t<meta property=\"og:image:width\" content=\"300\" \/>\n\t<meta property=\"og:image:height\" content=\"300\" \/>\n\t<meta property=\"og:image:type\" content=\"image\/png\" \/>\n<meta name=\"twitter:card\" content=\"summary_large_image\" \/>\n<meta name=\"twitter:label1\" content=\"Est. reading time\" \/>\n\t<meta name=\"twitter:data1\" content=\"3 minutes\" \/>\n<script type=\"application\/ld+json\" class=\"yoast-schema-graph\">{\"@context\":\"https:\/\/schema.org\",\"@graph\":[{\"@type\":\"WebPage\",\"@id\":\"https:\/\/phukienflytech.vn\/en\/san-pham\/hard-case-for-mavic-2.html\",\"url\":\"https:\/\/phukienflytech.vn\/en\/san-pham\/hard-case-for-mavic-2.html\",\"name\":\"Hard case for Mavic 2 - Mavic 2 accessory - Available - Original\",\"isPartOf\":{\"@id\":\"https:\/\/phukienflytech.vn\/#website\"},\"primaryImageOfPage\":{\"@id\":\"https:\/\/phukienflytech.vn\/en\/san-pham\/hard-case-for-mavic-2.html#primaryimage\"},\"image\":{\"@id\":\"https:\/\/phukienflytech.vn\/en\/san-pham\/hard-case-for-mavic-2.html#primaryimage\"},\"thumbnailUrl\":\"https:\/\/phukienflytech.vn\/wp-content\/uploads\/2020\/05\/vali-mavic-2-pro-zoom-phu-kien-Copy.png\",\"datePublished\":\"2020-06-16T23:46:31+00:00\",\"dateModified\":\"2020-10-13T09:09:59+00:00\",\"description\":\"Hard case for Mavic 2 is one of the most important accessory. Contact us to buy Hard case for Mavic 2 for best price, good warranty.\",\"breadcrumb\":{\"@id\":\"https:\/\/phukienflytech.vn\/en\/san-pham\/hard-case-for-mavic-2.html#breadcrumb\"},\"inLanguage\":\"en-US\",\"potentialAction\":[{\"@type\":\"ReadAction\",\"target\":[\"https:\/\/phukienflytech.vn\/en\/san-pham\/hard-case-for-mavic-2.html\"]}]},{\"@type\":\"ImageObject\",\"inLanguage\":\"en-US\",\"@id\":\"https:\/\/phukienflytech.vn\/en\/san-pham\/hard-case-for-mavic-2.html#primaryimage\",\"url\":\"https:\/\/phukienflytech.vn\/wp-content\/uploads\/2020\/05\/vali-mavic-2-pro-zoom-phu-kien-Copy.png\",\"contentUrl\":\"https:\/\/phukienflytech.vn\/wp-content\/uploads\/2020\/05\/vali-mavic-2-pro-zoom-phu-kien-Copy.png\",\"width\":300,\"height\":300},{\"@type\":\"BreadcrumbList\",\"@id\":\"https:\/\/phukienflytech.vn\/en\/san-pham\/hard-case-for-mavic-2.html#breadcrumb\",\"itemListElement\":[{\"@type\":\"ListItem\",\"position\":1,\"name\":\"Home\",\"item\":\"https:\/\/phukienflytech.vn\/en\"},{\"@type\":\"ListItem\",\"position\":2,\"name\":\"Ph\u1ee5 ki\u1ec7n Mavic Pro\",\"item\":\"https:\/\/phukienflytech.vn\/en\/phu-kien-mavic-pro.html\"},{\"@type\":\"ListItem\",\"position\":3,\"name\":\"DJI Osmo &amp; Drone's accessories\",\"item\":\"https:\/\/phukienflytech.vn\/en\/danh-muc\/dji-osmo-drones-accessories.html\"},{\"@type\":\"ListItem\",\"position\":4,\"name\":\"Ph\u1ee5 ki\u1ec7n DJI Mavic 2\",\"item\":\"https:\/\/phukienflytech.vn\/en\/danh-muc\/mavic-2s-accessory.html\"},{\"@type\":\"ListItem\",\"position\":5,\"name\":\"Hard case for Mavic 2\"}]},{\"@type\":\"WebSite\",\"@id\":\"https:\/\/phukienflytech.vn\/#website\",\"url\":\"https:\/\/phukienflytech.vn\/\",\"name\":\"Shop M\u00e1y \u1ea3nh - Action Camera - Gimbal - Flycam - Ph\u1ee5 ki\u1ec7n\",\"description\":\"Shop M\u00e1y \u1ea3nh - Action Camera - Gimbal - Flycam - Ph\u1ee5 ki\u1ec7n\",\"publisher\":{\"@id\":\"https:\/\/phukienflytech.vn\/#organization\"},\"potentialAction\":[{\"@type\":\"SearchAction\",\"target\":{\"@type\":\"EntryPoint\",\"urlTemplate\":\"https:\/\/phukienflytech.vn\/?s={search_term_string}\"},\"query-input\":{\"@type\":\"PropertyValueSpecification\",\"valueRequired\":true,\"valueName\":\"search_term_string\"}}],\"inLanguage\":\"en-US\"},{\"@type\":\"Organization\",\"@id\":\"https:\/\/phukienflytech.vn\/#organization\",\"name\":\"DJI Store - Shop Drone, Action camera, Gimbal DJI |Phukienflytech\",\"alternateName\":\"DJI Store - Shop Drone, Action camera, Gimbal DJI |Phukienflytech\",\"url\":\"https:\/\/phukienflytech.vn\/\",\"logo\":{\"@type\":\"ImageObject\",\"inLanguage\":\"en-US\",\"@id\":\"https:\/\/phukienflytech.vn\/#\/schema\/logo\/image\/\",\"url\":\"https:\/\/phukienflytech.vn\/wp-content\/uploads\/2020\/05\/hAnh_nan.jpg1_.jpg\",\"contentUrl\":\"https:\/\/phukienflytech.vn\/wp-content\/uploads\/2020\/05\/hAnh_nan.jpg1_.jpg\",\"width\":800,\"height\":450,\"caption\":\"DJI Store - Shop Drone, Action camera, Gimbal DJI |Phukienflytech\"},\"image\":{\"@id\":\"https:\/\/phukienflytech.vn\/#\/schema\/logo\/image\/\"},\"sameAs\":[\"https:\/\/facebook.com\/phukienflycam\",\"https:\/\/www.youtube.com\/@phukienflytech\",\"https:\/\/www.tiktok.com\/@flytech.channel?fbclid=IwY2xjawGjg7BleHRuA2FlbQIxMAABHYVGmlXpuSMs0UB2zTpYvyT4GMVfN2qJa4urF4vkSQ6FAVBwXZtDP30qQA_aem_UwMiDcUvlEbd2tXAmsc8Og\"]}]}<\/script>\n<!-- \/ Yoast SEO plugin. -->","yoast_head_json":{"title":"Hard case for Mavic 2 - Mavic 2 accessory - Available - Original","description":"Hard case for Mavic 2 is one of the most important accessory. Contact us to buy Hard case for Mavic 2 for best price, good warranty.","robots":{"index":"index","follow":"follow","max-snippet":"max-snippet:-1","max-image-preview":"max-image-preview:large","max-video-preview":"max-video-preview:-1"},"canonical":"https:\/\/phukienflytech.vn\/en\/san-pham\/hard-case-for-mavic-2.html","og_locale":"en_US","og_type":"article","og_title":"Hard case for Mavic 2 - Mavic 2 accessory - Available - Original","og_description":"Hard case for Mavic 2 is one of the most important accessory. Contact us to buy Hard case for Mavic 2 for best price, good warranty.","og_url":"https:\/\/phukienflytech.vn\/en\/san-pham\/hard-case-for-mavic-2.html","og_site_name":"Shop M\u00e1y \u1ea3nh - Action Camera - Gimbal - Flycam - Ph\u1ee5 ki\u1ec7n","article_publisher":"https:\/\/facebook.com\/phukienflycam","article_modified_time":"2020-10-13T09:09:59+00:00","og_image":[{"width":300,"height":300,"url":"https:\/\/phukienflytech.vn\/wp-content\/uploads\/2020\/05\/vali-mavic-2-pro-zoom-phu-kien-Copy.png","type":"image\/png"}],"twitter_card":"summary_large_image","twitter_misc":{"Est. reading time":"3 minutes"},"schema":{"@context":"https:\/\/schema.org","@graph":[{"@type":"WebPage","@id":"https:\/\/phukienflytech.vn\/en\/san-pham\/hard-case-for-mavic-2.html","url":"https:\/\/phukienflytech.vn\/en\/san-pham\/hard-case-for-mavic-2.html","name":"Hard case for Mavic 2 - Mavic 2 accessory - Available - Original","isPartOf":{"@id":"https:\/\/phukienflytech.vn\/#website"},"primaryImageOfPage":{"@id":"https:\/\/phukienflytech.vn\/en\/san-pham\/hard-case-for-mavic-2.html#primaryimage"},"image":{"@id":"https:\/\/phukienflytech.vn\/en\/san-pham\/hard-case-for-mavic-2.html#primaryimage"},"thumbnailUrl":"https:\/\/phukienflytech.vn\/wp-content\/uploads\/2020\/05\/vali-mavic-2-pro-zoom-phu-kien-Copy.png","datePublished":"2020-06-16T23:46:31+00:00","dateModified":"2020-10-13T09:09:59+00:00","description":"Hard case for Mavic 2 is one of the most important accessory. Contact us to buy Hard case for Mavic 2 for best price, good warranty.","breadcrumb":{"@id":"https:\/\/phukienflytech.vn\/en\/san-pham\/hard-case-for-mavic-2.html#breadcrumb"},"inLanguage":"en-US","potentialAction":[{"@type":"ReadAction","target":["https:\/\/phukienflytech.vn\/en\/san-pham\/hard-case-for-mavic-2.html"]}]},{"@type":"ImageObject","inLanguage":"en-US","@id":"https:\/\/phukienflytech.vn\/en\/san-pham\/hard-case-for-mavic-2.html#primaryimage","url":"https:\/\/phukienflytech.vn\/wp-content\/uploads\/2020\/05\/vali-mavic-2-pro-zoom-phu-kien-Copy.png","contentUrl":"https:\/\/phukienflytech.vn\/wp-content\/uploads\/2020\/05\/vali-mavic-2-pro-zoom-phu-kien-Copy.png","width":300,"height":300},{"@type":"BreadcrumbList","@id":"https:\/\/phukienflytech.vn\/en\/san-pham\/hard-case-for-mavic-2.html#breadcrumb","itemListElement":[{"@type":"ListItem","position":1,"name":"Home","item":"https:\/\/phukienflytech.vn\/en"},{"@type":"ListItem","position":2,"name":"Ph\u1ee5 ki\u1ec7n Mavic Pro","item":"https:\/\/phukienflytech.vn\/en\/phu-kien-mavic-pro.html"},{"@type":"ListItem","position":3,"name":"DJI Osmo &amp; Drone's accessories","item":"https:\/\/phukienflytech.vn\/en\/danh-muc\/dji-osmo-drones-accessories.html"},{"@type":"ListItem","position":4,"name":"Ph\u1ee5 ki\u1ec7n DJI Mavic 2","item":"https:\/\/phukienflytech.vn\/en\/danh-muc\/mavic-2s-accessory.html"},{"@type":"ListItem","position":5,"name":"Hard case for Mavic 2"}]},{"@type":"WebSite","@id":"https:\/\/phukienflytech.vn\/#website","url":"https:\/\/phukienflytech.vn\/","name":"Shop M\u00e1y \u1ea3nh - Action Camera - Gimbal - Flycam - Ph\u1ee5 ki\u1ec7n","description":"Shop M\u00e1y \u1ea3nh - Action Camera - Gimbal - Flycam - Ph\u1ee5 ki\u1ec7n","publisher":{"@id":"https:\/\/phukienflytech.vn\/#organization"},"potentialAction":[{"@type":"SearchAction","target":{"@type":"EntryPoint","urlTemplate":"https:\/\/phukienflytech.vn\/?s={search_term_string}"},"query-input":{"@type":"PropertyValueSpecification","valueRequired":true,"valueName":"search_term_string"}}],"inLanguage":"en-US"},{"@type":"Organization","@id":"https:\/\/phukienflytech.vn\/#organization","name":"DJI Store - Shop Drone, Action camera, Gimbal DJI |Phukienflytech","alternateName":"DJI Store - Shop Drone, Action camera, Gimbal DJI |Phukienflytech","url":"https:\/\/phukienflytech.vn\/","logo":{"@type":"ImageObject","inLanguage":"en-US","@id":"https:\/\/phukienflytech.vn\/#\/schema\/logo\/image\/","url":"https:\/\/phukienflytech.vn\/wp-content\/uploads\/2020\/05\/hAnh_nan.jpg1_.jpg","contentUrl":"https:\/\/phukienflytech.vn\/wp-content\/uploads\/2020\/05\/hAnh_nan.jpg1_.jpg","width":800,"height":450,"caption":"DJI Store - Shop Drone, Action camera, Gimbal DJI |Phukienflytech"},"image":{"@id":"https:\/\/phukienflytech.vn\/#\/schema\/logo\/image\/"},"sameAs":["https:\/\/facebook.com\/phukienflycam","https:\/\/www.youtube.com\/@phukienflytech","https:\/\/www.tiktok.com\/@flytech.channel?fbclid=IwY2xjawGjg7BleHRuA2FlbQIxMAABHYVGmlXpuSMs0UB2zTpYvyT4GMVfN2qJa4urF4vkSQ6FAVBwXZtDP30qQA_aem_UwMiDcUvlEbd2tXAmsc8Og"]}]}},"_links":{"self":[{"href":"https:\/\/phukienflytech.vn\/en\/wp-json\/wp\/v2\/product\/1842","targetHints":{"allow":["GET"]}}],"collection":[{"href":"https:\/\/phukienflytech.vn\/en\/wp-json\/wp\/v2\/product"}],"about":[{"href":"https:\/\/phukienflytech.vn\/en\/wp-json\/wp\/v2\/types\/product"}],"replies":[{"embeddable":true,"href":"https:\/\/phukienflytech.vn\/en\/wp-json\/wp\/v2\/comments?post=1842"}],"wp:featuredmedia":[{"embeddable":true,"href":"https:\/\/phukienflytech.vn\/en\/wp-json\/wp\/v2\/media\/1831"}],"wp:attachment":[{"href":"https:\/\/phukienflytech.vn\/en\/wp-json\/wp\/v2\/media?parent=1842"}],"wp:term":[{"taxonomy":"product_brand","embeddable":true,"href":"https:\/\/phukienflytech.vn\/en\/wp-json\/wp\/v2\/product_brand?post=1842"},{"taxonomy":"product_cat","embeddable":true,"href":"https:\/\/phukienflytech.vn\/en\/wp-json\/wp\/v2\/product_cat?post=1842"},{"taxonomy":"product_tag","embeddable":true,"href":"https:\/\/phukienflytech.vn\/en\/wp-json\/wp\/v2\/product_tag?post=1842"}],"curies":[{"name":"wp","href":"https:\/\/api.w.org\/{rel}","templated":true}]}}