{"id":19021,"date":"2020-08-03T21:52:49","date_gmt":"2020-08-03T14:52:49","guid":{"rendered":"https:\/\/phukienflytech.vn\/san-pham\/vali-cung-mavic-air-2.html"},"modified":"2020-10-14T15:47:08","modified_gmt":"2020-10-14T08:47:08","slug":"mavic-air-2-hard-suicase","status":"publish","type":"product","link":"https:\/\/phukienflytech.vn\/en\/san-pham\/mavic-air-2-hard-suicase.html","title":{"rendered":"Mavic Air 2 hard suicase"},"content":{"rendered":"<h2 style=\"text-align: justify;\">Mavic Air 2 hard suicase<\/h2>\n<h3 style=\"text-align: justify;\"><\/h3>\n<p><span style=\"font-size: 18px;\">Mavic Air 2 hard suicase<\/span><\/p>\n<p style=\"text-align: justify;\"><span style=\"font-size: 18px;\">D\u00f2ng s\u1ea3n ph\u1ea9m <strong>Vali Mavic air 2 chuy\u00ean d\u1ee5ng<\/strong> c\u0169ng l\u00e0 m\u1ed9t trong nh\u1eefng s\u1ea3n ph\u1ea9m \u0111\u01b0\u1ee3c t\u00ecm mua nhi\u1ec1u. B\u1edbi c\u00e1c \u0111\u1eb7c t\u00ednh chuy\u00ean d\u1ee5ng trong c\u00e1c m\u00f4i tr\u01b0\u1eddng th\u1eddi ti\u1ebft \u0111\u1eb7c bi\u1ec7t. X\u00e9t v\u1ec1 gi\u00e1 th\u00e0nh \u0111\u00e2y l\u00e0 s\u1ea3n ph\u1ea9m c\u00f3 m\u1ee9c gi\u00e1 cao nh\u1ea5t. V\u1edbi nh\u1eefng ng\u01b0\u1eddi d\u00f9ng c\u01a1 b\u1ea3n th\u00ec m\u1ed9t m\u1eabu Vali c\u1ee9ng \u0111\u1ef1ng \u0111\u1ee7 <strong>ph\u1ee5 ki\u1ec7n Mavic Air 2<\/strong> s\u1ebd l\u00e0 ph\u00f9 h\u1ee3p nh\u1ea5t<\/span><\/p>\n<p style=\"text-align: justify;\"><span style=\"font-size: 18px;\"><img loading=\"lazy\" decoding=\"async\" class=\"alignnone wp-image-17996 size-medium\" src=\"https:\/\/phukienflytech.vn\/wp-content\/uploads\/2020\/08\/vali-c\u01b0ng-mavic-air-2-1-400x400.jpg\" alt=\"Mavic-Air-2-hard-suicase-2\" width=\"400\" height=\"400\" srcset=\"https:\/\/phukienflytech.vn\/wp-content\/uploads\/2020\/08\/vali-c\u01b0ng-mavic-air-2-1-400x400.jpg 400w, https:\/\/phukienflytech.vn\/wp-content\/uploads\/2020\/08\/vali-c\u01b0ng-mavic-air-2-1-280x280.jpg 280w, https:\/\/phukienflytech.vn\/wp-content\/uploads\/2020\/08\/vali-c\u01b0ng-mavic-air-2-1-768x768.jpg 768w, https:\/\/phukienflytech.vn\/wp-content\/uploads\/2020\/08\/vali-c\u01b0ng-mavic-air-2-1-300x300.jpg 300w, https:\/\/phukienflytech.vn\/wp-content\/uploads\/2020\/08\/vali-c\u01b0ng-mavic-air-2-1-600x600.jpg 600w, https:\/\/phukienflytech.vn\/wp-content\/uploads\/2020\/08\/vali-c\u01b0ng-mavic-air-2-1-100x100.jpg 100w, https:\/\/phukienflytech.vn\/wp-content\/uploads\/2020\/08\/vali-c\u01b0ng-mavic-air-2-1.jpg 800w\" sizes=\"auto, (max-width: 400px) 100vw, 400px\" \/><\/span><\/p>\n<p>&nbsp;<\/p>\n<h2 style=\"text-align: justify;\"><span style=\"font-size: 21px; color: #0000ff;\"><strong>Th\u00f4ng tin Mavic Air 2 hard suicase :<\/strong><\/span><\/h2>\n<ul>\n<li style=\"text-align: justify;\"><span style=\"font-size: 18px;\">H\u00e3ng s\u1ea3n xu\u1ea5t: OEM<\/span><\/li>\n<li style=\"text-align: justify;\"><span style=\"font-size: 18px;\">Ch\u1ea5t li\u1ec7u: PU<\/span><\/li>\n<li style=\"text-align: justify;\"><span style=\"font-size: 18px;\">Tr\u1ecdng l\u01b0\u1ee3ng t\u1ecbnh: 500g<\/span><\/li>\n<li style=\"text-align: justify;\"><span style=\"font-size: 18px;\">K\u00edch th\u01b0\u1edbc s\u1ea3n ph\u1ea9m: 29 x 19.5 x 12.5 cm<\/span><\/li>\n<li style=\"text-align: justify;\"><span style=\"font-size: 18px;\">S\u1ea3n ph\u1ea9m d\u00f9ng cho: DJI Mavic Air 2<\/span><\/li>\n<\/ul>\n<p>&nbsp;<\/p>\n<h3 style=\"text-align: justify;\"><span style=\"font-size: 18px;\"><strong>Thi\u1ebft k\u1ebf nh\u1ef1a PU ch\u1ed1ng v<\/strong><strong>a \u0111\u1eadp<\/strong><\/span><\/h3>\n<p style=\"text-align: justify;\"><span style=\"font-size: 18px;\">S\u1ea3n ph\u1ea9m <strong>Vali c\u1ee9ng Mavic Air 2<\/strong> c\u00f3 l\u1edbp v\u1ecf l\u00e0 t\u1eeb nh\u1ef1a PU c\u1ee9ng. Gi\u00fap gi\u1ea3m thi\u1ec3u t\u00e1c \u0111\u1ed9ng t\u1eeb ngo\u1ea1i l\u1ef1c. B\u00ean c\u1ea1nh \u0111\u00f3 s\u1ea3n ph\u1ea9m c\u0169ng c\u00f3 th\u1ec3 ch\u1ed1ng n\u01b0\u1edbc nh\u1eb9. Thi\u1ebft k\u1ebf kh\u00f3a 2 chi\u1ec1u \u0111em gi\u00fap s\u1eed d\u1ee5ng ti\u1ec7n d\u1ee5ng. Tay x\u00e1ch v\u00e0 quai \u0111eo gi\u00fap b\u1ea1n linh ho\u1ea1t chuy\u1ec3n tr\u1ea1ng th\u00e1i s\u1eed d\u1ee5ng. <\/span><\/p>\n<h3 style=\"font-size: 20.16px; text-align: justify;\"><span style=\"font-size: 18px;\"><img loading=\"lazy\" decoding=\"async\" class=\"alignnone wp-image-17998 size-medium\" src=\"https:\/\/phukienflytech.vn\/wp-content\/uploads\/2020\/08\/vali-c\u01b0ng-mavic-air-2-3-400x400.jpg\" alt=\"Mavic-Air-2-hard-suicase-9\" width=\"400\" height=\"400\" srcset=\"https:\/\/phukienflytech.vn\/wp-content\/uploads\/2020\/08\/vali-c\u01b0ng-mavic-air-2-3-400x400.jpg 400w, https:\/\/phukienflytech.vn\/wp-content\/uploads\/2020\/08\/vali-c\u01b0ng-mavic-air-2-3-280x280.jpg 280w, https:\/\/phukienflytech.vn\/wp-content\/uploads\/2020\/08\/vali-c\u01b0ng-mavic-air-2-3-768x768.jpg 768w, https:\/\/phukienflytech.vn\/wp-content\/uploads\/2020\/08\/vali-c\u01b0ng-mavic-air-2-3-300x300.jpg 300w, https:\/\/phukienflytech.vn\/wp-content\/uploads\/2020\/08\/vali-c\u01b0ng-mavic-air-2-3-600x600.jpg 600w, https:\/\/phukienflytech.vn\/wp-content\/uploads\/2020\/08\/vali-c\u01b0ng-mavic-air-2-3-100x100.jpg 100w, https:\/\/phukienflytech.vn\/wp-content\/uploads\/2020\/08\/vali-c\u01b0ng-mavic-air-2-3.jpg 800w\" sizes=\"auto, (max-width: 400px) 100vw, 400px\" \/><\/span><\/h3>\n<h3 style=\"text-align: justify;\"><span style=\"font-size: 18px;\"><strong>Kh\u00f4ng gian ch\u1ee9a \u0111\u1ed3 b\u00ean trong<\/strong><\/span><\/h3>\n<p style=\"text-align: justify;\"><span style=\"font-size: 18px;\">B\u00ean trong Vali l\u00e0 m\u1ed9t l\u1edbp m\u00fat l\u00f3t \u0111\u01b0\u1ee3c t\u1ea1o khu\u00f4n s\u1eb5n theo h\u00ecnh ph\u1ee5 ki\u1ec7n. B\u1ea1n c\u00f3 th\u1ec3 mang t\u1ed1i \u0111a l\u00e0 3 pin Mavic Air 2. \u1ede ng\u0103n ch\u1ee9a tay khi\u1ec3n \u0111\u01b0\u1ee3c thi\u1ebft k\u1ebf 2 t\u1ea7ng. V\u1eeba c\u00f3 th\u1ec3 \u0111\u1ef1ng khi\u1ec3n v\u1eeba \u0111\u1ef1ng s\u1ea1c pin, v\u00f4 c\u00f9ng ti\u1ec7n l\u1ee3i. Ch\u00fang ta c\u00f2n c\u00f3 1 l\u1edbp kh\u00f3a ng\u0103n k\u00e9o b\u00ean tr\u00ean. \u0110\u00e2y l\u00e0 n\u01a1i \u0111\u1ef1ng ph\u1ee5 ki\u1ec7n nh\u1ecf d\u01b0 ph\u00f2ng cho chuy\u1ebfn bay.\u00a0<\/span><\/p>\n<h3 style=\"text-align: justify;\"><\/h3>\n<h3 style=\"font-size: 20.16px; text-align: justify;\"><span style=\"font-size: 18px;\"><img loading=\"lazy\" decoding=\"async\" class=\"alignnone wp-image-17994 size-medium\" src=\"https:\/\/phukienflytech.vn\/wp-content\/uploads\/2020\/08\/vali-c\u01b0ng-mavic-air-2-351x400.jpg\" alt=\"vali-cung-mavic-air-2\" width=\"351\" height=\"400\" srcset=\"https:\/\/phukienflytech.vn\/wp-content\/uploads\/2020\/08\/vali-c\u01b0ng-mavic-air-2-351x400.jpg 351w, https:\/\/phukienflytech.vn\/wp-content\/uploads\/2020\/08\/vali-c\u01b0ng-mavic-air-2-702x800.jpg 702w, https:\/\/phukienflytech.vn\/wp-content\/uploads\/2020\/08\/vali-c\u01b0ng-mavic-air-2-768x875.jpg 768w, https:\/\/phukienflytech.vn\/wp-content\/uploads\/2020\/08\/vali-c\u01b0ng-mavic-air-2-600x684.jpg 600w, https:\/\/phukienflytech.vn\/wp-content\/uploads\/2020\/08\/vali-c\u01b0ng-mavic-air-2.jpg 780w\" sizes=\"auto, (max-width: 351px) 100vw, 351px\" \/><img loading=\"lazy\" decoding=\"async\" class=\"alignnone wp-image-18000 size-medium\" style=\"color: #555555;\" src=\"https:\/\/phukienflytech.vn\/wp-content\/uploads\/2020\/08\/vali-c\u01b0ng-mavic-air-2-4-Copy-445x400.jpg\" alt=\"Mavic-Air-2-hard-suicase\" width=\"445\" height=\"400\" srcset=\"https:\/\/phukienflytech.vn\/wp-content\/uploads\/2020\/08\/vali-c\u01b0ng-mavic-air-2-4-Copy-445x400.jpg 445w, https:\/\/phukienflytech.vn\/wp-content\/uploads\/2020\/08\/vali-c\u01b0ng-mavic-air-2-4-Copy-768x690.jpg 768w, https:\/\/phukienflytech.vn\/wp-content\/uploads\/2020\/08\/vali-c\u01b0ng-mavic-air-2-4-Copy-600x539.jpg 600w, https:\/\/phukienflytech.vn\/wp-content\/uploads\/2020\/08\/vali-c\u01b0ng-mavic-air-2-4-Copy.jpg 790w\" sizes=\"auto, (max-width: 445px) 100vw, 445px\" \/><\/span><\/h3>\n<p>&nbsp;<\/p>\n<p><span style=\"font-size: 18px;\"><span style=\"color: #0000ff;\"><span style=\"color: #003300;\">&gt;&gt; Xem th\u00eam:<\/span>\u00a0 <\/span><strong><a href=\"https:\/\/phukienflytech.vn\/en\/san-pham\/vali-mavic-air-2-professional-sunnylife.html\" target=\"_blank\" rel=\"noopener noreferrer\"><span style=\"color: #0000ff;\">Vali Mavic Air 2 \u2013 Professional<\/span><\/a><\/strong><\/span><\/p>\n<p><span style=\"font-size: 18px;\"><span style=\"color: #0000ff;\"><span style=\"color: #003300;\">&gt;&gt; Tham kh\u1ea3o:<\/span> <\/span><strong><span style=\"color: #0000ff;\"><a style=\"color: #0000ff;\" href=\"https:\/\/phukienflytech.vn\/en\/san-pham\/tui-deo-mavic-air-2-pgytech.html\" target=\"_blank\" rel=\"noopener noreferrer\">T\u00fai \u0111eo Mavic Air 2 \u2013 PGYtech <\/a><\/span><\/strong><\/span><\/p>\n<p>&nbsp;<\/p>\n<h2 style=\"text-align: justify;\"><span style=\"font-size: 21px; color: #0000ff;\"><strong>Mua vali c\u1ee9ng Mavic Air 2 \u1edf \u0111\u00e2u?<\/strong><\/span><\/h2>\n<p style=\"text-align: justify;\"><span style=\"font-size: 18px;\"><a href=\"https:\/\/www.facebook.com\/phukienflycam\" target=\"_blank\" rel=\"noopener noreferrer\"><strong>Ph\u1ee5 ki\u1ec7n flycam gi\u00e1 t\u1ed1t<\/strong><\/a>\u00a0h\u00e2n h\u1ea1nh l\u00e0 \u0111\u01a1n v\u1ecb ph\u00e2n ph\u1ed1i ch\u00ednh h\u00e3ng c\u00e1c s\u1ea3n ph\u1ea9m c\u1ee7a Pgytech. T\u1edbi v\u1edbi ch\u00fang t\u00f4i, c\u00e1c b\u1ea1n s\u1ebd mua \u0111\u01b0\u1ee3c nh\u1eefng s\u1ea3n ph\u1ea9m ch\u00ednh h\u00e3ng v\u1edbi gi\u00e1 m\u1ed9t m\u1ee9c gi\u00e1 t\u1ed1t nh\u1ea5t tr\u00ean th\u1ecb tr\u01b0\u1eddng.<\/span><\/p>\n<p>&nbsp;<\/p>\n<p style=\"text-align: justify;\"><span style=\"font-size: 18px;\"><img decoding=\"async\" src=\"https:\/\/phukienflytech.vn\/wp-content\/uploads\/2020\/07\/tai-sao-nen-su-dung-pin-mavic-mini-chinh-hang-10151-4-1-800x251.png\" \/><\/span><\/p>\n<p>&nbsp;<\/p>\n<p style=\"text-align: justify;\"><span style=\"font-size: 18px;\">Kh\u00f4ng ch\u1ec9 nh\u1eefng s\u1ea3n ph\u1ea9m ph\u1ee5 ki\u1ec7n ch\u00ednh h\u00e3ng Mavic Air 2. Ch\u00fang t\u00f4i c\u0169ng ph\u00e2n ph\u1ed1i c\u00e1c d\u00f2ng s\u1ea3n ph\u1ea9m ph\u1ee5 ki\u1ec7n c\u1ee7a DJI Mavic 2, DJI Phantom, DJI Spark,.. ch\u00ednh h\u00e3ng t\u1edbi t\u1eeb DJI, Pgytech v\u00e0 SunnyLife.<\/span><\/p>\n<p>&nbsp;<\/p>\n<p><span style=\"font-size: 18px;\">&gt;&gt; Xem th\u00eam: <span style=\"color: #0000ff;\"><strong><a style=\"color: #0000ff;\" href=\"https:\/\/phukienflytech.vn\/en\/danh-muc\/mavic-air-2-accessory.html\" target=\"_blank\" rel=\"noopener noreferrer\">Ph\u1ee5 ki\u1ec7n Mavic Air 2<\/a><\/strong><\/span><\/span><\/p>\n<p><span style=\"font-size: 18px;\">&gt;&gt; Li\u00ean h\u1ec7 v\u1edbi ch\u00fang t\u00f4i qua: <span style=\"color: #0000ff;\"><strong><a style=\"color: #0000ff;\" href=\"https:\/\/facebook.com\/phukienflycam\" target=\"_blank\" rel=\"noopener noreferrer\">Fanpage<\/a><\/strong><\/span><\/span><\/p>\n","protected":false},"excerpt":{"rendered":"<p>Mavic Air 2 hard suicase Mavic Air 2 hard suicase D\u00f2ng s\u1ea3n ph\u1ea9m Vali Mavic air 2 chuy\u00ean d\u1ee5ng c\u0169ng l\u00e0 m\u1ed9t trong nh\u1eefng s\u1ea3n ph\u1ea9m \u0111\u01b0\u1ee3c t\u00ecm mua nhi\u1ec1u. B\u1edbi c\u00e1c \u0111\u1eb7c t\u00ednh chuy\u00ean d\u1ee5ng trong c\u00e1c m\u00f4i tr\u01b0\u1eddng th\u1eddi ti\u1ebft \u0111\u1eb7c bi\u1ec7t. X\u00e9t v\u1ec1 gi\u00e1 th\u00e0nh \u0111\u00e2y l\u00e0 s\u1ea3n ph\u1ea9m c\u00f3 m\u1ee9c gi\u00e1 &#8230;<\/p>\n","protected":false},"featured_media":18030,"comment_status":"open","ping_status":"closed","template":"","meta":{"_acf_changed":false},"product_brand":[],"product_cat":[199],"product_tag":[807,608],"class_list":{"0":"post-19021","1":"product","2":"type-product","3":"status-publish","4":"has-post-thumbnail","6":"product_cat-mavic-air-2-accessory","7":"product_tag-mavic-air-2-en","8":"product_tag-phu-kien-mavic-air-2-en","10":"first","11":"instock","12":"shipping-taxable","13":"purchasable","14":"product-type-simple"},"acf":[],"yoast_head":"<!-- This site is optimized with the Yoast SEO plugin v25.7 - https:\/\/yoast.com\/wordpress\/plugins\/seo\/ -->\n<title>Mavic Air 2 hard suicase - Mavic air 2 accessory - Available - Original<\/title>\n<meta name=\"description\" content=\"Mavic Air 2 hard suicase is one of the most important accessory. Contact us to buy Mavic Air 2 hard suicase for best price, fast shipping\" \/>\n<meta name=\"robots\" content=\"index, follow, max-snippet:-1, max-image-preview:large, max-video-preview:-1\" \/>\n<link rel=\"canonical\" href=\"https:\/\/phukienflytech.vn\/san-pham\/vali-cung-mavic-air-2.html\" \/>\n<meta property=\"og:locale\" content=\"en_US\" \/>\n<meta property=\"og:type\" content=\"article\" \/>\n<meta property=\"og:title\" content=\"Mavic Air 2 hard suicase - Mavic air 2 accessory - Available - Original\" \/>\n<meta property=\"og:description\" content=\"Mavic Air 2 hard suicase is one of the most important accessory. Contact us to buy Mavic Air 2 hard suicase for best price, fast shipping\" \/>\n<meta property=\"og:url\" content=\"https:\/\/phukienflytech.vn\/san-pham\/vali-cung-mavic-air-2.html\" \/>\n<meta property=\"og:site_name\" content=\"Shop M\u00e1y \u1ea3nh - Action Camera - Gimbal - Flycam - Ph\u1ee5 ki\u1ec7n\" \/>\n<meta property=\"article:publisher\" content=\"https:\/\/facebook.com\/phukienflycam\" \/>\n<meta property=\"article:modified_time\" content=\"2020-10-14T08:47:08+00:00\" \/>\n<meta property=\"og:image\" content=\"https:\/\/phukienflytech.vn\/wp-content\/uploads\/2020\/08\/vali-c\u01b0ng-mavic-air-2-13-Copy.jpg\" \/>\n\t<meta property=\"og:image:width\" content=\"300\" \/>\n\t<meta property=\"og:image:height\" content=\"300\" \/>\n\t<meta property=\"og:image:type\" content=\"image\/jpeg\" \/>\n<meta name=\"twitter:card\" content=\"summary_large_image\" \/>\n<meta name=\"twitter:label1\" content=\"Est. reading time\" \/>\n\t<meta name=\"twitter:data1\" content=\"3 minutes\" \/>\n<script type=\"application\/ld+json\" class=\"yoast-schema-graph\">{\"@context\":\"https:\/\/schema.org\",\"@graph\":[{\"@type\":\"WebPage\",\"@id\":\"https:\/\/phukienflytech.vn\/san-pham\/vali-cung-mavic-air-2.html\",\"url\":\"https:\/\/phukienflytech.vn\/san-pham\/vali-cung-mavic-air-2.html\",\"name\":\"Mavic Air 2 hard suicase - Mavic air 2 accessory - Available - Original\",\"isPartOf\":{\"@id\":\"https:\/\/phukienflytech.vn\/#website\"},\"primaryImageOfPage\":{\"@id\":\"https:\/\/phukienflytech.vn\/san-pham\/vali-cung-mavic-air-2.html#primaryimage\"},\"image\":{\"@id\":\"https:\/\/phukienflytech.vn\/san-pham\/vali-cung-mavic-air-2.html#primaryimage\"},\"thumbnailUrl\":\"https:\/\/phukienflytech.vn\/wp-content\/uploads\/2020\/08\/vali-c\u01b0ng-mavic-air-2-13-Copy.jpg\",\"datePublished\":\"2020-08-03T14:52:49+00:00\",\"dateModified\":\"2020-10-14T08:47:08+00:00\",\"description\":\"Mavic Air 2 hard suicase is one of the most important accessory. Contact us to buy Mavic Air 2 hard suicase for best price, fast shipping\",\"breadcrumb\":{\"@id\":\"https:\/\/phukienflytech.vn\/san-pham\/vali-cung-mavic-air-2.html#breadcrumb\"},\"inLanguage\":\"en-US\",\"potentialAction\":[{\"@type\":\"ReadAction\",\"target\":[\"https:\/\/phukienflytech.vn\/san-pham\/vali-cung-mavic-air-2.html\"]}]},{\"@type\":\"ImageObject\",\"inLanguage\":\"en-US\",\"@id\":\"https:\/\/phukienflytech.vn\/san-pham\/vali-cung-mavic-air-2.html#primaryimage\",\"url\":\"https:\/\/phukienflytech.vn\/wp-content\/uploads\/2020\/08\/vali-c\u01b0ng-mavic-air-2-13-Copy.jpg\",\"contentUrl\":\"https:\/\/phukienflytech.vn\/wp-content\/uploads\/2020\/08\/vali-c\u01b0ng-mavic-air-2-13-Copy.jpg\",\"width\":300,\"height\":300},{\"@type\":\"BreadcrumbList\",\"@id\":\"https:\/\/phukienflytech.vn\/san-pham\/vali-cung-mavic-air-2.html#breadcrumb\",\"itemListElement\":[{\"@type\":\"ListItem\",\"position\":1,\"name\":\"Home\",\"item\":\"https:\/\/phukienflytech.vn\/en\"},{\"@type\":\"ListItem\",\"position\":2,\"name\":\"Ph\u1ee5 ki\u1ec7n Mavic Pro\",\"item\":\"https:\/\/phukienflytech.vn\/en\/phu-kien-mavic-pro.html\"},{\"@type\":\"ListItem\",\"position\":3,\"name\":\"Ph\u1ee5 ki\u1ec7n DJI - Osmo\",\"item\":\"https:\/\/phukienflytech.vn\/danh-muc\/phu-kien-dji-osmo.html\"},{\"@type\":\"ListItem\",\"position\":4,\"name\":\"Ph\u1ee5 ki\u1ec7n DJI Mavic Air 2\",\"item\":\"https:\/\/phukienflytech.vn\/danh-muc\/phu-kien-mavic-air-2.html\"},{\"@type\":\"ListItem\",\"position\":5,\"name\":\"Mavic Air 2 hard suicase\"}]},{\"@type\":\"WebSite\",\"@id\":\"https:\/\/phukienflytech.vn\/#website\",\"url\":\"https:\/\/phukienflytech.vn\/\",\"name\":\"Shop M\u00e1y \u1ea3nh - Action Camera - Gimbal - Flycam - Ph\u1ee5 ki\u1ec7n\",\"description\":\"Shop M\u00e1y \u1ea3nh - Action Camera - Gimbal - Flycam - Ph\u1ee5 ki\u1ec7n\",\"publisher\":{\"@id\":\"https:\/\/phukienflytech.vn\/#organization\"},\"potentialAction\":[{\"@type\":\"SearchAction\",\"target\":{\"@type\":\"EntryPoint\",\"urlTemplate\":\"https:\/\/phukienflytech.vn\/?s={search_term_string}\"},\"query-input\":{\"@type\":\"PropertyValueSpecification\",\"valueRequired\":true,\"valueName\":\"search_term_string\"}}],\"inLanguage\":\"en-US\"},{\"@type\":\"Organization\",\"@id\":\"https:\/\/phukienflytech.vn\/#organization\",\"name\":\"DJI Store - Shop Drone, Action camera, Gimbal DJI |Phukienflytech\",\"alternateName\":\"DJI Store - Shop Drone, Action camera, Gimbal DJI |Phukienflytech\",\"url\":\"https:\/\/phukienflytech.vn\/\",\"logo\":{\"@type\":\"ImageObject\",\"inLanguage\":\"en-US\",\"@id\":\"https:\/\/phukienflytech.vn\/#\/schema\/logo\/image\/\",\"url\":\"https:\/\/phukienflytech.vn\/wp-content\/uploads\/2020\/05\/hAnh_nan.jpg1_.jpg\",\"contentUrl\":\"https:\/\/phukienflytech.vn\/wp-content\/uploads\/2020\/05\/hAnh_nan.jpg1_.jpg\",\"width\":800,\"height\":450,\"caption\":\"DJI Store - Shop Drone, Action camera, Gimbal DJI |Phukienflytech\"},\"image\":{\"@id\":\"https:\/\/phukienflytech.vn\/#\/schema\/logo\/image\/\"},\"sameAs\":[\"https:\/\/facebook.com\/phukienflycam\",\"https:\/\/www.youtube.com\/@phukienflytech\",\"https:\/\/www.tiktok.com\/@flytech.channel?fbclid=IwY2xjawGjg7BleHRuA2FlbQIxMAABHYVGmlXpuSMs0UB2zTpYvyT4GMVfN2qJa4urF4vkSQ6FAVBwXZtDP30qQA_aem_UwMiDcUvlEbd2tXAmsc8Og\"]}]}<\/script>\n<!-- \/ Yoast SEO plugin. -->","yoast_head_json":{"title":"Mavic Air 2 hard suicase - Mavic air 2 accessory - Available - Original","description":"Mavic Air 2 hard suicase is one of the most important accessory. Contact us to buy Mavic Air 2 hard suicase for best price, fast shipping","robots":{"index":"index","follow":"follow","max-snippet":"max-snippet:-1","max-image-preview":"max-image-preview:large","max-video-preview":"max-video-preview:-1"},"canonical":"https:\/\/phukienflytech.vn\/san-pham\/vali-cung-mavic-air-2.html","og_locale":"en_US","og_type":"article","og_title":"Mavic Air 2 hard suicase - Mavic air 2 accessory - Available - Original","og_description":"Mavic Air 2 hard suicase is one of the most important accessory. Contact us to buy Mavic Air 2 hard suicase for best price, fast shipping","og_url":"https:\/\/phukienflytech.vn\/san-pham\/vali-cung-mavic-air-2.html","og_site_name":"Shop M\u00e1y \u1ea3nh - Action Camera - Gimbal - Flycam - Ph\u1ee5 ki\u1ec7n","article_publisher":"https:\/\/facebook.com\/phukienflycam","article_modified_time":"2020-10-14T08:47:08+00:00","og_image":[{"width":300,"height":300,"url":"https:\/\/phukienflytech.vn\/wp-content\/uploads\/2020\/08\/vali-c\u01b0ng-mavic-air-2-13-Copy.jpg","type":"image\/jpeg"}],"twitter_card":"summary_large_image","twitter_misc":{"Est. reading time":"3 minutes"},"schema":{"@context":"https:\/\/schema.org","@graph":[{"@type":"WebPage","@id":"https:\/\/phukienflytech.vn\/san-pham\/vali-cung-mavic-air-2.html","url":"https:\/\/phukienflytech.vn\/san-pham\/vali-cung-mavic-air-2.html","name":"Mavic Air 2 hard suicase - Mavic air 2 accessory - Available - Original","isPartOf":{"@id":"https:\/\/phukienflytech.vn\/#website"},"primaryImageOfPage":{"@id":"https:\/\/phukienflytech.vn\/san-pham\/vali-cung-mavic-air-2.html#primaryimage"},"image":{"@id":"https:\/\/phukienflytech.vn\/san-pham\/vali-cung-mavic-air-2.html#primaryimage"},"thumbnailUrl":"https:\/\/phukienflytech.vn\/wp-content\/uploads\/2020\/08\/vali-c\u01b0ng-mavic-air-2-13-Copy.jpg","datePublished":"2020-08-03T14:52:49+00:00","dateModified":"2020-10-14T08:47:08+00:00","description":"Mavic Air 2 hard suicase is one of the most important accessory. Contact us to buy Mavic Air 2 hard suicase for best price, fast shipping","breadcrumb":{"@id":"https:\/\/phukienflytech.vn\/san-pham\/vali-cung-mavic-air-2.html#breadcrumb"},"inLanguage":"en-US","potentialAction":[{"@type":"ReadAction","target":["https:\/\/phukienflytech.vn\/san-pham\/vali-cung-mavic-air-2.html"]}]},{"@type":"ImageObject","inLanguage":"en-US","@id":"https:\/\/phukienflytech.vn\/san-pham\/vali-cung-mavic-air-2.html#primaryimage","url":"https:\/\/phukienflytech.vn\/wp-content\/uploads\/2020\/08\/vali-c\u01b0ng-mavic-air-2-13-Copy.jpg","contentUrl":"https:\/\/phukienflytech.vn\/wp-content\/uploads\/2020\/08\/vali-c\u01b0ng-mavic-air-2-13-Copy.jpg","width":300,"height":300},{"@type":"BreadcrumbList","@id":"https:\/\/phukienflytech.vn\/san-pham\/vali-cung-mavic-air-2.html#breadcrumb","itemListElement":[{"@type":"ListItem","position":1,"name":"Home","item":"https:\/\/phukienflytech.vn\/en"},{"@type":"ListItem","position":2,"name":"Ph\u1ee5 ki\u1ec7n Mavic Pro","item":"https:\/\/phukienflytech.vn\/en\/phu-kien-mavic-pro.html"},{"@type":"ListItem","position":3,"name":"Ph\u1ee5 ki\u1ec7n DJI - Osmo","item":"https:\/\/phukienflytech.vn\/danh-muc\/phu-kien-dji-osmo.html"},{"@type":"ListItem","position":4,"name":"Ph\u1ee5 ki\u1ec7n DJI Mavic Air 2","item":"https:\/\/phukienflytech.vn\/danh-muc\/phu-kien-mavic-air-2.html"},{"@type":"ListItem","position":5,"name":"Mavic Air 2 hard suicase"}]},{"@type":"WebSite","@id":"https:\/\/phukienflytech.vn\/#website","url":"https:\/\/phukienflytech.vn\/","name":"Shop M\u00e1y \u1ea3nh - Action Camera - Gimbal - Flycam - Ph\u1ee5 ki\u1ec7n","description":"Shop M\u00e1y \u1ea3nh - Action Camera - Gimbal - Flycam - Ph\u1ee5 ki\u1ec7n","publisher":{"@id":"https:\/\/phukienflytech.vn\/#organization"},"potentialAction":[{"@type":"SearchAction","target":{"@type":"EntryPoint","urlTemplate":"https:\/\/phukienflytech.vn\/?s={search_term_string}"},"query-input":{"@type":"PropertyValueSpecification","valueRequired":true,"valueName":"search_term_string"}}],"inLanguage":"en-US"},{"@type":"Organization","@id":"https:\/\/phukienflytech.vn\/#organization","name":"DJI Store - Shop Drone, Action camera, Gimbal DJI |Phukienflytech","alternateName":"DJI Store - Shop Drone, Action camera, Gimbal DJI |Phukienflytech","url":"https:\/\/phukienflytech.vn\/","logo":{"@type":"ImageObject","inLanguage":"en-US","@id":"https:\/\/phukienflytech.vn\/#\/schema\/logo\/image\/","url":"https:\/\/phukienflytech.vn\/wp-content\/uploads\/2020\/05\/hAnh_nan.jpg1_.jpg","contentUrl":"https:\/\/phukienflytech.vn\/wp-content\/uploads\/2020\/05\/hAnh_nan.jpg1_.jpg","width":800,"height":450,"caption":"DJI Store - Shop Drone, Action camera, Gimbal DJI |Phukienflytech"},"image":{"@id":"https:\/\/phukienflytech.vn\/#\/schema\/logo\/image\/"},"sameAs":["https:\/\/facebook.com\/phukienflycam","https:\/\/www.youtube.com\/@phukienflytech","https:\/\/www.tiktok.com\/@flytech.channel?fbclid=IwY2xjawGjg7BleHRuA2FlbQIxMAABHYVGmlXpuSMs0UB2zTpYvyT4GMVfN2qJa4urF4vkSQ6FAVBwXZtDP30qQA_aem_UwMiDcUvlEbd2tXAmsc8Og"]}]}},"_links":{"self":[{"href":"https:\/\/phukienflytech.vn\/en\/wp-json\/wp\/v2\/product\/19021","targetHints":{"allow":["GET"]}}],"collection":[{"href":"https:\/\/phukienflytech.vn\/en\/wp-json\/wp\/v2\/product"}],"about":[{"href":"https:\/\/phukienflytech.vn\/en\/wp-json\/wp\/v2\/types\/product"}],"replies":[{"embeddable":true,"href":"https:\/\/phukienflytech.vn\/en\/wp-json\/wp\/v2\/comments?post=19021"}],"wp:featuredmedia":[{"embeddable":true,"href":"https:\/\/phukienflytech.vn\/en\/wp-json\/wp\/v2\/media\/18030"}],"wp:attachment":[{"href":"https:\/\/phukienflytech.vn\/en\/wp-json\/wp\/v2\/media?parent=19021"}],"wp:term":[{"taxonomy":"product_brand","embeddable":true,"href":"https:\/\/phukienflytech.vn\/en\/wp-json\/wp\/v2\/product_brand?post=19021"},{"taxonomy":"product_cat","embeddable":true,"href":"https:\/\/phukienflytech.vn\/en\/wp-json\/wp\/v2\/product_cat?post=19021"},{"taxonomy":"product_tag","embeddable":true,"href":"https:\/\/phukienflytech.vn\/en\/wp-json\/wp\/v2\/product_tag?post=19021"}],"curies":[{"name":"wp","href":"https:\/\/api.w.org\/{rel}","templated":true}]}}