{"id":1927,"date":"2020-05-19T15:40:44","date_gmt":"2020-05-19T08:40:44","guid":{"rendered":"http:\/\/27430.lamdx.vinawebsite.vn\/san-pham\/den-roi-mavic-pro-pgytech-loai-a.html"},"modified":"2020-05-19T15:46:16","modified_gmt":"2020-05-19T08:46:16","slug":"den-roi-mavic-pro-pgytech-loai-a","status":"publish","type":"product","link":"https:\/\/phukienflytech.vn\/en\/san-pham\/den-roi-mavic-pro-pgytech-loai-a.html","title":{"rendered":"\u0110\u00e8n r\u1ecdi Mavic pro &#8211; PGYtech &#8211; lo\u1ea1i A"},"content":{"rendered":"<h2><span style=\"font-size: 24px; color: #0000ff;\"><strong>\u0110\u00e8n d\u1ecdi Mavic pro<\/strong><\/span><\/h2>\n<p><span style=\"font-size: 20px;\">\u0110\u00e8n r\u1ecdi Mavic pro<\/span><\/p>\n<p><span style=\"font-size: 20px;\">Chi\u1ebfc Mavic pro c\u1ee7a ch\u00fang ta th\u1eadt tuy\u1ec7t v\u1edbi v\u1edbi v\u00f4 s\u1ed1 c\u00e1c t\u00ednh n\u0103ng th\u00f4ng minh. V\u00e0 c\u00f3 m\u1ed9t thi\u1ebft k\u1ebf v\u00f4 c\u00f9ng g\u1ecdn g\u00e0ng v\u00e0 \u01b0a nh\u00ecn v\u1edbi c\u1eb7p m\u1eaft c\u1ea3m bi\u1ebfn \u1edf tr\u01b0\u1edbc l\u00e0m cho chi\u1ebfc Mavic Pro tr\u1edf l\u00ean c\u00f3 h\u1ed3n h\u01a1n.<\/span><\/p>\n<p><iframe loading=\"lazy\" src=\"https:\/\/www.youtube.com\/embed\/kZMdDEIiSMU\" width=\"560\" height=\"314\" allowfullscreen=\"allowfullscreen\" data-mce-fragment=\"1\"><\/iframe><\/p>\n<p><span style=\"font-size: 20px;\">Tuy nhi\u00ean, v\u1edbi \u0111a s\u1ed1 ch\u00fang ta khi s\u1edf h\u1eefu Mavic Pro sau m\u1ed9t th\u1eddi gian \u0111\u1ec1u mong mu\u1ed1n bi\u1ebfn chi\u1ebfc Mavic c\u1ee7a m\u00ecnh tr\u1edf l\u00ean ng\u1ea7u h\u01a1n, chuy\u00ean d\u1ee5ng h\u01a1n. Do v\u1eady nh\u00e0 s\u1ea3n xu\u1ea5t PGY \u0111\u00e3 thi\u1ebft k\u1ebf ra c\u00e1c lo\u1ea1i \u0110\u00e8n led chuy\u00ean d\u1ee5ng g\u1eafn v\u00e0o c\u00e1c thi\u1ebft b\u1ecb Drone nh\u01b0: Mavic pro, Phantom 4 series\u2026<\/span><\/p>\n<p><span style=\"font-size: 20px;\"><img loading=\"lazy\" decoding=\"async\" src=\"https:\/\/phukienflytech.vn\/wp-content\/uploads\/2020\/05\/den-roi-mavic-pro-pgytech-loai-a-1922.jpg\" alt=\"\" width=\"383\" height=\"384\" \/><\/span><\/p>\n<p><span style=\"font-size: 20px;\">V\u1edbi thi\u1ebft k\u1ebf si\u00eau g\u1ecdn nh\u1eb9, chi\u1ebfc \u0111\u00e8n r\u1ecdi led mavic pro <\/span><span style=\"font-size: 20px;\">\u0111\u1ea3m b\u1ea3o kh\u00f4ng \u1ea3nh h\u01b0\u1edfng b\u1ea5t k\u1ef3 \u0111i\u1ec1u g\u00ec t\u1edbi k\u1ef9 thu\u1eadt bay c\u0169ng nh\u01b0 qu\u00e1 tr\u00ecnh v\u1eadn h\u00e0nh chi\u1ebfc drone c\u1ee7a b\u1ea1n..<\/span><\/p>\n<p style=\"text-align: justify;\"><span style=\"font-size: 20px; color: #0000ff;\"><img loading=\"lazy\" decoding=\"async\" src=\"https:\/\/phukienflytech.vn\/wp-content\/uploads\/2020\/05\/den-roi-mavic-pro-pgytech-loai-a-1922-1.jpg\" alt=\"\" width=\"400\" height=\"449\" \/><\/span><span style=\"font-size: 20px;\"><span style=\"font-size: 24px;\"><span style=\"font-size: 20px;\">Th\u00f4ng tin chi ti\u1ebft c\u1ee7a chi\u1ebfc \u0111\u00e8n r\u1ecdi led<\/span><\/span><\/span><span style=\"font-size: 20px; color: #0000ff;\"><span style=\"font-size: 24px;\">.<\/span><\/span><\/p>\n<p><span style=\"font-size: 20px;\">Th\u1eddi gian chi\u1ebfu s\u00e1ng:<\/span><\/p>\n<p><span style=\"font-size: 20px;\">Kho\u1ea3ng c\u00e1ch chi\u1ebfu s\u00e1ng t\u1ed1i \u0111a<\/span><\/p>\n<p><span style=\"font-size: 20px;\">Th\u1eddi gian s\u1ea1c<\/span><\/p>\n<p><span style=\"font-size: 20px;\">Nh\u00e0 s\u1ea3n xu\u1ea5t: PGYTECH \u2013 Vendor cung c\u1ea5p linh ki\u1ec7n cho flycam DJI<\/span><span style=\"font-size: 20px;\">.<\/span><\/p>\n<p><span style=\"font-size: 20px;\">Li\u00ean h\u1ec7 v\u1edbi ch\u00fang t\u00f4i qua trang facebook :<span style=\"color: #0000ff;\"><a style=\"color: #0000ff;\" href=\"https:\/\/www.facebook.com\/phukienflycam\/\">Ph\u1ee5 ki\u1ec7n Flytech gi\u00e1 t\u1ed1t.\u00a0\u00a0<\/a><\/span><\/span><\/p>\n","protected":false},"excerpt":{"rendered":"<p>\u0110\u00e8n d\u1ecdi Mavic pro \u0110\u00e8n r\u1ecdi Mavic pro Chi\u1ebfc Mavic pro c\u1ee7a ch\u00fang ta th\u1eadt tuy\u1ec7t v\u1edbi v\u1edbi v\u00f4 s\u1ed1 c\u00e1c t\u00ednh n\u0103ng th\u00f4ng minh. V\u00e0 c\u00f3 m\u1ed9t thi\u1ebft k\u1ebf v\u00f4 c\u00f9ng g\u1ecdn g\u00e0ng v\u00e0 \u01b0a nh\u00ecn v\u1edbi c\u1eb7p m\u1eaft c\u1ea3m bi\u1ebfn \u1edf tr\u01b0\u1edbc l\u00e0m cho chi\u1ebfc Mavic Pro tr\u1edf l\u00ean c\u00f3 h\u1ed3n h\u01a1n. Tuy &#8230;<\/p>\n","protected":false},"featured_media":0,"comment_status":"open","ping_status":"closed","template":"","meta":{"_acf_changed":false},"product_brand":[],"product_cat":[791],"product_tag":[],"class_list":{"0":"post-1927","1":"product","2":"type-product","3":"status-publish","5":"product_cat-chua-phan-loai","7":"first","8":"instock","9":"shipping-taxable","10":"purchasable","11":"product-type-simple"},"acf":[],"yoast_head":"<!-- This site is optimized with the Yoast SEO plugin v25.7 - https:\/\/yoast.com\/wordpress\/plugins\/seo\/ -->\n<title>\u0110\u00e8n r\u1ecdi Mavic pro - \u0111\u00e8n r\u1ecdi led mavic pro - ph\u1ee5 ki\u1ec7n ch\u00ednh h\u00e3ng PGYtech<\/title>\n<meta name=\"description\" content=\"\u0110\u00e8n r\u1ecdi Mavic pro l\u00e0 ph\u1ee5 ki\u1ec7n nh\u1ecf g\u1ecdn gi\u00fap chi\u1ebfc flycam c\u1ee7a b\u1ea1n c\u00f3 th\u1ec3 bay \u0111\u01b0\u1ee3c trong \u0111\u00eam v\u00e0 n\u00e2ng c\u1ea5p cho chi\u1ebfc flycam c\u1ee7a b\u1ea1n tr\u1edf n\u00ean ng\u1ea7u h\u01a1n bao gi\u1edd h\u1ebft.\" \/>\n<meta name=\"robots\" content=\"index, follow, max-snippet:-1, max-image-preview:large, max-video-preview:-1\" \/>\n<link rel=\"canonical\" href=\"https:\/\/phukienflytech.vn\/en\/san-pham\/den-roi-mavic-pro-pgytech-loai-a.html\" \/>\n<meta property=\"og:locale\" content=\"en_US\" \/>\n<meta property=\"og:type\" content=\"article\" \/>\n<meta property=\"og:title\" content=\"\u0110\u00e8n r\u1ecdi Mavic pro - \u0111\u00e8n r\u1ecdi led mavic pro - ph\u1ee5 ki\u1ec7n ch\u00ednh h\u00e3ng PGYtech\" \/>\n<meta property=\"og:description\" content=\"\u0110\u00e8n r\u1ecdi Mavic pro l\u00e0 ph\u1ee5 ki\u1ec7n nh\u1ecf g\u1ecdn gi\u00fap chi\u1ebfc flycam c\u1ee7a b\u1ea1n c\u00f3 th\u1ec3 bay \u0111\u01b0\u1ee3c trong \u0111\u00eam v\u00e0 n\u00e2ng c\u1ea5p cho chi\u1ebfc flycam c\u1ee7a b\u1ea1n tr\u1edf n\u00ean ng\u1ea7u h\u01a1n bao gi\u1edd h\u1ebft.\" \/>\n<meta property=\"og:url\" content=\"https:\/\/phukienflytech.vn\/en\/san-pham\/den-roi-mavic-pro-pgytech-loai-a.html\" \/>\n<meta property=\"og:site_name\" content=\"Shop M\u00e1y \u1ea3nh - Action Camera - Gimbal - Flycam - Ph\u1ee5 ki\u1ec7n\" \/>\n<meta property=\"article:publisher\" content=\"https:\/\/facebook.com\/phukienflycam\" \/>\n<meta property=\"article:modified_time\" content=\"2020-05-19T08:46:16+00:00\" \/>\n<meta property=\"og:image\" content=\"https:\/\/phukienflytech.vn\/wp-content\/uploads\/2020\/05\/den-roi-mavic-pro-pgytech-loai-a-1922.jpg\" \/>\n<meta name=\"twitter:card\" content=\"summary_large_image\" \/>\n<meta name=\"twitter:label1\" content=\"Est. reading time\" \/>\n\t<meta name=\"twitter:data1\" content=\"1 minute\" \/>\n<script type=\"application\/ld+json\" class=\"yoast-schema-graph\">{\"@context\":\"https:\/\/schema.org\",\"@graph\":[{\"@type\":\"WebPage\",\"@id\":\"https:\/\/phukienflytech.vn\/en\/san-pham\/den-roi-mavic-pro-pgytech-loai-a.html\",\"url\":\"https:\/\/phukienflytech.vn\/en\/san-pham\/den-roi-mavic-pro-pgytech-loai-a.html\",\"name\":\"\u0110\u00e8n r\u1ecdi Mavic pro - \u0111\u00e8n r\u1ecdi led mavic pro - ph\u1ee5 ki\u1ec7n ch\u00ednh h\u00e3ng PGYtech\",\"isPartOf\":{\"@id\":\"https:\/\/phukienflytech.vn\/#website\"},\"primaryImageOfPage\":{\"@id\":\"https:\/\/phukienflytech.vn\/en\/san-pham\/den-roi-mavic-pro-pgytech-loai-a.html#primaryimage\"},\"image\":{\"@id\":\"https:\/\/phukienflytech.vn\/en\/san-pham\/den-roi-mavic-pro-pgytech-loai-a.html#primaryimage\"},\"thumbnailUrl\":\"https:\/\/phukienflytech.vn\/wp-content\/uploads\/2020\/05\/den-roi-mavic-pro-pgytech-loai-a-1922.jpg\",\"datePublished\":\"2020-05-19T08:40:44+00:00\",\"dateModified\":\"2020-05-19T08:46:16+00:00\",\"description\":\"\u0110\u00e8n r\u1ecdi Mavic pro l\u00e0 ph\u1ee5 ki\u1ec7n nh\u1ecf g\u1ecdn gi\u00fap chi\u1ebfc flycam c\u1ee7a b\u1ea1n c\u00f3 th\u1ec3 bay \u0111\u01b0\u1ee3c trong \u0111\u00eam v\u00e0 n\u00e2ng c\u1ea5p cho chi\u1ebfc flycam c\u1ee7a b\u1ea1n tr\u1edf n\u00ean ng\u1ea7u h\u01a1n bao gi\u1edd h\u1ebft.\",\"breadcrumb\":{\"@id\":\"https:\/\/phukienflytech.vn\/en\/san-pham\/den-roi-mavic-pro-pgytech-loai-a.html#breadcrumb\"},\"inLanguage\":\"en-US\",\"potentialAction\":[{\"@type\":\"ReadAction\",\"target\":[\"https:\/\/phukienflytech.vn\/en\/san-pham\/den-roi-mavic-pro-pgytech-loai-a.html\"]}]},{\"@type\":\"ImageObject\",\"inLanguage\":\"en-US\",\"@id\":\"https:\/\/phukienflytech.vn\/en\/san-pham\/den-roi-mavic-pro-pgytech-loai-a.html#primaryimage\",\"url\":\"https:\/\/phukienflytech.vn\/wp-content\/uploads\/2020\/05\/den-roi-mavic-pro-pgytech-loai-a-1922.jpg\",\"contentUrl\":\"https:\/\/phukienflytech.vn\/wp-content\/uploads\/2020\/05\/den-roi-mavic-pro-pgytech-loai-a-1922.jpg\"},{\"@type\":\"BreadcrumbList\",\"@id\":\"https:\/\/phukienflytech.vn\/en\/san-pham\/den-roi-mavic-pro-pgytech-loai-a.html#breadcrumb\",\"itemListElement\":[{\"@type\":\"ListItem\",\"position\":1,\"name\":\"Home\",\"item\":\"https:\/\/phukienflytech.vn\/en\"},{\"@type\":\"ListItem\",\"position\":2,\"name\":\"Ph\u1ee5 ki\u1ec7n Mavic Pro\",\"item\":\"https:\/\/phukienflytech.vn\/en\/phu-kien-mavic-pro.html\"},{\"@type\":\"ListItem\",\"position\":3,\"name\":\"DJI Osmo &amp; Drone's accessories\",\"item\":\"https:\/\/phukienflytech.vn\/en\/danh-muc\/dji-osmo-drones-accessories.html\"},{\"@type\":\"ListItem\",\"position\":4,\"name\":\"Ph\u1ee5 ki\u1ec7n flycam Mavic Pro\",\"item\":\"https:\/\/phukienflytech.vn\/danh-muc\/phu-kien-mavic-pro.html\"},{\"@type\":\"ListItem\",\"position\":5,\"name\":\"\u0110\u00e8n r\u1ecdi Mavic pro &#8211; PGYtech &#8211; lo\u1ea1i A\"}]},{\"@type\":\"WebSite\",\"@id\":\"https:\/\/phukienflytech.vn\/#website\",\"url\":\"https:\/\/phukienflytech.vn\/\",\"name\":\"Shop M\u00e1y \u1ea3nh - Action Camera - Gimbal - Flycam - Ph\u1ee5 ki\u1ec7n\",\"description\":\"Shop M\u00e1y \u1ea3nh - Action Camera - Gimbal - Flycam - Ph\u1ee5 ki\u1ec7n\",\"publisher\":{\"@id\":\"https:\/\/phukienflytech.vn\/#organization\"},\"potentialAction\":[{\"@type\":\"SearchAction\",\"target\":{\"@type\":\"EntryPoint\",\"urlTemplate\":\"https:\/\/phukienflytech.vn\/?s={search_term_string}\"},\"query-input\":{\"@type\":\"PropertyValueSpecification\",\"valueRequired\":true,\"valueName\":\"search_term_string\"}}],\"inLanguage\":\"en-US\"},{\"@type\":\"Organization\",\"@id\":\"https:\/\/phukienflytech.vn\/#organization\",\"name\":\"DJI Store - Shop Drone, Action camera, Gimbal DJI |Phukienflytech\",\"alternateName\":\"DJI Store - Shop Drone, Action camera, Gimbal DJI |Phukienflytech\",\"url\":\"https:\/\/phukienflytech.vn\/\",\"logo\":{\"@type\":\"ImageObject\",\"inLanguage\":\"en-US\",\"@id\":\"https:\/\/phukienflytech.vn\/#\/schema\/logo\/image\/\",\"url\":\"https:\/\/phukienflytech.vn\/wp-content\/uploads\/2020\/05\/hAnh_nan.jpg1_.jpg\",\"contentUrl\":\"https:\/\/phukienflytech.vn\/wp-content\/uploads\/2020\/05\/hAnh_nan.jpg1_.jpg\",\"width\":800,\"height\":450,\"caption\":\"DJI Store - Shop Drone, Action camera, Gimbal DJI |Phukienflytech\"},\"image\":{\"@id\":\"https:\/\/phukienflytech.vn\/#\/schema\/logo\/image\/\"},\"sameAs\":[\"https:\/\/facebook.com\/phukienflycam\",\"https:\/\/www.youtube.com\/@phukienflytech\",\"https:\/\/www.tiktok.com\/@flytech.channel?fbclid=IwY2xjawGjg7BleHRuA2FlbQIxMAABHYVGmlXpuSMs0UB2zTpYvyT4GMVfN2qJa4urF4vkSQ6FAVBwXZtDP30qQA_aem_UwMiDcUvlEbd2tXAmsc8Og\"]}]}<\/script>\n<!-- \/ Yoast SEO plugin. -->","yoast_head_json":{"title":"\u0110\u00e8n r\u1ecdi Mavic pro - \u0111\u00e8n r\u1ecdi led mavic pro - ph\u1ee5 ki\u1ec7n ch\u00ednh h\u00e3ng PGYtech","description":"\u0110\u00e8n r\u1ecdi Mavic pro l\u00e0 ph\u1ee5 ki\u1ec7n nh\u1ecf g\u1ecdn gi\u00fap chi\u1ebfc flycam c\u1ee7a b\u1ea1n c\u00f3 th\u1ec3 bay \u0111\u01b0\u1ee3c trong \u0111\u00eam v\u00e0 n\u00e2ng c\u1ea5p cho chi\u1ebfc flycam c\u1ee7a b\u1ea1n tr\u1edf n\u00ean ng\u1ea7u h\u01a1n bao gi\u1edd h\u1ebft.","robots":{"index":"index","follow":"follow","max-snippet":"max-snippet:-1","max-image-preview":"max-image-preview:large","max-video-preview":"max-video-preview:-1"},"canonical":"https:\/\/phukienflytech.vn\/en\/san-pham\/den-roi-mavic-pro-pgytech-loai-a.html","og_locale":"en_US","og_type":"article","og_title":"\u0110\u00e8n r\u1ecdi Mavic pro - \u0111\u00e8n r\u1ecdi led mavic pro - ph\u1ee5 ki\u1ec7n ch\u00ednh h\u00e3ng PGYtech","og_description":"\u0110\u00e8n r\u1ecdi Mavic pro l\u00e0 ph\u1ee5 ki\u1ec7n nh\u1ecf g\u1ecdn gi\u00fap chi\u1ebfc flycam c\u1ee7a b\u1ea1n c\u00f3 th\u1ec3 bay \u0111\u01b0\u1ee3c trong \u0111\u00eam v\u00e0 n\u00e2ng c\u1ea5p cho chi\u1ebfc flycam c\u1ee7a b\u1ea1n tr\u1edf n\u00ean ng\u1ea7u h\u01a1n bao gi\u1edd h\u1ebft.","og_url":"https:\/\/phukienflytech.vn\/en\/san-pham\/den-roi-mavic-pro-pgytech-loai-a.html","og_site_name":"Shop M\u00e1y \u1ea3nh - Action Camera - Gimbal - Flycam - Ph\u1ee5 ki\u1ec7n","article_publisher":"https:\/\/facebook.com\/phukienflycam","article_modified_time":"2020-05-19T08:46:16+00:00","og_image":[{"url":"https:\/\/phukienflytech.vn\/wp-content\/uploads\/2020\/05\/den-roi-mavic-pro-pgytech-loai-a-1922.jpg","type":"","width":"","height":""}],"twitter_card":"summary_large_image","twitter_misc":{"Est. reading time":"1 minute"},"schema":{"@context":"https:\/\/schema.org","@graph":[{"@type":"WebPage","@id":"https:\/\/phukienflytech.vn\/en\/san-pham\/den-roi-mavic-pro-pgytech-loai-a.html","url":"https:\/\/phukienflytech.vn\/en\/san-pham\/den-roi-mavic-pro-pgytech-loai-a.html","name":"\u0110\u00e8n r\u1ecdi Mavic pro - \u0111\u00e8n r\u1ecdi led mavic pro - ph\u1ee5 ki\u1ec7n ch\u00ednh h\u00e3ng PGYtech","isPartOf":{"@id":"https:\/\/phukienflytech.vn\/#website"},"primaryImageOfPage":{"@id":"https:\/\/phukienflytech.vn\/en\/san-pham\/den-roi-mavic-pro-pgytech-loai-a.html#primaryimage"},"image":{"@id":"https:\/\/phukienflytech.vn\/en\/san-pham\/den-roi-mavic-pro-pgytech-loai-a.html#primaryimage"},"thumbnailUrl":"https:\/\/phukienflytech.vn\/wp-content\/uploads\/2020\/05\/den-roi-mavic-pro-pgytech-loai-a-1922.jpg","datePublished":"2020-05-19T08:40:44+00:00","dateModified":"2020-05-19T08:46:16+00:00","description":"\u0110\u00e8n r\u1ecdi Mavic pro l\u00e0 ph\u1ee5 ki\u1ec7n nh\u1ecf g\u1ecdn gi\u00fap chi\u1ebfc flycam c\u1ee7a b\u1ea1n c\u00f3 th\u1ec3 bay \u0111\u01b0\u1ee3c trong \u0111\u00eam v\u00e0 n\u00e2ng c\u1ea5p cho chi\u1ebfc flycam c\u1ee7a b\u1ea1n tr\u1edf n\u00ean ng\u1ea7u h\u01a1n bao gi\u1edd h\u1ebft.","breadcrumb":{"@id":"https:\/\/phukienflytech.vn\/en\/san-pham\/den-roi-mavic-pro-pgytech-loai-a.html#breadcrumb"},"inLanguage":"en-US","potentialAction":[{"@type":"ReadAction","target":["https:\/\/phukienflytech.vn\/en\/san-pham\/den-roi-mavic-pro-pgytech-loai-a.html"]}]},{"@type":"ImageObject","inLanguage":"en-US","@id":"https:\/\/phukienflytech.vn\/en\/san-pham\/den-roi-mavic-pro-pgytech-loai-a.html#primaryimage","url":"https:\/\/phukienflytech.vn\/wp-content\/uploads\/2020\/05\/den-roi-mavic-pro-pgytech-loai-a-1922.jpg","contentUrl":"https:\/\/phukienflytech.vn\/wp-content\/uploads\/2020\/05\/den-roi-mavic-pro-pgytech-loai-a-1922.jpg"},{"@type":"BreadcrumbList","@id":"https:\/\/phukienflytech.vn\/en\/san-pham\/den-roi-mavic-pro-pgytech-loai-a.html#breadcrumb","itemListElement":[{"@type":"ListItem","position":1,"name":"Home","item":"https:\/\/phukienflytech.vn\/en"},{"@type":"ListItem","position":2,"name":"Ph\u1ee5 ki\u1ec7n Mavic Pro","item":"https:\/\/phukienflytech.vn\/en\/phu-kien-mavic-pro.html"},{"@type":"ListItem","position":3,"name":"DJI Osmo &amp; Drone's accessories","item":"https:\/\/phukienflytech.vn\/en\/danh-muc\/dji-osmo-drones-accessories.html"},{"@type":"ListItem","position":4,"name":"Ph\u1ee5 ki\u1ec7n flycam Mavic Pro","item":"https:\/\/phukienflytech.vn\/danh-muc\/phu-kien-mavic-pro.html"},{"@type":"ListItem","position":5,"name":"\u0110\u00e8n r\u1ecdi Mavic pro &#8211; PGYtech &#8211; lo\u1ea1i A"}]},{"@type":"WebSite","@id":"https:\/\/phukienflytech.vn\/#website","url":"https:\/\/phukienflytech.vn\/","name":"Shop M\u00e1y \u1ea3nh - Action Camera - Gimbal - Flycam - Ph\u1ee5 ki\u1ec7n","description":"Shop M\u00e1y \u1ea3nh - Action Camera - Gimbal - Flycam - Ph\u1ee5 ki\u1ec7n","publisher":{"@id":"https:\/\/phukienflytech.vn\/#organization"},"potentialAction":[{"@type":"SearchAction","target":{"@type":"EntryPoint","urlTemplate":"https:\/\/phukienflytech.vn\/?s={search_term_string}"},"query-input":{"@type":"PropertyValueSpecification","valueRequired":true,"valueName":"search_term_string"}}],"inLanguage":"en-US"},{"@type":"Organization","@id":"https:\/\/phukienflytech.vn\/#organization","name":"DJI Store - Shop Drone, Action camera, Gimbal DJI |Phukienflytech","alternateName":"DJI Store - Shop Drone, Action camera, Gimbal DJI |Phukienflytech","url":"https:\/\/phukienflytech.vn\/","logo":{"@type":"ImageObject","inLanguage":"en-US","@id":"https:\/\/phukienflytech.vn\/#\/schema\/logo\/image\/","url":"https:\/\/phukienflytech.vn\/wp-content\/uploads\/2020\/05\/hAnh_nan.jpg1_.jpg","contentUrl":"https:\/\/phukienflytech.vn\/wp-content\/uploads\/2020\/05\/hAnh_nan.jpg1_.jpg","width":800,"height":450,"caption":"DJI Store - Shop Drone, Action camera, Gimbal DJI |Phukienflytech"},"image":{"@id":"https:\/\/phukienflytech.vn\/#\/schema\/logo\/image\/"},"sameAs":["https:\/\/facebook.com\/phukienflycam","https:\/\/www.youtube.com\/@phukienflytech","https:\/\/www.tiktok.com\/@flytech.channel?fbclid=IwY2xjawGjg7BleHRuA2FlbQIxMAABHYVGmlXpuSMs0UB2zTpYvyT4GMVfN2qJa4urF4vkSQ6FAVBwXZtDP30qQA_aem_UwMiDcUvlEbd2tXAmsc8Og"]}]}},"_links":{"self":[{"href":"https:\/\/phukienflytech.vn\/en\/wp-json\/wp\/v2\/product\/1927","targetHints":{"allow":["GET"]}}],"collection":[{"href":"https:\/\/phukienflytech.vn\/en\/wp-json\/wp\/v2\/product"}],"about":[{"href":"https:\/\/phukienflytech.vn\/en\/wp-json\/wp\/v2\/types\/product"}],"replies":[{"embeddable":true,"href":"https:\/\/phukienflytech.vn\/en\/wp-json\/wp\/v2\/comments?post=1927"}],"wp:attachment":[{"href":"https:\/\/phukienflytech.vn\/en\/wp-json\/wp\/v2\/media?parent=1927"}],"wp:term":[{"taxonomy":"product_brand","embeddable":true,"href":"https:\/\/phukienflytech.vn\/en\/wp-json\/wp\/v2\/product_brand?post=1927"},{"taxonomy":"product_cat","embeddable":true,"href":"https:\/\/phukienflytech.vn\/en\/wp-json\/wp\/v2\/product_cat?post=1927"},{"taxonomy":"product_tag","embeddable":true,"href":"https:\/\/phukienflytech.vn\/en\/wp-json\/wp\/v2\/product_tag?post=1927"}],"curies":[{"name":"wp","href":"https:\/\/api.w.org\/{rel}","templated":true}]}}