{"id":2038,"date":"2020-06-17T21:31:23","date_gmt":"2020-06-17T14:31:23","guid":{"rendered":"http:\/\/27430.lamdx.vinawebsite.vn\/san-pham\/bo-hop-dung-mavic-2-pro-zoom-combo-3-hop.html"},"modified":"2021-03-27T19:31:48","modified_gmt":"2021-03-27T12:31:48","slug":"combo-3-boxes-mavic-2","status":"publish","type":"product","link":"https:\/\/phukienflytech.vn\/en\/san-pham\/combo-3-boxes-mavic-2.html","title":{"rendered":"Combo 3 shock proof boxes for Mavic 2"},"content":{"rendered":"<h2><span style=\"color: #0000ff;\"><em><strong>Combo 3 boxes Mavic 2<\/strong><\/em><\/span><\/h2>\n<p>&nbsp;<\/p>\n<p><span style=\"font-size: 18px;\">Combo 3 boxes Mavic 2<\/span><\/p>\n<p><span style=\"font-size: 18px;\">\u0110\u01b0\u1ee3c cho l\u00e0 d\u00f2ng flycam \u0111\u01b0\u1ee3c \u01b0u \u00e1i v\u1ec1 balo t\u00fai x\u00e1ch khi b\u1ea1n mua g\u00f3i combo v\u1edbi kh\u00e1 nhi\u1ec1u\u00a0<strong>ph\u1ee5 ki\u1ec7n mavic 2 pro zoom\u00a0<\/strong>, b\u1ea1n \u0111\u01b0\u1ee3c s\u1edf h\u1eefu ngay t\u00fai x\u00e1ch b\u1eb1ng da DJI. V\u1ec1 h\u00ecnh th\u1ee9c th\u00ec chi\u1ebfc t\u00fai da r\u1ea5t \u0111\u1eb9p v\u00e0 sang tr\u1ecdng b\u1edfi ch\u1ea5t li\u1ec7u da th\u1eadt, cao c\u1ea5p. Tuy nhi\u00ean, v\u1ec1 m\u1eb7t \u0111\u1ea3m b\u1ea3o cho kh\u00e2u b\u1ea3o qu\u1ea3n c\u0169ng nh\u01b0 b\u1ea3o v\u1ec7 cho flycam th\u00ec chi\u1ebfc t\u00fai da g\u1ed1c l\u1ea1i \u0111\u00e1p \u1ee9ng ch\u01b0a th\u1ef1c s\u1ef1 t\u1ed1t v\u00e0 \u0111\u1ea3m b\u1ea3o.<\/span><\/p>\n<h2><span style=\"font-size: 18px; color: #0000ff;\"><em><strong><img loading=\"lazy\" decoding=\"async\" class=\"alignnone wp-image-12402\" src=\"https:\/\/phukienflytech.vn\/wp-content\/uploads\/2020\/05\/bo-hop-dung-mavic-2-pro-zoom-combo-3-hop-2025-400x400.png\" alt=\"\" width=\"432\" height=\"432\" srcset=\"https:\/\/phukienflytech.vn\/wp-content\/uploads\/2020\/05\/bo-hop-dung-mavic-2-pro-zoom-combo-3-hop-2025-400x400.png 400w, https:\/\/phukienflytech.vn\/wp-content\/uploads\/2020\/05\/bo-hop-dung-mavic-2-pro-zoom-combo-3-hop-2025-280x280.png 280w, https:\/\/phukienflytech.vn\/wp-content\/uploads\/2020\/05\/bo-hop-dung-mavic-2-pro-zoom-combo-3-hop-2025-768x768.png 768w, https:\/\/phukienflytech.vn\/wp-content\/uploads\/2020\/05\/bo-hop-dung-mavic-2-pro-zoom-combo-3-hop-2025-800x800.png 800w, https:\/\/phukienflytech.vn\/wp-content\/uploads\/2020\/05\/bo-hop-dung-mavic-2-pro-zoom-combo-3-hop-2025-300x300.png 300w, https:\/\/phukienflytech.vn\/wp-content\/uploads\/2020\/05\/bo-hop-dung-mavic-2-pro-zoom-combo-3-hop-2025-600x600.png 600w, https:\/\/phukienflytech.vn\/wp-content\/uploads\/2020\/05\/bo-hop-dung-mavic-2-pro-zoom-combo-3-hop-2025-100x100.png 100w, https:\/\/phukienflytech.vn\/wp-content\/uploads\/2020\/05\/bo-hop-dung-mavic-2-pro-zoom-combo-3-hop-2025.png 900w\" sizes=\"auto, (max-width: 432px) 100vw, 432px\" \/><\/strong><\/em><\/span><\/h2>\n<p><span style=\"font-size: 18px;\">Do v\u1eady, vi\u1ec7c l\u1ef1a ch\u1ecdn m\u1ed9t chi\u1ebfc\u00a0<a href=\"http:\/\/phukienflytech.vn\/san-pham\/vali-cung-mavic-pro.html\" target=\"_blank\" rel=\"noopener noreferrer\">vali c\u1ee9ng<\/a>\u00a0ho\u1eb7c\u00a0<a href=\"http:\/\/phukienflytech.vn\/san-pham\/balo-mavic-boc-da.html\" target=\"_blank\" rel=\"noopener noreferrer\">balo c\u1ee9ng<\/a>\u00a0hay\u00a0<strong>B\u1ed9 H\u1ed9p \u0111\u1ef1ng ch\u1ed1ng s\u1ed1c mavic 2 pro zoom <\/strong>c\u00f3 ch\u1ea5t li\u1ec7u c\u1ee9ng, c\u00f3 kh\u1ea3 n\u0103ng ch\u1ed1ng s\u1ed1c, ch\u1ed1ng n\u01b0\u1edbc t\u1ed1t h\u01a1n so v\u1edbi t\u00fai da \u0111i k\u00e8m.<\/span><\/p>\n<p><span style=\"font-size: 18px;\">G\u1ed3m: h\u1ed9p \u0111\u1ef1ng body m\u00e1y , h\u1ed9p \u0111\u1ef1ng \u0111i\u1ec1u khi\u1ec3n, h\u1ed9p \u0111\u1ef1ng 3 c\u1ee5c pin v\u00e0 s\u1ea1c..<\/span><\/p>\n<h2><span style=\"font-size: 18px; color: #0000ff;\"><em><strong><img loading=\"lazy\" decoding=\"async\" class=\"alignnone wp-image-12406\" src=\"https:\/\/phukienflytech.vn\/wp-content\/uploads\/2020\/05\/bo-hop-dung-mavic-2-pro-zoom-combo-3-hop-2025-1-1-400x400.jpg\" alt=\"\" width=\"433\" height=\"433\" srcset=\"https:\/\/phukienflytech.vn\/wp-content\/uploads\/2020\/05\/bo-hop-dung-mavic-2-pro-zoom-combo-3-hop-2025-1-1-400x400.jpg 400w, https:\/\/phukienflytech.vn\/wp-content\/uploads\/2020\/05\/bo-hop-dung-mavic-2-pro-zoom-combo-3-hop-2025-1-1-280x280.jpg 280w, https:\/\/phukienflytech.vn\/wp-content\/uploads\/2020\/05\/bo-hop-dung-mavic-2-pro-zoom-combo-3-hop-2025-1-1-768x768.jpg 768w, https:\/\/phukienflytech.vn\/wp-content\/uploads\/2020\/05\/bo-hop-dung-mavic-2-pro-zoom-combo-3-hop-2025-1-1-800x800.jpg 800w, https:\/\/phukienflytech.vn\/wp-content\/uploads\/2020\/05\/bo-hop-dung-mavic-2-pro-zoom-combo-3-hop-2025-1-1-300x300.jpg 300w, https:\/\/phukienflytech.vn\/wp-content\/uploads\/2020\/05\/bo-hop-dung-mavic-2-pro-zoom-combo-3-hop-2025-1-1-600x600.jpg 600w, https:\/\/phukienflytech.vn\/wp-content\/uploads\/2020\/05\/bo-hop-dung-mavic-2-pro-zoom-combo-3-hop-2025-1-1-100x100.jpg 100w, https:\/\/phukienflytech.vn\/wp-content\/uploads\/2020\/05\/bo-hop-dung-mavic-2-pro-zoom-combo-3-hop-2025-1-1.jpg 900w\" sizes=\"auto, (max-width: 433px) 100vw, 433px\" \/><\/strong><\/em><\/span><\/h2>\n<h2><span style=\"font-size: 18px; color: #0000ff;\"><em><strong><img loading=\"lazy\" decoding=\"async\" class=\"alignnone wp-image-12408\" src=\"https:\/\/phukienflytech.vn\/wp-content\/uploads\/2020\/05\/bo-hop-dung-mavic-2-pro-zoom-combo-3-hop-2025-2-1-600x400.jpg\" alt=\"Combo-3-boxes-Mavic-2-9\" width=\"545\" height=\"363\" srcset=\"https:\/\/phukienflytech.vn\/wp-content\/uploads\/2020\/05\/bo-hop-dung-mavic-2-pro-zoom-combo-3-hop-2025-2-1-600x400.jpg 600w, https:\/\/phukienflytech.vn\/wp-content\/uploads\/2020\/05\/bo-hop-dung-mavic-2-pro-zoom-combo-3-hop-2025-2-1-768x512.jpg 768w, https:\/\/phukienflytech.vn\/wp-content\/uploads\/2020\/05\/bo-hop-dung-mavic-2-pro-zoom-combo-3-hop-2025-2-1.jpg 900w\" sizes=\"auto, (max-width: 545px) 100vw, 545px\" \/><\/strong><\/em><\/span><\/h2>\n<h2><span style=\"font-size: 21px;\"><strong><span style=\"color: #0000ff;\">Chi ti\u1ebft b\u1ed9 s\u1ea3n ph\u1ea9m<\/span><\/strong><\/span><\/h2>\n<p><span style=\"font-size: 18px;\">C\u00f3 thi\u1ebft k\u1ebf si\u00eau g\u1ecdn, c\u00f3 \u0111\u1ed9 c\u1ee9ng v\u00e0 ch\u1eafc ch\u1eafn r\u1ea5t cao, b\u1ed9 c\u00f3 th\u1ec3 \u0111\u1ef1ng \u0111\u1ee7 h\u1ebft t\u1ea5t c\u1ea3 ph\u1ee5 ki\u1ec7n c\u1ea7n thi\u1ebft theo m\u00e1y,\u00a0<em><strong>d\u1ec5 d\u00e0ng c\u1ea5t\u00a0 v\u00e0o c\u1ed1p xe<\/strong><\/em>,\u00a0<em><strong>balo chung<\/strong>\u00a0<\/em>c\u00f9ng c\u00e1c \u0111\u1ed3 v\u1eadt kh\u00e1c m\u00e0 kh\u00f4ng s\u1ee3 b\u1ecb va \u0111\u1eadp, h\u01b0 h\u1ea1i t\u1eeb c\u00e1c t\u00e1c \u0111\u1ed9ng b\u00ean ngo\u00e0i.<\/span><\/p>\n<p><span style=\"font-size: 18px;\">&#8211; B\u00ean ngo\u00e0i: Ch\u1ea5t li\u1ec7u \u0111\u01b0\u1ee3c \u0111an b\u1edbi c\u00e1c s\u1ee3i c\u01b0\u1edbc c\u00f3 s\u1ee9c ch\u1ecbu \u0111\u1ef1ng v\u00f4 c\u00f9ng d\u1ebbo dai v\u00e0 b\u1ec1n b\u1ec9<\/span><\/p>\n<h2><span style=\"font-size: 18px; color: #0000ff;\"><em><strong><img loading=\"lazy\" decoding=\"async\" class=\"alignnone wp-image-12410\" src=\"https:\/\/phukienflytech.vn\/wp-content\/uploads\/2020\/05\/bo-hop-dung-mavic-2-pro-zoom-combo-3-hop-2025-3-1-600x400.jpg\" alt=\"Combo-3-boxes-Mavic-2\" width=\"542\" height=\"361\" srcset=\"https:\/\/phukienflytech.vn\/wp-content\/uploads\/2020\/05\/bo-hop-dung-mavic-2-pro-zoom-combo-3-hop-2025-3-1-600x400.jpg 600w, https:\/\/phukienflytech.vn\/wp-content\/uploads\/2020\/05\/bo-hop-dung-mavic-2-pro-zoom-combo-3-hop-2025-3-1-768x512.jpg 768w, https:\/\/phukienflytech.vn\/wp-content\/uploads\/2020\/05\/bo-hop-dung-mavic-2-pro-zoom-combo-3-hop-2025-3-1.jpg 900w\" sizes=\"auto, (max-width: 542px) 100vw, 542px\" \/><\/strong><\/em><\/span><\/h2>\n<p><span style=\"font-size: 18px;\">&#8211; B\u00ean trong: l\u00e0 m\u1ed9t l\u1edbp v\u1ea3i d\u00e0y \u0111\u1ed9n ch\u1ed1ng s\u1ed1c \u00eam, m\u1ec1m m\u1ea1i.<\/span><\/p>\n<h2><span style=\"font-size: 18px; color: #0000ff;\"><em><strong><img loading=\"lazy\" decoding=\"async\" class=\"alignnone wp-image-12412\" src=\"https:\/\/phukienflytech.vn\/wp-content\/uploads\/2020\/05\/bo-hop-dung-mavic-2-pro-zoom-combo-3-hop-2025-4-1-600x400.jpg\" alt=\"\" width=\"485\" height=\"323\" srcset=\"https:\/\/phukienflytech.vn\/wp-content\/uploads\/2020\/05\/bo-hop-dung-mavic-2-pro-zoom-combo-3-hop-2025-4-1-600x400.jpg 600w, https:\/\/phukienflytech.vn\/wp-content\/uploads\/2020\/05\/bo-hop-dung-mavic-2-pro-zoom-combo-3-hop-2025-4-1-768x512.jpg 768w, https:\/\/phukienflytech.vn\/wp-content\/uploads\/2020\/05\/bo-hop-dung-mavic-2-pro-zoom-combo-3-hop-2025-4-1.jpg 900w\" sizes=\"auto, (max-width: 485px) 100vw, 485px\" \/><\/strong><\/em><\/span><\/h2>\n<p><span style=\"font-size: 18px;\">&#8211; S\u1eed d\u1ee5ng\u00a0<strong>B\u1ed9 h\u1ed9p Combo \u0111\u1ef1ng mavic 2 pro zoom\u00a0\u00a0<\/strong>n\u00e0y l\u00e0 b\u1ed9 ph\u1ee5 ki\u1ec7n b\u1ea3o v\u1ec7 chi\u1ebfc flycam mavic 2 pro zoom c\u1ee7a b\u1ea1n kh\u1ecfi c\u00e1c t\u00e1c \u0111\u1ed9ng b\u00ean ngo\u00e0i, \u0111em l\u1ea1i s\u1ef1 thu\u1eadn ti\u1ec7n trong qu\u00e1 tr\u00ecnh di chuy\u1ec3n&#8230;<\/span><\/p>\n<p><span style=\"font-size: 18px;\">C\u00f9ng l\u00e0m \u0111\u1ea7y \u0111\u1ee7 b\u1ed9\u00a0<strong>ph\u1ee5 ki\u1ec7n mavic 2 pro zoom\u00a0\u00a0<\/strong>c\u1ee7a ch\u00ednh m\u00ecnh<\/span><\/p>\n<p><span style=\"font-size: 18px;\">H\u00e3y \u0111\u1ec3\u00a0<a href=\"https:\/\/facebook.com\/phukienflycam\/\" target=\"_blank\" rel=\"noopener noreferrer\">Ph\u1ee5 Ki\u1ec7n Fly-cam Gi\u00e1 T\u1ed1t<\/a>\u00a0ti\u1ebfp s\u1ee9c \u0111am m\u00ea, c\u00f4ng vi\u1ec7c c\u1ee7a b\u1ea1n, gi\u00fap b\u1ea1n th\u00eam ni\u1ec1m h\u1ee9ng kh\u1edfi trong \u0111am m\u00ea c\u0169ng nh\u01b0 c\u00f4ng vi\u1ec7c c\u1ee7a m\u00ecnh th\u00eam su\u00f4n s\u1ebb<\/span><\/p>\n","protected":false},"excerpt":{"rendered":"<p>Combo 3 boxes Mavic 2 &nbsp; Combo 3 boxes Mavic 2 \u0110\u01b0\u1ee3c cho l\u00e0 d\u00f2ng flycam \u0111\u01b0\u1ee3c \u01b0u \u00e1i v\u1ec1 balo t\u00fai x\u00e1ch khi b\u1ea1n mua g\u00f3i combo v\u1edbi kh\u00e1 nhi\u1ec1u\u00a0ph\u1ee5 ki\u1ec7n mavic 2 pro zoom\u00a0, b\u1ea1n \u0111\u01b0\u1ee3c s\u1edf h\u1eefu ngay t\u00fai x\u00e1ch b\u1eb1ng da DJI. V\u1ec1 h\u00ecnh th\u1ee9c th\u00ec chi\u1ebfc t\u00fai da r\u1ea5t \u0111\u1eb9p &#8230;<\/p>\n","protected":false},"featured_media":2027,"comment_status":"open","ping_status":"closed","template":"","meta":{"_acf_changed":false},"product_brand":[],"product_cat":[177],"product_tag":[206,209],"class_list":{"0":"post-2038","1":"product","2":"type-product","3":"status-publish","4":"has-post-thumbnail","6":"product_cat-mavic-2s-accessory","7":"product_tag-phu-kien-dji-en","8":"product_tag-phu-kien-mavic-2-en","10":"first","11":"instock","12":"shipping-taxable","13":"purchasable","14":"product-type-simple"},"acf":[],"yoast_head":"<!-- This site is optimized with the Yoast SEO plugin v25.7 - https:\/\/yoast.com\/wordpress\/plugins\/seo\/ -->\n<title>Combo 3 boxes Mavic 2 - Mavic 2 accessory - Available - Original<\/title>\n<meta name=\"description\" content=\"Combo 3 boxes Mavic 2 is one of the most important accessory. Contact us to buy Combo 3 boxes Mavic 2 for best price, good warranty.\" \/>\n<meta name=\"robots\" content=\"index, follow, max-snippet:-1, max-image-preview:large, max-video-preview:-1\" \/>\n<link rel=\"canonical\" href=\"https:\/\/phukienflytech.vn\/en\/san-pham\/combo-3-boxes-mavic-2.html\" \/>\n<meta property=\"og:locale\" content=\"en_US\" \/>\n<meta property=\"og:type\" content=\"article\" \/>\n<meta property=\"og:title\" content=\"Combo 3 boxes Mavic 2 - Mavic 2 accessory - Available - Original\" \/>\n<meta property=\"og:description\" content=\"Combo 3 boxes Mavic 2 is one of the most important accessory. Contact us to buy Combo 3 boxes Mavic 2 for best price, good warranty.\" \/>\n<meta property=\"og:url\" content=\"https:\/\/phukienflytech.vn\/en\/san-pham\/combo-3-boxes-mavic-2.html\" \/>\n<meta property=\"og:site_name\" content=\"Shop M\u00e1y \u1ea3nh - Action Camera - Gimbal - Flycam - Ph\u1ee5 ki\u1ec7n\" \/>\n<meta property=\"article:publisher\" content=\"https:\/\/facebook.com\/phukienflycam\" \/>\n<meta property=\"article:modified_time\" content=\"2021-03-27T12:31:48+00:00\" \/>\n<meta property=\"og:image\" content=\"https:\/\/phukienflytech.vn\/wp-content\/uploads\/2020\/05\/balo-mavic-pro-hop-dung-phu-kien-flycam-mavic-2-zoom-pro-Copy.png\" \/>\n\t<meta property=\"og:image:width\" content=\"300\" \/>\n\t<meta property=\"og:image:height\" content=\"300\" \/>\n\t<meta property=\"og:image:type\" content=\"image\/png\" \/>\n<meta name=\"twitter:card\" content=\"summary_large_image\" \/>\n<meta name=\"twitter:label1\" content=\"Est. reading time\" \/>\n\t<meta name=\"twitter:data1\" content=\"2 minutes\" \/>\n<script type=\"application\/ld+json\" class=\"yoast-schema-graph\">{\"@context\":\"https:\/\/schema.org\",\"@graph\":[{\"@type\":\"WebPage\",\"@id\":\"https:\/\/phukienflytech.vn\/en\/san-pham\/combo-3-boxes-mavic-2.html\",\"url\":\"https:\/\/phukienflytech.vn\/en\/san-pham\/combo-3-boxes-mavic-2.html\",\"name\":\"Combo 3 boxes Mavic 2 - Mavic 2 accessory - Available - Original\",\"isPartOf\":{\"@id\":\"https:\/\/phukienflytech.vn\/#website\"},\"primaryImageOfPage\":{\"@id\":\"https:\/\/phukienflytech.vn\/en\/san-pham\/combo-3-boxes-mavic-2.html#primaryimage\"},\"image\":{\"@id\":\"https:\/\/phukienflytech.vn\/en\/san-pham\/combo-3-boxes-mavic-2.html#primaryimage\"},\"thumbnailUrl\":\"https:\/\/phukienflytech.vn\/wp-content\/uploads\/2020\/05\/balo-mavic-pro-hop-dung-phu-kien-flycam-mavic-2-zoom-pro-Copy.png\",\"datePublished\":\"2020-06-17T14:31:23+00:00\",\"dateModified\":\"2021-03-27T12:31:48+00:00\",\"description\":\"Combo 3 boxes Mavic 2 is one of the most important accessory. Contact us to buy Combo 3 boxes Mavic 2 for best price, good warranty.\",\"breadcrumb\":{\"@id\":\"https:\/\/phukienflytech.vn\/en\/san-pham\/combo-3-boxes-mavic-2.html#breadcrumb\"},\"inLanguage\":\"en-US\",\"potentialAction\":[{\"@type\":\"ReadAction\",\"target\":[\"https:\/\/phukienflytech.vn\/en\/san-pham\/combo-3-boxes-mavic-2.html\"]}]},{\"@type\":\"ImageObject\",\"inLanguage\":\"en-US\",\"@id\":\"https:\/\/phukienflytech.vn\/en\/san-pham\/combo-3-boxes-mavic-2.html#primaryimage\",\"url\":\"https:\/\/phukienflytech.vn\/wp-content\/uploads\/2020\/05\/balo-mavic-pro-hop-dung-phu-kien-flycam-mavic-2-zoom-pro-Copy.png\",\"contentUrl\":\"https:\/\/phukienflytech.vn\/wp-content\/uploads\/2020\/05\/balo-mavic-pro-hop-dung-phu-kien-flycam-mavic-2-zoom-pro-Copy.png\",\"width\":300,\"height\":300},{\"@type\":\"BreadcrumbList\",\"@id\":\"https:\/\/phukienflytech.vn\/en\/san-pham\/combo-3-boxes-mavic-2.html#breadcrumb\",\"itemListElement\":[{\"@type\":\"ListItem\",\"position\":1,\"name\":\"Home\",\"item\":\"https:\/\/phukienflytech.vn\/en\"},{\"@type\":\"ListItem\",\"position\":2,\"name\":\"Ph\u1ee5 ki\u1ec7n Mavic Pro\",\"item\":\"https:\/\/phukienflytech.vn\/en\/phu-kien-mavic-pro.html\"},{\"@type\":\"ListItem\",\"position\":3,\"name\":\"DJI Osmo &amp; Drone's accessories\",\"item\":\"https:\/\/phukienflytech.vn\/en\/danh-muc\/dji-osmo-drones-accessories.html\"},{\"@type\":\"ListItem\",\"position\":4,\"name\":\"Ph\u1ee5 ki\u1ec7n DJI Mavic 2\",\"item\":\"https:\/\/phukienflytech.vn\/en\/danh-muc\/mavic-2s-accessory.html\"},{\"@type\":\"ListItem\",\"position\":5,\"name\":\"Combo 3 shock proof boxes for Mavic 2\"}]},{\"@type\":\"WebSite\",\"@id\":\"https:\/\/phukienflytech.vn\/#website\",\"url\":\"https:\/\/phukienflytech.vn\/\",\"name\":\"Shop M\u00e1y \u1ea3nh - Action Camera - Gimbal - Flycam - Ph\u1ee5 ki\u1ec7n\",\"description\":\"Shop M\u00e1y \u1ea3nh - Action Camera - Gimbal - Flycam - Ph\u1ee5 ki\u1ec7n\",\"publisher\":{\"@id\":\"https:\/\/phukienflytech.vn\/#organization\"},\"potentialAction\":[{\"@type\":\"SearchAction\",\"target\":{\"@type\":\"EntryPoint\",\"urlTemplate\":\"https:\/\/phukienflytech.vn\/?s={search_term_string}\"},\"query-input\":{\"@type\":\"PropertyValueSpecification\",\"valueRequired\":true,\"valueName\":\"search_term_string\"}}],\"inLanguage\":\"en-US\"},{\"@type\":\"Organization\",\"@id\":\"https:\/\/phukienflytech.vn\/#organization\",\"name\":\"DJI Store - Shop Drone, Action camera, Gimbal DJI |Phukienflytech\",\"alternateName\":\"DJI Store - Shop Drone, Action camera, Gimbal DJI |Phukienflytech\",\"url\":\"https:\/\/phukienflytech.vn\/\",\"logo\":{\"@type\":\"ImageObject\",\"inLanguage\":\"en-US\",\"@id\":\"https:\/\/phukienflytech.vn\/#\/schema\/logo\/image\/\",\"url\":\"https:\/\/phukienflytech.vn\/wp-content\/uploads\/2020\/05\/hAnh_nan.jpg1_.jpg\",\"contentUrl\":\"https:\/\/phukienflytech.vn\/wp-content\/uploads\/2020\/05\/hAnh_nan.jpg1_.jpg\",\"width\":800,\"height\":450,\"caption\":\"DJI Store - Shop Drone, Action camera, Gimbal DJI |Phukienflytech\"},\"image\":{\"@id\":\"https:\/\/phukienflytech.vn\/#\/schema\/logo\/image\/\"},\"sameAs\":[\"https:\/\/facebook.com\/phukienflycam\",\"https:\/\/www.youtube.com\/@phukienflytech\",\"https:\/\/www.tiktok.com\/@flytech.channel?fbclid=IwY2xjawGjg7BleHRuA2FlbQIxMAABHYVGmlXpuSMs0UB2zTpYvyT4GMVfN2qJa4urF4vkSQ6FAVBwXZtDP30qQA_aem_UwMiDcUvlEbd2tXAmsc8Og\"]}]}<\/script>\n<!-- \/ Yoast SEO plugin. -->","yoast_head_json":{"title":"Combo 3 boxes Mavic 2 - Mavic 2 accessory - Available - Original","description":"Combo 3 boxes Mavic 2 is one of the most important accessory. Contact us to buy Combo 3 boxes Mavic 2 for best price, good warranty.","robots":{"index":"index","follow":"follow","max-snippet":"max-snippet:-1","max-image-preview":"max-image-preview:large","max-video-preview":"max-video-preview:-1"},"canonical":"https:\/\/phukienflytech.vn\/en\/san-pham\/combo-3-boxes-mavic-2.html","og_locale":"en_US","og_type":"article","og_title":"Combo 3 boxes Mavic 2 - Mavic 2 accessory - Available - Original","og_description":"Combo 3 boxes Mavic 2 is one of the most important accessory. Contact us to buy Combo 3 boxes Mavic 2 for best price, good warranty.","og_url":"https:\/\/phukienflytech.vn\/en\/san-pham\/combo-3-boxes-mavic-2.html","og_site_name":"Shop M\u00e1y \u1ea3nh - Action Camera - Gimbal - Flycam - Ph\u1ee5 ki\u1ec7n","article_publisher":"https:\/\/facebook.com\/phukienflycam","article_modified_time":"2021-03-27T12:31:48+00:00","og_image":[{"width":300,"height":300,"url":"https:\/\/phukienflytech.vn\/wp-content\/uploads\/2020\/05\/balo-mavic-pro-hop-dung-phu-kien-flycam-mavic-2-zoom-pro-Copy.png","type":"image\/png"}],"twitter_card":"summary_large_image","twitter_misc":{"Est. reading time":"2 minutes"},"schema":{"@context":"https:\/\/schema.org","@graph":[{"@type":"WebPage","@id":"https:\/\/phukienflytech.vn\/en\/san-pham\/combo-3-boxes-mavic-2.html","url":"https:\/\/phukienflytech.vn\/en\/san-pham\/combo-3-boxes-mavic-2.html","name":"Combo 3 boxes Mavic 2 - Mavic 2 accessory - Available - Original","isPartOf":{"@id":"https:\/\/phukienflytech.vn\/#website"},"primaryImageOfPage":{"@id":"https:\/\/phukienflytech.vn\/en\/san-pham\/combo-3-boxes-mavic-2.html#primaryimage"},"image":{"@id":"https:\/\/phukienflytech.vn\/en\/san-pham\/combo-3-boxes-mavic-2.html#primaryimage"},"thumbnailUrl":"https:\/\/phukienflytech.vn\/wp-content\/uploads\/2020\/05\/balo-mavic-pro-hop-dung-phu-kien-flycam-mavic-2-zoom-pro-Copy.png","datePublished":"2020-06-17T14:31:23+00:00","dateModified":"2021-03-27T12:31:48+00:00","description":"Combo 3 boxes Mavic 2 is one of the most important accessory. Contact us to buy Combo 3 boxes Mavic 2 for best price, good warranty.","breadcrumb":{"@id":"https:\/\/phukienflytech.vn\/en\/san-pham\/combo-3-boxes-mavic-2.html#breadcrumb"},"inLanguage":"en-US","potentialAction":[{"@type":"ReadAction","target":["https:\/\/phukienflytech.vn\/en\/san-pham\/combo-3-boxes-mavic-2.html"]}]},{"@type":"ImageObject","inLanguage":"en-US","@id":"https:\/\/phukienflytech.vn\/en\/san-pham\/combo-3-boxes-mavic-2.html#primaryimage","url":"https:\/\/phukienflytech.vn\/wp-content\/uploads\/2020\/05\/balo-mavic-pro-hop-dung-phu-kien-flycam-mavic-2-zoom-pro-Copy.png","contentUrl":"https:\/\/phukienflytech.vn\/wp-content\/uploads\/2020\/05\/balo-mavic-pro-hop-dung-phu-kien-flycam-mavic-2-zoom-pro-Copy.png","width":300,"height":300},{"@type":"BreadcrumbList","@id":"https:\/\/phukienflytech.vn\/en\/san-pham\/combo-3-boxes-mavic-2.html#breadcrumb","itemListElement":[{"@type":"ListItem","position":1,"name":"Home","item":"https:\/\/phukienflytech.vn\/en"},{"@type":"ListItem","position":2,"name":"Ph\u1ee5 ki\u1ec7n Mavic Pro","item":"https:\/\/phukienflytech.vn\/en\/phu-kien-mavic-pro.html"},{"@type":"ListItem","position":3,"name":"DJI Osmo &amp; Drone's accessories","item":"https:\/\/phukienflytech.vn\/en\/danh-muc\/dji-osmo-drones-accessories.html"},{"@type":"ListItem","position":4,"name":"Ph\u1ee5 ki\u1ec7n DJI Mavic 2","item":"https:\/\/phukienflytech.vn\/en\/danh-muc\/mavic-2s-accessory.html"},{"@type":"ListItem","position":5,"name":"Combo 3 shock proof boxes for Mavic 2"}]},{"@type":"WebSite","@id":"https:\/\/phukienflytech.vn\/#website","url":"https:\/\/phukienflytech.vn\/","name":"Shop M\u00e1y \u1ea3nh - Action Camera - Gimbal - Flycam - Ph\u1ee5 ki\u1ec7n","description":"Shop M\u00e1y \u1ea3nh - Action Camera - Gimbal - Flycam - Ph\u1ee5 ki\u1ec7n","publisher":{"@id":"https:\/\/phukienflytech.vn\/#organization"},"potentialAction":[{"@type":"SearchAction","target":{"@type":"EntryPoint","urlTemplate":"https:\/\/phukienflytech.vn\/?s={search_term_string}"},"query-input":{"@type":"PropertyValueSpecification","valueRequired":true,"valueName":"search_term_string"}}],"inLanguage":"en-US"},{"@type":"Organization","@id":"https:\/\/phukienflytech.vn\/#organization","name":"DJI Store - Shop Drone, Action camera, Gimbal DJI |Phukienflytech","alternateName":"DJI Store - Shop Drone, Action camera, Gimbal DJI |Phukienflytech","url":"https:\/\/phukienflytech.vn\/","logo":{"@type":"ImageObject","inLanguage":"en-US","@id":"https:\/\/phukienflytech.vn\/#\/schema\/logo\/image\/","url":"https:\/\/phukienflytech.vn\/wp-content\/uploads\/2020\/05\/hAnh_nan.jpg1_.jpg","contentUrl":"https:\/\/phukienflytech.vn\/wp-content\/uploads\/2020\/05\/hAnh_nan.jpg1_.jpg","width":800,"height":450,"caption":"DJI Store - Shop Drone, Action camera, Gimbal DJI |Phukienflytech"},"image":{"@id":"https:\/\/phukienflytech.vn\/#\/schema\/logo\/image\/"},"sameAs":["https:\/\/facebook.com\/phukienflycam","https:\/\/www.youtube.com\/@phukienflytech","https:\/\/www.tiktok.com\/@flytech.channel?fbclid=IwY2xjawGjg7BleHRuA2FlbQIxMAABHYVGmlXpuSMs0UB2zTpYvyT4GMVfN2qJa4urF4vkSQ6FAVBwXZtDP30qQA_aem_UwMiDcUvlEbd2tXAmsc8Og"]}]}},"_links":{"self":[{"href":"https:\/\/phukienflytech.vn\/en\/wp-json\/wp\/v2\/product\/2038","targetHints":{"allow":["GET"]}}],"collection":[{"href":"https:\/\/phukienflytech.vn\/en\/wp-json\/wp\/v2\/product"}],"about":[{"href":"https:\/\/phukienflytech.vn\/en\/wp-json\/wp\/v2\/types\/product"}],"replies":[{"embeddable":true,"href":"https:\/\/phukienflytech.vn\/en\/wp-json\/wp\/v2\/comments?post=2038"}],"wp:featuredmedia":[{"embeddable":true,"href":"https:\/\/phukienflytech.vn\/en\/wp-json\/wp\/v2\/media\/2027"}],"wp:attachment":[{"href":"https:\/\/phukienflytech.vn\/en\/wp-json\/wp\/v2\/media?parent=2038"}],"wp:term":[{"taxonomy":"product_brand","embeddable":true,"href":"https:\/\/phukienflytech.vn\/en\/wp-json\/wp\/v2\/product_brand?post=2038"},{"taxonomy":"product_cat","embeddable":true,"href":"https:\/\/phukienflytech.vn\/en\/wp-json\/wp\/v2\/product_cat?post=2038"},{"taxonomy":"product_tag","embeddable":true,"href":"https:\/\/phukienflytech.vn\/en\/wp-json\/wp\/v2\/product_tag?post=2038"}],"curies":[{"name":"wp","href":"https:\/\/api.w.org\/{rel}","templated":true}]}}