{"id":2067,"date":"2020-06-28T21:52:38","date_gmt":"2020-06-28T14:52:38","guid":{"rendered":"http:\/\/27430.lamdx.vinawebsite.vn\/san-pham\/canh-mavic-2-pro-zoom-chinh-hang-dji.html"},"modified":"2021-01-14T10:36:27","modified_gmt":"2021-01-14T03:36:27","slug":"original-mavic-2-propeller","status":"publish","type":"product","link":"https:\/\/phukienflytech.vn\/en\/san-pham\/original-mavic-2-propeller.html","title":{"rendered":"Original Mavic 2 Propeller &#8211; DJI"},"content":{"rendered":"<h2 style=\"text-align: justify;\"><span style=\"color: #0000ff;\"><strong><em>Original Mavic 2 Propeller &#8211; DJI<\/em><\/strong><\/span><\/h2>\n<p>&nbsp;<\/p>\n<p><span style=\"font-size: 18px;\">Original Mavic 2 Propeller<\/span><\/p>\n<h2 style=\"text-align: justify;\"><span style=\"font-size: 18px; color: #0000ff;\"><em><strong><img loading=\"lazy\" decoding=\"async\" class=\"alignnone size-medium wp-image-12378\" src=\"https:\/\/phukienflytech.vn\/wp-content\/uploads\/2020\/05\/canh-mavic-2-pro-zoom-chinh-hang-dji-2050-5-400x400.jpg\" alt=\"\" width=\"400\" height=\"400\" srcset=\"https:\/\/phukienflytech.vn\/wp-content\/uploads\/2020\/05\/canh-mavic-2-pro-zoom-chinh-hang-dji-2050-5-400x400.jpg 400w, https:\/\/phukienflytech.vn\/wp-content\/uploads\/2020\/05\/canh-mavic-2-pro-zoom-chinh-hang-dji-2050-5-280x280.jpg 280w, https:\/\/phukienflytech.vn\/wp-content\/uploads\/2020\/05\/canh-mavic-2-pro-zoom-chinh-hang-dji-2050-5-768x768.jpg 768w, https:\/\/phukienflytech.vn\/wp-content\/uploads\/2020\/05\/canh-mavic-2-pro-zoom-chinh-hang-dji-2050-5-800x800.jpg 800w, https:\/\/phukienflytech.vn\/wp-content\/uploads\/2020\/05\/canh-mavic-2-pro-zoom-chinh-hang-dji-2050-5-300x300.jpg 300w, https:\/\/phukienflytech.vn\/wp-content\/uploads\/2020\/05\/canh-mavic-2-pro-zoom-chinh-hang-dji-2050-5-600x600.jpg 600w, https:\/\/phukienflytech.vn\/wp-content\/uploads\/2020\/05\/canh-mavic-2-pro-zoom-chinh-hang-dji-2050-5-100x100.jpg 100w, https:\/\/phukienflytech.vn\/wp-content\/uploads\/2020\/05\/canh-mavic-2-pro-zoom-chinh-hang-dji-2050-5.jpg 1000w\" sizes=\"auto, (max-width: 400px) 100vw, 400px\" \/><\/strong><\/em><\/span><\/h2>\n<p>&nbsp;<\/p>\n<p style=\"text-align: justify;\"><span style=\"font-size: 18px;\"><em><strong>DJI Mavic 2 Series<\/strong><\/em> l\u00e0 b\u1ed9 \u0111\u00f4i \u0111\u01b0\u1ee3c DJI tr\u00ecnh l\u00e0ng trong n\u0103m 2020. \u0110i k\u00e8m v\u1edbi m\u00e1y l\u00e0 b\u1ed9 c\u00e1nh gi\u1ea3m \u1ed3n Mavic 2 pro\/zoom. C\u00f9ng thi\u1ebft k\u1ebf s\u1eafc n\u1eb9m h\u01a1n c\u00e1nh mavic pro tr\u01b0\u1edbc \u0111\u00f3. C\u00e1nh c\u00f3 ph\u1ea7n d\u1ebbo dai h\u01a1n, kh\u00e1ng gi\u00f3 \u0111\u1ea7m h\u01a1n so v\u1edbi mavic pro. <em><strong>C\u00e1nh mavic 2 ch\u00ednh h\u00e3ng DJI <\/strong><\/em>\u00a0lu\u00f4n \u0111em l\u1ea1i s\u1ef1 an t\u00e2m cho Pilot khi tr\u1ea3i nghi\u1ec7m Mavic 2 pro\/zoom..<\/span><\/p>\n<p>&nbsp;<\/p>\n<h2 style=\"text-align: justify;\"><span style=\"font-size: 18px; color: #0000ff;\"><em><strong><img loading=\"lazy\" decoding=\"async\" class=\"alignnone wp-image-12382 size-medium\" src=\"https:\/\/phukienflytech.vn\/wp-content\/uploads\/2020\/05\/canh-mavic-2-pro-zoom-chinh-hang-dji-2050-1-1-400x400.jpg\" alt=\"Original Mavic 2 Propeller-5\" width=\"400\" height=\"400\" srcset=\"https:\/\/phukienflytech.vn\/wp-content\/uploads\/2020\/05\/canh-mavic-2-pro-zoom-chinh-hang-dji-2050-1-1-400x400.jpg 400w, https:\/\/phukienflytech.vn\/wp-content\/uploads\/2020\/05\/canh-mavic-2-pro-zoom-chinh-hang-dji-2050-1-1-280x280.jpg 280w, https:\/\/phukienflytech.vn\/wp-content\/uploads\/2020\/05\/canh-mavic-2-pro-zoom-chinh-hang-dji-2050-1-1-768x768.jpg 768w, https:\/\/phukienflytech.vn\/wp-content\/uploads\/2020\/05\/canh-mavic-2-pro-zoom-chinh-hang-dji-2050-1-1-800x800.jpg 800w, https:\/\/phukienflytech.vn\/wp-content\/uploads\/2020\/05\/canh-mavic-2-pro-zoom-chinh-hang-dji-2050-1-1-300x300.jpg 300w, https:\/\/phukienflytech.vn\/wp-content\/uploads\/2020\/05\/canh-mavic-2-pro-zoom-chinh-hang-dji-2050-1-1-600x600.jpg 600w, https:\/\/phukienflytech.vn\/wp-content\/uploads\/2020\/05\/canh-mavic-2-pro-zoom-chinh-hang-dji-2050-1-1-100x100.jpg 100w, https:\/\/phukienflytech.vn\/wp-content\/uploads\/2020\/05\/canh-mavic-2-pro-zoom-chinh-hang-dji-2050-1-1.jpg 1000w\" sizes=\"auto, (max-width: 400px) 100vw, 400px\" \/><\/strong><\/em><\/span><\/h2>\n<p>&nbsp;<\/p>\n<h3 style=\"text-align: justify;\"><span style=\"font-size: 21px;\"><strong><span style=\"color: #0000ff;\">Th\u00f4ng s\u1ed1 s\u1ea3n ph\u1ea9m: Original Mavic 2 Propeller<\/span><\/strong><\/span><\/h3>\n<h2 style=\"text-align: justify;\"><span style=\"font-size: 18px;\">Lu\u00f4n \u0111\u01b0\u1ee3c \u0111\u00f3ng h\u1ed9p chu\u1ea9n DJI , c\u00f3 c\u00e1c gi\u1ea5y h\u01b0\u1edbng d\u1eabn x\u1eed d\u1ee5ng s\u1ea3n ph\u1ea9m c\u1ee7a DJI v\u00e0 \u0111\u1eb7c bi\u1ec7t tr\u00ean c\u00e1nh c\u00f3 in n\u1ed5i logo : DJI<\/span><\/h2>\n<p><span style=\"font-size: 18px;\">S\u1ea3n ph\u1ea9m s\u1eed d\u1ee5ng \u0111\u01b0\u1ee3c cho c\u1ea3: DJI Mavic 2 zoom v\u00e0 DJI Mavic 2 pro<\/span><\/p>\n<p>&nbsp;<\/p>\n<h2 style=\"text-align: justify;\"><span style=\"font-size: 18px; color: #0000ff;\"><em><strong><img loading=\"lazy\" decoding=\"async\" class=\"alignnone wp-image-12384\" src=\"https:\/\/phukienflytech.vn\/wp-content\/uploads\/2020\/05\/canh-mavic-2-pro-zoom-chinh-hang-dji-2050-2-1-300x400.jpg\" alt=\"canh-mavic-2-pro-zoom-chinh-hang-dji\" width=\"405\" height=\"540\" srcset=\"https:\/\/phukienflytech.vn\/wp-content\/uploads\/2020\/05\/canh-mavic-2-pro-zoom-chinh-hang-dji-2050-2-1-300x400.jpg 300w, https:\/\/phukienflytech.vn\/wp-content\/uploads\/2020\/05\/canh-mavic-2-pro-zoom-chinh-hang-dji-2050-2-1-600x800.jpg 600w, https:\/\/phukienflytech.vn\/wp-content\/uploads\/2020\/05\/canh-mavic-2-pro-zoom-chinh-hang-dji-2050-2-1.jpg 720w\" sizes=\"auto, (max-width: 405px) 100vw, 405px\" \/><\/strong><\/em><\/span><\/h2>\n<p>&nbsp;<\/p>\n<p style=\"text-align: justify;\"><span style=\"font-size: 18px;\">S\u1ea3n ph\u1ea9m c\u00e1nh Mavic 2 ch\u00ednh h\u00e3ng DJI, gi\u1ed1ng v\u1edbi c\u00e1nh \u0111\u01b0\u1ee3c t\u1eb7ng k\u00e8m khi mua m\u00e1y. N\u00ean b\u1ea1n ho\u00e0n to\u00e0n y\u00ean t\u00e2m khi bay v\u1edbi b\u1ed9 c\u00e1nh m\u1edbi n\u00e0y v\u00ec n\u00f3 \u0111\u00e3 \u0111\u01b0\u1ee3c thi\u1ebft k\u1ebf \u0111\u1ed3ng nh\u1ea5t v\u1edbi m\u00e1y bay.<\/span><\/p>\n<p>&nbsp;<\/p>\n<h2 style=\"text-align: justify;\"><span style=\"font-size: 18px; color: #0000ff;\"><em><strong><img loading=\"lazy\" decoding=\"async\" class=\"alignnone wp-image-12386\" src=\"https:\/\/phukienflytech.vn\/wp-content\/uploads\/2020\/05\/canh-mavic-2-pro-zoom-chinh-hang-dji-2050-3-1-300x400.jpg\" alt=\"canh-mavic-2-pro-zoom-chinh-hang-dji\" width=\"396\" height=\"528\" srcset=\"https:\/\/phukienflytech.vn\/wp-content\/uploads\/2020\/05\/canh-mavic-2-pro-zoom-chinh-hang-dji-2050-3-1-300x400.jpg 300w, https:\/\/phukienflytech.vn\/wp-content\/uploads\/2020\/05\/canh-mavic-2-pro-zoom-chinh-hang-dji-2050-3-1-600x800.jpg 600w, https:\/\/phukienflytech.vn\/wp-content\/uploads\/2020\/05\/canh-mavic-2-pro-zoom-chinh-hang-dji-2050-3-1.jpg 720w\" sizes=\"auto, (max-width: 396px) 100vw, 396px\" \/><\/strong><\/em><\/span><\/h2>\n<p>&nbsp;<\/p>\n<p style=\"text-align: justify;\"><span style=\"font-size: 18px;\">\u0110\u01b0\u1ee3c l\u00e0m t\u1eeb nh\u1ef1a si\u00eau d\u1ebbo, \u0111\u1ed9 \u0111\u00e0n h\u1ed3i cao v\u1edbi thi\u1ebft k\u1ebf quen thu\u1ed9c \u0111\u1ebfn t\u1eeb DJI. C<strong>\u00e1nh Mavic 2 ch\u00ednh h\u00e3ng <\/strong>s\u1ebd gi\u00fap b\u1ea1n c\u00f3 \u0111\u01b0\u1ee3c tr\u1ea3i nghi\u1ec7m bay v\u00f4 c\u00f9ng \u00eam v\u00e0 m\u01b0\u1ee3t. \u0110i\u1ec3m m\u1ea1nh c\u1ee7a <strong>c\u00e1nh Mavic 2 series<\/strong>\u00a0l\u00e0 gi\u1ea3m ti\u1ebfng \u1ed3n ph\u00e1t ra khi bay. B\u1ea1n s\u1ebd c\u1ea3m th\u1ea5y tho\u1ea3i m\u00e1i h\u01a1n khi bay \u1edf t\u1ea7m th\u1ea5p kho\u1ea3ng 80m-120m.<\/span><\/p>\n<h3><span style=\"font-size: 17px;\">Original Mavic 2 Propeller<\/span><\/h3>\n<h2 style=\"text-align: justify;\"><span style=\"font-size: 18px; color: #0000ff;\"><em><strong><img loading=\"lazy\" decoding=\"async\" class=\"alignnone wp-image-12389 size-medium\" src=\"https:\/\/phukienflytech.vn\/wp-content\/uploads\/2020\/05\/canh-mavic-2-pro-zoom-chinh-hang-dji-2050-4-1-400x400.jpg\" alt=\"Original Mavic 2 Propeller\" width=\"400\" height=\"400\" srcset=\"https:\/\/phukienflytech.vn\/wp-content\/uploads\/2020\/05\/canh-mavic-2-pro-zoom-chinh-hang-dji-2050-4-1-400x400.jpg 400w, https:\/\/phukienflytech.vn\/wp-content\/uploads\/2020\/05\/canh-mavic-2-pro-zoom-chinh-hang-dji-2050-4-1-280x280.jpg 280w, https:\/\/phukienflytech.vn\/wp-content\/uploads\/2020\/05\/canh-mavic-2-pro-zoom-chinh-hang-dji-2050-4-1-768x768.jpg 768w, https:\/\/phukienflytech.vn\/wp-content\/uploads\/2020\/05\/canh-mavic-2-pro-zoom-chinh-hang-dji-2050-4-1-800x800.jpg 800w, https:\/\/phukienflytech.vn\/wp-content\/uploads\/2020\/05\/canh-mavic-2-pro-zoom-chinh-hang-dji-2050-4-1-300x300.jpg 300w, https:\/\/phukienflytech.vn\/wp-content\/uploads\/2020\/05\/canh-mavic-2-pro-zoom-chinh-hang-dji-2050-4-1-600x600.jpg 600w, https:\/\/phukienflytech.vn\/wp-content\/uploads\/2020\/05\/canh-mavic-2-pro-zoom-chinh-hang-dji-2050-4-1-100x100.jpg 100w, https:\/\/phukienflytech.vn\/wp-content\/uploads\/2020\/05\/canh-mavic-2-pro-zoom-chinh-hang-dji-2050-4-1.jpg 1000w\" sizes=\"auto, (max-width: 400px) 100vw, 400px\" \/><\/strong><\/em><\/span><\/h2>\n<p>&nbsp;<\/p>\n<p style=\"text-align: justify;\"><span style=\"font-size: 18px;\">Li\u00ean h\u1ec7 ngay v\u1edbi ch\u00fang t\u00f4i \u0111\u1ec3 \u0111\u01b0\u1ee3c t\u01b0 v\u1ea5n v\u00e0 l\u1ef1a ch\u1ecdn nh\u1eefng ph\u1ee5 ki\u1ec7n <a href=\"https:\/\/phukienflytech.vn\/en\/danh-muc\/mavic-2s-accessory.html\"><strong>mavic 2 t\u1ed1t gi\u00e1 r\u1ebb<\/strong><\/a> cho m\u00ecnh qua k\u00eanh Facebook Fanpage: <span style=\"color: #0000ff;\"><strong><a style=\"color: #0000ff;\" href=\"https:\/\/facebook.com\/phukienflytecm\">Ph\u1ee5 ki\u1ec7n flycam gi\u00e1 t\u1ed1t\u00a0<\/a><\/strong><\/span><\/span><\/p>\n<p>&nbsp;<\/p>\n<blockquote>\n<p style=\"text-align: justify;\"><span style=\"font-size: 18px;\">&gt;&gt; Xem th\u00eam: <strong><a href=\"https:\/\/phukienflytech.vn\/canh-mavic-2-zoom-chinh-hang.html\">&#8220;T\u1ea1i sao n\u00ean s\u1eed d\u1ee5ng c\u00e1nh ch\u00ednh h\u00e3ng Mavic 2&#8221;<\/a><\/strong><\/span><\/p>\n<p>&nbsp;<\/p><\/blockquote>\n<h2 style=\"text-align: justify;\"><span style=\"font-size: 21px; color: #0000ff;\"><strong>Mua ph\u1ee5 ki\u1ec7n Mavic 2 series \u1edf \u0111\u00e2u?<\/strong><\/span><\/h2>\n<p>&nbsp;<\/p>\n<p style=\"text-align: justify;\"><span style=\"font-size: 18px;\"><a href=\"https:\/\/www.facebook.com\/phukienflycam\"><strong>Ph\u1ee5 ki\u1ec7n flycam gi\u00e1 t\u1ed1t<\/strong><\/a> h\u00e2n h\u1ea1nh l\u00e0 \u0111\u01a1n v\u1ecb ph\u00e2n ph\u1ed1i ch\u00ednh h\u00e3ng c\u00e1c s\u1ea3n ph\u1ea9m DJI, Pgytech. T\u1edbi v\u1edbi ch\u00fang t\u00f4i, c\u00e1c b\u1ea1n s\u1ebd mua \u0111\u01b0\u1ee3c nh\u1eefng s\u1ea3n ph\u1ea9m ch\u00ednh h\u00e3ng v\u1edbi gi\u00e1 m\u1ed9t m\u1ee9c gi\u00e1 t\u1ed1t nh\u1ea5t tr\u00ean th\u1ecb tr\u01b0\u1eddng.<\/span><\/p>\n<p>&nbsp;<\/p>\n<p><span style=\"font-size: 18px;\"><img decoding=\"async\" src=\"https:\/\/phukienflytech.vn\/wp-content\/uploads\/2020\/07\/tai-sao-nen-su-dung-pin-mavic-mini-chinh-hang-10151-4-1-800x251.png\" \/><\/span><\/p>\n<p>&nbsp;<\/p>\n<p style=\"text-align: justify;\"><span style=\"font-size: 18px;\">Kh\u00f4ng ch\u1ec9 nh\u1eefng s\u1ea3n ph\u1ea9m ph\u1ee5 ki\u1ec7n ch\u00ednh h\u00e3ng Mavic 2 pro, mavic 2 zoom. Ch\u00fang t\u00f4i c\u0169ng ph\u00e2n ph\u1ed1i c\u00e1c d\u00f2ng s\u1ea3n ph\u1ea9m ph\u1ee5 ki\u1ec7n c\u1ee7a DJI Mavic Air 2, DJI Phantom, DJI Spark,.. ch\u00ednh h\u00e3ng t\u1edbi t\u1eeb DJI, Pgytech v\u00e0 SunnyLife.<\/span><\/p>\n","protected":false},"excerpt":{"rendered":"<p>Original Mavic 2 Propeller &#8211; DJI &nbsp; Original Mavic 2 Propeller &nbsp; DJI Mavic 2 Series l\u00e0 b\u1ed9 \u0111\u00f4i \u0111\u01b0\u1ee3c DJI tr\u00ecnh l\u00e0ng trong n\u0103m 2020. \u0110i k\u00e8m v\u1edbi m\u00e1y l\u00e0 b\u1ed9 c\u00e1nh gi\u1ea3m \u1ed3n Mavic 2 pro\/zoom. C\u00f9ng thi\u1ebft k\u1ebf s\u1eafc n\u1eb9m h\u01a1n c\u00e1nh mavic pro tr\u01b0\u1edbc \u0111\u00f3. C\u00e1nh c\u00f3 ph\u1ea7n d\u1ebbo dai h\u01a1n, &#8230;<\/p>\n","protected":false},"featured_media":16462,"comment_status":"open","ping_status":"closed","template":"","meta":{"_acf_changed":false},"product_brand":[],"product_cat":[177],"product_tag":[232,206,209],"class_list":{"0":"post-2067","1":"product","2":"type-product","3":"status-publish","4":"has-post-thumbnail","6":"product_cat-mavic-2s-accessory","7":"product_tag-canh-mavic-2-en","8":"product_tag-phu-kien-dji-en","9":"product_tag-phu-kien-mavic-2-en","11":"first","12":"instock","13":"sale","14":"shipping-taxable","15":"purchasable","16":"product-type-simple"},"acf":[],"yoast_head":"<!-- This site is optimized with the Yoast SEO plugin v25.7 - https:\/\/yoast.com\/wordpress\/plugins\/seo\/ -->\n<title>Original Mavic 2 Propeller - Mavic 2 accessory - Available - Original DJI<\/title>\n<meta name=\"description\" content=\"Original Mavic 2 Propeller is one of the most important accessory. Contact us to buy Original Mavic 2 Propeller for best price\" \/>\n<meta name=\"robots\" content=\"index, follow, max-snippet:-1, max-image-preview:large, max-video-preview:-1\" \/>\n<link rel=\"canonical\" href=\"https:\/\/phukienflytech.vn\/en\/san-pham\/original-mavic-2-propeller.html\" \/>\n<meta property=\"og:locale\" content=\"en_US\" \/>\n<meta property=\"og:type\" content=\"article\" \/>\n<meta property=\"og:title\" content=\"Original Mavic 2 Propeller - Mavic 2 accessory - Available - Original DJI\" \/>\n<meta property=\"og:description\" content=\"Original Mavic 2 Propeller is one of the most important accessory. Contact us to buy Original Mavic 2 Propeller for best price\" \/>\n<meta property=\"og:url\" content=\"https:\/\/phukienflytech.vn\/en\/san-pham\/original-mavic-2-propeller.html\" \/>\n<meta property=\"og:site_name\" content=\"Shop M\u00e1y \u1ea3nh - Action Camera - Gimbal - Flycam - Ph\u1ee5 ki\u1ec7n\" \/>\n<meta property=\"article:publisher\" content=\"https:\/\/facebook.com\/phukienflycam\" \/>\n<meta property=\"article:modified_time\" content=\"2021-01-14T03:36:27+00:00\" \/>\n<meta property=\"og:image\" content=\"https:\/\/phukienflytech.vn\/wp-content\/uploads\/2020\/05\/300x300_canh-mavic-2-dji_-_Copy.png\" \/>\n\t<meta property=\"og:image:width\" content=\"300\" \/>\n\t<meta property=\"og:image:height\" content=\"300\" \/>\n\t<meta property=\"og:image:type\" content=\"image\/png\" \/>\n<meta name=\"twitter:card\" content=\"summary_large_image\" \/>\n<meta name=\"twitter:label1\" content=\"Est. reading time\" \/>\n\t<meta name=\"twitter:data1\" content=\"3 minutes\" \/>\n<script type=\"application\/ld+json\" class=\"yoast-schema-graph\">{\"@context\":\"https:\/\/schema.org\",\"@graph\":[{\"@type\":\"WebPage\",\"@id\":\"https:\/\/phukienflytech.vn\/en\/san-pham\/original-mavic-2-propeller.html\",\"url\":\"https:\/\/phukienflytech.vn\/en\/san-pham\/original-mavic-2-propeller.html\",\"name\":\"Original Mavic 2 Propeller - Mavic 2 accessory - Available - Original DJI\",\"isPartOf\":{\"@id\":\"https:\/\/phukienflytech.vn\/#website\"},\"primaryImageOfPage\":{\"@id\":\"https:\/\/phukienflytech.vn\/en\/san-pham\/original-mavic-2-propeller.html#primaryimage\"},\"image\":{\"@id\":\"https:\/\/phukienflytech.vn\/en\/san-pham\/original-mavic-2-propeller.html#primaryimage\"},\"thumbnailUrl\":\"https:\/\/phukienflytech.vn\/wp-content\/uploads\/2020\/05\/300x300_canh-mavic-2-dji_-_Copy.png\",\"datePublished\":\"2020-06-28T14:52:38+00:00\",\"dateModified\":\"2021-01-14T03:36:27+00:00\",\"description\":\"Original Mavic 2 Propeller is one of the most important accessory. Contact us to buy Original Mavic 2 Propeller for best price\",\"breadcrumb\":{\"@id\":\"https:\/\/phukienflytech.vn\/en\/san-pham\/original-mavic-2-propeller.html#breadcrumb\"},\"inLanguage\":\"en-US\",\"potentialAction\":[{\"@type\":\"ReadAction\",\"target\":[\"https:\/\/phukienflytech.vn\/en\/san-pham\/original-mavic-2-propeller.html\"]}]},{\"@type\":\"ImageObject\",\"inLanguage\":\"en-US\",\"@id\":\"https:\/\/phukienflytech.vn\/en\/san-pham\/original-mavic-2-propeller.html#primaryimage\",\"url\":\"https:\/\/phukienflytech.vn\/wp-content\/uploads\/2020\/05\/300x300_canh-mavic-2-dji_-_Copy.png\",\"contentUrl\":\"https:\/\/phukienflytech.vn\/wp-content\/uploads\/2020\/05\/300x300_canh-mavic-2-dji_-_Copy.png\",\"width\":300,\"height\":300},{\"@type\":\"BreadcrumbList\",\"@id\":\"https:\/\/phukienflytech.vn\/en\/san-pham\/original-mavic-2-propeller.html#breadcrumb\",\"itemListElement\":[{\"@type\":\"ListItem\",\"position\":1,\"name\":\"Home\",\"item\":\"https:\/\/phukienflytech.vn\/en\"},{\"@type\":\"ListItem\",\"position\":2,\"name\":\"Ph\u1ee5 ki\u1ec7n Mavic Pro\",\"item\":\"https:\/\/phukienflytech.vn\/en\/phu-kien-mavic-pro.html\"},{\"@type\":\"ListItem\",\"position\":3,\"name\":\"DJI Osmo &amp; Drone's accessories\",\"item\":\"https:\/\/phukienflytech.vn\/en\/danh-muc\/dji-osmo-drones-accessories.html\"},{\"@type\":\"ListItem\",\"position\":4,\"name\":\"Ph\u1ee5 ki\u1ec7n DJI Mavic 2\",\"item\":\"https:\/\/phukienflytech.vn\/en\/danh-muc\/mavic-2s-accessory.html\"},{\"@type\":\"ListItem\",\"position\":5,\"name\":\"Original Mavic 2 Propeller &#8211; DJI\"}]},{\"@type\":\"WebSite\",\"@id\":\"https:\/\/phukienflytech.vn\/#website\",\"url\":\"https:\/\/phukienflytech.vn\/\",\"name\":\"Shop M\u00e1y \u1ea3nh - Action Camera - Gimbal - Flycam - Ph\u1ee5 ki\u1ec7n\",\"description\":\"Shop M\u00e1y \u1ea3nh - Action Camera - Gimbal - Flycam - Ph\u1ee5 ki\u1ec7n\",\"publisher\":{\"@id\":\"https:\/\/phukienflytech.vn\/#organization\"},\"potentialAction\":[{\"@type\":\"SearchAction\",\"target\":{\"@type\":\"EntryPoint\",\"urlTemplate\":\"https:\/\/phukienflytech.vn\/?s={search_term_string}\"},\"query-input\":{\"@type\":\"PropertyValueSpecification\",\"valueRequired\":true,\"valueName\":\"search_term_string\"}}],\"inLanguage\":\"en-US\"},{\"@type\":\"Organization\",\"@id\":\"https:\/\/phukienflytech.vn\/#organization\",\"name\":\"DJI Store - Shop Drone, Action camera, Gimbal DJI |Phukienflytech\",\"alternateName\":\"DJI Store - Shop Drone, Action camera, Gimbal DJI |Phukienflytech\",\"url\":\"https:\/\/phukienflytech.vn\/\",\"logo\":{\"@type\":\"ImageObject\",\"inLanguage\":\"en-US\",\"@id\":\"https:\/\/phukienflytech.vn\/#\/schema\/logo\/image\/\",\"url\":\"https:\/\/phukienflytech.vn\/wp-content\/uploads\/2020\/05\/hAnh_nan.jpg1_.jpg\",\"contentUrl\":\"https:\/\/phukienflytech.vn\/wp-content\/uploads\/2020\/05\/hAnh_nan.jpg1_.jpg\",\"width\":800,\"height\":450,\"caption\":\"DJI Store - Shop Drone, Action camera, Gimbal DJI |Phukienflytech\"},\"image\":{\"@id\":\"https:\/\/phukienflytech.vn\/#\/schema\/logo\/image\/\"},\"sameAs\":[\"https:\/\/facebook.com\/phukienflycam\",\"https:\/\/www.youtube.com\/@phukienflytech\",\"https:\/\/www.tiktok.com\/@flytech.channel?fbclid=IwY2xjawGjg7BleHRuA2FlbQIxMAABHYVGmlXpuSMs0UB2zTpYvyT4GMVfN2qJa4urF4vkSQ6FAVBwXZtDP30qQA_aem_UwMiDcUvlEbd2tXAmsc8Og\"]}]}<\/script>\n<!-- \/ Yoast SEO plugin. -->","yoast_head_json":{"title":"Original Mavic 2 Propeller - Mavic 2 accessory - Available - Original DJI","description":"Original Mavic 2 Propeller is one of the most important accessory. Contact us to buy Original Mavic 2 Propeller for best price","robots":{"index":"index","follow":"follow","max-snippet":"max-snippet:-1","max-image-preview":"max-image-preview:large","max-video-preview":"max-video-preview:-1"},"canonical":"https:\/\/phukienflytech.vn\/en\/san-pham\/original-mavic-2-propeller.html","og_locale":"en_US","og_type":"article","og_title":"Original Mavic 2 Propeller - Mavic 2 accessory - Available - Original DJI","og_description":"Original Mavic 2 Propeller is one of the most important accessory. Contact us to buy Original Mavic 2 Propeller for best price","og_url":"https:\/\/phukienflytech.vn\/en\/san-pham\/original-mavic-2-propeller.html","og_site_name":"Shop M\u00e1y \u1ea3nh - Action Camera - Gimbal - Flycam - Ph\u1ee5 ki\u1ec7n","article_publisher":"https:\/\/facebook.com\/phukienflycam","article_modified_time":"2021-01-14T03:36:27+00:00","og_image":[{"width":300,"height":300,"url":"https:\/\/phukienflytech.vn\/wp-content\/uploads\/2020\/05\/300x300_canh-mavic-2-dji_-_Copy.png","type":"image\/png"}],"twitter_card":"summary_large_image","twitter_misc":{"Est. reading time":"3 minutes"},"schema":{"@context":"https:\/\/schema.org","@graph":[{"@type":"WebPage","@id":"https:\/\/phukienflytech.vn\/en\/san-pham\/original-mavic-2-propeller.html","url":"https:\/\/phukienflytech.vn\/en\/san-pham\/original-mavic-2-propeller.html","name":"Original Mavic 2 Propeller - Mavic 2 accessory - Available - Original DJI","isPartOf":{"@id":"https:\/\/phukienflytech.vn\/#website"},"primaryImageOfPage":{"@id":"https:\/\/phukienflytech.vn\/en\/san-pham\/original-mavic-2-propeller.html#primaryimage"},"image":{"@id":"https:\/\/phukienflytech.vn\/en\/san-pham\/original-mavic-2-propeller.html#primaryimage"},"thumbnailUrl":"https:\/\/phukienflytech.vn\/wp-content\/uploads\/2020\/05\/300x300_canh-mavic-2-dji_-_Copy.png","datePublished":"2020-06-28T14:52:38+00:00","dateModified":"2021-01-14T03:36:27+00:00","description":"Original Mavic 2 Propeller is one of the most important accessory. Contact us to buy Original Mavic 2 Propeller for best price","breadcrumb":{"@id":"https:\/\/phukienflytech.vn\/en\/san-pham\/original-mavic-2-propeller.html#breadcrumb"},"inLanguage":"en-US","potentialAction":[{"@type":"ReadAction","target":["https:\/\/phukienflytech.vn\/en\/san-pham\/original-mavic-2-propeller.html"]}]},{"@type":"ImageObject","inLanguage":"en-US","@id":"https:\/\/phukienflytech.vn\/en\/san-pham\/original-mavic-2-propeller.html#primaryimage","url":"https:\/\/phukienflytech.vn\/wp-content\/uploads\/2020\/05\/300x300_canh-mavic-2-dji_-_Copy.png","contentUrl":"https:\/\/phukienflytech.vn\/wp-content\/uploads\/2020\/05\/300x300_canh-mavic-2-dji_-_Copy.png","width":300,"height":300},{"@type":"BreadcrumbList","@id":"https:\/\/phukienflytech.vn\/en\/san-pham\/original-mavic-2-propeller.html#breadcrumb","itemListElement":[{"@type":"ListItem","position":1,"name":"Home","item":"https:\/\/phukienflytech.vn\/en"},{"@type":"ListItem","position":2,"name":"Ph\u1ee5 ki\u1ec7n Mavic Pro","item":"https:\/\/phukienflytech.vn\/en\/phu-kien-mavic-pro.html"},{"@type":"ListItem","position":3,"name":"DJI Osmo &amp; Drone's accessories","item":"https:\/\/phukienflytech.vn\/en\/danh-muc\/dji-osmo-drones-accessories.html"},{"@type":"ListItem","position":4,"name":"Ph\u1ee5 ki\u1ec7n DJI Mavic 2","item":"https:\/\/phukienflytech.vn\/en\/danh-muc\/mavic-2s-accessory.html"},{"@type":"ListItem","position":5,"name":"Original Mavic 2 Propeller &#8211; DJI"}]},{"@type":"WebSite","@id":"https:\/\/phukienflytech.vn\/#website","url":"https:\/\/phukienflytech.vn\/","name":"Shop M\u00e1y \u1ea3nh - Action Camera - Gimbal - Flycam - Ph\u1ee5 ki\u1ec7n","description":"Shop M\u00e1y \u1ea3nh - Action Camera - Gimbal - Flycam - Ph\u1ee5 ki\u1ec7n","publisher":{"@id":"https:\/\/phukienflytech.vn\/#organization"},"potentialAction":[{"@type":"SearchAction","target":{"@type":"EntryPoint","urlTemplate":"https:\/\/phukienflytech.vn\/?s={search_term_string}"},"query-input":{"@type":"PropertyValueSpecification","valueRequired":true,"valueName":"search_term_string"}}],"inLanguage":"en-US"},{"@type":"Organization","@id":"https:\/\/phukienflytech.vn\/#organization","name":"DJI Store - Shop Drone, Action camera, Gimbal DJI |Phukienflytech","alternateName":"DJI Store - Shop Drone, Action camera, Gimbal DJI |Phukienflytech","url":"https:\/\/phukienflytech.vn\/","logo":{"@type":"ImageObject","inLanguage":"en-US","@id":"https:\/\/phukienflytech.vn\/#\/schema\/logo\/image\/","url":"https:\/\/phukienflytech.vn\/wp-content\/uploads\/2020\/05\/hAnh_nan.jpg1_.jpg","contentUrl":"https:\/\/phukienflytech.vn\/wp-content\/uploads\/2020\/05\/hAnh_nan.jpg1_.jpg","width":800,"height":450,"caption":"DJI Store - Shop Drone, Action camera, Gimbal DJI |Phukienflytech"},"image":{"@id":"https:\/\/phukienflytech.vn\/#\/schema\/logo\/image\/"},"sameAs":["https:\/\/facebook.com\/phukienflycam","https:\/\/www.youtube.com\/@phukienflytech","https:\/\/www.tiktok.com\/@flytech.channel?fbclid=IwY2xjawGjg7BleHRuA2FlbQIxMAABHYVGmlXpuSMs0UB2zTpYvyT4GMVfN2qJa4urF4vkSQ6FAVBwXZtDP30qQA_aem_UwMiDcUvlEbd2tXAmsc8Og"]}]}},"_links":{"self":[{"href":"https:\/\/phukienflytech.vn\/en\/wp-json\/wp\/v2\/product\/2067","targetHints":{"allow":["GET"]}}],"collection":[{"href":"https:\/\/phukienflytech.vn\/en\/wp-json\/wp\/v2\/product"}],"about":[{"href":"https:\/\/phukienflytech.vn\/en\/wp-json\/wp\/v2\/types\/product"}],"replies":[{"embeddable":true,"href":"https:\/\/phukienflytech.vn\/en\/wp-json\/wp\/v2\/comments?post=2067"}],"wp:featuredmedia":[{"embeddable":true,"href":"https:\/\/phukienflytech.vn\/en\/wp-json\/wp\/v2\/media\/16462"}],"wp:attachment":[{"href":"https:\/\/phukienflytech.vn\/en\/wp-json\/wp\/v2\/media?parent=2067"}],"wp:term":[{"taxonomy":"product_brand","embeddable":true,"href":"https:\/\/phukienflytech.vn\/en\/wp-json\/wp\/v2\/product_brand?post=2067"},{"taxonomy":"product_cat","embeddable":true,"href":"https:\/\/phukienflytech.vn\/en\/wp-json\/wp\/v2\/product_cat?post=2067"},{"taxonomy":"product_tag","embeddable":true,"href":"https:\/\/phukienflytech.vn\/en\/wp-json\/wp\/v2\/product_tag?post=2067"}],"curies":[{"name":"wp","href":"https:\/\/api.w.org\/{rel}","templated":true}]}}