{"id":2086,"date":"2020-06-17T22:04:29","date_gmt":"2020-06-17T15:04:29","guid":{"rendered":"http:\/\/27430.lamdx.vinawebsite.vn\/san-pham\/san-pham-balo-mavic-2-zoom-pro-balo-cung-chong-soc.html"},"modified":"2020-10-12T10:07:16","modified_gmt":"2020-10-12T03:07:16","slug":"mavic-2-shock-proof-hard-backpack","status":"publish","type":"product","link":"https:\/\/phukienflytech.vn\/en\/san-pham\/mavic-2-shock-proof-hard-backpack.html","title":{"rendered":"Mavic 2 shock proof hard backpack"},"content":{"rendered":"<h2><span style=\"color: #0000ff;\"><em><strong>Mavic 2 shock proof hard backpack<\/strong><\/em><\/span><\/h2>\n<p>&nbsp;<\/p>\n<p><span style=\"font-size: 18px;\">Mavic 2 shock proof hard backpack<\/span><\/p>\n<p><span style=\"font-size: 18px;\">\u0110\u01b0\u1ee3c cho l\u00e0 d\u00f2ng flycam \u0111\u01b0\u1ee3c \u01b0u \u00e1i v\u1ec1 balo t\u00fai x\u00e1ch khi b\u1ea1n mua g\u00f3i combo Mavic, b\u1ea1n \u0111\u01b0\u1ee3c s\u1edf h\u1eefu ngay t\u00fai x\u00e1ch b\u1eb1ng da DJI. V\u1ec1 h\u00ecnh th\u1ee9c th\u00ec chi\u1ebfc t\u00fai da r\u1ea5t \u0111\u1eb9p v\u00e0 sang tr\u1ecdng b\u1edfi ch\u1ea5t li\u1ec7u da th\u1eadt, cao c\u1ea5p. Tuy nhi\u00ean, v\u1ec1 m\u1eb7t \u0111\u1ea3m b\u1ea3o cho kh\u00e2u b\u1ea3o qu\u1ea3n c\u0169ng nh\u01b0 b\u1ea3o v\u1ec7 cho flycam th\u00ec chi\u1ebfc t\u00fai da g\u1ed1c l\u1ea1i \u0111\u00e1p \u1ee9ng ch\u01b0a th\u1ef1c s\u1ef1 t\u1ed1t v\u00e0 \u0111\u1ea3m b\u1ea3o<\/span><\/p>\n<h2><span style=\"font-size: 18px;\"><em><strong><span style=\"color: #0000ff;\"><img loading=\"lazy\" decoding=\"async\" class=\"alignnone size-full wp-image-12360\" src=\"https:\/\/phukienflytech.vn\/wp-content\/uploads\/2020\/05\/balo-mavic-2-zoom-pro-balo-cung-chong-soc-2068-7.jpg\" alt=\"\" width=\"450\" height=\"243\" \/><\/span><\/strong><\/em><\/span><\/h2>\n<p><span style=\"font-size: 18px;\">Do v\u1eady, vi\u1ec7c l\u1ef1a ch\u1ecdn m\u1ed9t chi\u1ebfc\u00a0<em><strong><a href=\"http:\/\/phukienflytech.vn\/san-pham\/vali-cung-mavic-pro.html\" target=\"_blank\" rel=\"noopener noreferrer\">vali c\u1ee9ng<\/a>\u00a0mavic 2 pro zoom\u00a0\u00a0<\/strong><\/em>ho\u1eb7c\u00a0<strong><em><a href=\"http:\/\/phukienflytech.vn\/san-pham\/balo-mavic-boc-da.html\" target=\"_blank\" rel=\"noopener noreferrer\">balo c\u1ee9ng<\/a>\u00a0mavic 2 pro zoom \u00a0\u00a0<\/em><\/strong>hay b\u1ed9 h\u1ed9p \u0111\u1ef1ng combo c\u00f3 ch\u1ea5t li\u1ec7u c\u1ee9ng, c\u00f3 kh\u1ea3 n\u0103ng ch\u1ed1ng s\u1ed1c, ch\u1ed1ng n\u01b0\u1edbc t\u1ed1t h\u01a1n so v\u1edbi t\u00fai da \u0111i k\u00e8m.<\/span><\/p>\n<h2><span style=\"font-size: 18px;\"><em><strong><span style=\"color: #0000ff;\"><img loading=\"lazy\" decoding=\"async\" class=\"alignnone wp-image-12362\" src=\"https:\/\/phukienflytech.vn\/wp-content\/uploads\/2020\/05\/balo-mavic-2-zoom-pro-balo-cung-chong-soc-2068-1-1-300x400.jpg\" alt=\"\" width=\"338\" height=\"451\" srcset=\"https:\/\/phukienflytech.vn\/wp-content\/uploads\/2020\/05\/balo-mavic-2-zoom-pro-balo-cung-chong-soc-2068-1-1-300x400.jpg 300w, https:\/\/phukienflytech.vn\/wp-content\/uploads\/2020\/05\/balo-mavic-2-zoom-pro-balo-cung-chong-soc-2068-1-1.jpg 450w\" sizes=\"auto, (max-width: 338px) 100vw, 338px\" \/><\/span><\/strong><\/em><\/span><\/h2>\n<p><span style=\"font-size: 18px;\">V\u00e0 \u0111\u00e2y l\u00e0 m\u1ed9t trong s\u1ed1 c\u00e1c l\u1ef1a ch\u1ecdn \u0111\u00f3 l\u00e0\u00a0<strong>Balo\u00a0mavic 2 pro zoom ch\u1ed1ng s\u1ed1c m\u1edbi nh\u1ea5t.<\/strong><\/span><\/p>\n<p><span style=\"font-size: 18px;\">L\u00e0 lo\u1ea1i balo ch\u1ed1ng s\u1ed1c, ch\u1ed1ng n\u01b0\u1edbc.. c\u1ef1c k\u1ef3 t\u1ed1t<\/span><\/p>\n<h2><span style=\"font-size: 18px;\"><em><strong>Chi ti\u1ebft v\u1ec1 Balo mavic 2 pro zoom &#8211; new version<\/strong><\/em><\/span><\/h2>\n<p><span style=\"font-size: 18px;\">&#8211; B\u00ean ngo\u00e0i: m\u1eb7t tr\u01b0\u1edbc l\u00e0 v\u1ecf nh\u1ef1a c\u1ee9ng ch\u1ed1ng s\u1ed1c c\u1ef1c t\u1ed1t. v\u00e0 \u0111\u00e2y l\u00e0 phi\u00ean b\u1ea3n v\u1edbi thi\u1ebft k\u1ebf \u0111\u1ea7y g\u00f3c c\u1ea1nh thay v\u00ec bo tr\u00f2n nh\u01b0 m\u1eabu c\u1ee7a n\u0103m 2018.<\/span><\/p>\n<h2><span style=\"font-size: 18px;\"><em><strong><span style=\"color: #0000ff;\"><img loading=\"lazy\" decoding=\"async\" class=\"alignnone wp-image-12364\" src=\"https:\/\/phukienflytech.vn\/wp-content\/uploads\/2020\/05\/balo-mavic-2-zoom-pro-balo-cung-chong-soc-2068-2-1-368x400.jpg\" alt=\"\" width=\"391\" height=\"425\" srcset=\"https:\/\/phukienflytech.vn\/wp-content\/uploads\/2020\/05\/balo-mavic-2-zoom-pro-balo-cung-chong-soc-2068-2-1-368x400.jpg 368w, https:\/\/phukienflytech.vn\/wp-content\/uploads\/2020\/05\/balo-mavic-2-zoom-pro-balo-cung-chong-soc-2068-2-1.jpg 450w\" sizes=\"auto, (max-width: 391px) 100vw, 391px\" \/><\/span><\/strong><\/em><\/span><\/h2>\n<p><span style=\"font-size: 18px;\">G\u1ed3m c\u00f3 2 m\u00e0u kh\u00e1c nhau:<\/span><\/p>\n<p><span style=\"font-size: 18px;\">+ \u0110en\u00a0b\u1ea1c b\u00f3ng v\u1edbi thi\u1ebft k\u1ebf g\u00f3c c\u1ea1nh h\u01a1n r\u1ea5t nhi\u1ec1u.<\/span><\/p>\n<p><span style=\"font-size: 18px;\">Balo c\u1ee9ng b\u00f3ng d\u00e0nh cho mavic 2 pro zoom<\/span><\/p>\n<p><span style=\"font-size: 18px;\">L\u00e0 lo\u1ea1i balo ch\u1ed1ng s\u1ed1c, ch\u1ed1ng n\u01b0\u1edbc..<\/span><\/p>\n<h2 style=\"font-size: 23.04px;\"><span style=\"font-size: 18px;\"><em><strong><span style=\"color: #0000ff;\"><img loading=\"lazy\" decoding=\"async\" class=\"alignnone wp-image-12366 \" src=\"https:\/\/phukienflytech.vn\/wp-content\/uploads\/2020\/05\/balo-mavic-2-zoom-pro-balo-cung-chong-soc-2068-3-1-280x280.jpg\" alt=\"Mavic-2-shock-proof-hard-backpack-1\" width=\"466\" height=\"466\" srcset=\"https:\/\/phukienflytech.vn\/wp-content\/uploads\/2020\/05\/balo-mavic-2-zoom-pro-balo-cung-chong-soc-2068-3-1-280x280.jpg 280w, https:\/\/phukienflytech.vn\/wp-content\/uploads\/2020\/05\/balo-mavic-2-zoom-pro-balo-cung-chong-soc-2068-3-1-300x300.jpg 300w, https:\/\/phukienflytech.vn\/wp-content\/uploads\/2020\/05\/balo-mavic-2-zoom-pro-balo-cung-chong-soc-2068-3-1-100x100.jpg 100w\" sizes=\"auto, (max-width: 466px) 100vw, 466px\" \/><\/span><\/strong><\/em><\/span><\/h2>\n<p><span style=\"font-size: 18px;\">&#8211; B\u00ean ngo\u00e0i: m\u1eb7t tr\u01b0\u1edbc l\u00e0 v\u1ecf nh\u1ef1a c\u1ee9ng<\/span><\/p>\n<p><span style=\"font-size: 18px;\">&#8211; M\u1eb7t ph\u00eda sau l\u00e0 l\u1edbp v\u1ea3i b\u1ecdc \u0111\u1ec7m m\u00fat t\u1ea1o c\u1ea3m gi\u00e1c tho\u1ea3i m\u00e1i, \u00eam \u00e1i khi \u0111eo l\u00ean.<\/span><\/p>\n<p><span style=\"font-size: 18px;\">&#8211; B\u00ean trong: l\u00e0 m\u1ed9t khu\u00f4n x\u1ed1p r\u1ea5t c\u1ee9ng \u0111\u01b0\u1ee3c ti\u1ec7n chi ti\u1ebft r\u1ea5t t\u1ec9 m\u1ec9 v\u00e0 c\u00f3 th\u1ec3 th\u00e1o ra<\/span><\/p>\n<h2><span style=\"font-size: 18px;\"><em><strong><span style=\"color: #0000ff;\"><img loading=\"lazy\" decoding=\"async\" class=\"alignnone wp-image-12368 \" src=\"https:\/\/phukienflytech.vn\/wp-content\/uploads\/2020\/05\/balo-mavic-2-zoom-pro-balo-cung-chong-soc-2068-4-1-300x400.jpg\" alt=\"Mavic-2-shock-proof-hard-backpack-9\" width=\"391\" height=\"521\" srcset=\"https:\/\/phukienflytech.vn\/wp-content\/uploads\/2020\/05\/balo-mavic-2-zoom-pro-balo-cung-chong-soc-2068-4-1-300x400.jpg 300w, https:\/\/phukienflytech.vn\/wp-content\/uploads\/2020\/05\/balo-mavic-2-zoom-pro-balo-cung-chong-soc-2068-4-1.jpg 450w\" sizes=\"auto, (max-width: 391px) 100vw, 391px\" \/><\/span><\/strong><\/em><\/span><\/h2>\n<p><span style=\"font-size: 18px;\">S\u1eed d\u1ee5ng balo l\u00e0 ph\u1ee5 ki\u1ec7n b\u1ea3o v\u1ec7 chi\u1ebfc flycam c\u1ee7a b\u1ea1n kh\u1ecfi c\u00e1c t\u00e1c \u0111\u1ed9ng b\u00ean ngo\u00e0i, \u0111em l\u1ea1i s\u1ef1 thu\u1eadn ti\u1ec7n trong qu\u00e1 tr\u00ecnh di chuy\u1ec3n&#8230;<\/span><\/p>\n<h2><span style=\"font-size: 18px;\"><em><strong><span style=\"color: #0000ff;\"><img loading=\"lazy\" decoding=\"async\" class=\"alignnone wp-image-12370\" src=\"https:\/\/phukienflytech.vn\/wp-content\/uploads\/2020\/05\/balo-mavic-2-zoom-pro-balo-cung-chong-soc-2068-5-1-300x400.jpg\" alt=\"Mavic-2-shock-proof-hard-backpack\" width=\"382\" height=\"509\" srcset=\"https:\/\/phukienflytech.vn\/wp-content\/uploads\/2020\/05\/balo-mavic-2-zoom-pro-balo-cung-chong-soc-2068-5-1-300x400.jpg 300w, https:\/\/phukienflytech.vn\/wp-content\/uploads\/2020\/05\/balo-mavic-2-zoom-pro-balo-cung-chong-soc-2068-5-1.jpg 450w\" sizes=\"auto, (max-width: 382px) 100vw, 382px\" \/><\/span><\/strong><\/em><\/span><\/h2>\n<p>&nbsp;<\/p>\n<h3><span style=\"font-size: 18px;\"><em><strong>Mua ph\u1ee5 ki\u1ec7n flycam DJI phantom,Mavic,Spark \u1edf \u0111\u00e2u?<\/strong><\/em><\/span><\/h3>\n<p><span style=\"font-size: 18px;\"><em><strong><a href=\"https:\/\/facebook.com\/phukienflycam\" target=\"_blank\" rel=\"noopener noreferrer\">Ph\u1ee5 Ki\u1ec7n Flytech Gi\u00e1 T\u1ed1t<\/a><\/strong><\/em>\u00a0h\u00e2n h\u1ea1nh \u0111em l\u1ea1i c\u00e1c m\u1eabu s\u1ea3n ph\u1ea9m Balo phatom ch\u00ednh h\u00e3ng t\u1ed1t nh\u1ea5t ph\u1ee5c v\u1ee5 \u0111am m\u00ea, v\u00e0 c\u00f4ng vi\u1ec7c c\u1ee7a c\u00e1c b\u1ea1n, h\u00e3y \u0111\u1ec3 ch\u00fang t\u00f4i ti\u1ebfp s\u1ee9c \u0111am m\u00ea, c\u00f4ng vi\u1ec7c c\u1ee7a b\u1ea1n, gi\u00fap b\u1ea1n th\u00eam ni\u1ec1m h\u1ee9ng kh\u1edfi trong \u0111am m\u00ea c\u0169ng nh\u01b0 c\u00f4ng vi\u1ec7c c\u1ee7a m\u00ecnh th\u00eam su\u00f4n s\u1ebb<\/span><\/p>\n<h2><span style=\"font-size: 18px;\"><em><strong><span style=\"color: #0000ff;\"><img loading=\"lazy\" decoding=\"async\" class=\"alignnone wp-image-12372\" src=\"https:\/\/phukienflytech.vn\/wp-content\/uploads\/2020\/05\/balo-mavic-2-zoom-pro-balo-cung-chong-soc-2068-6-800x251.png\" alt=\"\" width=\"532\" height=\"167\" srcset=\"https:\/\/phukienflytech.vn\/wp-content\/uploads\/2020\/05\/balo-mavic-2-zoom-pro-balo-cung-chong-soc-2068-6-800x251.png 800w, https:\/\/phukienflytech.vn\/wp-content\/uploads\/2020\/05\/balo-mavic-2-zoom-pro-balo-cung-chong-soc-2068-6-768x241.png 768w, https:\/\/phukienflytech.vn\/wp-content\/uploads\/2020\/05\/balo-mavic-2-zoom-pro-balo-cung-chong-soc-2068-6-600x188.png 600w, https:\/\/phukienflytech.vn\/wp-content\/uploads\/2020\/05\/balo-mavic-2-zoom-pro-balo-cung-chong-soc-2068-6.png 1013w\" sizes=\"auto, (max-width: 532px) 100vw, 532px\" \/><\/span><\/strong><\/em><\/span><\/h2>\n<p><span style=\"font-size: 18px;\">Ch\u00fang t\u00f4i chuy\u00ean cung c\u1ea5p h\u1ea7u h\u1ebft t\u1ea5t c\u00e1c c\u00e1c ph\u1ee5 ki\u1ec7n flycam DJI c\u1ee7a Phantom 3,4 series, Mavic series, DJI Spark v\u00e0 inspire 1<\/span><\/p>\n<p><span style=\"font-size: 18px;\">H\u00e3y xem th\u00eam c\u00e1c\u00a0<em>ph\u1ee5 ki\u1ec7n flycam dji Phantom 3 4<\/em>\u00a0b\u1eb1ng c\u00e1ch\u00a0<strong><a href=\"https:\/\/phukienflytech.vn\/en\/danh-muc\/phantom-4-accessory.html\" target=\"_blank\" rel=\"noopener noreferrer\">click t\u1ea1i \u0111\u00e2y<\/a><\/strong>\u00a0!<\/span><\/p>\n<p><span style=\"font-size: 18px;\">Nh\u00e0 s\u1ea3n xu\u1ea5t : Sunnylife \u2013 l\u00e0 m\u1ed9t trong nh\u1eefng Vendor cung c\u1ea5p c\u00e1c ph\u1ee5 ki\u1ec7n, linh ki\u1ec7n thay th\u1ebf cho DJI Flycam.<\/span><\/p>\n","protected":false},"excerpt":{"rendered":"<p>Mavic 2 shock proof hard backpack &nbsp; Mavic 2 shock proof hard backpack \u0110\u01b0\u1ee3c cho l\u00e0 d\u00f2ng flycam \u0111\u01b0\u1ee3c \u01b0u \u00e1i v\u1ec1 balo t\u00fai x\u00e1ch khi b\u1ea1n mua g\u00f3i combo Mavic, b\u1ea1n \u0111\u01b0\u1ee3c s\u1edf h\u1eefu ngay t\u00fai x\u00e1ch b\u1eb1ng da DJI. V\u1ec1 h\u00ecnh th\u1ee9c th\u00ec chi\u1ebfc t\u00fai da r\u1ea5t \u0111\u1eb9p v\u00e0 sang tr\u1ecdng b\u1edfi ch\u1ea5t &#8230;<\/p>\n","protected":false},"featured_media":2070,"comment_status":"open","ping_status":"closed","template":"","meta":{"_acf_changed":false},"product_brand":[],"product_cat":[177],"product_tag":[234,206,209],"class_list":{"0":"post-2086","1":"product","2":"type-product","3":"status-publish","4":"has-post-thumbnail","6":"product_cat-mavic-2s-accessory","7":"product_tag-balo-mavic-2-en","8":"product_tag-phu-kien-dji-en","9":"product_tag-phu-kien-mavic-2-en","11":"first","12":"instock","13":"shipping-taxable","14":"purchasable","15":"product-type-simple"},"acf":[],"yoast_head":"<!-- This site is optimized with the Yoast SEO plugin v25.7 - https:\/\/yoast.com\/wordpress\/plugins\/seo\/ -->\n<title>Mavic 2 shock proof hard backpack - Mavic 2 accessory - Available<\/title>\n<meta name=\"description\" content=\"Mavic 2 shock proof hard backpack is one of the most important accessory. Contact us to buy Mavic 2 shock proof hard backpack for best price\" \/>\n<meta name=\"robots\" content=\"index, follow, max-snippet:-1, max-image-preview:large, max-video-preview:-1\" \/>\n<link rel=\"canonical\" href=\"https:\/\/phukienflytech.vn\/en\/san-pham\/mavic-2-shock-proof-hard-backpack.html\" \/>\n<meta property=\"og:locale\" content=\"en_US\" \/>\n<meta property=\"og:type\" content=\"article\" \/>\n<meta property=\"og:title\" content=\"Mavic 2 shock proof hard backpack - Mavic 2 accessory - Available\" \/>\n<meta property=\"og:description\" content=\"Mavic 2 shock proof hard backpack is one of the most important accessory. Contact us to buy Mavic 2 shock proof hard backpack for best price\" \/>\n<meta property=\"og:url\" content=\"https:\/\/phukienflytech.vn\/en\/san-pham\/mavic-2-shock-proof-hard-backpack.html\" \/>\n<meta property=\"og:site_name\" content=\"Shop M\u00e1y \u1ea3nh - Action Camera - Gimbal - Flycam - Ph\u1ee5 ki\u1ec7n\" \/>\n<meta property=\"article:publisher\" content=\"https:\/\/facebook.com\/phukienflycam\" \/>\n<meta property=\"article:modified_time\" content=\"2020-10-12T03:07:16+00:00\" \/>\n<meta property=\"og:image\" content=\"https:\/\/phukienflytech.vn\/wp-content\/uploads\/2020\/05\/balo-mavic-2-chong-soc-chong-nuoc-phu-kien-Copy.png\" \/>\n\t<meta property=\"og:image:width\" content=\"300\" \/>\n\t<meta property=\"og:image:height\" content=\"300\" \/>\n\t<meta property=\"og:image:type\" content=\"image\/png\" \/>\n<meta name=\"twitter:card\" content=\"summary_large_image\" \/>\n<meta name=\"twitter:label1\" content=\"Est. reading time\" \/>\n\t<meta name=\"twitter:data1\" content=\"3 minutes\" \/>\n<script type=\"application\/ld+json\" class=\"yoast-schema-graph\">{\"@context\":\"https:\/\/schema.org\",\"@graph\":[{\"@type\":\"WebPage\",\"@id\":\"https:\/\/phukienflytech.vn\/en\/san-pham\/mavic-2-shock-proof-hard-backpack.html\",\"url\":\"https:\/\/phukienflytech.vn\/en\/san-pham\/mavic-2-shock-proof-hard-backpack.html\",\"name\":\"Mavic 2 shock proof hard backpack - Mavic 2 accessory - Available\",\"isPartOf\":{\"@id\":\"https:\/\/phukienflytech.vn\/#website\"},\"primaryImageOfPage\":{\"@id\":\"https:\/\/phukienflytech.vn\/en\/san-pham\/mavic-2-shock-proof-hard-backpack.html#primaryimage\"},\"image\":{\"@id\":\"https:\/\/phukienflytech.vn\/en\/san-pham\/mavic-2-shock-proof-hard-backpack.html#primaryimage\"},\"thumbnailUrl\":\"https:\/\/phukienflytech.vn\/wp-content\/uploads\/2020\/05\/balo-mavic-2-chong-soc-chong-nuoc-phu-kien-Copy.png\",\"datePublished\":\"2020-06-17T15:04:29+00:00\",\"dateModified\":\"2020-10-12T03:07:16+00:00\",\"description\":\"Mavic 2 shock proof hard backpack is one of the most important accessory. Contact us to buy Mavic 2 shock proof hard backpack for best price\",\"breadcrumb\":{\"@id\":\"https:\/\/phukienflytech.vn\/en\/san-pham\/mavic-2-shock-proof-hard-backpack.html#breadcrumb\"},\"inLanguage\":\"en-US\",\"potentialAction\":[{\"@type\":\"ReadAction\",\"target\":[\"https:\/\/phukienflytech.vn\/en\/san-pham\/mavic-2-shock-proof-hard-backpack.html\"]}]},{\"@type\":\"ImageObject\",\"inLanguage\":\"en-US\",\"@id\":\"https:\/\/phukienflytech.vn\/en\/san-pham\/mavic-2-shock-proof-hard-backpack.html#primaryimage\",\"url\":\"https:\/\/phukienflytech.vn\/wp-content\/uploads\/2020\/05\/balo-mavic-2-chong-soc-chong-nuoc-phu-kien-Copy.png\",\"contentUrl\":\"https:\/\/phukienflytech.vn\/wp-content\/uploads\/2020\/05\/balo-mavic-2-chong-soc-chong-nuoc-phu-kien-Copy.png\",\"width\":300,\"height\":300},{\"@type\":\"BreadcrumbList\",\"@id\":\"https:\/\/phukienflytech.vn\/en\/san-pham\/mavic-2-shock-proof-hard-backpack.html#breadcrumb\",\"itemListElement\":[{\"@type\":\"ListItem\",\"position\":1,\"name\":\"Home\",\"item\":\"https:\/\/phukienflytech.vn\/en\"},{\"@type\":\"ListItem\",\"position\":2,\"name\":\"Ph\u1ee5 ki\u1ec7n Mavic Pro\",\"item\":\"https:\/\/phukienflytech.vn\/en\/phu-kien-mavic-pro.html\"},{\"@type\":\"ListItem\",\"position\":3,\"name\":\"DJI Osmo &amp; Drone's accessories\",\"item\":\"https:\/\/phukienflytech.vn\/en\/danh-muc\/dji-osmo-drones-accessories.html\"},{\"@type\":\"ListItem\",\"position\":4,\"name\":\"Ph\u1ee5 ki\u1ec7n DJI Mavic 2\",\"item\":\"https:\/\/phukienflytech.vn\/en\/danh-muc\/mavic-2s-accessory.html\"},{\"@type\":\"ListItem\",\"position\":5,\"name\":\"Mavic 2 shock proof hard backpack\"}]},{\"@type\":\"WebSite\",\"@id\":\"https:\/\/phukienflytech.vn\/#website\",\"url\":\"https:\/\/phukienflytech.vn\/\",\"name\":\"Shop M\u00e1y \u1ea3nh - Action Camera - Gimbal - Flycam - Ph\u1ee5 ki\u1ec7n\",\"description\":\"Shop M\u00e1y \u1ea3nh - Action Camera - Gimbal - Flycam - Ph\u1ee5 ki\u1ec7n\",\"publisher\":{\"@id\":\"https:\/\/phukienflytech.vn\/#organization\"},\"potentialAction\":[{\"@type\":\"SearchAction\",\"target\":{\"@type\":\"EntryPoint\",\"urlTemplate\":\"https:\/\/phukienflytech.vn\/?s={search_term_string}\"},\"query-input\":{\"@type\":\"PropertyValueSpecification\",\"valueRequired\":true,\"valueName\":\"search_term_string\"}}],\"inLanguage\":\"en-US\"},{\"@type\":\"Organization\",\"@id\":\"https:\/\/phukienflytech.vn\/#organization\",\"name\":\"DJI Store - Shop Drone, Action camera, Gimbal DJI |Phukienflytech\",\"alternateName\":\"DJI Store - Shop Drone, Action camera, Gimbal DJI |Phukienflytech\",\"url\":\"https:\/\/phukienflytech.vn\/\",\"logo\":{\"@type\":\"ImageObject\",\"inLanguage\":\"en-US\",\"@id\":\"https:\/\/phukienflytech.vn\/#\/schema\/logo\/image\/\",\"url\":\"https:\/\/phukienflytech.vn\/wp-content\/uploads\/2020\/05\/hAnh_nan.jpg1_.jpg\",\"contentUrl\":\"https:\/\/phukienflytech.vn\/wp-content\/uploads\/2020\/05\/hAnh_nan.jpg1_.jpg\",\"width\":800,\"height\":450,\"caption\":\"DJI Store - Shop Drone, Action camera, Gimbal DJI |Phukienflytech\"},\"image\":{\"@id\":\"https:\/\/phukienflytech.vn\/#\/schema\/logo\/image\/\"},\"sameAs\":[\"https:\/\/facebook.com\/phukienflycam\",\"https:\/\/www.youtube.com\/@phukienflytech\",\"https:\/\/www.tiktok.com\/@flytech.channel?fbclid=IwY2xjawGjg7BleHRuA2FlbQIxMAABHYVGmlXpuSMs0UB2zTpYvyT4GMVfN2qJa4urF4vkSQ6FAVBwXZtDP30qQA_aem_UwMiDcUvlEbd2tXAmsc8Og\"]}]}<\/script>\n<!-- \/ Yoast SEO plugin. -->","yoast_head_json":{"title":"Mavic 2 shock proof hard backpack - Mavic 2 accessory - Available","description":"Mavic 2 shock proof hard backpack is one of the most important accessory. Contact us to buy Mavic 2 shock proof hard backpack for best price","robots":{"index":"index","follow":"follow","max-snippet":"max-snippet:-1","max-image-preview":"max-image-preview:large","max-video-preview":"max-video-preview:-1"},"canonical":"https:\/\/phukienflytech.vn\/en\/san-pham\/mavic-2-shock-proof-hard-backpack.html","og_locale":"en_US","og_type":"article","og_title":"Mavic 2 shock proof hard backpack - Mavic 2 accessory - Available","og_description":"Mavic 2 shock proof hard backpack is one of the most important accessory. Contact us to buy Mavic 2 shock proof hard backpack for best price","og_url":"https:\/\/phukienflytech.vn\/en\/san-pham\/mavic-2-shock-proof-hard-backpack.html","og_site_name":"Shop M\u00e1y \u1ea3nh - Action Camera - Gimbal - Flycam - Ph\u1ee5 ki\u1ec7n","article_publisher":"https:\/\/facebook.com\/phukienflycam","article_modified_time":"2020-10-12T03:07:16+00:00","og_image":[{"width":300,"height":300,"url":"https:\/\/phukienflytech.vn\/wp-content\/uploads\/2020\/05\/balo-mavic-2-chong-soc-chong-nuoc-phu-kien-Copy.png","type":"image\/png"}],"twitter_card":"summary_large_image","twitter_misc":{"Est. reading time":"3 minutes"},"schema":{"@context":"https:\/\/schema.org","@graph":[{"@type":"WebPage","@id":"https:\/\/phukienflytech.vn\/en\/san-pham\/mavic-2-shock-proof-hard-backpack.html","url":"https:\/\/phukienflytech.vn\/en\/san-pham\/mavic-2-shock-proof-hard-backpack.html","name":"Mavic 2 shock proof hard backpack - Mavic 2 accessory - Available","isPartOf":{"@id":"https:\/\/phukienflytech.vn\/#website"},"primaryImageOfPage":{"@id":"https:\/\/phukienflytech.vn\/en\/san-pham\/mavic-2-shock-proof-hard-backpack.html#primaryimage"},"image":{"@id":"https:\/\/phukienflytech.vn\/en\/san-pham\/mavic-2-shock-proof-hard-backpack.html#primaryimage"},"thumbnailUrl":"https:\/\/phukienflytech.vn\/wp-content\/uploads\/2020\/05\/balo-mavic-2-chong-soc-chong-nuoc-phu-kien-Copy.png","datePublished":"2020-06-17T15:04:29+00:00","dateModified":"2020-10-12T03:07:16+00:00","description":"Mavic 2 shock proof hard backpack is one of the most important accessory. Contact us to buy Mavic 2 shock proof hard backpack for best price","breadcrumb":{"@id":"https:\/\/phukienflytech.vn\/en\/san-pham\/mavic-2-shock-proof-hard-backpack.html#breadcrumb"},"inLanguage":"en-US","potentialAction":[{"@type":"ReadAction","target":["https:\/\/phukienflytech.vn\/en\/san-pham\/mavic-2-shock-proof-hard-backpack.html"]}]},{"@type":"ImageObject","inLanguage":"en-US","@id":"https:\/\/phukienflytech.vn\/en\/san-pham\/mavic-2-shock-proof-hard-backpack.html#primaryimage","url":"https:\/\/phukienflytech.vn\/wp-content\/uploads\/2020\/05\/balo-mavic-2-chong-soc-chong-nuoc-phu-kien-Copy.png","contentUrl":"https:\/\/phukienflytech.vn\/wp-content\/uploads\/2020\/05\/balo-mavic-2-chong-soc-chong-nuoc-phu-kien-Copy.png","width":300,"height":300},{"@type":"BreadcrumbList","@id":"https:\/\/phukienflytech.vn\/en\/san-pham\/mavic-2-shock-proof-hard-backpack.html#breadcrumb","itemListElement":[{"@type":"ListItem","position":1,"name":"Home","item":"https:\/\/phukienflytech.vn\/en"},{"@type":"ListItem","position":2,"name":"Ph\u1ee5 ki\u1ec7n Mavic Pro","item":"https:\/\/phukienflytech.vn\/en\/phu-kien-mavic-pro.html"},{"@type":"ListItem","position":3,"name":"DJI Osmo &amp; Drone's accessories","item":"https:\/\/phukienflytech.vn\/en\/danh-muc\/dji-osmo-drones-accessories.html"},{"@type":"ListItem","position":4,"name":"Ph\u1ee5 ki\u1ec7n DJI Mavic 2","item":"https:\/\/phukienflytech.vn\/en\/danh-muc\/mavic-2s-accessory.html"},{"@type":"ListItem","position":5,"name":"Mavic 2 shock proof hard backpack"}]},{"@type":"WebSite","@id":"https:\/\/phukienflytech.vn\/#website","url":"https:\/\/phukienflytech.vn\/","name":"Shop M\u00e1y \u1ea3nh - Action Camera - Gimbal - Flycam - Ph\u1ee5 ki\u1ec7n","description":"Shop M\u00e1y \u1ea3nh - Action Camera - Gimbal - Flycam - Ph\u1ee5 ki\u1ec7n","publisher":{"@id":"https:\/\/phukienflytech.vn\/#organization"},"potentialAction":[{"@type":"SearchAction","target":{"@type":"EntryPoint","urlTemplate":"https:\/\/phukienflytech.vn\/?s={search_term_string}"},"query-input":{"@type":"PropertyValueSpecification","valueRequired":true,"valueName":"search_term_string"}}],"inLanguage":"en-US"},{"@type":"Organization","@id":"https:\/\/phukienflytech.vn\/#organization","name":"DJI Store - Shop Drone, Action camera, Gimbal DJI |Phukienflytech","alternateName":"DJI Store - Shop Drone, Action camera, Gimbal DJI |Phukienflytech","url":"https:\/\/phukienflytech.vn\/","logo":{"@type":"ImageObject","inLanguage":"en-US","@id":"https:\/\/phukienflytech.vn\/#\/schema\/logo\/image\/","url":"https:\/\/phukienflytech.vn\/wp-content\/uploads\/2020\/05\/hAnh_nan.jpg1_.jpg","contentUrl":"https:\/\/phukienflytech.vn\/wp-content\/uploads\/2020\/05\/hAnh_nan.jpg1_.jpg","width":800,"height":450,"caption":"DJI Store - Shop Drone, Action camera, Gimbal DJI |Phukienflytech"},"image":{"@id":"https:\/\/phukienflytech.vn\/#\/schema\/logo\/image\/"},"sameAs":["https:\/\/facebook.com\/phukienflycam","https:\/\/www.youtube.com\/@phukienflytech","https:\/\/www.tiktok.com\/@flytech.channel?fbclid=IwY2xjawGjg7BleHRuA2FlbQIxMAABHYVGmlXpuSMs0UB2zTpYvyT4GMVfN2qJa4urF4vkSQ6FAVBwXZtDP30qQA_aem_UwMiDcUvlEbd2tXAmsc8Og"]}]}},"_links":{"self":[{"href":"https:\/\/phukienflytech.vn\/en\/wp-json\/wp\/v2\/product\/2086","targetHints":{"allow":["GET"]}}],"collection":[{"href":"https:\/\/phukienflytech.vn\/en\/wp-json\/wp\/v2\/product"}],"about":[{"href":"https:\/\/phukienflytech.vn\/en\/wp-json\/wp\/v2\/types\/product"}],"replies":[{"embeddable":true,"href":"https:\/\/phukienflytech.vn\/en\/wp-json\/wp\/v2\/comments?post=2086"}],"wp:featuredmedia":[{"embeddable":true,"href":"https:\/\/phukienflytech.vn\/en\/wp-json\/wp\/v2\/media\/2070"}],"wp:attachment":[{"href":"https:\/\/phukienflytech.vn\/en\/wp-json\/wp\/v2\/media?parent=2086"}],"wp:term":[{"taxonomy":"product_brand","embeddable":true,"href":"https:\/\/phukienflytech.vn\/en\/wp-json\/wp\/v2\/product_brand?post=2086"},{"taxonomy":"product_cat","embeddable":true,"href":"https:\/\/phukienflytech.vn\/en\/wp-json\/wp\/v2\/product_cat?post=2086"},{"taxonomy":"product_tag","embeddable":true,"href":"https:\/\/phukienflytech.vn\/en\/wp-json\/wp\/v2\/product_tag?post=2086"}],"curies":[{"name":"wp","href":"https:\/\/api.w.org\/{rel}","templated":true}]}}