{"id":2100,"date":"2020-06-23T22:11:27","date_gmt":"2020-06-23T15:11:27","guid":{"rendered":"http:\/\/27430.lamdx.vinawebsite.vn\/san-pham\/canh-carbon-mavic-2-pro-zoom-4-canh.html"},"modified":"2022-08-18T13:57:22","modified_gmt":"2022-08-18T06:57:22","slug":"original-mavic-2-propellers","status":"publish","type":"product","link":"https:\/\/phukienflytech.vn\/en\/san-pham\/original-mavic-2-propellers.html","title":{"rendered":"Original Mavic 2 low noise propellers &#8211; 4 propellers"},"content":{"rendered":"<h2><strong><span style=\"color: #0000ff;\"><em>Original Mavic 2 propellers &#8211; 4 propellers<\/em><\/span><\/strong><\/h2>\n<p>&nbsp;<\/p>\n<p><span style=\"font-size: 18px;\">Original Mavic 2 propellers<\/span><\/p>\n<p><span style=\"font-size: 18px;\">C\u00e1nh carbon mavic 2 pro zoom l\u00e0 ph\u1ee5 ki\u1ec7n mavic 2 pro zoom\u00a0 \u0111\u01b0\u1ee3c m\u1ec7nh danh l\u00e0 k\u1ebb ch\u1ed1ng l\u1ea1i th\u1ea7n gi\u00f3, \u0111\u01a1n gi\u1ea3n v\u00ec s\u1ee9c c\u1ea3n l\u01b0\u1edbt v\u00e0 ch\u1ecbu \u0111\u1ef1ng \u0111\u01b0\u1ee3c l\u1ef1c quay motor kh\u1ee7ng khi\u1ebfp c\u1ee7a mavic 2 pro zoom m\u00e0 c\u00e1nh carbon mavic 2 pro zoom kh\u00f4ng c\u00f3 b\u1ea5t k\u1ef3 m\u1ed9t s\u1ef1 bi\u1ebfn d\u1ea1ng n\u00e0o nh\u01b0 c\u00e1nh nh\u1ef1a tr\u01b0\u1edbc m\u1ed9t l\u1ef1c quay kh\u00f4ng g\u00ec c\u1ea3n n\u1ed5i nh\u01b0 v\u1eady s\u1ebd gi\u00fap cho vi\u1ec7c bay tr\u1edf l\u00ean \u1ed5n \u0111\u1ecbnh v\u00e0 ch\u1eafc ch\u1eafn h\u01a1n r\u1ea5t nhi\u1ec1u. C\u00e1ch\u00a0 mavic 2 pro zoom &#8211; C\u00e1nh carbon gi\u1ea3m \u1ed3n si\u00eau c\u1ee9ng (4 c\u00e1nh)<\/span><\/p>\n<h2><span style=\"font-size: 18px; color: #3366ff;\"><em><strong><img loading=\"lazy\" decoding=\"async\" class=\"alignnone wp-image-12351 \" src=\"https:\/\/phukienflytech.vn\/wp-content\/uploads\/2020\/05\/canh-carbon-mavic-2-pro-zoom-4-canh-2075-5-400x400.jpg\" alt=\"Original-Mavic 2-propellers-3\" width=\"451\" height=\"451\" srcset=\"https:\/\/phukienflytech.vn\/wp-content\/uploads\/2020\/05\/canh-carbon-mavic-2-pro-zoom-4-canh-2075-5-400x400.jpg 400w, https:\/\/phukienflytech.vn\/wp-content\/uploads\/2020\/05\/canh-carbon-mavic-2-pro-zoom-4-canh-2075-5-280x280.jpg 280w, https:\/\/phukienflytech.vn\/wp-content\/uploads\/2020\/05\/canh-carbon-mavic-2-pro-zoom-4-canh-2075-5-768x768.jpg 768w, https:\/\/phukienflytech.vn\/wp-content\/uploads\/2020\/05\/canh-carbon-mavic-2-pro-zoom-4-canh-2075-5-800x800.jpg 800w, https:\/\/phukienflytech.vn\/wp-content\/uploads\/2020\/05\/canh-carbon-mavic-2-pro-zoom-4-canh-2075-5-300x300.jpg 300w, https:\/\/phukienflytech.vn\/wp-content\/uploads\/2020\/05\/canh-carbon-mavic-2-pro-zoom-4-canh-2075-5-600x600.jpg 600w, https:\/\/phukienflytech.vn\/wp-content\/uploads\/2020\/05\/canh-carbon-mavic-2-pro-zoom-4-canh-2075-5-100x100.jpg 100w, https:\/\/phukienflytech.vn\/wp-content\/uploads\/2020\/05\/canh-carbon-mavic-2-pro-zoom-4-canh-2075-5.jpg 1000w\" sizes=\"auto, (max-width: 451px) 100vw, 451px\" \/><\/strong><\/em><\/span><\/h2>\n<p><span style=\"font-size: 18px;\">C\u00e1nh mavic 2 pro zoom carbon \u0111ang l\u00e0 l\u1ef1a ch\u1ecdn c\u1ee7a r\u1ea5t r\u1ea5t nhi\u1ec1u Pilot mavic, m\u1ed9t lo\u1ea1i ph\u1ee5 ki\u1ec7n d\u00e0nh cho mavic 2 pro zoom \u0111\u00e3 \u0111\u01b0\u1ee3c xem l\u00e0 c\u1ea7n thi\u1ebft<\/span><\/p>\n<h2><span style=\"font-size: 18px; color: #3366ff;\"><em><strong><img loading=\"lazy\" decoding=\"async\" class=\"alignnone size-medium wp-image-12353\" src=\"https:\/\/phukienflytech.vn\/wp-content\/uploads\/2020\/05\/canh-carbon-mavic-2-pro-zoom-4-canh-2075-1-1-400x400.jpg\" alt=\"\" width=\"400\" height=\"400\" srcset=\"https:\/\/phukienflytech.vn\/wp-content\/uploads\/2020\/05\/canh-carbon-mavic-2-pro-zoom-4-canh-2075-1-1-400x400.jpg 400w, https:\/\/phukienflytech.vn\/wp-content\/uploads\/2020\/05\/canh-carbon-mavic-2-pro-zoom-4-canh-2075-1-1-280x280.jpg 280w, https:\/\/phukienflytech.vn\/wp-content\/uploads\/2020\/05\/canh-carbon-mavic-2-pro-zoom-4-canh-2075-1-1-768x768.jpg 768w, https:\/\/phukienflytech.vn\/wp-content\/uploads\/2020\/05\/canh-carbon-mavic-2-pro-zoom-4-canh-2075-1-1-800x800.jpg 800w, https:\/\/phukienflytech.vn\/wp-content\/uploads\/2020\/05\/canh-carbon-mavic-2-pro-zoom-4-canh-2075-1-1-300x300.jpg 300w, https:\/\/phukienflytech.vn\/wp-content\/uploads\/2020\/05\/canh-carbon-mavic-2-pro-zoom-4-canh-2075-1-1-600x600.jpg 600w, https:\/\/phukienflytech.vn\/wp-content\/uploads\/2020\/05\/canh-carbon-mavic-2-pro-zoom-4-canh-2075-1-1-100x100.jpg 100w, https:\/\/phukienflytech.vn\/wp-content\/uploads\/2020\/05\/canh-carbon-mavic-2-pro-zoom-4-canh-2075-1-1.jpg 1000w\" sizes=\"auto, (max-width: 400px) 100vw, 400px\" \/><\/strong><\/em><\/span><\/h2>\n<h2><span style=\"font-size: 21px; color: #3366ff;\"><em><strong>T\u1ea1i sao b\u1ea1n n\u00ean s\u1eed d\u1ee5ng Original Mavic 2 propellers<\/strong><\/em><\/span><\/h2>\n<p><span style=\"font-size: 18px;\">B\u1ea1n c\u0169ng \u0111\u00e3 th\u1ea5y, c\u00e1nh carbon mavic 2 pro zoom c\u00f3 \u0111\u1ed9 c\u1ee9ng th\u1eadt l\u00e0 cao, n\u1ebfu dung s\u1ee9c c\u1ee7a tay th\u00ec th\u1eadt kh\u00f3 \u0111\u1ec3 b\u1ebb cong v\u00e0 g\u00e3y c\u00e1nh hay th\u00e2m ch\u00ed l\u00e0 m\u1ed9t ch\u00fat bi\u1ebfn d\u1ea1ng. \u0110\u00f3 ch\u00ednh l\u00e0 \u0111\u1eb7c \u0111i\u1ec3m quan tr\u1ecdng khi\u1ebfn c\u00e1nh carbon mavic 2 pro zoom c\u00f3 kh\u1ea3 n\u0103ng kh\u00e1ng gi\u00f3 kh\u1ee7ng khi\u1ebfp nh\u1ea5t.<\/span><\/p>\n<h2><span style=\"font-size: 18px; color: #3366ff;\"><em><strong><img loading=\"lazy\" decoding=\"async\" class=\"alignnone wp-image-12355 \" src=\"https:\/\/phukienflytech.vn\/wp-content\/uploads\/2020\/05\/canh-carbon-mavic-2-pro-zoom-4-canh-2075-2-1-400x400.jpg\" alt=\"Original-Mavic 2-propellers\" width=\"455\" height=\"455\" srcset=\"https:\/\/phukienflytech.vn\/wp-content\/uploads\/2020\/05\/canh-carbon-mavic-2-pro-zoom-4-canh-2075-2-1-400x400.jpg 400w, https:\/\/phukienflytech.vn\/wp-content\/uploads\/2020\/05\/canh-carbon-mavic-2-pro-zoom-4-canh-2075-2-1-280x280.jpg 280w, https:\/\/phukienflytech.vn\/wp-content\/uploads\/2020\/05\/canh-carbon-mavic-2-pro-zoom-4-canh-2075-2-1-768x768.jpg 768w, https:\/\/phukienflytech.vn\/wp-content\/uploads\/2020\/05\/canh-carbon-mavic-2-pro-zoom-4-canh-2075-2-1.jpg 800w, https:\/\/phukienflytech.vn\/wp-content\/uploads\/2020\/05\/canh-carbon-mavic-2-pro-zoom-4-canh-2075-2-1-300x300.jpg 300w, https:\/\/phukienflytech.vn\/wp-content\/uploads\/2020\/05\/canh-carbon-mavic-2-pro-zoom-4-canh-2075-2-1-600x600.jpg 600w, https:\/\/phukienflytech.vn\/wp-content\/uploads\/2020\/05\/canh-carbon-mavic-2-pro-zoom-4-canh-2075-2-1-100x100.jpg 100w\" sizes=\"auto, (max-width: 455px) 100vw, 455px\" \/><\/strong><\/em><\/span><\/h2>\n<p><span style=\"font-size: 18px;\">C\u00e1nh carbon dji mavic 2 pro zoom \u0111\u01b0\u1ee3c l\u00e0m t\u1eeb khu\u00f4n th\u00e9p \u0111\u00fac c\u00f9ng v\u1edbi s\u1ee3i carbon d\u1ebbo dai v\u00e0 c\u1ee9ng c\u00e1p. S\u1ea3n ph\u1ea9m c\u00f3 m\u00e0u \u0111en tuy\u1ec1n b\u00f3ng v\u00e0 \u0111\u01b0\u1ee3c h\u00e3ng th\u1ee9 3 Sunnylife s\u1ea3n xu\u1ea5t<\/span><\/p>\n<p><span style=\"font-size: 18px;\"><img loading=\"lazy\" decoding=\"async\" src=\"https:\/\/phukienflytech.vn\/wp-content\/uploads\/2020\/05\/canh-carbon-mavic-2-pro-zoom-4-canh-2075-3.jpg\" alt=\"\" width=\"400\" height=\"400\" \/><em><strong>\u00a0<\/strong><\/em><\/span><\/p>\n<p><span style=\"font-size: 18px;\">Xem c\u00e1nh mavic 2 ch\u00ednh h\u00e3ng<strong><a href=\"https:\/\/phukienflytech.vn\/en\/san-pham\/canh-mavic-2-pro-zoom-chinh-hang-dji.html\"> t\u1ea1i \u0111\u00e2y<\/a>:<\/strong><\/span><\/p>\n<h3><span style=\"font-size: 18px;\"><em><strong>Mua ph\u1ee5 ki\u1ec7n flycam DJI phantom,Mavic,Spark \u1edf \u0111\u00e2u?<\/strong><\/em><\/span><\/h3>\n<p><span style=\"font-size: 18px;\"><em><strong><a href=\"https:\/\/facebook.com\/phukienflycam\">Ph\u1ee5 Ki\u1ec7n Flytech Gi\u00e1 T\u1ed1t<\/a><\/strong><\/em>\u00a0h\u00e2n h\u1ea1nh \u0111em l\u1ea1i c\u00e1c m\u1eabu s\u1ea3n ph\u1ea9m Balo phatom ch\u00ednh h\u00e3ng t\u1ed1t nh\u1ea5t ph\u1ee5c v\u1ee5 \u0111am m\u00ea, v\u00e0 c\u00f4ng vi\u1ec7c c\u1ee7a c\u00e1c b\u1ea1n, h\u00e3y \u0111\u1ec3 ch\u00fang t\u00f4i ti\u1ebfp s\u1ee9c \u0111am m\u00ea, c\u00f4ng vi\u1ec7c c\u1ee7a b\u1ea1n, gi\u00fap b\u1ea1n th\u00eam ni\u1ec1m h\u1ee9ng kh\u1edfi trong \u0111am m\u00ea c\u0169ng nh\u01b0 c\u00f4ng vi\u1ec7c c\u1ee7a m\u00ecnh th\u00eam su\u00f4n s\u1ebb<\/span><\/p>\n<h2><span style=\"font-size: 18px; color: #3366ff;\"><em><strong><img loading=\"lazy\" decoding=\"async\" class=\"alignnone wp-image-12357\" src=\"https:\/\/phukienflytech.vn\/wp-content\/uploads\/2020\/05\/canh-carbon-mavic-2-pro-zoom-4-canh-2075-4-800x251.png\" alt=\"\" width=\"567\" height=\"178\" srcset=\"https:\/\/phukienflytech.vn\/wp-content\/uploads\/2020\/05\/canh-carbon-mavic-2-pro-zoom-4-canh-2075-4-800x251.png 800w, https:\/\/phukienflytech.vn\/wp-content\/uploads\/2020\/05\/canh-carbon-mavic-2-pro-zoom-4-canh-2075-4-768x241.png 768w, https:\/\/phukienflytech.vn\/wp-content\/uploads\/2020\/05\/canh-carbon-mavic-2-pro-zoom-4-canh-2075-4-600x188.png 600w, https:\/\/phukienflytech.vn\/wp-content\/uploads\/2020\/05\/canh-carbon-mavic-2-pro-zoom-4-canh-2075-4.png 1013w\" sizes=\"auto, (max-width: 567px) 100vw, 567px\" \/><\/strong><\/em><\/span><\/h2>\n<p><span style=\"font-size: 18px;\">Ch\u00fang t\u00f4i chuy\u00ean cung c\u1ea5p h\u1ea7u h\u1ebft t\u1ea5t c\u00e1c c\u00e1c ph\u1ee5 ki\u1ec7n flycam DJI c\u1ee7a Phantom 3,4 series, Mavic series, DJI Spark v\u00e0 inspire 1<\/span><\/p>\n<p><span style=\"font-size: 18px;\">H\u00e3y xem th\u00eam c\u00e1c\u00a0<em>ph\u1ee5 ki\u1ec7n flycam dji Phantom 3 4<\/em>\u00a0b\u1eb1ng c\u00e1ch\u00a0<strong><a href=\"https:\/\/phukienflytech.vn\/en\/danh-muc\/phantom-4-accessory.html\" target=\"_blank\" rel=\"noopener noreferrer\">click t\u1ea1i \u0111\u00e2y<\/a><\/strong>\u00a0!<\/span><\/p>\n<p><span style=\"font-size: 18px;\">Nh\u00e0 s\u1ea3n xu\u1ea5t : Sunnylife \u2013 l\u00e0 m\u1ed9t trong nh\u1eefng Vendor cung c\u1ea5p c\u00e1c ph\u1ee5 ki\u1ec7n, linh ki\u1ec7n thay th\u1ebf cho DJI Flycam.<\/span><\/p>\n","protected":false},"excerpt":{"rendered":"<p>Original Mavic 2 propellers &#8211; 4 propellers &nbsp; Original Mavic 2 propellers C\u00e1nh carbon mavic 2 pro zoom l\u00e0 ph\u1ee5 ki\u1ec7n mavic 2 pro zoom\u00a0 \u0111\u01b0\u1ee3c m\u1ec7nh danh l\u00e0 k\u1ebb ch\u1ed1ng l\u1ea1i th\u1ea7n gi\u00f3, \u0111\u01a1n gi\u1ea3n v\u00ec s\u1ee9c c\u1ea3n l\u01b0\u1edbt v\u00e0 ch\u1ecbu \u0111\u1ef1ng \u0111\u01b0\u1ee3c l\u1ef1c quay motor kh\u1ee7ng khi\u1ebfp c\u1ee7a mavic 2 pro zoom m\u00e0 &#8230;<\/p>\n","protected":false},"featured_media":20211,"comment_status":"open","ping_status":"closed","template":"","meta":{"_acf_changed":false},"product_brand":[],"product_cat":[177],"product_tag":[232,206,209],"class_list":{"0":"post-2100","1":"product","2":"type-product","3":"status-publish","4":"has-post-thumbnail","6":"product_cat-mavic-2s-accessory","7":"product_tag-canh-mavic-2-en","8":"product_tag-phu-kien-dji-en","9":"product_tag-phu-kien-mavic-2-en","11":"first","12":"instock","13":"shipping-taxable","14":"purchasable","15":"product-type-simple"},"acf":[],"yoast_head":"<!-- This site is optimized with the Yoast SEO plugin v25.7 - https:\/\/yoast.com\/wordpress\/plugins\/seo\/ -->\n<title>Original Mavic 2 propellers - Mavic 2 accessory - Available - Original OEM<\/title>\n<meta name=\"description\" content=\"Original Mavic 2 propellers is one of the most important accessory. Contact us to buy Original Mavic 2 propellers for best price...\" \/>\n<meta name=\"robots\" content=\"index, follow, max-snippet:-1, max-image-preview:large, max-video-preview:-1\" \/>\n<link rel=\"canonical\" href=\"https:\/\/phukienflytech.vn\/en\/san-pham\/original-mavic-2-propellers.html\" \/>\n<meta property=\"og:locale\" content=\"en_US\" \/>\n<meta property=\"og:type\" content=\"article\" \/>\n<meta property=\"og:title\" content=\"Original Mavic 2 propellers - Mavic 2 accessory - Available - Original OEM\" \/>\n<meta property=\"og:description\" content=\"Original Mavic 2 propellers is one of the most important accessory. Contact us to buy Original Mavic 2 propellers for best price...\" \/>\n<meta property=\"og:url\" content=\"https:\/\/phukienflytech.vn\/en\/san-pham\/original-mavic-2-propellers.html\" \/>\n<meta property=\"og:site_name\" content=\"Shop M\u00e1y \u1ea3nh - Action Camera - Gimbal - Flycam - Ph\u1ee5 ki\u1ec7n\" \/>\n<meta property=\"article:publisher\" content=\"https:\/\/facebook.com\/phukienflycam\" \/>\n<meta property=\"article:modified_time\" content=\"2022-08-18T06:57:22+00:00\" \/>\n<meta property=\"og:image\" content=\"https:\/\/phukienflytech.vn\/wp-content\/uploads\/2020\/06\/canh-carbon-mavic-2-pro-zoom-phu-kien-flycam-dji-mavic9.jpg1_.png\" \/>\n\t<meta property=\"og:image:width\" content=\"600\" \/>\n\t<meta property=\"og:image:height\" content=\"600\" \/>\n\t<meta property=\"og:image:type\" content=\"image\/png\" \/>\n<meta name=\"twitter:card\" content=\"summary_large_image\" \/>\n<meta name=\"twitter:label1\" content=\"Est. reading time\" \/>\n\t<meta name=\"twitter:data1\" content=\"3 minutes\" \/>\n<script type=\"application\/ld+json\" class=\"yoast-schema-graph\">{\"@context\":\"https:\/\/schema.org\",\"@graph\":[{\"@type\":\"WebPage\",\"@id\":\"https:\/\/phukienflytech.vn\/en\/san-pham\/original-mavic-2-propellers.html\",\"url\":\"https:\/\/phukienflytech.vn\/en\/san-pham\/original-mavic-2-propellers.html\",\"name\":\"Original Mavic 2 propellers - Mavic 2 accessory - Available - Original OEM\",\"isPartOf\":{\"@id\":\"https:\/\/phukienflytech.vn\/#website\"},\"primaryImageOfPage\":{\"@id\":\"https:\/\/phukienflytech.vn\/en\/san-pham\/original-mavic-2-propellers.html#primaryimage\"},\"image\":{\"@id\":\"https:\/\/phukienflytech.vn\/en\/san-pham\/original-mavic-2-propellers.html#primaryimage\"},\"thumbnailUrl\":\"https:\/\/phukienflytech.vn\/wp-content\/uploads\/2020\/06\/canh-carbon-mavic-2-pro-zoom-phu-kien-flycam-dji-mavic9.jpg1_.png\",\"datePublished\":\"2020-06-23T15:11:27+00:00\",\"dateModified\":\"2022-08-18T06:57:22+00:00\",\"description\":\"Original Mavic 2 propellers is one of the most important accessory. Contact us to buy Original Mavic 2 propellers for best price...\",\"breadcrumb\":{\"@id\":\"https:\/\/phukienflytech.vn\/en\/san-pham\/original-mavic-2-propellers.html#breadcrumb\"},\"inLanguage\":\"en-US\",\"potentialAction\":[{\"@type\":\"ReadAction\",\"target\":[\"https:\/\/phukienflytech.vn\/en\/san-pham\/original-mavic-2-propellers.html\"]}]},{\"@type\":\"ImageObject\",\"inLanguage\":\"en-US\",\"@id\":\"https:\/\/phukienflytech.vn\/en\/san-pham\/original-mavic-2-propellers.html#primaryimage\",\"url\":\"https:\/\/phukienflytech.vn\/wp-content\/uploads\/2020\/06\/canh-carbon-mavic-2-pro-zoom-phu-kien-flycam-dji-mavic9.jpg1_.png\",\"contentUrl\":\"https:\/\/phukienflytech.vn\/wp-content\/uploads\/2020\/06\/canh-carbon-mavic-2-pro-zoom-phu-kien-flycam-dji-mavic9.jpg1_.png\",\"width\":600,\"height\":600},{\"@type\":\"BreadcrumbList\",\"@id\":\"https:\/\/phukienflytech.vn\/en\/san-pham\/original-mavic-2-propellers.html#breadcrumb\",\"itemListElement\":[{\"@type\":\"ListItem\",\"position\":1,\"name\":\"Home\",\"item\":\"https:\/\/phukienflytech.vn\/en\"},{\"@type\":\"ListItem\",\"position\":2,\"name\":\"Ph\u1ee5 ki\u1ec7n Mavic Pro\",\"item\":\"https:\/\/phukienflytech.vn\/en\/phu-kien-mavic-pro.html\"},{\"@type\":\"ListItem\",\"position\":3,\"name\":\"Ph\u1ee5 ki\u1ec7n DJI - Osmo\",\"item\":\"https:\/\/phukienflytech.vn\/danh-muc\/phu-kien-dji-osmo.html\"},{\"@type\":\"ListItem\",\"position\":4,\"name\":\"Ph\u1ee5 ki\u1ec7n DJI Mavic 2\",\"item\":\"https:\/\/phukienflytech.vn\/danh-muc\/phu-kien-mavic-2.html\"},{\"@type\":\"ListItem\",\"position\":5,\"name\":\"Original Mavic 2 low noise propellers &#8211; 4 propellers\"}]},{\"@type\":\"WebSite\",\"@id\":\"https:\/\/phukienflytech.vn\/#website\",\"url\":\"https:\/\/phukienflytech.vn\/\",\"name\":\"Shop M\u00e1y \u1ea3nh - Action Camera - Gimbal - Flycam - Ph\u1ee5 ki\u1ec7n\",\"description\":\"Shop M\u00e1y \u1ea3nh - Action Camera - Gimbal - Flycam - Ph\u1ee5 ki\u1ec7n\",\"publisher\":{\"@id\":\"https:\/\/phukienflytech.vn\/#organization\"},\"potentialAction\":[{\"@type\":\"SearchAction\",\"target\":{\"@type\":\"EntryPoint\",\"urlTemplate\":\"https:\/\/phukienflytech.vn\/?s={search_term_string}\"},\"query-input\":{\"@type\":\"PropertyValueSpecification\",\"valueRequired\":true,\"valueName\":\"search_term_string\"}}],\"inLanguage\":\"en-US\"},{\"@type\":\"Organization\",\"@id\":\"https:\/\/phukienflytech.vn\/#organization\",\"name\":\"DJI Store - Shop Drone, Action camera, Gimbal DJI |Phukienflytech\",\"alternateName\":\"DJI Store - Shop Drone, Action camera, Gimbal DJI |Phukienflytech\",\"url\":\"https:\/\/phukienflytech.vn\/\",\"logo\":{\"@type\":\"ImageObject\",\"inLanguage\":\"en-US\",\"@id\":\"https:\/\/phukienflytech.vn\/#\/schema\/logo\/image\/\",\"url\":\"https:\/\/phukienflytech.vn\/wp-content\/uploads\/2020\/05\/hAnh_nan.jpg1_.jpg\",\"contentUrl\":\"https:\/\/phukienflytech.vn\/wp-content\/uploads\/2020\/05\/hAnh_nan.jpg1_.jpg\",\"width\":800,\"height\":450,\"caption\":\"DJI Store - Shop Drone, Action camera, Gimbal DJI |Phukienflytech\"},\"image\":{\"@id\":\"https:\/\/phukienflytech.vn\/#\/schema\/logo\/image\/\"},\"sameAs\":[\"https:\/\/facebook.com\/phukienflycam\",\"https:\/\/www.youtube.com\/@phukienflytech\",\"https:\/\/www.tiktok.com\/@flytech.channel?fbclid=IwY2xjawGjg7BleHRuA2FlbQIxMAABHYVGmlXpuSMs0UB2zTpYvyT4GMVfN2qJa4urF4vkSQ6FAVBwXZtDP30qQA_aem_UwMiDcUvlEbd2tXAmsc8Og\"]}]}<\/script>\n<!-- \/ Yoast SEO plugin. -->","yoast_head_json":{"title":"Original Mavic 2 propellers - Mavic 2 accessory - Available - Original OEM","description":"Original Mavic 2 propellers is one of the most important accessory. Contact us to buy Original Mavic 2 propellers for best price...","robots":{"index":"index","follow":"follow","max-snippet":"max-snippet:-1","max-image-preview":"max-image-preview:large","max-video-preview":"max-video-preview:-1"},"canonical":"https:\/\/phukienflytech.vn\/en\/san-pham\/original-mavic-2-propellers.html","og_locale":"en_US","og_type":"article","og_title":"Original Mavic 2 propellers - Mavic 2 accessory - Available - Original OEM","og_description":"Original Mavic 2 propellers is one of the most important accessory. Contact us to buy Original Mavic 2 propellers for best price...","og_url":"https:\/\/phukienflytech.vn\/en\/san-pham\/original-mavic-2-propellers.html","og_site_name":"Shop M\u00e1y \u1ea3nh - Action Camera - Gimbal - Flycam - Ph\u1ee5 ki\u1ec7n","article_publisher":"https:\/\/facebook.com\/phukienflycam","article_modified_time":"2022-08-18T06:57:22+00:00","og_image":[{"width":600,"height":600,"url":"https:\/\/phukienflytech.vn\/wp-content\/uploads\/2020\/06\/canh-carbon-mavic-2-pro-zoom-phu-kien-flycam-dji-mavic9.jpg1_.png","type":"image\/png"}],"twitter_card":"summary_large_image","twitter_misc":{"Est. reading time":"3 minutes"},"schema":{"@context":"https:\/\/schema.org","@graph":[{"@type":"WebPage","@id":"https:\/\/phukienflytech.vn\/en\/san-pham\/original-mavic-2-propellers.html","url":"https:\/\/phukienflytech.vn\/en\/san-pham\/original-mavic-2-propellers.html","name":"Original Mavic 2 propellers - Mavic 2 accessory - Available - Original OEM","isPartOf":{"@id":"https:\/\/phukienflytech.vn\/#website"},"primaryImageOfPage":{"@id":"https:\/\/phukienflytech.vn\/en\/san-pham\/original-mavic-2-propellers.html#primaryimage"},"image":{"@id":"https:\/\/phukienflytech.vn\/en\/san-pham\/original-mavic-2-propellers.html#primaryimage"},"thumbnailUrl":"https:\/\/phukienflytech.vn\/wp-content\/uploads\/2020\/06\/canh-carbon-mavic-2-pro-zoom-phu-kien-flycam-dji-mavic9.jpg1_.png","datePublished":"2020-06-23T15:11:27+00:00","dateModified":"2022-08-18T06:57:22+00:00","description":"Original Mavic 2 propellers is one of the most important accessory. Contact us to buy Original Mavic 2 propellers for best price...","breadcrumb":{"@id":"https:\/\/phukienflytech.vn\/en\/san-pham\/original-mavic-2-propellers.html#breadcrumb"},"inLanguage":"en-US","potentialAction":[{"@type":"ReadAction","target":["https:\/\/phukienflytech.vn\/en\/san-pham\/original-mavic-2-propellers.html"]}]},{"@type":"ImageObject","inLanguage":"en-US","@id":"https:\/\/phukienflytech.vn\/en\/san-pham\/original-mavic-2-propellers.html#primaryimage","url":"https:\/\/phukienflytech.vn\/wp-content\/uploads\/2020\/06\/canh-carbon-mavic-2-pro-zoom-phu-kien-flycam-dji-mavic9.jpg1_.png","contentUrl":"https:\/\/phukienflytech.vn\/wp-content\/uploads\/2020\/06\/canh-carbon-mavic-2-pro-zoom-phu-kien-flycam-dji-mavic9.jpg1_.png","width":600,"height":600},{"@type":"BreadcrumbList","@id":"https:\/\/phukienflytech.vn\/en\/san-pham\/original-mavic-2-propellers.html#breadcrumb","itemListElement":[{"@type":"ListItem","position":1,"name":"Home","item":"https:\/\/phukienflytech.vn\/en"},{"@type":"ListItem","position":2,"name":"Ph\u1ee5 ki\u1ec7n Mavic Pro","item":"https:\/\/phukienflytech.vn\/en\/phu-kien-mavic-pro.html"},{"@type":"ListItem","position":3,"name":"Ph\u1ee5 ki\u1ec7n DJI - Osmo","item":"https:\/\/phukienflytech.vn\/danh-muc\/phu-kien-dji-osmo.html"},{"@type":"ListItem","position":4,"name":"Ph\u1ee5 ki\u1ec7n DJI Mavic 2","item":"https:\/\/phukienflytech.vn\/danh-muc\/phu-kien-mavic-2.html"},{"@type":"ListItem","position":5,"name":"Original Mavic 2 low noise propellers &#8211; 4 propellers"}]},{"@type":"WebSite","@id":"https:\/\/phukienflytech.vn\/#website","url":"https:\/\/phukienflytech.vn\/","name":"Shop M\u00e1y \u1ea3nh - Action Camera - Gimbal - Flycam - Ph\u1ee5 ki\u1ec7n","description":"Shop M\u00e1y \u1ea3nh - Action Camera - Gimbal - Flycam - Ph\u1ee5 ki\u1ec7n","publisher":{"@id":"https:\/\/phukienflytech.vn\/#organization"},"potentialAction":[{"@type":"SearchAction","target":{"@type":"EntryPoint","urlTemplate":"https:\/\/phukienflytech.vn\/?s={search_term_string}"},"query-input":{"@type":"PropertyValueSpecification","valueRequired":true,"valueName":"search_term_string"}}],"inLanguage":"en-US"},{"@type":"Organization","@id":"https:\/\/phukienflytech.vn\/#organization","name":"DJI Store - Shop Drone, Action camera, Gimbal DJI |Phukienflytech","alternateName":"DJI Store - Shop Drone, Action camera, Gimbal DJI |Phukienflytech","url":"https:\/\/phukienflytech.vn\/","logo":{"@type":"ImageObject","inLanguage":"en-US","@id":"https:\/\/phukienflytech.vn\/#\/schema\/logo\/image\/","url":"https:\/\/phukienflytech.vn\/wp-content\/uploads\/2020\/05\/hAnh_nan.jpg1_.jpg","contentUrl":"https:\/\/phukienflytech.vn\/wp-content\/uploads\/2020\/05\/hAnh_nan.jpg1_.jpg","width":800,"height":450,"caption":"DJI Store - Shop Drone, Action camera, Gimbal DJI |Phukienflytech"},"image":{"@id":"https:\/\/phukienflytech.vn\/#\/schema\/logo\/image\/"},"sameAs":["https:\/\/facebook.com\/phukienflycam","https:\/\/www.youtube.com\/@phukienflytech","https:\/\/www.tiktok.com\/@flytech.channel?fbclid=IwY2xjawGjg7BleHRuA2FlbQIxMAABHYVGmlXpuSMs0UB2zTpYvyT4GMVfN2qJa4urF4vkSQ6FAVBwXZtDP30qQA_aem_UwMiDcUvlEbd2tXAmsc8Og"]}]}},"_links":{"self":[{"href":"https:\/\/phukienflytech.vn\/en\/wp-json\/wp\/v2\/product\/2100","targetHints":{"allow":["GET"]}}],"collection":[{"href":"https:\/\/phukienflytech.vn\/en\/wp-json\/wp\/v2\/product"}],"about":[{"href":"https:\/\/phukienflytech.vn\/en\/wp-json\/wp\/v2\/types\/product"}],"replies":[{"embeddable":true,"href":"https:\/\/phukienflytech.vn\/en\/wp-json\/wp\/v2\/comments?post=2100"}],"wp:featuredmedia":[{"embeddable":true,"href":"https:\/\/phukienflytech.vn\/en\/wp-json\/wp\/v2\/media\/20211"}],"wp:attachment":[{"href":"https:\/\/phukienflytech.vn\/en\/wp-json\/wp\/v2\/media?parent=2100"}],"wp:term":[{"taxonomy":"product_brand","embeddable":true,"href":"https:\/\/phukienflytech.vn\/en\/wp-json\/wp\/v2\/product_brand?post=2100"},{"taxonomy":"product_cat","embeddable":true,"href":"https:\/\/phukienflytech.vn\/en\/wp-json\/wp\/v2\/product_cat?post=2100"},{"taxonomy":"product_tag","embeddable":true,"href":"https:\/\/phukienflytech.vn\/en\/wp-json\/wp\/v2\/product_tag?post=2100"}],"curies":[{"name":"wp","href":"https:\/\/api.w.org\/{rel}","templated":true}]}}