{"id":21033,"date":"2020-12-08T19:08:27","date_gmt":"2020-12-08T12:08:27","guid":{"rendered":"https:\/\/phukienflytech.vn\/san-pham\/pgytech-mavic-air-2-vnd-filter-6-to-9-stop.html"},"modified":"2022-10-04T10:22:34","modified_gmt":"2022-10-04T03:22:34","slug":"pgytech-mavic-air-2-vnd-filter-6-to-9-stop","status":"publish","type":"product","link":"https:\/\/phukienflytech.vn\/en\/san-pham\/pgytech-mavic-air-2-vnd-filter-6-to-9-stop.html","title":{"rendered":"K\u00ednh l\u1ecdc PGYtech Mavic Air 2 VND Filter (6 to 9 stop) &#8211; Professional"},"content":{"rendered":"<p><span style=\"font-size: 20px; color: #0000ff;\"><strong>PGYtech Mavic Air 2 VND Filter (6 to 9 stop) \u2013 Professional<\/strong><\/span><\/p>\n<p><em><strong>K\u00ednh l\u1ecdc Mavic Air 2 6to9<\/strong><\/em><\/p>\n<p><img loading=\"lazy\" decoding=\"async\" class=\"aligncenter wp-image-29375 size-full\" src=\"https:\/\/phukienflytech.vn\/wp-content\/uploads\/2020\/12\/Mavic_Air_2_VND_filter_not_affect_balance_performance_2-1.jpg\" alt=\"H\u00e0ng ch\u00ednh h\u00e3ng PGYtech - Ch\u1ea5t l\u01b0\u1ee3ng cao c\u1ea5p\u00a0\" width=\"850\" height=\"265\" srcset=\"https:\/\/phukienflytech.vn\/wp-content\/uploads\/2020\/12\/Mavic_Air_2_VND_filter_not_affect_balance_performance_2-1.jpg 850w, https:\/\/phukienflytech.vn\/wp-content\/uploads\/2020\/12\/Mavic_Air_2_VND_filter_not_affect_balance_performance_2-1-800x249.jpg 800w, https:\/\/phukienflytech.vn\/wp-content\/uploads\/2020\/12\/Mavic_Air_2_VND_filter_not_affect_balance_performance_2-1-768x239.jpg 768w, https:\/\/phukienflytech.vn\/wp-content\/uploads\/2020\/12\/Mavic_Air_2_VND_filter_not_affect_balance_performance_2-1-600x187.jpg 600w\" sizes=\"auto, (max-width: 850px) 100vw, 850px\" \/><\/p>\n<h3 style=\"text-align: center;\"><span style=\"font-size: 14px;\"><strong>H\u00e0ng ch\u00ednh h\u00e3ng PGYtech &#8211; Ch\u1ea5t l\u01b0\u1ee3ng cao c\u1ea5p\u00a0<\/strong><\/span><\/h3>\n<p style=\"text-align: left;\"><span style=\"font-size: 17px;\">.<\/span><\/p>\n<h2 style=\"text-align: left;\"><span style=\"font-size: 20px; color: #0000ff;\"><strong>Gi\u1edbi thi\u1ec7u s\u1ea3n ph\u1ea9m: K\u00ednh l\u1ecdc Mavic Air 2 6to9<\/strong><\/span><\/h2>\n<div><span style=\"font-size: 17px;\">Nh\u1eb1m mang l\u1ea1i s\u1ef1 ti\u1ec7n l\u1ee3i v\u00e0 gi\u1ea3m thao t\u00e1c khi bay cho ng\u01b0\u1eddi ch\u01a1i Mavic Air 2. PGYtech \u0111\u00e3 mang t\u1edbi d\u00f2ng s\u1ea3n ph\u1ea9m Mavic Air 2 VND Filter Stop (2 to 5) \u0111\u01b0\u1ee3c t\u00edch h\u1ee3p c\u00e1c m\u1ee9c \u0111\u1ed9 ph\u01a1i s\u00e1ng ch\u1ec9 v\u1edbi 1 filter.\u00a0<\/span><\/div>\n<div>.<\/div>\n<div><img loading=\"lazy\" decoding=\"async\" class=\"aligncenter wp-image-29391 size-full\" src=\"https:\/\/phukienflytech.vn\/wp-content\/uploads\/2020\/12\/Mavic_Air_2_VND_Filter_of_high_defination_glass_with_lower_index_rate.jpg\" alt=\"K\u00ednh l\u1ecdc Mavic Air 2 6to9 1\" width=\"850\" height=\"441\" srcset=\"https:\/\/phukienflytech.vn\/wp-content\/uploads\/2020\/12\/Mavic_Air_2_VND_Filter_of_high_defination_glass_with_lower_index_rate.jpg 850w, https:\/\/phukienflytech.vn\/wp-content\/uploads\/2020\/12\/Mavic_Air_2_VND_Filter_of_high_defination_glass_with_lower_index_rate-771x400.jpg 771w, https:\/\/phukienflytech.vn\/wp-content\/uploads\/2020\/12\/Mavic_Air_2_VND_Filter_of_high_defination_glass_with_lower_index_rate-768x398.jpg 768w, https:\/\/phukienflytech.vn\/wp-content\/uploads\/2020\/12\/Mavic_Air_2_VND_Filter_of_high_defination_glass_with_lower_index_rate-600x311.jpg 600w\" sizes=\"auto, (max-width: 850px) 100vw, 850px\" \/><\/div>\n<h3 style=\"text-align: center;\"><span style=\"font-size: 14px;\"><strong>Thi\u1ebft k\u1ebf th\u00f4ng minh &#8211; Ti\u1ec7n l\u1ee3i\u00a0<\/strong><\/span><\/h3>\n<p style=\"text-align: center;\"><iframe loading=\"lazy\" src=\"\/\/www.youtube.com\/embed\/7-FjNg3xif4?feature=emb_title\" width=\"850\" height=\"477\" allowfullscreen=\"allowfullscreen\"><\/iframe><\/p>\n<h3 style=\"text-align: center;\"><span style=\"font-size: 17px;\"><strong>Ngu\u1ed3n : Ph\u1ee5 ki\u1ec7n Flytech &#8211; Nh\u00e0 ph\u00e2n ph\u1ed1i ch\u00ednh h\u00e3ng PGYtech t\u1ea1i Vi\u1ec7t Nam\u00a0<\/strong><\/span><\/h3>\n<p style=\"text-align: left;\"><span style=\"font-size: 20px; color: #000000;\">.<\/span><\/p>\n<h2 style=\"text-align: left;\"><span style=\"font-size: 20px; color: #0000ff;\"><strong>M\u00f4 t\u1ea3 s\u1ea3n ph\u1ea9m: K\u00ednh l\u1ecdc Mavic Air 2 6to9<\/strong><\/span><\/h2>\n<div><span style=\"font-size: 17px;\">\u2705 S\u1ea3n ph\u1ea9m d\u00e0nh cho Maivic Air 2\u00a0<\/span><\/div>\n<div><span style=\"font-size: 17px;\">\u2705 H\u00e3ng ch\u00ednh h\u00e3ng PGYtech<\/span><\/div>\n<div><span style=\"font-size: 17px;\">\u2705 Filter VND 6 to 9 stop\u00a0<\/span><\/div>\n<div>.<\/div>\n<div><img loading=\"lazy\" decoding=\"async\" class=\"aligncenter wp-image-29395 size-full\" src=\"https:\/\/phukienflytech.vn\/wp-content\/uploads\/2020\/12\/VND_filter_set_up_on_Mavic_Air_2_anti-slip_quick_release_design.jpg\" alt=\"D\u1ec5 d\u00e0ng s\u1eed d\u1ee5ng - Th\u00e1o l\u1eafp\u00a0\" width=\"850\" height=\"265\" srcset=\"https:\/\/phukienflytech.vn\/wp-content\/uploads\/2020\/12\/VND_filter_set_up_on_Mavic_Air_2_anti-slip_quick_release_design.jpg 850w, https:\/\/phukienflytech.vn\/wp-content\/uploads\/2020\/12\/VND_filter_set_up_on_Mavic_Air_2_anti-slip_quick_release_design-800x249.jpg 800w, https:\/\/phukienflytech.vn\/wp-content\/uploads\/2020\/12\/VND_filter_set_up_on_Mavic_Air_2_anti-slip_quick_release_design-768x239.jpg 768w, https:\/\/phukienflytech.vn\/wp-content\/uploads\/2020\/12\/VND_filter_set_up_on_Mavic_Air_2_anti-slip_quick_release_design-600x187.jpg 600w\" sizes=\"auto, (max-width: 850px) 100vw, 850px\" \/><\/div>\n<h3 style=\"text-align: center;\"><span style=\"font-size: 14px;\"><strong>D\u1ec5 d\u00e0ng s\u1eed d\u1ee5ng &#8211; Th\u00e1o l\u1eafp\u00a0<\/strong><\/span><\/h3>\n<div>.<\/div>\n<div><span style=\"font-size: 17px;\">\u2705 K\u00e8m h\u1ed9p \u0111\u1ef1ng cao c\u1ea5p\u00a0<\/span><\/div>\n<div><span style=\"font-size: 17px;\">\u2705 Tr\u1ecdng l\u01b0\u1ee3ng : 1,5g<\/span><\/div>\n<div><span style=\"font-size: 17px;\">\u2705 Ch\u1ea5t li\u1ec7u : SCHOTT<\/span><\/div>\n<div>.<\/div>\n<div><img loading=\"lazy\" decoding=\"async\" class=\"aligncenter wp-image-29379 size-full\" src=\"https:\/\/phukienflytech.vn\/wp-content\/uploads\/2020\/12\/Mavic_Air_2_VND_Installation_and_exposure_effect_demonstration-2.jpg\" alt=\"K\u00ednh l\u1ecdc Mavic Air 2 6to9\" width=\"850\" height=\"288\" srcset=\"https:\/\/phukienflytech.vn\/wp-content\/uploads\/2020\/12\/Mavic_Air_2_VND_Installation_and_exposure_effect_demonstration-2.jpg 850w, https:\/\/phukienflytech.vn\/wp-content\/uploads\/2020\/12\/Mavic_Air_2_VND_Installation_and_exposure_effect_demonstration-2-800x271.jpg 800w, https:\/\/phukienflytech.vn\/wp-content\/uploads\/2020\/12\/Mavic_Air_2_VND_Installation_and_exposure_effect_demonstration-2-768x260.jpg 768w, https:\/\/phukienflytech.vn\/wp-content\/uploads\/2020\/12\/Mavic_Air_2_VND_Installation_and_exposure_effect_demonstration-2-600x203.jpg 600w\" sizes=\"auto, (max-width: 850px) 100vw, 850px\" \/><\/div>\n<div style=\"text-align: center;\"><span style=\"font-size: 14px;\"><strong>K\u1ebft h\u1ee3p 4 Filter ND trong 1 s\u1ea3n ph\u1ea9m\u00a0<\/strong><\/span><\/div>\n<div><span style=\"font-size: 17px;\">.<\/span><\/div>\n<div><strong>&gt;&gt; Xem th\u00eam:\u00a0<a href=\"https:\/\/phukienflytech.vn\/danh-muc\/phu-kien-mavic-air-2.html\" target=\"_blank\" rel=\"noopener\">PH\u1ee4 KI\u1ec6N DJI MAVIC AIR 2<\/a><\/strong><\/div>\n<h2><span style=\"font-size: 20px; color: #0000ff;\"><strong>C\u00f4ng d\u1ee5ng s\u1ea3n ph\u1ea9m:<\/strong><\/span><\/h2>\n<div><span style=\"font-size: 17px;\">\u2705 H\u1ea1n ch\u1ebf \u00e1nh s\u00e1ng \u0111i v\u00e0o \u1ed1ng k\u00ednh \u0111\u1ec3 \u0111\u1ea3m b\u1ea3o \u0111\u1ed9 ph\u01a1i s\u00e1ng ph\u00f9 h\u1ee3p<\/span><\/div>\n<div><span style=\"font-size: 17px;\">\u2705 \u0110\u1ed1i v\u1edbi ng\u01b0\u1eddi d\u00f9ng m\u00e1y bay kh\u00f4ng ng\u01b0\u1eddi l\u00e1i chuy\u00ean nghi\u1ec7p, \u0111i\u1ec1u khi\u1ec3n ch\u00ednh x\u00e1c t\u1ed1c \u0111\u1ed9 m\u00e0n tr\u1eadp gi\u00fap b\u1ea1n t\u1ea1o video m\u01b0\u1ee3t m\u00e0.<\/span><\/div>\n<div><span style=\"font-size: 17px;\">\u2705 L\u1edbp ph\u1ee7 c\u1ee9ng c\u1ee7a b\u1ed9 l\u1ecdc c\u0169ng gi\u00fap n\u00f3 ch\u1ed1ng x\u01b0\u1edbc.<\/span><\/div>\n<div>.<\/div>\n<div><img loading=\"lazy\" decoding=\"async\" class=\"aligncenter wp-image-29377 size-full\" src=\"https:\/\/phukienflytech.vn\/wp-content\/uploads\/2020\/12\/Mavic_Air_2_VND_Installation_and_exposure_effect_demonstration-1-1.jpg\" alt=\"K\u00ednh l\u1ecdc Mavic Air 2 6to9 1\" width=\"850\" height=\"262\" srcset=\"https:\/\/phukienflytech.vn\/wp-content\/uploads\/2020\/12\/Mavic_Air_2_VND_Installation_and_exposure_effect_demonstration-1-1.jpg 850w, https:\/\/phukienflytech.vn\/wp-content\/uploads\/2020\/12\/Mavic_Air_2_VND_Installation_and_exposure_effect_demonstration-1-1-800x247.jpg 800w, https:\/\/phukienflytech.vn\/wp-content\/uploads\/2020\/12\/Mavic_Air_2_VND_Installation_and_exposure_effect_demonstration-1-1-768x237.jpg 768w, https:\/\/phukienflytech.vn\/wp-content\/uploads\/2020\/12\/Mavic_Air_2_VND_Installation_and_exposure_effect_demonstration-1-1-600x185.jpg 600w\" sizes=\"auto, (max-width: 850px) 100vw, 850px\" \/><\/div>\n<h3 style=\"text-align: center;\"><span style=\"font-size: 14px;\"><strong>H\u01b0\u1edbng d\u1eabn l\u1eafp Filter\u00a0<\/strong><\/span><\/h3>\n<div><span style=\"font-size: 17px;\">.<\/span><\/div>\n<h2><span style=\"color: #0000ff;\"><strong><span style=\"font-size: 20px;\"> H\u01b0\u1edbng d\u1eabn b\u1ea3o qu\u1ea3n:<\/span><\/strong><\/span><\/h2>\n<div><span style=\"font-size: 17px;\">\u2705\u00a0 Tr\u00e1nh va \u0111\u1eadp m\u1ea1nh, d\u1ee5ng c\u1ee5 s\u1eafc, n\u01a1i c\u00f3 nhi\u1ec7t \u0111\u1ed9 cao<\/span><\/div>\n<div><span style=\"font-size: 17px;\">\u2705\u00a0 S\u1eed d\u1ee5ng theo s\u00e1ch h\u01b0\u1edbng d\u1eabn tr\u00e1nh h\u1ecfng s\u1ea3n ph\u1ea9m<\/span><\/div>\n<div>.<\/div>\n<div><img loading=\"lazy\" decoding=\"async\" class=\"aligncenter wp-image-29381 size-full\" src=\"https:\/\/phukienflytech.vn\/wp-content\/uploads\/2020\/12\/Poster_of_VND_Filter_For_Mavic_Air_2_c4082c9c-efc4-48f1-8b75-0bbf18544c1d-1.jpg\" alt=\"K\u00ednh l\u1ecdc Mavic Air 2 6to9\" width=\"850\" height=\"402\" srcset=\"https:\/\/phukienflytech.vn\/wp-content\/uploads\/2020\/12\/Poster_of_VND_Filter_For_Mavic_Air_2_c4082c9c-efc4-48f1-8b75-0bbf18544c1d-1.jpg 850w, https:\/\/phukienflytech.vn\/wp-content\/uploads\/2020\/12\/Poster_of_VND_Filter_For_Mavic_Air_2_c4082c9c-efc4-48f1-8b75-0bbf18544c1d-1-800x378.jpg 800w, https:\/\/phukienflytech.vn\/wp-content\/uploads\/2020\/12\/Poster_of_VND_Filter_For_Mavic_Air_2_c4082c9c-efc4-48f1-8b75-0bbf18544c1d-1-768x363.jpg 768w, https:\/\/phukienflytech.vn\/wp-content\/uploads\/2020\/12\/Poster_of_VND_Filter_For_Mavic_Air_2_c4082c9c-efc4-48f1-8b75-0bbf18544c1d-1-600x284.jpg 600w\" sizes=\"auto, (max-width: 850px) 100vw, 850px\" \/><\/div>\n<div>.<\/div>\n<div>\n<p><span style=\"font-size: 17px;\">&gt;&gt; Li\u00ean h\u1ec7 v\u1edbi ch\u00fang t\u00f4i tr\u00ean:\u00a0<strong><a href=\"https:\/\/facebook.com\/phukienflycam\" target=\"_blank\" rel=\"noopener\">Fanpage<\/a><\/strong><\/span><\/p>\n<h2><span style=\"font-size: 20px; color: #0000ff;\"><strong>Mua<\/strong>\u00a0<strong>Ph\u1ee5 ki\u1ec7n Mavic Air 2 \u1edf \u0111\u00e2u?<\/strong><\/span><\/h2>\n<p><span style=\"font-size: 17px;\">\u1ede Ph\u1ee5 ki\u1ec7n Fly-cam gi\u00e1 t\u1ed1t b\u1ea1n c\u00f3 th\u1ec3 t\u00ecm mua \u0111\u01b0\u1ee3c nh\u1eefng ph\u1ee5 ki\u1ec7n dji ch\u1ea5t l\u01b0\u1ee3ng nh\u1ea5t. H\u00e3y \u0111\u1ebfn v\u1edbi ph\u1ee5 ki\u1ec7n fly-cam gi\u00e1 t\u1ed1t \u0111\u1ec3 c\u00f3 \u0111\u01b0\u1ee3c B\u1ed9 ch\u00e2n \u0111\u00f4n Mavic Air 2\u2026 t\u1ed1t nh\u1ea5t v\u1edbi mong mu\u1ed1n l\u1ea5p \u0111\u1ea7y \u0111am m\u00ea trong b\u1ea1n.<\/span><\/p>\n<\/div>\n","protected":false},"excerpt":{"rendered":"<p>PGYtech Mavic Air 2 VND Filter (6 to 9 stop) \u2013 Professional K\u00ednh l\u1ecdc Mavic Air 2 6to9 H\u00e0ng ch\u00ednh h\u00e3ng PGYtech &#8211; Ch\u1ea5t l\u01b0\u1ee3ng cao c\u1ea5p\u00a0 . Gi\u1edbi thi\u1ec7u s\u1ea3n ph\u1ea9m: K\u00ednh l\u1ecdc Mavic Air 2 6to9 Nh\u1eb1m mang l\u1ea1i s\u1ef1 ti\u1ec7n l\u1ee3i v\u00e0 gi\u1ea3m thao t\u00e1c khi bay cho ng\u01b0\u1eddi ch\u01a1i Mavic Air &#8230;<\/p>\n","protected":false},"featured_media":21022,"comment_status":"open","ping_status":"closed","template":"","meta":{"_acf_changed":false},"product_brand":[],"product_cat":[199,222],"product_tag":[],"class_list":{"0":"post-21033","1":"product","2":"type-product","3":"status-publish","4":"has-post-thumbnail","6":"product_cat-mavic-air-2-accessory","7":"product_cat-phu-kien-pgytech-en","9":"first","10":"instock","11":"shipping-taxable","12":"purchasable","13":"product-type-simple"},"acf":[],"yoast_head":"<!-- This site is optimized with the Yoast SEO plugin v25.7 - https:\/\/yoast.com\/wordpress\/plugins\/seo\/ -->\n<title>K\u00ednh l\u1ecdc Mavic Air 2 6to9 - Professional - H\u00e0ng ch\u00ednh h\u00e3ng - Ship COD<\/title>\n<meta name=\"description\" content=\"K\u00ednh l\u1ecdc Mavic Air 2 6to9 - Professional \u0111\u1ec9nh cao chia theo 4 c\u1ea5p \u0111\u1ed9 gi\u1ea3m t\u1ed1c \u0111\u1ed9 m\u00e0n ch\u1ee5p camera - H\u00e0ng ch\u00ednh h\u00e3ng - Cao c\u1ea5p\" \/>\n<meta name=\"robots\" content=\"index, follow, max-snippet:-1, max-image-preview:large, max-video-preview:-1\" \/>\n<link rel=\"canonical\" href=\"https:\/\/phukienflytech.vn\/en\/san-pham\/pgytech-mavic-air-2-vnd-filter-6-to-9-stop.html\" \/>\n<meta property=\"og:locale\" content=\"en_US\" \/>\n<meta property=\"og:type\" content=\"article\" \/>\n<meta property=\"og:title\" content=\"K\u00ednh l\u1ecdc Mavic Air 2 6to9 - Professional - H\u00e0ng ch\u00ednh h\u00e3ng - Ship COD\" \/>\n<meta property=\"og:description\" content=\"K\u00ednh l\u1ecdc Mavic Air 2 6to9 - Professional \u0111\u1ec9nh cao chia theo 4 c\u1ea5p \u0111\u1ed9 gi\u1ea3m t\u1ed1c \u0111\u1ed9 m\u00e0n ch\u1ee5p camera - H\u00e0ng ch\u00ednh h\u00e3ng - Cao c\u1ea5p\" \/>\n<meta property=\"og:url\" content=\"https:\/\/phukienflytech.vn\/en\/san-pham\/pgytech-mavic-air-2-vnd-filter-6-to-9-stop.html\" \/>\n<meta property=\"og:site_name\" content=\"Shop M\u00e1y \u1ea3nh - Action Camera - Gimbal - Flycam - Ph\u1ee5 ki\u1ec7n\" \/>\n<meta property=\"article:publisher\" content=\"https:\/\/facebook.com\/phukienflycam\" \/>\n<meta property=\"article:modified_time\" content=\"2022-10-04T03:22:34+00:00\" \/>\n<meta property=\"og:image\" content=\"https:\/\/phukienflytech.vn\/wp-content\/uploads\/2020\/12\/pgytech-mavic-air-2-VND-Filter-6-to-9-Stop-Copy.jpg\" \/>\n\t<meta property=\"og:image:width\" content=\"300\" \/>\n\t<meta property=\"og:image:height\" content=\"300\" \/>\n\t<meta property=\"og:image:type\" content=\"image\/jpeg\" \/>\n<meta name=\"twitter:card\" content=\"summary_large_image\" \/>\n<meta name=\"twitter:label1\" content=\"Est. reading time\" \/>\n\t<meta name=\"twitter:data1\" content=\"2 minutes\" \/>\n<script type=\"application\/ld+json\" class=\"yoast-schema-graph\">{\"@context\":\"https:\/\/schema.org\",\"@graph\":[{\"@type\":\"WebPage\",\"@id\":\"https:\/\/phukienflytech.vn\/en\/san-pham\/pgytech-mavic-air-2-vnd-filter-6-to-9-stop.html\",\"url\":\"https:\/\/phukienflytech.vn\/en\/san-pham\/pgytech-mavic-air-2-vnd-filter-6-to-9-stop.html\",\"name\":\"K\u00ednh l\u1ecdc Mavic Air 2 6to9 - Professional - H\u00e0ng ch\u00ednh h\u00e3ng - Ship COD\",\"isPartOf\":{\"@id\":\"https:\/\/phukienflytech.vn\/#website\"},\"primaryImageOfPage\":{\"@id\":\"https:\/\/phukienflytech.vn\/en\/san-pham\/pgytech-mavic-air-2-vnd-filter-6-to-9-stop.html#primaryimage\"},\"image\":{\"@id\":\"https:\/\/phukienflytech.vn\/en\/san-pham\/pgytech-mavic-air-2-vnd-filter-6-to-9-stop.html#primaryimage\"},\"thumbnailUrl\":\"https:\/\/phukienflytech.vn\/wp-content\/uploads\/2020\/12\/pgytech-mavic-air-2-VND-Filter-6-to-9-Stop-Copy.jpg\",\"datePublished\":\"2020-12-08T12:08:27+00:00\",\"dateModified\":\"2022-10-04T03:22:34+00:00\",\"description\":\"K\u00ednh l\u1ecdc Mavic Air 2 6to9 - Professional \u0111\u1ec9nh cao chia theo 4 c\u1ea5p \u0111\u1ed9 gi\u1ea3m t\u1ed1c \u0111\u1ed9 m\u00e0n ch\u1ee5p camera - H\u00e0ng ch\u00ednh h\u00e3ng - Cao c\u1ea5p\",\"breadcrumb\":{\"@id\":\"https:\/\/phukienflytech.vn\/en\/san-pham\/pgytech-mavic-air-2-vnd-filter-6-to-9-stop.html#breadcrumb\"},\"inLanguage\":\"en-US\",\"potentialAction\":[{\"@type\":\"ReadAction\",\"target\":[\"https:\/\/phukienflytech.vn\/en\/san-pham\/pgytech-mavic-air-2-vnd-filter-6-to-9-stop.html\"]}]},{\"@type\":\"ImageObject\",\"inLanguage\":\"en-US\",\"@id\":\"https:\/\/phukienflytech.vn\/en\/san-pham\/pgytech-mavic-air-2-vnd-filter-6-to-9-stop.html#primaryimage\",\"url\":\"https:\/\/phukienflytech.vn\/wp-content\/uploads\/2020\/12\/pgytech-mavic-air-2-VND-Filter-6-to-9-Stop-Copy.jpg\",\"contentUrl\":\"https:\/\/phukienflytech.vn\/wp-content\/uploads\/2020\/12\/pgytech-mavic-air-2-VND-Filter-6-to-9-Stop-Copy.jpg\",\"width\":300,\"height\":300},{\"@type\":\"BreadcrumbList\",\"@id\":\"https:\/\/phukienflytech.vn\/en\/san-pham\/pgytech-mavic-air-2-vnd-filter-6-to-9-stop.html#breadcrumb\",\"itemListElement\":[{\"@type\":\"ListItem\",\"position\":1,\"name\":\"Home\",\"item\":\"https:\/\/phukienflytech.vn\/en\"},{\"@type\":\"ListItem\",\"position\":2,\"name\":\"Ph\u1ee5 ki\u1ec7n Mavic Pro\",\"item\":\"https:\/\/phukienflytech.vn\/en\/phu-kien-mavic-pro.html\"},{\"@type\":\"ListItem\",\"position\":3,\"name\":\"Ph\u1ee5 ki\u1ec7n DJI - Osmo\",\"item\":\"https:\/\/phukienflytech.vn\/danh-muc\/phu-kien-dji-osmo.html\"},{\"@type\":\"ListItem\",\"position\":4,\"name\":\"Ph\u1ee5 ki\u1ec7n DJI Mavic Air 2\",\"item\":\"https:\/\/phukienflytech.vn\/danh-muc\/phu-kien-mavic-air-2.html\"},{\"@type\":\"ListItem\",\"position\":5,\"name\":\"K\u00ednh l\u1ecdc PGYtech Mavic Air 2 VND Filter (6 to 9 stop) &#8211; Professional\"}]},{\"@type\":\"WebSite\",\"@id\":\"https:\/\/phukienflytech.vn\/#website\",\"url\":\"https:\/\/phukienflytech.vn\/\",\"name\":\"Shop M\u00e1y \u1ea3nh - Action Camera - Gimbal - Flycam - Ph\u1ee5 ki\u1ec7n\",\"description\":\"Shop M\u00e1y \u1ea3nh - Action Camera - Gimbal - Flycam - Ph\u1ee5 ki\u1ec7n\",\"publisher\":{\"@id\":\"https:\/\/phukienflytech.vn\/#organization\"},\"potentialAction\":[{\"@type\":\"SearchAction\",\"target\":{\"@type\":\"EntryPoint\",\"urlTemplate\":\"https:\/\/phukienflytech.vn\/?s={search_term_string}\"},\"query-input\":{\"@type\":\"PropertyValueSpecification\",\"valueRequired\":true,\"valueName\":\"search_term_string\"}}],\"inLanguage\":\"en-US\"},{\"@type\":\"Organization\",\"@id\":\"https:\/\/phukienflytech.vn\/#organization\",\"name\":\"DJI Store - Shop Drone, Action camera, Gimbal DJI |Phukienflytech\",\"alternateName\":\"DJI Store - Shop Drone, Action camera, Gimbal DJI |Phukienflytech\",\"url\":\"https:\/\/phukienflytech.vn\/\",\"logo\":{\"@type\":\"ImageObject\",\"inLanguage\":\"en-US\",\"@id\":\"https:\/\/phukienflytech.vn\/#\/schema\/logo\/image\/\",\"url\":\"https:\/\/phukienflytech.vn\/wp-content\/uploads\/2020\/05\/hAnh_nan.jpg1_.jpg\",\"contentUrl\":\"https:\/\/phukienflytech.vn\/wp-content\/uploads\/2020\/05\/hAnh_nan.jpg1_.jpg\",\"width\":800,\"height\":450,\"caption\":\"DJI Store - Shop Drone, Action camera, Gimbal DJI |Phukienflytech\"},\"image\":{\"@id\":\"https:\/\/phukienflytech.vn\/#\/schema\/logo\/image\/\"},\"sameAs\":[\"https:\/\/facebook.com\/phukienflycam\",\"https:\/\/www.youtube.com\/@phukienflytech\",\"https:\/\/www.tiktok.com\/@flytech.channel?fbclid=IwY2xjawGjg7BleHRuA2FlbQIxMAABHYVGmlXpuSMs0UB2zTpYvyT4GMVfN2qJa4urF4vkSQ6FAVBwXZtDP30qQA_aem_UwMiDcUvlEbd2tXAmsc8Og\"]}]}<\/script>\n<!-- \/ Yoast SEO plugin. -->","yoast_head_json":{"title":"K\u00ednh l\u1ecdc Mavic Air 2 6to9 - Professional - H\u00e0ng ch\u00ednh h\u00e3ng - Ship COD","description":"K\u00ednh l\u1ecdc Mavic Air 2 6to9 - Professional \u0111\u1ec9nh cao chia theo 4 c\u1ea5p \u0111\u1ed9 gi\u1ea3m t\u1ed1c \u0111\u1ed9 m\u00e0n ch\u1ee5p camera - H\u00e0ng ch\u00ednh h\u00e3ng - Cao c\u1ea5p","robots":{"index":"index","follow":"follow","max-snippet":"max-snippet:-1","max-image-preview":"max-image-preview:large","max-video-preview":"max-video-preview:-1"},"canonical":"https:\/\/phukienflytech.vn\/en\/san-pham\/pgytech-mavic-air-2-vnd-filter-6-to-9-stop.html","og_locale":"en_US","og_type":"article","og_title":"K\u00ednh l\u1ecdc Mavic Air 2 6to9 - Professional - H\u00e0ng ch\u00ednh h\u00e3ng - Ship COD","og_description":"K\u00ednh l\u1ecdc Mavic Air 2 6to9 - Professional \u0111\u1ec9nh cao chia theo 4 c\u1ea5p \u0111\u1ed9 gi\u1ea3m t\u1ed1c \u0111\u1ed9 m\u00e0n ch\u1ee5p camera - H\u00e0ng ch\u00ednh h\u00e3ng - Cao c\u1ea5p","og_url":"https:\/\/phukienflytech.vn\/en\/san-pham\/pgytech-mavic-air-2-vnd-filter-6-to-9-stop.html","og_site_name":"Shop M\u00e1y \u1ea3nh - Action Camera - Gimbal - Flycam - Ph\u1ee5 ki\u1ec7n","article_publisher":"https:\/\/facebook.com\/phukienflycam","article_modified_time":"2022-10-04T03:22:34+00:00","og_image":[{"width":300,"height":300,"url":"https:\/\/phukienflytech.vn\/wp-content\/uploads\/2020\/12\/pgytech-mavic-air-2-VND-Filter-6-to-9-Stop-Copy.jpg","type":"image\/jpeg"}],"twitter_card":"summary_large_image","twitter_misc":{"Est. reading time":"2 minutes"},"schema":{"@context":"https:\/\/schema.org","@graph":[{"@type":"WebPage","@id":"https:\/\/phukienflytech.vn\/en\/san-pham\/pgytech-mavic-air-2-vnd-filter-6-to-9-stop.html","url":"https:\/\/phukienflytech.vn\/en\/san-pham\/pgytech-mavic-air-2-vnd-filter-6-to-9-stop.html","name":"K\u00ednh l\u1ecdc Mavic Air 2 6to9 - Professional - H\u00e0ng ch\u00ednh h\u00e3ng - Ship COD","isPartOf":{"@id":"https:\/\/phukienflytech.vn\/#website"},"primaryImageOfPage":{"@id":"https:\/\/phukienflytech.vn\/en\/san-pham\/pgytech-mavic-air-2-vnd-filter-6-to-9-stop.html#primaryimage"},"image":{"@id":"https:\/\/phukienflytech.vn\/en\/san-pham\/pgytech-mavic-air-2-vnd-filter-6-to-9-stop.html#primaryimage"},"thumbnailUrl":"https:\/\/phukienflytech.vn\/wp-content\/uploads\/2020\/12\/pgytech-mavic-air-2-VND-Filter-6-to-9-Stop-Copy.jpg","datePublished":"2020-12-08T12:08:27+00:00","dateModified":"2022-10-04T03:22:34+00:00","description":"K\u00ednh l\u1ecdc Mavic Air 2 6to9 - Professional \u0111\u1ec9nh cao chia theo 4 c\u1ea5p \u0111\u1ed9 gi\u1ea3m t\u1ed1c \u0111\u1ed9 m\u00e0n ch\u1ee5p camera - H\u00e0ng ch\u00ednh h\u00e3ng - Cao c\u1ea5p","breadcrumb":{"@id":"https:\/\/phukienflytech.vn\/en\/san-pham\/pgytech-mavic-air-2-vnd-filter-6-to-9-stop.html#breadcrumb"},"inLanguage":"en-US","potentialAction":[{"@type":"ReadAction","target":["https:\/\/phukienflytech.vn\/en\/san-pham\/pgytech-mavic-air-2-vnd-filter-6-to-9-stop.html"]}]},{"@type":"ImageObject","inLanguage":"en-US","@id":"https:\/\/phukienflytech.vn\/en\/san-pham\/pgytech-mavic-air-2-vnd-filter-6-to-9-stop.html#primaryimage","url":"https:\/\/phukienflytech.vn\/wp-content\/uploads\/2020\/12\/pgytech-mavic-air-2-VND-Filter-6-to-9-Stop-Copy.jpg","contentUrl":"https:\/\/phukienflytech.vn\/wp-content\/uploads\/2020\/12\/pgytech-mavic-air-2-VND-Filter-6-to-9-Stop-Copy.jpg","width":300,"height":300},{"@type":"BreadcrumbList","@id":"https:\/\/phukienflytech.vn\/en\/san-pham\/pgytech-mavic-air-2-vnd-filter-6-to-9-stop.html#breadcrumb","itemListElement":[{"@type":"ListItem","position":1,"name":"Home","item":"https:\/\/phukienflytech.vn\/en"},{"@type":"ListItem","position":2,"name":"Ph\u1ee5 ki\u1ec7n Mavic Pro","item":"https:\/\/phukienflytech.vn\/en\/phu-kien-mavic-pro.html"},{"@type":"ListItem","position":3,"name":"Ph\u1ee5 ki\u1ec7n DJI - Osmo","item":"https:\/\/phukienflytech.vn\/danh-muc\/phu-kien-dji-osmo.html"},{"@type":"ListItem","position":4,"name":"Ph\u1ee5 ki\u1ec7n DJI Mavic Air 2","item":"https:\/\/phukienflytech.vn\/danh-muc\/phu-kien-mavic-air-2.html"},{"@type":"ListItem","position":5,"name":"K\u00ednh l\u1ecdc PGYtech Mavic Air 2 VND Filter (6 to 9 stop) &#8211; Professional"}]},{"@type":"WebSite","@id":"https:\/\/phukienflytech.vn\/#website","url":"https:\/\/phukienflytech.vn\/","name":"Shop M\u00e1y \u1ea3nh - Action Camera - Gimbal - Flycam - Ph\u1ee5 ki\u1ec7n","description":"Shop M\u00e1y \u1ea3nh - Action Camera - Gimbal - Flycam - Ph\u1ee5 ki\u1ec7n","publisher":{"@id":"https:\/\/phukienflytech.vn\/#organization"},"potentialAction":[{"@type":"SearchAction","target":{"@type":"EntryPoint","urlTemplate":"https:\/\/phukienflytech.vn\/?s={search_term_string}"},"query-input":{"@type":"PropertyValueSpecification","valueRequired":true,"valueName":"search_term_string"}}],"inLanguage":"en-US"},{"@type":"Organization","@id":"https:\/\/phukienflytech.vn\/#organization","name":"DJI Store - Shop Drone, Action camera, Gimbal DJI |Phukienflytech","alternateName":"DJI Store - Shop Drone, Action camera, Gimbal DJI |Phukienflytech","url":"https:\/\/phukienflytech.vn\/","logo":{"@type":"ImageObject","inLanguage":"en-US","@id":"https:\/\/phukienflytech.vn\/#\/schema\/logo\/image\/","url":"https:\/\/phukienflytech.vn\/wp-content\/uploads\/2020\/05\/hAnh_nan.jpg1_.jpg","contentUrl":"https:\/\/phukienflytech.vn\/wp-content\/uploads\/2020\/05\/hAnh_nan.jpg1_.jpg","width":800,"height":450,"caption":"DJI Store - Shop Drone, Action camera, Gimbal DJI |Phukienflytech"},"image":{"@id":"https:\/\/phukienflytech.vn\/#\/schema\/logo\/image\/"},"sameAs":["https:\/\/facebook.com\/phukienflycam","https:\/\/www.youtube.com\/@phukienflytech","https:\/\/www.tiktok.com\/@flytech.channel?fbclid=IwY2xjawGjg7BleHRuA2FlbQIxMAABHYVGmlXpuSMs0UB2zTpYvyT4GMVfN2qJa4urF4vkSQ6FAVBwXZtDP30qQA_aem_UwMiDcUvlEbd2tXAmsc8Og"]}]}},"_links":{"self":[{"href":"https:\/\/phukienflytech.vn\/en\/wp-json\/wp\/v2\/product\/21033","targetHints":{"allow":["GET"]}}],"collection":[{"href":"https:\/\/phukienflytech.vn\/en\/wp-json\/wp\/v2\/product"}],"about":[{"href":"https:\/\/phukienflytech.vn\/en\/wp-json\/wp\/v2\/types\/product"}],"replies":[{"embeddable":true,"href":"https:\/\/phukienflytech.vn\/en\/wp-json\/wp\/v2\/comments?post=21033"}],"wp:featuredmedia":[{"embeddable":true,"href":"https:\/\/phukienflytech.vn\/en\/wp-json\/wp\/v2\/media\/21022"}],"wp:attachment":[{"href":"https:\/\/phukienflytech.vn\/en\/wp-json\/wp\/v2\/media?parent=21033"}],"wp:term":[{"taxonomy":"product_brand","embeddable":true,"href":"https:\/\/phukienflytech.vn\/en\/wp-json\/wp\/v2\/product_brand?post=21033"},{"taxonomy":"product_cat","embeddable":true,"href":"https:\/\/phukienflytech.vn\/en\/wp-json\/wp\/v2\/product_cat?post=21033"},{"taxonomy":"product_tag","embeddable":true,"href":"https:\/\/phukienflytech.vn\/en\/wp-json\/wp\/v2\/product_tag?post=21033"}],"curies":[{"name":"wp","href":"https:\/\/api.w.org\/{rel}","templated":true}]}}