{"id":2135,"date":"2020-06-17T22:17:37","date_gmt":"2020-06-17T15:17:37","guid":{"rendered":"http:\/\/27430.lamdx.vinawebsite.vn\/san-pham\/san-pham-tay-quay-phim-handheld-mavic-2-pro-zoom.html"},"modified":"2020-10-12T10:13:42","modified_gmt":"2020-10-12T03:13:42","slug":"mavic-2-handheld","status":"publish","type":"product","link":"https:\/\/phukienflytech.vn\/en\/san-pham\/mavic-2-handheld.html","title":{"rendered":"Mavic 2 handheld"},"content":{"rendered":"<h2><span style=\"font-size: 24px; color: #0000ff;\"><em><strong>Mavic 2 handheld<\/strong> <\/em><\/span><\/h2>\n<p>&nbsp;<\/p>\n<p><span style=\"font-size: 18px;\">Mavic 2 handheld<\/span><\/p>\n<p><span style=\"font-size: 18px;\">B\u1ea1n \u0111\u00e3 c\u00f3 nh\u1eefng g\u00ec trong b\u1ed9 s\u01b0u t\u1eadp\u00a0<strong>ph\u1ee5 ki\u1ec7n mavic 2 pro zoom<\/strong>\u00a0c\u1ee7a m\u00ecnh?<\/span><\/p>\n<h2><span style=\"font-size: 18px; color: #0000ff;\"><strong><img loading=\"lazy\" decoding=\"async\" class=\"alignnone size-full wp-image-12321\" src=\"https:\/\/phukienflytech.vn\/wp-content\/uploads\/2020\/05\/tay-quay-phim-handheld-mavic-2-pro-zoom-2093-5.jpg\" alt=\"\" width=\"450\" height=\"289\" \/><\/strong><\/span><\/h2>\n<p><span style=\"font-size: 18px;\">Hi\u1ec7n c\u00f3 r\u1ea5t nhi\u1ec1u c\u00e1c option ph\u1ee5 ki\u1ec7n kh\u00e1c nhau r\u1ea5t c\u1ea7n thi\u1ebft cho flycam DJI Mavic v\u00e0 m\u1ed9t trong s\u1ed1 \u0111\u00f3 \u0111\u00e3 v\u00e0 \u0111ang \u0111\u01b0\u1ee3c \u01b0u ti\u00ean s\u1eed d\u1ee5ng l\u00e0\u00a0Tay gi\u1eef Mavic quay phim <strong>&#8211; Mavic 2 handheld quay phim<\/strong><strong>.\u00a0<\/strong>H\u00e3y c\u00f9ng tham kh\u1ea3o c\u00e1c th\u00f4ng tin d\u01b0\u1edbi \u0111\u00e2y v\u1ec1 s\u1ea3n ph\u1ea9m<\/span><\/p>\n<h2><span style=\"font-size: 18px; color: #0000ff;\"><strong><img loading=\"lazy\" decoding=\"async\" class=\"alignnone wp-image-12325 size-medium\" src=\"https:\/\/phukienflytech.vn\/wp-content\/uploads\/2020\/05\/tay-quay-phim-handheld-mavic-2-pro-zoom-2093-1-1-400x400.jpg\" alt=\"Mavic-2-handheld -9\" width=\"400\" height=\"400\" srcset=\"https:\/\/phukienflytech.vn\/wp-content\/uploads\/2020\/05\/tay-quay-phim-handheld-mavic-2-pro-zoom-2093-1-1-400x400.jpg 400w, https:\/\/phukienflytech.vn\/wp-content\/uploads\/2020\/05\/tay-quay-phim-handheld-mavic-2-pro-zoom-2093-1-1-280x280.jpg 280w, https:\/\/phukienflytech.vn\/wp-content\/uploads\/2020\/05\/tay-quay-phim-handheld-mavic-2-pro-zoom-2093-1-1-768x768.jpg 768w, https:\/\/phukienflytech.vn\/wp-content\/uploads\/2020\/05\/tay-quay-phim-handheld-mavic-2-pro-zoom-2093-1-1.jpg 800w, https:\/\/phukienflytech.vn\/wp-content\/uploads\/2020\/05\/tay-quay-phim-handheld-mavic-2-pro-zoom-2093-1-1-300x300.jpg 300w, https:\/\/phukienflytech.vn\/wp-content\/uploads\/2020\/05\/tay-quay-phim-handheld-mavic-2-pro-zoom-2093-1-1-600x600.jpg 600w, https:\/\/phukienflytech.vn\/wp-content\/uploads\/2020\/05\/tay-quay-phim-handheld-mavic-2-pro-zoom-2093-1-1-100x100.jpg 100w\" sizes=\"auto, (max-width: 400px) 100vw, 400px\" \/><\/strong><\/span><\/h2>\n<p><span style=\"font-size: 18px;\">V\u1edbi ch\u1ea5t l\u01b0\u1ee3ng camera quay film 4K c\u00f9ng s\u1ef1 h\u1ed7 tr\u1ee3 c\u1ee7a c\u1ee5m gimbal 3 tr\u1ee5c linh ho\u1ea1t v\u00e0 ho\u1ea1t \u0111\u1ed9ng si\u00eau m\u01b0\u1ee3t m\u00e0. Do v\u1eady, nhu c\u1ea7u s\u1eed d\u1ee5ng ch\u00ednh chi\u1ebfc mavic 2 pro zoom \u0111\u1ec3 quay nh\u1eefng th\u01b0\u1edbc phim \u0111\u00f2i h\u1ecfi \u0111\u1ed9 n\u00e9t cao, m\u01b0\u1ee3t v\u00e0 chuy\u00ean nghi\u1ec7p. V\u1edbi nhu c\u1ea7u \u0111\u00f3, h\u00e3ng Sunnylife \u0111\u00e3 thi\u1ebft k\u1ebf m\u1ed9t lo\u1ea1i tay gi\u1eef mavic \u0111\u1ec3 \u0111\u00e1p \u1ee9ng nhu c\u1ea7u c\u00e1c filmer<\/span><\/p>\n<h2><span style=\"font-size: 18px; color: #0000ff;\"><strong><img loading=\"lazy\" decoding=\"async\" class=\"alignnone size-medium wp-image-12327\" src=\"https:\/\/phukienflytech.vn\/wp-content\/uploads\/2020\/05\/tay-quay-phim-handheld-mavic-2-pro-zoom-2093-2-1-399x400.jpg\" alt=\"\" width=\"399\" height=\"400\" srcset=\"https:\/\/phukienflytech.vn\/wp-content\/uploads\/2020\/05\/tay-quay-phim-handheld-mavic-2-pro-zoom-2093-2-1-399x400.jpg 399w, https:\/\/phukienflytech.vn\/wp-content\/uploads\/2020\/05\/tay-quay-phim-handheld-mavic-2-pro-zoom-2093-2-1-280x280.jpg 280w, https:\/\/phukienflytech.vn\/wp-content\/uploads\/2020\/05\/tay-quay-phim-handheld-mavic-2-pro-zoom-2093-2-1-300x300.jpg 300w, https:\/\/phukienflytech.vn\/wp-content\/uploads\/2020\/05\/tay-quay-phim-handheld-mavic-2-pro-zoom-2093-2-1-100x100.jpg 100w, https:\/\/phukienflytech.vn\/wp-content\/uploads\/2020\/05\/tay-quay-phim-handheld-mavic-2-pro-zoom-2093-2-1.jpg 499w\" sizes=\"auto, (max-width: 399px) 100vw, 399px\" \/><\/strong><\/span><\/h2>\n<p><span style=\"font-size: 18px;\">Ch\u1ea5t li\u1ec7u: Nh\u1ef1a in 3D<\/span><\/p>\n<p><span style=\"font-size: 18px;\">\u0110\u00e3 \u0111\u01b0\u1ee3c thi\u1ebft k\u1ebf g\u1ecdn g\u00e0ng h\u01a1n, \u0111\u01b0\u1ee3c b\u1ed5 sung th\u00eam tay m\u00fat x\u1ed1p t\u1ea1o c\u1ea3m gi\u00e1c \u00eam \u00e1i, tho\u1ea3i m\u00e1i h\u01a1n gi\u00fap ng\u01b0\u1eddi d\u00f9ng c\u00f3 th\u1ec3 t\u00e1c nghi\u1ec7p t\u1ed1t h\u01a1n.<\/span><\/p>\n<h2><span style=\"font-size: 18px; color: #0000ff;\"><strong><img loading=\"lazy\" decoding=\"async\" class=\"alignnone size-medium wp-image-12329\" src=\"https:\/\/phukienflytech.vn\/wp-content\/uploads\/2020\/05\/tay-quay-phim-handheld-mavic-2-pro-zoom-2093-3-1-400x400.jpg\" alt=\"\" width=\"400\" height=\"400\" srcset=\"https:\/\/phukienflytech.vn\/wp-content\/uploads\/2020\/05\/tay-quay-phim-handheld-mavic-2-pro-zoom-2093-3-1-400x400.jpg 400w, https:\/\/phukienflytech.vn\/wp-content\/uploads\/2020\/05\/tay-quay-phim-handheld-mavic-2-pro-zoom-2093-3-1-280x280.jpg 280w, https:\/\/phukienflytech.vn\/wp-content\/uploads\/2020\/05\/tay-quay-phim-handheld-mavic-2-pro-zoom-2093-3-1-768x768.jpg 768w, https:\/\/phukienflytech.vn\/wp-content\/uploads\/2020\/05\/tay-quay-phim-handheld-mavic-2-pro-zoom-2093-3-1.jpg 800w, https:\/\/phukienflytech.vn\/wp-content\/uploads\/2020\/05\/tay-quay-phim-handheld-mavic-2-pro-zoom-2093-3-1-300x300.jpg 300w, https:\/\/phukienflytech.vn\/wp-content\/uploads\/2020\/05\/tay-quay-phim-handheld-mavic-2-pro-zoom-2093-3-1-600x600.jpg 600w, https:\/\/phukienflytech.vn\/wp-content\/uploads\/2020\/05\/tay-quay-phim-handheld-mavic-2-pro-zoom-2093-3-1-100x100.jpg 100w\" sizes=\"auto, (max-width: 400px) 100vw, 400px\" \/><\/strong><\/span><\/h2>\n<p><span style=\"font-size: 18px;\">H\u00e3y \u0111\u1ec3\u00a0<a href=\"https:\/\/facebook.com\/phukienflycam\/\" target=\"_blank\" rel=\"noopener noreferrer\">Ph\u1ee5 Ki\u1ec7n Fly-cam Gi\u00e1 T\u1ed1t<\/a>\u00a0ti\u1ebfp s\u1ee9c \u0111am m\u00ea, c\u00f4ng vi\u1ec7c c\u1ee7a b\u1ea1n, gi\u00fap b\u1ea1n th\u00eam ni\u1ec1m h\u1ee9ng kh\u1edfi trong \u0111am m\u00ea c\u0169ng nh\u01b0 c\u00f4ng vi\u1ec7c c\u1ee7a m\u00ecnh th\u00eam su\u00f4n s\u1ebb<\/span><\/p>\n<h2><span style=\"font-size: 18px; color: #0000ff;\"><strong><img loading=\"lazy\" decoding=\"async\" class=\"alignnone wp-image-12331 \" src=\"https:\/\/phukienflytech.vn\/wp-content\/uploads\/2020\/05\/tay-quay-phim-handheld-mavic-2-pro-zoom-2093-4-1-400x400.jpg\" alt=\"Mavic-2-handheld \" width=\"461\" height=\"461\" srcset=\"https:\/\/phukienflytech.vn\/wp-content\/uploads\/2020\/05\/tay-quay-phim-handheld-mavic-2-pro-zoom-2093-4-1-400x400.jpg 400w, https:\/\/phukienflytech.vn\/wp-content\/uploads\/2020\/05\/tay-quay-phim-handheld-mavic-2-pro-zoom-2093-4-1-280x280.jpg 280w, https:\/\/phukienflytech.vn\/wp-content\/uploads\/2020\/05\/tay-quay-phim-handheld-mavic-2-pro-zoom-2093-4-1-768x768.jpg 768w, https:\/\/phukienflytech.vn\/wp-content\/uploads\/2020\/05\/tay-quay-phim-handheld-mavic-2-pro-zoom-2093-4-1-800x800.jpg 800w, https:\/\/phukienflytech.vn\/wp-content\/uploads\/2020\/05\/tay-quay-phim-handheld-mavic-2-pro-zoom-2093-4-1-300x300.jpg 300w, https:\/\/phukienflytech.vn\/wp-content\/uploads\/2020\/05\/tay-quay-phim-handheld-mavic-2-pro-zoom-2093-4-1-600x600.jpg 600w, https:\/\/phukienflytech.vn\/wp-content\/uploads\/2020\/05\/tay-quay-phim-handheld-mavic-2-pro-zoom-2093-4-1-100x100.jpg 100w, https:\/\/phukienflytech.vn\/wp-content\/uploads\/2020\/05\/tay-quay-phim-handheld-mavic-2-pro-zoom-2093-4-1.jpg 820w\" sizes=\"auto, (max-width: 461px) 100vw, 461px\" \/><\/strong><\/span><\/h2>\n<p><span style=\"font-size: 18px;\">Xem th\u00eam &gt;&gt;&gt;&gt; <span style=\"font-size: 20px;\"><a href=\"https:\/\/phukienflytech.vn\/danh-muc\/phu-kien-mavic-2.html\" target=\"_blank\" rel=\"noopener noreferrer\">Ph\u1ee5 ki\u1ec7n mavic 2<\/a><\/span><\/span><\/p>\n<p><span style=\"font-size: 18px;\">H\u00e3y \u0111\u1ec3\u00a0<a href=\"https:\/\/facebook.com\/phukienflycam\/\" target=\"_blank\" rel=\"noopener noreferrer\">Ph\u1ee5 Ki\u1ec7n Fly-cam Gi\u00e1 T\u1ed1t<\/a>\u00a0ti\u1ebfp s\u1ee9c \u0111am m\u00ea, c\u00f4ng vi\u1ec7c c\u1ee7a b\u1ea1n, gi\u00fap b\u1ea1n th\u00eam ni\u1ec1m h\u1ee9ng kh\u1edfi trong \u0111am m\u00ea c\u0169ng nh\u01b0 c\u00f4ng vi\u1ec7c c\u1ee7a m\u00ecnh th\u00eam su\u00f4n s\u1ebb<\/span><\/p>\n<p><span style=\"font-size: 18px;\">Nh\u00e0 s\u1ea3n xu\u1ea5t: Sunnylife &#8211; Vendor c\u1ee7a DJI v\u1ec1 cung c\u1ea5p ph\u1ee5 ki\u1ec7n<\/span><\/p>\n","protected":false},"excerpt":{"rendered":"<p>Mavic 2 handheld &nbsp; Mavic 2 handheld B\u1ea1n \u0111\u00e3 c\u00f3 nh\u1eefng g\u00ec trong b\u1ed9 s\u01b0u t\u1eadp\u00a0ph\u1ee5 ki\u1ec7n mavic 2 pro zoom\u00a0c\u1ee7a m\u00ecnh? Hi\u1ec7n c\u00f3 r\u1ea5t nhi\u1ec1u c\u00e1c option ph\u1ee5 ki\u1ec7n kh\u00e1c nhau r\u1ea5t c\u1ea7n thi\u1ebft cho flycam DJI Mavic v\u00e0 m\u1ed9t trong s\u1ed1 \u0111\u00f3 \u0111\u00e3 v\u00e0 \u0111ang \u0111\u01b0\u1ee3c \u01b0u ti\u00ean s\u1eed d\u1ee5ng l\u00e0\u00a0Tay gi\u1eef Mavic &#8230;<\/p>\n","protected":false},"featured_media":2104,"comment_status":"open","ping_status":"closed","template":"","meta":{"_acf_changed":false},"product_brand":[],"product_cat":[177],"product_tag":[206,209],"class_list":{"0":"post-2135","1":"product","2":"type-product","3":"status-publish","4":"has-post-thumbnail","6":"product_cat-mavic-2s-accessory","7":"product_tag-phu-kien-dji-en","8":"product_tag-phu-kien-mavic-2-en","10":"first","11":"instock","12":"shipping-taxable","13":"purchasable","14":"product-type-simple"},"acf":[],"yoast_head":"<!-- This site is optimized with the Yoast SEO plugin v25.7 - https:\/\/yoast.com\/wordpress\/plugins\/seo\/ -->\n<title>Mavic 2 handheld - Mavic 2 accessory - Available - Original Sunnylife<\/title>\n<meta name=\"description\" content=\"Mavic 2 handheld is one of the most important accessory. Contact us to buy Mavic 2 handheld for best price, fast shipping in Vietnam\" \/>\n<meta name=\"robots\" content=\"index, follow, max-snippet:-1, max-image-preview:large, max-video-preview:-1\" \/>\n<link rel=\"canonical\" href=\"https:\/\/phukienflytech.vn\/en\/san-pham\/mavic-2-handheld.html\" \/>\n<meta property=\"og:locale\" content=\"en_US\" \/>\n<meta property=\"og:type\" content=\"article\" \/>\n<meta property=\"og:title\" content=\"Mavic 2 handheld - Mavic 2 accessory - Available - Original Sunnylife\" \/>\n<meta property=\"og:description\" content=\"Mavic 2 handheld is one of the most important accessory. Contact us to buy Mavic 2 handheld for best price, fast shipping in Vietnam\" \/>\n<meta property=\"og:url\" content=\"https:\/\/phukienflytech.vn\/en\/san-pham\/mavic-2-handheld.html\" \/>\n<meta property=\"og:site_name\" content=\"Shop M\u00e1y \u1ea3nh - Action Camera - Gimbal - Flycam - Ph\u1ee5 ki\u1ec7n\" \/>\n<meta property=\"article:publisher\" content=\"https:\/\/facebook.com\/phukienflycam\" \/>\n<meta property=\"article:modified_time\" content=\"2020-10-12T03:13:42+00:00\" \/>\n<meta property=\"og:image\" content=\"https:\/\/phukienflytech.vn\/wp-content\/uploads\/2020\/05\/phu-kien-mavic-2-chinh-hang-dji-1.png\" \/>\n\t<meta property=\"og:image:width\" content=\"300\" \/>\n\t<meta property=\"og:image:height\" content=\"302\" \/>\n\t<meta property=\"og:image:type\" content=\"image\/png\" \/>\n<meta name=\"twitter:card\" content=\"summary_large_image\" \/>\n<meta name=\"twitter:label1\" content=\"Est. reading time\" \/>\n\t<meta name=\"twitter:data1\" content=\"2 minutes\" \/>\n<script type=\"application\/ld+json\" class=\"yoast-schema-graph\">{\"@context\":\"https:\/\/schema.org\",\"@graph\":[{\"@type\":\"WebPage\",\"@id\":\"https:\/\/phukienflytech.vn\/en\/san-pham\/mavic-2-handheld.html\",\"url\":\"https:\/\/phukienflytech.vn\/en\/san-pham\/mavic-2-handheld.html\",\"name\":\"Mavic 2 handheld - Mavic 2 accessory - Available - Original Sunnylife\",\"isPartOf\":{\"@id\":\"https:\/\/phukienflytech.vn\/#website\"},\"primaryImageOfPage\":{\"@id\":\"https:\/\/phukienflytech.vn\/en\/san-pham\/mavic-2-handheld.html#primaryimage\"},\"image\":{\"@id\":\"https:\/\/phukienflytech.vn\/en\/san-pham\/mavic-2-handheld.html#primaryimage\"},\"thumbnailUrl\":\"https:\/\/phukienflytech.vn\/wp-content\/uploads\/2020\/05\/phu-kien-mavic-2-chinh-hang-dji-1.png\",\"datePublished\":\"2020-06-17T15:17:37+00:00\",\"dateModified\":\"2020-10-12T03:13:42+00:00\",\"description\":\"Mavic 2 handheld is one of the most important accessory. Contact us to buy Mavic 2 handheld for best price, fast shipping in Vietnam\",\"breadcrumb\":{\"@id\":\"https:\/\/phukienflytech.vn\/en\/san-pham\/mavic-2-handheld.html#breadcrumb\"},\"inLanguage\":\"en-US\",\"potentialAction\":[{\"@type\":\"ReadAction\",\"target\":[\"https:\/\/phukienflytech.vn\/en\/san-pham\/mavic-2-handheld.html\"]}]},{\"@type\":\"ImageObject\",\"inLanguage\":\"en-US\",\"@id\":\"https:\/\/phukienflytech.vn\/en\/san-pham\/mavic-2-handheld.html#primaryimage\",\"url\":\"https:\/\/phukienflytech.vn\/wp-content\/uploads\/2020\/05\/phu-kien-mavic-2-chinh-hang-dji-1.png\",\"contentUrl\":\"https:\/\/phukienflytech.vn\/wp-content\/uploads\/2020\/05\/phu-kien-mavic-2-chinh-hang-dji-1.png\",\"width\":300,\"height\":302},{\"@type\":\"BreadcrumbList\",\"@id\":\"https:\/\/phukienflytech.vn\/en\/san-pham\/mavic-2-handheld.html#breadcrumb\",\"itemListElement\":[{\"@type\":\"ListItem\",\"position\":1,\"name\":\"Home\",\"item\":\"https:\/\/phukienflytech.vn\/en\"},{\"@type\":\"ListItem\",\"position\":2,\"name\":\"Ph\u1ee5 ki\u1ec7n Mavic Pro\",\"item\":\"https:\/\/phukienflytech.vn\/en\/phu-kien-mavic-pro.html\"},{\"@type\":\"ListItem\",\"position\":3,\"name\":\"Ph\u1ee5 ki\u1ec7n DJI - Osmo\",\"item\":\"https:\/\/phukienflytech.vn\/danh-muc\/phu-kien-dji-osmo.html\"},{\"@type\":\"ListItem\",\"position\":4,\"name\":\"Ph\u1ee5 ki\u1ec7n DJI Mavic 2\",\"item\":\"https:\/\/phukienflytech.vn\/danh-muc\/phu-kien-mavic-2.html\"},{\"@type\":\"ListItem\",\"position\":5,\"name\":\"Mavic 2 handheld\"}]},{\"@type\":\"WebSite\",\"@id\":\"https:\/\/phukienflytech.vn\/#website\",\"url\":\"https:\/\/phukienflytech.vn\/\",\"name\":\"Shop M\u00e1y \u1ea3nh - Action Camera - Gimbal - Flycam - Ph\u1ee5 ki\u1ec7n\",\"description\":\"Shop M\u00e1y \u1ea3nh - Action Camera - Gimbal - Flycam - Ph\u1ee5 ki\u1ec7n\",\"publisher\":{\"@id\":\"https:\/\/phukienflytech.vn\/#organization\"},\"potentialAction\":[{\"@type\":\"SearchAction\",\"target\":{\"@type\":\"EntryPoint\",\"urlTemplate\":\"https:\/\/phukienflytech.vn\/?s={search_term_string}\"},\"query-input\":{\"@type\":\"PropertyValueSpecification\",\"valueRequired\":true,\"valueName\":\"search_term_string\"}}],\"inLanguage\":\"en-US\"},{\"@type\":\"Organization\",\"@id\":\"https:\/\/phukienflytech.vn\/#organization\",\"name\":\"DJI Store - Shop Drone, Action camera, Gimbal DJI |Phukienflytech\",\"alternateName\":\"DJI Store - Shop Drone, Action camera, Gimbal DJI |Phukienflytech\",\"url\":\"https:\/\/phukienflytech.vn\/\",\"logo\":{\"@type\":\"ImageObject\",\"inLanguage\":\"en-US\",\"@id\":\"https:\/\/phukienflytech.vn\/#\/schema\/logo\/image\/\",\"url\":\"https:\/\/phukienflytech.vn\/wp-content\/uploads\/2020\/05\/hAnh_nan.jpg1_.jpg\",\"contentUrl\":\"https:\/\/phukienflytech.vn\/wp-content\/uploads\/2020\/05\/hAnh_nan.jpg1_.jpg\",\"width\":800,\"height\":450,\"caption\":\"DJI Store - Shop Drone, Action camera, Gimbal DJI |Phukienflytech\"},\"image\":{\"@id\":\"https:\/\/phukienflytech.vn\/#\/schema\/logo\/image\/\"},\"sameAs\":[\"https:\/\/facebook.com\/phukienflycam\",\"https:\/\/www.youtube.com\/@phukienflytech\",\"https:\/\/www.tiktok.com\/@flytech.channel?fbclid=IwY2xjawGjg7BleHRuA2FlbQIxMAABHYVGmlXpuSMs0UB2zTpYvyT4GMVfN2qJa4urF4vkSQ6FAVBwXZtDP30qQA_aem_UwMiDcUvlEbd2tXAmsc8Og\"]}]}<\/script>\n<!-- \/ Yoast SEO plugin. -->","yoast_head_json":{"title":"Mavic 2 handheld - Mavic 2 accessory - Available - Original Sunnylife","description":"Mavic 2 handheld is one of the most important accessory. Contact us to buy Mavic 2 handheld for best price, fast shipping in Vietnam","robots":{"index":"index","follow":"follow","max-snippet":"max-snippet:-1","max-image-preview":"max-image-preview:large","max-video-preview":"max-video-preview:-1"},"canonical":"https:\/\/phukienflytech.vn\/en\/san-pham\/mavic-2-handheld.html","og_locale":"en_US","og_type":"article","og_title":"Mavic 2 handheld - Mavic 2 accessory - Available - Original Sunnylife","og_description":"Mavic 2 handheld is one of the most important accessory. Contact us to buy Mavic 2 handheld for best price, fast shipping in Vietnam","og_url":"https:\/\/phukienflytech.vn\/en\/san-pham\/mavic-2-handheld.html","og_site_name":"Shop M\u00e1y \u1ea3nh - Action Camera - Gimbal - Flycam - Ph\u1ee5 ki\u1ec7n","article_publisher":"https:\/\/facebook.com\/phukienflycam","article_modified_time":"2020-10-12T03:13:42+00:00","og_image":[{"width":300,"height":302,"url":"https:\/\/phukienflytech.vn\/wp-content\/uploads\/2020\/05\/phu-kien-mavic-2-chinh-hang-dji-1.png","type":"image\/png"}],"twitter_card":"summary_large_image","twitter_misc":{"Est. reading time":"2 minutes"},"schema":{"@context":"https:\/\/schema.org","@graph":[{"@type":"WebPage","@id":"https:\/\/phukienflytech.vn\/en\/san-pham\/mavic-2-handheld.html","url":"https:\/\/phukienflytech.vn\/en\/san-pham\/mavic-2-handheld.html","name":"Mavic 2 handheld - Mavic 2 accessory - Available - Original Sunnylife","isPartOf":{"@id":"https:\/\/phukienflytech.vn\/#website"},"primaryImageOfPage":{"@id":"https:\/\/phukienflytech.vn\/en\/san-pham\/mavic-2-handheld.html#primaryimage"},"image":{"@id":"https:\/\/phukienflytech.vn\/en\/san-pham\/mavic-2-handheld.html#primaryimage"},"thumbnailUrl":"https:\/\/phukienflytech.vn\/wp-content\/uploads\/2020\/05\/phu-kien-mavic-2-chinh-hang-dji-1.png","datePublished":"2020-06-17T15:17:37+00:00","dateModified":"2020-10-12T03:13:42+00:00","description":"Mavic 2 handheld is one of the most important accessory. Contact us to buy Mavic 2 handheld for best price, fast shipping in Vietnam","breadcrumb":{"@id":"https:\/\/phukienflytech.vn\/en\/san-pham\/mavic-2-handheld.html#breadcrumb"},"inLanguage":"en-US","potentialAction":[{"@type":"ReadAction","target":["https:\/\/phukienflytech.vn\/en\/san-pham\/mavic-2-handheld.html"]}]},{"@type":"ImageObject","inLanguage":"en-US","@id":"https:\/\/phukienflytech.vn\/en\/san-pham\/mavic-2-handheld.html#primaryimage","url":"https:\/\/phukienflytech.vn\/wp-content\/uploads\/2020\/05\/phu-kien-mavic-2-chinh-hang-dji-1.png","contentUrl":"https:\/\/phukienflytech.vn\/wp-content\/uploads\/2020\/05\/phu-kien-mavic-2-chinh-hang-dji-1.png","width":300,"height":302},{"@type":"BreadcrumbList","@id":"https:\/\/phukienflytech.vn\/en\/san-pham\/mavic-2-handheld.html#breadcrumb","itemListElement":[{"@type":"ListItem","position":1,"name":"Home","item":"https:\/\/phukienflytech.vn\/en"},{"@type":"ListItem","position":2,"name":"Ph\u1ee5 ki\u1ec7n Mavic Pro","item":"https:\/\/phukienflytech.vn\/en\/phu-kien-mavic-pro.html"},{"@type":"ListItem","position":3,"name":"Ph\u1ee5 ki\u1ec7n DJI - Osmo","item":"https:\/\/phukienflytech.vn\/danh-muc\/phu-kien-dji-osmo.html"},{"@type":"ListItem","position":4,"name":"Ph\u1ee5 ki\u1ec7n DJI Mavic 2","item":"https:\/\/phukienflytech.vn\/danh-muc\/phu-kien-mavic-2.html"},{"@type":"ListItem","position":5,"name":"Mavic 2 handheld"}]},{"@type":"WebSite","@id":"https:\/\/phukienflytech.vn\/#website","url":"https:\/\/phukienflytech.vn\/","name":"Shop M\u00e1y \u1ea3nh - Action Camera - Gimbal - Flycam - Ph\u1ee5 ki\u1ec7n","description":"Shop M\u00e1y \u1ea3nh - Action Camera - Gimbal - Flycam - Ph\u1ee5 ki\u1ec7n","publisher":{"@id":"https:\/\/phukienflytech.vn\/#organization"},"potentialAction":[{"@type":"SearchAction","target":{"@type":"EntryPoint","urlTemplate":"https:\/\/phukienflytech.vn\/?s={search_term_string}"},"query-input":{"@type":"PropertyValueSpecification","valueRequired":true,"valueName":"search_term_string"}}],"inLanguage":"en-US"},{"@type":"Organization","@id":"https:\/\/phukienflytech.vn\/#organization","name":"DJI Store - Shop Drone, Action camera, Gimbal DJI |Phukienflytech","alternateName":"DJI Store - Shop Drone, Action camera, Gimbal DJI |Phukienflytech","url":"https:\/\/phukienflytech.vn\/","logo":{"@type":"ImageObject","inLanguage":"en-US","@id":"https:\/\/phukienflytech.vn\/#\/schema\/logo\/image\/","url":"https:\/\/phukienflytech.vn\/wp-content\/uploads\/2020\/05\/hAnh_nan.jpg1_.jpg","contentUrl":"https:\/\/phukienflytech.vn\/wp-content\/uploads\/2020\/05\/hAnh_nan.jpg1_.jpg","width":800,"height":450,"caption":"DJI Store - Shop Drone, Action camera, Gimbal DJI |Phukienflytech"},"image":{"@id":"https:\/\/phukienflytech.vn\/#\/schema\/logo\/image\/"},"sameAs":["https:\/\/facebook.com\/phukienflycam","https:\/\/www.youtube.com\/@phukienflytech","https:\/\/www.tiktok.com\/@flytech.channel?fbclid=IwY2xjawGjg7BleHRuA2FlbQIxMAABHYVGmlXpuSMs0UB2zTpYvyT4GMVfN2qJa4urF4vkSQ6FAVBwXZtDP30qQA_aem_UwMiDcUvlEbd2tXAmsc8Og"]}]}},"_links":{"self":[{"href":"https:\/\/phukienflytech.vn\/en\/wp-json\/wp\/v2\/product\/2135","targetHints":{"allow":["GET"]}}],"collection":[{"href":"https:\/\/phukienflytech.vn\/en\/wp-json\/wp\/v2\/product"}],"about":[{"href":"https:\/\/phukienflytech.vn\/en\/wp-json\/wp\/v2\/types\/product"}],"replies":[{"embeddable":true,"href":"https:\/\/phukienflytech.vn\/en\/wp-json\/wp\/v2\/comments?post=2135"}],"wp:featuredmedia":[{"embeddable":true,"href":"https:\/\/phukienflytech.vn\/en\/wp-json\/wp\/v2\/media\/2104"}],"wp:attachment":[{"href":"https:\/\/phukienflytech.vn\/en\/wp-json\/wp\/v2\/media?parent=2135"}],"wp:term":[{"taxonomy":"product_brand","embeddable":true,"href":"https:\/\/phukienflytech.vn\/en\/wp-json\/wp\/v2\/product_brand?post=2135"},{"taxonomy":"product_cat","embeddable":true,"href":"https:\/\/phukienflytech.vn\/en\/wp-json\/wp\/v2\/product_cat?post=2135"},{"taxonomy":"product_tag","embeddable":true,"href":"https:\/\/phukienflytech.vn\/en\/wp-json\/wp\/v2\/product_tag?post=2135"}],"curies":[{"name":"wp","href":"https:\/\/api.w.org\/{rel}","templated":true}]}}