{"id":2145,"date":"2020-05-20T09:33:21","date_gmt":"2020-05-20T02:33:21","guid":{"rendered":"http:\/\/27430.lamdx.vinawebsite.vn\/san-pham\/bao-ve-canh-led-mavic-pro-series-platium-pgytech.html"},"modified":"2020-05-20T09:49:34","modified_gmt":"2020-05-20T02:49:34","slug":"bao-ve-canh-led-mavic-pro-series-platium-pgytech","status":"publish","type":"product","link":"https:\/\/phukienflytech.vn\/en\/san-pham\/bao-ve-canh-led-mavic-pro-series-platium-pgytech.html","title":{"rendered":"B\u1ea3o v\u1ec7 c\u00e1nh LED Mavic pro series\/ platium &#8211; PGYtech"},"content":{"rendered":"<h2><span style=\"font-size: 24px; color: #0000ff;\"><strong><em>B\u1ed9 b\u1ea3o v\u1ec7 c\u00e1nh Mavic pro\/ 2 pro \/ zoom &#8211; platium<\/em><\/strong><\/span><\/h2>\n<p><span style=\"font-size: 20px;\">B\u1ea3o v\u1ec7 c\u00e1nh led Mavic pro<\/span><\/p>\n<p><span style=\"font-size: 20px;\">T\u1ea1i sao m\u1ed7i ng\u01b0\u1eddi ch\u01a1i flycam n\u00ean s\u1eed d\u1ee5ng<em><strong>\u00a0b\u1ed9 b\u1ea3o v\u1ec7 c\u00e1nh<\/strong><\/em>?<\/span><\/p>\n<p><span style=\"font-size: 20px;\">Kh\u00f4ng ch\u1ec9 \u0111\u01a1n thu\u1ea7n l\u00e0 b\u1ea3o v\u1ec7 c\u00e1nh m\u00e1y bay trong tr\u01b0\u1eddng h\u1ee3p va qu\u1ec7t v\u00e0o t\u01b0\u1eddng, c\u00e0nh c\u00e2y&#8230; m\u00e0 xa h\u01a1n n\u1eefa ch\u00ednh l\u00e0 b\u1ea3o v\u1ec7 \u0111\u1ed9ng c\u01a1 motor c\u1ee7a m\u00e1y. Khi va ch\u1ea1m x\u1ea3y ra, c\u00e1nh s\u1ebd b\u1ecb ch\u1eb7n \u0111\u1ee9ng l\u1ea1i v\u00e0 \u0111\u1ed9ng c\u01a1 v\u1eabn ti\u1ebfp t\u1ee5c nh\u1eadn l\u1ec7nh chuy\u1ec3n \u0111\u1ed9ng, v\u00e0 khi s\u1ef1 m\u00e2u thu\u1eabn tr\u00ean x\u1ea3y ra th\u00ec r\u1ea5t kh\u00f3 tr\u00e1nh kh\u1ecfi h\u1eadu qu\u1ea3 ch\u00e1y motor&#8230;<\/span><\/p>\n<p><span style=\"font-size: 20px;\"><img loading=\"lazy\" decoding=\"async\" src=\"https:\/\/phukienflytech.vn\/wp-content\/uploads\/2020\/05\/bao-ve-canh-led-mavic-pro-series-platium-pgytech-1961-4.jpg\" alt=\"\" width=\"450\" height=\"300\" \/><\/span><\/p>\n<h2><span style=\"font-size: 20px;\"><strong><em>B\u1ed9 b\u1ea3o v\u1ec7 c\u00e1nh g\u1eafn chu\u1ed7i \u0111\u00e8n LED \u0111\u01b0\u1ee3c \u0111i\u1ec1u khi\u1ec3n t\u1eeb xa<\/em><\/strong><\/span><\/h2>\n<p><span style=\"font-size: 20px;\">B\u00ean c\u1ea1nh vi\u1ec7c\u00a0<strong><em>b\u1ea3o v\u1ec7 c\u00e1nh mavic pro platium, mavic\u00a0 2 pro zoom<\/em><\/strong>\u00a0\u0111\u00e3 \u0111\u01b0\u1ee3c \u0111\u1ec1 c\u1eadp\u00a0<\/span><\/p>\n<p><span style=\"font-size: 20px;\">B\u00ean c\u1ea1nh y\u1ebfu t\u1ed1 an to\u00e0n,\u00a0<em><strong>PGYtech<\/strong><\/em> c\u00f2n n\u00e2ng t\u1ea7m s\u1ef1 b\u1ea3o v\u1ec7 \u0111\u00f3 l\u00ean m\u1ee9c m\u1edbi, \u0111\u1eb9p h\u01a1n, lung linh h\u01a1n v\u00e0 ho\u00e0n to\u00e0n \u0111\u01b0\u1ee3c t\u1eaft b\u1eadt theo \u00fd mu\u1ed1n b\u1eb1ng vi\u1ec7c k\u1ebft n\u1ed1i h\u1ec7 th\u1ed1ng \u0111i\u1ec1u khi\u1ec3n LED v\u1edbi m\u1ed9t b\u1ee9c s\u00f3ng tr\u00f9ng v\u1edbi m\u00e1y bay. Do v\u1eady n\u00f3 c\u00f3 th\u1ec3 \u0111\u01b0\u1ee3c b\u1eadt t\u1eaft th\u00f4ng qua c\u00e1c n\u00fat b\u1ea5m C1 ho\u1eb7c C2 tr\u00ean tay khi\u1ec3n c\u1ee7a mavic pro platium<\/span><\/p>\n<p><span style=\"font-size: 20px;\"><img loading=\"lazy\" decoding=\"async\" src=\"https:\/\/phukienflytech.vn\/wp-content\/uploads\/2020\/05\/bao-ve-canh-led-mavic-pro-series-platium-pgytech-1961-5.jpg\" alt=\"\" width=\"450\" height=\"253\" \/><\/span><\/p>\n<p><span style=\"font-size: 20px;\">R\u1ea5t d\u1ec5 th\u00e1o l\u1eafp, v\u00e0 ch\u1eafc ch\u1eafn khi g\u1eafn v\u00e0o v\u1edbi thi\u1ebft b\u1ecb<\/span><\/p>\n<p><span style=\"font-size: 20px;\"><img loading=\"lazy\" decoding=\"async\" src=\"https:\/\/phukienflytech.vn\/wp-content\/uploads\/2020\/05\/bao-ve-canh-led-mavic-pro-series-platium-pgytech-1961-6.jpg\" alt=\"\" width=\"450\" height=\"367\" \/><\/span><\/p>\n<p><span style=\"font-size: 20px;\">V\u1edbi<em><strong>\u00a0b\u1ed9 b\u1ea3o v\u1ec7 c\u00e1nh mavic pro platium, mavic 2<\/strong><\/em>\u00a0c\u00f3 g\u1eafn chu\u1ed7i<strong><em>\u00a0LED\u00a0<\/em><\/strong>th\u00ec ch\u1eafc ch\u1eafn b\u1ea1n s\u1ebd c\u00f3 \u0111\u01b0\u1ee3c nh\u1eefng tr\u1ea3i nghi\u1ec7m v\u00f4 c\u00f9ng th\u00fa v\u1ecb v\u00e0 \u0111\u1ea7y s\u1ef1 m\u1edbi m\u1ebb. \u0110\u00e3 c\u00f3 r\u1ea5t nhi\u1ec1u Pilot d\u00f9ng v\u00e0 ch\u00fang t\u00f4i lu\u00f4n nh\u1eadn l\u1ea1i nh\u1eefng feedback t\u00edch c\u1ef1c v\u1ec1 s\u1ea3n ph\u1ea9m. Th\u1eadt tuy\u1ec7t v\u1eddi v\u1edbi m\u1ed9t s\u1ea3n ph\u1ea9m t\u01b0\u1edfng ch\u1eebng \u00edt \u0111\u01b0\u1ee3c ch\u00fa \u00fd l\u1ea1i \u0111em l\u1ea1i m\u1ed9t c\u1ea3m gi\u00e1c th\u1ecfa m\u00e3n cho ng\u01b0\u1eddi ch\u01a1i t\u1edbi v\u1eady<\/span><\/p>\n<p><span style=\"font-size: 20px;\"><img loading=\"lazy\" decoding=\"async\" src=\"https:\/\/phukienflytech.vn\/wp-content\/uploads\/2020\/05\/bao-ve-canh-led-mavic-pro-series-platium-pgytech-1961-7.jpg\" alt=\"\" width=\"450\" height=\"238\" \/><\/span><\/p>\n<p><span style=\"font-size: 20px;\">\u0110\u1eb7c bi\u1ec7t, n\u1ebfu b\u1ea1n \u0111\u00e3 bi\u1ebft \u0111\u1ebfn\u00a0<em><strong><a href=\"https:\/\/phukienflytech.vn\/san-pham\/canh-giam-on-mavic-pro-canh-den-led-mavic-pro-cap-2-canh.html\" target=\"_blank\" rel=\"noopener noreferrer\">C\u00e1nh \u0111\u00e8n LED gi\u1ea3m \u1ed3n Mavic pro platium<\/a>\u00a0<\/strong><\/em>th\u00ec ch\u1eafc h\u1eb3n b\u1ea1n s\u1ebd h\u00ecnh dung ra \u0111\u01b0\u1ee3c s\u1ef1 th\u00fa v\u1ecb \u0111\u1ebfn l\u1ea1 th\u01b0\u1eddng n\u1ebfu k\u1ebft h\u1ee3p\u00a0<strong><em>b\u1ed9 b\u1ea3o v\u1ec7 c\u00e1nh g\u1eafn LED Mavic pro<\/em><\/strong>\u00a0platium v\u1edbi b\u1ed9 c\u00e1nh LED mavic \u0111\u00f3. Th\u1eadt \u0111\u00e1ng \u0111\u1ec3 th\u1eed<\/span><\/p>\n<p>&nbsp;<\/p>\n<p>&nbsp;<\/p>\n<p>&nbsp;<\/p>\n","protected":false},"excerpt":{"rendered":"<p>B\u1ed9 b\u1ea3o v\u1ec7 c\u00e1nh Mavic pro\/ 2 pro \/ zoom &#8211; platium B\u1ea3o v\u1ec7 c\u00e1nh led Mavic pro T\u1ea1i sao m\u1ed7i ng\u01b0\u1eddi ch\u01a1i flycam n\u00ean s\u1eed d\u1ee5ng\u00a0b\u1ed9 b\u1ea3o v\u1ec7 c\u00e1nh? Kh\u00f4ng ch\u1ec9 \u0111\u01a1n thu\u1ea7n l\u00e0 b\u1ea3o v\u1ec7 c\u00e1nh m\u00e1y bay trong tr\u01b0\u1eddng h\u1ee3p va qu\u1ec7t v\u00e0o t\u01b0\u1eddng, c\u00e0nh c\u00e2y&#8230; m\u00e0 xa h\u01a1n n\u1eefa ch\u00ednh l\u00e0 &#8230;<\/p>\n","protected":false},"featured_media":0,"comment_status":"open","ping_status":"closed","template":"","meta":{"_acf_changed":false},"product_brand":[],"product_cat":[791],"product_tag":[],"class_list":{"0":"post-2145","1":"product","2":"type-product","3":"status-publish","5":"product_cat-chua-phan-loai","7":"first","8":"instock","9":"sale","10":"shipping-taxable","11":"purchasable","12":"product-type-simple"},"acf":[],"yoast_head":"<!-- This site is optimized with the Yoast SEO plugin v25.7 - https:\/\/yoast.com\/wordpress\/plugins\/seo\/ -->\n<title>B\u1ea3o v\u1ec7 c\u00e1nh led mavic - b\u1ed9 b\u1ea3o v\u1ec7 g\u1eafn c\u00e1nh led mavic -ship cod to\u00e0n qu\u1ed1c<\/title>\n<meta name=\"description\" content=\"B\u1ea3o v\u1ec7 c\u00e1nh led mavic ph\u1ee5 ki\u00ean mavic ch\u00ednh h\u00e3ng PGYtech l\u00e0 m\u1eabu ph\u1ee5 ki\u1ec7n gi\u00fap cho chi\u1ebfc flycam c\u1ee7a b\u1ea1n tr\u1edf n\u00ean ng\u1ea7u h\u01a1n v\u00e0 d\u1ec5 d\u00e0ng bay \u0111\u01b0\u1ee3c tr\u00f4ng \u0111\u00eam\" \/>\n<meta name=\"robots\" content=\"index, follow, max-snippet:-1, max-image-preview:large, max-video-preview:-1\" \/>\n<link rel=\"canonical\" href=\"https:\/\/phukienflytech.vn\/en\/san-pham\/bao-ve-canh-led-mavic-pro-series-platium-pgytech.html\" \/>\n<meta property=\"og:locale\" content=\"en_US\" \/>\n<meta property=\"og:type\" content=\"article\" \/>\n<meta property=\"og:title\" content=\"B\u1ea3o v\u1ec7 c\u00e1nh led mavic - b\u1ed9 b\u1ea3o v\u1ec7 g\u1eafn c\u00e1nh led mavic -ship cod to\u00e0n qu\u1ed1c\" \/>\n<meta property=\"og:description\" content=\"B\u1ea3o v\u1ec7 c\u00e1nh led mavic ph\u1ee5 ki\u00ean mavic ch\u00ednh h\u00e3ng PGYtech l\u00e0 m\u1eabu ph\u1ee5 ki\u1ec7n gi\u00fap cho chi\u1ebfc flycam c\u1ee7a b\u1ea1n tr\u1edf n\u00ean ng\u1ea7u h\u01a1n v\u00e0 d\u1ec5 d\u00e0ng bay \u0111\u01b0\u1ee3c tr\u00f4ng \u0111\u00eam\" \/>\n<meta property=\"og:url\" content=\"https:\/\/phukienflytech.vn\/en\/san-pham\/bao-ve-canh-led-mavic-pro-series-platium-pgytech.html\" \/>\n<meta property=\"og:site_name\" content=\"Shop M\u00e1y \u1ea3nh - Action Camera - Gimbal - Flycam - Ph\u1ee5 ki\u1ec7n\" \/>\n<meta property=\"article:publisher\" content=\"https:\/\/facebook.com\/phukienflycam\" \/>\n<meta property=\"article:modified_time\" content=\"2020-05-20T02:49:34+00:00\" \/>\n<meta property=\"og:image\" content=\"https:\/\/phukienflytech.vn\/wp-content\/uploads\/2020\/05\/bao-ve-canh-led-mavic-pro-series-platium-pgytech-1961-4.jpg\" \/>\n<meta name=\"twitter:card\" content=\"summary_large_image\" \/>\n<meta name=\"twitter:label1\" content=\"Est. reading time\" \/>\n\t<meta name=\"twitter:data1\" content=\"3 minutes\" \/>\n<script type=\"application\/ld+json\" class=\"yoast-schema-graph\">{\"@context\":\"https:\/\/schema.org\",\"@graph\":[{\"@type\":\"WebPage\",\"@id\":\"https:\/\/phukienflytech.vn\/en\/san-pham\/bao-ve-canh-led-mavic-pro-series-platium-pgytech.html\",\"url\":\"https:\/\/phukienflytech.vn\/en\/san-pham\/bao-ve-canh-led-mavic-pro-series-platium-pgytech.html\",\"name\":\"B\u1ea3o v\u1ec7 c\u00e1nh led mavic - b\u1ed9 b\u1ea3o v\u1ec7 g\u1eafn c\u00e1nh led mavic -ship cod to\u00e0n qu\u1ed1c\",\"isPartOf\":{\"@id\":\"https:\/\/phukienflytech.vn\/#website\"},\"primaryImageOfPage\":{\"@id\":\"https:\/\/phukienflytech.vn\/en\/san-pham\/bao-ve-canh-led-mavic-pro-series-platium-pgytech.html#primaryimage\"},\"image\":{\"@id\":\"https:\/\/phukienflytech.vn\/en\/san-pham\/bao-ve-canh-led-mavic-pro-series-platium-pgytech.html#primaryimage\"},\"thumbnailUrl\":\"https:\/\/phukienflytech.vn\/wp-content\/uploads\/2020\/05\/bao-ve-canh-led-mavic-pro-series-platium-pgytech-1961-4.jpg\",\"datePublished\":\"2020-05-20T02:33:21+00:00\",\"dateModified\":\"2020-05-20T02:49:34+00:00\",\"description\":\"B\u1ea3o v\u1ec7 c\u00e1nh led mavic ph\u1ee5 ki\u00ean mavic ch\u00ednh h\u00e3ng PGYtech l\u00e0 m\u1eabu ph\u1ee5 ki\u1ec7n gi\u00fap cho chi\u1ebfc flycam c\u1ee7a b\u1ea1n tr\u1edf n\u00ean ng\u1ea7u h\u01a1n v\u00e0 d\u1ec5 d\u00e0ng bay \u0111\u01b0\u1ee3c tr\u00f4ng \u0111\u00eam\",\"breadcrumb\":{\"@id\":\"https:\/\/phukienflytech.vn\/en\/san-pham\/bao-ve-canh-led-mavic-pro-series-platium-pgytech.html#breadcrumb\"},\"inLanguage\":\"en-US\",\"potentialAction\":[{\"@type\":\"ReadAction\",\"target\":[\"https:\/\/phukienflytech.vn\/en\/san-pham\/bao-ve-canh-led-mavic-pro-series-platium-pgytech.html\"]}]},{\"@type\":\"ImageObject\",\"inLanguage\":\"en-US\",\"@id\":\"https:\/\/phukienflytech.vn\/en\/san-pham\/bao-ve-canh-led-mavic-pro-series-platium-pgytech.html#primaryimage\",\"url\":\"https:\/\/phukienflytech.vn\/wp-content\/uploads\/2020\/05\/bao-ve-canh-led-mavic-pro-series-platium-pgytech-1961-4.jpg\",\"contentUrl\":\"https:\/\/phukienflytech.vn\/wp-content\/uploads\/2020\/05\/bao-ve-canh-led-mavic-pro-series-platium-pgytech-1961-4.jpg\"},{\"@type\":\"BreadcrumbList\",\"@id\":\"https:\/\/phukienflytech.vn\/en\/san-pham\/bao-ve-canh-led-mavic-pro-series-platium-pgytech.html#breadcrumb\",\"itemListElement\":[{\"@type\":\"ListItem\",\"position\":1,\"name\":\"Home\",\"item\":\"https:\/\/phukienflytech.vn\/en\"},{\"@type\":\"ListItem\",\"position\":2,\"name\":\"Ph\u1ee5 ki\u1ec7n Mavic Pro\",\"item\":\"https:\/\/phukienflytech.vn\/en\/phu-kien-mavic-pro.html\"},{\"@type\":\"ListItem\",\"position\":3,\"name\":\"DJI Osmo &amp; Drone's accessories\",\"item\":\"https:\/\/phukienflytech.vn\/en\/danh-muc\/dji-osmo-drones-accessories.html\"},{\"@type\":\"ListItem\",\"position\":4,\"name\":\"Ph\u1ee5 ki\u1ec7n DJI Mavic 2\",\"item\":\"https:\/\/phukienflytech.vn\/danh-muc\/phu-kien-mavic-2.html\"},{\"@type\":\"ListItem\",\"position\":5,\"name\":\"B\u1ea3o v\u1ec7 c\u00e1nh LED Mavic pro series\/ platium &#8211; PGYtech\"}]},{\"@type\":\"WebSite\",\"@id\":\"https:\/\/phukienflytech.vn\/#website\",\"url\":\"https:\/\/phukienflytech.vn\/\",\"name\":\"Shop M\u00e1y \u1ea3nh - Action Camera - Gimbal - Flycam - Ph\u1ee5 ki\u1ec7n\",\"description\":\"Shop M\u00e1y \u1ea3nh - Action Camera - Gimbal - Flycam - Ph\u1ee5 ki\u1ec7n\",\"publisher\":{\"@id\":\"https:\/\/phukienflytech.vn\/#organization\"},\"potentialAction\":[{\"@type\":\"SearchAction\",\"target\":{\"@type\":\"EntryPoint\",\"urlTemplate\":\"https:\/\/phukienflytech.vn\/?s={search_term_string}\"},\"query-input\":{\"@type\":\"PropertyValueSpecification\",\"valueRequired\":true,\"valueName\":\"search_term_string\"}}],\"inLanguage\":\"en-US\"},{\"@type\":\"Organization\",\"@id\":\"https:\/\/phukienflytech.vn\/#organization\",\"name\":\"DJI Store - Shop Drone, Action camera, Gimbal DJI |Phukienflytech\",\"alternateName\":\"DJI Store - Shop Drone, Action camera, Gimbal DJI |Phukienflytech\",\"url\":\"https:\/\/phukienflytech.vn\/\",\"logo\":{\"@type\":\"ImageObject\",\"inLanguage\":\"en-US\",\"@id\":\"https:\/\/phukienflytech.vn\/#\/schema\/logo\/image\/\",\"url\":\"https:\/\/phukienflytech.vn\/wp-content\/uploads\/2020\/05\/hAnh_nan.jpg1_.jpg\",\"contentUrl\":\"https:\/\/phukienflytech.vn\/wp-content\/uploads\/2020\/05\/hAnh_nan.jpg1_.jpg\",\"width\":800,\"height\":450,\"caption\":\"DJI Store - Shop Drone, Action camera, Gimbal DJI |Phukienflytech\"},\"image\":{\"@id\":\"https:\/\/phukienflytech.vn\/#\/schema\/logo\/image\/\"},\"sameAs\":[\"https:\/\/facebook.com\/phukienflycam\",\"https:\/\/www.youtube.com\/@phukienflytech\",\"https:\/\/www.tiktok.com\/@flytech.channel?fbclid=IwY2xjawGjg7BleHRuA2FlbQIxMAABHYVGmlXpuSMs0UB2zTpYvyT4GMVfN2qJa4urF4vkSQ6FAVBwXZtDP30qQA_aem_UwMiDcUvlEbd2tXAmsc8Og\"]}]}<\/script>\n<!-- \/ Yoast SEO plugin. -->","yoast_head_json":{"title":"B\u1ea3o v\u1ec7 c\u00e1nh led mavic - b\u1ed9 b\u1ea3o v\u1ec7 g\u1eafn c\u00e1nh led mavic -ship cod to\u00e0n qu\u1ed1c","description":"B\u1ea3o v\u1ec7 c\u00e1nh led mavic ph\u1ee5 ki\u00ean mavic ch\u00ednh h\u00e3ng PGYtech l\u00e0 m\u1eabu ph\u1ee5 ki\u1ec7n gi\u00fap cho chi\u1ebfc flycam c\u1ee7a b\u1ea1n tr\u1edf n\u00ean ng\u1ea7u h\u01a1n v\u00e0 d\u1ec5 d\u00e0ng bay \u0111\u01b0\u1ee3c tr\u00f4ng \u0111\u00eam","robots":{"index":"index","follow":"follow","max-snippet":"max-snippet:-1","max-image-preview":"max-image-preview:large","max-video-preview":"max-video-preview:-1"},"canonical":"https:\/\/phukienflytech.vn\/en\/san-pham\/bao-ve-canh-led-mavic-pro-series-platium-pgytech.html","og_locale":"en_US","og_type":"article","og_title":"B\u1ea3o v\u1ec7 c\u00e1nh led mavic - b\u1ed9 b\u1ea3o v\u1ec7 g\u1eafn c\u00e1nh led mavic -ship cod to\u00e0n qu\u1ed1c","og_description":"B\u1ea3o v\u1ec7 c\u00e1nh led mavic ph\u1ee5 ki\u00ean mavic ch\u00ednh h\u00e3ng PGYtech l\u00e0 m\u1eabu ph\u1ee5 ki\u1ec7n gi\u00fap cho chi\u1ebfc flycam c\u1ee7a b\u1ea1n tr\u1edf n\u00ean ng\u1ea7u h\u01a1n v\u00e0 d\u1ec5 d\u00e0ng bay \u0111\u01b0\u1ee3c tr\u00f4ng \u0111\u00eam","og_url":"https:\/\/phukienflytech.vn\/en\/san-pham\/bao-ve-canh-led-mavic-pro-series-platium-pgytech.html","og_site_name":"Shop M\u00e1y \u1ea3nh - Action Camera - Gimbal - Flycam - Ph\u1ee5 ki\u1ec7n","article_publisher":"https:\/\/facebook.com\/phukienflycam","article_modified_time":"2020-05-20T02:49:34+00:00","og_image":[{"url":"https:\/\/phukienflytech.vn\/wp-content\/uploads\/2020\/05\/bao-ve-canh-led-mavic-pro-series-platium-pgytech-1961-4.jpg","type":"","width":"","height":""}],"twitter_card":"summary_large_image","twitter_misc":{"Est. reading time":"3 minutes"},"schema":{"@context":"https:\/\/schema.org","@graph":[{"@type":"WebPage","@id":"https:\/\/phukienflytech.vn\/en\/san-pham\/bao-ve-canh-led-mavic-pro-series-platium-pgytech.html","url":"https:\/\/phukienflytech.vn\/en\/san-pham\/bao-ve-canh-led-mavic-pro-series-platium-pgytech.html","name":"B\u1ea3o v\u1ec7 c\u00e1nh led mavic - b\u1ed9 b\u1ea3o v\u1ec7 g\u1eafn c\u00e1nh led mavic -ship cod to\u00e0n qu\u1ed1c","isPartOf":{"@id":"https:\/\/phukienflytech.vn\/#website"},"primaryImageOfPage":{"@id":"https:\/\/phukienflytech.vn\/en\/san-pham\/bao-ve-canh-led-mavic-pro-series-platium-pgytech.html#primaryimage"},"image":{"@id":"https:\/\/phukienflytech.vn\/en\/san-pham\/bao-ve-canh-led-mavic-pro-series-platium-pgytech.html#primaryimage"},"thumbnailUrl":"https:\/\/phukienflytech.vn\/wp-content\/uploads\/2020\/05\/bao-ve-canh-led-mavic-pro-series-platium-pgytech-1961-4.jpg","datePublished":"2020-05-20T02:33:21+00:00","dateModified":"2020-05-20T02:49:34+00:00","description":"B\u1ea3o v\u1ec7 c\u00e1nh led mavic ph\u1ee5 ki\u00ean mavic ch\u00ednh h\u00e3ng PGYtech l\u00e0 m\u1eabu ph\u1ee5 ki\u1ec7n gi\u00fap cho chi\u1ebfc flycam c\u1ee7a b\u1ea1n tr\u1edf n\u00ean ng\u1ea7u h\u01a1n v\u00e0 d\u1ec5 d\u00e0ng bay \u0111\u01b0\u1ee3c tr\u00f4ng \u0111\u00eam","breadcrumb":{"@id":"https:\/\/phukienflytech.vn\/en\/san-pham\/bao-ve-canh-led-mavic-pro-series-platium-pgytech.html#breadcrumb"},"inLanguage":"en-US","potentialAction":[{"@type":"ReadAction","target":["https:\/\/phukienflytech.vn\/en\/san-pham\/bao-ve-canh-led-mavic-pro-series-platium-pgytech.html"]}]},{"@type":"ImageObject","inLanguage":"en-US","@id":"https:\/\/phukienflytech.vn\/en\/san-pham\/bao-ve-canh-led-mavic-pro-series-platium-pgytech.html#primaryimage","url":"https:\/\/phukienflytech.vn\/wp-content\/uploads\/2020\/05\/bao-ve-canh-led-mavic-pro-series-platium-pgytech-1961-4.jpg","contentUrl":"https:\/\/phukienflytech.vn\/wp-content\/uploads\/2020\/05\/bao-ve-canh-led-mavic-pro-series-platium-pgytech-1961-4.jpg"},{"@type":"BreadcrumbList","@id":"https:\/\/phukienflytech.vn\/en\/san-pham\/bao-ve-canh-led-mavic-pro-series-platium-pgytech.html#breadcrumb","itemListElement":[{"@type":"ListItem","position":1,"name":"Home","item":"https:\/\/phukienflytech.vn\/en"},{"@type":"ListItem","position":2,"name":"Ph\u1ee5 ki\u1ec7n Mavic Pro","item":"https:\/\/phukienflytech.vn\/en\/phu-kien-mavic-pro.html"},{"@type":"ListItem","position":3,"name":"DJI Osmo &amp; Drone's accessories","item":"https:\/\/phukienflytech.vn\/en\/danh-muc\/dji-osmo-drones-accessories.html"},{"@type":"ListItem","position":4,"name":"Ph\u1ee5 ki\u1ec7n DJI Mavic 2","item":"https:\/\/phukienflytech.vn\/danh-muc\/phu-kien-mavic-2.html"},{"@type":"ListItem","position":5,"name":"B\u1ea3o v\u1ec7 c\u00e1nh LED Mavic pro series\/ platium &#8211; PGYtech"}]},{"@type":"WebSite","@id":"https:\/\/phukienflytech.vn\/#website","url":"https:\/\/phukienflytech.vn\/","name":"Shop M\u00e1y \u1ea3nh - Action Camera - Gimbal - Flycam - Ph\u1ee5 ki\u1ec7n","description":"Shop M\u00e1y \u1ea3nh - Action Camera - Gimbal - Flycam - Ph\u1ee5 ki\u1ec7n","publisher":{"@id":"https:\/\/phukienflytech.vn\/#organization"},"potentialAction":[{"@type":"SearchAction","target":{"@type":"EntryPoint","urlTemplate":"https:\/\/phukienflytech.vn\/?s={search_term_string}"},"query-input":{"@type":"PropertyValueSpecification","valueRequired":true,"valueName":"search_term_string"}}],"inLanguage":"en-US"},{"@type":"Organization","@id":"https:\/\/phukienflytech.vn\/#organization","name":"DJI Store - Shop Drone, Action camera, Gimbal DJI |Phukienflytech","alternateName":"DJI Store - Shop Drone, Action camera, Gimbal DJI |Phukienflytech","url":"https:\/\/phukienflytech.vn\/","logo":{"@type":"ImageObject","inLanguage":"en-US","@id":"https:\/\/phukienflytech.vn\/#\/schema\/logo\/image\/","url":"https:\/\/phukienflytech.vn\/wp-content\/uploads\/2020\/05\/hAnh_nan.jpg1_.jpg","contentUrl":"https:\/\/phukienflytech.vn\/wp-content\/uploads\/2020\/05\/hAnh_nan.jpg1_.jpg","width":800,"height":450,"caption":"DJI Store - Shop Drone, Action camera, Gimbal DJI |Phukienflytech"},"image":{"@id":"https:\/\/phukienflytech.vn\/#\/schema\/logo\/image\/"},"sameAs":["https:\/\/facebook.com\/phukienflycam","https:\/\/www.youtube.com\/@phukienflytech","https:\/\/www.tiktok.com\/@flytech.channel?fbclid=IwY2xjawGjg7BleHRuA2FlbQIxMAABHYVGmlXpuSMs0UB2zTpYvyT4GMVfN2qJa4urF4vkSQ6FAVBwXZtDP30qQA_aem_UwMiDcUvlEbd2tXAmsc8Og"]}]}},"_links":{"self":[{"href":"https:\/\/phukienflytech.vn\/en\/wp-json\/wp\/v2\/product\/2145","targetHints":{"allow":["GET"]}}],"collection":[{"href":"https:\/\/phukienflytech.vn\/en\/wp-json\/wp\/v2\/product"}],"about":[{"href":"https:\/\/phukienflytech.vn\/en\/wp-json\/wp\/v2\/types\/product"}],"replies":[{"embeddable":true,"href":"https:\/\/phukienflytech.vn\/en\/wp-json\/wp\/v2\/comments?post=2145"}],"wp:attachment":[{"href":"https:\/\/phukienflytech.vn\/en\/wp-json\/wp\/v2\/media?parent=2145"}],"wp:term":[{"taxonomy":"product_brand","embeddable":true,"href":"https:\/\/phukienflytech.vn\/en\/wp-json\/wp\/v2\/product_brand?post=2145"},{"taxonomy":"product_cat","embeddable":true,"href":"https:\/\/phukienflytech.vn\/en\/wp-json\/wp\/v2\/product_cat?post=2145"},{"taxonomy":"product_tag","embeddable":true,"href":"https:\/\/phukienflytech.vn\/en\/wp-json\/wp\/v2\/product_tag?post=2145"}],"curies":[{"name":"wp","href":"https:\/\/api.w.org\/{rel}","templated":true}]}}