{"id":2165,"date":"2020-05-20T10:31:08","date_gmt":"2020-05-20T03:31:08","guid":{"rendered":"http:\/\/27430.lamdx.vinawebsite.vn\/san-pham\/chup-bao-ve-camera-gimbal-fimi-x8-se.html"},"modified":"2020-10-21T15:50:42","modified_gmt":"2020-10-21T08:50:42","slug":"gimbal-cover-for-fimi-x8-se","status":"publish","type":"product","link":"https:\/\/phukienflytech.vn\/en\/san-pham\/gimbal-cover-for-fimi-x8-se.html","title":{"rendered":"Camera gimbal protection cover for Fimi X8 SE &#8211; Sunnylife"},"content":{"rendered":"<h2><span style=\"color: #0000ff;\"><em><strong>Gimbal cover for Fimi X8 SE<\/strong><\/em><\/span><\/h2>\n<p>&nbsp;<\/p>\n<p><span style=\"font-size: 18px;\">Gimbal cover for Fimi X8 SE<\/span><\/p>\n<p><span style=\"font-size: 18px;\">C\u00f3 ch\u1ee9c n\u0103ng t\u01b0\u01a1ng t\u1ef1 nh\u01b0 nh\u1eefng m\u1eabu\u00a0<a href=\"https:\/\/phukienflytech.vn\/en\/san-pham\/chup-bao-ve-camera-dji-mavic.html\" target=\"_blank\" rel=\"noopener noreferrer\"><strong>Ch\u1ee5p b\u1ea3o v\u1ec7 camera Mavic Pro<\/strong><\/a>,<a href=\"https:\/\/phukienflytech.vn\/timkiem.html?s=ch%E1%BB%A5p\" target=\"_blank\" rel=\"noopener noreferrer\"><strong>\u00a0Ch\u1ee5p b\u1ea3o v\u1ec7 camera DJI Phantom<\/strong><\/a>,\u00a0<a href=\"https:\/\/phukienflytech.vn\/en\/san-pham\/chup-bao-ve-camera-gimbal-spark-pgytech.html\" target=\"_blank\" rel=\"noopener noreferrer\"><strong>Ch\u1ee5p b\u1ea3o v\u1ec7 cam DJI Spark &#8211; PGYTech<\/strong>,<\/a>&#8230;..\u00a0<\/span><\/p>\n<p><span style=\"font-size: 18px;\"><strong>Ch\u1ee5p b\u1ea3o v\u1ec7 v\u00e0\u00a0<\/strong><strong>c\u1ed1\u00a0<\/strong><strong>\u0111\u1ecbnh camera gimbal Xiaomi Fimi X8 SE\u00a0<\/strong>c\u00f3 ch\u1ee9c n\u0103ng b\u1ea3o v\u1ec7 to\u00e0n b\u1ed9 c\u1ee5m camera v\u00e0 gimbal c\u1ee7a Xiaomi Fimi X8 SE. B\u00ean c\u1ea1nh b\u1ea3o v\u1ec7 to\u00e0n b\u1ed9 c\u1ee5m camera tr\u00e1nh nh\u1eefng va ch\u1ea1m th\u00ec n\u00f3 c\u00f2n c\u00f3 ch\u1ee9c n\u0103ng c\u1ed1 \u0111\u1ecbnh gimbal<em>\u00a0<\/em>tr\u00e1nh b\u1ecb rung \u0111\u1ed9ng m\u1ea1nh d\u1eabn t\u1edbi h\u01b0 h\u1ecfng gimbal v\u00e0 c\u00e1p k\u1ebft n\u1ed1i<\/span><\/p>\n<p>&nbsp;<\/p>\n<p><span style=\"font-size: 18px;\"><img loading=\"lazy\" decoding=\"async\" class=\"alignnone size-medium wp-image-14190\" src=\"https:\/\/phukienflytech.vn\/wp-content\/uploads\/2020\/05\/chup-bao-ve-camera-gimbal-fimi-x8-se-2156-4-602x400.jpg\" alt=\"\" width=\"602\" height=\"400\" srcset=\"https:\/\/phukienflytech.vn\/wp-content\/uploads\/2020\/05\/chup-bao-ve-camera-gimbal-fimi-x8-se-2156-4-602x400.jpg 602w, https:\/\/phukienflytech.vn\/wp-content\/uploads\/2020\/05\/chup-bao-ve-camera-gimbal-fimi-x8-se-2156-4-768x511.jpg 768w, https:\/\/phukienflytech.vn\/wp-content\/uploads\/2020\/05\/chup-bao-ve-camera-gimbal-fimi-x8-se-2156-4-600x399.jpg 600w, https:\/\/phukienflytech.vn\/wp-content\/uploads\/2020\/05\/chup-bao-ve-camera-gimbal-fimi-x8-se-2156-4.jpg 1000w\" sizes=\"auto, (max-width: 602px) 100vw, 602px\" \/><\/span><\/p>\n<p><span style=\"font-size: 18px;\"><strong>Ch\u1ee5p b\u1ea3o v\u1ec7 v\u00e0 c\u1ed1 \u0111\u1ecbnh camera gimbal Xiaomi Fimi X8 SE<\/strong><em>\u00a0<\/em>&#8211; 2 ch\u1ee9c n\u0103ng quan tr\u1ecdng trong 1 s\u1ea3n ph\u1ea9m,\u00a0do v\u1eady ch\u1eb3ng ph\u1ea3i ng\u1eabu nhi\u00ean m\u1ed9t ph\u1ee5 ki\u1ec7n c\u00f3 v\u1edbi m\u1ee9c gi\u00e1 th\u1ea5p nh\u01b0 l\u1ea1i lu\u00f4n \u0111\u01b0\u1ee3c xem l\u1ea1i\u00a0ph\u1ee5 ki\u1ec7n Xiami Fimi X8 SE quan tr\u1ecdng<em>\u00a0<\/em>h\u00e0ng \u0111\u1ea7u<\/span><\/p>\n<p><span style=\"font-size: 18px;\"><img loading=\"lazy\" decoding=\"async\" class=\"alignnone wp-image-14192 size-medium\" src=\"https:\/\/phukienflytech.vn\/wp-content\/uploads\/2020\/05\/chup-bao-ve-camera-gimbal-fimi-x8-se-2156-1-1-314x400.jpg\" alt=\"Gimbal-cover-for-Fimi-X8-SE-1\" width=\"314\" height=\"400\" srcset=\"https:\/\/phukienflytech.vn\/wp-content\/uploads\/2020\/05\/chup-bao-ve-camera-gimbal-fimi-x8-se-2156-1-1-314x400.jpg 314w, https:\/\/phukienflytech.vn\/wp-content\/uploads\/2020\/05\/chup-bao-ve-camera-gimbal-fimi-x8-se-2156-1-1-768x979.jpg 768w, https:\/\/phukienflytech.vn\/wp-content\/uploads\/2020\/05\/chup-bao-ve-camera-gimbal-fimi-x8-se-2156-1-1-627x800.jpg 627w, https:\/\/phukienflytech.vn\/wp-content\/uploads\/2020\/05\/chup-bao-ve-camera-gimbal-fimi-x8-se-2156-1-1-600x765.jpg 600w, https:\/\/phukienflytech.vn\/wp-content\/uploads\/2020\/05\/chup-bao-ve-camera-gimbal-fimi-x8-se-2156-1-1.jpg 800w\" sizes=\"auto, (max-width: 314px) 100vw, 314px\" \/><\/span><\/p>\n<p><span style=\"font-size: 18px;\">Th\u1eadt \u0111\u00e1ng ti\u1ebfc n\u1ebfu b\u1ea1n kh\u00f4ng coi tr\u1ecdng vi\u1ec7c b\u1ea3o qu\u1ea3n m\u00e1y.\u00a0 \u0110\u1eb7c bi\u1ec7t l\u00e0 b\u1ed9 ph\u1eadn y\u1ebfu \u1edbt v\u00e0 d\u1ec5 b\u1ecb t\u1ed5n th\u01b0\u01a1ng h\u1ecfng h\u00f3c nh\u1ea5t ch\u00ednh l\u00e0 c\u1ee5m gimbal \u2013 camera v\u00e0 ph\u1ea7n c\u1ea3m bi\u1ebfn ph\u00eda tr\u01b0\u1edbc. Ch\u1ec9 c\u1ea7n m\u1ed9t t\u00e1c \u0111\u1ed9ng ngo\u1ea1i l\u1ef1c v\u00e0o c\u1ee5m gimbal camera n\u00e0y nh\u1ecf th\u00f4i c\u0169ng \u0111\u1ee7 cho b\u1ea1n ph\u1ea3i tr\u1ea3 m\u1ed9t c\u00e1i gi\u00e1 r\u1ea5t \u0111\u1eaft cho s\u1ef1 ch\u1ee7 quan c\u1ee7a m\u00ecnh<\/span><\/p>\n<p><span style=\"font-size: 18px;\"><img loading=\"lazy\" decoding=\"async\" class=\"alignnone wp-image-14194 size-medium\" src=\"https:\/\/phukienflytech.vn\/wp-content\/uploads\/2020\/05\/chup-bao-ve-camera-gimbal-fimi-x8-se-2156-2-1-400x400.jpg\" alt=\"Gimbal-cover-for-Fimi-X8-SE-6\" width=\"400\" height=\"400\" srcset=\"https:\/\/phukienflytech.vn\/wp-content\/uploads\/2020\/05\/chup-bao-ve-camera-gimbal-fimi-x8-se-2156-2-1-400x400.jpg 400w, https:\/\/phukienflytech.vn\/wp-content\/uploads\/2020\/05\/chup-bao-ve-camera-gimbal-fimi-x8-se-2156-2-1-280x280.jpg 280w, https:\/\/phukienflytech.vn\/wp-content\/uploads\/2020\/05\/chup-bao-ve-camera-gimbal-fimi-x8-se-2156-2-1-768x768.jpg 768w, https:\/\/phukienflytech.vn\/wp-content\/uploads\/2020\/05\/chup-bao-ve-camera-gimbal-fimi-x8-se-2156-2-1-800x800.jpg 800w, https:\/\/phukienflytech.vn\/wp-content\/uploads\/2020\/05\/chup-bao-ve-camera-gimbal-fimi-x8-se-2156-2-1-300x300.jpg 300w, https:\/\/phukienflytech.vn\/wp-content\/uploads\/2020\/05\/chup-bao-ve-camera-gimbal-fimi-x8-se-2156-2-1-600x600.jpg 600w, https:\/\/phukienflytech.vn\/wp-content\/uploads\/2020\/05\/chup-bao-ve-camera-gimbal-fimi-x8-se-2156-2-1-100x100.jpg 100w, https:\/\/phukienflytech.vn\/wp-content\/uploads\/2020\/05\/chup-bao-ve-camera-gimbal-fimi-x8-se-2156-2-1.jpg 1300w\" sizes=\"auto, (max-width: 400px) 100vw, 400px\" \/><\/span><\/p>\n<h2><span style=\"font-size: 21px; color: #0000ff;\"><strong>Th\u00f4ng tin s\u1ea3n ph\u1ea9m<\/strong><\/span><\/h2>\n<ul>\n<li><span style=\"font-size: 18px;\">T\u01b0\u01a1ng th\u00edch: Kh\u00f3a Gimbal v\u00e0 V\u1ecf m\u00e1y \u1ea3nh cho\u00a0<strong>Drone XIAOMI FIMI X8 SE<br \/>\n<\/strong><\/span><\/li>\n<li><span style=\"font-size: 18px;\">B\u1ed9 b\u1ea3o v\u1ec7: Kh\u00f3a gimbal \u1edf m\u1ed9t v\u1ecb tr\u00ed c\u1ed1 \u0111\u1ecbnh gi\u00fap n\u00f3 kh\u00f4ng b\u1ecb xo\u1eafn, xoay, l\u1eafc v\u00e0 v\u1eaby khi di chuy\u1ec3n b\u1eb1ng m\u00e1y bay kh\u00f4ng ng\u01b0\u1eddi l\u00e1i<\/span><\/li>\n<li><span style=\"font-size: 18px;\">Ch\u1ea5t li\u1ec7u: \u0110\u01b0\u1ee3c l\u00e0m b\u1eb1ng nh\u1ef1a ABS cao c\u1ea5p<\/span><\/li>\n<li><span style=\"font-size: 18px;\">Tr\u1ecdng l\u01b0\u1ee3ng t\u1ecbnh: 40g, Nh\u1eb9 v\u00e0 d\u1ec5 l\u1eafp \u0111\u1eb7t (ch\u1ec9 c\u1ea7n hai b\u01b0\u1edbc \u0111\u1ec3 c\u00e0i \u0111\u1eb7t v\u00e0 g\u1ee1 b\u1ecf)<\/span><\/li>\n<li><span style=\"font-size: 18px;\">Ch\u1ed1ng b\u1ee5i, ch\u1ed1ng tr\u1ea7y x\u01b0\u1edbc, ch\u1ed1ng va \u0111\u1eadp v\u00e0 ch\u1ed1ng th\u1ea5m n\u01b0\u1edbc, m\u1ed9t ph\u1ee5 ki\u1ec7n b\u1ea3o v\u1ec7 ho\u00e0n h\u1ea3o cho FIMI X8 SE<\/span><\/li>\n<li><span style=\"font-size: 18px;\">G\u00f3i bao g\u1ed3m: 1 ch\u1ee5p b\u1ea3o v\u1ec7 camera<\/span><\/li>\n<\/ul>\n<p><span style=\"font-size: 18px;\"><img loading=\"lazy\" decoding=\"async\" class=\"alignnone wp-image-14197 size-medium\" src=\"https:\/\/phukienflytech.vn\/wp-content\/uploads\/2020\/05\/chup-bao-ve-camera-gimbal-fimi-x8-se-2156-3-1-400x400.jpg\" alt=\"Gimbal-cover-for-Fimi-X8-SE\" width=\"400\" height=\"400\" srcset=\"https:\/\/phukienflytech.vn\/wp-content\/uploads\/2020\/05\/chup-bao-ve-camera-gimbal-fimi-x8-se-2156-3-1-400x400.jpg 400w, https:\/\/phukienflytech.vn\/wp-content\/uploads\/2020\/05\/chup-bao-ve-camera-gimbal-fimi-x8-se-2156-3-1-280x280.jpg 280w, https:\/\/phukienflytech.vn\/wp-content\/uploads\/2020\/05\/chup-bao-ve-camera-gimbal-fimi-x8-se-2156-3-1-768x768.jpg 768w, https:\/\/phukienflytech.vn\/wp-content\/uploads\/2020\/05\/chup-bao-ve-camera-gimbal-fimi-x8-se-2156-3-1-800x800.jpg 800w, https:\/\/phukienflytech.vn\/wp-content\/uploads\/2020\/05\/chup-bao-ve-camera-gimbal-fimi-x8-se-2156-3-1-300x300.jpg 300w, https:\/\/phukienflytech.vn\/wp-content\/uploads\/2020\/05\/chup-bao-ve-camera-gimbal-fimi-x8-se-2156-3-1-600x600.jpg 600w, https:\/\/phukienflytech.vn\/wp-content\/uploads\/2020\/05\/chup-bao-ve-camera-gimbal-fimi-x8-se-2156-3-1-100x100.jpg 100w, https:\/\/phukienflytech.vn\/wp-content\/uploads\/2020\/05\/chup-bao-ve-camera-gimbal-fimi-x8-se-2156-3-1.jpg 1000w\" sizes=\"auto, (max-width: 400px) 100vw, 400px\" \/><\/span><\/p>\n<p><span style=\"font-size: 18px;\">&gt;&gt; Contact us on: <a href=\"https:\/\/www.facebook.com\/phukienflycam\"><strong>Facebook<\/strong><\/a><\/span><\/p>\n<p>&nbsp;<\/p>\n<p>&nbsp;<\/p>\n","protected":false},"excerpt":{"rendered":"<p>Gimbal cover for Fimi X8 SE &nbsp; Gimbal cover for Fimi X8 SE C\u00f3 ch\u1ee9c n\u0103ng t\u01b0\u01a1ng t\u1ef1 nh\u01b0 nh\u1eefng m\u1eabu\u00a0Ch\u1ee5p b\u1ea3o v\u1ec7 camera Mavic Pro,\u00a0Ch\u1ee5p b\u1ea3o v\u1ec7 camera DJI Phantom,\u00a0Ch\u1ee5p b\u1ea3o v\u1ec7 cam DJI Spark &#8211; PGYTech,&#8230;..\u00a0 Ch\u1ee5p b\u1ea3o v\u1ec7 v\u00e0\u00a0c\u1ed1\u00a0\u0111\u1ecbnh camera gimbal Xiaomi Fimi X8 SE\u00a0c\u00f3 ch\u1ee9c n\u0103ng b\u1ea3o v\u1ec7 to\u00e0n b\u1ed9 c\u1ee5m &#8230;<\/p>\n","protected":false},"featured_media":7497,"comment_status":"open","ping_status":"closed","template":"","meta":{"_acf_changed":false},"product_brand":[],"product_cat":[189,188],"product_tag":[206,239,240],"class_list":{"0":"post-2165","1":"product","2":"type-product","3":"status-publish","4":"has-post-thumbnail","6":"product_cat-midrone-accessory","7":"product_cat-medium-drone-accessory","8":"product_tag-phu-kien-dji-en","9":"product_tag-phu-kien-mini-drone-xiaomi-en","10":"product_tag-phu-kien-xiaomi-en","12":"first","13":"instock","14":"shipping-taxable","15":"purchasable","16":"product-type-simple"},"acf":[],"yoast_head":"<!-- This site is optimized with the Yoast SEO plugin v25.7 - https:\/\/yoast.com\/wordpress\/plugins\/seo\/ -->\n<title>Gimbal cover for Fimi X8 SE - Fimi X8 SE accessory - Available - Original<\/title>\n<meta name=\"description\" content=\"Gimbal cover for Fimi X8 SE is one of the most important accessory. Contact us to buy Gimbal cover for Fimi X8 SE for best price\" \/>\n<meta name=\"robots\" content=\"index, follow, max-snippet:-1, max-image-preview:large, max-video-preview:-1\" \/>\n<link rel=\"canonical\" href=\"https:\/\/phukienflytech.vn\/san-pham\/chup-bao-ve-camera-gimbal-fimi-x8-se.html\" \/>\n<meta property=\"og:locale\" content=\"en_US\" \/>\n<meta property=\"og:type\" content=\"article\" \/>\n<meta property=\"og:title\" content=\"Gimbal cover for Fimi X8 SE - Fimi X8 SE accessory - Available - Original\" \/>\n<meta property=\"og:description\" content=\"Gimbal cover for Fimi X8 SE is one of the most important accessory. Contact us to buy Gimbal cover for Fimi X8 SE for best price\" \/>\n<meta property=\"og:url\" content=\"https:\/\/phukienflytech.vn\/san-pham\/chup-bao-ve-camera-gimbal-fimi-x8-se.html\" \/>\n<meta property=\"og:site_name\" content=\"Shop M\u00e1y \u1ea3nh - Action Camera - Gimbal - Flycam - Ph\u1ee5 ki\u1ec7n\" \/>\n<meta property=\"article:publisher\" content=\"https:\/\/facebook.com\/phukienflycam\" \/>\n<meta property=\"article:modified_time\" content=\"2020-10-21T08:50:42+00:00\" \/>\n<meta property=\"og:image\" content=\"https:\/\/phukienflytech.vn\/wp-content\/uploads\/2020\/05\/300x300_phu-kien-xiaomi-fimi-x8-se-midrone-bao-ve-camera-xiaomi-28_-_Copy.jpg\" \/>\n\t<meta property=\"og:image:width\" content=\"300\" \/>\n\t<meta property=\"og:image:height\" content=\"300\" \/>\n\t<meta property=\"og:image:type\" content=\"image\/jpeg\" \/>\n<meta name=\"twitter:card\" content=\"summary_large_image\" \/>\n<meta name=\"twitter:label1\" content=\"Est. reading time\" \/>\n\t<meta name=\"twitter:data1\" content=\"2 minutes\" \/>\n<script type=\"application\/ld+json\" class=\"yoast-schema-graph\">{\"@context\":\"https:\/\/schema.org\",\"@graph\":[{\"@type\":\"WebPage\",\"@id\":\"https:\/\/phukienflytech.vn\/san-pham\/chup-bao-ve-camera-gimbal-fimi-x8-se.html\",\"url\":\"https:\/\/phukienflytech.vn\/san-pham\/chup-bao-ve-camera-gimbal-fimi-x8-se.html\",\"name\":\"Gimbal cover for Fimi X8 SE - Fimi X8 SE accessory - Available - Original\",\"isPartOf\":{\"@id\":\"https:\/\/phukienflytech.vn\/#website\"},\"primaryImageOfPage\":{\"@id\":\"https:\/\/phukienflytech.vn\/san-pham\/chup-bao-ve-camera-gimbal-fimi-x8-se.html#primaryimage\"},\"image\":{\"@id\":\"https:\/\/phukienflytech.vn\/san-pham\/chup-bao-ve-camera-gimbal-fimi-x8-se.html#primaryimage\"},\"thumbnailUrl\":\"https:\/\/phukienflytech.vn\/wp-content\/uploads\/2020\/05\/300x300_phu-kien-xiaomi-fimi-x8-se-midrone-bao-ve-camera-xiaomi-28_-_Copy.jpg\",\"datePublished\":\"2020-05-20T03:31:08+00:00\",\"dateModified\":\"2020-10-21T08:50:42+00:00\",\"description\":\"Gimbal cover for Fimi X8 SE is one of the most important accessory. Contact us to buy Gimbal cover for Fimi X8 SE for best price\",\"breadcrumb\":{\"@id\":\"https:\/\/phukienflytech.vn\/san-pham\/chup-bao-ve-camera-gimbal-fimi-x8-se.html#breadcrumb\"},\"inLanguage\":\"en-US\",\"potentialAction\":[{\"@type\":\"ReadAction\",\"target\":[\"https:\/\/phukienflytech.vn\/san-pham\/chup-bao-ve-camera-gimbal-fimi-x8-se.html\"]}]},{\"@type\":\"ImageObject\",\"inLanguage\":\"en-US\",\"@id\":\"https:\/\/phukienflytech.vn\/san-pham\/chup-bao-ve-camera-gimbal-fimi-x8-se.html#primaryimage\",\"url\":\"https:\/\/phukienflytech.vn\/wp-content\/uploads\/2020\/05\/300x300_phu-kien-xiaomi-fimi-x8-se-midrone-bao-ve-camera-xiaomi-28_-_Copy.jpg\",\"contentUrl\":\"https:\/\/phukienflytech.vn\/wp-content\/uploads\/2020\/05\/300x300_phu-kien-xiaomi-fimi-x8-se-midrone-bao-ve-camera-xiaomi-28_-_Copy.jpg\",\"width\":300,\"height\":300},{\"@type\":\"BreadcrumbList\",\"@id\":\"https:\/\/phukienflytech.vn\/san-pham\/chup-bao-ve-camera-gimbal-fimi-x8-se.html#breadcrumb\",\"itemListElement\":[{\"@type\":\"ListItem\",\"position\":1,\"name\":\"Home\",\"item\":\"https:\/\/phukienflytech.vn\/en\"},{\"@type\":\"ListItem\",\"position\":2,\"name\":\"Ph\u1ee5 ki\u1ec7n Mavic Pro\",\"item\":\"https:\/\/phukienflytech.vn\/en\/phu-kien-mavic-pro.html\"},{\"@type\":\"ListItem\",\"position\":3,\"name\":\"Ph\u1ee5 ki\u1ec7n flycam t\u1ea7m trung\",\"item\":\"https:\/\/phukienflytech.vn\/danh-muc\/phu-kien-flycam-tam-trung.html\"},{\"@type\":\"ListItem\",\"position\":4,\"name\":\"Camera gimbal protection cover for Fimi X8 SE &#8211; Sunnylife\"}]},{\"@type\":\"WebSite\",\"@id\":\"https:\/\/phukienflytech.vn\/#website\",\"url\":\"https:\/\/phukienflytech.vn\/\",\"name\":\"Shop M\u00e1y \u1ea3nh - Action Camera - Gimbal - Flycam - Ph\u1ee5 ki\u1ec7n\",\"description\":\"Shop M\u00e1y \u1ea3nh - Action Camera - Gimbal - Flycam - Ph\u1ee5 ki\u1ec7n\",\"publisher\":{\"@id\":\"https:\/\/phukienflytech.vn\/#organization\"},\"potentialAction\":[{\"@type\":\"SearchAction\",\"target\":{\"@type\":\"EntryPoint\",\"urlTemplate\":\"https:\/\/phukienflytech.vn\/?s={search_term_string}\"},\"query-input\":{\"@type\":\"PropertyValueSpecification\",\"valueRequired\":true,\"valueName\":\"search_term_string\"}}],\"inLanguage\":\"en-US\"},{\"@type\":\"Organization\",\"@id\":\"https:\/\/phukienflytech.vn\/#organization\",\"name\":\"DJI Store - Shop Drone, Action camera, Gimbal DJI |Phukienflytech\",\"alternateName\":\"DJI Store - Shop Drone, Action camera, Gimbal DJI |Phukienflytech\",\"url\":\"https:\/\/phukienflytech.vn\/\",\"logo\":{\"@type\":\"ImageObject\",\"inLanguage\":\"en-US\",\"@id\":\"https:\/\/phukienflytech.vn\/#\/schema\/logo\/image\/\",\"url\":\"https:\/\/phukienflytech.vn\/wp-content\/uploads\/2020\/05\/hAnh_nan.jpg1_.jpg\",\"contentUrl\":\"https:\/\/phukienflytech.vn\/wp-content\/uploads\/2020\/05\/hAnh_nan.jpg1_.jpg\",\"width\":800,\"height\":450,\"caption\":\"DJI Store - Shop Drone, Action camera, Gimbal DJI |Phukienflytech\"},\"image\":{\"@id\":\"https:\/\/phukienflytech.vn\/#\/schema\/logo\/image\/\"},\"sameAs\":[\"https:\/\/facebook.com\/phukienflycam\",\"https:\/\/www.youtube.com\/@phukienflytech\",\"https:\/\/www.tiktok.com\/@flytech.channel?fbclid=IwY2xjawGjg7BleHRuA2FlbQIxMAABHYVGmlXpuSMs0UB2zTpYvyT4GMVfN2qJa4urF4vkSQ6FAVBwXZtDP30qQA_aem_UwMiDcUvlEbd2tXAmsc8Og\"]}]}<\/script>\n<!-- \/ Yoast SEO plugin. -->","yoast_head_json":{"title":"Gimbal cover for Fimi X8 SE - Fimi X8 SE accessory - Available - Original","description":"Gimbal cover for Fimi X8 SE is one of the most important accessory. Contact us to buy Gimbal cover for Fimi X8 SE for best price","robots":{"index":"index","follow":"follow","max-snippet":"max-snippet:-1","max-image-preview":"max-image-preview:large","max-video-preview":"max-video-preview:-1"},"canonical":"https:\/\/phukienflytech.vn\/san-pham\/chup-bao-ve-camera-gimbal-fimi-x8-se.html","og_locale":"en_US","og_type":"article","og_title":"Gimbal cover for Fimi X8 SE - Fimi X8 SE accessory - Available - Original","og_description":"Gimbal cover for Fimi X8 SE is one of the most important accessory. Contact us to buy Gimbal cover for Fimi X8 SE for best price","og_url":"https:\/\/phukienflytech.vn\/san-pham\/chup-bao-ve-camera-gimbal-fimi-x8-se.html","og_site_name":"Shop M\u00e1y \u1ea3nh - Action Camera - Gimbal - Flycam - Ph\u1ee5 ki\u1ec7n","article_publisher":"https:\/\/facebook.com\/phukienflycam","article_modified_time":"2020-10-21T08:50:42+00:00","og_image":[{"width":300,"height":300,"url":"https:\/\/phukienflytech.vn\/wp-content\/uploads\/2020\/05\/300x300_phu-kien-xiaomi-fimi-x8-se-midrone-bao-ve-camera-xiaomi-28_-_Copy.jpg","type":"image\/jpeg"}],"twitter_card":"summary_large_image","twitter_misc":{"Est. reading time":"2 minutes"},"schema":{"@context":"https:\/\/schema.org","@graph":[{"@type":"WebPage","@id":"https:\/\/phukienflytech.vn\/san-pham\/chup-bao-ve-camera-gimbal-fimi-x8-se.html","url":"https:\/\/phukienflytech.vn\/san-pham\/chup-bao-ve-camera-gimbal-fimi-x8-se.html","name":"Gimbal cover for Fimi X8 SE - Fimi X8 SE accessory - Available - Original","isPartOf":{"@id":"https:\/\/phukienflytech.vn\/#website"},"primaryImageOfPage":{"@id":"https:\/\/phukienflytech.vn\/san-pham\/chup-bao-ve-camera-gimbal-fimi-x8-se.html#primaryimage"},"image":{"@id":"https:\/\/phukienflytech.vn\/san-pham\/chup-bao-ve-camera-gimbal-fimi-x8-se.html#primaryimage"},"thumbnailUrl":"https:\/\/phukienflytech.vn\/wp-content\/uploads\/2020\/05\/300x300_phu-kien-xiaomi-fimi-x8-se-midrone-bao-ve-camera-xiaomi-28_-_Copy.jpg","datePublished":"2020-05-20T03:31:08+00:00","dateModified":"2020-10-21T08:50:42+00:00","description":"Gimbal cover for Fimi X8 SE is one of the most important accessory. Contact us to buy Gimbal cover for Fimi X8 SE for best price","breadcrumb":{"@id":"https:\/\/phukienflytech.vn\/san-pham\/chup-bao-ve-camera-gimbal-fimi-x8-se.html#breadcrumb"},"inLanguage":"en-US","potentialAction":[{"@type":"ReadAction","target":["https:\/\/phukienflytech.vn\/san-pham\/chup-bao-ve-camera-gimbal-fimi-x8-se.html"]}]},{"@type":"ImageObject","inLanguage":"en-US","@id":"https:\/\/phukienflytech.vn\/san-pham\/chup-bao-ve-camera-gimbal-fimi-x8-se.html#primaryimage","url":"https:\/\/phukienflytech.vn\/wp-content\/uploads\/2020\/05\/300x300_phu-kien-xiaomi-fimi-x8-se-midrone-bao-ve-camera-xiaomi-28_-_Copy.jpg","contentUrl":"https:\/\/phukienflytech.vn\/wp-content\/uploads\/2020\/05\/300x300_phu-kien-xiaomi-fimi-x8-se-midrone-bao-ve-camera-xiaomi-28_-_Copy.jpg","width":300,"height":300},{"@type":"BreadcrumbList","@id":"https:\/\/phukienflytech.vn\/san-pham\/chup-bao-ve-camera-gimbal-fimi-x8-se.html#breadcrumb","itemListElement":[{"@type":"ListItem","position":1,"name":"Home","item":"https:\/\/phukienflytech.vn\/en"},{"@type":"ListItem","position":2,"name":"Ph\u1ee5 ki\u1ec7n Mavic Pro","item":"https:\/\/phukienflytech.vn\/en\/phu-kien-mavic-pro.html"},{"@type":"ListItem","position":3,"name":"Ph\u1ee5 ki\u1ec7n flycam t\u1ea7m trung","item":"https:\/\/phukienflytech.vn\/danh-muc\/phu-kien-flycam-tam-trung.html"},{"@type":"ListItem","position":4,"name":"Camera gimbal protection cover for Fimi X8 SE &#8211; Sunnylife"}]},{"@type":"WebSite","@id":"https:\/\/phukienflytech.vn\/#website","url":"https:\/\/phukienflytech.vn\/","name":"Shop M\u00e1y \u1ea3nh - Action Camera - Gimbal - Flycam - Ph\u1ee5 ki\u1ec7n","description":"Shop M\u00e1y \u1ea3nh - Action Camera - Gimbal - Flycam - Ph\u1ee5 ki\u1ec7n","publisher":{"@id":"https:\/\/phukienflytech.vn\/#organization"},"potentialAction":[{"@type":"SearchAction","target":{"@type":"EntryPoint","urlTemplate":"https:\/\/phukienflytech.vn\/?s={search_term_string}"},"query-input":{"@type":"PropertyValueSpecification","valueRequired":true,"valueName":"search_term_string"}}],"inLanguage":"en-US"},{"@type":"Organization","@id":"https:\/\/phukienflytech.vn\/#organization","name":"DJI Store - Shop Drone, Action camera, Gimbal DJI |Phukienflytech","alternateName":"DJI Store - Shop Drone, Action camera, Gimbal DJI |Phukienflytech","url":"https:\/\/phukienflytech.vn\/","logo":{"@type":"ImageObject","inLanguage":"en-US","@id":"https:\/\/phukienflytech.vn\/#\/schema\/logo\/image\/","url":"https:\/\/phukienflytech.vn\/wp-content\/uploads\/2020\/05\/hAnh_nan.jpg1_.jpg","contentUrl":"https:\/\/phukienflytech.vn\/wp-content\/uploads\/2020\/05\/hAnh_nan.jpg1_.jpg","width":800,"height":450,"caption":"DJI Store - Shop Drone, Action camera, Gimbal DJI |Phukienflytech"},"image":{"@id":"https:\/\/phukienflytech.vn\/#\/schema\/logo\/image\/"},"sameAs":["https:\/\/facebook.com\/phukienflycam","https:\/\/www.youtube.com\/@phukienflytech","https:\/\/www.tiktok.com\/@flytech.channel?fbclid=IwY2xjawGjg7BleHRuA2FlbQIxMAABHYVGmlXpuSMs0UB2zTpYvyT4GMVfN2qJa4urF4vkSQ6FAVBwXZtDP30qQA_aem_UwMiDcUvlEbd2tXAmsc8Og"]}]}},"_links":{"self":[{"href":"https:\/\/phukienflytech.vn\/en\/wp-json\/wp\/v2\/product\/2165","targetHints":{"allow":["GET"]}}],"collection":[{"href":"https:\/\/phukienflytech.vn\/en\/wp-json\/wp\/v2\/product"}],"about":[{"href":"https:\/\/phukienflytech.vn\/en\/wp-json\/wp\/v2\/types\/product"}],"replies":[{"embeddable":true,"href":"https:\/\/phukienflytech.vn\/en\/wp-json\/wp\/v2\/comments?post=2165"}],"wp:featuredmedia":[{"embeddable":true,"href":"https:\/\/phukienflytech.vn\/en\/wp-json\/wp\/v2\/media\/7497"}],"wp:attachment":[{"href":"https:\/\/phukienflytech.vn\/en\/wp-json\/wp\/v2\/media?parent=2165"}],"wp:term":[{"taxonomy":"product_brand","embeddable":true,"href":"https:\/\/phukienflytech.vn\/en\/wp-json\/wp\/v2\/product_brand?post=2165"},{"taxonomy":"product_cat","embeddable":true,"href":"https:\/\/phukienflytech.vn\/en\/wp-json\/wp\/v2\/product_cat?post=2165"},{"taxonomy":"product_tag","embeddable":true,"href":"https:\/\/phukienflytech.vn\/en\/wp-json\/wp\/v2\/product_tag?post=2165"}],"curies":[{"name":"wp","href":"https:\/\/api.w.org\/{rel}","templated":true}]}}